{"id":81050,"date":"2026-03-09T10:26:19","date_gmt":"2026-03-09T10:26:19","guid":{"rendered":"https:\/\/velarogverkfaeri.is\/?post_type=product&#038;p=81050"},"modified":"2026-03-18T04:15:32","modified_gmt":"2026-03-18T04:15:32","slug":"g-man-greinasog-fellanleg-180mm-jp-7-237h7","status":"publish","type":"product","link":"https:\/\/velarogverkfaeri.is\/en\/verkfaeralausnir\/handverkfaeri\/sagir\/product\/g-man-greinasog-fellanleg-180mm-jp-7-237h7\/","title":{"rendered":"G-MAN Greinas\u00f6g fellanleg 180mm JP 7 237H7"},"content":{"rendered":"<p><img decoding=\"async\" src=\"data:image\/png;base64,iVBORw0KGgoAAAANSUhEUgAAAdIAAACpCAYAAACf8ryAAAAAAXNSR0IArs4c6QAAAARnQU1BAACxjwv8YQUAAAAJcEhZcwAADsMAAA7DAcdvqGQAACsPSURBVHhe7Z1NaCRblt9Pj1dm2tikJrNEaWFDDySCcSm0MmZgQKLJekwtjPFGBUM91c7bErx68s5gL9T1QLWaVQ9derUp9aLx4rmGqpxHCgyPNhisrKJBZJvGBluFKhMlNh4zuy6fc+5H3BsZERmZkZJK0v8HiZQZEfcrIu6Jc+6N+\/\/RJ4YAAAAAMBd\/YP8CAAAAYA5gSAEAAIAawJACAAAANYAhBQAAAGpQPNno3QvafTWwX4Q2be09psR+m6RPL3YPaZC3n0traZN2vupQy\/4s9L\/dpcOTyWOGb5\/R\/hHR5pOn1LljfxQkre7KRDoAAADAVZDrkYoR2301YiO2R3t75rOzMaLD3WfU\/Wh3yqVBjaUBHb+zXy39fmiQQ\/p0zEa0vTp5jGFMvTd9+z8AAADw+TFpSD926eBoTO2HsSfYur9Nm0tjNopD+0s+zVaDBv3Q+A1pOGywsWzY7ynDt10arK7Tg2U+ptvlPTMssWE+OaQXuUYWAAAAuHomDOmQjeB4aZMerNkfPC3qfLVHT++XB1RXkoSN3zH7mpaPff4\/ofVl+90zpP57Nti8f0uOOef9JrzdhDobbGRfvUjTAwAAAD4jJgzph7Mx28zW\/OOPywklQXhXDDPdS+iu+ZoiBva8TetisO90qLOa7+3eVU94QN235Z4wAAAAcBVMn7X7sUvPdndp132+yQnBRrQoudeg0ZnsZbzO5vKkWVYDu\/HATzBKkjaN3\/dz0mZP+NEm0dHBlPFZAAAA4PKZMKR3lxts5YapQWNv8amfcOTGOWWGbmpcn2W8xdZy0xjF0OuM6NProzGNj\/ZTAy2zes979DpvPNR6rL2X04w4AAAAcLlMGFIzXllg0DwJPbbGVT4T46Zr69Q+Z2P5pk\/j1fXotRbl3TEN5FWYIA35bK1SZqJSSvLlFqfJ5cJgKQAAgM+IydAue3\/bOsEn86rLuxe0z15kNRJaZw9ycGImE2WR12Ea95KJcVgJ71I4USmCjffDNqdZ9CoNAAAAcPnkjpG27j+lvScJ9Z+n4VsJvbYfsudYcSEENYqUE9b92KXuSYO356QiniyVTCxae0CbS\/Z\/AAAA4DMAMmoAAABADabP2gUAAABAITCkAAAAQA1gSAEAAIAawJACAAAANYAhBQAAAGoAQwoAAADUAIYUAAAAqAEMKQAAAFADGFIAAACgBjCkAAAAQA1gSAEAAIAawJACAAAANYAhBQAAAGoAQwoAAADUAIYUAAAAqAEMKQAAAFADGFIAAACgBjCkAAAAQA1gSAEAAIAawJACAAAANYAhBQAAAGoAQwoAAADUAIYUAAAAqAEMKQAAAFADGFIAAACgBhUNaZ9e7O7Srv28eGd\/vhSG1P1ml569HdrvxfS\/5fJ927ffrp4q5ZF9pD1rl\/1jl57tPqPuR\/sdAADApVDBkIohO6TB6hbt7e3R3pNNGr2avcO+ciNXamjMg0L9B4RZ0xnScNiglWX7FQAAwLVjuiH92Kf+eZu2vkzM9zsderr3lDp3zNeLp0Wdr\/bo6f2W\/X6DkLalhBJuy+RLfkhxbQwAAODa8KNPjP0\/l+HbZ7T\/PqGdrzps0qYh3us+9c7tV\/Fi2ThoGkfj9LfkmHa7RG0a0OC8QZtP2DATe4zPe2T38se6NPv3dqwxDfNoUHuVaDA05fvAXu8hbdLmsOe3a9p3xFNkr1p+8r\/pFyYuc\/vhHj1es\/V2ZV7ajOsv3q0vq0tvMp31flF5dBfN44C2tV7isR+S1PmuqW+rTXQysHnwg8zeYza5htyyaZnYLG80qXdkapq2IQAAgIui2hhpq6VGatoY6fDtAfVa3HlLCHhvhw3Ioe7buv+UttjgRR37OXf2HdnPGqGXPWqy8XHh48ZJNzcMq3mwcdrRPDpsbLzpNZz0iR6ZdLZWx9R72WVTmdBjSXPCiAri8W6xqUqNKL17wYaqycbLptPq0b4PS7NRZiPqy\/qQDdfzF\/xrTjpCbnkMH87G1FzOfzwZn0jzyHHcjksDOnT5l5aN0z9bN+XSNjTtDwAA4OKoZki5Qz5OTMe995D9yLIxUm8ATUjWG5QJ2rTut2X2PTtNPdOIIfXfj6lxL7HeYUIPNhr6n2e14w3l3eXMtor0+wNqbDzwHmDyhRilYzaWzLtjGrAX+MCVde2BGrrjIoNVWJ4+HZ+EbRCT5t+S5xiPlI1W19OyRSFhflD4wv5\/p0VN8x8AAIALJGNI49m5fqbshOEYc4c+OYtWPM+dDWIPzaVRfVKSTkZyeXdHbBLy+ECn51ToxS0GmQDEvt3RfloeDeOOaMh1GZ6N2JtmL9Bt2zXh3NHZ9FnFER+HNFpaobv2azVM2RrLsx0FAADg4sgY0oQe25ChfGTsrrWc79cUGTMxpu74bCizkI\/sxZ5I2NXm\/ch5WFnu0srSHEZrJowH2NjY8fUwHxMS1vaQcclo2+yToYZ99m+9Z10VU7bx2Qf7HQAAwFUzPbS7tk5t9sBeu9Dlu9fsgeWHJLOvuGgok3v+asZiTKdn5r\/+m2DSUUSLknsNGr\/vW+Pcp9du0s0CSZI2e6SvTSiXkck9u7syDspk20Nfq5n11RkJUUs+s5lRQcpGLszMaNm+qfCwAgAA4EKoMEYqXuoW0Ssbynw1Ys8xnUEaknxpJhi5kKhOirHjd8YA8La8Tv9Ohzoy+9bmcZzIpJ3UsIa07m\/TJrnQ6jGtZMdIi7iTULLEHvLzPKOX0LrNX8PZa49pZ2NEh74eFNTZTFwaufZ43iNi79WM72bSKURC1E1qRZOeKjJRNm7jSjOqAQAAXARTX3\/53NFXQc46eM0DAADAlVBt1u5nhISPU2\/PhHYx+QYAAMBVcf080mgxBAaLDgAAALhCrn1oFwAAALhKrl1oFwAAAPicgCEFAAAAagBDCgAAANQAhhQAAACowfTJRu9e0O4rimS8LhQnBzah0jIFKWd3pVDuLZUpW0AtJK\/+uklL28fKlk2oy4TybQZZetAtJxjKoYW\/XwrSzi+JtrGYAwAA1OKz8EhrL3MXGbMcePvhif3fEy\/QH37KVyXi4+TBQoyoGCNd6cmst2sW7LdLCQqyML1qieasycvHHuiKSfz7k02io4PKC\/wvhDsd2r7Xp4PSugIAAJjGtQ\/t6vq+bMzaq0VLBQ6pK2oyS\/ZrwMrEwvTy2Sr1vIdvuzRyEmdsjJ7axeyFVpKwT2pUYhSRgytQeJFF68dLCSVyrC6RmK+oc5G07neoGawpDAAAYHb+3r9l7P\/5fOzT978h+pOfrtOyfmcv7N\/\/nL77\/nv6\/vv\/Sr\/\/p39KP\/mx+\/1X9NvTH+iXh9\/xNt5++kf000SPYtigffPv6OffmeP+p+z3N\/+P7v34P9H+d\/+L6O\/+O\/36+Pd0b42N438+o+W\/\/1v6+V\/9MiedmLMf\/RH9xV\/8K1r5+AP9+uMy\/fM\/\/Qn9od0mDN\/+Jb25s02dT7+m39CfBOmc0e9+9w\/oJ38c7i0U\/S4M6Yf\/0KdlNkBa5wzDH35Fvf+b0L\/smDIM3\/0N\/frTPfoXOWX\/bz98R7\/5w3\/mt529+57+y9\/+45x6mnb71d\/+nn77Vz+nX0p7SDv98e\/oL915kO9a71n2Ff6ARsf\/kX7745\/Sen7zAgAAmMKMHmmfXjzvUfOh9d4eNuNQJo1pQB2z7YmIYR\/6BeKHbw+oR05+rEN0Ytcm0kXY2ZsUaTI\/Xjem3tl6bjpZkrUy\/1GWEGxSZ1Fjj\/xQ0c9bbF4eInZlAfkxtTvpmOOHM66jLNTvwsaZ8HW4tOE0EfLx0SmtW49Z1Gf2ZXzTtU+oRsNU39eo6QxE0g0AAMBczGZI3x3TYELke0DHvmNu0OYX1rDdaVGqZCqyYWNqeP3NhB6UqrYUpTMb\/W8PiR4ucJJUUahWQ7zGUIkqjDH6RoRblzBUo7ZjVGsCmblZaLhwstVk9W2Z0z6z7KtwQTFSCgAA85ExpPEEnOykm+HZiEg8HL\/PPvXOqwhti2xYsRj4hcBeYncYGP3LwMnBqYfXos5XbED9LGH+3om1REOBbvVer4Ai4XYAAADVyBhS0R4V78l8sq9jaKcrIdhgn7z9JjGe0XSDuzh0Mk9g9HXWbpEe6sIwXmipGo31aPNCuVehYqMPRwAAAOZmttDu2rqOufkxNjs2WDR+mWLG4sbv+9aIGfmzi6R1\/2lk7LfYU9Qwa533JpdXqHF+yv61Rev\/LH1t5d1r9tAblCSSg\/Hu07aR12YGPsyqM3xP2GuWY8V7PnHHXQGt1vxtAgAAt5wZJxuxx2rHATW0+7xHtLFDjyuET1v3t80YoXqIx7QSjJGqUVHvMZy4dPGcHu3bEHX4OSwuw52EkqXg9RYZG9UJV\/ZYNpTth+51GPHut4hcW8nCDGzIvffOx27re6e8Tdtxe7YFKBaCGbtuc\/sDAACYjyuTUdNVfc46105LVMp9QNuXuwrRRSEe9fNT6lzWqlUAAHADmdEjnR9ZOCGdvGRCu1cxJliXm7SIgYwjk5\/hCwAAYB4uzyNV76dHfmRUxiuvmTfqCdfava7I+cBauwAAUJsrC+0CAAAAN4FLC+0CAAAANxEYUgAAAKAGMKQAAABADWBIAQAAgBpcP0MqM2YLFm5QbdKiReFLjisnu0LRIhHZswIh8ZnKG6+RvNBlEOdut8un7PyXXhtzY86ftvnC0w7J5KPnRL4Hq2rVIbtC12dNyT0DwBUBj\/QzYr7OXjqWQxp5kfJ6KjOXwqI67qs2ALokZJu2pN0v8lWoKJ+71O0OqKHnOxWVn5WLebAA4HYCQ3qlGIWYeqskZdMw6xpDGi0m+fKCjF2erN5FkMlnoUpKKgM4v1G+XBZxzwCwWKq9RxotptCgzSdy04kntE\/9ezv+opan3EMyCy3I\/10S2bABjZc26c9bPfpru03RNPuUaFrc78uSgW4h+0jk26Yr6i1Me7VNA\/5\/K2dZO5P\/Jm0Oeyrvxnun+0k47FV6XJhmWif7VfcdmP85vzbXgR7u2TWFJYx6SHYrtf3vIaZtTjvxMXEaXVp5sk300rThNh2k9ZfFKpJjLe\/mxoh69nfxQqp0INqW75OoDbNE9c8sjlHa3mVtk3ud6JeAsP3SfcrKk39tTKbTepM9\/5n0g2vzkK8NKXu2HErp+beE+1Soh\/we3g955yb32Ciff0j\/5B\/9H\/of\/9t+tfuU3Tt55yTpB\/tLGl8M7b2YXo\/+OtP8C+6bzHmKKGgfJdrGW\/W6ppnvGXdMv2XbVXYL73kmLG9Z3wFAHSp4pHwB843Y5AtaQ4e6SHu1MbMxX7QdOYZv7D9LYi1OlTlbSiiRm4tvrP2jJl\/gJo8tNro+NMnbDk9sWGtvh1aG6Q2Yy0lPb0aj+DKgw7zxQklzmMrBba2OqffGlYzryze5GEjZtrM88kbTGMggjKoL+OeFFo1XaHRJmXfHNFqKvw9c3S2iVuMVanznNODSbJu8HrZpfHRQIYxpl1\/0IuqTSMeb1n+HDc9hOuZU2t5lbVP1OjHCB42gc43Ls8WGKy5Pem2EYevJdJQT3vbIlEHP68uC8eKTEXfKefuV1TFg7bGeE9NxV6gHE94P2XNTeE6ifP4N\/etd3iZi7XINWkNbeO8UnJMPudeakFVp4hT6XPvVdTU8pddNhLThiM9LkG\/UvuE2ua5lyc3Z7xmHb1cp0xLf8\/P2HQDMyXRDKhcw38Tr7mlcbuyqT3T2BlREgo1TOraTdkTIut0xHYrcrI1gzdfkC+4grdENb2QN64g4dhn8RO7EvDWd8z71s8ZH6uA7M6Mh6snUV9bW9Tl+5LTO29RxT+sq5D3mMk52JqrdasOrovnZ5Lq27Xetb4mhSwnyEgk3818JxtAPuA22Cz1Xq\/hi2961qes8S9u7rG20owuE1NceaKfmzncxpjxpeyT0YCPtzHPLEzyQTbDK58R2tnmar56i\/crqWEp5PZTwfogoPydllN0789y7RonJ3TNyb\/CDyhdyxKxlDB5Oo\/tNVJHSB59QD3feeyatf0sUAT2l1zIACyRjSPlp0c385I88beqFvpBxINOxmCfMPh3zk6K5weVm5dsulDTTUJTIlZlt0eL20wxKqK15p0V8a06ik1RcPQ+iTnmyvkaUXDk75XLxE68\/1oSNxmdeoTRFtVulQ5IOiGiF67DCOcl36ZwWrz1qwsk99tmyYXHfruqdf6DTc\/Z1vbwbfyTMpjqr5e1ddi3otkBIfXeXy8L5TBdzN+XJH\/PLKc8FM\/\/1XlaPaZSdkzLK7p056xI+HMqDI9+3xgucpYxGQlA8cr+v95LlOk3TOOB7w7PQe+byrx1we8kYUrkBbMiFPzJOok+JU2\/oahgxa35alifl4ElRniLNLMQ0bzMj0WyLDJUas4rwDchdyQT9N9zZSFjL5RPcn5P1NR2IokbFhYqCT+44UULr3CGdctlPtTOS0BXRKT9IpJ3TorBGtMV1yoQNdZKNK6duMw8GLnSZfsRTKW\/vsmtBt8n4XJRmlUkhpjz5BjenPBfM\/Nd7WT2mUXZOyii7d+avS5IYT7MvD73eC5y1jEFfIiF4Nqr6Clk4A5k\/TztcRs8i75nLv3bA7WV6aDcTkjXenIwL2gvVh3bEy9R\/ilFhbPboZIxEw0UGvXEDaTIZi3HvLso2Oun6sUEN15QR7isGs2BcRR5Xtdxcn25Yblvfrh+jk\/CYxZbfb+MSigefP07EXc8ye+DdLo24oaQzko5txO2Vdk6Lof+t9USLJn5E2LEoLpevhXitdiy5tL0z18LwbTdtG\/UmevQ6uk6qvH+bHZeLx3hNeVwolx8YupxjYYh0AZTVsZTyepRTfk7KKLt3iu9d+70Iey4Pj5rp0MIsZczmo5GhBnuY9rv1mP35DFjkPZN77QBwAVSYbGQmdYxcSEcnL5gnXjMG6cJ5x7SyMW0Uz9yMlDVua49pZ2PkQ6b7R0SbT+yTrm4j6j0322TmY2kuq3zUS7OvTjTIeGhCVO6XRB0ptzOstr7kwmVdfgrnJ3FDizpfbVHTh9IO2bPeKvS6zHgT+3MuvMQeLbF3WxSiMjf+4YwLKtgHmCisKp\/iCWE6sUkmpdh9o3YqbW9um4fcNdtr4YC\/c4ktk9cJsacUzXR16APJWPMQQxuXJ9Om0bWReWDIpLMYyupYTmk9plB6Tsoou3dyzom\/d0uvNfEM+U\/mgaVyGeV1mocyscnmy20x2tg246I6dm7OmQyrUIfvRW9YOY8Z75lSuG10wqGWgfO6V\/VMAjAbkFEDNRCPXF5JMJ3zzeQ21PGW8O4FPxiv5L56BEAdKnikAFg0ZJd6uibs2aTWTTIwt6GOtwQNc4eTnCS0a0PGACwSeKRgJmRczL+QT5l3OG8It6GOtwOJJrhFO5jsYhUALAgYUgAAAKAGCO0CAAAANYAhBQAAAGoAQwoAAADUAIYUAAAAqMF0QyrvXpW83L8wwnzmzFNXWvHT3S8SWZJvDpX+0pVl5kxT0PaSl84rrFpTxiWda30tYaZFJxZBjfa9rlRdyeimc1l9GFAurx+uwCXdA\/BIa2OWCVzcyjqzYt6PM+ut4jUNcEP53B4Kru1DylX3VzeTG2VIdYH2SuvN1kWWCvy8VPrnUx25TXx+5wyAm8jl9cOfD9PfI5WwyCuizY0R9ayqvlG0tx2SPJmpdJPFiwVLKG1O9Xqbp983yqP4BXlNj2z+moZ7FbvkpfpM+UXdQteH1d\/7lPjjzMvdRrHf1u3eNiXvD1QuTPDHRnkH7eXS3GhyW5rtaVu6NN33+GVyn3aEOcbl79peQqf79lxFL6FLuWTtYE51cJ7TJhd2rsNyNvhcEw2GSf7L8WXnLbddSdMWMXfTPuF5ct9lib9topeufc0xc12b5qeIcN9QLFt+l7WKNY+CxQAKz9XcbR1Qer0ZisoeUZDONh34ssfpFl272Wvc5m\/vWfN\/m9pcL5uLPf9heuk1UVb2cFud8zdLeQrP5QSZ+zY4f8V56pcJcsturx1Z69q0s82v9ee0Ofzryf4qutaC\/Gx\/0F7lstg8wvMc5R3U19QhbcfS\/qgk\/RCT5iaXv2fLn7nmi+rgrl3fhkXXZj0qeqQDzn7bSCKpov2BDWnwCXoZKPCrXFKqHCLUV6\/ninMDZVX+yyPwfEyhQn\/IZPlHr2YZS2noIvbcpQUnJJt3rM7BLUK99ytGbswujj8ZZpELXxb6tvJYWq68MJJ4WdKu5gLUC5fbdf+o6dt1k3q0H45XnHM7s9EpDgMv\/lwP3\/LDhiw2r9s6bADsTTVB2XkralerSqI6t8y7Yxotxd8HBQpA9a9NqdszOhy6uhkNznAc1ueR16lG52rPLAivZahxX01QfL3FZed0hnHZYzids3VTHm37fTaj5jrZEQFzf41nrl3ed5B77RZwMuKHHikPt8cq56nn3yy+3wg6yNKyL\/D8VS3P1PsuQO8HkTx0+0aKUkxunpMUtoGIBui5Nveuv\/++\/LP8\/qq0fx3QaDk9l74\/kDb2eZtr9yDv2pnaLgXp53HS0wdm0y58zft5FnEdjOhGXj9etV+dnYqGtJ3KKUXC2iZc5i16jlZobfV67Qg36YHLQ9UjAmmoQvgCzFXon8RLQ8kFWPDUWh2+yQIjpeLKGdodWxYVUeb8XafvEEHl86DNQ7HlKeS2q5eSEpygehGLPtci0hzKiRmB92KKzltxu6ruplXvkd+b3L5t+13ao0jKrPa1WVC3VEqNKZF8i\/MJQ2Lz31d55F9vpux+m+TJ9YzKHsFGw0kf6nWRCm1r+zv02g1EuK3aS5VrV1nlMtpzLJJq+ZSXfbHnr0p5qtx3KaKi47y1SO\/YsYA2kHO9bVWcVBHokdsvw9T+tag\/YALZRLl2cz3Jqe1Skn6WoJxGwYuvNTXqInWZ9mut+3z\/8y8TNqJGvzqNjCFly66zP82n+Ok0RVxut\/9ud1TeEJ4c9fqCRtQOM5IIMyGRcgFl6XSLFPpD+MSKRydPSW6\/2rNJ5anHpsWfg\/f2Z0+oy1hwo2jHyU9crkz8kRDKdJHinHZdIPOda9NRhGO4UccbUXbeStpV9TPlppLOhbh979IKX8vyfTgMOvVKzNKGk3WrTnk+87V1HkXXmym7k4vTj4TN64r467V70Yv8l5W9et9S7\/yFzHjfsZfmy73bpZGXaZyF6efPGBQul5Owy2G+\/pWRh1yNNqT550XWFtofhYIDqnFr0DosrdDUXObuV6eTMaTSkRn3WD55TxgRH0UUW8Ib9phH7ilrGuYpOqpAzlO3oJ2uxNWDclUqW1gXCcNw55w\/U02MqUuXO3G+qHJDFFV595ovRBdW4nJ2ioyG4cNZTq31xk\/T8B\/\/FFtETrsuirnPNRs17ijCGzP0JicpOG+l7Sr6mWM65Xqf8v8J32TJPaJT9rz6+t3uVolZ2nCybtUpyWfutp5Oer2ZskuIT\/Pwn5oRGb12U33Ri6Gs7NX7lnrnL2SWa4YfCP0seynz9pztPf389b89ZG+THyFKwqXz96+MGFO7v4T3BxPDYgvuj9gq+zPFD8muF9E6VHkAnLtfnc4CZu1KB2b+678JJkdMwQgLp+M+GgLIw6r1uxCCDh7nPv0E6D5B7HtCod9hPPA0LXNx6hOqHhO4\/Ro+qIrrSMxNExOELrXD5JshyZxIFawOx01MOatECEy7utCJzb8kvDgb85xrM4YZjqFJSCqXqeetuF3F05IQ\/YjvXOkC5OYaveccC8K6ZeS2YS62bj4U2KfXR2GosJw4H87pbfh+7Xz31SRF15sdW3bDGox6wXUjMlZsPb1v5AHIRQVsxxq0l4rSz0x52Sv3LTXPX8is9503Lto+5t\/ZmHL+3DjxV09NiLdgnHWu\/pWJr1UujRrkSa9wof2RC+Uyek+4uQ9ShyCUa6QPc4awavSr06hnSN2Yi3XvjxMZyE47gFL4acYMCptjZXZjfviFPRQdFDb7icq\/zEbz40d5cLkKFfojMmlLWKO1ZdO24yVH+2Zbf4VkUs8k4g2ZNtATYseETN4HRB2ZlBA+obOnsXxs0iysi3jJW9R0ecsss9Wtyk+JOxsjG77g+ugkgwWY0RrnWsaEdHKALdOpzDjNo+y8TWnXFhuHxjmbGxdG4qdP4g5qtrCuhdswLS\/nda+gvIzWTSYJ2fJWPk9CdK5kLKvJHV+HWnXuqwmKr7e47BLmko63YCytMplr9xV3aQ\/TsW0ztuXyPKaV0vHyAGug5fxLJ19a9sp9S43zlylP9fvOjRPa4Yv+Ol9rgWGdgcI2kNCxtrvxTlv3t4NJPpn+KtsHVulfmWzeuzIRMG8cdpH90WqTTu05ja\/VuA46JvwkL7JSo1+dAmTUAJiGdEzdlZLXGQAAF4l42+ErNZ8bCwjtAnCz0LBVOMlJwlE2ZAwAAFlgSAHIoLMd\/czhBYbHAQA3EoR2AQAAgBrAIwUAAABqAEMKAAAA1ACGFAAAAKgBDCkAAABQg8UaUl1Dchb1FMdQ11Gtv8LEotKZRpBPdjWeuQlWWVpYmleDvj6iM17NJ7tKiq7A4rbnroEMAADXh+mG9Jp36qAaatwWYdT4YSqUBsvKaMXST2aB+ot\/8AEAgIsDod3PEVkqr1Av9DNnTRayDpbn0nUw0+XtdNF0v7iBWa5sYYtaAwDAFTDlPVIJNx7axdpFjeIptd7ESzWJh7H\/PjHLp+kaj0SbGyPqWUV0LyArnm2OUjnpdgmVBsr5um+wULdTfteQqlmrdXAiix9nl4xy6WxS86hny91m7yhURJB1Gu0XWyctjy17oVp7WKalNqc6oJGUN+nPr8Cuedo9V40qvrbHcqatprRHVF9RcnhEdODLyt\/90nb5ZdNz6BTsXdpRnkE76e+n1LTtVFo\/JTzPmeslsy1C8+E22GjytWRKLOdjmw58Wf35mWVfAABYMFM8UrMYcKQEP5UB9c46uWG9arBxeBkotkv+gZKDMBhaxf\/IiKaMj05pXUOHRn3+0IUs2XBFqu6iPu+UMZQitXZTJlnMWbd1eM9cxQYxbLLQehUFdjYiurC0KcvO8sgbuJjp7ZHW18jA7b8k2nb7emWH4rLpAtTsGaYGmsvGRrSKan65EeVcM0oMktde59Qudt2llSdlafD5OVu3ZZDzsc+mcVu\/i2xTqigjzLIvAAAsjgsI7bLRdUr6s6rjK0Yf1HeuOVqC02SOGhsPrAdqZJs8Enb03pkRnY0pUGvPVf03\/0bMosCeq+qeR4X28PU1MnC+fQLx25nLFqjRT6rmVxTL1vHSMT8sxBEBXQBeDN7eNtHLsslhwbWk5yPNV2WbImbZFwAAFkfGkEqozc6m5M98k0BCdfyMIatINKuzO+IucUFICNDX76C6h6LGq0K9dL9qCuyTqu7GCOaxkPaYtWxe6ko++9VU80Ns2DoO\/Rr9yXbHPcwYSSl4iwCA60zGkCb0WD0F86k\/ppTn9U2BjV33RELJthyPnC9THxWDlfCl1u8pdapWTz2cUFO0oF66n4zJpm2on5wQ9KSq+wc6zQsXL6o9Zi3bvKr5ghrRkZZ5WugXAACuOzOHdu8usz8UKJ7332cDjYECeaiOr2HGUDlfQptFpLM81fiZfxcDW0AtgRoo\/WU6TsTXjadqmNT8GzGLArtVdU\/b6oLbY9ayzaGar8i+GTHnFCsq7FX9h\/UU8wEA4DNguiGdUKaXsTwXIjwgupcd2Wtzp3hgQoJRh5rQA530YdXJ+yv544w6dsedrVU7P062OMXUkNQhUud\/SdQRdX5nWEsxyupeWktnrdpNEbMosJuJXOT27XLLXWh7lJctSaxq\/zdi5OZTzReG\/b4aelde93EGO\/lyx6j16+\/71GtlZ14DAMD1AjJqAAAAQA0uYNYuAAAAcHuAIQUAAABqAEMKAAAA1ACGFAAAAKgBDCkAAABQAxhSAAAAoAYwpAAAAEANLsyQ6vqwixCKvjDMyj66Wo+u3HMV4uWiyDLvmsZzIEv37YYqLgAAAOoCjxQAAACoAQwpAAAAUINqSwRK6PO5WyxdlEjSBcklhCtyXIoXhra\/U\/p9+PaZalMqoizidEEl3CjrzNKABudx2o7CY6NyMT5\/CZnu02mLUz2RRdHt71bay+zbprZsE5mvZUmnT8lGk3pHZntjYydaI7eoni4vkRkziMKK0d+UY7r8nTifsSt3WOYlLgPXe3QvzkvRshJtboy4TKaGkSRZYd0NueW1aZry2XKTa8\/ieghhem1uuwH\/77eXXB8AAHDjEUNazvGnX3z99adf9O3X\/i8+ff31L\/jXT58+vvnZp6+fvf30UTeY\/X72xn47+PrT1weyFxMcw0d9evssuy1IP0t0bJiuSccfd\/b208++\/tmnt2fyxebhyybE9dCyu+96bLC\/\/R7tW1BP3ebqYvON2iAoe3a7q7v\/HmK3xe0U1y+\/7tnyBnn6tsyUgymrR3wOzLb0e\/H1AQAAt4HpoV2V92rTuvOE1h7TnvVoREKtcS8x3iH\/ouou7\/u8JabfD6WyjJhzKsUmBOlniI8V9RCnoSlqJoGHpsLVMWnZmEw9jIpNjBecdoorfSlheT1b958GnmCOpmgoEabya1ZWTlh7kK+A42Hv7gt7tO7rZOjK6p4tr9k39XhH6nn2M15wWT1yz59D2pW97Qf++pByDui4iuQaAADcADKG1MxkDaWvhmcjoqUVumv3SDGdbXM57YzzMSLYjeXJFKZTfqyEG71UV3fEZqeYyXrcpZXIiDVoZdn+y6juqjKlnjoT1pWjS6Myw6gGr0ktH\/ZsUau0+Yr3La77tPMiJlfk7F7Hs3cL61F+DrRdnTSdfkx4eHQmBh8AAG4+GUOa0OM99vjsRzyW1nKTO8pT7p6zGEM0vcM0BmB8NpnCdEqO\/SjC3DIeZ8v7yPt9uUzWI8d7DPhw5ny8snoOVZhaxlNNm22n3mceyytswkY09K\/ZGCNVTMG+pXWfdl7a7KE+pa3VAR3615PK6lF+\/rRdZfxXj0s\/E2O+AABwQ5ke2l1b5643CNXJxBJ957JFyb0wlNun10dhSDHFiEa7UK7ptKOQZwnxsXz022dWfFpIBa77b4KJN3nYenTdO5sa6g0ZU++NzUUNFZucREo4vZ7eyLx7HUzWycGJpPt8JNRr\/s3HhXIZTTsICxfWPVte671m3ulNvjRC5foeraWoHrnnzyHtyh7p6+j6sO\/nAgDALWCOWbtsYILZo+FsznDmqP5eddaun0maT3Qsm8NwVqyfSfpwi+jVoZmFu2ZmoGbHAaN62Bmz1OH968za1fJbw8K\/b3GtXb2zbWCQ8PmhNeJcBvYMR8vFs3Zlu8yQFYraPa67+S0qr2vvTFubdm2a7yX1ENL02BPWdiqatTvZdgAAcJOpZkjB5VPhAePKkLJ1V9KHIQAAuMVgQQYwFQ2nZ8ZTZeAURhQAAGBIQQX0VaGTw3RWriziEIWrAQDg9oLQLgAAAFADeKQAAABADWBIAQAAgBrAkAIAAAA1gCEFAAAAajCbIZX3B\/2qQgAAAACobkjDlW\/ADBghACyZBwAAN5NKhlSWh9t9NaL2apm+CgAAAHD7qPQeaf9dn5K1xKzN+j4pXhpO11w9pY5f1s6seXsq69nqGrDhOrPx2rHZ9VrT9WxtGq02DU74yHCdW0bLdNaJ14TNrBHbdWvZZrxqvyasLXfTrmvbfrhDK93JPKP1a2XN2SdPqSMyZ3Y5v3BdXJM2adndAvA+Xd8ek+UHAABwvajkkYoRrYSqm4RKMaJu4sS0xSAe0shJdT3ZpNErUZGx2172qMmG1W1rnHTtNsNguGKkujIGp5UkvK9TJunT8bARfz9xiilsxNmr9tJjD9sZTU6zeLxsc0YuypON5eEwlQvbWg1UXJT0eJP2gSrkdL7aIpHBNg8NRpnFCIYLRoTbqMwAAAC4jix41m5sKIb8d+zk0qxR7ThVkDsd6rAxMjJhYnAC71QFsGPy5NmUOy1qOt3Oj0MatSRd+12k0pbYuKs4tmitWg+SUUHqiFCizBDlufaY9rwnnqcjGtRNdUfziQx\/9KABAADgOpIxpGZijFlTdZeeOe3OAnQxc7\/\/CzUOoaEQcWzvbalxHNBhkL6ESZ0Gpo7Dum3dUaEhmiShdWuQxXDT8l26u8zpyXc2lqkxFI84zePgvf5YHQn\/uvLtHgSe7IyEXru0SUVdVgAAAJ8nGUMqXpsNffJnmqZk6\/5Tv++eGxf1hkLCqoG3pV6aaImm6etHwqZspLonMuZof3s0m2kR4WkxyB\/O5P+WGnM6Y2+PjaX3MlWsOs3\/aadpfq+IimfLWKkez55tedOUkHrt\/f4AYV0AALjmLDi0K1hD8eqQBksrdNf+6gxs13u5xvtNvd4xnbIhFNRomX+rIUZaxlSHTWpJ6FbCvUM2VGzaTVjXYUO+4p2KFNisDNnLlb9q+PWXuTBe+yF75A1aYe8ZAADA9eUCDKk1FPw3Htc0E2+aR\/s2PMqGlj089Xp1vJTY+JrQ6XEiE3RSwzoVNdJjPsIZ7rv8H5viaIzzAW3yPr3nJjRLnU0uozOs00m+4P3Pe7QvZX\/Jh29wDZ1hLUVCz6Zu\/qFBy8t\/\/fgtAACA68oFyaiJt9mlFfd6CJggei0HAADAteVCPNJ4tiyYJHwtBwAAwHVm4YZUZ9\/K+5qPChZtuO3I4g278j7tNrx1AAC4AVxQaBcAAAC4HVxMaBcAAAC4JcCQAgAAADWAIQUAAABqAEMKAAAA1ACGFAAAAKgBDCkAAAAwN0T\/HwLPQxylTxFKAAAAAElFTkSuQmCC\" alt=\"\"><\/p>","protected":false},"excerpt":{"rendered":"<p>Tegund:&nbsp;237H7<\/p>","protected":false},"featured_media":81269,"comment_status":"closed","ping_status":"closed","template":"","meta":[],"product_brand":[],"product_cat":[588,775,515],"product_tag":[],"class_list":{"0":"post-81050","1":"product","2":"type-product","3":"status-publish","4":"has-post-thumbnail","6":"product_cat-handverkfaeri","7":"product_cat-sagir","8":"product_cat-verkfaeralausnir","10":"first","11":"instock","12":"taxable","13":"shipping-taxable","14":"purchasable","15":"product-type-simple"},"yoast_head":"<!-- This site is optimized with the Yoast SEO plugin v27.3 - https:\/\/yoast.com\/product\/yoast-seo-wordpress\/ -->\n<title>G-MAN Greinas\u00f6g fellanleg 180mm JP 7 237H7 - V\u00e9lar &amp; Verkf\u00e6ri<\/title>\n<meta name=\"robots\" content=\"index, follow, max-snippet:-1, max-image-preview:large, max-video-preview:-1\" \/>\n<link rel=\"canonical\" href=\"https:\/\/velarogverkfaeri.is\/en\/verkfaeralausnir\/handverkfaeri\/sagir\/product\/g-man-greinasog-fellanleg-180mm-jp-7-237h7\/\" \/>\n<meta property=\"og:locale\" content=\"en_US\" \/>\n<meta property=\"og:type\" content=\"article\" \/>\n<meta property=\"og:title\" content=\"G-MAN Greinas\u00f6g fellanleg 180mm JP 7 237H7 - V\u00e9lar &amp; Verkf\u00e6ri\" \/>\n<meta property=\"og:description\" content=\"Tegund:&nbsp;237H7\" \/>\n<meta property=\"og:url\" content=\"https:\/\/velarogverkfaeri.is\/en\/verkfaeralausnir\/handverkfaeri\/sagir\/product\/g-man-greinasog-fellanleg-180mm-jp-7-237h7\/\" \/>\n<meta property=\"og:site_name\" content=\"V\u00e9lar &amp; Verkf\u00e6ri\" \/>\n<meta property=\"article:publisher\" content=\"https:\/\/www.facebook.com\/VelarOgVerkfaeri\" \/>\n<meta property=\"article:modified_time\" content=\"2026-03-18T04:15:32+00:00\" \/>\n<meta name=\"twitter:card\" content=\"summary_large_image\" \/>\n<script type=\"application\/ld+json\" class=\"yoast-schema-graph\">{\"@context\":\"https:\\\/\\\/schema.org\",\"@graph\":[{\"@type\":\"WebPage\",\"@id\":\"https:\\\/\\\/velarogverkfaeri.is\\\/verkfaeralausnir\\\/handverkfaeri\\\/sagir\\\/product\\\/g-man-greinasog-fellanleg-180mm-jp-7-237h7\\\/\",\"url\":\"https:\\\/\\\/velarogverkfaeri.is\\\/verkfaeralausnir\\\/handverkfaeri\\\/sagir\\\/product\\\/g-man-greinasog-fellanleg-180mm-jp-7-237h7\\\/\",\"name\":\"G-MAN Greinas\u00f6g fellanleg 180mm JP 7 237H7 - V\u00e9lar &amp; Verkf\u00e6ri\",\"isPartOf\":{\"@id\":\"https:\\\/\\\/velarogverkfaeri.is\\\/en\\\/#website\"},\"primaryImageOfPage\":{\"@id\":\"https:\\\/\\\/velarogverkfaeri.is\\\/verkfaeralausnir\\\/handverkfaeri\\\/sagir\\\/product\\\/g-man-greinasog-fellanleg-180mm-jp-7-237h7\\\/#primaryimage\"},\"image\":{\"@id\":\"https:\\\/\\\/velarogverkfaeri.is\\\/verkfaeralausnir\\\/handverkfaeri\\\/sagir\\\/product\\\/g-man-greinasog-fellanleg-180mm-jp-7-237h7\\\/#primaryimage\"},\"thumbnailUrl\":\"https:\\\/\\\/velarogverkfaeri.is\\\/wp-content\\\/uploads\\\/2026\\\/03\\\/d6ad3ad3-3d5c-44e6-bee6-d7dcab54b864.jpg\",\"datePublished\":\"2026-03-09T10:26:19+00:00\",\"dateModified\":\"2026-03-18T04:15:32+00:00\",\"breadcrumb\":{\"@id\":\"https:\\\/\\\/velarogverkfaeri.is\\\/verkfaeralausnir\\\/handverkfaeri\\\/sagir\\\/product\\\/g-man-greinasog-fellanleg-180mm-jp-7-237h7\\\/#breadcrumb\"},\"inLanguage\":\"en-US\",\"potentialAction\":[{\"@type\":\"ReadAction\",\"target\":[\"https:\\\/\\\/velarogverkfaeri.is\\\/verkfaeralausnir\\\/handverkfaeri\\\/sagir\\\/product\\\/g-man-greinasog-fellanleg-180mm-jp-7-237h7\\\/\"]}]},{\"@type\":\"ImageObject\",\"inLanguage\":\"en-US\",\"@id\":\"https:\\\/\\\/velarogverkfaeri.is\\\/verkfaeralausnir\\\/handverkfaeri\\\/sagir\\\/product\\\/g-man-greinasog-fellanleg-180mm-jp-7-237h7\\\/#primaryimage\",\"url\":\"https:\\\/\\\/velarogverkfaeri.is\\\/wp-content\\\/uploads\\\/2026\\\/03\\\/d6ad3ad3-3d5c-44e6-bee6-d7dcab54b864.jpg\",\"contentUrl\":\"https:\\\/\\\/velarogverkfaeri.is\\\/wp-content\\\/uploads\\\/2026\\\/03\\\/d6ad3ad3-3d5c-44e6-bee6-d7dcab54b864.jpg\",\"width\":800,\"height\":229},{\"@type\":\"BreadcrumbList\",\"@id\":\"https:\\\/\\\/velarogverkfaeri.is\\\/verkfaeralausnir\\\/handverkfaeri\\\/sagir\\\/product\\\/g-man-greinasog-fellanleg-180mm-jp-7-237h7\\\/#breadcrumb\",\"itemListElement\":[{\"@type\":\"ListItem\",\"position\":1,\"name\":\"Home\",\"item\":\"https:\\\/\\\/velarogverkfaeri.is\\\/\"},{\"@type\":\"ListItem\",\"position\":2,\"name\":\"Vefverslun\",\"item\":\"https:\\\/\\\/velarogverkfaeri.is\\\/vefverslun\\\/\"},{\"@type\":\"ListItem\",\"position\":3,\"name\":\"G-MAN Greinas\u00f6g fellanleg 180mm JP 7 237H7\"}]},{\"@type\":\"WebSite\",\"@id\":\"https:\\\/\\\/velarogverkfaeri.is\\\/en\\\/#website\",\"url\":\"https:\\\/\\\/velarogverkfaeri.is\\\/en\\\/\",\"name\":\"V\u00e9lar & Verkf\u00e6ri\",\"description\":\"Umbo\u00f0s- og heildverslun fr\u00e1 \u00e1rinu 1919\",\"publisher\":{\"@id\":\"https:\\\/\\\/velarogverkfaeri.is\\\/en\\\/#organization\"},\"potentialAction\":[{\"@type\":\"SearchAction\",\"target\":{\"@type\":\"EntryPoint\",\"urlTemplate\":\"https:\\\/\\\/velarogverkfaeri.is\\\/en\\\/?s={search_term_string}\"},\"query-input\":{\"@type\":\"PropertyValueSpecification\",\"valueRequired\":true,\"valueName\":\"search_term_string\"}}],\"inLanguage\":\"en-US\"},{\"@type\":\"Organization\",\"@id\":\"https:\\\/\\\/velarogverkfaeri.is\\\/en\\\/#organization\",\"name\":\"V\u00e9lar & Verkf\u00e6ri\",\"url\":\"https:\\\/\\\/velarogverkfaeri.is\\\/en\\\/\",\"logo\":{\"@type\":\"ImageObject\",\"inLanguage\":\"en-US\",\"@id\":\"https:\\\/\\\/velarogverkfaeri.is\\\/en\\\/#\\\/schema\\\/logo\\\/image\\\/\",\"url\":\"https:\\\/\\\/velarogverkfaeri.is\\\/wp-content\\\/uploads\\\/2021\\\/10\\\/vv_logo_350x100.png\",\"contentUrl\":\"https:\\\/\\\/velarogverkfaeri.is\\\/wp-content\\\/uploads\\\/2021\\\/10\\\/vv_logo_350x100.png\",\"width\":350,\"height\":100,\"caption\":\"V\u00e9lar & Verkf\u00e6ri\"},\"image\":{\"@id\":\"https:\\\/\\\/velarogverkfaeri.is\\\/en\\\/#\\\/schema\\\/logo\\\/image\\\/\"},\"sameAs\":[\"https:\\\/\\\/www.facebook.com\\\/VelarOgVerkfaeri\"]}]}<\/script>\n<!-- \/ Yoast SEO plugin. -->","yoast_head_json":{"title":"G-MAN Greinas\u00f6g fellanleg 180mm JP 7 237H7 - V\u00e9lar &amp; Verkf\u00e6ri","robots":{"index":"index","follow":"follow","max-snippet":"max-snippet:-1","max-image-preview":"max-image-preview:large","max-video-preview":"max-video-preview:-1"},"canonical":"https:\/\/velarogverkfaeri.is\/en\/verkfaeralausnir\/handverkfaeri\/sagir\/product\/g-man-greinasog-fellanleg-180mm-jp-7-237h7\/","og_locale":"en_US","og_type":"article","og_title":"G-MAN Greinas\u00f6g fellanleg 180mm JP 7 237H7 - V\u00e9lar &amp; Verkf\u00e6ri","og_description":"Tegund:&nbsp;237H7","og_url":"https:\/\/velarogverkfaeri.is\/en\/verkfaeralausnir\/handverkfaeri\/sagir\/product\/g-man-greinasog-fellanleg-180mm-jp-7-237h7\/","og_site_name":"V\u00e9lar &amp; Verkf\u00e6ri","article_publisher":"https:\/\/www.facebook.com\/VelarOgVerkfaeri","article_modified_time":"2026-03-18T04:15:32+00:00","twitter_card":"summary_large_image","schema":{"@context":"https:\/\/schema.org","@graph":[{"@type":"WebPage","@id":"https:\/\/velarogverkfaeri.is\/verkfaeralausnir\/handverkfaeri\/sagir\/product\/g-man-greinasog-fellanleg-180mm-jp-7-237h7\/","url":"https:\/\/velarogverkfaeri.is\/verkfaeralausnir\/handverkfaeri\/sagir\/product\/g-man-greinasog-fellanleg-180mm-jp-7-237h7\/","name":"G-MAN Greinas\u00f6g fellanleg 180mm JP 7 237H7 - V\u00e9lar &amp; Verkf\u00e6ri","isPartOf":{"@id":"https:\/\/velarogverkfaeri.is\/en\/#website"},"primaryImageOfPage":{"@id":"https:\/\/velarogverkfaeri.is\/verkfaeralausnir\/handverkfaeri\/sagir\/product\/g-man-greinasog-fellanleg-180mm-jp-7-237h7\/#primaryimage"},"image":{"@id":"https:\/\/velarogverkfaeri.is\/verkfaeralausnir\/handverkfaeri\/sagir\/product\/g-man-greinasog-fellanleg-180mm-jp-7-237h7\/#primaryimage"},"thumbnailUrl":"https:\/\/velarogverkfaeri.is\/wp-content\/uploads\/2026\/03\/d6ad3ad3-3d5c-44e6-bee6-d7dcab54b864.jpg","datePublished":"2026-03-09T10:26:19+00:00","dateModified":"2026-03-18T04:15:32+00:00","breadcrumb":{"@id":"https:\/\/velarogverkfaeri.is\/verkfaeralausnir\/handverkfaeri\/sagir\/product\/g-man-greinasog-fellanleg-180mm-jp-7-237h7\/#breadcrumb"},"inLanguage":"en-US","potentialAction":[{"@type":"ReadAction","target":["https:\/\/velarogverkfaeri.is\/verkfaeralausnir\/handverkfaeri\/sagir\/product\/g-man-greinasog-fellanleg-180mm-jp-7-237h7\/"]}]},{"@type":"ImageObject","inLanguage":"en-US","@id":"https:\/\/velarogverkfaeri.is\/verkfaeralausnir\/handverkfaeri\/sagir\/product\/g-man-greinasog-fellanleg-180mm-jp-7-237h7\/#primaryimage","url":"https:\/\/velarogverkfaeri.is\/wp-content\/uploads\/2026\/03\/d6ad3ad3-3d5c-44e6-bee6-d7dcab54b864.jpg","contentUrl":"https:\/\/velarogverkfaeri.is\/wp-content\/uploads\/2026\/03\/d6ad3ad3-3d5c-44e6-bee6-d7dcab54b864.jpg","width":800,"height":229},{"@type":"BreadcrumbList","@id":"https:\/\/velarogverkfaeri.is\/verkfaeralausnir\/handverkfaeri\/sagir\/product\/g-man-greinasog-fellanleg-180mm-jp-7-237h7\/#breadcrumb","itemListElement":[{"@type":"ListItem","position":1,"name":"Home","item":"https:\/\/velarogverkfaeri.is\/"},{"@type":"ListItem","position":2,"name":"Vefverslun","item":"https:\/\/velarogverkfaeri.is\/vefverslun\/"},{"@type":"ListItem","position":3,"name":"G-MAN Greinas\u00f6g fellanleg 180mm JP 7 237H7"}]},{"@type":"WebSite","@id":"https:\/\/velarogverkfaeri.is\/en\/#website","url":"https:\/\/velarogverkfaeri.is\/en\/","name":"V\u00e9lar & Verkf\u00e6ri","description":"Umbo\u00f0s- og heildverslun fr\u00e1 \u00e1rinu 1919","publisher":{"@id":"https:\/\/velarogverkfaeri.is\/en\/#organization"},"potentialAction":[{"@type":"SearchAction","target":{"@type":"EntryPoint","urlTemplate":"https:\/\/velarogverkfaeri.is\/en\/?s={search_term_string}"},"query-input":{"@type":"PropertyValueSpecification","valueRequired":true,"valueName":"search_term_string"}}],"inLanguage":"en-US"},{"@type":"Organization","@id":"https:\/\/velarogverkfaeri.is\/en\/#organization","name":"V\u00e9lar & Verkf\u00e6ri","url":"https:\/\/velarogverkfaeri.is\/en\/","logo":{"@type":"ImageObject","inLanguage":"en-US","@id":"https:\/\/velarogverkfaeri.is\/en\/#\/schema\/logo\/image\/","url":"https:\/\/velarogverkfaeri.is\/wp-content\/uploads\/2021\/10\/vv_logo_350x100.png","contentUrl":"https:\/\/velarogverkfaeri.is\/wp-content\/uploads\/2021\/10\/vv_logo_350x100.png","width":350,"height":100,"caption":"V\u00e9lar & Verkf\u00e6ri"},"image":{"@id":"https:\/\/velarogverkfaeri.is\/en\/#\/schema\/logo\/image\/"},"sameAs":["https:\/\/www.facebook.com\/VelarOgVerkfaeri"]}]}},"_links":{"self":[{"href":"https:\/\/velarogverkfaeri.is\/en\/wp-json\/wp\/v2\/product\/81050","targetHints":{"allow":["GET"]}}],"collection":[{"href":"https:\/\/velarogverkfaeri.is\/en\/wp-json\/wp\/v2\/product"}],"about":[{"href":"https:\/\/velarogverkfaeri.is\/en\/wp-json\/wp\/v2\/types\/product"}],"replies":[{"embeddable":true,"href":"https:\/\/velarogverkfaeri.is\/en\/wp-json\/wp\/v2\/comments?post=81050"}],"wp:featuredmedia":[{"embeddable":true,"href":"https:\/\/velarogverkfaeri.is\/en\/wp-json\/wp\/v2\/media\/81269"}],"wp:attachment":[{"href":"https:\/\/velarogverkfaeri.is\/en\/wp-json\/wp\/v2\/media?parent=81050"}],"wp:term":[{"taxonomy":"product_brand","embeddable":true,"href":"https:\/\/velarogverkfaeri.is\/en\/wp-json\/wp\/v2\/product_brand?post=81050"},{"taxonomy":"product_cat","embeddable":true,"href":"https:\/\/velarogverkfaeri.is\/en\/wp-json\/wp\/v2\/product_cat?post=81050"},{"taxonomy":"product_tag","embeddable":true,"href":"https:\/\/velarogverkfaeri.is\/en\/wp-json\/wp\/v2\/product_tag?post=81050"}],"curies":[{"name":"wp","href":"https:\/\/api.w.org\/{rel}","templated":true}]}}