{"id":80988,"date":"2023-04-28T17:54:17","date_gmt":"2023-04-28T17:54:17","guid":{"rendered":"https:\/\/velarogverkfaeri.is\/uncategorized\/product\/usag-skrall-237-1-4-fk-u02370061\/"},"modified":"2023-04-28T17:54:17","modified_gmt":"2023-04-28T17:54:17","slug":"usag-skrall-237-1-4-fk-u02370061","status":"publish","type":"product","link":"https:\/\/velarogverkfaeri.is\/en\/verkfaeralausnir\/handverkfaeri\/skralllyklar\/product\/usag-skrall-237-1-4-fk-u02370061\/","title":{"rendered":"USAG Skrall 237 1\/4 FK U02370061"},"content":{"rendered":"<p><img decoding=\"async\" src=\"data:image\/png;base64,iVBORw0KGgoAAAANSUhEUgAAAYQAAABqCAYAAAC8hCaVAAAAAXNSR0IArs4c6QAAAARnQU1BAACxjwv8YQUAAAAJcEhZcwAADsMAAA7DAcdvqGQAAB+cSURBVHhe7Z3da1xHlsDPJmE2KIu42MIIqQON1VlkRojsqDEyDEKBZekGP8jsi2dWYHlmHvWYRz0spP+CxM+y2PSDwxjHmMHd41kmRg\/jHrsFQoi1Ce2dxm45HiFrLtnEMZMw3nNOVd1bde\/tL6nV1ljnlzTu+1Ufp+rWOXWq1OcfXiIgCIIgHHne0P8KgiAIRxxRCIIgCAIjCkEQBEFgRCEIgiAIjCgEQRAEgRGFIAiCIDCiEARBEARGFIIgCILAiEIQBEEQmL79pXK1WIByXR8Y0jlYms\/qg0PEVhmKGxMwn0\/pExZ47dLlKsDUAiwmXe+IKhQLZai3qD\/LC7qXT6NUhM3JeciN6hNc3hpkLi6G5\/aLloHvZWFhMQcxKawVoVDyIRvLU9dbH3XU\/k3TMlCaFRiKXtdl9PJLMD+lzwVEyhHg6XwaUL60AlVfn7ZIc3rqem0s2gdMumnILc1DWDN1HhLLQm12CVbWwKoj3l8EmD+M74bwWtPfGQINAEtL+rMAWb8MhSIOroeMxkYNEsYCB+\/EXpUBsoUfD\/8\/PqyOe0YDNh+2K\/l+wcHwc1QG1JYJyoAGt0IpPtTyc5fK4KMiNX0ghyqvVfs3TyukUapgmnNxxYNKkGTcChrcw\/5IH1epeFZZzSdpQFeo+tVJSTrKoFM8GDJ5rz1IUFaCcPC8QpdRCnJn0gD1B\/j6Hi6ePmsxqI7mYLHlwNABo1mYX1zaxwyjGU9h54D1QbWIljMOdwsJ1ivNalbWPLSOc2gjR1i7zc\/NWXXOfpAFr16BMinICC3TCiAFCJCZtOVoFM80ZPSZftAoXccZBc4MkmZMbUjlF1HZhEqksX3QSl0QknnzPxH9PWB7exuuXr0Kv\/nNb+BPf\/oTjIyMwDvvvKOv7o0nG6tQw1d0ZnJEn0G+2oBVNOQyM5PwN7QGP\/7jGzCwsQzLN1ZhdeM5nDydgUG8jQYHPrfqnme3wMdX4Badx8\/Gtyfh9Ht8ha3Ljz+7pZ5ZfQQDmIfKmabv1+DJO7tQXjbPbsDzsdOQGaTB5GNYfQrw4qv1WJoK\/Tzfr8p2bWsAdn+7DFduxcvhlD0oh8qn8uYMBOIg18jyjeC+HzwfZymhvJrXR8OyWEWV8AKerNM9uk4o9bvru3DszS\/hymdh+vbzbdM2YBmXUXtnf\/Zz+IktEqYBfzt+Fs6epWefwMZqAwb+RcmIqP7+BtTenoSzdvsPvg27GxWofR+Vceu0AtZuwJVv3odf\/DRMs1rE9ns7Bx\/++zDU7q7D83ctGQdQmtjx3ku6RnzNz+4eez9SLkPkOsrl49UXkL34K5hJuj2Wn2r\/K7e0rKntrz3hfv0l9per918A+DXVHo8G3HdGEA6QxBlCqVSCx48f83f6l457Dw6s5A5Ij4fT63oZHpzS03NtadGAWvZpGq7OL4zVYIXdDPhSfY7\/WtP6uRNP8awa4JR1qdPKA1uNdE3hQ\/UOwJy+nkvj8ed0HWctaLnn0CQ17oJOrHh\/rQJwzuSVxuPryurFF71cJ3+yvrY0jufUMw40mKMsQhcG3mf5DNrXB+GZC1nT5Aen+2z3B9bv2bhOewGyXh3K2lXTUdqMbi9K63IBCgX8OPelIOW4beJ07iJrnxZRvY8yOxXOVKgu3Ff66XsP2i6yhtEUUgY4y\/LIfRp3LWXnsY9PeaF7VdYRhD6SqBCMMjBEj\/cMDvg8kPBH+5PtDu9lYdZxxVThQR0HuHPhNDyVn4a05Wbyn6E5r0lNZfE+5UdP562XbWoWv9dg03JNpM+EaWZPoQbwd9C63iPp6XAwmBrHQdmHnSAx\/B7km4Vs0qIirVngABC6obIwHvhJOqtPa1CGH5inUzAxhgMO1rfRRdrkq68HykYrFmwFpZxfATgQV3DwD\/oLHl8nxdaFy6ZeMn1RfYoRZe2vrTjXo+sdfF0vrrv9tjnsciNlIAO9cAhJVAjvvvuu\/qaIHu8ZZ1G5A+t7aweHU8si5Q\/t4qBBVlvztDDJ59E65EFM+dHdl512jNiDdJ+YmoelixmomfI3GTxbrlkcaH06T5vK6DmLt92vAdnKe7+QEoWxiWDwr36BAzP2jLJTD123xBkPdsfIonJ0XSi2qBwZxNV1rRib5GFDZSmTgRMoZ0E4XCQqhHw+HygB+peOXwmjQ2iT2lap+YTTc5pi87m8h4qjiK\/mMAzRjDu2g2SfC8F7RS9Cm11Vl0rtho0oB1mfTtNu7Hux2szCnNpvbULN9yKLwp1Qhds4G5i2F6hNPwg+5BrTddvDQm\/nkGHSmVKgsiygXFU\/FYTDR6JCOHHiBFy4cIFfLPqXjl8N5DrBGQJafzaNLfXaVdcir5U3hEOcconU77gvp3mmr2xVoRpxvSRtV+XB0t5tQ+6QYA3hIOvTadpqNuDzTiFDA8p36mglk4upA\/i+Kly3FCJb9ba7rVNoW6a99vTK6Vwp0I6iXBpnMh3MKASh3yTuMjoIEncZWXxduwvrfzkG75sdRJqRyZlw5xHvglmFev0teOO0DzvXKnDllt4dU8OBVe9+GXzvNJx8VoaVYOcMPePD7ugkZAYTdphYu53o1Mj3j+DW6m31bGyXh7vrJV6vMP1j3\/we\/vvXN\/ROpnV4MoyzhRzdp3apBDtgRibh5Ld34eZNXd76CMz++DnUvktxuq3rw5lqRuCvj\/Ce2+qeR+9g+v+kdxlZu3RsWac6TRvLOPPOBiwHO6Gw\/D+O\/GEWLbDyri\/6O47IbqfBQcicHoAvP7sKN3Q+tVa+9KZpjUDtd+swkp+L1D1KRMYOqo3qNVWO8GPK2uUuI4bqdxKe370JN2+ZdPSlyC4j7tNfXoGrN\/R932D\/awwEfX9wYBc2sA2539i76gThgJGYysLfF6goyk9zkNu3u0wQhCiiEARBEAQmcQ1BEARBOHqIQhAEQRAYUQiCIAgCIwpBEARBYEQhCIIgCIwoBEEQBIERhSAIgiAwohAEQRAERhSCIAiCwIhCEARBEBhRCIIgCAIjCkEQBEFg+vbz1wHmZ427DB5eLRbhyWQY\/F0Fhr8b+Znh7uF0\/vhGh2WpQrH4BCa7KLcLBehfhg36WWoniWbnDwCWfxl29yG3uOzjcqFY2MsbXQaIp2Dzy6sJbWqC0pufqdbB6fXV2PXoT0Zzuupnuze+jQb0P5o0SkX4w0D059OFo07fZwgcP9jzwOsi9CINOA+soPMhHgx1G1xlP1BgFv1VsGTfA7mQkilwEP8odlB6FQ1tYcp3AswEcYrN9bGaFagGlVUJIMfXFiDz8HoYiOjIomJpC0KUPisECn3oQ\/rMHGS8OlQ6DSfJsZVdKPLU0pIVHL4PNLblJSKist+vXGg2sUIB8pdykNbnQijusxuHODWZAc\/fwSsIzngq9TTkrEA7qfw0pH3qa3hAfSeIrkYR4qD\/sbUPHSqWtiBESYyHsL29DaVSCR4\/fhzEVO5JGE2aut8ZggWKcWt\/15fJSlx5Ns2B88tkLHpZWDizAyuO5YgvPw1GsefJ7UIB+DUU0B8HCRpsyphiGJlL3Qf5JY4bbPI01\/kYlZaC4jmr+M2cjlOMME3nGpXZqpNzLZ2GdB0PdN4hukxTWfDXKFg8EebNkKvnsrmm4vOGaSTXXaEtbP2gh2WAug8ZO+2ITAglBxqkzcCv0qmNLcDiiduB7J82kYuSexayODAHeU9FIqwxDWhspSDFZaFyVGDIKZuWodWGXLaHGc4frO92yuEzgGk+gHGuB9XhOsA5N\/1Yv+M+Ngs7ltxaytu0OfXJku+2my03rLvbv3Rfpq\/cvjswnQco6\/5Oec5uW\/c77arraAph97uEtIK8Iv0o1s+EI03iGsLVq1dZGRBff\/01K4j333+fj\/dD9fc3YGf03+BfyYc78ld4dGsV6pbfnEM73t+EH84sweL5GZghPzCFbhx7DhvrP4LZpUU4b3zHFPYyCDuoXlAfB5wPf3kWZmbw2e83oPwyAwP15iEu6RTnqUNV0ov0X384Buc\/\/AWcpTTe+RKu\/O4J+6PHJ2fg5LcbsP6Ps7C0eD5Ij19KH19G\/QyHo9RrEvTyX70\/jC8ilVuV6UbNB88O38nokI7fjQR5D1AozHXtC9cvsYcDBMtlZgA2lq\/BE+1rrxaXYcfIbOYkPF+9CpU3VR7V4sew+iIs38jWKlS+QvFbITUp9OYxrNvtR2YtpQF\/+G0Fnrzw4QfTPlt\/gHLlRzD9y5\/CiCX7ZnLh0KL15zDysw\/hF2dJlhSWdB3i6wODMBgckxzC8KQGCjl5cusafKzDfHJev5rhNQJuv5f\/DGddgVqhTbMwOfYErnE4Tgr7eR5+TnFWLaL97uS3q3D1swr86AMtUyz7jdKGXreI9zUOh7mKbTV3Gt7aqEDte2udYu0GXGlk4Px\/\/AS+ZmVASlb3BwpJek31r8H\/o1Cn\/wObP6BxQnLEPr\/66ytQMXLFNn90oxysM7XqdxBNi\/rExm1Y\/XIAZn46A6cprdUdNAqobaLtIRxlEl1GRhkYosd7Age1St2DzKSx47IwO+VB\/X40UD6d1987hX3YabSILBtxKte91TOag0Xb0hweCl0TidDaBlpY58Jn2F3B6yPKT5vOGwsbmRrHUjYnfSZMhwPv67x53QWtw9BCVTKqbSiXW3betl5TMOTho9t0LaF85G7R321SJ\/CsWdfZ2sTBNAs5bB+VjilDl4Ht7QD6XHd\/D+4asrALcB3mwjWC4xUoFIqqrJ1A7aqfjc9QNFa\/Y1lgaceNTKkfUNlp7YH6Gt47Z6VD7izPr8EmznRyZ7CWa7eDslXv18Ebm0D5J\/WHWfxOz+ljstaNa2yU8sRSnDJ3D7du16DfGay08K6JMXp4B0shCM1JVAjkJrKJHu8FHlDwv+rlAr7M6sNT4a4Wl5NhH7Y3hK9MDyBrXJev4EytE+C1DbdOBXYl0ODROz\/t02ckp7KVh5Kd\/ywcXcliNNcCN0LC2ktTeMCuw4M11VaAg1gWlQc83MRBRA9mweDUR2hw9V1ln8rPQdZTZWX6ONAlrpfw4K2VnSVH1whS\/aFeCtupUCCX1B6UZMt+p+8RhD2QqBBozcAoAbOGsD\/0YnJeWWnhZ4Ff7I4Xl5vAFl1LS75DyAdMvldTvoto+elLifBAgJbYRbtO9OmtT3b4OJaC\/MdOHvhhf7KyoCvHF4LzuVbTkKZkYZwmJdtVHPxBDWKjE5AhC3YNZww4KAcW8yGBrGVngTlA7Uo7CAWmZg8ReID2YIgtknDmq2ZVZpakLPz4O2DP7jqkT\/1OOHokKgRaQL5w4QJ3Mvp33wvK2qUTH1DUVNZnK3QfaKvMViz0dws08+DB1LYgW2yRZOvPcouoWU0raBBFS+0Ld47T2KLc1ABbvxNuj2yUKk3zbgUPevWKu10S81Dpql04oSvO2qJLA7rnlo++N6sTuan8tTKmkIEJHljUrpzanT24i3pFQts2StfDWcNoDqbTdSgXwzqynPfieuwEKo9fhet2XyOZekZmYXtdd2ZVqq\/b\/YFQfaVbWvU7Qdg7ffjDtCoUl\/GFQUvpfGThjxgc2IWNCg5i356EcXgA6385pheKLQbfhl1aFOM\/PNpQC5Pf2IvKIzA59hzu3rwJt\/gPl1ah5uEg+f0kjM+MwPO7N+Gm+aOlHzL4Oj2B5+\/GF5UH33uDF+5u6DTqIxMw\/NVzGNIL2VzW26sqD\/3HT7SoOrCxDMs3dPr0XP0teAOvZSdPOnnXR2Zh4rtakHeIu9DN0MItnspQ3oMZOD22C+XLtDCq86nXwX+G9X5vHI59exdu3lQLrqurP0AGB8JdlObp91KQOa0WI02dfjiTA68WX7hlaKGfMv2xXvhHqM53K\/8Lw2fOu2ULZJ8sl2+CRV3zUEIdDeSm40VfUsAv4Mk6lVW38yDWcWYAvvzsalCH9a\/eRuv4VzCjyz9Ccl69Gvxh2vp3E7FdR63gPmD3O1v2dMyLtLtwjGUWLw+ttzj5YXu98egWbL7Iwtxc2JcH3zutFn\/14jh96nUfdkcneSYW5kF3R+X1NdTursPusfd5wZoW2pv1uxGnvPRstI4j8FfatIBtRs896scfRAp\/FyRuOxUEQRCOHn3+wzRBEAThsCIKQRAEQWBEIQiCIAiMKARBEASBEYUgCIIgMKIQBEEQBEYUgiAIgsCIQhAEQRAYUQiCIAgCIwpBEARBYEQhCIIgCIwoBEEQBIERhSAIgiAwfVMIFF+4cMn9LfjWVKFo\/cb9q8DEVNgrHMXsFdfhoOD2fE3rJghHlcM7Q2gRyKY\/WIFmBEEQjgCHViEkxq7tJ93EIxYEQXgNSAyQs729DaVSCR4\/fhzEVN5vGE1yMaw8zASRpcidUjmeg8zDMlT1yOtNLcBiPsXXgkDxBMUT5vjB6rngmudGqoo9R9A95wCuU6zkPEC5RDdQPFqKP1uFIgcn15h8KLYy32dIQ25pnkNIcj3WjKoIzzPOc2lIp+uYdlh2Q6zuQf3c8hh5qDw9Ny99L+RVTN5mcuFnn01jKcrqur721JGVW49WMjaYdIO6UdSzy2F4ToodPD9F8Z5XoOpFZMByAp1ncp2J5nISBOFAIIUQZWVl5eVHH30UfOh4vzy++cnLjz4pvXysj+99Sml\/8rLU0CeqnzrHfP+n99SBhp+x0nDuoeeta85xo\/TyE6pLQnqfVvUB3ln6xDrmZz59aT\/B+dnnEvII07v38tOEPIlY3Rl1\/yc3g9pZ5VHXwrTdureSiyqz+6yStV23ey\/v6estZWzhnE+su65fLK94vZLrrMsSk5MgCAdFosuIZgY20eOekUbLVQcmV8HUfdh5qo9jkE8fLftzobWayk9Duv4Ar3TiYsJnP3Cty+y8sq4VKRiiePzbzZa9G7BJQdPzlpU+NYvfa7C5hVcpID9asGF6Ksh+U+y6E7Rmgtb4nLaOqTy5M2mo36faUcB4O0C7LgsHcG8tFwbTjQecR1kHQfuzkOXrHaSVQFLdKb\/aBpaWZORZQfK3NqHmp2Gc7m1ZZ01UToIgHBiJCoHcRDbR41cC+\/R9qF4uQKFgPuRqUANbKr8IC2M1WDHXSr4zsDWD3BImvZi7yeEp7KDOqZfC+wuFFaj6Sok9fdZOIbWGFZpfDctPH3I\/+TusBFKTGfB8pXxg7TbmqwfVNnJJZGoeli5moGaeMbuF9pIWwnWvl61nCuxW85+Rdk\/BxJgH\/sNNrkf1iyoqj3FUGe3rLAhCn9EzBYc\/\/\/nPgduI\/qXj\/cIuBssVwe4AxxXhukXirgrLDZEEuS2s9B3YpRF9VrknQneFKlNwHHMZRVxKEeL1ST5HJJ6PurwSMOVzytlGLlG5x7Hl0EbGFnb7xNsqikk3kn6bOjeTnyAIB0PiDIEWkC9cuABLS0v8734XlHsDuWDQekUL06axpW3J0QnIQMTaLFyCclPLlix+DzKTZg7RbpupsnRDt43C5J89lUYruRLmt1WGSsv0IpDLDK3l22v6mGlg+vorQnn4D69juna528glia0qVCNy8U5QentIC+HZi113Ap8Jn1Lp1j6vQN3LwITtJmxTZ0EQ+kfiLqODIGmXUdnZgePumnF2rVg7XZwdMIiH16bxGj4MD07ZawJWHh\/sYFo1yPDOIn0Rie4Yyk7hoAVzepeL3iGjCqB3JUWfofzTkDk3H7+G5cqN1aBs78TRxOtuiOx6wny9qWksj7mvya4dpJlchiNyJxprRbheIkeQJrJ7p1lado7tdhnhQ5Aem4N5sz6gr3umfQOa17m5nARBOAj6phAOFjVQ1sbCLYvm3M6Z6AAkCIIgJPGaKAQiammi4RuzRgVBEIRmvEYKQRAEQdgPh\/e3jARBEIS+IgpBEARBYEQhCIIgCIwoBEEQBIERhSAIgiAwohAEQRAERhSCIAiCwIhCEARBEBhRCIIgCAIjCkEQBEFgRCEIgiAITP8VAv0McqEARec38C3aXT\/MUPD4S268hMMF\/QLs4ZBttVgEO+oC\/Zx2z2Wn+9IlE74TaZSKTtyGA8nXoQpFE5GuA7g8LeN4WCTU76DoqlxdQT9KqeKX9KYelN5BlPMgUTLY63sZfZf2Q38VAg2Y9m\/mR2l3XXhNaBeMqLeo4D+EikXdVyhutP7aOR4MdRFHOqzfQdNduTqhWiyDP7XAwbjCn64XOqe371LfFAJbGBTn+OICZD190qLddeE1gmM394HRHCziQBP+BLqKi91POG50F1Bs8KWleScYUVNi9Ts4uipXxzS4Pfqn0F5DevwuJf789fb2NpRKJXj8+DEH2M\/n87DfMJoUhjE1Sg2fHLim3XWKnlU5noPMw7KKYsZR1IbgdhADIYxqpqJz7cB0HqBMQdsRio0wu21FNItECVPQ1K0CQxenYedyQroEp23NYux0aIZzZwjLNQGbSZHN6HoJIEcvVjQdjYnh4EYtc8sQkwXioZUVWFicT2g2hHEhmgcN6kq+RAs5xCOdkVx1NDxwy4YPsjxMZLesV4WquRxrI1V+JxAS15UMCVc+Kn8KpEftidfwjCtvVZ+JjU7yJXTfyGegVlLpBHKNyCK5DZEgXSWP4FJiH6IId\/E83XYw\/VUdt+sXZHTZ0f4USv5hbZvUk9otKFcv8orIADFyiz4b9t+EfGNt5cqEzzjtYOTXbV+y8oi0d6t622Un3LIYeShZBNEidT+v+vp6k\/4Vfc+D9Jq+\/x1ACiGKCbBvPnTcO1oHq292nQOuWwHao8dOMHkOkG8FaI8ec9D3pDKo8x9ZwfWT0g2fU2UN0rWDxscC+9v1itbRPea62cHnKd0WdXevUx3C8qtymONk2RJ7kW8zOfCzTnD8iLydMik4\/dg9CWWNBOZX5fzo5Sc3gzNWIH\/7OxE97iJfXQenXYjY\/W4enL4jC7wDyxzeH2kTp37xPLm+zvUwr2ibOf0iKvOENlA0qWei3PebV7w\/qvaIPhveE8s3RoJM7LrY5UysU7O+ZFBlDu\/BM9V7nEZHZXfkeu9lidNRMlf3ue9SNI1YmWKytdNS3MPydUqiy4hmBjbR41dGejrQ3MPHPVTNYcD21Ak89nfgqTpE0BL4QGv10SE8wsdPGS0\/DEN0+3byIlY6H1pMHEDer8HmFurtjRr4aJGE2jYFuTMUXP8B6vgIOJ2fpsDyGzqPtdus8cf52VauC\/IJYtnPhTGQYWoWLVgrLcKSBQerR\/thhyufhXnb4uO647VOFtk6lG9XcugGnJXMmjRHJyCT1EbDWB\/dHkpWaBXlsfbPdMuTz94O5N8JneSrSZ+x2gWJy0Kl5bRVhOy8bbGlWvZFws4zewrl7PTzCM36xdPuXAvReibSo7xC1BqP\/f6p9wi71n2rZ9n5tqTNu7SPvhTcg6Smsph+u7IrX78r1yzm50q5WnQ9C3vpX4Tdn7JYvk5JVAjkJrKJHh8pzICK7f\/0WUI3p05F1xMGXHp5fVIE+L16v45TS+yM6goO2jmAktpdUSioTsCNnugT1IOG1QlbQ1NQk7Y7Le8F3cqhp\/CArV9oemHT49jhcTDSyojlPDbRfjDrESyLelnLWn3IZdCurch1YO533EoHxdQ8LJEL1ZTzchU8e\/DqJXvOK9lQYuMElWDrITCBdu\/SnvoSGj+LS+yCVO1ndjS1KTuXxYOhYX0hgTqOB2VSYMaQRbrvXzS2LEDm4Yq+v7sdSIkKgdYMjBIwawhHFqshuXGjsDXUZPcFWyN1qBSLUEHrY9qyBmh3BfkMaXcFf4yPUs9mXPTi2\/EWvclA\/kb2oZq0c2i59Zau5dBTUjAxhqoHXwh6YdWsLwvj6To8WFMWYWayX+pAy4L82KYdo+0Zg\/zD5AdXO2vok+t1AyWCRgKvX4VlDK3OXrPXvNTMPQoPit5Q90q+7bu0975EszyuW96D6mUadNuU3TIsm0G+\/gWUk0pP0X3\/IpTSovsWpnzsb51vq05UCLSAfOHCBU6Q\/t3vgvLfG\/Z0q\/pFFXw9bWT3EWrrcL8wvtx3aB6IloU+46JcKX4d7wlmBwqaPZBFYGv+Au9Xpw7pQ\/VzqxHZ3dThQEcDsz3N3dO2x9a0k0NgFamLPS+Dyb+MSla54LQ871TcuvcBVZaKu+99q9HiBSRL0m5L5Uo4eNRAF1jt+nMwf5Oy17zUAF0vWVYtGjgV6lqBu7cb2r9Le+lLVVQWDjjgD7ctO5UFjf07dlmKMZnQbq4cyU4P4t33rwaWL3K1C2X6lv63D6iV9KDv02CIVkS4At7ueh95eB07MGp2gnfbaL8fbfO7CHDpsiobQ9q7lbamKWjJhyF7MCcrnnZsLM2HDcU7Cajhs5BD6wOFASsF07XMzgh92ApSPHdWwmfTWfaZ9pQ2ckjl5yB7KVqGOuyoIz1VX+EBo6zrNqEvdQQ\/X4WqZyliljPtaW\/lLqKXEl9+LDeVjPrWrLqwd1gW1HYoC30KPA\/SY3MwjzNCfqEv05QfZ4S6L81OVWBFlwFLAdkpsh0PFtr9wrOS+VA6vCOGBqipDtYLumA\/edGAuAB4L\/cNxX7GALLkW75LXfelKuygsijgdQWlp9\/jNmXPzi\/Ajv1eYNun8+Z7SFjmGpe1Vf+KvUtnp7F82MfNe4l55JZajE8REredHl2UUgq3f+0ffhGeTbtKg7eF6e2n+pS73VAQekvS9kk6RwN3sO2yR\/QzL6G3iEJw6LFC4IHf3ddsYEWxZtmF9kxEEHqO2duuDxHnb1d6Sj\/zEnqJKARBEASB6dtPVwiCIAiHG1EIgiAIAiMKQRAEQWBEIQiCIAiMKARBEASBEYUgCIIgMKIQBEEQBEYUgiAIgsCIQhAEQRAYUQiCIAgCIwpBEARBQAD+H8voXDVVla3GAAAAAElFTkSuQmCC\" alt=\"\"><\/p>","protected":false},"excerpt":{"rendered":"<p>Tegund:&nbsp;U02370061<\/p>","protected":false},"featured_media":80987,"comment_status":"closed","ping_status":"closed","template":"","meta":[],"product_brand":[],"product_cat":[588,780,515],"product_tag":[],"class_list":{"0":"post-80988","1":"product","2":"type-product","3":"status-publish","4":"has-post-thumbnail","6":"product_cat-handverkfaeri","7":"product_cat-skralllyklar","8":"product_cat-verkfaeralausnir","10":"first","11":"instock","12":"taxable","13":"shipping-taxable","14":"purchasable","15":"product-type-simple"},"yoast_head":"<!-- This site is optimized with the Yoast SEO plugin v27.3 - https:\/\/yoast.com\/product\/yoast-seo-wordpress\/ -->\n<title>USAG Skrall 237 1\/4 FK U02370061 - V\u00e9lar &amp; Verkf\u00e6ri<\/title>\n<meta name=\"robots\" content=\"index, follow, max-snippet:-1, max-image-preview:large, max-video-preview:-1\" \/>\n<link rel=\"canonical\" href=\"https:\/\/velarogverkfaeri.is\/en\/uncategorized\/product\/usag-skrall-237-1-4-fk-u02370061\/\" \/>\n<meta property=\"og:locale\" content=\"en_US\" \/>\n<meta property=\"og:type\" content=\"article\" \/>\n<meta property=\"og:title\" content=\"USAG Skrall 237 1\/4 FK U02370061 - V\u00e9lar &amp; Verkf\u00e6ri\" \/>\n<meta property=\"og:description\" content=\"Tegund:&nbsp;U02370061\" \/>\n<meta property=\"og:url\" content=\"https:\/\/velarogverkfaeri.is\/en\/uncategorized\/product\/usag-skrall-237-1-4-fk-u02370061\/\" \/>\n<meta property=\"og:site_name\" content=\"V\u00e9lar &amp; Verkf\u00e6ri\" \/>\n<meta property=\"article:publisher\" content=\"https:\/\/www.facebook.com\/VelarOgVerkfaeri\" \/>\n<meta name=\"twitter:card\" content=\"summary_large_image\" \/>\n<script type=\"application\/ld+json\" class=\"yoast-schema-graph\">{\"@context\":\"https:\\\/\\\/schema.org\",\"@graph\":[{\"@type\":\"WebPage\",\"@id\":\"https:\\\/\\\/velarogverkfaeri.is\\\/uncategorized\\\/product\\\/usag-skrall-237-1-4-fk-u02370061\\\/\",\"url\":\"https:\\\/\\\/velarogverkfaeri.is\\\/uncategorized\\\/product\\\/usag-skrall-237-1-4-fk-u02370061\\\/\",\"name\":\"USAG Skrall 237 1\\\/4 FK U02370061 - V\u00e9lar &amp; Verkf\u00e6ri\",\"isPartOf\":{\"@id\":\"https:\\\/\\\/velarogverkfaeri.is\\\/en\\\/#website\"},\"primaryImageOfPage\":{\"@id\":\"https:\\\/\\\/velarogverkfaeri.is\\\/uncategorized\\\/product\\\/usag-skrall-237-1-4-fk-u02370061\\\/#primaryimage\"},\"image\":{\"@id\":\"https:\\\/\\\/velarogverkfaeri.is\\\/uncategorized\\\/product\\\/usag-skrall-237-1-4-fk-u02370061\\\/#primaryimage\"},\"thumbnailUrl\":\"https:\\\/\\\/velarogverkfaeri.is\\\/wp-content\\\/uploads\\\/2026\\\/03\\\/77ae75b3-e4b1-4e3b-80d7-5f3891f75caa.png\",\"datePublished\":\"2023-04-28T17:54:17+00:00\",\"breadcrumb\":{\"@id\":\"https:\\\/\\\/velarogverkfaeri.is\\\/uncategorized\\\/product\\\/usag-skrall-237-1-4-fk-u02370061\\\/#breadcrumb\"},\"inLanguage\":\"en-US\",\"potentialAction\":[{\"@type\":\"ReadAction\",\"target\":[\"https:\\\/\\\/velarogverkfaeri.is\\\/uncategorized\\\/product\\\/usag-skrall-237-1-4-fk-u02370061\\\/\"]}]},{\"@type\":\"ImageObject\",\"inLanguage\":\"en-US\",\"@id\":\"https:\\\/\\\/velarogverkfaeri.is\\\/uncategorized\\\/product\\\/usag-skrall-237-1-4-fk-u02370061\\\/#primaryimage\",\"url\":\"https:\\\/\\\/velarogverkfaeri.is\\\/wp-content\\\/uploads\\\/2026\\\/03\\\/77ae75b3-e4b1-4e3b-80d7-5f3891f75caa.png\",\"contentUrl\":\"https:\\\/\\\/velarogverkfaeri.is\\\/wp-content\\\/uploads\\\/2026\\\/03\\\/77ae75b3-e4b1-4e3b-80d7-5f3891f75caa.png\",\"width\":854,\"height\":806},{\"@type\":\"BreadcrumbList\",\"@id\":\"https:\\\/\\\/velarogverkfaeri.is\\\/uncategorized\\\/product\\\/usag-skrall-237-1-4-fk-u02370061\\\/#breadcrumb\",\"itemListElement\":[{\"@type\":\"ListItem\",\"position\":1,\"name\":\"Home\",\"item\":\"https:\\\/\\\/velarogverkfaeri.is\\\/\"},{\"@type\":\"ListItem\",\"position\":2,\"name\":\"Vefverslun\",\"item\":\"https:\\\/\\\/velarogverkfaeri.is\\\/vefverslun\\\/\"},{\"@type\":\"ListItem\",\"position\":3,\"name\":\"USAG Skrall 237 1\\\/4 FK U02370061\"}]},{\"@type\":\"WebSite\",\"@id\":\"https:\\\/\\\/velarogverkfaeri.is\\\/en\\\/#website\",\"url\":\"https:\\\/\\\/velarogverkfaeri.is\\\/en\\\/\",\"name\":\"V\u00e9lar & Verkf\u00e6ri\",\"description\":\"Umbo\u00f0s- og heildverslun fr\u00e1 \u00e1rinu 1919\",\"publisher\":{\"@id\":\"https:\\\/\\\/velarogverkfaeri.is\\\/en\\\/#organization\"},\"potentialAction\":[{\"@type\":\"SearchAction\",\"target\":{\"@type\":\"EntryPoint\",\"urlTemplate\":\"https:\\\/\\\/velarogverkfaeri.is\\\/en\\\/?s={search_term_string}\"},\"query-input\":{\"@type\":\"PropertyValueSpecification\",\"valueRequired\":true,\"valueName\":\"search_term_string\"}}],\"inLanguage\":\"en-US\"},{\"@type\":\"Organization\",\"@id\":\"https:\\\/\\\/velarogverkfaeri.is\\\/en\\\/#organization\",\"name\":\"V\u00e9lar & Verkf\u00e6ri\",\"url\":\"https:\\\/\\\/velarogverkfaeri.is\\\/en\\\/\",\"logo\":{\"@type\":\"ImageObject\",\"inLanguage\":\"en-US\",\"@id\":\"https:\\\/\\\/velarogverkfaeri.is\\\/en\\\/#\\\/schema\\\/logo\\\/image\\\/\",\"url\":\"https:\\\/\\\/velarogverkfaeri.is\\\/wp-content\\\/uploads\\\/2021\\\/10\\\/vv_logo_350x100.png\",\"contentUrl\":\"https:\\\/\\\/velarogverkfaeri.is\\\/wp-content\\\/uploads\\\/2021\\\/10\\\/vv_logo_350x100.png\",\"width\":350,\"height\":100,\"caption\":\"V\u00e9lar & Verkf\u00e6ri\"},\"image\":{\"@id\":\"https:\\\/\\\/velarogverkfaeri.is\\\/en\\\/#\\\/schema\\\/logo\\\/image\\\/\"},\"sameAs\":[\"https:\\\/\\\/www.facebook.com\\\/VelarOgVerkfaeri\"]}]}<\/script>\n<!-- \/ Yoast SEO plugin. -->","yoast_head_json":{"title":"USAG Skrall 237 1\/4 FK U02370061 - V\u00e9lar &amp; Verkf\u00e6ri","robots":{"index":"index","follow":"follow","max-snippet":"max-snippet:-1","max-image-preview":"max-image-preview:large","max-video-preview":"max-video-preview:-1"},"canonical":"https:\/\/velarogverkfaeri.is\/en\/uncategorized\/product\/usag-skrall-237-1-4-fk-u02370061\/","og_locale":"en_US","og_type":"article","og_title":"USAG Skrall 237 1\/4 FK U02370061 - V\u00e9lar &amp; Verkf\u00e6ri","og_description":"Tegund:&nbsp;U02370061","og_url":"https:\/\/velarogverkfaeri.is\/en\/uncategorized\/product\/usag-skrall-237-1-4-fk-u02370061\/","og_site_name":"V\u00e9lar &amp; Verkf\u00e6ri","article_publisher":"https:\/\/www.facebook.com\/VelarOgVerkfaeri","twitter_card":"summary_large_image","schema":{"@context":"https:\/\/schema.org","@graph":[{"@type":"WebPage","@id":"https:\/\/velarogverkfaeri.is\/uncategorized\/product\/usag-skrall-237-1-4-fk-u02370061\/","url":"https:\/\/velarogverkfaeri.is\/uncategorized\/product\/usag-skrall-237-1-4-fk-u02370061\/","name":"USAG Skrall 237 1\/4 FK U02370061 - V\u00e9lar &amp; Verkf\u00e6ri","isPartOf":{"@id":"https:\/\/velarogverkfaeri.is\/en\/#website"},"primaryImageOfPage":{"@id":"https:\/\/velarogverkfaeri.is\/uncategorized\/product\/usag-skrall-237-1-4-fk-u02370061\/#primaryimage"},"image":{"@id":"https:\/\/velarogverkfaeri.is\/uncategorized\/product\/usag-skrall-237-1-4-fk-u02370061\/#primaryimage"},"thumbnailUrl":"https:\/\/velarogverkfaeri.is\/wp-content\/uploads\/2026\/03\/77ae75b3-e4b1-4e3b-80d7-5f3891f75caa.png","datePublished":"2023-04-28T17:54:17+00:00","breadcrumb":{"@id":"https:\/\/velarogverkfaeri.is\/uncategorized\/product\/usag-skrall-237-1-4-fk-u02370061\/#breadcrumb"},"inLanguage":"en-US","potentialAction":[{"@type":"ReadAction","target":["https:\/\/velarogverkfaeri.is\/uncategorized\/product\/usag-skrall-237-1-4-fk-u02370061\/"]}]},{"@type":"ImageObject","inLanguage":"en-US","@id":"https:\/\/velarogverkfaeri.is\/uncategorized\/product\/usag-skrall-237-1-4-fk-u02370061\/#primaryimage","url":"https:\/\/velarogverkfaeri.is\/wp-content\/uploads\/2026\/03\/77ae75b3-e4b1-4e3b-80d7-5f3891f75caa.png","contentUrl":"https:\/\/velarogverkfaeri.is\/wp-content\/uploads\/2026\/03\/77ae75b3-e4b1-4e3b-80d7-5f3891f75caa.png","width":854,"height":806},{"@type":"BreadcrumbList","@id":"https:\/\/velarogverkfaeri.is\/uncategorized\/product\/usag-skrall-237-1-4-fk-u02370061\/#breadcrumb","itemListElement":[{"@type":"ListItem","position":1,"name":"Home","item":"https:\/\/velarogverkfaeri.is\/"},{"@type":"ListItem","position":2,"name":"Vefverslun","item":"https:\/\/velarogverkfaeri.is\/vefverslun\/"},{"@type":"ListItem","position":3,"name":"USAG Skrall 237 1\/4 FK U02370061"}]},{"@type":"WebSite","@id":"https:\/\/velarogverkfaeri.is\/en\/#website","url":"https:\/\/velarogverkfaeri.is\/en\/","name":"V\u00e9lar & Verkf\u00e6ri","description":"Umbo\u00f0s- og heildverslun fr\u00e1 \u00e1rinu 1919","publisher":{"@id":"https:\/\/velarogverkfaeri.is\/en\/#organization"},"potentialAction":[{"@type":"SearchAction","target":{"@type":"EntryPoint","urlTemplate":"https:\/\/velarogverkfaeri.is\/en\/?s={search_term_string}"},"query-input":{"@type":"PropertyValueSpecification","valueRequired":true,"valueName":"search_term_string"}}],"inLanguage":"en-US"},{"@type":"Organization","@id":"https:\/\/velarogverkfaeri.is\/en\/#organization","name":"V\u00e9lar & Verkf\u00e6ri","url":"https:\/\/velarogverkfaeri.is\/en\/","logo":{"@type":"ImageObject","inLanguage":"en-US","@id":"https:\/\/velarogverkfaeri.is\/en\/#\/schema\/logo\/image\/","url":"https:\/\/velarogverkfaeri.is\/wp-content\/uploads\/2021\/10\/vv_logo_350x100.png","contentUrl":"https:\/\/velarogverkfaeri.is\/wp-content\/uploads\/2021\/10\/vv_logo_350x100.png","width":350,"height":100,"caption":"V\u00e9lar & Verkf\u00e6ri"},"image":{"@id":"https:\/\/velarogverkfaeri.is\/en\/#\/schema\/logo\/image\/"},"sameAs":["https:\/\/www.facebook.com\/VelarOgVerkfaeri"]}]}},"_links":{"self":[{"href":"https:\/\/velarogverkfaeri.is\/en\/wp-json\/wp\/v2\/product\/80988","targetHints":{"allow":["GET"]}}],"collection":[{"href":"https:\/\/velarogverkfaeri.is\/en\/wp-json\/wp\/v2\/product"}],"about":[{"href":"https:\/\/velarogverkfaeri.is\/en\/wp-json\/wp\/v2\/types\/product"}],"replies":[{"embeddable":true,"href":"https:\/\/velarogverkfaeri.is\/en\/wp-json\/wp\/v2\/comments?post=80988"}],"wp:featuredmedia":[{"embeddable":true,"href":"https:\/\/velarogverkfaeri.is\/en\/wp-json\/wp\/v2\/media\/80987"}],"wp:attachment":[{"href":"https:\/\/velarogverkfaeri.is\/en\/wp-json\/wp\/v2\/media?parent=80988"}],"wp:term":[{"taxonomy":"product_brand","embeddable":true,"href":"https:\/\/velarogverkfaeri.is\/en\/wp-json\/wp\/v2\/product_brand?post=80988"},{"taxonomy":"product_cat","embeddable":true,"href":"https:\/\/velarogverkfaeri.is\/en\/wp-json\/wp\/v2\/product_cat?post=80988"},{"taxonomy":"product_tag","embeddable":true,"href":"https:\/\/velarogverkfaeri.is\/en\/wp-json\/wp\/v2\/product_tag?post=80988"}],"curies":[{"name":"wp","href":"https:\/\/api.w.org\/{rel}","templated":true}]}}