{"id":80981,"date":"2023-04-28T17:57:46","date_gmt":"2023-04-28T17:57:46","guid":{"rendered":"https:\/\/velarogverkfaeri.is\/uncategorized\/product\/usag-gradubogi-200mm-u09700002\/"},"modified":"2026-03-05T15:00:56","modified_gmt":"2026-03-05T15:00:56","slug":"usag-gradubogi-200mm-u09700002","status":"publish","type":"product","link":"https:\/\/velarogverkfaeri.is\/en\/verkfaeralausnir\/maelitaeki\/onnur-maelitaeki\/product\/usag-gradubogi-200mm-u09700002\/","title":{"rendered":"USAG Gr\u00e1\u00f0ubogi 200mm U09700002"},"content":{"rendered":"<p><img decoding=\"async\" src=\"data:image\/png;base64,iVBORw0KGgoAAAANSUhEUgAAAVsAAAAxCAYAAAB01wplAAAAAXNSR0IArs4c6QAAAARnQU1BAACxjwv8YQUAAAAJcEhZcwAADsMAAA7DAcdvqGQAAAzzSURBVHhe7Z3NaxtJFsDfbvYUQ2g2whhHgWasQAImDCMRnIvJ3CSYg3PLQWB79+rjHHVYsP+C2OdYEB1mIMwOIUQih0kw7Fps2jAYszFBISKRgzHy0oSd7N6871VVd1d\/6sNyexO9H8ju6q6uz1evql639H53ggDDMAxzpvxe\/WcYhmHOEFa2DMMwKcDKlmEYJgVY2TIMw6QAK1uGYZgUYGXLMAyTAikr2w40NtZgbaOBR3FYUFvDODVLhXuB8SPiWrUaXhklsly1HRX8Etip9egLP6dtU6s2SL8OR7CMnfoGrK1tQONAnRghoj4kq+5nFDIXlmeZz6jl+WwR7e7I1kEDNrB9Nur9Stp5QOP7bOTE4XxWtrYFL2KUVqfehLY67oud\/Yj4FuwPlAjTm8+hTePKaEDmijocEaRMGnYBlioVqNBnuYC5jICQPJOCwpSNDEzJE58txmRWHY0n56JsTdOEdj1qppZK2DT7F9vOka2ONA66EHGWOQ2fQ5tGlDFbWkFlWIaCCo+Kw2MbjJlZGLX6CMtzFgplrMNKceR5pcaVIqzghFTOq\/CYkvgNsqOjI6jX6\/D+\/Xu4evUqlEolmJycVFeHgcwIVejeXoLMdhVaM0uwUvJEiLZLDSjC0uUmVI\/noFJWQ4S2u3VvvjdLsuNEfH0ZYBahcmPfFxdPQlENNlqNVHccYfbOB\/HHM6CwvALFK7TNaADkC2DvWGpQO9fwkLZKm12YKwE0RP7eNX96XvkJqkPzchFybxpgURQDV0srGXiBeclaaHkQIh8nf39aYajMTcgsz0F3MyI9atftDObnDGRZR7f1qD2pDwLt33eb+u4zcRJtY9oqzVhiyoCIvFAuiiglbr\/3KmOojkFUG5Vy0KrLdnXaNLpuUoZFXylE\/CnV\/1r9ffIp+tUrQ5SMZZ5HyDPWzal3pTwl8zYCbSjqDrJ8fcnHoHVWBNrYl7YvXwP7GqBt51SdHTnUxkNcPxKBOjgE6+If\/3pZe8hQoN3l2PKXUZxJ6L+hIGUbR7VaPVldXXU\/FD4d70\/q66snDy087NRP1lfXT+odeUUPv3+6frL68KW68PLk4epD\/KsQ8bywP64iEIcQ8fRz1sOT1fU6lshPKB6V+SmFqBzYDto9Lx9qYZEnhgNlCaWn4ok2QEQaWjsEw+L+QB7OvbJMWhuGUGUOtpeTXqANKG8vba2viEHbNLKs4fYJklQGmV+wTMlljOtnj3C\/Eol1Q6ic60+1OwJ5i37U4ov0VN1DaVM9hYz54zn4zlE5gvf6xpTefnHyMUyd6R7tmq++Mj2vPWSZ\/PcGZDrUb044IHehsCLUDi9PXoo4wbIgVl3mTfnodQ7VLzAOtbhR\/TIoiWYEWtHqBMOnArcWc6YN1nNpTBD\/8wveCs6lAGV9dr2SwfnIhu5AhuwO7L2xcWbU0snfweMW7PnSkfEMcc0hC8WSFzJve7Nb4QZO33YXDlVYzJTfenEj8xX1xln\/lWZEMXGWV\/Weukz2uRzMqnB2EsMqj85uC2ycpb3ZvQB38Li125GrDvdBjd\/Qr+efvZkDww7WW1Io6yuHLGQo66O4hxrJbRpV1utY7170LAOuMKjOgiuzkEssY4CkNtL6tVfdekO2Y5SFu16a2dIcmO19vNJbxhKh+4w2NJ2HTQd70LJNuI5tkigfEQxW54RxSHZm7JcFd5eahdkZ7JgkYvvxELrBJW0suh4oQIHSEzZvE3eYXs0gX5Tji8wZ+up0CuvgG78OSf03PH9Q\/yMh04GuYCk8SkgxNTebuO3GSrRxG1DWGshHYFuA3ZxRR\/0hO7Bdx0GG2y0dk1raVfAy3ugM+dGCIxTqmy6K92CQnRDaDVQUDXVGQZXAQVJxB1kCYpBY0A1LmCBomjEuq4MQyW0qyjok\/ZdhQPJ9tlHf8hKDsB3b0N5cCwxOlNuD08qYVGTWmz2Unywc4iKFFCwpQStJPjwVE0M\/dY4eh9LOPNiIjIeUOmA+WjnIDBDsN+pLYbrBeBSmOGRyobLgYiX2YWLIRBGxAkjsP\/zXq\/9jSFS2ZKMN2mxHCs40C3myobRxpl\/yZk0d0TgtyC3jisft8Ka41D9TYoUEt\/02nzAyXkvMsKNQuDK9rgo5CEVkZEQOMTovEqGkQbNlD4MQJANyJI2+zKUtkuzoFTXpkdKLb+nkNrVeqYOBGLQMZ0W\/8hKDmNCwjTX7nwfW8ZQyJlZZOAb2DnDSpBXYspSH08lHjzqPZBz2h1XDyaJU6T0xigdvRTyQcrNRn4IV2gnuyNVqqHVd23ZF6hpRp+DoRBL7b3gSzQj0MGxxcVG82kL\/T\/dwLJpsaQEKpr4FCXCIykHbVke\/6tULuRpob\/vfKe0cBNeWMp6988Kb0bBDakO\/H6jy1d+8wPSaWAHzxuADQpgA2rgT0LeyWIdepdO32WSu8bWnC61sUMBuOv3Q61Wv5DYVJha9rKreLmJLH3wjZdAynBX9ykscZDLxTGQO8v5RyJhMv\/XXJm7fNZPTkPIh6VHnhHEoTVP665x07K0dB4VkR6ywXZMPfoLvZ+NEY+n1RMRuIX8d16qamQVx3r0Wq17zuruoE2YXdewnqf+GJ3Flmw7ZBPMBQnaj7SpU11TFUTEXDK+JREdvqq2T88RQ2ICq0MBOauAMJZ44llZgiZ5E4jkHwzAhd7fsm73oVaHiMd4n7iUMMPOZPgU2DKW3BDJfZ3MX\/YS4D2gmX9a2ToSB5ZtZgHLcZEW8+RnbR7VZ7FNVsqE1oepunUwo5Mkqpxi0TXGbt3SE15z0MN8iptc4FtHcV5yEzc1t\/x5l6EVUGdWlQRH91oe8xEG2Z1z6SblUGNgGcytZKMTKWDZSnqOQJjgLZUnry2HlQ5FY56RxSPmWurhqxHzF1t9E2UCVty2uDgatNuntkUrZqxedI3PjAcqQavvO4T4q1IY7pjxTQwHKy12MX4U1R\/mbWB48ljsCz8xi5AtY0oiVLZLYfyo8KPzj4V800sZGW7KhlPuZglu\/2h7MlqMUPzO2uFt97WEcnUt8fe\/zgJXtF83\/r7Lt1Guwd7O\/VSIzXvjfhUVid2OfF6xsGYZhUuB8fhuBYRhmzGBlyzAMkwKsbBmGYVKAlS3DMEwKsLJlGIZJAVa2DMMwKcDKlmEYJgVY2TIMw6QAK1uGYZgUYGXLMAyTAqxsGYZhUuAcfhsh\/GvvntO188dzrjfsD6lJhLeBns4NGYYZF1Je2dIvqjfAzi9JX\/v0KRmhH+llGIb50khX2QrndPov8SPkS4hXfwzDfOFc+AuijkMcHR3Bo0eP4MmTJ\/D27VuYnp6GiYkJdXUILtnwemsP\/mlfhPmb0+qkH9rG3\/\/xGWxtbeFnFz7N3ILcJTI9\/AQfJv4FjQc\/wDO89m5iHigJf\/x3cHH+JkyLFfR9aBx\/BbeuXZIJ0w8QP9hS6clTtNV\/sOsvy8fWP+DX\/2S1c5T3A3gs0sfP7if46lYOVBLyV+TvyzLR9d3fZJ4fdregBTk3HaecTrkZhhkvEpUtKVrHu+7Hjx+F8v36669FeDim4Y+\/7cKvr\/aUcnSUqbwqfzTYgGJlBe7Nz8P8\/DS0\/vYactcAdklJd6fh3vd\/gu\/wmqNoffEnduHBTx9QGX4D31x4B892\/+0qRuuXx7iq\/i98uuAoYAt+edyF3N0FN3\/Cr2ylfZnMHt\/\/+TsszzxcfP0DPNpSCle467DAKFVg5R6Vdx6mW3+H19dyVGBX2erlLLKiZZixJNGMoLsxJ4LhYSA\/R2SrXcqTK08brM012BDO2Xr70x\/Iz73wCe\/4vCfHgdIvkn2sXMoKX\/dRjg81Qv7wpe8nJ13hMA6vu\/7vkWxJupV2wRW1VLRaORmGGTsSlS25L9cJhk+DrnRt4QN\/UH\/6mp\/7NedTBcu2oSv83JPzPxtau6jISWmSV03yvNneR9WL6vdVG4yZ2URXG45TQh\/CzbHMQ3dJHgn58K+Tm3Z9AmEYZhxJVLalUslVsPSfwqMmS37eBdJvve52OxkZnzzVum82qI\/0t6VcRuNKlhSrdB1OLorbsL9DK93Ag7oIvLJpHHRR1RqQmVJ++u0uThQxkMdP8um\/U4Wa6+aZYZhxJFHZTk5OwuLiolBg9J\/Cp4IeUm3ofuk70Nh2VpiD+tPv7dtfuIXG1WWjbcJ1tdUXPum3m34f+HHQSti24GfdB\/1zy71XpO\/zl08eY\/3lkW6eyQ\/+ht+fP8MwY0WqX2qwcEUJr0j5qROIkV9CZeStMMWXAdzr5E9\/Du7ggvpFjJdY+fDJ2+77ffvTWwlVsAz9ywXeQy89XweRnu9LDYEvYQQ9fQrXy9pXNMwCzH1bBHge+FKDihesL8Mw4wF712UYhkmBdL\/UwDAMM6awsmUYhkkBVrYMwzApwMqWYRgmBVjZMgzDpAArW4ZhmBRgZcswDHPmAPwPLOhXqZBjMCAAAAAASUVORK5CYII=\" alt=\"\"><\/p>","protected":false},"excerpt":{"rendered":"<p>Tegund:&nbsp;U09700002<\/p>","protected":false},"featured_media":80980,"comment_status":"closed","ping_status":"closed","template":"","meta":[],"product_brand":[],"product_cat":[590,757,515],"product_tag":[],"class_list":{"0":"post-80981","1":"product","2":"type-product","3":"status-publish","4":"has-post-thumbnail","6":"product_cat-maelitaeki","7":"product_cat-onnur-maelitaeki","8":"product_cat-verkfaeralausnir","10":"first","11":"instock","12":"taxable","13":"shipping-taxable","14":"purchasable","15":"product-type-simple"},"yoast_head":"<!-- This site is optimized with the Yoast SEO plugin v27.3 - https:\/\/yoast.com\/product\/yoast-seo-wordpress\/ -->\n<title>USAG Gr\u00e1\u00f0ubogi 200mm U09700002 - V\u00e9lar &amp; Verkf\u00e6ri<\/title>\n<meta name=\"robots\" content=\"index, follow, max-snippet:-1, max-image-preview:large, max-video-preview:-1\" \/>\n<link rel=\"canonical\" href=\"https:\/\/velarogverkfaeri.is\/en\/uncategorized\/product\/usag-gradubogi-200mm-u09700002\/\" \/>\n<meta property=\"og:locale\" content=\"en_US\" \/>\n<meta property=\"og:type\" content=\"article\" \/>\n<meta property=\"og:title\" content=\"USAG Gr\u00e1\u00f0ubogi 200mm U09700002 - V\u00e9lar &amp; Verkf\u00e6ri\" \/>\n<meta property=\"og:description\" content=\"Tegund:&nbsp;U09700002\" \/>\n<meta property=\"og:url\" content=\"https:\/\/velarogverkfaeri.is\/en\/uncategorized\/product\/usag-gradubogi-200mm-u09700002\/\" \/>\n<meta property=\"og:site_name\" content=\"V\u00e9lar &amp; Verkf\u00e6ri\" \/>\n<meta property=\"article:publisher\" content=\"https:\/\/www.facebook.com\/VelarOgVerkfaeri\" \/>\n<meta property=\"article:modified_time\" content=\"2026-03-05T15:00:56+00:00\" \/>\n<meta name=\"twitter:card\" content=\"summary_large_image\" \/>\n<script type=\"application\/ld+json\" class=\"yoast-schema-graph\">{\"@context\":\"https:\\\/\\\/schema.org\",\"@graph\":[{\"@type\":\"WebPage\",\"@id\":\"https:\\\/\\\/velarogverkfaeri.is\\\/uncategorized\\\/product\\\/usag-gradubogi-200mm-u09700002\\\/\",\"url\":\"https:\\\/\\\/velarogverkfaeri.is\\\/uncategorized\\\/product\\\/usag-gradubogi-200mm-u09700002\\\/\",\"name\":\"USAG Gr\u00e1\u00f0ubogi 200mm U09700002 - V\u00e9lar &amp; Verkf\u00e6ri\",\"isPartOf\":{\"@id\":\"https:\\\/\\\/velarogverkfaeri.is\\\/en\\\/#website\"},\"primaryImageOfPage\":{\"@id\":\"https:\\\/\\\/velarogverkfaeri.is\\\/uncategorized\\\/product\\\/usag-gradubogi-200mm-u09700002\\\/#primaryimage\"},\"image\":{\"@id\":\"https:\\\/\\\/velarogverkfaeri.is\\\/uncategorized\\\/product\\\/usag-gradubogi-200mm-u09700002\\\/#primaryimage\"},\"thumbnailUrl\":\"https:\\\/\\\/velarogverkfaeri.is\\\/wp-content\\\/uploads\\\/2026\\\/03\\\/f3c73a47-4880-47c8-8ed1-a39482ae1890.png\",\"datePublished\":\"2023-04-28T17:57:46+00:00\",\"dateModified\":\"2026-03-05T15:00:56+00:00\",\"breadcrumb\":{\"@id\":\"https:\\\/\\\/velarogverkfaeri.is\\\/uncategorized\\\/product\\\/usag-gradubogi-200mm-u09700002\\\/#breadcrumb\"},\"inLanguage\":\"en-US\",\"potentialAction\":[{\"@type\":\"ReadAction\",\"target\":[\"https:\\\/\\\/velarogverkfaeri.is\\\/uncategorized\\\/product\\\/usag-gradubogi-200mm-u09700002\\\/\"]}]},{\"@type\":\"ImageObject\",\"inLanguage\":\"en-US\",\"@id\":\"https:\\\/\\\/velarogverkfaeri.is\\\/uncategorized\\\/product\\\/usag-gradubogi-200mm-u09700002\\\/#primaryimage\",\"url\":\"https:\\\/\\\/velarogverkfaeri.is\\\/wp-content\\\/uploads\\\/2026\\\/03\\\/f3c73a47-4880-47c8-8ed1-a39482ae1890.png\",\"contentUrl\":\"https:\\\/\\\/velarogverkfaeri.is\\\/wp-content\\\/uploads\\\/2026\\\/03\\\/f3c73a47-4880-47c8-8ed1-a39482ae1890.png\",\"width\":826,\"height\":805},{\"@type\":\"BreadcrumbList\",\"@id\":\"https:\\\/\\\/velarogverkfaeri.is\\\/uncategorized\\\/product\\\/usag-gradubogi-200mm-u09700002\\\/#breadcrumb\",\"itemListElement\":[{\"@type\":\"ListItem\",\"position\":1,\"name\":\"Home\",\"item\":\"https:\\\/\\\/velarogverkfaeri.is\\\/\"},{\"@type\":\"ListItem\",\"position\":2,\"name\":\"Vefverslun\",\"item\":\"https:\\\/\\\/velarogverkfaeri.is\\\/vefverslun\\\/\"},{\"@type\":\"ListItem\",\"position\":3,\"name\":\"USAG Gr\u00e1\u00f0ubogi 200mm U09700002\"}]},{\"@type\":\"WebSite\",\"@id\":\"https:\\\/\\\/velarogverkfaeri.is\\\/en\\\/#website\",\"url\":\"https:\\\/\\\/velarogverkfaeri.is\\\/en\\\/\",\"name\":\"V\u00e9lar & Verkf\u00e6ri\",\"description\":\"Umbo\u00f0s- og heildverslun fr\u00e1 \u00e1rinu 1919\",\"publisher\":{\"@id\":\"https:\\\/\\\/velarogverkfaeri.is\\\/en\\\/#organization\"},\"potentialAction\":[{\"@type\":\"SearchAction\",\"target\":{\"@type\":\"EntryPoint\",\"urlTemplate\":\"https:\\\/\\\/velarogverkfaeri.is\\\/en\\\/?s={search_term_string}\"},\"query-input\":{\"@type\":\"PropertyValueSpecification\",\"valueRequired\":true,\"valueName\":\"search_term_string\"}}],\"inLanguage\":\"en-US\"},{\"@type\":\"Organization\",\"@id\":\"https:\\\/\\\/velarogverkfaeri.is\\\/en\\\/#organization\",\"name\":\"V\u00e9lar & Verkf\u00e6ri\",\"url\":\"https:\\\/\\\/velarogverkfaeri.is\\\/en\\\/\",\"logo\":{\"@type\":\"ImageObject\",\"inLanguage\":\"en-US\",\"@id\":\"https:\\\/\\\/velarogverkfaeri.is\\\/en\\\/#\\\/schema\\\/logo\\\/image\\\/\",\"url\":\"https:\\\/\\\/velarogverkfaeri.is\\\/wp-content\\\/uploads\\\/2021\\\/10\\\/vv_logo_350x100.png\",\"contentUrl\":\"https:\\\/\\\/velarogverkfaeri.is\\\/wp-content\\\/uploads\\\/2021\\\/10\\\/vv_logo_350x100.png\",\"width\":350,\"height\":100,\"caption\":\"V\u00e9lar & Verkf\u00e6ri\"},\"image\":{\"@id\":\"https:\\\/\\\/velarogverkfaeri.is\\\/en\\\/#\\\/schema\\\/logo\\\/image\\\/\"},\"sameAs\":[\"https:\\\/\\\/www.facebook.com\\\/VelarOgVerkfaeri\"]}]}<\/script>\n<!-- \/ Yoast SEO plugin. -->","yoast_head_json":{"title":"USAG Gr\u00e1\u00f0ubogi 200mm U09700002 - V\u00e9lar &amp; Verkf\u00e6ri","robots":{"index":"index","follow":"follow","max-snippet":"max-snippet:-1","max-image-preview":"max-image-preview:large","max-video-preview":"max-video-preview:-1"},"canonical":"https:\/\/velarogverkfaeri.is\/en\/uncategorized\/product\/usag-gradubogi-200mm-u09700002\/","og_locale":"en_US","og_type":"article","og_title":"USAG Gr\u00e1\u00f0ubogi 200mm U09700002 - V\u00e9lar &amp; Verkf\u00e6ri","og_description":"Tegund:&nbsp;U09700002","og_url":"https:\/\/velarogverkfaeri.is\/en\/uncategorized\/product\/usag-gradubogi-200mm-u09700002\/","og_site_name":"V\u00e9lar &amp; Verkf\u00e6ri","article_publisher":"https:\/\/www.facebook.com\/VelarOgVerkfaeri","article_modified_time":"2026-03-05T15:00:56+00:00","twitter_card":"summary_large_image","schema":{"@context":"https:\/\/schema.org","@graph":[{"@type":"WebPage","@id":"https:\/\/velarogverkfaeri.is\/uncategorized\/product\/usag-gradubogi-200mm-u09700002\/","url":"https:\/\/velarogverkfaeri.is\/uncategorized\/product\/usag-gradubogi-200mm-u09700002\/","name":"USAG Gr\u00e1\u00f0ubogi 200mm U09700002 - V\u00e9lar &amp; Verkf\u00e6ri","isPartOf":{"@id":"https:\/\/velarogverkfaeri.is\/en\/#website"},"primaryImageOfPage":{"@id":"https:\/\/velarogverkfaeri.is\/uncategorized\/product\/usag-gradubogi-200mm-u09700002\/#primaryimage"},"image":{"@id":"https:\/\/velarogverkfaeri.is\/uncategorized\/product\/usag-gradubogi-200mm-u09700002\/#primaryimage"},"thumbnailUrl":"https:\/\/velarogverkfaeri.is\/wp-content\/uploads\/2026\/03\/f3c73a47-4880-47c8-8ed1-a39482ae1890.png","datePublished":"2023-04-28T17:57:46+00:00","dateModified":"2026-03-05T15:00:56+00:00","breadcrumb":{"@id":"https:\/\/velarogverkfaeri.is\/uncategorized\/product\/usag-gradubogi-200mm-u09700002\/#breadcrumb"},"inLanguage":"en-US","potentialAction":[{"@type":"ReadAction","target":["https:\/\/velarogverkfaeri.is\/uncategorized\/product\/usag-gradubogi-200mm-u09700002\/"]}]},{"@type":"ImageObject","inLanguage":"en-US","@id":"https:\/\/velarogverkfaeri.is\/uncategorized\/product\/usag-gradubogi-200mm-u09700002\/#primaryimage","url":"https:\/\/velarogverkfaeri.is\/wp-content\/uploads\/2026\/03\/f3c73a47-4880-47c8-8ed1-a39482ae1890.png","contentUrl":"https:\/\/velarogverkfaeri.is\/wp-content\/uploads\/2026\/03\/f3c73a47-4880-47c8-8ed1-a39482ae1890.png","width":826,"height":805},{"@type":"BreadcrumbList","@id":"https:\/\/velarogverkfaeri.is\/uncategorized\/product\/usag-gradubogi-200mm-u09700002\/#breadcrumb","itemListElement":[{"@type":"ListItem","position":1,"name":"Home","item":"https:\/\/velarogverkfaeri.is\/"},{"@type":"ListItem","position":2,"name":"Vefverslun","item":"https:\/\/velarogverkfaeri.is\/vefverslun\/"},{"@type":"ListItem","position":3,"name":"USAG Gr\u00e1\u00f0ubogi 200mm U09700002"}]},{"@type":"WebSite","@id":"https:\/\/velarogverkfaeri.is\/en\/#website","url":"https:\/\/velarogverkfaeri.is\/en\/","name":"V\u00e9lar & Verkf\u00e6ri","description":"Umbo\u00f0s- og heildverslun fr\u00e1 \u00e1rinu 1919","publisher":{"@id":"https:\/\/velarogverkfaeri.is\/en\/#organization"},"potentialAction":[{"@type":"SearchAction","target":{"@type":"EntryPoint","urlTemplate":"https:\/\/velarogverkfaeri.is\/en\/?s={search_term_string}"},"query-input":{"@type":"PropertyValueSpecification","valueRequired":true,"valueName":"search_term_string"}}],"inLanguage":"en-US"},{"@type":"Organization","@id":"https:\/\/velarogverkfaeri.is\/en\/#organization","name":"V\u00e9lar & Verkf\u00e6ri","url":"https:\/\/velarogverkfaeri.is\/en\/","logo":{"@type":"ImageObject","inLanguage":"en-US","@id":"https:\/\/velarogverkfaeri.is\/en\/#\/schema\/logo\/image\/","url":"https:\/\/velarogverkfaeri.is\/wp-content\/uploads\/2021\/10\/vv_logo_350x100.png","contentUrl":"https:\/\/velarogverkfaeri.is\/wp-content\/uploads\/2021\/10\/vv_logo_350x100.png","width":350,"height":100,"caption":"V\u00e9lar & Verkf\u00e6ri"},"image":{"@id":"https:\/\/velarogverkfaeri.is\/en\/#\/schema\/logo\/image\/"},"sameAs":["https:\/\/www.facebook.com\/VelarOgVerkfaeri"]}]}},"_links":{"self":[{"href":"https:\/\/velarogverkfaeri.is\/en\/wp-json\/wp\/v2\/product\/80981","targetHints":{"allow":["GET"]}}],"collection":[{"href":"https:\/\/velarogverkfaeri.is\/en\/wp-json\/wp\/v2\/product"}],"about":[{"href":"https:\/\/velarogverkfaeri.is\/en\/wp-json\/wp\/v2\/types\/product"}],"replies":[{"embeddable":true,"href":"https:\/\/velarogverkfaeri.is\/en\/wp-json\/wp\/v2\/comments?post=80981"}],"wp:featuredmedia":[{"embeddable":true,"href":"https:\/\/velarogverkfaeri.is\/en\/wp-json\/wp\/v2\/media\/80980"}],"wp:attachment":[{"href":"https:\/\/velarogverkfaeri.is\/en\/wp-json\/wp\/v2\/media?parent=80981"}],"wp:term":[{"taxonomy":"product_brand","embeddable":true,"href":"https:\/\/velarogverkfaeri.is\/en\/wp-json\/wp\/v2\/product_brand?post=80981"},{"taxonomy":"product_cat","embeddable":true,"href":"https:\/\/velarogverkfaeri.is\/en\/wp-json\/wp\/v2\/product_cat?post=80981"},{"taxonomy":"product_tag","embeddable":true,"href":"https:\/\/velarogverkfaeri.is\/en\/wp-json\/wp\/v2\/product_tag?post=80981"}],"curies":[{"name":"wp","href":"https:\/\/api.w.org\/{rel}","templated":true}]}}