{"id":80974,"date":"2023-04-28T17:47:08","date_gmt":"2023-04-28T17:47:08","guid":{"rendered":"https:\/\/velarogverkfaeri.is\/uncategorized\/product\/usag-skrufbiti-torx-langur-5-stk-t20-u06640503\/"},"modified":"2026-03-05T14:16:13","modified_gmt":"2026-03-05T14:16:13","slug":"usag-skrufbiti-torx-langur-5-stk-t20-u06640503","status":"publish","type":"product","link":"https:\/\/velarogverkfaeri.is\/en\/verkfaeralausnir\/handverkfaeri\/skrufbitar\/product\/usag-skrufbiti-torx-langur-5-stk-t20-u06640503\/","title":{"rendered":"USAG Skr\u00fafbiti Torx langur 5 stk T20 U06640503"},"content":{"rendered":"<p><img decoding=\"async\" src=\"data:image\/png;base64,iVBORw0KGgoAAAANSUhEUgAAATkAAABQCAYAAABibQLXAAAAAXNSR0IArs4c6QAAAARnQU1BAACxjwv8YQUAAAAJcEhZcwAADsMAAA7DAcdvqGQAABQ6SURBVHhe7Z3PaxxJlsffdg87jXoxiS2MkGUopDKjZozwtAqhhkV4YQ8l6IO9J88iaHXvVUcffRiw\/gLbZ1uMdfAwprvRwVXjHaZNwdi16hKYQkwbT3m3kEtuY2RvoaU9w9CM9r34kRmRv+un7PT7dBeqrMyMePEi8kVEZjq+\/3CAAMMwTEZ5T\/1lGIbJJBzkGIbJNBzkGIbJNBzkGIbJNBzkGIbJNBzkGIbJNBzkGIbJNBzkGIbJNBzkGIbJNBzkGIbJNBzkGIbJNBzkGIbJNO\/\/ClHfB0gLyteuwK27FahU7M\/OhwswM64OQ1qla3DlN5vwemoO8kfUj\/1ktwzrf\/wAZk5FJV6D9dXrsCHs24GRhRkwzEP71uH+yIxtWyBNlcbOCCyYhesD0j93Q23rO1vrsPrlM5icy0NPVZHocwUed+3KLdj8YRLmko4dCLLe6r42mSVq6+vwbMZrN91eb\/50ekPGh+r7g\/H7UEdyzuwyXLp0yfgUAUqrsLpeU0doHBg9ob72mVa9AW31PQg18jK0XTuXoKD2SFqw\/SR4diDNXfw4+P+xMbndLzAIfL3lQDHUtjeXeJ8HcY5PqG9Mf6nBo6b6atHp9RaVzpvJIU9XC7D0eQGcJvb0W\/KXicWVgV7Az1\/GXG67e3gx5mB+Meoiew57IacH0jyB5Vq5BCuR6XTJc7TPGYU+h86BE+tzkxNFWMEAvjSrtpn+Itq3TVfXW0g6bzKp1pN78eIFlEolePr0KZw8eRIWFxfh+PHjam8aaDi6Bo2p5dALv7a+CmUowqUldDVNkR6MwvJKEehI2lc9VoT8kzLUyLM5dRxNbW7UXGfnFs2LQ47I3M5GnDMmbBBpKGhk6dpD+ZbCuyeR9pidH\/V+hc\/PAXwVliaIvPY+kTbRlGDt5TyWsAxlnYUuB+Eri8Ysk0hjy8yooHzkK6v7OyLS3cOgjfaIspHNK1C0em37\/IBPjLqIPRYR9egaksMR51nYC\/X5c0ynCqOLeWiUZLllWSl9\/N2wMZhmcHRt1Wts+Qk7DSv9XA5yTdyw2hKh7ZqHvRu6\/IYvU+Rj15+xT7Q7CNqkrodg2wn61Wr7vnbs7gu0b2VDQh1b7ZSISge\/+duoZRdi16XZFmUd6uvFfz3421nHUJBLYm1t7eDy5cvuh7Y74+lB6erlg6t3nqptm6d3rh5cvlrCo5DaTe878u1NyvPqQamlfiBapYOraMfNmto++PbgpnsMffflVSu551N6UXbIdG9iChqZVng+HsE0ZXn1eaJ8ZjqW\/faxwW0Dn2\/Cyir8pY9R+Vy+6ZXIxn++L28rv\/hjrXwF3x6U1LFB\/8i07OMJ279xaWrIt\/7yu9uB8kub9basF6O+qbx4fND3yl7jWKvNdpOPPlfkabY5VW7rXM8m\/7Z9PtlppOVvz\/5tIraOEePacQlJJ1BG5ZPI9iHs1nVttiX53bThae1b77wuSDVdpRGciX974OSwJzNGH+IeD\/YwXi9RgLP4vVFvYU\/zCHsh35RztugbvRwCOMIgGwUnTkPeAWi\/QHsjpsCpoLJiuueMshb+Baf\/7QZs031BAfaY+FsogfMnoPhJDprf+e+RIrHHyns0uU\/0aIAoQDGh97WP95MuTZpumb382DEH2i+fqy3CLP8EnJ4ix+\/h2EHeX80teiMomJ3GlhONeezETD7Gz0n5nMXv5rkJGG1n4jimi1ZO67Y0Noo5t2FPpFWAJWNECCfMfSno+toJKeOJIsyjM732gf45b9Ql+cBpy2s2BLMOJ2YLMe0kmVRBjqaoJv7tXhH3bJzR1AURxzfLsLq66n5omEyOab2Qab09962oYaoHMKIsOA1xzAAejSirH92wzes8AnF+uwZrhh\/FVERcnDaxx4p7NA6M9tPpHaRJ0yRtkzWlj6WHzoVI7WeZT9OtX\/rQVDNdHXUOTTd1Psa0MwXdXzvhvqQOx2sffiZglHZbHRKBnefKJTE9l2W4BuW0QTqCVEGO7sHpwKbvyfUNnH9Xqcf+yO0DEhHOo3sF7lNa9VnCiE89HTp2IO1nQNTWy+I+kFmONMhe3UcHwUGcj6OEZdOH9HHvz3jEHttBYE1NyjTpPg\/ds9L2LM+G+GQQpPbzmLiY6f6U5Tf8pOnIOoLuZYl7hzqPYuzI1E\/3144sox938CLq0k9LBMaoNxAKS6oMiw7Ubqxj6O6eVEGOHjJ89tlnIlP629lDhziw16EbjNbUMxkxVWhW7Qi\/SxMDREw5mlAteWMReqenFycNmsJHaLHV0+Mn8FpNCFRWHF19bZb1G\/Snk4fTaabn6vx76sm2BP0Y1nPGHluAaZqaPCh7I8CtdfeJeXekSVNeKF4HGf6KTzjB9FulauzIR95ekKT3s5y6WuVAWtheBdZ0k+jh9Qzx9N2wSUw\/O6Dra0eVsWQcaw1eyNdtqH1l1uU9HM06kJ8Jzt9qW74ce5yZ\/UT9HQrtrTVY9TV80cN12qPRqwaf0xMYDAbqJ3AcyE2dg6VFei1lD\/cZeeVyUKTvmA8FlHJJ7fM\/OUqEKqsMZcyXqkE\/PQqm2UGVUO9LT7cuLXmjJ\/F0iYJ4IeF+CE11AacnRllptBUyEgtHn49+LKmf8JJzZudh5YTfL\/HHFpaWxRO\/tVXdQHPoH\/qO+wL+EQckEpemRN4XXKUOQtjkQGEWI9dLsTMRf\/rObBEKThn2xFYIT77GDkgF0Q78TPcNl+nJI\/pO4zg5yJ9fwvotwrlZ3KfaFJWxgKPRZsoyWNB9rgeGv3Loe8cI+uJe8BqU0Y4y+YqebqpdkvhrxyUsHSojyDLivERgPl2lkRk2HqMu1XmB9l2DvQdVrE+dCh1nXBtdwJKEh414JG+\/QiB+sx7rM4eLfK0i+GoJ8zbAQe4NIPodOObNgIPc2wwHOYZhMs0h\/7MuhmGYwcJBjmGYTMNBjmGYTMNBjmGYTMNBjmGYTMNBjmGYTMNBjmGYTMNBjmGYTMNBjmGYTMNBjmGYTDPEf9blWzs+chWCfqHyS7XSCB1rawt4RNst\/80pqG17nXp7nzp1SNhr6RM+m5\/k3\/h\/GyvL4OkH2ChdB9wzrHJYfhOrxNQAetUe6AGSxtyeoVVM1A89IMpGa\/J1tCLP28OQRnLUKE2pP7UY3jd62ZUBQOtzOfh\/T7KAaeyOk3OL2zcAxKKJtNSNb0HRPiw8OGwKS7TgYxMe6SV\/THa3odHGwG0up30IHJ50Yifr5jHDCXKqUVoL5M0uDbbn6IcsYILdcXJug5ZWDIIB+Su5AGnAr2TzUG3pByGLZio6Whh0EBy6dGKPS7e\/YwxJkjB+6qiHy8vHqt6SQ75jrSmYbykiOTXUta6nZvb0UY7KIqTrIqerCVNea903X34ha8LZ00hjKqamP267NfLTvomUM9SINBqQT5ge62lXwalBLSQ9sjFUAlL7QhyFmP4TeduSfLRg4tkXRr34bI6rT5fQMkk73GWPxHp8rlXGQo2qTg3ZQ69tiI2YcxGrThxaOxKabT3Nt9uLKAuNnt3y2TYGfCrKOwr3XH\/67NL42oWQ5pvZtn6zzvUdb5XHV3+mzF\/Wp6vv\/wpR3yO5ffu2q9C1v78vgt6ZM2fEdjrG4egPdXj43TZUKhX81OH11Bzkj8i9+41Nsa85fgEu\/sensLAwAjsbZah\/uAAz46oRtbFhXPwCPl1YgMmXZVj7r\/dgAXfKAEeq8itwAfctLIxD44+PIX\/qn6Cx+RBen5RptEq\/hvtHdfoLMPL4Fvx+dxLmTpERz6BeacHILzybJPF2w\/d1qLRG4MxcHo7AvpWfvS9YhoWFv0G99HfIj9wXDdPBBrlygX6fhNeV23Dr8Ygon\/bNjxg8xf6p11C\/V4HHyjcuf67C3cYHMPPpDFodjUjvf\/4b\/jEivWf1Cmx\/twfjv7wIX3yK+0Um8gKhabvpv9uV1zBJ5fu\/Bmw+\/BNs\/4gXysoFkWblt7eg+tOzcruD+rQ48gG8qleh9lz6gmiVvoR734\/B\/AUqJ9p1HYOrrnuRbxXeW6B9VKfb8Ke9cbig8hnZuQuVh8rm2HNx35UK\/NUtL6ZWqWKK46o+7fZCPsNQbNhP+xsAp8J9Kny3sYfBW25P\/rAJd+6\/UnZpsNP89R149XPP5+P7j2H\/Zwvwr+TPij5ftUcV4Lx2NAL161\/CM9Fe\/fU3Ca9+twbV96V9ok38ZSLo\/4yQarraD0lCOX3TQiNtqN1YhWvGWvLUu3lyd2qqEiFnNrE4D7nmI9wj7004QuJNMwHFxWCPlCxdF06i3amIltcLyivKJb1BlE+BvgmXM+ySpPR8EpAdSx8q4RJPe0EKncg84urTj98X\/vqmJdmNabgWvzE0Kkyf0zLsnlBLzLkh8otCYrAXDJ8KISZjuh0nIJNWmi9RptNXnkjpyQySKsj1U5LQDBrtJ9vYbMOx5cxkcPGEXmjYTQ1S3ptIewOYRn06jfTSdZK0docSo+wkFI38BMRNUtDNOSnpVfrQIrY+1TEmprhK2D1SDH\/dSvBFnRta3qGDgagDab5Emc6U0pNZJFWQG4QkYaicnoEtZ0b3HYynheJD9yHMEUI8NEXqh3Rdkt2hxAQEEcz9kOoSntHRk1kxIsPgMYAn1qFl7kD60CK2PtUxFjQikR1LmR44mKNMmqJ1K8HXy7lDJK00X6JMJ47k0khPZpFUQa5nSUK6wXvNfErWgvKDJjhTpz0nm8N1bIABOTPfxSsl3eQ0ok3yZvJnce56YDrZpXRdGrtTEfKkENMmeb0JIa+INruvSsg8IDftTaVSgT3\/eZxCUm\/ukzMUI1irHB3Sq\/ShRVx9hiN8hPnTgxKvDpFeJPhiztX5efKL9D26vbizDrXdkR0xdCLNJ9tRjExnpJxk9hmKJGENpqHolA05Mqwv4+mOAEchVRxGayGyMDkzmlJoHOyZ5lcmoIDTyOJLPM8914Hc7ChWodkc5D2ITqXrUtmdkkh5PSGvCCDkFbXUn+9JZGrEqw2nxVNe01eiFz9\/Wm10g5Yj7Fb60Ca2PtW2BZZrPlcTDyvce4lEkgRfHHHnkh8X94z2koPiIk6aH4i9ASYWz0HBrFuRVjNa2jAVcdJ81FH4pTETZDpj5CSzzhshZKNfa+j2omEYholiOC8DMwzDHBIsScgwTKbhkRzDMJmGgxzDMJmGgxzDMJmGgxzDMJmGgxzDMJmGgxzDMJmGgxzDMJmGgxzDMJmGgxzDMJmGgxzDMJmGgxzDMJkmlcZDP6HFK69vkF6C+tT1mvse8pgdGNHr7a\/qterVAR0g0qp7GgGHBi3SeKUMr9w196+7mgdBeiuzhrQ574\/MdJ0GrQ5z5Xd+7QEPsy53IssSRKT7m01bLyNAko8YJh3DG8mJlVhpzTd79dLlqQbQsszmopG01lXcAoFMGgarzUkBTojRqHr0tAXSMmRNWuadZUhBrhWpCUraCbQUeRNHHXLJwQkoLK28M0szD45BanOqlZYtYZ70SL2Mt00HlnlbGY7uKo3iYjVBaWpSdnUqxSKarg4k7bM1UcUoQq8v7V+h1tLSzEEu14SmpYkZQqT+prTL3WMEabLB0tJE7FWDMbAbOq+OFO5UPtDlLQKUdPq08qsuo7\/M0XZI33pamz1pc1r7\/FqjGp8tJsouXX+RWrHkb0OT1qpPWoVXBEDlo9kCtLc8m0L1SRkmhlQjOR3gCPpL2x2RKMzSmSCNOU0S012taUAXKQYrunDldHgar1K5Kxq8mKxzLsE0\/ib2rMvAK39fhkLb1GJAe7eqAOfV\/sUcbn\/trrFfW8cAh5eqtvPcMdKosmmWHsG02r+MgSZKqCTaDjlCBgxsch\/mc\/w5tMQy6CTMQkGBfrcDHGlzyuMpyGoVKPQD7vPSOgejbb\/FBC2ljTaQborhs6JfBaZZhkcfqf2fS+0J03cuGPDKTQpsOi2sM+O45hOAc24ebah91YNWBfNOkirI9UN3tT\/Ea3aGaU+SgEwazABbwNGD+Ltk3muaCAZiUzlKSOdpRa4QO0loRH3X5Ba9KZsoB0bkRyGBIMmOQWlz9qQ1imml14o15QgL6H\/1FYnWTWWYdKQKcj3rriZqgqbUT03Q7AzVME1EjkzyT0j8hdKzR1M0ctR5eVOqBISd\/SXcjj5rcx4Gs0s40stDQ9epT2mMYXolVZDrWXc1QRO0VapioMrBtNGDh9KxZmdaZLCgtJZn21AW8n10T43uu3lTwcCUrJ9E6pgm29EPbc5DRUyvyRY5Fb8WkJRkmO5JFeR61l0VQaSI08pwTVAaTZhTt2jiNTvFdMbUntyV+q0aMRoKjBRaUNvyXVQkai1Gl6ZaO01B1dckQoK60ClV3zXm9E3sD9UxjbejX9qcnWqN9o3dGtR8o8\/EET3DdMAQXwYeh5mFBRipX7deBn74l9OwfPEL+Gfjhc\/9xib+PqFe4H0G9UoLRn4hXxwdnwmm0Wz+BN6by8P4+AxM\/rAJd+7clfua43D256+hIdL6O6bzEJ791bFfbt19DH\/4z9uwcVfZ8\/2YCMjj+N9RM63Kj5DHkeYrmIa5U0fgWb0CDcgbLxmTnQ2AU\/Ty6hHIz43AzkYZNpSNP35SBKehy0HH7sEHP30EGxsy\/UY7B8WL\/4ap67T0sXF2PIb6l1W4dVftw+wLv\/x3+FgUbhz+toO\/35P5i5d1f5aHualXUL5xC+6KtPDTxMn+S6ybjz+GuQ93YKO04eYzjyPDRmsEzgReBt6HxuZDeH3Se1HX9Ieov\/89apwnj3919IzwHXxfh4pKd\/\/Pf4Df\/3ZD2YP1M4ajuqKud+1PkYg8D3\/Ki5fEGSYd75ZaF47s1uunYakLcWiGYd5OUk1Xs0ELyt8AnOUAxzDvFKy7yjBMpnmHRnIMw7yLcJBjGCbTcJBjGCbTcJBjGCbTcJBjGCbTcJBjGCbTcJBjGCbDAPw\/04oPpApZJ+cAAAAASUVORK5CYII=\" alt=\"\"><\/p>","protected":false},"excerpt":{"rendered":"<p>Tegund:&nbsp;U06640503&nbsp;<\/p>","protected":false},"featured_media":80973,"comment_status":"closed","ping_status":"closed","template":"","meta":[],"product_brand":[],"product_cat":[588,778,515],"product_tag":[],"class_list":{"0":"post-80974","1":"product","2":"type-product","3":"status-publish","4":"has-post-thumbnail","6":"product_cat-handverkfaeri","7":"product_cat-skrufbitar","8":"product_cat-verkfaeralausnir","10":"first","11":"instock","12":"taxable","13":"shipping-taxable","14":"purchasable","15":"product-type-simple"},"yoast_head":"<!-- This site is optimized with the Yoast SEO plugin v27.3 - https:\/\/yoast.com\/product\/yoast-seo-wordpress\/ -->\n<title>USAG Skr\u00fafbiti Torx langur 5 stk T20 U06640503 - V\u00e9lar &amp; Verkf\u00e6ri<\/title>\n<meta name=\"robots\" content=\"index, follow, max-snippet:-1, max-image-preview:large, max-video-preview:-1\" \/>\n<link rel=\"canonical\" href=\"https:\/\/velarogverkfaeri.is\/en\/uncategorized\/product\/usag-skrufbiti-torx-langur-5-stk-t20-u06640503\/\" \/>\n<meta property=\"og:locale\" content=\"en_US\" \/>\n<meta property=\"og:type\" content=\"article\" \/>\n<meta property=\"og:title\" content=\"USAG Skr\u00fafbiti Torx langur 5 stk T20 U06640503 - V\u00e9lar &amp; Verkf\u00e6ri\" \/>\n<meta property=\"og:description\" content=\"Tegund:&nbsp;U06640503&nbsp;\" \/>\n<meta property=\"og:url\" content=\"https:\/\/velarogverkfaeri.is\/en\/uncategorized\/product\/usag-skrufbiti-torx-langur-5-stk-t20-u06640503\/\" \/>\n<meta property=\"og:site_name\" content=\"V\u00e9lar &amp; Verkf\u00e6ri\" \/>\n<meta property=\"article:publisher\" content=\"https:\/\/www.facebook.com\/VelarOgVerkfaeri\" \/>\n<meta property=\"article:modified_time\" content=\"2026-03-05T14:16:13+00:00\" \/>\n<meta name=\"twitter:card\" content=\"summary_large_image\" \/>\n<script type=\"application\/ld+json\" class=\"yoast-schema-graph\">{\"@context\":\"https:\\\/\\\/schema.org\",\"@graph\":[{\"@type\":\"WebPage\",\"@id\":\"https:\\\/\\\/velarogverkfaeri.is\\\/uncategorized\\\/product\\\/usag-skrufbiti-torx-langur-5-stk-t20-u06640503\\\/\",\"url\":\"https:\\\/\\\/velarogverkfaeri.is\\\/uncategorized\\\/product\\\/usag-skrufbiti-torx-langur-5-stk-t20-u06640503\\\/\",\"name\":\"USAG Skr\u00fafbiti Torx langur 5 stk T20 U06640503 - V\u00e9lar &amp; Verkf\u00e6ri\",\"isPartOf\":{\"@id\":\"https:\\\/\\\/velarogverkfaeri.is\\\/en\\\/#website\"},\"primaryImageOfPage\":{\"@id\":\"https:\\\/\\\/velarogverkfaeri.is\\\/uncategorized\\\/product\\\/usag-skrufbiti-torx-langur-5-stk-t20-u06640503\\\/#primaryimage\"},\"image\":{\"@id\":\"https:\\\/\\\/velarogverkfaeri.is\\\/uncategorized\\\/product\\\/usag-skrufbiti-torx-langur-5-stk-t20-u06640503\\\/#primaryimage\"},\"thumbnailUrl\":\"https:\\\/\\\/velarogverkfaeri.is\\\/wp-content\\\/uploads\\\/2026\\\/03\\\/1e5a8328-9bd7-4e08-9f27-a684821f040b.png\",\"datePublished\":\"2023-04-28T17:47:08+00:00\",\"dateModified\":\"2026-03-05T14:16:13+00:00\",\"breadcrumb\":{\"@id\":\"https:\\\/\\\/velarogverkfaeri.is\\\/uncategorized\\\/product\\\/usag-skrufbiti-torx-langur-5-stk-t20-u06640503\\\/#breadcrumb\"},\"inLanguage\":\"en-US\",\"potentialAction\":[{\"@type\":\"ReadAction\",\"target\":[\"https:\\\/\\\/velarogverkfaeri.is\\\/uncategorized\\\/product\\\/usag-skrufbiti-torx-langur-5-stk-t20-u06640503\\\/\"]}]},{\"@type\":\"ImageObject\",\"inLanguage\":\"en-US\",\"@id\":\"https:\\\/\\\/velarogverkfaeri.is\\\/uncategorized\\\/product\\\/usag-skrufbiti-torx-langur-5-stk-t20-u06640503\\\/#primaryimage\",\"url\":\"https:\\\/\\\/velarogverkfaeri.is\\\/wp-content\\\/uploads\\\/2026\\\/03\\\/1e5a8328-9bd7-4e08-9f27-a684821f040b.png\",\"contentUrl\":\"https:\\\/\\\/velarogverkfaeri.is\\\/wp-content\\\/uploads\\\/2026\\\/03\\\/1e5a8328-9bd7-4e08-9f27-a684821f040b.png\",\"width\":789,\"height\":229},{\"@type\":\"BreadcrumbList\",\"@id\":\"https:\\\/\\\/velarogverkfaeri.is\\\/uncategorized\\\/product\\\/usag-skrufbiti-torx-langur-5-stk-t20-u06640503\\\/#breadcrumb\",\"itemListElement\":[{\"@type\":\"ListItem\",\"position\":1,\"name\":\"Home\",\"item\":\"https:\\\/\\\/velarogverkfaeri.is\\\/\"},{\"@type\":\"ListItem\",\"position\":2,\"name\":\"Vefverslun\",\"item\":\"https:\\\/\\\/velarogverkfaeri.is\\\/vefverslun\\\/\"},{\"@type\":\"ListItem\",\"position\":3,\"name\":\"USAG Skr\u00fafbiti Torx langur 5 stk T20 U06640503\"}]},{\"@type\":\"WebSite\",\"@id\":\"https:\\\/\\\/velarogverkfaeri.is\\\/en\\\/#website\",\"url\":\"https:\\\/\\\/velarogverkfaeri.is\\\/en\\\/\",\"name\":\"V\u00e9lar & Verkf\u00e6ri\",\"description\":\"Umbo\u00f0s- og heildverslun fr\u00e1 \u00e1rinu 1919\",\"publisher\":{\"@id\":\"https:\\\/\\\/velarogverkfaeri.is\\\/en\\\/#organization\"},\"potentialAction\":[{\"@type\":\"SearchAction\",\"target\":{\"@type\":\"EntryPoint\",\"urlTemplate\":\"https:\\\/\\\/velarogverkfaeri.is\\\/en\\\/?s={search_term_string}\"},\"query-input\":{\"@type\":\"PropertyValueSpecification\",\"valueRequired\":true,\"valueName\":\"search_term_string\"}}],\"inLanguage\":\"en-US\"},{\"@type\":\"Organization\",\"@id\":\"https:\\\/\\\/velarogverkfaeri.is\\\/en\\\/#organization\",\"name\":\"V\u00e9lar & Verkf\u00e6ri\",\"url\":\"https:\\\/\\\/velarogverkfaeri.is\\\/en\\\/\",\"logo\":{\"@type\":\"ImageObject\",\"inLanguage\":\"en-US\",\"@id\":\"https:\\\/\\\/velarogverkfaeri.is\\\/en\\\/#\\\/schema\\\/logo\\\/image\\\/\",\"url\":\"https:\\\/\\\/velarogverkfaeri.is\\\/wp-content\\\/uploads\\\/2021\\\/10\\\/vv_logo_350x100.png\",\"contentUrl\":\"https:\\\/\\\/velarogverkfaeri.is\\\/wp-content\\\/uploads\\\/2021\\\/10\\\/vv_logo_350x100.png\",\"width\":350,\"height\":100,\"caption\":\"V\u00e9lar & Verkf\u00e6ri\"},\"image\":{\"@id\":\"https:\\\/\\\/velarogverkfaeri.is\\\/en\\\/#\\\/schema\\\/logo\\\/image\\\/\"},\"sameAs\":[\"https:\\\/\\\/www.facebook.com\\\/VelarOgVerkfaeri\"]}]}<\/script>\n<!-- \/ Yoast SEO plugin. -->","yoast_head_json":{"title":"USAG Skr\u00fafbiti Torx langur 5 stk T20 U06640503 - V\u00e9lar &amp; Verkf\u00e6ri","robots":{"index":"index","follow":"follow","max-snippet":"max-snippet:-1","max-image-preview":"max-image-preview:large","max-video-preview":"max-video-preview:-1"},"canonical":"https:\/\/velarogverkfaeri.is\/en\/uncategorized\/product\/usag-skrufbiti-torx-langur-5-stk-t20-u06640503\/","og_locale":"en_US","og_type":"article","og_title":"USAG Skr\u00fafbiti Torx langur 5 stk T20 U06640503 - V\u00e9lar &amp; Verkf\u00e6ri","og_description":"Tegund:&nbsp;U06640503&nbsp;","og_url":"https:\/\/velarogverkfaeri.is\/en\/uncategorized\/product\/usag-skrufbiti-torx-langur-5-stk-t20-u06640503\/","og_site_name":"V\u00e9lar &amp; Verkf\u00e6ri","article_publisher":"https:\/\/www.facebook.com\/VelarOgVerkfaeri","article_modified_time":"2026-03-05T14:16:13+00:00","twitter_card":"summary_large_image","schema":{"@context":"https:\/\/schema.org","@graph":[{"@type":"WebPage","@id":"https:\/\/velarogverkfaeri.is\/uncategorized\/product\/usag-skrufbiti-torx-langur-5-stk-t20-u06640503\/","url":"https:\/\/velarogverkfaeri.is\/uncategorized\/product\/usag-skrufbiti-torx-langur-5-stk-t20-u06640503\/","name":"USAG Skr\u00fafbiti Torx langur 5 stk T20 U06640503 - V\u00e9lar &amp; Verkf\u00e6ri","isPartOf":{"@id":"https:\/\/velarogverkfaeri.is\/en\/#website"},"primaryImageOfPage":{"@id":"https:\/\/velarogverkfaeri.is\/uncategorized\/product\/usag-skrufbiti-torx-langur-5-stk-t20-u06640503\/#primaryimage"},"image":{"@id":"https:\/\/velarogverkfaeri.is\/uncategorized\/product\/usag-skrufbiti-torx-langur-5-stk-t20-u06640503\/#primaryimage"},"thumbnailUrl":"https:\/\/velarogverkfaeri.is\/wp-content\/uploads\/2026\/03\/1e5a8328-9bd7-4e08-9f27-a684821f040b.png","datePublished":"2023-04-28T17:47:08+00:00","dateModified":"2026-03-05T14:16:13+00:00","breadcrumb":{"@id":"https:\/\/velarogverkfaeri.is\/uncategorized\/product\/usag-skrufbiti-torx-langur-5-stk-t20-u06640503\/#breadcrumb"},"inLanguage":"en-US","potentialAction":[{"@type":"ReadAction","target":["https:\/\/velarogverkfaeri.is\/uncategorized\/product\/usag-skrufbiti-torx-langur-5-stk-t20-u06640503\/"]}]},{"@type":"ImageObject","inLanguage":"en-US","@id":"https:\/\/velarogverkfaeri.is\/uncategorized\/product\/usag-skrufbiti-torx-langur-5-stk-t20-u06640503\/#primaryimage","url":"https:\/\/velarogverkfaeri.is\/wp-content\/uploads\/2026\/03\/1e5a8328-9bd7-4e08-9f27-a684821f040b.png","contentUrl":"https:\/\/velarogverkfaeri.is\/wp-content\/uploads\/2026\/03\/1e5a8328-9bd7-4e08-9f27-a684821f040b.png","width":789,"height":229},{"@type":"BreadcrumbList","@id":"https:\/\/velarogverkfaeri.is\/uncategorized\/product\/usag-skrufbiti-torx-langur-5-stk-t20-u06640503\/#breadcrumb","itemListElement":[{"@type":"ListItem","position":1,"name":"Home","item":"https:\/\/velarogverkfaeri.is\/"},{"@type":"ListItem","position":2,"name":"Vefverslun","item":"https:\/\/velarogverkfaeri.is\/vefverslun\/"},{"@type":"ListItem","position":3,"name":"USAG Skr\u00fafbiti Torx langur 5 stk T20 U06640503"}]},{"@type":"WebSite","@id":"https:\/\/velarogverkfaeri.is\/en\/#website","url":"https:\/\/velarogverkfaeri.is\/en\/","name":"V\u00e9lar & Verkf\u00e6ri","description":"Umbo\u00f0s- og heildverslun fr\u00e1 \u00e1rinu 1919","publisher":{"@id":"https:\/\/velarogverkfaeri.is\/en\/#organization"},"potentialAction":[{"@type":"SearchAction","target":{"@type":"EntryPoint","urlTemplate":"https:\/\/velarogverkfaeri.is\/en\/?s={search_term_string}"},"query-input":{"@type":"PropertyValueSpecification","valueRequired":true,"valueName":"search_term_string"}}],"inLanguage":"en-US"},{"@type":"Organization","@id":"https:\/\/velarogverkfaeri.is\/en\/#organization","name":"V\u00e9lar & Verkf\u00e6ri","url":"https:\/\/velarogverkfaeri.is\/en\/","logo":{"@type":"ImageObject","inLanguage":"en-US","@id":"https:\/\/velarogverkfaeri.is\/en\/#\/schema\/logo\/image\/","url":"https:\/\/velarogverkfaeri.is\/wp-content\/uploads\/2021\/10\/vv_logo_350x100.png","contentUrl":"https:\/\/velarogverkfaeri.is\/wp-content\/uploads\/2021\/10\/vv_logo_350x100.png","width":350,"height":100,"caption":"V\u00e9lar & Verkf\u00e6ri"},"image":{"@id":"https:\/\/velarogverkfaeri.is\/en\/#\/schema\/logo\/image\/"},"sameAs":["https:\/\/www.facebook.com\/VelarOgVerkfaeri"]}]}},"_links":{"self":[{"href":"https:\/\/velarogverkfaeri.is\/en\/wp-json\/wp\/v2\/product\/80974","targetHints":{"allow":["GET"]}}],"collection":[{"href":"https:\/\/velarogverkfaeri.is\/en\/wp-json\/wp\/v2\/product"}],"about":[{"href":"https:\/\/velarogverkfaeri.is\/en\/wp-json\/wp\/v2\/types\/product"}],"replies":[{"embeddable":true,"href":"https:\/\/velarogverkfaeri.is\/en\/wp-json\/wp\/v2\/comments?post=80974"}],"wp:featuredmedia":[{"embeddable":true,"href":"https:\/\/velarogverkfaeri.is\/en\/wp-json\/wp\/v2\/media\/80973"}],"wp:attachment":[{"href":"https:\/\/velarogverkfaeri.is\/en\/wp-json\/wp\/v2\/media?parent=80974"}],"wp:term":[{"taxonomy":"product_brand","embeddable":true,"href":"https:\/\/velarogverkfaeri.is\/en\/wp-json\/wp\/v2\/product_brand?post=80974"},{"taxonomy":"product_cat","embeddable":true,"href":"https:\/\/velarogverkfaeri.is\/en\/wp-json\/wp\/v2\/product_cat?post=80974"},{"taxonomy":"product_tag","embeddable":true,"href":"https:\/\/velarogverkfaeri.is\/en\/wp-json\/wp\/v2\/product_tag?post=80974"}],"curies":[{"name":"wp","href":"https:\/\/api.w.org\/{rel}","templated":true}]}}