{"id":80972,"date":"2023-04-28T17:46:51","date_gmt":"2023-04-28T17:46:51","guid":{"rendered":"https:\/\/velarogverkfaeri.is\/uncategorized\/product\/usag-bakki-fyrir-9-skrufjarn-torx-u05190341q\/"},"modified":"2026-03-05T14:16:09","modified_gmt":"2026-03-05T14:16:09","slug":"usag-bakki-fyrir-9-skrufjarn-torx-u05190341q","status":"publish","type":"product","link":"https:\/\/velarogverkfaeri.is\/en\/verkfaeralausnir\/handverkfaeri\/verkfaeratoskur\/product\/usag-bakki-fyrir-9-skrufjarn-torx-u05190341q\/","title":{"rendered":"USAG Bakki fyrir 9 skr\u00fafj\u00e1rn TORX U05190341Q"},"content":{"rendered":"<p><img decoding=\"async\" src=\"data:image\/png;base64,iVBORw0KGgoAAAANSUhEUgAAALwAAAAmCAYAAAB+tPGOAAAAAXNSR0IArs4c6QAAAARnQU1BAACxjwv8YQUAAAAJcEhZcwAADsMAAA7DAcdvqGQAAAZcSURBVHhe7Zy\/axtLEMfnPd4fcGARBFYhiIsEzGt0hd0lndTZvQq795+gTvoP5N4Cq0+q3HXPnQU+NcYQFzYcRAIRFLj\/QG9mb07a27uVZMdOeG\/nA0Le3dvf352ZPYX8sUBAEBzhT\/4WBCcQwQtOIYIXnEIELziFCF5wChG84BQieMEpRPCCU4jgBacQwQtOIYIXnOLn\/i3NeAi9IOaEhufDyVkTapz8TzMNYXi7D+3Wb5rNhv4nwTkMxgmnUuqtDrQbnMhQe5WAf3oGzV3OY6JhD8LlNtah2WmDz6kVEwjPBzA\/5LbNva83odPWahnlpWNiVP8Ja8amKcZrHIA3HkFcNk5cq\/OLCBJzLDok+GcTXS663cvFDSf\/j3z70l\/0v3zj1K9nU\/83l93FZcQJC9RGt9vFT38RTDiTofrdS20HbXtK+dlz6hm9rZvFJba\/HKfZxiRY9LG8bJxqbH2cYz9YFGeZtlusl+bnxo21g76ZV0RCmg3MfuSt569mff8TmCceVKqcLIGs52DsoTVsok00ieA+9sD\/qFnDxgfwvRjux5xmoq9oU9+nz9HfXuNI8xQ+vMPGkx8zlUrLsR2VQnabcEDl3yecwaA1V2M79OBpq+xD+9QHL0bvx+OcBJ9xNuglbJad+Yu\/X4kIhr0Q3Q+jhzrK\/czhoAUQKheGC2+623Vu0Va2pk7edef7o7LRThP2HkOIaPXrB+Ano\/TveAA9XFivcQJnrRnOaQSV1h48BOg+sVjlv7la9WuEdPmwQ3PFhTUgsvI0hCj2r4c2MxQ8QIVTRSZQ\/diBjpojilvlaUznavz2+gyOc4QhxxGvo9\/urMSs4IODIiSK5XQw8WsnTSlo7hxi+bMhhJy9NXiIjhoPMAiGEFUrMML18U+3CKPZ0j+PtSGN4eYQ5T4z18Vuzu6CqL7pFrN00dXdRFRiy8dvvW\/CcMuq3OLy8yEFu9NlW2Y6da1ZnTSc0OZB\/VrXoOiWi\/1rZPW1jz28oXGa8yv2l443\/5w9rOK5r+0XsYRAyzr6muQwnivA48dnrGtksD6kIWvZ6\/HnHMIp5+eIIVw+oz03vocYLd2RZpHIdXrJA9wt2zHcaQ50W\/qlZLeCTycw18agu0i\/sWqnmM8W6FizAMp1J\/Bwq7lZtOrmhc5G\/TBrqwoVD2fydp\/TNZVO3fsE7h4T9DLaPJSrt61BDfbfUuU51twCtHJnHbTg2QctbBL0lm5+MzVooieqY2iQ7Z\/yRLl1iOAKw46D0ksz7RH13QTAfs+DklErS47hUEv3piEk6K1sl9jtST0ckYVTm1gf0jTa0Nk4qPJb\/eS2xFkq0UYwp7GtiTtXGCER1k5bpIWuKpePe4RkY7Dkl7ruVJiRWqiyzXwJ0g2JUQy9gLOY+tZr8ARUrBxB+DXCvTN3xAatGT+rwkGAZu5tCxqu+jtoc7IcHz40RjB4vMODWlutpgrZaCyauCk8wg1NOExbEcOgF+XD1g3QwYnVGxlQOhmOcS4b6r7apbX2BtVkooS3\/pK1hBaLYuXTzIKZly6yTmnZSSNBkYdsFUvy1UEzSeNKb+elVaeTWn\/axKUV5s\/PW7cXZmmJdeOF94hrjLNzXpiM0BZeRBN77t5heiX6tHBn6d7zlHXBwxnGaNDU4aQD56FhwXg+LbXyem9pGu+gnkTwWXNz0T94yfP2YH+bsGGGh0N\/liwN\/0kbEY0N9+lVUOq2fHqLkED0KTsUyPgKL4Qe7P39WtadSEOU+FrrF5lMjTE+F9z0nPCUCNaFiTZQ2J\/S99c5wU3vMPgy96tMXBT2YOiWhXk2sb8YeOiMw1lrHam3S+FwveRf8S0NuUpyNZrresoPUhTrXg+Um1PUMWDBmFsxncE9iihchgkUuuDUpxirl+Uj9OYAB7Nqj2Lnkh9hTPz3dWyP58Du8ynUMHY9obc0aYyl8Lw67B23ASPfjRT7z7YYRfodv8Z6uETzPVuKQMHi45WD+KKHctHnzmEj7Y3xSo8MlHfYKeyXmhOkc8rerqxCEWwv629shC1P2X8rPF5ai5w3QM9+jLejC7yPDMH6w5P8rwWCBbwLBFVovoqF\/n2I4AWnkF9aBacQwQtOIYIXnEIELziFCF5wChG84BQieMEpRPCCU4jgBacQwQtOIYIXnEIELziFCF5wChG84BAA\/wJFEwL\/japASQAAAABJRU5ErkJggg==\" alt=\"\"><\/p>","protected":false},"excerpt":{"rendered":"<p>Tegund:&nbsp;U05190341Q<\/p>","protected":false},"featured_media":80971,"comment_status":"closed","ping_status":"closed","template":"","meta":[],"product_brand":[],"product_cat":[588,515,792],"product_tag":[],"class_list":{"0":"post-80972","1":"product","2":"type-product","3":"status-publish","4":"has-post-thumbnail","6":"product_cat-handverkfaeri","7":"product_cat-verkfaeralausnir","8":"product_cat-verkfaeratoskur","10":"first","11":"instock","12":"taxable","13":"shipping-taxable","14":"purchasable","15":"product-type-simple"},"yoast_head":"<!-- This site is optimized with the Yoast SEO plugin v27.3 - https:\/\/yoast.com\/product\/yoast-seo-wordpress\/ -->\n<title>USAG Bakki fyrir 9 skr\u00fafj\u00e1rn TORX U05190341Q - V\u00e9lar &amp; Verkf\u00e6ri<\/title>\n<meta name=\"robots\" content=\"index, follow, max-snippet:-1, max-image-preview:large, max-video-preview:-1\" \/>\n<link rel=\"canonical\" href=\"https:\/\/velarogverkfaeri.is\/en\/uncategorized\/product\/usag-bakki-fyrir-9-skrufjarn-torx-u05190341q\/\" \/>\n<meta property=\"og:locale\" content=\"en_US\" \/>\n<meta property=\"og:type\" content=\"article\" \/>\n<meta property=\"og:title\" content=\"USAG Bakki fyrir 9 skr\u00fafj\u00e1rn TORX U05190341Q - V\u00e9lar &amp; Verkf\u00e6ri\" \/>\n<meta property=\"og:description\" content=\"Tegund:&nbsp;U05190341Q\" \/>\n<meta property=\"og:url\" content=\"https:\/\/velarogverkfaeri.is\/en\/uncategorized\/product\/usag-bakki-fyrir-9-skrufjarn-torx-u05190341q\/\" \/>\n<meta property=\"og:site_name\" content=\"V\u00e9lar &amp; Verkf\u00e6ri\" \/>\n<meta property=\"article:publisher\" content=\"https:\/\/www.facebook.com\/VelarOgVerkfaeri\" \/>\n<meta property=\"article:modified_time\" content=\"2026-03-05T14:16:09+00:00\" \/>\n<meta name=\"twitter:card\" content=\"summary_large_image\" \/>\n<script type=\"application\/ld+json\" class=\"yoast-schema-graph\">{\"@context\":\"https:\\\/\\\/schema.org\",\"@graph\":[{\"@type\":\"WebPage\",\"@id\":\"https:\\\/\\\/velarogverkfaeri.is\\\/uncategorized\\\/product\\\/usag-bakki-fyrir-9-skrufjarn-torx-u05190341q\\\/\",\"url\":\"https:\\\/\\\/velarogverkfaeri.is\\\/uncategorized\\\/product\\\/usag-bakki-fyrir-9-skrufjarn-torx-u05190341q\\\/\",\"name\":\"USAG Bakki fyrir 9 skr\u00fafj\u00e1rn TORX U05190341Q - V\u00e9lar &amp; Verkf\u00e6ri\",\"isPartOf\":{\"@id\":\"https:\\\/\\\/velarogverkfaeri.is\\\/en\\\/#website\"},\"primaryImageOfPage\":{\"@id\":\"https:\\\/\\\/velarogverkfaeri.is\\\/uncategorized\\\/product\\\/usag-bakki-fyrir-9-skrufjarn-torx-u05190341q\\\/#primaryimage\"},\"image\":{\"@id\":\"https:\\\/\\\/velarogverkfaeri.is\\\/uncategorized\\\/product\\\/usag-bakki-fyrir-9-skrufjarn-torx-u05190341q\\\/#primaryimage\"},\"thumbnailUrl\":\"https:\\\/\\\/velarogverkfaeri.is\\\/wp-content\\\/uploads\\\/2026\\\/03\\\/a5a3ee31-67dd-4240-899f-6f7ab1e54fa5.png\",\"datePublished\":\"2023-04-28T17:46:51+00:00\",\"dateModified\":\"2026-03-05T14:16:09+00:00\",\"breadcrumb\":{\"@id\":\"https:\\\/\\\/velarogverkfaeri.is\\\/uncategorized\\\/product\\\/usag-bakki-fyrir-9-skrufjarn-torx-u05190341q\\\/#breadcrumb\"},\"inLanguage\":\"en-US\",\"potentialAction\":[{\"@type\":\"ReadAction\",\"target\":[\"https:\\\/\\\/velarogverkfaeri.is\\\/uncategorized\\\/product\\\/usag-bakki-fyrir-9-skrufjarn-torx-u05190341q\\\/\"]}]},{\"@type\":\"ImageObject\",\"inLanguage\":\"en-US\",\"@id\":\"https:\\\/\\\/velarogverkfaeri.is\\\/uncategorized\\\/product\\\/usag-bakki-fyrir-9-skrufjarn-torx-u05190341q\\\/#primaryimage\",\"url\":\"https:\\\/\\\/velarogverkfaeri.is\\\/wp-content\\\/uploads\\\/2026\\\/03\\\/a5a3ee31-67dd-4240-899f-6f7ab1e54fa5.png\",\"contentUrl\":\"https:\\\/\\\/velarogverkfaeri.is\\\/wp-content\\\/uploads\\\/2026\\\/03\\\/a5a3ee31-67dd-4240-899f-6f7ab1e54fa5.png\",\"width\":850,\"height\":458},{\"@type\":\"BreadcrumbList\",\"@id\":\"https:\\\/\\\/velarogverkfaeri.is\\\/uncategorized\\\/product\\\/usag-bakki-fyrir-9-skrufjarn-torx-u05190341q\\\/#breadcrumb\",\"itemListElement\":[{\"@type\":\"ListItem\",\"position\":1,\"name\":\"Home\",\"item\":\"https:\\\/\\\/velarogverkfaeri.is\\\/\"},{\"@type\":\"ListItem\",\"position\":2,\"name\":\"Vefverslun\",\"item\":\"https:\\\/\\\/velarogverkfaeri.is\\\/vefverslun\\\/\"},{\"@type\":\"ListItem\",\"position\":3,\"name\":\"USAG Bakki fyrir 9 skr\u00fafj\u00e1rn TORX U05190341Q\"}]},{\"@type\":\"WebSite\",\"@id\":\"https:\\\/\\\/velarogverkfaeri.is\\\/en\\\/#website\",\"url\":\"https:\\\/\\\/velarogverkfaeri.is\\\/en\\\/\",\"name\":\"V\u00e9lar & Verkf\u00e6ri\",\"description\":\"Umbo\u00f0s- og heildverslun fr\u00e1 \u00e1rinu 1919\",\"publisher\":{\"@id\":\"https:\\\/\\\/velarogverkfaeri.is\\\/en\\\/#organization\"},\"potentialAction\":[{\"@type\":\"SearchAction\",\"target\":{\"@type\":\"EntryPoint\",\"urlTemplate\":\"https:\\\/\\\/velarogverkfaeri.is\\\/en\\\/?s={search_term_string}\"},\"query-input\":{\"@type\":\"PropertyValueSpecification\",\"valueRequired\":true,\"valueName\":\"search_term_string\"}}],\"inLanguage\":\"en-US\"},{\"@type\":\"Organization\",\"@id\":\"https:\\\/\\\/velarogverkfaeri.is\\\/en\\\/#organization\",\"name\":\"V\u00e9lar & Verkf\u00e6ri\",\"url\":\"https:\\\/\\\/velarogverkfaeri.is\\\/en\\\/\",\"logo\":{\"@type\":\"ImageObject\",\"inLanguage\":\"en-US\",\"@id\":\"https:\\\/\\\/velarogverkfaeri.is\\\/en\\\/#\\\/schema\\\/logo\\\/image\\\/\",\"url\":\"https:\\\/\\\/velarogverkfaeri.is\\\/wp-content\\\/uploads\\\/2021\\\/10\\\/vv_logo_350x100.png\",\"contentUrl\":\"https:\\\/\\\/velarogverkfaeri.is\\\/wp-content\\\/uploads\\\/2021\\\/10\\\/vv_logo_350x100.png\",\"width\":350,\"height\":100,\"caption\":\"V\u00e9lar & Verkf\u00e6ri\"},\"image\":{\"@id\":\"https:\\\/\\\/velarogverkfaeri.is\\\/en\\\/#\\\/schema\\\/logo\\\/image\\\/\"},\"sameAs\":[\"https:\\\/\\\/www.facebook.com\\\/VelarOgVerkfaeri\"]}]}<\/script>\n<!-- \/ Yoast SEO plugin. -->","yoast_head_json":{"title":"USAG Bakki fyrir 9 skr\u00fafj\u00e1rn TORX U05190341Q - V\u00e9lar &amp; Verkf\u00e6ri","robots":{"index":"index","follow":"follow","max-snippet":"max-snippet:-1","max-image-preview":"max-image-preview:large","max-video-preview":"max-video-preview:-1"},"canonical":"https:\/\/velarogverkfaeri.is\/en\/uncategorized\/product\/usag-bakki-fyrir-9-skrufjarn-torx-u05190341q\/","og_locale":"en_US","og_type":"article","og_title":"USAG Bakki fyrir 9 skr\u00fafj\u00e1rn TORX U05190341Q - V\u00e9lar &amp; Verkf\u00e6ri","og_description":"Tegund:&nbsp;U05190341Q","og_url":"https:\/\/velarogverkfaeri.is\/en\/uncategorized\/product\/usag-bakki-fyrir-9-skrufjarn-torx-u05190341q\/","og_site_name":"V\u00e9lar &amp; Verkf\u00e6ri","article_publisher":"https:\/\/www.facebook.com\/VelarOgVerkfaeri","article_modified_time":"2026-03-05T14:16:09+00:00","twitter_card":"summary_large_image","schema":{"@context":"https:\/\/schema.org","@graph":[{"@type":"WebPage","@id":"https:\/\/velarogverkfaeri.is\/uncategorized\/product\/usag-bakki-fyrir-9-skrufjarn-torx-u05190341q\/","url":"https:\/\/velarogverkfaeri.is\/uncategorized\/product\/usag-bakki-fyrir-9-skrufjarn-torx-u05190341q\/","name":"USAG Bakki fyrir 9 skr\u00fafj\u00e1rn TORX U05190341Q - V\u00e9lar &amp; Verkf\u00e6ri","isPartOf":{"@id":"https:\/\/velarogverkfaeri.is\/en\/#website"},"primaryImageOfPage":{"@id":"https:\/\/velarogverkfaeri.is\/uncategorized\/product\/usag-bakki-fyrir-9-skrufjarn-torx-u05190341q\/#primaryimage"},"image":{"@id":"https:\/\/velarogverkfaeri.is\/uncategorized\/product\/usag-bakki-fyrir-9-skrufjarn-torx-u05190341q\/#primaryimage"},"thumbnailUrl":"https:\/\/velarogverkfaeri.is\/wp-content\/uploads\/2026\/03\/a5a3ee31-67dd-4240-899f-6f7ab1e54fa5.png","datePublished":"2023-04-28T17:46:51+00:00","dateModified":"2026-03-05T14:16:09+00:00","breadcrumb":{"@id":"https:\/\/velarogverkfaeri.is\/uncategorized\/product\/usag-bakki-fyrir-9-skrufjarn-torx-u05190341q\/#breadcrumb"},"inLanguage":"en-US","potentialAction":[{"@type":"ReadAction","target":["https:\/\/velarogverkfaeri.is\/uncategorized\/product\/usag-bakki-fyrir-9-skrufjarn-torx-u05190341q\/"]}]},{"@type":"ImageObject","inLanguage":"en-US","@id":"https:\/\/velarogverkfaeri.is\/uncategorized\/product\/usag-bakki-fyrir-9-skrufjarn-torx-u05190341q\/#primaryimage","url":"https:\/\/velarogverkfaeri.is\/wp-content\/uploads\/2026\/03\/a5a3ee31-67dd-4240-899f-6f7ab1e54fa5.png","contentUrl":"https:\/\/velarogverkfaeri.is\/wp-content\/uploads\/2026\/03\/a5a3ee31-67dd-4240-899f-6f7ab1e54fa5.png","width":850,"height":458},{"@type":"BreadcrumbList","@id":"https:\/\/velarogverkfaeri.is\/uncategorized\/product\/usag-bakki-fyrir-9-skrufjarn-torx-u05190341q\/#breadcrumb","itemListElement":[{"@type":"ListItem","position":1,"name":"Home","item":"https:\/\/velarogverkfaeri.is\/"},{"@type":"ListItem","position":2,"name":"Vefverslun","item":"https:\/\/velarogverkfaeri.is\/vefverslun\/"},{"@type":"ListItem","position":3,"name":"USAG Bakki fyrir 9 skr\u00fafj\u00e1rn TORX U05190341Q"}]},{"@type":"WebSite","@id":"https:\/\/velarogverkfaeri.is\/en\/#website","url":"https:\/\/velarogverkfaeri.is\/en\/","name":"V\u00e9lar & Verkf\u00e6ri","description":"Umbo\u00f0s- og heildverslun fr\u00e1 \u00e1rinu 1919","publisher":{"@id":"https:\/\/velarogverkfaeri.is\/en\/#organization"},"potentialAction":[{"@type":"SearchAction","target":{"@type":"EntryPoint","urlTemplate":"https:\/\/velarogverkfaeri.is\/en\/?s={search_term_string}"},"query-input":{"@type":"PropertyValueSpecification","valueRequired":true,"valueName":"search_term_string"}}],"inLanguage":"en-US"},{"@type":"Organization","@id":"https:\/\/velarogverkfaeri.is\/en\/#organization","name":"V\u00e9lar & Verkf\u00e6ri","url":"https:\/\/velarogverkfaeri.is\/en\/","logo":{"@type":"ImageObject","inLanguage":"en-US","@id":"https:\/\/velarogverkfaeri.is\/en\/#\/schema\/logo\/image\/","url":"https:\/\/velarogverkfaeri.is\/wp-content\/uploads\/2021\/10\/vv_logo_350x100.png","contentUrl":"https:\/\/velarogverkfaeri.is\/wp-content\/uploads\/2021\/10\/vv_logo_350x100.png","width":350,"height":100,"caption":"V\u00e9lar & Verkf\u00e6ri"},"image":{"@id":"https:\/\/velarogverkfaeri.is\/en\/#\/schema\/logo\/image\/"},"sameAs":["https:\/\/www.facebook.com\/VelarOgVerkfaeri"]}]}},"_links":{"self":[{"href":"https:\/\/velarogverkfaeri.is\/en\/wp-json\/wp\/v2\/product\/80972","targetHints":{"allow":["GET"]}}],"collection":[{"href":"https:\/\/velarogverkfaeri.is\/en\/wp-json\/wp\/v2\/product"}],"about":[{"href":"https:\/\/velarogverkfaeri.is\/en\/wp-json\/wp\/v2\/types\/product"}],"replies":[{"embeddable":true,"href":"https:\/\/velarogverkfaeri.is\/en\/wp-json\/wp\/v2\/comments?post=80972"}],"wp:featuredmedia":[{"embeddable":true,"href":"https:\/\/velarogverkfaeri.is\/en\/wp-json\/wp\/v2\/media\/80971"}],"wp:attachment":[{"href":"https:\/\/velarogverkfaeri.is\/en\/wp-json\/wp\/v2\/media?parent=80972"}],"wp:term":[{"taxonomy":"product_brand","embeddable":true,"href":"https:\/\/velarogverkfaeri.is\/en\/wp-json\/wp\/v2\/product_brand?post=80972"},{"taxonomy":"product_cat","embeddable":true,"href":"https:\/\/velarogverkfaeri.is\/en\/wp-json\/wp\/v2\/product_cat?post=80972"},{"taxonomy":"product_tag","embeddable":true,"href":"https:\/\/velarogverkfaeri.is\/en\/wp-json\/wp\/v2\/product_tag?post=80972"}],"curies":[{"name":"wp","href":"https:\/\/api.w.org\/{rel}","templated":true}]}}