{"id":80958,"date":"2023-04-28T17:43:36","date_gmt":"2023-04-28T17:43:36","guid":{"rendered":"https:\/\/velarogverkfaeri.is\/uncategorized\/product\/usag-skrufbiti-torx-langur-5-stk-t15-u06640502\/"},"modified":"2026-03-05T14:16:07","modified_gmt":"2026-03-05T14:16:07","slug":"usag-skrufbiti-torx-langur-5-stk-t15-u06640502","status":"publish","type":"product","link":"https:\/\/velarogverkfaeri.is\/en\/verkfaeralausnir\/handverkfaeri\/skrufbitar\/product\/usag-skrufbiti-torx-langur-5-stk-t15-u06640502\/","title":{"rendered":"USAG Skr\u00fafbiti Torx langur 5 stk T15 U06640502"},"content":{"rendered":"<p><img decoding=\"async\" src=\"data:image\/png;base64,iVBORw0KGgoAAAANSUhEUgAAATwAAABRCAYAAABPGBo2AAAAAXNSR0IArs4c6QAAAARnQU1BAACxjwv8YQUAAAAJcEhZcwAADsMAAA7DAcdvqGQAABRESURBVHhe7Z3PaxxJlsffdg87jXoxiS2MkGUopDKjZozwtAqhhkV4YQ8l6IO9J88iaHXvVUcffRiw\/gLbZ1uMdfAwprvRwVXjHaZNwdi16hKYQkwbT3m3kEtuY2RvoaU9w9CM9r34kRmRvyqzfkiy8n26C1VWZEa8eBH5MiIzHd9\/2EOAYRgmA7yn\/jIMwxx5OOAxDJMZOOAxDJMZOOAxDJMZOOAxDJMZOOAxDJMZOOAxDJMZOOAxDJMZOOAxDJMZOOAxDJMZOOAxDJMZOOAxDJMZOOAxDJMZOOAxDJMZ3v8Vor7vEy0o37gGd+5XoFKxP1sfzsHUqNoNaZVuwLXfrMPbiRnIH1M\/9pPtMqz+8QOYOhOVeQ1Wl2\/CmrBvC4bmpsAwD+1bhYdDU7ZtgTxVHltDMGdWrg9I\/9wPta3vbKzC8pcvYHwmDz01RUefK3C\/G9fuwPoP4zDTad+BINut7uuTR4na6iq8mPL6Tbfnmz+f3pDxofr+YPx+YCM8Z3oRrly5YnyKAKVlWF6tqT00DgyfUl\/7TKvegLb6HoQ6fBnarp0LUFApkhZsPgseHchzGz8O\/n9iRG73CwwIX284UAy17fAS7\/Mgzskx9Y3pLzV40lRfLdKeb1H5HE4O0ZS2AAufF8Bp4ghgQ\/4yNr800JP55euYU297B0\/MHMzOR51wL2En5PBAnqewXktXYCkyny55ifY5w9DnMDpwYn1ucqoISxjMF6bVNtNfRP+26ep8C8nnMJN6xeNXr15BqVSC58+fw+nTp2F+fh5OnjypUpNAQ9YVaEwshgaB2uoylKEIVxbQ7TSNejQMi0tFoD0prXqiCPlnZaiRl3NqP5r+3Kq5js\/NmyeKHKm5FyFxzIiwQeShoBGnaw+VWwq\/bIm8R+zy6KpY+PwCwFdheYIoa+cTaRNNG1Zez2INy1DWReh6EL66aMw6iTw2zIIKyke+urq\/IyLfHQzgaI+oG9m8BEXram4fH\/CJ0Rax+yKiHV1DcjgSPQ87oT5\/iflUYXg+D42SrLesK+WPvxs2BvMMjrqtdo2tP2HnYeWfy0GuiRtWXyK0XbOwc0vX3\/BlgnLs9jPSRL+DoE3qfAj2naBfrb7v68duWqB\/Kxs6tLHVT4mofPCbv49adiF2W5p9UbahPl\/854O\/n6WGAl4aVlZW9q5evep+aDsdz\/dK16\/uXb\/3XG3bPL93fe\/q9RLuhdRue9+Rb29Tmdf3Si31A9Eq7V1HO27X1Pbet3u33X3ou6+sWsk9nvKLskPmextz0Mi8wsvxCOYp66uPE\/Uz87Hst\/cNbhv4fBNWV+EvvY8q5+ptr0Y2\/uN9ZVvlxe9rlSv4dq+k9g36R+Zl70\/Y\/o3LU0O+9dff3Q7UX9qst2W7GO1N9cX9g75X9hr7Wn22m3L0saJMs8+pelvHejb5t+3jyU4jL39\/9m8TsW2MGOeOS0g+gToqn0T2D2G3bmuzL8nvpg3Pa996x3VB6iktjexM\/NsDJ4dXOGNUIu4J4ZXHu3oU4Dx+b9RbeAV6glcn37R0uugb1RwAOPIgGwWnzkLeAWi\/QnsjpsmJoLpivheMuhb+pQBOuwGbdB9RgFdS\/C2UwPFjUPwkB83v\/PdUkdh95T2d3Cd6lEAUoNjhqmzv7ydZnjQlM6\/+IyccaL9+qbYIs\/5jcHaCHL+DYwp5PzY3742sYHoSe0405r5jU\/kYP3cq5zx+N4\/tgNF3xk5ivmjlpO5LI8NYcht2RF4FWDBGinDKTEtA1+dOSB1PFWEWnen1D\/TPRaMtyQdOW56zIZhtODZdiOknnUkd8Ggaa+Lf7hVxj8cZTlwpsX+zDMvLy+6HhtLkpNYrmde7c5+LOql6eCPqglMVxwzm0Yi6+tGd3DznIxDHt2uwYvhRTFfEiWoTu6+4p+PAcD+dniJPmkppm6xpfyw9XGiIxH6W5TTd9qUPTUeTtVF6aEqqyzGmpgno\/twJ9yVdfLz+4WcMhinZujgReCFduiKm8LION6CcNGBHkDrg0T07HeT0Pby+gfP1Kl3JP3KvDR0RjqR7C+7TXvVZwCsBXQHRyQPpSwOitloW943MeiRBXu19pAgU4ngcPSyaPqSPez\/HI3bfFEE2MQnzpPtCdI9L27M4HeKTQZDYzyPixKb7WZbf8JPkopYKuvcl7jXqMoqxI1Y\/3Z87so5+3IGMaEs\/LREko95kKCyoOsw7ULu1imG8e1IHPHpA8dlnnwkD6G+6BxZx4NWIbk5a09POiOlEs2pH\/m2aPCBiWtKEaskbo9A7Q704bNAUPkKLrREAfgKv6oRAdcVR19dmXb9Bfzp5OJtkCq+Of6CekEvQj2FX1Nh9CzBJ05dHZW9kuLHqPnnvjiR5ypPGu1iGvzYUTjD\/VqkaOyKStyAkyf0sp7dWPZAW9leBNSUlenjlQzzFN2wSU9QUdH3uqDqWjH2tgQz5ug21r8y2fICjXAfyU8F5XW3DV2KPM7afqL\/7TntjBZZ9J4G48qW90tHrC5\/TkxwMDOoncBzITVyAhXl61WUH04yycjko0ncsh4JLuaTS\/E+gOkINV4YylktNop9CBfNM0Tx0VaanZFcWvFGVeEpFAb3Q4f4JTYcBpzBGXWkUFjJCC0cfj34sqZ\/w9HOmZ2HplN8v8fsWFhbFk8OVZd1Zc+gf+o5pAf+IHToSl6dE3kdcpouFsMmBwjRGsdcisSP+\/J3pIhScMuyIrRCefY0XIxVQU\/iZ7jMu0hNM9J3GcXKQv7iA7VuEC9OYpvoU1bGAo9RmwjpY0H2xR4a\/cuh7x7gAiHvHK1BGO8rkK3pKqpIk8eeOS1g+VEeQdcT5isB8SksjNuw8Rluq4wL9uwY7j6rYnjoX2s84N7qAhbgPE+Ixv\/1agvjNelWAOVjkqxrB11WYdwEOeIeM6HfsmMMBB7x3GQ54DMNkhkP0T8sYhmEGCwc8hmEyAwc8hmEyAwc8hmEyAwc8hmEyAwc8hmEyAwc8hmEyAwc8hmEyAwc8hmEyAwc8hmEywwH90zLfWvmRqyX0C1VeohVRaF9bS8Ej2m75b2BBbdvr8ttp6tB9wtYOIHw2P8sf+n+rK+vg6SXYKB0LTNmvelh+E6vZ1AB61VroAZIL3Zyi1VbUDz0g6kZrCqZaOejd4QBGeNRBTflDtbDfN3qpmAFA64s5+H9PUolJ7I6TuItLGwBiAUhanse3OGofFlHcbwoLtHhlE57oZYpMtjeh0cYgbi4ZfgAcnJxkmnX\/mP0PeKqDWov9TS8M9orSD6nEDnbHSdwNWm4yCAbnr+RiqgG\/ks37aks\/CFkAVJFqkdNBcOBykj0uT58xDkCmMX56qYfUiyeq3jJJvn2taZpv+SQ5fdQ9QE\/f7CmmHK1FyPlFTmk7TIutdet85YWsaWdPNY3pmpoiuX3YKE\/7JlLiUSPyaEC+wxRaT80KTg1qIfmRjaGymNoXYi\/E9J8o25YppMUfz78y2sVnc1x7uoTWSdrhLtUk1hN0rTIWnVRtakhBen1DbMQci1ht4tA6mNBs61sBdn8RdaFRtVs\/28aAT0V9h+GB60+fXRpfvxByhVOb1m\/Wsb79rfr42s+UPjzqU9r3f4Wo74m4e\/euq1S2u7srAuC5c+fEdjJG4fgPdXj83SZUKhX81OHtxAzkj8nU3ca6SGuOXoLL\/\/EpzM0NwdZaGeofzsHUqOpQbewkl7+AT+fmYPx1GVb+6z2Yw0QZ7EiNfwkuYdrc3Cg0\/vgU8mf+CRrrj+HtaZlHq\/RreHhc5z8HQ0\/vwO+3x2HmDBnxAuqVFgz9wrNJEm83fF+HSmsIzs3k4RjsWuXZacE6zM39Deqlv0N+6KHopA52zqVL9Ps4vK3chTtPh0T9tG9+xEAq0ifeQv1BBZ4q37j8uQr3Gx\/A1KdTaHU0Ir\/\/+W\/4x4j8XtQrsPndDoz+8jJ88Smmi0LkyUJTe9N\/dytvYZzq938NWH\/8J9j8EU+apUsiz8pv70D1p+fldor2tDj2AbypV6H2UvqCaJW+hAffj8DsJaon2nUTA61ue1FuFd6bozRq0034084oXFLlDG3dh8pjZXPssZh2rQJ\/deuLuVWqmOOoak+7v5DPMCwb9lN6A+BMuE+F79Z2MJDL7fEf1uHewzfKLg1eQH99D9783PP56O5T2P3ZHPwr+bOij1f9UQU7rx8NQf3ml\/BC9Fd\/+43Dm9+tQPV9aZ\/oE38ZC\/r\/iJB6StsPmUY5xdMiK22o3VqGG8ba+XTV8yQA1XQmQuJtbH4Wcs0nmCLvZThC9k4zBsX54JWqs5xfOB3tTkS05GBQclIuWw6ifgr0TbjEY5d0ys8ni5laDlKJtnhaE1LkRZYR155+\/L7wtzctO29M1bXwj6HJYfqclpr3RGpijg2RpBSyi71g+FSIUBlT8jjxnKRyhR2lS331iZTjPIKkDnj9lGk0A0j72SZ24XBsiTcZaDyRGxqaU+eU9zKS3jym0aDOI7mcnySp3aHEKFwJZSc\/AWGXBHRzTEJ6lYO0iG1PtY+JKSwTdk8VQ2G3soRRx4bWd9\/BoJRCrrCjdGlCOc6jSOqANwiZxlCJQQNb4o3uUxhPHcWH7luYI4d4aBrVDzm\/TnaHEhMcRGD3Q+pTeESqJ7xipIaBZABPvkPrnEIO0iK2PdU+FjRSkReZMj2sMEefNI3rVpawl2P3kaRyhR2lS3GEl0SO8yiSOuD1LNNIN4dvmE\/bWlB+1ARn4qzncHNIj50xIPHmO5GlzJ2carRJ8k3+LI5dDUw5u5TzS2J3IkKeOGLeJDk4JiQn0Wb39QtZBuQmvelWInBEcBGnmXSV90k8ipGtVY+U9CoHaRHXnuEIH2H59JDFa0OkF1nCmGN1eZ4kJX2P7i\/ubERtp7IjhjRyhbIfxUiXRkpsHn32XaaxBpNQdMqGRBu2nfGUSICjkyoOtbU4W5jEG007NA5esWaXxqCAU83iazzOPdaB3PQwNqfZNeQ9i7RyfonsTkik5KCQnAQQkpNa\/tD3RDMx4nWJs+JpsekrcXW\/eFZtdIOWaOxWDtImtj3VtgXWazZXEw863HuPRCdZwjjijiU\/zu8Y\/SUHxXmcWD8SqQHG5i9AwWxbkVczWu4xEXFyhXTR8MuFdpAujZHYPOocOhEf\/apEtycQwzBMFPv\/4jHDMMwBwTKNDMNkBh7hMQyTGTjgMQyTGTjgMQyTGTjgMQyTGTjgMQyTGTjgMQyTGTjgMQyTGTjgMQyTGTjgMQyTGTjgMQyTGTjgMQyTGVJrWvQTWojz5hrpQ6hPXWsMeMh9tmBI6wss67X51Q4pEHnVPU2EA4MWnLxWhjeuxsBNV+MhSG911pB26cOhqa7zoFVsrv3Or7XgYbblVmRdgoh8f7Nu64ME6OQjhknGwYzwxAqztGadvSrr4kQDaOlpcwFMWqsrbrFDJgmD1S6lYCeEeFQ7eloKSdlnzV4msxxAwGtFaqaSVgQtt97E0YhcPnEMCgtLmVl+enAMUrtUrSBtiRIlR+qDvGs6ucy7yv7r0tLoLlYzlaYvZVfHUywI6upkUpqtGStGF3oNbf\/Ku5bWaA5yuSY0Lc3QECL1SaVdbooRsMkGS2sUsVdDxiBv6OA6UthU+UDXtwhQ0vnTira6jv46R9shfetpkfakXWql+bVYNT5bTJRduv0itXTJ34Zmr9WetLqwCIbKR9MFaG94NoXqtzJMDKlHeDrYEfSXtlPRUZQmnRiPOZUSU2Kt4UAnLAYuOonllHkSz1iZFA2eWNYxV2ASfxMpqzIIy98XodA2tSfQ3o0qwEWVPp\/D7a9dTYHaKgY7PG21nRdOkFaXTbP0BCZV+iIGnSiRlmg75MgZMMjJNCzn5EtoiaXeSZSGAgT9bgc70i6V+1PA1WpY6AdM8\/K6AMNtv8UELReONpBmjOGzol8Bp1mGJx+p9M+l1obpOxcMfuUmBTmdF7aZsV\/zGcAFt4w21L7qQZuDySSpA14\/dGn7Q7ymaZg2J4nnJMEMtgUcVYi\/C+a9qbFgUDYVtIScoFYmC7GTRFbUd01u3pvWiXpgdH4SEhQ62TEo7dKetFgxr+RauqZEYwH9r74i0bqyDJOM1AGvZ13ajpqpCfVlO2iahmq8dkSOWPLPSPiG8rNHWTSi1GV5064OCDv7S7gdfdYuPQimF3AEmIeGblOf4hrD9ErqgNezLm0HzdRWqYpBKweTxpU9lNSapkmRgYPyWpxuQ1lIGtI9OLpP500XA9O2fhKp89rZjn5olx4oYgpOtsjp+o2AzCbDdE\/qgNezLq0IKEWceoZrptIow5zeRROvaSqmPKY257bUt9WIUVJgBNGC2obvBCMBcDHqNFXuaZqqvnYiJMALHVf1XWNO8UR6qM5rvB390i5Nq8XaN7ZrUPONSjuO9BkmBQf04vEoTM3NwVD9pvXi8eO\/nIXFy1\/APxsvl+421vH3MfWy8AuoV1ow9Av5kuroVDCPZvMn8N5MHkZHp2D8h3W4d+++TGuOwvmfv4WGyOvvmM9jePFXx36Rdvsp\/OE\/78LafWXP9yMiOI\/if8fNvCo\/Qh5HoG9gEmbOHIMX9Qo0IG+80Ex2NgDO0IuyxyA\/MwRba2VYUzb++EkRnIauB+27Ax\/89Amsrcn8G+0cFC\/\/G+au89L7xtnxFOpfVuHOfZWGxRd++e\/wsajcKPxtC39\/IMsXLwb\/LA8zE2+gfOsO3Bd54afZxCktts3HH8PMh1uwVlpzy5nFEWOjNQTnAi8e70Jj\/TG8Pe29FGz6Q7Tf\/x43jpP7vzl+TvgOvq9DReW7++c\/wO9\/u6bswfYZwdFeUbe79qfIRB6HP+XFC+kMk4zsqpbhiG+1fhYWuhDSZhjm3ST1lPZo0ILyNwDnOdgxTKZgXVqGYTJDRkd4DMNkEQ54DMNkBg54DMNkBg54DMNkBg54DMNkBg54DMNkBID\/B0v4G5qI0X5XAAAAAElFTkSuQmCC\" alt=\"\"><\/p>","protected":false},"excerpt":{"rendered":"<p>Tegund:&nbsp;U06640502&nbsp;<\/p>","protected":false},"featured_media":80957,"comment_status":"closed","ping_status":"closed","template":"","meta":[],"product_brand":[],"product_cat":[588,778,515],"product_tag":[],"class_list":{"0":"post-80958","1":"product","2":"type-product","3":"status-publish","4":"has-post-thumbnail","6":"product_cat-handverkfaeri","7":"product_cat-skrufbitar","8":"product_cat-verkfaeralausnir","10":"first","11":"instock","12":"taxable","13":"shipping-taxable","14":"purchasable","15":"product-type-simple"},"yoast_head":"<!-- This site is optimized with the Yoast SEO plugin v27.3 - https:\/\/yoast.com\/product\/yoast-seo-wordpress\/ -->\n<title>USAG Skr\u00fafbiti Torx langur 5 stk T15 U06640502 - V\u00e9lar &amp; Verkf\u00e6ri<\/title>\n<meta name=\"robots\" content=\"index, follow, max-snippet:-1, max-image-preview:large, max-video-preview:-1\" \/>\n<link rel=\"canonical\" href=\"https:\/\/velarogverkfaeri.is\/en\/uncategorized\/product\/usag-skrufbiti-torx-langur-5-stk-t15-u06640502\/\" \/>\n<meta property=\"og:locale\" content=\"en_US\" \/>\n<meta property=\"og:type\" content=\"article\" \/>\n<meta property=\"og:title\" content=\"USAG Skr\u00fafbiti Torx langur 5 stk T15 U06640502 - V\u00e9lar &amp; Verkf\u00e6ri\" \/>\n<meta property=\"og:description\" content=\"Tegund:&nbsp;U06640502&nbsp;\" \/>\n<meta property=\"og:url\" content=\"https:\/\/velarogverkfaeri.is\/en\/uncategorized\/product\/usag-skrufbiti-torx-langur-5-stk-t15-u06640502\/\" \/>\n<meta property=\"og:site_name\" content=\"V\u00e9lar &amp; Verkf\u00e6ri\" \/>\n<meta property=\"article:publisher\" content=\"https:\/\/www.facebook.com\/VelarOgVerkfaeri\" \/>\n<meta property=\"article:modified_time\" content=\"2026-03-05T14:16:07+00:00\" \/>\n<meta name=\"twitter:card\" content=\"summary_large_image\" \/>\n<script type=\"application\/ld+json\" class=\"yoast-schema-graph\">{\"@context\":\"https:\\\/\\\/schema.org\",\"@graph\":[{\"@type\":\"WebPage\",\"@id\":\"https:\\\/\\\/velarogverkfaeri.is\\\/uncategorized\\\/product\\\/usag-skrufbiti-torx-langur-5-stk-t15-u06640502\\\/\",\"url\":\"https:\\\/\\\/velarogverkfaeri.is\\\/uncategorized\\\/product\\\/usag-skrufbiti-torx-langur-5-stk-t15-u06640502\\\/\",\"name\":\"USAG Skr\u00fafbiti Torx langur 5 stk T15 U06640502 - V\u00e9lar &amp; Verkf\u00e6ri\",\"isPartOf\":{\"@id\":\"https:\\\/\\\/velarogverkfaeri.is\\\/en\\\/#website\"},\"primaryImageOfPage\":{\"@id\":\"https:\\\/\\\/velarogverkfaeri.is\\\/uncategorized\\\/product\\\/usag-skrufbiti-torx-langur-5-stk-t15-u06640502\\\/#primaryimage\"},\"image\":{\"@id\":\"https:\\\/\\\/velarogverkfaeri.is\\\/uncategorized\\\/product\\\/usag-skrufbiti-torx-langur-5-stk-t15-u06640502\\\/#primaryimage\"},\"thumbnailUrl\":\"https:\\\/\\\/velarogverkfaeri.is\\\/wp-content\\\/uploads\\\/2026\\\/03\\\/9c12fc9e-8dee-4750-9d90-2ce3af6b8451.png\",\"datePublished\":\"2023-04-28T17:43:36+00:00\",\"dateModified\":\"2026-03-05T14:16:07+00:00\",\"breadcrumb\":{\"@id\":\"https:\\\/\\\/velarogverkfaeri.is\\\/uncategorized\\\/product\\\/usag-skrufbiti-torx-langur-5-stk-t15-u06640502\\\/#breadcrumb\"},\"inLanguage\":\"en-US\",\"potentialAction\":[{\"@type\":\"ReadAction\",\"target\":[\"https:\\\/\\\/velarogverkfaeri.is\\\/uncategorized\\\/product\\\/usag-skrufbiti-torx-langur-5-stk-t15-u06640502\\\/\"]}]},{\"@type\":\"ImageObject\",\"inLanguage\":\"en-US\",\"@id\":\"https:\\\/\\\/velarogverkfaeri.is\\\/uncategorized\\\/product\\\/usag-skrufbiti-torx-langur-5-stk-t15-u06640502\\\/#primaryimage\",\"url\":\"https:\\\/\\\/velarogverkfaeri.is\\\/wp-content\\\/uploads\\\/2026\\\/03\\\/9c12fc9e-8dee-4750-9d90-2ce3af6b8451.png\",\"contentUrl\":\"https:\\\/\\\/velarogverkfaeri.is\\\/wp-content\\\/uploads\\\/2026\\\/03\\\/9c12fc9e-8dee-4750-9d90-2ce3af6b8451.png\",\"width\":789,\"height\":229},{\"@type\":\"BreadcrumbList\",\"@id\":\"https:\\\/\\\/velarogverkfaeri.is\\\/uncategorized\\\/product\\\/usag-skrufbiti-torx-langur-5-stk-t15-u06640502\\\/#breadcrumb\",\"itemListElement\":[{\"@type\":\"ListItem\",\"position\":1,\"name\":\"Home\",\"item\":\"https:\\\/\\\/velarogverkfaeri.is\\\/\"},{\"@type\":\"ListItem\",\"position\":2,\"name\":\"Vefverslun\",\"item\":\"https:\\\/\\\/velarogverkfaeri.is\\\/vefverslun\\\/\"},{\"@type\":\"ListItem\",\"position\":3,\"name\":\"USAG Skr\u00fafbiti Torx langur 5 stk T15 U06640502\"}]},{\"@type\":\"WebSite\",\"@id\":\"https:\\\/\\\/velarogverkfaeri.is\\\/en\\\/#website\",\"url\":\"https:\\\/\\\/velarogverkfaeri.is\\\/en\\\/\",\"name\":\"V\u00e9lar & Verkf\u00e6ri\",\"description\":\"Umbo\u00f0s- og heildverslun fr\u00e1 \u00e1rinu 1919\",\"publisher\":{\"@id\":\"https:\\\/\\\/velarogverkfaeri.is\\\/en\\\/#organization\"},\"potentialAction\":[{\"@type\":\"SearchAction\",\"target\":{\"@type\":\"EntryPoint\",\"urlTemplate\":\"https:\\\/\\\/velarogverkfaeri.is\\\/en\\\/?s={search_term_string}\"},\"query-input\":{\"@type\":\"PropertyValueSpecification\",\"valueRequired\":true,\"valueName\":\"search_term_string\"}}],\"inLanguage\":\"en-US\"},{\"@type\":\"Organization\",\"@id\":\"https:\\\/\\\/velarogverkfaeri.is\\\/en\\\/#organization\",\"name\":\"V\u00e9lar & Verkf\u00e6ri\",\"url\":\"https:\\\/\\\/velarogverkfaeri.is\\\/en\\\/\",\"logo\":{\"@type\":\"ImageObject\",\"inLanguage\":\"en-US\",\"@id\":\"https:\\\/\\\/velarogverkfaeri.is\\\/en\\\/#\\\/schema\\\/logo\\\/image\\\/\",\"url\":\"https:\\\/\\\/velarogverkfaeri.is\\\/wp-content\\\/uploads\\\/2021\\\/10\\\/vv_logo_350x100.png\",\"contentUrl\":\"https:\\\/\\\/velarogverkfaeri.is\\\/wp-content\\\/uploads\\\/2021\\\/10\\\/vv_logo_350x100.png\",\"width\":350,\"height\":100,\"caption\":\"V\u00e9lar & Verkf\u00e6ri\"},\"image\":{\"@id\":\"https:\\\/\\\/velarogverkfaeri.is\\\/en\\\/#\\\/schema\\\/logo\\\/image\\\/\"},\"sameAs\":[\"https:\\\/\\\/www.facebook.com\\\/VelarOgVerkfaeri\"]}]}<\/script>\n<!-- \/ Yoast SEO plugin. -->","yoast_head_json":{"title":"USAG Skr\u00fafbiti Torx langur 5 stk T15 U06640502 - V\u00e9lar &amp; Verkf\u00e6ri","robots":{"index":"index","follow":"follow","max-snippet":"max-snippet:-1","max-image-preview":"max-image-preview:large","max-video-preview":"max-video-preview:-1"},"canonical":"https:\/\/velarogverkfaeri.is\/en\/uncategorized\/product\/usag-skrufbiti-torx-langur-5-stk-t15-u06640502\/","og_locale":"en_US","og_type":"article","og_title":"USAG Skr\u00fafbiti Torx langur 5 stk T15 U06640502 - V\u00e9lar &amp; Verkf\u00e6ri","og_description":"Tegund:&nbsp;U06640502&nbsp;","og_url":"https:\/\/velarogverkfaeri.is\/en\/uncategorized\/product\/usag-skrufbiti-torx-langur-5-stk-t15-u06640502\/","og_site_name":"V\u00e9lar &amp; Verkf\u00e6ri","article_publisher":"https:\/\/www.facebook.com\/VelarOgVerkfaeri","article_modified_time":"2026-03-05T14:16:07+00:00","twitter_card":"summary_large_image","schema":{"@context":"https:\/\/schema.org","@graph":[{"@type":"WebPage","@id":"https:\/\/velarogverkfaeri.is\/uncategorized\/product\/usag-skrufbiti-torx-langur-5-stk-t15-u06640502\/","url":"https:\/\/velarogverkfaeri.is\/uncategorized\/product\/usag-skrufbiti-torx-langur-5-stk-t15-u06640502\/","name":"USAG Skr\u00fafbiti Torx langur 5 stk T15 U06640502 - V\u00e9lar &amp; Verkf\u00e6ri","isPartOf":{"@id":"https:\/\/velarogverkfaeri.is\/en\/#website"},"primaryImageOfPage":{"@id":"https:\/\/velarogverkfaeri.is\/uncategorized\/product\/usag-skrufbiti-torx-langur-5-stk-t15-u06640502\/#primaryimage"},"image":{"@id":"https:\/\/velarogverkfaeri.is\/uncategorized\/product\/usag-skrufbiti-torx-langur-5-stk-t15-u06640502\/#primaryimage"},"thumbnailUrl":"https:\/\/velarogverkfaeri.is\/wp-content\/uploads\/2026\/03\/9c12fc9e-8dee-4750-9d90-2ce3af6b8451.png","datePublished":"2023-04-28T17:43:36+00:00","dateModified":"2026-03-05T14:16:07+00:00","breadcrumb":{"@id":"https:\/\/velarogverkfaeri.is\/uncategorized\/product\/usag-skrufbiti-torx-langur-5-stk-t15-u06640502\/#breadcrumb"},"inLanguage":"en-US","potentialAction":[{"@type":"ReadAction","target":["https:\/\/velarogverkfaeri.is\/uncategorized\/product\/usag-skrufbiti-torx-langur-5-stk-t15-u06640502\/"]}]},{"@type":"ImageObject","inLanguage":"en-US","@id":"https:\/\/velarogverkfaeri.is\/uncategorized\/product\/usag-skrufbiti-torx-langur-5-stk-t15-u06640502\/#primaryimage","url":"https:\/\/velarogverkfaeri.is\/wp-content\/uploads\/2026\/03\/9c12fc9e-8dee-4750-9d90-2ce3af6b8451.png","contentUrl":"https:\/\/velarogverkfaeri.is\/wp-content\/uploads\/2026\/03\/9c12fc9e-8dee-4750-9d90-2ce3af6b8451.png","width":789,"height":229},{"@type":"BreadcrumbList","@id":"https:\/\/velarogverkfaeri.is\/uncategorized\/product\/usag-skrufbiti-torx-langur-5-stk-t15-u06640502\/#breadcrumb","itemListElement":[{"@type":"ListItem","position":1,"name":"Home","item":"https:\/\/velarogverkfaeri.is\/"},{"@type":"ListItem","position":2,"name":"Vefverslun","item":"https:\/\/velarogverkfaeri.is\/vefverslun\/"},{"@type":"ListItem","position":3,"name":"USAG Skr\u00fafbiti Torx langur 5 stk T15 U06640502"}]},{"@type":"WebSite","@id":"https:\/\/velarogverkfaeri.is\/en\/#website","url":"https:\/\/velarogverkfaeri.is\/en\/","name":"V\u00e9lar & Verkf\u00e6ri","description":"Umbo\u00f0s- og heildverslun fr\u00e1 \u00e1rinu 1919","publisher":{"@id":"https:\/\/velarogverkfaeri.is\/en\/#organization"},"potentialAction":[{"@type":"SearchAction","target":{"@type":"EntryPoint","urlTemplate":"https:\/\/velarogverkfaeri.is\/en\/?s={search_term_string}"},"query-input":{"@type":"PropertyValueSpecification","valueRequired":true,"valueName":"search_term_string"}}],"inLanguage":"en-US"},{"@type":"Organization","@id":"https:\/\/velarogverkfaeri.is\/en\/#organization","name":"V\u00e9lar & Verkf\u00e6ri","url":"https:\/\/velarogverkfaeri.is\/en\/","logo":{"@type":"ImageObject","inLanguage":"en-US","@id":"https:\/\/velarogverkfaeri.is\/en\/#\/schema\/logo\/image\/","url":"https:\/\/velarogverkfaeri.is\/wp-content\/uploads\/2021\/10\/vv_logo_350x100.png","contentUrl":"https:\/\/velarogverkfaeri.is\/wp-content\/uploads\/2021\/10\/vv_logo_350x100.png","width":350,"height":100,"caption":"V\u00e9lar & Verkf\u00e6ri"},"image":{"@id":"https:\/\/velarogverkfaeri.is\/en\/#\/schema\/logo\/image\/"},"sameAs":["https:\/\/www.facebook.com\/VelarOgVerkfaeri"]}]}},"_links":{"self":[{"href":"https:\/\/velarogverkfaeri.is\/en\/wp-json\/wp\/v2\/product\/80958","targetHints":{"allow":["GET"]}}],"collection":[{"href":"https:\/\/velarogverkfaeri.is\/en\/wp-json\/wp\/v2\/product"}],"about":[{"href":"https:\/\/velarogverkfaeri.is\/en\/wp-json\/wp\/v2\/types\/product"}],"replies":[{"embeddable":true,"href":"https:\/\/velarogverkfaeri.is\/en\/wp-json\/wp\/v2\/comments?post=80958"}],"wp:featuredmedia":[{"embeddable":true,"href":"https:\/\/velarogverkfaeri.is\/en\/wp-json\/wp\/v2\/media\/80957"}],"wp:attachment":[{"href":"https:\/\/velarogverkfaeri.is\/en\/wp-json\/wp\/v2\/media?parent=80958"}],"wp:term":[{"taxonomy":"product_brand","embeddable":true,"href":"https:\/\/velarogverkfaeri.is\/en\/wp-json\/wp\/v2\/product_brand?post=80958"},{"taxonomy":"product_cat","embeddable":true,"href":"https:\/\/velarogverkfaeri.is\/en\/wp-json\/wp\/v2\/product_cat?post=80958"},{"taxonomy":"product_tag","embeddable":true,"href":"https:\/\/velarogverkfaeri.is\/en\/wp-json\/wp\/v2\/product_tag?post=80958"}],"curies":[{"name":"wp","href":"https:\/\/api.w.org\/{rel}","templated":true}]}}