{"id":79597,"date":"2026-02-02T11:26:23","date_gmt":"2026-02-02T11:26:23","guid":{"rendered":"https:\/\/velarogverkfaeri.is\/?post_type=product&#038;p=79597"},"modified":"2026-05-16T10:16:50","modified_gmt":"2026-05-16T10:16:50","slug":"tesla-vatnsskynjari-smart-sensor-water","status":"publish","type":"product","link":"https:\/\/velarogverkfaeri.is\/en\/lykillausnir\/snjallheimili\/bryr-og-skynjarar\/product\/tesla-vatnsskynjari-smart-sensor-water\/","title":{"rendered":"TESLA Vatnsskynjari Smart Sensor Water"},"content":{"rendered":"","protected":false},"excerpt":{"rendered":"<p>TESLA Smart Sensor Water TSL-SEN-WATER er snjall vatnsskynjari sem greinir leka og vatnsfl&#230;&#240;i samstundis til a&#240; hj&#225;lpa vi&#240; a&#240; koma &#237; veg fyrir vatnstj&#243;n &#225; heimilinu. Skynjarinn tengist &#237; gegnum ZigBee Hub og sendir tafarlausar tilkynningar &#237; TESLA Smart appi&#240; &#254;egar vatn greinist. Nett og endingarg&#243;&#240; h&#246;nnun gerir hann fullkominn fyrir ba&#240;herbergi, &#254;vottah&#250;s, eldh&#250;s e&#240;a kjallara &#254;ar sem h&#230;tta er &#225; leka.<\/p>","protected":false},"featured_media":82666,"comment_status":"closed","ping_status":"closed","template":"","meta":[],"product_brand":[],"product_cat":[863,517,853],"product_tag":[1144],"class_list":{"0":"post-79597","1":"product","2":"type-product","3":"status-publish","4":"has-post-thumbnail","6":"product_cat-bryr-og-skynjarar","7":"product_cat-lykillausnir","8":"product_cat-snjallheimili","9":"product_tag-snjallvorudagar","11":"first","12":"instock","13":"sale","14":"taxable","15":"shipping-taxable","16":"purchasable","17":"product-type-simple"},"yoast_head":"<!-- This site is optimized with the Yoast SEO plugin v27.6 - https:\/\/yoast.com\/product\/yoast-seo-wordpress\/ -->\n<title>TESLA Vatnsskynjari Smart Sensor Water - V\u00e9lar &amp; Verkf\u00e6ri<\/title>\n<meta name=\"robots\" content=\"index, follow, max-snippet:-1, max-image-preview:large, max-video-preview:-1\" \/>\n<link rel=\"canonical\" href=\"https:\/\/velarogverkfaeri.is\/en\/uncategorized\/product\/tesla-vatnsskynjari-smart-sensor-water\/\" \/>\n<meta property=\"og:locale\" content=\"en_US\" \/>\n<meta property=\"og:type\" content=\"article\" \/>\n<meta property=\"og:title\" content=\"TESLA Vatnsskynjari Smart Sensor Water - V\u00e9lar &amp; Verkf\u00e6ri\" \/>\n<meta property=\"og:description\" content=\"TESLA Smart Sensor Water TSL-SEN-WATER er snjall vatnsskynjari sem greinir leka og vatnsfl&#230;&#240;i samstundis til a&#240; hj&#225;lpa vi&#240; a&#240; koma &#237; veg fyrir vatnstj&#243;n &#225; heimilinu. Skynjarinn tengist &#237; gegnum ZigBee Hub og sendir tafarlausar tilkynningar &#237; TESLA Smart appi&#240; &#254;egar vatn greinist. Nett og endingarg&#243;&#240; h&#246;nnun gerir hann fullkominn fyrir ba&#240;herbergi, &#254;vottah&#250;s, eldh&#250;s e&#240;a kjallara &#254;ar sem h&#230;tta er &#225; leka.\" \/>\n<meta property=\"og:url\" content=\"https:\/\/velarogverkfaeri.is\/en\/uncategorized\/product\/tesla-vatnsskynjari-smart-sensor-water\/\" \/>\n<meta property=\"og:site_name\" content=\"V\u00e9lar &amp; Verkf\u00e6ri\" \/>\n<meta property=\"article:publisher\" content=\"https:\/\/www.facebook.com\/VelarOgVerkfaeri\" \/>\n<meta property=\"article:modified_time\" content=\"2026-05-16T10:16:50+00:00\" \/>\n<meta name=\"twitter:card\" content=\"summary_large_image\" \/>\n<script type=\"application\/ld+json\" class=\"yoast-schema-graph\">{\"@context\":\"https:\\\/\\\/schema.org\",\"@graph\":[{\"@type\":\"WebPage\",\"@id\":\"https:\\\/\\\/velarogverkfaeri.is\\\/uncategorized\\\/product\\\/tesla-vatnsskynjari-smart-sensor-water\\\/\",\"url\":\"https:\\\/\\\/velarogverkfaeri.is\\\/uncategorized\\\/product\\\/tesla-vatnsskynjari-smart-sensor-water\\\/\",\"name\":\"TESLA Vatnsskynjari Smart Sensor Water - V\u00e9lar &amp; Verkf\u00e6ri\",\"isPartOf\":{\"@id\":\"https:\\\/\\\/velarogverkfaeri.is\\\/en\\\/#website\"},\"primaryImageOfPage\":{\"@id\":\"https:\\\/\\\/velarogverkfaeri.is\\\/uncategorized\\\/product\\\/tesla-vatnsskynjari-smart-sensor-water\\\/#primaryimage\"},\"image\":{\"@id\":\"https:\\\/\\\/velarogverkfaeri.is\\\/uncategorized\\\/product\\\/tesla-vatnsskynjari-smart-sensor-water\\\/#primaryimage\"},\"thumbnailUrl\":\"https:\\\/\\\/velarogverkfaeri.is\\\/wp-content\\\/uploads\\\/2026\\\/05\\\/e0c51808-60d4-41f2-8ab8-25474356421e.jpg\",\"datePublished\":\"2026-02-02T11:26:23+00:00\",\"dateModified\":\"2026-05-16T10:16:50+00:00\",\"breadcrumb\":{\"@id\":\"https:\\\/\\\/velarogverkfaeri.is\\\/uncategorized\\\/product\\\/tesla-vatnsskynjari-smart-sensor-water\\\/#breadcrumb\"},\"inLanguage\":\"en-US\",\"potentialAction\":[{\"@type\":\"ReadAction\",\"target\":[\"https:\\\/\\\/velarogverkfaeri.is\\\/uncategorized\\\/product\\\/tesla-vatnsskynjari-smart-sensor-water\\\/\"]}]},{\"@type\":\"ImageObject\",\"inLanguage\":\"en-US\",\"@id\":\"https:\\\/\\\/velarogverkfaeri.is\\\/uncategorized\\\/product\\\/tesla-vatnsskynjari-smart-sensor-water\\\/#primaryimage\",\"url\":\"https:\\\/\\\/velarogverkfaeri.is\\\/wp-content\\\/uploads\\\/2026\\\/05\\\/e0c51808-60d4-41f2-8ab8-25474356421e.jpg\",\"contentUrl\":\"https:\\\/\\\/velarogverkfaeri.is\\\/wp-content\\\/uploads\\\/2026\\\/05\\\/e0c51808-60d4-41f2-8ab8-25474356421e.jpg\",\"width\":1024,\"height\":1024},{\"@type\":\"BreadcrumbList\",\"@id\":\"https:\\\/\\\/velarogverkfaeri.is\\\/uncategorized\\\/product\\\/tesla-vatnsskynjari-smart-sensor-water\\\/#breadcrumb\",\"itemListElement\":[{\"@type\":\"ListItem\",\"position\":1,\"name\":\"Home\",\"item\":\"https:\\\/\\\/velarogverkfaeri.is\\\/\"},{\"@type\":\"ListItem\",\"position\":2,\"name\":\"Vefverslun\",\"item\":\"https:\\\/\\\/velarogverkfaeri.is\\\/vefverslun\\\/\"},{\"@type\":\"ListItem\",\"position\":3,\"name\":\"TESLA Vatnsskynjari Smart Sensor Water\"}]},{\"@type\":\"WebSite\",\"@id\":\"https:\\\/\\\/velarogverkfaeri.is\\\/en\\\/#website\",\"url\":\"https:\\\/\\\/velarogverkfaeri.is\\\/en\\\/\",\"name\":\"V\u00e9lar & Verkf\u00e6ri\",\"description\":\"Umbo\u00f0s- og heildverslun fr\u00e1 \u00e1rinu 1919\",\"publisher\":{\"@id\":\"https:\\\/\\\/velarogverkfaeri.is\\\/en\\\/#organization\"},\"potentialAction\":[{\"@type\":\"SearchAction\",\"target\":{\"@type\":\"EntryPoint\",\"urlTemplate\":\"https:\\\/\\\/velarogverkfaeri.is\\\/en\\\/?s={search_term_string}\"},\"query-input\":{\"@type\":\"PropertyValueSpecification\",\"valueRequired\":true,\"valueName\":\"search_term_string\"}}],\"inLanguage\":\"en-US\"},{\"@type\":\"Organization\",\"@id\":\"https:\\\/\\\/velarogverkfaeri.is\\\/en\\\/#organization\",\"name\":\"V\u00e9lar & Verkf\u00e6ri\",\"url\":\"https:\\\/\\\/velarogverkfaeri.is\\\/en\\\/\",\"logo\":{\"@type\":\"ImageObject\",\"inLanguage\":\"en-US\",\"@id\":\"https:\\\/\\\/velarogverkfaeri.is\\\/en\\\/#\\\/schema\\\/logo\\\/image\\\/\",\"url\":\"https:\\\/\\\/velarogverkfaeri.is\\\/wp-content\\\/uploads\\\/2021\\\/10\\\/vv_logo_350x100.png\",\"contentUrl\":\"https:\\\/\\\/velarogverkfaeri.is\\\/wp-content\\\/uploads\\\/2021\\\/10\\\/vv_logo_350x100.png\",\"width\":350,\"height\":100,\"caption\":\"V\u00e9lar & Verkf\u00e6ri\"},\"image\":{\"@id\":\"https:\\\/\\\/velarogverkfaeri.is\\\/en\\\/#\\\/schema\\\/logo\\\/image\\\/\"},\"sameAs\":[\"https:\\\/\\\/www.facebook.com\\\/VelarOgVerkfaeri\"]}]}<\/script>\n<!-- \/ Yoast SEO plugin. -->","yoast_head_json":{"title":"TESLA Vatnsskynjari Smart Sensor Water - V\u00e9lar &amp; Verkf\u00e6ri","robots":{"index":"index","follow":"follow","max-snippet":"max-snippet:-1","max-image-preview":"max-image-preview:large","max-video-preview":"max-video-preview:-1"},"canonical":"https:\/\/velarogverkfaeri.is\/en\/uncategorized\/product\/tesla-vatnsskynjari-smart-sensor-water\/","og_locale":"en_US","og_type":"article","og_title":"TESLA Vatnsskynjari Smart Sensor Water - V\u00e9lar &amp; Verkf\u00e6ri","og_description":"TESLA Smart Sensor Water TSL-SEN-WATER er snjall vatnsskynjari sem greinir leka og vatnsfl&#230;&#240;i samstundis til a&#240; hj&#225;lpa vi&#240; a&#240; koma &#237; veg fyrir vatnstj&#243;n &#225; heimilinu. Skynjarinn tengist &#237; gegnum ZigBee Hub og sendir tafarlausar tilkynningar &#237; TESLA Smart appi&#240; &#254;egar vatn greinist. Nett og endingarg&#243;&#240; h&#246;nnun gerir hann fullkominn fyrir ba&#240;herbergi, &#254;vottah&#250;s, eldh&#250;s e&#240;a kjallara &#254;ar sem h&#230;tta er &#225; leka.","og_url":"https:\/\/velarogverkfaeri.is\/en\/uncategorized\/product\/tesla-vatnsskynjari-smart-sensor-water\/","og_site_name":"V\u00e9lar &amp; Verkf\u00e6ri","article_publisher":"https:\/\/www.facebook.com\/VelarOgVerkfaeri","article_modified_time":"2026-05-16T10:16:50+00:00","twitter_card":"summary_large_image","schema":{"@context":"https:\/\/schema.org","@graph":[{"@type":"WebPage","@id":"https:\/\/velarogverkfaeri.is\/uncategorized\/product\/tesla-vatnsskynjari-smart-sensor-water\/","url":"https:\/\/velarogverkfaeri.is\/uncategorized\/product\/tesla-vatnsskynjari-smart-sensor-water\/","name":"TESLA Vatnsskynjari Smart Sensor Water - V\u00e9lar &amp; Verkf\u00e6ri","isPartOf":{"@id":"https:\/\/velarogverkfaeri.is\/en\/#website"},"primaryImageOfPage":{"@id":"https:\/\/velarogverkfaeri.is\/uncategorized\/product\/tesla-vatnsskynjari-smart-sensor-water\/#primaryimage"},"image":{"@id":"https:\/\/velarogverkfaeri.is\/uncategorized\/product\/tesla-vatnsskynjari-smart-sensor-water\/#primaryimage"},"thumbnailUrl":"https:\/\/velarogverkfaeri.is\/wp-content\/uploads\/2026\/05\/e0c51808-60d4-41f2-8ab8-25474356421e.jpg","datePublished":"2026-02-02T11:26:23+00:00","dateModified":"2026-05-16T10:16:50+00:00","breadcrumb":{"@id":"https:\/\/velarogverkfaeri.is\/uncategorized\/product\/tesla-vatnsskynjari-smart-sensor-water\/#breadcrumb"},"inLanguage":"en-US","potentialAction":[{"@type":"ReadAction","target":["https:\/\/velarogverkfaeri.is\/uncategorized\/product\/tesla-vatnsskynjari-smart-sensor-water\/"]}]},{"@type":"ImageObject","inLanguage":"en-US","@id":"https:\/\/velarogverkfaeri.is\/uncategorized\/product\/tesla-vatnsskynjari-smart-sensor-water\/#primaryimage","url":"https:\/\/velarogverkfaeri.is\/wp-content\/uploads\/2026\/05\/e0c51808-60d4-41f2-8ab8-25474356421e.jpg","contentUrl":"https:\/\/velarogverkfaeri.is\/wp-content\/uploads\/2026\/05\/e0c51808-60d4-41f2-8ab8-25474356421e.jpg","width":1024,"height":1024},{"@type":"BreadcrumbList","@id":"https:\/\/velarogverkfaeri.is\/uncategorized\/product\/tesla-vatnsskynjari-smart-sensor-water\/#breadcrumb","itemListElement":[{"@type":"ListItem","position":1,"name":"Home","item":"https:\/\/velarogverkfaeri.is\/"},{"@type":"ListItem","position":2,"name":"Vefverslun","item":"https:\/\/velarogverkfaeri.is\/vefverslun\/"},{"@type":"ListItem","position":3,"name":"TESLA Vatnsskynjari Smart Sensor Water"}]},{"@type":"WebSite","@id":"https:\/\/velarogverkfaeri.is\/en\/#website","url":"https:\/\/velarogverkfaeri.is\/en\/","name":"V\u00e9lar & Verkf\u00e6ri","description":"Umbo\u00f0s- og heildverslun fr\u00e1 \u00e1rinu 1919","publisher":{"@id":"https:\/\/velarogverkfaeri.is\/en\/#organization"},"potentialAction":[{"@type":"SearchAction","target":{"@type":"EntryPoint","urlTemplate":"https:\/\/velarogverkfaeri.is\/en\/?s={search_term_string}"},"query-input":{"@type":"PropertyValueSpecification","valueRequired":true,"valueName":"search_term_string"}}],"inLanguage":"en-US"},{"@type":"Organization","@id":"https:\/\/velarogverkfaeri.is\/en\/#organization","name":"V\u00e9lar & Verkf\u00e6ri","url":"https:\/\/velarogverkfaeri.is\/en\/","logo":{"@type":"ImageObject","inLanguage":"en-US","@id":"https:\/\/velarogverkfaeri.is\/en\/#\/schema\/logo\/image\/","url":"https:\/\/velarogverkfaeri.is\/wp-content\/uploads\/2021\/10\/vv_logo_350x100.png","contentUrl":"https:\/\/velarogverkfaeri.is\/wp-content\/uploads\/2021\/10\/vv_logo_350x100.png","width":350,"height":100,"caption":"V\u00e9lar & Verkf\u00e6ri"},"image":{"@id":"https:\/\/velarogverkfaeri.is\/en\/#\/schema\/logo\/image\/"},"sameAs":["https:\/\/www.facebook.com\/VelarOgVerkfaeri"]}]}},"_links":{"self":[{"href":"https:\/\/velarogverkfaeri.is\/en\/wp-json\/wp\/v2\/product\/79597","targetHints":{"allow":["GET"]}}],"collection":[{"href":"https:\/\/velarogverkfaeri.is\/en\/wp-json\/wp\/v2\/product"}],"about":[{"href":"https:\/\/velarogverkfaeri.is\/en\/wp-json\/wp\/v2\/types\/product"}],"replies":[{"embeddable":true,"href":"https:\/\/velarogverkfaeri.is\/en\/wp-json\/wp\/v2\/comments?post=79597"}],"wp:featuredmedia":[{"embeddable":true,"href":"https:\/\/velarogverkfaeri.is\/en\/wp-json\/wp\/v2\/media\/82666"}],"wp:attachment":[{"href":"https:\/\/velarogverkfaeri.is\/en\/wp-json\/wp\/v2\/media?parent=79597"}],"wp:term":[{"taxonomy":"product_brand","embeddable":true,"href":"https:\/\/velarogverkfaeri.is\/en\/wp-json\/wp\/v2\/product_brand?post=79597"},{"taxonomy":"product_cat","embeddable":true,"href":"https:\/\/velarogverkfaeri.is\/en\/wp-json\/wp\/v2\/product_cat?post=79597"},{"taxonomy":"product_tag","embeddable":true,"href":"https:\/\/velarogverkfaeri.is\/en\/wp-json\/wp\/v2\/product_tag?post=79597"}],"curies":[{"name":"wp","href":"https:\/\/api.w.org\/{rel}","templated":true}]}}