{"id":79383,"date":"2026-01-25T18:11:21","date_gmt":"2026-01-25T18:11:21","guid":{"rendered":"https:\/\/velarogverkfaeri.is\/?post_type=product&#038;p=79383"},"modified":"2026-03-18T11:16:35","modified_gmt":"2026-03-18T11:16:35","slug":"nakaya-dozuki-expart-kai-ex-180k","status":"publish","type":"product","link":"https:\/\/velarogverkfaeri.is\/en\/verkfaeralausnir\/handverkfaeri\/sagir\/product\/nakaya-dozuki-expart-kai-ex-180k\/","title":{"rendered":"NAKAYA Dozuki Expart Kai EX-180K"},"content":{"rendered":"<p><img decoding=\"async\" src=\"data:image\/png;base64,iVBORw0KGgoAAAANSUhEUgAAAb0AAABDCAYAAAAIwduZAAAAAXNSR0IArs4c6QAAAARnQU1BAACxjwv8YQUAAAAJcEhZcwAADsMAAA7DAcdvqGQAAB9CSURBVHhe7ZwLdFNVvv+\/Tr3pX27jn\/+UqxKGuY2PVkeLepsrlzKdP7G9FOs0tkqnhYIDWqQ8lRF5Vbu4hWqhCFIsBAQK0wkPW2wNKgRhwpIhFScsC\/HCNDxS7SUIt5EujreunmlX7j45J8lJSB\/hWc3vs9ZePftx9tm\/3\/7t\/dt7n5Pe1tnZ6QZBEARBRAA\/k\/4SBEEQxE8ecnoEQRBExEBOjyAIgogYyOkRBEEQEQM5PYIgCCJiIKdHEARBRAzk9AiCIIiIgZweQRAEETGQ0yMIgiAiBnJ6BEEQRMRATq9XXLBsKkVVg0uKEwRBED9Wwnd6zhrMyZ6DGqcUBw\/HF1Y42qXoT44OOMxG\/Pl0hxS\/MVjfyUZ2dnCogJXl8Q0rkDduBSxyHZ8yoCB3AUwXpXgoeBesuypQWm+XEvxwx2pQOisP2eNmoHSXDZyU7qHLBfOGBSjIzsOMd8xw8lK6wBcVvnb5aDZgBmtLTYu8IEEQRP8jfKfXxaPV2Qq+S4qjGaa3VsNCG6Frgm9zwvlQITZu3CgLkzGM5SlGjEdmVA3W7fKuNDiYNlbANeoFpN8lJQXTUIrhKRmYsdwAY2OrlChxbAVyF1oQN2klNr49GbG7p2P6dm\/dPCzLJ6L8RCIKK9\/C2B\/WI\/clA3xrnI5WOIX+l6LgLCiebkDszCLkDFVIiQRBEP2TazveZA6QcznQ7Pw7uO9ccLk4vzNkeY6jZpgPmGFtlu8AhHvEcnyz1ZNvOSXtM3gnrCxubrCD8znVINo5uDhWXxcHe4NQvwX2NilPgGf5bYE7Dr7NBc67S\/Lm+9rnv59vCWpPELzLDkt37euDvNwpC8u3Bu6c5CiUiI2NlQUlRDeiQv5rOXCtq4BJaNpJA\/RH0\/Ha7+M9uSEZUYQjR45g1VNSXIb9yGFEZ05DfpIKsSoNCuc8g\/Mfsx2dkHnxQ2yuH4aX38yHRqWGdt5cPPNfVdh2zHNrIF0OGGbNh2NcJUpSlFIiQRBE\/+XanN6FD1FcUI7DcKD29QIUFBTjwwssvd0O\/YupmLGJOZAvzKialYqJvp2EFeUZU7B0+QxkLa6FZd96zJ+Qi+JdNSieOB+1rHztmxORtsgUeOQm4dw1HRlvLEVp7vNY\/YmF7XjmY+L4Uv\/R35FyZMys8e9M2FXNzAxM9+6ShPxp7P5ZWSh+33t\/MWp2FeP5N1h7DtZi6e\/TsGBf4NPPv1\/A6t0Ms7d9Lxrg8Dq+XuWdDv02Vv9CA7vfie+ZJ+OO6lH8lknWzl54dCpeTjFD\/ycrjFsMUM18GckDpLwwib1LBWfT3\/yO+\/JldPxShUHskm88CtsDiUj01h2lQdIIDseOB7eUg2XJDBjilmHtRLWURhAE0b+5NqenysGquhJoEY\/Ja+tQV7cKOSrAtu4V1A4twc61JShaWILKTbMRvUYPi2935IDjrrmo31KGomU7sOwpF0zbv4ZuYzXKhPLLJ0N1kDmQ7t4TfgUkb6xD5ZIilP2JPZM3Yu9RKa8vnHVANbce1cuE+5chvc2EbWd0eE9oz5JKvDNR5dkByjdkyuQS1G1n+UL7tjGZ7RVYf1As0bu8dhi+Gok\/1rId0UId0xa7Z18VTLvNaJLLeKA44J1exRdSugcl0mfORkz1DJSeycfLmbFSevjEZpagZIAeGROYs28woni5A4UvaT27ytYL54D71Wxv6WfQQCXsZ5qlmEhT9XTM2cN29z+E3hUTBEH0R67N6YXEjsN\/4aAdNQy8SzjyZCFKjWFDmaOTbRbU8Wrp6A6Iu4+5gUeSofGekMUoEYNzaO3uPeE9CUgYKF1HqTD4Hum6z6iRcK\/09Kg4dg0kjtAwtyISExMDnGuF\/E1YzC9UvnwotdCmsInfLjiCvsmb\/tt0\/\/2M5HmHsN\/EnKd8t\/aQDrOZY\/OGMXFSupfvOXwvXfoRjk+l57IgnPz2Cncc1jNq5IxV4ejb5TANeBCqHnaNMbHCHlCOCfp1wOxNZUg\/Wo7yQ315KEEQxK3nBjg94UMH4G\/79NBv8AYTuMeehPoqj+P6Hwoo7wCcbYJbvEp5o1gdSq\/bl1BpoE1lDlUK8QEfqbhgXGNAwuIdmPvzKizZ5vWox1FVIBwti6GqUUruFlbPonJEz6vE7OcKUVZ7ADue+hsWTFoBG9uZRivvBC62slJ+zjc7oI4bLMUE4pG\/YS3yH9Hi5ZkJMK3eDLtvV0sQBNF\/uQFOj+2cHuAxJPU1FC0skoXJSL76E7nw6OJxY39g4ITjNJv644St2M2Rl9tXjtKL+Xghle3QZsg+aoEGs+uEo2UxzH7CU7wHmmA9qkHSY1KUOXD1pGlIdx2D8NouVq2G0m4PeCcqyBqnGiLFBdTQPCLuW2MzX8ZkyJ0wQRBE\/+W6OL3oqPM47\/u9mApjxmpgfmcpzL6vKnnPl503hTvvhPLsYVikOdjFdmCGs+L1tXDe3uT78IM7oEfVWQ1yUoU3X1cnb1gfsnTZsP4dK9JffgHxUSwufdSyeoNNzA+LQVANNaG23r+X4w7uhSVKDbUgzqM6jB24FzUHxfbzX9Wi9tt06H4dtCv1EhWPwjfkTpggCKL\/ch2cXjJ0v1OgZlYaMjKzUXGMrf6zylA52oHSjBSkZWcjLSUVBWyCvilz4qPjMfXRJlRks2enpWHGCR0KR0t514BmoA1T0pmM6azexXbo1pRBJx0\/Xo28IT9k2TMHw4cPl4WJMLQAjurlqPn5ZBSmeB2P+FFL7PvLURX4fYmEE4YJYh1z9rCoVO\/EasHFMie1tgSx23ORxvorO5vJ9IYgz2tIFhyqkL9iMpxvpLH8NKS+ZMHIZSyvp6NayQmXLzffnD4mCIK4Sm7r7Ox0S9fXBM+52ISnRKz8PZXwmziOh0IZi+DXVzca4bd5HQr23Ov5HlH4XWJbB6IHKqHwOIggwpFXqIs5vCve691EPL9f7FJA6fs9oAyPrMyF3YK+IwiCuFFcN6dHEARBEP2dG\/AhC0EQBEH0T8jpEQRBEBEDOT2CIAgiYiCnRxAEQUQM5PQIgiCIiIGcHkEQBBExkNMjCIIgIgZyegRBEETEQE6PIAiCiBjI6REEQRARAzk9giAIImIgp0cQBEFEDOT0CIIgiIiBnB5BEAQRMZDTIwiCICIGcnoEQRBExEBOjyAIgogYyOkRBEEQEQM5PR8uWDaVoqrBJcVD0GaH5VgP+T7sML5VCuMpKdpv6K1dfdBBL9jrS1Fab5di4eE6uAIF2dnIHlcBKy8l3ihOGVH6lpFpRMTVUIXSTRamgVsND+dRCxycFO2Wvpbr5wT1w5WEKSfvhLXBgR+7Wq4n4dg2f8yAqi9+2tq7Oqd30Qz9\/AI2Oc1AxQEnM8vu4VukstkFWLDB2H8G6UU7zCflZtABh9mIP5\/ukOJXYtvyCuZM08MixbunFdZ6I6zfStF+Q2\/t6l0HvdHaaISxsVWKhUG7CeXz\/wzVzEpsXD0ZwxRS+o3iWyuM9VamEZGO03+G0exgGrjFtO1F+fQ5KP7IKSV0Q1\/L9XeC+uEKwpSTM5VjxivFMN4EtXBnjb55sHiDGa4uKUOC+6oGpbPykP1iMWqOdT\/x8c1WWJuv1yrPBfsBe4CD67tt8zi8sxYdSqUY62Xu7qt8\/Y3wnV67BaWTytH0SCEqS8eC25CLF7eHtjD+lB7PTzUCo+ehsnIekpr1yJus72FVd\/PgGzdjwc4mKdY3EmfVY7\/pNSRLceI64mrFOWgwJlWF2LuUuNE+r98yUIdl+\/dj0+9UUkI39LXcj50w5VRmLmNjdBPyb7BanHvmIHemGcgqwsbSfAyyLEDGIpN\/h9liwPRpu1j+W6icngDLwlyUNoR2bM17SrH60FUsFEPRbsXmRX9CeDObRJcVZns6nnyoD3N3GPL1N8J2eq49m2FMfBnLJmqguleLonnP4PymbbBJ+XIUDxRix+5VKEyNh0oVj5xXC6FpOYy\/tkgF5LRzcHFMaTxbqTSYYT5ghVPSIXfKwuJmWFtkSuVZ+TYW7+LhOCqUt8DeJmW1sM5j5S2nQq8+eM6FpjPNYh0ul\/hcOcIxJrvf3GAHJ1+9dXSAD1rN+dvLnu8KqkeG8ExPe0Pglc981BFYv69uJgvblXrv9tQlbzPTAefiAnbcfJsLwWLJEVaX4jN73qkL+MqyPnG0S4k+hOMnsY0B\/SODd\/n1GVJFQvu\/4\/B3VhfH+oPzPYOH66RXN0Ht9PU\/J+oopByy+7t7dh\/w6lIuR4Bd+GzXCSvL99ud\/\/ny\/vPR7vCUD9Qrjw6eBVn9XnsOlOHKcv6xEML2vfpi9\/XWX0IZjz2xur1976tPkvEKHQj45GF1h9q5hJTXS3ftCpKzNzl4YYyyIEV9feO1E9k84UM+hp1sbAlzQjdj1YtqdAl27mRz2wg1Yu9NxuwlsxF\/0AiztMWybq\/C9+NLUJSqhiopH6+\/qIKxeu8VR4yCbTlanPj79+JzQ9l+n21H0M0pB5pZaWEcuYLmhB51INBogW3ESMSzy97m7p7lC99+rhhj3vHsa7PfH1wrUcXFxYul6z7A49DWMpx7ZDZyHhW3wLi7A6fX7UXXmGcx7P+KSQHI3epZEzZ+fBvSCtOg\/gcpTcK5owA6gw0X\/1iN\/WwCPFFfgVUHunD3xSq8Wc8U8F\/7ULl8B\/hf50HzT+wGSym0iz\/DRfNK1Jy+jf3VY+W2Zgz8P2a8qbeBv9QIw8oy2IbmIe2+aPEhEl+uy0fRhy344SzrkP0mGL9LQN6\/KWH7YCcavz6BnbVWcO4W7Fu7EoaLDyMnZSii2H2eNq7h8fSzw+CRvtmAgqy5MP4365vL7L4lVeCeHIvHB7bAvNHEVklToP1nsdykse8CGTkYNlC40Y9z+0Rkr7Bj0IN3oW3fGhTtVuDpjAQMOFmFvAnF+Mvl2\/GD6wR2ryzFR3c8jWcTlWjb8xoyyjlfO\/j9RdAWbAS8umFLkFW\/XYBmrdAWIe5FbJe18RPUfdWGru\/t+GRNGbZ+8zB0o4Yimq1TBR2cvj8Pz3r6l4Np0dOYsb0FXe42NH\/+Ryzb0IyHs3+DoUL\/dTlgKMzGHz5yIepnbbDVlMNw9Afw947BFFafgOvAAuQW1qFtAI+LjTuxtKIJD3rv9\/LtB1jwh2rY\/ocNZPN+nBjwG4xJ4GF6PRcFhhZP3fa6MizdFw1txjD8P8GmhP5fcgIDvlqFii\/a0XXXg9AmxIr1ebCjKnc8io9wuL3jIk4YV6J0TzSezpL67hszNu4DxkzRQmgpd7wOO8\/cjzxv3\/pwYkeBDqs\/PYL19Wz93NmCI9vKUfbpAKRlim3x2IXxewyoKYHB2YU7f\/kkHh\/aBvOiXEz9sA3RnRdhe38pVp960GdL3KFSZE+uwHGe9W\/LIejLj0Cdx9oSdQSl2udheVi0Hb6hFFmF9eDj4xB9fCf+Y90ZDHtmOO4OKgfOBj3ri5JDXex5LbBsLEXl1w9Cx57nsX7veNlXhuqzt4Nr3IGKdz\/FgNGhxq1Q9+v4zGXGyl1ncNuFA9CvNKD55wqYl1bC1tWGRkEHx3+JvH+\/31M\/t28Bnp65DS1dXWhrPoI\/rtCj+Vc5+M1QQdoe5D0n9IMDzr+ux+6Q7QqSszc5hPzfWzBM6lffvLJ5Pfa3daFlvzBPnPfbMGdB8dgC1P4sEZoBX2HF3CLU\/ScHZ1s0Hv6XoRjAioTkZ9GIlk8rnc04YDiD+\/OfRsIAO4wrdmDAMwvENjMGDHDhQMUJ3C+1S8SJDxYUouJzDhfsh2E2fYIvBdv\/Fd+j7fAn9ZiUuwoncRvTNdPl0h3AvzP5T69H\/uI6tEjjyGRsQ0LecCgF2z5+Gid27YQ1lA4kbNvLwafNRvI9UkK3c3dv8oVrP+IYM\/znRVRv3Y9L3AnUVq7Cp\/zduLjlTRjP8azNlSir4fH\/n9MgNuytWhCdnZ3uvodv3FvzktyLzPK0L91lo4LT5KHdfcrysXvrkqnuzNSx7pVHLoUo0+n+pmqcO2nUIvenrVKaY6t7XNIo99Sdp6Qy7e6PX01yZ645IcbNi9xJSePc79nbxXjHZ+5FT7D8Nz93X\/KU73SfWJPpTnr1Y3e7FJcHz\/Ne\/0yWJso2auGn7ksdUtqRMveopEXuz+T35G11fyPEO5jco5Pc4zZ62yekSX87WVuSJJ1cYtejR7PrUHKLz5xrkmQQgq+OS+5LXl2w0P7JXHdS5rvuE0Lco5up7g8uiHmfvZ7pnjtvnHtc1Tdiedu77sxRZe4vpXv9QWzXpG0X\/GlC2aRM97snhbjYHl89LLS3XpLp74T73UzW3k\/E9l6onSr22SVvfrv703lJfr06P3BPfYL10Wlvfqf78zdHBdTvCx6Z\/Lr21D2ayeDVR8cp93usbZlr5f0vtCW0PQnhEmu7L375Y\/dcQU6bFPfc303fBgRRJ5lL\/HbVeYnVxWzN22+ee+V1s+Bpf9577lO+9n\/Oxsk491YHu\/boZZR70X5Z+0LZDot\/9nqSe+z6XmyMxb9cNtqd9NIH7gvecpc+dS9i49JnW8HjpfOCe\/sLgX3tD2Ld49hzvX0vtCMpq8z9ubevPXYz1\/3xZSl+mdlru3TNQsDY60neXtsVKGev5UP1q3xe8fSDv75vqlm+bI7wjDO5HvsYLuyc5E56Ybt0n9Bmqa+9ZS4wHQSnSUHQrbwferQdz7wTqEvPs71jLmgcCaE3HYiB1Sv0r8++hNDd3N2bfOHaz5Vzr9jmqe7t3rkjePxeQ7hWn8mIQaxnd9EdHM7brGgWtuBdl+E40dz9l1X3JCDBuzMZqoYag5H8hFpKUEB5B1sbXZCffauRcK\/09icqjl0DiSM0vpV6TEwMcK61+5fkIRgcnwCluDgF7hrMWtANbGV22KXFhN9528fw3udF2AnNmgP7c5UoSQncP4ioMOzxWJjfmQ99g3S06atDCSXTBX+Rbff3GKDfzXYZTqcoy9B\/xUiVFdYTQsQGyxeJ0I0fie8brJ7jBWfjYTh\/nYxEITsEqsGyHdFDTyJd5USzI\/TZgWKgEgqe8xyb1WzYjMOs8855+oCHlT1P9dwEaH2iKRAtexnHN1pgZfWPVEpHRiyo4zWwC0fLPSLVnalDolcfUWrkP6+F03wYDikJSIdudCi9iihZ29EuHF2ZYNhgRBNbUTqv8tVJzC9U\/h2gUgttCtBkl8nxwFjoHpKupfYnpo3EnW2S7G1qxCfZ0SScqgt6uXssJoyStT3YdiQSHtPAsWUhVuyWjjZDlrPj8F9c0GaNga9nWRsnPKeC+eBhKUFANl5YySG9vPdSx6t971bj7osHHkmGxtvkGCUb+efQ6j2vG8DsVcGDE05Pdumxme2wvWOvd3nDa1fY5eXzSpQKg707GYFOFhQKn5yKO9jVZS68D5o4E8rfdiJnRo5f\/8EwW+w2L4Cebccz7\/zA7C+R940pxA2D+jTbLYsVhKYnHQicZPUK\/RvQL2HM3SHkC8t+GPK5VxXH5tV7kjEyTowL9qW4hvErJ0ynFw3lnRAV7eM8HGeZg\/Lv2YOIRfKLRShaUom6uteg3FqA0gPX6XD2VtLKOoB1g7Lb8w\/AunwGDD+o0brHBHvw+w+JxFfrUbdIA+f6KUgZlYcVByXdclZUjEtD1uIaNsknIDMjQUz3EI+Rv1YyZ2cTjTVxJDQPDUOiMLm087A12qFN1khleyMGyn9k85MrtDU56ucgI2MK1h9txZCUsRjpW+CwCe2ctLDohtYLrMB3VuYs9dB7w0kldI8Nkkp0R+i6PRPS105mcX2Bg\/WdPKTlFqPmNHMeOh3T4vVCWoC1dTcCxfa7vqjxy82CbaAOGjbZePTyj8Kg753YrErs3zwein3zkTUqA3OqbSEmnlZhPSTqR4ZHfy2Cnd4Emo2Yk5mBKeutaFU9ibHD\/X0cjrw3G9WoMYg\/uBn6o064nFboN5kR\/7SWLUf7CO9A1aylODetEnMfldLY8uhO5Xmc\/06KCrAOcjBnreq14p5tR5x3\/gaTLE+\/j0OiVi0eY18l9kMHkZASPGd0N3dfi3y3njCdXizU9ynRdEY2jFocTNg4qO6S4j2hHAntE2yCvR7u+lYTl8BcjxPnLkrxELjuykfltvfw2n1VWFLt358EooBqRD5KtuzH\/rc1ODy\/GEbm92wbFsD4eBk+WVuE\/Kc0UMcETmiJaWNYoeOwNdkQ81giFFEajEwxw3qsCbajGiQnBZbvlq5mNJ0FHowLYa0uI1a8xWHyth0oeykHyQ+x3Y5vJaiCii3Gzl+UL4AC8azW2H4zZyEbOPKQJbwq7wkV1Pezus8HTtfOZqbD+DhmbX3g2Hos+EiDsvpKFE1Mh+be6\/lFKBvgzJHGx3XXErH9SMwJlJsF3QOSXr49D2c3C6FglA\/oMHtNHQ7snAx+3RysPyZl+IhDAqvXGdQXzWfszNuziUiK3zhcMC4vBTdpJ3YsK0TOiHioYvwvi8KV96YykC3YfzEIrkNV0G81ARN3YtO4PmpMOMl5KQ81ccuwdqJg615UiI\/n4HDI+qO5CXbmEYaE3KnL6dl2PPNO+xBoXw7MK3oxuY87yVA48dfP4qAd0cMICZi7r0W+W0\/Yx5uJurFQ7qmB2bPcZLuKD2tx\/ikdtJ4dD1tdbyhG6T5xsnJUz0Hxbv9XdfxZAzYfVOLRX\/WD5cDtLDjPXfE1VZ8ZqsWYh2yoWmv2fYXEHbPCLvsqLf3FfKijlEifORtgeqm64lTPBesBtnKX7lf+YrDPcDmOY7tIae3WxcHSEPR97CPJSLabsfoTJ0Y+JuhTAc0IDaz1Bhy7JxmaHkaAw+6Q+oSHY8s6mAbmQMcM2oOgFy\/tHC6zVV0029UI8GfNsMh+4zdylBbcruUwSHLxLUYYvxCvPSTnIKeDOfwt3ucxhK+0+jD5JWfnQFG\/GlVnpTvbzNBvt0OTNaZvk\/jly+CUCt\/ql2uwBH5hfHvQulgudwjO222+Lye5A3rWLg1yUrtvidD+juol\/vYzhC\/aPCSNgU5Rg9VsIeTtB2eDNeSOzH7Q7PtqTXH3EKhCniyoMGasBrZNq2H2fsF8tgrr9sUiJ+Nm\/MCmA9xlZr8KadJkux9zg2w\/Hoa8N53GvTCpdXjtFdF5FLI+9U\/90ny2J8SCVXB4056HQVWC6jeS\/UffHmIx5jktrLVGOARbZ+PX+JEJ8c\/qPF9GXgEzRfkCr0fbGToGOUls3C\/3zzvC16febPHYuOfF+BW0mLF3iFaaw0V6nrvDlK+fEf47vQcKsfJFJ4rT05CRnoqCQyNR9mqyZCg2mLaYYDzY5FGWOl2HO7flIiUlDdmZaUiZUINB01ZhapKn8C1Flcp2LidXICs9G2lzjVfh\/FTIX1OJMU3FSBvF5EtPQdrrzOGc8xuqj6FsJ\/cSoF9sEI3ES9dlOPcVI0O4PzsDabkGKBfOhY45rORJsxG7swBpmax9GVNguU8b+I7Os7OzwXZ2JEZK75Jik5IRwybJ848P68ExxEPNVSArjfVfWgry6gehaO1c6d2ZCsMei4V9QylqhDE4VIdpWU0ozRD7L3ctmGP1D29FahFWZbpQkctkZ\/kZ8+xISJGteKMSMZftVId89DxS0jJEGxg7H8avpfyeeHQuKucNQs0Ese6U9GI4szaiLKuP69nkyZj9TzUoSGfPZbY65dA\/Q+s7fmLEJyI5yoTit62eqCrxXxF7So\/SXaGnYqVrL2YwPWQI\/bzYDt2aMuh6Ot3wtH8IjL8X2p\/t0XX2PDZJCHkDkpnOizBoV55HL0JebsVBNF\/xGTlbdDRuxvOp7LnZzA5S58P22zJMlcshEZtVhsrRdjYuJX2xsaZeXC07cruRqKCbqkPTW8yGBTseXwE8IXMEfZb3FvAYm+wbFiBl+HAMF4IwV41bAMNXghdphnU3m8+WbLviH1I43y9GxTEergNs\/CZL9wphsVjSMzYerkEeG9sZzP70HUUoGR96VCZn5LMF3gzWb8xW32FLs55shzkc3TI27zSXivNONuvr1ALoGyWvp2JOcUQTVjwnzElzPKdGveE6asGdbMEs3+f1NneHI19\/4zbhaxbpOjyE37\/8wCaD2KBjI5bO3S681JbiDOF3ZRyv8HxYoOhP21\/h92FtHYi+xnZ55OtSInZggCb6jvD7Go6HQhkboDcxnen4RujNW3dw\/7HlCucK1InnNzRsxxob0DgZgi3w0T3K76mDTYNh68jTR56GBuqmT4i\/F8Id7N5QOySh3V2s3VLFQj92RAWXdcIwIRt70+tQPX5Q+PbibX83behVtwK91BHAjbSZ3uhuTpDRJ3lvIsJPhuZ3lGDT71jf\/iAuWF31r2DioTGo25IPVZcZxblNmFBbeFW7mD7PDaHGY2+2451XQ+hb0HOHog\/2IhxNT5+PjsUbkRNiEdfb3H3Nc98t4OqdHkFEBDKnN\/HHsZIl+orYt00FR1AySkpiOLcXIPuIDp8s1+Dw4j\/A+tR73Xx9\/ROg3YQFL7Vi9p+Yg5eSfuqQ0yOIHiGn91PGta8YE5fboB6h8bwv7XBaYWnVomTdbCQr7LCeGgyN9x9x\/BRpYzJ+x2S89ycsYxDk9AiCiGzaOThOWtHcpkRc0jCof0RHdUT4kNMjCIIgIobr8B9ZCIIgCOLHATk9giAIImIgp0cQBEFEDOT0CIIgiIiBnB5BEAQRMZDTIwiCICIGcnoEQRBExEBOjyAIgogYyOkRBEEQEQLwv4RNGxrPlkXzAAAAAElFTkSuQmCC\" alt=\"\"><\/p>","protected":false},"excerpt":{"rendered":"<p>Tegund:&nbsp;EX-180K<\/p>","protected":false},"featured_media":81199,"comment_status":"closed","ping_status":"closed","template":"","meta":[],"product_brand":[],"product_cat":[588,775,515],"product_tag":[],"class_list":{"0":"post-79383","1":"product","2":"type-product","3":"status-publish","4":"has-post-thumbnail","6":"product_cat-handverkfaeri","7":"product_cat-sagir","8":"product_cat-verkfaeralausnir","10":"first","11":"instock","12":"taxable","13":"shipping-taxable","14":"purchasable","15":"product-type-simple"},"yoast_head":"<!-- This site is optimized with the Yoast SEO plugin v27.3 - https:\/\/yoast.com\/product\/yoast-seo-wordpress\/ -->\n<title>NAKAYA Dozuki Expart Kai EX-180K - V\u00e9lar &amp; Verkf\u00e6ri<\/title>\n<meta name=\"robots\" content=\"index, follow, max-snippet:-1, max-image-preview:large, max-video-preview:-1\" \/>\n<link rel=\"canonical\" href=\"https:\/\/velarogverkfaeri.is\/en\/verkfaeralausnir\/handverkfaeri\/sagir\/product\/nakaya-dozuki-expart-kai-ex-180k\/\" \/>\n<meta property=\"og:locale\" content=\"en_US\" \/>\n<meta property=\"og:type\" content=\"article\" \/>\n<meta property=\"og:title\" content=\"NAKAYA Dozuki Expart Kai EX-180K - V\u00e9lar &amp; Verkf\u00e6ri\" \/>\n<meta property=\"og:description\" content=\"Tegund:&nbsp;EX-180K\" \/>\n<meta property=\"og:url\" content=\"https:\/\/velarogverkfaeri.is\/en\/verkfaeralausnir\/handverkfaeri\/sagir\/product\/nakaya-dozuki-expart-kai-ex-180k\/\" \/>\n<meta property=\"og:site_name\" content=\"V\u00e9lar &amp; Verkf\u00e6ri\" \/>\n<meta property=\"article:publisher\" content=\"https:\/\/www.facebook.com\/VelarOgVerkfaeri\" \/>\n<meta property=\"article:modified_time\" content=\"2026-03-18T11:16:35+00:00\" \/>\n<meta name=\"twitter:card\" content=\"summary_large_image\" \/>\n<script type=\"application\/ld+json\" class=\"yoast-schema-graph\">{\"@context\":\"https:\\\/\\\/schema.org\",\"@graph\":[{\"@type\":\"WebPage\",\"@id\":\"https:\\\/\\\/velarogverkfaeri.is\\\/verkfaeralausnir\\\/handverkfaeri\\\/sagir\\\/product\\\/nakaya-dozuki-expart-kai-ex-180k\\\/\",\"url\":\"https:\\\/\\\/velarogverkfaeri.is\\\/verkfaeralausnir\\\/handverkfaeri\\\/sagir\\\/product\\\/nakaya-dozuki-expart-kai-ex-180k\\\/\",\"name\":\"NAKAYA Dozuki Expart Kai EX-180K - V\u00e9lar &amp; Verkf\u00e6ri\",\"isPartOf\":{\"@id\":\"https:\\\/\\\/velarogverkfaeri.is\\\/en\\\/#website\"},\"primaryImageOfPage\":{\"@id\":\"https:\\\/\\\/velarogverkfaeri.is\\\/verkfaeralausnir\\\/handverkfaeri\\\/sagir\\\/product\\\/nakaya-dozuki-expart-kai-ex-180k\\\/#primaryimage\"},\"image\":{\"@id\":\"https:\\\/\\\/velarogverkfaeri.is\\\/verkfaeralausnir\\\/handverkfaeri\\\/sagir\\\/product\\\/nakaya-dozuki-expart-kai-ex-180k\\\/#primaryimage\"},\"thumbnailUrl\":\"https:\\\/\\\/velarogverkfaeri.is\\\/wp-content\\\/uploads\\\/2026\\\/03\\\/4abcca41-a1a6-4ec8-a422-da4f7b7bdd3e.png\",\"datePublished\":\"2026-01-25T18:11:21+00:00\",\"dateModified\":\"2026-03-18T11:16:35+00:00\",\"breadcrumb\":{\"@id\":\"https:\\\/\\\/velarogverkfaeri.is\\\/verkfaeralausnir\\\/handverkfaeri\\\/sagir\\\/product\\\/nakaya-dozuki-expart-kai-ex-180k\\\/#breadcrumb\"},\"inLanguage\":\"en-US\",\"potentialAction\":[{\"@type\":\"ReadAction\",\"target\":[\"https:\\\/\\\/velarogverkfaeri.is\\\/verkfaeralausnir\\\/handverkfaeri\\\/sagir\\\/product\\\/nakaya-dozuki-expart-kai-ex-180k\\\/\"]}]},{\"@type\":\"ImageObject\",\"inLanguage\":\"en-US\",\"@id\":\"https:\\\/\\\/velarogverkfaeri.is\\\/verkfaeralausnir\\\/handverkfaeri\\\/sagir\\\/product\\\/nakaya-dozuki-expart-kai-ex-180k\\\/#primaryimage\",\"url\":\"https:\\\/\\\/velarogverkfaeri.is\\\/wp-content\\\/uploads\\\/2026\\\/03\\\/4abcca41-a1a6-4ec8-a422-da4f7b7bdd3e.png\",\"contentUrl\":\"https:\\\/\\\/velarogverkfaeri.is\\\/wp-content\\\/uploads\\\/2026\\\/03\\\/4abcca41-a1a6-4ec8-a422-da4f7b7bdd3e.png\",\"width\":961,\"height\":709},{\"@type\":\"BreadcrumbList\",\"@id\":\"https:\\\/\\\/velarogverkfaeri.is\\\/verkfaeralausnir\\\/handverkfaeri\\\/sagir\\\/product\\\/nakaya-dozuki-expart-kai-ex-180k\\\/#breadcrumb\",\"itemListElement\":[{\"@type\":\"ListItem\",\"position\":1,\"name\":\"Home\",\"item\":\"https:\\\/\\\/velarogverkfaeri.is\\\/\"},{\"@type\":\"ListItem\",\"position\":2,\"name\":\"Vefverslun\",\"item\":\"https:\\\/\\\/velarogverkfaeri.is\\\/vefverslun\\\/\"},{\"@type\":\"ListItem\",\"position\":3,\"name\":\"NAKAYA Dozuki Expart Kai EX-180K\"}]},{\"@type\":\"WebSite\",\"@id\":\"https:\\\/\\\/velarogverkfaeri.is\\\/en\\\/#website\",\"url\":\"https:\\\/\\\/velarogverkfaeri.is\\\/en\\\/\",\"name\":\"V\u00e9lar & Verkf\u00e6ri\",\"description\":\"Umbo\u00f0s- og heildverslun fr\u00e1 \u00e1rinu 1919\",\"publisher\":{\"@id\":\"https:\\\/\\\/velarogverkfaeri.is\\\/en\\\/#organization\"},\"potentialAction\":[{\"@type\":\"SearchAction\",\"target\":{\"@type\":\"EntryPoint\",\"urlTemplate\":\"https:\\\/\\\/velarogverkfaeri.is\\\/en\\\/?s={search_term_string}\"},\"query-input\":{\"@type\":\"PropertyValueSpecification\",\"valueRequired\":true,\"valueName\":\"search_term_string\"}}],\"inLanguage\":\"en-US\"},{\"@type\":\"Organization\",\"@id\":\"https:\\\/\\\/velarogverkfaeri.is\\\/en\\\/#organization\",\"name\":\"V\u00e9lar & Verkf\u00e6ri\",\"url\":\"https:\\\/\\\/velarogverkfaeri.is\\\/en\\\/\",\"logo\":{\"@type\":\"ImageObject\",\"inLanguage\":\"en-US\",\"@id\":\"https:\\\/\\\/velarogverkfaeri.is\\\/en\\\/#\\\/schema\\\/logo\\\/image\\\/\",\"url\":\"https:\\\/\\\/velarogverkfaeri.is\\\/wp-content\\\/uploads\\\/2021\\\/10\\\/vv_logo_350x100.png\",\"contentUrl\":\"https:\\\/\\\/velarogverkfaeri.is\\\/wp-content\\\/uploads\\\/2021\\\/10\\\/vv_logo_350x100.png\",\"width\":350,\"height\":100,\"caption\":\"V\u00e9lar & Verkf\u00e6ri\"},\"image\":{\"@id\":\"https:\\\/\\\/velarogverkfaeri.is\\\/en\\\/#\\\/schema\\\/logo\\\/image\\\/\"},\"sameAs\":[\"https:\\\/\\\/www.facebook.com\\\/VelarOgVerkfaeri\"]}]}<\/script>\n<!-- \/ Yoast SEO plugin. -->","yoast_head_json":{"title":"NAKAYA Dozuki Expart Kai EX-180K - V\u00e9lar &amp; Verkf\u00e6ri","robots":{"index":"index","follow":"follow","max-snippet":"max-snippet:-1","max-image-preview":"max-image-preview:large","max-video-preview":"max-video-preview:-1"},"canonical":"https:\/\/velarogverkfaeri.is\/en\/verkfaeralausnir\/handverkfaeri\/sagir\/product\/nakaya-dozuki-expart-kai-ex-180k\/","og_locale":"en_US","og_type":"article","og_title":"NAKAYA Dozuki Expart Kai EX-180K - V\u00e9lar &amp; Verkf\u00e6ri","og_description":"Tegund:&nbsp;EX-180K","og_url":"https:\/\/velarogverkfaeri.is\/en\/verkfaeralausnir\/handverkfaeri\/sagir\/product\/nakaya-dozuki-expart-kai-ex-180k\/","og_site_name":"V\u00e9lar &amp; Verkf\u00e6ri","article_publisher":"https:\/\/www.facebook.com\/VelarOgVerkfaeri","article_modified_time":"2026-03-18T11:16:35+00:00","twitter_card":"summary_large_image","schema":{"@context":"https:\/\/schema.org","@graph":[{"@type":"WebPage","@id":"https:\/\/velarogverkfaeri.is\/verkfaeralausnir\/handverkfaeri\/sagir\/product\/nakaya-dozuki-expart-kai-ex-180k\/","url":"https:\/\/velarogverkfaeri.is\/verkfaeralausnir\/handverkfaeri\/sagir\/product\/nakaya-dozuki-expart-kai-ex-180k\/","name":"NAKAYA Dozuki Expart Kai EX-180K - V\u00e9lar &amp; Verkf\u00e6ri","isPartOf":{"@id":"https:\/\/velarogverkfaeri.is\/en\/#website"},"primaryImageOfPage":{"@id":"https:\/\/velarogverkfaeri.is\/verkfaeralausnir\/handverkfaeri\/sagir\/product\/nakaya-dozuki-expart-kai-ex-180k\/#primaryimage"},"image":{"@id":"https:\/\/velarogverkfaeri.is\/verkfaeralausnir\/handverkfaeri\/sagir\/product\/nakaya-dozuki-expart-kai-ex-180k\/#primaryimage"},"thumbnailUrl":"https:\/\/velarogverkfaeri.is\/wp-content\/uploads\/2026\/03\/4abcca41-a1a6-4ec8-a422-da4f7b7bdd3e.png","datePublished":"2026-01-25T18:11:21+00:00","dateModified":"2026-03-18T11:16:35+00:00","breadcrumb":{"@id":"https:\/\/velarogverkfaeri.is\/verkfaeralausnir\/handverkfaeri\/sagir\/product\/nakaya-dozuki-expart-kai-ex-180k\/#breadcrumb"},"inLanguage":"en-US","potentialAction":[{"@type":"ReadAction","target":["https:\/\/velarogverkfaeri.is\/verkfaeralausnir\/handverkfaeri\/sagir\/product\/nakaya-dozuki-expart-kai-ex-180k\/"]}]},{"@type":"ImageObject","inLanguage":"en-US","@id":"https:\/\/velarogverkfaeri.is\/verkfaeralausnir\/handverkfaeri\/sagir\/product\/nakaya-dozuki-expart-kai-ex-180k\/#primaryimage","url":"https:\/\/velarogverkfaeri.is\/wp-content\/uploads\/2026\/03\/4abcca41-a1a6-4ec8-a422-da4f7b7bdd3e.png","contentUrl":"https:\/\/velarogverkfaeri.is\/wp-content\/uploads\/2026\/03\/4abcca41-a1a6-4ec8-a422-da4f7b7bdd3e.png","width":961,"height":709},{"@type":"BreadcrumbList","@id":"https:\/\/velarogverkfaeri.is\/verkfaeralausnir\/handverkfaeri\/sagir\/product\/nakaya-dozuki-expart-kai-ex-180k\/#breadcrumb","itemListElement":[{"@type":"ListItem","position":1,"name":"Home","item":"https:\/\/velarogverkfaeri.is\/"},{"@type":"ListItem","position":2,"name":"Vefverslun","item":"https:\/\/velarogverkfaeri.is\/vefverslun\/"},{"@type":"ListItem","position":3,"name":"NAKAYA Dozuki Expart Kai EX-180K"}]},{"@type":"WebSite","@id":"https:\/\/velarogverkfaeri.is\/en\/#website","url":"https:\/\/velarogverkfaeri.is\/en\/","name":"V\u00e9lar & Verkf\u00e6ri","description":"Umbo\u00f0s- og heildverslun fr\u00e1 \u00e1rinu 1919","publisher":{"@id":"https:\/\/velarogverkfaeri.is\/en\/#organization"},"potentialAction":[{"@type":"SearchAction","target":{"@type":"EntryPoint","urlTemplate":"https:\/\/velarogverkfaeri.is\/en\/?s={search_term_string}"},"query-input":{"@type":"PropertyValueSpecification","valueRequired":true,"valueName":"search_term_string"}}],"inLanguage":"en-US"},{"@type":"Organization","@id":"https:\/\/velarogverkfaeri.is\/en\/#organization","name":"V\u00e9lar & Verkf\u00e6ri","url":"https:\/\/velarogverkfaeri.is\/en\/","logo":{"@type":"ImageObject","inLanguage":"en-US","@id":"https:\/\/velarogverkfaeri.is\/en\/#\/schema\/logo\/image\/","url":"https:\/\/velarogverkfaeri.is\/wp-content\/uploads\/2021\/10\/vv_logo_350x100.png","contentUrl":"https:\/\/velarogverkfaeri.is\/wp-content\/uploads\/2021\/10\/vv_logo_350x100.png","width":350,"height":100,"caption":"V\u00e9lar & Verkf\u00e6ri"},"image":{"@id":"https:\/\/velarogverkfaeri.is\/en\/#\/schema\/logo\/image\/"},"sameAs":["https:\/\/www.facebook.com\/VelarOgVerkfaeri"]}]}},"_links":{"self":[{"href":"https:\/\/velarogverkfaeri.is\/en\/wp-json\/wp\/v2\/product\/79383","targetHints":{"allow":["GET"]}}],"collection":[{"href":"https:\/\/velarogverkfaeri.is\/en\/wp-json\/wp\/v2\/product"}],"about":[{"href":"https:\/\/velarogverkfaeri.is\/en\/wp-json\/wp\/v2\/types\/product"}],"replies":[{"embeddable":true,"href":"https:\/\/velarogverkfaeri.is\/en\/wp-json\/wp\/v2\/comments?post=79383"}],"wp:featuredmedia":[{"embeddable":true,"href":"https:\/\/velarogverkfaeri.is\/en\/wp-json\/wp\/v2\/media\/81199"}],"wp:attachment":[{"href":"https:\/\/velarogverkfaeri.is\/en\/wp-json\/wp\/v2\/media?parent=79383"}],"wp:term":[{"taxonomy":"product_brand","embeddable":true,"href":"https:\/\/velarogverkfaeri.is\/en\/wp-json\/wp\/v2\/product_brand?post=79383"},{"taxonomy":"product_cat","embeddable":true,"href":"https:\/\/velarogverkfaeri.is\/en\/wp-json\/wp\/v2\/product_cat?post=79383"},{"taxonomy":"product_tag","embeddable":true,"href":"https:\/\/velarogverkfaeri.is\/en\/wp-json\/wp\/v2\/product_tag?post=79383"}],"curies":[{"name":"wp","href":"https:\/\/api.w.org\/{rel}","templated":true}]}}