{"id":79115,"date":"2026-01-12T14:41:20","date_gmt":"2026-01-12T14:41:20","guid":{"rendered":"https:\/\/velarogverkfaeri.is\/?post_type=product&#038;p=79115"},"modified":"2026-02-24T16:02:05","modified_gmt":"2026-02-24T16:02:05","slug":"steplock-lashus-step-se27-assa-560","status":"publish","type":"product","link":"https:\/\/velarogverkfaeri.is\/en\/lykillausnir\/hurdabunadur-lykillausnir\/lashus-og-sluttjarn-hurdabunadur-lykillausnir\/product\/steplock-lashus-step-se27-assa-560\/","title":{"rendered":"STEPLOCK L\u00e1sh\u00fas STEP SE27 (ASSA 560)"},"content":{"rendered":"<p><img decoding=\"async\" src=\"data:image\/png;base64,iVBORw0KGgoAAAANSUhEUgAAAyUAAADkCAYAAACGyIsTAAAAAXNSR0IArs4c6QAAAARnQU1BAACxjwv8YQUAAAAJcEhZcwAADsMAAA7DAcdvqGQAABptSURBVHhe7d3Pb1TnvT\/wD3fjf8BCduAm\/jbBK4tNFCPLVI1KYwSLkkquEEKqQkC4NzU7JK6gCXbaREVih5MbI35EV0IIFalxF0RxStWqWFYcdYNYmZCvQwCjyIssvcs9v2Y8M7ZhCIZj4PWqjnye88ycY6KO9bzn8zznrPn+++9\/CAAAgJL8R\/ETAACgFEIJAABQKqEEAAAolVACAACUSigBAABKJZQAAAClEkoAAIBSCSUAAECphBIAAKBUQgkAAFAqoQQAACiVUAIAAJRKKAEAAEollAAAAKV6oFBy98JAbNmypboNXLhb9DxeX\/wpv\/77k8WBRN3vtv\/PcTe+iPez9vvJ3gqbfD+2\/KnmrLf\/HAPV6wIA5Krjk9pxQ6EynmlqPGWswVOu+VCSDMR3n\/yqaOS+Orm7lGCy6b8vx+XLl+NwT3Eg+Xj+63L6uyVBJTl++eSvoy02xeF0\/\/LhZG8FpYHk95eLRmHdr2O0el0AgFzb5l\/ES+nO55cbviT9Ii5\/nv7cEm\/uNHqApkPJF\/\/MB+Jb\/pgHgst\/3JK1v7r8r2pir3wbMHDhz0WVIt0G4s+3ixcU6isui\/vTkPHn\/ZX+ZGv4VqC+UpJWRHbHRzfS\/SSoJMfzoLRMpSQNFZXzVs9Ro6G\/7v21geTzwwt9y3170XCuxgBX\/Xck\/72y92fbI6jsAADlWPfT+MWL6U4ydqodc0wm7fTna1uKL08bxj7Jdr8vfhfPHCnGPg3jkfuPu6B8TYeSF\/5flvPj8u+LQXPP4TycLFEd+OrkR\/kHLfNVfPSbhYF2+sGor7jU9+cfykrIKNz4KHavRLlyiSrH5d\/XfJjTcNFYBUmDzhIl1\/ta4lppZWmp8u3l5L\/Xwn+RH3k9AGAVaotf78m\/yL18tjKWScY6Z\/Mxwpaf5ZHkiz81jH0SX508+tAB4v7jLlgdmg4l1fJjOmiupO3lBs8v\/jbOZVOnzsVv674daJhmVa24XI4zlW8DJs\/kH8rGc9z4W\/xryQ9mOk0rCQDZfn7e0SXLoDV\/ABqqPZf\/Wfw7KtOwKtv\/\/jb\/N399M\/8jkgax4j3x2vvJa5abGrbEtSq\/4+dnFv+Byc6VvKZy7sr1AIAnX08yZkp\/VsYyt\/8Vf8sCSHK8mIpemZpe2d5\/LT36VVy\/mXX\/SE2Mu2CVaH5NSTZgrwz+C+kUpiUqGFv2VKonC98OfHMzfdU3cb1mmlUWbIpqwlf\/\/5vs592b+c+Xtvx04Rwn0w\/SaPx6XXbgR6pce+EPQLXa89+N0aIof\/6mtoLxACp\/bJJg9WZ13cumeHN\/GnEW\/4GpfEtS\/aMFADxFNsWWImT87crduHvlb9n44qX9by76crMy1epwtt7kYd1\/3AWrRfOhJFNZPF5J2oklKhh5AHlAq6E6UF0bcjPeTP+NlUrJg1r3fLxQ7AIAbPpZPm766vKZOJNVL16KX2xemNlRWR9y5vnRmkrJA7p9M4khTTIrg1WmyVBSWXxVsziq581iatZiC4vfF6YxvfB8+sF7ITZk76kpI1a2Ym1K2\/P5cP6rk2eq8x0XL+T6MSrXrilZNixQr35zUanS3Lz+4yollWvd+CjO1Cw+O5PN6XwpNjyfHwEAnhHVKVzJmCebTfGL+Gl1BsjCnbjy2Rx34+bX6c\/mVL4MroxjFtx\/3AWrRZOhpC1+uiWfevTRb\/KAsKVyx6u6D1UhXZhe+5rqh6xynpoyYrFVA0c17Cy8Jith1k2F+jEWppJlC87TcxfTsxamm+Wq\/YsWvdfI7r613B0saha1\/b7ybzyc\/IsSr735kNPQAIAnT2Uad65x7JGrjH0WL3pfSuUmRJVxy+6GRzc0Ne6CVaL5he47R+NczYcpky5GXyJpv7T\/t\/m3AZmX4rf\/u7AgfKnzvLT\/XM0zR9I1JJUF8hXJh2clEn3tQvVC7bXbdg7XXTddpJ6VT2unqN2jQlRnmWstXr8CADwLFm4alASDui9aN8Xh2jFDOr4qppBXb8azhMXjloa1v4n7j7tgdVjz\/fff\/1DsP7TKbefS\/7MvfQcsAACAeg+40B0AAGBlCSUAAECpVnT6FgAAwINSKQEAAEollAAAAKUSSgAAgFIJJQAAQKmEEgAAoFRCCQAAUCqhBAAAKJVQAgAAlEooAQAASiWUAAAApRJKAACAUgklAABAqYQSAACgVEIJAABQqjXz8\/M\/FPsAANxDS0tLsQesJJUSAACgVEIJAABQKqEEAAAolVACAACUSigBAABKJZQAAAClEkoAAIBSCSUAAECphBIAAKBUQgkAAFAqoQQAACiVUAIAAJRKKAEAAEollAAAAKUSSgAAgFIJJQAAQKmEEgAAoFRCCQAAUKr7h5Jb52NP7544f6toFybf7Y3e3uGYLNq52Tj\/Rm\/sOTebtbLXvFv\/ilqz5\/ZE7xvnk3cVrgzXt5OzD\/f2xvCVogkA8ASa+mAgBgYq24mYKo5X3RmLI9X+gTjyycJoCJ4F9w8l61+Nvg3TMT1TtDOzMfN1Z3RuGI\/xusAwE9PXIzpeaM9aPe9MxMQ7Pdk+AMCzKA0kp+9uj6HR0RhNtqFtd+P022MLX8KmgWT4UrTty\/tHR\/dG26dDceLLoh+eAU1M32qPjp9EjP+9puJx6x8xHn3x\/r6++uNXkpCSHO\/bnDcXV0ryykdvtu2JkzeKw6m0SnJoPOL6SPQ3VmD+nvRV39dYnQEAWK2m4ourEV2\/3JGMqHLtr++Iru+mYupO3p6dmoq5tduj\/5W8HdEd\/dta41pyfDmznxyJgQ+Sc9RUYNIQkx2vVFyS\/qqsEnMipr48Ud9fV6FZooIDj0lTa0p6ft4X8fVMNdHP\/jMJD6+9Gu0dndH52Xg1JMx+MxOxtS+Wro2kgeRgzLx1MSYmJmLiQl\/MfDZd9CU2H42JY8l1NgzGxYmjdecY\/7ozOZa8Z+JiDG4Yj4P3mBIGALB6dMeB0dE4UA0ciTuzcbfYTbW\/\/l6M\/mEhtKS+vT1X7N3D1dPxRXel+pKEmFMDMXR7R15tObo9Wq+OxVgRfHLX4vTUppr+0zEwfDN2ZNWZodi+9lqMmTZGSZpb6L65L\/quj8c\/inUlMzem8yla2dSuhSlc6fHOFzvyRqOiirJ\/d\/GRW78r3n+rM9+\/j759u4oPanu8+lrynpqABADwJJn6y6WY27gjdjxXHGh0JwkTV1tj+6+6iwPLqKmutHd3R2vyv+p7nuuO7rVzcfN23sw19idHtvUnsSnVHt0vt8bc7W+zFjxuzYWS6IjO6rqSyRj\/rDJFKw8JM9+kESE93hl9P6vN+QuyKsqGzuRMC9pfWCbAAAA8hbL1JVe7Yu\/vlgkcxfqS2Da4fGhZVlu0P+B72tYtPW6Dx63JUFITPtKKR80Urfaf9UV8\/o+YvTUTM0nk6FhfdAAAUFUNJKMHiupEg2ogGYr3XhcWeLY0GUoWwsf5v4\/XT9FanwSR69Pxj3+Ox\/Sy60mKqkjyutqbeGXVEwCAp9psjL1duQPXMoEkXYBe3IFLIOFZ1HQoycPHeLbovH6KVk\/0bR2PkQ+no+\/n97j97+b92SL1k8UzTNLnnxxO3gMA8DSb+mAoLkUSSBoWs1elFZJT16IrCSR1C+LhGdJ8KMnCx3Qk0SNebZiild2dKzqj855LRNpj18fHo+PD\/vzWvjuTMzUudM8W1Ke3BF78sEYAgCdOtmg9+fndpRiq3no33yrPIckWvic\/07tn1fYP1D7LBJ5ya+bn538o9gEAuIeWlpZiD1hJD1ApAQAAWHlCCQAAUCqhBAAAKJVQAgAAlEooAQAASiWUAAAApRJKAACAUgklAABAqYQSAACgVEIJAABQKqEEAAAolVACAACUSigBAABKJZQAAAClEkoAAIBSCSUAAECp1szMzPxQ7AMAADx2a+bn54USAIAmtLS0FHvASjJ9CwAAKJVQAgAAlEooAQAASiWUAAAApRJKAACAUgklAABAqYQSAACgVEIJAABQKqEEAAAolVACAACUSigBAABKJZQAAAClEkoAAIBSCSUAAECphBIAAKBUQgkAAFAqoQQAACiVUAIAAJRqzfz8\/A\/F\/vKuDEfvqc64+PGuaC8O5Wbj\/Bv9Mf7axTi7u75nObPn9kT\/531LnGsZt87Hnp3j0XfhbOxaXxyrk\/8O0\/sm4ujm4hAAwCPQ0tJS7D2YqQ8G4vTVohFdsXf0QHQXrcydsTgyfCnmimbrtqF47\/WakVJDf2bj3hj9Xd1Z4In12Csl7bvPxkSzgQQA4AmXBZK722NodDRGk21o2904\/fZYzBb9lcDRti\/vHx3dG22fDsWJL4v+xOzUVEQSVPL+YhNIeIo8klCSVkN6e3uLbU+cv1V0JLK+N84vfBCzSkfltb0xfO587Gl4T2r6TM05q+\/PqyQj1yPGD\/XGnnMLZwUAKN9UfHE1ouuXO6pfyLa\/viO6vpuKqTt5Ow0cc2u3R\/8reTuiO\/q3tca1NIgUvr09F23rlv9Kd\/aTIzHwQXLOJAANDORbGmqy40U77a9Kg9DAiZj68kR9f3a8aKf9xcvhUVvxUFKdnjUxERPpdqwjRnYOx2TR32jy3SRUxGDx+ovR+flITBd9C6ZjPPbn55s4Hn3XR+JwFkDaY9fHF2NwQ0TfsYmmp5ABADwe3XFgdDQOVANH4s5s3C12U+2vvxejf1gILak0hCyYjdm7rXH3r5WwUASIRldPxxfdeRVlKA01pwZi6PaOvKpydHu0Xh2LsSII5a7F6alNNf2nY2D4ZuxI26NDsX3ttRj7xBe+PB7Nh5IkCPRXKhXVLa9SLJiMkx9GDP6xZnrW5qNxfOt4nFyyijEZ45911rw+CRn7+rK9eslr3uwp9nuib2sSU27MFG0AgCfH1F8uxdzGHbHjueJAoztJeLjaGtt\/VZme9W3c\/C4JKS9Xpm8lgeFuEiAag0lNtaW9uztak\/9Vz\/Fcd3SvnYubt\/NmrrE\/XcvSX6x1aY\/ul1tj7va3WQseteZDyYZKNaN2y6sUVbdmYiamY2RnfXg5+FnR3yh7fUd01C5g7+hMIggAwNMnX\/DeFXuXWw9SrC+JbYM1oSWvtiwsfG+PHf+1VOWjUVu0Lxd8lnGvKWLwKD2CNSWdMXihMbyYWgUAPNuqgaTxzlsV1UDScOetpTzXnkQOeHqsbChZ3xEdMR3Tzc6syl4\/EzO1i9pnkvcXuwAAT77ZGHu7cgeuZQJJuuC8uAPXokCSLUZvWHSerUt58EoIrFYrXCnpif1vdcb4odqF7ZMx3Nsbw1eKZp10fch0jPy+5m5ap8azPQCAp8HUB0NxKZJA0rCYvSqtkJy6Fl1JIKlbEF\/xyqboitpF50nI+Z+0olJZ\/wFPvhWfvpU+hyRd2H6wuqbkYMSx5R9s2PPOxRiMyiL6\/ph+bTA6G9eZ3FN7vPpaGoSS97+73D2+AABKkC1aT35+dymGqrfazbfKc0iyhe\/Jz\/RuWbX9A9VnmaRrSvJnl+R9Schp23v\/KV7wBGnuie6PU\/YE9+nYP3E0KvfbAgBYDX7sE92Be3sEC90fxOKpXZNnRmJ6a59AAgAAz4jyKyVXhqP3UM06kq3HY+IdkQQAWH1USuDRWH3TtwAAVimhBB6NkqdvAQAAzzqhBAAAKJVQAgAAlEooAQAASiWUAAAApRJKAACAUgklAABAqYQSAACgVEIJAABQKqEEAAAolVACAACUSigBAABKJZQAAAClEkoAAIBSrZmZmfmh2AcAAHjs1szPzwslAABNaGlpKfaAlWT6FgAAUCqhBAAAKJVQAgAAlEooAQAASiWUAAAApRJKAACAUgklAABAqYQSAACgVEIJAABQKqEEAAAolVACAACUSigBAABKJZQAAAClEkoAAIBSCSUAAECphBIAAKBUQgkAAFCqNfPz8z8U+8u7Mhy9h8aLRo0Ng3Hx413RXjRXxmycf6M\/pvdNxNHNxZFze6L\/875HcC0AgOa1tLQUe82aihMDp+Na0arVum0o3nt98chm9pMjMfTv7hj6ww7jHp4ZzVdK0gAyMRETNdvxn4xE\/xvnkxgBAMBi3XFgdDRGa7ahba3J8a7YsUQgiTtjMfLpXNGAZ8dDTd\/qeediDMZIHD5XH0vSykZvb2+x7Ynzt4qORNb37mRMvlvp743hK0VnUSUZuR4xfqg39tSddzpOvrHwnvo+AIAnQBE6uvYdSOJKo9kY+5+paNuYhpZaabXlSIx9ORZHBgZiIN3eHktenR4v2mn\/neLliakPBuLIJ1Mx9nZ9f3o8b6f9xlKsHg+5pqQ9Xn2tM6ZvzBTtPHRkU60qFZVjHTGyczgmi\/7MZwfj5IsX8\/4LgzGTBJA8mLTHro+ToLMhou\/YRJzdXfMNwvXxiH2Vc\/bF9IeH68IOAMBqN\/WXSzG3cW8ceKU4UGP2k5GYenkw+tcVB+rMxaW\/Rgxm1Za90fXdpRgaGIvnj+bVl70bk\/6\/TBWvzc19OhbxXzX9wwMxtm4or9js60r6LyaxBlaHh17o3v5CR8TXM8UUrsk4+WHygfljzdqPzUfj+NbxOFlb2dgwGO9XAsf6XbF\/a8T43+tiy2LJe\/YXa0xic18ksSSmF7IQAMDqdmcsxq62xvZfLa6RpNWQi5+2LT2lq9D1y8oak+7YtDH5sXFH7HguOxDd3V0Rd2frp9Q39tdOGXtlU9K6G7M11RUo08refevWTMwkYWFk58I0q3Q7+FnRX\/GTjrqFWx0vdtYEGwCAp8\/s1FTMre2O7iIo1Jr64HTEklO6lte67j+LvSatfT4e8B3w2Dx0KJn9ZqYhZHTG4IVimlXNVjcVCwDgmTIbU\/+ei9aXu+u+mM18eSJOx9JTuuBZ8ZChZDb+8fl0dL7YkTfXd0RHM9OqGqoiMzemF1VPAACeGnemYuq71ujuXjzamZq6FnH1dHUB+lB6961szcgJaz54ZjxUKJl8tz9GomZ9SPTE\/rc6Y\/xQ7cL2yRjurb3DVuL6SJystG+dj5Ofdcbgmz3FAQCAp8ztmzEXbdG+xNSt7t\/li9ErW3bL4LXbY2j0waZzwZOs+VCSBIn+mnUi2VqROB4TDQ80bN99NlvYfrD6uoMRxxYehJjZ0BdxqujfORIdx87GrvVFX3K29I5e6S2B01sHAwA86WZv37WmA+6huSe6ryBPZwcAnlQP\/kR3oBkre\/ctAACABySUAAAApXrs07cAAJ5Upm\/Bo6FSAgAAlEooAQAASiWUAAAApRJKAACAUgklAABAqYQSAACgVEIJAABQKqEEAAAolVACAACUSigBAABKJZQAAAClEkoAAIBSCSUAAECphBIAAKBUa2ZmZn4o9gEAAB67NfPz80IJAEATWlpaij1gJZm+BQAAlEooAQAASiWUAAAApRJKAACAUgklAABAqYQSAACgVEIJAABQKqEEAAAolVACAACUSigBAABKJZQAAAClEkoAAIBSCSUAAECphBIAAKBUQgkAAFAqoQQAACiVUAIAAJRKKAEAAEr1YKHkynD09vbWbMMxWXQ9nMkY7t0T528VzcTku8n53605e82195ybjdlze6L3jfMxW3T\/GIuuAQCwgmY\/ORIDAwNx4sviQI2870iM3SkOwDOs6VCSDeAPRRyfmIiJYrv41kwcbAgTK6XnneQa7\/QUreT6fx+PzrcuZtc9u7s92nefjYmPd0V70Q8AsNq0v\/5e7N0Yce3UiZgqjuWm4uKnc9G1773Y8VxxCJ5ha+bn538o9peXVimyQHI0FmJCLg0rB+N4XYBIqxj9H04Xrc4YvHA2dq3PW2nf4eiLjg9HYjxp9x07HnHoYLaf6js2EUc31563I86\/0R8j14sXJO9Nf4+O9Bqf98XFmmByr+tmbp2PPTtHIn9FX\/RtHU+uW\/+7AwAsp6Wlpdh7EFNxYuB0XNu4N0Z\/150f+WAgTsdCOxnFxNjbQ3Hpu6K5dnsM\/WHHwpevd8biyPClmCuarduG4r3XfTXL06OpSklapYitfYsCSaqxopEFgzQsVCoqxzpiZGf9NK\/pD8ej80Lef3RzTxydOJ5EhDRE5IGkXnvs+ngijm9NYkZWKVkcjFL3vW4RSDqS0JP3R4x\/VvQBADwy3XFgX1fE1dP5NK4vT8Tpq12xtyGQTL08FKOjo9m2t+1SDH1Qqa0koSYJJG378r7R0b3R9unQklPC4EnVRCiZjZmvk0DwYkfRvpfJOPlhxOAfa6ZVbT6aBIrxOHmuZvXHhr54tbaC8dDuf93Zf47H9IbB2F8JPVl\/sQ8A8Ci9ciCGtrXGtb8eiSOnrkXXvgNJVCl8eTEuxfYYrKl8dP9ub3RdHVtmvUkScpJwcuCVoglPgZW9+9atmZiJ6RjZmS9Ir2wHH3VFoonrztyYjvhJx0JoSXS82FnsAQA8Wu2vDybRYy7mNu6tCxSzt+9GfHcphgYGskXx+XY6rhX9aQjpTwPNqaKvWkGBp0cToaQ9On4SMX1jpmjfTz4NK5siVbOli9MfrbKuCwDQjPZob4toXfefRbtGuoakmLq1sC0sgk8XzGfHimlgaTg58snD3IMUVpemKiU9P++L+Gy8bl1IRbqWo3pr3vUd0RHTMd1sflkpTVw3q4p8PVN3C+GsegIAUKL2dUlS+e5mfFu07+mVA1k4SaeCzf17qm5cA0+y5qZvFeszDjY8l6Ryt6u+fZW1HD2x\/63OGD9U+7r0GSS9MXylaD4S979u++790Xd9JE5Wfo8rw49+WhkAwP280h\/b116L07XTsr48EQMDldsIp3fvqn3WyWxM\/XsuWl\/urpuWDk+ypteUpHfZyp9LsrBmo\/\/Djuy5JbV3zEqfH5IHmMrrDkYUt\/ldXk\/0bc3XhKQPRvwx7n\/dnjh6YTBmDhX9pzpj0EJ3AKB07bHjD+nC9nxaVraditg7WlkMn9+9q7qmZGAoLrXtdUtgnirNPacEAIAf+ZwS4H5W9u5bAAAAD0goAQAASiWUAAAApRJKAACAUgklAABAqYQSAACgVEIJAABQKqEEAAAolVACAACUSigBAABKJZQAAAClEkoAAIBSCSUAAECJIv4Pp2e623aIdtMAAAAASUVORK5CYII=\" alt=\"\"><\/p>","protected":false},"excerpt":{"rendered":"<p>Tegund: SE27<\/p>","protected":false},"featured_media":80705,"comment_status":"closed","ping_status":"closed","template":"","meta":[],"product_brand":[],"product_cat":[597,671,517],"product_tag":[],"class_list":{"0":"post-79115","1":"product","2":"type-product","3":"status-publish","4":"has-post-thumbnail","6":"product_cat-hurdabunadur-lykillausnir","7":"product_cat-lashus-og-sluttjarn-hurdabunadur-lykillausnir","8":"product_cat-lykillausnir","10":"first","11":"instock","12":"taxable","13":"shipping-taxable","14":"purchasable","15":"product-type-simple"},"yoast_head":"<!-- This site is optimized with the Yoast SEO plugin v27.3 - https:\/\/yoast.com\/product\/yoast-seo-wordpress\/ -->\n<title>STEPLOCK L\u00e1sh\u00fas STEP SE27 (ASSA 560) - V\u00e9lar &amp; Verkf\u00e6ri<\/title>\n<meta name=\"robots\" content=\"index, follow, max-snippet:-1, max-image-preview:large, max-video-preview:-1\" \/>\n<link rel=\"canonical\" href=\"https:\/\/velarogverkfaeri.is\/en\/lykillausnir\/hurdabunadur-lykillausnir\/lashus-og-sluttjarn-hurdabunadur-lykillausnir\/product\/steplock-lashus-step-se27-assa-560\/\" \/>\n<meta property=\"og:locale\" content=\"en_US\" \/>\n<meta property=\"og:type\" content=\"article\" \/>\n<meta property=\"og:title\" content=\"STEPLOCK L\u00e1sh\u00fas STEP SE27 (ASSA 560) - V\u00e9lar &amp; Verkf\u00e6ri\" \/>\n<meta property=\"og:description\" content=\"Tegund: SE27\" \/>\n<meta property=\"og:url\" content=\"https:\/\/velarogverkfaeri.is\/en\/lykillausnir\/hurdabunadur-lykillausnir\/lashus-og-sluttjarn-hurdabunadur-lykillausnir\/product\/steplock-lashus-step-se27-assa-560\/\" \/>\n<meta property=\"og:site_name\" content=\"V\u00e9lar &amp; Verkf\u00e6ri\" \/>\n<meta property=\"article:publisher\" content=\"https:\/\/www.facebook.com\/VelarOgVerkfaeri\" \/>\n<meta property=\"article:modified_time\" content=\"2026-02-24T16:02:05+00:00\" \/>\n<meta name=\"twitter:card\" content=\"summary_large_image\" \/>\n<script type=\"application\/ld+json\" class=\"yoast-schema-graph\">{\"@context\":\"https:\\\/\\\/schema.org\",\"@graph\":[{\"@type\":\"WebPage\",\"@id\":\"https:\\\/\\\/velarogverkfaeri.is\\\/lykillausnir\\\/hurdabunadur-lykillausnir\\\/lashus-og-sluttjarn-hurdabunadur-lykillausnir\\\/product\\\/steplock-lashus-step-se27-assa-560\\\/\",\"url\":\"https:\\\/\\\/velarogverkfaeri.is\\\/lykillausnir\\\/hurdabunadur-lykillausnir\\\/lashus-og-sluttjarn-hurdabunadur-lykillausnir\\\/product\\\/steplock-lashus-step-se27-assa-560\\\/\",\"name\":\"STEPLOCK L\u00e1sh\u00fas STEP SE27 (ASSA 560) - V\u00e9lar &amp; Verkf\u00e6ri\",\"isPartOf\":{\"@id\":\"https:\\\/\\\/velarogverkfaeri.is\\\/en\\\/#website\"},\"primaryImageOfPage\":{\"@id\":\"https:\\\/\\\/velarogverkfaeri.is\\\/lykillausnir\\\/hurdabunadur-lykillausnir\\\/lashus-og-sluttjarn-hurdabunadur-lykillausnir\\\/product\\\/steplock-lashus-step-se27-assa-560\\\/#primaryimage\"},\"image\":{\"@id\":\"https:\\\/\\\/velarogverkfaeri.is\\\/lykillausnir\\\/hurdabunadur-lykillausnir\\\/lashus-og-sluttjarn-hurdabunadur-lykillausnir\\\/product\\\/steplock-lashus-step-se27-assa-560\\\/#primaryimage\"},\"thumbnailUrl\":\"https:\\\/\\\/velarogverkfaeri.is\\\/wp-content\\\/uploads\\\/2026\\\/02\\\/d5ddb8e0-de6a-4ffe-9cdf-bdf66863e2ee.png\",\"datePublished\":\"2026-01-12T14:41:20+00:00\",\"dateModified\":\"2026-02-24T16:02:05+00:00\",\"breadcrumb\":{\"@id\":\"https:\\\/\\\/velarogverkfaeri.is\\\/lykillausnir\\\/hurdabunadur-lykillausnir\\\/lashus-og-sluttjarn-hurdabunadur-lykillausnir\\\/product\\\/steplock-lashus-step-se27-assa-560\\\/#breadcrumb\"},\"inLanguage\":\"en-US\",\"potentialAction\":[{\"@type\":\"ReadAction\",\"target\":[\"https:\\\/\\\/velarogverkfaeri.is\\\/lykillausnir\\\/hurdabunadur-lykillausnir\\\/lashus-og-sluttjarn-hurdabunadur-lykillausnir\\\/product\\\/steplock-lashus-step-se27-assa-560\\\/\"]}]},{\"@type\":\"ImageObject\",\"inLanguage\":\"en-US\",\"@id\":\"https:\\\/\\\/velarogverkfaeri.is\\\/lykillausnir\\\/hurdabunadur-lykillausnir\\\/lashus-og-sluttjarn-hurdabunadur-lykillausnir\\\/product\\\/steplock-lashus-step-se27-assa-560\\\/#primaryimage\",\"url\":\"https:\\\/\\\/velarogverkfaeri.is\\\/wp-content\\\/uploads\\\/2026\\\/02\\\/d5ddb8e0-de6a-4ffe-9cdf-bdf66863e2ee.png\",\"contentUrl\":\"https:\\\/\\\/velarogverkfaeri.is\\\/wp-content\\\/uploads\\\/2026\\\/02\\\/d5ddb8e0-de6a-4ffe-9cdf-bdf66863e2ee.png\",\"width\":322,\"height\":510},{\"@type\":\"BreadcrumbList\",\"@id\":\"https:\\\/\\\/velarogverkfaeri.is\\\/lykillausnir\\\/hurdabunadur-lykillausnir\\\/lashus-og-sluttjarn-hurdabunadur-lykillausnir\\\/product\\\/steplock-lashus-step-se27-assa-560\\\/#breadcrumb\",\"itemListElement\":[{\"@type\":\"ListItem\",\"position\":1,\"name\":\"Home\",\"item\":\"https:\\\/\\\/velarogverkfaeri.is\\\/\"},{\"@type\":\"ListItem\",\"position\":2,\"name\":\"Vefverslun\",\"item\":\"https:\\\/\\\/velarogverkfaeri.is\\\/vefverslun\\\/\"},{\"@type\":\"ListItem\",\"position\":3,\"name\":\"STEPLOCK L\u00e1sh\u00fas STEP SE27 (ASSA 560)\"}]},{\"@type\":\"WebSite\",\"@id\":\"https:\\\/\\\/velarogverkfaeri.is\\\/en\\\/#website\",\"url\":\"https:\\\/\\\/velarogverkfaeri.is\\\/en\\\/\",\"name\":\"V\u00e9lar & Verkf\u00e6ri\",\"description\":\"Umbo\u00f0s- og heildverslun fr\u00e1 \u00e1rinu 1919\",\"publisher\":{\"@id\":\"https:\\\/\\\/velarogverkfaeri.is\\\/en\\\/#organization\"},\"potentialAction\":[{\"@type\":\"SearchAction\",\"target\":{\"@type\":\"EntryPoint\",\"urlTemplate\":\"https:\\\/\\\/velarogverkfaeri.is\\\/en\\\/?s={search_term_string}\"},\"query-input\":{\"@type\":\"PropertyValueSpecification\",\"valueRequired\":true,\"valueName\":\"search_term_string\"}}],\"inLanguage\":\"en-US\"},{\"@type\":\"Organization\",\"@id\":\"https:\\\/\\\/velarogverkfaeri.is\\\/en\\\/#organization\",\"name\":\"V\u00e9lar & Verkf\u00e6ri\",\"url\":\"https:\\\/\\\/velarogverkfaeri.is\\\/en\\\/\",\"logo\":{\"@type\":\"ImageObject\",\"inLanguage\":\"en-US\",\"@id\":\"https:\\\/\\\/velarogverkfaeri.is\\\/en\\\/#\\\/schema\\\/logo\\\/image\\\/\",\"url\":\"https:\\\/\\\/velarogverkfaeri.is\\\/wp-content\\\/uploads\\\/2021\\\/10\\\/vv_logo_350x100.png\",\"contentUrl\":\"https:\\\/\\\/velarogverkfaeri.is\\\/wp-content\\\/uploads\\\/2021\\\/10\\\/vv_logo_350x100.png\",\"width\":350,\"height\":100,\"caption\":\"V\u00e9lar & Verkf\u00e6ri\"},\"image\":{\"@id\":\"https:\\\/\\\/velarogverkfaeri.is\\\/en\\\/#\\\/schema\\\/logo\\\/image\\\/\"},\"sameAs\":[\"https:\\\/\\\/www.facebook.com\\\/VelarOgVerkfaeri\"]}]}<\/script>\n<!-- \/ Yoast SEO plugin. -->","yoast_head_json":{"title":"STEPLOCK L\u00e1sh\u00fas STEP SE27 (ASSA 560) - V\u00e9lar &amp; Verkf\u00e6ri","robots":{"index":"index","follow":"follow","max-snippet":"max-snippet:-1","max-image-preview":"max-image-preview:large","max-video-preview":"max-video-preview:-1"},"canonical":"https:\/\/velarogverkfaeri.is\/en\/lykillausnir\/hurdabunadur-lykillausnir\/lashus-og-sluttjarn-hurdabunadur-lykillausnir\/product\/steplock-lashus-step-se27-assa-560\/","og_locale":"en_US","og_type":"article","og_title":"STEPLOCK L\u00e1sh\u00fas STEP SE27 (ASSA 560) - V\u00e9lar &amp; Verkf\u00e6ri","og_description":"Tegund: SE27","og_url":"https:\/\/velarogverkfaeri.is\/en\/lykillausnir\/hurdabunadur-lykillausnir\/lashus-og-sluttjarn-hurdabunadur-lykillausnir\/product\/steplock-lashus-step-se27-assa-560\/","og_site_name":"V\u00e9lar &amp; Verkf\u00e6ri","article_publisher":"https:\/\/www.facebook.com\/VelarOgVerkfaeri","article_modified_time":"2026-02-24T16:02:05+00:00","twitter_card":"summary_large_image","schema":{"@context":"https:\/\/schema.org","@graph":[{"@type":"WebPage","@id":"https:\/\/velarogverkfaeri.is\/lykillausnir\/hurdabunadur-lykillausnir\/lashus-og-sluttjarn-hurdabunadur-lykillausnir\/product\/steplock-lashus-step-se27-assa-560\/","url":"https:\/\/velarogverkfaeri.is\/lykillausnir\/hurdabunadur-lykillausnir\/lashus-og-sluttjarn-hurdabunadur-lykillausnir\/product\/steplock-lashus-step-se27-assa-560\/","name":"STEPLOCK L\u00e1sh\u00fas STEP SE27 (ASSA 560) - V\u00e9lar &amp; Verkf\u00e6ri","isPartOf":{"@id":"https:\/\/velarogverkfaeri.is\/en\/#website"},"primaryImageOfPage":{"@id":"https:\/\/velarogverkfaeri.is\/lykillausnir\/hurdabunadur-lykillausnir\/lashus-og-sluttjarn-hurdabunadur-lykillausnir\/product\/steplock-lashus-step-se27-assa-560\/#primaryimage"},"image":{"@id":"https:\/\/velarogverkfaeri.is\/lykillausnir\/hurdabunadur-lykillausnir\/lashus-og-sluttjarn-hurdabunadur-lykillausnir\/product\/steplock-lashus-step-se27-assa-560\/#primaryimage"},"thumbnailUrl":"https:\/\/velarogverkfaeri.is\/wp-content\/uploads\/2026\/02\/d5ddb8e0-de6a-4ffe-9cdf-bdf66863e2ee.png","datePublished":"2026-01-12T14:41:20+00:00","dateModified":"2026-02-24T16:02:05+00:00","breadcrumb":{"@id":"https:\/\/velarogverkfaeri.is\/lykillausnir\/hurdabunadur-lykillausnir\/lashus-og-sluttjarn-hurdabunadur-lykillausnir\/product\/steplock-lashus-step-se27-assa-560\/#breadcrumb"},"inLanguage":"en-US","potentialAction":[{"@type":"ReadAction","target":["https:\/\/velarogverkfaeri.is\/lykillausnir\/hurdabunadur-lykillausnir\/lashus-og-sluttjarn-hurdabunadur-lykillausnir\/product\/steplock-lashus-step-se27-assa-560\/"]}]},{"@type":"ImageObject","inLanguage":"en-US","@id":"https:\/\/velarogverkfaeri.is\/lykillausnir\/hurdabunadur-lykillausnir\/lashus-og-sluttjarn-hurdabunadur-lykillausnir\/product\/steplock-lashus-step-se27-assa-560\/#primaryimage","url":"https:\/\/velarogverkfaeri.is\/wp-content\/uploads\/2026\/02\/d5ddb8e0-de6a-4ffe-9cdf-bdf66863e2ee.png","contentUrl":"https:\/\/velarogverkfaeri.is\/wp-content\/uploads\/2026\/02\/d5ddb8e0-de6a-4ffe-9cdf-bdf66863e2ee.png","width":322,"height":510},{"@type":"BreadcrumbList","@id":"https:\/\/velarogverkfaeri.is\/lykillausnir\/hurdabunadur-lykillausnir\/lashus-og-sluttjarn-hurdabunadur-lykillausnir\/product\/steplock-lashus-step-se27-assa-560\/#breadcrumb","itemListElement":[{"@type":"ListItem","position":1,"name":"Home","item":"https:\/\/velarogverkfaeri.is\/"},{"@type":"ListItem","position":2,"name":"Vefverslun","item":"https:\/\/velarogverkfaeri.is\/vefverslun\/"},{"@type":"ListItem","position":3,"name":"STEPLOCK L\u00e1sh\u00fas STEP SE27 (ASSA 560)"}]},{"@type":"WebSite","@id":"https:\/\/velarogverkfaeri.is\/en\/#website","url":"https:\/\/velarogverkfaeri.is\/en\/","name":"V\u00e9lar & Verkf\u00e6ri","description":"Umbo\u00f0s- og heildverslun fr\u00e1 \u00e1rinu 1919","publisher":{"@id":"https:\/\/velarogverkfaeri.is\/en\/#organization"},"potentialAction":[{"@type":"SearchAction","target":{"@type":"EntryPoint","urlTemplate":"https:\/\/velarogverkfaeri.is\/en\/?s={search_term_string}"},"query-input":{"@type":"PropertyValueSpecification","valueRequired":true,"valueName":"search_term_string"}}],"inLanguage":"en-US"},{"@type":"Organization","@id":"https:\/\/velarogverkfaeri.is\/en\/#organization","name":"V\u00e9lar & Verkf\u00e6ri","url":"https:\/\/velarogverkfaeri.is\/en\/","logo":{"@type":"ImageObject","inLanguage":"en-US","@id":"https:\/\/velarogverkfaeri.is\/en\/#\/schema\/logo\/image\/","url":"https:\/\/velarogverkfaeri.is\/wp-content\/uploads\/2021\/10\/vv_logo_350x100.png","contentUrl":"https:\/\/velarogverkfaeri.is\/wp-content\/uploads\/2021\/10\/vv_logo_350x100.png","width":350,"height":100,"caption":"V\u00e9lar & Verkf\u00e6ri"},"image":{"@id":"https:\/\/velarogverkfaeri.is\/en\/#\/schema\/logo\/image\/"},"sameAs":["https:\/\/www.facebook.com\/VelarOgVerkfaeri"]}]}},"_links":{"self":[{"href":"https:\/\/velarogverkfaeri.is\/en\/wp-json\/wp\/v2\/product\/79115","targetHints":{"allow":["GET"]}}],"collection":[{"href":"https:\/\/velarogverkfaeri.is\/en\/wp-json\/wp\/v2\/product"}],"about":[{"href":"https:\/\/velarogverkfaeri.is\/en\/wp-json\/wp\/v2\/types\/product"}],"replies":[{"embeddable":true,"href":"https:\/\/velarogverkfaeri.is\/en\/wp-json\/wp\/v2\/comments?post=79115"}],"wp:featuredmedia":[{"embeddable":true,"href":"https:\/\/velarogverkfaeri.is\/en\/wp-json\/wp\/v2\/media\/80705"}],"wp:attachment":[{"href":"https:\/\/velarogverkfaeri.is\/en\/wp-json\/wp\/v2\/media?parent=79115"}],"wp:term":[{"taxonomy":"product_brand","embeddable":true,"href":"https:\/\/velarogverkfaeri.is\/en\/wp-json\/wp\/v2\/product_brand?post=79115"},{"taxonomy":"product_cat","embeddable":true,"href":"https:\/\/velarogverkfaeri.is\/en\/wp-json\/wp\/v2\/product_cat?post=79115"},{"taxonomy":"product_tag","embeddable":true,"href":"https:\/\/velarogverkfaeri.is\/en\/wp-json\/wp\/v2\/product_tag?post=79115"}],"curies":[{"name":"wp","href":"https:\/\/api.w.org\/{rel}","templated":true}]}}