{"id":79062,"date":"2026-01-07T15:11:19","date_gmt":"2026-01-07T15:11:19","guid":{"rendered":"https:\/\/velarogverkfaeri.is\/?post_type=product&#038;p=79062"},"modified":"2026-04-08T06:32:27","modified_gmt":"2026-04-08T06:32:27","slug":"yale-dyrabjalla-smart-video-doorbell-smarthome-v2","status":"publish","type":"product","link":"https:\/\/velarogverkfaeri.is\/en\/lykillausnir\/snjallheimili\/myndavelar\/product\/yale-dyrabjalla-smart-video-doorbell-smarthome-v2\/","title":{"rendered":"YALE Snjall Dyrabjalla V2"},"content":{"rendered":"<p data-start=\"63\" data-end=\"423\"><strong data-start=\"63\" data-end=\"92\">Yale Smart Video Doorbell<\/strong> gerir \u00fe\u00e9r kleift a\u00f0 sj\u00e1, heyra og tala vi\u00f0 gesti hvar sem er og hven\u00e6r sem er. Dyrabjallan b\u00fd\u00f0ur upp \u00e1 sk\u00fdra <strong data-start=\"202\" data-end=\"224\">1080p Full HD mynd<\/strong>, <strong data-start=\"226\" data-end=\"245\">154\u00b0 sj\u00f3narhorn<\/strong>, <strong data-start=\"247\" data-end=\"279\">tv\u00edhli\u00f0a tal (two-way audio)<\/strong>, <strong data-start=\"281\" data-end=\"305\">raunt\u00edma myndstreymi<\/strong> og <strong data-start=\"309\" data-end=\"322\">n\u00e6tursj\u00f3n<\/strong>, \u00feannig a\u00f0 \u00fe\u00fa getur fylgst me\u00f0 \u00fev\u00ed sem gerist vi\u00f0 dyrnar allan s\u00f3larhringinn \u00ed <strong data-start=\"402\" data-end=\"422\">Yale Home appinu<\/strong>.<\/p>\n<p data-start=\"425\" data-end=\"585\">Yale dyrabjallan er einf\u00f6ld \u00ed uppsetningu og notkun og getur veri\u00f0 <strong data-start=\"492\" data-end=\"550\">rafhl\u00f6\u00f0ukn\u00fain me\u00f0 innbygg\u00f0ri endurhla\u00f0anlegri rafhl\u00f6\u00f0u<\/strong> e\u00f0a <strong data-start=\"555\" data-end=\"584\">tengd vi\u00f0 rafmagn me\u00f0 v\u00edr<\/strong>.<\/p>\n<p data-start=\"587\" data-end=\"929\">\u00de\u00fa f\u00e6r\u00f0 <strong data-start=\"595\" data-end=\"619\">raunt\u00edmatilkynningar<\/strong> \u00feegar hreyfing greinist og <strong data-start=\"647\" data-end=\"667\">\u201es\u00edmtal\u201c \u00ed appi\u00f0<\/strong> \u00feegar \u00fdtt er \u00e1 dyrabj\u00f6lluna, svo \u00fe\u00fa missir aldrei af sendingu e\u00f0a gestum. Sem hluti af <strong data-start=\"755\" data-end=\"790\">Yale Smart Security vistkerfinu<\/strong> getur\u00f0u s\u00e9\u00f0 hver er vi\u00f0 dyrnar \u00ed <strong data-start=\"824\" data-end=\"844\">Yale Home appinu<\/strong> og, ef \u00fea\u00f0 er \u00f6ruggt, <strong data-start=\"867\" data-end=\"903\">opna\u00f0 hur\u00f0ina me\u00f0 Yale snjalll\u00e1s (<\/strong><span data-start=\"867\" data-end=\"903\">eins og<b> Yale<\/b><\/span><strong data-start=\"867\" data-end=\"903\"> Linus)<\/strong>&nbsp;til a\u00f0 hleypa gestum inn.<\/p>\n<p data-start=\"931\" data-end=\"1303\">Grunn\u00fatg\u00e1fan af dyrabj\u00f6llunni og appi krefst engrar \u00e1skriftar en ef \u00f3ska\u00f0 er eftir meiri virkni er h\u00e6gt a\u00f0 kaupa \u00e1skrift a\u00f0 henni.<\/p>\n<\/p>\n<p data-start=\"1305\" data-end=\"1588\">H\u00e6gt er a\u00f0 b\u00e6ta vi\u00f0 aukahlutum eins og <strong data-start=\"1344\" data-end=\"1374\">Smart Video Doorbell Chime<\/strong>, sem tryggir a\u00f0 dyrabjallan heyrist hvar sem er \u00e1 heimilinu og b\u00fd\u00f0ur upp \u00e1 <strong data-start=\"1450\" data-end=\"1482\">7 mismunandi Yale hringit\u00f3na.<\/strong><\/p>","protected":false},"excerpt":{"rendered":"<p>Fylgstu me\u00f0 gestum hva\u00f0an sem er me\u00f0 \u00feessari flottu snjall dyrabj\u00f6llu<\/p>","protected":false},"featured_media":81130,"comment_status":"closed","ping_status":"closed","template":"","meta":[],"product_brand":[],"product_cat":[517,859,853],"product_tag":[1144,875],"class_list":{"0":"post-79062","1":"product","2":"type-product","3":"status-publish","4":"has-post-thumbnail","6":"product_cat-lykillausnir","7":"product_cat-myndavelar","8":"product_cat-snjallheimili","9":"product_tag-snjallvorudagar","10":"product_tag-yalehome","12":"first","13":"instock","14":"sale","15":"taxable","16":"shipping-taxable","17":"purchasable","18":"product-type-simple"},"yoast_head":"<!-- This site is optimized with the Yoast SEO plugin v27.3 - https:\/\/yoast.com\/product\/yoast-seo-wordpress\/ -->\n<title>YALE Snjall Dyrabjalla V2 - V\u00e9lar &amp; Verkf\u00e6ri<\/title>\n<meta name=\"robots\" content=\"index, follow, max-snippet:-1, max-image-preview:large, max-video-preview:-1\" \/>\n<link rel=\"canonical\" href=\"https:\/\/velarogverkfaeri.is\/en\/lykillausnir\/snjallheimili\/myndavelar\/product\/yale-dyrabjalla-smart-video-doorbell-smarthome-v2\/\" \/>\n<meta property=\"og:locale\" content=\"en_US\" \/>\n<meta property=\"og:type\" content=\"article\" \/>\n<meta property=\"og:title\" content=\"YALE Snjall Dyrabjalla V2 - V\u00e9lar &amp; Verkf\u00e6ri\" \/>\n<meta property=\"og:description\" content=\"Fylgstu me\u00f0 gestum hva\u00f0an sem er me\u00f0 \u00feessari flottu snjall dyrabj\u00f6llu\" \/>\n<meta property=\"og:url\" content=\"https:\/\/velarogverkfaeri.is\/en\/lykillausnir\/snjallheimili\/myndavelar\/product\/yale-dyrabjalla-smart-video-doorbell-smarthome-v2\/\" \/>\n<meta property=\"og:site_name\" content=\"V\u00e9lar &amp; Verkf\u00e6ri\" \/>\n<meta property=\"article:publisher\" content=\"https:\/\/www.facebook.com\/VelarOgVerkfaeri\" \/>\n<meta property=\"article:modified_time\" content=\"2026-04-08T06:32:27+00:00\" \/>\n<meta name=\"twitter:card\" content=\"summary_large_image\" \/>\n<meta name=\"twitter:label1\" content=\"Est. reading time\" \/>\n\t<meta name=\"twitter:data1\" content=\"1 minute\" \/>\n<script type=\"application\/ld+json\" class=\"yoast-schema-graph\">{\"@context\":\"https:\\\/\\\/schema.org\",\"@graph\":[{\"@type\":\"WebPage\",\"@id\":\"https:\\\/\\\/velarogverkfaeri.is\\\/lykillausnir\\\/snjallheimili\\\/myndavelar\\\/product\\\/yale-dyrabjalla-smart-video-doorbell-smarthome-v2\\\/\",\"url\":\"https:\\\/\\\/velarogverkfaeri.is\\\/lykillausnir\\\/snjallheimili\\\/myndavelar\\\/product\\\/yale-dyrabjalla-smart-video-doorbell-smarthome-v2\\\/\",\"name\":\"YALE Snjall Dyrabjalla V2 - V\u00e9lar &amp; Verkf\u00e6ri\",\"isPartOf\":{\"@id\":\"https:\\\/\\\/velarogverkfaeri.is\\\/en\\\/#website\"},\"primaryImageOfPage\":{\"@id\":\"https:\\\/\\\/velarogverkfaeri.is\\\/lykillausnir\\\/snjallheimili\\\/myndavelar\\\/product\\\/yale-dyrabjalla-smart-video-doorbell-smarthome-v2\\\/#primaryimage\"},\"image\":{\"@id\":\"https:\\\/\\\/velarogverkfaeri.is\\\/lykillausnir\\\/snjallheimili\\\/myndavelar\\\/product\\\/yale-dyrabjalla-smart-video-doorbell-smarthome-v2\\\/#primaryimage\"},\"thumbnailUrl\":\"https:\\\/\\\/velarogverkfaeri.is\\\/wp-content\\\/uploads\\\/2026\\\/03\\\/61972e7e-4425-4e3c-a4ae-0556496708b6.png\",\"datePublished\":\"2026-01-07T15:11:19+00:00\",\"dateModified\":\"2026-04-08T06:32:27+00:00\",\"breadcrumb\":{\"@id\":\"https:\\\/\\\/velarogverkfaeri.is\\\/lykillausnir\\\/snjallheimili\\\/myndavelar\\\/product\\\/yale-dyrabjalla-smart-video-doorbell-smarthome-v2\\\/#breadcrumb\"},\"inLanguage\":\"en-US\",\"potentialAction\":[{\"@type\":\"ReadAction\",\"target\":[\"https:\\\/\\\/velarogverkfaeri.is\\\/lykillausnir\\\/snjallheimili\\\/myndavelar\\\/product\\\/yale-dyrabjalla-smart-video-doorbell-smarthome-v2\\\/\"]}]},{\"@type\":\"ImageObject\",\"inLanguage\":\"en-US\",\"@id\":\"https:\\\/\\\/velarogverkfaeri.is\\\/lykillausnir\\\/snjallheimili\\\/myndavelar\\\/product\\\/yale-dyrabjalla-smart-video-doorbell-smarthome-v2\\\/#primaryimage\",\"url\":\"https:\\\/\\\/velarogverkfaeri.is\\\/wp-content\\\/uploads\\\/2026\\\/03\\\/61972e7e-4425-4e3c-a4ae-0556496708b6.png\",\"contentUrl\":\"https:\\\/\\\/velarogverkfaeri.is\\\/wp-content\\\/uploads\\\/2026\\\/03\\\/61972e7e-4425-4e3c-a4ae-0556496708b6.png\",\"width\":697,\"height\":723},{\"@type\":\"BreadcrumbList\",\"@id\":\"https:\\\/\\\/velarogverkfaeri.is\\\/lykillausnir\\\/snjallheimili\\\/myndavelar\\\/product\\\/yale-dyrabjalla-smart-video-doorbell-smarthome-v2\\\/#breadcrumb\",\"itemListElement\":[{\"@type\":\"ListItem\",\"position\":1,\"name\":\"Home\",\"item\":\"https:\\\/\\\/velarogverkfaeri.is\\\/\"},{\"@type\":\"ListItem\",\"position\":2,\"name\":\"Vefverslun\",\"item\":\"https:\\\/\\\/velarogverkfaeri.is\\\/vefverslun\\\/\"},{\"@type\":\"ListItem\",\"position\":3,\"name\":\"YALE Snjall Dyrabjalla V2\"}]},{\"@type\":\"WebSite\",\"@id\":\"https:\\\/\\\/velarogverkfaeri.is\\\/en\\\/#website\",\"url\":\"https:\\\/\\\/velarogverkfaeri.is\\\/en\\\/\",\"name\":\"V\u00e9lar & Verkf\u00e6ri\",\"description\":\"Umbo\u00f0s- og heildverslun fr\u00e1 \u00e1rinu 1919\",\"publisher\":{\"@id\":\"https:\\\/\\\/velarogverkfaeri.is\\\/en\\\/#organization\"},\"potentialAction\":[{\"@type\":\"SearchAction\",\"target\":{\"@type\":\"EntryPoint\",\"urlTemplate\":\"https:\\\/\\\/velarogverkfaeri.is\\\/en\\\/?s={search_term_string}\"},\"query-input\":{\"@type\":\"PropertyValueSpecification\",\"valueRequired\":true,\"valueName\":\"search_term_string\"}}],\"inLanguage\":\"en-US\"},{\"@type\":\"Organization\",\"@id\":\"https:\\\/\\\/velarogverkfaeri.is\\\/en\\\/#organization\",\"name\":\"V\u00e9lar & Verkf\u00e6ri\",\"url\":\"https:\\\/\\\/velarogverkfaeri.is\\\/en\\\/\",\"logo\":{\"@type\":\"ImageObject\",\"inLanguage\":\"en-US\",\"@id\":\"https:\\\/\\\/velarogverkfaeri.is\\\/en\\\/#\\\/schema\\\/logo\\\/image\\\/\",\"url\":\"https:\\\/\\\/velarogverkfaeri.is\\\/wp-content\\\/uploads\\\/2021\\\/10\\\/vv_logo_350x100.png\",\"contentUrl\":\"https:\\\/\\\/velarogverkfaeri.is\\\/wp-content\\\/uploads\\\/2021\\\/10\\\/vv_logo_350x100.png\",\"width\":350,\"height\":100,\"caption\":\"V\u00e9lar & Verkf\u00e6ri\"},\"image\":{\"@id\":\"https:\\\/\\\/velarogverkfaeri.is\\\/en\\\/#\\\/schema\\\/logo\\\/image\\\/\"},\"sameAs\":[\"https:\\\/\\\/www.facebook.com\\\/VelarOgVerkfaeri\"]}]}<\/script>\n<!-- \/ Yoast SEO plugin. -->","yoast_head_json":{"title":"YALE Snjall Dyrabjalla V2 - V\u00e9lar &amp; Verkf\u00e6ri","robots":{"index":"index","follow":"follow","max-snippet":"max-snippet:-1","max-image-preview":"max-image-preview:large","max-video-preview":"max-video-preview:-1"},"canonical":"https:\/\/velarogverkfaeri.is\/en\/lykillausnir\/snjallheimili\/myndavelar\/product\/yale-dyrabjalla-smart-video-doorbell-smarthome-v2\/","og_locale":"en_US","og_type":"article","og_title":"YALE Snjall Dyrabjalla V2 - V\u00e9lar &amp; Verkf\u00e6ri","og_description":"Fylgstu me\u00f0 gestum hva\u00f0an sem er me\u00f0 \u00feessari flottu snjall dyrabj\u00f6llu","og_url":"https:\/\/velarogverkfaeri.is\/en\/lykillausnir\/snjallheimili\/myndavelar\/product\/yale-dyrabjalla-smart-video-doorbell-smarthome-v2\/","og_site_name":"V\u00e9lar &amp; Verkf\u00e6ri","article_publisher":"https:\/\/www.facebook.com\/VelarOgVerkfaeri","article_modified_time":"2026-04-08T06:32:27+00:00","twitter_card":"summary_large_image","twitter_misc":{"Est. reading time":"1 minute"},"schema":{"@context":"https:\/\/schema.org","@graph":[{"@type":"WebPage","@id":"https:\/\/velarogverkfaeri.is\/lykillausnir\/snjallheimili\/myndavelar\/product\/yale-dyrabjalla-smart-video-doorbell-smarthome-v2\/","url":"https:\/\/velarogverkfaeri.is\/lykillausnir\/snjallheimili\/myndavelar\/product\/yale-dyrabjalla-smart-video-doorbell-smarthome-v2\/","name":"YALE Snjall Dyrabjalla V2 - V\u00e9lar &amp; Verkf\u00e6ri","isPartOf":{"@id":"https:\/\/velarogverkfaeri.is\/en\/#website"},"primaryImageOfPage":{"@id":"https:\/\/velarogverkfaeri.is\/lykillausnir\/snjallheimili\/myndavelar\/product\/yale-dyrabjalla-smart-video-doorbell-smarthome-v2\/#primaryimage"},"image":{"@id":"https:\/\/velarogverkfaeri.is\/lykillausnir\/snjallheimili\/myndavelar\/product\/yale-dyrabjalla-smart-video-doorbell-smarthome-v2\/#primaryimage"},"thumbnailUrl":"https:\/\/velarogverkfaeri.is\/wp-content\/uploads\/2026\/03\/61972e7e-4425-4e3c-a4ae-0556496708b6.png","datePublished":"2026-01-07T15:11:19+00:00","dateModified":"2026-04-08T06:32:27+00:00","breadcrumb":{"@id":"https:\/\/velarogverkfaeri.is\/lykillausnir\/snjallheimili\/myndavelar\/product\/yale-dyrabjalla-smart-video-doorbell-smarthome-v2\/#breadcrumb"},"inLanguage":"en-US","potentialAction":[{"@type":"ReadAction","target":["https:\/\/velarogverkfaeri.is\/lykillausnir\/snjallheimili\/myndavelar\/product\/yale-dyrabjalla-smart-video-doorbell-smarthome-v2\/"]}]},{"@type":"ImageObject","inLanguage":"en-US","@id":"https:\/\/velarogverkfaeri.is\/lykillausnir\/snjallheimili\/myndavelar\/product\/yale-dyrabjalla-smart-video-doorbell-smarthome-v2\/#primaryimage","url":"https:\/\/velarogverkfaeri.is\/wp-content\/uploads\/2026\/03\/61972e7e-4425-4e3c-a4ae-0556496708b6.png","contentUrl":"https:\/\/velarogverkfaeri.is\/wp-content\/uploads\/2026\/03\/61972e7e-4425-4e3c-a4ae-0556496708b6.png","width":697,"height":723},{"@type":"BreadcrumbList","@id":"https:\/\/velarogverkfaeri.is\/lykillausnir\/snjallheimili\/myndavelar\/product\/yale-dyrabjalla-smart-video-doorbell-smarthome-v2\/#breadcrumb","itemListElement":[{"@type":"ListItem","position":1,"name":"Home","item":"https:\/\/velarogverkfaeri.is\/"},{"@type":"ListItem","position":2,"name":"Vefverslun","item":"https:\/\/velarogverkfaeri.is\/vefverslun\/"},{"@type":"ListItem","position":3,"name":"YALE Snjall Dyrabjalla V2"}]},{"@type":"WebSite","@id":"https:\/\/velarogverkfaeri.is\/en\/#website","url":"https:\/\/velarogverkfaeri.is\/en\/","name":"V\u00e9lar & Verkf\u00e6ri","description":"Umbo\u00f0s- og heildverslun fr\u00e1 \u00e1rinu 1919","publisher":{"@id":"https:\/\/velarogverkfaeri.is\/en\/#organization"},"potentialAction":[{"@type":"SearchAction","target":{"@type":"EntryPoint","urlTemplate":"https:\/\/velarogverkfaeri.is\/en\/?s={search_term_string}"},"query-input":{"@type":"PropertyValueSpecification","valueRequired":true,"valueName":"search_term_string"}}],"inLanguage":"en-US"},{"@type":"Organization","@id":"https:\/\/velarogverkfaeri.is\/en\/#organization","name":"V\u00e9lar & Verkf\u00e6ri","url":"https:\/\/velarogverkfaeri.is\/en\/","logo":{"@type":"ImageObject","inLanguage":"en-US","@id":"https:\/\/velarogverkfaeri.is\/en\/#\/schema\/logo\/image\/","url":"https:\/\/velarogverkfaeri.is\/wp-content\/uploads\/2021\/10\/vv_logo_350x100.png","contentUrl":"https:\/\/velarogverkfaeri.is\/wp-content\/uploads\/2021\/10\/vv_logo_350x100.png","width":350,"height":100,"caption":"V\u00e9lar & Verkf\u00e6ri"},"image":{"@id":"https:\/\/velarogverkfaeri.is\/en\/#\/schema\/logo\/image\/"},"sameAs":["https:\/\/www.facebook.com\/VelarOgVerkfaeri"]}]}},"_links":{"self":[{"href":"https:\/\/velarogverkfaeri.is\/en\/wp-json\/wp\/v2\/product\/79062","targetHints":{"allow":["GET"]}}],"collection":[{"href":"https:\/\/velarogverkfaeri.is\/en\/wp-json\/wp\/v2\/product"}],"about":[{"href":"https:\/\/velarogverkfaeri.is\/en\/wp-json\/wp\/v2\/types\/product"}],"replies":[{"embeddable":true,"href":"https:\/\/velarogverkfaeri.is\/en\/wp-json\/wp\/v2\/comments?post=79062"}],"wp:featuredmedia":[{"embeddable":true,"href":"https:\/\/velarogverkfaeri.is\/en\/wp-json\/wp\/v2\/media\/81130"}],"wp:attachment":[{"href":"https:\/\/velarogverkfaeri.is\/en\/wp-json\/wp\/v2\/media?parent=79062"}],"wp:term":[{"taxonomy":"product_brand","embeddable":true,"href":"https:\/\/velarogverkfaeri.is\/en\/wp-json\/wp\/v2\/product_brand?post=79062"},{"taxonomy":"product_cat","embeddable":true,"href":"https:\/\/velarogverkfaeri.is\/en\/wp-json\/wp\/v2\/product_cat?post=79062"},{"taxonomy":"product_tag","embeddable":true,"href":"https:\/\/velarogverkfaeri.is\/en\/wp-json\/wp\/v2\/product_tag?post=79062"}],"curies":[{"name":"wp","href":"https:\/\/api.w.org\/{rel}","templated":true}]}}