{"id":79061,"date":"2026-01-07T14:56:20","date_gmt":"2026-01-07T14:56:20","guid":{"rendered":"https:\/\/velarogverkfaeri.is\/?post_type=product&#038;p=79061"},"modified":"2026-04-09T06:33:05","modified_gmt":"2026-04-09T06:33:05","slug":"yale-myndavel-oryggis-inni-smarthome-v2","status":"publish","type":"product","link":"https:\/\/velarogverkfaeri.is\/en\/lykillausnir\/snjallheimili\/myndavelar\/product\/yale-myndavel-oryggis-inni-smarthome-v2\/","title":{"rendered":"YALE Myndav\u00e9l \u00d6ryggis Inni SMARTHOME V2"},"content":{"rendered":"<p data-start=\"165\" data-end=\"457\"><strong data-start=\"165\" data-end=\"222\">Haltu betur utan um heimili\u00f0 \u2013 hvar og hven\u00e6r sem er.<\/strong> Yale SV-IC-1A-W2-EU er snj\u00f6ll innanh\u00fassmyndav\u00e9l sem gerir \u00fe\u00e9r kleift a\u00f0 fylgjast me\u00f0 inni \u00e1 heimilinu \u00ed raunt\u00edma \u00ed gegnum snjalls\u00edma. H\u00fan hentar vel fyrir \u00f6ryggi, eftirlit me\u00f0 b\u00f6rnum e\u00f0a g\u00e6lud\u00fdrum og sem vi\u00f0b\u00f3t vi\u00f0 snjall\u00f6ryggiskerfi.<\/p>\n<h3 data-start=\"459\" data-end=\"476\">Helstu kostir<\/h3>\n<ul data-start=\"477\" data-end=\"1008\">\n<li data-start=\"477\" data-end=\"575\">\n<p data-start=\"479\" data-end=\"575\"><strong data-start=\"479\" data-end=\"505\">Raunt\u00edmayfirlit \u00ed s\u00edma<\/strong> \u2013 sko\u00f0a\u00f0u mynd \u00ed beinni og f\u00e1\u00f0u tilkynningar \u00feegar hreyfing greinist.<\/p>\n<\/li>\n<li data-start=\"576\" data-end=\"666\">\n<p data-start=\"578\" data-end=\"666\"><strong data-start=\"578\" data-end=\"607\">Sk\u00fdr mynd og gott yfirlit<\/strong> \u2013 h\u00f6nnu\u00f0 til a\u00f0 gefa g\u00f3\u00f0a innanh\u00fassmynd, b\u00e6\u00f0i dag og n\u00f3tt.<\/p>\n<\/li>\n<li data-start=\"667\" data-end=\"767\">\n<p data-start=\"669\" data-end=\"767\"><strong data-start=\"669\" data-end=\"691\">Tv\u00edhli\u00f0a samskipti<\/strong> \u2013 tala\u00f0u \u00ed gegnum myndav\u00e9lina (t.d. vi\u00f0 fj\u00f6lskyldu e\u00f0a til a\u00f0 r\u00f3a g\u00e6lud\u00fdr).<\/p>\n<\/li>\n<li data-start=\"768\" data-end=\"824\">\n<p data-start=\"770\" data-end=\"824\"><strong data-start=\"770\" data-end=\"783\">N\u00e6tursj\u00f3n<\/strong> \u2013 hj\u00e1lpar til vi\u00f0 eftirlit \u00feegar dimmir.<\/p>\n<\/li>\n<li data-start=\"825\" data-end=\"896\">\n<p data-start=\"827\" data-end=\"896\"><strong data-start=\"827\" data-end=\"849\">Einf\u00f6ld uppsetning<\/strong> \u2013 tengist Wi-Fi og er flj\u00f3tleg \u00ed uppsetningu.<\/p>\n<\/li>\n<\/ul>\n<h3 data-start=\"1010\" data-end=\"1038\">Hentar s\u00e9rstaklega fyrir<\/h3>\n<ul data-start=\"1039\" data-end=\"1246\">\n<li data-start=\"1039\" data-end=\"1101\">\n<p data-start=\"1041\" data-end=\"1101\">Eftirlit me\u00f0 <strong data-start=\"1054\" data-end=\"1065\">heimili<\/strong>, <strong data-start=\"1067\" data-end=\"1082\">sumarb\u00fasta\u00f0<\/strong> e\u00f0a <strong data-start=\"1087\" data-end=\"1101\">skrifstofu<\/strong><\/p>\n<\/li>\n<li data-start=\"1102\" data-end=\"1172\">\n<p data-start=\"1104\" data-end=\"1172\">A\u00f0 fylgjast me\u00f0 <strong data-start=\"1120\" data-end=\"1130\">b\u00f6rnum<\/strong>, <strong data-start=\"1132\" data-end=\"1154\">eldri a\u00f0standendum<\/strong> e\u00f0a <strong data-start=\"1159\" data-end=\"1172\">g\u00e6lud\u00fdrum<\/strong><\/p>\n<\/li>\n<li data-start=\"1173\" data-end=\"1246\">\n<p data-start=\"1175\" data-end=\"1246\">Notendur sem vilja <strong data-start=\"1194\" data-end=\"1219\">snjallar tilkynningar<\/strong> og <strong data-start=\"1223\" data-end=\"1246\">a\u00f0gang \u00ed gegnum app<\/strong><\/p>\n<\/li>\n<\/ul>\n<h3 data-start=\"1248\" data-end=\"1262\">\u00cd kassanum<\/h3>\n<\/p>\n<ul data-start=\"1263\" data-end=\"1406\">\n<li data-start=\"1263\" data-end=\"1306\">\n<p data-start=\"1265\" data-end=\"1306\">Yale innanh\u00fassmyndav\u00e9l (SV-IC-1A-W2-EU) og festingar<\/p>\n<\/li>\n<li data-start=\"1356\" data-end=\"1390\">\n<\/li>\n<li data-start=\"1391\" data-end=\"1406\">\n<p data-start=\"1393\" data-end=\"1406\">Lei\u00f0beiningar<\/p>\n<\/li>\n<\/ul>","protected":false},"excerpt":{"rendered":"<p>Yale SV-IC-1A-W2-EU \u2013 Snj\u00f6ll innanh\u00fassmyndav\u00e9l (Wi-Fi)<\/p>","protected":false},"featured_media":79816,"comment_status":"closed","ping_status":"closed","template":"","meta":[],"product_brand":[],"product_cat":[517,859,853],"product_tag":[1124,1144],"class_list":{"0":"post-79061","1":"product","2":"type-product","3":"status-publish","4":"has-post-thumbnail","6":"product_cat-lykillausnir","7":"product_cat-myndavelar","8":"product_cat-snjallheimili","9":"product_tag-snjallarmyndavelar","10":"product_tag-snjallvorudagar","12":"first","13":"instock","14":"sale","15":"taxable","16":"shipping-taxable","17":"purchasable","18":"product-type-simple"},"yoast_head":"<!-- This site is optimized with the Yoast SEO plugin v27.3 - https:\/\/yoast.com\/product\/yoast-seo-wordpress\/ -->\n<title>YALE Myndav\u00e9l \u00d6ryggis Inni SMARTHOME V2 - V\u00e9lar &amp; Verkf\u00e6ri<\/title>\n<meta name=\"robots\" content=\"index, follow, max-snippet:-1, max-image-preview:large, max-video-preview:-1\" \/>\n<link rel=\"canonical\" href=\"https:\/\/velarogverkfaeri.is\/en\/uncategorized\/product\/yale-myndavel-oryggis-inni-smarthome-v2\/\" \/>\n<meta property=\"og:locale\" content=\"en_US\" \/>\n<meta property=\"og:type\" content=\"article\" \/>\n<meta property=\"og:title\" content=\"YALE Myndav\u00e9l \u00d6ryggis Inni SMARTHOME V2 - V\u00e9lar &amp; Verkf\u00e6ri\" \/>\n<meta property=\"og:description\" content=\"Yale SV-IC-1A-W2-EU \u2013 Snj\u00f6ll innanh\u00fassmyndav\u00e9l (Wi-Fi)\" \/>\n<meta property=\"og:url\" content=\"https:\/\/velarogverkfaeri.is\/en\/uncategorized\/product\/yale-myndavel-oryggis-inni-smarthome-v2\/\" \/>\n<meta property=\"og:site_name\" content=\"V\u00e9lar &amp; Verkf\u00e6ri\" \/>\n<meta property=\"article:publisher\" content=\"https:\/\/www.facebook.com\/VelarOgVerkfaeri\" \/>\n<meta property=\"article:modified_time\" content=\"2026-04-09T06:33:05+00:00\" \/>\n<meta name=\"twitter:card\" content=\"summary_large_image\" \/>\n<meta name=\"twitter:label1\" content=\"Est. reading time\" \/>\n\t<meta name=\"twitter:data1\" content=\"1 minute\" \/>\n<script type=\"application\/ld+json\" class=\"yoast-schema-graph\">{\"@context\":\"https:\\\/\\\/schema.org\",\"@graph\":[{\"@type\":\"WebPage\",\"@id\":\"https:\\\/\\\/velarogverkfaeri.is\\\/uncategorized\\\/product\\\/yale-myndavel-oryggis-inni-smarthome-v2\\\/\",\"url\":\"https:\\\/\\\/velarogverkfaeri.is\\\/uncategorized\\\/product\\\/yale-myndavel-oryggis-inni-smarthome-v2\\\/\",\"name\":\"YALE Myndav\u00e9l \u00d6ryggis Inni SMARTHOME V2 - V\u00e9lar &amp; Verkf\u00e6ri\",\"isPartOf\":{\"@id\":\"https:\\\/\\\/velarogverkfaeri.is\\\/en\\\/#website\"},\"primaryImageOfPage\":{\"@id\":\"https:\\\/\\\/velarogverkfaeri.is\\\/uncategorized\\\/product\\\/yale-myndavel-oryggis-inni-smarthome-v2\\\/#primaryimage\"},\"image\":{\"@id\":\"https:\\\/\\\/velarogverkfaeri.is\\\/uncategorized\\\/product\\\/yale-myndavel-oryggis-inni-smarthome-v2\\\/#primaryimage\"},\"thumbnailUrl\":\"https:\\\/\\\/velarogverkfaeri.is\\\/wp-content\\\/uploads\\\/2026\\\/02\\\/d367c70b-ca79-432a-895b-0e12d7b1aa04.jpg\",\"datePublished\":\"2026-01-07T14:56:20+00:00\",\"dateModified\":\"2026-04-09T06:33:05+00:00\",\"breadcrumb\":{\"@id\":\"https:\\\/\\\/velarogverkfaeri.is\\\/uncategorized\\\/product\\\/yale-myndavel-oryggis-inni-smarthome-v2\\\/#breadcrumb\"},\"inLanguage\":\"en-US\",\"potentialAction\":[{\"@type\":\"ReadAction\",\"target\":[\"https:\\\/\\\/velarogverkfaeri.is\\\/uncategorized\\\/product\\\/yale-myndavel-oryggis-inni-smarthome-v2\\\/\"]}]},{\"@type\":\"ImageObject\",\"inLanguage\":\"en-US\",\"@id\":\"https:\\\/\\\/velarogverkfaeri.is\\\/uncategorized\\\/product\\\/yale-myndavel-oryggis-inni-smarthome-v2\\\/#primaryimage\",\"url\":\"https:\\\/\\\/velarogverkfaeri.is\\\/wp-content\\\/uploads\\\/2026\\\/02\\\/d367c70b-ca79-432a-895b-0e12d7b1aa04.jpg\",\"contentUrl\":\"https:\\\/\\\/velarogverkfaeri.is\\\/wp-content\\\/uploads\\\/2026\\\/02\\\/d367c70b-ca79-432a-895b-0e12d7b1aa04.jpg\",\"width\":2000,\"height\":2000},{\"@type\":\"BreadcrumbList\",\"@id\":\"https:\\\/\\\/velarogverkfaeri.is\\\/uncategorized\\\/product\\\/yale-myndavel-oryggis-inni-smarthome-v2\\\/#breadcrumb\",\"itemListElement\":[{\"@type\":\"ListItem\",\"position\":1,\"name\":\"Home\",\"item\":\"https:\\\/\\\/velarogverkfaeri.is\\\/\"},{\"@type\":\"ListItem\",\"position\":2,\"name\":\"Vefverslun\",\"item\":\"https:\\\/\\\/velarogverkfaeri.is\\\/vefverslun\\\/\"},{\"@type\":\"ListItem\",\"position\":3,\"name\":\"YALE Myndav\u00e9l \u00d6ryggis Inni SMARTHOME V2\"}]},{\"@type\":\"WebSite\",\"@id\":\"https:\\\/\\\/velarogverkfaeri.is\\\/en\\\/#website\",\"url\":\"https:\\\/\\\/velarogverkfaeri.is\\\/en\\\/\",\"name\":\"V\u00e9lar & Verkf\u00e6ri\",\"description\":\"Umbo\u00f0s- og heildverslun fr\u00e1 \u00e1rinu 1919\",\"publisher\":{\"@id\":\"https:\\\/\\\/velarogverkfaeri.is\\\/en\\\/#organization\"},\"potentialAction\":[{\"@type\":\"SearchAction\",\"target\":{\"@type\":\"EntryPoint\",\"urlTemplate\":\"https:\\\/\\\/velarogverkfaeri.is\\\/en\\\/?s={search_term_string}\"},\"query-input\":{\"@type\":\"PropertyValueSpecification\",\"valueRequired\":true,\"valueName\":\"search_term_string\"}}],\"inLanguage\":\"en-US\"},{\"@type\":\"Organization\",\"@id\":\"https:\\\/\\\/velarogverkfaeri.is\\\/en\\\/#organization\",\"name\":\"V\u00e9lar & Verkf\u00e6ri\",\"url\":\"https:\\\/\\\/velarogverkfaeri.is\\\/en\\\/\",\"logo\":{\"@type\":\"ImageObject\",\"inLanguage\":\"en-US\",\"@id\":\"https:\\\/\\\/velarogverkfaeri.is\\\/en\\\/#\\\/schema\\\/logo\\\/image\\\/\",\"url\":\"https:\\\/\\\/velarogverkfaeri.is\\\/wp-content\\\/uploads\\\/2021\\\/10\\\/vv_logo_350x100.png\",\"contentUrl\":\"https:\\\/\\\/velarogverkfaeri.is\\\/wp-content\\\/uploads\\\/2021\\\/10\\\/vv_logo_350x100.png\",\"width\":350,\"height\":100,\"caption\":\"V\u00e9lar & Verkf\u00e6ri\"},\"image\":{\"@id\":\"https:\\\/\\\/velarogverkfaeri.is\\\/en\\\/#\\\/schema\\\/logo\\\/image\\\/\"},\"sameAs\":[\"https:\\\/\\\/www.facebook.com\\\/VelarOgVerkfaeri\"]}]}<\/script>\n<!-- \/ Yoast SEO plugin. -->","yoast_head_json":{"title":"YALE Myndav\u00e9l \u00d6ryggis Inni SMARTHOME V2 - V\u00e9lar &amp; Verkf\u00e6ri","robots":{"index":"index","follow":"follow","max-snippet":"max-snippet:-1","max-image-preview":"max-image-preview:large","max-video-preview":"max-video-preview:-1"},"canonical":"https:\/\/velarogverkfaeri.is\/en\/uncategorized\/product\/yale-myndavel-oryggis-inni-smarthome-v2\/","og_locale":"en_US","og_type":"article","og_title":"YALE Myndav\u00e9l \u00d6ryggis Inni SMARTHOME V2 - V\u00e9lar &amp; Verkf\u00e6ri","og_description":"Yale SV-IC-1A-W2-EU \u2013 Snj\u00f6ll innanh\u00fassmyndav\u00e9l (Wi-Fi)","og_url":"https:\/\/velarogverkfaeri.is\/en\/uncategorized\/product\/yale-myndavel-oryggis-inni-smarthome-v2\/","og_site_name":"V\u00e9lar &amp; Verkf\u00e6ri","article_publisher":"https:\/\/www.facebook.com\/VelarOgVerkfaeri","article_modified_time":"2026-04-09T06:33:05+00:00","twitter_card":"summary_large_image","twitter_misc":{"Est. reading time":"1 minute"},"schema":{"@context":"https:\/\/schema.org","@graph":[{"@type":"WebPage","@id":"https:\/\/velarogverkfaeri.is\/uncategorized\/product\/yale-myndavel-oryggis-inni-smarthome-v2\/","url":"https:\/\/velarogverkfaeri.is\/uncategorized\/product\/yale-myndavel-oryggis-inni-smarthome-v2\/","name":"YALE Myndav\u00e9l \u00d6ryggis Inni SMARTHOME V2 - V\u00e9lar &amp; Verkf\u00e6ri","isPartOf":{"@id":"https:\/\/velarogverkfaeri.is\/en\/#website"},"primaryImageOfPage":{"@id":"https:\/\/velarogverkfaeri.is\/uncategorized\/product\/yale-myndavel-oryggis-inni-smarthome-v2\/#primaryimage"},"image":{"@id":"https:\/\/velarogverkfaeri.is\/uncategorized\/product\/yale-myndavel-oryggis-inni-smarthome-v2\/#primaryimage"},"thumbnailUrl":"https:\/\/velarogverkfaeri.is\/wp-content\/uploads\/2026\/02\/d367c70b-ca79-432a-895b-0e12d7b1aa04.jpg","datePublished":"2026-01-07T14:56:20+00:00","dateModified":"2026-04-09T06:33:05+00:00","breadcrumb":{"@id":"https:\/\/velarogverkfaeri.is\/uncategorized\/product\/yale-myndavel-oryggis-inni-smarthome-v2\/#breadcrumb"},"inLanguage":"en-US","potentialAction":[{"@type":"ReadAction","target":["https:\/\/velarogverkfaeri.is\/uncategorized\/product\/yale-myndavel-oryggis-inni-smarthome-v2\/"]}]},{"@type":"ImageObject","inLanguage":"en-US","@id":"https:\/\/velarogverkfaeri.is\/uncategorized\/product\/yale-myndavel-oryggis-inni-smarthome-v2\/#primaryimage","url":"https:\/\/velarogverkfaeri.is\/wp-content\/uploads\/2026\/02\/d367c70b-ca79-432a-895b-0e12d7b1aa04.jpg","contentUrl":"https:\/\/velarogverkfaeri.is\/wp-content\/uploads\/2026\/02\/d367c70b-ca79-432a-895b-0e12d7b1aa04.jpg","width":2000,"height":2000},{"@type":"BreadcrumbList","@id":"https:\/\/velarogverkfaeri.is\/uncategorized\/product\/yale-myndavel-oryggis-inni-smarthome-v2\/#breadcrumb","itemListElement":[{"@type":"ListItem","position":1,"name":"Home","item":"https:\/\/velarogverkfaeri.is\/"},{"@type":"ListItem","position":2,"name":"Vefverslun","item":"https:\/\/velarogverkfaeri.is\/vefverslun\/"},{"@type":"ListItem","position":3,"name":"YALE Myndav\u00e9l \u00d6ryggis Inni SMARTHOME V2"}]},{"@type":"WebSite","@id":"https:\/\/velarogverkfaeri.is\/en\/#website","url":"https:\/\/velarogverkfaeri.is\/en\/","name":"V\u00e9lar & Verkf\u00e6ri","description":"Umbo\u00f0s- og heildverslun fr\u00e1 \u00e1rinu 1919","publisher":{"@id":"https:\/\/velarogverkfaeri.is\/en\/#organization"},"potentialAction":[{"@type":"SearchAction","target":{"@type":"EntryPoint","urlTemplate":"https:\/\/velarogverkfaeri.is\/en\/?s={search_term_string}"},"query-input":{"@type":"PropertyValueSpecification","valueRequired":true,"valueName":"search_term_string"}}],"inLanguage":"en-US"},{"@type":"Organization","@id":"https:\/\/velarogverkfaeri.is\/en\/#organization","name":"V\u00e9lar & Verkf\u00e6ri","url":"https:\/\/velarogverkfaeri.is\/en\/","logo":{"@type":"ImageObject","inLanguage":"en-US","@id":"https:\/\/velarogverkfaeri.is\/en\/#\/schema\/logo\/image\/","url":"https:\/\/velarogverkfaeri.is\/wp-content\/uploads\/2021\/10\/vv_logo_350x100.png","contentUrl":"https:\/\/velarogverkfaeri.is\/wp-content\/uploads\/2021\/10\/vv_logo_350x100.png","width":350,"height":100,"caption":"V\u00e9lar & Verkf\u00e6ri"},"image":{"@id":"https:\/\/velarogverkfaeri.is\/en\/#\/schema\/logo\/image\/"},"sameAs":["https:\/\/www.facebook.com\/VelarOgVerkfaeri"]}]}},"_links":{"self":[{"href":"https:\/\/velarogverkfaeri.is\/en\/wp-json\/wp\/v2\/product\/79061","targetHints":{"allow":["GET"]}}],"collection":[{"href":"https:\/\/velarogverkfaeri.is\/en\/wp-json\/wp\/v2\/product"}],"about":[{"href":"https:\/\/velarogverkfaeri.is\/en\/wp-json\/wp\/v2\/types\/product"}],"replies":[{"embeddable":true,"href":"https:\/\/velarogverkfaeri.is\/en\/wp-json\/wp\/v2\/comments?post=79061"}],"wp:featuredmedia":[{"embeddable":true,"href":"https:\/\/velarogverkfaeri.is\/en\/wp-json\/wp\/v2\/media\/79816"}],"wp:attachment":[{"href":"https:\/\/velarogverkfaeri.is\/en\/wp-json\/wp\/v2\/media?parent=79061"}],"wp:term":[{"taxonomy":"product_brand","embeddable":true,"href":"https:\/\/velarogverkfaeri.is\/en\/wp-json\/wp\/v2\/product_brand?post=79061"},{"taxonomy":"product_cat","embeddable":true,"href":"https:\/\/velarogverkfaeri.is\/en\/wp-json\/wp\/v2\/product_cat?post=79061"},{"taxonomy":"product_tag","embeddable":true,"href":"https:\/\/velarogverkfaeri.is\/en\/wp-json\/wp\/v2\/product_tag?post=79061"}],"curies":[{"name":"wp","href":"https:\/\/api.w.org\/{rel}","templated":true}]}}