{"id":78586,"date":"2025-12-06T17:11:18","date_gmt":"2025-12-06T17:11:18","guid":{"rendered":"https:\/\/velarogverkfaeri.is\/?post_type=product&#038;p=78586"},"modified":"2026-03-30T15:17:18","modified_gmt":"2026-03-30T15:17:18","slug":"scandtap-handlaugartaeki-steel-wave-champagne-10010","status":"publish","type":"product","link":"https:\/\/velarogverkfaeri.is\/en\/lykillausnir\/badherbergi-lykillausnir\/hreinlaetistaeki-badherbergi-lykillausnir\/product\/scandtap-handlaugartaeki-steel-wave-champagne-10010\/","title":{"rendered":"SCANDTAP Handlaugart\u00e6ki STEEL WAVE CHAMPAGNE 10010"},"content":{"rendered":"<p><img decoding=\"async\" src=\"data:image\/png;base64,iVBORw0KGgoAAAANSUhEUgAAAP8AAAESCAYAAAAypQMiAAAAAXNSR0IArs4c6QAAAARnQU1BAACxjwv8YQUAAAAJcEhZcwAADsMAAA7DAcdvqGQAACeaSURBVHhe7Z0JeFRFuv4\/IAgEA4hGUWRnxgGUTTQ4qAEVFDCIbOp4h80ryvxnEBdkZlhmZFFxA2Sei6CAqCxeFkdWWQUBw+JFZZWRdSCIkyhBBMIS8j9v5VQ8NJ2kQ\/p0nz71\/ngOfZZK99neqq+++qqqRI6FEEKMo6T9SQgxDIqfEEOh+AkxFIqfEEOh+AkxFIqfEEOh+AkxFIqfEEOh+AkxFIqfEEOh+AkxFIqfEEOh+AkxFIqfEEOh+AkxFIqfEEOh+AkxFIqfEEOh+AkxFIqfEEOh+AkxFIqfEEOh+AkxFIqfEEOh+AkxFIqfEEOh+AkxFIqfEEOh+AkxFIqfEEOh+AkxFIqfEEOh+AkxFIqfEEOh+AkxFIqfEEOh+AkxlBI5FvZ6xNm5Y4f89NNP9lZw0tPTJTEx0d4iXuCrL7+UMmXKqHU8HyxODuw\/ICdOnLC3ROLi4iQ+Pt7eupAKFSpI\/Qb17a1cql5\/vVxvLeDUqVPSslUrtU7CS1TFHwrPP\/ucvPL6a\/YWiTbvvTtVxrzxhtSrX8\/e4y7btm2Tl195Vdq2a2vvIeHC8+L\/3UMPK\/HrksA0YBk9+vDDkpBQwd4TXX788QepVau2jJ84wd7jLm+OGSNJzZurhYQZiN\/L1KlRM2fpkiX2lnnMnzcvp0O79vaWNxjwzLP2mvuMHT06Z31qqr1FwomnHX6HDh1Sn\/ANmAr8HZcnXG5veQP9XEhs42nxp9kv2Y7t5orfizS\/jSa4H\/C0+HfYJb7OBIg3OHSQz8MPxETJv3PnTvVJvAHNfn\/gaW8\/PP0bN2xQ69NmzjDS47vq00\/lmaf6S8\/evew90SUjI8PKlNNk0rtT7D3uQm+\/e3ha\/HNmz1YBJXB6derSxdjmPrSt3\/CbG+yt6PLl5s1y+PBhGTZihL3HXfr26SPdrEKg1d132XtIuPB8O\/+G9euZ63sIPA8s\/fr3t\/eEH8Q2IOOfO2u23NkyWZ7o21dFApLwwth+4hkgepj5be66WzLS02X+4kUyYOBACt8lKH4SdeBARBj3k4\/3UXH9U96bKun\/ubC\/AAk\/FD+JGqg+QPQjXhgmnbt2kekfzpTOXbpIvfr1ZX1qqnyx6Qs7JXEDip9EHIgeLTlzrDp9v6f7y1tvT7zIr9OlW1epcm0Ve4u4AcVPIgaceClt2ynxo7NWYR22GNzlLvT2kyIx7f0P5PVXX5USJUtI6dKl8\/r1F0b2uWypVqO6NG3aNKS\/2bNnT146NPU1u6WZWifhg+InRQLPA4ubTX1OGOTjHjT7CTEUip8QQ6H4CTEUip8QQ6H4CTEUip8QQ6H4CTEUip8QQ6H4CTEUip8QQ6H4CTEUip8QQ6H4CTEUip8QQ6H4CTEU9uePIXAvsk6dkrLlytl7Ig\/G7f8hI0MGDR1q73EX9ud3D4rfg+gBM9anrrf3iBru6vpq18vhw9\/Jdddda++NPJiwAxOpfLJsmb3HXSh+96D4PQCGrn538uS82YgxC66XX\/gRw4apc2vdpo29xz0ofveIWJ0fgzdixNZlS5fae8jOHTvU0NVYICQMXY0FQ2R5+WXv2bu3GnmXxDYREz9GYsWkm337PKFKDszOYiqwZpARTpk0WQ1dDcHHUsmmR9w1+Rn6gYh7+6tWrWqZuFMkucXtSgQmAbGglEepGcrQ1V4myaqa0IqLbSIufrzwg4YOUeuPPvyIygRQJfB7KQIT\/1GrtG99b5uYFr0G1RRcE4ldotLO38uqM2ISxk6dO0taWpoMfG6ANG3YSJnCcPAgM4ATzC9MmTxZlfjj354YESdZJEDmpR2UJDaJivgBXh6UgKvWrlGWQL169ZRP4M0xY1VmMNfKAPwARH\/csmqQ2cV6aU\/8RdTEr4EgtCWwe\/8+mTZzhlr80LQD4aNuHKkJLggpClEXfyC6TTfWxY\/qC8Css36F8+bHNhETP0o\/lOx+KNELQ\/ksDh5S1Rq\/Ak9\/\/Qb17S0Si0Qswg8OPLT1Y+51Z4kBZ9iyJblNRqgCYJ52ZwYRaxF+EAXa79F272ciFeXnZoQf3kn4lpxh1MjQUFDhXYUDGhl4sGvEe\/vzzz\/Ln\/r1s\/fkoi2+QDpZFqDXfD4REz9uCpx5zvp8r+49ZM1nn6l1J9179pChf\/+7Wo8l8aO5Es150yzh+90khjAikcG5Jf4PZ8yQf4wbJ2fPnpWSJUtJ+fLlpYS1\/\/Tp02p24BMnT0rlK64I+iyRwSNYrV79ejJ\/0SJ7b+67iubrYHjRjxW1Oj9u4N69e5SXf\/6ihapKAM8\/tlcsWx6TAUBw8A3+21DfCx\/PJpZNfsQnDPrLX+W7w9\/JgIED5fMN62XZyhWy1Fpgee7du1e+P3JERV8GPktYC3jOiYmJkpBw4bEddtxDv\/5P5Tmu9QKL12tET\/y2qY+2b31jYBYhpy0VFxdz4sf54kWJFSulOKBag\/j+WGXs6FzTHKIMdMiiCgArAJGo0z+YZu\/9BQgfXGcdD2SnHfeAaoK2VvTixQIhamY\/6oxr16wJ2jW0c8cHJbllsqp7QVRI72Vg7t\/TspV0faibKknCCa4fCwJq8DtZWVlStmxZ+2jkyczMlMqVK8sHM6bbe9zFDbO\/bs1aStyr16219+QCYcMinThpkvR57DE5fvy4skZ1XR31\/JHDhsv4iRNUBgicVR9UhRCrguO6cENEp2cDuyD+SDB29OicOjVq5gx45tmcpUuW5KxauTLnzhYtcg4ePGinyGV9aqpKh\/R62+sMf+GFnNmzZuVMnjQp5\/772hb7nI8dO6auH9+F796xfbt9JPrg2vSziQT4rXC+A\/r9euK\/H7f35IL3EvvxHMEj3R5S2\/q38Qz0+wtwHIsTHMfStGGjnPtat1HvN5bnnn7GTuEtIm72z50zRzlLHuvVW9IOpUlK23b2EZEnH++jFgDvaCyA+iNKZZiPCFZCtQUdd3AdlxKijNIFTsOqVmmDwKfBQ4d6sr4Y6zh9FmiaxXs56rVXg8Zl6A5ZsBbg0wkGnnVCQoLyWX265jNZvHSJvPLaa1IhoYJ8NHeusii8RkTb+Tdv+VqZ\/QjnRVw\/bpST5VYVAHUjmE1eaxbJj+EvDLugPR\/nj+1ej\/VWLwzM1lA6LSENMgwdCuzn4KBoouveunkPwkc4ec\/evfK953iGO3fuVM81v7o73tcvt25Rz06nQVWlp\/UeAE92grItAE8QzLwNp8kXblB9gVleEDAjYb4jbX7AzEcabXJ6mVg3+8Gdv22R0\/jGm3L++dFHF5jyGjwPHMcxrGtzPr9Fnx\/SYnGCY0gTyXsWKlHz9gcjlsxblNRvjh6jLJqCQGmCqgCcdnAIBSsBYCGghGBpHxlSHuggFSpWkKGDBsutSUkXRWKipIezD9YpSnE03QUuqAJgUetWqQ8LAj1TMRybE131S8jHYogqdibgWbxa8iMnL2pJDecmnESwFnQJge\/xYqmQH34o+bXzDgscf9rpjGeCZ4P9KPkDndFOAh1++Fv8DRZtweITVga+r6DvihYRD+8NFeSmqEd5salPB3pcaoQbnD+wGh548EFZuWJFTIUC66bHwiyecBHupj5YbHCoZp8\/L6ezsuTAgQP2kV+45ppr5MVRo1Rzc37AigPOZ6f9B6BR48aSkZ6u1uFP6PXYY2rdS0S8nT9Ucs0rb7bzwzEHh15xzgsv4V13JsufBw2SLl1jx9yPdfEj40bGqyMxkRE7q2Jokw+l+gmhg8CqGr7fORZFqN8XDSJa8ve1RAOv6c3NmkmL21vYR4KjH7jXxI\/z0WPwFQe8dBPGj5fZH31k7\/EGCL4CsLzqWy9t4L33ivhxDgin1dYkmkRJ0YiY+DUdUzrItq1bVTx\/KDmi18SPuITidtzRpmdxv6eooITDbxfEKy+Pkq+\/+sreygWOLTwrtI2fPHFSDqUdkt93724fdZeZM2ZI3bq\/kuzsc6p5DmLH0G9OYGI\/\/+fwRla6iVfe54iLf+GCBfLUH\/+kvKyh1HW9JP4xb7yhQmuf\/MMf7D2XBkozlKxe9O7rEFUNnhN8L5gtCM9h1cqV8sOPP6oAlkiAe1WlyrVyReUrVOaFcRJgRQaeYyz5TTwDxB9pEAYbqsfYS97++fPmFbs9Xnv8vQquDfc8P+\/0FOvZDXj2wnZxNynI249zxLFYiI\/wIlFp50cYbKTqjOHk\/pQUZarrgR4uJWoLrQRD8gkR9QKwRlDCx0KEJc4R58r4iEvDU0E+sUBu0Ed\/5fBDaG9RZh+Ckw\/15lgKZiL+heK\/RFDqoJ6JkgfOO930kx\/IIEKJCAwFVfe1vdz5geP5WSY4pr32l2K9EH8QcYdfUSmOww8veWGBRQf2H1CjssSXj7f3FB2U5AjrhDcaJn2wkj1cTj7cDwwVpeMggoHr1j0DAx1hOI\/AeAs0vX44e5a9VTBqNmErw4ikww\/P\/1LfAVIAqubvYdx2+MH5GI7fgNNJO\/Oc4bsgXE4+\/IbucJKfwxTXAqck0gT+Js4D+xFyinTY1v3YcR9CwUsOP1I8jDf7YRnosdeKA74nsCqAvvkgHE6+O277rQodjYuLs\/dcDH4HVsH+\/fvtPRei+5RjdBmcI84X49SBDY4RbN1AVzOIdzBe\/BiIo7CqQVFBSCf6daNvfts290rdunWL7eT77rvvVIz4itWr7D0XA3Mfbd7rNgQXWTAPvs4Q0I5PzMJ48cPh5daEk6iTDx85Up4b+Ly959LB6MYIYS0oIhBWB5b80iBTQuaAKdLVqEl9+si7kyZL7dq1Q\/ZF1KhRU\/lISOxjtPjhgUe\/bWe0WLhpdkuziIbwFgSuVw9fBRN87549gsHqE69OVM7BUIBjFOPak9jHaPE7m7lgMvsdeOpR6mOQCgw5tXTFCmWdbFi\/IW\/sRGIORovfKXgT2rvRGxE4B6GEua+nRzchA7wU8G6EGsgVS\/hG\/Hg42qMcyoIH6nT0mSB+bdoHVkP0EFNwUJoInJ7orYnx\/PXS5KaGKsZg08ZNKpTbOTwXtoMtzncIQV\/6O\/FdsKy89o75Rvy4sWjmCnVBaC4cYIOHDlEjCsfKUOHFofltuYEyugkS4L6h1Nfddk3jnbffliF\/HSTp6enSsFFDufueu613obPyg0DAj\/XsqVpJ9AxF+n4FW7R1gEwDzbLIVNFCk2Tdd\/wderN6ybryjfjx4qIuC2rXqW1HwOW\/YE42\/A0W3ebtd5DB4d6gFOvdo4c83e8pVWKB4g5OEotAkC+PfFFNzjn2H+Nk7scfy4R33lHRi5OnTrUswzQ5efKkiovQ1pKOCcHw82iBcS46ChHVK2SmaHlBC81bEyeqAVoxB6BuWvUCvhE\/Hg5eYGQAh9MOK1HDmZXfEss9wZB5FRbuqjM4J8jg8FInJTWXrKzT8v3336vhyDCwSmHf50f0lFvwgTivHyU4Rp2CgAHCoXWJrauKGOUoGEinwrgD7r1O76mqlR3p51mKGtqJsNqG9RuoMFhniG1+hCt0NFi4LX4f34\/QWa9Nu3Wp4HqCXSvChHUoLsKGA8H+S7nXbob36jDoQBAWrUfh1eHP+hxwDNs9f98956Z69dW7hhGAC3u2+nu8NPaALzv2wLSCSQcztzBz\/lK+PxhDBg2Sxk2aqJIhv+Gm4F+I1Xo1OkCBkydPKNM30HKCH8WJmrrKulbEFaAkxNz3uopVFHTHHm12h\/P+wRmnpohf\/Msc+wiRxvsDkx2\/pTtC5VYX+yvnHWJD8HeNmzZRQ56heoB5\/teuTw0a04F3DPcHloRzRp9o48umPjjy8KBCqccjkwgX+qHiM9SgmVgBoscSKvre416E42WHKe52cxuEjzn7UA3IL5OBOY+qJUSM6M15CxfK3ffco3wDyCgC0cJHZohqqVeEr1Dlv4cprskH0xumFsxHfAZWBaaE2JutMIKZwgAmMK4Bx4OZw7ECrkEvwa4V+zAlWX7mr\/7booLvdf52ONE9JAHejWBmuZ7Eo6Dp1nRvycBelDh37HdO5OElfFPyI4eFGefMfRcvWiTJLW5XzS4w3fCJ7Q\/ef99O4T4oAWG2hmqJxCq4Pi+PUR8MnC\/4y\/MD1buBEj2wOqMDo3BdsDzQTIp3zUmw5worAu+cNvW9eF98afZrXhwxMm\/ONd3EB7Pr7QkTPNXkQqJD78f\/W33O+t\/\/lXtat76ouRMC1u8PBA7xjxw2XMaOvtC816M4oUkQYGg3VB+0P8Grmb5vxQ9xnz17Rj04PFSUTFgwACc6pugcnZhLzvnzqi4OPl+3Tv7Y9w\/yklWP79Wjh\/w2qbkS8FWJiXnh0BAxekUioEeP3QhLQAX0WN8DSwJNfeg\/ARDcg5iKXKdh7lLYcG+RxLfi1+2yaMd2ggcIM9xt5xHxNng\/EOCE92HUa69KqVKl5JPFi2XS2+\/ImtWfyamTJ1V03tIVyy9w0qlh2qwSHQLHrLywBOLj42XMm2PVdzktSqSB6e9cvFTo+E78mNQBIBcuc1mZvEzAyZ7de+w1YioQKkp0WIKo56OX46q1a1SoNxZsBxs\/AXV3mPIIjNJpt+zYLsmtWqnjGJY+MPLPuaAJ0Sv4Tvww1eD4Q4QWml9GvDAsLwNAsx46WMBs0\/3aSS5whKIkhDmrnVpeto7wTHGOOFecM84dbfBFAaJ3iltbhaHEIiATCDWtV\/FNkA9eVB3cg5F58AlnDUDujO\/ACwLhw2zT8+ShTqY7bRQH1OfgU\/Aigd7pYAQG6ThBPbdWrVpSrXo1NV1ZsCCfwtDxFEX1eqOOjNDYrKwsOfjvg7Jv3z71DPMDzzpWiHbG4Wnxa7ECLeCigNIBkXb67yBQvHy6iadD+\/Z5Q3glNU+yfuPSTbJQMymvAmsJoGkKAUroAYhPCA\/3zJmBYL2oGZ22vlC6FgU8M+d9xTp+Xz9bRFM6M3qY1iQ0PC1+mOjLly1T66iPFfXFKYy+Tzwhy5bkOmi6PvSQvDTqZbVuIhAURB5Yx9UUV\/yXSjDxBwOWHzKBWM6AI42n6\/zOenm4hQ+SLHNWc\/sdt9trZgLR5Cf8WADnTuEXDU+LX9cPUed0gxsdDqL2999vrxFiBp42+2FewhGF9lY0u7gB6rpwYm37Zqe9hwQDZnXnjh2lhPUPcwjElS5tH3GXc2fPyrXXXislSpaUWXPnxLR14jU87+2HODFqCtpP3aBJw0ZStkwZSd200d5DgjH2jdEyd+7cvAEuIs2+vXvl4UcekaeeedreQ4qL58WP9meE57pVn7s7uaVUubZKsTz9JqAdftGqV2vHH+v14cPzQT5obipq23BRgPB10x8hJhHVkh9NM4VFkX22erXcmZxsbxWNXbt2yb49e+2t4Gz64gupUb26XH311fae2ObhR38nX3\/5lZpZJz6+vJS3Pk+cOKkG4tDTbGFUnho1a6h1jFqr0wXiTLdk8ScY+0FtZ2ZmStmy5ay9ua8OfCbh5PsjR+SaKlXUOn6rUqVKstp6D25Nai5NmzZR+0O9poLSgYyMDGOdvZ4v+S9V+KFS3bIs\/CJ88OLwEXLgwH71ko8cNizv5UeYM\/YBjHOg153pwPtT38s7NmH8eJX5gnPZ52Tz\/\/2fGvgTy6wPP1R9JL4\/8r06Hk6mT59ur4ls3LBR5n38sTRq1EiqV6+mIv70ub71P+PzzhXniW3gvCZcu94PcO36mvBd61NT1bqRoOQ3mXCPDhNNMHJMSrt2eaPRYPQY5zrm5dcjymBQUX0MnxjMEqMcBabDwJPOdM7vS7q5Wc78efPUdjjBiDi4Fv1bOAcsAL+rzxUL0upzxag7Guc1Afy985oGDnheDbxpMhS\/T8SP6+j+X\/+l1p2CdYoF6wUJ25luxfIVecOOOdNhOCtsAwgf6cINBI3zwPno54Pf1L+Lc9i5c6dKg8WZASBT0+mc1+RMh\/Xf3pqkPk2G4veJ+PGSd3qgY1BhQyx48QGOOzMAHNPj0znFAuEXlFHg+3Dv3Lh\/d7ZokSdYfL8+P2cGgPPTmQQWZwaANMgEQGAGgAzrpZEv5l2LyVD8PhA\/St9XXn45TwTBSmzswzrSBGYAgcLWYtHpNM50OPa3IUNduX8P3J+SJ2yA89G\/i3PAApApaNNdX7u+JlyvzgBwjs6MIqnZLXnfbTIUvw\/EP\/r113Pa24IFEEoowsa6M51ed6YDzglHnN\/3jzfHuVbnx+85BYt1jTMDAPAPONM5z1Wnc36f87tMhuL3gfhxDePGjL1ILMEEi316PTBdUZ2A+F037p8WJ35PXxPA7zrPwSlsfa6B1+R0Aurv6\/+nfnnHTYbi94H48cLj5d+0cWOeWPBy49qCVQEKEoszXWAGEOgERFXDjfvX6s7kPNHid\/U1BTtXnQGgCrBp46ag6ZxOQOxDtQIZgOlQ\/D4QP8ALrs1zLRZQmLBBoFgKcgJiXaf7f0\/2dc3sx7XklwHgN53X5MwACsrUnN\/X+KaGqsXAZCh+n4gfwPmF6wkUC9Y1zgwA6bCen1gCM4rA78NvuXH\/9Pc7nXbBrsl5rjoDwPno9cB0+NTft2rlypzWd92l1k2F4veR+PGy69LcKRYAATvF4swA8istnbPPOjMAgFL0wxkzXbl\/8MY7f1eLGfsCMwCNMwMAOPdg1wTnoE6HNLoaYyIUv4\/ED9CG\/efnB6r1YGLRInBmAPjU64HpCnICuhXh161zF3UOzqqHPh\/nNQFchz6GdFrYWM\/v2pFxQfT4fmQGpkLx+0z8SpRWyakF6xQLFlyv02mn02FffmIJzCh0BgDhux3hp38XQtXCDrwm57kivTNdfk5AZACYY5\/iNxi\/iR8lNRaIRZecTrEApwicwkZ6CA4EE5VzHekgfDfuHyL8kBnhHJwZAD7zcwI6WyKQTmcA+pp0Ouc1PdKtm7KUTIXi95H4IXqY4k5hF1RaapwZANJhPZhYnOnwededya6U\/GiK05GFOAdnBgCBa6ddsGvS54r0+trxjPW6Trdg\/vwL7oGJeH4kn+KA0WecQ04HY\/\/+\/WqMOEzeGaskVKighjm7vfltavCTo0d\/lKuuyu2\/npGRLgkJFdT1YQaj7OxzajuQI0eOSBW7D\/3x4z\/JZZeVUX+TnZ2tvi\/tUJpcZm2fOXPGOnaZSnfWWsfYenFxcWo7XDh\/Q2G9oqdOnZIaNWvKlVdeaZ3PUTU\/XuA16XPV1+5M5wTpMOb\/zNmzXBkVOlbwtfhDAdM9YWIKDg9VMCnt2uWNqPRDRoacd+m1yT53Tn2WsjIUrFexMmaAgV+e6NtX7k9JUduk+Phurr6ighIA00+RgoHwUUpi2bx5s5w5fdqVBSU5FqwfOHBAzp49q36zcZMmlmWSmxGQ8GB8ya+nacYgoSQ0cM8iMdssB+10F+NLfpiTeh45QkzCePFjgseCZn0lxK8YLX5nSwBLf2IaRovfKXg4\/ggxCaPF7xR8YfEAhPgNo8WPmXoGDx0i02bOkE5duth7CTEDo8WPtmssaEoyOdKLmInR4ifEZCh+QgzF+Ag\/OPoYQRY6TRs2khzrX4UKF3cOCjdZp7JUHMb706fLzc1utveScEHxU\/xF4o99\/yC\/79Hd3nIfTBzatl07aZ9i5ky6bkLxU\/xFAvH2\/fr3t7fch\/H97sE6PyGGQvETYigUPyGGQvETYigUPyGGYpz469aspRZCTIclPyGGYpz4d+\/fpxYM30WIyfhW\/Clt2wUdneenn36SJx\/vI8NfGGbvIcRMfCv+nTt3qgxg2dKl9p7caD7sW75sWURi0wnxMr4V\/\/iJE9Rn3z5PyIhhw1SY6KMPPyJpaWnSr\/9THKqbGI9vxY9ReuYvXiSNGjeWj+bMtcQ\/VmrVriXzFy1Useks+Ynp+NrhB5N\/7549cuzYMTUP3b69+2TO7Nmq3k+I6fi2Vx9mlcF4\/AkJCcrEx3Bdzz\/7nNpXtWpVtQ89xdirr3AWLlggixcukho1a1gZ6jJZumK5fURUNerpP\/WT2nXqyOUJl6tJMQ+nHZZ72rSW9vfn3w33i01fyPQPPpDKV1ZWf5Oenq4y5569e13wd5gj8LrrqsrV11ytJuns\/8wz9hFSXHxb8kPk9erVU6Y\/qgAYow9TTKG+jxd27OgxdkpSGDu2b5cTJ09IYmKiHMvMtPfmcujgQfnmm2+kXLly6h4jTeaxTPU3BXHcsr6OZh7N+xsAKy3w77KyTkvFShXl9OnTsvvb3fZeEg58K36IHMIPHJgT9X3U++s3yJ1xlhQOSmYIFNZT2XJl7b2\/UCqulLIK9ICoSBs4LXYg8eXj874TC55T6dKlL\/o7bOMYFvwNCR8+Fn9\/1c4Psz5wwX68cISYjG\/Fj3n3W95+h2reC1zQ\/Ddn1mw7JSFm4kvxw5v\/pl2nhwMJ3HjTTdKpc2flAIQJOeRvQ9V+QkzFl+JH3D5GfUWgz+ChQ+We1q2lvFVfhIcfTr9SpUrJDsb2E8PxrdkPjv54VH3Cubdn9x61jrr+DfV+I8uW\/BL2S4iJ+Fr8Bw7st9dEMjIy8jr6XHXlVQz0IcbjS\/EjaAeBPBjzHY4\/tPODES\/kxvjPnzdPbRNiMr4t+Qf\/baiUKFFCmfcw9Vu2aqV68yHGH\/6AXo\/1tlMSYia+FT9K+6+3b8vrvffOlMkyaOgQFfyDKbm1NUCIqfi6zg+cEX69evdWwT+M5SfER+JfMH++NLjhN3kDdBa2oOMPISbjG\/EjThydPypWrGjvIYQUhG\/EX9Uy79GLD333AdZHvfaqbN7ydd6gnc4FwT6EmIxvxI+6PXrxrVq7Rjn10I4\/8LkBaj55DNjJQTwIuZBSf7ew130BhueCQw9NefDoo0soevLNnTNHJox\/Sw4dPCRSQqROnToqfdqhQxc4BcnFLF+6VHbt2iXlypaV1M8\/l8ZNmqj7huXLzZsldd3nckWlSqralXn0qGzatEmyTmXJlVddmZcucMHfbdmyRT0f\/M3WLVtl9+7dcnlCghq0Q6f7+J\/\/lPLly0tmZqZkpGfIg5062WdFiosx8\/Mj3n\/KpMny+bp1cuTIEbk1KUmZ\/sgY6P0vmLGjR8s\/3hwniVdfLen\/+Y9UrlxZyloZATh95oz8kJEhJUuWlAoVK0rJEiXk559\/Vv0nrrjiCpUGVbGsrCy179y5cyr+Aq\/d+fPnpaS17\/LLL5eTJ07I2bNn1br22yAz+eGHH5T4T506JbdYz+yD6dPUMVJ8jBA\/xvJDsA+EjlF88OLececdMn7iRIo\/AowYNlxlumetjAIZQ+euXWWuVQ27JelWGTtunJ2KRBrftvND8Bizr8lNDVX\/fZj9AF18P1m+TAmfRIb9+\/ZZpXy2pHTsqErx9ampykrQw3eR6OCrkl+X8PhECC9AjH\/re9tI5y5dgo7ew5LffZ55qr9sV2Pz5ahOVQcPHpTrq1WTMmXLyJSpU3MTkYjjm5L\/0xUr5a8D\/6xKeDj9UMJjrL7V69aqPv0ctit6oHw5YZn7yS1bytatW6Xl3XfJ7m+\/lfp8JlHFNyU\/SnAM0RUqdPhFjl7deyjP\/amsLLnxphtl\/eep0j7lftXN+i1Wv6KGb8SPvvpwIoUKgoJQFaD43QfTpa1ds0YqVqwk27dtk4F\/+Yu8OmqUPPBgRxk+cqSdikQaY5r68oPid59unTurkZQaNGgg57Kz5d8HDijLK650nLzyGudMjBa+9fYT79CwUWPV5g9H33eHD0vHTp3k05UrVTs+iR4UP3EdOPcQyXdHcrIK5EHEYO06tdnUF2UofuI6iAjMPn\/eqmKlyg033CAVK1WSEydOyJ49uYOqkuhA8RPXgVspJ+e8tE\/pINt37JBq1asp8Tdp0sROQaIBxU9cB51yjv90XBbOnyddunaVtZ+tUcFXLPmji+\/Ej+i+lLbtgo7eg1BfhPzqIbxJZKhTt47qsIMgnxnTpkmbtvfJju072JsyyviqqQ\/tye9OnqLWMZgHovqur5b7guFlQ7Mewn4xZRcCfHCcTX3u0+auu1WvvOus0r70ZaVl+9Zt0rhpU0lMvIpNfVHEV0E+mJgT7ccYsTe\/UgWWATr6IPwXYb8Uv\/u89T\/jZcknn6imvurVq8tvrIy5ZAmR7PM58tKol+1UJNL4xuxH+CgoSPgAA3ykdOigLAESGVYsX6569tWsWUMO7N8vC+bNk6WcLi3q+K7OrzOBgjh48N\/2GokE9erXk2uqVJFjmcfkqsREaXDjjard\/8iR7+wUJBr4Rvyov8fHx+eN14eRe5xg\/D6Y+Die\/p90aX4bTf1IcTjtsPV\/jurPj1F9EOiTUKECm\/qijK8cflMmTcqbjqsgOnR8QP4+bJjq+ss6v\/vo\/vxnTp+W2rVry7fffiu169SRElbFn\/35o4fvOvaghNeDejhH64UfAJ5\/CN0pdorffYYOHiyLFy6SBzt3kjmzZkv7DinyibXd9aFuMmDgQDsViTTs1Ufxuw569WUezbyoP\/+ZM2fY1BdFfFPnR1Mfpt+GmDUo+dH2j+AeZ5APx++PLLffcYeULFVSqlWrJmtWf6YmTMWMyXD6kejhq6Y+1Ped4v9j374q6Ac+ALT\/w\/THMF8dUzowA4ggGLATw3THlSolDRs1kjGvvyFt7r2X4o8yvmvq08AS+Ne\/\/qUi\/TBlFyL6MKMPpvDKzj4nI14YZqckblO\/wY0SF1dajcGv+\/MvX7pM0tPT7RQkGvhW\/HD6gX5P91defQ2G7sLAkYzvjxzoz59hCf3edu3UxB3oz8+hu6OPb8XfvHlzKV36sqCj9pYtW85eI5EA\/fkxDdf7U99VvfnQnx\/t\/uzVF118J340JcGpt96q+19WurRV559sH8kFPoH58+ZdYA0Q98AMSV9\/9ZWaj6\/ur36l5vE7d+6sZfJnyNEfj6rjJDr4pqkPEX3DrXr8xg0b7D2\/MG3mDNWch+g+eJmd+9jU5y6YTwERl8mtWqrtcuXKKXN\/1ze71LP6fY\/uvP9Rwpft\/KjPIzPAsj51fV5nn9899LAq8TGDr37hKH53wf3F0q9\/f3vPL6BpFvee9z86MMiH4neV96e+J2Mtkf\/617+29\/wCMucx48ZJcstkew+JJBQ\/xe867e69T+5re5+9lQua+b7d9S+ZOXuWvYdEGuPFj2AfOv\/cBeZ9oNlfUHWARAbfNvWFCoVPTMV48RNiKhQ\/IYZC8RNiKMY7\/Ij7dHrgAWnZqpW9lQtiMRDzP\/fjj+09JNJQ\/MRV3ps6VUa9+JJUqVLF3pML5u77\/sgRWb7qUxXvTyIPzX7iKqVK5r5i8eXjL1zi46WkdWzL11+r4yTysOQnroOwaoynEEh++0lkYMlPiKFQ\/IQYCsVPiKFQ\/IQYCsVPiKFQ\/IQYCsVPiKFQ\/IQYCsVPiKFQ\/MR1MF2aHrnHuRQ2lTpxF4b3Ete5pUlTNUR3ICuWL5ePFyywt0ikofiJ6+QXwx9sbD8SOWj2E2IoFD8hhkKzn7jOzY0by\/nzF79mFRISZPW6tfYWiTQUPyGGQrOfEEOh+AkxFIqfEEOh+AkxFIqfEEOh+AkxFIqfEEOh+AkxFIqfEEOh+AkxFIqfEEOh+AkxFIqfEEOh+AkxFIqfEEOh+AkxFIqfEEOh+AkxFIqfEEOh+AkxEpH\/D6O\/ml5gY8U6AAAAAElFTkSuQmCC\" alt=\"\"><\/p>","protected":false},"excerpt":{"rendered":"<p>Tegund:&nbsp;10010<\/p>","protected":false},"featured_media":81675,"comment_status":"closed","ping_status":"closed","template":"","meta":[],"product_brand":[],"product_cat":[580,542,518,616,550,517],"product_tag":[],"class_list":{"0":"post-78586","1":"product","2":"type-product","3":"status-publish","4":"has-post-thumbnail","6":"product_cat-badherbergi-lykillausnir","7":"product_cat-badherbergi","8":"product_cat-honnunarlausnir","9":"product_cat-hreinlaetistaeki-badherbergi-lykillausnir","10":"product_cat-hreinlaetistaeki-badherbergi","11":"product_cat-lykillausnir","13":"first","14":"instock","15":"taxable","16":"shipping-taxable","17":"purchasable","18":"product-type-simple"},"yoast_head":"<!-- This site is optimized with the Yoast SEO plugin v27.3 - https:\/\/yoast.com\/product\/yoast-seo-wordpress\/ -->\n<title>SCANDTAP Handlaugart\u00e6ki STEEL WAVE CHAMPAGNE 10010 - V\u00e9lar &amp; Verkf\u00e6ri<\/title>\n<meta name=\"robots\" content=\"index, follow, max-snippet:-1, max-image-preview:large, max-video-preview:-1\" \/>\n<link rel=\"canonical\" href=\"https:\/\/velarogverkfaeri.is\/en\/lykillausnir\/badherbergi-lykillausnir\/hreinlaetistaeki-badherbergi-lykillausnir\/product\/scandtap-handlaugartaeki-steel-wave-champagne-10010\/\" \/>\n<meta property=\"og:locale\" content=\"en_US\" \/>\n<meta property=\"og:type\" content=\"article\" \/>\n<meta property=\"og:title\" content=\"SCANDTAP Handlaugart\u00e6ki STEEL WAVE CHAMPAGNE 10010 - V\u00e9lar &amp; Verkf\u00e6ri\" \/>\n<meta property=\"og:description\" content=\"Tegund:&nbsp;10010\" \/>\n<meta property=\"og:url\" content=\"https:\/\/velarogverkfaeri.is\/en\/lykillausnir\/badherbergi-lykillausnir\/hreinlaetistaeki-badherbergi-lykillausnir\/product\/scandtap-handlaugartaeki-steel-wave-champagne-10010\/\" \/>\n<meta property=\"og:site_name\" content=\"V\u00e9lar &amp; Verkf\u00e6ri\" \/>\n<meta property=\"article:publisher\" content=\"https:\/\/www.facebook.com\/VelarOgVerkfaeri\" \/>\n<meta property=\"article:modified_time\" content=\"2026-03-30T15:17:18+00:00\" \/>\n<meta name=\"twitter:card\" content=\"summary_large_image\" \/>\n<script type=\"application\/ld+json\" class=\"yoast-schema-graph\">{\"@context\":\"https:\\\/\\\/schema.org\",\"@graph\":[{\"@type\":\"WebPage\",\"@id\":\"https:\\\/\\\/velarogverkfaeri.is\\\/lykillausnir\\\/badherbergi-lykillausnir\\\/hreinlaetistaeki-badherbergi-lykillausnir\\\/product\\\/scandtap-handlaugartaeki-steel-wave-champagne-10010\\\/\",\"url\":\"https:\\\/\\\/velarogverkfaeri.is\\\/lykillausnir\\\/badherbergi-lykillausnir\\\/hreinlaetistaeki-badherbergi-lykillausnir\\\/product\\\/scandtap-handlaugartaeki-steel-wave-champagne-10010\\\/\",\"name\":\"SCANDTAP Handlaugart\u00e6ki STEEL WAVE CHAMPAGNE 10010 - V\u00e9lar &amp; Verkf\u00e6ri\",\"isPartOf\":{\"@id\":\"https:\\\/\\\/velarogverkfaeri.is\\\/en\\\/#website\"},\"primaryImageOfPage\":{\"@id\":\"https:\\\/\\\/velarogverkfaeri.is\\\/lykillausnir\\\/badherbergi-lykillausnir\\\/hreinlaetistaeki-badherbergi-lykillausnir\\\/product\\\/scandtap-handlaugartaeki-steel-wave-champagne-10010\\\/#primaryimage\"},\"image\":{\"@id\":\"https:\\\/\\\/velarogverkfaeri.is\\\/lykillausnir\\\/badherbergi-lykillausnir\\\/hreinlaetistaeki-badherbergi-lykillausnir\\\/product\\\/scandtap-handlaugartaeki-steel-wave-champagne-10010\\\/#primaryimage\"},\"thumbnailUrl\":\"https:\\\/\\\/velarogverkfaeri.is\\\/wp-content\\\/uploads\\\/2026\\\/03\\\/f653f6d0-b1fe-461b-85e5-2f3cf15bf074.png\",\"datePublished\":\"2025-12-06T17:11:18+00:00\",\"dateModified\":\"2026-03-30T15:17:18+00:00\",\"breadcrumb\":{\"@id\":\"https:\\\/\\\/velarogverkfaeri.is\\\/lykillausnir\\\/badherbergi-lykillausnir\\\/hreinlaetistaeki-badherbergi-lykillausnir\\\/product\\\/scandtap-handlaugartaeki-steel-wave-champagne-10010\\\/#breadcrumb\"},\"inLanguage\":\"en-US\",\"potentialAction\":[{\"@type\":\"ReadAction\",\"target\":[\"https:\\\/\\\/velarogverkfaeri.is\\\/lykillausnir\\\/badherbergi-lykillausnir\\\/hreinlaetistaeki-badherbergi-lykillausnir\\\/product\\\/scandtap-handlaugartaeki-steel-wave-champagne-10010\\\/\"]}]},{\"@type\":\"ImageObject\",\"inLanguage\":\"en-US\",\"@id\":\"https:\\\/\\\/velarogverkfaeri.is\\\/lykillausnir\\\/badherbergi-lykillausnir\\\/hreinlaetistaeki-badherbergi-lykillausnir\\\/product\\\/scandtap-handlaugartaeki-steel-wave-champagne-10010\\\/#primaryimage\",\"url\":\"https:\\\/\\\/velarogverkfaeri.is\\\/wp-content\\\/uploads\\\/2026\\\/03\\\/f653f6d0-b1fe-461b-85e5-2f3cf15bf074.png\",\"contentUrl\":\"https:\\\/\\\/velarogverkfaeri.is\\\/wp-content\\\/uploads\\\/2026\\\/03\\\/f653f6d0-b1fe-461b-85e5-2f3cf15bf074.png\",\"width\":213,\"height\":216},{\"@type\":\"BreadcrumbList\",\"@id\":\"https:\\\/\\\/velarogverkfaeri.is\\\/lykillausnir\\\/badherbergi-lykillausnir\\\/hreinlaetistaeki-badherbergi-lykillausnir\\\/product\\\/scandtap-handlaugartaeki-steel-wave-champagne-10010\\\/#breadcrumb\",\"itemListElement\":[{\"@type\":\"ListItem\",\"position\":1,\"name\":\"Home\",\"item\":\"https:\\\/\\\/velarogverkfaeri.is\\\/\"},{\"@type\":\"ListItem\",\"position\":2,\"name\":\"Vefverslun\",\"item\":\"https:\\\/\\\/velarogverkfaeri.is\\\/vefverslun\\\/\"},{\"@type\":\"ListItem\",\"position\":3,\"name\":\"SCANDTAP Handlaugart\u00e6ki STEEL WAVE CHAMPAGNE 10010\"}]},{\"@type\":\"WebSite\",\"@id\":\"https:\\\/\\\/velarogverkfaeri.is\\\/en\\\/#website\",\"url\":\"https:\\\/\\\/velarogverkfaeri.is\\\/en\\\/\",\"name\":\"V\u00e9lar & Verkf\u00e6ri\",\"description\":\"Umbo\u00f0s- og heildverslun fr\u00e1 \u00e1rinu 1919\",\"publisher\":{\"@id\":\"https:\\\/\\\/velarogverkfaeri.is\\\/en\\\/#organization\"},\"potentialAction\":[{\"@type\":\"SearchAction\",\"target\":{\"@type\":\"EntryPoint\",\"urlTemplate\":\"https:\\\/\\\/velarogverkfaeri.is\\\/en\\\/?s={search_term_string}\"},\"query-input\":{\"@type\":\"PropertyValueSpecification\",\"valueRequired\":true,\"valueName\":\"search_term_string\"}}],\"inLanguage\":\"en-US\"},{\"@type\":\"Organization\",\"@id\":\"https:\\\/\\\/velarogverkfaeri.is\\\/en\\\/#organization\",\"name\":\"V\u00e9lar & Verkf\u00e6ri\",\"url\":\"https:\\\/\\\/velarogverkfaeri.is\\\/en\\\/\",\"logo\":{\"@type\":\"ImageObject\",\"inLanguage\":\"en-US\",\"@id\":\"https:\\\/\\\/velarogverkfaeri.is\\\/en\\\/#\\\/schema\\\/logo\\\/image\\\/\",\"url\":\"https:\\\/\\\/velarogverkfaeri.is\\\/wp-content\\\/uploads\\\/2021\\\/10\\\/vv_logo_350x100.png\",\"contentUrl\":\"https:\\\/\\\/velarogverkfaeri.is\\\/wp-content\\\/uploads\\\/2021\\\/10\\\/vv_logo_350x100.png\",\"width\":350,\"height\":100,\"caption\":\"V\u00e9lar & Verkf\u00e6ri\"},\"image\":{\"@id\":\"https:\\\/\\\/velarogverkfaeri.is\\\/en\\\/#\\\/schema\\\/logo\\\/image\\\/\"},\"sameAs\":[\"https:\\\/\\\/www.facebook.com\\\/VelarOgVerkfaeri\"]}]}<\/script>\n<!-- \/ Yoast SEO plugin. -->","yoast_head_json":{"title":"SCANDTAP Handlaugart\u00e6ki STEEL WAVE CHAMPAGNE 10010 - V\u00e9lar &amp; Verkf\u00e6ri","robots":{"index":"index","follow":"follow","max-snippet":"max-snippet:-1","max-image-preview":"max-image-preview:large","max-video-preview":"max-video-preview:-1"},"canonical":"https:\/\/velarogverkfaeri.is\/en\/lykillausnir\/badherbergi-lykillausnir\/hreinlaetistaeki-badherbergi-lykillausnir\/product\/scandtap-handlaugartaeki-steel-wave-champagne-10010\/","og_locale":"en_US","og_type":"article","og_title":"SCANDTAP Handlaugart\u00e6ki STEEL WAVE CHAMPAGNE 10010 - V\u00e9lar &amp; Verkf\u00e6ri","og_description":"Tegund:&nbsp;10010","og_url":"https:\/\/velarogverkfaeri.is\/en\/lykillausnir\/badherbergi-lykillausnir\/hreinlaetistaeki-badherbergi-lykillausnir\/product\/scandtap-handlaugartaeki-steel-wave-champagne-10010\/","og_site_name":"V\u00e9lar &amp; Verkf\u00e6ri","article_publisher":"https:\/\/www.facebook.com\/VelarOgVerkfaeri","article_modified_time":"2026-03-30T15:17:18+00:00","twitter_card":"summary_large_image","schema":{"@context":"https:\/\/schema.org","@graph":[{"@type":"WebPage","@id":"https:\/\/velarogverkfaeri.is\/lykillausnir\/badherbergi-lykillausnir\/hreinlaetistaeki-badherbergi-lykillausnir\/product\/scandtap-handlaugartaeki-steel-wave-champagne-10010\/","url":"https:\/\/velarogverkfaeri.is\/lykillausnir\/badherbergi-lykillausnir\/hreinlaetistaeki-badherbergi-lykillausnir\/product\/scandtap-handlaugartaeki-steel-wave-champagne-10010\/","name":"SCANDTAP Handlaugart\u00e6ki STEEL WAVE CHAMPAGNE 10010 - V\u00e9lar &amp; Verkf\u00e6ri","isPartOf":{"@id":"https:\/\/velarogverkfaeri.is\/en\/#website"},"primaryImageOfPage":{"@id":"https:\/\/velarogverkfaeri.is\/lykillausnir\/badherbergi-lykillausnir\/hreinlaetistaeki-badherbergi-lykillausnir\/product\/scandtap-handlaugartaeki-steel-wave-champagne-10010\/#primaryimage"},"image":{"@id":"https:\/\/velarogverkfaeri.is\/lykillausnir\/badherbergi-lykillausnir\/hreinlaetistaeki-badherbergi-lykillausnir\/product\/scandtap-handlaugartaeki-steel-wave-champagne-10010\/#primaryimage"},"thumbnailUrl":"https:\/\/velarogverkfaeri.is\/wp-content\/uploads\/2026\/03\/f653f6d0-b1fe-461b-85e5-2f3cf15bf074.png","datePublished":"2025-12-06T17:11:18+00:00","dateModified":"2026-03-30T15:17:18+00:00","breadcrumb":{"@id":"https:\/\/velarogverkfaeri.is\/lykillausnir\/badherbergi-lykillausnir\/hreinlaetistaeki-badherbergi-lykillausnir\/product\/scandtap-handlaugartaeki-steel-wave-champagne-10010\/#breadcrumb"},"inLanguage":"en-US","potentialAction":[{"@type":"ReadAction","target":["https:\/\/velarogverkfaeri.is\/lykillausnir\/badherbergi-lykillausnir\/hreinlaetistaeki-badherbergi-lykillausnir\/product\/scandtap-handlaugartaeki-steel-wave-champagne-10010\/"]}]},{"@type":"ImageObject","inLanguage":"en-US","@id":"https:\/\/velarogverkfaeri.is\/lykillausnir\/badherbergi-lykillausnir\/hreinlaetistaeki-badherbergi-lykillausnir\/product\/scandtap-handlaugartaeki-steel-wave-champagne-10010\/#primaryimage","url":"https:\/\/velarogverkfaeri.is\/wp-content\/uploads\/2026\/03\/f653f6d0-b1fe-461b-85e5-2f3cf15bf074.png","contentUrl":"https:\/\/velarogverkfaeri.is\/wp-content\/uploads\/2026\/03\/f653f6d0-b1fe-461b-85e5-2f3cf15bf074.png","width":213,"height":216},{"@type":"BreadcrumbList","@id":"https:\/\/velarogverkfaeri.is\/lykillausnir\/badherbergi-lykillausnir\/hreinlaetistaeki-badherbergi-lykillausnir\/product\/scandtap-handlaugartaeki-steel-wave-champagne-10010\/#breadcrumb","itemListElement":[{"@type":"ListItem","position":1,"name":"Home","item":"https:\/\/velarogverkfaeri.is\/"},{"@type":"ListItem","position":2,"name":"Vefverslun","item":"https:\/\/velarogverkfaeri.is\/vefverslun\/"},{"@type":"ListItem","position":3,"name":"SCANDTAP Handlaugart\u00e6ki STEEL WAVE CHAMPAGNE 10010"}]},{"@type":"WebSite","@id":"https:\/\/velarogverkfaeri.is\/en\/#website","url":"https:\/\/velarogverkfaeri.is\/en\/","name":"V\u00e9lar & Verkf\u00e6ri","description":"Umbo\u00f0s- og heildverslun fr\u00e1 \u00e1rinu 1919","publisher":{"@id":"https:\/\/velarogverkfaeri.is\/en\/#organization"},"potentialAction":[{"@type":"SearchAction","target":{"@type":"EntryPoint","urlTemplate":"https:\/\/velarogverkfaeri.is\/en\/?s={search_term_string}"},"query-input":{"@type":"PropertyValueSpecification","valueRequired":true,"valueName":"search_term_string"}}],"inLanguage":"en-US"},{"@type":"Organization","@id":"https:\/\/velarogverkfaeri.is\/en\/#organization","name":"V\u00e9lar & Verkf\u00e6ri","url":"https:\/\/velarogverkfaeri.is\/en\/","logo":{"@type":"ImageObject","inLanguage":"en-US","@id":"https:\/\/velarogverkfaeri.is\/en\/#\/schema\/logo\/image\/","url":"https:\/\/velarogverkfaeri.is\/wp-content\/uploads\/2021\/10\/vv_logo_350x100.png","contentUrl":"https:\/\/velarogverkfaeri.is\/wp-content\/uploads\/2021\/10\/vv_logo_350x100.png","width":350,"height":100,"caption":"V\u00e9lar & Verkf\u00e6ri"},"image":{"@id":"https:\/\/velarogverkfaeri.is\/en\/#\/schema\/logo\/image\/"},"sameAs":["https:\/\/www.facebook.com\/VelarOgVerkfaeri"]}]}},"_links":{"self":[{"href":"https:\/\/velarogverkfaeri.is\/en\/wp-json\/wp\/v2\/product\/78586","targetHints":{"allow":["GET"]}}],"collection":[{"href":"https:\/\/velarogverkfaeri.is\/en\/wp-json\/wp\/v2\/product"}],"about":[{"href":"https:\/\/velarogverkfaeri.is\/en\/wp-json\/wp\/v2\/types\/product"}],"replies":[{"embeddable":true,"href":"https:\/\/velarogverkfaeri.is\/en\/wp-json\/wp\/v2\/comments?post=78586"}],"wp:featuredmedia":[{"embeddable":true,"href":"https:\/\/velarogverkfaeri.is\/en\/wp-json\/wp\/v2\/media\/81675"}],"wp:attachment":[{"href":"https:\/\/velarogverkfaeri.is\/en\/wp-json\/wp\/v2\/media?parent=78586"}],"wp:term":[{"taxonomy":"product_brand","embeddable":true,"href":"https:\/\/velarogverkfaeri.is\/en\/wp-json\/wp\/v2\/product_brand?post=78586"},{"taxonomy":"product_cat","embeddable":true,"href":"https:\/\/velarogverkfaeri.is\/en\/wp-json\/wp\/v2\/product_cat?post=78586"},{"taxonomy":"product_tag","embeddable":true,"href":"https:\/\/velarogverkfaeri.is\/en\/wp-json\/wp\/v2\/product_tag?post=78586"}],"curies":[{"name":"wp","href":"https:\/\/api.w.org\/{rel}","templated":true}]}}