{"id":78370,"date":"2025-11-29T18:11:18","date_gmt":"2025-11-29T18:11:18","guid":{"rendered":"https:\/\/velarogverkfaeri.is\/?post_type=product&#038;p=78370"},"modified":"2026-01-08T20:46:58","modified_gmt":"2026-01-08T20:46:58","slug":"bessey-blikkklippur-beinar-d16s-sb","status":"publish","type":"product","link":"https:\/\/velarogverkfaeri.is\/en\/verkfaeralausnir\/handverkfaeri\/klippur-og-skaeri\/product\/bessey-blikkklippur-beinar-d16s-sb\/","title":{"rendered":"BESSEY Blikkklippur Beinar D16S-SB"},"content":{"rendered":"<p><img decoding=\"async\" src=\"data:image\/png;base64,iVBORw0KGgoAAAANSUhEUgAAARIAAABcCAYAAACiEjqLAAAAAXNSR0IArs4c6QAAAARnQU1BAACxjwv8YQUAAAAJcEhZcwAADsMAAA7DAcdvqGQAABNYSURBVHhe7Z19aBtnnse\/e1dwIH84dTkrCWx1MUSyS1euwbV9G2LK9qKmt3VcqCUVb+3QpfLW2Om1m7h7EAsTpNwdtXuFWiYQh5ZU3rCyXKijtHXk7NG6lDppWJ\/FEVcqNVXgerWhJoYLtWiWuT\/m7Zln9D6yZDu\/Dwx4nnmeZ2YeSd\/5PS+e788EQRBAEARhgL\/hEwiCIPKFhIQgCMOQkBAEYRgSEoIgDENCQhCEYUhICIIwDAkJQRCGISEhCMIwJCQEQRiGhOQ+ZeOHVawn+dQikVzHyg+bVTmxFdleQjLTgz1VVdLWgwh\/\/H6i4LZIYNxehb0Ha2He1wDfAn\/cGBvXXoF13wFYD+6DuXsKK3wGYkdSZiGJwlcr\/xiqsKeqAb4lPg9RVJav4MJNeSeBkXdmtccNMvf+hCIe61f8CN3mMhA7kvIKyfwE\/KtsQgKhD+JswjZmFidkgTw0hgR\/OAuRE7K4tsC\/zB81gMmCpkp1t\/XxevaoYaw2m7pT2YSm\/exRY21CbF3KKiQ3Pghgg0tLXAwhyqVtS27Hscin5UwC8Vt8WpHYfQSjNz\/B5LsXMfnnrzDZXc3nMIS59yoWpy8i8O4HuP7fb6DpAeagoTYhtjLlE5J7cwhdlAbkKmywPSylr\/oRmGczblPiMQOCGEesyGMXGh6ywd7eBntDNXbxxwxTAfPhNrS1t8K6mztkqE2IrUz5hOSLKwjIA\/vPnsbIc\/KTMYnAB18yGdOzsjSBE08eUMdYqg+g9dUwVu7xOSXurePG+R60HmDHZapgfrIH4\/PrfG7g9gU4H62F9dFaWB91YVzT309g3Ckfq4XzHSlQ\/y6K0KgH7jfCatYlH+xKPR7MqUc4VhENjmHQPYLLSlocvn9SzzP4iaaASjKB8OlnUb+Pubd9T2DwM\/6+5jCoXIu+vo3lsLZN5XbtPIvId9q8qUi841LqtjoviN2XAtpk5ZOz6Grcp7mOvY3H4dd9Tszn0HwWN5BEYtqDY2zZ6lp0jX6JdSSx8tkFuLn7s3ZPIJbuO0PkhlAmrr78oFD5oLi9MLUhCF8MCCZpv3LvgPDpT3wJQRA+ditlMm6\/8gtf8eV\/igmjv0qRl9kO\/+ui8CNb5hu\/0KQcbxZGv2EPfiuM\/lIt2\/T2t2Jy1mt0C1fZajREhJd0+bXbSx9LWfnz\/J0+r7i1C+\/9T\/pzKPUJgiDE\/cJhXfk0edPw7dvNaplf+oVvhRTXqtvYNrkjfPqHx1Lkkbe\/F176+A57RuZz2CtYrHx+dTPt1afJ28N\/uMHUSeRLeSKSu1MIBOWdIzh2tAJocaCrQkpKBhD+Qs2ejl2\/OIL+M+cROOdFVwvT11\/wYOASO4qbROS1pzDIdBesR09ieOQk7AfVtOhwOwauGVz\/sMsE0\/5qmOR7AQBUiGn7q2Hab8rQnZDyVWsKY1e1XLYaprSFq9H6XB98I150NTKjqZhD6JpmRDsNSYSGPErXo\/KJkxh\/9yIC715EYOQkuo7aMpw7C3m0ycbMAJznpeiushWnJucR+2oBcyNtEO9qHaEXz+KGWhFDEiurFTAf7kDXgBe+7selMiIbSWBXTSscvV4Mn3lBM+i8fj6QxxQ6oYNXllLw41S3+jQ4FhC+l9LZKKXy5QhXin+y8U\/2FeG9Y0x5+WkoCIKwEhDamKdP03\/E1GI\/xYRhJrJgr6egiEQ+murJnCsZzyvBtcVlNgL76VPhFPP01V5buohEez\/9s0yRPMh035mOibCf4V7h1Jz26OWX1DYZjsupmT8HtYz+nD9OOdVjuu8TkQ9liEiSCE+rfeWmX9thkv62t3co6QhOIHRX3c1ONRzdR9TdpUVE5X7vX+aYPngr+n9jUfbwgAX9v2fKfTaHG9uwv1zBzo48YIa5htnPCTMszMxtoLMF7tFZxPL6DIyyiLnP5L\/taLKuYmVV3UwPy59bHLFv1FKZ0LQLx67dbLxCGKH0QnI3jNAVeceMpjqoXxZLE1qVjGFcnsmvm6H9YkSRkAZHE1+zcwXVMHEznunK3W\/Yf++FoiX34ggNudD88ypYu88ispzfZ1EQy3FmVicMd20trMxmf0tdY7Qrg0AQpafkQrLy\/gTTF03A3858WRpf14zeh6fDunUmxCZysA9zX1\/FsMumGcdZufImnI31ODHDz5iUCwuseUdcxGZSYiFZReR9fqIvA1dCCOcTWmu6JDZYpC+b+QATswNI8l0Xzb4ZJrmvdT\/y0ONwn\/sE3\/\/vV5gb7UOTEr2tIvAvfsS0uYuLyQSzstOBwOoa7qyl2ubRT0KypSitkHx3GQGlD1wBu0eaFWC3kQ7myzSLwPu5zDhAnHWYnFJ3D7dCWfz9SD2syoEwLmtmZpKIfMisb6hrRRO\/kAoAkEAi10vhubdhKLLa+CufUgIqqmH7jReR\/3wDTXLa7UTxlrWnapPdj6O1Tt4J4\/KWiYCIbJRUSFauhJhpuza8dKINbe3c9ttTcMirXAHMTVxO8x+kU\/D0jiF0LYrE0hzGT7TArYy9AG3dDmUQFzUO9B+Wd5II9brguxbHyu0owqePwRlUhaX1dw5VyB4A1BnLJMZPv47I0ioSC2H4e10YzPAPhqb9qhzi67PofvUCwtNhhN+ZQCSbIGmezHH4XngF49NhhKcvIJDTVG4hJBA69Qr8wVlEb69iZXUdG3fXEbs2q45bVJuxV1soL7K3iRmO449LGZIIdTfD+W9h6XpWsbIax9z0BfjcF9JM\/xLlooRCkkDoIrNi9Rk7WlMOmFlwTFnlCuBmCJfTrKiMBT1wO59A\/aFnMfBH5lnZ4IXvOXbRQjW6Rrzq\/32sz2HE2QLrY0+g6xxzTY1eDHcy5374COyMqGHhApyHalH\/5HEMBjP\/c+Guf2hjBo6B2Huvo+vF4+g65Uf8\/5gDqdjdijZF+AB8PYGBF4+j68XX4V\/6kTlQXFa+mMBgrwutj9XCWnsAe39+AM2vziqRg+2fX1AHYwsglzYx\/XYUvgY5xyoiw8el66mFtbYFx158HSPv38Adph6i\/JROSJYmMM48we3tbWkXZtme6VKjCXyJ0BX9U9h65ioiZ9pg4sTI2n0Rsat9zBNd4mAfIv91EV2\/0C72EqmArfsiYh\/1waqpz4LBECNAMhU2dL27gO\/fY6arefa\/gMB0H2z86Sr2ZpySFKlG13sfoF93rRUwpex2FYO9aPpH7SCrSjXs\/z6PSK+uVfMjlzZ5wIL+q18h0J3uWgDT4SZDkRFRfH4mbHvv3yTWV9exAWDX7mpU5vBD21hfxcryIqK3AXNDPcymalTyX26W5DoSt24g+oMJtgYrzA9lyqxn44dVrP819+vTcHcdK3eTwN9WwpTneQviXhLrawksfhHDOoBKSzPqa7K0TwHk1Cb3klj\/LobrCwkkd5ths5lhqqqkqd8tyA4QEoIgyk3pujYEQexYSEgIgjAMCQlBEIYhISEIwjAkJARBGIaEhCAIw5CQEARhGBISgiAMQ0JCEIRhSEgIgjAMCQlBEIYhISEIwjAkJARBGIaEhCAIw2xvIVkeQzPrUZty68nNQW15DM29s3xqZmZ6stQ\/C3dVFdwzfHqJ4O4pMdqCPYfGivfeVQ0J+A9la3M2j7hlbZuZHuypaoF\/mT8gtq1SV76fHVFUtreQ1PThOvt28UsdACzw3WTfOH4edr6cjgT8XZ7NfUN6ySntPSVGXRhc6sBk2jZPwH+oAYPwYpH5vEKdmcRkFu5O5oXebHqVC9EzC9JnHIQj6ELz6OZIJJGd7S0kxPZh+QoCSxb4AsxrMI+ex6QLCHlTR0mRXhdCfCKAxKgHIXTAe0Ku6QjGL3UgNnQ2TSREbDb3jZBEetOF1LNwVzWIb4QPurRheYquU\/qnZ47wdfIhudxdmunJfF6uHveouC\/my3BPAGKjLUzdqboNetK3n3isfigOYArOqqrUkUFNH66n8KOxPsLYp7LM9MAZ7MDkJf17cWO34oDLoY16jjrgwBRCfDspyN3MVF0ibRp7b3J3MJKizRJs2qZ1GbcJvBlwKbl165bw1NNPC5UPPig89fTTwq1bt\/gs+fGxO4XptmwyzZhESwbcOgNt1rhcMvJW88gm2Ez9H7uzmE+Lht1KHVKdqtG1dF7W3Fo2B2fSRHN15jz8tTGm45nuSTHxVtJSnF9HLu0n152pLVKhv0YRsd2a3v42xWcqluHNwjVlUiKbp6t1qabmfBq\/z14jY8LOp+nu4\/6hrBHJaydPYn5+HgAwPz+P106e5LMYZ+YsBpcs8N1k+u1ZQmoASHwYQKzOi8Gjapr5112wIo7FzE4UaYkMexCr82JSCcnN6A94YV3ywKd5kmq7APYBL6zM0zYy7EHMFcS4fG01fZg8k+bJrqMDk+dk03Qz+j0dwFIA4XRRSYHtlxMzZzG4BDjaGRN3ueuiaaci4vIqUZH4eQLWM0Eujf+MLfANyNd4BA4XuHaU0qJxY+2xjSmrkMgikm6\/GIgG4qp9p4y9PfMPyHxiHnc+F3\/MSgjbaGTwchahIGB9\/hmtVUbNM+iqA6Jfs19B\/fWqSPVwXQL5R5GVOtZ1MDuFtl9WlsfQ3DkFsIIopTuHoB1LKSKadquxwAbAdjDbmbT3b33Eknc77nTKKiQtLS0Z94tGIR86MwZRPxSH49Ia7tz05l8PR2yoQTPWsEcey9jKFNJ+mVgeQ3OjGFXdUZ7qUGaawEQIxPagrELy1ptvKuLR0tKCt958k89SHJYW00QS+ietjNwNkacqNU9NA1iVKUvtdn0zwvhiUUD7pSWtiMgzO5zYdk4BiGOwUR7ENcNikwZcU5A9uiA2g7IKSV1dHWY++gh31tYw89FHqKtTHKSLhvmgDUAUcS4Ej0xPZXjSJhCP6rshiQ8DaX5QuWBBfV2qH0C+i9bE\/jhfj7FrS09h7ZeGTCKCFOuCuLVBsthaH7EAwZB2qncmhBA64CiS4BP5UVYhKQlHT8NXF8dgIzMFOtMDZxBweNL1w6WnHrsuYXkMziHxx6sdz8gVaWCVWzgV6XUhxA3qZsM+INajiI9ybRbU5zrmmisFtV8qZuHOJCJ5YD7hhQNTcCpT5+LCNeuZ0ykWwhGlYOcLCczo\/3wNky5xjYMYLkfhu8l2V6TZi6BLWSNgP7cAXx1TpjGArptBOOR1DIVQ04frN70AE7o7o14sSoO6OSPVE+1kru0SP36jv6fCyKX9siMuIpPXtbBjRFW6dS7ZOYJxaTWrWN6FkCu4tbqHy2NoNtTu2wuy7NwpzPRgTycwmXJ5OkFsLvdBRLLTkP7xTbOSMgG\/d0q\/2pMgSgRFJNsS8Z\/WNP+HUoSxB4IoFBISgiAMQ10bgiAMQ0JCEIRhSEgIgjAMCQlBEIYhISEIwjAkJARBGIaEhCAIw5CQEARhGBISgiAMQ0JCEIRhSEgIgjAMCQlBEIbZUUKiMSwq6IU5KonRFu71h7Nws\/+6n9X3t1iIrw1IaTpVEjbpvtN6+jLkkofYEuwQIRHfe1r\/py7VV3ZtDYtnonDm9T5UCea1ijI6+8ij59N43O4sdPddFNJ5+rLkkofYKuwIIZHfe8q\/stB8Yl40cuoswhOUKBq5iFMueYitw\/YXkuUxeDK8iNjeHtS+fjBVaC552LhnpOOSEVaoswp7ev8I\/6EqOIMAljyol0Ntrp5MHrEaNJ6+LfCPFhK+c\/61Ot\/ZTD63LNLb1pTjY+J+76xyTHffMtm8idORwdNXIZc8CpnulTx9Swbv4VlKiuL9m9V\/lyNV\/jReuqy37dWXU3n0qvXoPWJT+OryPrayz6\/Or5iF97rV+8zqvIFT+Nzq\/Xp5313Z4zdF3bp7yOJNnJZMnr755GHR3yt5+paeskYkxfD+FS0ltwqZfHXF96qyPrOyh24+iG9jZ88D2M8F4cAUPNyArPZcp+GrA0LTUlQycxaDS9z1Bvg30acjszdxOnLx9M0lT0rI07eslFVIeK9ffn\/bkckwSnKR453g7O25hO8yCYT\/FE\/xkufUpln8uVhSGlxJPsTZKcxhL6unby550kCevuWlrELCe\/3y+7kgOsHdZ6TwhnEG+UxbiVw8fXPJQ2xVyiokRfH+tdRnDqvZgdSdgiuo8w6+s7a2dd8in4unby55iC1LWYWkKN6\/NX3wuoCQN\/XoemTYg5jOE5bzso2nM8kuIlK3gbf7jEzns1ZCtBLV99nzX7Rmb+\/Qm4NLP+aik4unby55iC1LWYWkWNjPBeFY8qCem6pLjLaIHrWXmOlfSz2siCPwoZyzVAufxMHX2JBLnUaVPHT5vnomlHtlpnIToy4MLnXAm8+P7ehp0ZJUqUfsWsT48QaCyIEdISSiF+waJm0e1DPjBvVDNkyucR61NX24fqmDCaE9qJc8fdk8Xpe0jkQSJ\/uAF9Ylsf6Cu0lHz+POJRsGG+XQHTmulWDhfW\/l+8x3la0Z\/Z8vwBeV62lA4PkgfFxQWJT7JnY8ZJBVZhKjLeLS\/nyNxDcF0cEPl\/IzCCeIHRKRbAekVZaa1aWz8A3FYX3+mZKLiLh6U7taVV6joh1PIojsUERSSpbH0Cwtv5exnlko20BipJefNu4ooItEECQkBEEUAeraEARhGBISgiAMQ0JCEIRhSEgIgjDM\/wNtH1o1a6\/Z9gAAAABJRU5ErkJggg==\" alt=\"\"><\/p>","protected":false},"excerpt":{"rendered":"<p>Tegund: D16S-SB<\/p>","protected":false},"featured_media":79070,"comment_status":"closed","ping_status":"closed","template":"","meta":[],"product_brand":[],"product_cat":[588,769,515],"product_tag":[],"class_list":{"0":"post-78370","1":"product","2":"type-product","3":"status-publish","4":"has-post-thumbnail","6":"product_cat-handverkfaeri","7":"product_cat-klippur-og-skaeri","8":"product_cat-verkfaeralausnir","10":"first","11":"instock","12":"taxable","13":"shipping-taxable","14":"purchasable","15":"product-type-simple"},"yoast_head":"<!-- This site is optimized with the Yoast SEO plugin v27.3 - https:\/\/yoast.com\/product\/yoast-seo-wordpress\/ -->\n<title>BESSEY Blikkklippur Beinar D16S-SB - V\u00e9lar &amp; Verkf\u00e6ri<\/title>\n<meta name=\"robots\" content=\"index, follow, max-snippet:-1, max-image-preview:large, max-video-preview:-1\" \/>\n<link rel=\"canonical\" href=\"https:\/\/velarogverkfaeri.is\/en\/verkfaeralausnir\/handverkfaeri\/klippur-og-skaeri\/product\/bessey-blikkklippur-beinar-d16s-sb\/\" \/>\n<meta property=\"og:locale\" content=\"en_US\" \/>\n<meta property=\"og:type\" content=\"article\" \/>\n<meta property=\"og:title\" content=\"BESSEY Blikkklippur Beinar D16S-SB - V\u00e9lar &amp; Verkf\u00e6ri\" \/>\n<meta property=\"og:description\" content=\"Tegund: D16S-SB\" \/>\n<meta property=\"og:url\" content=\"https:\/\/velarogverkfaeri.is\/en\/verkfaeralausnir\/handverkfaeri\/klippur-og-skaeri\/product\/bessey-blikkklippur-beinar-d16s-sb\/\" \/>\n<meta property=\"og:site_name\" content=\"V\u00e9lar &amp; Verkf\u00e6ri\" \/>\n<meta property=\"article:publisher\" content=\"https:\/\/www.facebook.com\/VelarOgVerkfaeri\" \/>\n<meta property=\"article:modified_time\" content=\"2026-01-08T20:46:58+00:00\" \/>\n<meta name=\"twitter:card\" content=\"summary_large_image\" \/>\n<script type=\"application\/ld+json\" class=\"yoast-schema-graph\">{\"@context\":\"https:\\\/\\\/schema.org\",\"@graph\":[{\"@type\":\"WebPage\",\"@id\":\"https:\\\/\\\/velarogverkfaeri.is\\\/verkfaeralausnir\\\/handverkfaeri\\\/klippur-og-skaeri\\\/product\\\/bessey-blikkklippur-beinar-d16s-sb\\\/\",\"url\":\"https:\\\/\\\/velarogverkfaeri.is\\\/verkfaeralausnir\\\/handverkfaeri\\\/klippur-og-skaeri\\\/product\\\/bessey-blikkklippur-beinar-d16s-sb\\\/\",\"name\":\"BESSEY Blikkklippur Beinar D16S-SB - V\u00e9lar &amp; Verkf\u00e6ri\",\"isPartOf\":{\"@id\":\"https:\\\/\\\/velarogverkfaeri.is\\\/en\\\/#website\"},\"primaryImageOfPage\":{\"@id\":\"https:\\\/\\\/velarogverkfaeri.is\\\/verkfaeralausnir\\\/handverkfaeri\\\/klippur-og-skaeri\\\/product\\\/bessey-blikkklippur-beinar-d16s-sb\\\/#primaryimage\"},\"image\":{\"@id\":\"https:\\\/\\\/velarogverkfaeri.is\\\/verkfaeralausnir\\\/handverkfaeri\\\/klippur-og-skaeri\\\/product\\\/bessey-blikkklippur-beinar-d16s-sb\\\/#primaryimage\"},\"thumbnailUrl\":\"https:\\\/\\\/velarogverkfaeri.is\\\/wp-content\\\/uploads\\\/2026\\\/01\\\/7350180b-e395-4794-b6ec-764c9cd077c0.jpg\",\"datePublished\":\"2025-11-29T18:11:18+00:00\",\"dateModified\":\"2026-01-08T20:46:58+00:00\",\"breadcrumb\":{\"@id\":\"https:\\\/\\\/velarogverkfaeri.is\\\/verkfaeralausnir\\\/handverkfaeri\\\/klippur-og-skaeri\\\/product\\\/bessey-blikkklippur-beinar-d16s-sb\\\/#breadcrumb\"},\"inLanguage\":\"en-US\",\"potentialAction\":[{\"@type\":\"ReadAction\",\"target\":[\"https:\\\/\\\/velarogverkfaeri.is\\\/verkfaeralausnir\\\/handverkfaeri\\\/klippur-og-skaeri\\\/product\\\/bessey-blikkklippur-beinar-d16s-sb\\\/\"]}]},{\"@type\":\"ImageObject\",\"inLanguage\":\"en-US\",\"@id\":\"https:\\\/\\\/velarogverkfaeri.is\\\/verkfaeralausnir\\\/handverkfaeri\\\/klippur-og-skaeri\\\/product\\\/bessey-blikkklippur-beinar-d16s-sb\\\/#primaryimage\",\"url\":\"https:\\\/\\\/velarogverkfaeri.is\\\/wp-content\\\/uploads\\\/2026\\\/01\\\/7350180b-e395-4794-b6ec-764c9cd077c0.jpg\",\"contentUrl\":\"https:\\\/\\\/velarogverkfaeri.is\\\/wp-content\\\/uploads\\\/2026\\\/01\\\/7350180b-e395-4794-b6ec-764c9cd077c0.jpg\",\"width\":1170,\"height\":357},{\"@type\":\"BreadcrumbList\",\"@id\":\"https:\\\/\\\/velarogverkfaeri.is\\\/verkfaeralausnir\\\/handverkfaeri\\\/klippur-og-skaeri\\\/product\\\/bessey-blikkklippur-beinar-d16s-sb\\\/#breadcrumb\",\"itemListElement\":[{\"@type\":\"ListItem\",\"position\":1,\"name\":\"Home\",\"item\":\"https:\\\/\\\/velarogverkfaeri.is\\\/\"},{\"@type\":\"ListItem\",\"position\":2,\"name\":\"Vefverslun\",\"item\":\"https:\\\/\\\/velarogverkfaeri.is\\\/vefverslun\\\/\"},{\"@type\":\"ListItem\",\"position\":3,\"name\":\"BESSEY Blikkklippur Beinar D16S-SB\"}]},{\"@type\":\"WebSite\",\"@id\":\"https:\\\/\\\/velarogverkfaeri.is\\\/en\\\/#website\",\"url\":\"https:\\\/\\\/velarogverkfaeri.is\\\/en\\\/\",\"name\":\"V\u00e9lar & Verkf\u00e6ri\",\"description\":\"Umbo\u00f0s- og heildverslun fr\u00e1 \u00e1rinu 1919\",\"publisher\":{\"@id\":\"https:\\\/\\\/velarogverkfaeri.is\\\/en\\\/#organization\"},\"potentialAction\":[{\"@type\":\"SearchAction\",\"target\":{\"@type\":\"EntryPoint\",\"urlTemplate\":\"https:\\\/\\\/velarogverkfaeri.is\\\/en\\\/?s={search_term_string}\"},\"query-input\":{\"@type\":\"PropertyValueSpecification\",\"valueRequired\":true,\"valueName\":\"search_term_string\"}}],\"inLanguage\":\"en-US\"},{\"@type\":\"Organization\",\"@id\":\"https:\\\/\\\/velarogverkfaeri.is\\\/en\\\/#organization\",\"name\":\"V\u00e9lar & Verkf\u00e6ri\",\"url\":\"https:\\\/\\\/velarogverkfaeri.is\\\/en\\\/\",\"logo\":{\"@type\":\"ImageObject\",\"inLanguage\":\"en-US\",\"@id\":\"https:\\\/\\\/velarogverkfaeri.is\\\/en\\\/#\\\/schema\\\/logo\\\/image\\\/\",\"url\":\"https:\\\/\\\/velarogverkfaeri.is\\\/wp-content\\\/uploads\\\/2021\\\/10\\\/vv_logo_350x100.png\",\"contentUrl\":\"https:\\\/\\\/velarogverkfaeri.is\\\/wp-content\\\/uploads\\\/2021\\\/10\\\/vv_logo_350x100.png\",\"width\":350,\"height\":100,\"caption\":\"V\u00e9lar & Verkf\u00e6ri\"},\"image\":{\"@id\":\"https:\\\/\\\/velarogverkfaeri.is\\\/en\\\/#\\\/schema\\\/logo\\\/image\\\/\"},\"sameAs\":[\"https:\\\/\\\/www.facebook.com\\\/VelarOgVerkfaeri\"]}]}<\/script>\n<!-- \/ Yoast SEO plugin. -->","yoast_head_json":{"title":"BESSEY Blikkklippur Beinar D16S-SB - V\u00e9lar &amp; Verkf\u00e6ri","robots":{"index":"index","follow":"follow","max-snippet":"max-snippet:-1","max-image-preview":"max-image-preview:large","max-video-preview":"max-video-preview:-1"},"canonical":"https:\/\/velarogverkfaeri.is\/en\/verkfaeralausnir\/handverkfaeri\/klippur-og-skaeri\/product\/bessey-blikkklippur-beinar-d16s-sb\/","og_locale":"en_US","og_type":"article","og_title":"BESSEY Blikkklippur Beinar D16S-SB - V\u00e9lar &amp; Verkf\u00e6ri","og_description":"Tegund: D16S-SB","og_url":"https:\/\/velarogverkfaeri.is\/en\/verkfaeralausnir\/handverkfaeri\/klippur-og-skaeri\/product\/bessey-blikkklippur-beinar-d16s-sb\/","og_site_name":"V\u00e9lar &amp; Verkf\u00e6ri","article_publisher":"https:\/\/www.facebook.com\/VelarOgVerkfaeri","article_modified_time":"2026-01-08T20:46:58+00:00","twitter_card":"summary_large_image","schema":{"@context":"https:\/\/schema.org","@graph":[{"@type":"WebPage","@id":"https:\/\/velarogverkfaeri.is\/verkfaeralausnir\/handverkfaeri\/klippur-og-skaeri\/product\/bessey-blikkklippur-beinar-d16s-sb\/","url":"https:\/\/velarogverkfaeri.is\/verkfaeralausnir\/handverkfaeri\/klippur-og-skaeri\/product\/bessey-blikkklippur-beinar-d16s-sb\/","name":"BESSEY Blikkklippur Beinar D16S-SB - V\u00e9lar &amp; Verkf\u00e6ri","isPartOf":{"@id":"https:\/\/velarogverkfaeri.is\/en\/#website"},"primaryImageOfPage":{"@id":"https:\/\/velarogverkfaeri.is\/verkfaeralausnir\/handverkfaeri\/klippur-og-skaeri\/product\/bessey-blikkklippur-beinar-d16s-sb\/#primaryimage"},"image":{"@id":"https:\/\/velarogverkfaeri.is\/verkfaeralausnir\/handverkfaeri\/klippur-og-skaeri\/product\/bessey-blikkklippur-beinar-d16s-sb\/#primaryimage"},"thumbnailUrl":"https:\/\/velarogverkfaeri.is\/wp-content\/uploads\/2026\/01\/7350180b-e395-4794-b6ec-764c9cd077c0.jpg","datePublished":"2025-11-29T18:11:18+00:00","dateModified":"2026-01-08T20:46:58+00:00","breadcrumb":{"@id":"https:\/\/velarogverkfaeri.is\/verkfaeralausnir\/handverkfaeri\/klippur-og-skaeri\/product\/bessey-blikkklippur-beinar-d16s-sb\/#breadcrumb"},"inLanguage":"en-US","potentialAction":[{"@type":"ReadAction","target":["https:\/\/velarogverkfaeri.is\/verkfaeralausnir\/handverkfaeri\/klippur-og-skaeri\/product\/bessey-blikkklippur-beinar-d16s-sb\/"]}]},{"@type":"ImageObject","inLanguage":"en-US","@id":"https:\/\/velarogverkfaeri.is\/verkfaeralausnir\/handverkfaeri\/klippur-og-skaeri\/product\/bessey-blikkklippur-beinar-d16s-sb\/#primaryimage","url":"https:\/\/velarogverkfaeri.is\/wp-content\/uploads\/2026\/01\/7350180b-e395-4794-b6ec-764c9cd077c0.jpg","contentUrl":"https:\/\/velarogverkfaeri.is\/wp-content\/uploads\/2026\/01\/7350180b-e395-4794-b6ec-764c9cd077c0.jpg","width":1170,"height":357},{"@type":"BreadcrumbList","@id":"https:\/\/velarogverkfaeri.is\/verkfaeralausnir\/handverkfaeri\/klippur-og-skaeri\/product\/bessey-blikkklippur-beinar-d16s-sb\/#breadcrumb","itemListElement":[{"@type":"ListItem","position":1,"name":"Home","item":"https:\/\/velarogverkfaeri.is\/"},{"@type":"ListItem","position":2,"name":"Vefverslun","item":"https:\/\/velarogverkfaeri.is\/vefverslun\/"},{"@type":"ListItem","position":3,"name":"BESSEY Blikkklippur Beinar D16S-SB"}]},{"@type":"WebSite","@id":"https:\/\/velarogverkfaeri.is\/en\/#website","url":"https:\/\/velarogverkfaeri.is\/en\/","name":"V\u00e9lar & Verkf\u00e6ri","description":"Umbo\u00f0s- og heildverslun fr\u00e1 \u00e1rinu 1919","publisher":{"@id":"https:\/\/velarogverkfaeri.is\/en\/#organization"},"potentialAction":[{"@type":"SearchAction","target":{"@type":"EntryPoint","urlTemplate":"https:\/\/velarogverkfaeri.is\/en\/?s={search_term_string}"},"query-input":{"@type":"PropertyValueSpecification","valueRequired":true,"valueName":"search_term_string"}}],"inLanguage":"en-US"},{"@type":"Organization","@id":"https:\/\/velarogverkfaeri.is\/en\/#organization","name":"V\u00e9lar & Verkf\u00e6ri","url":"https:\/\/velarogverkfaeri.is\/en\/","logo":{"@type":"ImageObject","inLanguage":"en-US","@id":"https:\/\/velarogverkfaeri.is\/en\/#\/schema\/logo\/image\/","url":"https:\/\/velarogverkfaeri.is\/wp-content\/uploads\/2021\/10\/vv_logo_350x100.png","contentUrl":"https:\/\/velarogverkfaeri.is\/wp-content\/uploads\/2021\/10\/vv_logo_350x100.png","width":350,"height":100,"caption":"V\u00e9lar & Verkf\u00e6ri"},"image":{"@id":"https:\/\/velarogverkfaeri.is\/en\/#\/schema\/logo\/image\/"},"sameAs":["https:\/\/www.facebook.com\/VelarOgVerkfaeri"]}]}},"_links":{"self":[{"href":"https:\/\/velarogverkfaeri.is\/en\/wp-json\/wp\/v2\/product\/78370","targetHints":{"allow":["GET"]}}],"collection":[{"href":"https:\/\/velarogverkfaeri.is\/en\/wp-json\/wp\/v2\/product"}],"about":[{"href":"https:\/\/velarogverkfaeri.is\/en\/wp-json\/wp\/v2\/types\/product"}],"replies":[{"embeddable":true,"href":"https:\/\/velarogverkfaeri.is\/en\/wp-json\/wp\/v2\/comments?post=78370"}],"wp:featuredmedia":[{"embeddable":true,"href":"https:\/\/velarogverkfaeri.is\/en\/wp-json\/wp\/v2\/media\/79070"}],"wp:attachment":[{"href":"https:\/\/velarogverkfaeri.is\/en\/wp-json\/wp\/v2\/media?parent=78370"}],"wp:term":[{"taxonomy":"product_brand","embeddable":true,"href":"https:\/\/velarogverkfaeri.is\/en\/wp-json\/wp\/v2\/product_brand?post=78370"},{"taxonomy":"product_cat","embeddable":true,"href":"https:\/\/velarogverkfaeri.is\/en\/wp-json\/wp\/v2\/product_cat?post=78370"},{"taxonomy":"product_tag","embeddable":true,"href":"https:\/\/velarogverkfaeri.is\/en\/wp-json\/wp\/v2\/product_tag?post=78370"}],"curies":[{"name":"wp","href":"https:\/\/api.w.org\/{rel}","templated":true}]}}