{"id":78364,"date":"2025-11-29T17:56:20","date_gmt":"2025-11-29T17:56:20","guid":{"rendered":"https:\/\/velarogverkfaeri.is\/?post_type=product&#038;p=78364"},"modified":"2026-01-14T21:47:09","modified_gmt":"2026-01-14T21:47:09","slug":"bessey-thvinga-kantklemma-kf2","status":"publish","type":"product","link":"https:\/\/velarogverkfaeri.is\/en\/verkfaeralausnir\/handverkfaeri\/thvingur\/product\/bessey-thvinga-kantklemma-kf2\/","title":{"rendered":"BESSEY \u00devinga kantklemma KF2"},"content":{"rendered":"<p><img decoding=\"async\" src=\"data:image\/png;base64,iVBORw0KGgoAAAANSUhEUgAAAiUAAACDCAYAAABSt2sxAAAAAXNSR0IArs4c6QAAAARnQU1BAACxjwv8YQUAAAAJcEhZcwAADsMAAA7DAcdvqGQAACchSURBVHhe7d0NWFVVvj\/wr1JDY39xmuE0NoImms0R\/c8BmQ7qeCIn1EbURowSbz1C+IAvI5ZxKpN8I1SMRhodceSKjyZNjlQapcI\/xXNLYJSXSYGrCangZOJzux5Gk0bc\/7X23sDhHY1yW9\/PMyf22nudtdd+GfePtdZe9FAEEBEREd1kPfWfRERERDcVgxIiIiIyBAYlREREZAgMSoiIiMgQGJQQERGRITAoISIiIkNgUEJERESGwHlKiIiIvue8+\/8CPXveJj499DWAfPxfq7+Gnm490bNHTzXdo4e2\/erVq+pyz549RaQgM6v\/a1gU+Xto3xcf5do1nDlTLdZ+cwxKiIiIvucG3NsfvkOHIjBwpAg2gH+LoKPwyBGcO\/cFHn74YfS6s5cagJw\/fx4ff\/SRGpQEBPwa\/fv3h5ubmyhBCxX+\/e9\/41\/\/+hectbW4JH5WVFTgiy++wOnTVer2b4pBCRER0ffcQJ8BiJgZifj4l0VKwe7d7+Gdd9\/BIxMmYMqUR3H77bfj8OHD2Lptqxp\/\/P73j8Ji8YOnp6faYnLq1Cn8\/fDfUVRYiC+\/\/B\/86Ec\/Ur\/zj3\/8AydFYHL61BltR98QgxIiIqLvuXsHDsDTkZFYvDgeGRkZ2Lz5P7Fs2QpYH7DC7TY37Ny5Axs3\/gXR0TEIDg7GT37yE9TX\/xuffPIJ1qakoLLiMwwdOhQ2mw2jR4\/GHXfcgdtuuw1\/XPsa3hTlffbZaX1P38wPYKCrAwuGDIXPlHR0T+PSty\/XLuo7JBRp3XONb0AdchfbRB1sSCzRV92C55GIiDRal82\/8d5776kByZo1yRj9m9G4dPkSXnvtNaSlbUZCQgIee+wx3Hnnnfjv4\/8Nu92OuDg7hg8fjpycHBG0bMR\/\/Md\/wNvbG3fddRd+\/OMfq2NRulM3ByXVSJsiH6htfIZbMS5iDfadrtPzfg+dTsckeax2h77i5vjmQY07PO4UP9xMuPsubQ0REd3CFKCoqBg7d2YiPn4J\/Pz8UF1VheTkNThz5jTS09PV8SZnz57FX\/7yFyyIXYDBg4dg27Y38NzCOLWrprq6Wg1OtmxJx6a0TfjTn\/6EI4VH1MGu3eVbainxwsiwUIS5fCYHmHA+Px2zg4OxYH+tno+Myv9FByrLMxE1QF9BRES3rPr6enz+z88xYcJ4jB71GzidF0XwsRF33PFjvPzyy\/jFL36BwsJCLFu+VB3ImpiYiJiYGHVMybFjx\/DSSy9i+fJlyMrKUge+Drz3XgQEjFBbTRre2OkO31JQYsGshBVY5fJZm56Fkvfj4Ot2AbvnLsa+y3pWIiIi+lbJwOGhhx7C1KmhuO12NxGQbML\/XnQiOjpaBB4mnDhxAs89t1DNM3\/+fFgsFnz55ZdYtGiRmjaZTGrwsmzZMjz55FMICZmE4OBx8PYSQYm+j+7w3Y4p8YnAsvDeImTLwYEj2qqGrob1hQ4kTrWqXT2T0l3ed66rxr6VERgX0NQNNM2egSKnvt2VswRpc0NgMWt5LVPt2FZSo2900UE3S3tdH86SDCwIs8IsvyfLnhCBxJwL+lZ9vEXwGpTK5LsxWl077capRVFabNOxBYRiQUYJzutbW6m\/0PxcBIRgxsoc1NRrm6vSQtX1ke\/KVDkSg2W+5sfiPJGJxIimc2S2hmB2WgmcehkNutwFJK\/P0nBYu3J9iIjopujRsyf69OmjdsO8887byM7eh7jn4vCzn3mqAYkcKxIREYknHp8Od3d3FBTkIywsTG0V2bVrlwhY7PjFL\/pBgZyT5AyKi4uxd+9elJWVqvOVdJfvNigRTPd4qT+vXFV\/6KqxKToGaZ8C3v28YHLXV18uQeKUcZidXoK64aFYtDQOUTYTSt9NwLRH7Mh1ffDVi7wh4SJQqATMwWqX0YR7ypA4PR679Sw3yrnfjuCwBOwuNyEoIg7L7KHwvVwgAiAbJqWJ\/WEoZqWkYEN8CLzlF0ZEYINMPzVUptpVtHIipiXl4CTMGC+7uSZ4oWxlOF54T8\/gqr4SaY\/ZMHtrBUy2aCxbGo3JQ53IS4+F9TFt8OndY+3qfqNGyC94YXK8qEOKHUEmmdaPIyQeaRUmTFiYhA1JcZhyvxP7ksIRvMSB6x7tI+s0XVyfjHL0sUa0uD7xyGVrGBGRIcjWjGvKNRFMFGHd+nWIfzlenYOkpKQE0THRmDVrFp566ilcuXIFb731VyxevBhz5sxRu3F69+6tBiLbt7+B+MXxeHlJPP761zeRl3cItbW1+gwm3US+Etx9qpRNk83KwPvilAP6muacyltPy+3ByqtHtTUH4mTarDwQl61cvKqta1C4fIy6LXx7jb5Gc\/HDOOUBsX7g\/Gzlir7u2NpgNW9IaoW+RtOYd\/Jm5Yy+Tjm1WQmR6+IO6iuaaPWZqmw6pa+4dFCJHSHWjRLHdFFfJ12tUNbJY\/3lfGXvJX1dB+W2UrZWsan1SlU+dT3ui2J\/o1rUQTj2qjy+qcq64w1HrPk0dap63DEfNK1vdQyqGuWtOcGKLShO2et6HI3XZKby1nl9ldC6DFGvlufx4GJ137bVxfoKTUOdwt9qft2IiOjmuPfe\/kps7B+U+fP\/oLzxxhvKtWvXlH\/+85\/K7NnRSkaGlr58+bKyYcMGJTIyUjl8+LC67quvvlJWrlypzJw5U3nllVeUDz74QKmqqlLLlNuXLV+q3Duwv5ruDt9dS8nlSuSunIkXZI+GeTrChmmrNT54KiYYHnLSuAb1DmzNuAAMiMaicE99pcZjrB3zZGvAngzsUntnqpG3X3b5BGPWkz5yRSOPsSEYqS\/fkPws7HYC\/nPtCPLQ10luPgiLCIZ33woUfqKvuw5VHzvU1o3xs2ZisOtxe9jw6Gh9uVEJdrwpji84AlFDGpqRNIMnhMBX\/Mw7Uq6taJcnwtZn4+CBJIx3PQ70xshAs\/jphPN6Wzauam0rHj9tfn0Gz9yCAnF8G0Karyciopvn0KFD+NelSxg\/frw6M+vu3btxzz39MHnyo+pA2F273oXD4UB8fDwCAgLUN3FiY2Nx5MgRLF26FM888wwmTJigDoqV36+pqcEF8enOppJvKSjJQqQcX+D6sYQgMr0c7kMisHlLhNbN0cgd7q4PZqm6AhVynIPVT33oNueJoN\/KB2kBitRncSWOyZ9mC\/x6yXT3qaqsEP\/tDd\/7Wz9gTY+miId8FhYF6iuuQ8UJtcIYMbx5kNGm08XaGI0ce+OYlsaPPo7FWdu1QRzOcn1MyfCmMh5M6iygaUdgCMJMQGnSJDwYsQbbHOWocopAxb03TCZPeHTztSAiohsjp42\/fPkyHps2DT\/96U9RVVWFd955Rw0y5HwjhYWH8ec\/\/1kd1DpgwAB1Blc5T4nZbMYbb7wBLy8vfP311\/j73\/+OKVMmw2b7jfg5CR9++CHqr13T9\/LNfUtBSctXgiOwKCkF27MKUJIVh6CuzH1RUa4+bH3vbd7y0VLzsSnfFi94G+CXftMjcdpYlbY+nYxfkdQxJVPisa1mKOatkNfDobZo7Izu+By3q5cNq\/ZnY0OEBTiSjiVRoXgwwE8fYMzXvomIjEL+XRs\/P3\/86lfi3+seCjZvTsPvfvc7jBgxAk6nEy+\/vBR\/+MN8BAYG4vPPP8dLL72EMWPGqG\/nyNlbHY5cJK5MwMaNGzBp0mTs3ZuNjz46hMcffwJubt0XSnxLQUnLV4LjEPVoMEYO6Y0utAtoBpnVFpLSU3IgaWt19d\/lJGzVqGp40eYmqnEfhPGPBLf9GdZZ1FSCZHsWagZEY+euJP16eKotGqY+Xb4qrbl7YfyL6Th4tAzlBVnYvjQcd3+ahSVhE7GkUM9DREQ3lQxKBvoMxM9\/\/nOcOH4ceXl5mDp1qvrmzOrVqzF48GA1LbtlVq5ciQceeAAzZ85UA5LU1FSsWfMqAkb8GqtWJ6mDYj08PNSWE9n6cgt033QDr0EYJLt0Coq112ybuYC8XBmsWDFquEz7YJjszTlRgrJufuPD22eQ+G8tSo+3jkrqCtPxwuJ47LiB3o9BQ2SFy1FY1oXgymSC+s7SfgfyWry622Vn9S4gPz\/4tugqc168kVaNOlTl52DfnpLGV5Ld7\/LByPDFyN4mu+cuYNs7N3dmWyIianKb223qfCXr16\/Hb37zG7VL5rPPPsNHH32E5cuXq9vWrl2r\/uXfhhYSObX8pk2bxPoUdY4Tk6cJhw\/\/HY8\/EYbgcQ\/j3V3vov7ajT6YWjNuUOJmw1NygOvpjViX2fyh6dyfhHXyt\/BHwjFFfd3VC1Met0DOf7JuW\/OWFef+LOTpy40GDNIezC0f8k4H3v1YX24QGILJHkDR+qQWryBXYtsra7Aj04k+LWc91QeAdsQ7JBT+4ue+1C042VkdegXj8Ud7i20ZSEytbP7qbl0l1sfYsfucnm5UhzrXcvvqQd7+HOS6FFB3YiNeSHOZF6bL3FGTsxizY6PxSssZeq\/U4aL44eHebEQtERHdJLJFRDp37pwIKgoxb958XLt2DVu3blX\/AN\/PfvYzdRp5OXurbBmR85nkHjyAzMyd6piS+wYPQW2tU53x9ZlnnsXDvw3GO2+\/i8flXCY9Ww4KvXHGDUoE\/4WvI8pHPLhftGHc3DVIezcDyXNDYI3JQo0pBJtXBDd2B5keT8CiYUBpstj+lF1twVgQMQ7WuTlwtjpfNoTJgEc85COnxKp5X3g2Ag+OjsHulnOt9bJheVIITDVZiBwbitkpGdidFo8ZE0KReMwd\/vZYjG8Y0DnAD\/7yObxnBWY8K8rsqAmlbzhW2c1AeQrGPRSBBS512NdqzKo7ghavQVhfcXwpIbCJ40vOyELaSjnxWgiSD1ZoA0x1vgFW8d9KrJsvj20jcuUxNQR5zkxEjhbHoZ8fS0gKTt4mv1WOY3JM73Xwj12DyaZa7J4rr08Ktu0RdVocAWtEhjjnZsx7SgSKRER008lWEDkbvJynRHbVyBlaz58\/r44fkfOTyLdv5Ns5ctp4ObX85cuXkL1vH55+Ogr33Xcfav91EcnJr+Hypa\/wt51\/Q1RUlDpgVpsBpfsYOihBLwsW7dIHUhakI9GegPWOGviGr0D2nqRWr+hGbcnAskfNqDuchR07MpF7UXz\/zXQsHKLnceG\/6G1sCLfA\/XSOmnfXx3XwezEDO2Wg0ILH2CTk7FiMyT7VyF2fgAVJWSi9KxjL3nRgZ4TrIFELFq6LgO+dF5CXJcos6\/iNmMFRW7BzaYg6EdtuUYcdDqdah+2xresgXxVelSPPhRV9yrKwfqkdiRn5Ir6Kw85DmZjr8qqwKTQeq4K9gBPi2DIPouprbb1\/\/Pvi+IIxWAQg+8T+9pV5YvzKLGTHyyAGqKi8zhYTUae1Wdo5v1iwEUtiRZ12laFPYAQ2HODfzSEiMgwRO8g\/nCdf7x05Upso4+TJk2qLiJwc7auvvsLRo0dhtVrVt3FOnTqNL774AkFBD6qzuv7pT6+rgcqzzz6Le\/reg7KyMrXLx+E4qLa4dJcecrISfZmIiIi+hwYOHIDHwsJw8X\/\/F7GxC3D\/\/b9ERkYGvvzyfxAdHaMGIPbn45Cw4hW1JSUq6mn1TZ158+bh+PH\/RmTk03jzr2+iv3d\/9S8Fy5le5TT0x44dxZ49H+Czz274z9I3Y+yWEiIiIuoWtU6t9f4nP\/mJ2l0j\/1Kwd\/\/+6t+6uXjxIvr16wcfHx91W2npMUyfPl3N\/8orryA0NFQNSI4fP66+nfPiiy+q09Dfc8893dqDw6CEiIjo+04EDlfq6tCrVy+4ud2mdrnICdXuEAGJ9NVXl8XyHerYExmUyD\/gJ4MXma+6ugpPPPGEmu\/tt99W5zcZN25ct\/4hvgbsviEiIvqeG3Bvf3j164ded96JXwcE4Pbbf4SjRz\/BT3\/6M3UG1yoReMg\/ujdq5CgRvFzBu++8g8dFIFJ\/tR47d\/5NfR1Yjj\/5r\/9yYNCgwfDy6ieCEqh\/TfhYaSlOnzqj7+mbYVBCRET0Pde\/v5faCiJbTHr20DpJ1Me\/XCXWK9cUdQ60nnJZ\/JQtJG49tXxyHpKG137lejkRW0OXzTX5PbHuzJkbmVqiNQYlREREZAgcU0JERESGwKCEiIiIDIFBCRERERkCgxIiIiIyBAYlREREZAgMSoiIiMgQGJQQERGRITAoISIiIkNgUEJERESGwKCEiIiIDIFBCRERERkCgxIiIiIyBAYlREREZAgMSoiIiMgQGJQQERGRITAoISIiIkNgUEJERESGwKCEiIiIDIFBCRERERkCgxIiIiIyBAYlREREZAgMSoiIiMgQGJQQERGRITAoISIiIkNgUEJERESGwKCEiIiIDIFBCRERERkCgxIiIiIyBAYlREREZAgMSq5XXS1qnHV6guhbxHuNiH5gbnJQ4sCCIUPh0+bHjlw9l5HUZMXBZs+BU093rBppU0KRdlpPGlhVWigmpVXrqe9a95ynm3sM3e\/67jUiolvfzW8pMcfh4IkyVLb6JCFIz2IkptBUlKeGwENPE3UPGaA3D8R5rxHRDw27b4iIiMgQbomgpO50DpaEWWGW3TrDrZi2NAc19fpGQW2231iAfUtDYTEPbb8J\/5woZ6pV6x4KCMWSnGrse9al22C\/HT52h55oILsWXH6DbZmn\/oLYbzgsw2WXkx8sYQnYd07f1pbKdEyy2bHvSz3dUn0titJiMS5A68ayTIhFWkmtvlHSf6N2FiA5Ypx+TsZh9o5KfbvuyxKkzXXZnlbShW6Ar3Eyw2XfU9cgz\/VL8lhXRjRu9wkIweyMSjSNeuhi3Vpdh7MuZeg6q7963rXr7WO2YpK4J6pd7ok2qWWGNH5n3Nx0FLkWKq\/t4iz1\/D+oXk\/tHOS2uFbq\/dis\/hf0LYJ6f2Q2laHeK+KaZtgxzeqnfUfewysdcOr1lfevz5AY7EYWIuX2hvur1f1Yh6o9CY3lmK3hzffd1fNPRGRUynWowp0dfq7fQSV28mbljJ5q0+c7lfBhU5VX82qUKzJ9pUY5sHyi8ssndyrn1QyKcmbTVOVXIyYqMTsrlCtX9ZUtXTqoPD9qjMhTpZVzqULZ+5Io55dTlU2n1ByK8mGcMjDuoJ5oUKVsmhynHNBTzfM4lQNxY5Tg5QeV81rllPMfrlCCxyxWDlySafldl\/IrNishY0RZF\/V0GwqXj1EemL9T+VT9viixbLsSIer98hEtrZ6z+4IV2xPzlbcq1J0qV07tVGJGuOyn8Vj183GpTNn69BglZHOVtr0N8hzaHp6ohL6arx3LVadSuHpqs\/NRmCjKkNsb6nY+X3n192OU2A+1elxf3Tq4Dp3W\/4py4CXtPJ1R63pF+fSDxUrwMLMSsqmdY7xarLzsWqb4zrHt0coDo1YohQ33jLy2vxyjRGxqOAciT6o4B6736ClxDV3uxyvnDyovjx+jPH9QO161jBGijIbzKJzfKfYjr+lFfYU45rfmi+NpVld57lzuM6nF\/Xj+rZnKL3+\/VjmkF6zt26KEv1Wjprt0\/omIDOzmByX3mZWBrT5N\/4geWiIeJO85tUSjGuWtJ5se1GpQsiRfS7Tjynvz28hToayb6PIP9vUGJfIB9fBa5ZiWalS4Olg8qOWSS1BSsVOJmBgtHhZyfTs+366EyvJaBlZHVigPNAZh2oPn1aNqotGxV4PFedIeROe3T1dsr5apy40uiv0Hta5rA3kOB855T2kWL116T4np4Duq7DjlV8uL9UTndWv7OpQprwY1XYdO6y\/rNWKFcqjFeZL7aS8oabNMQQaBjQ91eW3FOdBDB12NsvWJBxrvtTbvx+IkxdbwPVnGE9sbA+Z2VaQqwS6BdadBydV8EVTNV3a1DGhl0C4DKzXR+fknIjIygw50zUTUALmxEkVH\/PDI2N5q1iaemBLmh6Lipm4ab69++lLbSovzETTaqqca\/AjubvrijThRDueEcfDVkw387dlY+6CekL50YMGTGRjxeirCfPR1bTlaghpZXss6jQhFWFUBSvUkYMGIYfqizqNPb1SfqxFLdcj7+AImjzdrGxp4WDHKowSlMks7fP0szQdV9vKA+9mz6OArgKirs9a1D6SjurV3HXqjT+OOu1D\/8hLk2awY2eI8yf20p+hIG2UK\/r8PRfWRMj0l3CmOWV\/UeCLot14o+kTea+U4dLCN+9FihV+BqJueFDcjTPpiu9zEvXfRiSt6slOnxTFbgjG+5ajXviF43FKMosY3lzo+\/0RERmbwMSXV+PSEOzx66UkX7r3cUXqi633lztpa9QHanapOV7T\/IGzcVzmSo1LhNNfgWJnr2JDW2i9PPrQrcLJLr8zW4Hx1NdZPHaqNX2j8jENiuRPOy3KMjOv65m98dEiOd3EdGyE\/MVn6xq7p\/Dp0Vn+RRTzMnbc1Dx06Vo2qCnEO2zy1HvA4XoEqPdkudfxHDarO5mCBpWXdYrDbKeqkZmyLHAuyBjMm6ONQ5Cd4jUuQ2QWnxPVvFTBJ4v8fd5bjWIWeJCK6hRk8KPHCfUPqtAdRC3WX6+A7pKNmh+Y8eosnUmcDIa+T94BBcF7sONCQx\/BkWgY2v5YA96SZSOsgjmq\/vFrxHB6EwWrrUWfuEIGNGYtyWrY+NbRAeSFql+u6rr96XZQ4EbMLLFi2K7\/p+6kh+tau6fw6dFZ\/kaWPCCSuXs+kYl7wHiTOYZunVgQT9w+Ct55slxpIeYhdh2Bzq3rJT\/vnsWZHDMZtAma9\/v9Q3pA\/J65VC1uH7hXX\/5Kz9YBgscZ5yYxhg\/QkEdEtzOBBiQ\/8A4qxZ3\/Lp0kt9u0phv8wLz3dOV+\/QOR+XKCnGnyNOtcHpHzYtfyHv\/6s+O1YX25piBkee7Nb\/cZbmhaOF\/Y3lNIbd98lfnjYsHZLCHY9txEn23soD7fAJMtruf1YNnb3tXTxIeaJkTZg78eub2V0h2oUHQnE8tfC4dvX5ff16wz0Or8OXai\/2YKRjgLktdh3XX37gYp\/gCd27yvXU01K970Pk2WonhJaBTsXkPthNfz\/r7zXLHhobD4O5Gtbuqr0SA3mvRqHoCG9m1o66sUx64tdMkAcc0kO9rVsjnHmYE+JH3y7\/n8FIiLDMvwrwSNjYuF8cSaS8y9o\/4jXXUBe8kw8XxuLeYFqli5xfyQCU8Rvp7Mzq13KiUPyCXWzxhKMKQXpSC7Ug6DLldjxbBy2tdcuP2AaFvpl4pkVDtRohaImPwUvbB2ECYFtdC\/4ROCPv8vGjBcdbTf19w3HIlsmIp\/NxEm9daiuMhOzozMR9Fx45+MUdN7hsRicOhMv7KnUH\/ayXumIjErHSTXHjTDB+94crEsr18oUAYBa5orr677pynXotP69QjBrSjYWiPNU5XLen1nbfjOU6XE7gt6OFvvVyxT1P5kZi8i3bVj0uKeWSdqzApEZ5VBndxd5SjdGI7EuBlEjtM1BcyNQZI9BWsP9KMvZE49pix1aug2mfl9ja2pO4z3iPJGDF+antrgW4vz2q0Bpe4fgZsW8WCeen5mCPK0g1NUUIHlmPJyxMa3G1xAR3YoMH5Sgbyg2Z8XA+dpEWGRffMBEJNfGIHtTaJcf0io3C5ZlxuPu7aHa\/A2jZ2LrPTFY6Dr2UfzDv3BdIIrm2LR+f9t8HLDGN8\/TTG8ErXwbC+tTEazO3RGI4NdqMW\/HCgS1MQ5GGhy1BcuvJuDlPW13+\/gveh8bhjswxybLGwrrHAdGvP4+lukPxS7pZcOqXQkYnDUf1mFavaZtA+aticBgPcv1c8f4FakY+eFMbZ4Piw2z33bHvJXR8D5X0\/FgWFdtXYc+8Vjl2gvUhfr7L3oby+\/KwCQ5vsNsw4xtHli2rIOuJLnfrNcxYr9e5jAb5uy3YEPWYvi7PtAniWD3ciomyetp9sOMfYHYvCWiqXtnQAR2bgtFVcP9KMp5psCGP8bb2hjvofGdl4qFl1IQrNd12soSPPTaYoxvNojYjLB5JmydKPJMTW9zjIspLBXZs2qRHBKo3huWkBQ4Z72HzWEuQRUR0S2sh3wFR1\/+AZKDPmOB1xve9qEfNDlZ2d4QVCbZ9BVERPRdMn5LCREREf0gMCghIiIiQ\/iBd98QERGRUbClhIiIiAyBQQkREREZAoMSIiIiMgQGJURERGQIDEqIiIjIEBiUEBERkSEwKCEiIiJDYFBCREREhsCghIiIiAyBQQkREREZAoMSIiIiMgQGJURERGQIDEqIiIjIEBiUEBERkSEwKCEiIiJDYFBCREREhsCghIiIiAyBQQkREREZAoMSIiIiMgQGJURERGQIDEqIiIjIEG7ZoKTuy1rU1esJIiIiuuXdxKCkHMkPRWBHjZ5sVI20KVYsKdSTLnLtfliwXy6VIDlkItaVq6vbIcsJRdppPdmW\/Xb42B164gfiXA6WhFlhHjIUPkP88GBECnK\/1Lc1cJYgbe44LY\/Zikn2LJxkAEhERN+ymxiUmDFidAkOHdWTDWoKcMDZB6W5LSOOchQetmFsoFy2YNHHDiwcpm7oIgcWDLEjV0\/daqrSQjEprVpP3aDL4hyEpqAu4k2UlJeh8qgDfw4ux\/MhCShqDDpEMDdzPg6NTtHylLyPRT9Px4wXHajTcxAREX0bbmr3zchAG4qLmwcfdQUOOGdMh9fH+ajS16nO5iPXwwK\/Xnqarl9+FnaPtmPVIz5wdxNp997wDU\/BSxYHDjRchsItWOceg9XhZj2PJ0YuTEBYcTp2tWrVIiIi6j43NShxH26BR4vgI89RjqDAcIy9x4E8l4dgXXEJqgL84K2m2uiakd0SU63wkV0OAaFYknO28Td72crgMyQGu5GFSLm9WZdNHZyONZhm9VO\/aw6OxY5KfZOqFkVpsRgXILs7xHZruCj7gr6ttbZbNBxYMCVdP0697vku9R0+DrMzKttpiZAtPEPxYFI5SpPGifwux13fvG6WCbFIK6nVN7bhNneYernribZVfVIM79\/aYNLTGjMespW1btXSqcecXq7W5cHhsi5+sESkoMgpe4LSMXtC03VJdLjUT3afLXagJicBkxqPwY7d58Q2126mDs8PERF9X1xXUFLd4\/90+LluA\/zgf6YcZY1dByU4UGzDQ8PcMfJB4EBB02OotLgYQaMteqqFyw68ELoC52dkovxEGSpFkDHq4AqsO6Ft9o7KROWJVExGCDbL7Uk2bYNUvAaRmT5YdaBY5ClG9iwg8ZmGAEKELHsWY7ao058d4nviuyVvhuL80qltjnnpunIkJzgw6lWHWmb5\/ji4r5+O5\/e39di1Ya3Ic9Buhq89W+TPRNQAbUtR4kTMPtpUt4I\/WnFo7sT26zY6ArOOr8CS\/Re0QcL1dTiZaUdyXTSeaugKE+sH+XjpiSame7xQcbr97qOqtDhsvSsW2SWiLkdzsNqUich5MYhc7cRT2\/Tj3DYOeXPjmo8jOrAYz38SjM0fi++VF2P77yuwIFp8LyoLvqsc6vXUzs9MJJfo3yEiou+lm9pSIseGjLIdxKGGh82xg8j1s8FfLJqsNlQ7CrT1qEbRkUEYNVxPtlC3PxN7g9dgQ6gX1HaAXj4Yn7AGUX3VzZ2YiGWvhWKw2i3kDu+wGDzpLEHxZXUjzp+thv8jIfp2kcMnFMtXzsDdl9pvLemcF6JWrcB4H63Vwt0UjLXJk5C7JQtd7iE5l4FERyg2N9ZdlGMOx+bXx2FvSmbb5bj5IGqjHe5JwTCbh8LH7IcZOTb85\/rQFi0j7ehosOtoO1aHNnQLeWJ8XCx884GwjbEYadKP0xyNecGO5i0unhFYttAKNYubO3yj4\/Hk2UoMTkhBmMv5mfeUB\/KOfMMxNUREZGg3OSgB\/AOHoqhYe9hU5TvgN0FvxRgQiKDjDhTJ5cslKKwPhH87T87S4nwEjbbqqQa90cdDX+yInx985YO0kfxeNc7rT3Vvv0AULQ3FgrQclJ6tVbsQTLZozLV5ahluiNhHb32xQaANQYdLUKonO3W0BDUTxrWouzAiFGFVBW2Xc9mBJaFJqLPnoFwOYpUtEyJImDE9\/Ru\/XeM9RAQk+rLKZILJbMXIFtdg6FCzvqS7f5DeJdfAE979RLDaolFs8H1D9SUiIvq+uulBiSkgUB0vUocLyHN46W\/XSGaMuN+BA8fE4pECFFmtGKxtaMVZWyt+y9YT3W1EHBx71mDUpSwsmf4wzHJ8Q1oJnPrmblXf9VETVacr4NEqspFkUFWBk228Cl2VkYLSiC1YNtZTa9Fwc8fg0BRsCHwTydmd79vD4w59iYiIqPvd9KAEPuK36ZIC5F3OxwHYMNLl7ZqRNjNy86tRergAIwPbGU8iePQWD+dv+Jt+R9xNZoTFpmCnowDl+1dg8AcReH5P1wOILhNBQld5DxgE58W2BrXW4qJzEAbr405cVZwoh1ff1i08\/gEWVJ\/Vm4ZEsFJR2bqbpOJUOUye36R1iIiIqGM3PyiRLSKWYpRuc6DaZm02tsHdaoNHcQ7y\/tGvVXO+K1+\/QOR+3DD+pMHX3TDj6wXkrt+IXJcBGu4mK+bNsjU9xFu4w8OjdbBwrhrNH\/N1reuW70Dury3w1ZOdGm6BaW82SluWcywbu\/u2XY7p516oPtd6LEzp0ZLGlibvX9vg\/NDRfExKfQkOfWxtd0wPERFRdzBAUOIOvwB37PhrNYICW7z1IQKAhz5Px6aL4iHbwUhM90ciMCUnDrMzq7XXRusuIC85Dsn62zcaE7z7VaC02eu+nfGEx\/9sx\/MJmTipD3ytqynAuk3FGOTTdoVMtmCY3kzFjtNaS4rMnzwnQRsb06gS6+YnIPdcQ54cLFiYjQlRIe0OOL27rxeqysqbuo36hmORLRORz7rUrTITs6MzEfRceJvl+E6bjrqV0UjOv6CdJ\/n2zZ54PJNmxqxQ\/dwPm4G5t69BZHIJnDLgEecyN3Exdv1anOMOrgEREdE3ZYCgRPvtHLVD8VCrGVq9MHL0HagZ7tdxC4KbBcsy43H39lBtXovRM7G1TzxWhejbVWaEzTNh60SxfWrTK7+d8V\/0Plb7ZGGOTZtHw\/xIEqpmbMHqse10tYhgYZUdSAvV5j2xhKSgbsEKTNY3a8yY96IVB+bYtDLHrkFd7BassrXffeM+NgJPnrDDIvK\/oE+zIuu2YbijsW7WOQ6MeP19LBuhbW9lQAR2Zoaj6rWJajk+5kBMS3fHwpwUTG4ckOqJsHXpmFJph1W+oWOZiMRzEdi+0tZ8ICsREVE366EI+jJ9J+TkabHA603zjRAREZFBWkqIiIiIGJQQERGRIbD7hoiIiAyBLSVERERkCAxKiIiIyBAYlBAREZEhMCghIiIiQ2BQQkRERIbAoISIiIgMgUEJERERGQKDEiIiIjIEBiVERERkCAxKiIiIyBAYlBAREZEhMCghIiIiQ2BQQkRERIbAoISIiIgMAPj\/SLoSWkvzOYIAAAAASUVORK5CYII=\" alt=\"\"><\/p>","protected":false},"excerpt":{"rendered":"<p>Tegund:&nbsp;KF2<\/p>","protected":false},"featured_media":79174,"comment_status":"closed","ping_status":"closed","template":"","meta":[],"product_brand":[],"product_cat":[588,515,794],"product_tag":[],"class_list":{"0":"post-78364","1":"product","2":"type-product","3":"status-publish","4":"has-post-thumbnail","6":"product_cat-handverkfaeri","7":"product_cat-verkfaeralausnir","8":"product_cat-thvingur","10":"first","11":"instock","12":"taxable","13":"shipping-taxable","14":"purchasable","15":"product-type-simple"},"yoast_head":"<!-- This site is optimized with the Yoast SEO plugin v27.3 - https:\/\/yoast.com\/product\/yoast-seo-wordpress\/ -->\n<title>BESSEY \u00devinga kantklemma KF2 - V\u00e9lar &amp; Verkf\u00e6ri<\/title>\n<meta name=\"robots\" content=\"index, follow, max-snippet:-1, max-image-preview:large, max-video-preview:-1\" \/>\n<link rel=\"canonical\" href=\"https:\/\/velarogverkfaeri.is\/en\/verkfaeralausnir\/handverkfaeri\/thvingur\/product\/bessey-thvinga-kantklemma-kf2\/\" \/>\n<meta property=\"og:locale\" content=\"en_US\" \/>\n<meta property=\"og:type\" content=\"article\" \/>\n<meta property=\"og:title\" content=\"BESSEY \u00devinga kantklemma KF2 - V\u00e9lar &amp; Verkf\u00e6ri\" \/>\n<meta property=\"og:description\" content=\"Tegund:&nbsp;KF2\" \/>\n<meta property=\"og:url\" content=\"https:\/\/velarogverkfaeri.is\/en\/verkfaeralausnir\/handverkfaeri\/thvingur\/product\/bessey-thvinga-kantklemma-kf2\/\" \/>\n<meta property=\"og:site_name\" content=\"V\u00e9lar &amp; Verkf\u00e6ri\" \/>\n<meta property=\"article:publisher\" content=\"https:\/\/www.facebook.com\/VelarOgVerkfaeri\" \/>\n<meta property=\"article:modified_time\" content=\"2026-01-14T21:47:09+00:00\" \/>\n<meta name=\"twitter:card\" content=\"summary_large_image\" \/>\n<script type=\"application\/ld+json\" class=\"yoast-schema-graph\">{\"@context\":\"https:\\\/\\\/schema.org\",\"@graph\":[{\"@type\":\"WebPage\",\"@id\":\"https:\\\/\\\/velarogverkfaeri.is\\\/verkfaeralausnir\\\/handverkfaeri\\\/thvingur\\\/product\\\/bessey-thvinga-kantklemma-kf2\\\/\",\"url\":\"https:\\\/\\\/velarogverkfaeri.is\\\/verkfaeralausnir\\\/handverkfaeri\\\/thvingur\\\/product\\\/bessey-thvinga-kantklemma-kf2\\\/\",\"name\":\"BESSEY \u00devinga kantklemma KF2 - V\u00e9lar &amp; Verkf\u00e6ri\",\"isPartOf\":{\"@id\":\"https:\\\/\\\/velarogverkfaeri.is\\\/en\\\/#website\"},\"primaryImageOfPage\":{\"@id\":\"https:\\\/\\\/velarogverkfaeri.is\\\/verkfaeralausnir\\\/handverkfaeri\\\/thvingur\\\/product\\\/bessey-thvinga-kantklemma-kf2\\\/#primaryimage\"},\"image\":{\"@id\":\"https:\\\/\\\/velarogverkfaeri.is\\\/verkfaeralausnir\\\/handverkfaeri\\\/thvingur\\\/product\\\/bessey-thvinga-kantklemma-kf2\\\/#primaryimage\"},\"thumbnailUrl\":\"https:\\\/\\\/velarogverkfaeri.is\\\/wp-content\\\/uploads\\\/2026\\\/01\\\/8c2efc3c-ea95-4635-9dcf-ad0e6575c4fc.jpg\",\"datePublished\":\"2025-11-29T17:56:20+00:00\",\"dateModified\":\"2026-01-14T21:47:09+00:00\",\"breadcrumb\":{\"@id\":\"https:\\\/\\\/velarogverkfaeri.is\\\/verkfaeralausnir\\\/handverkfaeri\\\/thvingur\\\/product\\\/bessey-thvinga-kantklemma-kf2\\\/#breadcrumb\"},\"inLanguage\":\"en-US\",\"potentialAction\":[{\"@type\":\"ReadAction\",\"target\":[\"https:\\\/\\\/velarogverkfaeri.is\\\/verkfaeralausnir\\\/handverkfaeri\\\/thvingur\\\/product\\\/bessey-thvinga-kantklemma-kf2\\\/\"]}]},{\"@type\":\"ImageObject\",\"inLanguage\":\"en-US\",\"@id\":\"https:\\\/\\\/velarogverkfaeri.is\\\/verkfaeralausnir\\\/handverkfaeri\\\/thvingur\\\/product\\\/bessey-thvinga-kantklemma-kf2\\\/#primaryimage\",\"url\":\"https:\\\/\\\/velarogverkfaeri.is\\\/wp-content\\\/uploads\\\/2026\\\/01\\\/8c2efc3c-ea95-4635-9dcf-ad0e6575c4fc.jpg\",\"contentUrl\":\"https:\\\/\\\/velarogverkfaeri.is\\\/wp-content\\\/uploads\\\/2026\\\/01\\\/8c2efc3c-ea95-4635-9dcf-ad0e6575c4fc.jpg\",\"width\":464,\"height\":1000},{\"@type\":\"BreadcrumbList\",\"@id\":\"https:\\\/\\\/velarogverkfaeri.is\\\/verkfaeralausnir\\\/handverkfaeri\\\/thvingur\\\/product\\\/bessey-thvinga-kantklemma-kf2\\\/#breadcrumb\",\"itemListElement\":[{\"@type\":\"ListItem\",\"position\":1,\"name\":\"Home\",\"item\":\"https:\\\/\\\/velarogverkfaeri.is\\\/\"},{\"@type\":\"ListItem\",\"position\":2,\"name\":\"Vefverslun\",\"item\":\"https:\\\/\\\/velarogverkfaeri.is\\\/vefverslun\\\/\"},{\"@type\":\"ListItem\",\"position\":3,\"name\":\"BESSEY \u00devinga kantklemma KF2\"}]},{\"@type\":\"WebSite\",\"@id\":\"https:\\\/\\\/velarogverkfaeri.is\\\/en\\\/#website\",\"url\":\"https:\\\/\\\/velarogverkfaeri.is\\\/en\\\/\",\"name\":\"V\u00e9lar & Verkf\u00e6ri\",\"description\":\"Umbo\u00f0s- og heildverslun fr\u00e1 \u00e1rinu 1919\",\"publisher\":{\"@id\":\"https:\\\/\\\/velarogverkfaeri.is\\\/en\\\/#organization\"},\"potentialAction\":[{\"@type\":\"SearchAction\",\"target\":{\"@type\":\"EntryPoint\",\"urlTemplate\":\"https:\\\/\\\/velarogverkfaeri.is\\\/en\\\/?s={search_term_string}\"},\"query-input\":{\"@type\":\"PropertyValueSpecification\",\"valueRequired\":true,\"valueName\":\"search_term_string\"}}],\"inLanguage\":\"en-US\"},{\"@type\":\"Organization\",\"@id\":\"https:\\\/\\\/velarogverkfaeri.is\\\/en\\\/#organization\",\"name\":\"V\u00e9lar & Verkf\u00e6ri\",\"url\":\"https:\\\/\\\/velarogverkfaeri.is\\\/en\\\/\",\"logo\":{\"@type\":\"ImageObject\",\"inLanguage\":\"en-US\",\"@id\":\"https:\\\/\\\/velarogverkfaeri.is\\\/en\\\/#\\\/schema\\\/logo\\\/image\\\/\",\"url\":\"https:\\\/\\\/velarogverkfaeri.is\\\/wp-content\\\/uploads\\\/2021\\\/10\\\/vv_logo_350x100.png\",\"contentUrl\":\"https:\\\/\\\/velarogverkfaeri.is\\\/wp-content\\\/uploads\\\/2021\\\/10\\\/vv_logo_350x100.png\",\"width\":350,\"height\":100,\"caption\":\"V\u00e9lar & Verkf\u00e6ri\"},\"image\":{\"@id\":\"https:\\\/\\\/velarogverkfaeri.is\\\/en\\\/#\\\/schema\\\/logo\\\/image\\\/\"},\"sameAs\":[\"https:\\\/\\\/www.facebook.com\\\/VelarOgVerkfaeri\"]}]}<\/script>\n<!-- \/ Yoast SEO plugin. -->","yoast_head_json":{"title":"BESSEY \u00devinga kantklemma KF2 - V\u00e9lar &amp; Verkf\u00e6ri","robots":{"index":"index","follow":"follow","max-snippet":"max-snippet:-1","max-image-preview":"max-image-preview:large","max-video-preview":"max-video-preview:-1"},"canonical":"https:\/\/velarogverkfaeri.is\/en\/verkfaeralausnir\/handverkfaeri\/thvingur\/product\/bessey-thvinga-kantklemma-kf2\/","og_locale":"en_US","og_type":"article","og_title":"BESSEY \u00devinga kantklemma KF2 - V\u00e9lar &amp; Verkf\u00e6ri","og_description":"Tegund:&nbsp;KF2","og_url":"https:\/\/velarogverkfaeri.is\/en\/verkfaeralausnir\/handverkfaeri\/thvingur\/product\/bessey-thvinga-kantklemma-kf2\/","og_site_name":"V\u00e9lar &amp; Verkf\u00e6ri","article_publisher":"https:\/\/www.facebook.com\/VelarOgVerkfaeri","article_modified_time":"2026-01-14T21:47:09+00:00","twitter_card":"summary_large_image","schema":{"@context":"https:\/\/schema.org","@graph":[{"@type":"WebPage","@id":"https:\/\/velarogverkfaeri.is\/verkfaeralausnir\/handverkfaeri\/thvingur\/product\/bessey-thvinga-kantklemma-kf2\/","url":"https:\/\/velarogverkfaeri.is\/verkfaeralausnir\/handverkfaeri\/thvingur\/product\/bessey-thvinga-kantklemma-kf2\/","name":"BESSEY \u00devinga kantklemma KF2 - V\u00e9lar &amp; Verkf\u00e6ri","isPartOf":{"@id":"https:\/\/velarogverkfaeri.is\/en\/#website"},"primaryImageOfPage":{"@id":"https:\/\/velarogverkfaeri.is\/verkfaeralausnir\/handverkfaeri\/thvingur\/product\/bessey-thvinga-kantklemma-kf2\/#primaryimage"},"image":{"@id":"https:\/\/velarogverkfaeri.is\/verkfaeralausnir\/handverkfaeri\/thvingur\/product\/bessey-thvinga-kantklemma-kf2\/#primaryimage"},"thumbnailUrl":"https:\/\/velarogverkfaeri.is\/wp-content\/uploads\/2026\/01\/8c2efc3c-ea95-4635-9dcf-ad0e6575c4fc.jpg","datePublished":"2025-11-29T17:56:20+00:00","dateModified":"2026-01-14T21:47:09+00:00","breadcrumb":{"@id":"https:\/\/velarogverkfaeri.is\/verkfaeralausnir\/handverkfaeri\/thvingur\/product\/bessey-thvinga-kantklemma-kf2\/#breadcrumb"},"inLanguage":"en-US","potentialAction":[{"@type":"ReadAction","target":["https:\/\/velarogverkfaeri.is\/verkfaeralausnir\/handverkfaeri\/thvingur\/product\/bessey-thvinga-kantklemma-kf2\/"]}]},{"@type":"ImageObject","inLanguage":"en-US","@id":"https:\/\/velarogverkfaeri.is\/verkfaeralausnir\/handverkfaeri\/thvingur\/product\/bessey-thvinga-kantklemma-kf2\/#primaryimage","url":"https:\/\/velarogverkfaeri.is\/wp-content\/uploads\/2026\/01\/8c2efc3c-ea95-4635-9dcf-ad0e6575c4fc.jpg","contentUrl":"https:\/\/velarogverkfaeri.is\/wp-content\/uploads\/2026\/01\/8c2efc3c-ea95-4635-9dcf-ad0e6575c4fc.jpg","width":464,"height":1000},{"@type":"BreadcrumbList","@id":"https:\/\/velarogverkfaeri.is\/verkfaeralausnir\/handverkfaeri\/thvingur\/product\/bessey-thvinga-kantklemma-kf2\/#breadcrumb","itemListElement":[{"@type":"ListItem","position":1,"name":"Home","item":"https:\/\/velarogverkfaeri.is\/"},{"@type":"ListItem","position":2,"name":"Vefverslun","item":"https:\/\/velarogverkfaeri.is\/vefverslun\/"},{"@type":"ListItem","position":3,"name":"BESSEY \u00devinga kantklemma KF2"}]},{"@type":"WebSite","@id":"https:\/\/velarogverkfaeri.is\/en\/#website","url":"https:\/\/velarogverkfaeri.is\/en\/","name":"V\u00e9lar & Verkf\u00e6ri","description":"Umbo\u00f0s- og heildverslun fr\u00e1 \u00e1rinu 1919","publisher":{"@id":"https:\/\/velarogverkfaeri.is\/en\/#organization"},"potentialAction":[{"@type":"SearchAction","target":{"@type":"EntryPoint","urlTemplate":"https:\/\/velarogverkfaeri.is\/en\/?s={search_term_string}"},"query-input":{"@type":"PropertyValueSpecification","valueRequired":true,"valueName":"search_term_string"}}],"inLanguage":"en-US"},{"@type":"Organization","@id":"https:\/\/velarogverkfaeri.is\/en\/#organization","name":"V\u00e9lar & Verkf\u00e6ri","url":"https:\/\/velarogverkfaeri.is\/en\/","logo":{"@type":"ImageObject","inLanguage":"en-US","@id":"https:\/\/velarogverkfaeri.is\/en\/#\/schema\/logo\/image\/","url":"https:\/\/velarogverkfaeri.is\/wp-content\/uploads\/2021\/10\/vv_logo_350x100.png","contentUrl":"https:\/\/velarogverkfaeri.is\/wp-content\/uploads\/2021\/10\/vv_logo_350x100.png","width":350,"height":100,"caption":"V\u00e9lar & Verkf\u00e6ri"},"image":{"@id":"https:\/\/velarogverkfaeri.is\/en\/#\/schema\/logo\/image\/"},"sameAs":["https:\/\/www.facebook.com\/VelarOgVerkfaeri"]}]}},"_links":{"self":[{"href":"https:\/\/velarogverkfaeri.is\/en\/wp-json\/wp\/v2\/product\/78364","targetHints":{"allow":["GET"]}}],"collection":[{"href":"https:\/\/velarogverkfaeri.is\/en\/wp-json\/wp\/v2\/product"}],"about":[{"href":"https:\/\/velarogverkfaeri.is\/en\/wp-json\/wp\/v2\/types\/product"}],"replies":[{"embeddable":true,"href":"https:\/\/velarogverkfaeri.is\/en\/wp-json\/wp\/v2\/comments?post=78364"}],"wp:featuredmedia":[{"embeddable":true,"href":"https:\/\/velarogverkfaeri.is\/en\/wp-json\/wp\/v2\/media\/79174"}],"wp:attachment":[{"href":"https:\/\/velarogverkfaeri.is\/en\/wp-json\/wp\/v2\/media?parent=78364"}],"wp:term":[{"taxonomy":"product_brand","embeddable":true,"href":"https:\/\/velarogverkfaeri.is\/en\/wp-json\/wp\/v2\/product_brand?post=78364"},{"taxonomy":"product_cat","embeddable":true,"href":"https:\/\/velarogverkfaeri.is\/en\/wp-json\/wp\/v2\/product_cat?post=78364"},{"taxonomy":"product_tag","embeddable":true,"href":"https:\/\/velarogverkfaeri.is\/en\/wp-json\/wp\/v2\/product_tag?post=78364"}],"curies":[{"name":"wp","href":"https:\/\/api.w.org\/{rel}","templated":true}]}}