{"id":78362,"date":"2025-11-29T17:56:20","date_gmt":"2025-11-29T17:56:20","guid":{"rendered":"https:\/\/velarogverkfaeri.is\/?post_type=product&#038;p=78362"},"modified":"2026-01-14T21:47:08","modified_gmt":"2026-01-14T21:47:08","slug":"bessey-thvinga-kantklemma-kf4","status":"publish","type":"product","link":"https:\/\/velarogverkfaeri.is\/en\/verkfaeralausnir\/handverkfaeri\/thvingur\/product\/bessey-thvinga-kantklemma-kf4\/","title":{"rendered":"BESSEY \u00devinga kantklemma KF4"},"content":{"rendered":"<p><img decoding=\"async\" src=\"data:image\/png;base64,iVBORw0KGgoAAAANSUhEUgAAAiIAAACDCAYAAACwa3BIAAAAAXNSR0IArs4c6QAAAARnQU1BAACxjwv8YQUAAAAJcEhZcwAADsMAAA7DAcdvqGQAACcbSURBVHhe7d0LWFVV3j\/wr1JDY39xmuE0NoImms0R\/c\/hMh3U8URNqI2ojRglvvUI4QNeRiyDyiBvhIrRSKOjjrzio0mTI5VGqfBP8bwlMMplUuDVhFRwMvF5ez2MJI24\/2vtvYHDHS+1yb6fZ05nr73XWWfty7h\/Z621F70UAUREREQG6K2\/ExEREX3nGIgQERGRYRiIEBERkWEYiBAREZFhGIgQERGRYRiIEBERkWEYiBAREZFhGIgQERGRYRiIEBERkWEYiBAREZFhOMU7ERHRLcxz4C\/Qu\/dt4tVLXwPIW\/\/Vhqvo7dIbvXv1VtO9emnbr1y5oi737t1bRAkys\/q\/xkWRv5f2efFSrl7FmTPVYu31YyBCRER0Cxt070B4Dx+OgIBRIsAA\/i0CjcIjR3Du3Jd45JFH0OfOPmrQcf78eXzy8cdqIOLv\/2sMHDgQLi4uogQtTPj3v\/+Nf\/3rX3DU1uKSeK+oqMCXX36J06er1O3Xi4EIERHRLWyw1yCEz4xAQsIrIqVg9+738e577+LRCRMwZcpjuP3223H48GFs3bZVjTl+\/\/vHYLH4wN3dXW0ZOXXqFP5++O8oKizEV1\/9D370ox+pn\/nHP\/6BkyIYOX3qjPZF14mBCBER0S3s3sGD8ExEBOLjE5CRkYHNm\/8TS5cuh\/UBK1xuc8HOnTuwceNfEBUVjaCgIPzkJz9BQ8O\/8emnn2JNaioqKz7H8OHDYbPZMGbMGNxxxx247bbb8Mc1r+MtUd7nn5\/Wv+n63OKDVe1YMGw4vKak48Yajr47uXGivsNCkHZj5\/UG1CM33ibqYENSib7qe3gciYhIo3XH\/Bvvv\/++GoSsXp2CMb8Zg0t1l\/D6668jLW0zEhMT8fjjj+POO+\/Efx\/\/b8TFxSE2Ng4jR45ETk6OCFQ24j\/+4z\/g6emJu+66Cz\/+8Y\/VsSU3w00MRKqRNkXeRNt5jbRiXPhq7Dtdr+e9BZ1OxyS5r3F2fYUxbjyQcYXbneLNxYS779LWEBHR95gCFBUVY+fOTCQkLIaPjw+qq6qQkrIaZ86cRnp6ujp+5OzZs\/jLX\/6CBTELMHToMGzb9iaeXxirdsNUV1erAcmWLenYlLYJf\/rTn3Ck8Ig6YPVGfQstIh4YFRqCUKfXZH8TzuenY3ZQEBbsr9XzUU\/l+5IdleWZiBykryAiou+thoYGfPHPLzBhwniMGf0bOBwXRcCxEXfc8WO88sor+MUvfoHCwkIsXbZEHYyalJSE6OhodYzIsWPH8PLLL2HZsqXIyspSB68Ovvde+Pv7qa0jjU\/a3IhvIRCxYFbicqx0eq1Jz0LJB7HwdrmA3XPjsa9Oz0pERETfKhksPPTQQ5g6NQS33e4igpBN+N+LDkRFRYlgw4QTJ07g+ecXqnnmz58Pi8WCr776CosWLVLTJpNJDViWLl2Kp556GsHBkxAUNA6eHiIQ0b\/jRnx3Y0S8wrE0rK8IzXJw4Ii2qrEbYV2hHUlTrWo3zqR0p+eR66uxb0U4xvk3d\/FMi8tAkUPf7sxRgrS5wbCYtbyWqXHYVlKjb3TSSRdKR90ajpIMLAi1wiw\/J8ueEI6knAv6Vn38RNBqlMrke9FaXbvsoqlFUVpM8775h2BBRgnO61vbaLjQ8lj4B2PGihzUNGibq9JC1PUR78lUOZKCZL6W++I4kYmk8OZjZLYGY3ZaCRx6GY263b0jz8+SMFi7c36IiMgQvXr3Rr9+\/dQulnfffQfZ2fsQ+3wsfvYzdzUIkWM\/wsMj8OQT0+Hq6oqCgnyEhoaqrR+7du0SQUocfvGLAVAg5ww5g+LiYuzduxdlZaXqfCI36rsLRATTPR7q++Ur6puuGpuiopH2GeA5wAMmV311XQmSpozD7PQS1I8MwaIlsYi0mVD6XiKmPRqHXOebXYPIGxwmgoNKwBykdgdNuKcMSdMTsFvPcr0c++MQFJqI3eUmBIbHYmlcCLzrCkTQY8OkNPF9GI5ZqalYnxAMT\/kBv3Csl+mnh8tUh4pWTMS05BychBnjZRfWBA+UrQjDi+\/rGZw1VCLtcRtmb62AyRaFpUuiMHm4A3npMbA+rg0gvfvhOPV7I\/3kBzwwOUHUITUOgSaZ1vcjOAFpFSZMWJiM9cmxmHK\/A\/uSwxC02I5rHr0j6zRdnJ+McvSzhrc6PwnIZasXEVGPIFstripXRQBRhLXr1iLhlQR1jpCSkhJERUdh1qxZePrpp3H58mW8\/fZfER8fjzlz5qhdNH379lWDj+3b30RCfAJeWZyAv\/71LeTlHUJtba0+w8gNko\/v3hxVyqbJZmXwfbHKAX1NSw7l7Wfk9iDltaPamgOxMm1WHojNVi5e0dY1Klw2Vt0Wtr1GX6O5+FGs8oBYP3h+tnJZX3dsTZCaN3hDhb5G05R38mbljL5OObVZCZbrYg\/qK5pp9ZmqbDqlr7h0UInxE+tGi326qK+TrlQoa+W+\/nK+sveSvq6TctsoW6PY1HptUD5z3u+L4vtGt6qDcOw1uX9TlbXHG\/dY89mGqep+R3\/YvL7NPqhqlLfnBCm2wFhlr\/N+NJ2Tmcrb5\/VVQtsyRL1aH8eD8ep321YV6ys0jXUKe7vleSMiImPce+9AJSbmD8r8+X9Q3nzzTeXq1avKP\/\/5T2X27CglI0NL19XVKevXr1ciIiKUw4cPq+u+\/vprZcWKFcrMmTOVV199Vfnwww+VqqoqtUy5femyJcq9gweq6Rvx3bSI1FUid8VMvCh7K8zTETpCW63xwtPRQXCTk7c1arBja8YFYFAUFoW56ys1buKX\/zz5q39PBnapPS\/VyNsvu3OCMOspL7miidvDwRilL1+X\/CzsdgC+c+MQ6Kavk1y8EBoeBM\/+FSj8VF93Dao+sautGONnzcRQ5\/12s+GxMfpykxLseEvsX1A4Ioc1Nhdphk4Ihrd4zztSrq3okDtC12Xj4IFkjHfeD\/TFqACzeHfAca0tGFe0NhS3n7Y8P0NnbkGB2L\/1wS3XExGRcQ4dOoR\/XbqE8ePHqzOk7t69G\/fcMwCTJz+mDmbdtes92O12JCQkwN\/fX32CJiYmBkeOHMGSJUvw7LPPYsKECerAVvn5mpoaXBCvm9Ek8i0EIlmIkOMFnF+WYESkl8N1WDg2bwnXujCauMLV+WYsVVegQo5bsPqoN9qW3BH4W3nzLECRev+txDH5brbAp49M3zxVlRXiv33hfX\/bm6rpsVRxY8\/CogB9xTWoOKFWGH4jWwYW7TpdrI25yIlrGqPS9NLHpThquzcow1GujxEZ2VzGg8ldBTEdCAhGqAkoTZ6EB8NXY5u9HFUOEZy49oXJ5A63m3wuiIjo+sgp2+vq6vD4tGn46U9\/iqqqKrz77rtqYCHnAyksPIw\/\/\/nP6sDUQYMGqTOpynlEzGYz3nzzTXh4eOCbb77B3\/\/+d0yZMhk222\/E+yR89NFHaLh6Vf+W6\/ctBCKtH98Nx6LkVGzPKkBJViwCuzM3RUW5eoP1vrdlC0drLceafFs84NkDftybHo3Vxp609+piPIqkjhGZkoBtNcMxb7k8H3a15WJnVOfHuEN9bFi5Pxvrwy3AkXQsjgzBg\/4++iBhPqJNRNRTyL8j4+Pji1\/9Svx73UvB5s1p+N3vfgc\/Pz84HA688soS\/OEP8xEQEIAvvvgCL7\/8MsaOHas+VSNnUbXbc5G0IhEbN67HpEmTsXdvNj7++BCeeOJJuLjceBjxLQQirR\/fjUXkY0EYNawvuvH7XzPErLaElJ6Sg0Hbqm\/4LidGq0ZV4wMyBqpxHYLxjwa1\/xrRVaRUgpS4LNQMisLOXcn6+XBXWy5M\/bp9Vtpy9cD4l9Jx8GgZyguysH1JGO7+LAuLQydicaGeh4iIDCUDkcFeg\/Hzn\/8cJ44fR15eHqZOnao+8bJq1SoMHTpUTcsulxUrVuCBBx7AzJkz1SBkw4YNWL36Nfj7\/RorVyWrA1vd3NzUFhLZytJDu2ZuAo8hGCK7awqKtUdiW7iAvFwZoFgxeqRMe2GE7Kk5UYKym\/ykhqfXEPHfWpQebxuJ1Bem48X4BOy4jp6NIcNkhctRWNaNgMpkgvqs0X478lo9ZtttZ\/XuHR8feLfqBnNcvJ7Wi3pU5edg356SpseHXe\/ywqiweGRvk11vF7DtXWNnmCUioma3udymzieybt06\/OY3v1G7Wz7\/\/HN8\/PHHWLZsmbptzZo16l\/UbWwJkdO6b9q0SaxPVecgMbmbcPjw3\/HEk6EIGvcI3tv1HhquXu+NqVnPDERcbHhaDlI9vRFrM1veKB37k7FW\/tp+NAxT1EdTPTDlCQvk\/CRrt7VsQXHsz0Kevtxk0BDtZtz6xu6w471P9OVGAcGY7AYUrUtu9bhwJba9uho7Mh3o13r2UX0QZ2c8g0PgK973bdiCk13VoU8Qnnisr9iWgaQNlS0fs62vxLroOOw+p6eb1KPeudz+emC3Pwe5TgXUn9iIF9Oc5m3pNlfU5MRjdkwUXm09U+7lelwUb26uLUbFEhGRQWTLh3Tu3DkRSBRi3rz5uHr1KrZu3ar+kbuf\/exn6hTuchZV2QIi5xvJPXgAmZk71TEi9w0dhtpahzrz6rPPPodHfhuEd995D0\/IuUZ6tx7kee16ZiAi+C58A5Fe4mb9kg3j5q5G2nsZSJkbDGt0FmpMwdi8PKipq8f0RCIWjQBKU8T2p+PUlooF4eNgnZsDR5tjZEOoDHLEjT1iSoya98XnwvHgmGjsbj3\/WR8bliUHw1SThYiHQzA7NQO70xIwY0IIko65wjcuBuMbB2UO8oGvvPfuWY4Zz4kyO2sq6R+GlXFmoDwV4x4KxwKnOuxrM+7UFYHxqxHaX+xfajBsYv9SMrKQtkJOhhaMlIMV2iBRnbe\/Vfy3Emvny33biFy5T42BnSMTEWPEfujHxxKcipO3yU+V45gcl3sNfGNWY7KpFrvnyvOTim17RJ3iw2ENzxDH3Ix5T4vgkIiIDCdbO+RM7HIeEdkNI2dKPX\/+vDoeRM4fIp+akU\/VyCnb5bTudXWXkL1vH555JhL33Xcfav91ESkpr6Pu0tf4286\/ITIyUh30qs1QcuN6bCCCPhYs2qUPhixIR1JcItbZa+AdthzZe5LbPE4buSUDSx8zo\/5wFnbsyETuRfH5t9KxcJiex4nvonewPswC19M5at5dn9TD56UM7JTBQStuDycjZ0c8JntVI3ddIhYkZ6H0riAsfcuOneHOAz0tWLg2HN53XkBeliizrPMnWYZGbsHOJcHq5Gi7RR122B1qHbbHtK2DfKx3ZY48Flb0K8vCuiVxSMrIFzFVLHYeysRcp8d6TSEJWBnkAZwQ+5Z5EFXfaOt9Ez4Q+xeEoSLo2Ce+b1+ZO8avyEJ2ggxcgIrKa2wZEXVak6Ud84sFG7E4RtRpVxn6BYRj\/QH+nRoioh5DxAvyj9PJR3FHjdImtTh58qTa8iEnLPv6669x9OhRWK1W9SmaU6dO48svv0Rg4IPq7Kp\/+tMbanDy3HPP4Z7+96CsrEztzrHbD6otKzeql5xMRF8mIiKiW8zgwYPweGgoLv7v\/yImZgHuv\/+XyMjIwFdf\/Q+ioqLVoCPuhVgkLn9VbTGJjHxGfcJm3rx5OH78vxER8Qze+utbGOg5UP0LvHLGVTkF\/LFjR7Fnz4f4\/PPr\/nPvqp7bIkJEREQ3Ra1Da6X\/yU9+onbFyL\/A6zlwoPq3ZS5evIgBAwbAy8tL3VZaegzTp09X87\/66qsICQlRg5Djx4+rT9W89NJL6hTw99xzz03pnWEgQkREdCsTwcLl+nr06dMHLi63qd0pcpKzO0QQIn39dZ1YvkMdSyIDEflH8mTAIvNVV1fhySefVPO988476vwj48aNuyl\/7K4Ru2aIiIhuYYPuHQiPAQPQ58478Wt\/f9x++49w9Oin+OlPf6bOpFolgg35h+1GjxotApbLeO\/dd\/GECD4arjRg586\/qY\/uyvEk\/\/VfdgwZMhQeHgNEIAL1r\/QeKy3F6VNn9G+6PgxEiIiIbmEDB3qorR2yZaR3L60jRL31y1VivXJVUecl6y2XxbtsCXHpreWT84Q0PqIr18vJ0Rq7Y67Kz4l1Z85czzQQzRiIEBERkWE4RoSIiIgMw0CEiIiIDMNAhIiIiAzDQISIiIgMw0CEiIiIDMNAhIiIiAzDQISIiIgMw0CEiIiIDMNAhIiIiAzDQISIiIgMw0CEiIiIDMNAhIiIiAzDQISIiIgMw0CEiIiIDMNAhIiIiAzDQISIiIgMw0CEiIiIDMNAhIiIiAzDQISIiIgMw0CEiIiIDMNAhIiIiAzDQISIiIgMw0CEiIiIDMNAhIiIiAzDQISIiIgMw0CEiIiIDMNAhIiIiAzDQISIiIgMw0CEiIiIDMNA5FrU16LGUa8niL5FvNaI6AfCwEDEjgXDhsOr3VcccvVcPUlNVixscTlw6OnOVSNtSgjSTuvJHqwqLQST0qr11Hft5hwnY\/fh5ru2a42I6PvL2BYRcywOnihDZZtXMgL1LD2JKWQDyjcEw01PE90cMihvGXzzWiOiHwp2zRAREZFhenwgUn86B4tDrTDLLpuRVkxbkoOaBn2joDbJbyzAviUhsJiHd9w8f06UM9Wqdf34h2BxTjX2PefUJbA\/Dl5xdj3RSHYbOP1SbZ2n4YL43jBYRsruJB9YQhOx75y+rT2V6Zhki8O+r\/R0aw21KEqLwTh\/rYvKMiEGaSW1+kZJ\/+XsKEBK+Dj9mIzD7B2V+nbdVyVIm+u0Pa2kG0383+BkhtN3T12NPOcPyX1dEd603cs\/GLMzKtE8iqGbdWtzHs46laHrqv7qcdfOt5fZiknimqh2uibapZYZ3PSZcXPTUeRcqDy38Vnq8X9QPZ\/aMchtda7U67FF\/S\/oWwT1+shsLkO9VsQ5zYjDNKuP9hl5Da+ww6HXV16\/XsOisRtZiJDbG6+vNtdjPar2JDaVY7aGtfzu7h5\/IqKeRummKtzZ6evaHVRiJm9Wzuipdn2xUwkbMVV5La9GuSzTl2uUA8smKr98aqdyXs2gKGc2TVV+5TdRid5ZoVy+oq9s7dJB5YXRY0WeKq2cSxXK3pdFOb+cqmw6peZQlI9ilcGxB\/VEoypl0+RY5YCeapnHoRyIHasELTuonNcqp5z\/aLkSNDZeOXBJpuVnncqv2KwEjxVlXdTT7ShcNlZ5YP5O5TP186LEsu1KuKj3K0e0tHrM7gtSbE\/OV96uUL9UuXxqpxLt5\/Q9TfuqH49LZcrWZ8YqwZurtO3tkMfQ9shEJeS1fG1frjiUwlVTWxyPwiRRhtzeWLfz+cprvx+rxHyk1ePa6tbJeeiy\/peVAy9rx+mMWtfLymcfxitBI8xK8KYO9vFKsfKKc5niM8e2RykPjF6uFDZeM\/Lc\/nKsEr6p8RiIPBvEMXC+Rk+Jc+h0PV4+f1B5ZfxY5YWD2v6qZfiJMhqPo3B+p\/geeU4v6ivEPr89X+xPi7rKY+d0nUmtrsfzb89Ufvn7NcohvWDtuy1K2Ns1arpbx5+IqAcyNhC5z6wMbvNq\/ofz0GJx83jfoSWa1ChvP9V8c1YDkcX5WqIDl9+f306eCmXtRKd\/pK81EJE3pUfWKMe0VJPCVUHi5iyXnAKRip1K+MQocYOQ6zvwxXYlRJbXOpg6slx5oCnw0m42rx1VE02OvRYkjpN28zm\/fbpie61MXW5yUXx\/YNu6NpLHcPCc95UWMdKl95XoTj6jyo5VfrWsWE90Xbf2z0OZ8lpg83nosv6yXn7LlUOtjpP8no4CkXbLFGTg13Qjl+dWHAM9XNDVKFuffKDpWmv3eixOVmyNn5NlPLm9KUjuUMUGJcgpmO4yELmSLwKp+cqu1kGsDNRlMKUmuj7+REQ9UQ8crJqJyEFyYyWKjvjg0Yf7qlmbuWNKqA+Kipu7YDw9BuhL7SstzkfgGKueavQjuLroi9fjRDkcE8bBW0828o3LxpoH9YT0lR0LnsqA3xsbEOqlr2vP0RLUyPJa18kvBKFVBSjVk4AFfiP0RZ1bv76oPlcjluqR98kFTB5v1jY0crNitFsJSmWWDnj7WFoOjOzjBtezZ9HJRwBRV0etc\/9GZ3Xr6Dz0Rb+mL+5G\/ctLkGezYlSr4yS\/pyNFR9opU\/D9fQiqj5TpKeFOsc\/6osYdgb\/1QNGn8lorx6GD7VyPFit8CkTd9KS4GGHSFzvkIq69iw5c1pNdOi322RKE8a1HrvYPxhOWYhQ1PXHU+fEnIuqJevAYkWp8dsIVbn30pBPXPq4oPdH9vm9Hba1607yZqk5XdHzza\/qucqREboDDXINjZc5jPdrquDx5o67AyW493lqD89XVWDd1uDYeoek1DknlDjjq5JgX5\/Utn9TolBy\/4jzWQb6is\/SN3dP1eeiq\/iKLuIE7bmsZLnSuGlUV4hi2e2jd4Ha8AlV6skPqeI4aVJ3NwQJL67pFY7dD1EnN2B45tmM1ZkzQx5XIV9Bqp8CyG06J898mSJLE\/z\/uLMexCj1JRPQ91IMDEQ\/cN6xeu\/m0Ul9XD+9hnTUvtOTWV9yFuhrMeI08Bw2B42LnwYXch6fSMrD59US4Js9EWiexU8fl1Yp77xAMVVuJunKHCGbMWJTTupWpsaXJA5G7nNd1\/zHpoqSJmF1gwdJd+c2f3xCsb+2ers9DV\/UXWfqJ4OHKtUz05QHPIeIYtntoRQBx\/xB46skOqcGTm\/jqYGxuUy\/56vg41uyIxrhNwKw3\/h\/KG\/PnxLZpSevUveL8X3K0HdQr1jgumTFiiJ4kIvoe6sGBiBd8\/YuxZ3\/rO0gt9u0phu8IDz3dNW+fAOR+UqCnGn2DeueborzBtf7HvuGs+BWsL7c2zAy3vdltftmWpoXhxf2NpfTF3XeJNzcb1mwJxq7nN+JkRzfikRaYZHmttx\/Lxu7+lm7euNwxygbs\/cT5aYqboRpFRwKw7PUwePd3+l1+jcFd1+ehG\/U3WzDKXoC8Vt9d39BxcOLr747d+8r1VLPSfR\/AZBmup4Q2Ac4F5H5UDd\/\/K681Cx56OB8H8rUt3VV6pAbzXotF4LC+zS0aDWKf9cVuGST2uSQH+1o3uzhysKfEB97d\/78CEVGP06Mf3x0VHQPHSzORkn9B+4e7\/gLyUmbihdoYzAtQs3SL66PhmCJ+hc7OrHYqJxYpJ9TNGksQphSkI6VQD3zqKrHjuVhs66jNfdA0LPTJxLPL7ajRCkVNfipe3DoEEwLa6TrwCscff5eNGS\/Z22\/G7x+GRbZMRDyXiZN6K1B9ZSZmR2Ui8Pmwrscd6DzDYjB0w0y8uKdSv8HLeqUjIjIdJ9Uc18MEz3tzsDatXCtT3PTVMpdfW9dMd85Dl\/XvE4xZU7KxQBynKqfj\/uyajpubTE\/EIfCdKPG9epmi\/iczYxDxjg2LnnDXMkl7liMioxzqzOoiT+nGKCTVRyPST9scODccRXHRSGu8HmU5exIwLd6updthGvANtm7IabpGHCdy8OL8Da3OhTi+AypQ2tEuuFgxL8aBF2amIk8rCPU1BUiZmQBHTHSb8TJERN8nPToQQf8QbM6KhuP1ibDIvnX\/iUipjUb2ppBu35hVLhYszUzA3dtDtPkVxszE1nuisdB5\/KL4x37h2gAUzbFp\/fi2+ThgTWiZp4W+CFzxDhY2bECQOrdGAIJer8W8HcsR2M64Fmlo5BYsu5KIV\/a036Xju+gDrB9pxxybLG84rHPs8HvjAyzVb4Td0seGlbsSMTRrPqwjtHpN2wbMWx2OoXqWa+eK8cs3YNRHM7V5OCw2zH7HFfNWRMHzXE3nA1qdtXce+iVgpXMPTzfq77voHSy7KwOT5HgNsw0ztrlh6dJOuonk92a9Ab\/9epkjbJiz34L1WfHwdb6JTxIBbt0GTJLn0+yDGfsCsHlLeHPXzaBw7NwWgqrG61GU82yBDX9MsLUzfkPjPW8DFl5KRZBe12krSvDQ6\/EY32IgsBmh80zYOlHkmZre7pgVU+gGZM+qRUpwgHptWIJT4Zj1PjaHOgVSRETfQ73kozP68g+MHLgZA7zR+JQO\/aDJCcT2BqMy2aavICKi70LPbhEhIiKiWxoDESIiIjLMD7hrhoiIiIzGFhEiIiIyDAMRIiIiMgwDESIiIjIMAxEiIiIyDAMRIiIiMgwDESIiIjIMAxEiIiIyDAMRIiIiMgwDESIiIjIMAxEiIiIyDAMRIiIiMgwDESIiIjIMAxEiIiIyDAMRIiIiMgwDESIiIjIMAxEiIiIyDAMRIiIiMgwDESIiIjIMAxEiIiIyDAMRIiIiMgwDESIiIjLM9zIQqf+qFvUNeoKIiIi+twwKRMqR8lA4dtToySbVSJtixeJCPekkN84HC\/bLpRKkBE\/E2nJ1dQdkOSFIO60n27M\/Dl5xdj3xA3EuB4tDrTAPGw6vYT54MDwVuV\/p2xo5SpA2d5yWx2zFpLgsnGTQR0RE3xKDAhEz\/MaU4NBRPdmopgAHHP1Qmts6yihH4WEbHg6QyxYs+sSOhSPUDd1kx4JhccjVU983VWkhmJRWraeuU504BiGpqA9\/CyXlZag8asefg8rxQnAiipoCDRHAzZyPQ2NStTwlH2DRz9Mx4yU76vUcREREN5NhXTOjAmwoLm4ZcNQX2OGYMR0en+SjSl+nOpuPXDcLfProabp2+VnYPSYOKx\/1gquLSLv2hXdYKl622HGg8TQUbsFa12isCjPredwxamEiQovTsatN6xUREdGNMywQcR1pgVurgCPPXo7AgDA8fI8deU43vvriElT5+8BTTbXT7SK7HKZa4SW7E\/xDsDjnbNMveNma4DUsGruRhQi5vUV3TD0c9tWYZvVRP2sOisGOSn2TqhZFaTEY5y+7MsR2a5go+4K+ra32Wy7sWDAlXd9Pve75TvUdOQ6zMyo7aHGQLTnD8WByOUqTx4n8Tvvd0LJulgkxSCup1Te24zZXmPq46on2VX1aDM\/f2mDS0xozHrKVtW290qn7nF6u1uXBkbIuPrCEp6LIIXt50jF7QvN5SbI71U92jcXbUZOTiElN+xCH3efENucupE6PDxERfd91OxCp7vV\/On1ds0E+8D1TjrKmboESHCi24aERrhj1IHCgoPnWU1pcjMAxFj3VSp0dL4Ysx\/kZmSg\/UYZKEViMPrgca09omz0jM1F5YgMmIxib5fZkm7ZBKl6NiEwvrDxQLPIUI3sWkPRsY9AgwpQ98Zgt6vRnu\/ic+GzJWyE4v2Rqu2NYuq8cKYl2jH7NrpZZvj8Wruum44X97d1qbVgj8hyMM8M7Llvkz0TkIG1LUdJEzD7aXLeCP1pxaO7Ejus2Jhyzji\/H4v0XtIG+DfU4mRmHlPooPN3YzSXWD\/Hy0BPNTPd4oOJ0x11DVWmx2HpXDLJLRF2O5mCVKRMR86IRscqBp7fp+7ltHPLmxrYcF3QgHi98GoTNn4jPlRdj++8rsCBKfC4yC94r7er51I7PTKSU6J8hIqJbimEtInKsx2jbQRxqvMEcO4hcHxt8xaLJakO1vUBbj2oUHRmC0SP1ZCv1+zOxN2g11od4QP2938cL4xNXI7K\/urkLE7H09RAMVbt8XOEZGo2nHCUorlM34vzZavg+GqxvFzm8QrBsxQzcfanjVpGueSBy5XKM99JaJ1xNQViTMgm5W7LQ7d6PcxlIsodgc1PdRTnmMGx+Yxz2pma2X46LFyI3xsE1OQhm83B4mX0wI8eG\/1wX0qoFpAOdDVgdE4dVIY1dPu4YHxsD73wgdGMMRpn0\/TRHYV6QvWXLins4li60Qs3i4grvqAQ8dbYSQxNTEep0fOY97Ya8Izc4RoaIiHokAwMRwDdgOIqKtRtMVb4dPhP01opBAQg8bkeRXK4rQWFDAHw7uFuWFucjcIxVTzXqi35u+mJnfHzgLW+eTeTnqnFev5N7+gSgaEkIFqTloPRsrdo9YLJFYa7NXctwXcR39NUXGwXYEHi4BKV6sktHS1AzYVyrugt+IQitKmi\/nDo7Fockoz4uB+VyIKpsgRCBwYzp6Tf8VIznMBGE6MsqkwkmsxWjWp2D4cPN+pLu\/iF6d1sjd3gOEAFqq8avofcN15eIiOhWY2ggYvIPUMd\/1OMC8uwe+lMxkhl+99tx4JhYPFKAIqsVQ7UNbThqa8WvaT1xs\/nFwr5nNUZfysLi6Y\/ALMcrpJXAoW++qRq6Pwqi6nQF3NpEM5IMpCpwsp3HlqsyUlEavgVLH3bXWi5cXDE0JBXrA95CSnbX3+3mdoe+REREdPMYGojAS\/xqLilAXl0+DsCGUU5PxYyymZGbX43SwwUYFdDB+BDBra+4Id\/gL\/rOuJrMCI1JxU57Acr3L8fQD8Pxwp7uBw3dJgKD7vIcNASOi+0NTK3FRccQDNXHkTirOFEOj\/5tW3J8\/S2oPqs3AYkApaKybRdIxalymNxvpBWIiIiofcYGIrLlw1KM0m12VNusLcYquFptcCvOQd4\/BrRpqnfm7ROA3E8ax5M0+uYmzLx6AbnrNiLXacCFq8mKebNszTfuVu5wc2sbIJyrRstbe33buuXbkftrC7z1ZJdGWmDam43S1uUcy8bu\/u2XY\/q5B6rPtR3bUnq0pKlFyfPXNjg+srccY9JQgkOfWDsco0NERHQjDA5EXOHj74odf61GYECrpzXETf+hL9Kx6aK4sXYymtL10XBMyYnF7Mxq7RHP+gvIS4lFiv7UjMYEzwEVKG3xaG5X3OH2P9vxQmImTuqDV+trCrB2UzGGeLVfIZMtCKa3NmDHaa3FROZPmZOojXVpUom18xORe64xTw4WLMzGhMjgDgeN3t3fA1Vl5c1dQv3DsMiWiYjnnOpWmYnZUZkIfD6s3XK8p01H\/YoopORf0I6TfGpmTwKeTTNjVoh+7EfMwNzbVyMipQQOGeSIY5mbFI9dvxbHuJNzQEREdL0MDkS0X+GoHY6H2syU6oFRY+5AzUifzlsKXCxYmpmAu7eHaPNOjJmJrf0SsDJY364yI3SeCVsniu1Tmx\/P7Yrvog+wyisLc2zaPBfmR5NRNWMLVj3cQTeKCBBWxgFpIdq8JJbgVNQvWI7J+maNGfNesuLAHJtW5sOrUR+zBSttHXfNuD4cjqdOxMEi8r+oT4Mi67Z+pL2pbtY5dvi98QGW+mnb2xgUjp2ZYah6faJajpc5ANPSXbEwJxWTmwaVuiN0bTqmVMbBKp+ssUxE0rlwbF9hazkYlYiI6CbppQj6Mn3r5IRmMcAbzfOBEBER\/ZAZ3iJCREREP1wMRIiIiMgw7JohIiIiw7BFhIiIiAzDQISIiIgMw0CEiIiIDMNAhIiIiAzDQISIiIgMw0CEiIiIDMNAhIiIiAzDQISIiIgMw0CEiIiIDMNAhIiIiAzDQISIiIgMAvx\/RjPubx0ppicAAAAASUVORK5CYII=\" alt=\"\"><\/p>","protected":false},"excerpt":{"rendered":"<p>Tegund:&nbsp;KF4<\/p>","protected":false},"featured_media":79169,"comment_status":"closed","ping_status":"closed","template":"","meta":[],"product_brand":[],"product_cat":[588,515,794],"product_tag":[],"class_list":{"0":"post-78362","1":"product","2":"type-product","3":"status-publish","4":"has-post-thumbnail","6":"product_cat-handverkfaeri","7":"product_cat-verkfaeralausnir","8":"product_cat-thvingur","10":"first","11":"instock","12":"taxable","13":"shipping-taxable","14":"purchasable","15":"product-type-simple"},"yoast_head":"<!-- This site is optimized with the Yoast SEO plugin v27.3 - https:\/\/yoast.com\/product\/yoast-seo-wordpress\/ -->\n<title>BESSEY \u00devinga kantklemma KF4 - V\u00e9lar &amp; Verkf\u00e6ri<\/title>\n<meta name=\"robots\" content=\"index, follow, max-snippet:-1, max-image-preview:large, max-video-preview:-1\" \/>\n<link rel=\"canonical\" href=\"https:\/\/velarogverkfaeri.is\/en\/verkfaeralausnir\/handverkfaeri\/thvingur\/product\/bessey-thvinga-kantklemma-kf4\/\" \/>\n<meta property=\"og:locale\" content=\"en_US\" \/>\n<meta property=\"og:type\" content=\"article\" \/>\n<meta property=\"og:title\" content=\"BESSEY \u00devinga kantklemma KF4 - V\u00e9lar &amp; Verkf\u00e6ri\" \/>\n<meta property=\"og:description\" content=\"Tegund:&nbsp;KF4\" \/>\n<meta property=\"og:url\" content=\"https:\/\/velarogverkfaeri.is\/en\/verkfaeralausnir\/handverkfaeri\/thvingur\/product\/bessey-thvinga-kantklemma-kf4\/\" \/>\n<meta property=\"og:site_name\" content=\"V\u00e9lar &amp; Verkf\u00e6ri\" \/>\n<meta property=\"article:publisher\" content=\"https:\/\/www.facebook.com\/VelarOgVerkfaeri\" \/>\n<meta property=\"article:modified_time\" content=\"2026-01-14T21:47:08+00:00\" \/>\n<meta name=\"twitter:card\" content=\"summary_large_image\" \/>\n<script type=\"application\/ld+json\" class=\"yoast-schema-graph\">{\"@context\":\"https:\\\/\\\/schema.org\",\"@graph\":[{\"@type\":\"WebPage\",\"@id\":\"https:\\\/\\\/velarogverkfaeri.is\\\/verkfaeralausnir\\\/handverkfaeri\\\/thvingur\\\/product\\\/bessey-thvinga-kantklemma-kf4\\\/\",\"url\":\"https:\\\/\\\/velarogverkfaeri.is\\\/verkfaeralausnir\\\/handverkfaeri\\\/thvingur\\\/product\\\/bessey-thvinga-kantklemma-kf4\\\/\",\"name\":\"BESSEY \u00devinga kantklemma KF4 - V\u00e9lar &amp; Verkf\u00e6ri\",\"isPartOf\":{\"@id\":\"https:\\\/\\\/velarogverkfaeri.is\\\/en\\\/#website\"},\"primaryImageOfPage\":{\"@id\":\"https:\\\/\\\/velarogverkfaeri.is\\\/verkfaeralausnir\\\/handverkfaeri\\\/thvingur\\\/product\\\/bessey-thvinga-kantklemma-kf4\\\/#primaryimage\"},\"image\":{\"@id\":\"https:\\\/\\\/velarogverkfaeri.is\\\/verkfaeralausnir\\\/handverkfaeri\\\/thvingur\\\/product\\\/bessey-thvinga-kantklemma-kf4\\\/#primaryimage\"},\"thumbnailUrl\":\"https:\\\/\\\/velarogverkfaeri.is\\\/wp-content\\\/uploads\\\/2026\\\/01\\\/ef542a90-9152-4660-bd5a-fbd0839ba72e.jpg\",\"datePublished\":\"2025-11-29T17:56:20+00:00\",\"dateModified\":\"2026-01-14T21:47:08+00:00\",\"breadcrumb\":{\"@id\":\"https:\\\/\\\/velarogverkfaeri.is\\\/verkfaeralausnir\\\/handverkfaeri\\\/thvingur\\\/product\\\/bessey-thvinga-kantklemma-kf4\\\/#breadcrumb\"},\"inLanguage\":\"en-US\",\"potentialAction\":[{\"@type\":\"ReadAction\",\"target\":[\"https:\\\/\\\/velarogverkfaeri.is\\\/verkfaeralausnir\\\/handverkfaeri\\\/thvingur\\\/product\\\/bessey-thvinga-kantklemma-kf4\\\/\"]}]},{\"@type\":\"ImageObject\",\"inLanguage\":\"en-US\",\"@id\":\"https:\\\/\\\/velarogverkfaeri.is\\\/verkfaeralausnir\\\/handverkfaeri\\\/thvingur\\\/product\\\/bessey-thvinga-kantklemma-kf4\\\/#primaryimage\",\"url\":\"https:\\\/\\\/velarogverkfaeri.is\\\/wp-content\\\/uploads\\\/2026\\\/01\\\/ef542a90-9152-4660-bd5a-fbd0839ba72e.jpg\",\"contentUrl\":\"https:\\\/\\\/velarogverkfaeri.is\\\/wp-content\\\/uploads\\\/2026\\\/01\\\/ef542a90-9152-4660-bd5a-fbd0839ba72e.jpg\",\"width\":464,\"height\":1000},{\"@type\":\"BreadcrumbList\",\"@id\":\"https:\\\/\\\/velarogverkfaeri.is\\\/verkfaeralausnir\\\/handverkfaeri\\\/thvingur\\\/product\\\/bessey-thvinga-kantklemma-kf4\\\/#breadcrumb\",\"itemListElement\":[{\"@type\":\"ListItem\",\"position\":1,\"name\":\"Home\",\"item\":\"https:\\\/\\\/velarogverkfaeri.is\\\/\"},{\"@type\":\"ListItem\",\"position\":2,\"name\":\"Vefverslun\",\"item\":\"https:\\\/\\\/velarogverkfaeri.is\\\/vefverslun\\\/\"},{\"@type\":\"ListItem\",\"position\":3,\"name\":\"BESSEY \u00devinga kantklemma KF4\"}]},{\"@type\":\"WebSite\",\"@id\":\"https:\\\/\\\/velarogverkfaeri.is\\\/en\\\/#website\",\"url\":\"https:\\\/\\\/velarogverkfaeri.is\\\/en\\\/\",\"name\":\"V\u00e9lar & Verkf\u00e6ri\",\"description\":\"Umbo\u00f0s- og heildverslun fr\u00e1 \u00e1rinu 1919\",\"publisher\":{\"@id\":\"https:\\\/\\\/velarogverkfaeri.is\\\/en\\\/#organization\"},\"potentialAction\":[{\"@type\":\"SearchAction\",\"target\":{\"@type\":\"EntryPoint\",\"urlTemplate\":\"https:\\\/\\\/velarogverkfaeri.is\\\/en\\\/?s={search_term_string}\"},\"query-input\":{\"@type\":\"PropertyValueSpecification\",\"valueRequired\":true,\"valueName\":\"search_term_string\"}}],\"inLanguage\":\"en-US\"},{\"@type\":\"Organization\",\"@id\":\"https:\\\/\\\/velarogverkfaeri.is\\\/en\\\/#organization\",\"name\":\"V\u00e9lar & Verkf\u00e6ri\",\"url\":\"https:\\\/\\\/velarogverkfaeri.is\\\/en\\\/\",\"logo\":{\"@type\":\"ImageObject\",\"inLanguage\":\"en-US\",\"@id\":\"https:\\\/\\\/velarogverkfaeri.is\\\/en\\\/#\\\/schema\\\/logo\\\/image\\\/\",\"url\":\"https:\\\/\\\/velarogverkfaeri.is\\\/wp-content\\\/uploads\\\/2021\\\/10\\\/vv_logo_350x100.png\",\"contentUrl\":\"https:\\\/\\\/velarogverkfaeri.is\\\/wp-content\\\/uploads\\\/2021\\\/10\\\/vv_logo_350x100.png\",\"width\":350,\"height\":100,\"caption\":\"V\u00e9lar & Verkf\u00e6ri\"},\"image\":{\"@id\":\"https:\\\/\\\/velarogverkfaeri.is\\\/en\\\/#\\\/schema\\\/logo\\\/image\\\/\"},\"sameAs\":[\"https:\\\/\\\/www.facebook.com\\\/VelarOgVerkfaeri\"]}]}<\/script>\n<!-- \/ Yoast SEO plugin. -->","yoast_head_json":{"title":"BESSEY \u00devinga kantklemma KF4 - V\u00e9lar &amp; Verkf\u00e6ri","robots":{"index":"index","follow":"follow","max-snippet":"max-snippet:-1","max-image-preview":"max-image-preview:large","max-video-preview":"max-video-preview:-1"},"canonical":"https:\/\/velarogverkfaeri.is\/en\/verkfaeralausnir\/handverkfaeri\/thvingur\/product\/bessey-thvinga-kantklemma-kf4\/","og_locale":"en_US","og_type":"article","og_title":"BESSEY \u00devinga kantklemma KF4 - V\u00e9lar &amp; Verkf\u00e6ri","og_description":"Tegund:&nbsp;KF4","og_url":"https:\/\/velarogverkfaeri.is\/en\/verkfaeralausnir\/handverkfaeri\/thvingur\/product\/bessey-thvinga-kantklemma-kf4\/","og_site_name":"V\u00e9lar &amp; Verkf\u00e6ri","article_publisher":"https:\/\/www.facebook.com\/VelarOgVerkfaeri","article_modified_time":"2026-01-14T21:47:08+00:00","twitter_card":"summary_large_image","schema":{"@context":"https:\/\/schema.org","@graph":[{"@type":"WebPage","@id":"https:\/\/velarogverkfaeri.is\/verkfaeralausnir\/handverkfaeri\/thvingur\/product\/bessey-thvinga-kantklemma-kf4\/","url":"https:\/\/velarogverkfaeri.is\/verkfaeralausnir\/handverkfaeri\/thvingur\/product\/bessey-thvinga-kantklemma-kf4\/","name":"BESSEY \u00devinga kantklemma KF4 - V\u00e9lar &amp; Verkf\u00e6ri","isPartOf":{"@id":"https:\/\/velarogverkfaeri.is\/en\/#website"},"primaryImageOfPage":{"@id":"https:\/\/velarogverkfaeri.is\/verkfaeralausnir\/handverkfaeri\/thvingur\/product\/bessey-thvinga-kantklemma-kf4\/#primaryimage"},"image":{"@id":"https:\/\/velarogverkfaeri.is\/verkfaeralausnir\/handverkfaeri\/thvingur\/product\/bessey-thvinga-kantklemma-kf4\/#primaryimage"},"thumbnailUrl":"https:\/\/velarogverkfaeri.is\/wp-content\/uploads\/2026\/01\/ef542a90-9152-4660-bd5a-fbd0839ba72e.jpg","datePublished":"2025-11-29T17:56:20+00:00","dateModified":"2026-01-14T21:47:08+00:00","breadcrumb":{"@id":"https:\/\/velarogverkfaeri.is\/verkfaeralausnir\/handverkfaeri\/thvingur\/product\/bessey-thvinga-kantklemma-kf4\/#breadcrumb"},"inLanguage":"en-US","potentialAction":[{"@type":"ReadAction","target":["https:\/\/velarogverkfaeri.is\/verkfaeralausnir\/handverkfaeri\/thvingur\/product\/bessey-thvinga-kantklemma-kf4\/"]}]},{"@type":"ImageObject","inLanguage":"en-US","@id":"https:\/\/velarogverkfaeri.is\/verkfaeralausnir\/handverkfaeri\/thvingur\/product\/bessey-thvinga-kantklemma-kf4\/#primaryimage","url":"https:\/\/velarogverkfaeri.is\/wp-content\/uploads\/2026\/01\/ef542a90-9152-4660-bd5a-fbd0839ba72e.jpg","contentUrl":"https:\/\/velarogverkfaeri.is\/wp-content\/uploads\/2026\/01\/ef542a90-9152-4660-bd5a-fbd0839ba72e.jpg","width":464,"height":1000},{"@type":"BreadcrumbList","@id":"https:\/\/velarogverkfaeri.is\/verkfaeralausnir\/handverkfaeri\/thvingur\/product\/bessey-thvinga-kantklemma-kf4\/#breadcrumb","itemListElement":[{"@type":"ListItem","position":1,"name":"Home","item":"https:\/\/velarogverkfaeri.is\/"},{"@type":"ListItem","position":2,"name":"Vefverslun","item":"https:\/\/velarogverkfaeri.is\/vefverslun\/"},{"@type":"ListItem","position":3,"name":"BESSEY \u00devinga kantklemma KF4"}]},{"@type":"WebSite","@id":"https:\/\/velarogverkfaeri.is\/en\/#website","url":"https:\/\/velarogverkfaeri.is\/en\/","name":"V\u00e9lar & Verkf\u00e6ri","description":"Umbo\u00f0s- og heildverslun fr\u00e1 \u00e1rinu 1919","publisher":{"@id":"https:\/\/velarogverkfaeri.is\/en\/#organization"},"potentialAction":[{"@type":"SearchAction","target":{"@type":"EntryPoint","urlTemplate":"https:\/\/velarogverkfaeri.is\/en\/?s={search_term_string}"},"query-input":{"@type":"PropertyValueSpecification","valueRequired":true,"valueName":"search_term_string"}}],"inLanguage":"en-US"},{"@type":"Organization","@id":"https:\/\/velarogverkfaeri.is\/en\/#organization","name":"V\u00e9lar & Verkf\u00e6ri","url":"https:\/\/velarogverkfaeri.is\/en\/","logo":{"@type":"ImageObject","inLanguage":"en-US","@id":"https:\/\/velarogverkfaeri.is\/en\/#\/schema\/logo\/image\/","url":"https:\/\/velarogverkfaeri.is\/wp-content\/uploads\/2021\/10\/vv_logo_350x100.png","contentUrl":"https:\/\/velarogverkfaeri.is\/wp-content\/uploads\/2021\/10\/vv_logo_350x100.png","width":350,"height":100,"caption":"V\u00e9lar & Verkf\u00e6ri"},"image":{"@id":"https:\/\/velarogverkfaeri.is\/en\/#\/schema\/logo\/image\/"},"sameAs":["https:\/\/www.facebook.com\/VelarOgVerkfaeri"]}]}},"_links":{"self":[{"href":"https:\/\/velarogverkfaeri.is\/en\/wp-json\/wp\/v2\/product\/78362","targetHints":{"allow":["GET"]}}],"collection":[{"href":"https:\/\/velarogverkfaeri.is\/en\/wp-json\/wp\/v2\/product"}],"about":[{"href":"https:\/\/velarogverkfaeri.is\/en\/wp-json\/wp\/v2\/types\/product"}],"replies":[{"embeddable":true,"href":"https:\/\/velarogverkfaeri.is\/en\/wp-json\/wp\/v2\/comments?post=78362"}],"wp:featuredmedia":[{"embeddable":true,"href":"https:\/\/velarogverkfaeri.is\/en\/wp-json\/wp\/v2\/media\/79169"}],"wp:attachment":[{"href":"https:\/\/velarogverkfaeri.is\/en\/wp-json\/wp\/v2\/media?parent=78362"}],"wp:term":[{"taxonomy":"product_brand","embeddable":true,"href":"https:\/\/velarogverkfaeri.is\/en\/wp-json\/wp\/v2\/product_brand?post=78362"},{"taxonomy":"product_cat","embeddable":true,"href":"https:\/\/velarogverkfaeri.is\/en\/wp-json\/wp\/v2\/product_cat?post=78362"},{"taxonomy":"product_tag","embeddable":true,"href":"https:\/\/velarogverkfaeri.is\/en\/wp-json\/wp\/v2\/product_tag?post=78362"}],"curies":[{"name":"wp","href":"https:\/\/api.w.org\/{rel}","templated":true}]}}