{"id":78097,"date":"2025-11-19T11:41:20","date_gmt":"2025-11-19T11:41:20","guid":{"rendered":"https:\/\/velarogverkfaeri.is\/?post_type=product&#038;p=78097"},"modified":"2026-01-29T14:46:48","modified_gmt":"2026-01-29T14:46:48","slug":"victorinox-fisherman-hnifur-swiss-army-433694","status":"publish","type":"product","link":"https:\/\/velarogverkfaeri.is\/en\/lykillausnir\/hnifar-lykillausnir\/victorinox-hnifar\/product\/victorinox-fisherman-hnifur-swiss-army-433694\/","title":{"rendered":"VICTORINOX FISHERMAN Hn\u00edfur Swiss Army 433694"},"content":{"rendered":"<div class=\"woocommerce-tabs wc-tabs-wrapper\" style=\"clear: both; color: rgb(51, 51, 51); font-family: Comfortaa, sans-serif; font-size: 16px;\">\n<div class=\"woocommerce-Tabs-panel woocommerce-Tabs-panel--description panel entry-content wc-tab\" id=\"tab-description\" role=\"tabpanel\" aria-labelledby=\"tab-title-description\" style=\"counter-reset: footnotes 0; margin: 0px 0px 2em; padding: 0px;\">\n<h1 style=\"line-height: 1.2; margin-block: 0.5rem 1rem; font-size: 1.5rem;\"><span style=\"font-weight: normal;\">Verkf\u00e6rin \u00e1 hn\u00edfnum:<\/span><\/h1>\n<p style=\"margin-block: 0px 0.9rem;\">1. St\u00f3rt hn\u00edfsbla\u00f0<\/p>\n<p style=\"margin-block: 0px 0.9rem;\">2. L\u00edti\u00f0 hn\u00edfsbla\u00f0<\/p>\n<p style=\"margin-block: 0px 0.9rem;\">3. D\u00f3saopnari&nbsp;&nbsp;<\/p>\n<p style=\"margin-block: 0px 0.9rem;\">4. Skr\u00fafj\u00e1rn 3 mm<\/p>\n<p style=\"margin-block: 0px 0.9rem;\">5. Skr\u00fafj\u00e1rn 6 mm<\/p>\n<p style=\"margin-block: 0px 0.9rem;\">6. Fl\u00f6skuopnari<\/p>\n<p style=\"margin-block: 0px 0.9rem;\">7. V\u00edraklippur<\/p>\n<p style=\"margin-block: 0px 0.9rem;\">8. Reamer<\/p>\n<p style=\"margin-block: 0px 0.9rem;\">9. L\u00edti\u00f0 skr\u00fafj\u00e1rn fyrir Phillips skr\u00fafur<\/p>\n<p style=\"margin-block: 0px 0.9rem;\">10. Sk\u00e6ri<\/p>\n<p style=\"margin-block: 0px 0.9rem;\">11. Fiskiskafa<\/p>\n<p style=\"margin-block: 0px 0.9rem;\">12. Kr\u00f3kafjarl\u00e6gir<\/p>\n<p style=\"margin-block: 0px 0.9rem;\">13. Reglustika<\/p>\n<p style=\"margin-block: 0px 0.9rem;\">14. Fj\u00f6lnota kr\u00f3kur<\/p>\n<p style=\"margin-block: 0px 0.9rem;\">15. Tannst\u00f6ngull<\/p>\n<p style=\"margin-block: 0px 0.9rem;\">16. Fl\u00edsat\u00f6ng<\/p>\n<p style=\"margin-block: 0px 0.9rem;\"><\/p>\n<p style=\"margin-block: 0px 0.9rem;\">\n<h4 style=\"line-height: 1.2; margin-block: 0.5rem 1rem; font-size: 1.5rem;\"><span style=\"font-weight: normal;\">St\u00e6r\u00f0:<\/span><\/h4>\n<p style=\"margin-block: 0px 0.9rem;\">H\u00e6\u00f0: 19,5 mm<\/p>\n<p style=\"margin-block: 0px 0.9rem;\">Lengd: 91 mm<\/p>\n<p style=\"margin-block: 0px 0.9rem;\">\u00deyngd: 99 g<\/p>\n<div style=\"font-weight: 600;\"><\/div>\n<\/div>\n<\/div>","protected":false},"excerpt":{"rendered":"<p>Tegund:&nbsp;433694<\/p>","protected":false},"featured_media":79503,"comment_status":"closed","ping_status":"closed","template":"","meta":[],"product_brand":[],"product_cat":[694,833,517,601,839],"product_tag":[],"class_list":{"0":"post-78097","1":"product","2":"type-product","3":"status-publish","4":"has-post-thumbnail","6":"product_cat-hnifar-utivistarvorur","7":"product_cat-hnifar-lykillausnir","8":"product_cat-lykillausnir","9":"product_cat-utivistarvorur","10":"product_cat-victorinox-hnifar","12":"first","13":"instock","14":"taxable","15":"shipping-taxable","16":"purchasable","17":"product-type-simple"},"yoast_head":"<!-- This site is optimized with the Yoast SEO plugin v27.3 - https:\/\/yoast.com\/product\/yoast-seo-wordpress\/ -->\n<title>VICTORINOX FISHERMAN Hn\u00edfur Swiss Army 433694 - V\u00e9lar &amp; Verkf\u00e6ri<\/title>\n<meta name=\"robots\" content=\"index, follow, max-snippet:-1, max-image-preview:large, max-video-preview:-1\" \/>\n<link rel=\"canonical\" href=\"https:\/\/velarogverkfaeri.is\/en\/lykillausnir\/utivistarvorur\/hnifar-utivistarvorur\/product\/victorinox-fisherman-hnifur-swiss-army-433694\/\" \/>\n<meta property=\"og:locale\" content=\"en_US\" \/>\n<meta property=\"og:type\" content=\"article\" \/>\n<meta property=\"og:title\" content=\"VICTORINOX FISHERMAN Hn\u00edfur Swiss Army 433694 - V\u00e9lar &amp; Verkf\u00e6ri\" \/>\n<meta property=\"og:description\" content=\"Tegund:&nbsp;433694\" \/>\n<meta property=\"og:url\" content=\"https:\/\/velarogverkfaeri.is\/en\/lykillausnir\/utivistarvorur\/hnifar-utivistarvorur\/product\/victorinox-fisherman-hnifur-swiss-army-433694\/\" \/>\n<meta property=\"og:site_name\" content=\"V\u00e9lar &amp; Verkf\u00e6ri\" \/>\n<meta property=\"article:publisher\" content=\"https:\/\/www.facebook.com\/VelarOgVerkfaeri\" \/>\n<meta property=\"article:modified_time\" content=\"2026-01-29T14:46:48+00:00\" \/>\n<meta name=\"twitter:card\" content=\"summary_large_image\" \/>\n<script type=\"application\/ld+json\" class=\"yoast-schema-graph\">{\"@context\":\"https:\\\/\\\/schema.org\",\"@graph\":[{\"@type\":\"WebPage\",\"@id\":\"https:\\\/\\\/velarogverkfaeri.is\\\/lykillausnir\\\/utivistarvorur\\\/hnifar-utivistarvorur\\\/product\\\/victorinox-fisherman-hnifur-swiss-army-433694\\\/\",\"url\":\"https:\\\/\\\/velarogverkfaeri.is\\\/lykillausnir\\\/utivistarvorur\\\/hnifar-utivistarvorur\\\/product\\\/victorinox-fisherman-hnifur-swiss-army-433694\\\/\",\"name\":\"VICTORINOX FISHERMAN Hn\u00edfur Swiss Army 433694 - V\u00e9lar &amp; Verkf\u00e6ri\",\"isPartOf\":{\"@id\":\"https:\\\/\\\/velarogverkfaeri.is\\\/en\\\/#website\"},\"primaryImageOfPage\":{\"@id\":\"https:\\\/\\\/velarogverkfaeri.is\\\/lykillausnir\\\/utivistarvorur\\\/hnifar-utivistarvorur\\\/product\\\/victorinox-fisherman-hnifur-swiss-army-433694\\\/#primaryimage\"},\"image\":{\"@id\":\"https:\\\/\\\/velarogverkfaeri.is\\\/lykillausnir\\\/utivistarvorur\\\/hnifar-utivistarvorur\\\/product\\\/victorinox-fisherman-hnifur-swiss-army-433694\\\/#primaryimage\"},\"thumbnailUrl\":\"https:\\\/\\\/velarogverkfaeri.is\\\/wp-content\\\/uploads\\\/2026\\\/01\\\/2d1a00bc-d203-4f80-a739-418e58bf6332.jpg\",\"datePublished\":\"2025-11-19T11:41:20+00:00\",\"dateModified\":\"2026-01-29T14:46:48+00:00\",\"breadcrumb\":{\"@id\":\"https:\\\/\\\/velarogverkfaeri.is\\\/lykillausnir\\\/utivistarvorur\\\/hnifar-utivistarvorur\\\/product\\\/victorinox-fisherman-hnifur-swiss-army-433694\\\/#breadcrumb\"},\"inLanguage\":\"en-US\",\"potentialAction\":[{\"@type\":\"ReadAction\",\"target\":[\"https:\\\/\\\/velarogverkfaeri.is\\\/lykillausnir\\\/utivistarvorur\\\/hnifar-utivistarvorur\\\/product\\\/victorinox-fisherman-hnifur-swiss-army-433694\\\/\"]}]},{\"@type\":\"ImageObject\",\"inLanguage\":\"en-US\",\"@id\":\"https:\\\/\\\/velarogverkfaeri.is\\\/lykillausnir\\\/utivistarvorur\\\/hnifar-utivistarvorur\\\/product\\\/victorinox-fisherman-hnifur-swiss-army-433694\\\/#primaryimage\",\"url\":\"https:\\\/\\\/velarogverkfaeri.is\\\/wp-content\\\/uploads\\\/2026\\\/01\\\/2d1a00bc-d203-4f80-a739-418e58bf6332.jpg\",\"contentUrl\":\"https:\\\/\\\/velarogverkfaeri.is\\\/wp-content\\\/uploads\\\/2026\\\/01\\\/2d1a00bc-d203-4f80-a739-418e58bf6332.jpg\",\"width\":1920,\"height\":1920},{\"@type\":\"BreadcrumbList\",\"@id\":\"https:\\\/\\\/velarogverkfaeri.is\\\/lykillausnir\\\/utivistarvorur\\\/hnifar-utivistarvorur\\\/product\\\/victorinox-fisherman-hnifur-swiss-army-433694\\\/#breadcrumb\",\"itemListElement\":[{\"@type\":\"ListItem\",\"position\":1,\"name\":\"Home\",\"item\":\"https:\\\/\\\/velarogverkfaeri.is\\\/\"},{\"@type\":\"ListItem\",\"position\":2,\"name\":\"Vefverslun\",\"item\":\"https:\\\/\\\/velarogverkfaeri.is\\\/vefverslun\\\/\"},{\"@type\":\"ListItem\",\"position\":3,\"name\":\"VICTORINOX FISHERMAN Hn\u00edfur Swiss Army 433694\"}]},{\"@type\":\"WebSite\",\"@id\":\"https:\\\/\\\/velarogverkfaeri.is\\\/en\\\/#website\",\"url\":\"https:\\\/\\\/velarogverkfaeri.is\\\/en\\\/\",\"name\":\"V\u00e9lar & Verkf\u00e6ri\",\"description\":\"Umbo\u00f0s- og heildverslun fr\u00e1 \u00e1rinu 1919\",\"publisher\":{\"@id\":\"https:\\\/\\\/velarogverkfaeri.is\\\/en\\\/#organization\"},\"potentialAction\":[{\"@type\":\"SearchAction\",\"target\":{\"@type\":\"EntryPoint\",\"urlTemplate\":\"https:\\\/\\\/velarogverkfaeri.is\\\/en\\\/?s={search_term_string}\"},\"query-input\":{\"@type\":\"PropertyValueSpecification\",\"valueRequired\":true,\"valueName\":\"search_term_string\"}}],\"inLanguage\":\"en-US\"},{\"@type\":\"Organization\",\"@id\":\"https:\\\/\\\/velarogverkfaeri.is\\\/en\\\/#organization\",\"name\":\"V\u00e9lar & Verkf\u00e6ri\",\"url\":\"https:\\\/\\\/velarogverkfaeri.is\\\/en\\\/\",\"logo\":{\"@type\":\"ImageObject\",\"inLanguage\":\"en-US\",\"@id\":\"https:\\\/\\\/velarogverkfaeri.is\\\/en\\\/#\\\/schema\\\/logo\\\/image\\\/\",\"url\":\"https:\\\/\\\/velarogverkfaeri.is\\\/wp-content\\\/uploads\\\/2021\\\/10\\\/vv_logo_350x100.png\",\"contentUrl\":\"https:\\\/\\\/velarogverkfaeri.is\\\/wp-content\\\/uploads\\\/2021\\\/10\\\/vv_logo_350x100.png\",\"width\":350,\"height\":100,\"caption\":\"V\u00e9lar & Verkf\u00e6ri\"},\"image\":{\"@id\":\"https:\\\/\\\/velarogverkfaeri.is\\\/en\\\/#\\\/schema\\\/logo\\\/image\\\/\"},\"sameAs\":[\"https:\\\/\\\/www.facebook.com\\\/VelarOgVerkfaeri\"]}]}<\/script>\n<!-- \/ Yoast SEO plugin. -->","yoast_head_json":{"title":"VICTORINOX FISHERMAN Hn\u00edfur Swiss Army 433694 - V\u00e9lar &amp; Verkf\u00e6ri","robots":{"index":"index","follow":"follow","max-snippet":"max-snippet:-1","max-image-preview":"max-image-preview:large","max-video-preview":"max-video-preview:-1"},"canonical":"https:\/\/velarogverkfaeri.is\/en\/lykillausnir\/utivistarvorur\/hnifar-utivistarvorur\/product\/victorinox-fisherman-hnifur-swiss-army-433694\/","og_locale":"en_US","og_type":"article","og_title":"VICTORINOX FISHERMAN Hn\u00edfur Swiss Army 433694 - V\u00e9lar &amp; Verkf\u00e6ri","og_description":"Tegund:&nbsp;433694","og_url":"https:\/\/velarogverkfaeri.is\/en\/lykillausnir\/utivistarvorur\/hnifar-utivistarvorur\/product\/victorinox-fisherman-hnifur-swiss-army-433694\/","og_site_name":"V\u00e9lar &amp; Verkf\u00e6ri","article_publisher":"https:\/\/www.facebook.com\/VelarOgVerkfaeri","article_modified_time":"2026-01-29T14:46:48+00:00","twitter_card":"summary_large_image","schema":{"@context":"https:\/\/schema.org","@graph":[{"@type":"WebPage","@id":"https:\/\/velarogverkfaeri.is\/lykillausnir\/utivistarvorur\/hnifar-utivistarvorur\/product\/victorinox-fisherman-hnifur-swiss-army-433694\/","url":"https:\/\/velarogverkfaeri.is\/lykillausnir\/utivistarvorur\/hnifar-utivistarvorur\/product\/victorinox-fisherman-hnifur-swiss-army-433694\/","name":"VICTORINOX FISHERMAN Hn\u00edfur Swiss Army 433694 - V\u00e9lar &amp; Verkf\u00e6ri","isPartOf":{"@id":"https:\/\/velarogverkfaeri.is\/en\/#website"},"primaryImageOfPage":{"@id":"https:\/\/velarogverkfaeri.is\/lykillausnir\/utivistarvorur\/hnifar-utivistarvorur\/product\/victorinox-fisherman-hnifur-swiss-army-433694\/#primaryimage"},"image":{"@id":"https:\/\/velarogverkfaeri.is\/lykillausnir\/utivistarvorur\/hnifar-utivistarvorur\/product\/victorinox-fisherman-hnifur-swiss-army-433694\/#primaryimage"},"thumbnailUrl":"https:\/\/velarogverkfaeri.is\/wp-content\/uploads\/2026\/01\/2d1a00bc-d203-4f80-a739-418e58bf6332.jpg","datePublished":"2025-11-19T11:41:20+00:00","dateModified":"2026-01-29T14:46:48+00:00","breadcrumb":{"@id":"https:\/\/velarogverkfaeri.is\/lykillausnir\/utivistarvorur\/hnifar-utivistarvorur\/product\/victorinox-fisherman-hnifur-swiss-army-433694\/#breadcrumb"},"inLanguage":"en-US","potentialAction":[{"@type":"ReadAction","target":["https:\/\/velarogverkfaeri.is\/lykillausnir\/utivistarvorur\/hnifar-utivistarvorur\/product\/victorinox-fisherman-hnifur-swiss-army-433694\/"]}]},{"@type":"ImageObject","inLanguage":"en-US","@id":"https:\/\/velarogverkfaeri.is\/lykillausnir\/utivistarvorur\/hnifar-utivistarvorur\/product\/victorinox-fisherman-hnifur-swiss-army-433694\/#primaryimage","url":"https:\/\/velarogverkfaeri.is\/wp-content\/uploads\/2026\/01\/2d1a00bc-d203-4f80-a739-418e58bf6332.jpg","contentUrl":"https:\/\/velarogverkfaeri.is\/wp-content\/uploads\/2026\/01\/2d1a00bc-d203-4f80-a739-418e58bf6332.jpg","width":1920,"height":1920},{"@type":"BreadcrumbList","@id":"https:\/\/velarogverkfaeri.is\/lykillausnir\/utivistarvorur\/hnifar-utivistarvorur\/product\/victorinox-fisherman-hnifur-swiss-army-433694\/#breadcrumb","itemListElement":[{"@type":"ListItem","position":1,"name":"Home","item":"https:\/\/velarogverkfaeri.is\/"},{"@type":"ListItem","position":2,"name":"Vefverslun","item":"https:\/\/velarogverkfaeri.is\/vefverslun\/"},{"@type":"ListItem","position":3,"name":"VICTORINOX FISHERMAN Hn\u00edfur Swiss Army 433694"}]},{"@type":"WebSite","@id":"https:\/\/velarogverkfaeri.is\/en\/#website","url":"https:\/\/velarogverkfaeri.is\/en\/","name":"V\u00e9lar & Verkf\u00e6ri","description":"Umbo\u00f0s- og heildverslun fr\u00e1 \u00e1rinu 1919","publisher":{"@id":"https:\/\/velarogverkfaeri.is\/en\/#organization"},"potentialAction":[{"@type":"SearchAction","target":{"@type":"EntryPoint","urlTemplate":"https:\/\/velarogverkfaeri.is\/en\/?s={search_term_string}"},"query-input":{"@type":"PropertyValueSpecification","valueRequired":true,"valueName":"search_term_string"}}],"inLanguage":"en-US"},{"@type":"Organization","@id":"https:\/\/velarogverkfaeri.is\/en\/#organization","name":"V\u00e9lar & Verkf\u00e6ri","url":"https:\/\/velarogverkfaeri.is\/en\/","logo":{"@type":"ImageObject","inLanguage":"en-US","@id":"https:\/\/velarogverkfaeri.is\/en\/#\/schema\/logo\/image\/","url":"https:\/\/velarogverkfaeri.is\/wp-content\/uploads\/2021\/10\/vv_logo_350x100.png","contentUrl":"https:\/\/velarogverkfaeri.is\/wp-content\/uploads\/2021\/10\/vv_logo_350x100.png","width":350,"height":100,"caption":"V\u00e9lar & Verkf\u00e6ri"},"image":{"@id":"https:\/\/velarogverkfaeri.is\/en\/#\/schema\/logo\/image\/"},"sameAs":["https:\/\/www.facebook.com\/VelarOgVerkfaeri"]}]}},"_links":{"self":[{"href":"https:\/\/velarogverkfaeri.is\/en\/wp-json\/wp\/v2\/product\/78097","targetHints":{"allow":["GET"]}}],"collection":[{"href":"https:\/\/velarogverkfaeri.is\/en\/wp-json\/wp\/v2\/product"}],"about":[{"href":"https:\/\/velarogverkfaeri.is\/en\/wp-json\/wp\/v2\/types\/product"}],"replies":[{"embeddable":true,"href":"https:\/\/velarogverkfaeri.is\/en\/wp-json\/wp\/v2\/comments?post=78097"}],"wp:featuredmedia":[{"embeddable":true,"href":"https:\/\/velarogverkfaeri.is\/en\/wp-json\/wp\/v2\/media\/79503"}],"wp:attachment":[{"href":"https:\/\/velarogverkfaeri.is\/en\/wp-json\/wp\/v2\/media?parent=78097"}],"wp:term":[{"taxonomy":"product_brand","embeddable":true,"href":"https:\/\/velarogverkfaeri.is\/en\/wp-json\/wp\/v2\/product_brand?post=78097"},{"taxonomy":"product_cat","embeddable":true,"href":"https:\/\/velarogverkfaeri.is\/en\/wp-json\/wp\/v2\/product_cat?post=78097"},{"taxonomy":"product_tag","embeddable":true,"href":"https:\/\/velarogverkfaeri.is\/en\/wp-json\/wp\/v2\/product_tag?post=78097"}],"curies":[{"name":"wp","href":"https:\/\/api.w.org\/{rel}","templated":true}]}}