{"id":77900,"date":"2023-04-28T17:59:16","date_gmt":"2023-04-28T17:59:16","guid":{"rendered":"https:\/\/velarogverkfaeri.is\/uncategorized\/product\/briton-lykillauf-4214-8-ss\/"},"modified":"2026-02-27T10:46:09","modified_gmt":"2026-02-27T10:46:09","slug":"briton-lykillauf-4214-8-ss","status":"publish","type":"product","link":"https:\/\/velarogverkfaeri.is\/en\/lykillausnir\/hurdabunadur-lykillausnir\/lykillauf-hurdabunadur-lykillausnir\/product\/briton-lykillauf-4214-8-ss\/","title":{"rendered":"BRITON Lykillauf 4214.8.SS"},"content":{"rendered":"<p><img decoding=\"async\" src=\"data:image\/png;base64,iVBORw0KGgoAAAANSUhEUgAAAYIAAACzCAYAAACEqxs1AAAAAXNSR0IArs4c6QAAAARnQU1BAACxjwv8YQUAAAAJcEhZcwAADsMAAA7DAcdvqGQAACCASURBVHhe7d0PXFRlvj\/wj8sG14RqmV1X0NLdkHYVi5ou9w4vXbmmY5I0voK8C2WC3Yy7ibuFd39Jf6TdveDrLmw3yX5Iv1Uq0VbBhMlIamm8cJkbr8Y00RLNRsshzCGN4bpMy87vOWeegQEB8d+Ans\/79Tpxnuc558yMnO\/5Ps9zztAojwAiItKs78ifRESkUUwEREQax0RARKRxTARERBrHREBEpHFMBEREGsdEQESkcUwEREQax0RARKRxmkoE7lNOuNyyIChlp1PUnZEVRDQ0bpcaO06nC34hRVeoYUkEzr0WWGq9i+1oYE4j545sJCQmwZhchCa1xoGKXyYhKSkJy7Y51Bqiq5LbAZuMt+YTss7fiWYZjzbYh9opaixQYycpqQA2WUVXrsAngi4ripblIOdp75L1ckP\/PYpPKpC\/uhRWpyz7G6xtuJ2womR1PsyHZJlouAW7YCuWMbetWVb2cLyT521bbYFrtKwkTQl8IrDuRE2X+KnTQaeUa2tgOasX4oZlYyHMVZZ+eiiDtQ1Md08hLG+J19qehRhZdzk0VxaitMoMW6usIBp20ZhvilbXHO+IUYG65uPArhpvTei8uZc1NmjkCnAiEBfxt2vUtch7spA2WVkTQ9J6\/zGBG47aPLxYq6w3Y8OyFKQki2WNMgAdrE2c0tuy1XL+LnG8ExYUPqK0p6P0E29b2sPpSFtY1M9Qtg1NZTlIU46VnIacsia4lGQl+Y6bkl0hwsbHgYps7+tny6kl195SFG31rlvyvG299ulywlaWi6Xq64jlwSwU1TrEpyK6vCJnzhXpQGgRnSH\/0aoYwb6nliORMk+mgVPNsJTlI+tBeZ6KJe1XRbB8MfiZOtQ48XE2bkauGqPKkoasNRY4GAzDIrCJ4EwDanZ5V2NijNAbItV1S+VOdM\/y1Och5ema7hPJdcIBR4tYTokzZLA2xRmnWja\/XYjch3NQsV9pB0JCe9ocLc6zLryO11di6VoxwlDb7bCsXYrUNd47CSrfvid77+k+qWzvgFMZmXyxGcv+tQQ2l2w75W3r3qfLjs2PJCFrbQ2aTnyDTnyDk0ds2Px0CpL9X4vocpgwE3PVjpcDNZaeMYGzfqf3nlmEEQk\/UauAryx4ca0Y1R5x4JsucaaKOLOLi3ZOai5q5Pndr6HEiWQvS0eSSC41Ika\/EZ2ub5x22F7PQYroqDX5dcIoMAKaCNz1ojei\/JKDjJhrEAPWBKPohwi7zbD4bmJNz0XDlixv70X8N2tLAxoaxPKs2GGwNn+7zKgJMiD92Tzk\/W4FjBGyfgCuzmlYucWChroa5N2tTljBuXUTas5j6gkTUlHaUAijLBr\/Q763V1LVz+jeVYIiMTJBkHjfG2tgrqhBzcveNufr62Aeifc76CoSiZlGOT1Ub5OdKScaar2dkMg5CTKuhMnJyC0shdkiOm7bRSxVr4QaYV1i9G7t2426AGcsKCn2JqPox0ScbS9HTU0JUieIihObsW4HgyHQApgI3OqTCao5c2EIEj9\/Eg+D0lsXfZKd9Zfylx+D7JJCLL07AQmzYqBTXmsw05OQNCFYXKRDkbA4GZPUyg+w7+z7ahfM1ig\/+9hJCP7U+wRHQysQrlba0HQJX4uoP93TQ4d2YtcX4qdTXOh3qy0wJnSnAUGHGH0kOo9YvU8TNdrRLlscJ07KtYuwRxxX7fVHYlKwGIErr1Evjuvtg8F2gMEQaIFLBM6dMMtpIXWKR50XzMVO2cFoquyZ8rloEXdi2li5PgSTJvkNGYJCIFKC4EK77+y\/BDp9o4uWGhTKJ6Zynt4sH2UV7RwO0+XWPT3UjIbdTrh3W733yyb4TQuJ877p5SwY7zIiZUn2WefpJeHulCsO1Dzvi4UcbN4rqy\/BoIPOT8ASgfO\/a3pu0rp88\/WOni94+Xopl0JoGNSBxhDZ7S1yTejqHOJ5eBT2I3J1CEJ8o5K4bJSbzTD3WVbEyXaiy0b0\/E3eG8I2awMsVu8otde00KFNyN1gUx+W0D++CZY6ZYqzZ8rz\/PUTJ90jdD2yt5wdC+Yn9LKdAiVAicAJS7VMA8r84++UuXvfkiofWWtGRXXfIaHolQ94c2qwtvNUb4Fv6tO+ywK7uqaH\/qfqSo9DH\/TcDN4tAmSQXrz7TO90Eh0jn8iw2WAL0kGnPD4rl7BrReLyDkOILivddPmIaP0rKFF74H2mhVpFB01diUa8YRKClYu28lCGWjdE54qT6Gky5kUs7A3pFQu6sDCEjWYwBFpgEsEJC3bKYV+MKR3GWcrcvW95FCkzvW3dzzhHTMIktdfgQGmmGKImp8D4r5u9J+NgbRfKZUa2URxrgRFp8iYW7jAiXs5ZRsbq5fSlFfnzldc0wrisAs7uno3PRNyiDr0By2\/mI0m8tyRjvthLBOC8DCQpB+myIH9BCrJW5SN\/dQ6WitdMyPR\/3I7oMhqbgLm3iZ9dyohc\/FSmheQ5q\/phpEgNimasezJHPUfTFhai6axz\/WxDjpOxSci417ul5d\/nI+VXueJ18pHzSBKMdy1Fhd8AnQIjIInA8Y5ZzjHGYO50eXXtFqwmBNUXNbCoT9YYkP5vBu9NXrdLnUJyB8lewmBtFyQS6S8WIXWCG44T3m5M8I9TUbQ6yXfvCpiagfwMPUK7X9ON79+di5LH+w5hI5H0y1RMUt5OlwtO5ZE58fnUdzfagJWvFSI9LhLBylf+xb+J8qW4JicwKToCIco2RJedDglz5OhU6DUtpJichtyMGPWcdR+xiHO0AbivCJse79lnQEOOk2AY\/m0zCsW2kcEi7hprxOuYYdkvgmHCLYjgt5sDbpRHkOsjT5cbrlPtwLU6hPY9OQZru0BulxPtCINuoHka32uGidccNPeI7Zzt6AwZ4FjyOJ1Bov2GQQ9ENDyUPyqnnOo3hHqnh87HkOPES\/njj+1dIRf2WnRJjOxEQEREl13AnhoiIqKRiYmAiEjjmAiIiDSOiYCISOOYCIiINI6JgIhI45gIiIg0jomAiEjjmAiIiDSOiYCISOOYCIiINI6JgIhI45gIiIg0blRrayv\/+igRkYZxREBEpHH8\/xEQEWkcRwRERBrHREBEpHFMBEREGsdEQESkcUwEREQax0RARKRxTARERBrHREBEpHFMBEREGsdEQESkcUwEREQax0RARKRxTARERBqn2UTgtJYif4MVTlkmooG5jtrh6pIFuuoELhHU5yI+Pt5vSYDxwSwU7RqeS3HnEQvMFjs6ZZno6ubA5sX+8ScWYxKW\/qYCTS65yYCsKEhNQ4FVFgW3yy3X6GoQ4BGBEYUNDWgQi+WtTcg3AuaVj6LkkGwmossq+rFyNf4aLDUwF2cjsqkQS1dbMPhl3YCct2qQY5BFpxnZj1WI1EJXi2GbGgq+IRL6h9IQL04nR6u3TpmuKbWKEcKpJlSsye+Zujljh21bCfJXi7rVJTAf8u\/CNMO8ugLNbhead8htXjaj+ZRs9jlhw2blmKuLsNnqOMeJT3SVCw6F7scJWGqKBj5vwUm10gnrhlIoIejaW4EiEUtqPIoY21lchJ1HxOopEW9rX4GtZSdeVONRxJq6ryDi1FpWNEAMDjFOaVgM7z2CowdhD9JDL85FhTJdU1JehNylebCNjka0zlvvqCxCaXMY9HEGGG50oGRJKgr3etuUk9dWtRl5v1yGok91MMTpoTtUgvSFubCekZsc3Yz05GyY3dGifRqCd61ATuU5x8NEVzlxUW52QBc7DZFquRN2SwnK1+Yi\/fc2hERHwxuCSoyZYRMdNvfpdoTpwoGwSd54jLvFu43LityFaShq\/r5aH31GjBqS0rH5qHoAYQhxSsNH+V9VBkTdKo\/BMNMz575kT7K6zPfMf2ClZ1NTu9zA4zm+cbHYZrFng11WDOC9Zw2exRuPy1KDZ5XB4EkuOSjLwl8\/8BTMMXjyGrzFhucMHsNT73k6vUWh3VP1hKh7aJPHdxSiq9txz6aHxDk\/Z76MP7HMS\/YsfuE9z8m\/yk182zy0wfNZd53CG2Or6mRRieU+sfPB7+d4DE\/uFJHV4+D\/TfYYHqvynFRL545TGj4BHhFEI+mxZVimLllIu9mOdU+tgvkL2ayYPBfGiXLdp8sN5ydWWGotsGwrQcXHst5PzE\/lsEIRFIHICNG\/UZ9ycMD+KUQvRYwE1EZFKPR3+G1PpBGRhnQZf2L5l5kIficXWS839ZoqjTYaMSlIFobEgeZ9LugNehFZPaJv0wO7bT1TR8LAcUrDKcCJIBJ3zkpAgroYkfpcCbJvtqJoa5Ns74cYcuYnG5H+ogUtytl6Q8+U0fnQhV\/ATkRXmdBog4w\/sdyXhZLVyXC\/ug47L8HDe2fFmLjKT5KrNLIN7z0C0UcPEd10V3u7LJ\/N8eY6mEPTUfTiSqTe7T2Bp42VjUMlejfNR+yy4OVq5z0CIgSFiP+0w3VR8\/QhCA0Dmpr8+\/6Au7kZ9ohIeZ+BRrLhSwRuF+y1eSjZBSRMF0PIwZwRJ6ocPrqPlKK01rs+NJEwzo+BfWspLL4nFE5ZsGkHH34jbXOfsKH0xXI4JsRDP0FWDoWSPFoOorm7L6XD3J8b8c2OTT0x5rZj00YLou+bD07CjnwBTgQ1yPZ9mSXBiPQCBwy\/K0furJ7Z+74i52chdXQFlt5lREqiEcnFOmQ9fo7E0YfOlI\/cv29CbmICjAuMSEi3IP4ho2wl0o7mtSndXyhLSF6JmrAMlJQsPb+LdVwqsm62IGeeEUZjOjZ\/Icb203NQktGOwqR4b4wlpKNmWh4Kf+59HolGtlHKHWO5PqK5XU64g3QIHS0rLoQYhTjdwdCFDpx4iGho1JgMFjHZK5zccDndCL4hFMHndcOZhtMVkwiIiOjyGOabxURENNyYCIiINI6JgIhI45gIiIg0jomAiEjjmAiIiDSOiYCISOOYCIiINI6JgIhI45gIiIg0jomAiEjjmAiIiDSOiYCISONGtba28q+PEhFp2KiOjg4mAiIiDePUEBGRxjEREBFpHBMBEZHGMREQEWkcEwERkcYxERARaRwTARGRxjEREBFpHBMBEZHGMREQEWkcEwERkcYxERARaRwTARGRxjERKLo6cOzzDlk4lzY0bixEWWObLBNdWdyn29DW4Zali3BecaM4jOo\/FKL6U1kMJHcH2to64O6S5ctmGD\/jRQhcIrDmYfbs2ZidW4v+TkH3rue87asbZc0QiF\/upTif0fgClmS8gKG9cieO1VWjzt4py0RXhrb6IixJnI3E5IVYaErE7EQTcqpaZKsSTuJCKdeH5LziRtGGD9+qxocnZDEQOg6g\/JmF6mdduNCExLmzYcooxh7fB+1yo+OMXL8khuEzXgKBHRGMi0BE\/XZUfyXL3drw56o6RIyPkOWhOfByGl6wycLFiFuByooViJNFoqvOV5XIza1DVE4l3n33XbG8hcqXnsJCvS\/mDmBd2gvYI0tDcgXEzZ4\/rkSx04T1bymfWSzmLXhu2WxMCfa2t+3MQba5JxlqVdBTTz2VK9cvry\/q8OqBW2G6tRaW9jmYPzVMNghf1aCoOBRzU87gg9O346Hp4731Z45hT\/U2lO2ohdV6EKfHRmNyuPIbdKOl8VW8VGqD\/eRX+GyfFZ8F\/QS3jh8t295A2Z+qsavXPgpl2PY+RhkmonPXqyjZViva4zH5lHj9zZ9hrGEywpXN3G04XL8DW7Ypx\/gIjqDxiBofhiD1GC4cePMNHPnxfb0\/A9FI9tE2FL43Do88fRe80RWE4BvGY9x1YtXdgsbSl\/DKbju+PPkZ9lk\/w3dvuRVKOLk\/34M33yjDjlorrAdPY+yPRIz8nXoA4DP\/uFGmTF\/H8Yip+M5+GX97HfhuRBTGX+eNHOA46l79MzDrIcy4UVadFjH5+gZUieN\/9Pl3MX7yeIT5Nu\/qwOF3yrChSol\/EYfuGzAuMhyjRbv7eCPe2PQ6qv9LeV9f4VrdjzHuet+OPi2oX\/8nnJqVjQdulbF6zWj1GMqWHZ9WY+1Lb+ATx0k4Dtpg\/Xos4ierVwC1ray0CrVnxb9isGtMP5\/xChDgewRhuGv2LBze8ba4JPc4vKMcR+9JRFyf32PLjmJsPByG2\/VxiJvQgg2\/yEDRPqXFJYZz4QgXv9vv3SzaRPvUiFB1n2NbluPh53cj5FZRH9WGrWKfPKtvHlMZtm3FltUr8OuqNkyMmogQpfrEh6h+60PRKtnKUPBeOyKU170V+K\/cRch5i\/cE6AoWNRVTRH\/\/3fp+5vRPd6AzPBzX4XuIUs55\/VSMU\/pU4kJaVbIRh6+9XY2xiY4NyHykCAd88+y94kaZMi3D+lU5eK4WiBbbR7nfQu7i5Sg\/rm5wto5G5D2yHFu\/iRLHvx0hewqw6FflOKYevw3Vz5iQswve+L\/1+zj63vv4UrlGfFyMB5cU42ikN\/ajxOf68wGXslMfEeJjj8FhSy2OnTXn5YbzVCjEx8Z1E2LV48RFySRgzUNG1la4opTXDcHugkVYvuWY2qYY\/BpzZQr4zeJr4hJhOlWLumZZIVJC3XvAgnticY2s8YlIyUPBEymYNXMGZizMQdbMNuz\/WBnGhSNqZhyixwDjpok20R57o8jIbdVYUwIsKRC\/yNmi\/t5sFDw2DrWl1eKU9jmG9\/92P4oLs5Fyrzj2zbLanyELxbkZMCmvOzsTKxbdhD0f+acuoivMD0zIzYnFnt+akLh4BYp3HkaH74L+gyjMiIvGGIzDHco5PzMWN6mJIAIpvy1A9sJZaoyl\/J8szGrbjwNfqnv163CECWue9MasaXkBHp12GO9a+596OVD673j\/jlwULzeJ489Cxm9zYDouOn\/qTYfDOGAbgxn\/nOGN\/9kpyM59AFNEImjZvwdtU0zIuNcb+6b0Vcie672I9xX7cD4eCCnDkiQTMleXo\/G4LyME4yb9DNzxQ2CMuOArx5kRrRzjANavfh+xzxQjSzn+bHGRf8qElj9uRKPy7zWka8yVJ\/BPDQXF4i7jN9j+tpyN3FuN7RAnWn8X5C432pobUberDnVVG1B5UNYP5OCHom\/Qgf\/5UyEK\/+BdNvz318CnzfhcbqL4h3+aIU76wbjRYd\/jfd13y7G1zinria5c4bNysGX7euQlT8SelzJhejAH1f6B0Z8zbTjcKOJAxELla5X4WFYPJOqWKHGJ9QlHhLjQ4m\/eUm8tOPCR6EUfq0aRjNXCFyqxX7Qc+1y5pMbh\/kcmovrXC7GiuBqH23q69BHzlmDel0V48F\/yUN54bPAngcZMQcbz27GlaAX+4S+VYoSyAEuKlavEAI4fwH7lbb1b1H0NKawS76rrGI4pCXCI15grTeATgTDl7gW4bsdbaoZtrK7ExGSTGN71IYaNhQ8uQOa6OrR+K8rXR0GO3AY37qeYoQzzfEviUqx6ZuHZxx+I+IWXP74A9\/+uEodPi\/I1P0TUBGUilegqMPomxN4rRrzbKrFq2n4U\/md1z5RoHx3WQixMzkRxfSuUEAz\/URS+5226ZCbGzuqJVf0sPPDEKmQadGrbTSlrsH39CvzjqUpkpyZiYV4t2pSL\/pg4ZG+sxJr7w\/E\/azORmLQcGz4ebGomGOHRM5CR+xq2\/78HEFy+CuvVKeaBTETsz\/yuIT97ACueyUSc7\/pzsdeYEWhYEgFuvhumSbWo3lmN6vdiMW\/62Vf4lur1qB7zAAqUKRxlCCaGblN\/IBsHEhqGMV9+i7A47\/Y9S5T3JvBQ2LaieN90rFy3qnvoefuP+k5aEV3hgsbgDv1UwNWB\/h+EbkH1a9UIXVTQMz07fSrGydaLF4IxocDXQRF9YlVO80rB4+OQ8mQxKresQuz7edjge0pQvP+ouZkoeGU71qe5UVY0tKmZ4Em3Iza8A+393VJQjB6DUHyNkIje76l7uuxSXGNGoOFJBIjArHumoE4Mq+qmm3DXQP+Cf2mHSw773PYylO3yrncLEkM4e89NHEyZhwXj61D8Ql3P\/GeXG8eOn++NXhdcf5Grp+uw8Q2\/1yC6ArU178HhL\/2+J3D6ALZUNiL81ikiGgX1QY1jONRnfuPb7iumiKMtZaiVpYsXjp\/dMwMtWwpQZu+Z9nG3HUOb+lx\/G1rsfu93tE59OETh\/sq3jSIYOuWOb79asKfxmN\/3BNxo2bkVtadjcbuv+y5yTsvhwz1TReE\/Q+L0FpT9Z5nfDWY32j5v876XS3aNGVmGKRGIf+\/p8xCLMTCJXndP\/u8RMS8TKX9XheVJJixKNuHBP4Yj87FY2aqIwLxF89BWugSJoj1R+SJaUBQy1uRh1rECmObO9n5Bbe4CPPXOIHe3+tLfj2zDYRTeZ8LCVBNM2fuRuNx0jnsKRCPcsUpkLxZxosSEsiSvQN1NOSjInOJtHzcPSxLbsCEjEabkRORZRXw9moJrti8X8bUIJtODKL4+E1m3eTe\/FMbMWon1j0Xg7V8ket+TWBIzNmCPeuH+Em+vuh+Jc0UcPijed+IKNMblISNOdNP2bkDGAuWLcYuw0DQbpteAzF\/d601ovXyND9dmwpQkP\/PsRCwqbce8\/3gO8+TsQtz9mZhY\/5z4fCLWf1EuUscYzMpZj6yxbyMzsWe\/jD\/uEd1D4VJcY0agUR0dHR65PiK5O9rw7XfCMUZ9iqEfyjcDxW9ozPV90onylXJRHxo+pt9Ec05nxP5\/uwbhYy5ob6IRSYknV2fIwHEhzvsOcTHsiTcRX23f4prrxfZ9Hu++lJQ\/e\/FtcD9x7ovjfl5f2cf13dBzx6hyjTgtDjJ6oOuI\/Ix9\/03U\/Qb57Bd7jRlBRnwiICKiy2vYpoaIiGhkYCIgItI4JgIiIo1jIiAi0jgmAiIijWMiICLSOCYCIiKNYyIgItI4JgIiIo1jIiAi0jgmAiIijWMiICLSOCYCIiKNG9Xa2sq\/PkpEpGGjPIJcJyIiDeLUEBGRxjEREBFpHBMBEZHGMREQEWkcEwERkcYxERARaRwTARGRxjEREBFpHBMBEZHGMREQEWkcEwERkcYxERARaRwTARGRxo3sROB2wP6FWxb60wzz6nyYD8lifw6Zkb\/aLLYkonNzw+V0wjVY2NFVJzCJYFcu4o2FaJJFVZcVuTPiYXy+Vy2wtxDG+BzUnAEcW3OQ9lQFHLLpbE7Yqsywtcqi4Ha5xKnsp9UGc5VNbEmkbdbfxCM+vveSWy8bu5ywFKTDOCMBxqQkGBPikfRrM+xdsp2uaoFJBDF66F02fHBUlhVNDWgQP1z1Db166\/a9NrjuMEA\/Goi8\/0WY1yYjUradWxOK7iuATZaIyEeMrj8FEp41w2zuWVbEyeYzzdj3v3PxB7OIywaxWEpgtOdjxXqOpbUgMIlAp0f8ZDtse3v65U21O3HdA+lIOlEDS\/fUjhP7Gu2INuihU0q2cpRs9e\/Nu2DfUYL81fnIf9mM5lOdsl5wO2AtXoedriZsUtpXl8Lq2zEoBDjVDPPLSn0+SnY0w8WeDmlQ2PU66HQ9S2iwbAg1IOvZVMTcIMvBMUiaPwmOFl8QKdOwFWh2u9C0rUiNo6IyKxzK8LtXbNlFlPo4Yd1QAusJNxy1\/nErmpR4LfMdR8Q443FYBegeQST0hkjYrDY5bdOMhnoXYmLSYJjpQEOjnPzp2gfb7kjE671jgM4jFpgtdngv9y4xtE1F2ssHoYs1wHBjC9YtexFNYuSgOuVCpzixr0M4ouNEe9w0RFwr28YexIYnimDXifpYHQ6+nI7U31t7TyERXdWOwn4kGpNuVO4BuOA+54XXjeaP7Ygcq3TJFMo07GbkPrIM5WduEfEVDdeb2UjJXIr09HVouVHEVnQwLL9Pw8oqX\/LohN1SisInspHfpBP7iA7eJyVIX7oUSxeugGX0NDUe7VuzkL6mzxQxBZbyv6oMiIY8j2FOgWefsv75Js\/i6as8DX\/1eDprVnoMmeWek0r9ngLPnOl5ngZlXTi+cbHH8NAmz3GloOxjSPasa1abvJrWeJINBs+qOllWtxHHlUVV3SqPoe9+tt6vQ3T1a\/DkTTeIWOhZ5mSs8XzQLpv7sm8QMbrMU9Uqy2L\/VWKfxRvVaPRS4lXE1pomWRY+eyXVY3isyhvPInI3PSRe6zm\/SDtZ5VkmjvPEm34vbBEx6rs20LAI3FNDsXokuKxo+ET0LXY3oHl6PPRBYgSq3A\/Ya0GD6EQ0W61wTddDL3fpxX4QzWL4Gj9ZlhVT70SMXB1cDKb57zc2EpFdftNKRFc9A1Za5Py\/eg+gHFk\/NCPrSfPZD1KcqEHOsgpMys9H0lhZJ02a6HfHTifiSMTWnVNlWQgOCgbaxehclhXRN0+Ua4Lu+9AhGnfeFiorBHEdgKsd7d4SDYPAJYLRehjucKBhT7M6RaQ36KFOT+rikXCbDdbdDhxscvTU9yciEuFylYjOk3LB9QmORNLiFETutvV+tPqUBbkPFwHLS5E73e9iTVe1wCUC0Q\/QG6LR\/PEmNNRHI\/4O39yjDobp0bBYS2Db7V\/fh3LD95AYFfjPbZ5p5zw\/0YXqbMc3Slz5KElgUSHcIgnkzRkgDumqFMBEAETGTEPoOzWoiYiHfoKsFCL18Yh8++z6XuKMSA6tQWmZXV783bBv3QSLui6pPR47Dvo\/pkpEwBdi1H3Ur9t0qgklL1Qg5L4kGJSyyyqSQC6cP89H9h2A0+mUy1BuLNOVLqCJADHxiBcX68hZCYiWVaqfJMAYIX7+\/bTe9f6C9Hj0+XSEbUxDglH5wosReZ3JSPWf+49IwqP3OlGSKo6XmNDzZRkirTttQ9EjCT1fJktcBsuUPJQu995lc1SuQ43TDdvapUhKSvJblqGiRd2ErmKjlDvGcv2K4T7lAsJCEew\/5+nvjAsuhCLU92gpEXmJ2HD+rwgfnYgfWUV0RSYCIiK6dAI7NURERCMOEwERkcYxERARaRwTARGRxjEREBFpHBMBEZHGMREQEWkcEwERkcYxERARaRwTARGRxjEREBFpHBMBEZHGMREQEWncqNbWVv71USIiDeOfoSYi0jhODRERaRwTARGRxjEREBFpHBMBEZHGMREQEWkcEwERkcYxERARaRwTARGRxjEREBFpHBMBEZHGMREQEWkcEwERkcYxERARaRwTARGRxjEREBFpGvD\/AcEni+fTPx\/0AAAAAElFTkSuQmCC\" alt=\"\"><\/p>","protected":false},"excerpt":{"rendered":"<p>Tegund:&nbsp;4214.8.SS<\/p>","protected":false},"featured_media":77899,"comment_status":"closed","ping_status":"closed","template":"","meta":[],"product_brand":[],"product_cat":[597,904,517],"product_tag":[],"class_list":{"0":"post-77900","1":"product","2":"type-product","3":"status-publish","4":"has-post-thumbnail","6":"product_cat-hurdabunadur-lykillausnir","7":"product_cat-lykillauf-hurdabunadur-lykillausnir","8":"product_cat-lykillausnir","10":"first","11":"instock","12":"taxable","13":"shipping-taxable","14":"purchasable","15":"product-type-simple"},"yoast_head":"<!-- This site is optimized with the Yoast SEO plugin v27.3 - https:\/\/yoast.com\/product\/yoast-seo-wordpress\/ -->\n<title>BRITON Lykillauf 4214.8.SS - V\u00e9lar &amp; Verkf\u00e6ri<\/title>\n<meta name=\"robots\" content=\"index, follow, max-snippet:-1, max-image-preview:large, max-video-preview:-1\" \/>\n<link rel=\"canonical\" href=\"https:\/\/velarogverkfaeri.is\/en\/lykillausnir\/hurdabunadur-lykillausnir\/lykillauf-hurdabunadur-lykillausnir\/product\/briton-lykillauf-4214-8-ss\/\" \/>\n<meta property=\"og:locale\" content=\"en_US\" \/>\n<meta property=\"og:type\" content=\"article\" \/>\n<meta property=\"og:title\" content=\"BRITON Lykillauf 4214.8.SS - V\u00e9lar &amp; Verkf\u00e6ri\" \/>\n<meta property=\"og:description\" content=\"Tegund:&nbsp;4214.8.SS\" \/>\n<meta property=\"og:url\" content=\"https:\/\/velarogverkfaeri.is\/en\/lykillausnir\/hurdabunadur-lykillausnir\/lykillauf-hurdabunadur-lykillausnir\/product\/briton-lykillauf-4214-8-ss\/\" \/>\n<meta property=\"og:site_name\" content=\"V\u00e9lar &amp; Verkf\u00e6ri\" \/>\n<meta property=\"article:publisher\" content=\"https:\/\/www.facebook.com\/VelarOgVerkfaeri\" \/>\n<meta property=\"article:modified_time\" content=\"2026-02-27T10:46:09+00:00\" \/>\n<meta property=\"og:image\" content=\"https:\/\/velarogverkfaeri.is\/wp-content\/uploads\/2025\/11\/b35e739e-1b4b-41fa-82ac-40091af87304.png\" \/>\n\t<meta property=\"og:image:width\" content=\"699\" \/>\n\t<meta property=\"og:image:height\" content=\"355\" \/>\n\t<meta property=\"og:image:type\" content=\"image\/png\" \/>\n<meta name=\"twitter:card\" content=\"summary_large_image\" \/>\n<meta name=\"twitter:label1\" content=\"Est. reading time\" \/>\n\t<meta name=\"twitter:data1\" content=\"1 minute\" \/>\n<script type=\"application\/ld+json\" class=\"yoast-schema-graph\">{\"@context\":\"https:\\\/\\\/schema.org\",\"@graph\":[{\"@type\":\"WebPage\",\"@id\":\"https:\\\/\\\/velarogverkfaeri.is\\\/lykillausnir\\\/hurdabunadur-lykillausnir\\\/lykillauf-hurdabunadur-lykillausnir\\\/product\\\/briton-lykillauf-4214-8-ss\\\/\",\"url\":\"https:\\\/\\\/velarogverkfaeri.is\\\/lykillausnir\\\/hurdabunadur-lykillausnir\\\/lykillauf-hurdabunadur-lykillausnir\\\/product\\\/briton-lykillauf-4214-8-ss\\\/\",\"name\":\"BRITON Lykillauf 4214.8.SS - V\u00e9lar &amp; Verkf\u00e6ri\",\"isPartOf\":{\"@id\":\"https:\\\/\\\/velarogverkfaeri.is\\\/en\\\/#website\"},\"primaryImageOfPage\":{\"@id\":\"https:\\\/\\\/velarogverkfaeri.is\\\/lykillausnir\\\/hurdabunadur-lykillausnir\\\/lykillauf-hurdabunadur-lykillausnir\\\/product\\\/briton-lykillauf-4214-8-ss\\\/#primaryimage\"},\"image\":{\"@id\":\"https:\\\/\\\/velarogverkfaeri.is\\\/lykillausnir\\\/hurdabunadur-lykillausnir\\\/lykillauf-hurdabunadur-lykillausnir\\\/product\\\/briton-lykillauf-4214-8-ss\\\/#primaryimage\"},\"thumbnailUrl\":\"https:\\\/\\\/velarogverkfaeri.is\\\/wp-content\\\/uploads\\\/2025\\\/11\\\/b35e739e-1b4b-41fa-82ac-40091af87304.png\",\"datePublished\":\"2023-04-28T17:59:16+00:00\",\"dateModified\":\"2026-02-27T10:46:09+00:00\",\"breadcrumb\":{\"@id\":\"https:\\\/\\\/velarogverkfaeri.is\\\/lykillausnir\\\/hurdabunadur-lykillausnir\\\/lykillauf-hurdabunadur-lykillausnir\\\/product\\\/briton-lykillauf-4214-8-ss\\\/#breadcrumb\"},\"inLanguage\":\"en-US\",\"potentialAction\":[{\"@type\":\"ReadAction\",\"target\":[\"https:\\\/\\\/velarogverkfaeri.is\\\/lykillausnir\\\/hurdabunadur-lykillausnir\\\/lykillauf-hurdabunadur-lykillausnir\\\/product\\\/briton-lykillauf-4214-8-ss\\\/\"]}]},{\"@type\":\"ImageObject\",\"inLanguage\":\"en-US\",\"@id\":\"https:\\\/\\\/velarogverkfaeri.is\\\/lykillausnir\\\/hurdabunadur-lykillausnir\\\/lykillauf-hurdabunadur-lykillausnir\\\/product\\\/briton-lykillauf-4214-8-ss\\\/#primaryimage\",\"url\":\"https:\\\/\\\/velarogverkfaeri.is\\\/wp-content\\\/uploads\\\/2025\\\/11\\\/b35e739e-1b4b-41fa-82ac-40091af87304.png\",\"contentUrl\":\"https:\\\/\\\/velarogverkfaeri.is\\\/wp-content\\\/uploads\\\/2025\\\/11\\\/b35e739e-1b4b-41fa-82ac-40091af87304.png\",\"width\":699,\"height\":355},{\"@type\":\"BreadcrumbList\",\"@id\":\"https:\\\/\\\/velarogverkfaeri.is\\\/lykillausnir\\\/hurdabunadur-lykillausnir\\\/lykillauf-hurdabunadur-lykillausnir\\\/product\\\/briton-lykillauf-4214-8-ss\\\/#breadcrumb\",\"itemListElement\":[{\"@type\":\"ListItem\",\"position\":1,\"name\":\"Home\",\"item\":\"https:\\\/\\\/velarogverkfaeri.is\\\/\"},{\"@type\":\"ListItem\",\"position\":2,\"name\":\"Vefverslun\",\"item\":\"https:\\\/\\\/velarogverkfaeri.is\\\/vefverslun\\\/\"},{\"@type\":\"ListItem\",\"position\":3,\"name\":\"BRITON Lykillauf 4214.8.SS\"}]},{\"@type\":\"WebSite\",\"@id\":\"https:\\\/\\\/velarogverkfaeri.is\\\/en\\\/#website\",\"url\":\"https:\\\/\\\/velarogverkfaeri.is\\\/en\\\/\",\"name\":\"V\u00e9lar & Verkf\u00e6ri\",\"description\":\"Umbo\u00f0s- og heildverslun fr\u00e1 \u00e1rinu 1919\",\"publisher\":{\"@id\":\"https:\\\/\\\/velarogverkfaeri.is\\\/en\\\/#organization\"},\"potentialAction\":[{\"@type\":\"SearchAction\",\"target\":{\"@type\":\"EntryPoint\",\"urlTemplate\":\"https:\\\/\\\/velarogverkfaeri.is\\\/en\\\/?s={search_term_string}\"},\"query-input\":{\"@type\":\"PropertyValueSpecification\",\"valueRequired\":true,\"valueName\":\"search_term_string\"}}],\"inLanguage\":\"en-US\"},{\"@type\":\"Organization\",\"@id\":\"https:\\\/\\\/velarogverkfaeri.is\\\/en\\\/#organization\",\"name\":\"V\u00e9lar & Verkf\u00e6ri\",\"url\":\"https:\\\/\\\/velarogverkfaeri.is\\\/en\\\/\",\"logo\":{\"@type\":\"ImageObject\",\"inLanguage\":\"en-US\",\"@id\":\"https:\\\/\\\/velarogverkfaeri.is\\\/en\\\/#\\\/schema\\\/logo\\\/image\\\/\",\"url\":\"https:\\\/\\\/velarogverkfaeri.is\\\/wp-content\\\/uploads\\\/2021\\\/10\\\/vv_logo_350x100.png\",\"contentUrl\":\"https:\\\/\\\/velarogverkfaeri.is\\\/wp-content\\\/uploads\\\/2021\\\/10\\\/vv_logo_350x100.png\",\"width\":350,\"height\":100,\"caption\":\"V\u00e9lar & Verkf\u00e6ri\"},\"image\":{\"@id\":\"https:\\\/\\\/velarogverkfaeri.is\\\/en\\\/#\\\/schema\\\/logo\\\/image\\\/\"},\"sameAs\":[\"https:\\\/\\\/www.facebook.com\\\/VelarOgVerkfaeri\"]}]}<\/script>\n<!-- \/ Yoast SEO plugin. -->","yoast_head_json":{"title":"BRITON Lykillauf 4214.8.SS - V\u00e9lar &amp; Verkf\u00e6ri","robots":{"index":"index","follow":"follow","max-snippet":"max-snippet:-1","max-image-preview":"max-image-preview:large","max-video-preview":"max-video-preview:-1"},"canonical":"https:\/\/velarogverkfaeri.is\/en\/lykillausnir\/hurdabunadur-lykillausnir\/lykillauf-hurdabunadur-lykillausnir\/product\/briton-lykillauf-4214-8-ss\/","og_locale":"en_US","og_type":"article","og_title":"BRITON Lykillauf 4214.8.SS - V\u00e9lar &amp; Verkf\u00e6ri","og_description":"Tegund:&nbsp;4214.8.SS","og_url":"https:\/\/velarogverkfaeri.is\/en\/lykillausnir\/hurdabunadur-lykillausnir\/lykillauf-hurdabunadur-lykillausnir\/product\/briton-lykillauf-4214-8-ss\/","og_site_name":"V\u00e9lar &amp; Verkf\u00e6ri","article_publisher":"https:\/\/www.facebook.com\/VelarOgVerkfaeri","article_modified_time":"2026-02-27T10:46:09+00:00","og_image":[{"width":699,"height":355,"url":"https:\/\/velarogverkfaeri.is\/wp-content\/uploads\/2025\/11\/b35e739e-1b4b-41fa-82ac-40091af87304.png","type":"image\/png"}],"twitter_card":"summary_large_image","twitter_misc":{"Est. reading time":"1 minute"},"schema":{"@context":"https:\/\/schema.org","@graph":[{"@type":"WebPage","@id":"https:\/\/velarogverkfaeri.is\/lykillausnir\/hurdabunadur-lykillausnir\/lykillauf-hurdabunadur-lykillausnir\/product\/briton-lykillauf-4214-8-ss\/","url":"https:\/\/velarogverkfaeri.is\/lykillausnir\/hurdabunadur-lykillausnir\/lykillauf-hurdabunadur-lykillausnir\/product\/briton-lykillauf-4214-8-ss\/","name":"BRITON Lykillauf 4214.8.SS - V\u00e9lar &amp; Verkf\u00e6ri","isPartOf":{"@id":"https:\/\/velarogverkfaeri.is\/en\/#website"},"primaryImageOfPage":{"@id":"https:\/\/velarogverkfaeri.is\/lykillausnir\/hurdabunadur-lykillausnir\/lykillauf-hurdabunadur-lykillausnir\/product\/briton-lykillauf-4214-8-ss\/#primaryimage"},"image":{"@id":"https:\/\/velarogverkfaeri.is\/lykillausnir\/hurdabunadur-lykillausnir\/lykillauf-hurdabunadur-lykillausnir\/product\/briton-lykillauf-4214-8-ss\/#primaryimage"},"thumbnailUrl":"https:\/\/velarogverkfaeri.is\/wp-content\/uploads\/2025\/11\/b35e739e-1b4b-41fa-82ac-40091af87304.png","datePublished":"2023-04-28T17:59:16+00:00","dateModified":"2026-02-27T10:46:09+00:00","breadcrumb":{"@id":"https:\/\/velarogverkfaeri.is\/lykillausnir\/hurdabunadur-lykillausnir\/lykillauf-hurdabunadur-lykillausnir\/product\/briton-lykillauf-4214-8-ss\/#breadcrumb"},"inLanguage":"en-US","potentialAction":[{"@type":"ReadAction","target":["https:\/\/velarogverkfaeri.is\/lykillausnir\/hurdabunadur-lykillausnir\/lykillauf-hurdabunadur-lykillausnir\/product\/briton-lykillauf-4214-8-ss\/"]}]},{"@type":"ImageObject","inLanguage":"en-US","@id":"https:\/\/velarogverkfaeri.is\/lykillausnir\/hurdabunadur-lykillausnir\/lykillauf-hurdabunadur-lykillausnir\/product\/briton-lykillauf-4214-8-ss\/#primaryimage","url":"https:\/\/velarogverkfaeri.is\/wp-content\/uploads\/2025\/11\/b35e739e-1b4b-41fa-82ac-40091af87304.png","contentUrl":"https:\/\/velarogverkfaeri.is\/wp-content\/uploads\/2025\/11\/b35e739e-1b4b-41fa-82ac-40091af87304.png","width":699,"height":355},{"@type":"BreadcrumbList","@id":"https:\/\/velarogverkfaeri.is\/lykillausnir\/hurdabunadur-lykillausnir\/lykillauf-hurdabunadur-lykillausnir\/product\/briton-lykillauf-4214-8-ss\/#breadcrumb","itemListElement":[{"@type":"ListItem","position":1,"name":"Home","item":"https:\/\/velarogverkfaeri.is\/"},{"@type":"ListItem","position":2,"name":"Vefverslun","item":"https:\/\/velarogverkfaeri.is\/vefverslun\/"},{"@type":"ListItem","position":3,"name":"BRITON Lykillauf 4214.8.SS"}]},{"@type":"WebSite","@id":"https:\/\/velarogverkfaeri.is\/en\/#website","url":"https:\/\/velarogverkfaeri.is\/en\/","name":"V\u00e9lar & Verkf\u00e6ri","description":"Umbo\u00f0s- og heildverslun fr\u00e1 \u00e1rinu 1919","publisher":{"@id":"https:\/\/velarogverkfaeri.is\/en\/#organization"},"potentialAction":[{"@type":"SearchAction","target":{"@type":"EntryPoint","urlTemplate":"https:\/\/velarogverkfaeri.is\/en\/?s={search_term_string}"},"query-input":{"@type":"PropertyValueSpecification","valueRequired":true,"valueName":"search_term_string"}}],"inLanguage":"en-US"},{"@type":"Organization","@id":"https:\/\/velarogverkfaeri.is\/en\/#organization","name":"V\u00e9lar & Verkf\u00e6ri","url":"https:\/\/velarogverkfaeri.is\/en\/","logo":{"@type":"ImageObject","inLanguage":"en-US","@id":"https:\/\/velarogverkfaeri.is\/en\/#\/schema\/logo\/image\/","url":"https:\/\/velarogverkfaeri.is\/wp-content\/uploads\/2021\/10\/vv_logo_350x100.png","contentUrl":"https:\/\/velarogverkfaeri.is\/wp-content\/uploads\/2021\/10\/vv_logo_350x100.png","width":350,"height":100,"caption":"V\u00e9lar & Verkf\u00e6ri"},"image":{"@id":"https:\/\/velarogverkfaeri.is\/en\/#\/schema\/logo\/image\/"},"sameAs":["https:\/\/www.facebook.com\/VelarOgVerkfaeri"]}]}},"_links":{"self":[{"href":"https:\/\/velarogverkfaeri.is\/en\/wp-json\/wp\/v2\/product\/77900","targetHints":{"allow":["GET"]}}],"collection":[{"href":"https:\/\/velarogverkfaeri.is\/en\/wp-json\/wp\/v2\/product"}],"about":[{"href":"https:\/\/velarogverkfaeri.is\/en\/wp-json\/wp\/v2\/types\/product"}],"replies":[{"embeddable":true,"href":"https:\/\/velarogverkfaeri.is\/en\/wp-json\/wp\/v2\/comments?post=77900"}],"wp:featuredmedia":[{"embeddable":true,"href":"https:\/\/velarogverkfaeri.is\/en\/wp-json\/wp\/v2\/media\/77899"}],"wp:attachment":[{"href":"https:\/\/velarogverkfaeri.is\/en\/wp-json\/wp\/v2\/media?parent=77900"}],"wp:term":[{"taxonomy":"product_brand","embeddable":true,"href":"https:\/\/velarogverkfaeri.is\/en\/wp-json\/wp\/v2\/product_brand?post=77900"},{"taxonomy":"product_cat","embeddable":true,"href":"https:\/\/velarogverkfaeri.is\/en\/wp-json\/wp\/v2\/product_cat?post=77900"},{"taxonomy":"product_tag","embeddable":true,"href":"https:\/\/velarogverkfaeri.is\/en\/wp-json\/wp\/v2\/product_tag?post=77900"}],"curies":[{"name":"wp","href":"https:\/\/api.w.org\/{rel}","templated":true}]}}