{"id":77850,"date":"2025-09-06T14:26:18","date_gmt":"2025-09-06T14:26:18","guid":{"rendered":"https:\/\/velarogverkfaeri.is\/uncategorized\/product\/stubai-karabinur-rock-clip-2-0-red-900080\/"},"modified":"2025-12-18T12:06:21","modified_gmt":"2025-12-18T12:06:21","slug":"stubai-karabinur-rock-clip-2-0-red-900080","status":"publish","type":"product","link":"https:\/\/velarogverkfaeri.is\/en\/lykillausnir\/utivistarvorur\/ymislegt\/product\/stubai-karabinur-rock-clip-2-0-red-900080\/","title":{"rendered":"STUBAI Karab\u00ednur rock clip 2.0 red 900080"},"content":{"rendered":"<p><img decoding=\"async\" src=\"data:image\/png;base64,iVBORw0KGgoAAAANSUhEUgAABHIAAACUCAYAAAD\/GQ5gAAAAAXNSR0IArs4c6QAAAARnQU1BAACxjwv8YQUAAAAJcEhZcwAADsMAAA7DAcdvqGQAACjySURBVHhe7d1NbBRH\/vDxH8\/RF5ub57TkhM1qJexLSC5xzCGKpVX+KHdCAP0VISHEEokQ5fRotQQJFiEkC60MIblHPNFKjnIwIZdscrGRVsH2KeQ0vmFfuPqpqq6qru7pt\/GM7amZ70dqmNee7up66f51VfnI5ubmrgAAAAAAAGDgmUDO8ePH7VPslUpHIR0RIk+MHo45MFgok0AWZQLYP5Sv3pB+3fk\/9n8AAAAAAAAMOAI5AAAAAAAAkSCQAwAAAAAAEAkCOQAAAAAAAJEgkAMAAAAAABAJAjkAAAAAAACRIJADAAAAAAAQCQI5AAAAAAAAkSCQAwAAAAAAEAkCOQAAAAAAAJEgkAMAAAAAABAJAjkAAAAAAACRIJADAAAAAAAQCQI5AAAAAAAAkSCQAwAAAAAAEAkCOQAAAAAAAJEgkAMAAAAAABAJAjkAAAAAAACRIJADAAAAAAAQCQI5AAAAAAAAkeg9kPPohezu7sruqxW5Zl\/CXlyTlVcqHXVa5pYXj+xHenV1RV6Zdb6QJfvSoRmkbRlwS+vZ\/NDXPNHUvpXzNN8f+D4NpCV5ERxnvxxA\/ery2aunxb9U9z4S156+So7ZevOajbQdZGVt8\/63XXV5aS95bSTt4XyDtK1COxU72qkB5s63c\/WVS\/9sOXNl8ZWsXLUvlerms85evjNAfFqmS\/P8G8e+70+PHJdwNIB9Mf2xSsuoA2WuMBC06ZauuC9M2SdFKGujYWJebkddB\/TDANYjlL8RNi0XRr5Nc0GuQTrR5Xzj0NBOKbRT6NF\/27JtHrTkDV+vLsnb7lpgYlYW3OuP3lYtkbK9Kst3zSuHwgUGByfIZ9umj03qDLV9CeRcO9ayj7AX618dkSNHkuXhhn1RNZAXeu2xcPe0HDXrPSEX7UsH4uobqjrKOaxtiUpacYd54shX68mLCmVtWG3L078lx\/vTH5MmXSZaSYN9SC5OJ9tzdP6OfeWAFdUjh6xf5e\/Q0xaN+HrY18HhifbBuzN\/NNme6cNqRaelNWEfDoo+1ROHn7YxoJ3qQDuFXt1dllVTnCak9RfzShqwMdLX\/bHd+l3qj8pFOaHrtCNH5XSfgz7TA9YQXHv6hczbTcpcP\/3tqbSTl4dG3wM5ugfB7Xdt6k1dyN6pyXVxCiN3YTc\/\/9h9N\/zeiEWUL05\/Kk9t+zj9VrDvFWmZf8\/35inqXuxfSz63lO9uGX4n91n\/i\/nfU4sfJqPf++e8qnY0fQfTbmthV2d3J6NgPVqTbRlS02eCfTx\/Qk6cryprnekYlpvispaPpIfrKLqzVDDcIDwOwbFasb\/hjmX2N4c\/Wt43Gz\/boKc7Nup4P03Knj923dQLaikfzhYe3+T457tVh8\/d48515vKR24aKMhuuSy\/m9xrUI\/l8VpUW\/dh2\/b3Sts4K83p5Wme3J\/+8fPtw6IK7oOkxW0nyjc\/j+boyrE+r6+q8NC8keS2sy42GbWQ2TwX1SS7\/evm6Q6\/PrP+CvbiYkPl\/qtftdpSnRW5\/w+3qx7aX1ROhcN0VaZ1P2\/B5tg3LrX\/UNWmnqvJBPq+ppbzei6SdqkqL3P7615V+bLv+Hu1UbO7I71vJI3fd5wI26xvJTQT3ugugrP8nDTiHxzN7PIJ86PNAN3k\/+Kx\/PymDbuTAxLu3k\/UkTw\/JklyweX77x0\/N9ZJ397ScCAKR+bSqKvNO5XfCdsy+5D9f0E53nLfuxebm5q76b+\/LI3VYtVcru2pHdlVhznm1qzLMrtoR+zxLbbxZT9n7u69eqTWEkvV1bMchLz2no1zbVYXBcGniFp82No0r0\/LqSi69FPu99L0Xuyo7FX\/WWV9Kfr\/iM9XHzh4nlz8CqtLvalt8ejT5zAAtveeJgrR1x1ItZWWtLJ1Muhet07PHQpbUoxL+90s+U5Fv9DEq\/+3BPIbdLr0f8+J0dceu7DP6\/cp6QX2vspyq911+yq7L5Yns++HzDnV5RAvycbgUbaP5vdp6JFWVz1xa9GPby8pf2W+HaZlfuk9blqZLP9vmDFfX2aXjmJljVZKP3HFsWlfr3\/JlIC2zmfcr1qfV5v1gvZmlaJ16+4tet9tRmBZl29bPbe+innDcuvNLPm33Uq4HdTnMdqr0WFSmc+TtVElalOUp2qm4l36c+\/u8ZNLStUHq2Ljyk3m9s3xkufddfsk\/L9AgjyX5oKh97K1O7Dn9fB2TpkvR0rx81aWv4r7jfztNA1\/WKtq6snaoydL3Hjm6653vYrnx0HbhuiYLMzZqmOuanOllom0\/lU+D93Voe9V03XwoyStBV7OR1Dwt\/ftHTxd2ubv219nkzoFL8yNp759Orgtt+pnWMZVtFd8FObMOe5zOnzBd2ZKvrMtD9Zmibpmd25Lmo0xvFKN8W4aNSVuffooeg26j6cVlTT32w9ay6TjRyvV+cWnt12+HCfgunMnxCteRcl007eLK6+QbHdFslw9PnE\/zro6SJ9915RpVzF2OgrvHLh2PzkttvVBZTjMW7N0MXc4aDH00eS\/9Pd+1viAf+aGitdLvmPqiQT1SlM\/q6shetr20\/Dll5asbZduHw6fvbhfdvXPHXbe7Lh\/l21g3x0HTulrekJUzNkd+1aRbfFkbWTBc1+WtBvx39L6ZbXf1t\/29\/DCkIC3EtfEuT7vvTr2du3vbw7bX1hN9OHfoR7keUvXt1J30XK8kHwx7O9VNm+31sO20U5Fy8+SYtLRDWLfbsu6GXWVedz1DXR3p6jl37Cdk9q8F9VyXed\/lU\/eZpJ26I6ePpq8l+TuGKTOKpq6wdVHpVCZ7+U41t55Mr6Eu7c9kxx3ScdRm4l7dpahsAiI3zs9P9tSW300GXZd28sKISS9KkrSpSUt1cvWtLVD+\/YKGVXNd8rbXlm2g544sr5UlsjsOaZc\/d7J5LdPN7LYfl9iNzm1Rv\/SybCRj+bYMJX+y706aJ2T+f4uPqRF2HVeL71ab58ra3d\/tmNHkZMmPufVdpIuORdgdUy2lE4qty8++gnJ5d1tW\/+2O8qiW6zppQ+xPsNSF44tMQxGmY30d27ScTrw7nzTuDSfP227bk7fcBH1F+ejif+xnS9yZ\/9bm8aRbut7W7D6XKcpn5Wnh9HPbO3SUr+6VbR8OR9HJ2xfBUAgtbMN8PjIB+IJy17Sunpq33wvzeZWSNtLP3xGs5\/zPtsyV6OKcIi9MCz+HghneodfjhmXl9XHbO3Suu2sl7eZo6radqs8Hw91OdddmO7RTI8jPk6PS8mkScEnqU1d3Tcvb6zYQ446hryPtUFeVp0rbFKW7\/LMt7f8mj9YH\/aQ9qJsLA1haUXuiHlfu2l6+U6lpe17tgAI5qfREyC5MJFdpad01ZKrB\/Fc2rcrS0k1I5qPjHQ1r1sTMgr2rGASNGrNjEf0dRxds6I6rGNJtCSqZkbUkLzJ3fC\/KzxXRcmfpf\/UY7fQEq\/ndpZzgTunSW9kTjGtPPzQNiMuDnT12qgSV69UFme02y6FScb3QvJxu\/\/jQ9hrovEjdk4p81Cnt6eXy7fTHex9v3XN709W2AyV8uXNLcle8cV298dC+py4cGwZRqqmLAHdO8MjdlS3X7TlFJXf33i\/d3r3tbtsxoArzAe2UWWin4AM26nx5Rl8LpUFAF2yZnkqOdTg\/TiIIsNol3zMsY+jyT3qtpHsJZtqqqyvyQtcXPtgTtCfqsQuuFurqOy6YuZfr6u7sbyDHRNz1MJCL8tBe6PnIs1kOe0KkwRSmkZtAavvHv9vukDVpGd7h89H9NJIa8pHXsruF3fDrKLvLppVMPqjc+feq2krFryeNJK8\/KR4aNhKC9NCLyw8dFbcva\/a5qvxdRL7yz5cX8MfCHq+qdbg8WBX1T2UrV7NPfmJAZKXHL02jquh9wzq2UTldl9NPkrph4t0vOiZGbKqbfOSEd2P9Z3V3YvswUV6PJHpvb7re9o7yh2GU5idXfrK9DfL8nftcPZ7Nu83q6ov\/Kuvx0AV\/lzfYl9LelFajcwq7DxVBpnD7XTropfG+dL3tdfUEetdtO9UwH9BONUI7NdzcNdrEhC5Zrjeh4ns+aUF5870ng3Kpl5IJfPeS9+sMxmTHKu2m0yBwpnypeirpIpBej3S069tP5WFhHdbgO0FvoOQY3JbZ4Gjth30J5KTdDlN63Gt3d+2RSCKrYTS127QsHVN\/\/kR2Pf6uXzfSxkhb\/yode+4FXbNLmeFD+bsvyb73MnYwbsVd9vTdG5cmRWXNnyhp6ph2Xe70sXB3XjV9dyx8rmR+t+D9MuFfYdMK8wsK6DHM1Xeuq+uFBuU0pOqGpC7QjdEeT\/wK8lG4Dc2o\/XZzfDWpR6ye25uG215U\/jAqdPtUN1+NvnNf3qugq7pa5cm\/2\/f1SeTegjl6PoNwe9Q+fBVsQ0PpOUW2Xqmky5Sfh2MvGm57F\/UE+q2+narOB7RTXWm47bRTkQoDNsHwpzConQ8g6t6Tja\/j+pL3E5m2bCAkveaK0qL9Mrmezswf5eiegq4sF6j\/jvrdME3Ve39fs4\/3S19m12bpzyzlh70EM2m\/srPSs+x9oWyN3sIxr1qCv37gZu+PZol520d7oUxWL+lf4ejtL40cxhLzth\/mQpmoWminWHpb4i1fg5F\/qJ+6Ww58jhwMktyEtUHX2G+rxlMCQK1rsvIqqF+C4Sj5+b4GT8zbDpTLTiabdqXXc44MfKmMeNsxqGinMKrIP8OAQA6ydBexKP50HIDobOtJLOuGowyomLcdKKVO2nPDt+MR87ZjYNFOYVSRf6JzRHdhOn78uH2KvVLpKKQjQuSJ0cMxBwYLZRLIokwA+4fy1RvSrzv0yAEAAAAAAIgEgRwAAAAAAIBIEMgBAAAAAACIBIEcAAAAAACASBDIAQAAAAAAiASBHAAAAAAAgEgQyAEAAAAAAIhE74GcRy9kd3fXLK+eXrMvJpbWi18HABS4uiKvTH36QpbsSwdlP+vra09fJe3EerJX+ee9W5IXJt1eycpV+1Kt\/Hf2so7+oK1ELPZalsnjQGcbc1jlgvIIDIe+9siZePfCgV98AAD2gzvpPPig0vC6JiuvsifywLBxwR0uEocXxzgeHCtgePV5aNW0XOjbHVYAwEG5OH1Ejhw5Ikfn7yQvXH1DWsmjvrszf9T81pHpi\/aVQXBRTuhtOnJUTt+1L\/XdtLQm7MNAR9oDkSgqy9MFmZw8PlyKjjG6dxDlgvIIDK\/+BXK212V9W\/0\/dUFePEpeKubuSKYLUWIAKON6xqRLWMeGQxv8Y7Xk61XXlTr5fk0Xbz1k9p\/zkpz+TcsF93rB0K\/w9z3\/ObW8WlFryOr4Trje3HfdXoT7lizd92rJpoF90atKk5XkPb89uWMSbGci386pdf4\/vV8XbFpMyPw\/1et2\/4u6uXfsb+Y3wm0Nt4XeU\/uj5rylQf5NlOebsEyExz5fjjsEw9vd952+5KGuynKSThemkvcm3r3t11eUxzu2Pffb4Xeqyy4OTvkxTvPCii0v+vXOspPJh03KTvi6+2yw3jRPFbyWy2Nh\/iut3\/P5MtyWivUVqcu3+XJRuk3BviVLtqx0vq\/LdfJa0\/JYXV9kv1O3XwAORh975LTl4f99KjqWM\/1xvoJx9MnCbZnPBYd15VJXGQLAyDEnsO7iPzX9ccHJ09QFuf1uWrmGQ131SZc7mdOmP+5cZ9\/obfZBIGViXi4E21VtWi7kv2v3s\/Ouog6GlLU1nXpJg4l359PPFh0TtZ23\/QV0cTvXDb2t4bE09G\/kTqyTNAi3ZVo+pC3ts27OWzrzr88XtfnGqijHeebC6+PiXNyXPNRTWa5WvO06aNxZpnVaZ8rumfw+YKBMzQflpaAXYlG+18e+sO5X5S983bsjp5+sm0cTMws2P7jfWpdv5+8U5jGdl\/JtZ0f9XlKmmq7P6VubU1gHqfTyZfkg25xknymPwGDo79Cqu6fl2w39oORk8tHbtmJal4e6K65evrIVMfPrAEDGtb\/OJiew20\/lU1tnfvqjDpcXnDy5z\/wtCaiLtOQN07NkSd62J13rX2Xr3VLnTwTrSerrpl2wi7b5oWkXmtiWp3\/T3\/lUniY\/Lq1jyV66ruDJ8lBtleb2sU5BGvj9a8Dty9HTIm7\/Nh5mt2XqbdOGXXv6YWc7p4dr\/c9pOeq32+5n4dCygm113\/MXNyn3GZfGE62mlwpopKvzFpd\/08\/4fFGTb7zScpy35IMq2z9+atepFpOn+pOHui\/L6uL6aPqZZLtOSGcuvyYLM\/ltd2W+4PzRpZlL04mWPSY4eE2OsSsr+nU3ZNUu7hhOvpG7+C+v+500r9jfO\/+zzdOzsqDLiCurGz+r99M85suA\/e3pt3JXG0H9HrZy\/nvm9S7WZ\/Svzbnj9suXQ5tGdr9L25y7Tctjd\/UF5REYHH2eI0efbCeFf+LdL+TDyeQ159oxO+OCqWSt\/7abV2wAMEJcL5TttWV\/gnnnZds+ytn6PfnM3d8l+cSEtP6i\/vNz3azLz+fNg\/QEeB8UbfN6u2kt35bfzfw0d+T3LfOCv6jUdwx9l++CXkqVitLAp1O9cF98z6CpC4Xb4vf\/x4cFJ8wNFG2relychNvS\/m\/yyKdxxwUSetHdeYvLv0ruM3X5xisrx3lBPtG9DzL6lId6K8tVXM+JbVn9t1tzWubzttu2tvJp2jSAi0MRlhXRvUWCurukt0t53X9RHtqbF7oniFmH7yVyUX42QYqkjCy9lax7\/T\/619OeQLoHa9Vvh\/k7vSEdfM\/0Hmq+PqOPbY6vg3QPGf27ud43B9vmUB6BQdL3QI6uWE+YKO2ETAQVjeYvQMI7UH9pJXd8AAAZ7qIp7ToenNR1bVrednfW3B2+PXMnbuldyrx0m8s\/09jVFflQ3zF0dwK7ubOZ0cc08D0r3JLc6Sw6ZvJopfl8Pv5kP9hW9dhdROBgdXfekl7QpL1Z2uqSKFCSb7pWmE+uycpTtZV9zkN9LcuGu0ickNm\/+ppN3sjd\/EP8XG8R19PD9Sjthp9Q29X7E\/Pyhe21dfE\/SemafmvF5p8wGJFIe5nYpWaSfd\/70\/U4yc392d36+tjmBD3jkiWZmJ82Bxhd+xDIUc6fKO5+6+8C63HQ2Yj2niPJADCk7vx71Z+4Jnfi0nHs60+y3cBL3V2WVXvu3OhOYoekvjbzgfgTPjtZ7+5tmc2FVNyJdbrNvY3dz3C9GQrnTKjQcxqkLv7LXkz4nhXJ4k70i47Z7sez5r1UdrLjLHeXOdhW13tDncg\/zF2kYJ91dd7iykVaTt2d9bp8072ifKLKmonz9icP9VqWkx4URfNY3ZHltaRA+l4Wft0FPYwwsMqPcZbLhx3zsNQKevQE9X77pc0jrnzaeXnSMpn25EnLgF5qttXMZWU\/69sI3Wuty\/X1sc25M\/9tso9hm6IWN0dXszan6ljR5gCx2p9AjuKGWGXpsbLp+FdHR7f5E3gAkHM3nFfFSeYSONH45EqPkw\/Xob7\/VYMeLUEX85TrcWltPJS\/r9nHzvkT2buu6jN7uQubkdkWvf9F7UuVgjToeh2WPiZVPYIKj5kbNpBeDFTRd4Q70kz35MjN4YCD0M15y7o8zJUP\/5m6fLMHRfnEDXvoSx7aY1n2QasKppdFmFaa6XGwxx5KOFBNjrHmgxCaPr75Y74Heq6XtP1LgxC6Xk+H6iV5rEl+rbP+VdLzpbv19bHNMXVQxXcr25xmx4o2B4jU5ubmrvqPpceFdGTJL+SJ0VtiOeZL67vWi92lgvdZWIZlOZAyeXVl9xXliSWShXMTFpb9WyhfvS2kX3fLvvXIAQAMBvNnU12Xa7W4Px3KkFYAAAAgPgRyAGDkJMOzGNIKAAAAxIdADgAMOf9XP3J\/7QJAH5g5KnS5Yn4XAABwMAjkAAAAAAAARIJADgAAAAAAQCQI5AAAAAAAAESCQA4AAAAAAEAkCOQAAAAAAABEgkAOAAAAAABAJAjkAAAAAAAARIJADgAAAAAAQCQI5AAAAAAAAESCQA4AAAAAAEAkCOQAAAAAAABEgkAOAAAAAABAJAjkAAAAAAAARIJADgAAAAAAQCQI5AAAAAAAAESCQA4AAAAAAEAkCOQAAAAAAABE4sjm5uaufQwAAAAAAIABZgI5J0+etE+xV8+fPxfSESHyxOjhmAODhTIJZFEmgP1D+eoN6dcdhlYBAAAAAABEgkAOAAAAAABAJAjkAAAAAAAARIJADgAAAAAAQCQI5AAAAAAAAESCQA4AAAAAAEAkCOQAAAAAAABEgkAOAAAAAABAJAjkAAAAAAAARIJADgAAAAAAQCQI5AAAAAAAAESCQA4AAAAAAEAkCOQAAAAAAABEgkAOAAAAAABAJAjkAAAAAAAARIJADgAAAAAAQCQI5AAAAAAAAESCQA4AAAAAAEAkCOQAMbi8LO3XbVm+LHLl+7a8bi\/LFfsWAAAAAGB0EMgBYnB\/QVpjLVm4L3Lv\/ZaMtRbknn0LAAAAADA6+hLIMT0EXr9OloKeAtXvX5Hltn1PLe3v899elFX3XbWsPrAvW5l1v15Vn86q27ZBsrjm9sMtSQ+MvOw+66Vzv70Hq+Wf1e\/l0iTZhor1aaZ3SLjOYDvNeyXfz\/1e5\/7W\/G5uX\/J5IasuX8WlI62K8rJNn6J91d+vK1vF382mY7LkjpPND+VpbNdRVf468qla1uyvuPzmngdMWSh4PWbZ8l1cBxg2XarKQWX6dJ1fgFGVrSury4b+bHm5TeryovervwcMlNx5YOX5WO7cL8udYxSc\/1WdTwKjwpyr5duG4brGGUiR1D89B3L0hcLNk2tyY2xMxtRy4\/mM3AwvHFQGvPlOWx7b9x9vzWXeX1y7KXNbj817Y2OPpf3OzaBB0Bn1nLR+upG8f\/2ZtM4GmTm37hs\/teRc2FjU\/PYg2nH7avZHZO5WNhPpk8Bwn8zyjci5gobUnDCelY7PnippcPWxPDf5TB3LWblkX8szF4a3ZmTterDO62syubC3SiS7v+r4lRYalRfe3PL5rCMv5FTnq5gklXVyXOy+q8WUs6KT\/p0dkXc+qq94TAUVlC2z3JC1kzcLT7g2vkl\/+\/HmVLacaVW\/++AjmRu3j6vsZPdxbCbIhWr9O8fPjMBFzqJ8NPkkTYNv2h11gLN4fk6aJGulpvkFGFm585A+tCe62M2dp9QhVouyemtO2u68oOZ8rJ5q33em5AwXo0COan8+mLKPU8NzjYNe9RjIuSLvnRyXje\/SYR733n8iG8EF1+KbU+pi\/WsfGLj06Jm6IDtlLxwW5dTxHXn2yL8rX\/+0I1Nv2hOcy+\/JzPiGPHnfrv3+gjzZHJcZGzS48qeWyOYvft33ltdkZ3xSjtvn1b89+ExaSkuOucbxwaqcO74hj\/OBlk9m1QXfhkx9kF5clwZl1GdnP7GPQy7oVTVkxwfGkiE+njous+4Y9eDe+1\/Ks51gfzPuycJMsG25vJBVk68icuX7z2RO1HHMHRc9vMoE+jouBtZkTQdaKgOWqmH4fE5EXZi0MsdNpXHrhvq1OfmookEw5SgoZ4aOKKgTsc4gYdIIbWxu2Od7NN6WNb2\/n5fd1RsWl2Q2DGB98rUqEwXpenlZzkxuyIa6IOxNk\/wCjLLjMjm+I2vLrq68JL9sirT+1ENN9HxNnSed48Qbcbp8TJ2Zbsgv7lzy\/g+ytjMuk3+2z7s2Lu3nz0Te+WwEbtYAXdA3QrfUuZ59mhieaxz0bh\/myNmULV+hJ5ktPQFSTIVvL0wenJKpnTX5IQgKmGCMDbZcWZiR8SBQo136dUPGT75nLuaSz6ZBo+zna347QvnAVMYnv8jG+Iy8Z9KiM8BWSffOMD13ynviaJW\/3xf6hNk+rHVFjk2KtP8o2MOafBWP6uNYtk8\/zDyuvkjIB0gz7skPz\/fSILTlyXfZYKKhf0ueyde\/2uc9eKkDfTInn43UXbvkInLrN\/vUSAJx7e++li37SjO6Z8Hrjh5XtfkFGGk6cDMeBM0Lzi2qPEiGMGbL1w8yq2++nGXYCCJkz6V9Dxp7TuEDOzWS4YW5vP\/Hgnw5EjdrgKYWZfVsS549+sU+t\/Z0jRMOD27L8oPhHraYTCuwbIefpb0Fzes+HfL7H6aRarMX7MsDrsdAjr3oCy\/emg6j6Ac9Aez1NZm5lST6TT0kIbybHbnFtXMytfnE9n6pCFwYYQCt6OKvzIx8ZoZKVQdx6n+\/d1e+P9NROZUy+az5iUOcao7j\/ZfSDntseZeqLxL+PCnjO1sqxxS790dbZPJYycmU681TENDTvUdyvXn08B95\/kOzgOL4nNwMK9GOwMI9WfjHaN21KyoTppfW1uPinnWldBDHdsXt6HVXk1+AEXdpZkweyzlbN52Rreu5XqlldBBHn4hfH+ssr5\/MJsNU6Q2H6CS9d81QbF0mbk3Kk5obgY4O4pQN4Te9skfuZg1QTF8Dtn76sllbU0kHKM6J+CkSvhT5oA9D8wfd8RmRf+j9TdprHcTJTAWjp\/Pw7W8+jW7I1sk40qjnHjl6iIeZe8ZdgL25Jc967u7fkD5J+lzkS3tQxn49pbYh7ouR8Xdsw6iWU7+qfdrvwJQZElM2RGn\/hftrCliTv8bkT46bnTiMJHuR0K8x51Nnbfl+\/ZmpGLNDspxcbx49\/Od4Wc+fArk5cgoDFfftXbsRmF\/CNDr54Y4qTT\/Tr3VZL\/jx1GXf63N+AYZH0pPNtMemblInwZ83mFzyz7qnq26nyoM+l0xvuFGY+wvDRV\/0JOcCSZn4RU6p84O6Xp3H3ZD\/0vM8d7OGedsw4tR1ji4rX\/Zh2oqkB88z+dqfUyfl7KAu1Q+N7wihlU0FY3sxRZxGfRlape9WuYuvsZmXDXqD1Lxf0VvA2HqpklidXOm5N8JhJ\/ZipHroVNOeKofDT\/7bcYf8nrzcqhqXH\/beCHvn1NhZky9byURZ1Semdb+\/N+Fkx03+pLbpkvuBnvS44R3RUF2+Gjg1x9GMU2\/Ly7KLhEclvVd+2+qc4yZg5p4yZSzlJjs28\/JUdH0O58gqGhrZD8lvDPNQoOTC0fQwzNy1VCfPZoLJLgOYKq3MyXNN8Kc0vwCjTPf+1MNDcyd4Yod4FxuXubO6rNa1U3puA4aTIC6mp2jmIsn26qwakj0+J+fq5mHUzPyH9FTDCDPTXbTk2T\/qr4kySq5xis7pR08ydUd6U1ov52TKjmqIOY36P0dOZuxewYWoGUtrLz4LLijNxZ9NzKIhHmaelq0ml+M1vz3oCrpdh\/MDdcike7fznKhG+Lq+iKue9bzy9w+ADuKc2bpRH\/CpyVfxqD6OtYES13tFXSQcsy8ZlXNF2aj1r8Vrre\/6nFyYzCwsy0fvSDAZWz+lQ4Hes68Mj2QI1OR3OiieSztdxtV\/aUN00wxjNc+rTno3Hye9Jkv\/\/KtVll8AdGlHnn2j\/5JPfS+FtE6l1GGI7TyTx5V\/mTSV9FQ7F80cFUA\/mXN7fTPAThuSBByS5+aG+16ucfLTJegpFuzD0aBjAqpdDv\/islmSmy2FU0pEkkZ9DuQsyurZsJfMPVnQE6AGPUvMn8x1F58dkfdFdfEXXETaOTf8RaMZquEmGSyanyf5q07JvCk1vx0B35i5E0Ed3Cm6IHNDjYLoreu10PGnpNVnC08s1bFomYvjij8haY\/HzXxDrI7Lal03817VDdPRaeC2qy5fRcSc5E+q45i7UPfDbmp6WbiLhLlM95vkjnLnRUY6j0r5\/Cv2bnRFzw096Zq8M5e7Y9dnNtA5p47rUOm4+x9Q+5xtgG6YYaymt1Rdbxs9x0eDYE5xfgFGmPlDAuHcX6qe1POE1c399Zuew69JMMfVqarOtK8Agyz\/h0b8uX\/NOdam+WubTYI59maNKhOjdbEJ6POwVu5cT10L6psD1+20Bl1e45jymm\/DCv6k+XDTMYOK3q8mOBZnGvUeyDEX0GnUUNRFReYiUF18JBV38plzkp2n4dKMuhjRF6qF31cnOHbYj3nfTMqbdlU2f4L5+Uw6P09+3pSa3x58rudBGlzRF2SZfTb7rf\/iVL4Lt\/quqgAy8xfp5YOt4otEzaSXyui3yk489fGwE0SF67w1Kb9kAiyqggnf79u8Rfn1qqXkwrQ6X8UkSfN0os1kSSbsajLEJrlI6BjnqQN3qnEQ37tDLzdl5vmN+jKivmt6btwqOa6mkZHuA2e5yY7Ljq1jAp328VDJp4NeqnrcNGTKhAnEVgRry\/ILMLJ0WxrWlUmwu3iesBxdz5o2vKYMmzqVUodI6Hwd\/KERfY7V+ulGo3MsM6+mvghV36sMcJqbNfYxgIyurnHCdsh8\/jOR70bvPK9jTl+9uHbZ1GnJjZfY0ujI5ubm7smTJ+1T7NXz58+FdESIPDF6OObAYKFMAlmUCWD\/RFG+dCcMPd9og7lJDxr1U3f6P0cOAAAAAAAYIMlQyJ264cGIAoEcAAAAAACGyqKshsOJ7FDIRsODMfAI5AAAAAAAMFSSOVPDCZQJ4gwPAjkAAAAAAACRIJADAAAAAAAQCQI5AAAAAAAAkSCQAwAAAAAAEAkCOQAAAAAAAJEgkAMAAAAAABAJAjkAAAAAAACRIJADAAAAAAAQCQI5A2Rx7bW8fh0ubVm+bN\/ci8vL0n69Kov2KeKm88fqA\/vEebCayTP596983w7eD\/PTFVlup98Ll\/b3V+xnFmW19D0AAAAAwGEgkDNgdn66IWNjY2a58ZPI3C0CMSPPBORey7nj9rl3RZbf3JIbNr+MXX8mrbNhsGZRPpp84vPT2DftID\/dk4WWfT34\/o5syJP375lPyOVj0lLPHwefabn3AAAAAACHgkDOALv3\/hN1Gd2SY730ykHcdBDn1oysXb8hz3bsa949WZhZUP9a9xfkyea4zCy4XjOXZHbmkn2sfPK1WseUnMr36rEWz8+J\/PS1+lZgZ0s27UMAAAAAwOEjkBOV3HCYtXxfnexQmNUF+zLidX9BWmMtWbhvn1e6IscmRdp\/lPWaOS6T4zuy9Zt9Grq8LGeOB71xtD9Pyrh9CAAAAAAYDARyBtji2jmZ2nxiL+J1EOemzDx3Q69uyLPJc8GcKDqIc07kGzcM5oZsnZzjQnyUPPhI5sY35JdP7POcK9+fkamdNfmhIChU2BtHG5+Tm6WBQwAAAADAQSOQM2DG37npe9Sc+nVMxtzQmMvvyYy6SE97TNyThe82ZOpNe3H94JS6SH8mX\/uLePX+P\/ScJxgJetLjsy15dn22Mxij6EmPb77TlsetYCiWtyin8r1xtE9mbVAwDRwSzAEAAACAw0UgZ8D4yY6\/2ZCps8FEx2aYy5Scc70j9HJ2SmTymOgZUa78qSWy9bLgIh3Dzvy1sw\/0pMdFQ7CS4Xg3zaTHxUEeEwTc\/KX4Pc8GBo+fSvMkAAAAAODAEcgZVJ\/MyuPNKTnnekD8tiU7O8\/Sv1DkFtvD4t4fbR\/U8ZjjZOjpIM6ZrRs+H2Qlw\/Emv1P5JJz0OGfxzSnZ+LU6jOMx+TEAAAAAHCoCOQPs0sxj2Thu58G5\/4OsyZx89n0mVJPSgZ7xOfnIz5mjLuI\/mLKPMZSKJigO6TlzJBxuV0QPqyqeAPnK98tB7xuVnz6fE3n+A72+AAAAAOAQEcgZaJdk1gyxasvy5Xuy0Hos7WAOHb34yY71Xze6\/kxaZ917n4l8xxw5wy833E4v7eW0Z1Y4WbFbwnluLh+TVskEyCIzwbqTibZbZUEjAAAAAMCBOLK5ubl78uRJ+xR79fz5cyEdESJPjB6OOTBYKJNAFmUC2D+Ur96Qft2hRw4AAAAAAEAkCOQAAAAAAABEgkAOAAAAAABAJAjkAAAAAAAARIJADgAAAAAAQCQI5AAAAAAAAESCQA4AAAAAAEAkCOQAAAAAAABEgkAOAAAAAABAJAjkAAAAAAAARIJADgAAAAAAQCQI5AAAAAAAAESCQA4AAAAAAEAkCOQAAAAAAABEgkAOAAAAAABAJAjkAAAAAAAARIJADgAAAAAAQCQI5AAAAAAAAESCQA4AAAAAAEAURP4\/9RhNxpy+kiUAAAAASUVORK5CYII=\" alt=\"\"><\/p>","protected":false},"excerpt":{"rendered":"<p>Tegund:\u00a0900080<\/p>","protected":false},"featured_media":77849,"comment_status":"closed","ping_status":"closed","template":"","meta":[],"product_brand":[],"product_cat":[517,601,821],"product_tag":[],"class_list":{"0":"post-77850","1":"product","2":"type-product","3":"status-publish","4":"has-post-thumbnail","6":"product_cat-lykillausnir","7":"product_cat-utivistarvorur","8":"product_cat-ymislegt","10":"first","11":"instock","12":"taxable","13":"shipping-taxable","14":"purchasable","15":"product-type-simple"},"yoast_head":"<!-- This site is optimized with the Yoast SEO plugin v27.3 - https:\/\/yoast.com\/product\/yoast-seo-wordpress\/ -->\n<title>STUBAI Karab\u00ednur rock clip 2.0 red 900080 - V\u00e9lar &amp; Verkf\u00e6ri<\/title>\n<meta name=\"robots\" content=\"index, follow, max-snippet:-1, max-image-preview:large, max-video-preview:-1\" \/>\n<link rel=\"canonical\" href=\"https:\/\/velarogverkfaeri.is\/en\/lykillausnir\/utivistarvorur\/ymislegt\/product\/stubai-karabinur-rock-clip-2-0-red-900080\/\" \/>\n<meta property=\"og:locale\" content=\"en_US\" \/>\n<meta property=\"og:type\" content=\"article\" \/>\n<meta property=\"og:title\" content=\"STUBAI Karab\u00ednur rock clip 2.0 red 900080 - V\u00e9lar &amp; Verkf\u00e6ri\" \/>\n<meta property=\"og:description\" content=\"Tegund:\u00a0900080\" \/>\n<meta property=\"og:url\" content=\"https:\/\/velarogverkfaeri.is\/en\/lykillausnir\/utivistarvorur\/ymislegt\/product\/stubai-karabinur-rock-clip-2-0-red-900080\/\" \/>\n<meta property=\"og:site_name\" content=\"V\u00e9lar &amp; Verkf\u00e6ri\" \/>\n<meta property=\"article:publisher\" content=\"https:\/\/www.facebook.com\/VelarOgVerkfaeri\" \/>\n<meta property=\"article:modified_time\" content=\"2025-12-18T12:06:21+00:00\" \/>\n<meta property=\"og:image\" content=\"https:\/\/velarogverkfaeri.is\/wp-content\/uploads\/2025\/11\/2ac74d34-2ca0-42e2-a59f-754d7e4f7ed5.jpg\" \/>\n\t<meta property=\"og:image:width\" content=\"1772\" \/>\n\t<meta property=\"og:image:height\" content=\"1181\" \/>\n\t<meta property=\"og:image:type\" content=\"image\/jpeg\" \/>\n<meta name=\"twitter:card\" content=\"summary_large_image\" \/>\n<meta name=\"twitter:label1\" content=\"Est. reading time\" \/>\n\t<meta name=\"twitter:data1\" content=\"1 minute\" \/>\n<script type=\"application\/ld+json\" class=\"yoast-schema-graph\">{\"@context\":\"https:\\\/\\\/schema.org\",\"@graph\":[{\"@type\":\"WebPage\",\"@id\":\"https:\\\/\\\/velarogverkfaeri.is\\\/lykillausnir\\\/utivistarvorur\\\/ymislegt\\\/product\\\/stubai-karabinur-rock-clip-2-0-red-900080\\\/\",\"url\":\"https:\\\/\\\/velarogverkfaeri.is\\\/lykillausnir\\\/utivistarvorur\\\/ymislegt\\\/product\\\/stubai-karabinur-rock-clip-2-0-red-900080\\\/\",\"name\":\"STUBAI Karab\u00ednur rock clip 2.0 red 900080 - V\u00e9lar &amp; Verkf\u00e6ri\",\"isPartOf\":{\"@id\":\"https:\\\/\\\/velarogverkfaeri.is\\\/en\\\/#website\"},\"primaryImageOfPage\":{\"@id\":\"https:\\\/\\\/velarogverkfaeri.is\\\/lykillausnir\\\/utivistarvorur\\\/ymislegt\\\/product\\\/stubai-karabinur-rock-clip-2-0-red-900080\\\/#primaryimage\"},\"image\":{\"@id\":\"https:\\\/\\\/velarogverkfaeri.is\\\/lykillausnir\\\/utivistarvorur\\\/ymislegt\\\/product\\\/stubai-karabinur-rock-clip-2-0-red-900080\\\/#primaryimage\"},\"thumbnailUrl\":\"https:\\\/\\\/velarogverkfaeri.is\\\/wp-content\\\/uploads\\\/2025\\\/11\\\/2ac74d34-2ca0-42e2-a59f-754d7e4f7ed5.jpg\",\"datePublished\":\"2025-09-06T14:26:18+00:00\",\"dateModified\":\"2025-12-18T12:06:21+00:00\",\"breadcrumb\":{\"@id\":\"https:\\\/\\\/velarogverkfaeri.is\\\/lykillausnir\\\/utivistarvorur\\\/ymislegt\\\/product\\\/stubai-karabinur-rock-clip-2-0-red-900080\\\/#breadcrumb\"},\"inLanguage\":\"en-US\",\"potentialAction\":[{\"@type\":\"ReadAction\",\"target\":[\"https:\\\/\\\/velarogverkfaeri.is\\\/lykillausnir\\\/utivistarvorur\\\/ymislegt\\\/product\\\/stubai-karabinur-rock-clip-2-0-red-900080\\\/\"]}]},{\"@type\":\"ImageObject\",\"inLanguage\":\"en-US\",\"@id\":\"https:\\\/\\\/velarogverkfaeri.is\\\/lykillausnir\\\/utivistarvorur\\\/ymislegt\\\/product\\\/stubai-karabinur-rock-clip-2-0-red-900080\\\/#primaryimage\",\"url\":\"https:\\\/\\\/velarogverkfaeri.is\\\/wp-content\\\/uploads\\\/2025\\\/11\\\/2ac74d34-2ca0-42e2-a59f-754d7e4f7ed5.jpg\",\"contentUrl\":\"https:\\\/\\\/velarogverkfaeri.is\\\/wp-content\\\/uploads\\\/2025\\\/11\\\/2ac74d34-2ca0-42e2-a59f-754d7e4f7ed5.jpg\",\"width\":1772,\"height\":1181},{\"@type\":\"BreadcrumbList\",\"@id\":\"https:\\\/\\\/velarogverkfaeri.is\\\/lykillausnir\\\/utivistarvorur\\\/ymislegt\\\/product\\\/stubai-karabinur-rock-clip-2-0-red-900080\\\/#breadcrumb\",\"itemListElement\":[{\"@type\":\"ListItem\",\"position\":1,\"name\":\"Home\",\"item\":\"https:\\\/\\\/velarogverkfaeri.is\\\/\"},{\"@type\":\"ListItem\",\"position\":2,\"name\":\"Vefverslun\",\"item\":\"https:\\\/\\\/velarogverkfaeri.is\\\/vefverslun\\\/\"},{\"@type\":\"ListItem\",\"position\":3,\"name\":\"STUBAI Karab\u00ednur rock clip 2.0 red 900080\"}]},{\"@type\":\"WebSite\",\"@id\":\"https:\\\/\\\/velarogverkfaeri.is\\\/en\\\/#website\",\"url\":\"https:\\\/\\\/velarogverkfaeri.is\\\/en\\\/\",\"name\":\"V\u00e9lar & Verkf\u00e6ri\",\"description\":\"Umbo\u00f0s- og heildverslun fr\u00e1 \u00e1rinu 1919\",\"publisher\":{\"@id\":\"https:\\\/\\\/velarogverkfaeri.is\\\/en\\\/#organization\"},\"potentialAction\":[{\"@type\":\"SearchAction\",\"target\":{\"@type\":\"EntryPoint\",\"urlTemplate\":\"https:\\\/\\\/velarogverkfaeri.is\\\/en\\\/?s={search_term_string}\"},\"query-input\":{\"@type\":\"PropertyValueSpecification\",\"valueRequired\":true,\"valueName\":\"search_term_string\"}}],\"inLanguage\":\"en-US\"},{\"@type\":\"Organization\",\"@id\":\"https:\\\/\\\/velarogverkfaeri.is\\\/en\\\/#organization\",\"name\":\"V\u00e9lar & Verkf\u00e6ri\",\"url\":\"https:\\\/\\\/velarogverkfaeri.is\\\/en\\\/\",\"logo\":{\"@type\":\"ImageObject\",\"inLanguage\":\"en-US\",\"@id\":\"https:\\\/\\\/velarogverkfaeri.is\\\/en\\\/#\\\/schema\\\/logo\\\/image\\\/\",\"url\":\"https:\\\/\\\/velarogverkfaeri.is\\\/wp-content\\\/uploads\\\/2021\\\/10\\\/vv_logo_350x100.png\",\"contentUrl\":\"https:\\\/\\\/velarogverkfaeri.is\\\/wp-content\\\/uploads\\\/2021\\\/10\\\/vv_logo_350x100.png\",\"width\":350,\"height\":100,\"caption\":\"V\u00e9lar & Verkf\u00e6ri\"},\"image\":{\"@id\":\"https:\\\/\\\/velarogverkfaeri.is\\\/en\\\/#\\\/schema\\\/logo\\\/image\\\/\"},\"sameAs\":[\"https:\\\/\\\/www.facebook.com\\\/VelarOgVerkfaeri\"]}]}<\/script>\n<!-- \/ Yoast SEO plugin. -->","yoast_head_json":{"title":"STUBAI Karab\u00ednur rock clip 2.0 red 900080 - V\u00e9lar &amp; Verkf\u00e6ri","robots":{"index":"index","follow":"follow","max-snippet":"max-snippet:-1","max-image-preview":"max-image-preview:large","max-video-preview":"max-video-preview:-1"},"canonical":"https:\/\/velarogverkfaeri.is\/en\/lykillausnir\/utivistarvorur\/ymislegt\/product\/stubai-karabinur-rock-clip-2-0-red-900080\/","og_locale":"en_US","og_type":"article","og_title":"STUBAI Karab\u00ednur rock clip 2.0 red 900080 - V\u00e9lar &amp; Verkf\u00e6ri","og_description":"Tegund:\u00a0900080","og_url":"https:\/\/velarogverkfaeri.is\/en\/lykillausnir\/utivistarvorur\/ymislegt\/product\/stubai-karabinur-rock-clip-2-0-red-900080\/","og_site_name":"V\u00e9lar &amp; Verkf\u00e6ri","article_publisher":"https:\/\/www.facebook.com\/VelarOgVerkfaeri","article_modified_time":"2025-12-18T12:06:21+00:00","og_image":[{"width":1772,"height":1181,"url":"https:\/\/velarogverkfaeri.is\/wp-content\/uploads\/2025\/11\/2ac74d34-2ca0-42e2-a59f-754d7e4f7ed5.jpg","type":"image\/jpeg"}],"twitter_card":"summary_large_image","twitter_misc":{"Est. reading time":"1 minute"},"schema":{"@context":"https:\/\/schema.org","@graph":[{"@type":"WebPage","@id":"https:\/\/velarogverkfaeri.is\/lykillausnir\/utivistarvorur\/ymislegt\/product\/stubai-karabinur-rock-clip-2-0-red-900080\/","url":"https:\/\/velarogverkfaeri.is\/lykillausnir\/utivistarvorur\/ymislegt\/product\/stubai-karabinur-rock-clip-2-0-red-900080\/","name":"STUBAI Karab\u00ednur rock clip 2.0 red 900080 - V\u00e9lar &amp; Verkf\u00e6ri","isPartOf":{"@id":"https:\/\/velarogverkfaeri.is\/en\/#website"},"primaryImageOfPage":{"@id":"https:\/\/velarogverkfaeri.is\/lykillausnir\/utivistarvorur\/ymislegt\/product\/stubai-karabinur-rock-clip-2-0-red-900080\/#primaryimage"},"image":{"@id":"https:\/\/velarogverkfaeri.is\/lykillausnir\/utivistarvorur\/ymislegt\/product\/stubai-karabinur-rock-clip-2-0-red-900080\/#primaryimage"},"thumbnailUrl":"https:\/\/velarogverkfaeri.is\/wp-content\/uploads\/2025\/11\/2ac74d34-2ca0-42e2-a59f-754d7e4f7ed5.jpg","datePublished":"2025-09-06T14:26:18+00:00","dateModified":"2025-12-18T12:06:21+00:00","breadcrumb":{"@id":"https:\/\/velarogverkfaeri.is\/lykillausnir\/utivistarvorur\/ymislegt\/product\/stubai-karabinur-rock-clip-2-0-red-900080\/#breadcrumb"},"inLanguage":"en-US","potentialAction":[{"@type":"ReadAction","target":["https:\/\/velarogverkfaeri.is\/lykillausnir\/utivistarvorur\/ymislegt\/product\/stubai-karabinur-rock-clip-2-0-red-900080\/"]}]},{"@type":"ImageObject","inLanguage":"en-US","@id":"https:\/\/velarogverkfaeri.is\/lykillausnir\/utivistarvorur\/ymislegt\/product\/stubai-karabinur-rock-clip-2-0-red-900080\/#primaryimage","url":"https:\/\/velarogverkfaeri.is\/wp-content\/uploads\/2025\/11\/2ac74d34-2ca0-42e2-a59f-754d7e4f7ed5.jpg","contentUrl":"https:\/\/velarogverkfaeri.is\/wp-content\/uploads\/2025\/11\/2ac74d34-2ca0-42e2-a59f-754d7e4f7ed5.jpg","width":1772,"height":1181},{"@type":"BreadcrumbList","@id":"https:\/\/velarogverkfaeri.is\/lykillausnir\/utivistarvorur\/ymislegt\/product\/stubai-karabinur-rock-clip-2-0-red-900080\/#breadcrumb","itemListElement":[{"@type":"ListItem","position":1,"name":"Home","item":"https:\/\/velarogverkfaeri.is\/"},{"@type":"ListItem","position":2,"name":"Vefverslun","item":"https:\/\/velarogverkfaeri.is\/vefverslun\/"},{"@type":"ListItem","position":3,"name":"STUBAI Karab\u00ednur rock clip 2.0 red 900080"}]},{"@type":"WebSite","@id":"https:\/\/velarogverkfaeri.is\/en\/#website","url":"https:\/\/velarogverkfaeri.is\/en\/","name":"V\u00e9lar & Verkf\u00e6ri","description":"Umbo\u00f0s- og heildverslun fr\u00e1 \u00e1rinu 1919","publisher":{"@id":"https:\/\/velarogverkfaeri.is\/en\/#organization"},"potentialAction":[{"@type":"SearchAction","target":{"@type":"EntryPoint","urlTemplate":"https:\/\/velarogverkfaeri.is\/en\/?s={search_term_string}"},"query-input":{"@type":"PropertyValueSpecification","valueRequired":true,"valueName":"search_term_string"}}],"inLanguage":"en-US"},{"@type":"Organization","@id":"https:\/\/velarogverkfaeri.is\/en\/#organization","name":"V\u00e9lar & Verkf\u00e6ri","url":"https:\/\/velarogverkfaeri.is\/en\/","logo":{"@type":"ImageObject","inLanguage":"en-US","@id":"https:\/\/velarogverkfaeri.is\/en\/#\/schema\/logo\/image\/","url":"https:\/\/velarogverkfaeri.is\/wp-content\/uploads\/2021\/10\/vv_logo_350x100.png","contentUrl":"https:\/\/velarogverkfaeri.is\/wp-content\/uploads\/2021\/10\/vv_logo_350x100.png","width":350,"height":100,"caption":"V\u00e9lar & Verkf\u00e6ri"},"image":{"@id":"https:\/\/velarogverkfaeri.is\/en\/#\/schema\/logo\/image\/"},"sameAs":["https:\/\/www.facebook.com\/VelarOgVerkfaeri"]}]}},"_links":{"self":[{"href":"https:\/\/velarogverkfaeri.is\/en\/wp-json\/wp\/v2\/product\/77850","targetHints":{"allow":["GET"]}}],"collection":[{"href":"https:\/\/velarogverkfaeri.is\/en\/wp-json\/wp\/v2\/product"}],"about":[{"href":"https:\/\/velarogverkfaeri.is\/en\/wp-json\/wp\/v2\/types\/product"}],"replies":[{"embeddable":true,"href":"https:\/\/velarogverkfaeri.is\/en\/wp-json\/wp\/v2\/comments?post=77850"}],"wp:featuredmedia":[{"embeddable":true,"href":"https:\/\/velarogverkfaeri.is\/en\/wp-json\/wp\/v2\/media\/77849"}],"wp:attachment":[{"href":"https:\/\/velarogverkfaeri.is\/en\/wp-json\/wp\/v2\/media?parent=77850"}],"wp:term":[{"taxonomy":"product_brand","embeddable":true,"href":"https:\/\/velarogverkfaeri.is\/en\/wp-json\/wp\/v2\/product_brand?post=77850"},{"taxonomy":"product_cat","embeddable":true,"href":"https:\/\/velarogverkfaeri.is\/en\/wp-json\/wp\/v2\/product_cat?post=77850"},{"taxonomy":"product_tag","embeddable":true,"href":"https:\/\/velarogverkfaeri.is\/en\/wp-json\/wp\/v2\/product_tag?post=77850"}],"curies":[{"name":"wp","href":"https:\/\/api.w.org\/{rel}","templated":true}]}}