{"id":77634,"date":"2025-11-09T14:26:17","date_gmt":"2025-11-09T14:26:17","guid":{"rendered":"https:\/\/velarogverkfaeri.is\/?post_type=product&#038;p=77634"},"modified":"2026-03-05T13:31:50","modified_gmt":"2026-03-05T13:31:50","slug":"usag-toppar-8-stk-234-1-2-x-se8-u02342150","status":"publish","type":"product","link":"https:\/\/velarogverkfaeri.is\/en\/verkfaeralausnir\/handverkfaeri\/toppar-handverkfaeri\/product\/usag-toppar-8-stk-234-1-2-x-se8-u02342150\/","title":{"rendered":"USAG Toppar 8 stk 234 1\/2 X\/SE8 U02342150"},"content":{"rendered":"<p><img decoding=\"async\" src=\"data:image\/png;base64,iVBORw0KGgoAAAANSUhEUgAAAtcAAABLCAYAAAC7tatMAAAAAXNSR0IArs4c6QAAAARnQU1BAACxjwv8YQUAAAAJcEhZcwAADsMAAA7DAcdvqGQAABxXSURBVHhe7Z3PaxxJlsdfdy+zgxtMMhZCWDIUrWrWDUL0bBVGvgjPrQr6YN96F4Hl2auOfazDQNdfMK1zW2zXoZdtxsYHV20P7BjB4ho7BV5htkWvPFvYJY8Rsjfx7HqXZcD7XkRkZmRW\/qpSyi21vx+6WvkrIl68eBH5IvJl+p3XDAEAAAAAAAAOzbvmLwAAAAAAAOCQwLkGAAAAAACgJOBcAwAAAAAAUBJwrgEAAAAAACgJONcAAAAAAACUBJxrAAAAAAAASgLONQAAAAAAACUB5xoAAAAAAICSeO9XjNk+IobUW\/81ff3tJm1uRn+P31+mxbPmsjEZdtfp179\/l5YnzUDY69H6r7+me\/\/9AV348LQ5eFxxqdP+km4p3T2mU8uLFNR8q0Pt3zylDy5UabxaWG3z+NThdPljQ9lGj17MX6CqrdS044ARG\/0NPfV1M7Fd\/hCY\/lVKPygzr3FI789qvPynF4dqC7fToaeL4bjjdtr05XaBOk4wzsbLmhxui85TWnwD7VCGjo8ObRv99wrec7nNOv\/yU1osel8sqa8fbx3mc9LlL0Javy88HrwlvLGVa6e2Sq1WK\/JbqZmTPzDO9JzZOq7IzbpHXqDDFaqbM4dh2L1JrtPQea6UkSMAJ5Q9\/jn835kZvX8YysxrDI62P7u0MzCbE1J8nD18WQFbO1RWVm8Tw+1d8sw2AGB83u6wkNkGrR0jJz+VvQMe6Cq01Cx3EvDsuffGHQAAjiWzdVpZa9FaGX2szLzG4Ej7sxqDJmTccfYwZcUY7sNFnASxJQDA5LzzmjHbiezv71O326UnT57QuXPnqNls0vT0tDlbBHkctUG786vJNxt5nNQdUKUZDr7yaGVji6h+bY0a1KP1624w2MoKuOSjrnm+pFdo5LHj9V2qyvWz+jp1\/lGVVtcaxFcrGdwgk7o5LivCfZridAvbUqZDjciqsF4xJiObPPbo+csgQR5R5Jr+mVVaer4RXOvLrPPj8ppV2u3qOgX1VnUI60mVhq6b0U8SQVq55u6UJY+WOxA1KN8npg8muCZNDsbXubSJqtuIDtLrp9vUz7WSqOeglvEyE9Oltalug6CdImmy9BLNz6lUiAZexKYUvq3VHHK3\/Jyi9UmU2eiV7DIjtp9eHyFaJ4N\/zThtJljn4+0d6V8j\/UETrZ+j+6nSkWl\/fz\/HLsM66uN+PxNGy9f6UePI4sNEmSPEdWIQXV\/aj+lEybFADzn\/g4t2fzygpWtT1A\/yCds5u59rWUfyahL1gr6cbpc+SfWK2oGv+5jtMPG0Sp88Hjbmd6nnt51tB0xy3rw5MgZp2Vlo1mCd6p4b9puktojZRaZNppRVz+jvQpJNTv0u1mdi9VXEygvGVF9mayyL6ESI2JhDesjw7zlRsvtMUp9gEuwmsN+ENhzLJuVIRKYUPTNhHlFZI20d9HXdj9QTFFvXSs9k2bwhR4epehtTNyN6zjpn8OuXrCdDQRtQeSTeOzN0yhS1m5G2SLLpVFtPswVDJF2F6zjgckf7kho\/OFX6eJAssx537DKNDfKe0lGG3FH9h\/jXpI5pSpas\/p093hRCnOssNjY2Xn\/++efBT\/bH48nr7hefv\/7i9hOzn4D7Fef91ev7sj3svv4isv35669c2dE8ud1V557c\/uL151+pq8x1X7zuDvWuoM5\/0eXSo9uK4f3X99W1919\/FaST7XhZYRn3v+L6W3lEyrdQ19n5RGTTZURkEUbqqXUWrZ\/RiSImq+gvyFOfC\/Wt87Lr5SOyRtolRw5V58j5OMn10+ks+TPlZdyu0ldWOnXOLsdvU9uWFHxcyZutl8T2jdmUwugobPskHaXUdcQWwvwlna2DSNtE9MWM5DlGm0Wu19fa5T5x76t8tR2n1D9NllidRs9Fy7J1ruSM63REbtFruswh+pq4Tvz9EZ0oYmmMnmy9K3mNjFo\/8ev9uqfklWIzkbZm4vs+tr4Uol9L32npBL\/O4floe+TlHeo\/RKWJt7e9HzBq6+k26e9Hy5I0aTrS+dnXs35v6z11LtB7HJHLShcpV+tnpP2D\/bg9mza1dWhIly+eR6yMuN3E9016X2+6PYrZ5IhMkb6q87LlGpU1ml8kfaRcIXZtQI4OJR9bnyNljKebsPyoPPG62vvZesqR30LnE9dBtk6L242dLlpv4T6Pj+nHE8pJ0HOYTueT1Ke0\/aWNB9l1VWlNnkqeSDtasil5\/P1oHol5xu0nJo993r5eyWCnDXzG4uSGhciKtU18vyje1ga12+3gt94dmjNMbYUaPBvqdXhWd8Mlp6lnMCrui2cMl\/xZCjPXbIQzqnHwDuiZ2ZTHtnU1O7GRchwa3O3xnEUY0sNHHlU+ktIkBpBnNVfCmctcc4kqgx0+kwDPioOZ1ewCVR2PdrfD+lYuxma1Uk87DZ9tXJQpcEr+WUiMIevscjBb1HkNvsvPqZAcsfZIIlo\/o0fTporaJd7epYcSm6piImMhL7UGzx5z0gmpberRgX8Np6iLvJl6SWjfxSrPY9Pga3\/hSzVHC\/N8JcsyzKvrbIMusyzuDbZztnWvdtnMkjmX5lpkxWLmjEPec127rEfbY7eZskcWdz+0R78cYa5WVzqor0hsvz+Lt5BH\/PYMfmaKHLsd0hjRP5fBOnQ8rZu5aRbKl3nvIWusTg3uj76cup7nA70myRzyjA7SVaYpYMeqnS2bqH8U02tOP4+SbjO5sipGbVTZVmaZMSL61+Od9+ghS3CIvCtLoY3UznNP5r6XawxMjk3GSe8fus85qp\/5cB9ohnvp1GnFXqGbZVuOjB3RsUy1v2\/rCeOJatMRMuTL6RMay26UfCyTuicJMzQV11shmywwtsbJHD9j8BixVLHK3bpDrleh8\/H+lqfD3LGmuG5kPLPHyPBcVv\/L0VNhGzDwtZExJ1On49jNaFvYNlHn8dFn9Hh2HUfvL3U6z90glbTxIEfm+kqD\/akedbo9uilPLINV8aw+mjXOFxvTUvu3YG8n+ozZ\/IX5m4qEgtgOtexPQvxxRxxR7k67Ry43wKppSBX35UyFypkQGZhb0x3l1Pd4P00W5VBtmZv9Mz0gNEQWFQPo0eB6O7yxKhyakkbOVLruyK7lDMRJjG+TgYQN3B7oi6AcMW9AG+3YoMd6FJPK0mWeHJNFc+oOMOjypKprDhkqrBIlr1NNyDs7XWqb8kStNSOPijidulg\/vsrUC9dNaj6ljxyCbJnFTuaal6kuj5vkMdhKtDWij+YYM4hJXVflHNdVw4PGtRXVlu6h2owHuLUWTXVkwqu0aD0Wy2DkUVzWaKvRE4SYhtVA6erBVwZiHlh3tljm\/V2iedbTIlH\/hjh\/pG8AF\/UQmy+zDMgStWC1g9iBfWObBEuvo7Zi9\/Nxeoq0wap6BBk2L4+BMdvw45Cj5dplZvXsHI4y7xJJ7h+6z03+Uno8JIDHdLOVRaI9J5IuX26fOHT4fJpN5o9TcTLHT\/4Tr504Kr0u30PZaaPvBmp8DhwkQyEdTjDWpBENEWDRz8j\/s\/oft0OGnorbQDJ5Os20m9R07Ai3Zqz6+OEWMiYmHc+2hbJi7\/Pth+Vr7rAMboKtpPXRjHE+d0zLpqjPmEWucy0x1vGY66PA7bDyKmwCnks3uwuqIrI6QY9kdWe0846NOF3q5ioNtUGdaXsma1Az7jb1eWbjPrcGBDXgOaPxt4XQM2NnXga35EZV9XxudnyeiXGwEUl5YzjYagWQndWx44OYXDm29aHx0CsIZMX6ReBZKm3pGWJU3px0QlqbyopHq8EbOm5qvTtDa1l64QG8HPJlVl90YKuqV1zqdXjLzNB1vBoPDC29r2P01KaS76a8P8B1isteRpvJqo4qVWLbrndoyl4piKPi3yR20qRRN78DdSoLZZePzI6PGgC5X6n7vqyI9Ki\/77IjTVS9wjVl+at0kx6yw73LE90lS6d5Mst4IjHch3aobWy9jmD38\/EQm5BY8lbW4K3GIJ50RJi8TCFYvOD6lJ132aT3D93ndtWKXIb+klC2K+\/qcH9VbarjMMslXb78PnFY0tqwwNgaY+z7iqwS3t2gfqfDnhv33fhksQgTjjWj6PuA6mNGDrEnv6XT+1+2noYxZ3RcsnU6zLabzLbQiybqDij9ZL1HM+rapOMLmXV0vzMbhyRfZu573QFVanXytm5Sb9H4Wjl9NHWczx0v8x3sQj5jBrlhIfLy4tWrV9XnneTveC8zFoQ7Uc+T2WKDGle4G4ly2aFUK8nsbN\/hm6uGOwkrU8wtglKk\/ThSP+oI2HJZPTZ8g0wZvGTG7T26Sf0BD3CLvhnIjd8j93fRXIZ7I5Jo1ONeg3okZuc1iqqnPBKx63mX52nWY\/DCyApgRGfCUK3O5lGqHAH6UVkYbqMJdKceHQ2ob4UJyTdu3bx0aW26x8djdVWz\/yy9mMendvvKtmVBBcmRWZxkeeTFA0yDbV09BlPy6E4fPtKM2a\/Ix7WVlWs\/rKrdXg\/7yCHazGU9RmBnS9Qog2+7Le0QRa1AWHmrx4ZmOxOj\/5t2O4uOecBdMM6q6ntbPS7TPyb65BvM3WhISJrMNpKXWo2xdcaTmfGIjikjeh2zn6chbUixsLk23\/hsGwrGoBvW8XHLtB9zsi32pTrK5krI+0jJ6h+6z3kirzkidevYYYdpyGTJsj\/16Nps5jF6b5LtpJ6QIV+BPjE2hWwyZ5xKYuz7CjtyF7k\/D1ijkdCGkDwdTjzWjCCrs7YeJGTAbDLp\/S9bT8VtIIVMnebbTXK6IY+PsXaUCXTq8ew6qlCJQV\/daxRm3BibHPsRJ1k+NbzSDEMnlQQ5fTR9nD\/kmDaGz5hG7sp1WaiY64hiud\/wjEO\/3cuqMI+5ZdXxco2PXV8nuiZxdgc8e2WFmVmiU6mrUIxoPf1HCv51DtVrbBRmVcDd71O\/3VPL+4KsSOtZUAJmxu1WJO7XHGNkpYynL9x44Sqn49RpaU0eaMTZpZvcyLqbFXjULiut14hnaGE9\/XCG8Ul4VMIyOLUlWpvNya9UOUJGwxpEdxWqXllhvbC81w64TMs+KhVq8HZWuqmUNh1y5+t3w+NhOEC2XsThPeD8\/PatcCev8KAyLqkyf8R2yM6Z2LzWZmizHeIZMd+IRuzXrEi7Hf2Wvz07Vyt5fCMWJ33yNnPp4G6f0wVaHAk3UWFJlu2qdw0sPTm1Ok+Oiqwm+fq32lkev9orGTIAdwfkzS8Ex\/SNzw1CQrJkDuAbwLp8uaBlHZdj1+UmUacFcygfvrndzdLrmP08EZc68tUDf3VOISslPb4R2bGO4RgUPlods0w2qR2WN9Cc9BmTf27eagK6QT2VXp+b\/IF4DglliaOW1j+kzzWe87VB3Ryq1ORxM7sO4gBdN\/Y6Ym96rA\/qLE9OeZJdCBkrI\/cmHrOafKO\/q85GSJevQJ8Ym2I2mT0msz2w09LrGrmM3WeNn4mo\/uzRVJozk6PDyceaOBLr3Gefwg\/rrLD9yHKckNP\/MvVU3AaSydZpvt0kpOOtHXaUe8FxCf\/gmu3xhCLpOJNpC7UVWhUfzdcd26e8C9OLPy3NJU3m81S90ee8\/VAckUeHTm6wC7i6ltFHc8b5hi4wTMvlFR0vx\/IZU8j9FB8Yj+Dx5SEdUgA0w+CRZhjzpY+Jwz3OY6q3huBxshUqIscinwXMQQ3S0c972pTWz5PKUcfkhp8RngNAjON279GhO+ZzuccV9L+TSxnj\/BEC57pk4FyD8tErKfbjsMi3PsEI6sZuP6Idd0XwTTnXgrpJRFo3esMAoADH6t6jbNorvFL4g4L+d2I59Dh\/hMC5BgAAAAAAoCTe7n\/+HAAAAAAAgBKBcw0AAAAAAEBJwLkGAAAAAACgJOBcAwAAAAAAUBJwrgEAAAAAACgJONcAAAAAAACUBJxrAAAAAAAASgLONQAAAAAAACUB5xoAAAAAAICSgHMNAAAAAABAScC5BgAAAAAAoCTegHM9pN56m9a7Q7Nv41Kn3abOlt4bdtep3V6n3p7ez8LttKndcc3eYdEy+nJouYrJcVwprst43Ysx7HZK04+StbS2BAAAAAD44TiGK9cOTc2aTXBIjkqXQ3r4yDPbAAAAAADA51g513PNNWq1Vqhu9sHkHK0un9EBfGsAAAAAgBHeec2Y7UT29\/ep2+3SkydP6Ny5c9RsNml6etqcLYKEHWzQ7vwqrTXnzDEfCb\/oETVbtFLj3a0Ote9O0epag9SVez1av+5S3I+r8PXnv2tTj13HuueSay5wakllWEj+3YHZ0fmoco2MBxf9fZGrT1PX1qhhVn4lDKUXJHWors5p+b1YuRLmsPGoGtZDocvwZSWnrs+rOh7Q0rUp6gd1rVDDcoxVflt+wui5uI4CHcR1WbjuFklpZuJt4uuCN2OyhGUIWld+bnZbqfo9X6LWCqZVAAAAADjZ5K5c+461IH9l\/83ATt8Nlxx20Fot+a1S3Yk5bINdoivmfLNC3tbNjDhgdu5Y9IbKi3\/X6uR1O3w0H+VYe+wM+2mbDrnXJZ65Tiuq3DtWPi7d2SKqX7Eda3Egb\/IZK48rU\/QskHXAdSW6bM41KrxvYpC1Y+2EcjeJneEea4cxzmyooxZdpocJdZqk7pJmoPTt531eUsw2aK3VYBdfnGo5HnWsQ1kabDx+zHc4CdHnVqn6aGPsOG8AAAAAgONOrnPtO9Y+8f2ieFsb1G63Y79wJXOUAqEHlaVgZZlq59nh8+jgGW\/LimtQhu\/gsSNsr\/jOTrF7yNfnvpTn0s6AHUnbWa5dYkffo91tdnHV9oB2gpcy+zRwqrSQFOvsHXCtDLN1qgfXRPOvf1Rhf3uHS9axzZWmJbeUR7v0kOUebu+S59TpkrXiPNdshNcGTFp3Fnk\/fBG1XktfWVayVBrWSrWWS+loa4d1UqfLwer+HDUuVmjwXbZ7DwAAAABw0sh1riUUxCa+XxQJA\/BXQMOfrICmIQ6hrH76TvIGuY7tvGVQW7HKCEM79Aqqn1+WY2+xd2CFQPjM0ZTDjudzcZXnaGHeocFdWU02zvDF6Kq1oGKgZdXZlJ\/89RTDjO\/86gnGINCB\/CS0RE8inj3nk87USFnJjFt30b9eYdZpsle6lSyDnrlW\/ySURXQ03Odznksb1jkVbsKTjQwtAAAAAACcOHKda4mx9h1qP+b6TeF2dDx24CgfJiZXwhZUHLWfX5Zjb6FWeeMMldPrnJlRe3PNJaqw83inI+Eh0ZXkCIHT3yBnKyMs4pk49PKljxnlxNuhGf5PJhkzZ8TDL+CgTlp3WWFe02lWa14YjpKAkqXSCOQLftxmc9N8TmLM4+ciMekAAAAAACefXOdaXl68evWqcobk73gvMx4OCY+Irtryb9LvIYvDaodrSKiC2cymTucrHrk3LMdSYqw9h6qLQSAHO9QODQaDxFVrxZYbW\/ll51n75owJZ1EMqXeXJauc51ztVfGQ4Z7em1uskiNOfeCkc1qekIw4wBPVfUjuViynjFVyJcugH415ZzlVDhKyE5FT4HMFwlIAAAAAAE4S7\/2KMdtHxEvavfeAXvzsY7rw4WlzzOcpbW\/uEn24TItnefeP27Q5PEUfX6jSaVlt\/e0p+vSzX9Iny8u0LL\/5V7R9Z5tezF+gU4NN2qUqLauEQiyvOGd\/Rq\/u3abb327S5ib\/\/lxl5\/UF0UcXqHpay\/jqnJ9W8hrSqZ\/LOU66uEynvv+avrll0nIxwRcyDKdPvaDtBz+hjz9dpKTi3X\/9DfX\/4Vv6VtJLBrVP6W\/\/mjP\/0y7de\/CK\/veAzynZHtDTmUawSn\/6wwv0wfMebXBaVTb\/BgOPXswuUnW2Shfef0y3urfMOa6Dc5acM1U6+1+WLsequ2Hve\/rn335Dt0yaB3+cocZaw9TtLP3fY5bnjj73+H1O+1csy\/wL6l3\/2tSRfzzZ8J6fpcUPz9Pi8ina\/vJLuuWf2xzQ4L132SbO0svde\/Tgf+astgQAAAAAOJnkforvB0N9Bk6+cGG9iBf\/vNwxQr4o0j+T8ynAJNRXNniaEHPWAQAAAADAyeP4OtdM9PvOjP9taLN7XAg\/l2dNBIoC5xoAAAAA4EfDsXauAQAAAAAAOEnkvtAIAAAAAAAAKAacawAAAAAAAEoCzjUAAAAAAAAlAecaAAAAAACAkoBzDQAAAAAAQEnAuQYAAAAAAKAk4FwDAAAAAABQEnCuAQAAAAAAKAk41wAAAAAAAJQEnGsAAAAAAABKAs41AAAAAAAAJfHOa8ZsHzlup029gdlROFS\/tkaNWaJhd502HlVpda1Bc+bssWavR+vXXfJk26mPIbdLnXaPBpUGtVbq5lgCKv9dqhr9AAAAAACA48+bWbkWR7HNjjWxQ9lqhb+mQ+71DrubJwzjWDtNU49xJgR7\/HP4vzMzeh8AAAAAAPxoeAPO9ZB6N1zyklZqayvsnK5Qxvrt8eTZAXlOnS7VzP44zNZpZa1Fa80TsT4PAAAAAADGIDcsZH9\/n7rdLj158oTOnTtHzWaTpqenzdkCFAxv8MNC6o5Lrh86YjnkElLSP9Og6qMeuRKLEZwzYRbqKsYO0VBlH9BSk6jX1VdUmi26tM9lbamAjkgZQiR0JSHcQ8npp40QhriMyCpna6vGoebJxvoGHVxs0YpyzvW+f11Qpq+3mkPuVqAQapzEyQgAAAAAwFvCe79izHYi33zzjXKshZcvXypn++OPP1b7hfj3Pn27+1Na\/GSRzppDSbzcvUcP\/uMP9BN2Otc+Xabl+Ve0fWeTvn9\/mRY54dPtTXr43QGd\/ZvP6Jef8Hk5aBxrjx3Xz\/7uE1peXqZT339N32y+og8uVOn0n3bp3oN\/o4d\/XqLW2qcqz81\/\/Jr6f3lJ7y+fose3erRtylCOtcfO7We\/pE84rw+e92jj9++asjSnP7xAy+8\/ps2DanCdkvXBC\/rZzy9Q9XSCrHz9t5sP6NW8nH9Ju\/d4+5wuc9j9e7r9nwthXrMeff+ns6wrkf0P9Ie\/NLIvf0Cvtu\/Q5venIvIAAAAAAIDjQ25YiO9Y+8T3S8UOtZhdoKpD5O0PzQGmshRd\/d7aoQGnuWyFWNR\/USfH26WHEtuscNQxxeyUhDtT5SN\/7XeGpoIyXNoZ8LVXwpXqueYSVQY7k8WE27LWzlOFPDp4ZvbjeAcUnJqtUz2ooyU7S7UwL8IekKURAAAAAABwjMh1riUUxCa+n8uMOLTsWAbObnkM9xPCM5QDneHIprF3wKk8cq+3qd32fxJucjSy+8w116glYSumzPUuXGcAAAAAgJNKrnMtMda+Q+3HXI+FWoFmp\/V35X8TZG5a1qFjKCfZoalxP8ahnHKJm7a+ZqJ+b+BTeOrFTimrQc7WBnW2zHEAAAAAAHCiyHWu5eXFq1evKudP\/o71MqNijhpX6uQMetTuRB1seTmwvd6bPMxBwi08l25aq73ixHtOlRbGdojrdL4yOgkY7h3xSvKWGws7mWBiAAAAAAAAjgVv4FN8zGyD1lqrVPfYwQ5CLtr6H425smAumoQ6rZjVXj9P9ULiON+dtqivtKhBURlv3ng4Wcx1Qdz9PvWD8uTlzMtHv1IOAAAAAACOhDf6LzQCAAAAAADwY+bNrFwDAAAAAADwFgDnGgAAAAAAgJKAcw0AAAAAAEBJwLkGAAAAAACgJOBcAwAAAAAAUBJwrgEAAAAAACgJONcAAAAAAACUAtH\/A5ZxJDw3+icUAAAAAElFTkSuQmCC\" alt=\"\"><\/p>","protected":false},"excerpt":{"rendered":"<p>Tegund:&nbsp;U02342150<\/p>","protected":false},"featured_media":80951,"comment_status":"closed","ping_status":"closed","template":"","meta":[],"product_brand":[],"product_cat":[588,787,515],"product_tag":[],"class_list":{"0":"post-77634","1":"product","2":"type-product","3":"status-publish","4":"has-post-thumbnail","6":"product_cat-handverkfaeri","7":"product_cat-toppar-handverkfaeri","8":"product_cat-verkfaeralausnir","10":"first","11":"instock","12":"taxable","13":"shipping-taxable","14":"purchasable","15":"product-type-simple"},"yoast_head":"<!-- This site is optimized with the Yoast SEO plugin v27.3 - https:\/\/yoast.com\/product\/yoast-seo-wordpress\/ -->\n<title>USAG Toppar 8 stk 234 1\/2 X\/SE8 U02342150 - V\u00e9lar &amp; Verkf\u00e6ri<\/title>\n<meta name=\"robots\" content=\"index, follow, max-snippet:-1, max-image-preview:large, max-video-preview:-1\" \/>\n<link rel=\"canonical\" href=\"https:\/\/velarogverkfaeri.is\/en\/verkfaeralausnir\/handverkfaeri\/toppar-handverkfaeri\/product\/usag-toppar-8-stk-234-1-2-x-se8-u02342150\/\" \/>\n<meta property=\"og:locale\" content=\"en_US\" \/>\n<meta property=\"og:type\" content=\"article\" \/>\n<meta property=\"og:title\" content=\"USAG Toppar 8 stk 234 1\/2 X\/SE8 U02342150 - V\u00e9lar &amp; Verkf\u00e6ri\" \/>\n<meta property=\"og:description\" content=\"Tegund:&nbsp;U02342150\" \/>\n<meta property=\"og:url\" content=\"https:\/\/velarogverkfaeri.is\/en\/verkfaeralausnir\/handverkfaeri\/toppar-handverkfaeri\/product\/usag-toppar-8-stk-234-1-2-x-se8-u02342150\/\" \/>\n<meta property=\"og:site_name\" content=\"V\u00e9lar &amp; Verkf\u00e6ri\" \/>\n<meta property=\"article:publisher\" content=\"https:\/\/www.facebook.com\/VelarOgVerkfaeri\" \/>\n<meta property=\"article:modified_time\" content=\"2026-03-05T13:31:50+00:00\" \/>\n<meta name=\"twitter:card\" content=\"summary_large_image\" \/>\n<script type=\"application\/ld+json\" class=\"yoast-schema-graph\">{\"@context\":\"https:\\\/\\\/schema.org\",\"@graph\":[{\"@type\":\"WebPage\",\"@id\":\"https:\\\/\\\/velarogverkfaeri.is\\\/verkfaeralausnir\\\/handverkfaeri\\\/toppar-handverkfaeri\\\/product\\\/usag-toppar-8-stk-234-1-2-x-se8-u02342150\\\/\",\"url\":\"https:\\\/\\\/velarogverkfaeri.is\\\/verkfaeralausnir\\\/handverkfaeri\\\/toppar-handverkfaeri\\\/product\\\/usag-toppar-8-stk-234-1-2-x-se8-u02342150\\\/\",\"name\":\"USAG Toppar 8 stk 234 1\\\/2 X\\\/SE8 U02342150 - V\u00e9lar &amp; Verkf\u00e6ri\",\"isPartOf\":{\"@id\":\"https:\\\/\\\/velarogverkfaeri.is\\\/en\\\/#website\"},\"primaryImageOfPage\":{\"@id\":\"https:\\\/\\\/velarogverkfaeri.is\\\/verkfaeralausnir\\\/handverkfaeri\\\/toppar-handverkfaeri\\\/product\\\/usag-toppar-8-stk-234-1-2-x-se8-u02342150\\\/#primaryimage\"},\"image\":{\"@id\":\"https:\\\/\\\/velarogverkfaeri.is\\\/verkfaeralausnir\\\/handverkfaeri\\\/toppar-handverkfaeri\\\/product\\\/usag-toppar-8-stk-234-1-2-x-se8-u02342150\\\/#primaryimage\"},\"thumbnailUrl\":\"https:\\\/\\\/velarogverkfaeri.is\\\/wp-content\\\/uploads\\\/2026\\\/03\\\/ff749b61-5493-4d2a-9268-acd44bcfc852.png\",\"datePublished\":\"2025-11-09T14:26:17+00:00\",\"dateModified\":\"2026-03-05T13:31:50+00:00\",\"breadcrumb\":{\"@id\":\"https:\\\/\\\/velarogverkfaeri.is\\\/verkfaeralausnir\\\/handverkfaeri\\\/toppar-handverkfaeri\\\/product\\\/usag-toppar-8-stk-234-1-2-x-se8-u02342150\\\/#breadcrumb\"},\"inLanguage\":\"en-US\",\"potentialAction\":[{\"@type\":\"ReadAction\",\"target\":[\"https:\\\/\\\/velarogverkfaeri.is\\\/verkfaeralausnir\\\/handverkfaeri\\\/toppar-handverkfaeri\\\/product\\\/usag-toppar-8-stk-234-1-2-x-se8-u02342150\\\/\"]}]},{\"@type\":\"ImageObject\",\"inLanguage\":\"en-US\",\"@id\":\"https:\\\/\\\/velarogverkfaeri.is\\\/verkfaeralausnir\\\/handverkfaeri\\\/toppar-handverkfaeri\\\/product\\\/usag-toppar-8-stk-234-1-2-x-se8-u02342150\\\/#primaryimage\",\"url\":\"https:\\\/\\\/velarogverkfaeri.is\\\/wp-content\\\/uploads\\\/2026\\\/03\\\/ff749b61-5493-4d2a-9268-acd44bcfc852.png\",\"contentUrl\":\"https:\\\/\\\/velarogverkfaeri.is\\\/wp-content\\\/uploads\\\/2026\\\/03\\\/ff749b61-5493-4d2a-9268-acd44bcfc852.png\",\"width\":836,\"height\":278},{\"@type\":\"BreadcrumbList\",\"@id\":\"https:\\\/\\\/velarogverkfaeri.is\\\/verkfaeralausnir\\\/handverkfaeri\\\/toppar-handverkfaeri\\\/product\\\/usag-toppar-8-stk-234-1-2-x-se8-u02342150\\\/#breadcrumb\",\"itemListElement\":[{\"@type\":\"ListItem\",\"position\":1,\"name\":\"Home\",\"item\":\"https:\\\/\\\/velarogverkfaeri.is\\\/\"},{\"@type\":\"ListItem\",\"position\":2,\"name\":\"Vefverslun\",\"item\":\"https:\\\/\\\/velarogverkfaeri.is\\\/vefverslun\\\/\"},{\"@type\":\"ListItem\",\"position\":3,\"name\":\"USAG Toppar 8 stk 234 1\\\/2 X\\\/SE8 U02342150\"}]},{\"@type\":\"WebSite\",\"@id\":\"https:\\\/\\\/velarogverkfaeri.is\\\/en\\\/#website\",\"url\":\"https:\\\/\\\/velarogverkfaeri.is\\\/en\\\/\",\"name\":\"V\u00e9lar & Verkf\u00e6ri\",\"description\":\"Umbo\u00f0s- og heildverslun fr\u00e1 \u00e1rinu 1919\",\"publisher\":{\"@id\":\"https:\\\/\\\/velarogverkfaeri.is\\\/en\\\/#organization\"},\"potentialAction\":[{\"@type\":\"SearchAction\",\"target\":{\"@type\":\"EntryPoint\",\"urlTemplate\":\"https:\\\/\\\/velarogverkfaeri.is\\\/en\\\/?s={search_term_string}\"},\"query-input\":{\"@type\":\"PropertyValueSpecification\",\"valueRequired\":true,\"valueName\":\"search_term_string\"}}],\"inLanguage\":\"en-US\"},{\"@type\":\"Organization\",\"@id\":\"https:\\\/\\\/velarogverkfaeri.is\\\/en\\\/#organization\",\"name\":\"V\u00e9lar & Verkf\u00e6ri\",\"url\":\"https:\\\/\\\/velarogverkfaeri.is\\\/en\\\/\",\"logo\":{\"@type\":\"ImageObject\",\"inLanguage\":\"en-US\",\"@id\":\"https:\\\/\\\/velarogverkfaeri.is\\\/en\\\/#\\\/schema\\\/logo\\\/image\\\/\",\"url\":\"https:\\\/\\\/velarogverkfaeri.is\\\/wp-content\\\/uploads\\\/2021\\\/10\\\/vv_logo_350x100.png\",\"contentUrl\":\"https:\\\/\\\/velarogverkfaeri.is\\\/wp-content\\\/uploads\\\/2021\\\/10\\\/vv_logo_350x100.png\",\"width\":350,\"height\":100,\"caption\":\"V\u00e9lar & Verkf\u00e6ri\"},\"image\":{\"@id\":\"https:\\\/\\\/velarogverkfaeri.is\\\/en\\\/#\\\/schema\\\/logo\\\/image\\\/\"},\"sameAs\":[\"https:\\\/\\\/www.facebook.com\\\/VelarOgVerkfaeri\"]}]}<\/script>\n<!-- \/ Yoast SEO plugin. -->","yoast_head_json":{"title":"USAG Toppar 8 stk 234 1\/2 X\/SE8 U02342150 - V\u00e9lar &amp; Verkf\u00e6ri","robots":{"index":"index","follow":"follow","max-snippet":"max-snippet:-1","max-image-preview":"max-image-preview:large","max-video-preview":"max-video-preview:-1"},"canonical":"https:\/\/velarogverkfaeri.is\/en\/verkfaeralausnir\/handverkfaeri\/toppar-handverkfaeri\/product\/usag-toppar-8-stk-234-1-2-x-se8-u02342150\/","og_locale":"en_US","og_type":"article","og_title":"USAG Toppar 8 stk 234 1\/2 X\/SE8 U02342150 - V\u00e9lar &amp; Verkf\u00e6ri","og_description":"Tegund:&nbsp;U02342150","og_url":"https:\/\/velarogverkfaeri.is\/en\/verkfaeralausnir\/handverkfaeri\/toppar-handverkfaeri\/product\/usag-toppar-8-stk-234-1-2-x-se8-u02342150\/","og_site_name":"V\u00e9lar &amp; Verkf\u00e6ri","article_publisher":"https:\/\/www.facebook.com\/VelarOgVerkfaeri","article_modified_time":"2026-03-05T13:31:50+00:00","twitter_card":"summary_large_image","schema":{"@context":"https:\/\/schema.org","@graph":[{"@type":"WebPage","@id":"https:\/\/velarogverkfaeri.is\/verkfaeralausnir\/handverkfaeri\/toppar-handverkfaeri\/product\/usag-toppar-8-stk-234-1-2-x-se8-u02342150\/","url":"https:\/\/velarogverkfaeri.is\/verkfaeralausnir\/handverkfaeri\/toppar-handverkfaeri\/product\/usag-toppar-8-stk-234-1-2-x-se8-u02342150\/","name":"USAG Toppar 8 stk 234 1\/2 X\/SE8 U02342150 - V\u00e9lar &amp; Verkf\u00e6ri","isPartOf":{"@id":"https:\/\/velarogverkfaeri.is\/en\/#website"},"primaryImageOfPage":{"@id":"https:\/\/velarogverkfaeri.is\/verkfaeralausnir\/handverkfaeri\/toppar-handverkfaeri\/product\/usag-toppar-8-stk-234-1-2-x-se8-u02342150\/#primaryimage"},"image":{"@id":"https:\/\/velarogverkfaeri.is\/verkfaeralausnir\/handverkfaeri\/toppar-handverkfaeri\/product\/usag-toppar-8-stk-234-1-2-x-se8-u02342150\/#primaryimage"},"thumbnailUrl":"https:\/\/velarogverkfaeri.is\/wp-content\/uploads\/2026\/03\/ff749b61-5493-4d2a-9268-acd44bcfc852.png","datePublished":"2025-11-09T14:26:17+00:00","dateModified":"2026-03-05T13:31:50+00:00","breadcrumb":{"@id":"https:\/\/velarogverkfaeri.is\/verkfaeralausnir\/handverkfaeri\/toppar-handverkfaeri\/product\/usag-toppar-8-stk-234-1-2-x-se8-u02342150\/#breadcrumb"},"inLanguage":"en-US","potentialAction":[{"@type":"ReadAction","target":["https:\/\/velarogverkfaeri.is\/verkfaeralausnir\/handverkfaeri\/toppar-handverkfaeri\/product\/usag-toppar-8-stk-234-1-2-x-se8-u02342150\/"]}]},{"@type":"ImageObject","inLanguage":"en-US","@id":"https:\/\/velarogverkfaeri.is\/verkfaeralausnir\/handverkfaeri\/toppar-handverkfaeri\/product\/usag-toppar-8-stk-234-1-2-x-se8-u02342150\/#primaryimage","url":"https:\/\/velarogverkfaeri.is\/wp-content\/uploads\/2026\/03\/ff749b61-5493-4d2a-9268-acd44bcfc852.png","contentUrl":"https:\/\/velarogverkfaeri.is\/wp-content\/uploads\/2026\/03\/ff749b61-5493-4d2a-9268-acd44bcfc852.png","width":836,"height":278},{"@type":"BreadcrumbList","@id":"https:\/\/velarogverkfaeri.is\/verkfaeralausnir\/handverkfaeri\/toppar-handverkfaeri\/product\/usag-toppar-8-stk-234-1-2-x-se8-u02342150\/#breadcrumb","itemListElement":[{"@type":"ListItem","position":1,"name":"Home","item":"https:\/\/velarogverkfaeri.is\/"},{"@type":"ListItem","position":2,"name":"Vefverslun","item":"https:\/\/velarogverkfaeri.is\/vefverslun\/"},{"@type":"ListItem","position":3,"name":"USAG Toppar 8 stk 234 1\/2 X\/SE8 U02342150"}]},{"@type":"WebSite","@id":"https:\/\/velarogverkfaeri.is\/en\/#website","url":"https:\/\/velarogverkfaeri.is\/en\/","name":"V\u00e9lar & Verkf\u00e6ri","description":"Umbo\u00f0s- og heildverslun fr\u00e1 \u00e1rinu 1919","publisher":{"@id":"https:\/\/velarogverkfaeri.is\/en\/#organization"},"potentialAction":[{"@type":"SearchAction","target":{"@type":"EntryPoint","urlTemplate":"https:\/\/velarogverkfaeri.is\/en\/?s={search_term_string}"},"query-input":{"@type":"PropertyValueSpecification","valueRequired":true,"valueName":"search_term_string"}}],"inLanguage":"en-US"},{"@type":"Organization","@id":"https:\/\/velarogverkfaeri.is\/en\/#organization","name":"V\u00e9lar & Verkf\u00e6ri","url":"https:\/\/velarogverkfaeri.is\/en\/","logo":{"@type":"ImageObject","inLanguage":"en-US","@id":"https:\/\/velarogverkfaeri.is\/en\/#\/schema\/logo\/image\/","url":"https:\/\/velarogverkfaeri.is\/wp-content\/uploads\/2021\/10\/vv_logo_350x100.png","contentUrl":"https:\/\/velarogverkfaeri.is\/wp-content\/uploads\/2021\/10\/vv_logo_350x100.png","width":350,"height":100,"caption":"V\u00e9lar & Verkf\u00e6ri"},"image":{"@id":"https:\/\/velarogverkfaeri.is\/en\/#\/schema\/logo\/image\/"},"sameAs":["https:\/\/www.facebook.com\/VelarOgVerkfaeri"]}]}},"_links":{"self":[{"href":"https:\/\/velarogverkfaeri.is\/en\/wp-json\/wp\/v2\/product\/77634","targetHints":{"allow":["GET"]}}],"collection":[{"href":"https:\/\/velarogverkfaeri.is\/en\/wp-json\/wp\/v2\/product"}],"about":[{"href":"https:\/\/velarogverkfaeri.is\/en\/wp-json\/wp\/v2\/types\/product"}],"replies":[{"embeddable":true,"href":"https:\/\/velarogverkfaeri.is\/en\/wp-json\/wp\/v2\/comments?post=77634"}],"wp:featuredmedia":[{"embeddable":true,"href":"https:\/\/velarogverkfaeri.is\/en\/wp-json\/wp\/v2\/media\/80951"}],"wp:attachment":[{"href":"https:\/\/velarogverkfaeri.is\/en\/wp-json\/wp\/v2\/media?parent=77634"}],"wp:term":[{"taxonomy":"product_brand","embeddable":true,"href":"https:\/\/velarogverkfaeri.is\/en\/wp-json\/wp\/v2\/product_brand?post=77634"},{"taxonomy":"product_cat","embeddable":true,"href":"https:\/\/velarogverkfaeri.is\/en\/wp-json\/wp\/v2\/product_cat?post=77634"},{"taxonomy":"product_tag","embeddable":true,"href":"https:\/\/velarogverkfaeri.is\/en\/wp-json\/wp\/v2\/product_tag?post=77634"}],"curies":[{"name":"wp","href":"https:\/\/api.w.org\/{rel}","templated":true}]}}