{"id":77631,"date":"2025-11-09T14:26:17","date_gmt":"2025-11-09T14:26:17","guid":{"rendered":"https:\/\/velarogverkfaeri.is\/?post_type=product&#038;p=77631"},"modified":"2026-03-05T13:46:15","modified_gmt":"2026-03-05T13:46:15","slug":"usag-toppar-sett-235-1-2-xl-se12-u02354101","status":"publish","type":"product","link":"https:\/\/velarogverkfaeri.is\/en\/verkfaeralausnir\/handverkfaeri\/toppar-handverkfaeri\/product\/usag-toppar-sett-235-1-2-xl-se12-u02354101\/","title":{"rendered":"USAG Toppar Sett 235 1\/2 XL\/SE12 U02354101"},"content":{"rendered":"<p><img decoding=\"async\" src=\"data:image\/png;base64,iVBORw0KGgoAAAANSUhEUgAAAsQAAABQCAYAAAAePWP\/AAAAAXNSR0IArs4c6QAAAARnQU1BAACxjwv8YQUAAAAJcEhZcwAADsMAAA7DAcdvqGQAACs0SURBVHhe7Z3\/a1tXtujXtENvcYdwSEwwsgN6scK41JhMLYID80wKw0OC\/JDc+0vuu4I67f3RP\/ZH\/zAw\/gvS\/JyY1jxSJrTGPCLVc5kawU00rgx+wjQmV7lXOLJjjJI5pNO0dMrNW2t\/OWefo\/NFsqTYqdaHqtHRPmeftddae++1v5zjX7xAgGEYhmEYhmH6lNfUvwzDMAzDMAzTl3BAzDAMwzAMw\/Q1HBAzDMMwDMMwfQ0HxAzDMAzDMExfwwExwzAMwzAM09dwQMwwDMMwDMP0NRwQMwzDMAzDMH3N679H1PcuU4bF+RuwXCxCUXwq8Hz0HKSOqeSuo+63PQDTEwn1Wxh07uew2ySPzKPy1jTEZvHKE6SDOhSuX4NbK0G2UvqtPIfT51IQasadAly\/dgtWHLvjJ+4apLw4DzeWt2FgegIOVfVC\/gI8PZCvoo4Wd2Hi0JxH2w913lI9iAD1sPjvb8LEmbaVEEg9fx2ufbbW4zbgZ0wbfinqUqVD+x8iYfK\/6uViGOZo06MZYuqYC2BPzsDc3Jz8ZC0of1VW6T1gBz8W\/ndiSB4zB2AEMrMzkLZsKH9RQCu6lBcLULPSMDObwbOCoQ5r\/mYVUleVzdVnZrQKC+gPZn5eKIWMNwivtPXWt6Cmvh4G9fwSlK2M1HsurX49GPVKFWz1vXtYMDisvjIMwzDMEaI3AfHOJlRtC1ITRug0meu4k45kOA252TmYzYaFa0xrUFCcgaRdhqW8CmHXF6FQS4rfQ7UrzrEgfXUWMr6gZyQ7C3NR12JKOhd3ztGnvt\/9ELId9p7YXRsQUl7dRPjAXA562AIwDMMwzIEJ\/NPN+\/v7kM\/n4dGjR3Dq1CnIZrNw8uRJldoKtLxegFoyExgE0\/LpwpMpmDlRgoV11fH6zqXZxoKebvPNTIrr9XWggzCalV6Axvk5yE3S7\/K47Jxm5kHylWCwKXiTcsNkGuz1spoh8wV5tHR5U6eh2Fm6n7oXdvfee7g6CJZZHnnKqnHkVfmonz3lELI0YCoLUMjrMzBwdQKPg+hAgQHufN5GOaegcRN1Isqp0gIQZYBge3toklnqYrwifUJer2WT95YlCw62pZyu8qQ95Hevzr1phFfvSm9CPprl1vdS+le6A0+erq6bbKjsLn63Tb1LOqkD+toMalykW2MwBluw5RYVrMkZOTgM9Fd1gDTr4AI0TJ9BnLwMmspLkIyXAZYC7JvZQzvdG1RlaMO+SJQdSY7SiQykHhYcmYPkja8r\/vvoNGl\/0\/\/leZZxraxn1VH\/fZXvqCPTvvFye+uulUwC1GzDLw08dSAJyWQN76nvFd4GNPlRgP09\/hJR1\/x+ptHnhPmyIFJ+F5EHajyNg\/VgnXn1rdPkvU1b+9rrNtoQiZuXp1weH1Y+nk1BNR\/Ul0S1zQzDHAoUEPtZWFh48Yc\/\/MH50HG7PLrzsZHHxy\/ydZWA6LSP7zxSv3z94lM8\/rSsjj7Faz7Ov9Cp4vxPv3a\/\/+FTvELz6EX+Dh3hvx+7edB5bv4yT+\/9vDJJpBzmvT2y1PMvPjbk9OYj76\/v4bkfXWfk+aL8qZun+Z3wHEt5\/OXwy6N1o2UwddW+DlzEvTz5h+EteyRNMktMG+tym3YW6aaeBPI81x74S9ktu8dPfLbz6FHwNfoRHonztF68+m\/K02c7bxkIZQ+Pv0pkXn57tFMHvOUmvPZFfGWW93BtHqoD+ubPyyTKZ0PsG+TX8fbVZY2xo+nHdJ8gv26Sq7muhNnW1L1znalXkXezjUk2V\/fyulbl9ttGyhdeLq+NveUy7WjaVebpXus\/ljLpclG+fjvoY2\/Z\/MeBZdH6jJHfJFpn8jq3rAEymLZ28o8ol9+uvmN\/uYLkMdPN84UM5rX1r1987bctwzAvlcAtEzQzbOI\/bgW5RDoHM5MWHtlQvjkP1\/USPIEj4kvOyD4NYzQBcp\/2GJdhi5beL7uj5ZHsFCRrW5hSh82HNo78L6iRPjECmax3JoGg+5uzNUMnLLCf7KmjaJLn3Xun30bB7AbQlWJfZTLjzoqgFBfwe7VC5UI5LqMc60tQyC+KWUGnfMMZmDVH\/0ODYOk8o5bZaU+qR094x\/fSeG0VNmnPtAB1hb9JRmB8FPWNeQuJOtABzWA0tGgqPwnNbMzD\/Lz6LEbsC6dZI32eZw+xKXM4yaw7ezcykfKV28Xed3NOT9IV0k\/M68kGUx4f89qZbJkxdCXLKffBSx0G5Cn8MFgmCW0\/oX3UxjUmB6oDCryWfC+KaH9tRQfBxG8N6ZZ94+yoSE65s6aTY5DE9qYR6OZhdSXatiMn8Tyte9oORnrCdk37ndTzmHutIp0zZlDxfoN0O8NXw+UOsD\/pR303CbIx+ZEmtg0w\/EiUE6UY03lRO0UyCZukIWf68bCZtue2FU1E+3Kc\/E2E6ayprcS6dz7p+Ek6l8F7FmAxX4Almt13Zp8jyrXXwG9hNJdL+Ixlq\/olCetLBOb34TSkdbkYhjkUAgNi2iZh4j9uBzMwth9uYtcTDDXUonPaoUZIBtBO0CWWwaiRkg2vddJt4KOg5S6dR\/OyV\/uIfZXYqLpyyXydDgY760vYsJfXa75AAzGDQ2NpkfQjHjrTabRNQTWygYGHbrCNPi2Kg+pAPKCF3cTM3Az+39hPTB2NCPLUR3QsqrP3B9s0EKBzslE9XIsElps6sxlIPVxQZVwUnWxYB+31MQsGQ7fbkv\/RcmYSppwOVuZZyys7iQ+d07ot4mitDqiTWyDSX2N1EE6Uzx6YQPvG2FEdd06MbUXgVYOtdRnAweg4pDFABdGeqWD6bX84LKEldZ1n0xaTMIRtWqOVvd7dawdpG4Auj7EVRNRD2k6k01B3lgpyY3y5W3vVRVtpl12fpA9tg3D8BGXEdqi2ji2EZ0KFCCkXPfdCW2x0Grbblh40BdoopB0MQPSLRt6eySKGYQ6FwICY9gzrIFjvIe4UOfsQjmgYrUEYER0jjrx9byqYm6O9V0PNsywhUEck9qSq6+VMdWeIjpj2AXrkwo+ebcCgdwk7zfQkNrx5HZwhtEeN9i\/q86+msYQKuuZhCgNPnZ+7RzBQZ20EMgfWgS6HCHLkTItNM98RwZiY\/aiVIs\/piNByuwH6zKQtZnXrIP3Ej9fHogJZ6X+ZZE3lR8g8aX+h1qf+uLNbndFaHVAnt0Ckv8bqIIIInz0wgfaNsaM67pw428pZS3u\/jMEvyIeFh8chRTPI6\/QAsTGr6iBXUkon3DftZLowLmyXrrWDYkBP+761bjI4SHCht9DQPmt9H6dN7JIvxyHaSosG8L77OCtzGPRigJykFSSzLYssF10DkDHyc+q6KJcfuarW8oOtFHCre1rrC7CIbS7DMIdHYEBMD9C9\/\/77orLSv+09UIdQAOhZIsfO4V4NrNFxtxPDkbvTF2OjVKLlWzHLQp2P3fSKtvoO5SaXOe31VTfYxGsXm0bXsmFyZ23kLE6niGVLf9CHcsm7Yxm\/oBkEbOizORlMqe0EYvbCWFIVy4Tqu+xYfTMb89flPWhmynzbA0J6sa0UjMd2JgfVgSwHTF5yOyxsuDNkE9+r2Dzoc24q2Q3il9iDMQc+weWuQ3ndJ5EIlKSfeAYlTT6G8fs9ozzos\/4OKZ2Ts+MLwo4qT\/MaRPplOGKG0FMXDA5UB1on2l9b00EgUT7bBvH2jbNjt4i3LQ347PUCyqFlpGsAqveCt0tg2I71z3zTjtyi0hKkX3r1oWF\/oR\/13aRpIKr0I+liO0jbB0z7+F4xSHJ4Z9jxI+pNtC9Hy98Gqq1c9fgv+rrKlwJ22v6Uy6pVPN2WRZaLZMd23CwTfmQdUeUy20Tql\/xvVwpjvez6tOBgqzUMw3SPnvxhjvLjHyH1tyLcXtZ\/nGEDnr\/jPg38rLoGG9\/\/AI2VFfkHHDZ2Ych4sjcxMQ0DlRtww7m+CLXaL+G1cykYO3MOBraXoaDTNp6DlbDg+Jlfwf4a3ucU\/VGNY5B6fRuW88vq+hok3hmC3e8H1Uvdd6FSrMPAb\/wvuaffqwBnjD\/M8bgC9FOK\/mDEsRScG30KhZvGH56o1cB+8gwqn\/1f+GYoA7MZeWFiYgC2lwviD4Vc\/KcR+V1dU0uMw9Dj5zCIee4uXoPt38zB7JVpmJ6Wn4HtFcyXXkCfhonpAXjw2W3nWtq\/6DyN\/G0V1jaewnGjHEK3fz0OZ8+9C++2rQOa1VrAhjoNV\/7lXc8f0hDlWSnCasQf2SC7Tfv1g5+Nx0OQ+egfYYxOCpCZkD4xYshWhR++r8EK+khTuTU7D+DPf0Ld0B+i0PfBcyiHY+gnp79DH\/xMXt\/sY6fh+doduKOuLVYtsM78CBO\/em7Ih350Ds8r3oZbK9sw9OG\/wm+fFGBB54mfWs2Gp8MToizHBp5CZbUoyy709CbU0Pd37TdgyPcHRzqpA79ybOy1w26lCPWBs3BO\/zGNUH9NiD+4EaqDRAISf9\/Ga1bl774\/8lGO8tn\/YepPXUBQPaoPKJlbtC8SZ0cqcxWDVFe+gDpMRNaVFIzQfSJsC4kfYZvyfed\/we+Ufsnea6X\/hKHzVwL+kE8Cjn+3Bnfu6Px+ghTK\/BRrAdknWm7yO9V+KFl+Op8BqxrQZiUmUD\/GfWoJuPDOc6iKujQW2Q6a5RdZmm0dHZs6+\/Vxr6\/8lEKLPQV4G9O+LcD1Pw3AlY8+gIvKH6ZHn2NdqIg\/JDL923BfTkTK71VqtM7Qp7GtrNww\/xhUDWqvP4OnX\/4fKP7gtmnHziRkWdawjl46B78MKdeb\/34d\/m3gCnz04UXHz09\/V8E28KloA8eojj645fZzKIr7FokAPzT0u\/v\/PocS+pqsl\/jj5BX43++ahmUY5mUT+Nq1XiNeZUNLrgEdYH8hA1Dv65rkbw3n9XH9CO3pi3\/V26vMq1sHuuGzP3\/79hXitWW0tcB4OI1+c16z92pCqzv+V0nSb7QNxnxQkWGYnwccEB86MjgwVwk97\/fsSzggPtp06rMcEP\/cEP5sPrBH+3lf+fZdrZiZxfK895hhmJ8ThxIQMwzDMAzDMMxRoTd\/uplhGIZhGIZhXhE4IGYYhmEYhmH6Gg6IGYZhGIZhmL6GA2KGYRiGYRimr+GAmGEYhmEYhulrOCBmGIZhGIZh+hoOiBmGYRiGYZi+hgNihmEYhmEYpq\/hgJhhGIZhGIbpazggZhiGYRiGYfoaDogZhmEYhmGYvuYXLxD1vSeUF+ehUFMHAgvSV2chM6wOmbYQ+oQMzOXS6pdXi57Jv1OAxco45LIj6oeXT1jZOitzHQrXF6Bxfg5yk+qX\/CJsTuQOrw51quv1RZjPu42CNTkDs2ZevvRk1i271kfZpu9JyMzlwNWqSrPa1DWW5\/rNKqR62S5Rme4NwsxsBjr2UCFvGcCvty6i222v7l0C0w27BdvUPvpt\/xFoR5hmotrQ8uIiQM5sB3pAT\/yiDIvzBQBVh2SdMts0TBdF0yWT59eSPeg\/fdTz12HhyVTIfcw2GLHSvnbNl94U86lyqCNBUx5EwHkCnZ9MtwPbQUorwWCb7U3vZoip0Z5XTjw3536yFpRvLqK4DNM96pUqOPXvZ00dNh8ebkk70rUTGOk2IQPW+gIsrqt0ajd86ZCfd9Lr+SWojs6ItJlJGwqLbktSXlyQaT3uLI4K1skeBW1oo0KNOp3gYDg4HTugPGBnrm26BIUdlSRsSmlHPBhG+qcd+blQhq3miKnr9N4v6vix8L9BGJI\/YD3b8gaDVJ\/olBPOGYeADHZ1G0yfjFWGhesFUQKdLiYlVPoMBftmzLfTAJsCYJUuPhETBTTods4TH287YpttTYf0KCBGpXxRBjtoJDOZwwL1eDTH9B17T\/qlG9uDxiEXtRNd1\/fx2uSU0aClYSyJjdq+bE7LX9HM5yVP+oVJC2r3ZINL99aB4MhECiy7IRtiCtLsNFzqh5m94QzMYscQGKx2ighea9gJhQSvYemik9OdOdnUhsYefZd9gZV9Ndr8\/mlHfiaQ36mvvaT3fjEC6dysJzAUbaXJcBpys3M9WxVqiZ1NqNpJmDJkSL+XFu2wqO4qPWPEfaKdRis1dNC6J9uK7pTCgiT2H92aZA3cMrG\/vw\/5fB4ePXoEp06dgmw2CydPnlSpLUCNZktLkL6pdXPaXOTRQMUDFJzlU\/8SKeGOWBxH8dxfTZ1nU1DNY5AuTjCn8ONk0Ndgkpqap6WN0okMpB4W5HVO4O+d4tfni+WHhyljSSBgql\/MnNEsiq984ne3\/MlkDfPX92tPfzTSurCPsqyrCzwDFq\/snjSfHjR6uVSUT+fpt1Gk\/C5NOkWcZVePPWWaq9Nx2DR1gJh2crfrBPmOX3bTL+L8BmmjbLRSksH\/a3m8S8o+3XuWj6SNxZaJIb8dtDwRfqDQMvjtbS7XlU7MwNSThRAZCd99EPecqDIYNNnSlMMrk4NxzXjlOizBJXFPZ1nvvQamo6+3PND2lsOiFrVme\/zL4zuqLCB8xfL5UbMe\/dcJHZCv+LZMeM4N8r2rU9C4qXUalC6Ppe1C6g7i9XFNeFsavuUkKp1k2oIxkacr3+BX0q+8fmTQdjsVpbcAXehrfW2YZ6uH4IC+3SS\/K49HzmQa0nZZbX2S9wrvs+gH7z2b66LGJ1tUu22k6brjtknkDxegYejA1ZG2Z5g\/+n3MSIvQj\/eaA\/QbnnMINw+\/zzfbW+HLo3W\/2JM6MfoHea3vfF876PUJLFcND9Q9tU2ojF4fR4TthkTe5va59myMmP4R4TumLLEIHQbELgp\/Xq3nLeVr6g8ctF9eAvjC3y7pNNdHW+H13yPqu8Pt27dFMEw8e\/ZMBMhnz54Vxy3xHyVYqb4JExcnIKF+CqKe\/wTuHr8CH314Eaanp2HgwS34t53TcO7MMYBvq7C28Q1s\/oSKm72C6afheWUVig8GYHrCzPUZVNc24Onxs\/I6Qlz7FI7\/5hykju1CpbgJ3zQScOWjD+Ai3Wd7BYobz+H0uRQ8Qxnu\/HUcZlTa9LAND75NQOJb6WgWGmP2Cv6OaYnqXXhwJgWYIWzeb0Dinz+CDy5impBHGo+CXFme0\/D0ywUovT4Nv51+DbZXKvC3UZIHT13\/MyxXbfjh+18KGein8p+XoTF6CS7pMhDk7H\/8BoYcGX6EynIVR1cpcc+29Df6HIp\/vAWlf7ig9DkA28sFqLw1DSR+efGGqGjyPqjr4m0h+0QCK\/gnd+C\/3zPSKhvwBh47lVgECbNwhfT3VgVufL4ryxUjv8muX6dvbcNKcQOek87AtKc8\/1l1DTb+ehzOnnsX3j1HNi2i\/qTuRfmxkt4oG3LhvXfX0a7mbVG+T+4ed\/xi+q0HcOtPSnaI9pt2y1atVeEnrV+0xdqdO\/BA6N7vN9KOt4vqPsq\/n5\/Cc3+dgnNkt2IDO07Sk9QH+UGgDxuuJGRATbqyUfmqAGek\/aX+N3wy3oWn2mcFxyAVpOsm3\/eXweAYleE1KF27AcvFIhRVWf7x15RIMjVg8H+a90SM+vzuuwlRr26tFGHjeyzzv56Gu8I\/seHzqj2U8uI1KP6AHZXSV2KnCKXHAAnlX6Izst30008KsPCX1+DiP42g7jGoUXWGqOc\/h1WsU7N487DrhM4fV6BYH0B\/lfrwnyt8749F6e+6zdr4CYN86b+nv1uDO3efGr5ZhwElb2TdwXbskzv\/DRd0PUC7VjbewOPmzkv40X\/9AGBX0S5kmyJse8oalZ6ACar7N5bx9yq2m2jTv2EdrKbgyr+86\/UBk7bbqSi9BeiCLlJBg9uWD0Dlxuew2w3fbuqnZJ7ULt6+P+S2P38vwa1NGyxR3+L6rPC+RNtC0izb9N8rUHiREnb3llm26bdU\/ynaz\/ubTn0\/\/V0Rbn9WEu26OB99aDlfgYFp6sNj\/DGqHY3QT8f9RmLC8GfKR8YbTXkrn5LtrbxUgvq7QQNp87wSvKbykYT5hdKJ0T9Q3lF9crNPVEQcIH1C9Wnfj4gyJiZIxxXY0PVACG70BXTY5NfRNha6Wi06egjv872yRIPxweersDs0BVd851J5r322otrpaacNePCXFdEf6jakWAnoJwSkY7ePaka3g7+DzO9kO1H8TsU\/vjayVQK3TOhgWOM\/7hYj2VnPqHfohAX2EzHxrsDR5Hu62R6B8VELG2O1RNomyfPuKC39Nq3Rqil+wvw+jCN5Gr3SniEc3V0wRiYj2YzbiXiWfRHa74Pnu0u2I5A5n4TafZrIH4JBy4ZqRS0L36clxwwknfvSPigLUhPeGQAhA47a3NGRXF7WtKW\/4UE8QrHf1iUgmbDoaqk6nZMBrmTESItaopf7WZPmcujkBfxehc2dePmbMHU6OYbjfb3selCMZRq8d9qwpYCWno3ROwyhjkxfQML8pv2yGefifafwXOEbTX6DOYklKKnDlgnw4bbxyDgOKcNnI2mnDDSbIGYS9X4wmnWah+v5Vms11qtZdS3abk\/tG84B5TsvPtF5ybqWvuzaVS7paQLSs1OQrG1hinf7huP\/ok5FXeen+VxRb3z6NuuV3B4S4RNhdWev1SXlMqzSjBr6gLNXL4vtF3Zqcn9eXDoitsPJNLGaQbNGYgVH2mV+PmxZs9V2qjW9+dvmoLpK7Xr3fNuQXxDULpJNWiSyLzGg8zBXc\/kaJjOi7M1llnmA6Y94D92\/jZwUWocxfT61hZ72E1PD\/DG2HW1FPx30Gx4C8jbbWw9pyJkDQ+F73jLHYfYPRHif3KFPBNCujWWbrusSlj60z28dem6D2sWZgNle0gW1BTOjVVgw6j7d12lD8OPdg9xMLa\/bD\/lxnjfxgLbE9sg2n0c5AIEBMW2TMPEfxxJQmcKgUYQuaPOyXu8RRqPlHCWD7kzFnqE29rmI\/T42GlblIz60FIMNQx1zoWDefriJ36lRp4aHKnkNtsh4ogFMwbgviGll31I39UezLzovd7mGGg35YJNMk0sTsiLJYNnrsLRcJDvjQ92PR53z1RRUMdgSchkPX3mgUbaW3Vx6iqFbZWvaJ0bohtntUSIJ8+HOUA2kZ4AVTOtlqEPhXg0s0flpVEMm6gbRerkpuJb7hvdg0XkQbwZSDyMesojbcyjSbShrvxEfWlaU7ZknEFhfRV9XQUTMdR4CZYjRd5s+4UD1wPAN8vHA\/bxCpqRn758n2IxL94B2VvuGh\/JL7gM2JEdYPWyFg+gNEXW1VjDsItvK7vq2SWf7\/KP7EhdxnvkQlkFg+9RGvxyLXwdttaO97DeCdU+BqV9\/Eppl1zIY2wc6ILhP7swnguiGjYP7\/NYQqzX0VgxzMBSAmBhAzYpYJ4DQyRMFbUUxA2g3iPeBbd0MTVjkD76fODAgpj3DOgjWe4jbQs0uiQdkIiCFir0kqqBUmEPBmdlwn3gPr0DBiBE2jsY8T07SRzmL7Ehx1EzBb3JMdEg040ijVpoxtkbHI50qiO7pj\/Y9yb1+Oq+MMXQtL8p9PDrN3acjZ2\/8DkufUKd9maiHjyhISts0Y+WzJs1Wir2nSu6rWDFVUm+pi8aRnhaWMzM+RMdvwWA7DxMH+HBnuDLG0ZUyUN3AWmE+YKcRMyH+ASN1wGIGEusX3ctJpwApKliJQXT0lgquzY\/aiyZmm2QQKOqtDu7jrjMR5\/qJ0fdBfEKAHb7Y3+fKFFg342aSW55ppvZCzdrjfajTdmZ71cxhq21qEwfRGyLacnNmW38CZrX8dK1+tkFcX6IR54l604wosx9hQ5Tb748HwdRB2+1oL\/sNmbcfETz6J7hEEE\/7TPX9Mx3N2BIvM6bpzMbRfX4cTjDs23olBgMRs729hiaHMskalq3UcntlEhgQ0wN077\/\/vlAS\/dvWA3WCEchcxkpBo3LfjICrMNmQuUtjckmhfZpnCEQHqr7Hso4BqfoqkZVcBrC0TKh+JgfCwDDU0LT84TmfwFLqUY8YJKChcKTvlJmuqZWgZDdvlyDEEj2mm68vKjmjuG7pj6DRqykDzWKrr4gI3H3LFtKucubbXUKW1HfkUbT8beCfjWilrDtoV9+I0\/+aKjHDogYn4rgNv2m7bGYgIGYWlb6V3ywZwToNJJsCwChCfNikaYAnllt9hMkYR8tlUCsllLf6hXxtEeuEDizF0qrnNTpyqd67NOnOQArbkX84gQHVC6Oj9i\/TBwzWhazqO0qAQXnzYF77NEG2tx8uob1N\/cRf56LO\/cKoNwH6NgcGwfpsBbkS5cwQq0\/TgEnM9tagZA4a1Qy4WJKPS9c4s\/byN\/I7pxzUWXf0dHlrevMj2nKzrhJoF6Mk4RyofpKc2DwY7WI9XzLqW0yfFdeXaOg8zNW0Cb2TlzxQlrlg2BnrzD2UwGjv2iXMH9tvR3vZb6i8zVlCdb3bVyqEPxp2DGoT2yKqT47zifbpzMbRfX4UYcEwIWaDffVFlNPZuuGPo2Rbbvu3oHZAOkfbUWm9rn1+qf7tPmJ2blw8FUlLEQ408r08jl\/kfpd5CrTyIgHSk+gxT+h7e5ACtvAe+j7WZBobiqr4Hkd5HwNSvE5LSE+Q5oRhUP5sw5AP05JpGPQ3Sg60tQDk8os6n8pkTU7B7DC5jayo5XXL3aclKgneGzuQwMaVlgDoaeub87Jyo+4yOOIsCB11T38kx4XJknsf1F4a7yMcChuT6\/R0PDq\/0+XQbzepwUJ5cEQ2g4McWt7TWFYSUpdzKGuU\/O1Ay+pbzWV9KBIF1IgW8uhr1DgkMzDz9hZ2FK5dxQyRb\/ZBVN4mv2mI77G0WTbLasAS6khXUpodkQ2A9hslO0F1JHQZSvmMui\/lMxbqwy4j2UuQxrq4MC8tLJ56xwDHW9qqISPNdgY\/oevXNc20tVoGGsHPgPQXj210UEXtRpZmnLQvyjK6M0fug0SzRj0S\/qHyFE+Bo9z1iiyJWD50yoH1BuVqGHYX+\/mxA9bQHje8iafdsrA8U7MjeCeEgsN7C1BGuU39xF5noM917BGkbwy65+eVx0T6RDg0ASFmgXLulfTbAnXMk2Z+pJcZ1V6rn7A2uJ1eXLrKVzzM5OZLfpdyrqHz\/Zpoj5b05od86iq1WWgb9RMaBpKjl5r+0EInvm2Szs2INzZoOWXbomWm9Kg+S99Tt3eE2Zdo8Lyr9IYVQ7Yk6pi+o21nr4Iss85DlefAhPnjAdpR0Q50o98QA9wFMeAraF8IaGO8bYhC1WNvm6hbaC\/NfiF\/9xLdJzf7RAbvVwjVlAh4byq9Cn1T3GQg\/PqgNo7o8yOgOi63VshBttvSaR3H1Jf1TSwv7Sk27I7ttdP+ByAm45x6QMTVeV0vWosBTXr+l+qYVxyaZUNn9IwG6TcKkg\/QQTNHEzHq97\/W6JWHZiM2YRyDj1fLT2XQH\/66odYJsiv9FvkqNKYHdM+mL59XWXaGaZ0e\/WEO5mcDjdbpL4LhiM5ZcuVgmHkFqOdXAd7rbz+lWSnaP+\/UXfxwMMwwDNMMzxAzDMMwDMMwfQ3PEDMMwzAMwzB9DQfEDMMwDMMwTF\/DATHDMAzDMAzT13BAzDAMwzAMw\/Q1HBAzDMMwDMMwfQ0HxAzDMAzDMExfwwExwzAMwzAM09dwQMwwDMMwDMP0NRwQMwzDMAzDMH0NB8QMwzAMwzBMX8MBMcMwDMMwDNPXvP57RH3vCeXFebixXIRiUX8q8Hz0HKSOAdTz1+Hal0\/h9LkU4OGRRZZhGwamJyChfnOpQ+H6Nbi19vyllcOjt50CXL92C9a+Ow3nzhyOFuv5Rbg7MCFs2jHrizD\/+W5HuhT6+WzN8TO0ICwu7sLEhGs9YdPKAEwbv\/UCIctfXpP3adFW3a0XWPb5G1B5axqCiip1tSLqZqUdHzqUsjAMwzBMb+jdDDF1mPPzUIAMzM3NuZ+sBeWbi9hNvzqkcxlIQg221tUPJjubULUtSF\/OwIj66TCwTh7W3euw+dBW348SFgwOq6\/rW2i9o8Ph2coLBasL6xZkVN2czbYv11EpC8MwDMN0Qo8C4joUviiDncRgOJdWvykmc9j55sD36xEnDWNJgNq9ApbMS\/krLKeVgnEdfL1shjMwi8FMblIdv3T2oHHE4uGR7KzHx+r7R0TAQ7eVl70nNliTFw5WF49YWRiGYRimE37xAlHfHfb39yGfz8OjR4\/g1KlTkM1m4eTJkyq1BWh2+GYVUldnIRMRKIoZqocpSFtlKOspPCOIpmXt0okMpB4WoEwxjZNGy8AFd9bPSsPMrJqhFfduwFQWoJCXZySzc3Bhn2bDVGDkC9TpPgWdmZmXSWCZpByA+YvAgJb71T0Juq8OGJrKgliTM+6sXMS18t4YeIsDC5IUnNspJSfJUIJBJZcoC83KO+XzytgkhyjvIKw6+rQgHWQ3jwxK9olNz2+ea33ne8rjs1+THu4N+mzg0zPizm7qwJe2rixAdRTzOrnq5LFn2pZQtpd6SkPaRt9TQnrk0Gh\/ujoIJac8SeO+WhZXC2ZZRdqTKcNvXVuF2TyuXhBRPutJQ2dJ1vDAo3+pK11uD05eStZsCqp51\/dc3\/CVJcg\/UJetlIVhGIZhDpvAPcS3b98WwTDx7NkzESCfPXtWHLfEf5RgpfomTFwM2nPr8qy6Bhv\/9Z\/wxvk5mL0yDdOjz6GyWoQHar\/jbqUIm\/cbkPjnj+CDi5guNkHK4MjGDvejDy\/C9PQ0DDy4BbeLag\/vt1VY2\/gGNn\/CIGT2isiz+MdbUPqHC\/J4egC2lwvOnkoRPNgYBHz0AVzEvE4\/KcCC3vNpcuxNeFopQXnP3Xdaz38Oq4+HYOoKlRPluoGB09wsXMF85H1L8Jrad9xUlre2YaW4AXKfa9S1mHatCD845U3AbrEEu5hyVuzL3IVKsQ4Dv5H7Zek+GLYb8lN6FeBMsE6F7pYbGOjL49PfrcGdu\/49nxhAfXIHnr7j6jzx7AE8+\/U0\/I70WdTXqz27KjiyMAgTdsVzKjc+h11dVo\/9TsPTLxeg9Lra4\/q4AsX6gCqbJgHHv6vA6ra2Sx3ufok6+MGGn\/Te2J27UCi9AVMf\/hYSRh5jE1SmCmxo+yu9CD3VnofYQ5wi0f5US8AV5SMD28tQUPuP3cDctN0tx4eFj38\/ou5r2opsbupoGn58XIZEIhFbL6J8luS5fX\/IlefvFViu2mAp+0uOQeoclaMIDRxAaJsKPf31uOFXm\/BNwyz3ChQ39F55sywh\/oFlgZiyMAzDMMxRIHDLhA6GNf7jrmKl4YKeuRoeh5QFYO8bGxOSU97ZStoPitdcMmby0u+lwbKrsLmjfqCZLPxNMDyIR5jN23pGaggGnXuUYavm3f87kp2CZG0LU\/yMQOY8Tc3qNLl31l1yTkPO3Aoi7mtDw5EJMcsyOQZJSt+jg4hrm8o7AuOjVKIOMOQYOoF5GVs+Rk6SchogxPJhP3F\/HZlMOzrzU69UxXYZd0ZS2rhaQZ0HlIf0WrsfvatcyKV1T\/u2Mc\/MJGpJ+Yq855irw1YItYcfr4+k39Z+IH0gmTVtl4EpSo4pj8b09TTq1CG0XkT5bIA8olwHJ3neV+4Q3yBC\/SOujjMMwzDMIRMYENM2CRP\/cSxDAcFglwjcD6oDyLCeOoydBl5lQ\/nmPMzP6w8t5YfILoKLGpTy2Jmrh+lSE063j9Dsp5lPOwRfezT2v2LQOjsHGSgo+a5DIcK2tDcVavpc+aEtBRQwifLYZVgw0sS2AQy0IkMkpXt6sJGCXxgdh\/RECuDhJl6nAkFn0NNjHP8O3j8tBhlx5cGQNTc3A6mHC0oPLT5oGumzh7Wfuz3\/YBiGYZijRmBATHuGdRCs9xC3hZgFwk77q9ZmydpBzBT6EUGCBYND6rhVRCBN+yKNt2CIT8AeWgHNdGEohEFYgR6mM2cYaZuA2FOp86A3U7RIJ9e+RNI5JV\/Mm0JEQEj7RB19qk8uLe1npWHGn+bZMxyEfLDR3i9j8AtyIEJ+BlXYXKfBSRLGnBnpHrOn\/G1Yrjb4EQMCazCmPIQMJKn8M5M2FK43P7TZRNs++\/Jo1T8YhmEY5qgRGBDTA3Tvv\/++6Nzo37YeqBNgR385DRbNEi56u0Xa4zjfSscfBs0U2mVYollaxcHf9EBBVnPgXt8Jl25kIgUWPYhVw5jPnJGkIMmUoZ1XfUVcq++36rzyjb6HTwM2zU62I0cE5XVfeIMBX9j4Q8hcK3lnCVGnQiZlP7c8BKa1MKNIS\/b2egE1oHVF20cAqvcOsF2iLczVhzoU7pHx6X5y+0otbwR\/OLgp+X0jkDrq1OdnLQXRUT7b\/DaUer7UFfvH0Y5\/MAzDMMxRo0evXUPEa5lmIG37ls4fpmDm8rg66SDQUnMGrHW91KweMIqdYQyGZrXcpV75WfpiM3x2S+0R9eyLJMReYmMrwP1BSAfMHgYSdS3pMZvEoEulzW\/BGB6HMZK9dHA5QilD415J3R8\/edvYw6oCNLWEv0iBLsl8NQVVc1n\/iyVYFYMYaT9wykOfJViqhGrcRe2HtUbHHVtT8A129HYJGaArGx9oMGaBfU\/LugBly31LAr3iTczu6rKohwnd\/dMh7OzB1j3Xh8WDeS2+eSHKZ9M5rHOG\/Zdgqgv2jyPKPxiGYRjm6BP42jWGYRTijRnxrxBkGIZhGObVpXczxAzDMAzDMAzzCsAzxAzDMAzDMExfwzPEDMMwDMMwTF\/DATHDMAzDMAzT13BAzDAMwzAMw\/Q1HBAzDMMwDMMwfQ0HxAzDMAzDMExfwwExwzAMwzAM09dwQMwwDMMwDMP0NRwQMwzDMAzDMH0NB8QMwzAMwzBMX8MBMcMwDMMwDNPXcEDMMAzDMAzD9DEA\/x+UVrBc5J5fKAAAAABJRU5ErkJggg==\" alt=\"\"><\/p>","protected":false},"excerpt":{"rendered":"<p>Tegund:&nbsp;U02354101<\/p>","protected":false},"featured_media":80965,"comment_status":"closed","ping_status":"closed","template":"","meta":[],"product_brand":[],"product_cat":[588,787,515],"product_tag":[],"class_list":{"0":"post-77631","1":"product","2":"type-product","3":"status-publish","4":"has-post-thumbnail","6":"product_cat-handverkfaeri","7":"product_cat-toppar-handverkfaeri","8":"product_cat-verkfaeralausnir","10":"first","11":"instock","12":"taxable","13":"shipping-taxable","14":"purchasable","15":"product-type-simple"},"yoast_head":"<!-- This site is optimized with the Yoast SEO plugin v27.3 - https:\/\/yoast.com\/product\/yoast-seo-wordpress\/ -->\n<title>USAG Toppar Sett 235 1\/2 XL\/SE12 U02354101 - V\u00e9lar &amp; Verkf\u00e6ri<\/title>\n<meta name=\"robots\" content=\"index, follow, max-snippet:-1, max-image-preview:large, max-video-preview:-1\" \/>\n<link rel=\"canonical\" href=\"https:\/\/velarogverkfaeri.is\/en\/verkfaeralausnir\/handverkfaeri\/toppar-handverkfaeri\/product\/usag-toppar-sett-235-1-2-xl-se12-u02354101\/\" \/>\n<meta property=\"og:locale\" content=\"en_US\" \/>\n<meta property=\"og:type\" content=\"article\" \/>\n<meta property=\"og:title\" content=\"USAG Toppar Sett 235 1\/2 XL\/SE12 U02354101 - V\u00e9lar &amp; Verkf\u00e6ri\" \/>\n<meta property=\"og:description\" content=\"Tegund:&nbsp;U02354101\" \/>\n<meta property=\"og:url\" content=\"https:\/\/velarogverkfaeri.is\/en\/verkfaeralausnir\/handverkfaeri\/toppar-handverkfaeri\/product\/usag-toppar-sett-235-1-2-xl-se12-u02354101\/\" \/>\n<meta property=\"og:site_name\" content=\"V\u00e9lar &amp; Verkf\u00e6ri\" \/>\n<meta property=\"article:publisher\" content=\"https:\/\/www.facebook.com\/VelarOgVerkfaeri\" \/>\n<meta property=\"article:modified_time\" content=\"2026-03-05T13:46:15+00:00\" \/>\n<meta name=\"twitter:card\" content=\"summary_large_image\" \/>\n<script type=\"application\/ld+json\" class=\"yoast-schema-graph\">{\"@context\":\"https:\\\/\\\/schema.org\",\"@graph\":[{\"@type\":\"WebPage\",\"@id\":\"https:\\\/\\\/velarogverkfaeri.is\\\/verkfaeralausnir\\\/handverkfaeri\\\/toppar-handverkfaeri\\\/product\\\/usag-toppar-sett-235-1-2-xl-se12-u02354101\\\/\",\"url\":\"https:\\\/\\\/velarogverkfaeri.is\\\/verkfaeralausnir\\\/handverkfaeri\\\/toppar-handverkfaeri\\\/product\\\/usag-toppar-sett-235-1-2-xl-se12-u02354101\\\/\",\"name\":\"USAG Toppar Sett 235 1\\\/2 XL\\\/SE12 U02354101 - V\u00e9lar &amp; Verkf\u00e6ri\",\"isPartOf\":{\"@id\":\"https:\\\/\\\/velarogverkfaeri.is\\\/en\\\/#website\"},\"primaryImageOfPage\":{\"@id\":\"https:\\\/\\\/velarogverkfaeri.is\\\/verkfaeralausnir\\\/handverkfaeri\\\/toppar-handverkfaeri\\\/product\\\/usag-toppar-sett-235-1-2-xl-se12-u02354101\\\/#primaryimage\"},\"image\":{\"@id\":\"https:\\\/\\\/velarogverkfaeri.is\\\/verkfaeralausnir\\\/handverkfaeri\\\/toppar-handverkfaeri\\\/product\\\/usag-toppar-sett-235-1-2-xl-se12-u02354101\\\/#primaryimage\"},\"thumbnailUrl\":\"https:\\\/\\\/velarogverkfaeri.is\\\/wp-content\\\/uploads\\\/2026\\\/03\\\/b98bd3dc-35aa-466c-9eeb-64c6ea537d4f.png\",\"datePublished\":\"2025-11-09T14:26:17+00:00\",\"dateModified\":\"2026-03-05T13:46:15+00:00\",\"breadcrumb\":{\"@id\":\"https:\\\/\\\/velarogverkfaeri.is\\\/verkfaeralausnir\\\/handverkfaeri\\\/toppar-handverkfaeri\\\/product\\\/usag-toppar-sett-235-1-2-xl-se12-u02354101\\\/#breadcrumb\"},\"inLanguage\":\"en-US\",\"potentialAction\":[{\"@type\":\"ReadAction\",\"target\":[\"https:\\\/\\\/velarogverkfaeri.is\\\/verkfaeralausnir\\\/handverkfaeri\\\/toppar-handverkfaeri\\\/product\\\/usag-toppar-sett-235-1-2-xl-se12-u02354101\\\/\"]}]},{\"@type\":\"ImageObject\",\"inLanguage\":\"en-US\",\"@id\":\"https:\\\/\\\/velarogverkfaeri.is\\\/verkfaeralausnir\\\/handverkfaeri\\\/toppar-handverkfaeri\\\/product\\\/usag-toppar-sett-235-1-2-xl-se12-u02354101\\\/#primaryimage\",\"url\":\"https:\\\/\\\/velarogverkfaeri.is\\\/wp-content\\\/uploads\\\/2026\\\/03\\\/b98bd3dc-35aa-466c-9eeb-64c6ea537d4f.png\",\"contentUrl\":\"https:\\\/\\\/velarogverkfaeri.is\\\/wp-content\\\/uploads\\\/2026\\\/03\\\/b98bd3dc-35aa-466c-9eeb-64c6ea537d4f.png\",\"width\":809,\"height\":327},{\"@type\":\"BreadcrumbList\",\"@id\":\"https:\\\/\\\/velarogverkfaeri.is\\\/verkfaeralausnir\\\/handverkfaeri\\\/toppar-handverkfaeri\\\/product\\\/usag-toppar-sett-235-1-2-xl-se12-u02354101\\\/#breadcrumb\",\"itemListElement\":[{\"@type\":\"ListItem\",\"position\":1,\"name\":\"Home\",\"item\":\"https:\\\/\\\/velarogverkfaeri.is\\\/\"},{\"@type\":\"ListItem\",\"position\":2,\"name\":\"Vefverslun\",\"item\":\"https:\\\/\\\/velarogverkfaeri.is\\\/vefverslun\\\/\"},{\"@type\":\"ListItem\",\"position\":3,\"name\":\"USAG Toppar Sett 235 1\\\/2 XL\\\/SE12 U02354101\"}]},{\"@type\":\"WebSite\",\"@id\":\"https:\\\/\\\/velarogverkfaeri.is\\\/en\\\/#website\",\"url\":\"https:\\\/\\\/velarogverkfaeri.is\\\/en\\\/\",\"name\":\"V\u00e9lar & Verkf\u00e6ri\",\"description\":\"Umbo\u00f0s- og heildverslun fr\u00e1 \u00e1rinu 1919\",\"publisher\":{\"@id\":\"https:\\\/\\\/velarogverkfaeri.is\\\/en\\\/#organization\"},\"potentialAction\":[{\"@type\":\"SearchAction\",\"target\":{\"@type\":\"EntryPoint\",\"urlTemplate\":\"https:\\\/\\\/velarogverkfaeri.is\\\/en\\\/?s={search_term_string}\"},\"query-input\":{\"@type\":\"PropertyValueSpecification\",\"valueRequired\":true,\"valueName\":\"search_term_string\"}}],\"inLanguage\":\"en-US\"},{\"@type\":\"Organization\",\"@id\":\"https:\\\/\\\/velarogverkfaeri.is\\\/en\\\/#organization\",\"name\":\"V\u00e9lar & Verkf\u00e6ri\",\"url\":\"https:\\\/\\\/velarogverkfaeri.is\\\/en\\\/\",\"logo\":{\"@type\":\"ImageObject\",\"inLanguage\":\"en-US\",\"@id\":\"https:\\\/\\\/velarogverkfaeri.is\\\/en\\\/#\\\/schema\\\/logo\\\/image\\\/\",\"url\":\"https:\\\/\\\/velarogverkfaeri.is\\\/wp-content\\\/uploads\\\/2021\\\/10\\\/vv_logo_350x100.png\",\"contentUrl\":\"https:\\\/\\\/velarogverkfaeri.is\\\/wp-content\\\/uploads\\\/2021\\\/10\\\/vv_logo_350x100.png\",\"width\":350,\"height\":100,\"caption\":\"V\u00e9lar & Verkf\u00e6ri\"},\"image\":{\"@id\":\"https:\\\/\\\/velarogverkfaeri.is\\\/en\\\/#\\\/schema\\\/logo\\\/image\\\/\"},\"sameAs\":[\"https:\\\/\\\/www.facebook.com\\\/VelarOgVerkfaeri\"]}]}<\/script>\n<!-- \/ Yoast SEO plugin. -->","yoast_head_json":{"title":"USAG Toppar Sett 235 1\/2 XL\/SE12 U02354101 - V\u00e9lar &amp; Verkf\u00e6ri","robots":{"index":"index","follow":"follow","max-snippet":"max-snippet:-1","max-image-preview":"max-image-preview:large","max-video-preview":"max-video-preview:-1"},"canonical":"https:\/\/velarogverkfaeri.is\/en\/verkfaeralausnir\/handverkfaeri\/toppar-handverkfaeri\/product\/usag-toppar-sett-235-1-2-xl-se12-u02354101\/","og_locale":"en_US","og_type":"article","og_title":"USAG Toppar Sett 235 1\/2 XL\/SE12 U02354101 - V\u00e9lar &amp; Verkf\u00e6ri","og_description":"Tegund:&nbsp;U02354101","og_url":"https:\/\/velarogverkfaeri.is\/en\/verkfaeralausnir\/handverkfaeri\/toppar-handverkfaeri\/product\/usag-toppar-sett-235-1-2-xl-se12-u02354101\/","og_site_name":"V\u00e9lar &amp; Verkf\u00e6ri","article_publisher":"https:\/\/www.facebook.com\/VelarOgVerkfaeri","article_modified_time":"2026-03-05T13:46:15+00:00","twitter_card":"summary_large_image","schema":{"@context":"https:\/\/schema.org","@graph":[{"@type":"WebPage","@id":"https:\/\/velarogverkfaeri.is\/verkfaeralausnir\/handverkfaeri\/toppar-handverkfaeri\/product\/usag-toppar-sett-235-1-2-xl-se12-u02354101\/","url":"https:\/\/velarogverkfaeri.is\/verkfaeralausnir\/handverkfaeri\/toppar-handverkfaeri\/product\/usag-toppar-sett-235-1-2-xl-se12-u02354101\/","name":"USAG Toppar Sett 235 1\/2 XL\/SE12 U02354101 - V\u00e9lar &amp; Verkf\u00e6ri","isPartOf":{"@id":"https:\/\/velarogverkfaeri.is\/en\/#website"},"primaryImageOfPage":{"@id":"https:\/\/velarogverkfaeri.is\/verkfaeralausnir\/handverkfaeri\/toppar-handverkfaeri\/product\/usag-toppar-sett-235-1-2-xl-se12-u02354101\/#primaryimage"},"image":{"@id":"https:\/\/velarogverkfaeri.is\/verkfaeralausnir\/handverkfaeri\/toppar-handverkfaeri\/product\/usag-toppar-sett-235-1-2-xl-se12-u02354101\/#primaryimage"},"thumbnailUrl":"https:\/\/velarogverkfaeri.is\/wp-content\/uploads\/2026\/03\/b98bd3dc-35aa-466c-9eeb-64c6ea537d4f.png","datePublished":"2025-11-09T14:26:17+00:00","dateModified":"2026-03-05T13:46:15+00:00","breadcrumb":{"@id":"https:\/\/velarogverkfaeri.is\/verkfaeralausnir\/handverkfaeri\/toppar-handverkfaeri\/product\/usag-toppar-sett-235-1-2-xl-se12-u02354101\/#breadcrumb"},"inLanguage":"en-US","potentialAction":[{"@type":"ReadAction","target":["https:\/\/velarogverkfaeri.is\/verkfaeralausnir\/handverkfaeri\/toppar-handverkfaeri\/product\/usag-toppar-sett-235-1-2-xl-se12-u02354101\/"]}]},{"@type":"ImageObject","inLanguage":"en-US","@id":"https:\/\/velarogverkfaeri.is\/verkfaeralausnir\/handverkfaeri\/toppar-handverkfaeri\/product\/usag-toppar-sett-235-1-2-xl-se12-u02354101\/#primaryimage","url":"https:\/\/velarogverkfaeri.is\/wp-content\/uploads\/2026\/03\/b98bd3dc-35aa-466c-9eeb-64c6ea537d4f.png","contentUrl":"https:\/\/velarogverkfaeri.is\/wp-content\/uploads\/2026\/03\/b98bd3dc-35aa-466c-9eeb-64c6ea537d4f.png","width":809,"height":327},{"@type":"BreadcrumbList","@id":"https:\/\/velarogverkfaeri.is\/verkfaeralausnir\/handverkfaeri\/toppar-handverkfaeri\/product\/usag-toppar-sett-235-1-2-xl-se12-u02354101\/#breadcrumb","itemListElement":[{"@type":"ListItem","position":1,"name":"Home","item":"https:\/\/velarogverkfaeri.is\/"},{"@type":"ListItem","position":2,"name":"Vefverslun","item":"https:\/\/velarogverkfaeri.is\/vefverslun\/"},{"@type":"ListItem","position":3,"name":"USAG Toppar Sett 235 1\/2 XL\/SE12 U02354101"}]},{"@type":"WebSite","@id":"https:\/\/velarogverkfaeri.is\/en\/#website","url":"https:\/\/velarogverkfaeri.is\/en\/","name":"V\u00e9lar & Verkf\u00e6ri","description":"Umbo\u00f0s- og heildverslun fr\u00e1 \u00e1rinu 1919","publisher":{"@id":"https:\/\/velarogverkfaeri.is\/en\/#organization"},"potentialAction":[{"@type":"SearchAction","target":{"@type":"EntryPoint","urlTemplate":"https:\/\/velarogverkfaeri.is\/en\/?s={search_term_string}"},"query-input":{"@type":"PropertyValueSpecification","valueRequired":true,"valueName":"search_term_string"}}],"inLanguage":"en-US"},{"@type":"Organization","@id":"https:\/\/velarogverkfaeri.is\/en\/#organization","name":"V\u00e9lar & Verkf\u00e6ri","url":"https:\/\/velarogverkfaeri.is\/en\/","logo":{"@type":"ImageObject","inLanguage":"en-US","@id":"https:\/\/velarogverkfaeri.is\/en\/#\/schema\/logo\/image\/","url":"https:\/\/velarogverkfaeri.is\/wp-content\/uploads\/2021\/10\/vv_logo_350x100.png","contentUrl":"https:\/\/velarogverkfaeri.is\/wp-content\/uploads\/2021\/10\/vv_logo_350x100.png","width":350,"height":100,"caption":"V\u00e9lar & Verkf\u00e6ri"},"image":{"@id":"https:\/\/velarogverkfaeri.is\/en\/#\/schema\/logo\/image\/"},"sameAs":["https:\/\/www.facebook.com\/VelarOgVerkfaeri"]}]}},"_links":{"self":[{"href":"https:\/\/velarogverkfaeri.is\/en\/wp-json\/wp\/v2\/product\/77631","targetHints":{"allow":["GET"]}}],"collection":[{"href":"https:\/\/velarogverkfaeri.is\/en\/wp-json\/wp\/v2\/product"}],"about":[{"href":"https:\/\/velarogverkfaeri.is\/en\/wp-json\/wp\/v2\/types\/product"}],"replies":[{"embeddable":true,"href":"https:\/\/velarogverkfaeri.is\/en\/wp-json\/wp\/v2\/comments?post=77631"}],"wp:featuredmedia":[{"embeddable":true,"href":"https:\/\/velarogverkfaeri.is\/en\/wp-json\/wp\/v2\/media\/80965"}],"wp:attachment":[{"href":"https:\/\/velarogverkfaeri.is\/en\/wp-json\/wp\/v2\/media?parent=77631"}],"wp:term":[{"taxonomy":"product_brand","embeddable":true,"href":"https:\/\/velarogverkfaeri.is\/en\/wp-json\/wp\/v2\/product_brand?post=77631"},{"taxonomy":"product_cat","embeddable":true,"href":"https:\/\/velarogverkfaeri.is\/en\/wp-json\/wp\/v2\/product_cat?post=77631"},{"taxonomy":"product_tag","embeddable":true,"href":"https:\/\/velarogverkfaeri.is\/en\/wp-json\/wp\/v2\/product_tag?post=77631"}],"curies":[{"name":"wp","href":"https:\/\/api.w.org\/{rel}","templated":true}]}}