{"id":77622,"date":"2023-04-28T18:00:06","date_gmt":"2023-04-28T18:00:06","guid":{"rendered":"https:\/\/velarogverkfaeri.is\/?post_type=product&#038;p=77622"},"modified":"2026-03-03T02:00:34","modified_gmt":"2026-03-03T02:00:34","slug":"quick-grip-klemma-50mm-t59200ecd","status":"publish","type":"product","link":"https:\/\/velarogverkfaeri.is\/en\/verkfaeralausnir\/handverkfaeri\/thvingur\/product\/quick-grip-klemma-50mm-t59200ecd\/","title":{"rendered":"QUICK-GRIP Klemma 50mm T59200ECD"},"content":{"rendered":"<p><img decoding=\"async\" src=\"data:image\/png;base64,iVBORw0KGgoAAAANSUhEUgAAAU0AAABjCAYAAAAfIVI2AAAAAXNSR0IArs4c6QAAAARnQU1BAACxjwv8YQUAAAAJcEhZcwAADsMAAA7DAcdvqGQAAB\/ESURBVHhe7Z3NblTHEoDb901AiZRBeGEeAytIRMrGlr3hERhYRNFdXKEszPAI3hiZDRKRiOzHwAtQHInIfhTf+umfqj7dffqMx8Y29UkDM+f0T1V1n\/4bT9XaBeAMwzCMLv7j\/zcMwzA6sEHTMAxjAjZoGoZhTMAGTcMwjAk0B83z1w\/c2tpafD14fe7v+Hu7x\/7TDeXfN+7B2rZrS3nu3qyvue2\/\/MdOlP5d9dwAVi3nbdFb0Wjvv7ahn98Uffr65fGufi4Ty\/XrItfVzrekP1UHTRwU7r\/ccEcXFw6\/YL+4OHIbL+9XGug754fn7u+LQ\/fYf\/xuuJV633PPP1+4w5\/9xxvLbZFzhdyS\/lQdNE8\/nzq3sy0UeOxe7c3c6cEHdw4z8v2XcP\/tJq+2cIZefwCzBKxI19\/AHAfQrO1XqeEaQDPj7janze7BXbcdrkOa7bUH7s2\/\/laEZ9AHUB+m45lU5KO8OFfBtR\/n7tS9c5ti9sL6Qzo1C\/+DsxxfVxNDSY9cfzFDrkq\/7ddaniS3nIk5LV\/PVxXSJnr2Po07CFm\/LivJ7eUBeeO90gqb3of8qVxeCb0Reh+LHUxJf8CX+6aQjsrzbR\/aSbZpbDvqk8L2UVavT7CVkHv7vb\/mKZaLyD6R2ZaQdiGwLYIObTunfp3JqeoU14kPyr5FVPsUZI7U+01A70C1XuP9tpyOkHaj9oNnJNpK9pWe5+gKwb\/TLPJxC\/9+88I9XFyc+UuSs73ZhduBdShCaWcXi6\/88eLr4mIGebc+4oezi8VDKMenPdqB927rgj6pdP6eT0flyzIjurzwebbnpaQyfT567+sClMzxni8v6Cl1kWVl9ZbLWqF+Sp6gn9ZVlqfbgNOFeqOsXh6V39ejygLpt\/L2q9on2TDUR2l8WSV7qHuxTkGWjuSXcgZZALZjyd6oQ7Jvai8pK+up7OHLknWOlRv7XqRgj147x3uiDKo\/00WWF+8Ny0syJ3lyGya03NFmVL+3MbW\/fw8kfbz8oVxKV+q3Pp1qs7w\/AT6\/1CXYRtqQZBS2uQ7qZ5o\/H8KAeuYWbu7uh1FdrZpyNtzsB\/\/29JM7fbhwr2hrAduMP6DJ3h6mWSusYH\/4xT17SFeAY3f4duYW\/+W17b0XCwe5qszWoRsTvI35+8U9\/vjDDCQpce4+HJy6rV\/92jnbCsx2f4GSgJ+3Y73nf+6DHs\/cL6SX1+PktGEDzyr0C\/LMHjnoSG5B+t1zs6gclgddL+jz8yu3eHjqPsEC2P37we1\/2XLbfmt378Xf7uIgauqePWVbPf41SfD44EKleRTlZkr2qYJ9J5YFRHtg2yQbpDYskdnqy777EFYTGzOWBcAd0WzvlS\/\/uVvsOPfuPfY01OHU7f+JrZW1feDfU3cSbQs2+O8CciGcPursyz35Z9jyaNvY9yLcTiwHtNT7d7GsUTuXbEJ99W\/33D9f937KevjOwt\/j3WCoN\/LXIey3Un8gPb\/AM8ofE81+46FxQTw3mbzj\/ZbRbRbaKSfIcs\/9shvqmfYcXQUj357zgASDK72ONmAArS3\/H6KRmPN\/Tvw7DxkwUewY1IH72fhJdFS1ddmEDlICBpQv\/m0BVZ7ki5g0nkDJpc6WsXL9Grx7EvS+7+agHz3YOGn5+0PE5CZR2zcuS9KWB\/vJkXNRFr2taw+ONSpyAqm8c3ead7V4jx80OmbKBoNI005w++V9r8+a24QJisqCR\/3w6zO3\/6PXtbKQoAmJJlh+yMNEtayd5VEB9UNBn33xmMrnp2OrE3eab2lH7MHo4wU6phL09tuudGJMiUx8jq6CyqCJhhmeE6SO0GYwE\/Y0RnWFOMax24ZOBMt4P7gfVWae4azexc5RnDT4teRB9dL6tYAZ96uUza+4s0lqHGjvp3Pn9s58ObDDmGwrGEyCHB+d22zuSnoQD3X1QRmuYHhgY+49feZmuMPB\/qfO5z0jdkp9yr\/CqotWfnztbHe\/vJDAFTmujv8C2eNuZUk7w6Jg8+1W+lL2o+7hUmf5XgE7P9gc+3rxlVaukY5+c\/56E\/aeqSzYHvs700ir9uHE1+RKnqNpVAZNnKWdmz+VHR8a\/DeY4cTWqAoaH1Zov9Nhtc9X6rSKx24blunz\/3EHPH89r6wY29Tz6S0Tz\/jtA2R+6OYxDc32Sw8Gq9EvocsLKxj6goA61jt36L8soIP7KXL\/9ftgBdRGftHh6eknTdKWTR+TaHCVdfryd17Zgg3m8siCjkdghYWTar41R\/z9efhC6X+4AkN4lfrut2Az\/uKBvrAgO\/espH37PIFBMmxZcybbGfHPkwQnBnqTHdkEaAAPz6PvD6UveSb3m2P3e7bS7IW+UMY3tAsQK\/FRVv0cTae6PcfzDJpF\/TKcthIbsOrysy2tJsO3xzk4E8NsyFtHyIczU342UuDxAawSsUyob9M96zyr8Oc4fmu4CXXFsz3fCcK3548PYGY\/4fJxi7LxsTDbSkiPDTf3WzGa7T8\/pwegqX+F5fSrk+uDKxj+ExXcQi7cibcJ\/emYl7sMn9fG7ej7bXdUOcMrA\/UJO609ce6oo73bbLmNzyxPS37sp0c7fuupbICEs7DC1pwAvf9cOOf1nq+n8zEqF4+jsFw88oEdB63ioU8c7Z3Ere79g2fuaHCmyfCZsRwQlrQznVeH7fWmc3\/oM8nZ3iN36O+dKP0DeX9wsEMp7ZjG+w2fLwe7HLptXPX2nPNnbG184jJ6nsOMVT9HU1mDJTZ+S3XzwHNKfPhu3d8BdnLX9bsMuJr78ZNbmG3uILBSXr\/vPv2xor9B\/QbP0cgXQdcJGpNnOHo9OanMhreVu66fYVwH3\/45urkrTcMwjBvIDVppGoZh3Hxs0DQMw5iADZqGYRgTsEHTMAxjAjZoGoZhTMAGTcMwjAnYoGkYhjEBGzQNwzAmcPcHTe\/IIvyCQHngBpLLLeFwAn+adWkvPehM4MGgPpan7Cik5SAB5eSy+BcR2nP3CFjnJH2yX11M8Iyd5KzRL79yhzZRlnE5rhZqy6YX9YLDjG\/IpfrXZRDP52XqjH1lqee24HCmwR0fNKEDPN13z4L7tK\/onGEzGgc79uaJd3NFDidW2JGhM2wOnDmgPMGTTgamX9JjzCjoZGJ33212DSLYgbxzFrRLtE1fp0Ynu0OnvJcgc813tpd737qFkGs5+wktQW77uI2X\/y06upfzbhKbjmlWQ3XQ5JlHx3ZheCbSMXr4Gq8E5MOlr6eZv3I9W+HJ2Zrk6YkNo0DnuMKDCrkCSy7H0Peg9kie3GIlvKxeDpKJ6nzgtnfrqwl0M7bxh25A9EW4v7FV8FkIdcDgvrEzwTdhJaaRtImUDb3TbAQXag3I1Rb6XpRein4+JL+J0VVavlIS7cb9pixPcdDFvBNmeXLXJx1Bi5VKPfZNrX8CVH\/hnipXyzfa76DMYQwp2HWQDCCjsp+QzcfESfKxSzq6l8fCqehN9s+eE0VN3xqlekR7B\/ljXVI3VVeSMYL30aEy2imUV9GL68zikBFYPzpzPhUTu7AbvsRzMHw+MD86Lsf8nf0QRvgiFIejEXskxOhAZMwOju3B+WKMEQLLEPFXCtcpr4hdItNRHfm98FnFcGlRi6GCiDgmUY4sjYrVwmVJOySEToEQ\/0SVwQQ9lU4ZqP9ojBVlP0yn68EyxmyU6smQ9QRd+I6qV+ZX7RzzCJtm7Z1DbZ7ZV9tItqdPX5BDlYN1Kj2SjVLZWbtjHp9f1U\/5yzYd6i7SCfup8ki2TB9Zb5S1rXcsL6eqL+eT\/YvL5nqUHSm97N\/wHvrZTNqX3mMaXVexX6k+UKsPkO02QMrM72NdUmdVF6aT9qyVPaS9PW\/EHkmOVxuxahTo2bu0JaldL7ARHNv2x3CRHO+yX0TeBrTDXyAfdu+7\/d3kn5Cc4WY2KYKexjNX\/bTy\/FjSEx25bkz2PzkeYyVbZQPYZm0bNbxoT\/aY3Y7JRCtldOk1tp3yfhPDS\/l47Ip90+ifJFOy0SDiQCDGPFqu3zEz92jQXbyNwo6EZKMbQCMWzpje8TnJ6NU3QB7zsxhKFKsJoyD4XRmkcbsL9+yEHSFjPKSSw+dyLKWMan30EaiHQElgv++JGTZ8PnppDpqt2CN5jI9SrBpy5OpSpw9bgdr1MXJ5yjFcyuCynM4v4+A0Ev7iy9x9Wl84FzxMA63yFXl4D9habILGpTMbHMhdcTBtU4yxgtto4Ti6uD1rMgwfEamGnKjRnpTeHTj3bEcch9S2cvFMk0NDxMki0hH7BijGUgLUdi3G3sEHqh7zaEq\/S5Qe+IaNRu1d17v13Jb1rZD34zgAsXNntCEuJNxPj6HfYP18tsiTAzo0Ho+lpKjW5ynFDCqh+pKIGXbp54NpDpqyM7Q7RiVWDUDR9+gadsJ0ZlC7LhnrjLAc92X4V3G1xmcuOGjpQ2IeINIqgTtwHIwwmuYLWElszOMXKK3OqMhireDsG1dM1MHD+QmvgsIDTedg6BW7o4MlufXqECcktseZe3Zwv3tCCqCOMRQBcP76DQ0YrZATg0B6RHtSwtXVc1hJnDzxAxJFOQxtWZpEYCDzXtaVTj2xb2r9Eyezauwd3AGF6zrmUV+\/66Fho7GVfZfeGU19C+Qxg8RAjmfLDp7P08+OBsnZunOf\/vzg9p3oI7Sy5bqqsZQkjfr6OW7GDLvs84G0t+djsUeIeqwaOpRWoznPtrXrRFyOc51lGjFcMo5hiy3DdEjUAJFteQK4RXD+CxQdM6gRHwU7vNgupQkCXl9hy0EPMXZy8WDC6wy3+\/gwdHwDWIqxMvwzlzDrMzgJjUUBjOEMQjk\/fXJzGtCdW\/wp5QqrRN5iDumIyUTb2xSjZxRIfyS\/kOqKfdOIpaSAyTXG3sH+lMlKW97+ftdHVp6KGdSIhdMb86eJ1LcCDdxZDKUwceK9k7mbv+VnlwbRA1h1hqML+YWQZ3TR0apvSaTdxp6PbuBhLUIHwztbdICNydIhbnZITvA1TKfT8sFuuJ7y1K5zvXx962IhDtPTQXUipYVXOIhW6HrCS5aTyhAHwerAGLQTcvCBPKbX8uVgudpGnuwwXiIP5nOS\/t7+e\/zlAsqS6qm1A4K2EIf3zYNvXQ7KtPB2CnUlO0A5e8leup10OZzXyx9lrstCbTOwL7dprMN\/yRJl8eW05Chfh7wfsSxvI\/riIdwLdmNIrnCv0v4xP94XX\/wQ6rOQYQfsPLAN35tBeys7demdU9c35cvaR9VTsEPUf9iOqY\/Aq9Kv82etWl+eTqFllvXO9o7EPal\/qR9o+Wus4T9QwABcDc7Xz1b7N3d3Cv5TB\/yiqGgjnGmfdnzRcU3gLItHFNaeNxjsMz\/i3xUXttp4TmcxpW4E7e25oVEHzLztrw5CuJXs\/oPyKwYexuEf2hs3AfXFjIrMyGfx8Z7FlLoxVFeahmEYxhBbaRqGYUzABk3DMIwJ2KBpGIYxARs0DcMwJmCDpmEYxgRs0DQMw5iADZqGYRgTsEHTMAxjAlc6aNIP5HtcQt02hDMC5QSg4KRgEpfNv3L4VynLO6RAuIxlvMmsHLKv+JWNeJGO+IuvS\/bXoTMaD\/2a7Br7xrfqS8LGS7d5Vztctl8tn99WmstALq8KP2mrXe\/lsvmNNmTfzKOU\/7yq3+SvPEbSbWMVMX\/QTeCV+2xgZ8XLyNgYNLPfvsaR34\/Qu+J32NLdUvx99gP3+2d\/rYT8HbeaVWr1AjJPmEXzWQlnusIsxSuAUswjRNcpZx\/12+B8RQl1D2PBpNld5k2rj4b9RH6SF9LElZHSScRAyWPHKEQ6Sqvr2RbyFXVe\/9198tdySL7JMZsAqjukkyuhie1O1NvtMnyIesi6+vQju4R7Qtft93wpskz\/ryLbWcscYPdxIU3qLyyvfi5S2na6AahTHvOnoieVV4tlhHmytKGMQdpirCxtw3Jb+ecQ+wzVx\/GZOE\/tefLgb89LDN0+Ze6VgpsmcoHlXSp5t07FdBJKF9ww+XS+rnq92vUUun9i10616xoqN6aT5fp7JX2UOyqU018n+dltFbmhCvLm14Nrq5ZdBvbjPCxvKb+\/5+vkepL+Ca4n2oLKkPWke1L\/ktxVe4q2pXzhs5KX5UhtWLa71Emnq7evyiPt2IGSN0BlaLmVnYv6aVAmlo91ULIquwZZdT1VO1Aen18h7evlxPwyPemV8so6hnKVZeF0QWbdjgr5zCg7FfTM7R8QZZA+mXyqPHWP5Ys2IFDWpHtC2K3R7iWqK01ynNsIDaGjOHpwaY4ez2nJC8vfP+IdhfYC7tOdnNLMMlZvIMUcYWetHJMIHeI6cshbpBjziD2f6zgtfTF3WqDDXx3HRzjkBYr2y9nZ9vkxiiZdARqxYxS8\/YhbxYEncHZcjDz+NZVQkrvKxsSYTY3YNtPbPXOMXY1NNZUgHzsIZpaIDVSKd0PvVtP\/I+SEOtmUPJPnDrfJK3469hk4A479DPtI6lvDdPWYYUVK40F0bA7E\/lNn9DkajZXVG4Os1O5l6ttztY3iuCqSkgfwctiDCugdPJSPS\/rg6bxabz3mCD70ZEjsQNLdfkbZc3Qep0XEyVk6psgwQFle95gHdaQo75QQAHJrJGOlEKWYNY3AagVy+fpi51Ri2yzR7kgt9s\/SNOLQTIoNlMe7yZnc\/yuM1UPo7SodKQnKz8WQ3nSBwXiQhbMYL2+55wgnjskxyHrjDwGVQROM\/HTu3N4ZHejCklVEyaszGt1OEgNmhRfOBiP1wmxSjDmCqzWYwd5gkKewGiggO3l6n8\/mq4i5MwxQ1nzApjBYMdY4bsZKKdMIrNZBqsu\/8hUPUoxts2S746qoEpvqKujSL5DHu8lZpv+XGKsHwHj7c5fsDttXf2ca5eenzmA86BrgJePPUS1WFq3YSd96DLJl6fv2XMUuaaBil0AHqMQg0bF2\/EFvtoIgZL00A+tD7jTr4Bb9nZu\/bGzNkWLMIx\/LRsVp6Yu50wJlO\/WxhVD2udxKXopG7JgGvelw1Z7LPU5n7Jze2DZd7d4b+2cVLBEbiI5Usng39G7J\/l\/Dx9UJUT3JpqWyIo3YVmMUn58GOKDn40E4Cuhk7DkqxcriL62kBUq7qksAo3EZfzhKr50jOrjlQ2198MwHreIAXuSjODatw95QvjyordYLNdOhsL+Xl4v5anUBVE4x5hESDpX5lXTT12OewSE73MeDY3kd4MPzLK8vs2g\/kV\/qXc4Tys1ixwikvVSslEzO3HZJbo6DpG3FaPkYqS\/Zg8hkp7pDunK\/6W\/3SvtIm1agMkf6EKWJetT00yi7CF25nSr9vHZd2iFvM4myqU+j0qf+QveFnkpeSpfsJvWndNXnR5DZUOkjrut6M7IyMG0oI+Xx\/aoYK0vqK69LRL\/M6svbPWcN\/4GCbz04u7RiGo3dv7XQn3lY7BjjarnW5wf79G+PuqKyfgv6tuc3Glj2r6+5zZPFdxIDh\/UNh9wWO8a4S9BRBZ7Fh79muYHcmZWmYRjGdXAHVpqGYRjXhw2ahmEYE7BB0zAMYwI2aBqGYUzABk3DMIwJ2KBpGIYxARs0DcMwJmCDpmEYxgSuZ9DMPDGPMjX9JRj+uP8OQC7hyh68Vw87r7gaRxmI9EqOr6vSi39pNapH7Jud6atc0m7X9ozU5Lys\/hNZRt+Cs5fAuGOTOrbSNG4w+MBuupPoKg3dmp24zSsZONlp89Jxba6ba4mj0+KW2WuFlAdNNarzjBJXY2r01r+DjrMO5X9ArrqGo7nPQy7XdP58xTctVouf+V6zi7BSeXU+pNWMcgXX0i\/ppVzIeRdlnEf78SvLnaPrzNuhGptJ1DuIRyNB2UM6LCsrP5adt7+P58I2EGl3DylVROmf2o1W9NWYRxXI4XLyMI+wp3rvCs33xTfkYg7L7be3vCd1Um3s76c0ZUg3UT72h3L7TrebygOvWK7qg2I1LmNGefvUYkEpHVV7NOSM9NgL5Uptold3Ir\/K254Qy2OCtlG1rWI9I\/HLxsDfng9B10rCrdTD2cUsuEpCN0rCXVR0qUQuoLxbKfkeia6XtJsw7YJJ1En5Qzrv\/sunozzK\/VWWTt1ruwdD2O1UqbwR\/YqupLR+lE7KHfJk9UioTmWTTL+SPD5dcJuldFLUyxutN97zaZUcIa3Mp9MpmRr6a0KbVtL6cko2btk7tRdA91Au0XZ0LfUdVVZse5Fe9Qe8Xu53y9hNyUrpvA1FnZRe2iDI7vVW\/SLUr3TUbVyXU9JnLywr6QXjyMPQL4Mu+L\/OW3QZp+QYk1fqX+pzPn\/IM5HKoKkNskW+GLnyZASRhuDPpDAJHowD+AZeQF5pEN0hBFl+mQ7rl2WQweieqN+Tpy2R8iNSpxH9hMGTfHmewHKy6fLyMkRnk50DyT8HMrkHnyOteuU9RHzO2k3KUbdzB1Qu5PevmI\/KTw9cskkus7R3re6GTNJO8b1MLwYzlGnUpoj43LBb8xmhevSgM+wX4p7Qg8qVchb1Qmp2qV0H8nrCs7GzuDiCz1Fnup7LXwHTCxvVnzn+TG0t7ChlIvLPE6icabKnanQlj0Gg3E+P3WwDY7mgS\/ngvbwRWwfJY258mbtP6wvngqdloBnLoxizY7mYIWPkZTAj+hXBcx50rx+2Cnqr0RVjRm3T+mIz9YYRaMZw6q43t0tOJQYQULZzBxQYzIcv+LpwJyp8Qd0rd9neY\/IzcvtOMXyacOQAPDKg56UYcmU5u43GuxmNGdXwWl6MU9Rnn5yavchLPQaNo\/hdM\/f4pw0eV6AvBg\/8rRhQiuKY0PecTopfNkL1iyBU1kEnO4W9Pw6Ss3XnPv0pA5e1Y+sMwKh0L567xcbcbYrznmmxPJaPGTKdfv20DBj9zuv00blN0QlgNkwPP74GMWbOl4rN1BMnBqnHcJpSb26XjGIMIH9vKngGpc6YAQojAQ9KNHkalPMBpGzvEfkRqHfz7ZaDFQrn+wib5xE4uN+bRjTU5e3WfEa6Y0YVKMYp6rBPTste2F4OBmOY2B0OktBX3ecP2k7VGFA99D2nk+KXjVD\/9hwb42Tu5m95pqJB9EDOovXYOi0wlKnzMT\/yA\/TmrOhZJmbIcozo92XffaDOy\/FSGH3wTWxgmNIlYswgPTFikEY8GkVnDKd2vZkuMm1vDKBeKGDepl5d+XZIsZpS2NYUGrdlb9+uIQwsrbBbk3XDThKSFZ6XajTU5ew2\/owsFzOqHqeoIWcXub3Q3iduDtdot0KD6H5afPkvq2QfmbYj6RyHevt+DzC6V9HnUKWzBz4\/wGLwFc8VRs4P0nkEljmePz\/XIbl8nsFZ2w7kzcuTZxsZ+myxfD4yKA9IMnAcnSgfyu7TyzMYRMot9VHI\/JAmyZfLlrUH6cj5BvFoJLF8yLsn7NxdLyLsAvnxrFrb2t8T8rXsrO\/l6D4iywztugX5+V6vvUvtKmWS96G+j6WzMa0D0tYDEeV22i3XP6aPciApjYoZlfd7lQeQba5s15Az0mkvhOpJn3M70fMd5JDySTLZ9Zgg689tmsvh02BsoVpdIzQHzduFbMQhRzCYpk5hIDSo1Abv20D+UHxTsknsW5ENUFdH+3m7y3wnf9wOW2g3LXTonUR92cNxlc5asbuNPsiu+Ef4R8uf3y4NbDXF3yheS8wo0vc+xVJ\/9R3+cfsajpz+vWEYhjHCd7LSNAzDWA02aBqGYUzABk3DMIwJ2KBpGIYxARs0DcMwJmCDpmEYxgRs0DQMw5iADZqGYRgTWMGgyc4QSt6StafmPoYOCq6Luh6rZLp+\/IuPq5bLMIw+bKV54\/l+Y7EYxk2kOWiSuyj\/m1a9OhK\/d81jiPTG4VC\/g85dc9Vi9vBqkPOIe1gnrGjfRHm1q6ml9PDQajnKkK1Gfb1UotIn1U8rSx9fZ7DC9HmwPF6Bvinona00K\/Ug7FKM78m6qvrHthqWZRhGBXLbUYDdNXlvKd5tVfBoQt5xglsl726J7ql03l1T0f1S5iEFy\/DedtidV6lezhNdStE971XGyxDuSe89pEeQoVcPCeaR+R\/OLrZ8PVg218muuVT9Po+qw3+mdCRL8kZD6aKXHC5P6s3v5fWsbJQ\/1pM87tT11155ki6GYbSoDprx4fbQA0oDUe4SSnxWDy6Qf47kZSRSPUg9nXroacAT7rDigMT5cz34c0MPha5n6yN8Jp0wvb+eDYD8me9pfUL9wuehJ09Hg11u76qeUi9JS389aBqG0Udle96KxVOPIVKNwzHYirdj6VQ9N6vt5Kb2UF2MH8JcJlZM8IyN4RWO35+4R7OZe4Tu+ym\/96Kdx+jJQhDk+py+\/OQe7bnocTzQ57G6FEumHdqjrP+E2CyGYUQqgya7kJekODj1GCLVOBwiBkiKfVKPpVPm2G0\/eSfivhw52KomKCiUJxvEUh7\/6o0V48H4Lyf\/HMPAhIMku+8\/fX3o3u14H515jJ6RYFezvVfu+YuF23i5qc5yZawhHXdIUIwlM2wvSVl\/4FKxWQzj+6T6RRCuesqxeHpjnZw34nDgFyqlWDr9DGOhcDRA5Pg93KEBrR0rpjsWCgaDOpi7fVhj4uD4+NcNt39wkmIT0coyi9FDsWroY4XH7hWsNkNsF+LtoV9xc9whGfuIaMSSofaKkT7DF1YN\/Wn137nCNwwjAauMKnTOBknwpc\/L+KyM7j3MYojQuRvfa8bhEOnkOZ0+m9PnjHTO5\/PMKBa7OOt7uHWxJWSSdUo95LlhUw9FdjaYn2EidC3UU9Onrh9d39mKZdRsoOspnIsO8tf1l\/aUNstlNgwjsYb\/wENzu8Gzzt8eubPPzyetVm8S+GdB8\/Uz9\/eL26qBYXwf2B+3G4ZhTOBurDQNwzCuCVtpGoZhTMAGTcMwjG6c+z8KK2TyyqVaNwAAAABJRU5ErkJggg==\" alt=\"\"><\/p>","protected":false},"excerpt":{"rendered":"<p>Tegund:&nbsp;T59200ECD<\/p>","protected":false},"featured_media":77682,"comment_status":"closed","ping_status":"closed","template":"","meta":[],"product_brand":[],"product_cat":[588,515,794],"product_tag":[],"class_list":{"0":"post-77622","1":"product","2":"type-product","3":"status-publish","4":"has-post-thumbnail","6":"product_cat-handverkfaeri","7":"product_cat-verkfaeralausnir","8":"product_cat-thvingur","10":"first","11":"instock","12":"taxable","13":"shipping-taxable","14":"purchasable","15":"product-type-simple"},"yoast_head":"<!-- This site is optimized with the Yoast SEO plugin v27.3 - https:\/\/yoast.com\/product\/yoast-seo-wordpress\/ -->\n<title>QUICK-GRIP Klemma 50mm T59200ECD - V\u00e9lar &amp; Verkf\u00e6ri<\/title>\n<meta name=\"robots\" content=\"index, follow, max-snippet:-1, max-image-preview:large, max-video-preview:-1\" \/>\n<link rel=\"canonical\" href=\"https:\/\/velarogverkfaeri.is\/en\/verkfaeralausnir\/handverkfaeri\/thvingur\/product\/quick-grip-klemma-50mm-t59200ecd\/\" \/>\n<meta property=\"og:locale\" content=\"en_US\" \/>\n<meta property=\"og:type\" content=\"article\" \/>\n<meta property=\"og:title\" content=\"QUICK-GRIP Klemma 50mm T59200ECD - V\u00e9lar &amp; Verkf\u00e6ri\" \/>\n<meta property=\"og:description\" content=\"Tegund:&nbsp;T59200ECD\" \/>\n<meta property=\"og:url\" content=\"https:\/\/velarogverkfaeri.is\/en\/verkfaeralausnir\/handverkfaeri\/thvingur\/product\/quick-grip-klemma-50mm-t59200ecd\/\" \/>\n<meta property=\"og:site_name\" content=\"V\u00e9lar &amp; Verkf\u00e6ri\" \/>\n<meta property=\"article:publisher\" content=\"https:\/\/www.facebook.com\/VelarOgVerkfaeri\" \/>\n<meta property=\"article:modified_time\" content=\"2026-03-03T02:00:34+00:00\" \/>\n<meta name=\"twitter:card\" content=\"summary_large_image\" \/>\n<script type=\"application\/ld+json\" class=\"yoast-schema-graph\">{\"@context\":\"https:\\\/\\\/schema.org\",\"@graph\":[{\"@type\":\"WebPage\",\"@id\":\"https:\\\/\\\/velarogverkfaeri.is\\\/verkfaeralausnir\\\/handverkfaeri\\\/thvingur\\\/product\\\/quick-grip-klemma-50mm-t59200ecd\\\/\",\"url\":\"https:\\\/\\\/velarogverkfaeri.is\\\/verkfaeralausnir\\\/handverkfaeri\\\/thvingur\\\/product\\\/quick-grip-klemma-50mm-t59200ecd\\\/\",\"name\":\"QUICK-GRIP Klemma 50mm T59200ECD - V\u00e9lar &amp; Verkf\u00e6ri\",\"isPartOf\":{\"@id\":\"https:\\\/\\\/velarogverkfaeri.is\\\/en\\\/#website\"},\"primaryImageOfPage\":{\"@id\":\"https:\\\/\\\/velarogverkfaeri.is\\\/verkfaeralausnir\\\/handverkfaeri\\\/thvingur\\\/product\\\/quick-grip-klemma-50mm-t59200ecd\\\/#primaryimage\"},\"image\":{\"@id\":\"https:\\\/\\\/velarogverkfaeri.is\\\/verkfaeralausnir\\\/handverkfaeri\\\/thvingur\\\/product\\\/quick-grip-klemma-50mm-t59200ecd\\\/#primaryimage\"},\"thumbnailUrl\":\"https:\\\/\\\/velarogverkfaeri.is\\\/wp-content\\\/uploads\\\/2025\\\/11\\\/1e503061-9a24-4469-af56-d81846e7fc2b.png\",\"datePublished\":\"2023-04-28T18:00:06+00:00\",\"dateModified\":\"2026-03-03T02:00:34+00:00\",\"breadcrumb\":{\"@id\":\"https:\\\/\\\/velarogverkfaeri.is\\\/verkfaeralausnir\\\/handverkfaeri\\\/thvingur\\\/product\\\/quick-grip-klemma-50mm-t59200ecd\\\/#breadcrumb\"},\"inLanguage\":\"en-US\",\"potentialAction\":[{\"@type\":\"ReadAction\",\"target\":[\"https:\\\/\\\/velarogverkfaeri.is\\\/verkfaeralausnir\\\/handverkfaeri\\\/thvingur\\\/product\\\/quick-grip-klemma-50mm-t59200ecd\\\/\"]}]},{\"@type\":\"ImageObject\",\"inLanguage\":\"en-US\",\"@id\":\"https:\\\/\\\/velarogverkfaeri.is\\\/verkfaeralausnir\\\/handverkfaeri\\\/thvingur\\\/product\\\/quick-grip-klemma-50mm-t59200ecd\\\/#primaryimage\",\"url\":\"https:\\\/\\\/velarogverkfaeri.is\\\/wp-content\\\/uploads\\\/2025\\\/11\\\/1e503061-9a24-4469-af56-d81846e7fc2b.png\",\"contentUrl\":\"https:\\\/\\\/velarogverkfaeri.is\\\/wp-content\\\/uploads\\\/2025\\\/11\\\/1e503061-9a24-4469-af56-d81846e7fc2b.png\",\"width\":341,\"height\":279},{\"@type\":\"BreadcrumbList\",\"@id\":\"https:\\\/\\\/velarogverkfaeri.is\\\/verkfaeralausnir\\\/handverkfaeri\\\/thvingur\\\/product\\\/quick-grip-klemma-50mm-t59200ecd\\\/#breadcrumb\",\"itemListElement\":[{\"@type\":\"ListItem\",\"position\":1,\"name\":\"Home\",\"item\":\"https:\\\/\\\/velarogverkfaeri.is\\\/\"},{\"@type\":\"ListItem\",\"position\":2,\"name\":\"Vefverslun\",\"item\":\"https:\\\/\\\/velarogverkfaeri.is\\\/vefverslun\\\/\"},{\"@type\":\"ListItem\",\"position\":3,\"name\":\"QUICK-GRIP Klemma 50mm T59200ECD\"}]},{\"@type\":\"WebSite\",\"@id\":\"https:\\\/\\\/velarogverkfaeri.is\\\/en\\\/#website\",\"url\":\"https:\\\/\\\/velarogverkfaeri.is\\\/en\\\/\",\"name\":\"V\u00e9lar & Verkf\u00e6ri\",\"description\":\"Umbo\u00f0s- og heildverslun fr\u00e1 \u00e1rinu 1919\",\"publisher\":{\"@id\":\"https:\\\/\\\/velarogverkfaeri.is\\\/en\\\/#organization\"},\"potentialAction\":[{\"@type\":\"SearchAction\",\"target\":{\"@type\":\"EntryPoint\",\"urlTemplate\":\"https:\\\/\\\/velarogverkfaeri.is\\\/en\\\/?s={search_term_string}\"},\"query-input\":{\"@type\":\"PropertyValueSpecification\",\"valueRequired\":true,\"valueName\":\"search_term_string\"}}],\"inLanguage\":\"en-US\"},{\"@type\":\"Organization\",\"@id\":\"https:\\\/\\\/velarogverkfaeri.is\\\/en\\\/#organization\",\"name\":\"V\u00e9lar & Verkf\u00e6ri\",\"url\":\"https:\\\/\\\/velarogverkfaeri.is\\\/en\\\/\",\"logo\":{\"@type\":\"ImageObject\",\"inLanguage\":\"en-US\",\"@id\":\"https:\\\/\\\/velarogverkfaeri.is\\\/en\\\/#\\\/schema\\\/logo\\\/image\\\/\",\"url\":\"https:\\\/\\\/velarogverkfaeri.is\\\/wp-content\\\/uploads\\\/2021\\\/10\\\/vv_logo_350x100.png\",\"contentUrl\":\"https:\\\/\\\/velarogverkfaeri.is\\\/wp-content\\\/uploads\\\/2021\\\/10\\\/vv_logo_350x100.png\",\"width\":350,\"height\":100,\"caption\":\"V\u00e9lar & Verkf\u00e6ri\"},\"image\":{\"@id\":\"https:\\\/\\\/velarogverkfaeri.is\\\/en\\\/#\\\/schema\\\/logo\\\/image\\\/\"},\"sameAs\":[\"https:\\\/\\\/www.facebook.com\\\/VelarOgVerkfaeri\"]}]}<\/script>\n<!-- \/ Yoast SEO plugin. -->","yoast_head_json":{"title":"QUICK-GRIP Klemma 50mm T59200ECD - V\u00e9lar &amp; Verkf\u00e6ri","robots":{"index":"index","follow":"follow","max-snippet":"max-snippet:-1","max-image-preview":"max-image-preview:large","max-video-preview":"max-video-preview:-1"},"canonical":"https:\/\/velarogverkfaeri.is\/en\/verkfaeralausnir\/handverkfaeri\/thvingur\/product\/quick-grip-klemma-50mm-t59200ecd\/","og_locale":"en_US","og_type":"article","og_title":"QUICK-GRIP Klemma 50mm T59200ECD - V\u00e9lar &amp; Verkf\u00e6ri","og_description":"Tegund:&nbsp;T59200ECD","og_url":"https:\/\/velarogverkfaeri.is\/en\/verkfaeralausnir\/handverkfaeri\/thvingur\/product\/quick-grip-klemma-50mm-t59200ecd\/","og_site_name":"V\u00e9lar &amp; Verkf\u00e6ri","article_publisher":"https:\/\/www.facebook.com\/VelarOgVerkfaeri","article_modified_time":"2026-03-03T02:00:34+00:00","twitter_card":"summary_large_image","schema":{"@context":"https:\/\/schema.org","@graph":[{"@type":"WebPage","@id":"https:\/\/velarogverkfaeri.is\/verkfaeralausnir\/handverkfaeri\/thvingur\/product\/quick-grip-klemma-50mm-t59200ecd\/","url":"https:\/\/velarogverkfaeri.is\/verkfaeralausnir\/handverkfaeri\/thvingur\/product\/quick-grip-klemma-50mm-t59200ecd\/","name":"QUICK-GRIP Klemma 50mm T59200ECD - V\u00e9lar &amp; Verkf\u00e6ri","isPartOf":{"@id":"https:\/\/velarogverkfaeri.is\/en\/#website"},"primaryImageOfPage":{"@id":"https:\/\/velarogverkfaeri.is\/verkfaeralausnir\/handverkfaeri\/thvingur\/product\/quick-grip-klemma-50mm-t59200ecd\/#primaryimage"},"image":{"@id":"https:\/\/velarogverkfaeri.is\/verkfaeralausnir\/handverkfaeri\/thvingur\/product\/quick-grip-klemma-50mm-t59200ecd\/#primaryimage"},"thumbnailUrl":"https:\/\/velarogverkfaeri.is\/wp-content\/uploads\/2025\/11\/1e503061-9a24-4469-af56-d81846e7fc2b.png","datePublished":"2023-04-28T18:00:06+00:00","dateModified":"2026-03-03T02:00:34+00:00","breadcrumb":{"@id":"https:\/\/velarogverkfaeri.is\/verkfaeralausnir\/handverkfaeri\/thvingur\/product\/quick-grip-klemma-50mm-t59200ecd\/#breadcrumb"},"inLanguage":"en-US","potentialAction":[{"@type":"ReadAction","target":["https:\/\/velarogverkfaeri.is\/verkfaeralausnir\/handverkfaeri\/thvingur\/product\/quick-grip-klemma-50mm-t59200ecd\/"]}]},{"@type":"ImageObject","inLanguage":"en-US","@id":"https:\/\/velarogverkfaeri.is\/verkfaeralausnir\/handverkfaeri\/thvingur\/product\/quick-grip-klemma-50mm-t59200ecd\/#primaryimage","url":"https:\/\/velarogverkfaeri.is\/wp-content\/uploads\/2025\/11\/1e503061-9a24-4469-af56-d81846e7fc2b.png","contentUrl":"https:\/\/velarogverkfaeri.is\/wp-content\/uploads\/2025\/11\/1e503061-9a24-4469-af56-d81846e7fc2b.png","width":341,"height":279},{"@type":"BreadcrumbList","@id":"https:\/\/velarogverkfaeri.is\/verkfaeralausnir\/handverkfaeri\/thvingur\/product\/quick-grip-klemma-50mm-t59200ecd\/#breadcrumb","itemListElement":[{"@type":"ListItem","position":1,"name":"Home","item":"https:\/\/velarogverkfaeri.is\/"},{"@type":"ListItem","position":2,"name":"Vefverslun","item":"https:\/\/velarogverkfaeri.is\/vefverslun\/"},{"@type":"ListItem","position":3,"name":"QUICK-GRIP Klemma 50mm T59200ECD"}]},{"@type":"WebSite","@id":"https:\/\/velarogverkfaeri.is\/en\/#website","url":"https:\/\/velarogverkfaeri.is\/en\/","name":"V\u00e9lar & Verkf\u00e6ri","description":"Umbo\u00f0s- og heildverslun fr\u00e1 \u00e1rinu 1919","publisher":{"@id":"https:\/\/velarogverkfaeri.is\/en\/#organization"},"potentialAction":[{"@type":"SearchAction","target":{"@type":"EntryPoint","urlTemplate":"https:\/\/velarogverkfaeri.is\/en\/?s={search_term_string}"},"query-input":{"@type":"PropertyValueSpecification","valueRequired":true,"valueName":"search_term_string"}}],"inLanguage":"en-US"},{"@type":"Organization","@id":"https:\/\/velarogverkfaeri.is\/en\/#organization","name":"V\u00e9lar & Verkf\u00e6ri","url":"https:\/\/velarogverkfaeri.is\/en\/","logo":{"@type":"ImageObject","inLanguage":"en-US","@id":"https:\/\/velarogverkfaeri.is\/en\/#\/schema\/logo\/image\/","url":"https:\/\/velarogverkfaeri.is\/wp-content\/uploads\/2021\/10\/vv_logo_350x100.png","contentUrl":"https:\/\/velarogverkfaeri.is\/wp-content\/uploads\/2021\/10\/vv_logo_350x100.png","width":350,"height":100,"caption":"V\u00e9lar & Verkf\u00e6ri"},"image":{"@id":"https:\/\/velarogverkfaeri.is\/en\/#\/schema\/logo\/image\/"},"sameAs":["https:\/\/www.facebook.com\/VelarOgVerkfaeri"]}]}},"_links":{"self":[{"href":"https:\/\/velarogverkfaeri.is\/en\/wp-json\/wp\/v2\/product\/77622","targetHints":{"allow":["GET"]}}],"collection":[{"href":"https:\/\/velarogverkfaeri.is\/en\/wp-json\/wp\/v2\/product"}],"about":[{"href":"https:\/\/velarogverkfaeri.is\/en\/wp-json\/wp\/v2\/types\/product"}],"replies":[{"embeddable":true,"href":"https:\/\/velarogverkfaeri.is\/en\/wp-json\/wp\/v2\/comments?post=77622"}],"wp:featuredmedia":[{"embeddable":true,"href":"https:\/\/velarogverkfaeri.is\/en\/wp-json\/wp\/v2\/media\/77682"}],"wp:attachment":[{"href":"https:\/\/velarogverkfaeri.is\/en\/wp-json\/wp\/v2\/media?parent=77622"}],"wp:term":[{"taxonomy":"product_brand","embeddable":true,"href":"https:\/\/velarogverkfaeri.is\/en\/wp-json\/wp\/v2\/product_brand?post=77622"},{"taxonomy":"product_cat","embeddable":true,"href":"https:\/\/velarogverkfaeri.is\/en\/wp-json\/wp\/v2\/product_cat?post=77622"},{"taxonomy":"product_tag","embeddable":true,"href":"https:\/\/velarogverkfaeri.is\/en\/wp-json\/wp\/v2\/product_tag?post=77622"}],"curies":[{"name":"wp","href":"https:\/\/api.w.org\/{rel}","templated":true}]}}