{"id":77319,"date":"2025-11-01T18:11:17","date_gmt":"2025-11-01T18:11:17","guid":{"rendered":"https:\/\/velarogverkfaeri.is\/?post_type=product&#038;p=77319"},"modified":"2026-02-27T01:16:40","modified_gmt":"2026-02-27T01:16:40","slug":"gerda-syl-sn-ep-40x40mm-mattmessing-wke1-40-40-ath-ekki-rettur-litur-a-mynd","status":"publish","type":"product","link":"https:\/\/velarogverkfaeri.is\/en\/lykillausnir\/hurdabunadur-lykillausnir\/sylinder\/product\/gerda-syl-sn-ep-40x40mm-mattmessing-wke1-40-40-ath-ekki-rettur-litur-a-mynd\/","title":{"rendered":"GERDA Syl\/Sn EP 40x40mm Mattmessing WKE1 40\/40 ATH EKKI R\u00c9TTUR LITUR \u00c1 MYND"},"content":{"rendered":"","protected":false},"excerpt":{"rendered":"<p>Tegund:&nbsp;WKE1 40\/40<\/p>\n<p><b>ATH EKKI R\u00c9TTUR LITUR \u00c1 MYND<\/b><\/p>","protected":false},"featured_media":80790,"comment_status":"closed","ping_status":"closed","template":"","meta":[],"product_brand":[],"product_cat":[597,517,676],"product_tag":[],"class_list":{"0":"post-77319","1":"product","2":"type-product","3":"status-publish","4":"has-post-thumbnail","6":"product_cat-hurdabunadur-lykillausnir","7":"product_cat-lykillausnir","8":"product_cat-sylinder","10":"first","11":"instock","12":"taxable","13":"shipping-taxable","14":"purchasable","15":"product-type-simple"},"yoast_head":"<!-- This site is optimized with the Yoast SEO plugin v27.3 - https:\/\/yoast.com\/product\/yoast-seo-wordpress\/ -->\n<title>GERDA Syl\/Sn EP 40x40mm Mattmessing WKE1 40\/40 ATH EKKI R\u00c9TTUR LITUR \u00c1 MYND - V\u00e9lar &amp; Verkf\u00e6ri<\/title>\n<meta name=\"robots\" content=\"index, follow, max-snippet:-1, max-image-preview:large, max-video-preview:-1\" \/>\n<link rel=\"canonical\" href=\"https:\/\/velarogverkfaeri.is\/en\/lykillausnir\/hurdabunadur-lykillausnir\/sylinder\/product\/gerda-syl-sn-ep-40x40mm-mattmessing-wke1-40-40-ath-ekki-rettur-litur-a-mynd\/\" \/>\n<meta property=\"og:locale\" content=\"en_US\" \/>\n<meta property=\"og:type\" content=\"article\" \/>\n<meta property=\"og:title\" content=\"GERDA Syl\/Sn EP 40x40mm Mattmessing WKE1 40\/40 ATH EKKI R\u00c9TTUR LITUR \u00c1 MYND - V\u00e9lar &amp; Verkf\u00e6ri\" \/>\n<meta property=\"og:description\" content=\"Tegund:&nbsp;WKE1 40\/40ATH EKKI R\u00c9TTUR LITUR \u00c1 MYND\" \/>\n<meta property=\"og:url\" content=\"https:\/\/velarogverkfaeri.is\/en\/lykillausnir\/hurdabunadur-lykillausnir\/sylinder\/product\/gerda-syl-sn-ep-40x40mm-mattmessing-wke1-40-40-ath-ekki-rettur-litur-a-mynd\/\" \/>\n<meta property=\"og:site_name\" content=\"V\u00e9lar &amp; Verkf\u00e6ri\" \/>\n<meta property=\"article:publisher\" content=\"https:\/\/www.facebook.com\/VelarOgVerkfaeri\" \/>\n<meta property=\"article:modified_time\" content=\"2026-02-27T01:16:40+00:00\" \/>\n<meta name=\"twitter:card\" content=\"summary_large_image\" \/>\n<script type=\"application\/ld+json\" class=\"yoast-schema-graph\">{\"@context\":\"https:\\\/\\\/schema.org\",\"@graph\":[{\"@type\":\"WebPage\",\"@id\":\"https:\\\/\\\/velarogverkfaeri.is\\\/lykillausnir\\\/hurdabunadur-lykillausnir\\\/sylinder\\\/product\\\/gerda-syl-sn-ep-40x40mm-mattmessing-wke1-40-40-ath-ekki-rettur-litur-a-mynd\\\/\",\"url\":\"https:\\\/\\\/velarogverkfaeri.is\\\/lykillausnir\\\/hurdabunadur-lykillausnir\\\/sylinder\\\/product\\\/gerda-syl-sn-ep-40x40mm-mattmessing-wke1-40-40-ath-ekki-rettur-litur-a-mynd\\\/\",\"name\":\"GERDA Syl\\\/Sn EP 40x40mm Mattmessing WKE1 40\\\/40 ATH EKKI R\u00c9TTUR LITUR \u00c1 MYND - V\u00e9lar &amp; Verkf\u00e6ri\",\"isPartOf\":{\"@id\":\"https:\\\/\\\/velarogverkfaeri.is\\\/en\\\/#website\"},\"primaryImageOfPage\":{\"@id\":\"https:\\\/\\\/velarogverkfaeri.is\\\/lykillausnir\\\/hurdabunadur-lykillausnir\\\/sylinder\\\/product\\\/gerda-syl-sn-ep-40x40mm-mattmessing-wke1-40-40-ath-ekki-rettur-litur-a-mynd\\\/#primaryimage\"},\"image\":{\"@id\":\"https:\\\/\\\/velarogverkfaeri.is\\\/lykillausnir\\\/hurdabunadur-lykillausnir\\\/sylinder\\\/product\\\/gerda-syl-sn-ep-40x40mm-mattmessing-wke1-40-40-ath-ekki-rettur-litur-a-mynd\\\/#primaryimage\"},\"thumbnailUrl\":\"https:\\\/\\\/velarogverkfaeri.is\\\/wp-content\\\/uploads\\\/2026\\\/02\\\/7cc03de6-cd0b-49dd-9f97-be3ed4dc5a81.png\",\"datePublished\":\"2025-11-01T18:11:17+00:00\",\"dateModified\":\"2026-02-27T01:16:40+00:00\",\"breadcrumb\":{\"@id\":\"https:\\\/\\\/velarogverkfaeri.is\\\/lykillausnir\\\/hurdabunadur-lykillausnir\\\/sylinder\\\/product\\\/gerda-syl-sn-ep-40x40mm-mattmessing-wke1-40-40-ath-ekki-rettur-litur-a-mynd\\\/#breadcrumb\"},\"inLanguage\":\"en-US\",\"potentialAction\":[{\"@type\":\"ReadAction\",\"target\":[\"https:\\\/\\\/velarogverkfaeri.is\\\/lykillausnir\\\/hurdabunadur-lykillausnir\\\/sylinder\\\/product\\\/gerda-syl-sn-ep-40x40mm-mattmessing-wke1-40-40-ath-ekki-rettur-litur-a-mynd\\\/\"]}]},{\"@type\":\"ImageObject\",\"inLanguage\":\"en-US\",\"@id\":\"https:\\\/\\\/velarogverkfaeri.is\\\/lykillausnir\\\/hurdabunadur-lykillausnir\\\/sylinder\\\/product\\\/gerda-syl-sn-ep-40x40mm-mattmessing-wke1-40-40-ath-ekki-rettur-litur-a-mynd\\\/#primaryimage\",\"url\":\"https:\\\/\\\/velarogverkfaeri.is\\\/wp-content\\\/uploads\\\/2026\\\/02\\\/7cc03de6-cd0b-49dd-9f97-be3ed4dc5a81.png\",\"contentUrl\":\"https:\\\/\\\/velarogverkfaeri.is\\\/wp-content\\\/uploads\\\/2026\\\/02\\\/7cc03de6-cd0b-49dd-9f97-be3ed4dc5a81.png\",\"width\":1190,\"height\":635},{\"@type\":\"BreadcrumbList\",\"@id\":\"https:\\\/\\\/velarogverkfaeri.is\\\/lykillausnir\\\/hurdabunadur-lykillausnir\\\/sylinder\\\/product\\\/gerda-syl-sn-ep-40x40mm-mattmessing-wke1-40-40-ath-ekki-rettur-litur-a-mynd\\\/#breadcrumb\",\"itemListElement\":[{\"@type\":\"ListItem\",\"position\":1,\"name\":\"Home\",\"item\":\"https:\\\/\\\/velarogverkfaeri.is\\\/\"},{\"@type\":\"ListItem\",\"position\":2,\"name\":\"Vefverslun\",\"item\":\"https:\\\/\\\/velarogverkfaeri.is\\\/vefverslun\\\/\"},{\"@type\":\"ListItem\",\"position\":3,\"name\":\"GERDA Syl\\\/Sn EP 40x40mm Mattmessing WKE1 40\\\/40 ATH EKKI R\u00c9TTUR LITUR \u00c1 MYND\"}]},{\"@type\":\"WebSite\",\"@id\":\"https:\\\/\\\/velarogverkfaeri.is\\\/en\\\/#website\",\"url\":\"https:\\\/\\\/velarogverkfaeri.is\\\/en\\\/\",\"name\":\"V\u00e9lar & Verkf\u00e6ri\",\"description\":\"Umbo\u00f0s- og heildverslun fr\u00e1 \u00e1rinu 1919\",\"publisher\":{\"@id\":\"https:\\\/\\\/velarogverkfaeri.is\\\/en\\\/#organization\"},\"potentialAction\":[{\"@type\":\"SearchAction\",\"target\":{\"@type\":\"EntryPoint\",\"urlTemplate\":\"https:\\\/\\\/velarogverkfaeri.is\\\/en\\\/?s={search_term_string}\"},\"query-input\":{\"@type\":\"PropertyValueSpecification\",\"valueRequired\":true,\"valueName\":\"search_term_string\"}}],\"inLanguage\":\"en-US\"},{\"@type\":\"Organization\",\"@id\":\"https:\\\/\\\/velarogverkfaeri.is\\\/en\\\/#organization\",\"name\":\"V\u00e9lar & Verkf\u00e6ri\",\"url\":\"https:\\\/\\\/velarogverkfaeri.is\\\/en\\\/\",\"logo\":{\"@type\":\"ImageObject\",\"inLanguage\":\"en-US\",\"@id\":\"https:\\\/\\\/velarogverkfaeri.is\\\/en\\\/#\\\/schema\\\/logo\\\/image\\\/\",\"url\":\"https:\\\/\\\/velarogverkfaeri.is\\\/wp-content\\\/uploads\\\/2021\\\/10\\\/vv_logo_350x100.png\",\"contentUrl\":\"https:\\\/\\\/velarogverkfaeri.is\\\/wp-content\\\/uploads\\\/2021\\\/10\\\/vv_logo_350x100.png\",\"width\":350,\"height\":100,\"caption\":\"V\u00e9lar & Verkf\u00e6ri\"},\"image\":{\"@id\":\"https:\\\/\\\/velarogverkfaeri.is\\\/en\\\/#\\\/schema\\\/logo\\\/image\\\/\"},\"sameAs\":[\"https:\\\/\\\/www.facebook.com\\\/VelarOgVerkfaeri\"]}]}<\/script>\n<!-- \/ Yoast SEO plugin. -->","yoast_head_json":{"title":"GERDA Syl\/Sn EP 40x40mm Mattmessing WKE1 40\/40 ATH EKKI R\u00c9TTUR LITUR \u00c1 MYND - V\u00e9lar &amp; Verkf\u00e6ri","robots":{"index":"index","follow":"follow","max-snippet":"max-snippet:-1","max-image-preview":"max-image-preview:large","max-video-preview":"max-video-preview:-1"},"canonical":"https:\/\/velarogverkfaeri.is\/en\/lykillausnir\/hurdabunadur-lykillausnir\/sylinder\/product\/gerda-syl-sn-ep-40x40mm-mattmessing-wke1-40-40-ath-ekki-rettur-litur-a-mynd\/","og_locale":"en_US","og_type":"article","og_title":"GERDA Syl\/Sn EP 40x40mm Mattmessing WKE1 40\/40 ATH EKKI R\u00c9TTUR LITUR \u00c1 MYND - V\u00e9lar &amp; Verkf\u00e6ri","og_description":"Tegund:&nbsp;WKE1 40\/40ATH EKKI R\u00c9TTUR LITUR \u00c1 MYND","og_url":"https:\/\/velarogverkfaeri.is\/en\/lykillausnir\/hurdabunadur-lykillausnir\/sylinder\/product\/gerda-syl-sn-ep-40x40mm-mattmessing-wke1-40-40-ath-ekki-rettur-litur-a-mynd\/","og_site_name":"V\u00e9lar &amp; Verkf\u00e6ri","article_publisher":"https:\/\/www.facebook.com\/VelarOgVerkfaeri","article_modified_time":"2026-02-27T01:16:40+00:00","twitter_card":"summary_large_image","schema":{"@context":"https:\/\/schema.org","@graph":[{"@type":"WebPage","@id":"https:\/\/velarogverkfaeri.is\/lykillausnir\/hurdabunadur-lykillausnir\/sylinder\/product\/gerda-syl-sn-ep-40x40mm-mattmessing-wke1-40-40-ath-ekki-rettur-litur-a-mynd\/","url":"https:\/\/velarogverkfaeri.is\/lykillausnir\/hurdabunadur-lykillausnir\/sylinder\/product\/gerda-syl-sn-ep-40x40mm-mattmessing-wke1-40-40-ath-ekki-rettur-litur-a-mynd\/","name":"GERDA Syl\/Sn EP 40x40mm Mattmessing WKE1 40\/40 ATH EKKI R\u00c9TTUR LITUR \u00c1 MYND - V\u00e9lar &amp; Verkf\u00e6ri","isPartOf":{"@id":"https:\/\/velarogverkfaeri.is\/en\/#website"},"primaryImageOfPage":{"@id":"https:\/\/velarogverkfaeri.is\/lykillausnir\/hurdabunadur-lykillausnir\/sylinder\/product\/gerda-syl-sn-ep-40x40mm-mattmessing-wke1-40-40-ath-ekki-rettur-litur-a-mynd\/#primaryimage"},"image":{"@id":"https:\/\/velarogverkfaeri.is\/lykillausnir\/hurdabunadur-lykillausnir\/sylinder\/product\/gerda-syl-sn-ep-40x40mm-mattmessing-wke1-40-40-ath-ekki-rettur-litur-a-mynd\/#primaryimage"},"thumbnailUrl":"https:\/\/velarogverkfaeri.is\/wp-content\/uploads\/2026\/02\/7cc03de6-cd0b-49dd-9f97-be3ed4dc5a81.png","datePublished":"2025-11-01T18:11:17+00:00","dateModified":"2026-02-27T01:16:40+00:00","breadcrumb":{"@id":"https:\/\/velarogverkfaeri.is\/lykillausnir\/hurdabunadur-lykillausnir\/sylinder\/product\/gerda-syl-sn-ep-40x40mm-mattmessing-wke1-40-40-ath-ekki-rettur-litur-a-mynd\/#breadcrumb"},"inLanguage":"en-US","potentialAction":[{"@type":"ReadAction","target":["https:\/\/velarogverkfaeri.is\/lykillausnir\/hurdabunadur-lykillausnir\/sylinder\/product\/gerda-syl-sn-ep-40x40mm-mattmessing-wke1-40-40-ath-ekki-rettur-litur-a-mynd\/"]}]},{"@type":"ImageObject","inLanguage":"en-US","@id":"https:\/\/velarogverkfaeri.is\/lykillausnir\/hurdabunadur-lykillausnir\/sylinder\/product\/gerda-syl-sn-ep-40x40mm-mattmessing-wke1-40-40-ath-ekki-rettur-litur-a-mynd\/#primaryimage","url":"https:\/\/velarogverkfaeri.is\/wp-content\/uploads\/2026\/02\/7cc03de6-cd0b-49dd-9f97-be3ed4dc5a81.png","contentUrl":"https:\/\/velarogverkfaeri.is\/wp-content\/uploads\/2026\/02\/7cc03de6-cd0b-49dd-9f97-be3ed4dc5a81.png","width":1190,"height":635},{"@type":"BreadcrumbList","@id":"https:\/\/velarogverkfaeri.is\/lykillausnir\/hurdabunadur-lykillausnir\/sylinder\/product\/gerda-syl-sn-ep-40x40mm-mattmessing-wke1-40-40-ath-ekki-rettur-litur-a-mynd\/#breadcrumb","itemListElement":[{"@type":"ListItem","position":1,"name":"Home","item":"https:\/\/velarogverkfaeri.is\/"},{"@type":"ListItem","position":2,"name":"Vefverslun","item":"https:\/\/velarogverkfaeri.is\/vefverslun\/"},{"@type":"ListItem","position":3,"name":"GERDA Syl\/Sn EP 40x40mm Mattmessing WKE1 40\/40 ATH EKKI R\u00c9TTUR LITUR \u00c1 MYND"}]},{"@type":"WebSite","@id":"https:\/\/velarogverkfaeri.is\/en\/#website","url":"https:\/\/velarogverkfaeri.is\/en\/","name":"V\u00e9lar & Verkf\u00e6ri","description":"Umbo\u00f0s- og heildverslun fr\u00e1 \u00e1rinu 1919","publisher":{"@id":"https:\/\/velarogverkfaeri.is\/en\/#organization"},"potentialAction":[{"@type":"SearchAction","target":{"@type":"EntryPoint","urlTemplate":"https:\/\/velarogverkfaeri.is\/en\/?s={search_term_string}"},"query-input":{"@type":"PropertyValueSpecification","valueRequired":true,"valueName":"search_term_string"}}],"inLanguage":"en-US"},{"@type":"Organization","@id":"https:\/\/velarogverkfaeri.is\/en\/#organization","name":"V\u00e9lar & Verkf\u00e6ri","url":"https:\/\/velarogverkfaeri.is\/en\/","logo":{"@type":"ImageObject","inLanguage":"en-US","@id":"https:\/\/velarogverkfaeri.is\/en\/#\/schema\/logo\/image\/","url":"https:\/\/velarogverkfaeri.is\/wp-content\/uploads\/2021\/10\/vv_logo_350x100.png","contentUrl":"https:\/\/velarogverkfaeri.is\/wp-content\/uploads\/2021\/10\/vv_logo_350x100.png","width":350,"height":100,"caption":"V\u00e9lar & Verkf\u00e6ri"},"image":{"@id":"https:\/\/velarogverkfaeri.is\/en\/#\/schema\/logo\/image\/"},"sameAs":["https:\/\/www.facebook.com\/VelarOgVerkfaeri"]}]}},"_links":{"self":[{"href":"https:\/\/velarogverkfaeri.is\/en\/wp-json\/wp\/v2\/product\/77319","targetHints":{"allow":["GET"]}}],"collection":[{"href":"https:\/\/velarogverkfaeri.is\/en\/wp-json\/wp\/v2\/product"}],"about":[{"href":"https:\/\/velarogverkfaeri.is\/en\/wp-json\/wp\/v2\/types\/product"}],"replies":[{"embeddable":true,"href":"https:\/\/velarogverkfaeri.is\/en\/wp-json\/wp\/v2\/comments?post=77319"}],"wp:featuredmedia":[{"embeddable":true,"href":"https:\/\/velarogverkfaeri.is\/en\/wp-json\/wp\/v2\/media\/80790"}],"wp:attachment":[{"href":"https:\/\/velarogverkfaeri.is\/en\/wp-json\/wp\/v2\/media?parent=77319"}],"wp:term":[{"taxonomy":"product_brand","embeddable":true,"href":"https:\/\/velarogverkfaeri.is\/en\/wp-json\/wp\/v2\/product_brand?post=77319"},{"taxonomy":"product_cat","embeddable":true,"href":"https:\/\/velarogverkfaeri.is\/en\/wp-json\/wp\/v2\/product_cat?post=77319"},{"taxonomy":"product_tag","embeddable":true,"href":"https:\/\/velarogverkfaeri.is\/en\/wp-json\/wp\/v2\/product_tag?post=77319"}],"curies":[{"name":"wp","href":"https:\/\/api.w.org\/{rel}","templated":true}]}}