{"id":77228,"date":"2025-10-30T14:56:18","date_gmt":"2025-10-30T14:56:18","guid":{"rendered":"https:\/\/velarogverkfaeri.is\/?post_type=product&#038;p=77228"},"modified":"2026-02-02T14:00:58","modified_gmt":"2026-02-02T14:00:58","slug":"stedox-alu-support-47","status":"publish","type":"product","link":"https:\/\/velarogverkfaeri.is\/en\/verkfaeralausnir\/handverkfaeri\/legubretti-og-hjalpartaeki-handverkfaeri\/product\/stedox-alu-support-47\/","title":{"rendered":"STEDOX ALU-Support 47"},"content":{"rendered":"<p><img decoding=\"async\" src=\"data:image\/png;base64,iVBORw0KGgoAAAANSUhEUgAAAeIAAACrCAYAAAC6yZ+zAAAAAXNSR0IArs4c6QAAAARnQU1BAACxjwv8YQUAAAAJcEhZcwAADsMAAA7DAcdvqGQAACJaSURBVHhe7d1faBtXvgfwny9dcKAXVLgPMqRQhSxExoG16UJtdh+i0oeVSSEOWaiMA123ha6ThdZOYGN3H3bdPjhyF9q4C62dhQS50GAXHKTCXew+dLEXUuyFGCkQY11IwIYuyNCCDQmce87ojDR\/zoxGsqSjJN8PnGQkjUaj0cz8zn+3MY4AAABAi\/+S\/wMAAIAGCMQAAAAaIRADAABohEAMAACgEQIxAACARgjEAAAAGiEQAwAAaIRADAAAoBECMQAAgEYIxAAAABohEAMAAGiEQAwAAKARAjEAAIBGCMQAAAAaIRADAABohEAMAACgEQIxAACARgjEAAAAGiEQAwAAaIRADAAAoBECMQAAgEYIxAAAABohEAMAAGikPxAf5GnlbxPU\/8sOeuFnbdTWJtPPXqCO6Ks0+Kc52nh4IFd+imxNU6f5XWXqvJqXLz5FDnZp49Y0jb3eQx0dR2zf90hHB3XG3qLpWxu028yf+OEM9Vn2o5j6af4n+XogGRp0buN8Rr5WpcOeCzrOpWf1uoXG2uPX1QuW88lMJ6dJfUbnafqkYv1qU63Xbp1oDMQHlPu0nzqOHKNXf\/8hZb7fpb3H8iXh8R7t3luh+b+8RT0v8ht4dJBm\/rUnX4SWx3+\/tavi9+2gnt+O0fRtHmwd0fZgd5dy387R2G95kD5yhHreWaR8E+7d+S9naE0ul2UodRuBozJct9Aoe5T5wyDNP4Oni6ZAzA\/47yLU+YcM7cpnKro3Txd6IzR4W\/UrHdAev6nvWtIe7qnaHGzOUP+LL1Df5Sp+X\/4bbnxxlo79dx9NNPTGnafFGzm5bJf5IlXF\/j6L6n3dQsv6iWeorPfU\/zT+hrp3e4QGbz6b54mWQJy7GqP+v9dwy2uP0+CpkHxgtUIjHR3UYUkj\/5AvQVPtfXuBOk9eoIz15z0ao9HPlim7U6B9xogZaZ8KO1la\/myc4ifkesLjNfqQ37jPftmgkLi1SHObctnp23lKIxJ7qv91C60q\/7c+2\/2049SMR9Vwnewt0shv53lWT4\/ISxG5pEfzA\/HDObpweUM+KIu8OUvrD\/bLN+n8Oi1MJai7Xa7AxT6Zpvjz8gG0nnvTFItZL9gIDX+1TfsPlin5boyi4RCVf852CoWjFHt3ktI5RoXvxqn3OfkSvxwXE9GGlKJyN2bIWh4eODcgl4QVmruFSKyE6xYaZo\/mz5+leUuhOxSynEC+IjR618zcB0kFSg85M4UDNHk5Kpf1aHog3v1mnt\/u7KIfZWn7+jB1HzUPPr9Jv9RNA5dStP7jPmWvD1A4PEKTb4bl69ByRCeL3jEq3apDA5R6sE2z5yKW4Ost9KtJWv1hmUaOyyfExfl6jKa35MO6yFHqpjVf3019b\/fxf8vW5hdQPa2A6xYaZfeLszzTLR8IoREaeUMu19s\/J1zV35E\/TlBCc0ax6YF4fc15Ocdp4qJPbuS5doq+uUD5fNJSYoLWckCZP\/Acben87qbk2gIljsqHQYVidO1OmhKlDOsGjb0zV7\/AuJmi+f+Ty0I4TrHXYhS3xol\/pWjhoVyGEly30BAP52jwHeu51U6J65PU91Mj2qTzNP3ujKP6O85Lw9asuB7Nr5q29rA0hKg9QJGpPchKoMfmJF24aV44\/EJaXKHRUruvYpiPmX72AvWcn6E165URilPqH+NUarH59gJNfiuXD2ljfs7WztV+rp9nGbqp55R8wrBGM182tDXsyYTrFuqOB8Yzb9lqWkJDCzRzpkH9Cb6dpglH\/5DIHyctGX99mh6II1FnLnqeJv+q7sVaSf5qp7yp9\/Ot2M2\/br\/pVxpXeXAvQ9PvvEqdL75ge98LL\/ZQvxgTWc1A14M8Za6+Ra9GO+iIY1uDVzOHG6IjxuX+fYIGY53UYRtvd4Q6jH2doZV7fh9wQCu\/t39HkY5dcbf\/GfYWafCIfd22tldpxlKyXPvcMsbvlSS\/uAKe2Y\/3aOPmBeqLDFLGGoxfnqBrQ+YN\/IBmPp3n\/x7WBi04OhoNvNZr\/N93Kmb8b8rdWLQFbKjvdWtQjH22VU8qZM7b11eOLXVtl59b8iXjGj\/fY79uXuigntcnaO7f9nKSS6O263JAu9\/P0UTCfS8S4+7FNme+zdGBK2Pk5jpe1rGy\/+EZTrHP8touHvtypvnYZcdvuzlGx8ztGKn8\/WuVu3qWxr6XD4TQCGWux3kWrxF2aebKjOM+0hqlYQNrtrvjjJd2mPjocgqx2NQqKzyS6wS0PRV1bMc7Rae25bscflhl479qV77HmaLvpSvuYyEzyqLPqd9fSqEYm11KMn4K2J733EfhUYGtTsVZ2PEer9T+i2G28EC+1+nRKhsJOd\/D90mx\/urFkGM9YrHPd+SrwjobD5dfi8\/vy+dNaZawvNcrRT7IyvWl70YYD8Xy9QRLV3luuNi2J1KcpX6Urz24xnhItrwWZcn78jVPiu81lJavVel+kvEwZ9uW77ngdNj3B1HH69ag2OfEknzNQ3rIvj51JZnrW7q2K86dAktfjFieU6fwb66xrPP0NTVquxaF75IsbrmWfFN7NxtetF6Hbq7jJc\/Pwto463Xco4rHPti1Wkz8+xtbq1HOef\/rZsmcfI0L9FtXY8V5\/RMLXVyVL+rX\/EDM+Mk75L65GykcZ+OZLNsPeGEfOhDzk8F5QlZKIX4yF+TbnbKfxxjPzSnf50qhkGtdz5tngWcWXrGvGyyF2cC8x8XKA5Pz89vfWLB\/N8XNkk7NMtsW89YLigdz18dZL27Lxbu\/w5YvWX4\/53b5msOl97Wzke\/k0zVavejIbJ1OsfK9cZsluyyv8eTKGLg8Y4G4jtetQbHPjQnEcTb8psd+q9LLSZZVfY9GbdfAM9kf9KrfVyGFz6XYjsd2lYGYfw9nAUCkpgbiR1mWfNm+ve4p+\/VW30C8w6657p\/qgocuzW8jphDFr68S\/yHcdjP0YbyTjhzpoFffX6RcVVMOVkn28l0LUMVjtXezn85+oeg+9P0E9b+zEnwc3N5esHUf52j6tT768F\/ycVV2vYcB\/eoaZS7aK4EOvhymiX\/KB6LX8vtjtqE+Riesz4fJ1gf2Yd6yToQ66tZBNkrR0jlyQIUf5GItHq9Q6gt7pVTsdMzSmzvCH9t3PH8z5fjuz7oWuW6rlqG5v1dRPfz9GPW97553za1+2xXjs\/v+EuQz3XZvDVL0d5mA9508zb1jGdmgiatK+nSKVi7xbE6j\/HOSJhz3z9DFSRqutjNpI8mA3Hz722z2XNiRS3Gn6NA1tvqDfI+XqnPX+yx1xr6+kU4Ms9k726xgFpV+5KU2VXVw+whbtuVCVTkunp6LsuHr62zHrALl21u\/PuxZda0qxaiqho11h5IsfbdQLoUY2x5lvcqqLY\/cn6qKWuY89zPDrhJz98eKPOlSwvVeu2C5bNV3t+aKD1XCc1VLKaqe74w7fucIG78rX1N61krEUr2u26qv2YClJMV2zRR9e5atPzAv7n1WuLvAhk+o1lWcH43arqJmykgnEiyZybKCee94tM927syy0V+pj729uajIdbxeipSbF8zte1SZ17dEasGvM1sTR4iXrBVVjPX7\/B02e8qxrRYrDQv6ArG0n1vwPLnKyaeKVaj2olZdVD5VR4XFhONG7qgqVbWf8RNswetG5GofKSbXzdPVdilSmA0velWOc\/tZllRkCtrfXZYrOChuBPH5ZTb+kv05cXyUF0IdAnHotVnlsa9XIF5+11EtrdxPnilpt6zDU\/iP6\/I1lWc0EEuHvm6rvWa52gNxO0t85XXNqKvcXU0TDdmuOgMffnPBp919n2WnFNXYrsKB4njJFBry235RQwKxK+MfYsMZdU6gbp\/vDPw8ed4LNdIeiE37O+ts9u1uV4O6NfV+7NFuV+VFvf1xt23dWko\/0Y\/K++LenghmPsGSU7VvO2+eynUsn+vpxzQbdnXGEp1L5OsOXqXucur27rxk6wQ1zI+Uk38gDr29bGmrtdq2tSMlFuXT1Xrk\/nyvAOu6+MPjzDsUP4GBWBlMPFLA71LzdVvlNSvUHIhfuebof+BQSLG48z3OjGcjtqvaZtekT1uyaZ+lFe3TzuOnDMQv8XO64vYDHusqOe8zfvey+nx+gaVOO7ZDvexai5WGBQ1txGrt4W4a\/nyd9ve3Kf1B3N4OKa29308T1raFGuU2nK0kefrQ909puYdH5XLlgRPu7SVo+Jy9\/dUpMjRK9kEzTge09p2zlXLAfxIF0\/NxGr\/iXG+FVv8tFx16P84Qz6l66v54gUZLM145HI1Q+ZPWKWedMMMlQfz2TuzRMvHSp2HviwmaU06gkaNc6bcOU+RFuVitb1KO3y5MwwPdctkufo6HVqvdaZortZmDSjOv21rFfndWuV8loQEaPC2XTd\/zc1kuejnsdg\/urLg+Y+DKKEUrToDSTvErE5brrmhlrXLrb+\/7F6hbwwQrB9+8RfFP7S3ZuSvm8FN36r8pVzLZhk91Bptx7\/skTTiGxLW\/O0kjrdQ2LLVMIC5pj1D8z2na+SFtme7QxAPmR4cdU5rnQVQuNsqJzsoXU7jD\/yKmHdpxDpLs6qPegFOxRU44g80u5XfkotNzvXTt9oh6\/N7LSVp4LyIfKLxknZlqgzL\/CDAP1nMxGrlkbnONxq5k3L\/ptxlKyUV+y6O+X8jFKmVuObNQu\/ThL+0XfSm97lz3gOa+qq0TzTOn4ddt7cJh\/ytNBLbu3gAZXIfDbnfnofMCj1LfL2UOtZLjUdvUrMLuQ68L3NRNZx2dEptl5cu54B1Z6+KA5j\/6kJ95Vr2UvOJf\/NGl9QKx6X\/idO3OAiWc5+U3q9p7\/T2N9h7k1RfKVp52fXuWd1P\/ufKPtPJJynHyq0UvT\/LyfdHBzTGaseVw+UX0qWXw\/Zl+itWSi\/9pnuacOesqHXyRopUqe9ZXjWfKnFmd\/IMqJvZ8rCvEKTTsum1CBvqpF6XoS3Lxabc5SRNfy2WpVUvDQusGYkFU7ZyTy6aDAhXkYm0i5JokiBK08MhoLw+ebsTlexXu8ZtOpSEcuzsV5lDuoA7n3XlznXIBg0L+nvO2F6ZIh1x02punwYTHPDl7MxSvMJyj9w+T5WqyzTG68GWAvO\/zCRorDZ\/K0dhlS4npn2M0UrqI2mnkYsIy1Ci4g9sLtCiXa3YwR4vfyeVGeT5CEccXPLizXuH8KDvYWHVVcfZ1KWoxjo9SVnUuq5Lf+V1JI67bn9ZopcbqbfH3dCvJ3a0+yh92ux1Hnb9RjtaD7sZWzpWxCR\/1usCfNTwj\/ydnaThKk++3ZmlY0BOIH+do8e9rgaoqgkzlppLjJTkvPb92\/iC85HSr9oqTaLezkihDqQp\/wm\/31pzrr9nYtVPvr505hnmaDvL3YH\/K0IcfOa9or+pd8SfI\/Ker2\/s0Thf82kqPj1DyzXLFdiYRo+l78gH\/Hh1Hw\/wmIVKHLaD2Xk7SgPnanTmaE6ViMb77tGVi9lPXaMI2F3RQB7R469BhmDvg54b\/L3V4vRR3Bq5\/TdO1IIFHjDP\/yPnrxSn2a7lYTw2+bvd8JvrPfTpZ85SKFWtpeEZ07ku5bHq5x9UG63TY7bb\/Mub6jPm\/BvkjJweU+WjSlfmK9ar7PtTFZs71edWI31Bk9nxSeki+0dSVpO3S61nvPivC1gxNOkvDQ0lFk0kL4V+s6bIfyd7Ar4z7jzVU9TpU9Z6zze4kk1+PxgezjIdi+\/rUzSbvegyqq8Q1BpUnj\/FxBv75ccdQGZFcPV2Vw5cibCTj0yP7UZbNvubuUenVZb8wH3es284SS3wbzrF3oRG26tfbspBmCWtP7dAAS1XbO7GwzPjFYvlcn97alfyoOHcq9XI1ZN1Dt5Q9zuvYa1pQTMHnOwROeFRgC6rZrs5YZw2rn7pet6oewx77XVgbda8rUtBe0zw5Z24q8TiGwYYvHXa76uFLkYv+U+kqZ\/ALNHwp+GxY6Ted721nIyvyxSaovdf0Pn+vc8riIFPW6tX0QFxYSrhOIjE5xYKYSMMcvL5fYNnMOIu5huAQ6\/1EdSt1jwEVKfyb8eKkF3Itq\/U\/queIjb59jS1bJ8rg7y7s7LDsSool34uz7qP85uiKg+4pEo0kJvT4yjJovtUm9FDdME+nmPH1cpOuG0\/FuVld46Mj\/PtvBwoKhe+c89+GeIbAfwiYn31XBsPr3HFTDRtzD62pcyDmN2X3xAM88XMoMZVm2R8sR\/FHcX0kWSLopBF1UPfr9tGCYlhbiA1cL0+VuV\/IsvQHPvOrVxGIRbJNvCEnyFBPvKG4Xhq13WZO6FFFIN7hwd7+Xp6cExQ1UM2BWPE7tfPrMsg9SKfmBuL9ZcX41iqST6ks+4E6sJaS84dUzHcaNIXeVPywXhdUFUk59vMQ+1lMXgFNNcbOfqNwZwJCFed8LvCSXcT2Hp6OxtjoZ8ssu2PNFIkMTpYtfzbKYkcd64t99pu0pCKP2XSCxWF1TYQryCoCcTVJdWNx1irUkDxLaIfRkOvWY3Y7z9TOol2OIFRlIA6alMewUdvlslPueQiqSV7z3x8mEIsapQHbe92p0rjvw6g1ELsm76k4R0RraH6JOMhfJ1Kl53ptf53DRTmJhSUpb3zOqtCgKcSG\/9edx6rmggrx0sSooxTtOYlDA\/7og7tKmn++c4A9P6YJZ01DpSpqbv\/uteB\/RcaZ+O88vnaYIMztKJoeqqquVVUZDpT\/WpOhAYFYyPF9rzHoeU54UwcNuW6ryLyKYLPqrKkIGIgjL1XIpFuS56xTjdquoUl\/9KGaQMypJiqyppYLxKoMdIOaaepNSxuxmK92ocJsPLZ0wudP+ln9kGajyiohnrx+yEc7fF\/cVZGeKdzLRj2rW\/dZ9pPKf6ow\/BsxpaO7OtszEAuPqvsziMYxu+9xCqqqpD0CrCpgB\/rzYdXuLy\/xdL+9wLbrcNXsfOK+qQ24\/jyjP1XVnH0bDQrEgnF9VHFOHh1gycNmXoJowHUb5C+W9X6wapT4XE0GAQNx7PMsW36v8vH0\/TOnjdquRVV\/BtFo9vJv9jlsIK50P2u1QPykloYFPYHYtL\/D1r\/iJcPT3Sx81F4N2h4Os+7T42z2zk6VORrRlrLAkm\/HWDRs+WEq\/ZA\/Zll6apTFXw6zsLUU+FyIhU\/EWOI90R4WcF9+WGezH4j2ZMt34tuJnhq1fJ8qA7FJHLPr4yxxKsrCtpJTOz+G3SzO9zOd89tLVZW095yv6mreEBtZCfirWH9j6+\/BU\/E3HmXJr9bZTsDNVaYqzfIbUIAboY2qs5ctd93AQGzyOid5Ch2NstjbVZyT9VTn63b\/fpolh\/i2rOdziG9H9IOwZCZrDcTmdVXYmGWj4rqxHMv2ML9mPphl65VOwEZt16XYFjz+Br9\/KY8tv14C\/snJwwdiiZ+Hy5+NG+dhyFIr0lKBWNUB9wkpDQtt4h++0wAAT76taer8uf3Pd\/KASdnSTG41atR2AbjWntADAADgKYdADAAAoBECMQAAgEYIxAAAABohEAMAAGiEQAwAAKARhi8BAABohBIxAACARgjEAAAAGiEQAwAAaIRADAAAoBECMQAAgEYIxAAAABohEAMAAGiEQAwAAKARAjEAAIBGCMQAAAAaIRADAABohEAMAACgEQIxAACARgjEAAAAGiEQAwAAaIRADAAAoBECMQAAgEYIxAAAABohEAMAAGiEQAwAAKARAjEAAIBGCMQAAAAaIRADAABohEAMAACgEQIxAACARgjEAAAAGiEQAwAAaIRADA2VOd9GbSenKS8fAwCAnZ5AvDVNnW38Bt02SBn5VMntQf68eE2VOml6S65HGzTRwZ\/rmOBLVfD77G\/eMj6n8yoPG9blusnQYOm7eOyDlL\/aaVlPtR95mj7JX6shyBnBUblNk9w2X2fwtnyqxPK58rc63DFyHhN3Km6\/vE\/KdN7rSAqKY2WeB77vAwBovOYHYnED\/PkY5eTDmu2u09ou\/\/9UD3UXn6mswmfnN1eN\/\/u6IrblujCCVj\/Ny4dF89Rvy1wIxaBx7LJ9L3OXj9mDxtYizW0SRc8PUDV7KIJw\/035QEl8\/jEa49tWsnwu3RNZoAQlL9XpGAEAPIOaG4hFMDICYYISQ\/I5p9MpYozZ0vZU1HgpsZSl0ePGIi8Qr9EK\/y92qq\/4uJIAn527K4JfnGK\/ti8fHi\/1vS5CcJSS98vfK23sR47G\/lwOsPmr\/cUgOJQuH4P7Sf5O7uZYOWjn1vk7ozR8JmgQLAZ4EYSjQ4ni9lxE6bQYhBN8HaXS5xIt3uDHaGiQH6XDiFPK\/J62tE3JLvG6GegjNHrXuU6av8p1JWn7xuH2AgBAl6YG4nx0kJJD\/KbJUjQon6tEVNGK0mFiiVHqtHxSeLzP\/+mlgd+Ei48rCPzZpwdp4HnF8mFsRWmSB420NSPBxW\/IQLKRK1eZnknT9hJP1sByfJTSRmYkR+uyoJwXpdGuYRqwbK+SgfM8E8KPY\/ZPPfIZB76fg1M88PHMQuqcfM6h\/Ll8X0TAPtegAHh7wsgQRKcmPQK9yDT007wIwndHq6oVAABoJU0NxJHjcRq9Efym6RmETa8M0tmjcrmCyp+9SzsPebB6Y4Dabct1cDzCPzdOcdV3cIiIdU\/HKx6jyKUssaoCEN\/upZT6OJr4Z8f5OtbMglP5c4slWd\/t1YyX3q+IGgSvau86B2FHvwRVm3flNnsAgNro6awVgBmEhfnXFTc+UYW9NkLBysNBhGl4hdHCGyL0WpcbRVQVF9uMK7bz8kBRPBYJGmxI4GsxvqVhGYTF4uYYHfPp8BZEdGOM2oxmgzJne7z1XDSJdRCMAaAeWjYQR07Yu2C5Ois9yYwSmOwQxUt1ac\/OTsV2XTNQJJZSHtW0T5NKpeEo9RhtxyZVh7fgcps5HvC3y+3Oivb4Yn+BBKVLbdOifR+d1ACgPlo2ENs6bZVujv2K4TSSo3rRSHUbvyoDonP7vkkdHIwqTrME5lu1Wu44JXhWz5eo99HzeLWqim3D9k5bpQ5vZ2r8rYfSlLUG1OOjlF0SLfc5mvu6uMXoSXH2iYBfrpmJ33gWMkUA0AytG4itSjdHoo17T251oBg6ZFZxisDq2cZrjHGV1a8iWPOA05i22FZTqTTsFr8he1dvit7c1SsGWYdoj61XeeRSWvbgljUzIpODSUoAoE6ejEAchGLYU3Wdmfyohs5USvYe0qIkbIzflcOSvAMrLwkbw6zkUKfA30G9j09UAK9YGq6\/3I1Fd0A1hmhZWY6tzBCK9ul+tBEDQB20XCA2Z32yVamKEqIchxt83GwrydCEKAmL0m2F8a75q2NGSdg2ZvqZUKE0bM6E5SiJZs7L6vsg45lVpWZnQFWca0Zzgtk\/QWT4ZFNJse0YAOCQeC6\/abanokx8pDJ1Jdk2S7Nkl\/c60altuaXqVf7sBrqfZPzGrf5sI0UZL\/0a0kOq1y1pKF1csWppxsty6m3ylFjiq\/juZ3kfq2F8nyDHdylhfI7Xb7zNX\/fetwT\/dn62+Xllriu\/R6XfpHScvY\/bYc5HAABTi5WI4zR6N8szB3KiCwtjIgr0Un06lUqh3m3DEV4SzbLyLGslRht6pY5TERr9Wnb4cxA9pp3bNHpRl2ouiuOlVevgfASAemgT0VguA9SdMbf1Rp0m3gAAeAo9PZ21AAAAnkAIxAAAABqhahoAAEAjlIgBAAA0QiAGAADQCIEYAABAIwRiAAAAjRCIAQAANEIgBgAA0AiBGAAAQCMEYgAAAI0QiAEAADRCIAYAANAIgRgAAEAjBGIAAACNEIgBAAA0QiAGAADQCIEYAABAIwRiAAAAjRCIAQAANEIgBgAA0AiBGAAAQCMEYgAAAI0QiAEAADRCIAYAANAIgRgAAEAjBGIAAACNEIgBAAA0QiAGAADQCIEYAABAIwRiAAAAjRCINcucb6O2k9OUl48BAODZ0hqBeGuaOtt4QOJp8LZ8roGM4Cc\/T5laMjBmaFC1r2Y6n5Hr5Wn6pOJ1M\/l+N\/kZyBgAADSN\/kAsgvDPxyhnPIhST9RYaKA85TbkopfuKEXkYsvYypHfbifOxeVSjtY35aJC9PyA93eTn+G7DgAA1JXmQMxLYEYQjlK0Szzupuhx44WGGviaEWPOlKaE8WqC0jfMoNZKBijt2Of0UPGVxBKj1OniMm1FadKx3vZUMXcTndqm7CWfEJtbNzJE3ScQhgEAmkVjIBZVqP00LwIfS1K3KMUNDVLjQ2CEIopgnzkv9kUEtVQT9qEGx\/l+y0Wz+rn\/pjh2liAs2NYrVsMfu0yUvM\/8gzCXv2eUh5tQKwEAACZtgThz\/hiNbUZ5gOCBz6wSPakpAtwe5EGN\/z+Utgc1h\/zVTqOdVbRjm8vFNMjL9vZ1iqmTprfkC\/VitKfzY0dJ2mZ+mYZie28xWGdpNEBNQ+6uUR621UqU29PL39Hapm8k0aYsn+u8itZlAICqMA3SQ8TERyeW5BNLCfvjpkqzBP9sXhbmS\/6K+51gCbn\/tjSUZMkuxfNdSbYt369ibLPCOiXyOJXSkMce308ynqUJvA9F8jhY1jV\/p+hU+d3bU9Hydl0pynjJGwAAqtD0ErEoMYrSp7VdM3NLVArrqBI1q8dlyVw+q2Z28pqn+ZtifdkGez\/J383dHJMlfLNt1mxzrqNoT\/GzTDf7Lb2lLY5HebnWYnOMjlXqCW12BpMd1URJWPxOtnZlXurtvyxKzdbvydOS+U2b08YPAPBU4TfS5pElOmsJi5exZEkyaIm0UgpeKjNLd\/b98VAqZTq3b5aoPZ6vZ4nYqlQ6rvB9LaVj3xoHZ2lbJEeJ2zz+7u0E+64AAODWvBKxaEN8XZR8iXKXj5XbF0V7pzHcZp76xWNVCU+K37CUwjxTsPbQUumuK0npCp2YDLJHMQ0l7ds3S5IezzdsKNDpVKnXtK\/jo5SWvab9FDtq2ZWHRAmyRoAfr0mvdvTuFhz2BQDQ4jQPX3Kz3\/wbJU\/TZ4rDppJfjwYKHmagcu2fDNBezzduKJBZVV65OrjYCcu\/6t9cx6hyltXt81es1dne45PzV8eMHufaOtsBADzBmhiI3eNgjSTbF0VbpHjs12u5XvJX+41SeHQqHaz0zHkFM68hP3UbCnR70Kg5sM84Jtq2ZU2COeTLo9ey2dZLXcM04PldzdKuXIeXopOitL05RhOlz+XfRYz1tj3H8f07ZrQbNzLTAQDwFOPBTyuznbZpPabNtlCvHsdKsh3b1Qbq1b5dZbu3T9uqf7t4efuH680s23itx8RsW7bsm\/9nVP6uAADgprlqOk+LN0RpKkGDTSgJG6VLo526ytmzthZpTpQ+nW2g5vOuiUhkNW6Xo5dzDYrt4ooe2ENp\/ny5p3fkUpY\/3iaeAbDrEuONK7Sb3065q5YtpeJ+WcoWn8GDsbFsSizJfavDdwUAeBa1iWgsl0EDo+p4gwfLu8HaqluOmbkRGYOWnBoUAKC1tVxnLWhVeco7Zwkr1TDwknFTOtkBADx9EIghmNsTdOzn5pAzmWQQFqXhZnSyAwB4GqFqGgLJb+WJvu4v9ZAuEsOdAo7bBgAAJQRiAAAAjVA1DQAAoBECMQAAgEYIxAAAABohEAMAAGiEQAwAAKARAjEAAIBGCMQAAAAaIRADAABohEAMAACgEQIxAACARgjEAAAAGiEQAwAAaIRADAAAoBECMQAAgEYIxAAAABohEAMAAGiEQAwAAKARAjEAAIBGCMQAAAAaIRADAABohEAMAACgDdH\/A4DV+0+bjn0lAAAAAElFTkSuQmCC\" alt=\"\"><\/p>","protected":false},"excerpt":{"rendered":"<p>Tegund: ALU47<\/p>","protected":false},"featured_media":79622,"comment_status":"closed","ping_status":"closed","template":"","meta":[],"product_brand":[],"product_cat":[588,1033,515],"product_tag":[],"class_list":{"0":"post-77228","1":"product","2":"type-product","3":"status-publish","4":"has-post-thumbnail","6":"product_cat-handverkfaeri","7":"product_cat-legubretti-og-hjalpartaeki-handverkfaeri","8":"product_cat-verkfaeralausnir","10":"first","11":"instock","12":"taxable","13":"shipping-taxable","14":"purchasable","15":"product-type-simple"},"yoast_head":"<!-- This site is optimized with the Yoast SEO plugin v27.3 - https:\/\/yoast.com\/product\/yoast-seo-wordpress\/ -->\n<title>STEDOX ALU-Support 47 - V\u00e9lar &amp; Verkf\u00e6ri<\/title>\n<meta name=\"robots\" content=\"index, follow, max-snippet:-1, max-image-preview:large, max-video-preview:-1\" \/>\n<link rel=\"canonical\" href=\"https:\/\/velarogverkfaeri.is\/en\/verkfaeralausnir\/maelitaeki\/hallamal\/product\/stedox-alu-support-47\/\" \/>\n<meta property=\"og:locale\" content=\"en_US\" \/>\n<meta property=\"og:type\" content=\"article\" \/>\n<meta property=\"og:title\" content=\"STEDOX ALU-Support 47 - V\u00e9lar &amp; Verkf\u00e6ri\" \/>\n<meta property=\"og:description\" content=\"Tegund: ALU47\" \/>\n<meta property=\"og:url\" content=\"https:\/\/velarogverkfaeri.is\/en\/verkfaeralausnir\/maelitaeki\/hallamal\/product\/stedox-alu-support-47\/\" \/>\n<meta property=\"og:site_name\" content=\"V\u00e9lar &amp; Verkf\u00e6ri\" \/>\n<meta property=\"article:publisher\" content=\"https:\/\/www.facebook.com\/VelarOgVerkfaeri\" \/>\n<meta property=\"article:modified_time\" content=\"2026-02-02T14:00:58+00:00\" \/>\n<meta name=\"twitter:card\" content=\"summary_large_image\" \/>\n<script type=\"application\/ld+json\" class=\"yoast-schema-graph\">{\"@context\":\"https:\\\/\\\/schema.org\",\"@graph\":[{\"@type\":\"WebPage\",\"@id\":\"https:\\\/\\\/velarogverkfaeri.is\\\/verkfaeralausnir\\\/maelitaeki\\\/hallamal\\\/product\\\/stedox-alu-support-47\\\/\",\"url\":\"https:\\\/\\\/velarogverkfaeri.is\\\/verkfaeralausnir\\\/maelitaeki\\\/hallamal\\\/product\\\/stedox-alu-support-47\\\/\",\"name\":\"STEDOX ALU-Support 47 - V\u00e9lar &amp; Verkf\u00e6ri\",\"isPartOf\":{\"@id\":\"https:\\\/\\\/velarogverkfaeri.is\\\/en\\\/#website\"},\"primaryImageOfPage\":{\"@id\":\"https:\\\/\\\/velarogverkfaeri.is\\\/verkfaeralausnir\\\/maelitaeki\\\/hallamal\\\/product\\\/stedox-alu-support-47\\\/#primaryimage\"},\"image\":{\"@id\":\"https:\\\/\\\/velarogverkfaeri.is\\\/verkfaeralausnir\\\/maelitaeki\\\/hallamal\\\/product\\\/stedox-alu-support-47\\\/#primaryimage\"},\"thumbnailUrl\":\"https:\\\/\\\/velarogverkfaeri.is\\\/wp-content\\\/uploads\\\/2026\\\/02\\\/d30c2386-bd8f-4a6c-a38b-0e7dbc4fa96e.png\",\"datePublished\":\"2025-10-30T14:56:18+00:00\",\"dateModified\":\"2026-02-02T14:00:58+00:00\",\"breadcrumb\":{\"@id\":\"https:\\\/\\\/velarogverkfaeri.is\\\/verkfaeralausnir\\\/maelitaeki\\\/hallamal\\\/product\\\/stedox-alu-support-47\\\/#breadcrumb\"},\"inLanguage\":\"en-US\",\"potentialAction\":[{\"@type\":\"ReadAction\",\"target\":[\"https:\\\/\\\/velarogverkfaeri.is\\\/verkfaeralausnir\\\/maelitaeki\\\/hallamal\\\/product\\\/stedox-alu-support-47\\\/\"]}]},{\"@type\":\"ImageObject\",\"inLanguage\":\"en-US\",\"@id\":\"https:\\\/\\\/velarogverkfaeri.is\\\/verkfaeralausnir\\\/maelitaeki\\\/hallamal\\\/product\\\/stedox-alu-support-47\\\/#primaryimage\",\"url\":\"https:\\\/\\\/velarogverkfaeri.is\\\/wp-content\\\/uploads\\\/2026\\\/02\\\/d30c2386-bd8f-4a6c-a38b-0e7dbc4fa96e.png\",\"contentUrl\":\"https:\\\/\\\/velarogverkfaeri.is\\\/wp-content\\\/uploads\\\/2026\\\/02\\\/d30c2386-bd8f-4a6c-a38b-0e7dbc4fa96e.png\",\"width\":900,\"height\":900},{\"@type\":\"BreadcrumbList\",\"@id\":\"https:\\\/\\\/velarogverkfaeri.is\\\/verkfaeralausnir\\\/maelitaeki\\\/hallamal\\\/product\\\/stedox-alu-support-47\\\/#breadcrumb\",\"itemListElement\":[{\"@type\":\"ListItem\",\"position\":1,\"name\":\"Home\",\"item\":\"https:\\\/\\\/velarogverkfaeri.is\\\/\"},{\"@type\":\"ListItem\",\"position\":2,\"name\":\"Vefverslun\",\"item\":\"https:\\\/\\\/velarogverkfaeri.is\\\/vefverslun\\\/\"},{\"@type\":\"ListItem\",\"position\":3,\"name\":\"STEDOX ALU-Support 47\"}]},{\"@type\":\"WebSite\",\"@id\":\"https:\\\/\\\/velarogverkfaeri.is\\\/en\\\/#website\",\"url\":\"https:\\\/\\\/velarogverkfaeri.is\\\/en\\\/\",\"name\":\"V\u00e9lar & Verkf\u00e6ri\",\"description\":\"Umbo\u00f0s- og heildverslun fr\u00e1 \u00e1rinu 1919\",\"publisher\":{\"@id\":\"https:\\\/\\\/velarogverkfaeri.is\\\/en\\\/#organization\"},\"potentialAction\":[{\"@type\":\"SearchAction\",\"target\":{\"@type\":\"EntryPoint\",\"urlTemplate\":\"https:\\\/\\\/velarogverkfaeri.is\\\/en\\\/?s={search_term_string}\"},\"query-input\":{\"@type\":\"PropertyValueSpecification\",\"valueRequired\":true,\"valueName\":\"search_term_string\"}}],\"inLanguage\":\"en-US\"},{\"@type\":\"Organization\",\"@id\":\"https:\\\/\\\/velarogverkfaeri.is\\\/en\\\/#organization\",\"name\":\"V\u00e9lar & Verkf\u00e6ri\",\"url\":\"https:\\\/\\\/velarogverkfaeri.is\\\/en\\\/\",\"logo\":{\"@type\":\"ImageObject\",\"inLanguage\":\"en-US\",\"@id\":\"https:\\\/\\\/velarogverkfaeri.is\\\/en\\\/#\\\/schema\\\/logo\\\/image\\\/\",\"url\":\"https:\\\/\\\/velarogverkfaeri.is\\\/wp-content\\\/uploads\\\/2021\\\/10\\\/vv_logo_350x100.png\",\"contentUrl\":\"https:\\\/\\\/velarogverkfaeri.is\\\/wp-content\\\/uploads\\\/2021\\\/10\\\/vv_logo_350x100.png\",\"width\":350,\"height\":100,\"caption\":\"V\u00e9lar & Verkf\u00e6ri\"},\"image\":{\"@id\":\"https:\\\/\\\/velarogverkfaeri.is\\\/en\\\/#\\\/schema\\\/logo\\\/image\\\/\"},\"sameAs\":[\"https:\\\/\\\/www.facebook.com\\\/VelarOgVerkfaeri\"]}]}<\/script>\n<!-- \/ Yoast SEO plugin. -->","yoast_head_json":{"title":"STEDOX ALU-Support 47 - V\u00e9lar &amp; Verkf\u00e6ri","robots":{"index":"index","follow":"follow","max-snippet":"max-snippet:-1","max-image-preview":"max-image-preview:large","max-video-preview":"max-video-preview:-1"},"canonical":"https:\/\/velarogverkfaeri.is\/en\/verkfaeralausnir\/maelitaeki\/hallamal\/product\/stedox-alu-support-47\/","og_locale":"en_US","og_type":"article","og_title":"STEDOX ALU-Support 47 - V\u00e9lar &amp; Verkf\u00e6ri","og_description":"Tegund: ALU47","og_url":"https:\/\/velarogverkfaeri.is\/en\/verkfaeralausnir\/maelitaeki\/hallamal\/product\/stedox-alu-support-47\/","og_site_name":"V\u00e9lar &amp; Verkf\u00e6ri","article_publisher":"https:\/\/www.facebook.com\/VelarOgVerkfaeri","article_modified_time":"2026-02-02T14:00:58+00:00","twitter_card":"summary_large_image","schema":{"@context":"https:\/\/schema.org","@graph":[{"@type":"WebPage","@id":"https:\/\/velarogverkfaeri.is\/verkfaeralausnir\/maelitaeki\/hallamal\/product\/stedox-alu-support-47\/","url":"https:\/\/velarogverkfaeri.is\/verkfaeralausnir\/maelitaeki\/hallamal\/product\/stedox-alu-support-47\/","name":"STEDOX ALU-Support 47 - V\u00e9lar &amp; Verkf\u00e6ri","isPartOf":{"@id":"https:\/\/velarogverkfaeri.is\/en\/#website"},"primaryImageOfPage":{"@id":"https:\/\/velarogverkfaeri.is\/verkfaeralausnir\/maelitaeki\/hallamal\/product\/stedox-alu-support-47\/#primaryimage"},"image":{"@id":"https:\/\/velarogverkfaeri.is\/verkfaeralausnir\/maelitaeki\/hallamal\/product\/stedox-alu-support-47\/#primaryimage"},"thumbnailUrl":"https:\/\/velarogverkfaeri.is\/wp-content\/uploads\/2026\/02\/d30c2386-bd8f-4a6c-a38b-0e7dbc4fa96e.png","datePublished":"2025-10-30T14:56:18+00:00","dateModified":"2026-02-02T14:00:58+00:00","breadcrumb":{"@id":"https:\/\/velarogverkfaeri.is\/verkfaeralausnir\/maelitaeki\/hallamal\/product\/stedox-alu-support-47\/#breadcrumb"},"inLanguage":"en-US","potentialAction":[{"@type":"ReadAction","target":["https:\/\/velarogverkfaeri.is\/verkfaeralausnir\/maelitaeki\/hallamal\/product\/stedox-alu-support-47\/"]}]},{"@type":"ImageObject","inLanguage":"en-US","@id":"https:\/\/velarogverkfaeri.is\/verkfaeralausnir\/maelitaeki\/hallamal\/product\/stedox-alu-support-47\/#primaryimage","url":"https:\/\/velarogverkfaeri.is\/wp-content\/uploads\/2026\/02\/d30c2386-bd8f-4a6c-a38b-0e7dbc4fa96e.png","contentUrl":"https:\/\/velarogverkfaeri.is\/wp-content\/uploads\/2026\/02\/d30c2386-bd8f-4a6c-a38b-0e7dbc4fa96e.png","width":900,"height":900},{"@type":"BreadcrumbList","@id":"https:\/\/velarogverkfaeri.is\/verkfaeralausnir\/maelitaeki\/hallamal\/product\/stedox-alu-support-47\/#breadcrumb","itemListElement":[{"@type":"ListItem","position":1,"name":"Home","item":"https:\/\/velarogverkfaeri.is\/"},{"@type":"ListItem","position":2,"name":"Vefverslun","item":"https:\/\/velarogverkfaeri.is\/vefverslun\/"},{"@type":"ListItem","position":3,"name":"STEDOX ALU-Support 47"}]},{"@type":"WebSite","@id":"https:\/\/velarogverkfaeri.is\/en\/#website","url":"https:\/\/velarogverkfaeri.is\/en\/","name":"V\u00e9lar & Verkf\u00e6ri","description":"Umbo\u00f0s- og heildverslun fr\u00e1 \u00e1rinu 1919","publisher":{"@id":"https:\/\/velarogverkfaeri.is\/en\/#organization"},"potentialAction":[{"@type":"SearchAction","target":{"@type":"EntryPoint","urlTemplate":"https:\/\/velarogverkfaeri.is\/en\/?s={search_term_string}"},"query-input":{"@type":"PropertyValueSpecification","valueRequired":true,"valueName":"search_term_string"}}],"inLanguage":"en-US"},{"@type":"Organization","@id":"https:\/\/velarogverkfaeri.is\/en\/#organization","name":"V\u00e9lar & Verkf\u00e6ri","url":"https:\/\/velarogverkfaeri.is\/en\/","logo":{"@type":"ImageObject","inLanguage":"en-US","@id":"https:\/\/velarogverkfaeri.is\/en\/#\/schema\/logo\/image\/","url":"https:\/\/velarogverkfaeri.is\/wp-content\/uploads\/2021\/10\/vv_logo_350x100.png","contentUrl":"https:\/\/velarogverkfaeri.is\/wp-content\/uploads\/2021\/10\/vv_logo_350x100.png","width":350,"height":100,"caption":"V\u00e9lar & Verkf\u00e6ri"},"image":{"@id":"https:\/\/velarogverkfaeri.is\/en\/#\/schema\/logo\/image\/"},"sameAs":["https:\/\/www.facebook.com\/VelarOgVerkfaeri"]}]}},"_links":{"self":[{"href":"https:\/\/velarogverkfaeri.is\/en\/wp-json\/wp\/v2\/product\/77228","targetHints":{"allow":["GET"]}}],"collection":[{"href":"https:\/\/velarogverkfaeri.is\/en\/wp-json\/wp\/v2\/product"}],"about":[{"href":"https:\/\/velarogverkfaeri.is\/en\/wp-json\/wp\/v2\/types\/product"}],"replies":[{"embeddable":true,"href":"https:\/\/velarogverkfaeri.is\/en\/wp-json\/wp\/v2\/comments?post=77228"}],"wp:featuredmedia":[{"embeddable":true,"href":"https:\/\/velarogverkfaeri.is\/en\/wp-json\/wp\/v2\/media\/79622"}],"wp:attachment":[{"href":"https:\/\/velarogverkfaeri.is\/en\/wp-json\/wp\/v2\/media?parent=77228"}],"wp:term":[{"taxonomy":"product_brand","embeddable":true,"href":"https:\/\/velarogverkfaeri.is\/en\/wp-json\/wp\/v2\/product_brand?post=77228"},{"taxonomy":"product_cat","embeddable":true,"href":"https:\/\/velarogverkfaeri.is\/en\/wp-json\/wp\/v2\/product_cat?post=77228"},{"taxonomy":"product_tag","embeddable":true,"href":"https:\/\/velarogverkfaeri.is\/en\/wp-json\/wp\/v2\/product_tag?post=77228"}],"curies":[{"name":"wp","href":"https:\/\/api.w.org\/{rel}","templated":true}]}}