{"id":77127,"date":"2025-10-25T17:56:16","date_gmt":"2025-10-25T17:56:16","guid":{"rendered":"https:\/\/velarogverkfaeri.is\/?post_type=product&#038;p=77127"},"modified":"2025-11-13T13:47:56","modified_gmt":"2025-11-13T13:47:56","slug":"norton-slipikubbur-sp001-2sides-123x98x12-mm-p180-78072760940","status":"publish","type":"product","link":"https:\/\/velarogverkfaeri.is\/en\/verkfaeralausnir\/slipi-og-skurdarvorur\/sandpappir\/product\/norton-slipikubbur-sp001-2sides-123x98x12-mm-p180-78072760940\/","title":{"rendered":"NORTON Sl\u00edpikubbur SP001 &#8211; 2SIDES-123x98x12 mm P180 78072760940"},"content":{"rendered":"<p><img decoding=\"async\" src=\"data:image\/png;base64,iVBORw0KGgoAAAANSUhEUgAABf4AAABJCAYAAABsDjfeAAAAAXNSR0IArs4c6QAAAARnQU1BAACxjwv8YQUAAAAJcEhZcwAADsMAAA7DAcdvqGQAABdLSURBVHhe7d0PcJT1ncfxT6\/MNBWvi+LMUpg5UpghFRwjoZgzVFfD2UjaAUGNl3Ro3EhB\/jQCWgS8E9ErYLQIKf6Bc4gpd1DWw5rciKw3UmIHx9ARjaMpyxS6dMpNMqMjO7XjWuns\/X7P8+xmExIuCfmz2b5fMw+7z293n31gZr98f9\/n9\/s9X0oYAgAAAAAAAAAAWeHvvEcAAAAAAAAAAJAFKPwDAAAAAAAAAJBFKPwDAAAAAAAAAJBFKPwDAAAAAAAAAJBFKPwDAAAAAAAAAJBFKPwDAAAAAAAAAJBFKPwDAAAAAAAAAJBFKPwDAAAAAAAAAJBFKPwDAAAAAAAAAJBFKPwDAAAAAAAAAJBFKPwDAAAAAAAAAJBFKPwDAAAAAAAAAJBFKPwDAAAAAAAAAJBFKPwDAAAAAAAAAJBFKPwDAAAAAAAAAJBFKPwDAAAAAAAAAJBFKPwDAAAAAAAAAJBFKPwDAAAAAAAAAJBFKPwDAAAAAAAAAJBFKPwDAAAAAAAAAJBFKPwDAAAAAAAAAJBFKPwDAAAAAAAAAJBFKPwDAAAAAAAAAJBFKPwDAAAAAAAAAJBFKPwDAAAAAAAAAJBFKPwDAAAAAAAAAJBFKPwDAAAAAAAAAJBFKPz3WkzNj89WMBT39odOeMUsrXsz5u0BwBA4G1LFrTWKuHtD51StFsyvV+S8tw8AA26YcrrzYS27Yb2aSOkAAAAADIHBL\/wfrNLo0Zdr9KKw19CdZq2bZN4zp17tdvfYek0yn1mwz9nLCJFtpSreEtf063K8lqGTO22Mds0p0Lq3vAYAGS6soI17Xbbx07+rdY0DEdeiqr3RHHPSejUPRoE8Zs5\/ZpWOTMzXOK9pyFyVr9zIchXM9\/4\/AJC5kjle2jb2WhPnXo6qc0m97zErum2Gc7zgQa9hAA1fTper\/DG7VDp9kGI3gEvXQ981ZtrH2\/bxVQo7F++8uDbdGyTh9V+Lfha1ewCyVvf9vNHjZ6hiW7NiQ\/b\/u4lBM93vLq3r2mtKvjZDtae8pkHj\/XvMrDXfCiATZciI\/1xNL85T3rRx8tndsXn6xyn5ypvo7A2\/U7Uqf7hFJXUHVT3FaxtCeUv3andZTLV3rqajCIwouQoEK1Vpt7JC5ZxsUm15gZa9fqmjTD9X\/FP7GNM571ADVySLK\/zA9xUas0avPV\/ixuSh5Ato6yuPKO\/wcgUvSGIBZKSJATfOBUuUd9bEuYXXaNKisIlQSRfGrGEznDndqDwt+cVulcVqNX9ts9cIIOOdrNWcu0Imgvm05L92q8RJjq5QXr7pv87I1Ri7O+E6Babk6brJV9g9AFkvrZ8XLFNhTkQND8\/W1fel5z\/91bdietOD69TAbEIAPciQwr9fZS+8o+NPlcgZezW5UnvfParNRUM\/uv5CcYX+Zb0iE9doc9lwXYjwad6Pq5Ub26V1\/04hDBg5rtf9O57Rs3are0OnX1tsYlxM9U\/vv8TR7Hla8+6n+vPpZ1Ryudc0UFprtHpfXPMeXaP8UV7bUJtSrbVzbRL7hJq42AlkvqJqN87tOKC32k\/p2VIT6fbdoWAo2QsdxJjVJxmQ0\/nmau3KXMWeW6+dZ702AJnrfEQ131+vFvM0\/yeHtbXIbbb9s5Idpv\/6QpnpyRoTylT37jsm\/mXIwDUAgyytn7djtw6fPKo1E2Xynwe0rdV7y1CJh7T0cQYUAOhehhT+44rsqVLReHeq0mjfBBWtaFR7suBzqlYFtn3RLjWsmKXxPvd9k8q7rAMda1Zt+eTUMUofr9c6Z4pTlVKTNc\/H1LytQtPGuscYPeW72vj6RS6PftqoXzRK\/rvmmW6rJ3k+Qfd8xtrnyfOJt6e1XaVp6efY389ZU3+gJVOl5t37mUIFjFQTcmXyQemjmD6zj6mYUKP6+W7sSo7Yj59q1LIbJzhtNiYULbJxwn2tY\/qmjW3uiJBpD7ur8YfuMu1po0MufpwLteyvN58t0e2lHRdeU7MJnjPHuuEq91i+yaqoiyh+Nq1t7DVOW1J4kf3OGVq3p1YVU+xz+x73niWxY2lt47vexyRHZQvLzMnv0ouve00ARoZRflVuecTJmcJP2nhipcespC75mIkDwT0mpnivXsAuQebkibNUe9JrG6E5XV7FYvP9zdr5EhkdkNliCt9XrI2tkq\/8gF5bmYocjnhrvYLJHMj5rdeqOS0EpfKnp+q1wC5rm5a3jb7xMYXS4tfYTvf\/6G60r9eWiqO9OY7Rm\/4xgEs3Kl+332UvA0bV3OwN8YpHVL+oo35lc51lacu+dhcjfu603aGQfUPrek2zr190RneOfD7zU3\/uXm087jV1I9kvS1\/6x23rOH7\/+25Wm8Jr0\/OhXV36nHFFX17eUfMzx+2U912kXwzg0mRE4T\/6s9kquC+kaF61tu7ZrTXFOWqpq9D0rtOg963Wqkiebl9YqZLJUnvjcpXvSKZDplP5vdnO+tn+ojJVLixRvG65ajtdbY0rvGKqih9u1GcF5j12Stb5JtXMn6rVPa2f\/+YhJym6bVa+u58u5J7P3fY4Jsbb87llUoGWfmjb7Dma4GbaFmzucnvMfn0uV4WBHBP8w2pi0D8wMp2N6ox9zM8zv+g0oce07HBc\/gl+jbP1dpP4FF9bofr3x6nETh8tnaiWfT2te3+dVu7Zq61lzngzFa7cq71PlLhr8\/fpOFZUTQfNKwUBXd\/NqNzQg6t04pt3O8sW+c\/bwlaxJs1c6rYFS5Qbj5q2O5wOcoeIalfUK\/4d+\/2mwxxvUa2JuVffusttM8fyxUzbnKUKOUuBeGYEFDAPjYcZvQKMOJMDmmdDUut7akkfxJCm+UE3H\/vkWpuPmdzH36LQfTO0oLslvmJNWn2j6QTHfCp7KblEzwjO6SYX6mYT6yPhJu5lAmSsz537gSzYFzN50Sb9quvyhydNjjVzuUKtE1M5VrRxvYqvXq5wej5jhDaYtrjf5Hnj3Nnt1vEaBes\/V6C8UmXX+xR\/v1alD\/SjFH\/R4\/SmfwxgoOT8vbPwl859aod4md\/frTO0bF9U31y6VXtfWKOSnBbVlxdckKekx4ivl5r37qlWoX3BX6atpp+3spu0pcNErdy2xvQto6p5eCDukdbPvltrrVYfHOfkPjYWtTeuVsFCu0Say9b8pi2sV4u\/xM37\/qGHvK9rvxjApUsMtleDicsuG5247N5DXkNX5xJHnlyWWLp8e+LtP3lNXzQk7rGfuXJV4m27\/7vtiel2\/\/YXzbs9kSfctjv3Jz6z+0dXJa60+zfvTLQ5bzD+tD8x37ZdFkw43\/7hxsRU7zOp4\/xxZ+IW29bD+f3+6QLz+YLE9t95DVZ35\/POxsQ3bNvVGxPvfeG1Jc\/xthfdc+rv5zxtu0udf8ulYa8BQIY65Mawy4oTaw80JF4x2\/6ng4npXzNtXytObI94b0vGhKvXJd52Apn1WWL\/P9vPTks8+o7XZBy5f2xaLPp9Yvu37Hu82GZbnFg1OnHPq15Dr47TlXfeXeJh8tjzf56KXIn3HpnktE195D2vJZE48aT7vjm73ch16F77\/ZMSa5udXcOc0522zRxrf8exXrnHto1NrDrqNTjeTqy60rR\/e7v52wLISD3meMkY1UPMansxMcd+7ltpv+8vvPjj\/eZTMa3hRGL7t+1nRyduePqE+15rROd0bYkXbzNtly1LxXAAGSIZ175V4P52zVZ+oCNncXWfYyXzoFuedX\/tyTg2df3bbn\/V4cW6b5jcLxknkn3fb5jY4TR470mPkcm2VO7Xi+P0pn8MoI+6\/hY9X5xIPOHkOl6f5tyRxBPLlyWW1qb9\/hvc+HLlA06Vq4cYYXUXA7pKz7U+SxxaMt45ltvH6pqHmSM6\/bLOOZDb1tF\/7F\/fzTvXK1cljqRi0XuJR6+27ylNvGiDj4k75fY96fnRF0fcvl7y79htvxjAQMiAEf8+BR6066JVqzA5wnTUV9zH+Dmdc5+5xno3\/7W+7F3+i7apzT680+xMEwr8YJ67zqJ1ua\/TyIzoG2HZ+QH+y8\/pyMuNarBbszdjoCXivNZV5AM7QitfeZPd\/U7Sz8c3xr2xU1Fhx7rYyXNMLuuR1M\/P+f3u36xt2O+MB6B3mlW7sEIVZgs+HHKWevDdNM8ZFdpJUUCFqRENTTrSaB\/9ike9OGW2EzEbNSJ6t8tg05714zinIs4atnnXdJ7KnuQb2xFRfVe4I1quL+wYgvIVL4a1xdIj1xh9faz31JuKatf7vnlGx7Fyvmz\/jOuTTgHfr9xJ5uHsuQG4QRaAjPJOk4lQ5ldeGuiY\/TSqRHV\/\/lR\/\/nV1pxlRLU9Wad1xEyfK9nZaZmNk53R+jZtgH9sU6zIyGECGaI2YbMnVsGKVwp2SES\/H8pfp9gK3xcqbe7ezjFjz4aaO5SuM62cVdoz0TzKxw5+ME8m+b3vU6df2yUWO05v+MYD+OqbtK5ZrmbctmDnDnfV800\/1kL0XiC+gNXb9\/x+l\/f6932r8XKdOT\/cxok9yVPLE0yoxz8Ir118w66hv+tl3m5SrialYlFz2yMTKd8zDW01qsO0T7CxIL2drjOgTe8jW91Kx1tGpXwxgIGTGGv92eYi13+1YozW5pllf\/NVNr5LF8W5572kPrXYKce5Wq5G2kET0f\/ucEgIYFmV62RaynO0jnf7lYl1xeL2K\/yl9zdYLucWhjosGdlsd6vvEzYE6zrDqTycYwDCL6ZOP7WOuxl0kLRtzxf9ffooct5cjTaoYPqIT6csGZUVOZ+Iba\/0AGcouLXZWh5eaOBULKfhAuNNABCfHGjumcxF9Sr6c4RDewLRh15v+MYB+iqqprl713hb+Q64CP9qr0\/9dmbrQZu+1tm7ONal170ff1ecqV+\/5yvTcjoCJV\/Va\/eSxThcfh0NykJjjvDf04a3atJxttUZatxQYqTKg8B9XKHiNKn72nvK3HNWHp0\/p9Ondmue92mveiKr29otED+89gR2nvEJc2vabziPMMlnueGf1bgAjSo7836l2btKt1v1qdBb7795X7R85i3W4a5wyW12p85ZeGajjDCt\/rnu\/AgAjR2uD25mb2v39QpLOfdKL+TwFj2jvv+aZjuwuzU+\/91NW5HQXvzACYBiVPWdyJZ8KH92tSlv731ellQc7YpaTY33cZVaiN3NSueMyI3fpTf8YQD+lD\/Ay28cf6OCWuR0zcD4NqeraCtW2XKtNv\/5Ap22d64W53ouDw79wqzaYvmb0qWV64rTXOExi6dMBRjkRUzlL3+icrznbbmemAoDBkwGF\/ya9ZqdKjq3U\/T\/MV67fL\/\/YHHkTFXstd1aJc2W1KXSo44YmsbZOyVju7BKnI9j0bL2z5EZS7Fhzp\/107pIXLYqk3f18uCSTtnFjmPsEjEix9\/Wuk4SZDmFqCmVXAd1sc8L4z\/V8Y1oEOx9R87FeFMlS+nGcyXnOSDV3OYzh1q6o\/bea0GU0HYDMZmJM7ZIaZ1ZTyY8ruy\/Aezfvbj\/Y1DH7yXSQK+xouBs7z4gqW7dG8x7c63RkY88tSN0Qb2TndO1qO2sfx8l3kQsjAIbRl73e6OUl2vpipclFYgotSi754+VY7SG9ctzuuyK\/NPHIPBYWBy5x2Q5P+oWF8597T3qvN\/1jAIPkzUPO8ja+4P1aUpDrzLzxjx7kOs6oPK3ZvtjEq7ji3Q75P6f0MRfxv3pPBsLpqM6k8q+IXnnJRh0TK2eYh6KAM7A3XrdTDekB6GSzmglIwKAbusL\/W7Wp9c9S25awSUKu0803mdc\/rlXVfNtepeIpFX1f6qdgiTbY47y5XDfcWuUeZ\/pyhd1XXVPv19Zyn9T6mApm3uGew10zNP6W2ZqzwZ1K3lXuFKcMphMZUPhvi54wfwaUtqQ2gIyWvvajjUkmtpkkzLdwseb2WOzJUdnGTcq3s6HKC1QcTMbFGSq+pUqhHpKjr\/rcsWWhtSa2ObG1P8fJ03Q7IyHS\/frYQ+rTM4qaf6ucwsIRMnIX+BuWyvHuUJF\/hrMmv3\/hAdWV9XDZzl+pDXb5jNb1KjLxyH52QVGV00EOVN194W\/edmR3rjHtMe28c7WabcdyROd0bYra6uBN15ssGECmy\/nOT1W30MSb1JI\/yRwrqppbZmiBF38KNpgftq9SDy281Kk8pn9cbB7aazQ\/2a8drP4xgMGR7w5yiG27140RwdmaVN7bX\/EYXWGvEbQ+oSrTh6t\/323tlaJNqiu\/8ALDdQFnyIVq7pytoDmf4K2TVTGQKw\/Fd6m0wM3HgrcUq+aMiZ3l1brbhsPLy7ThJyYHi4dUMd39fuffwzwvvifExUhgkA1d4f9MU2r9s9R2IKLP5FflfxxQdYFP0ddN254m5QR3u0lKn0ZlmeP84g1tnutX+1sh5zjjqqvdaUM53s3W5FPJ8606\/JO5yv1D2D2Hw58rsPaA3t3YQzX9ptucYxw62n0ncuhE1XSw3XR0SxRgWjgwQqSv\/RhSczxP837yhn67o+TiI8GmVOvw+3tVWRBXc8j97IkJZXr2N\/+pHutoC7dqc5E56ikT23Y1uWvL9vk4uQqUmgBzvEnHhvuGk28ecjqmc4sL3X0AmSuV44UVmRBQ9Z4P1Pp8yUVn6xQ+5eZjV7xvcjbz2fBH+arcd0oHgz0kOXbJnwdzTQ86ueTPCM7pTjWpwaR0eSWB1DrAADJZjkqe6rLkj82xfvOMyq5tU9jGn4NnlDt3kw7\/9hmVXPJMHts\/flXV1+ak9WufUbUdnNEnvekfAxgUEyq175fVyvdF3RhxNEeVLzziXAxQy\/83yKpQG\/ZUyj8q5vThGj7sS2ncxKufPnvB8jn+hXt18Ef5ymlvVsicT9NV9+vZlXYm5AAp3aq9pW16ZU+9Qsdi8s\/dqrfS+rx5K9\/Qh+bvlB93v7\/+5RMaV\/6Mju8ru2i+CODSfSlheM9HvrNRtftzO9ZVO1mjgumPKXLTMzr9WsdNVvrGjpa9SsGWNTre+ogGMDT2TetjmjazRv6nTunwUrqJAAaJF2vy6z7S3rKLXp4YRF7cfX2xDrZvVSAZ0wHgkmRGThd5\/BoVbPFr68k3tGSC1wgAg2FQ+scAAGCkyIA1\/gdKi9bdeI0mTZmtZdtCCm2rUsFMk9TIp8pVd19CUpOjsn\/bpLwzNVrX0xobgy6mhidrFfUt1uYfkp4BGERT12hreY4aHq1RSw\/rZA+6k7Xa0igFnnqIoj+AAZQBOV2sUVu2ReVbuomiP4BBNlj9YwAAMFJk2Yj\/Rq1btF673ozK3sskZ\/JcbXj+OVUXXfrkoci2WSp4WNr87lFVT\/Eah0h7qELTg2e0dhi+G8DfoFhYwavvULj0gH77wsWX6xhwsWZt\/N5s7cwbhu8G8Ddh2HK68+0KLSxQ8I8P6fivqpXHhU0Ag20Q+8cAACDzZVfhf1DF1Pz4Aj2f96rqhnj5i\/CKWTpSdlCbbyJBAzBEzoZUcU9UG\/5nzdAuh3GqVgse9GnzS5UUxQAMkmHK6c6HtezGJt19aJMCpHQAAAAABhmFfwAAAAAAAAAAskgWrfEPAAAAAAAAAAAo\/AMAAAAAAAAAkEUo\/AMAAAAAAAAAkEUo\/AMAAAAAAAAAkEUo\/AMAAAAAAAAAkEUo\/AMAAAAAAAAAkEUo\/AMAAAAAAAAAkEUo\/AMAAAAAAAAAkEUo\/AMAAAAAAAAAkEUo\/AMAAAAAAAAAkEUo\/AMAAAAAAAAAkEUo\/AMAAAAAAAAAkEUo\/AMAAAAAAAAAkEUo\/AMAAAAAAAAAkEUo\/AMAAAAAAAAAkEUo\/AMAAAAAAAAAkEUo\/AMAAAAAAAAAkEUo\/AMAAAAAAAAAkEUo\/AMAAAAAAAAAkEUo\/AMAAAAAAAAAkEUo\/AMAAAAAAAAAkEUo\/AMAAAAAAAAAkEUo\/AMAAAAAAAAAkEUo\/AMAAAAAAAAAkEUo\/AMAAAAAAAAAkEUo\/AMAAAAAAAAAkEW+9Je\/\/CXhPQcAAAAAAAAAACOa9H8B4lMH1BnPAQAAAABJRU5ErkJggg==\" alt=\"\"><img decoding=\"async\" src=\"data:image\/png;base64,iVBORw0KGgoAAAANSUhEUgAABf8AAABACAYAAACkww0oAAAAAXNSR0IArs4c6QAAAARnQU1BAACxjwv8YQUAAAAJcEhZcwAADsMAAA7DAcdvqGQAAA4aSURBVHhe7d0BjFXVmQDgvxsTCZhCpQmKmzBCKiu1RcbiNFBFadKpdLddsFIh6VIodQrYAanbqs0Wxo1aKKkwu0Wxjd2pKcgY2cqm6JiUOiZ1wUbrNEp4jeCQlIRJJM5kIY4pyd373lzgMcwwD6rdN3e\/L3m8d8893HPzkvnzn\/\/ed+6HklQAAAAAAAC58TfZOwAAAAAAkBOK\/wAAAAAAkDOK\/wAAAAAAkDOK\/wAAAAAAkDOK\/wAAAAAAkDOK\/wAAAAAAkDOK\/wAAAAAAkDOK\/wAAAAAAkDOK\/wAAAAAAkDOK\/wAAAAAAkDOK\/wAAAAAAkDOK\/wAAAAAAkDOK\/wAAAAAAkDOK\/wAAAAAAkDOK\/wAAAAAAkDOK\/wAAAAAAkDOK\/wAAAAAAkDOK\/wAAAAAAkDOK\/wAAAAAAkDOK\/wAAAAAAkDOK\/wAAAAAAkDOK\/wAAAAAAkDOK\/wAAAAAAkDOK\/wAAAAAAkDOK\/wAAAAAAkDOK\/wAAAAAAkDOK\/wAAAAAAkDOK\/wAAAAAAkDN\/veJ\/b1d0PHFfzLnqs9F8IGsr07Uz3ffJj8aoUZeUXuNvWBHPHM52Znpebo6Fp\/p8ND5+y\/3RdjTbCVBNTnTFM3fOjLGnYtp9Z8errM\/40X19Ro2fGct3dmU7AYaJ9yHHA6gqQ8S1OLwzlt9wxbnj2tG2uLesz0RzVxj2Ojded+pv+uzXdafjRSXzvBM90XZPWZ+rvhBNz\/dkO89jrDQe3XvLNafmnf3Hqvg4ma7dzbE4i121Gzuz1swQ51xSyTy43LG2WD4+7Tu9Oc4YrZKxgIp88MX\/Yx3RsjT9wx87KWZ8sznaD3dnO07rfX5FTFvQEnHbL+LVgwfi4O+2xj\/2tMTC6atj74ms06v3x4yb74uOGY9nfX4R9cfWx7xPlPUBqAppovLN2li4Y0ysefb1NF49HbdHc7941Rttd6Z9fhZx+1OvxMGDr8SOhREtC2pj+fO9WR+AKvZ+5XgA1aKCuFYqVE1fGC3xldjxu2JcK+Z5xbi2ItqOZX1OdETTDbem2V9D7NqX9tn3q1hUnLvecH8Usi7A8FOzdHc6b0v\/pvu9dnxjdMSEL0X9pGKvyuZ5Hf86M+b9W0TDf6XzxYOvx64F3bF+7sxo2te3v6KxTsaji+bH1mI8Ssfa+sWe0lirXzqP42QKG2fGxH9YF4dmrold6fF+s7Qm29NnqHOubB58pr1rl0TLADX9occCKpZ80N7clNz86cXJprb9ybvPLE5GjqxNNr2Z7St5N9n+5VHJyC9vTz+VeaUpuXLkqGRZW9\/mnm+PTUZeuy7Z37fZp9RnYrL2lWwboBqkcW\/ayLHJXe3ZdlH39mRuGtPmbj8Z6Z5LlqXb035YHtX2J+uuTeNhw3PZNkAVe59yPICqMWRcS7UtL7WvK2TbRYV1ae5XFtd+e1dyaf\/\/+0ZTMqWYH\/422wby4c8vJHddOiq5efORrKGSed6e0v+Z9vBb2XbR\/mTt1aOSS7+9J9seQL+x3t0+L41H85Lt\/1PazLyWrL1yiDnlWeecSuPW5SPHJ1\/7VXfW0F8F51zRPLhMmhNOGTkjWfb12mTkpzYlp498gd8PMKAP\/s7\/SY2x+78fj8bPTY4RF2VtZxgR8586Fsefmp9+KnPV38W16du72dXBug1vx\/Hffycm920CVK\/Ca1GIWfHp2my7aPSs+NKNEW3Pt2cNAMPc+5TjAVSNIeNaZTpfbo\/eEbOiruyO2phSH\/UjeuOFl\/stowEMa707tsSWmB\/f\/eq4rKUCB\/bGC70j4qbry++snxyfnzMietv3nrn8TZn+Y42Y\/3QcP\/50zL+ktJmZHFdfl76dI88a6JzbHn8seuY8HI\/MGZ219FPJOZ\/PPPhEIdY3rI+4e3OsvCZrO+kCvx9gYFX7wN\/eF5+L9jRo3FQMWuWO9URXV1d0vtoSy7+2PnoXbI5V5YEFoCqNi8uuSN8KhSxZqY+VD0yNwpolsfr5QhrXCtF295Jo+uPUeGh1fakHQB4NmuMBDAezG+Oh2kI0fX11tO3riq59bbH66\/dHofbBWDm7r0vPO90RE2vS7K\/cuKiZGNH9jjWrIT8KsW7tzqhZ9d2oP1WAr2Ce19Md3TEhavpdLxj3txMijnbHwFFioLEGcKw9nt0dMWtm8VaLgQx0nL3R9p8RdVd1x+qTzyoZPSkWbtx7+lwu6JyL+s+D+3Q+kn4nh++Ix\/9lalyctZ1ywWMBA6nO4v+xNIFa2hoXL\/t+LOr3x97509kxceKk+PgNK6LlxB2xbV19DHJdEuD\/xuRrY3KkSdeL5Wv3d0Vn8WFKZU2T79wRmz\/XEVvmXpfGteti3iMdUf\/ojmi8KusAkDfnyPEAhoWLJkfjkz+O+j88FvOmT4qJ02+NLX+oj81PNsbk7NcCRw73e7Bnma7DR7JPwLD34pZoPlQXjUvOXKNiyHnekc50djiIrs4YMEoMMtaZeksXGlovviPWDPZLhIGOc6Ir3knnqXs3rosjt26NNw6+Hi9tqIsXvvfZWPCz7EwrOecK58FxuCWW39MZi\/7jwagb6FdWF\/L9AIOqwuJ\/T7StWhItsSh+trYuazutZtUrcfz4sTje9Upsnro95nyi7MFKANVg0ldi5Y290br01mh+MU1cDrVH89wZsfrldN81NdH348W+hyEtL9wROw6+nca1t+PgE\/NjT9q2eJd7GYA8OneOBzAs9LTF4ukrorD46Th4NJ2XHj0QW2\/bE8unL4k2KRz8P5LO9x55LHq\/2BCLine2n\/JBzPMGG+tMPbuWx+InYvCi+mDHOdQZHelb3YaXYseqWVEzriamfmNrbPvGiGj\/4Zao+EHlFc6DW1etiL3zH4mHPnfGwpDAB6TKiv99QXLetpp46IUfn\/unTJdMjkUb1kRdT0s8uTtrA6gK42LRk7+Oh2btj3tvuSYmfnJJ7Jn1ePxoTrrr4uxHjYdaomnbe9Hw6I+iflwx6RkR4+Y9niZY70XrQy3WMQRy5jxyPIAq1vnz+6P1vTti84b66EvhxsWXHt0aDe+1RtPP+zK4y64Y\/KdN4664LPsEDGuHfx6P7hwRDcv6PduoknneZf2XBSszribOihKDjVWmZ9eKmHZba9Q8sDs2D1ZUH+I4EyaceVZ1M2aVLgxUfs5Dz4N7dt4Vy3ZNje9+qy56u7pKy3p3vZPuONFd+txTvLn3fL8f4Jyqqvhf2Dgn5j1xWXznN7sqW\/biigkxIX3rOKhMBlSZ0XXRuO1A3y+Veg7E1jvTGLc7on52mkAVvfFadBTXMex358aEmjSqvVp8UBJAfpx3jgdQpQodHaX1\/CeU31V7UZrTTUznpR19Gdzoj4yJ2Ffol88VYv++iDEfsWgt5EHHY82xd0JjNNyYNZxUyTxv9JgYU4wJxeVwyhT2p3vHjjlraetBxzrpj81xy20tcdndv45nVw2+LNCgx5lQE1PTt55j5Wvz9FPpOQ8xD96zszV602+o6YZJpSW9i6\/ZG9Jj\/HF9zE4\/3\/zTzvP+foBzq5rif8+uJXHz9zpj\/lO7Ys31Z\/8pty29JEbd\/NiZ634dKJR+mvTpKeVPAAeoPoV\/vy+2xPxomJPdY\/Hxa9MEqxC\/L2V\/pxVeTxumFNdKBMiHoXI8gOFk8tSpEftei8KJrKHoRJrT7Uv3XdOXwdVcPytGRHvsSdtO2bc3bRkRN11v7grD3rHWWLehM+q+1XD2vK2Sed6kurgpnRa27y3vVIg9L0aMmFWXLY+TOddYRcWlyG66LzoXPB3PNtUNXhg\/13EuSs\/nxoi2p3ZG+cJEe19qv7BzLtN\/Hlz\/02N9FwbKXm88kI4w5cF4I\/386qr0SBc4FjCw6ij+l65StsZHvrU1fnBdb9\/Pfk6+jvZdeZw1f1GMfnl1LLinLQrF9n07Y\/nc+6JQ+2CsnF3qAlBVeo92ReHF1mj+6jVRWyx8PfHw6aUuJiyKVXMiWpd+oW89xK7OaN\/4hVi8LU2I\/nmRhAbIhwpyPIDhpOafVkZ9tMbiuc3RfiiNZaU1rZekLfVxz+Isg5vRGGtqO2N9w+po21ecu7bF6ob10Tnl+9E4o68LMHx1PbElnokvxjcHeqhuRfO8umhcOzU6f7AkVj9fSPsUSg\/qXX9ocqxZduZzkc451olCNP\/9rdE6pjG2NV17ehmd0qsnessuUp7zOMXleh74TtTsWhK33F2suXVGx08WxoKf9F7QOZ9zHlyRyscCKpD8Nf1qcTJyZG2y6c1sO\/PWw7Vp+6iBX5\/alLyV9ev+7aZkwSfGZvvGJlNu35Ts6c52AlSVt5JNn0pj1YfHJ9M+f2\/yyzffzdrL\/PlI8ssVM5LLP5zFu8tnJMueOZLtBBhG\/sIcD6DqDBLXSv70TLLsM+NPxbPLP7M8+eWfsn0nde9JNt0+8VSfKz\/flDz3drYPGMb2J2uvHpVcuvKFbHsAFc3zupM9Dy9IrjzZ52NzkrVt\/QtcQ4z15qZkWhZjzn6Vx68KzjnV3daU3PKx7P9feqHnXME8uJ9SvnhWXljJWEAlPlT8J7sOAAAAAAAA5EBVPfAXAAAAAAD4yyn+AwAAAABAzij+AwAAAABAzij+AwAAAABAzij+AwAAAABAzij+AwAAAABAzij+AwAAAABAzij+AwAAAABAzij+AwAAAABAzij+AwAAAABAzij+AwAAAABAzij+AwAAAABAzij+AwAAAABAzij+AwAAAABAzij+AwAAAABAzij+AwAAAABAzij+AwAAAABAzij+AwAAAABAzij+AwAAAABAzij+AwAAAABAzij+AwAAAABAzij+AwAAAABArkT8L4OmmHuMrnDfAAAAAElFTkSuQmCC\" alt=\"\"><\/p>","protected":false},"excerpt":{"rendered":"<p>Tegund:&nbsp;78072760940<\/p>","protected":false},"featured_media":77790,"comment_status":"closed","ping_status":"closed","template":"","meta":[],"product_brand":[],"product_cat":[724,593,515],"product_tag":[],"class_list":{"0":"post-77127","1":"product","2":"type-product","3":"status-publish","4":"has-post-thumbnail","6":"product_cat-sandpappir","7":"product_cat-slipi-og-skurdarvorur","8":"product_cat-verkfaeralausnir","10":"first","11":"instock","12":"taxable","13":"shipping-taxable","14":"purchasable","15":"product-type-simple"},"yoast_head":"<!-- This site is optimized with the Yoast SEO plugin v27.3 - https:\/\/yoast.com\/product\/yoast-seo-wordpress\/ -->\n<title>NORTON Sl\u00edpikubbur SP001 - 2SIDES-123x98x12 mm P180 78072760940 - V\u00e9lar &amp; Verkf\u00e6ri<\/title>\n<meta name=\"robots\" content=\"index, follow, max-snippet:-1, max-image-preview:large, max-video-preview:-1\" \/>\n<link rel=\"canonical\" href=\"https:\/\/velarogverkfaeri.is\/en\/verkfaeralausnir\/slipi-og-skurdarvorur\/sandpappir\/product\/norton-slipikubbur-sp001-2sides-123x98x12-mm-p180-78072760940\/\" \/>\n<meta property=\"og:locale\" content=\"en_US\" \/>\n<meta property=\"og:type\" content=\"article\" \/>\n<meta property=\"og:title\" content=\"NORTON Sl\u00edpikubbur SP001 - 2SIDES-123x98x12 mm P180 78072760940 - V\u00e9lar &amp; Verkf\u00e6ri\" \/>\n<meta property=\"og:description\" content=\"Tegund:&nbsp;78072760940\" \/>\n<meta property=\"og:url\" content=\"https:\/\/velarogverkfaeri.is\/en\/verkfaeralausnir\/slipi-og-skurdarvorur\/sandpappir\/product\/norton-slipikubbur-sp001-2sides-123x98x12-mm-p180-78072760940\/\" \/>\n<meta property=\"og:site_name\" content=\"V\u00e9lar &amp; Verkf\u00e6ri\" \/>\n<meta property=\"article:publisher\" content=\"https:\/\/www.facebook.com\/VelarOgVerkfaeri\" \/>\n<meta property=\"article:modified_time\" content=\"2025-11-13T13:47:56+00:00\" \/>\n<meta name=\"twitter:card\" content=\"summary_large_image\" \/>\n<script type=\"application\/ld+json\" class=\"yoast-schema-graph\">{\"@context\":\"https:\\\/\\\/schema.org\",\"@graph\":[{\"@type\":\"WebPage\",\"@id\":\"https:\\\/\\\/velarogverkfaeri.is\\\/verkfaeralausnir\\\/slipi-og-skurdarvorur\\\/sandpappir\\\/product\\\/norton-slipikubbur-sp001-2sides-123x98x12-mm-p180-78072760940\\\/\",\"url\":\"https:\\\/\\\/velarogverkfaeri.is\\\/verkfaeralausnir\\\/slipi-og-skurdarvorur\\\/sandpappir\\\/product\\\/norton-slipikubbur-sp001-2sides-123x98x12-mm-p180-78072760940\\\/\",\"name\":\"NORTON Sl\u00edpikubbur SP001 - 2SIDES-123x98x12 mm P180 78072760940 - V\u00e9lar &amp; Verkf\u00e6ri\",\"isPartOf\":{\"@id\":\"https:\\\/\\\/velarogverkfaeri.is\\\/en\\\/#website\"},\"primaryImageOfPage\":{\"@id\":\"https:\\\/\\\/velarogverkfaeri.is\\\/verkfaeralausnir\\\/slipi-og-skurdarvorur\\\/sandpappir\\\/product\\\/norton-slipikubbur-sp001-2sides-123x98x12-mm-p180-78072760940\\\/#primaryimage\"},\"image\":{\"@id\":\"https:\\\/\\\/velarogverkfaeri.is\\\/verkfaeralausnir\\\/slipi-og-skurdarvorur\\\/sandpappir\\\/product\\\/norton-slipikubbur-sp001-2sides-123x98x12-mm-p180-78072760940\\\/#primaryimage\"},\"thumbnailUrl\":\"https:\\\/\\\/velarogverkfaeri.is\\\/wp-content\\\/uploads\\\/2025\\\/11\\\/35eb97c9-7e42-49f7-803d-0e0c7049e72f.png\",\"datePublished\":\"2025-10-25T17:56:16+00:00\",\"dateModified\":\"2025-11-13T13:47:56+00:00\",\"breadcrumb\":{\"@id\":\"https:\\\/\\\/velarogverkfaeri.is\\\/verkfaeralausnir\\\/slipi-og-skurdarvorur\\\/sandpappir\\\/product\\\/norton-slipikubbur-sp001-2sides-123x98x12-mm-p180-78072760940\\\/#breadcrumb\"},\"inLanguage\":\"en-US\",\"potentialAction\":[{\"@type\":\"ReadAction\",\"target\":[\"https:\\\/\\\/velarogverkfaeri.is\\\/verkfaeralausnir\\\/slipi-og-skurdarvorur\\\/sandpappir\\\/product\\\/norton-slipikubbur-sp001-2sides-123x98x12-mm-p180-78072760940\\\/\"]}]},{\"@type\":\"ImageObject\",\"inLanguage\":\"en-US\",\"@id\":\"https:\\\/\\\/velarogverkfaeri.is\\\/verkfaeralausnir\\\/slipi-og-skurdarvorur\\\/sandpappir\\\/product\\\/norton-slipikubbur-sp001-2sides-123x98x12-mm-p180-78072760940\\\/#primaryimage\",\"url\":\"https:\\\/\\\/velarogverkfaeri.is\\\/wp-content\\\/uploads\\\/2025\\\/11\\\/35eb97c9-7e42-49f7-803d-0e0c7049e72f.png\",\"contentUrl\":\"https:\\\/\\\/velarogverkfaeri.is\\\/wp-content\\\/uploads\\\/2025\\\/11\\\/35eb97c9-7e42-49f7-803d-0e0c7049e72f.png\",\"width\":571,\"height\":565},{\"@type\":\"BreadcrumbList\",\"@id\":\"https:\\\/\\\/velarogverkfaeri.is\\\/verkfaeralausnir\\\/slipi-og-skurdarvorur\\\/sandpappir\\\/product\\\/norton-slipikubbur-sp001-2sides-123x98x12-mm-p180-78072760940\\\/#breadcrumb\",\"itemListElement\":[{\"@type\":\"ListItem\",\"position\":1,\"name\":\"Home\",\"item\":\"https:\\\/\\\/velarogverkfaeri.is\\\/\"},{\"@type\":\"ListItem\",\"position\":2,\"name\":\"Vefverslun\",\"item\":\"https:\\\/\\\/velarogverkfaeri.is\\\/vefverslun\\\/\"},{\"@type\":\"ListItem\",\"position\":3,\"name\":\"NORTON Sl\u00edpikubbur SP001 &#8211; 2SIDES-123x98x12 mm P180 78072760940\"}]},{\"@type\":\"WebSite\",\"@id\":\"https:\\\/\\\/velarogverkfaeri.is\\\/en\\\/#website\",\"url\":\"https:\\\/\\\/velarogverkfaeri.is\\\/en\\\/\",\"name\":\"V\u00e9lar & Verkf\u00e6ri\",\"description\":\"Umbo\u00f0s- og heildverslun fr\u00e1 \u00e1rinu 1919\",\"publisher\":{\"@id\":\"https:\\\/\\\/velarogverkfaeri.is\\\/en\\\/#organization\"},\"potentialAction\":[{\"@type\":\"SearchAction\",\"target\":{\"@type\":\"EntryPoint\",\"urlTemplate\":\"https:\\\/\\\/velarogverkfaeri.is\\\/en\\\/?s={search_term_string}\"},\"query-input\":{\"@type\":\"PropertyValueSpecification\",\"valueRequired\":true,\"valueName\":\"search_term_string\"}}],\"inLanguage\":\"en-US\"},{\"@type\":\"Organization\",\"@id\":\"https:\\\/\\\/velarogverkfaeri.is\\\/en\\\/#organization\",\"name\":\"V\u00e9lar & Verkf\u00e6ri\",\"url\":\"https:\\\/\\\/velarogverkfaeri.is\\\/en\\\/\",\"logo\":{\"@type\":\"ImageObject\",\"inLanguage\":\"en-US\",\"@id\":\"https:\\\/\\\/velarogverkfaeri.is\\\/en\\\/#\\\/schema\\\/logo\\\/image\\\/\",\"url\":\"https:\\\/\\\/velarogverkfaeri.is\\\/wp-content\\\/uploads\\\/2021\\\/10\\\/vv_logo_350x100.png\",\"contentUrl\":\"https:\\\/\\\/velarogverkfaeri.is\\\/wp-content\\\/uploads\\\/2021\\\/10\\\/vv_logo_350x100.png\",\"width\":350,\"height\":100,\"caption\":\"V\u00e9lar & Verkf\u00e6ri\"},\"image\":{\"@id\":\"https:\\\/\\\/velarogverkfaeri.is\\\/en\\\/#\\\/schema\\\/logo\\\/image\\\/\"},\"sameAs\":[\"https:\\\/\\\/www.facebook.com\\\/VelarOgVerkfaeri\"]}]}<\/script>\n<!-- \/ Yoast SEO plugin. -->","yoast_head_json":{"title":"NORTON Sl\u00edpikubbur SP001 - 2SIDES-123x98x12 mm P180 78072760940 - V\u00e9lar &amp; Verkf\u00e6ri","robots":{"index":"index","follow":"follow","max-snippet":"max-snippet:-1","max-image-preview":"max-image-preview:large","max-video-preview":"max-video-preview:-1"},"canonical":"https:\/\/velarogverkfaeri.is\/en\/verkfaeralausnir\/slipi-og-skurdarvorur\/sandpappir\/product\/norton-slipikubbur-sp001-2sides-123x98x12-mm-p180-78072760940\/","og_locale":"en_US","og_type":"article","og_title":"NORTON Sl\u00edpikubbur SP001 - 2SIDES-123x98x12 mm P180 78072760940 - V\u00e9lar &amp; Verkf\u00e6ri","og_description":"Tegund:&nbsp;78072760940","og_url":"https:\/\/velarogverkfaeri.is\/en\/verkfaeralausnir\/slipi-og-skurdarvorur\/sandpappir\/product\/norton-slipikubbur-sp001-2sides-123x98x12-mm-p180-78072760940\/","og_site_name":"V\u00e9lar &amp; Verkf\u00e6ri","article_publisher":"https:\/\/www.facebook.com\/VelarOgVerkfaeri","article_modified_time":"2025-11-13T13:47:56+00:00","twitter_card":"summary_large_image","schema":{"@context":"https:\/\/schema.org","@graph":[{"@type":"WebPage","@id":"https:\/\/velarogverkfaeri.is\/verkfaeralausnir\/slipi-og-skurdarvorur\/sandpappir\/product\/norton-slipikubbur-sp001-2sides-123x98x12-mm-p180-78072760940\/","url":"https:\/\/velarogverkfaeri.is\/verkfaeralausnir\/slipi-og-skurdarvorur\/sandpappir\/product\/norton-slipikubbur-sp001-2sides-123x98x12-mm-p180-78072760940\/","name":"NORTON Sl\u00edpikubbur SP001 - 2SIDES-123x98x12 mm P180 78072760940 - V\u00e9lar &amp; Verkf\u00e6ri","isPartOf":{"@id":"https:\/\/velarogverkfaeri.is\/en\/#website"},"primaryImageOfPage":{"@id":"https:\/\/velarogverkfaeri.is\/verkfaeralausnir\/slipi-og-skurdarvorur\/sandpappir\/product\/norton-slipikubbur-sp001-2sides-123x98x12-mm-p180-78072760940\/#primaryimage"},"image":{"@id":"https:\/\/velarogverkfaeri.is\/verkfaeralausnir\/slipi-og-skurdarvorur\/sandpappir\/product\/norton-slipikubbur-sp001-2sides-123x98x12-mm-p180-78072760940\/#primaryimage"},"thumbnailUrl":"https:\/\/velarogverkfaeri.is\/wp-content\/uploads\/2025\/11\/35eb97c9-7e42-49f7-803d-0e0c7049e72f.png","datePublished":"2025-10-25T17:56:16+00:00","dateModified":"2025-11-13T13:47:56+00:00","breadcrumb":{"@id":"https:\/\/velarogverkfaeri.is\/verkfaeralausnir\/slipi-og-skurdarvorur\/sandpappir\/product\/norton-slipikubbur-sp001-2sides-123x98x12-mm-p180-78072760940\/#breadcrumb"},"inLanguage":"en-US","potentialAction":[{"@type":"ReadAction","target":["https:\/\/velarogverkfaeri.is\/verkfaeralausnir\/slipi-og-skurdarvorur\/sandpappir\/product\/norton-slipikubbur-sp001-2sides-123x98x12-mm-p180-78072760940\/"]}]},{"@type":"ImageObject","inLanguage":"en-US","@id":"https:\/\/velarogverkfaeri.is\/verkfaeralausnir\/slipi-og-skurdarvorur\/sandpappir\/product\/norton-slipikubbur-sp001-2sides-123x98x12-mm-p180-78072760940\/#primaryimage","url":"https:\/\/velarogverkfaeri.is\/wp-content\/uploads\/2025\/11\/35eb97c9-7e42-49f7-803d-0e0c7049e72f.png","contentUrl":"https:\/\/velarogverkfaeri.is\/wp-content\/uploads\/2025\/11\/35eb97c9-7e42-49f7-803d-0e0c7049e72f.png","width":571,"height":565},{"@type":"BreadcrumbList","@id":"https:\/\/velarogverkfaeri.is\/verkfaeralausnir\/slipi-og-skurdarvorur\/sandpappir\/product\/norton-slipikubbur-sp001-2sides-123x98x12-mm-p180-78072760940\/#breadcrumb","itemListElement":[{"@type":"ListItem","position":1,"name":"Home","item":"https:\/\/velarogverkfaeri.is\/"},{"@type":"ListItem","position":2,"name":"Vefverslun","item":"https:\/\/velarogverkfaeri.is\/vefverslun\/"},{"@type":"ListItem","position":3,"name":"NORTON Sl\u00edpikubbur SP001 &#8211; 2SIDES-123x98x12 mm P180 78072760940"}]},{"@type":"WebSite","@id":"https:\/\/velarogverkfaeri.is\/en\/#website","url":"https:\/\/velarogverkfaeri.is\/en\/","name":"V\u00e9lar & Verkf\u00e6ri","description":"Umbo\u00f0s- og heildverslun fr\u00e1 \u00e1rinu 1919","publisher":{"@id":"https:\/\/velarogverkfaeri.is\/en\/#organization"},"potentialAction":[{"@type":"SearchAction","target":{"@type":"EntryPoint","urlTemplate":"https:\/\/velarogverkfaeri.is\/en\/?s={search_term_string}"},"query-input":{"@type":"PropertyValueSpecification","valueRequired":true,"valueName":"search_term_string"}}],"inLanguage":"en-US"},{"@type":"Organization","@id":"https:\/\/velarogverkfaeri.is\/en\/#organization","name":"V\u00e9lar & Verkf\u00e6ri","url":"https:\/\/velarogverkfaeri.is\/en\/","logo":{"@type":"ImageObject","inLanguage":"en-US","@id":"https:\/\/velarogverkfaeri.is\/en\/#\/schema\/logo\/image\/","url":"https:\/\/velarogverkfaeri.is\/wp-content\/uploads\/2021\/10\/vv_logo_350x100.png","contentUrl":"https:\/\/velarogverkfaeri.is\/wp-content\/uploads\/2021\/10\/vv_logo_350x100.png","width":350,"height":100,"caption":"V\u00e9lar & Verkf\u00e6ri"},"image":{"@id":"https:\/\/velarogverkfaeri.is\/en\/#\/schema\/logo\/image\/"},"sameAs":["https:\/\/www.facebook.com\/VelarOgVerkfaeri"]}]}},"_links":{"self":[{"href":"https:\/\/velarogverkfaeri.is\/en\/wp-json\/wp\/v2\/product\/77127","targetHints":{"allow":["GET"]}}],"collection":[{"href":"https:\/\/velarogverkfaeri.is\/en\/wp-json\/wp\/v2\/product"}],"about":[{"href":"https:\/\/velarogverkfaeri.is\/en\/wp-json\/wp\/v2\/types\/product"}],"replies":[{"embeddable":true,"href":"https:\/\/velarogverkfaeri.is\/en\/wp-json\/wp\/v2\/comments?post=77127"}],"wp:featuredmedia":[{"embeddable":true,"href":"https:\/\/velarogverkfaeri.is\/en\/wp-json\/wp\/v2\/media\/77790"}],"wp:attachment":[{"href":"https:\/\/velarogverkfaeri.is\/en\/wp-json\/wp\/v2\/media?parent=77127"}],"wp:term":[{"taxonomy":"product_brand","embeddable":true,"href":"https:\/\/velarogverkfaeri.is\/en\/wp-json\/wp\/v2\/product_brand?post=77127"},{"taxonomy":"product_cat","embeddable":true,"href":"https:\/\/velarogverkfaeri.is\/en\/wp-json\/wp\/v2\/product_cat?post=77127"},{"taxonomy":"product_tag","embeddable":true,"href":"https:\/\/velarogverkfaeri.is\/en\/wp-json\/wp\/v2\/product_tag?post=77127"}],"curies":[{"name":"wp","href":"https:\/\/api.w.org\/{rel}","templated":true}]}}