{"id":77107,"date":"2025-10-25T13:41:17","date_gmt":"2025-10-25T13:41:17","guid":{"rendered":"https:\/\/velarogverkfaeri.is\/?post_type=product&#038;p=77107"},"modified":"2025-11-13T13:47:27","modified_gmt":"2025-11-13T13:47:27","slug":"norton-slipiskifa-a30r-125x6-0x22-23-mm-t27-nor-expert-66252849654","status":"publish","type":"product","link":"https:\/\/velarogverkfaeri.is\/en\/verkfaeralausnir\/slipi-og-skurdarvorur\/slipiskifur\/product\/norton-slipiskifa-a30r-125x6-0x22-23-mm-t27-nor-expert-66252849654\/","title":{"rendered":"NORTON Sl\u00edpisk\u00edfa A30R-125&#215;6.0x22.23 mm -T27 NOR-EXPERT 66252849654"},"content":{"rendered":"","protected":false},"excerpt":{"rendered":"<p>Tegund:&nbsp;66252849654<\/p>","protected":false},"featured_media":77800,"comment_status":"closed","ping_status":"closed","template":"","meta":[],"product_brand":[],"product_cat":[593,726,515],"product_tag":[],"class_list":{"0":"post-77107","1":"product","2":"type-product","3":"status-publish","4":"has-post-thumbnail","6":"product_cat-slipi-og-skurdarvorur","7":"product_cat-slipiskifur","8":"product_cat-verkfaeralausnir","10":"first","11":"instock","12":"taxable","13":"shipping-taxable","14":"purchasable","15":"product-type-simple"},"yoast_head":"<!-- This site is optimized with the Yoast SEO plugin v27.3 - https:\/\/yoast.com\/product\/yoast-seo-wordpress\/ -->\n<title>NORTON Sl\u00edpisk\u00edfa A30R-125x6.0x22.23 mm -T27 NOR-EXPERT 66252849654 - V\u00e9lar &amp; Verkf\u00e6ri<\/title>\n<meta name=\"robots\" content=\"index, follow, max-snippet:-1, max-image-preview:large, max-video-preview:-1\" \/>\n<link rel=\"canonical\" href=\"https:\/\/velarogverkfaeri.is\/en\/verkfaeralausnir\/slipi-og-skurdarvorur\/slipiskifur\/product\/norton-slipiskifa-a30r-125x6-0x22-23-mm-t27-nor-expert-66252849654\/\" \/>\n<meta property=\"og:locale\" content=\"en_US\" \/>\n<meta property=\"og:type\" content=\"article\" \/>\n<meta property=\"og:title\" content=\"NORTON Sl\u00edpisk\u00edfa A30R-125x6.0x22.23 mm -T27 NOR-EXPERT 66252849654 - V\u00e9lar &amp; Verkf\u00e6ri\" \/>\n<meta property=\"og:description\" content=\"Tegund:&nbsp;66252849654\" \/>\n<meta property=\"og:url\" content=\"https:\/\/velarogverkfaeri.is\/en\/verkfaeralausnir\/slipi-og-skurdarvorur\/slipiskifur\/product\/norton-slipiskifa-a30r-125x6-0x22-23-mm-t27-nor-expert-66252849654\/\" \/>\n<meta property=\"og:site_name\" content=\"V\u00e9lar &amp; Verkf\u00e6ri\" \/>\n<meta property=\"article:publisher\" content=\"https:\/\/www.facebook.com\/VelarOgVerkfaeri\" \/>\n<meta property=\"article:modified_time\" content=\"2025-11-13T13:47:27+00:00\" \/>\n<meta name=\"twitter:card\" content=\"summary_large_image\" \/>\n<script type=\"application\/ld+json\" class=\"yoast-schema-graph\">{\"@context\":\"https:\\\/\\\/schema.org\",\"@graph\":[{\"@type\":\"WebPage\",\"@id\":\"https:\\\/\\\/velarogverkfaeri.is\\\/verkfaeralausnir\\\/slipi-og-skurdarvorur\\\/slipiskifur\\\/product\\\/norton-slipiskifa-a30r-125x6-0x22-23-mm-t27-nor-expert-66252849654\\\/\",\"url\":\"https:\\\/\\\/velarogverkfaeri.is\\\/verkfaeralausnir\\\/slipi-og-skurdarvorur\\\/slipiskifur\\\/product\\\/norton-slipiskifa-a30r-125x6-0x22-23-mm-t27-nor-expert-66252849654\\\/\",\"name\":\"NORTON Sl\u00edpisk\u00edfa A30R-125x6.0x22.23 mm -T27 NOR-EXPERT 66252849654 - V\u00e9lar &amp; Verkf\u00e6ri\",\"isPartOf\":{\"@id\":\"https:\\\/\\\/velarogverkfaeri.is\\\/en\\\/#website\"},\"primaryImageOfPage\":{\"@id\":\"https:\\\/\\\/velarogverkfaeri.is\\\/verkfaeralausnir\\\/slipi-og-skurdarvorur\\\/slipiskifur\\\/product\\\/norton-slipiskifa-a30r-125x6-0x22-23-mm-t27-nor-expert-66252849654\\\/#primaryimage\"},\"image\":{\"@id\":\"https:\\\/\\\/velarogverkfaeri.is\\\/verkfaeralausnir\\\/slipi-og-skurdarvorur\\\/slipiskifur\\\/product\\\/norton-slipiskifa-a30r-125x6-0x22-23-mm-t27-nor-expert-66252849654\\\/#primaryimage\"},\"thumbnailUrl\":\"https:\\\/\\\/velarogverkfaeri.is\\\/wp-content\\\/uploads\\\/2025\\\/11\\\/41b7c6fb-f306-4385-a337-00f07ad6529d.png\",\"datePublished\":\"2025-10-25T13:41:17+00:00\",\"dateModified\":\"2025-11-13T13:47:27+00:00\",\"breadcrumb\":{\"@id\":\"https:\\\/\\\/velarogverkfaeri.is\\\/verkfaeralausnir\\\/slipi-og-skurdarvorur\\\/slipiskifur\\\/product\\\/norton-slipiskifa-a30r-125x6-0x22-23-mm-t27-nor-expert-66252849654\\\/#breadcrumb\"},\"inLanguage\":\"en-US\",\"potentialAction\":[{\"@type\":\"ReadAction\",\"target\":[\"https:\\\/\\\/velarogverkfaeri.is\\\/verkfaeralausnir\\\/slipi-og-skurdarvorur\\\/slipiskifur\\\/product\\\/norton-slipiskifa-a30r-125x6-0x22-23-mm-t27-nor-expert-66252849654\\\/\"]}]},{\"@type\":\"ImageObject\",\"inLanguage\":\"en-US\",\"@id\":\"https:\\\/\\\/velarogverkfaeri.is\\\/verkfaeralausnir\\\/slipi-og-skurdarvorur\\\/slipiskifur\\\/product\\\/norton-slipiskifa-a30r-125x6-0x22-23-mm-t27-nor-expert-66252849654\\\/#primaryimage\",\"url\":\"https:\\\/\\\/velarogverkfaeri.is\\\/wp-content\\\/uploads\\\/2025\\\/11\\\/41b7c6fb-f306-4385-a337-00f07ad6529d.png\",\"contentUrl\":\"https:\\\/\\\/velarogverkfaeri.is\\\/wp-content\\\/uploads\\\/2025\\\/11\\\/41b7c6fb-f306-4385-a337-00f07ad6529d.png\",\"width\":551,\"height\":560},{\"@type\":\"BreadcrumbList\",\"@id\":\"https:\\\/\\\/velarogverkfaeri.is\\\/verkfaeralausnir\\\/slipi-og-skurdarvorur\\\/slipiskifur\\\/product\\\/norton-slipiskifa-a30r-125x6-0x22-23-mm-t27-nor-expert-66252849654\\\/#breadcrumb\",\"itemListElement\":[{\"@type\":\"ListItem\",\"position\":1,\"name\":\"Home\",\"item\":\"https:\\\/\\\/velarogverkfaeri.is\\\/\"},{\"@type\":\"ListItem\",\"position\":2,\"name\":\"Vefverslun\",\"item\":\"https:\\\/\\\/velarogverkfaeri.is\\\/vefverslun\\\/\"},{\"@type\":\"ListItem\",\"position\":3,\"name\":\"NORTON Sl\u00edpisk\u00edfa A30R-125&#215;6.0x22.23 mm -T27 NOR-EXPERT 66252849654\"}]},{\"@type\":\"WebSite\",\"@id\":\"https:\\\/\\\/velarogverkfaeri.is\\\/en\\\/#website\",\"url\":\"https:\\\/\\\/velarogverkfaeri.is\\\/en\\\/\",\"name\":\"V\u00e9lar & Verkf\u00e6ri\",\"description\":\"Umbo\u00f0s- og heildverslun fr\u00e1 \u00e1rinu 1919\",\"publisher\":{\"@id\":\"https:\\\/\\\/velarogverkfaeri.is\\\/en\\\/#organization\"},\"potentialAction\":[{\"@type\":\"SearchAction\",\"target\":{\"@type\":\"EntryPoint\",\"urlTemplate\":\"https:\\\/\\\/velarogverkfaeri.is\\\/en\\\/?s={search_term_string}\"},\"query-input\":{\"@type\":\"PropertyValueSpecification\",\"valueRequired\":true,\"valueName\":\"search_term_string\"}}],\"inLanguage\":\"en-US\"},{\"@type\":\"Organization\",\"@id\":\"https:\\\/\\\/velarogverkfaeri.is\\\/en\\\/#organization\",\"name\":\"V\u00e9lar & Verkf\u00e6ri\",\"url\":\"https:\\\/\\\/velarogverkfaeri.is\\\/en\\\/\",\"logo\":{\"@type\":\"ImageObject\",\"inLanguage\":\"en-US\",\"@id\":\"https:\\\/\\\/velarogverkfaeri.is\\\/en\\\/#\\\/schema\\\/logo\\\/image\\\/\",\"url\":\"https:\\\/\\\/velarogverkfaeri.is\\\/wp-content\\\/uploads\\\/2021\\\/10\\\/vv_logo_350x100.png\",\"contentUrl\":\"https:\\\/\\\/velarogverkfaeri.is\\\/wp-content\\\/uploads\\\/2021\\\/10\\\/vv_logo_350x100.png\",\"width\":350,\"height\":100,\"caption\":\"V\u00e9lar & Verkf\u00e6ri\"},\"image\":{\"@id\":\"https:\\\/\\\/velarogverkfaeri.is\\\/en\\\/#\\\/schema\\\/logo\\\/image\\\/\"},\"sameAs\":[\"https:\\\/\\\/www.facebook.com\\\/VelarOgVerkfaeri\"]}]}<\/script>\n<!-- \/ Yoast SEO plugin. -->","yoast_head_json":{"title":"NORTON Sl\u00edpisk\u00edfa A30R-125x6.0x22.23 mm -T27 NOR-EXPERT 66252849654 - V\u00e9lar &amp; Verkf\u00e6ri","robots":{"index":"index","follow":"follow","max-snippet":"max-snippet:-1","max-image-preview":"max-image-preview:large","max-video-preview":"max-video-preview:-1"},"canonical":"https:\/\/velarogverkfaeri.is\/en\/verkfaeralausnir\/slipi-og-skurdarvorur\/slipiskifur\/product\/norton-slipiskifa-a30r-125x6-0x22-23-mm-t27-nor-expert-66252849654\/","og_locale":"en_US","og_type":"article","og_title":"NORTON Sl\u00edpisk\u00edfa A30R-125x6.0x22.23 mm -T27 NOR-EXPERT 66252849654 - V\u00e9lar &amp; Verkf\u00e6ri","og_description":"Tegund:&nbsp;66252849654","og_url":"https:\/\/velarogverkfaeri.is\/en\/verkfaeralausnir\/slipi-og-skurdarvorur\/slipiskifur\/product\/norton-slipiskifa-a30r-125x6-0x22-23-mm-t27-nor-expert-66252849654\/","og_site_name":"V\u00e9lar &amp; Verkf\u00e6ri","article_publisher":"https:\/\/www.facebook.com\/VelarOgVerkfaeri","article_modified_time":"2025-11-13T13:47:27+00:00","twitter_card":"summary_large_image","schema":{"@context":"https:\/\/schema.org","@graph":[{"@type":"WebPage","@id":"https:\/\/velarogverkfaeri.is\/verkfaeralausnir\/slipi-og-skurdarvorur\/slipiskifur\/product\/norton-slipiskifa-a30r-125x6-0x22-23-mm-t27-nor-expert-66252849654\/","url":"https:\/\/velarogverkfaeri.is\/verkfaeralausnir\/slipi-og-skurdarvorur\/slipiskifur\/product\/norton-slipiskifa-a30r-125x6-0x22-23-mm-t27-nor-expert-66252849654\/","name":"NORTON Sl\u00edpisk\u00edfa A30R-125x6.0x22.23 mm -T27 NOR-EXPERT 66252849654 - V\u00e9lar &amp; Verkf\u00e6ri","isPartOf":{"@id":"https:\/\/velarogverkfaeri.is\/en\/#website"},"primaryImageOfPage":{"@id":"https:\/\/velarogverkfaeri.is\/verkfaeralausnir\/slipi-og-skurdarvorur\/slipiskifur\/product\/norton-slipiskifa-a30r-125x6-0x22-23-mm-t27-nor-expert-66252849654\/#primaryimage"},"image":{"@id":"https:\/\/velarogverkfaeri.is\/verkfaeralausnir\/slipi-og-skurdarvorur\/slipiskifur\/product\/norton-slipiskifa-a30r-125x6-0x22-23-mm-t27-nor-expert-66252849654\/#primaryimage"},"thumbnailUrl":"https:\/\/velarogverkfaeri.is\/wp-content\/uploads\/2025\/11\/41b7c6fb-f306-4385-a337-00f07ad6529d.png","datePublished":"2025-10-25T13:41:17+00:00","dateModified":"2025-11-13T13:47:27+00:00","breadcrumb":{"@id":"https:\/\/velarogverkfaeri.is\/verkfaeralausnir\/slipi-og-skurdarvorur\/slipiskifur\/product\/norton-slipiskifa-a30r-125x6-0x22-23-mm-t27-nor-expert-66252849654\/#breadcrumb"},"inLanguage":"en-US","potentialAction":[{"@type":"ReadAction","target":["https:\/\/velarogverkfaeri.is\/verkfaeralausnir\/slipi-og-skurdarvorur\/slipiskifur\/product\/norton-slipiskifa-a30r-125x6-0x22-23-mm-t27-nor-expert-66252849654\/"]}]},{"@type":"ImageObject","inLanguage":"en-US","@id":"https:\/\/velarogverkfaeri.is\/verkfaeralausnir\/slipi-og-skurdarvorur\/slipiskifur\/product\/norton-slipiskifa-a30r-125x6-0x22-23-mm-t27-nor-expert-66252849654\/#primaryimage","url":"https:\/\/velarogverkfaeri.is\/wp-content\/uploads\/2025\/11\/41b7c6fb-f306-4385-a337-00f07ad6529d.png","contentUrl":"https:\/\/velarogverkfaeri.is\/wp-content\/uploads\/2025\/11\/41b7c6fb-f306-4385-a337-00f07ad6529d.png","width":551,"height":560},{"@type":"BreadcrumbList","@id":"https:\/\/velarogverkfaeri.is\/verkfaeralausnir\/slipi-og-skurdarvorur\/slipiskifur\/product\/norton-slipiskifa-a30r-125x6-0x22-23-mm-t27-nor-expert-66252849654\/#breadcrumb","itemListElement":[{"@type":"ListItem","position":1,"name":"Home","item":"https:\/\/velarogverkfaeri.is\/"},{"@type":"ListItem","position":2,"name":"Vefverslun","item":"https:\/\/velarogverkfaeri.is\/vefverslun\/"},{"@type":"ListItem","position":3,"name":"NORTON Sl\u00edpisk\u00edfa A30R-125&#215;6.0x22.23 mm -T27 NOR-EXPERT 66252849654"}]},{"@type":"WebSite","@id":"https:\/\/velarogverkfaeri.is\/en\/#website","url":"https:\/\/velarogverkfaeri.is\/en\/","name":"V\u00e9lar & Verkf\u00e6ri","description":"Umbo\u00f0s- og heildverslun fr\u00e1 \u00e1rinu 1919","publisher":{"@id":"https:\/\/velarogverkfaeri.is\/en\/#organization"},"potentialAction":[{"@type":"SearchAction","target":{"@type":"EntryPoint","urlTemplate":"https:\/\/velarogverkfaeri.is\/en\/?s={search_term_string}"},"query-input":{"@type":"PropertyValueSpecification","valueRequired":true,"valueName":"search_term_string"}}],"inLanguage":"en-US"},{"@type":"Organization","@id":"https:\/\/velarogverkfaeri.is\/en\/#organization","name":"V\u00e9lar & Verkf\u00e6ri","url":"https:\/\/velarogverkfaeri.is\/en\/","logo":{"@type":"ImageObject","inLanguage":"en-US","@id":"https:\/\/velarogverkfaeri.is\/en\/#\/schema\/logo\/image\/","url":"https:\/\/velarogverkfaeri.is\/wp-content\/uploads\/2021\/10\/vv_logo_350x100.png","contentUrl":"https:\/\/velarogverkfaeri.is\/wp-content\/uploads\/2021\/10\/vv_logo_350x100.png","width":350,"height":100,"caption":"V\u00e9lar & Verkf\u00e6ri"},"image":{"@id":"https:\/\/velarogverkfaeri.is\/en\/#\/schema\/logo\/image\/"},"sameAs":["https:\/\/www.facebook.com\/VelarOgVerkfaeri"]}]}},"_links":{"self":[{"href":"https:\/\/velarogverkfaeri.is\/en\/wp-json\/wp\/v2\/product\/77107","targetHints":{"allow":["GET"]}}],"collection":[{"href":"https:\/\/velarogverkfaeri.is\/en\/wp-json\/wp\/v2\/product"}],"about":[{"href":"https:\/\/velarogverkfaeri.is\/en\/wp-json\/wp\/v2\/types\/product"}],"replies":[{"embeddable":true,"href":"https:\/\/velarogverkfaeri.is\/en\/wp-json\/wp\/v2\/comments?post=77107"}],"wp:featuredmedia":[{"embeddable":true,"href":"https:\/\/velarogverkfaeri.is\/en\/wp-json\/wp\/v2\/media\/77800"}],"wp:attachment":[{"href":"https:\/\/velarogverkfaeri.is\/en\/wp-json\/wp\/v2\/media?parent=77107"}],"wp:term":[{"taxonomy":"product_brand","embeddable":true,"href":"https:\/\/velarogverkfaeri.is\/en\/wp-json\/wp\/v2\/product_brand?post=77107"},{"taxonomy":"product_cat","embeddable":true,"href":"https:\/\/velarogverkfaeri.is\/en\/wp-json\/wp\/v2\/product_cat?post=77107"},{"taxonomy":"product_tag","embeddable":true,"href":"https:\/\/velarogverkfaeri.is\/en\/wp-json\/wp\/v2\/product_tag?post=77107"}],"curies":[{"name":"wp","href":"https:\/\/api.w.org\/{rel}","templated":true}]}}