{"id":76203,"date":"2025-09-28T11:56:20","date_gmt":"2025-09-28T11:56:20","guid":{"rendered":"https:\/\/velarogverkfaeri.is\/?post_type=product&#038;p=76203"},"modified":"2026-02-03T14:47:05","modified_gmt":"2026-02-03T14:47:05","slug":"starmix-filter-kassettur-hepa-h14-advanced-polyester-pleated-filter-cassette-with-inser-rib-459264","status":"publish","type":"product","link":"https:\/\/velarogverkfaeri.is\/en\/lykillausnir\/heimilid-lykillausnir\/ryksugur-heimilid-lykillausnir\/product\/starmix-filter-kassettur-hepa-h14-advanced-polyester-pleated-filter-cassette-with-inser-rib-459264\/","title":{"rendered":"STARMIX F\u00edlter kassettur HEPA H14 Advanced Polyester pleated filter cassette with inser rib 459264"},"content":{"rendered":"<p><img decoding=\"async\" src=\"data:image\/png;base64,iVBORw0KGgoAAAANSUhEUgAAAbUAAABWCAYAAABIDQhFAAAAAXNSR0IArs4c6QAAAARnQU1BAACxjwv8YQUAAAAJcEhZcwAADsMAAA7DAcdvqGQAACUPSURBVHhe7Z19aFtH1vCPX1yQYf+QoQsyJGAFF6zQQGQSqEzyhxW6EAUXLJOCZVJIZQd2nQRS2Q9knewffZ0sOHIKeew+kEpd6GIVvMiFBrvQxSovKVIfWuxCihRosAMJSNCCDC1IkMC8Z76urqSrjyTOh7XnV26v7p2583Fm5pyZO8e5bQwBgiAIgmgB\/o86EwRBEMSuh4waQRAE0TKQUSMIgiBaBjJqBEEQRMtARo0gCIJoGcioEQRBEC0DGTWCIAiiZSCjRhAEQbQMZNQIgiCIloGMGkEQBNEyvBijlovCsbY2aDs8B1v8+tYotPHr91ZF8K6imIEFf5csf9sY7MIatCzb312C\/j8tQE5dE8\/A7zEYdU\/C6q\/qmiB2CTtj1O7NwX6h5KuP0Vs8QgfY2vHUbuMX1ewiI5e5egLOfoFq0+GBwLgHutT9l8qvKVh4rw+6OlCGB9TEwUxxC5Y\/OAb7O3mbjFYY4m1IXRuGffxZ3gZ7h2Huu20VJsl9MQZ94lk8OvpgjNf\/BZH5qB86RF\/qgL4PEljaGtydA6\/nChQHvGAXNyrq1bEPhq+laj9fj8c5Ib+u12qnVfxpAYbf6JDhWNZ9\/jlImSNsp2DOv0\/VpQ26KsObaIfnxzasnlETtde6YPiTDIDNB8MHonDiDZy4\/a6iEcRugP+Dxs\/Mz2HmwqQAnMw7HmRB0xHZUHHMfBng\/4gyg1Mr1tevMCuneD2BBb5UN142mTDztMsy2Xu9LPDhCsuqIEF+hQUdMtzmcDPfeIStqyBO9qZXyt7hYYERD3Pw3+Bm4Z9VhNsTDI0Eg3YXPutjLpGXnQVXCyrCcyS\/yAJ7HCzw6SbLfubHfL0skldhZWRZZADL9da8UffN6+5SvYxyA\/N+Wiadpkies1undVOl9dsi8\/NwPFyDQRZ4S8UfiKjyqPLhPceRAAscccjwQ2G2KcKbaIfnyfczzL3Hw6YTWZa86GJgD7Ekv4\/y92E57OfEFUHsCnbYqAWYpVnS4W+qQWwyYpuzOIjEs+rQcZDscpC5beq+3c2Cy4bKYuE3+f0Am7nuEeFWRkY8b1fP25zMP5tkUifq510lpVFhWKXxcrHQbFAoGNfs\/1PPmA4Vtyyfdjtzj8dZ9pEIEuRTYebvsalwh6kcnDxLzvqZQylKW4+fhVM6tMBWxrkCdLDQbXWrDF0PN5u5Y2Vk8PlTPF87CyxbWQN8\/hB\/viSH7A0pT8dFafpWTstyGfJNTDBcbzMYXMTUrZD1cep222Oqj+4HIzMsMqQUu83NQolNtnbBLdMFG\/NcT8v4ml9W2EQPKleUt1Ut2J1p5sRn\/TFdoiSbEPl72PwDdWvZ3L55Fh+R7aENkzZcrqsVeaOM4lN8ghZmyd\/UrbK0kNWgvNYyeRRnAX6tx8NWmLn5tdG3s2z+LR7uYNPf8+vG7VDFoyyLj7uZXfebg0EW13VVfdk1Nc9CB1W\/w3aI3EmX5I79MPhluTQLd+aZF\/uxe7Ykg7U\/8+f9bFHXnSBecSyN2uZ1H\/NxxWtSzHV5BqNWyKyh0pADGI6EWPzrtFAMBVQUYoVQNjt2lpRAhYGpMmpK0UF3gM0vLbIJoTS0EmvWqJUO12yGpb+Os9ARee2ZirP495hWKiTLafey6c9QiahZumtWmeYHEeYVaTiYZyTAPGrVpJWpsaLo9bGgMUP3sUWhbwosfpJf29mElVH7flrGf8tfMppceWVUOK4g+Eybp+0\/pFYPwohoZbZSrnw5uDITxkXIwUJOWVUf0+TDjPWKA1dYXOEa\/aRixVIVv5RffnVCtKN7CidA2SzLW1jS9FU+McI89JwH5ZbHuNls3jC8hZhP5GPTqw7dLrYJtrY1zzz8t32CJRv2+QJLfygnYs7LSvk\/UM934woHMyzcmZH17J5mIkZF3+Ikz8n2kv22UTtUY6weeb8ZVBNDXX6dHx585ejrlb+r4vP8RH2xTje82I\/tzP9pWspNy0EZ8MCyuiaIVxxro6ZXT6gAg0ubhmKoiUlZlR1a8dUxaoKqQa9f15hm2mqFIJWSVrZ8BVOjdCpNx5RWYussvqQMkZWyriiDNmq+m+Wz2YavH7WhGYmLy\/Rlp4jvuaE0bkYpPDGrVysKrliVEtEzdOPVFlKoUUWtqPkhXntpI6GVmy4LHtyIlJSZMjJWylS3lZCDhZz0M5ZGLc2mu3n8UrtJg4Ny5KsonbaxytP5+4zXivERfl2p7EuHldzFMyjDmi\/J8piOWEmb61EyDDZb+arNGi0LedhPxcsmfdmlgCFrcdiwThUrJ7OB0mOsplEra4cK9OtOU7+RclMrP9339SpPp+VAoyvip9mMMHRKHjrcOExyUmE1V4wE8YpR31GkuAHRd\/dBh2sUFr5tZtPaCd7xIAT18a4LOlTIk7EOiW\/4OQVn96qNc+8CFPFOcTvPAxSd0OVAU2fF0VFARQa5a\/3Q1tkHJ64n0Eb7wH8IVc8TYHdIt4N6lDlSHL4ive\/ubAmHja370m3D2a3y7Z0GnL0DKh6w3UtCQlRqAY4pJ4Su8ykRLbtdEGeOrUYVsw9l2mi4If1lBBZvZyByHG9sL0D03zzClizL8Qhkbi9C5Ms0JKd4ORKw8K8qd5IdAOt8n5+d4NwjboDrYppPnGBlxFQJux3Kq2SHLiVm4VBk4INFOfEyjsVBFWSAed7BU48TLFv2cQbm3j4BMey+7tk4hHrUfcTz4QLmgOIvYiN0T0P4dL2+0QGud3m\/DgCutmH7nxMw+ZUaE5jH4mxMyBonF4CTC0x0FS59uCr67I6Ty0KGn7HOTiUvf4zLJwszh+Q1p7Ozou++3gUOEd9WLueekOyTxpEukxMn9zCrfhHEq01z3o93Y3D2aCf0\/X2jwSD1QOhmBCL6uOyzVjRN44ZQLA64wiod5\/tUWAPsqBAfpCGOZXDbMrD60SSceKMLxr7aYTXz7Vlw+aOw0TMNa1tZyKamAWe2T8brfgib64jH\/GATfpXKm7Tzj1rKduj3OMWvwmP8X7uaUqAy0+rNfbhfnIs83IqcNMY1QYX64nwfnxFu0I7uh8kfsN4XcQIxVdEyv+fBmCLltku\/LXGA7zLv14uQvDWNVzmIfhgVssr946zIozS5SAKu6iD3ySVYEEa+mtyDBpOKRu1AEIQlzRm13gDM387D+kV3xQz7eeGCPlQKgPPRrM0L\/pN+PHxgz+XBdbA5M5n551kY+yAKxfdWYD1bgMKSH+9uQ\/TzhIwgKoJKTS9Aayn5BmylpJs5n8V7cTXGZ8Jm5ejslkZm674yBfdwVba3C7rO4Cy+24VmG\/k1A8UDvI54DLmhmLNBX29J0nwhYYUTDRSPlflGu7rnILHKVaENZ+l4cnvAy2\/\/OwEpVb\/kN9Khv8vODR7KWczsNyBzj58xhY11MXFx7OFG1Qmuw\/xuBtbF0oD\/3IAkPzuxDuKGGVw5dPMzKuSH4gZs\/fcx6ML6jt16LmsWBPM8gKefMnL1onmcg9i7\/TD5HcY4twaJqx7DsEuKsPrXSeDrYlcvthGuls9+ZGVGEjDJ22vvWVit0UcKaBytwTrzZw70yXbeyChDlYP174WUuRiRRu1QgaNLTpzuoZxVmVbP8zL2w9xdeb3TWJaDIF5FmAVPv6dm2hMwo8Nr7anpvR\/hNi5dzvMYB5UQxuMOFqX9Iv8SL43VXk85hqNJT1A4iky\/LfdP9N5W8oLaaO\/hDhpew\/uwck+tcg+n8n4hxl3N8Z6dO7SUHEGMujZwFEnPKkcRUXe9qe9kM3d4aANHES4H5QBj7SpeYCunrRwKgmxFebOVOXaM+6RzTU2Xfiy\/2Juq7dLflKOIsU9UvZfUcM\/SAitHEaPeWG5\/2Z+ZqD9pwD4n6to9zdZ\/UQ41hoOOmQJbHJJlgj3eMpd+93W1q2jak7Lc26xw6Q8el\/usNV36rdqhgmYcRQxnpcrxx\/tNg\/FjQI4ixC7D2qi9QO9HSV65ruO99iBbU3ezyyHm3cPTxaORS74FlS793ssrpTrl10ruztwj8M\/K6eIJjRovu+GOzt31L09ITzgHKksdw+zSX1YPTp4lbwRq\/OlCI5d+JJ9k4SGn4Q7vHAqzpFkxV7h+2w+ZXL8FlS74XjZteEdKyuXoZoHPSi7f1ZSnV\/YnCs\/JqFW79Jc7dZQfPK+SkdHPaIcep5VDRGGzTIa8jQI3zG1Y0ca8HQam2covKpBT1k5o3DB8rUzMjduhjHrtuoNGjVz6id1GG\/8fDgCC2MXkIOrtgrHCPGRTE8+4j0sYbMfgROcoJM8lIX8Dp2oEsQsgo0a0BnfnoM81CTCbhvVKhxDiyXm8DcvvO2H41jCsPIiA7w\/qPkG84ryYf9CYIJ43vSFIpKbB9u\/E7vHOfJUprkL8ThBWfiaDRuwuaKVGEARBtAy0UiMIgiBaBjJqBEEQRMtARo0gCIJoGcioEQRBEC0DGTWCIAiiZSCjRhAEQbQMZNQIgiCIloGMGkEQBNEykFEjCIIgWgYyagRBEETLQEaNIAiCaBla3KjlIPqnNmhr64M59UXhutwaxbgY\/z35degXwsvI82WQi8IxXs\/Dc+rrz5VswdwB3lb7m2srojaqT+2\/Zi3p3crqe7x\/tMHoLXXjBbL93RwMv9Ehxyoena4xWDb+5Wzdd0dh143iFtQ\/O2PU7s3BftXYbe\/ExGfozWxd2290hqY75A4Ju6Md\/9duA5u83EF0Ry4\/Ot4Yhrlvt1WcV4lVGBVlfFkDrwNsqi0kz1qeJuRv7pdWxwFpYLWytA63zqcUTjwRanIz\/HmllniF+T0GQc8kLN8rgs3hAMceB9juA\/5W4c+b3SizKl6c\/tn5ldqtKCyWffsjA9GPM+r3i8YBgVUG7FESJnrUreeA8+0gBMeDEBhwQPHeMkwedcLYV7u5Az4HHAFYeYRtkZoAp7q1U9SU\/x9cMIr3eVjwpFtObGxu8Ot777rQ1JawHfTL+zXCdT61wonG5G7FIAF+GB7c+Wnmc+N2Apb5eXAR8tksZB\/gUYiATwQ+f3alzF4m\/NMzz4z+XLzNJj5X77mRVQGI+tQ+z4ofpc\/0V3y+3uZk\/ln5ifzNWZcRXxzGZ+jlMw71CXtbj5+FU+qT97oMIzMs\/BYP55\/tt\/hs\/YM4Cx6yG2lbfQYfTq3I65\/nmYfn9XaEmWqk0Gmb64Ql\/NQn0xjQzxTY5lKQuXU97W4WXDalZs4zMSE\/9296dnFQPuePFcQdUf6D\/BP7eL\/dztzjcZZ9JINYPsnCQ06ZBh5G3bRsjKNCHjXSWzkl44Zmgwwnpcw1K1vBYFmW3XU1XXat5ZE8x9O1sYnbeKHLwNvSsjyltgrdCBnycpxaLNWvjGblrzDnr25pZD0t6iewzqcmpn4YGXLIstjcLJTYZGsX3KptbMxzXclMkV2u1Ud0\/gE2c1P3fRtzX1hjm4mSnGxHwiyt5aT6lGtkgvn3qPCDIbamhooRPhVmQQeGC5nUHo+lMrhY8GqpnI6hSClPTr2+KciyyACGDS1iz7YiXyYj95BX6g41HnU7Ge1Q0d\/L9AGnbKzbmHMozJI6uNZYqUSPT+Mo76tyHOlrH5vQ5W93MP\/Np2jj6x4RXupr9WUmZeJgvtPlfaMkhZ3VP7XrgLxo\/VMDS6O2ed3HfLxDWyoTCwyF4WVeXuG35g2Fsn6RD2wXC5yShko3VvZTr6xIT5DNfxZm\/h5eARuGF1ghs8biU7Jx4UiIxb9OiwbdvO6W93p9LDjiERXlHWmRt2CV4KyMWpKF7PzazryXF9n8BQ+z87ha0ZkbmHNnRqZZqSAFOu0KZZdRz6g08zGlZO0eFhj3MZfoeHYWXFVd1JznozU2IToM1uk3DHu0wgI8DPzy+rcVFhTldzDPSJD5evlvYM6L6xiIHXCIX9uY9+Iii6OCEnWzT+BATrO1pRDziLQ8LLS0xtIN0yspEX1UdapshHl52KAccNKIoXI5l+SBcjDqupiNym9W5SnJExxmWZkMehnNyd\/AnL+6pXkuRg0Px5EACxxRho0fvF5Gvy0N7MJqULZVWb2dbPp7HlohF+N5PFBxekYCzMMNE14b5TcpYtdgqV2NflypqFEm\/1tnPJaVod3FfKa28d5UI6NBXxKo\/mLdnpiLHt8VeVgbNexfb6s8Ts+zRW6QeVwbjnve31iaTXfzcCcLfBxni+dU2kIGdcZKpc57sF6ui8r6aqVRw6OsjexyQoc03cbqMPpaA5kZY7RGu+yk\/qlfh5egf2pgbdT0SglnmMGlTaGw6mJSGIvCiHnYvJj1rLNpPuDQyMXF\/dqKoaCEb8z6Kw0MGiQhcNsEW1MdL3tDdjbRgLoMjhBLGgWu7HyVqPKhAYzzNKvyRApoZNXPckod0ajTI5ztTinZiZmVjoMNf0fFSYVkh69UMBUDV3Ti22rmpGZp2ZtS8RgrYd0JUSZJIy8fi4hpWoGlv46rQcivdQflxl5SP71SWXw3TbPfMpT8RHwtSzyE4cAOa\/xGqoxKZXlKbTWTETeMPiGNZCXNyN9EE0at8pDplvIpP2r0KZ2PMvSleup2YSw+ItOQ6Wvjr8cMombMst6ldhWKBjHa5VOVoFohG\/1W9SnHlJLbI5zMibbxsghvat3njkdqTlzLx6Mug0MpMETneVrm2agvcWQcNUGrIs1mhFLTShKpMTasdYheVej+o+TO9YGoY5atL\/HxsI6\/SjK1HisVVOkF\/XylUSu1sX5jUD7Ba9TGDha6Xa5t6stMy8TULmWrLZ3uTuif5vvpi9M\/1tTfUytuQPTdfdDhGoWFJp0fPIEgOCEFC59vAXwbhbkcvzcMtoeVH9nfhtS1YdjXITfdOwJy+zCTqbH1fi8JCb5NVVyAY6\/JZ7rOp0RQdrsgzoLXu8CBkq7Jw2UYO9wpN\/rb+uCKKNYGbN0XodXYGjuZxN6R5Wl7rRP6r2UA2j0QvhrA5zKw\/hOP4YH+N0VUgLe8gDMvgG9SsC5ulOM7iU2PLH+VgNRqXDjd+E\/6RRnWbydEWOp8l8rvGCwImeQhj1L3vefGi1UY6+yAfd4gLD50gnfIC64an+Ovn14JuwPnXJa4of84nooZSH+bEN5gvkEfwE+rkPg2A0kMsg30P\/EemnAo4ec\/yHyL2+bSVFNb\/k9G5Z6ad68KUJTvqY3WlKvAbq\/I3w5dSoy6fpJ1SHzDzyk4u1fVw7sg2r283nawV+Rnf10lWJZeic4\/ovrioDz6B\/iPNGw9FHckOFbsxrPNjMdO6NRdQT\/3WJ4a96UcrHyOcYaGwW8pty1I3+VnLOshcaMx2ymY86N+4vm1dSgnNOyLP\/NzP4yewsLm5qC\/oxP63glD4g9uHF9ucDzFWGmOUhvbPf2Akxso3t\/Ctmy2jTuhq0x5NZKZxtQuh\/ulfsF2y+6o\/mlUh5ehf6xpzlHkbgzOHsWO8fcNUYmaPC5C8c0gTKAAMx+jQYtFMb4XgifV4DKR+2QY+v9rGfLHI5Dmm6+f+VVIA173Q3gpDnHTMT\/YpQIb8Bgb5MAwRH9wwnRiE7LZJEz3qrBnwKzsQrMrkM4nIfS06R4fBdGt\/jUJwX9wi1u9Qey+sFhW\/\/jSJPThfddUErKJeQgOOCF\/OwZX3u+DTk9jD71a6TWD922+XZ6A2IerOIR8MHrdjy2OBu5qAq+x9AMeEe95slPydwbCELkZMY7gQRWg8JwrhUVuToOvuls\/A24IxcxtgMf5Zlvh2Xnq8VhBzb6UW4EYKkU9QXt2chD198PkF3nwfZrGsZyFxZMqSGDH+1lIL2E7HcTp5a05mPTtg673V4UOe9qx8mw8YRs\/jcx+L9TX0Y1oqH9q1+Fl6B8rmjNqvQGYv52H9YvKg6wWd3EmiBZ79AwqsvtXYPJ\/ULyDQRi1GPzaSvtOB8HlcOCMsUFTdLtQnMivGSge8IuG9g+5oZizQV9vk01+H1d7fMH55qgQvIPPihotQItoqNXPWpiVXXjKZ5qZuKBPzJBSkBQzJuS7BKp8BJW9ZcO1o2E4hWdc\/WR4nzLN0lwH+NwPJwxYZy+vPx6+17OQP4Czz+0EXDlzFi792AfziTTkC2mY4Yr9hygs1\/i7r7rpiZDG2A7jTAzPiX9jrQbQoPV4wYd1Xv2Kz\/RxVvj8bVod+e8GdB\/JQNbmlf36pA\/suTy4Dj6b1cz\/Il5DiMlcUsyy94Nzj7hTxROPxwoa9aXGHnymsfKDuNEAvXLwQfC0C8cyzubNRf4JJ+J\/OQvRx0FY+T4LhUIcc8fh\/o9F1AFPPlaaYxuySp9sp5JiUmfrdqLOfLo2bt7rEVc2Wo9lNsQbEnA5oWtH9U+DOrwk\/WNFfaNmc0NwaRMKmUWYONL8EtAxNIoLXol\/xHqW4cTG5sQ+OAFjZ05AX+Xfo3Wh0eHnzyfhxJkobKCwL81ys5aBSwf2470xOHFgH4yePwsLusEa4eDNjPw0A6OBMRg96lOvH2vw0xXY39EBHd4ozgufBicE\/8pXMltw5Wg\/GvsTsP\/oHKZlh+DUaM2G068AOD5saC0\/53gYAnzsfj4MrqOjMBboB6f3LIz9bRmKdhw8G1GIfuCDE3+LwfIncxDlr3OwA7q7+dNd4BQZxmDynTGI\/tggPR61GXr6wasK6DruxTo5wTuoaubAgVOzd1aX51Un9d9j2FdNx\/9dfcp+YQb7yNUA9ogixPwu6Bf90gnHzo\/BpS+ezLBUkrvWD\/tRtryf820AGAjAiRrt0XA8NqB+X2rmNRpOhs\/zF2M4Vjx8fONY8cdkkCVOLDM\/o\/HyYVu801f+N7DdKNF\/RWEucAzG\/mcZYlcXpDJ\/qx\/6Go6Vp2UVxlxynPfhipCvFoPvck34NG3c7KtHTq4ksz\/JV4K+8WExFndO\/zSow8vSP1aovbUyntr70dgE1JuKeK3SqNrkfZQud3m+GJCbksYGe56tjKvw9iBbU\/eSNwLWLqWWjgCVG7qYgskN2jE0zSaE+7\/aaK3cEH4Kl34r6rrBVm1CI4bXUck5wOBBnIUGtEddIzflAIvcKW08578MGn8OEfxa3ayTXv2N+RLS8cG0Wa03mJUTgcCifcrLU91WlrIxaF7+giYcRRp5P1YdFmkZ+Rhlrt4gt5JrdjnEvMr93tqdvs7zlXJS165Tobou\/eV9rt54bLJtavWlBh58JUwu\/dwl\/m3l9KPyqKp3JlJWv+kR6X3r0\/lgecpc+gem2covMqjRWCmjqq6V8lDXNh+bGK\/n0t+ojU3ybVJmUiYuFjhXy6V\/Z\/VP7TogL0n\/VLIzf6dG7Cz5CMP5lcnAE8TuRXop1\/bgK5Fl6TsldWz8zaF5cvQfQrMy00bNMIY7wS7XPzv\/L4oQz8TGJ6PQ7xoT\/5RMrVe3BLGbcJxL4uQ5DoEGr9Fy\/xiF\/Qc6xStT\/irKpV7hTbzPX6H9Z9GszHaaVtA\/ZNReMbKpGKRyOPe6sAbRETJpxH8OjpEIxMfdkP0qCtHPU7Dd44fw7S2YP6IiEM+dVtA\/bXy5pn4TBEEQxK6GVmoEQRBEy0BGjSAIgmgZyKgRBEEQLQMZNYIgCKJlIKNGEARBtAxk1AiCIIiWgYwaQRAE0TKQUSMIgiBaBjJqBEEQRMtARo0gCIJoGciovQi+m4TOtjboVF\/dJQiCIJ4PO2PU7s3BflTabaaj8\/AoLHzb6LPST8IWzB3gae+HuWf6Om05W9f2i\/Luv7ZTH3K3Lif\/p0Ft7fL3iyD3xRj0daj22DsMc99VtMXDZRhzd8jw17pg+FqqwUfAtyF1bRi6XpNpdrjHYPmhClI0ynP1PRVWdoyKfxGcp5\/4oA86+L2OPpj8Zif7DkEQ\/zGID9A8K8ZHQp3MOx5kgQH9oTg7C3xp\/lzds2DxIb0dYHNWfojQ+gORT8PzKeeTkI+p71C1u5hv3Mdc4sN87lJ58ovye0m83oNB5uuVv93Xa8tg\/aJTpunwsMCIhzn4b3uQrajvPTXMk8vlEL8n+0jQOCJsnQffmWZOlNnM91m2\/iG2iWNa3s\/MMM\/BMCv\/3CJBEIQ1O2zUSl\/n5cpI3tMfurNQ9pVfXa36cmqQxR\/wAP0l1tJR\/TVUnX6AzVznH9grxan15Vf9ZVXjML7+mmfJWf0lWWC2Hj8Lp5Rx1mU+HsKymr4UnODhNcpp8XXZws9xFjwov9QL7XbmHo+zrPpKuGFox2dKcfb4WSQjw+t\/kVt\/ddzBQil1S+VvO5cUl9mbXnHtmJLXxpdubRNM3akgySaE\/HwsosSgy+i9yUvQOE80i2zagXG0sapExFf9R\/9+lGYz2KYyD4IgiMZYvn7c+ugEnOCvox6rG09DbwguDfIfy7Dyb3GnAUWIvd8Pk19kof\/iIsRn\/QA\/RGH4wFlIPe6DyaV5CODyABUnBG7EYdItHrIgBpc+SKnfmOpXY+DyR2HD7oHAuA9cv29A1N8Pl34A6Dsfh\/kRkSg4RuYhfr5P\/N76yAv9\/7UMuR4fBEc8YL+3DJOeUYiZ34h9NQfhX7wQOILPFzdgzncJUtBkObdjMPzGMER\/tIFnJAi+nm3Y+GQYXGfK99wyn1yC5N5RwJWUfF34lyjkeEBxW7aNZfsUYPsXfnaCc4+4gfOIPsAJBhS\/SQJ\/yVrYzorbzr1OccbVFfS9iediApKWr3bzkOcFa8c07fKOs1dWLHF7Hf\/fOE+ALGzxwm9HwadeUZa9wnTis7ABGz\/kYOPHDRRfF2Q\/GoVLf4zA4rhsI4IgiIYo41aGnoXzFUhwabPxJ72tVmrI+kW5kpGv9hqt1HS4Xg0UWPrrOIsvrbF0rZVeGTocVwu3dYn1CsLD5sWKD0lMiJWgXkFUv35UqxJctayplZP8tLpaMegyG586x9WEeH3nZuEtft2onqU8nZfVS7VHSRbiqxjwsghmocMdF9Wa5lFcrQCDJfkWCjXapcAWB3lcYO6rabwqsGwsIFe\/b4axdBhDvyo8NMPSmEghu8gCYiVWS7ZqlcVfJy9j4zwqyFeEPA1Rp8Z5sq155rPjtcPDgrNhNn1cvc7snlavFvNs7YJbPsNXvjemmbvd\/PqSIAiiMfUdRXAFEn13H3S4ns7po\/j7kzzjBN97fPa\/CmOdHbDPG4TFh07wDnnB9USfNO+ELgeqRsE6JL7h5xSc3ascE7wLYjVU3M7zgGruJSEhIizAMeUU0XVervyy2wVxFtjt6lPnNuUAgg81ubLN3MmIs+cwX8sg7R7wvs1\/JCCFixRNZ6daFrXr+pjyt2G+6mc5NgjMhoFLcuOv+6GjrQO6AjG5AlQP2E6GIXwIf\/xwCfbjqqmjC1ehOoKlM4sbJm8GwA7bEPN3QttrHdD3N1kHGb9xntA9ASt5BiybhMhUCGZW1wCNP8D9ZVi+yyPYwXt9HdDGAivEoeuzKwBXLwGcVs4se8dglXxHCIJoQHPej3djcPZoJ\/T9faPs9Vh9irB1X8Z296jXXA1wTSUhm5iH4IAT8rdjcOX9Puj0zKnXV8+CG0KxOMSXTId61ViT1\/0QNsfHY36wSwW+4vSGYP2XdVj5eBqmP16D9BKu8xCbpx+nDki7C0KpPKyvzsP05XlYy8RBxLD1Q383\/1GNfXARsj+vweLsNMplHZJXpUH2epQcG+VZhRNc4g1mBtI\/ixsGuU\/GYBLCMIP\/Td4bhZWtNIS7o3DiA+knSRAEUYvmjFpvAOZvoxK86DYm3g25Owczt\/gPP5wQqxBEPJyHvJ5xm1c22wm4cuYsXPqxD+YTacgX0jDD95J+iMLyU7vwq70iVJxZmxf8J\/14+MCey4PrYI19mm6XWHHArxkoHuDx8RhyQzFng77epmtfF9cBaRBS36vVzuMUJMS+oxc8IvMmKBbrTzBed4Pvz2gWTnfB8mwMbzghdMYjwzjtdnAfn4CZD4PQ9cUMiBhTE2DEeIzpV6w8bT1eCEzNQGhgC+Znedn9EFR7koJ6eX4xKvfR\/pKQ19gmydv8jG2kFqyCh1EYPZOFmX+GMARr+LYffNgm\/ncwUmZL7ikSBEHUQr2GLOPp99Tqu\/QnL9hluj0+FhzxGt6Fxp6acPm2M+\/lRRb\/OMhwhm\/a2yrt2ziOBNjMaqVHnPWeW\/7LALOLsjiYZwTLdkTu8\/mXZK2M\/SXuqv7hivAmTM+65T3hnq5d3p1s5g4GVuyPVedrUc7KZwyXersok3apt59eEbKu3ufTXpVqz\/KO8iwdsPJ+VGxEWHDQzexKxs7LlT6H6ywy7mNuvs\/F0+qZZutqD5H9Fmd+\/px9giX1PSS7OlPWtv5YRe718vxthQVVXvzPCHQ7VNaBy95zVe6ybV7HdrAF2OLWJotwmaJ8CIIg6mFt1K77mG82yfImhVYXw6iVDvuhAMPVnYqgyK+xkHZR584Af1YGxVD2lS79ARa5YzKpmTDzKNd8zw2t8DXWRo2TXQ4x7x75HNiczM\/rpsLYozQLH1FlemteOjVwl\/4bAcs\/A2hs1JDKclY9gzxowqW\/llGr69KvUHnae70sZDkxUWnaXcx7Ic42zRG4ARLu96EyoybLZWMOq7blNMoT6xwaUMYM03EOhVnSIhkDc9vsCbKVenEJgiCQNv4\/VBoEQRAEsevZmX8miyAIgiBeAcioEQRBEC0DGTWCIAiiZSCjRhAEQbQMZNQIgiCIloGMGkEQBNEykFEjCIIgWgYyagRBEETLQEaNIAiCaBnIqBEEQRAtAxk1giAIomUgo0YQBEG0CAD\/H88aNrTMNvJaAAAAAElFTkSuQmCC\" alt=\"\"><\/p>\n<p><\/p>","protected":false},"excerpt":{"rendered":"<p>Tegund:&nbsp;459264<\/p>","protected":false},"featured_media":79669,"comment_status":"closed","ping_status":"closed","template":"","meta":[],"product_brand":[],"product_cat":[895,517,970],"product_tag":[],"class_list":{"0":"post-76203","1":"product","2":"type-product","3":"status-publish","4":"has-post-thumbnail","6":"product_cat-heimilid-lykillausnir","7":"product_cat-lykillausnir","8":"product_cat-ryksugur-heimilid-lykillausnir","10":"first","11":"instock","12":"taxable","13":"shipping-taxable","14":"purchasable","15":"product-type-simple"},"yoast_head":"<!-- This site is optimized with the Yoast SEO plugin v27.3 - https:\/\/yoast.com\/product\/yoast-seo-wordpress\/ -->\n<title>STARMIX F\u00edlter kassettur HEPA H14 Advanced Polyester pleated filter cassette with inser rib 459264 - V\u00e9lar &amp; Verkf\u00e6ri<\/title>\n<meta name=\"robots\" content=\"index, follow, max-snippet:-1, max-image-preview:large, max-video-preview:-1\" \/>\n<link rel=\"canonical\" href=\"https:\/\/velarogverkfaeri.is\/en\/uncategorized\/product\/starmix-filter-kassettur-hepa-h14-advanced-polyester-pleated-filter-cassette-with-inser-rib-459264\/\" \/>\n<meta property=\"og:locale\" content=\"en_US\" \/>\n<meta property=\"og:type\" content=\"article\" \/>\n<meta property=\"og:title\" content=\"STARMIX F\u00edlter kassettur HEPA H14 Advanced Polyester pleated filter cassette with inser rib 459264 - V\u00e9lar &amp; Verkf\u00e6ri\" \/>\n<meta property=\"og:description\" content=\"Tegund:&nbsp;459264\" \/>\n<meta property=\"og:url\" content=\"https:\/\/velarogverkfaeri.is\/en\/uncategorized\/product\/starmix-filter-kassettur-hepa-h14-advanced-polyester-pleated-filter-cassette-with-inser-rib-459264\/\" \/>\n<meta property=\"og:site_name\" content=\"V\u00e9lar &amp; Verkf\u00e6ri\" \/>\n<meta property=\"article:publisher\" content=\"https:\/\/www.facebook.com\/VelarOgVerkfaeri\" \/>\n<meta property=\"article:modified_time\" content=\"2026-02-03T14:47:05+00:00\" \/>\n<meta name=\"twitter:card\" content=\"summary_large_image\" \/>\n<script type=\"application\/ld+json\" class=\"yoast-schema-graph\">{\"@context\":\"https:\\\/\\\/schema.org\",\"@graph\":[{\"@type\":\"WebPage\",\"@id\":\"https:\\\/\\\/velarogverkfaeri.is\\\/uncategorized\\\/product\\\/starmix-filter-kassettur-hepa-h14-advanced-polyester-pleated-filter-cassette-with-inser-rib-459264\\\/\",\"url\":\"https:\\\/\\\/velarogverkfaeri.is\\\/uncategorized\\\/product\\\/starmix-filter-kassettur-hepa-h14-advanced-polyester-pleated-filter-cassette-with-inser-rib-459264\\\/\",\"name\":\"STARMIX F\u00edlter kassettur HEPA H14 Advanced Polyester pleated filter cassette with inser rib 459264 - V\u00e9lar &amp; Verkf\u00e6ri\",\"isPartOf\":{\"@id\":\"https:\\\/\\\/velarogverkfaeri.is\\\/en\\\/#website\"},\"primaryImageOfPage\":{\"@id\":\"https:\\\/\\\/velarogverkfaeri.is\\\/uncategorized\\\/product\\\/starmix-filter-kassettur-hepa-h14-advanced-polyester-pleated-filter-cassette-with-inser-rib-459264\\\/#primaryimage\"},\"image\":{\"@id\":\"https:\\\/\\\/velarogverkfaeri.is\\\/uncategorized\\\/product\\\/starmix-filter-kassettur-hepa-h14-advanced-polyester-pleated-filter-cassette-with-inser-rib-459264\\\/#primaryimage\"},\"thumbnailUrl\":\"https:\\\/\\\/velarogverkfaeri.is\\\/wp-content\\\/uploads\\\/2026\\\/02\\\/1a4980ae-a581-4b71-a54f-530d77da0da5.png\",\"datePublished\":\"2025-09-28T11:56:20+00:00\",\"dateModified\":\"2026-02-03T14:47:05+00:00\",\"breadcrumb\":{\"@id\":\"https:\\\/\\\/velarogverkfaeri.is\\\/uncategorized\\\/product\\\/starmix-filter-kassettur-hepa-h14-advanced-polyester-pleated-filter-cassette-with-inser-rib-459264\\\/#breadcrumb\"},\"inLanguage\":\"en-US\",\"potentialAction\":[{\"@type\":\"ReadAction\",\"target\":[\"https:\\\/\\\/velarogverkfaeri.is\\\/uncategorized\\\/product\\\/starmix-filter-kassettur-hepa-h14-advanced-polyester-pleated-filter-cassette-with-inser-rib-459264\\\/\"]}]},{\"@type\":\"ImageObject\",\"inLanguage\":\"en-US\",\"@id\":\"https:\\\/\\\/velarogverkfaeri.is\\\/uncategorized\\\/product\\\/starmix-filter-kassettur-hepa-h14-advanced-polyester-pleated-filter-cassette-with-inser-rib-459264\\\/#primaryimage\",\"url\":\"https:\\\/\\\/velarogverkfaeri.is\\\/wp-content\\\/uploads\\\/2026\\\/02\\\/1a4980ae-a581-4b71-a54f-530d77da0da5.png\",\"contentUrl\":\"https:\\\/\\\/velarogverkfaeri.is\\\/wp-content\\\/uploads\\\/2026\\\/02\\\/1a4980ae-a581-4b71-a54f-530d77da0da5.png\",\"width\":1165,\"height\":790},{\"@type\":\"BreadcrumbList\",\"@id\":\"https:\\\/\\\/velarogverkfaeri.is\\\/uncategorized\\\/product\\\/starmix-filter-kassettur-hepa-h14-advanced-polyester-pleated-filter-cassette-with-inser-rib-459264\\\/#breadcrumb\",\"itemListElement\":[{\"@type\":\"ListItem\",\"position\":1,\"name\":\"Home\",\"item\":\"https:\\\/\\\/velarogverkfaeri.is\\\/\"},{\"@type\":\"ListItem\",\"position\":2,\"name\":\"Vefverslun\",\"item\":\"https:\\\/\\\/velarogverkfaeri.is\\\/vefverslun\\\/\"},{\"@type\":\"ListItem\",\"position\":3,\"name\":\"STARMIX F\u00edlter kassettur HEPA H14 Advanced Polyester pleated filter cassette with inser rib 459264\"}]},{\"@type\":\"WebSite\",\"@id\":\"https:\\\/\\\/velarogverkfaeri.is\\\/en\\\/#website\",\"url\":\"https:\\\/\\\/velarogverkfaeri.is\\\/en\\\/\",\"name\":\"V\u00e9lar & Verkf\u00e6ri\",\"description\":\"Umbo\u00f0s- og heildverslun fr\u00e1 \u00e1rinu 1919\",\"publisher\":{\"@id\":\"https:\\\/\\\/velarogverkfaeri.is\\\/en\\\/#organization\"},\"potentialAction\":[{\"@type\":\"SearchAction\",\"target\":{\"@type\":\"EntryPoint\",\"urlTemplate\":\"https:\\\/\\\/velarogverkfaeri.is\\\/en\\\/?s={search_term_string}\"},\"query-input\":{\"@type\":\"PropertyValueSpecification\",\"valueRequired\":true,\"valueName\":\"search_term_string\"}}],\"inLanguage\":\"en-US\"},{\"@type\":\"Organization\",\"@id\":\"https:\\\/\\\/velarogverkfaeri.is\\\/en\\\/#organization\",\"name\":\"V\u00e9lar & Verkf\u00e6ri\",\"url\":\"https:\\\/\\\/velarogverkfaeri.is\\\/en\\\/\",\"logo\":{\"@type\":\"ImageObject\",\"inLanguage\":\"en-US\",\"@id\":\"https:\\\/\\\/velarogverkfaeri.is\\\/en\\\/#\\\/schema\\\/logo\\\/image\\\/\",\"url\":\"https:\\\/\\\/velarogverkfaeri.is\\\/wp-content\\\/uploads\\\/2021\\\/10\\\/vv_logo_350x100.png\",\"contentUrl\":\"https:\\\/\\\/velarogverkfaeri.is\\\/wp-content\\\/uploads\\\/2021\\\/10\\\/vv_logo_350x100.png\",\"width\":350,\"height\":100,\"caption\":\"V\u00e9lar & Verkf\u00e6ri\"},\"image\":{\"@id\":\"https:\\\/\\\/velarogverkfaeri.is\\\/en\\\/#\\\/schema\\\/logo\\\/image\\\/\"},\"sameAs\":[\"https:\\\/\\\/www.facebook.com\\\/VelarOgVerkfaeri\"]}]}<\/script>\n<!-- \/ Yoast SEO plugin. -->","yoast_head_json":{"title":"STARMIX F\u00edlter kassettur HEPA H14 Advanced Polyester pleated filter cassette with inser rib 459264 - V\u00e9lar &amp; Verkf\u00e6ri","robots":{"index":"index","follow":"follow","max-snippet":"max-snippet:-1","max-image-preview":"max-image-preview:large","max-video-preview":"max-video-preview:-1"},"canonical":"https:\/\/velarogverkfaeri.is\/en\/uncategorized\/product\/starmix-filter-kassettur-hepa-h14-advanced-polyester-pleated-filter-cassette-with-inser-rib-459264\/","og_locale":"en_US","og_type":"article","og_title":"STARMIX F\u00edlter kassettur HEPA H14 Advanced Polyester pleated filter cassette with inser rib 459264 - V\u00e9lar &amp; Verkf\u00e6ri","og_description":"Tegund:&nbsp;459264","og_url":"https:\/\/velarogverkfaeri.is\/en\/uncategorized\/product\/starmix-filter-kassettur-hepa-h14-advanced-polyester-pleated-filter-cassette-with-inser-rib-459264\/","og_site_name":"V\u00e9lar &amp; Verkf\u00e6ri","article_publisher":"https:\/\/www.facebook.com\/VelarOgVerkfaeri","article_modified_time":"2026-02-03T14:47:05+00:00","twitter_card":"summary_large_image","schema":{"@context":"https:\/\/schema.org","@graph":[{"@type":"WebPage","@id":"https:\/\/velarogverkfaeri.is\/uncategorized\/product\/starmix-filter-kassettur-hepa-h14-advanced-polyester-pleated-filter-cassette-with-inser-rib-459264\/","url":"https:\/\/velarogverkfaeri.is\/uncategorized\/product\/starmix-filter-kassettur-hepa-h14-advanced-polyester-pleated-filter-cassette-with-inser-rib-459264\/","name":"STARMIX F\u00edlter kassettur HEPA H14 Advanced Polyester pleated filter cassette with inser rib 459264 - V\u00e9lar &amp; Verkf\u00e6ri","isPartOf":{"@id":"https:\/\/velarogverkfaeri.is\/en\/#website"},"primaryImageOfPage":{"@id":"https:\/\/velarogverkfaeri.is\/uncategorized\/product\/starmix-filter-kassettur-hepa-h14-advanced-polyester-pleated-filter-cassette-with-inser-rib-459264\/#primaryimage"},"image":{"@id":"https:\/\/velarogverkfaeri.is\/uncategorized\/product\/starmix-filter-kassettur-hepa-h14-advanced-polyester-pleated-filter-cassette-with-inser-rib-459264\/#primaryimage"},"thumbnailUrl":"https:\/\/velarogverkfaeri.is\/wp-content\/uploads\/2026\/02\/1a4980ae-a581-4b71-a54f-530d77da0da5.png","datePublished":"2025-09-28T11:56:20+00:00","dateModified":"2026-02-03T14:47:05+00:00","breadcrumb":{"@id":"https:\/\/velarogverkfaeri.is\/uncategorized\/product\/starmix-filter-kassettur-hepa-h14-advanced-polyester-pleated-filter-cassette-with-inser-rib-459264\/#breadcrumb"},"inLanguage":"en-US","potentialAction":[{"@type":"ReadAction","target":["https:\/\/velarogverkfaeri.is\/uncategorized\/product\/starmix-filter-kassettur-hepa-h14-advanced-polyester-pleated-filter-cassette-with-inser-rib-459264\/"]}]},{"@type":"ImageObject","inLanguage":"en-US","@id":"https:\/\/velarogverkfaeri.is\/uncategorized\/product\/starmix-filter-kassettur-hepa-h14-advanced-polyester-pleated-filter-cassette-with-inser-rib-459264\/#primaryimage","url":"https:\/\/velarogverkfaeri.is\/wp-content\/uploads\/2026\/02\/1a4980ae-a581-4b71-a54f-530d77da0da5.png","contentUrl":"https:\/\/velarogverkfaeri.is\/wp-content\/uploads\/2026\/02\/1a4980ae-a581-4b71-a54f-530d77da0da5.png","width":1165,"height":790},{"@type":"BreadcrumbList","@id":"https:\/\/velarogverkfaeri.is\/uncategorized\/product\/starmix-filter-kassettur-hepa-h14-advanced-polyester-pleated-filter-cassette-with-inser-rib-459264\/#breadcrumb","itemListElement":[{"@type":"ListItem","position":1,"name":"Home","item":"https:\/\/velarogverkfaeri.is\/"},{"@type":"ListItem","position":2,"name":"Vefverslun","item":"https:\/\/velarogverkfaeri.is\/vefverslun\/"},{"@type":"ListItem","position":3,"name":"STARMIX F\u00edlter kassettur HEPA H14 Advanced Polyester pleated filter cassette with inser rib 459264"}]},{"@type":"WebSite","@id":"https:\/\/velarogverkfaeri.is\/en\/#website","url":"https:\/\/velarogverkfaeri.is\/en\/","name":"V\u00e9lar & Verkf\u00e6ri","description":"Umbo\u00f0s- og heildverslun fr\u00e1 \u00e1rinu 1919","publisher":{"@id":"https:\/\/velarogverkfaeri.is\/en\/#organization"},"potentialAction":[{"@type":"SearchAction","target":{"@type":"EntryPoint","urlTemplate":"https:\/\/velarogverkfaeri.is\/en\/?s={search_term_string}"},"query-input":{"@type":"PropertyValueSpecification","valueRequired":true,"valueName":"search_term_string"}}],"inLanguage":"en-US"},{"@type":"Organization","@id":"https:\/\/velarogverkfaeri.is\/en\/#organization","name":"V\u00e9lar & Verkf\u00e6ri","url":"https:\/\/velarogverkfaeri.is\/en\/","logo":{"@type":"ImageObject","inLanguage":"en-US","@id":"https:\/\/velarogverkfaeri.is\/en\/#\/schema\/logo\/image\/","url":"https:\/\/velarogverkfaeri.is\/wp-content\/uploads\/2021\/10\/vv_logo_350x100.png","contentUrl":"https:\/\/velarogverkfaeri.is\/wp-content\/uploads\/2021\/10\/vv_logo_350x100.png","width":350,"height":100,"caption":"V\u00e9lar & Verkf\u00e6ri"},"image":{"@id":"https:\/\/velarogverkfaeri.is\/en\/#\/schema\/logo\/image\/"},"sameAs":["https:\/\/www.facebook.com\/VelarOgVerkfaeri"]}]}},"_links":{"self":[{"href":"https:\/\/velarogverkfaeri.is\/en\/wp-json\/wp\/v2\/product\/76203","targetHints":{"allow":["GET"]}}],"collection":[{"href":"https:\/\/velarogverkfaeri.is\/en\/wp-json\/wp\/v2\/product"}],"about":[{"href":"https:\/\/velarogverkfaeri.is\/en\/wp-json\/wp\/v2\/types\/product"}],"replies":[{"embeddable":true,"href":"https:\/\/velarogverkfaeri.is\/en\/wp-json\/wp\/v2\/comments?post=76203"}],"wp:featuredmedia":[{"embeddable":true,"href":"https:\/\/velarogverkfaeri.is\/en\/wp-json\/wp\/v2\/media\/79669"}],"wp:attachment":[{"href":"https:\/\/velarogverkfaeri.is\/en\/wp-json\/wp\/v2\/media?parent=76203"}],"wp:term":[{"taxonomy":"product_brand","embeddable":true,"href":"https:\/\/velarogverkfaeri.is\/en\/wp-json\/wp\/v2\/product_brand?post=76203"},{"taxonomy":"product_cat","embeddable":true,"href":"https:\/\/velarogverkfaeri.is\/en\/wp-json\/wp\/v2\/product_cat?post=76203"},{"taxonomy":"product_tag","embeddable":true,"href":"https:\/\/velarogverkfaeri.is\/en\/wp-json\/wp\/v2\/product_tag?post=76203"}],"curies":[{"name":"wp","href":"https:\/\/api.w.org\/{rel}","templated":true}]}}