{"id":76029,"date":"2025-09-12T14:41:23","date_gmt":"2025-09-12T14:41:23","guid":{"rendered":"https:\/\/velarogverkfaeri.is\/?post_type=product&#038;p=76029"},"modified":"2026-02-03T14:46:52","modified_gmt":"2026-02-03T14:46:52","slug":"sub-beschlage-skapalaesing-thrysti-150370-6","status":"publish","type":"product","link":"https:\/\/velarogverkfaeri.is\/en\/lykillausnir\/badherbergi-lykillausnir\/skapalaesingar-badherbergi-lykillausnir\/product\/sub-beschlage-skapalaesing-thrysti-150370-6\/","title":{"rendered":"SUB BESCHLAGE Sk\u00e1pal\u00e6sing \u00der\u00fdsti 150370.6"},"content":{"rendered":"<p><img decoding=\"async\" src=\"data:image\/png;base64,iVBORw0KGgoAAAANSUhEUgAAANEAAAClCAYAAADCiRg4AAAAAXNSR0IArs4c6QAAAARnQU1BAACxjwv8YQUAAAAJcEhZcwAADsMAAA7DAcdvqGQAACawSURBVHhe7Z0PTFRn3u+\/97rpbNyAccO4boTtFanriH0L6nVA0xHdd1BfB20dLq5wMY6LAYtxqATsH\/9VKFYoWzCaYmDFSMQLFxoRKsK8VZi8LZBV4a7ApBZILZj1BbPE8dUwG825z3PmDJxh\/sKBKerzaSad5zznPOc5f37Pn4PnM\/+NI4DBYEya\/y78n8FgTBIWRAyGRFgQMRgSYUHEYEiEBRGDIREWRAyGRFgQMRgSYUHEYEiEBRGDIREWRAyGRFgQMRgSeUWD6DF6jEb0mIWkW4xIW7wUadeFJIMxDt8E0fVMBJMbcW2hSVhgj6Vez+fHlAwISzzAl5eJJiE5cbpRlpqCHMNDIT019Jdo+eMY\/SiUUMZlo+GBsALjpcSnPVF\/WTVanguJUSxoumYQvvsKJT65041z2gAhPYUoMtB8txt95GP67hLS5bXY+345hoRsxsuH74JocRiWoxwXGi3CAoEH1SiuJ3krhLSAuaMUezcqrS36Sg32Vvbxy5sySTqljnyrw26SNzrMet6HK5lahCmsPUDMCSPMQsDSbWJyS3FUHY7graXodxiiPcbtEj2iV1p7kLCNegi7c6C\/LB7Ba\/JwW0i7QzY3GHHatcCtDnTxS+h+tcgpycbaN209r4d9k+OqTNWMHld0ajl6bKfQXR7Dd9D3iaadbzK4hVvOcdcK1NzC92q5EWExpZMu29\/I1WQoOE1xv3XhYBWnW\/I2p786xK878n0Rp1mi5j7vtmbz5b2Rwd0Qkhxn5q69v4pbldHIDZINRgZbuU+3jJV3g5S9cMk27tPmXm7wH7TEZk7\/hoLTf8Nnk90lcwtXZ3DX6MZkjz8UbeMW\/msB18nn2q\/L\/b2Vq7nayz0SkmJ+KibbkeP8SUhzT3q5ivdIvT5uFo7ZWtbCd3O5G98PcY+eeNo3x93KeZusX8R1knW5J93c6XcV3FtHWz3mMXyH1z3R6Dhf+EyY+\/ch374Lyw3lqLTNEZ63obLsERJ3qOEvLOLxj8ZJ49c4uSkAMpKULd6MrYsH0NTqYs50rwqn6yLw8TE15GQDmVyJ9D1qdF01kF7HSlBSNj5SBUM+l5Zoj786G231WdhANyZ7DNmoQeg9I1ruW\/PtmK\/Elk3B9vUVY8rDWtt5CtPgg95YfPmRij8OK4FIPZ6BqMUB8J\/ted\/m4YcIilAilKyL2QokfV6Kk2o5GQS7z2P4Dt8N58xmmOdrsWdTB0oqhAcMzdUoQww2\/k9rchSZH2Q\/VSHNNpxbHI0cuonDfEqg10SGSwakhY0FueIAmWeJ1vef4yd8c0T2Kxn6KzNHh1TB6jzr8OsZnz0xRHOivg4jLq5vRez\/pkNIG34QV8XTviO3J0NGhpBh2\/RkGGhAj18YNqwJ5oPSXR7Dd\/j0wQJtaTfsiMcj\/gGDBQ01dQhK1CJy1gB6eoRVKPdKkbCjFDL91zCZ6A3ZiI8UQp4r\/ONRZbt5bZ8aHYKEbHf0l+5CbKkM6XXt1u0MGQgV8iQxOwCRunhEdl5CZaewbBye9i1boUfjTRKMaUrI2ouQoFJjd7W1R3aXx\/AdPg4iQoQWiX7luFB6nn+gkLRdiA5xL0N7FoUO6XQ4N4su+Ccsrnohym8XIMhsxA3xE3R364+j964Jobr92DBfaMOfk\/1Zv0077vf9EF31BnQNByBUFY\/0M9UwHA5E0wU6THWXx\/AlXgeRXQtPPpNHgY3vBKIhtxC3N+kQN19YLObXcshNdShrfUhGgQ\/RUngIp+8KeZT\/sQghIL3XfQssT0lakYDUiAGc+ZiUOUzSFrJNgRZrs9q8Cgb\/uQHoqr2ElgePYX7QhvyPiyDuGO0g+Vfq++DN32kt5j5UZheiRa7COhc9qad9d13SY\/eJavTTA6HHdbMXkPvjlx7yGL7D9z0RIZQ+YCBzA\/pAwen4PSwDF7NJoO1RIUy5GTnDWuxTkWnVo8fW\/ODNSFo\/gJx14YitoMOXAMQV1+GT3xqwezWZV7ypxgd9GnyhJ8Mc6xZuWZ55Hp8Fkm1VSoRpcmGOTUEUHsO2OzH9hkKkZVe7DjLRgwXFSi1y\/h6NL6sPYTnfozrift\/kuE6XY8+zUsTQ+R45rvzheFz8sxZyt3kMX8KUWQyGRH6WnojBeJlgQcRgSIQFEYMhERZEDIZEWBAxGBJhQcRgSIQFEYMhERZEDIZEWBAxGBJhQcRgSIQFEYMhERZEDIZEWBAxGBJhQcRgSOSVDyJewZVptCaeP8Tt+g4MefFWLK\/h8lY26ZEBlGz1ZFl9jJYTOuR3CEkvuV2oJ9s4eTGKMWX4Joim2oA6XTxoRM6B\/Si+I6RnED0lu5A2rMOeMGGBK+6VIkYxdi6X67To378LJS48egzp+LQnmjkGVBcsiEeVyYiPPN2ovoYExvtFi3DymMq1qovnISoP56FLfI79VTieGYj8Y9XMwjpN+C6IJmpAbc1DrDLc+pq1Mh45RudDEt5\/feAsKlOjoaCvZb8ZjbQ6sWPbgp7qTMTYDKPbMnHFVatMW\/HFWpTcE9J91fYW1vI+e2eDxYQy237pq+Ctojq6MbJSeir1vAWVzzv2NXrcDCFbSotg3qFDFPXLucFcl4Wj\/6XFlnE+B\/9N8YjrzsXpW8ICxpTiuyCapcaexEA01BnsbsSuivO8sGSn2G01VI00XS0CjxlgutsO47FA1CQlo8yVGL6+Ef2J5ei4047GYwq0HIhHvjByNNdlIvrPZsSVtaPP1I6LG3qRtlmPKx5NIx3ISTyMgXfP89ouU1kMBrJ2kEARsgldp4swyO+3DbU6oGRfoaAXfoyGjB34FCkwdJBtjacQ2ZqChFJhuHorGwlHB7Cl2AhTx7\/jize7cUMsYrGjA9fqgKgoD86wp0YcOWZC0nEdlgmLRpmlxLr1j9HU5Hw4zZCG10HEt8aiz4SZiAH1qZlM7pdi9RpqQJVBvikT5wp1pCdzwaYUpEeQdWUyhGgPY9+KAVy5Sm+YAVQWG7A8NRuJChm5mWQITT6LT8IMKK70NP8yY3AoEJFKBa\/tkil24YuSbGycN9YEUKuqdb9+CNVoEGpux21qLvVgZG2qKIdle+botiFaPXYu5ot05B4p07wUob8T0i64nX8ILVtzkb7sNWGJPYsWK9D\/\/7rZkG4a8F1PNBED6utqJK7vxgdropFwoBBlrWaERKsR6kyvRfmF2OkTgMioYPT\/J71d+tBpIoHwL+JffwhA6FI\/dN31NNNWYmfyayjbQYZbqXkoqe\/DnJVqRAaP7cupVZWaS90aWQfQ8z1IHRbRhMBrgl\/PCQ\/vk8CTY547hU9nId6vicBxvevJXNDrZH+PzBgR0oypw6cPFrw2oCIQcUVkqFOThe1LH+LaYS0Um\/NwmzrmvMDyX\/8UvjnHbPHmka8My9Pr0GE8j\/Q1r+FW8S4o16eg0jZf8oQEI6sdpKeaI3x1zgBKPj6LwMxMbHD\/1IExTfg4iAheGFAtfW1o+Jb0FMFKbEnKwsVrRUh8WIoLovmIayzo7RtA0G9o0x2MZYoBtPxN\/KDhIfp7SU+wOFhIu+CBCQ31JpjlCkTF6\/HlV1\/jk98ZUWbw4jG8WyNrIEJ+T+ZT3aQSo7gxvPr5k6HuEBlaCunxGM\/ynvKWQyqh17N6y7tyo4WfkbHSf4\/sbw4TO04HXgeRXYtKPpPHswFVNmzAkaQMnL5l7TEsdzvIvCAA837NJx2pLUR+60MSPhYM1R\/GpwYFEmNpcJIejcxFbp\/JQmUfmcuQ3q+rNAP5HWrsiQu0buuSblw4kIwj1QP8gxDLUCtu\/QDI53pxG3owskZtj4esItdaZ9IrdpXn4oKrBwuvh2O5fze6fhLSFLGFVZU17tpYveWhmY12PV\/vjyYEvbWUiR2nAd\/3RASPBtQVh1B3Khwt71lbV0ViIxblnnf995s1EZhDfx1hcTiUmd3YeOYskl63ZvlrctGYCpTEhSNYEY6EWjk+qsnFFk9DHzJ\/+\/KSDigmQ0lah\/WnMJRYigKvfl3Pg5GVHN\/FTwJxZY8KirB\/xQd3w7HO1YMFhGGjBnZP1oa+LUVaZrnww2He0IEb1\/w8P+FjTIoX3oBK\/0609q4efbkqYclLCP37ldaEdGOux78VOYP+i5CwSyoYLzDF8HTws\/REjAnyug5fpPTi4DGjVyJ9O8jc7OCJAaQfYwE0XbAgekEISTqPgrmlKJ7oP0AtrUbQqfNI8vAchTF5mNCewZAI64kYDImwIGIwJMKCiMGQCAsiBkMiLIgYDImwIGIwJMKCiMGQCAsiBkMiLIgYDImwIGIwJMKCiMGQyAsRRC+OpdQ5U1sPH2FuQ47OZi\/ynlfRuPri9UQz2FL60vC8DyW7MjCYuNu1YckygIZj8VBSn5\/oNfRX0bj64gXRTLWUvkT0l2bgdEg2Tq53YjOiPDXiqFqLfGhxrqYNpq9EApZX0LjqkyCaVkspaTUrUzWjptHo1HL0iO2QPrKU4oEBR7cJtlRyfHtLOuxfoHNZDyPSyPHklGTz+7IN+8zGQiSoBQOsWod8Ub2dnc+9lX28NXbsHOahRVwBMjzL14nWH29ztfG8DSVFj5G4U+X81X1CV3E2rqnPovGYFqEL\/Bx0X6+ccZW+TzTd\/FS8jVu4ZBv3ecsQNzIywv1QtZ9b9Yaa+7zbmv+odj+3cHUyd6F7hOOejXCdRXT9\/VzNI2v+jQwFtzCj2Zr48RyneWMbV\/yjNXkr521u4btFXOcTknjSzZ1+V8G9dbSVz+O3G92vmes8TcpdkcXd4nPN3LX3V3GrMhq5QbLbkcFW7tMtCk5T3M\/ncjezuFWiba11VnD6b6zZdjxp5g6uJtsWdXMjz0hZP1ZxKSSdcpUUTHBfj2ZOT8pd+G4ud+P7Ie4RPY47BZxqyWbuyDdkffLf4NUM6\/m6w2\/geD4v7CLpMO6tPxZw35GDGXkknIfj7dYNnvVyp+mx2erXS+q3YhU5Fmv97CDH\/dZo3ZxBytr8NpdyMovTrCD1JnV\/i9T9O+Fa2aDHrLJd4Jccr4OInizxZyLwF\/39RiFFGeIu\/NF2kvu5YnKBtReHrFk81nzbDe0uiPiLdVK4WQgjva3ctf\/oJbeekwtp23bA9p0EKr1pBUZoML97jvuJfKfb2oLRCr15nAcRv11UAdcppCmD3xRwByus+3ZbDz6IxgKE4rhvjvvu6KrRc+BwPp818oGoFy3i19liPRbumwyH+nV+ruYWfiycUxH8dolV3KCQdsQW9NaA5Z70chXvkbqN28ZzOS8PvpsTTYulFIjcngwZNf1s05MhkQE9fmHYsCZ4dCjiC0vp4AMyBAtfilAhTZGv1+OzuDG7jst68PhhLNu678iV9pO+kKVLge97RyfwdudzlvDdRf36+3qB+2fJMHjsWGPOkjo7cVwO\/Z0sny937WO434teBCL1uB6R1JE8Oxhxe+MR1FqHG6JJ0KtkXP3ZHixMjaUUkK3Qo\/GmERfTlJC1FyFBpcbuai8fJ0+VpdQHjDyZsKLEnogstI0\/VieGJNls975VzJWTEBIHPWFZOMLJDNDspaH2ZeNnCqIpspSS9brqDegaJj2XKh7pZ6phOByIpgtWcbxbptBSOm9+INDebeeBM981oqFTfEzeYt13y017I8nAPdIw\/H7RpAJ83gJSv78a7TXMLo6F7zEfDLl+sjY7EPP8Tbh1R\/RYos+EbvjDX6TzepWMq14HkV0LRj4TZlospeRGv6TH7hPV6KfXlJpGb5KLJ\/fi4k2hpVS2Xou4f57FB2dNfKBZ7lXjoC4Fl\/udDOG8IGpnMubY9k3P1\/VsfFA+B6k7J+fWk0XrkPhrA458KJynp32oPKBCQrljkAeFh8O\/22TfCImNqwhDUqoCDScyUXmPFEbLyj+Hnk3x2CoaA75KxlXf9UTTYSmlptHT5djzrBQxdG7zphr5w\/G4+GdvHGtTaCmdrcJn1YVY3rALCgWZW2nLITtQh4JNonnLRFimR+3ZCLTo1VCQ86U60YstJdVId\/jhIS+ZFYZP6oqw9e+5iKaP7FfsQNncwyjY7sTmGqbGVpAeulNIE8YbV4N051GlA85oyPUK0+IMUlCVJbbZvlrGVZ8os14JS+lLBL1eMeR6tZHrNZlm4FUzrv5sDxYYM5cgXR729RzCweuT+Ddwr6BxlQURw5FZwUg6n4d5Zecm\/g9QX0HjKjOgMhgSYT0RgyERFkQMhkRYEDEYEmFBxGBIhAURgyERFkQMhkRYEDEYEmFBxGBIhAURgyERFkQMhkRYEDEYEmFBRHghDaWuGK8Um2Z4fZfNTuuCnsoUfHB5gv8ivKMQewvHacdmKC9mEDm5UexUwwwvsaqRp7MBMV\/PRML\/USIpxvlbvtTtFy1y5TXRt4wpYbux\/f5+JLwAKlXWEzGmj6dGHMnsxZ4vdAhxYiKyGA8j4egAtpa1o++OESdDarF7l01J7IeoQ5kILMxC5QN+wYzFJ0E0GWOnuaMUezcKRtGVGn59Cl+WOg9dMCFHTVvRr5BG1tl9mWReTiHrZ6KJX3Mc5g6U2PbPG00N9lL8CRpKMWy0M4omFLaNDj0mc7yebKyj8L1wJs7Y7KyLw7E2s8614J+aWeOUQj2UiD0h1JMvJxo5JqArN9rOp91zWWyjFfUOlL5q7BXMrGHbsnHlRyptcM7Q5SJcUeqQKGgAxtN0uRq\/TMpGqkIGyAKw4VgmNpiKUGIzp\/prsFPbjZxie2nLjIO+TzTd8CK\/iRg7B6s43ZK3Of1VagDluJHvizjNkjFj6niBI4UKD0cFjw70c8WkfJvtlPtHO\/c5SasKxuSKEzKUPuvmPv9XBac+3izYUxs5\/eoxQeOEj9eTjVUMf+wk7\/NWbvAJKYvaTOm+hWOxPzft3KciMyv3D2s9bWZWmzhTvJ9HjRncW6szuGt8RYa4706SY7FJIJ+1c0doeXTf5LgefW\/dt\/PzPsRVJCq4+AqxlFOM475ty+y2cSKenGl43RPxPYLoM2E2pSA9IgAymQwh8fHY8tyCqN1WAaDMX4Et\/6aA+Wa7tTX0j8ZJ49c4uYmsT5KyxZuxdfEAmlonOXbvrEZZpxofH1OD+gYxNwzpxw8h8hdjaqgg0iJa6+eHUI0GoeZ23L4vZPKywgxELQ6waqGaS3FmOB6ffKTiy5PJ1SjIj8ejklI02XqEiRzvvSqcrosYrZ9MrkT6HjW6rrpSf2mwL00J+WxSVrAWx1PD0H+50U7ZxfNcgX2X21CVpLCKJ+eq8c4aoOHbNmu+AwOoPF2HyA+zsIGvSAAi9+lI71CHBnoumstRZonHR3Tf5Lj8SQ+dvtPVK6zd+K7VDyGLnMhQeOSYF0gGCI\/EDxysWjKzWaR8XKRA6P0OdM1gO77v5kQTMHaC3Miyn6qQZhvOCcMOV640jwzeRz8pZ6nIi4Zl8fgslQSBkPTeUEqGa9QoqgzDcnH96cV+3oseW5xP5Hjd2lidI7axyiPWIuT+fUdXHNmv7GkrcnYIwzny4Ye9Lr2Z1EZLguyAdbjGf8Iy0UCzyLngj3upwm5+I7Md23iGaAMViCBXMUSaxw0aNRn6HsIZExkSUmVZfgby75Ima77IzhAYiEUzXAzpuyCaCGS8nrCjFDL91zCZqOeuER\/NdPvSP8mFFr5OCik21qcjvCvPATKxP6jV4\/YfzqPtjrXMc+8IeS7xQ+KlcfW4Wz2qN\/OaX5GeSvjqCtmmbFSl+KN4GwnalfG4MEeLuAV+mPdbF4E5Q5mZQURbZoUO6XQ4x7d6ru2jXjFvAYLIzdAtbs0edJBhjYufF\/FAUPAioK0Dt8V16ie93axFCPHsm3TErY3VM5Yf+9C\/YIGjXWeoF71mDdKTFfAX7kvLaO\/qDDmCXn+Mpv8QV4Qg1IU\/7m6T3U\/MWMgw1Smz\/UlfM4B+txJYPyzXl6KDNpR3GvFlxBBaHsdgo1hDPjCA3nF21ZmG10Fk3zJNwoA6EX4th5yMw8taH5LxMenmCw\/htNg+ynfxA+i5Z4HlqfUiBi4iY\/P+XvSTtEPALdMicZkBn9IncnT14Q7kvxePnJuWSXnVsFaH1LnlyClo48uzDBlx9HA55iTpEOVqyOYODzZWR+qQn2\/btwEHTxgQmqC1E+rzkBtZPqsZFfTJoPkx\/xtQR+qFPB4y3CJx0U+CkJ5HCxTYuUeJ\/qJDyL9F5yoWDLUWImZjNlpoRdbGI1FmO24LzJ3k+wVXf8dZitURZJ+9oih6To7rsgE947vsp2Q9YyF2J5\/Hog9TECk+h\/f60LUgDKEz2L81M3uisAxczA5Ewx4VwpSbkTOsxT6VaBI6S4WdyXLUJIVDkWOdJIdsJDfw\/TysDYtHmcPfFQKRdL4ce57kQUUfC6sycXttEWr3TXKMOEuB9MoiRLbt58tTrM9Gj4aUlzbZMacHG6sDKkTOKUfsSrLvNZnoVhfinM5JFyjXoqA0FgO5GoStVOFP1xXYpyXrPTGPBmdUQjLm1aRAsYIECknL44rQeJic+2Q6Hw2H6nAftubpEUkrQk2qZVkIvJYC5Zsk70gfVqxz9WAhAOtIl9LS3DrWEPyjGcUfZqJM9FOh\/J8DwlSIPX0f604ZcU5rP4m63dwI\/\/VrHRuIGQRTZr1o0L\/vqE1Iv5uLKGHRjIXMydJUhVhWPYk5FeWpAXuV5VhnKEXcfGHZDGRm9kSMl4PZKhzPXYTi90vd\/1SnU8jc7FgWBvSHZ3QAUVgQMaYV\/\/W5uPjHNpTUTvQfoJ5DxYJTuPgCqFTZcI7BkAjriRgMibAgYjAkwoKIwZAICyIGQyIsiBgMibAgYjAkwoKIwZAICyIGQyIsiBgMibAgYjAkwoKIwZDIKx1E\/LssboSP5rtGNN314h9OChorp6ouxkuPb4LoeuaY+IJ+VmqQcGKc923ambjts6tcj925jY4CkBeRpw\/RZSxHfmo8lCsPOwb8+GtEPyIXnT2PcbvE5r1bCoVah\/xRT5+VIUP2qLtOoYwXefxePnzYE2lwjr5abmpHR3kmlvdmQfm\/JvOeie+IPNaOPtJbzeA3k72ENCA71Hiv1IQ55GCGzI4vnfOv2a\/IQOO3RrTZPufjnYpShir3I7ZUho+uk\/Nztx3GA3JU6jJQaWttTIWITW1H5Nk2a\/6xQNSI818yfD+cm0V9ZSqknz2FxP\/Mw9Fq0Tv4bqyiPO7ybWbQUh1vEU27LiynuLF94tkQmk4I5lHBVGpjvN\/brnVV61HS4bx1pf5ppUKLM3fpzWo1qJ6pLxeZQ8fZT81tdse1t1wkUKHGUbEJVpz3vA+VqZpRa2p0ajl6HOODEIikr9rRXJqFJJVzk8rgA9JDBy1CiDwActtnrrOX0x+jpfU+IlP2W910kEG+SYPI50Z8J7z23XX1a\/ST3il9BfWM0fwU7FxkxI02J5WzXTex0TW1Gj3DbcjZZjtuJ0ba8nE22WF6LuyNsz6Dvk807VCL5RsZ3A0haaPzczW38L1a3nLqySrqMV8wg67af5HrHBjiHtkkn6M4Gjd5U+kbb3MpVb28qXSwNoN7641dXMWgNV9sVR1pPsStWrKNO91NCx7hfqraT9L7uWvUiMrvWzi+XvKd2lu\/MdMUwWZQFdlPST1G7afPevm0zVLKG01XrCLb0\/3YG0xHuqkJdhV3pMW66a2ct0m5RVwnrcMTwap6tNWa6QoX14Ie61sbtnGqZaSub4RxqvfOcbceCZnueDbC\/UDPxepD3A1aDwItS13Ua00IXHt\/vO1UwMHoepGLX6LglqzYMWakLXI00q7aX8X9QC7yyGAzd4TcF0uWqceu49UMbpXoOk43XvdEfIsg+kwFvDBxYAiDNOHJKuqNdRRqfHwiHqELAkYVUR5RZ6JAG8ybSuUaDaLQhtvjjFHUetNQIfJGk9Y1SHsYJ1P88Uj8EyZm0kom5gHp51GwXiyDpAZVkf00RgFzu2A\/bS5CvjkZnyVbLaXUaLpvxxxcuU4FLGYMDgUiUinkKXbhi5JsbJxnbdHNww8RFKFEKNVJzVYg6fNSnFTLx3oqr7HA\/001IiNS8JfrZBhXdwhLO\/IQe9jgpizrHDNYEY7oLDP2lB5ClEhrJZv1mvDNiuwXwheniI2u8di5idRIRXoym5F2o2CkHT3Xwdip1yKEXGSZXIXE2GBYXtci3XYdac9IrqOtZ5xuZszTOU9WUa+so+TmnrCf7FfUj2bPiIObjQQ62Uf4v4htPgGI0mchbnSRGRUfpuCKHwkI3fhXmu0NqjxC4PPHdf8sGdKMNVAxZ8nOeEupEjuTX0PZDiViUvNQUt+HOSvJzR5srXHk9mTIyuLJcEaPnBIDevzCsGENuZH43Ikgw\/LEQnx5TG0dzpHh0pekgfKvr0MDlY2I6zb6YIYMEWusc9zGw\/4o3poi6dcbxEZXPuDEBlkHSPCI16cWVhK0Ez\/uqeFnDSJegRUoxzwh7YAnq6hU6+iU0g2Ztg6fzTuPD0onOB6PyELbOK9fX66KZJCbO70OHcbzSF\/zGm4V74JyPblZhRZZtkKPxptGXCStuKy9CAkqNXZXj7Yo0qBCSdLbDA6pUCCqV23SuDkVuYFDtHoy52lDjXFsfmt5bu8qdi+NfLH5+YLoeQcqvxpA5NoIvgXxZBWdcuvohLDK19v\/Jh7nUeGgAV2jrW8E3lkfjLis\/UBhBrz9bap5C0jBfzXittjOajvGByY01JtglisQFa\/Hl199jU9+Z0SZgQbKQ3TVk\/0PByBUFY\/0M9UwHA5E0wVXEnw3DNchbV0KykYF\/oTHtIEKxDyHR5MDKEuKxu5yx2D1n23tbuW\/CUTP37pFQ8E+9Ix3bL9EeB1Edq0k+Uya5xaY7xpwdKsOZb\/JwCc2WZ8nq6hk6+h42+dEkGHDdi1GbPJ1snV\/9SEkJNdhYLxw+nUdvtgH5Lx\/1qvH97JoHRJ\/bcCRD6vRT4t+2ofKAyoklNNWvRsXDiTjCOld+L0OteLWD+QmnftLuim6Lumx+4SwHbWm3iRDQ7k\/rLkTYG4EVgcZcbpQMMQ+NeHMkbPoJ3OLDQ7D40AsfxNoOnMKDXRlcj17qgtxoVeJdSutA6rQf9uMIEPpqEW1n89Xk0bm5xpwTS8+7InqsJuOq8lENCy+ED1rctH2f0W\/oObJKjoF1tHxts+JIFNloe5UOK4l0sfU4Yi5KEN6Ta6TmwwIoQ8gnhbiTwUOTygcoVbRuiJs\/Xsuoukj3hU7UDb3MAq2k8ZlPpmbXNIBxVr+0a1i\/SkMJZaigG94AhB3uhx7npUihv6axJtq5A\/H4+KfJ\/N3LaEsmyF2xS7U\/PYQGnPVTucZofuqcS5uCDnrybkg1zO2GNhz6dSYH06hR9WZcLQIFtXoIpqf7fRcvQwwZRaDIZEZ83SOwXhRYUHEYEiEBRGDIREWRAyGRFgQMRgSYUHEYEiEBRGDIREWRAyGRFgQMRgSYUHEYEiEBRGDIREWRAyGRFgQMRgSYUHEYEiEBdFMh9lVZzy+CSLerunNjWBCvnopwo5R0409vPJXJMygVs208o4pcCwI1hpR2XYflxZQBsPKzOqJblWjbNgPqChHg9g5YEORgWb6evqdNjT+RYtfXoiHOtMoMZAEa43w2vu5d8iid4rGXoWv0Tm1gDIYNmZUELXU1mJOYh7Swwy4fJ2+7O8CmR+Clmnx2fkshNQeQv4tYfl04cyu+sCAo3FKwbipROwJJzZWsdUzs861e9xdWQJd4w2horLMxkIkCHZVOy\/2g3LELtaiROTGs9TpEawuRBdNPO\/DlUzB\/qpQIuYEaZC88EIw7Jk5QfTUgAsVgUh8R4W4nWo0XKz2LJKfr8H29Q\/R1OTMZWDvSxv9uPkVCPfU4UKHGhf\/3YjjazqQo9Xj9h\/Oo8NEeitjNgLrdDhYLw78Olzrj0dVWztM1w5h6beZiD3trJ7elXXhWxX+Qssy5iK84zD+ZCursxAxyQaEfGiAyebF3qlFfifJmx+NuAgTang7EMWCJoMBQZpohOIxGjJ24FOkwNDRTco9hcjWFCSUTpFy61WC96B6wUKqwhV9JoQLda2Ykav7uYV\/vMjx5tdnrdyRFWrOZgim8MrfLee4n4S0DbHqdypwWh6vut3P1QiaXKrOfTRo5tW+NvjtPha2E7TC10T5gxd3cAujCrhOIT3KJMoaqSXnStDq0nXHq4O\/O7pq9BgGK3aJzmszp18inNfxx0Tgy33X8Rwz3DNDeqKHqLxgwAbSgvKmmllKbNQ8wpVGL2w5PkNkV50lg+xpK3J2CEMw8tl9mSy39xXaWTrlEWsRcv++Y+86ibJkS5cixEy9cAPo+R6IXBkm5FgJIfn4vpd\/ICJfp0HkLQNu0B3\/1YimwM3YSAVJvSYypDMgjZqChP0qDhjGnHcMr5kZQXSvFpVkXtOgt47r6Seh\/DH6y6rR4vaiWmB+AgT9xpkkaqqHcyKeGnFQGIK13RE9kHDH0xHeHefAZMrywMgT0YxKvhZbI9r4X2S4bSBzTn4oJ+BPhpu2Byi2D3uQMmFmRBB1Xb6ELvETMf5TjVS\/Wlz7q7CSMx7UoeJ6AKKinLnn7PW3ox9ezyuRoV70mjVIT1aMivM9aXItP\/ahf8ECRyecl2VZRI2JpbsbPf7+8EcgQn4PtNzsEHKsDNwj85rfLxKCIQDrNEo01Oeh5vocbPmDcK6oJthsxA1xZ896oUnhdRCNvxmnjg5Ulg1gy8bxN7eCDOnmoOySk18msJBeqrUUu+MOoycmG+krhOW+YrY\/5LOaUVHZB7P5MXqqM3GkXsgbpQ75+TZbqwEHTxgQmqAd6wVseFnWkQPV6KHm1gfWsoIStVhOcqJ2JmNORS7yWx+S82TB0PVsfFA+B6k7x86nXKPFhuvlKAMZyi0TFioSkBoxgDMfF+L2MElTg2qBFmuz2pz3mAyX+LAnEgyo44dWrXWoeaLGpghhNRGhGzYjqL4aNbbRiSkPa+l2byoRrTfAP6UcBtKzjDf5TjtyLQpKYzGQq0HYShX+dF2BfdpAgAyjxm5AFSLnlCN2JZlrrMlEt7oQ53ROpOFelaXBzjVG\/EkZDoUqE+1rclG1T+hRlulRezYCLXo1mVOFQ3WiF1tKqpFuCxbKbHJ+15Nhr3goR62nxXX45LcG7F5Nz6kaH\/Rp8IVe6dR6ynANM6BOB\/TvRGoT0u\/mIkpYxHh5mSFP5xiMFxcWRAyGRNhwjsGQCOuJGAyJsCBiMCTCgojBkAgLIgZDIiyIGAyJsCBiMCTCgojBkAgLIgZDEsD\/BzzZZVM6ilr+AAAAAElFTkSuQmCC\" alt=\"\"><\/p>","protected":false},"excerpt":{"rendered":"<p>Tegund:&nbsp;150370.6<\/p>","protected":false},"featured_media":79666,"comment_status":"closed","ping_status":"closed","template":"","meta":[],"product_brand":[],"product_cat":[580,517,623],"product_tag":[],"class_list":{"0":"post-76029","1":"product","2":"type-product","3":"status-publish","4":"has-post-thumbnail","6":"product_cat-badherbergi-lykillausnir","7":"product_cat-lykillausnir","8":"product_cat-skapalaesingar-badherbergi-lykillausnir","10":"first","11":"instock","12":"taxable","13":"shipping-taxable","14":"purchasable","15":"product-type-simple"},"yoast_head":"<!-- This site is optimized with the Yoast SEO plugin v27.3 - https:\/\/yoast.com\/product\/yoast-seo-wordpress\/ -->\n<title>SUB BESCHLAGE Sk\u00e1pal\u00e6sing \u00der\u00fdsti 150370.6 - V\u00e9lar &amp; Verkf\u00e6ri<\/title>\n<meta name=\"robots\" content=\"index, follow, max-snippet:-1, max-image-preview:large, max-video-preview:-1\" \/>\n<link rel=\"canonical\" href=\"https:\/\/velarogverkfaeri.is\/en\/lykillausnir\/badherbergi-lykillausnir\/skapalaesingar-badherbergi-lykillausnir\/product\/sub-beschlage-skapalaesing-thrysti-150370-6\/\" \/>\n<meta property=\"og:locale\" content=\"en_US\" \/>\n<meta property=\"og:type\" content=\"article\" \/>\n<meta property=\"og:title\" content=\"SUB BESCHLAGE Sk\u00e1pal\u00e6sing \u00der\u00fdsti 150370.6 - V\u00e9lar &amp; Verkf\u00e6ri\" \/>\n<meta property=\"og:description\" content=\"Tegund:&nbsp;150370.6\" \/>\n<meta property=\"og:url\" content=\"https:\/\/velarogverkfaeri.is\/en\/lykillausnir\/badherbergi-lykillausnir\/skapalaesingar-badherbergi-lykillausnir\/product\/sub-beschlage-skapalaesing-thrysti-150370-6\/\" \/>\n<meta property=\"og:site_name\" content=\"V\u00e9lar &amp; Verkf\u00e6ri\" \/>\n<meta property=\"article:publisher\" content=\"https:\/\/www.facebook.com\/VelarOgVerkfaeri\" \/>\n<meta property=\"article:modified_time\" content=\"2026-02-03T14:46:52+00:00\" \/>\n<meta name=\"twitter:card\" content=\"summary_large_image\" \/>\n<script type=\"application\/ld+json\" class=\"yoast-schema-graph\">{\"@context\":\"https:\\\/\\\/schema.org\",\"@graph\":[{\"@type\":\"WebPage\",\"@id\":\"https:\\\/\\\/velarogverkfaeri.is\\\/lykillausnir\\\/badherbergi-lykillausnir\\\/skapalaesingar-badherbergi-lykillausnir\\\/product\\\/sub-beschlage-skapalaesing-thrysti-150370-6\\\/\",\"url\":\"https:\\\/\\\/velarogverkfaeri.is\\\/lykillausnir\\\/badherbergi-lykillausnir\\\/skapalaesingar-badherbergi-lykillausnir\\\/product\\\/sub-beschlage-skapalaesing-thrysti-150370-6\\\/\",\"name\":\"SUB BESCHLAGE Sk\u00e1pal\u00e6sing \u00der\u00fdsti 150370.6 - V\u00e9lar &amp; Verkf\u00e6ri\",\"isPartOf\":{\"@id\":\"https:\\\/\\\/velarogverkfaeri.is\\\/en\\\/#website\"},\"primaryImageOfPage\":{\"@id\":\"https:\\\/\\\/velarogverkfaeri.is\\\/lykillausnir\\\/badherbergi-lykillausnir\\\/skapalaesingar-badherbergi-lykillausnir\\\/product\\\/sub-beschlage-skapalaesing-thrysti-150370-6\\\/#primaryimage\"},\"image\":{\"@id\":\"https:\\\/\\\/velarogverkfaeri.is\\\/lykillausnir\\\/badherbergi-lykillausnir\\\/skapalaesingar-badherbergi-lykillausnir\\\/product\\\/sub-beschlage-skapalaesing-thrysti-150370-6\\\/#primaryimage\"},\"thumbnailUrl\":\"https:\\\/\\\/velarogverkfaeri.is\\\/wp-content\\\/uploads\\\/2026\\\/02\\\/c9feca3f-d85e-4292-9ac1-3c4a00392752.jpg\",\"datePublished\":\"2025-09-12T14:41:23+00:00\",\"dateModified\":\"2026-02-03T14:46:52+00:00\",\"breadcrumb\":{\"@id\":\"https:\\\/\\\/velarogverkfaeri.is\\\/lykillausnir\\\/badherbergi-lykillausnir\\\/skapalaesingar-badherbergi-lykillausnir\\\/product\\\/sub-beschlage-skapalaesing-thrysti-150370-6\\\/#breadcrumb\"},\"inLanguage\":\"en-US\",\"potentialAction\":[{\"@type\":\"ReadAction\",\"target\":[\"https:\\\/\\\/velarogverkfaeri.is\\\/lykillausnir\\\/badherbergi-lykillausnir\\\/skapalaesingar-badherbergi-lykillausnir\\\/product\\\/sub-beschlage-skapalaesing-thrysti-150370-6\\\/\"]}]},{\"@type\":\"ImageObject\",\"inLanguage\":\"en-US\",\"@id\":\"https:\\\/\\\/velarogverkfaeri.is\\\/lykillausnir\\\/badherbergi-lykillausnir\\\/skapalaesingar-badherbergi-lykillausnir\\\/product\\\/sub-beschlage-skapalaesing-thrysti-150370-6\\\/#primaryimage\",\"url\":\"https:\\\/\\\/velarogverkfaeri.is\\\/wp-content\\\/uploads\\\/2026\\\/02\\\/c9feca3f-d85e-4292-9ac1-3c4a00392752.jpg\",\"contentUrl\":\"https:\\\/\\\/velarogverkfaeri.is\\\/wp-content\\\/uploads\\\/2026\\\/02\\\/c9feca3f-d85e-4292-9ac1-3c4a00392752.jpg\",\"width\":550,\"height\":550},{\"@type\":\"BreadcrumbList\",\"@id\":\"https:\\\/\\\/velarogverkfaeri.is\\\/lykillausnir\\\/badherbergi-lykillausnir\\\/skapalaesingar-badherbergi-lykillausnir\\\/product\\\/sub-beschlage-skapalaesing-thrysti-150370-6\\\/#breadcrumb\",\"itemListElement\":[{\"@type\":\"ListItem\",\"position\":1,\"name\":\"Home\",\"item\":\"https:\\\/\\\/velarogverkfaeri.is\\\/\"},{\"@type\":\"ListItem\",\"position\":2,\"name\":\"Vefverslun\",\"item\":\"https:\\\/\\\/velarogverkfaeri.is\\\/vefverslun\\\/\"},{\"@type\":\"ListItem\",\"position\":3,\"name\":\"SUB BESCHLAGE Sk\u00e1pal\u00e6sing \u00der\u00fdsti 150370.6\"}]},{\"@type\":\"WebSite\",\"@id\":\"https:\\\/\\\/velarogverkfaeri.is\\\/en\\\/#website\",\"url\":\"https:\\\/\\\/velarogverkfaeri.is\\\/en\\\/\",\"name\":\"V\u00e9lar & Verkf\u00e6ri\",\"description\":\"Umbo\u00f0s- og heildverslun fr\u00e1 \u00e1rinu 1919\",\"publisher\":{\"@id\":\"https:\\\/\\\/velarogverkfaeri.is\\\/en\\\/#organization\"},\"potentialAction\":[{\"@type\":\"SearchAction\",\"target\":{\"@type\":\"EntryPoint\",\"urlTemplate\":\"https:\\\/\\\/velarogverkfaeri.is\\\/en\\\/?s={search_term_string}\"},\"query-input\":{\"@type\":\"PropertyValueSpecification\",\"valueRequired\":true,\"valueName\":\"search_term_string\"}}],\"inLanguage\":\"en-US\"},{\"@type\":\"Organization\",\"@id\":\"https:\\\/\\\/velarogverkfaeri.is\\\/en\\\/#organization\",\"name\":\"V\u00e9lar & Verkf\u00e6ri\",\"url\":\"https:\\\/\\\/velarogverkfaeri.is\\\/en\\\/\",\"logo\":{\"@type\":\"ImageObject\",\"inLanguage\":\"en-US\",\"@id\":\"https:\\\/\\\/velarogverkfaeri.is\\\/en\\\/#\\\/schema\\\/logo\\\/image\\\/\",\"url\":\"https:\\\/\\\/velarogverkfaeri.is\\\/wp-content\\\/uploads\\\/2021\\\/10\\\/vv_logo_350x100.png\",\"contentUrl\":\"https:\\\/\\\/velarogverkfaeri.is\\\/wp-content\\\/uploads\\\/2021\\\/10\\\/vv_logo_350x100.png\",\"width\":350,\"height\":100,\"caption\":\"V\u00e9lar & Verkf\u00e6ri\"},\"image\":{\"@id\":\"https:\\\/\\\/velarogverkfaeri.is\\\/en\\\/#\\\/schema\\\/logo\\\/image\\\/\"},\"sameAs\":[\"https:\\\/\\\/www.facebook.com\\\/VelarOgVerkfaeri\"]}]}<\/script>\n<!-- \/ Yoast SEO plugin. -->","yoast_head_json":{"title":"SUB BESCHLAGE Sk\u00e1pal\u00e6sing \u00der\u00fdsti 150370.6 - V\u00e9lar &amp; Verkf\u00e6ri","robots":{"index":"index","follow":"follow","max-snippet":"max-snippet:-1","max-image-preview":"max-image-preview:large","max-video-preview":"max-video-preview:-1"},"canonical":"https:\/\/velarogverkfaeri.is\/en\/lykillausnir\/badherbergi-lykillausnir\/skapalaesingar-badherbergi-lykillausnir\/product\/sub-beschlage-skapalaesing-thrysti-150370-6\/","og_locale":"en_US","og_type":"article","og_title":"SUB BESCHLAGE Sk\u00e1pal\u00e6sing \u00der\u00fdsti 150370.6 - V\u00e9lar &amp; Verkf\u00e6ri","og_description":"Tegund:&nbsp;150370.6","og_url":"https:\/\/velarogverkfaeri.is\/en\/lykillausnir\/badherbergi-lykillausnir\/skapalaesingar-badherbergi-lykillausnir\/product\/sub-beschlage-skapalaesing-thrysti-150370-6\/","og_site_name":"V\u00e9lar &amp; Verkf\u00e6ri","article_publisher":"https:\/\/www.facebook.com\/VelarOgVerkfaeri","article_modified_time":"2026-02-03T14:46:52+00:00","twitter_card":"summary_large_image","schema":{"@context":"https:\/\/schema.org","@graph":[{"@type":"WebPage","@id":"https:\/\/velarogverkfaeri.is\/lykillausnir\/badherbergi-lykillausnir\/skapalaesingar-badherbergi-lykillausnir\/product\/sub-beschlage-skapalaesing-thrysti-150370-6\/","url":"https:\/\/velarogverkfaeri.is\/lykillausnir\/badherbergi-lykillausnir\/skapalaesingar-badherbergi-lykillausnir\/product\/sub-beschlage-skapalaesing-thrysti-150370-6\/","name":"SUB BESCHLAGE Sk\u00e1pal\u00e6sing \u00der\u00fdsti 150370.6 - V\u00e9lar &amp; Verkf\u00e6ri","isPartOf":{"@id":"https:\/\/velarogverkfaeri.is\/en\/#website"},"primaryImageOfPage":{"@id":"https:\/\/velarogverkfaeri.is\/lykillausnir\/badherbergi-lykillausnir\/skapalaesingar-badherbergi-lykillausnir\/product\/sub-beschlage-skapalaesing-thrysti-150370-6\/#primaryimage"},"image":{"@id":"https:\/\/velarogverkfaeri.is\/lykillausnir\/badherbergi-lykillausnir\/skapalaesingar-badherbergi-lykillausnir\/product\/sub-beschlage-skapalaesing-thrysti-150370-6\/#primaryimage"},"thumbnailUrl":"https:\/\/velarogverkfaeri.is\/wp-content\/uploads\/2026\/02\/c9feca3f-d85e-4292-9ac1-3c4a00392752.jpg","datePublished":"2025-09-12T14:41:23+00:00","dateModified":"2026-02-03T14:46:52+00:00","breadcrumb":{"@id":"https:\/\/velarogverkfaeri.is\/lykillausnir\/badherbergi-lykillausnir\/skapalaesingar-badherbergi-lykillausnir\/product\/sub-beschlage-skapalaesing-thrysti-150370-6\/#breadcrumb"},"inLanguage":"en-US","potentialAction":[{"@type":"ReadAction","target":["https:\/\/velarogverkfaeri.is\/lykillausnir\/badherbergi-lykillausnir\/skapalaesingar-badherbergi-lykillausnir\/product\/sub-beschlage-skapalaesing-thrysti-150370-6\/"]}]},{"@type":"ImageObject","inLanguage":"en-US","@id":"https:\/\/velarogverkfaeri.is\/lykillausnir\/badherbergi-lykillausnir\/skapalaesingar-badherbergi-lykillausnir\/product\/sub-beschlage-skapalaesing-thrysti-150370-6\/#primaryimage","url":"https:\/\/velarogverkfaeri.is\/wp-content\/uploads\/2026\/02\/c9feca3f-d85e-4292-9ac1-3c4a00392752.jpg","contentUrl":"https:\/\/velarogverkfaeri.is\/wp-content\/uploads\/2026\/02\/c9feca3f-d85e-4292-9ac1-3c4a00392752.jpg","width":550,"height":550},{"@type":"BreadcrumbList","@id":"https:\/\/velarogverkfaeri.is\/lykillausnir\/badherbergi-lykillausnir\/skapalaesingar-badherbergi-lykillausnir\/product\/sub-beschlage-skapalaesing-thrysti-150370-6\/#breadcrumb","itemListElement":[{"@type":"ListItem","position":1,"name":"Home","item":"https:\/\/velarogverkfaeri.is\/"},{"@type":"ListItem","position":2,"name":"Vefverslun","item":"https:\/\/velarogverkfaeri.is\/vefverslun\/"},{"@type":"ListItem","position":3,"name":"SUB BESCHLAGE Sk\u00e1pal\u00e6sing \u00der\u00fdsti 150370.6"}]},{"@type":"WebSite","@id":"https:\/\/velarogverkfaeri.is\/en\/#website","url":"https:\/\/velarogverkfaeri.is\/en\/","name":"V\u00e9lar & Verkf\u00e6ri","description":"Umbo\u00f0s- og heildverslun fr\u00e1 \u00e1rinu 1919","publisher":{"@id":"https:\/\/velarogverkfaeri.is\/en\/#organization"},"potentialAction":[{"@type":"SearchAction","target":{"@type":"EntryPoint","urlTemplate":"https:\/\/velarogverkfaeri.is\/en\/?s={search_term_string}"},"query-input":{"@type":"PropertyValueSpecification","valueRequired":true,"valueName":"search_term_string"}}],"inLanguage":"en-US"},{"@type":"Organization","@id":"https:\/\/velarogverkfaeri.is\/en\/#organization","name":"V\u00e9lar & Verkf\u00e6ri","url":"https:\/\/velarogverkfaeri.is\/en\/","logo":{"@type":"ImageObject","inLanguage":"en-US","@id":"https:\/\/velarogverkfaeri.is\/en\/#\/schema\/logo\/image\/","url":"https:\/\/velarogverkfaeri.is\/wp-content\/uploads\/2021\/10\/vv_logo_350x100.png","contentUrl":"https:\/\/velarogverkfaeri.is\/wp-content\/uploads\/2021\/10\/vv_logo_350x100.png","width":350,"height":100,"caption":"V\u00e9lar & Verkf\u00e6ri"},"image":{"@id":"https:\/\/velarogverkfaeri.is\/en\/#\/schema\/logo\/image\/"},"sameAs":["https:\/\/www.facebook.com\/VelarOgVerkfaeri"]}]}},"_links":{"self":[{"href":"https:\/\/velarogverkfaeri.is\/en\/wp-json\/wp\/v2\/product\/76029","targetHints":{"allow":["GET"]}}],"collection":[{"href":"https:\/\/velarogverkfaeri.is\/en\/wp-json\/wp\/v2\/product"}],"about":[{"href":"https:\/\/velarogverkfaeri.is\/en\/wp-json\/wp\/v2\/types\/product"}],"replies":[{"embeddable":true,"href":"https:\/\/velarogverkfaeri.is\/en\/wp-json\/wp\/v2\/comments?post=76029"}],"wp:featuredmedia":[{"embeddable":true,"href":"https:\/\/velarogverkfaeri.is\/en\/wp-json\/wp\/v2\/media\/79666"}],"wp:attachment":[{"href":"https:\/\/velarogverkfaeri.is\/en\/wp-json\/wp\/v2\/media?parent=76029"}],"wp:term":[{"taxonomy":"product_brand","embeddable":true,"href":"https:\/\/velarogverkfaeri.is\/en\/wp-json\/wp\/v2\/product_brand?post=76029"},{"taxonomy":"product_cat","embeddable":true,"href":"https:\/\/velarogverkfaeri.is\/en\/wp-json\/wp\/v2\/product_cat?post=76029"},{"taxonomy":"product_tag","embeddable":true,"href":"https:\/\/velarogverkfaeri.is\/en\/wp-json\/wp\/v2\/product_tag?post=76029"}],"curies":[{"name":"wp","href":"https:\/\/api.w.org\/{rel}","templated":true}]}}