{"id":75808,"date":"2025-09-07T14:11:17","date_gmt":"2025-09-07T14:11:17","guid":{"rendered":"https:\/\/velarogverkfaeri.is\/?post_type=product&#038;p=75808"},"modified":"2026-01-13T10:46:26","modified_gmt":"2026-01-13T10:46:26","slug":"intelight-neydarljos-fyrir-neydarutgang-orion-led-ii-100-3h-m-mt-91895","status":"publish","type":"product","link":"https:\/\/velarogverkfaeri.is\/en\/lykillausnir\/hurdabunadur-lykillausnir\/neydarlysing\/product\/intelight-neydarljos-fyrir-neydarutgang-orion-led-ii-100-3h-m-mt-91895\/","title":{"rendered":"INTELIGHT Ney\u00f0arlj\u00f3s fyrir ney\u00f0ar\u00fatgang ORION LED II 100 3h M MT 91895"},"content":{"rendered":"<ul style=\"padding-left: 2rem; margin-bottom: 1rem; color: rgb(33, 37, 41); font-family: Ubuntu, sans-serif; font-size: 16px;\">\n<li>IP65 protection rating<\/li>\n<li>Supply voltage: 230V AC 50Hz(for MT, AT) or 230V AC 50Hz \/ 220V DC (for CB)<\/li>\n<li>Light source: LED diodes<\/li>\n<li>Functions: NM \u2013 non-maintained version or M \u2013 maintained (universal) version<\/li>\n<li>Test options: manual test MT, auto test AT<\/li>\n<li>NiCd HT or NiMH batteries with autonomy times 3h, charging max. 24h<\/li>\n<li>Version for central battery CB systems also available<\/li>\n<li>Installation: ceiling or wall, surface, available optional frame for ceiling recessed installation<\/li>\n<li>Visibility 20m or 30m (double-sided set \/ DS version)<\/li>\n<li>Temperature working range: ta 10\u00b0C \u00f7 40\u00b0C, for LT and CB version ta -25\u00b0C \u00f7 40\u00b0C<\/li>\n<li>Colour temeprature 5000K<\/li>\n<li>CRI index: Ra&gt;=70<\/li>\n<li>Minimum LED lifetime: 50 000h<\/li>\n<\/ul>","protected":false},"excerpt":{"rendered":"<p>M 3H MT IP65 Maintained SA\/M 3 Klst 122lm Hv\u00edtt 3,5w<\/p>","protected":false},"featured_media":76785,"comment_status":"closed","ping_status":"closed","template":"","meta":[],"product_brand":[],"product_cat":[597,517,1086],"product_tag":[],"class_list":{"0":"post-75808","1":"product","2":"type-product","3":"status-publish","4":"has-post-thumbnail","6":"product_cat-hurdabunadur-lykillausnir","7":"product_cat-lykillausnir","8":"product_cat-neydarlysing","10":"first","11":"instock","12":"taxable","13":"shipping-taxable","14":"purchasable","15":"product-type-simple"},"yoast_head":"<!-- This site is optimized with the Yoast SEO plugin v27.3 - https:\/\/yoast.com\/product\/yoast-seo-wordpress\/ -->\n<title>INTELIGHT Ney\u00f0arlj\u00f3s fyrir ney\u00f0ar\u00fatgang ORION LED II 100 3h M MT 91895 - V\u00e9lar &amp; Verkf\u00e6ri<\/title>\n<meta name=\"robots\" content=\"index, follow, max-snippet:-1, max-image-preview:large, max-video-preview:-1\" \/>\n<link rel=\"canonical\" href=\"https:\/\/velarogverkfaeri.is\/en\/lykillausnir\/hurdabunadur-lykillausnir\/neydarutgangsslar\/product\/intelight-neydarljos-fyrir-neydarutgang-orion-led-ii-100-3h-m-mt-91895\/\" \/>\n<meta property=\"og:locale\" content=\"en_US\" \/>\n<meta property=\"og:type\" content=\"article\" \/>\n<meta property=\"og:title\" content=\"INTELIGHT Ney\u00f0arlj\u00f3s fyrir ney\u00f0ar\u00fatgang ORION LED II 100 3h M MT 91895 - V\u00e9lar &amp; Verkf\u00e6ri\" \/>\n<meta property=\"og:description\" content=\"M 3H MT IP65 Maintained SA\/M 3 Klst 122lm Hv\u00edtt 3,5w\" \/>\n<meta property=\"og:url\" content=\"https:\/\/velarogverkfaeri.is\/en\/lykillausnir\/hurdabunadur-lykillausnir\/neydarutgangsslar\/product\/intelight-neydarljos-fyrir-neydarutgang-orion-led-ii-100-3h-m-mt-91895\/\" \/>\n<meta property=\"og:site_name\" content=\"V\u00e9lar &amp; Verkf\u00e6ri\" \/>\n<meta property=\"article:publisher\" content=\"https:\/\/www.facebook.com\/VelarOgVerkfaeri\" \/>\n<meta property=\"article:modified_time\" content=\"2026-01-13T10:46:26+00:00\" \/>\n<meta name=\"twitter:card\" content=\"summary_large_image\" \/>\n<script type=\"application\/ld+json\" class=\"yoast-schema-graph\">{\"@context\":\"https:\\\/\\\/schema.org\",\"@graph\":[{\"@type\":\"WebPage\",\"@id\":\"https:\\\/\\\/velarogverkfaeri.is\\\/lykillausnir\\\/hurdabunadur-lykillausnir\\\/neydarutgangsslar\\\/product\\\/intelight-neydarljos-fyrir-neydarutgang-orion-led-ii-100-3h-m-mt-91895\\\/\",\"url\":\"https:\\\/\\\/velarogverkfaeri.is\\\/lykillausnir\\\/hurdabunadur-lykillausnir\\\/neydarutgangsslar\\\/product\\\/intelight-neydarljos-fyrir-neydarutgang-orion-led-ii-100-3h-m-mt-91895\\\/\",\"name\":\"INTELIGHT Ney\u00f0arlj\u00f3s fyrir ney\u00f0ar\u00fatgang ORION LED II 100 3h M MT 91895 - V\u00e9lar &amp; Verkf\u00e6ri\",\"isPartOf\":{\"@id\":\"https:\\\/\\\/velarogverkfaeri.is\\\/en\\\/#website\"},\"primaryImageOfPage\":{\"@id\":\"https:\\\/\\\/velarogverkfaeri.is\\\/lykillausnir\\\/hurdabunadur-lykillausnir\\\/neydarutgangsslar\\\/product\\\/intelight-neydarljos-fyrir-neydarutgang-orion-led-ii-100-3h-m-mt-91895\\\/#primaryimage\"},\"image\":{\"@id\":\"https:\\\/\\\/velarogverkfaeri.is\\\/lykillausnir\\\/hurdabunadur-lykillausnir\\\/neydarutgangsslar\\\/product\\\/intelight-neydarljos-fyrir-neydarutgang-orion-led-ii-100-3h-m-mt-91895\\\/#primaryimage\"},\"thumbnailUrl\":\"https:\\\/\\\/velarogverkfaeri.is\\\/wp-content\\\/uploads\\\/2025\\\/10\\\/2b6e15e4-4b76-46e3-a65a-69c091a88a16.png\",\"datePublished\":\"2025-09-07T14:11:17+00:00\",\"dateModified\":\"2026-01-13T10:46:26+00:00\",\"breadcrumb\":{\"@id\":\"https:\\\/\\\/velarogverkfaeri.is\\\/lykillausnir\\\/hurdabunadur-lykillausnir\\\/neydarutgangsslar\\\/product\\\/intelight-neydarljos-fyrir-neydarutgang-orion-led-ii-100-3h-m-mt-91895\\\/#breadcrumb\"},\"inLanguage\":\"en-US\",\"potentialAction\":[{\"@type\":\"ReadAction\",\"target\":[\"https:\\\/\\\/velarogverkfaeri.is\\\/lykillausnir\\\/hurdabunadur-lykillausnir\\\/neydarutgangsslar\\\/product\\\/intelight-neydarljos-fyrir-neydarutgang-orion-led-ii-100-3h-m-mt-91895\\\/\"]}]},{\"@type\":\"ImageObject\",\"inLanguage\":\"en-US\",\"@id\":\"https:\\\/\\\/velarogverkfaeri.is\\\/lykillausnir\\\/hurdabunadur-lykillausnir\\\/neydarutgangsslar\\\/product\\\/intelight-neydarljos-fyrir-neydarutgang-orion-led-ii-100-3h-m-mt-91895\\\/#primaryimage\",\"url\":\"https:\\\/\\\/velarogverkfaeri.is\\\/wp-content\\\/uploads\\\/2025\\\/10\\\/2b6e15e4-4b76-46e3-a65a-69c091a88a16.png\",\"contentUrl\":\"https:\\\/\\\/velarogverkfaeri.is\\\/wp-content\\\/uploads\\\/2025\\\/10\\\/2b6e15e4-4b76-46e3-a65a-69c091a88a16.png\",\"width\":530,\"height\":245},{\"@type\":\"BreadcrumbList\",\"@id\":\"https:\\\/\\\/velarogverkfaeri.is\\\/lykillausnir\\\/hurdabunadur-lykillausnir\\\/neydarutgangsslar\\\/product\\\/intelight-neydarljos-fyrir-neydarutgang-orion-led-ii-100-3h-m-mt-91895\\\/#breadcrumb\",\"itemListElement\":[{\"@type\":\"ListItem\",\"position\":1,\"name\":\"Home\",\"item\":\"https:\\\/\\\/velarogverkfaeri.is\\\/\"},{\"@type\":\"ListItem\",\"position\":2,\"name\":\"Vefverslun\",\"item\":\"https:\\\/\\\/velarogverkfaeri.is\\\/vefverslun\\\/\"},{\"@type\":\"ListItem\",\"position\":3,\"name\":\"INTELIGHT Ney\u00f0arlj\u00f3s fyrir ney\u00f0ar\u00fatgang ORION LED II 100 3h M MT 91895\"}]},{\"@type\":\"WebSite\",\"@id\":\"https:\\\/\\\/velarogverkfaeri.is\\\/en\\\/#website\",\"url\":\"https:\\\/\\\/velarogverkfaeri.is\\\/en\\\/\",\"name\":\"V\u00e9lar & Verkf\u00e6ri\",\"description\":\"Umbo\u00f0s- og heildverslun fr\u00e1 \u00e1rinu 1919\",\"publisher\":{\"@id\":\"https:\\\/\\\/velarogverkfaeri.is\\\/en\\\/#organization\"},\"potentialAction\":[{\"@type\":\"SearchAction\",\"target\":{\"@type\":\"EntryPoint\",\"urlTemplate\":\"https:\\\/\\\/velarogverkfaeri.is\\\/en\\\/?s={search_term_string}\"},\"query-input\":{\"@type\":\"PropertyValueSpecification\",\"valueRequired\":true,\"valueName\":\"search_term_string\"}}],\"inLanguage\":\"en-US\"},{\"@type\":\"Organization\",\"@id\":\"https:\\\/\\\/velarogverkfaeri.is\\\/en\\\/#organization\",\"name\":\"V\u00e9lar & Verkf\u00e6ri\",\"url\":\"https:\\\/\\\/velarogverkfaeri.is\\\/en\\\/\",\"logo\":{\"@type\":\"ImageObject\",\"inLanguage\":\"en-US\",\"@id\":\"https:\\\/\\\/velarogverkfaeri.is\\\/en\\\/#\\\/schema\\\/logo\\\/image\\\/\",\"url\":\"https:\\\/\\\/velarogverkfaeri.is\\\/wp-content\\\/uploads\\\/2021\\\/10\\\/vv_logo_350x100.png\",\"contentUrl\":\"https:\\\/\\\/velarogverkfaeri.is\\\/wp-content\\\/uploads\\\/2021\\\/10\\\/vv_logo_350x100.png\",\"width\":350,\"height\":100,\"caption\":\"V\u00e9lar & Verkf\u00e6ri\"},\"image\":{\"@id\":\"https:\\\/\\\/velarogverkfaeri.is\\\/en\\\/#\\\/schema\\\/logo\\\/image\\\/\"},\"sameAs\":[\"https:\\\/\\\/www.facebook.com\\\/VelarOgVerkfaeri\"]}]}<\/script>\n<!-- \/ Yoast SEO plugin. -->","yoast_head_json":{"title":"INTELIGHT Ney\u00f0arlj\u00f3s fyrir ney\u00f0ar\u00fatgang ORION LED II 100 3h M MT 91895 - V\u00e9lar &amp; Verkf\u00e6ri","robots":{"index":"index","follow":"follow","max-snippet":"max-snippet:-1","max-image-preview":"max-image-preview:large","max-video-preview":"max-video-preview:-1"},"canonical":"https:\/\/velarogverkfaeri.is\/en\/lykillausnir\/hurdabunadur-lykillausnir\/neydarutgangsslar\/product\/intelight-neydarljos-fyrir-neydarutgang-orion-led-ii-100-3h-m-mt-91895\/","og_locale":"en_US","og_type":"article","og_title":"INTELIGHT Ney\u00f0arlj\u00f3s fyrir ney\u00f0ar\u00fatgang ORION LED II 100 3h M MT 91895 - V\u00e9lar &amp; Verkf\u00e6ri","og_description":"M 3H MT IP65 Maintained SA\/M 3 Klst 122lm Hv\u00edtt 3,5w","og_url":"https:\/\/velarogverkfaeri.is\/en\/lykillausnir\/hurdabunadur-lykillausnir\/neydarutgangsslar\/product\/intelight-neydarljos-fyrir-neydarutgang-orion-led-ii-100-3h-m-mt-91895\/","og_site_name":"V\u00e9lar &amp; Verkf\u00e6ri","article_publisher":"https:\/\/www.facebook.com\/VelarOgVerkfaeri","article_modified_time":"2026-01-13T10:46:26+00:00","twitter_card":"summary_large_image","schema":{"@context":"https:\/\/schema.org","@graph":[{"@type":"WebPage","@id":"https:\/\/velarogverkfaeri.is\/lykillausnir\/hurdabunadur-lykillausnir\/neydarutgangsslar\/product\/intelight-neydarljos-fyrir-neydarutgang-orion-led-ii-100-3h-m-mt-91895\/","url":"https:\/\/velarogverkfaeri.is\/lykillausnir\/hurdabunadur-lykillausnir\/neydarutgangsslar\/product\/intelight-neydarljos-fyrir-neydarutgang-orion-led-ii-100-3h-m-mt-91895\/","name":"INTELIGHT Ney\u00f0arlj\u00f3s fyrir ney\u00f0ar\u00fatgang ORION LED II 100 3h M MT 91895 - V\u00e9lar &amp; Verkf\u00e6ri","isPartOf":{"@id":"https:\/\/velarogverkfaeri.is\/en\/#website"},"primaryImageOfPage":{"@id":"https:\/\/velarogverkfaeri.is\/lykillausnir\/hurdabunadur-lykillausnir\/neydarutgangsslar\/product\/intelight-neydarljos-fyrir-neydarutgang-orion-led-ii-100-3h-m-mt-91895\/#primaryimage"},"image":{"@id":"https:\/\/velarogverkfaeri.is\/lykillausnir\/hurdabunadur-lykillausnir\/neydarutgangsslar\/product\/intelight-neydarljos-fyrir-neydarutgang-orion-led-ii-100-3h-m-mt-91895\/#primaryimage"},"thumbnailUrl":"https:\/\/velarogverkfaeri.is\/wp-content\/uploads\/2025\/10\/2b6e15e4-4b76-46e3-a65a-69c091a88a16.png","datePublished":"2025-09-07T14:11:17+00:00","dateModified":"2026-01-13T10:46:26+00:00","breadcrumb":{"@id":"https:\/\/velarogverkfaeri.is\/lykillausnir\/hurdabunadur-lykillausnir\/neydarutgangsslar\/product\/intelight-neydarljos-fyrir-neydarutgang-orion-led-ii-100-3h-m-mt-91895\/#breadcrumb"},"inLanguage":"en-US","potentialAction":[{"@type":"ReadAction","target":["https:\/\/velarogverkfaeri.is\/lykillausnir\/hurdabunadur-lykillausnir\/neydarutgangsslar\/product\/intelight-neydarljos-fyrir-neydarutgang-orion-led-ii-100-3h-m-mt-91895\/"]}]},{"@type":"ImageObject","inLanguage":"en-US","@id":"https:\/\/velarogverkfaeri.is\/lykillausnir\/hurdabunadur-lykillausnir\/neydarutgangsslar\/product\/intelight-neydarljos-fyrir-neydarutgang-orion-led-ii-100-3h-m-mt-91895\/#primaryimage","url":"https:\/\/velarogverkfaeri.is\/wp-content\/uploads\/2025\/10\/2b6e15e4-4b76-46e3-a65a-69c091a88a16.png","contentUrl":"https:\/\/velarogverkfaeri.is\/wp-content\/uploads\/2025\/10\/2b6e15e4-4b76-46e3-a65a-69c091a88a16.png","width":530,"height":245},{"@type":"BreadcrumbList","@id":"https:\/\/velarogverkfaeri.is\/lykillausnir\/hurdabunadur-lykillausnir\/neydarutgangsslar\/product\/intelight-neydarljos-fyrir-neydarutgang-orion-led-ii-100-3h-m-mt-91895\/#breadcrumb","itemListElement":[{"@type":"ListItem","position":1,"name":"Home","item":"https:\/\/velarogverkfaeri.is\/"},{"@type":"ListItem","position":2,"name":"Vefverslun","item":"https:\/\/velarogverkfaeri.is\/vefverslun\/"},{"@type":"ListItem","position":3,"name":"INTELIGHT Ney\u00f0arlj\u00f3s fyrir ney\u00f0ar\u00fatgang ORION LED II 100 3h M MT 91895"}]},{"@type":"WebSite","@id":"https:\/\/velarogverkfaeri.is\/en\/#website","url":"https:\/\/velarogverkfaeri.is\/en\/","name":"V\u00e9lar & Verkf\u00e6ri","description":"Umbo\u00f0s- og heildverslun fr\u00e1 \u00e1rinu 1919","publisher":{"@id":"https:\/\/velarogverkfaeri.is\/en\/#organization"},"potentialAction":[{"@type":"SearchAction","target":{"@type":"EntryPoint","urlTemplate":"https:\/\/velarogverkfaeri.is\/en\/?s={search_term_string}"},"query-input":{"@type":"PropertyValueSpecification","valueRequired":true,"valueName":"search_term_string"}}],"inLanguage":"en-US"},{"@type":"Organization","@id":"https:\/\/velarogverkfaeri.is\/en\/#organization","name":"V\u00e9lar & Verkf\u00e6ri","url":"https:\/\/velarogverkfaeri.is\/en\/","logo":{"@type":"ImageObject","inLanguage":"en-US","@id":"https:\/\/velarogverkfaeri.is\/en\/#\/schema\/logo\/image\/","url":"https:\/\/velarogverkfaeri.is\/wp-content\/uploads\/2021\/10\/vv_logo_350x100.png","contentUrl":"https:\/\/velarogverkfaeri.is\/wp-content\/uploads\/2021\/10\/vv_logo_350x100.png","width":350,"height":100,"caption":"V\u00e9lar & Verkf\u00e6ri"},"image":{"@id":"https:\/\/velarogverkfaeri.is\/en\/#\/schema\/logo\/image\/"},"sameAs":["https:\/\/www.facebook.com\/VelarOgVerkfaeri"]}]}},"_links":{"self":[{"href":"https:\/\/velarogverkfaeri.is\/en\/wp-json\/wp\/v2\/product\/75808","targetHints":{"allow":["GET"]}}],"collection":[{"href":"https:\/\/velarogverkfaeri.is\/en\/wp-json\/wp\/v2\/product"}],"about":[{"href":"https:\/\/velarogverkfaeri.is\/en\/wp-json\/wp\/v2\/types\/product"}],"replies":[{"embeddable":true,"href":"https:\/\/velarogverkfaeri.is\/en\/wp-json\/wp\/v2\/comments?post=75808"}],"wp:featuredmedia":[{"embeddable":true,"href":"https:\/\/velarogverkfaeri.is\/en\/wp-json\/wp\/v2\/media\/76785"}],"wp:attachment":[{"href":"https:\/\/velarogverkfaeri.is\/en\/wp-json\/wp\/v2\/media?parent=75808"}],"wp:term":[{"taxonomy":"product_brand","embeddable":true,"href":"https:\/\/velarogverkfaeri.is\/en\/wp-json\/wp\/v2\/product_brand?post=75808"},{"taxonomy":"product_cat","embeddable":true,"href":"https:\/\/velarogverkfaeri.is\/en\/wp-json\/wp\/v2\/product_cat?post=75808"},{"taxonomy":"product_tag","embeddable":true,"href":"https:\/\/velarogverkfaeri.is\/en\/wp-json\/wp\/v2\/product_tag?post=75808"}],"curies":[{"name":"wp","href":"https:\/\/api.w.org\/{rel}","templated":true}]}}