{"id":75773,"date":"2025-09-06T15:41:21","date_gmt":"2025-09-06T15:41:21","guid":{"rendered":"https:\/\/velarogverkfaeri.is\/?post_type=product&#038;p=75773"},"modified":"2025-10-31T12:31:55","modified_gmt":"2025-10-31T12:31:55","slug":"dorma-klosettsnerilsett-svart-3829-sett-7030000029541","status":"publish","type":"product","link":"https:\/\/velarogverkfaeri.is\/en\/lykillausnir\/hurdabunadur-lykillausnir\/hurdarlaesingar-wc\/product\/dorma-klosettsnerilsett-svart-3829-sett-7030000029541\/","title":{"rendered":"DORMA Kl\u00f3settsnerilsett svart 3829 (SETT) 7030000029541"},"content":{"rendered":"<p><img decoding=\"async\" src=\"data:image\/png;base64,iVBORw0KGgoAAAANSUhEUgAAATQAAACcCAYAAADxuVeoAAAAAXNSR0IArs4c6QAAAARnQU1BAACxjwv8YQUAAAAJcEhZcwAADsMAAA7DAcdvqGQAACJHSURBVHhe7d0J\/GVz\/cfxI620aFJKUaZQRGVpRfatLC0oFSYUUbYsPcZSUmQJmZYxKZo0hcpkjIlkG8aapSKRaUSRskxJWv+eX\/fo9\/+Z5Xfv75x7v\/fcz+vxuI\/f7577W+855\/39fD\/rIg899NB\/iyAIggbwlNbHIAiCvicELQiCxhCCFgRBYwhBC4KgMYSgBUHQGELQgiBoDCFoQRA0hhC0IAgaQwhaEASNIQQtCILGEIIWBEFjGGhBu\/fee4t77rmn9awoHn744eLf\/\/5361kQBP3GwAraz372s+KMM84obrzxxvScmE2bNi0d++Mf\/5iOBUHQXwysoP3mN78pnvvc5xYrrbRSer744osX2223XbHYYosVM2fOTMeCIOgvBlbQllxyyWLMmDHFTTfdVPzqV79Kx+64447in\/\/8Z7HBBhuk50EQ9BcD2w\/tT3\/6U\/HsZz+7uO6664q\/\/e1vxcte9rIkaOuuu26y1oIg6D9qt9D+85\/\/FI+JZutZPvi7LrvssuLRRx9NIrbIIouk47fccksxd+7c9Hku3HnnncURRxxR\/PKXv2wdCYJgXtRmod19993FD37wg\/T4wAc+UOyyyy6tV4J24e9785vfXDznOc8ptthii\/R+vvGNb2y9GgRBSeWCdtVVVxXf+973iunTpxd\/+MMf0rGPfvSjxe67717861\/\/SpZRLiy66KLpo1QNFtrQ5\/\/9bx47cUGK66+\/vthjjz2esByf\/vSnF1tuuWVx8MEHF8stt1w6FgRBhYJ26aWXJrE68sgjiyuvvLJ19HHe\/e53F1tvvXUStFyEol945jOfWdx6663FMcccUzzyyCPp2FOe8pTiLW95S3qvRWmf9rSnpeNBMOhUJmgTJkwoXvOa1xRjx44tJk+enKy0u+66K732mc98pth7773T50H7\/PznPy823XTT4hnPeEax8cYbFzvuuGMSNFx44YURlQ2CFpUFBWzXWBO2QIceemjx05\/+NAnZUkst9YTDPegMKSaf\/exni4svvrj42te+9oSYISobguB\/VGahudFWXnnlYu21124deRwRuqc+9anF0ksv3ToSVMlPfvKTYsMNN2w9C4LBpva0jWWXXTbELAiCrjCwlQJBEDSPELQgCBpDCFoQBI0hBC0IgsYQghYEQWMIQQuCoDGEoAVB0BhC0IIgaAwhaEEQNIYQtCAIGkMIWhA0kPvvv7+4\/fbbW88GhxC0IGgYDzzwQHHFFVcUv\/vd74opU6YUf\/\/731uvNJ\/au230Gl1z58yZk3qz3XfffelkP\/jgg2kwSnmiNUzUeNJDZxBdYp\/3vOcVz3\/+84sXvOAFaYDKMsssk3q95cYgdttwDrV4f+zaTefyr3\/9a5oNoYEonEO94wzBcQ6dSw0SfD5oHH300cV73\/vejq5d9wNh9B6bhgZtwtwfa621VnqPc6NxgmbIiZbV+vATMSeDYBEmczh91F\/MSdHK+lnPelY6MfqKGTb8j3\/8Iwmdm8bAYd\/PfHfcjaG\/m55vq666arHmmmu2fmvvaLqgOQeGQs+ePTudT+fFYvSXv\/wlnTvn0UddewkZCJvzReScU+eTuJnmZXShBepVr3pVOn+uiaZyzjnnpPfhPe95T+tIe9xzzz1p8DYxe+1rX5vew9\/+9rfF1VdfnWaErLLKKq2vzIe+FzSrCBG79tpr04XvovfGW5EMEiE8RGw0qwmxI2xaYc+aNSv9PtaBm8OJNsDk9a9\/fU9aYTdN0LzX5qQ6l95nQgbn0Dn1fq+44orJ2iJmpYjNDzcjAXT+br755uIXv\/hF+pl\/\/vOf0\/kibG7MN73pTUnomgAhnzZtWnrPTDTrFDsanacN5Rlq3Z544onp3hraaDQX+lbQWE1nn3128aMf\/SiJmtV2nXXWKd7whjek6Uh140bRGtsovEsuuSRdRJtssknxvve9r3jRi17U+qr6aYqgmYk6derU1JWXRb3aaqulhYKAveQlL2l9VbUQNufQPAwjAi1Q5l84jxbFfuXyyy9PltTb3\/72JPgvfvGLW6+0B+PgS1\/6UuqWPNQg+PGPf5x2K85PbvSdoBkQfPLJJ6eT9vKXvzyNdbNaWI16BQuAGe6GZAEQ1Y997GPFK17xitZX1Ee\/C5pBz5MmTUo3oPfN\/0LMuu3v8vtZ+TNmzEjbXBa3bZUGpf2G3cOvf\/3r1PqeW8UuZSR4D4ZeswTty1\/+cnHYYYel9vol2usT\/KGjFH0tV87Qr+sFfSNotgh+ByFzsW233XbF6173utar+WClN4vU1tQ2hrC98IUvbL1aPf0qaITjtNNOSz6ezTbbrNh8882z6WxMZM8999y0SNneGsO4wgortF5tJvyM7im7m\/Hjx6eBR7\/\/\/e+Lk0466UmCZjAP36NdkZ3SF77whbRTcT6XX3751lf1hr4QtG9961tpe8kie\/\/7398XQ3b5gb7+9a+nrZQbdtddd229Ui39JmgufH4ZkUkuAhG4XB3z8rj8rTfeeGO6wT\/84Q+nazAXjI00B5ffceggIp+Xz7ljhn6cF3yJfIz7779\/stJsvQ04smVlPZv\/OlTQLrroovQ1LNlPfvKT6XvskAhdr+fEZi1oLiizJ23p9ttvv2KNNdZovdI\/uBnM1OTL2HfffUds\/o+UfhE0FvYRRxyRHPMsAeLQL7hxTzjhhLQl3WabbWpbnDqBhTRUrAiZ50MFrTyGoZ+XEDTnh\/PfDuOVr3xl8p0Rp6985SvFIYcc8qQtp+0lX6drmqh6TtC64WZZENkm1p533nlp2jqHMAutH8UMtsXf\/va3k3PbbFJm+aBBdHfaaack6ma29pOYQZDn85\/\/fHKOT58+PU2xl7SaAywl1lH5KJ\/7OPTz4a8PfbCQ+Qo5\/hkkXCbyzMAKHA5BFARzTQvK7bDDDul7Hes1WQoaq+yLX\/xicfjhh6dVvRfpEFXDNJ84cWLaOu+2225pRWw6IsG2Lnwsn\/jEJ5Kl2s0IcNXwif7whz9MSdYE2rlsCnL3bC2JWWllDbfkhlK+xnLjZ\/vqV7+axLHXZCVoc+fOTZElkcLvfOc7Wea5jAYOUz4ZIe8PfehDKQG4qUjKZImZy+p\/3mijjVqv9D8HHXRQ8elPf7qYMGFCWnQXdOP3CywsE\/hFRTuBv822s9dkI2i33XZb8q1IdDz99NNrjQz2EhcMi0XkjP+BcDcNeXmCNyyaU045JW1zmoat2RlnnJH8a3LXCHjQe7IQNGFy\/jIlGla\/QWCrrbYqjjrqqOQfFFBpCsptOJH5mfbcc8\/W0WZCqFlpb33rW9MCpbIh6C09F7Tzzz8\/5Wq5IGw3BwkWjBtCmQpx63dsLY877rjkK5OOMShId3jHO96RfKPyJIPe0VNBEwbnixD9Ew4fRGyxiZpQuBq5foUo214ee+yxSagHjY985CPFzjvvnCKhN9xwQ+to0G16JmjMc1GVQw89NPlbBhlRJekc\/SpqIn+sMrla\/ZpeUwXSF2yz+UZD1HpDTwRN65d99tmn2HLLLYtNN920dXSwkW9HzKQCEIh+QVcMyZfSM1ZaaaXW0cHlne98Z7HjjjumXYfSoaC79ETQOIzf9ra3Jd9Z8D9YaqWloxY0d2SpC+KMGzduVG1qmgZBI2yuc1UuQffouqB96lOfSuUXImHBk7Fl41zWaVS9Y858\/OMfT\/ll22+\/fetIUCKRWt0nH3HQPboqaLZSfGeskGD+8CkStr322qt1JD9Uc6jlE+EL5s3xxx+f6pFl0QfdoWuCdu+996aC1wMPPLCvy1+6BceyeQinnnpq60g+XHnllanJH1EL5o+diOtdAq7E8aB+uiZoLn4Fr00rZ6oLffKlAGhBlNPNoFWN2j3RvKa0rK4TKSxy8kT0g\/rpiqCJ3OkPFie1PVZfffUUCVYvmAu2UTowDFLi7GgR\/LIQfOMb32gdCeqidkHTkZTJLYw9mkElg8oBBxyQggM5dHbQK0tlRwR02sPW03nURorrJaiP2gWNQ3SJJZaIfLNRIJp41llnPTF3slfYaqpbzC3fzPuihlQenx74epb1+r0aji7LWlZrvBDUR62CxrJwoeUa1tfpQt81JTtqEK2gud0IWH\/99dM2z9\/ZK8w5lXeWW+6gqU2aL+ovZwqRhpo6YHzuc59LQ3JzQl6axqUGmAT1UKuguQG1nC67X+aCbqPyvFQs8AWpwdt6661TEqTWPjlecJI1RRZ7laipIwhhzSlCzS\/L4pHmouEiB7xrzefOqfpS9cK5oCvseuutl6aWBfVQm6C58UzOyc06M91GMbgtgA4f5ZgyfdQVGOuaoKUPayQnzIq0de+FY9mAZROQiH5OsKg1kZzXpCERWC2pcut+ITrMqpT6ElRPbYKmlYxM6dyKlfVeM\/9xfqU6RuS9+tWvTj6r3CAoJu50G33jpdt0OrC2DoiCGQULGi+nVbZFwHY5F\/TvtzXup3rdfqIWQROidsJyDO3rLGo61YIgdg8\/\/HDrWT5I4dDDncB0C74pQ05MhM8J7oKRDCM2EDe3+Q3cBwrXDc0OqqUWQdM6hajlOCqec31hfdNtV9ws\/ofc0LtdoKVbKJI3fJblmhMG5xC1heEcdtonvy7Gjh2bfJFNGrKSC5UKmto+8LcoWjYMJDfkwhmVvyAMTn3ggQeKRRddtHUkH\/jSWBzdWt35QVmGuWHwLz\/tws6l9yqn4cAlAhhy+oJqqVTQrJrSHvTIqmOCehXwqxj+uyD4qWxVcsTN6WbuRvSOsIsI55hD6PwI7CxoyMyUKVOKxRZbbERb027D0n7kkUfSexxUR2WCZpQX64dYWBUX5qfqFfKU3KTz27bJXXKRmUCVKwTt4osvTp\/LQq+La665Js1azLWZgCAJUdBg0jkrx8ndddddKRrsmGngObLUUkulQb38k0F1VGqh2aKJImpUOHR0fE7YFht6y8IR9jcDVIsXOU2GrBI6MzNFo3JltdVWS7lyunHU6R\/ynshuzxldSV760pem3C65cpMmTUrVKd4XvfdEQnOFhZlb8m+\/U5mgETM5XvqdWXlyxkBULaMNKCEMBv6qUzQLVCG44zkjrcT2nhjXVR9r6jlLm88ud4wEVC3g4+abb56qBD74wQ+2Xs0X98l9992XKhuCaqhM0BZffPHi7rvvTgmpsqH7AVFYQ2JNnDITlN+PUOQOK9MMAotHXVtOVqvUFb+nX1h66aWTtdYv+HsZAjF7oDoqFTTBgEcffbRYbrnlWkeDujCT4Y477kjvdx2UgZNcgyNNwD2j0F8lRlANlQka56xVXWZ2v8Ci5MNQHmPLKVWjX1hllVVSBrxE4Tpwk9XVwNEWy8g+1SRqMUUqJWLPnDkz\/V5bXe6LbuMa1t7npptuKi644ILiu9\/9biqDmzx5cvpbL7zwwmL27Nmtr64GlQ7SnIJqWOShhx56PDQ0SiZOnFh8\/\/vfT+1lch8MUdbS3XnnnckC4Thm6biJ1HRyuhOMnCEKInimC9Uxe0Cdq1wptZJVIfqoysHiIehie8ifyV9HmB988MF0Hjw49aXYeJ2f0EMXXx+5BXz0NT53\/ubnKpBI7edLJ9Kbz8\/23LkmYB6OC7CIfouU+j2CWrbbtoWSc\/3t3nN5b\/4mRfCK9UeL7huCUzm2FfI\/a8d02GGH\/b8gH2GXbC2okRuVCZpeWTKft91223Qz5IqW1lZZDuThJ8RFbnWeMWNGuuG0yskty7zE36q0TF2qVt1VQyx1sSCYVcAdYTzfBhtskPyWboj5wXfHWuaP1YKKAM2dOzf5mjjRJdQSGWLlAULkMdSnWD4vH\/xV\/I\/OqZ0EwZSW4rkk8DFjxqTHgiL0fqb\/hUVJHA2JGU1ai6yAo446qjjzzDNbR\/JhoAXNABSrr2aExCI33BRaA0kpGUkEbOrUqcVVV11VjB8\/Pvk6ckSunILxqqets2bUbhrFVkX5mpvW9WFKPgu4KogLYSvFbTheJ2ClkPlYJUTNdeL\/Us7UCRbX\/fbbL21tc\/NX9qOgVeZDIxiysqU+5AgLUpb9SMP5RNnNrAFkrrAibZeqxjbMzc96GS2sKe2atGaqUszA6rLdLLejwx+uRzei7WjVYoZ3vetdKTpuAJDrvxOcQ\/\/Dwkq4gpFRmaC5sUqTPTdYjlZwCbPtoIbRTV1m5eeGVbLTG2lBECE3WhXtgrghFLaLyjaRLbbYIlWfdFpoziojuCFo1VCZoPF1lKtibjDrO21\/4\/tyzeZmfdhuVQ1\/lRttQX6ukaAbhvKpdheSfoPVL8l5XtvehcG6ZKFZRILRU5mgiRiCqOWEyBmHb6cpCCxOVpBqgtywjapjBgJrYX5Rw3YQSfY35mi1V4kAgx1Kp5a898g2Pxg9lQmaG4tPg\/M1J0TFRutsFUioK99rNLgR6vBZEjTncrRIg8i1SUHVWDA77Zzhva5jYRpEKlOfckXvxOyuG1tGQQHFywqX23n4HlnzIma5YavSaXRtQUhjqOL\/ZbXISxwE5NRJCO6UKhaQoEJBK7d0uZnOpRXDccs53ckj1\/Y5dS0efGdV\/Gz+vVxTXqqGW6PT6gbvda75jv1GZYLmpncBd3pS64L\/xpZxnXXWSWkYhn208\/A9LtYFJVv2CotHHUGY0ic0Wtyog2J5EG6LZ7uUuXS5+Z77lcoEjcnNeZ7b+Dc3p3bVSls6RYJhbtPCIYpYR5tzFpqfPdo23\/ypdaSV5AgfWCdWrUXJ9w6KJVs3lQmapFV+tBx7O7HSOp2UJHKlP1pOI9xKpMrU0V6atUDQRrMIgI9Pw4JBgPh3sm30PhP9fmrqkDOVCZqWQayFHKOBEmTdnHPmzGkdGRmifYQwx5768pY86rDQCJqt4mgtNMm5yscGAa2cOvG1usZsOb1XweipTNA43llCOQqaLdTGG2+cSnBGakGyfo4++uhis802y7LJoZVdcXQdKzsxI2qjdR8IqAxK80KtqASe2sV7zJLN0Ufbj1QmaLBCyfvKEekDau+OOeaY4pJLLpmv05uTVhItMTOZxzi+HJEwzAldRb3lvKhicTLMZdlll03FzE1GWo9rX+eTdtF\/LQIC1VGpoOkd1a15kZ1A1HSQsPU8\/vjjU46ZLaXJO9OmTUuthQie7hDbb799supyxSwEOWh1+V5Ehm2jRovtvn5fLN4mwko2dWrDDTdsHWkPgpbj3NB+pVJB0xiR+ZyrlQbjw3bYYYdi3LhxqfsDS0dGu6RIuXRqN3fZZZc0iCRndHetunvFUGyfbIdGWyvKSnOzH3LIIa0jzYEP84ADDkjXfSfWGTQb1UgzqIbK+qGV7LnnnqmTpyZ+QX1ovlh2rK0Dvkadh03HqqK86pRTTklj8RRyd+JrIqyaPnrwH3IZiA6ykHxepkyU6RNlxFHqiEVWBL5sJeQjy9a2utM8vlmzZqXW4Uq7dtttt9bR9vC\/WFz16csxLWigGzyWGCfmAsu9DXc\/I2KrK7Btc51WGuvDtrvT7dRwpk+fnmYJyFn0d9tqaWftZiFYIn78duVMAQ\/da0vB8lzeFiEjWGUbboLlMbShY5n\/5vuIXCl+HoIevpeY+T5fLw+ML8vPI3YseZHHMlmWNUbkvfe24sTIoGPJ151y8803p9mhp512WpZpGyFoj2FQ71lnnZVOUlAP5557bprfYDp4nahllUd23HHHtY6MHgLjZwq8aLlDpIhZWTsq32\/FFVdM6Shucnl2rCrCQ3A8yrrhTvG7\/F4iRSz9flafLTZR1W6KaDlOIEsrT7TbLM3ll18+BTtGy5QpU1KAii83R0LQHkNQQC9+ZnSMs6sHgQvRzSoHmMwLOWRHHHFEmig\/WhEZilQOaQ6EhUgQMZYQ4cgV4kv0dG4xqYmFN1r23nvvJAoCUDky0C24S2whZNa7AILqsX3y3nbDkbzGGmukLZi+ZlXgBjHV3Hg420oRPr30WSq5ihnhNYTm0ksvTYImuuz5aHcg3guWqtSgoDpquYrcbJ2WGgULRimWG6sbUVhWEx8aARothEFajFbc++67b6q+0L7a56wdk4\/4t3LCBLCTTz45+RDtOrwXZgjwLdqCjmbexEUXXZS21P006b0fqE3QrD7mLwbVwuey+uqrP+GsrhuJxc5jp80LS4iZKVXrrrtu68jj8Ik5LmVGJDQnCLlRgcMd\/4IFIsyipAYQd8INN9yQRvoF1VKLoPGJaLtjzFdQHXxP8pbcZN1C8q40C4GITjHHkgDLSZsfLB+O+lwScAmOAMCCBk4ri\/O\/tfs3m3jP1yzpOKiW2hwX8msuv\/zy5CcJqsECYZsiCthN5BQSNBHBTjB0ZdVVV209mzcsNZUmuVwvUjQWVsMrAiv1o92uJLIA5PbVVbY2yNQmaFZjUc4q\/C\/B44ml\/GfdtM5KOK5ts84\/\/\/zWkfaQ9zVcDFmawwvXfV2ZINtrWJRlKkmJrTdfYEmZ8zb86xYEP6HzGNZZPdQmaNhrr73Syl5FTeCgwwcl+bOuyoCFseuuu6Z6105gjXCwD0WC7FCRc6MTOAmtObDMMss8qd3U8L9Zcq3tZju98gQZWNg6KAfVU6ugOXEstW9+85utI0EnsFosDJ3OFq0CDmw1ugrN20VZj63Z0CARy2ZoYMN2WuQwl75gcs1uu+225EsrKasKSmbMmJG20iP9m9UNi\/6PdHp\/0D61Chr233\/\/dCFHXlrnnH766alMqNeNJt2IonoslXYxbHjy5MnFtddem56XtZaQuOsa0RQgJywg\/l\/tgVBWLIAfzCzadpJiVXYoYpffF9RD5ZUC80K2sbwbF0HQHmobFaIrP9LVoddoPsAiUbPbLorTzzvvvORM53QXCGC5qbMkeDn21fc3s6psK50LOXOEjSDvvPPOye83ElRdHHTQQcnC7Zfcs6gUmA+77757+phrzVrOKCGzoucgZtBPzjaMU79dJAPvs88+KbeNX01UU4G3bhW5DgnxN0ukXW+99VITR5ayHDTW5EjFDBakbbbZJhJpa6YrgiYapPuGrZMcnGBknH322akjw6GHHto60ns0frT1PPjggzuOSLqpre5rrbVW36QuCBLIrdQktN05DrofE2zVBkG9dEXQIElRRjhhK1u7BPPH9ubYY49NpUHM+5zgN7Jt7GTbWcIPJ5G2nygH07SDbsg60EQ7re7QNUED\/4vi6pwsjlxRxC2yuMkmm7SO5IWtsN5mo6kg6DdsMdvZZqq5Ve+5xx57RJvtLtFVQcMJJ5yQtlG2n8G8Uagtx0m32FyRL0Z0NZksI5fB\/8cCrhi\/l+k2g0bXBc2NYCuleeAgre4jRZoAy2c027luoWhbTzYWt7kMwf\/Yb7\/9UiR0\/PjxrSNBN+i6oEHHT5GjE088sbj11ltbRwOdNAg9MauiI2o34E\/TQYM1omYzeDyi6bpmvQbdpSeCBrVs48aNS\/6FW265pXV0cFHfJ9\/nwAMP7LvES4uTocLKozpJum0SEydOTDWvStV0tw26S88EDRJG5eZY3TvJa2oKtpiSLomZljT9CH+fLHj+opxns9YJV4pZD8SsnfrOoDp6KmgwvYgfRo5OVa2e+wnVE\/r2CwT0q5iVEGX5ZTvttNPAuRLMHdWme9KkSSlnLegNPRc0yLxmpUnWvOCCC1pHm4+ifdUTnOrDO7n2K5zgWmvbftpGDwK23ArZiVmkZ\/SWLAQNkm6V1XCoGq3fZCQWS7ScOnVqchw3RcxKWN3Opf9NkKNJDO19Jv3IYmx26KmnnppN66NBJhtBg24SnKp8Smr+mhg101WC31AlgMnbC2rx3M8I+kgqVcis7lFniiZQ1pw6dwJa+pop4B5avN102kku7jZZCRqY7Lrcavi37bbbpi4FTeHMM89Mhfqy\/201dZpoMqajy6vjIOcn1XGlJOcZnPNDlxFbS1tMieGCAKzRJqNT8nABU8PbTpfebpLlVaXnlG0nc17kr9+3oFrl6N5rluORRx75RPeRQUBDREEPvjX\/OzFQBSGlocrhxd2AIKutZY2x0EzfajISg4n48PpVu4xc67GzXibLpoDXXHNNmgp02WWXtV7pD7Rr1nJZKoN2OSKaSmEGEe13DBTWT0y6Dgu13ULvXqG0y7UoHcMCe\/jhh7fdcaNf0bZKuyjDa\/gK5YyyrnPtktKVBo9V4GbQplmXBz6ZNddcs\/VKfli9NPJT2qXnl3Y7OTbD6xXXX3998q\/JVxMRJRa5dRQB\/x83gbkBZjksueSSKYHYx0FAg0cT7lWtmMtqm+n+00qcu6Tb08dGQt8IGmSha2MstcNgWpHRtddeu\/Vq7+HodwNIV+A8VgnBMgmejG0Li1u+mjpQw6mNy+N36yW2w4bBEDMWpKnpBFd3XdaJj3rCDQImXLmmh2+tvQ\/8aCuvvHLrSD70laCV3H\/\/\/WnLImBgdqIxa+uvv37PwuZXXHFF8q\/YGtta2h73uv9\/7rDSLErer5kzZyYLXCTUqq\/xo4WgW9s6La0sQhK7ba8sRn4\/H+5QP5+hwrZag5JrRtDMHB1eimc+iG2n4Te50ZeCVmJPb8CG2jnWmxQI5TdWDl1R6wqlE1SWhZvSAA1muelWCrUXNB08+B\/8UsRsqDjY4sjNM6CaBeC91BjUw9a9qm2pPmVG5rkxRS3lk2k2qd22uafzG4rsfI8ZM2agBG1eFloIWhewus+aNStZS\/b7omtKUFycHlIH+D5sGdqB\/8RJtS2yQqs55fuxitsmacnshPdbxK7XzEvQhqJV+3XXXZe+jugQOGLCn+NGcm4JnGipcyoiV54DwRgPi5zzx+fj+iBcbtLHrvl0Q44dOzb5xDyI5sIYNEFzzRtdOHyehS2ndI6RvGfdpjGCNhRpEkTt9ttvL2bPnp0m97iwpYN4LLHEEk\/cCISvzIly03DouxGs4m4EjlBbEjefFdyWyI2gBVI50ixon4UJ2lBYxG4uVpXzyiJmzVlYnB\/nb2g3Wcc8nE+vGW5ie2tB8\/ssbgSRg7sdBk3QLORyQr1P3kfvqfvFudhqq62y3I00UtCGQ6TcBE6QFYdQeRA5CbxlTo1V3jaV2DmJHm4GfjoXclAd7QjavHBzcTk4f5z3w8+j9BALlvNZZvePlkETNFhEvL9DFwsLea6BkYEQtCA\/RitovWAQBa3f6L\/6kyAIgvkQghYEQWMIQQt6Bl9XCd\/mhAkTUk5aDhjyrF5TYKGEQzzImxC0oCcQhzKfT8G3ZFoF7HfccUfrK3qL9BxNBMxGlfQr0u1vzrl1ThBBgaBHyMzXtlpqzdAideViyo1ELUXURgKhYe35SHh8b5mXVuakjRSC5XuVsEnyLZG0vdxyy6VuIU3tYdcEQtCCnkDQTjrppBQ5lFJTYtiKigspGSOBiEktEDWVhiPxlrUn+VMZk9mhUgwkgo4Uhdfz6rYroVcLqBVWWKF1JMiNELSgJ8gJlB8mQdZshXPOOScJkxpd7YXaxVZVPa2yNxUcCszlE7LYNtpoo9ZXjRy92wyuUULn+3XgZaHJSWy32iToHiFoQRbYehoyQjxsOdtFdQhfl+EsWrcTTCVNhjcrfWu3KkCnXRUmOm2oDAn6gxC0oDEIMHiw0mxZCZmtLWFT7hY0n4hyBn2PFjdXX311KjqXZmGrOWfOnFTczq8WYjY4hIUWNAKWGauM4179ZtnLSxOBQWmXHYSgBUHQIGLLGQRBYwhBC4KgMYSgBUHQGELQgiBoDCFoQRA0hhC0IAgaQwhaEASNIQQtCILGEIIWBEFjCEELgqAxhKAFQdAYQtCCIGgIRfF\/YocouCcKzukAAAAASUVORK5CYII=\" alt=\"\"><\/p>\n<p><\/p>","protected":false},"excerpt":{"rendered":"<p>Tegund:&nbsp;3829&nbsp;<\/p>","protected":false},"featured_media":77247,"comment_status":"closed","ping_status":"closed","template":"","meta":[],"product_brand":[],"product_cat":[597,669,517],"product_tag":[],"class_list":{"0":"post-75773","1":"product","2":"type-product","3":"status-publish","4":"has-post-thumbnail","6":"product_cat-hurdabunadur-lykillausnir","7":"product_cat-hurdarlaesingar-wc","8":"product_cat-lykillausnir","10":"first","11":"instock","12":"taxable","13":"shipping-taxable","14":"purchasable","15":"product-type-simple"},"yoast_head":"<!-- This site is optimized with the Yoast SEO plugin v27.3 - https:\/\/yoast.com\/product\/yoast-seo-wordpress\/ -->\n<title>DORMA Kl\u00f3settsnerilsett svart 3829 (SETT) 7030000029541 - V\u00e9lar &amp; Verkf\u00e6ri<\/title>\n<meta name=\"robots\" content=\"index, follow, max-snippet:-1, max-image-preview:large, max-video-preview:-1\" \/>\n<link rel=\"canonical\" href=\"https:\/\/velarogverkfaeri.is\/en\/lykillausnir\/hurdabunadur-lykillausnir\/hurdarhunar-hurdabunadur-lykillausnir\/product\/dorma-klosettsnerilsett-svart-3829-sett-7030000029541\/\" \/>\n<meta property=\"og:locale\" content=\"en_US\" \/>\n<meta property=\"og:type\" content=\"article\" \/>\n<meta property=\"og:title\" content=\"DORMA Kl\u00f3settsnerilsett svart 3829 (SETT) 7030000029541 - V\u00e9lar &amp; Verkf\u00e6ri\" \/>\n<meta property=\"og:description\" content=\"Tegund:&nbsp;3829&nbsp;\" \/>\n<meta property=\"og:url\" content=\"https:\/\/velarogverkfaeri.is\/en\/lykillausnir\/hurdabunadur-lykillausnir\/hurdarhunar-hurdabunadur-lykillausnir\/product\/dorma-klosettsnerilsett-svart-3829-sett-7030000029541\/\" \/>\n<meta property=\"og:site_name\" content=\"V\u00e9lar &amp; Verkf\u00e6ri\" \/>\n<meta property=\"article:publisher\" content=\"https:\/\/www.facebook.com\/VelarOgVerkfaeri\" \/>\n<meta property=\"article:modified_time\" content=\"2025-10-31T12:31:55+00:00\" \/>\n<meta name=\"twitter:card\" content=\"summary_large_image\" \/>\n<script type=\"application\/ld+json\" class=\"yoast-schema-graph\">{\"@context\":\"https:\\\/\\\/schema.org\",\"@graph\":[{\"@type\":\"WebPage\",\"@id\":\"https:\\\/\\\/velarogverkfaeri.is\\\/lykillausnir\\\/hurdabunadur-lykillausnir\\\/hurdarhunar-hurdabunadur-lykillausnir\\\/product\\\/dorma-klosettsnerilsett-svart-3829-sett-7030000029541\\\/\",\"url\":\"https:\\\/\\\/velarogverkfaeri.is\\\/lykillausnir\\\/hurdabunadur-lykillausnir\\\/hurdarhunar-hurdabunadur-lykillausnir\\\/product\\\/dorma-klosettsnerilsett-svart-3829-sett-7030000029541\\\/\",\"name\":\"DORMA Kl\u00f3settsnerilsett svart 3829 (SETT) 7030000029541 - V\u00e9lar &amp; Verkf\u00e6ri\",\"isPartOf\":{\"@id\":\"https:\\\/\\\/velarogverkfaeri.is\\\/en\\\/#website\"},\"primaryImageOfPage\":{\"@id\":\"https:\\\/\\\/velarogverkfaeri.is\\\/lykillausnir\\\/hurdabunadur-lykillausnir\\\/hurdarhunar-hurdabunadur-lykillausnir\\\/product\\\/dorma-klosettsnerilsett-svart-3829-sett-7030000029541\\\/#primaryimage\"},\"image\":{\"@id\":\"https:\\\/\\\/velarogverkfaeri.is\\\/lykillausnir\\\/hurdabunadur-lykillausnir\\\/hurdarhunar-hurdabunadur-lykillausnir\\\/product\\\/dorma-klosettsnerilsett-svart-3829-sett-7030000029541\\\/#primaryimage\"},\"thumbnailUrl\":\"https:\\\/\\\/velarogverkfaeri.is\\\/wp-content\\\/uploads\\\/2025\\\/10\\\/5f6d2851-1c83-42db-a1ba-929e081604f5.png\",\"datePublished\":\"2025-09-06T15:41:21+00:00\",\"dateModified\":\"2025-10-31T12:31:55+00:00\",\"breadcrumb\":{\"@id\":\"https:\\\/\\\/velarogverkfaeri.is\\\/lykillausnir\\\/hurdabunadur-lykillausnir\\\/hurdarhunar-hurdabunadur-lykillausnir\\\/product\\\/dorma-klosettsnerilsett-svart-3829-sett-7030000029541\\\/#breadcrumb\"},\"inLanguage\":\"en-US\",\"potentialAction\":[{\"@type\":\"ReadAction\",\"target\":[\"https:\\\/\\\/velarogverkfaeri.is\\\/lykillausnir\\\/hurdabunadur-lykillausnir\\\/hurdarhunar-hurdabunadur-lykillausnir\\\/product\\\/dorma-klosettsnerilsett-svart-3829-sett-7030000029541\\\/\"]}]},{\"@type\":\"ImageObject\",\"inLanguage\":\"en-US\",\"@id\":\"https:\\\/\\\/velarogverkfaeri.is\\\/lykillausnir\\\/hurdabunadur-lykillausnir\\\/hurdarhunar-hurdabunadur-lykillausnir\\\/product\\\/dorma-klosettsnerilsett-svart-3829-sett-7030000029541\\\/#primaryimage\",\"url\":\"https:\\\/\\\/velarogverkfaeri.is\\\/wp-content\\\/uploads\\\/2025\\\/10\\\/5f6d2851-1c83-42db-a1ba-929e081604f5.png\",\"contentUrl\":\"https:\\\/\\\/velarogverkfaeri.is\\\/wp-content\\\/uploads\\\/2025\\\/10\\\/5f6d2851-1c83-42db-a1ba-929e081604f5.png\",\"width\":282,\"height\":163},{\"@type\":\"BreadcrumbList\",\"@id\":\"https:\\\/\\\/velarogverkfaeri.is\\\/lykillausnir\\\/hurdabunadur-lykillausnir\\\/hurdarhunar-hurdabunadur-lykillausnir\\\/product\\\/dorma-klosettsnerilsett-svart-3829-sett-7030000029541\\\/#breadcrumb\",\"itemListElement\":[{\"@type\":\"ListItem\",\"position\":1,\"name\":\"Home\",\"item\":\"https:\\\/\\\/velarogverkfaeri.is\\\/\"},{\"@type\":\"ListItem\",\"position\":2,\"name\":\"Vefverslun\",\"item\":\"https:\\\/\\\/velarogverkfaeri.is\\\/vefverslun\\\/\"},{\"@type\":\"ListItem\",\"position\":3,\"name\":\"DORMA Kl\u00f3settsnerilsett svart 3829 (SETT) 7030000029541\"}]},{\"@type\":\"WebSite\",\"@id\":\"https:\\\/\\\/velarogverkfaeri.is\\\/en\\\/#website\",\"url\":\"https:\\\/\\\/velarogverkfaeri.is\\\/en\\\/\",\"name\":\"V\u00e9lar & Verkf\u00e6ri\",\"description\":\"Umbo\u00f0s- og heildverslun fr\u00e1 \u00e1rinu 1919\",\"publisher\":{\"@id\":\"https:\\\/\\\/velarogverkfaeri.is\\\/en\\\/#organization\"},\"potentialAction\":[{\"@type\":\"SearchAction\",\"target\":{\"@type\":\"EntryPoint\",\"urlTemplate\":\"https:\\\/\\\/velarogverkfaeri.is\\\/en\\\/?s={search_term_string}\"},\"query-input\":{\"@type\":\"PropertyValueSpecification\",\"valueRequired\":true,\"valueName\":\"search_term_string\"}}],\"inLanguage\":\"en-US\"},{\"@type\":\"Organization\",\"@id\":\"https:\\\/\\\/velarogverkfaeri.is\\\/en\\\/#organization\",\"name\":\"V\u00e9lar & Verkf\u00e6ri\",\"url\":\"https:\\\/\\\/velarogverkfaeri.is\\\/en\\\/\",\"logo\":{\"@type\":\"ImageObject\",\"inLanguage\":\"en-US\",\"@id\":\"https:\\\/\\\/velarogverkfaeri.is\\\/en\\\/#\\\/schema\\\/logo\\\/image\\\/\",\"url\":\"https:\\\/\\\/velarogverkfaeri.is\\\/wp-content\\\/uploads\\\/2021\\\/10\\\/vv_logo_350x100.png\",\"contentUrl\":\"https:\\\/\\\/velarogverkfaeri.is\\\/wp-content\\\/uploads\\\/2021\\\/10\\\/vv_logo_350x100.png\",\"width\":350,\"height\":100,\"caption\":\"V\u00e9lar & Verkf\u00e6ri\"},\"image\":{\"@id\":\"https:\\\/\\\/velarogverkfaeri.is\\\/en\\\/#\\\/schema\\\/logo\\\/image\\\/\"},\"sameAs\":[\"https:\\\/\\\/www.facebook.com\\\/VelarOgVerkfaeri\"]}]}<\/script>\n<!-- \/ Yoast SEO plugin. -->","yoast_head_json":{"title":"DORMA Kl\u00f3settsnerilsett svart 3829 (SETT) 7030000029541 - V\u00e9lar &amp; Verkf\u00e6ri","robots":{"index":"index","follow":"follow","max-snippet":"max-snippet:-1","max-image-preview":"max-image-preview:large","max-video-preview":"max-video-preview:-1"},"canonical":"https:\/\/velarogverkfaeri.is\/en\/lykillausnir\/hurdabunadur-lykillausnir\/hurdarhunar-hurdabunadur-lykillausnir\/product\/dorma-klosettsnerilsett-svart-3829-sett-7030000029541\/","og_locale":"en_US","og_type":"article","og_title":"DORMA Kl\u00f3settsnerilsett svart 3829 (SETT) 7030000029541 - V\u00e9lar &amp; Verkf\u00e6ri","og_description":"Tegund:&nbsp;3829&nbsp;","og_url":"https:\/\/velarogverkfaeri.is\/en\/lykillausnir\/hurdabunadur-lykillausnir\/hurdarhunar-hurdabunadur-lykillausnir\/product\/dorma-klosettsnerilsett-svart-3829-sett-7030000029541\/","og_site_name":"V\u00e9lar &amp; Verkf\u00e6ri","article_publisher":"https:\/\/www.facebook.com\/VelarOgVerkfaeri","article_modified_time":"2025-10-31T12:31:55+00:00","twitter_card":"summary_large_image","schema":{"@context":"https:\/\/schema.org","@graph":[{"@type":"WebPage","@id":"https:\/\/velarogverkfaeri.is\/lykillausnir\/hurdabunadur-lykillausnir\/hurdarhunar-hurdabunadur-lykillausnir\/product\/dorma-klosettsnerilsett-svart-3829-sett-7030000029541\/","url":"https:\/\/velarogverkfaeri.is\/lykillausnir\/hurdabunadur-lykillausnir\/hurdarhunar-hurdabunadur-lykillausnir\/product\/dorma-klosettsnerilsett-svart-3829-sett-7030000029541\/","name":"DORMA Kl\u00f3settsnerilsett svart 3829 (SETT) 7030000029541 - V\u00e9lar &amp; Verkf\u00e6ri","isPartOf":{"@id":"https:\/\/velarogverkfaeri.is\/en\/#website"},"primaryImageOfPage":{"@id":"https:\/\/velarogverkfaeri.is\/lykillausnir\/hurdabunadur-lykillausnir\/hurdarhunar-hurdabunadur-lykillausnir\/product\/dorma-klosettsnerilsett-svart-3829-sett-7030000029541\/#primaryimage"},"image":{"@id":"https:\/\/velarogverkfaeri.is\/lykillausnir\/hurdabunadur-lykillausnir\/hurdarhunar-hurdabunadur-lykillausnir\/product\/dorma-klosettsnerilsett-svart-3829-sett-7030000029541\/#primaryimage"},"thumbnailUrl":"https:\/\/velarogverkfaeri.is\/wp-content\/uploads\/2025\/10\/5f6d2851-1c83-42db-a1ba-929e081604f5.png","datePublished":"2025-09-06T15:41:21+00:00","dateModified":"2025-10-31T12:31:55+00:00","breadcrumb":{"@id":"https:\/\/velarogverkfaeri.is\/lykillausnir\/hurdabunadur-lykillausnir\/hurdarhunar-hurdabunadur-lykillausnir\/product\/dorma-klosettsnerilsett-svart-3829-sett-7030000029541\/#breadcrumb"},"inLanguage":"en-US","potentialAction":[{"@type":"ReadAction","target":["https:\/\/velarogverkfaeri.is\/lykillausnir\/hurdabunadur-lykillausnir\/hurdarhunar-hurdabunadur-lykillausnir\/product\/dorma-klosettsnerilsett-svart-3829-sett-7030000029541\/"]}]},{"@type":"ImageObject","inLanguage":"en-US","@id":"https:\/\/velarogverkfaeri.is\/lykillausnir\/hurdabunadur-lykillausnir\/hurdarhunar-hurdabunadur-lykillausnir\/product\/dorma-klosettsnerilsett-svart-3829-sett-7030000029541\/#primaryimage","url":"https:\/\/velarogverkfaeri.is\/wp-content\/uploads\/2025\/10\/5f6d2851-1c83-42db-a1ba-929e081604f5.png","contentUrl":"https:\/\/velarogverkfaeri.is\/wp-content\/uploads\/2025\/10\/5f6d2851-1c83-42db-a1ba-929e081604f5.png","width":282,"height":163},{"@type":"BreadcrumbList","@id":"https:\/\/velarogverkfaeri.is\/lykillausnir\/hurdabunadur-lykillausnir\/hurdarhunar-hurdabunadur-lykillausnir\/product\/dorma-klosettsnerilsett-svart-3829-sett-7030000029541\/#breadcrumb","itemListElement":[{"@type":"ListItem","position":1,"name":"Home","item":"https:\/\/velarogverkfaeri.is\/"},{"@type":"ListItem","position":2,"name":"Vefverslun","item":"https:\/\/velarogverkfaeri.is\/vefverslun\/"},{"@type":"ListItem","position":3,"name":"DORMA Kl\u00f3settsnerilsett svart 3829 (SETT) 7030000029541"}]},{"@type":"WebSite","@id":"https:\/\/velarogverkfaeri.is\/en\/#website","url":"https:\/\/velarogverkfaeri.is\/en\/","name":"V\u00e9lar & Verkf\u00e6ri","description":"Umbo\u00f0s- og heildverslun fr\u00e1 \u00e1rinu 1919","publisher":{"@id":"https:\/\/velarogverkfaeri.is\/en\/#organization"},"potentialAction":[{"@type":"SearchAction","target":{"@type":"EntryPoint","urlTemplate":"https:\/\/velarogverkfaeri.is\/en\/?s={search_term_string}"},"query-input":{"@type":"PropertyValueSpecification","valueRequired":true,"valueName":"search_term_string"}}],"inLanguage":"en-US"},{"@type":"Organization","@id":"https:\/\/velarogverkfaeri.is\/en\/#organization","name":"V\u00e9lar & Verkf\u00e6ri","url":"https:\/\/velarogverkfaeri.is\/en\/","logo":{"@type":"ImageObject","inLanguage":"en-US","@id":"https:\/\/velarogverkfaeri.is\/en\/#\/schema\/logo\/image\/","url":"https:\/\/velarogverkfaeri.is\/wp-content\/uploads\/2021\/10\/vv_logo_350x100.png","contentUrl":"https:\/\/velarogverkfaeri.is\/wp-content\/uploads\/2021\/10\/vv_logo_350x100.png","width":350,"height":100,"caption":"V\u00e9lar & Verkf\u00e6ri"},"image":{"@id":"https:\/\/velarogverkfaeri.is\/en\/#\/schema\/logo\/image\/"},"sameAs":["https:\/\/www.facebook.com\/VelarOgVerkfaeri"]}]}},"_links":{"self":[{"href":"https:\/\/velarogverkfaeri.is\/en\/wp-json\/wp\/v2\/product\/75773","targetHints":{"allow":["GET"]}}],"collection":[{"href":"https:\/\/velarogverkfaeri.is\/en\/wp-json\/wp\/v2\/product"}],"about":[{"href":"https:\/\/velarogverkfaeri.is\/en\/wp-json\/wp\/v2\/types\/product"}],"replies":[{"embeddable":true,"href":"https:\/\/velarogverkfaeri.is\/en\/wp-json\/wp\/v2\/comments?post=75773"}],"wp:featuredmedia":[{"embeddable":true,"href":"https:\/\/velarogverkfaeri.is\/en\/wp-json\/wp\/v2\/media\/77247"}],"wp:attachment":[{"href":"https:\/\/velarogverkfaeri.is\/en\/wp-json\/wp\/v2\/media?parent=75773"}],"wp:term":[{"taxonomy":"product_brand","embeddable":true,"href":"https:\/\/velarogverkfaeri.is\/en\/wp-json\/wp\/v2\/product_brand?post=75773"},{"taxonomy":"product_cat","embeddable":true,"href":"https:\/\/velarogverkfaeri.is\/en\/wp-json\/wp\/v2\/product_cat?post=75773"},{"taxonomy":"product_tag","embeddable":true,"href":"https:\/\/velarogverkfaeri.is\/en\/wp-json\/wp\/v2\/product_tag?post=75773"}],"curies":[{"name":"wp","href":"https:\/\/api.w.org\/{rel}","templated":true}]}}