{"id":75772,"date":"2025-09-06T15:41:21","date_gmt":"2025-09-06T15:41:21","guid":{"rendered":"https:\/\/velarogverkfaeri.is\/?post_type=product&#038;p=75772"},"modified":"2025-10-31T12:31:53","modified_gmt":"2025-10-31T12:31:53","slug":"dorma-hunaros-3820-sett-svart-7030000029540","status":"publish","type":"product","link":"https:\/\/velarogverkfaeri.is\/en\/lykillausnir\/hurdabunadur-lykillausnir\/lykillauf-hurdabunadur-lykillausnir\/product\/dorma-hunaros-3820-sett-svart-7030000029540\/","title":{"rendered":"DORMA H\u00fanar\u00f3s 3820 (SETT) Svart 7030000029540"},"content":{"rendered":"<p><img decoding=\"async\" src=\"data:image\/png;base64,iVBORw0KGgoAAAANSUhEUgAAASIAAACaCAYAAAANUEUaAAAAAXNSR0IArs4c6QAAAARnQU1BAACxjwv8YQUAAAAJcEhZcwAADsMAAA7DAcdvqGQAACevSURBVHhe7d0JvKz1\/MDxp7LvSYvlRghdlULcRIkUskSkZLv2NhTJFSlbSFHImizZZelasmQJoSRR2QqRZHclO\/17\/+78Ms1\/zplnZp5tzvl+Xq95nXNmnjPzzPP8ft\/fd\/+tsWrVqsuLIAiCFlmz9zMIgqA1QhAFQdA6IYiCIGidEERBELROCKIgCFonBFEQBK0TgigIgtYJQRQEQeuEIAqCoHVCEAVB0DohiIIgaJ0QREEQtE4IoiAIWicEURAErROCKAiC1glBFARB64QgCoKgdUIQBUHQOiGIevzzn\/8s\/vGPf\/T+Ws1\/\/\/vf3m9BENRJ9Ky+glNOOaX4wx\/+UKy33nrFFltsUdzwhjcsvvCFLxR\/\/vOfi+tf\/\/rFfe97396RQVf41a9+VXz5y19Oi8faa69dPOQhD0nPe+7SSy8tdt5552KNNdZIzwXdJzSiKzj\/\/POL29zmNsV2222XhBBud7vbFbvssktx9tlnFz\/4wQ\/Sc0F3uMENblBsttlmxV\/\/+tfiZz\/7WXruvPPOK373u98l7XblypXpuWA2CEF0Bb\/5zW+Kb37zm8X73\/\/+4uc\/\/3l67ha3uEVx4YUXFte61rWKm9\/85um5oDtc97rXTdoqobPPPvuk5\/71r38VG2ywQXqENjRbhCC6gqc85SnF05\/+9GSWnX766em573znO8lk23PPPdOAD7qH+7LOOusUH\/\/4x9Pf2aT+1Kc+lZ4PZodOCSJq9n\/+85\/eX81xySWXFBdddFH6SQP605\/+lATSDjvs0MrKykn+xz\/+sfdXMAzaD9\/QYx7zmGRa\/\/a3vy0++9nPFo973OOKQw45JPmK\/va3v\/WODrrOWitWrDi093ttcCh+4hOfKDbaaKPiale7Wu\/Z1XjtrLPOKt71rncVRx55ZHGnO92pWH\/99XuvNsPll1+eBq6fD37wg5MwOvfcc5PvweOOd7xj78hm+NGPfpQmGDNxrbXWSqv7Na5xjd6rq3Gus2R+\/PSnP02LzHWuc53il7\/8ZfGe97wn+eWufe1r944Yj1\/84hfFV7\/61SSEXJ8tt9wyCfALLrgg3bOb3OQmxaabbto7ejw+8IEPJCGWTXIm+t\/\/\/vfiete7Xvo7qJ5GomYm1NOe9rTiLW95S7FkyZIUofr2t79dfOUrXyk+85nPFD\/5yU+uDJ2\/4hWvKLbddtsr\/x6ccFVOQO+15pprpsku0nL1q189TQx+BwPPOXidP8Ix01D2e1zzmtdM\/qr999\/\/yr9NCJG7HXfcsbjHPe6RJpxV3zG3vOUt03Fd51WvelUSRBtuuGHxohe9KH3\/b3zjG8W6667bO2J8\/v3vf6d7Rbhl\/O35\/ufGZY899kjj8pnPfGax3377FW9729vSeS5fvrx3RFA1jQgiZs++++5bHHvsscXNbnazZMO\/7GUvK84555zeEasx2e9617um1Yzq3eSK77NNjpw75O\/8+SaQ15rA52ZBbVL1c+tb3zpdt6222ir5tQ4\/\/PBik0026b3abY4++ujipS996ZXfiXB\/0IMelMyrScxx94Z27af\/9\/C7xQSE0bh5YBYd446fKUfiRE8JoSc84QnFbrvtlp4LqqcxQfSMZzyjeN3rXnelusum\/+QnP1mccMIJxZlnnpkGjYHw3ve+N\/lmaCSLERoZTfGRj3xkmhRYunRp8ehHPzo9JyJEUHGuv+QlLyluf\/vbp2O6zutf\/\/rijW98Y\/K\/\/eUvf0kCaO+9905meP6ebWMRMO6Mwe9+97vpufvf\/\/5JaO60007Fox71qPRcUD2tCaKMQfi5z30uRT5OPfXU4u1vf3ux9dZb915dnNCG5DAxx2gNkvP4rTIEEVOXhjErguiII45IUS7+NufOByMymfO2ugShf\/LJJyftc6+99ipe+9rXFje60Y2SVhTUQ+tRM6r0Ax\/4wOLNb35zchJShduESt82nPquxfHHH1\/suuuuVxFCswrTicZxr3vdqzjxxBOTv0vmetegmd\/qVrcqjjvuuCSEIJob1Eunwvebb755q\/kffFYHHXRQ68KI2bLQtEL+m2yC8WvxFwpcVMHHPvaxpF1VAffAi1\/84uJhD3tY75nV5x7USyQ09iFyJoLXBa1ooUM7qgq+RikgVTGYYhLUTwiiPkwO4fJYAWcLDv7BPKtgtghBFARB64Qg6qOpXKEgCK5KCKIgCFonBFEfEtekE\/ATBUHQHItWEMkN+f73v5+ymCVTym358Ic\/nIoz1cT5XaHu1772tYikdZwwqWefRSGIZPHqsihB8HnPe17xpCc9qdh9991TwpqcEZX\/ihzloqxatar4+te\/nurhJFm+8IUvLJ761Kem49V3Kdj80Ic+lKq\/J6mRCqqHFhtRs9UYk7lgfJZovcSjLn79618Xn\/70p4szzjgj9TeWnazyW7W6+qab3vSm6SF5MJcZfOtb3yqOOuqoJJjkksiyJZjUxelV5OG9CKFcFOn7bL\/99qk+rqk2EbNY4vHKV74ylXioL5sW2qx6NW1hL7vsslQ+IklS32r3WVKsz2JqV4HiYmOl6yUeWqDo3EAoq1CQIDwrLDhBdNpppxUf+chHiu9973spv+Te9753sc0226QJq8\/xfBBaeiIRRKNWWEKJlqU+jvnmeFXxCiPrFg6LRRAxh13nH\/\/4x2mRYDYTQApTLRJe99ME9N4KgiEfTIa0+29xkMF9l7vcJV0r3R9yhX5ZZkUQEcwEMeH87ne\/u3jOc57Te6U8rudJJ52U3ksJjoVYNwxtVXQwdR3rYEEIIiukiumPfvSj6YKpZ1ItPe4ktZq85jWvKd75zneO5bB282T2Kt4llAwGhZP9ZQJVspAFEe3TfaDNXnzxxcn\/Q3jc9ra3TT8JBG05vBch46FntQnimuhsaTyYRK6TJmzeh5\/POGS6EFg0WAuU9xzFrAiiDP8mbfABD3hA75nyEPw6DhD6iq01lzOuFWI\/+clPTgt1Hcy8INLwnuCwyulq+NCHPnTiqJcJkE2zSd\/DSuKcOMCZgAavQV8lC1EQ6baY\/XQEu75UTF4mxihhoUHcsmXLRrbpsElC1mJpWHwpugHocEAozaUpzYogoi2uXLkyuSB8n0kgiBQk2yFFF00Q5sxeTfnM4TqYWWf1l770pSSxaUHPfvazkzqpcdU0oXerJbV\/migMNVYTOIWYBBDBRkCK0AVXhSB4xzvekRYPHRy12iCwmNaHHXZYMqvLaCw0oDL9qe1bp\/vnC17wghQlPeaYY1KzOU3btAjWL4lZM6sQ5MxSi9Ok38PY52boXzwpD65bnX2jZk4QkfoiV5qCMb9yI7Uq0P7hEY94RCVtN6jGVlC2uhtJOBnoixUDPBe6GtBWWy1ZpUhYbd\/3vvelBUUTuHEXExqABWAcnMvGG2+cNDQarHulM6NFQ2tYBdCzhi2wNJ4T1dWDvQyEV24ClxlWa8nlwe+W0WmTuTb4v5MyU4LIRbNyMX8IIOZeHtxVYPV97GMf2\/urGkRwrPJWXwOd32gxakfZ7BFMYArRSPh2+DOkU0wT4TrwwAPTe04KwSc9wwQmDD\/\/+c8nLS1vU1TFwtQEd7\/73VOqibQUPb7KQOjyJYk8sgjcJ4Jo0CpgLmcBZYcbC7YFxHWqgpnxEWk1yvzSLlU+T1244P2Sv0pEeXT9s1pp9TppD+RZ9BExf3Tf5PNhUtv2p67rXAUf\/OAHUxtjTeqYOSb2wx\/+8N6r7SI1hR\/TefUvxARFvqYEibE8F\/lYrg27xoAgo6XKnzO++jcLYIVYQI0395FlkhFZm5bOa0SkNG+9FdQFqlMIaYwm4dFn1oHcJDdUEqXow8tf\/vLeKwsb9062uq2iJJUyg6oUQiKVojxVYpGgrTH57JdWlQlSBcaRVBT5b\/0Pz+VIosDA4OuDD8f3O+gJL366YRqRv2mG3ruOhMlOa0SSB\/lWRCxsM+Qi1AmzgRmlTWvd6riEyAMOOCD5pQilrPaWYVY0IhrgwQcfnPJ8BAHsmmvFrRrXQkTn8Y9\/fO+ZapFdb0zQ5ETQZsVUKwOBy+XhGvK78v3olU5jf+ITn9g7qkgLtIAAzfaLX\/xisWLFiitdDAtaI\/r973+ffAhyPphldQshWGk45cYRCpNCAL3pTW9KyXrPetazes8uHESyqPa+n7awTJu6dq913+o08+QtMSVNUvlhMusXClJMaOmilnxlTK5BbQjmRN4KSlqFlBmLjOhmFXRSELnRnIeSqd7whjf0nq0fN2DYTagL4WRhfqqugd6VbXWmhalE8NzhDndIoXjfs84oFD9JnYLI5LQrrbF4z3veMwkjWsFCgKVBMx8Xmvhzn\/vcyhbRzgmirAnd7W53S76UJmlCExrEJKLxWW1Ef2YdfjZqu4iKFbOfNq5vFTjv7BcxaUX53CsmzaxTVT3etHROELFLmS2iS03TpDbUD9OCE9fW3JLtZhVbSAsm2Kp5cJXlI6rDydkGnO38cxZKjfuD6emUIDr00EOT155DrA3aXLEVaNrIT66RsPGsoXTi+c9\/fnJ62ottELVis7JP\/yCc7oORVPVYHLi0PqVBwXR0RhBJ9TcJOTZnVYWfFhnCIot8EWqvZgW1SMwVEZi56rFEzOoqAq4bUbJh3Rgk14qoqXI\/77zzes8Gk9AJQSShSpIU732bNmtbplk\/qsiFuGmHzJmuI2mO01ItkpDvQkS2\/VyZ27Q\/pUYKb0UKg8nohCCi3lot5S+0SVc0MTlXTBl+iK4jauK6ya9ZqEgh0UBvLvj1ZIy7b8FktC6IVKdb+ffbb7\/eM+3RBY0oc8ghh6QOA7J6u4paLFGyV7\/61b1nFi8EsbQTroVgfFoVRGpmDGYrishR8D8U4KoE58DuIiJ8MsJFjnJnxMWMhFvCSDF2rt0KytOqIHLj9JxRbNcFmBhdcpTzuch8VafVNWhsW2+9dUrwK4OOCRqTzSJKVMpoy3e+851TVbo8qi5p17NAa4JIKwGRof4K37aRVCgDuEuDSP2Unkb6zHQFO5yoHxSuL4uUBAGJOpCRXlehsvoqkTHpCWWweChl0V4jKE9rgkgbA5EIyYtdgTmkyVqXihppjK5RVwY2Ic0PoqGYCu6yyMWpq4RFpbk8rDrwfZ33fC01+jF2BF+Utsxic7W2aFQQZU1DX2KOPaUcXULb0C4WoEoStBFkLjpsEz4QE3\/c3jxqwapsYtcPH2NdOUpM9XFr2UR\/dX8UiAnK0aggyjeTmi7cqao5GA0\/jIxzBbJtokRDi1f9obqEvjp1BzvGNdcVMTNh8\/53wfw0Koioz3qXqEnqSre7fkTxqNRdhImWBVFdmsUoCCGf3Xa+1yC2IKo7+XPcIIZdSOyEof1sMJrGBJEbSSPioNbkW8Sla9j\/imO4i+grbG8unQLr8oeMQlvROhqbTYt+y5rw18kkAQyBGOPdHmvB\/DQmiKykboguiFXv8zUttDS7vNrUz+r61re+NTVQN\/G7glwd5R\/25e9vZN4UCju1FZ2mSX1dcArX6Rh2rSe53vYWk18UFfqjaUwQKRq88MILk808yQ6UVSMSQm3WtsLGfEK0Nt7TBIuwlEjIF+I1O3AIV7fN\/e53v7SVNmE512aAdWHLHTvojtq2ey5c76qc7e4FzVV9F62DcFY0LdVBNM9uvWeffXbv6OmgCTH7Jk0P0MJW7+tgfhoRRG4mQSRaJuJS9W6v40IA7bLLLsnUYCJqk3nyySenLGE7f9KIqPp6BHE6ivCpLpfE12YhqhWW9qZX8LBq8Lrwmeeee26aVJOiBa\/HNNDKbJUjinjmmWcWm2++eTIVRaj40NwjwtJiov+y10T5poE7wZidVPCL5tHWojp\/fhoRRG6miIs9tLW6aAvJaZrx64go8cwg1YiNqUMDIpBsGkdLUlHOqa5TJB+E\/tKc2ToP2q64DUQZ7SpBoDfpsCakTUTXYlLstzVpUaj7Y5HQcM0ipl+y+0UbsjOIiJnrsWTJktTgnnbLsU6blX+lNcn555\/fe7fxkBekNcukmxTITdNmtq0xMys0IogMYpNYI\/Wtttqq92yz0GS0c7C6r1y5MvWSofHorazKnaA02OwYst1226XBYwU22Jlo\/t92RjQpm\/DJ62kDyY0EETOnKT+Rz5NCMM3nacw+SaKoHUv0iFZca68xOUP6H8n3srmfXDRmmL3iaKw0WHvfSZjVvEyPq0022SSZbZO2dh0ncXMYfKJnnXVW769gGI0IIisWQUQ1Z140jUmrgJRGwbegb4wmXkL1NCPbHR900EFJlbeCWUGp\/xLSaEK0OJoT3wMfhEZY\/BPKVJpG0qXV9ZJLLmmsUFiBaxtRTkJIQzWdHQkh\/imLgE4N8qpoPhYTZplFxr2lKfmfU045JZlF\/DPurWM9PN80y5YtSxoZARoMpxFBZCXlrDTJp\/UTTIKaKJ9r73m+Dio7fwfNiKmV7X87ZypF6O+tLNXASmtfKwKAgKJNmQwGtmb\/TcI8ollw2DbhsBZcYBptscUWvWeagym35ZZbpr3maBTMLvdRFErjOLk6\/Df8ZXm\/fBojrZVz3TH8fd6HdkTzNRY4\/JvELibuVdWbQC4kGhFEmTac1LZ9MYi1X7VhIw2Iqj9uKQetyOprVWMeUPU1L2t6pxHV+HwhhGUTpplJqykYDaRJ+OX49OyGK3eKCebecUITPv0QlB6D6OogMOG+c2TvuOOO6d7bQqdJCCG+vTY06FmhMUFkoLSxK6nQO5PL4NWegWlIq5kEK68wsZwje3fRiAwuPpQmkVMkADBJkt24\/PCHP5x6AWFi0SYFAgiXUYhS0kAVj\/qOzDHmFvNrXJhzFhDCyGLE4S2K5bkyMEulB7gO01zvbFIHw2lEEBFCVgUb7jUJh7KBz9nMUSmhcr72q2U0DCsbQWalvvGNb5yc3U0nrPncXLdXNzRA5ukkyMsSbmca8d3wseU9wZjIc8Gvwzmuvw9hpFRimgJpSYU6BiiRIVi8F7\/gfHlNIqoc3\/xLBJhxw8+oG6WAx7j4Lm2mfnSdxgSRsoT5+v7WAW0lN+7SC0ci5XwO3rIrnjo5Pi9hbU5sK32T\/YJEcZqKmGlmNklxsrA5pz6fDaGt0JkzmWBx7gTSsLIMgYS8P5qSG9d4Ug22H+fBp0SQaHbPzzbMVDJWfZ7xwn9ICDl334dpKJLKx0hrG4ecttKFDgpdpBFBZIK78ZOEbyeFoOAb4limVosycXbOh\/MsO1CEZE0YjkgTq2zjrCpYZ511UqZvXc3AMlZ+wsDnjYNJLHwuOECj6M8dkzAqX8ueYDbRHBQG\/iYMHEczEq0bZdI7vswiwryjiclMl\/gog34Q2ppuknxLui3SPsEZ7n88LwpGWHmfsvCx0WK71OCuSzQiiKzgJmyTETNd8kTBZN2K\/Gg7Imo3H1Z+5mOOwMyHCnQDljDwvk1Gz0wOwqHu4leThoYyjkYkq1kyIf+Z2ri5ENmS5Mhc60e\/52wKykYuU5dIyy0TQdx0002To59PT66YBaofoX2Civ9oPu1dNM54lldWFse7X9EsbThrrVix4tDe76UQ8pYhfeKJJ6ZdJiSM9T\/cTK9LCHQzhVGFUCWk6f1LS\/F6\/7EcitM6RE0ag9r5cSTnHSbUt1HvfbYVjKDp3zvNMfwXzoXaTXjxLflunlMIy08ijJxREMtpLZFOuYVyA+8jYdOuGz4PrkEdiGQZ1CbzOMjlIliGPUwQWkUWwvxpvpdEQXuWcfY7xrGEDY1zmCDke6GhlPHp8P3QnLyPXCHvK1+I5kCI0T4cIyFxEILf+eToIQc+X5D3cA89BvfIszi5pxYPiavuozIRQowmLG\/Md6X5jMK9da7ZzBvEeTlH14tvyNgzLghZkU\/apuBHzpDny3S8n\/33xffw03d1b+rOqHf93EOJx\/1j3nXzPeoqeh47I85gdSPl2wzzU3i9X1V2rEHr7\/y\/Hsh\/O74K8nvnhwHtp0ExlzbmHHwXg5E\/xGpJ2zE5nJfXBs\/Pe1qF\/a+bY4AYyL5n\/h+v1YX3NunGgeOYoHZNhjm6TQCDzyaX8l2YVK6HaBMTyvXL18F35XOx+cHgdaVREB5lcA1Fk\/iNLFi+F+Huu9FimbvMO9dbtnTGopMzrF17k8d7ZYHgeBNWmU7O5Pc9fE6O3lloLCKOIWQJXhoSP1AZaFfGvwVoWJIurVAto\/NznHNyLC1aiQrhwvm9++67p+OPO+64tOjNNU6Ns5w1vhBZ4wrJXN+M6UEQuIhU2mGrWx1o4WEycZCS8Ab2YYcd1nt1OCaB5LkyhZIGlOQ470lFz9nXTeA7+X6ERlkIEZNxLggBGkQ2SXw\/qyB\/Dwcv04KAhWNNehHEQeRn8aHkCTYK98j4kFpBQHJw01aYbcw7iaOczINBBhqG\/zPRfabVe\/ny5VdGpkx+79O\/WPpOcohMdtqke+ce0pIJKEKJY7rsGJVLZlwPaxRH0Ehb8Pn5HKQh8FnKZ3Kerl8WnjQeAnbYIgHXnIns+9aJMcJJL9rZP57dH+dnYaiDRnxEcCGpmU1Bw3Gz3WCTi9N1FAa2CVvGYU0Q+E7UayZPkxFBA3xcFd0AZ\/7O9WAy9H8Hk4TWQziZmMyJ\/mOHCSGYKOOEtw1ugsb7m2gbbbRR+kyakveiHQ0KITjWefhJSPL98Jvlc+S36xdCcM6um\/cmpLy3jHE+TNFV71V2yyMaDmEzl2ZK2Dm\/fC4eXBBMUOfhtX6TjlbmO+TzH3w4vm4h1CaNCCIXUNSgTDJbVfAZuLnUd45qjk+Rs\/kgWPp\/zgc\/lIFv0hBEoxzhVWJlb2JQEsyEsp9lUToj4bMMFglm4NKlS3vPFGky5kWDACpTjkFTy9raKJTGuFdMSNcwX0c\/VfLrqFgGxzm\/cYq4me5lz3Ox0ZhGZNXiLGwKGpGVVgNzA90qxDlZFXwMktSosgZkUyYnaJaEbN1YsbPztyxMD5OdH2QUghi0Ltcxw0zKYXHXdFiIfZBBzWcu+IDcLwKHsJQi0M+uu+6aFhgBjvmgDfG3SS2Yy5Qahv\/r14KC\/9GYIKIKN5lrA74KAgPKA0b1NS47oEXGTE5Z1aI+1PtJOxdOQjY364bJwvxgPpXFxOTfUVozn+AXIhd14hPqx+JBOxFdlcejvEI0sgo4kC1KNFkCToSsHwXFhItkyrkSFpnufFLGyjiJlrRK2lATC8gs0pggkvsyaXOqSWEmMAllxRrUJsl8BY9lTDITU7YtJ6sJarLRApqEEORTqRtaJKFA8I2DzHORNo5\/tV20Usmf0iJEkjhBTzrppCSsmM39+DwCglOUmSY8rjxjWvj0aDsc0nk3lGFmFQf5fe5znyRMjz766OSsJ3D8r3GktQgTi8aXzboyiMoxc5suHp4VGhNEJo6bUWayV0muKyJARJlExORATYrVko9B\/2jha9GasuHqKpDwx0fEeVk3tC6+tklMam03TFwagPyc5cuXJwFkH3+5O\/Kw5ur4qOEZjYg2pLuBcHvZItVh0EQOOOCAtGCIbjov0a65kPUtPYB\/irAkNGluwus0az2qxtWAjX2mWQii4TQmiEwcKznHbpPIoLXyCbUqFTARtIr1cxxMRhOJVpX\/n\/redBsQk1Lkp65kyX58V4JonFKGfkSIFIuawIQLQeB3ps18XQ99JoFPe\/VdlYSY\/JM0oaeFeC8auc\/VRsRYHJWPIzeIwFInx1zMCxjNehI44Jlzc+UJLXYaE0RCplYEiXVNI3\/JgMw5LgSJgUX9NrEzImAcz\/0qtxQAGhVzwyCSw8MckzskB6XpFY6Jwdla1p81LTTZMqkP8yFwQIskYMri3vhswl9fIeaZfCa5Pxzo\/RCYHoPQqGQC08qYWO4jPyFtpyx8m4SYtIJpoF0NO8dgNY1dGRNcNiqVu2lEKvS3sbKrnKaec2JzXBqUVjnmgwQ+OTp+aiOrfQUBxMfB30GAeVglrdCEWtMIdzNtmoLmpXXGtPCreIyDeyInSbazkg\/3wT2UcEdbEvzIeV\/5vZVJaPmi3S9\/jxYwzCtBBX4n902krizeu4qQuyzuJiOrs0ajIpq6Oyo0WheEkXCx1U3Wrxo3GpJ6JgPbBDfQRWgMVr9LVuNXogVx3MqMJaD4hsbJH6kKZi1BOV8xadUQerkGqmlcf05hznJOYudhIbB4uE8CBjoucoS7j4SO9iK0J2Y4Dci9zdnvhFd\/\/VRT8ItKlCxTw7ZYaVQQ0SA4jZVbtAHTyqqobMAWMSIyVHY+AH\/z9xioBBH\/AI1IEiTzgHNT5q3QvWhcG2h7y0naZKdLeT20jWn35WJKTmJOEkbC7vxLarMEH5hsarM8zwflHOUiidDRfhQ88wsRRCJgopuem+S+TXre\/RCgzMlpzbuFTKOCyAAyiSbd1qUqRHSsoBzYbHfN8YVoVeH7m0AirAgiuS4GukEvmsLEbAuV8E2v6JzF\/CRttzm1GIi0EUw0IvdLwIB5JiJFYxNNVOFOc+VjUsDMPyj5kEY7CbQZvs1p0HPbNdTjPBhO494zq5LISdtwSFPrDWaV34r6rLgGsaJEA51WRADJPREBahN+GhNrMAmvCWQg0wSnQUJfLkidFD4WvjqLgyxo75eTJjnxRbVcJwmmcr1ou+7lNNCGpnUyc5DTuoO5aVwQ8RNRVa3uXYGWw4GpgyM\/g58c601mS4+C8KZNtrGtj5wp6QscrpNCI6iqHk8UjoARtaTFCusLRvAfMdXk+vi8KhCh5PSeFCaZRN427tss0bggoiJvv\/32yWYPyiOzd9xGaFVBSPNvOIdJEcUq2+tnXAQixu1GUBaaM9N8UjTqow1KQQjmpnFBBL4ZUY+mSz5Gwc+gJ1HXoA1ZWdsSRGAKcZY3nRk\/60gF4ZOc1uG90GlFEMlNUWMk8tElOBXlCMkd6RJ8VcOabzWJbZ05g7X47RquT9n2HU1isVXtLxctmJ9WBBHUHnE0TuN3qJocIcktUbuAPdPkDokatYnUB6HwcUtjmkCv8aoq9KuEgJRW0HagYxZoTRBxBnOCCsl2BdERjuuuqNEEooxg\/pVhjeqbRi6VxLxpc4qqho9Ip8wuIXqn24Aau2A0rQkiCIvbKUKWc\/D\/kf8imZBPrQuIRMlwFhrvEl30v0gdkH0fYftytCqIFIzutttuqbpaxnXbdMkRKy9GWHr\/\/ffvPdMNCEUakYLSYDjMROaipNigHK0KIsiA1RxcolrbdGlllRHMydm1+iTtOyweSmKC4ahtow1FJnV5WhdEkIQmGsMxGxSp3YUIlaLcLiLpU\/1W10y0LqADpQ0b1L0F5emEINKoyqSzkjTdOK2fLphmcnWYZEcccUTKIO4izkvlu8r4KlqELBQ48glnGd\/6Ygfl6YQggoQ5vYKsJG35i9o2zewyYRCrexvcYaJr6HypNs+5dindoU0OPPDAFK4XDQ7GozOCCApO0ZZJ0qZGpAFY3gl0VkK+uhOoQePPWuzQhGjztPpgfDoliEDdV5tjkC8WDGDahdWURjRLSHDUmEy4erGi4FYHhyOPPLIT+V6zSOcEkSJD+TPq0Oy80CRtmGY0oX333Tf5yZpuxF8Fzls\/Jx0QF2M+mB1jbTtEm+26Od1lOieIoJ2rnjM0BaUgTdV+8XUo8WjKRLMLCN+YynadI2cV+8ZrqXvwwQdPVaE\/KW2Z1JroGZ8WzDYLkhcCnRRE0IlPy1aNy4WLR+1bXwUGNGHUhGZkJd1rr73SzqISOmcdu976PrLlm+5goEFa04XKkhZpQTZemHSLoeB\/dFYQwTYwGtfTGDhx687m1Siej2acHTwnwVZGmncZwPbZWijQDvj2LBxNtgO2UWOTyYOnn356seeeeyYtiOANpmetFStWdD7koZGawkbOQIl+dTWvVzhZVRfBYegpRNCZpHkbo4WGYmb3ipbHcdvE1kd2NWmqwl1DP61iFADX1eitTYxRmw7IDO\/vj66vEs3TPnF10GmNqB83niDSd0aJga2Xq0ZCmszYOpA5zh+kpccJJ5yQmmUtVPK94veyB37dNJXHxFVACDHJlCYF1TEzggjC27KOSWqRJvtUkeBVwe4Xhp62yXs\/9nHjzJQpTYB6\/\/XWW6\/36sKFA1s\/Hs3mFMpecMEFvVeqR4mQ\/enrQtCEuWmvO9FB\/rCgWmZKEEG\/INm8Qvy2i2an8yNVsRun97btdBXOapqPQl47hXCCy4+y+d9iwq4bcmyE+F2HSfauL4PaLomVdUD42JBT8ITJEk3w62HmBFFGzoYQP23DVjeykVWE25K4TWhV8mo4My+66KIkMD0WgxY0F8wz2qsmb8w2Ye8qEVyoer85eWyc73YG0YrFbiEWqaAeZlYQZajJNCKqs\/3s99hjj5TTouHatBvjlYV56LMNWDuMyg8ijAhGEZ1gdcBBtJBT2Z5xfC36OXcNwRD+La157TjDn2fb6qBeZl4QZXQOtMGelUvPHKuwAUQ4cBSXyUMSNdMudlTVO+eovfKZGpyWfD8cmZtttlkywY4\/\/viUHxRcFeaNdAWTm\/CmNari70Lfcr48C5h7aSHhaOfXk1wb1M8aq1at6k5bwgq59NJL0yaOzDatKvhplixZUixdujT93GCDDdLEsIkilVu3SD2GFS8ee+yx6W\/lFyaMLY29H1+EAatDoQgbwZVznAierrbt6Cp8fK61iS8Ev9NOO6VAxLgbW8pdsm8YwTYO7i1num2q5QbRgGjWdixZrNBSLeCSU\/s3bOCX1YOqrgqABSuIBiFA2P0GP22Gc9M+Zsw3Wbkc1ITNxRdfnLY68rcHYWPzPrtY6DFjsz25MRtvvPGi9vtUCW1Vfo5Fg5NfLpIdQ5YtW1Zqx1atYxzLLB8FH6Ii3dNOO60444wz0n3VtoOPccMNN+wdtXjJgmjvvfdOPrKM8h1zxsJRB4tGEA2iKT1BRPgIz1odZW7bzDC3r6UV0ZxoTJLz6tpNNFgNrVWtmm2mhPuZwO4BAWG3WT8lnDK9PXJ0U9sYgkh0K2P1psm6txah\/LDdOWjFcrmkGVTt6J5lsiDaZ5990u4xGblTl112WXJB1MGiFUTDOOecc1LInfM7aB9Rx1NPPTX5kJjFtBkmMS2GQGJKWSAECiwYIqkmC2Hjf\/1Oa1133XWTZkWb1QOcOR0MhyCymecOO+xQHHPMMek5i\/XOO++crm+YZg1g5wWhdg7nuuvNgvGhteacISYcH578MQsHjWnbbbdNwQY+Jk7mtddeO2m24\/qcFjMEPTOVIBd84fckiCzS8uAOP\/zw3pHVEoKoDw7Lo446KgTRjCGXTP1hVMFXA18qk5YfjeDnsxNEYM7W5RddMOH7qqgiqzpoFlpR021AFjI6GWyzzTapB7d0GJFEUc06gzMhiPowoDmw22q0FUwGp3ZTha9BPYQg6kN0jPoZUZTZgh8j7tlsE4Koj\/XXXz\/CuTOIBSR8erNNOKuDIGid0IiCIGidEERBELROCKIgCFonBFEQBK0TgigIgtYJQRQEQeuEIAqCoHVCEAVB0DohiIIgaJ0QREEQtE4IoiAIWicEURAErROCKAiC1glBFARB64QgCoKgdUIQBUHQOiGIgiBonRBEQRC0TgiiIAhaJwRREAStE4IoCILWCUEUBEHLFMX\/AeWahdkQ4hBxAAAAAElFTkSuQmCC\" alt=\"\"><\/p>","protected":false},"excerpt":{"rendered":"<p>Tegund:&nbsp;3820&nbsp;<\/p>","protected":false},"featured_media":77246,"comment_status":"closed","ping_status":"closed","template":"","meta":[],"product_brand":[],"product_cat":[597,904,517],"product_tag":[],"class_list":{"0":"post-75772","1":"product","2":"type-product","3":"status-publish","4":"has-post-thumbnail","6":"product_cat-hurdabunadur-lykillausnir","7":"product_cat-lykillauf-hurdabunadur-lykillausnir","8":"product_cat-lykillausnir","10":"first","11":"instock","12":"taxable","13":"shipping-taxable","14":"purchasable","15":"product-type-simple"},"yoast_head":"<!-- This site is optimized with the Yoast SEO plugin v27.3 - https:\/\/yoast.com\/product\/yoast-seo-wordpress\/ -->\n<title>DORMA H\u00fanar\u00f3s 3820 (SETT) Svart 7030000029540 - V\u00e9lar &amp; Verkf\u00e6ri<\/title>\n<meta name=\"robots\" content=\"index, follow, max-snippet:-1, max-image-preview:large, max-video-preview:-1\" \/>\n<link rel=\"canonical\" href=\"https:\/\/velarogverkfaeri.is\/en\/lykillausnir\/hurdabunadur-lykillausnir\/hurdarhunar-hurdabunadur-lykillausnir\/product\/dorma-hunaros-3820-sett-svart-7030000029540\/\" \/>\n<meta property=\"og:locale\" content=\"en_US\" \/>\n<meta property=\"og:type\" content=\"article\" \/>\n<meta property=\"og:title\" content=\"DORMA H\u00fanar\u00f3s 3820 (SETT) Svart 7030000029540 - V\u00e9lar &amp; Verkf\u00e6ri\" \/>\n<meta property=\"og:description\" content=\"Tegund:&nbsp;3820&nbsp;\" \/>\n<meta property=\"og:url\" content=\"https:\/\/velarogverkfaeri.is\/en\/lykillausnir\/hurdabunadur-lykillausnir\/hurdarhunar-hurdabunadur-lykillausnir\/product\/dorma-hunaros-3820-sett-svart-7030000029540\/\" \/>\n<meta property=\"og:site_name\" content=\"V\u00e9lar &amp; Verkf\u00e6ri\" \/>\n<meta property=\"article:publisher\" content=\"https:\/\/www.facebook.com\/VelarOgVerkfaeri\" \/>\n<meta property=\"article:modified_time\" content=\"2025-10-31T12:31:53+00:00\" \/>\n<meta name=\"twitter:card\" content=\"summary_large_image\" \/>\n<script type=\"application\/ld+json\" class=\"yoast-schema-graph\">{\"@context\":\"https:\\\/\\\/schema.org\",\"@graph\":[{\"@type\":\"WebPage\",\"@id\":\"https:\\\/\\\/velarogverkfaeri.is\\\/lykillausnir\\\/hurdabunadur-lykillausnir\\\/hurdarhunar-hurdabunadur-lykillausnir\\\/product\\\/dorma-hunaros-3820-sett-svart-7030000029540\\\/\",\"url\":\"https:\\\/\\\/velarogverkfaeri.is\\\/lykillausnir\\\/hurdabunadur-lykillausnir\\\/hurdarhunar-hurdabunadur-lykillausnir\\\/product\\\/dorma-hunaros-3820-sett-svart-7030000029540\\\/\",\"name\":\"DORMA H\u00fanar\u00f3s 3820 (SETT) Svart 7030000029540 - V\u00e9lar &amp; Verkf\u00e6ri\",\"isPartOf\":{\"@id\":\"https:\\\/\\\/velarogverkfaeri.is\\\/en\\\/#website\"},\"primaryImageOfPage\":{\"@id\":\"https:\\\/\\\/velarogverkfaeri.is\\\/lykillausnir\\\/hurdabunadur-lykillausnir\\\/hurdarhunar-hurdabunadur-lykillausnir\\\/product\\\/dorma-hunaros-3820-sett-svart-7030000029540\\\/#primaryimage\"},\"image\":{\"@id\":\"https:\\\/\\\/velarogverkfaeri.is\\\/lykillausnir\\\/hurdabunadur-lykillausnir\\\/hurdarhunar-hurdabunadur-lykillausnir\\\/product\\\/dorma-hunaros-3820-sett-svart-7030000029540\\\/#primaryimage\"},\"thumbnailUrl\":\"https:\\\/\\\/velarogverkfaeri.is\\\/wp-content\\\/uploads\\\/2025\\\/10\\\/d1b8ff82-4682-46c1-aa44-48f4e6f45331.png\",\"datePublished\":\"2025-09-06T15:41:21+00:00\",\"dateModified\":\"2025-10-31T12:31:53+00:00\",\"breadcrumb\":{\"@id\":\"https:\\\/\\\/velarogverkfaeri.is\\\/lykillausnir\\\/hurdabunadur-lykillausnir\\\/hurdarhunar-hurdabunadur-lykillausnir\\\/product\\\/dorma-hunaros-3820-sett-svart-7030000029540\\\/#breadcrumb\"},\"inLanguage\":\"en-US\",\"potentialAction\":[{\"@type\":\"ReadAction\",\"target\":[\"https:\\\/\\\/velarogverkfaeri.is\\\/lykillausnir\\\/hurdabunadur-lykillausnir\\\/hurdarhunar-hurdabunadur-lykillausnir\\\/product\\\/dorma-hunaros-3820-sett-svart-7030000029540\\\/\"]}]},{\"@type\":\"ImageObject\",\"inLanguage\":\"en-US\",\"@id\":\"https:\\\/\\\/velarogverkfaeri.is\\\/lykillausnir\\\/hurdabunadur-lykillausnir\\\/hurdarhunar-hurdabunadur-lykillausnir\\\/product\\\/dorma-hunaros-3820-sett-svart-7030000029540\\\/#primaryimage\",\"url\":\"https:\\\/\\\/velarogverkfaeri.is\\\/wp-content\\\/uploads\\\/2025\\\/10\\\/d1b8ff82-4682-46c1-aa44-48f4e6f45331.png\",\"contentUrl\":\"https:\\\/\\\/velarogverkfaeri.is\\\/wp-content\\\/uploads\\\/2025\\\/10\\\/d1b8ff82-4682-46c1-aa44-48f4e6f45331.png\",\"width\":284,\"height\":167},{\"@type\":\"BreadcrumbList\",\"@id\":\"https:\\\/\\\/velarogverkfaeri.is\\\/lykillausnir\\\/hurdabunadur-lykillausnir\\\/hurdarhunar-hurdabunadur-lykillausnir\\\/product\\\/dorma-hunaros-3820-sett-svart-7030000029540\\\/#breadcrumb\",\"itemListElement\":[{\"@type\":\"ListItem\",\"position\":1,\"name\":\"Home\",\"item\":\"https:\\\/\\\/velarogverkfaeri.is\\\/\"},{\"@type\":\"ListItem\",\"position\":2,\"name\":\"Vefverslun\",\"item\":\"https:\\\/\\\/velarogverkfaeri.is\\\/vefverslun\\\/\"},{\"@type\":\"ListItem\",\"position\":3,\"name\":\"DORMA H\u00fanar\u00f3s 3820 (SETT) Svart 7030000029540\"}]},{\"@type\":\"WebSite\",\"@id\":\"https:\\\/\\\/velarogverkfaeri.is\\\/en\\\/#website\",\"url\":\"https:\\\/\\\/velarogverkfaeri.is\\\/en\\\/\",\"name\":\"V\u00e9lar & Verkf\u00e6ri\",\"description\":\"Umbo\u00f0s- og heildverslun fr\u00e1 \u00e1rinu 1919\",\"publisher\":{\"@id\":\"https:\\\/\\\/velarogverkfaeri.is\\\/en\\\/#organization\"},\"potentialAction\":[{\"@type\":\"SearchAction\",\"target\":{\"@type\":\"EntryPoint\",\"urlTemplate\":\"https:\\\/\\\/velarogverkfaeri.is\\\/en\\\/?s={search_term_string}\"},\"query-input\":{\"@type\":\"PropertyValueSpecification\",\"valueRequired\":true,\"valueName\":\"search_term_string\"}}],\"inLanguage\":\"en-US\"},{\"@type\":\"Organization\",\"@id\":\"https:\\\/\\\/velarogverkfaeri.is\\\/en\\\/#organization\",\"name\":\"V\u00e9lar & Verkf\u00e6ri\",\"url\":\"https:\\\/\\\/velarogverkfaeri.is\\\/en\\\/\",\"logo\":{\"@type\":\"ImageObject\",\"inLanguage\":\"en-US\",\"@id\":\"https:\\\/\\\/velarogverkfaeri.is\\\/en\\\/#\\\/schema\\\/logo\\\/image\\\/\",\"url\":\"https:\\\/\\\/velarogverkfaeri.is\\\/wp-content\\\/uploads\\\/2021\\\/10\\\/vv_logo_350x100.png\",\"contentUrl\":\"https:\\\/\\\/velarogverkfaeri.is\\\/wp-content\\\/uploads\\\/2021\\\/10\\\/vv_logo_350x100.png\",\"width\":350,\"height\":100,\"caption\":\"V\u00e9lar & Verkf\u00e6ri\"},\"image\":{\"@id\":\"https:\\\/\\\/velarogverkfaeri.is\\\/en\\\/#\\\/schema\\\/logo\\\/image\\\/\"},\"sameAs\":[\"https:\\\/\\\/www.facebook.com\\\/VelarOgVerkfaeri\"]}]}<\/script>\n<!-- \/ Yoast SEO plugin. -->","yoast_head_json":{"title":"DORMA H\u00fanar\u00f3s 3820 (SETT) Svart 7030000029540 - V\u00e9lar &amp; Verkf\u00e6ri","robots":{"index":"index","follow":"follow","max-snippet":"max-snippet:-1","max-image-preview":"max-image-preview:large","max-video-preview":"max-video-preview:-1"},"canonical":"https:\/\/velarogverkfaeri.is\/en\/lykillausnir\/hurdabunadur-lykillausnir\/hurdarhunar-hurdabunadur-lykillausnir\/product\/dorma-hunaros-3820-sett-svart-7030000029540\/","og_locale":"en_US","og_type":"article","og_title":"DORMA H\u00fanar\u00f3s 3820 (SETT) Svart 7030000029540 - V\u00e9lar &amp; Verkf\u00e6ri","og_description":"Tegund:&nbsp;3820&nbsp;","og_url":"https:\/\/velarogverkfaeri.is\/en\/lykillausnir\/hurdabunadur-lykillausnir\/hurdarhunar-hurdabunadur-lykillausnir\/product\/dorma-hunaros-3820-sett-svart-7030000029540\/","og_site_name":"V\u00e9lar &amp; Verkf\u00e6ri","article_publisher":"https:\/\/www.facebook.com\/VelarOgVerkfaeri","article_modified_time":"2025-10-31T12:31:53+00:00","twitter_card":"summary_large_image","schema":{"@context":"https:\/\/schema.org","@graph":[{"@type":"WebPage","@id":"https:\/\/velarogverkfaeri.is\/lykillausnir\/hurdabunadur-lykillausnir\/hurdarhunar-hurdabunadur-lykillausnir\/product\/dorma-hunaros-3820-sett-svart-7030000029540\/","url":"https:\/\/velarogverkfaeri.is\/lykillausnir\/hurdabunadur-lykillausnir\/hurdarhunar-hurdabunadur-lykillausnir\/product\/dorma-hunaros-3820-sett-svart-7030000029540\/","name":"DORMA H\u00fanar\u00f3s 3820 (SETT) Svart 7030000029540 - V\u00e9lar &amp; Verkf\u00e6ri","isPartOf":{"@id":"https:\/\/velarogverkfaeri.is\/en\/#website"},"primaryImageOfPage":{"@id":"https:\/\/velarogverkfaeri.is\/lykillausnir\/hurdabunadur-lykillausnir\/hurdarhunar-hurdabunadur-lykillausnir\/product\/dorma-hunaros-3820-sett-svart-7030000029540\/#primaryimage"},"image":{"@id":"https:\/\/velarogverkfaeri.is\/lykillausnir\/hurdabunadur-lykillausnir\/hurdarhunar-hurdabunadur-lykillausnir\/product\/dorma-hunaros-3820-sett-svart-7030000029540\/#primaryimage"},"thumbnailUrl":"https:\/\/velarogverkfaeri.is\/wp-content\/uploads\/2025\/10\/d1b8ff82-4682-46c1-aa44-48f4e6f45331.png","datePublished":"2025-09-06T15:41:21+00:00","dateModified":"2025-10-31T12:31:53+00:00","breadcrumb":{"@id":"https:\/\/velarogverkfaeri.is\/lykillausnir\/hurdabunadur-lykillausnir\/hurdarhunar-hurdabunadur-lykillausnir\/product\/dorma-hunaros-3820-sett-svart-7030000029540\/#breadcrumb"},"inLanguage":"en-US","potentialAction":[{"@type":"ReadAction","target":["https:\/\/velarogverkfaeri.is\/lykillausnir\/hurdabunadur-lykillausnir\/hurdarhunar-hurdabunadur-lykillausnir\/product\/dorma-hunaros-3820-sett-svart-7030000029540\/"]}]},{"@type":"ImageObject","inLanguage":"en-US","@id":"https:\/\/velarogverkfaeri.is\/lykillausnir\/hurdabunadur-lykillausnir\/hurdarhunar-hurdabunadur-lykillausnir\/product\/dorma-hunaros-3820-sett-svart-7030000029540\/#primaryimage","url":"https:\/\/velarogverkfaeri.is\/wp-content\/uploads\/2025\/10\/d1b8ff82-4682-46c1-aa44-48f4e6f45331.png","contentUrl":"https:\/\/velarogverkfaeri.is\/wp-content\/uploads\/2025\/10\/d1b8ff82-4682-46c1-aa44-48f4e6f45331.png","width":284,"height":167},{"@type":"BreadcrumbList","@id":"https:\/\/velarogverkfaeri.is\/lykillausnir\/hurdabunadur-lykillausnir\/hurdarhunar-hurdabunadur-lykillausnir\/product\/dorma-hunaros-3820-sett-svart-7030000029540\/#breadcrumb","itemListElement":[{"@type":"ListItem","position":1,"name":"Home","item":"https:\/\/velarogverkfaeri.is\/"},{"@type":"ListItem","position":2,"name":"Vefverslun","item":"https:\/\/velarogverkfaeri.is\/vefverslun\/"},{"@type":"ListItem","position":3,"name":"DORMA H\u00fanar\u00f3s 3820 (SETT) Svart 7030000029540"}]},{"@type":"WebSite","@id":"https:\/\/velarogverkfaeri.is\/en\/#website","url":"https:\/\/velarogverkfaeri.is\/en\/","name":"V\u00e9lar & Verkf\u00e6ri","description":"Umbo\u00f0s- og heildverslun fr\u00e1 \u00e1rinu 1919","publisher":{"@id":"https:\/\/velarogverkfaeri.is\/en\/#organization"},"potentialAction":[{"@type":"SearchAction","target":{"@type":"EntryPoint","urlTemplate":"https:\/\/velarogverkfaeri.is\/en\/?s={search_term_string}"},"query-input":{"@type":"PropertyValueSpecification","valueRequired":true,"valueName":"search_term_string"}}],"inLanguage":"en-US"},{"@type":"Organization","@id":"https:\/\/velarogverkfaeri.is\/en\/#organization","name":"V\u00e9lar & Verkf\u00e6ri","url":"https:\/\/velarogverkfaeri.is\/en\/","logo":{"@type":"ImageObject","inLanguage":"en-US","@id":"https:\/\/velarogverkfaeri.is\/en\/#\/schema\/logo\/image\/","url":"https:\/\/velarogverkfaeri.is\/wp-content\/uploads\/2021\/10\/vv_logo_350x100.png","contentUrl":"https:\/\/velarogverkfaeri.is\/wp-content\/uploads\/2021\/10\/vv_logo_350x100.png","width":350,"height":100,"caption":"V\u00e9lar & Verkf\u00e6ri"},"image":{"@id":"https:\/\/velarogverkfaeri.is\/en\/#\/schema\/logo\/image\/"},"sameAs":["https:\/\/www.facebook.com\/VelarOgVerkfaeri"]}]}},"_links":{"self":[{"href":"https:\/\/velarogverkfaeri.is\/en\/wp-json\/wp\/v2\/product\/75772","targetHints":{"allow":["GET"]}}],"collection":[{"href":"https:\/\/velarogverkfaeri.is\/en\/wp-json\/wp\/v2\/product"}],"about":[{"href":"https:\/\/velarogverkfaeri.is\/en\/wp-json\/wp\/v2\/types\/product"}],"replies":[{"embeddable":true,"href":"https:\/\/velarogverkfaeri.is\/en\/wp-json\/wp\/v2\/comments?post=75772"}],"wp:featuredmedia":[{"embeddable":true,"href":"https:\/\/velarogverkfaeri.is\/en\/wp-json\/wp\/v2\/media\/77246"}],"wp:attachment":[{"href":"https:\/\/velarogverkfaeri.is\/en\/wp-json\/wp\/v2\/media?parent=75772"}],"wp:term":[{"taxonomy":"product_brand","embeddable":true,"href":"https:\/\/velarogverkfaeri.is\/en\/wp-json\/wp\/v2\/product_brand?post=75772"},{"taxonomy":"product_cat","embeddable":true,"href":"https:\/\/velarogverkfaeri.is\/en\/wp-json\/wp\/v2\/product_cat?post=75772"},{"taxonomy":"product_tag","embeddable":true,"href":"https:\/\/velarogverkfaeri.is\/en\/wp-json\/wp\/v2\/product_tag?post=75772"}],"curies":[{"name":"wp","href":"https:\/\/api.w.org\/{rel}","templated":true}]}}