{"id":75771,"date":"2025-09-06T15:41:20","date_gmt":"2025-09-06T15:41:20","guid":{"rendered":"https:\/\/velarogverkfaeri.is\/?post_type=product&#038;p=75771"},"modified":"2025-10-31T12:31:50","modified_gmt":"2025-10-31T12:31:50","slug":"dorma-hurdarhandfang-an-rosettu-svart-3801","status":"publish","type":"product","link":"https:\/\/velarogverkfaeri.is\/en\/lykillausnir\/hurdabunadur-lykillausnir\/hurdarhunar-hurdabunadur-lykillausnir\/product\/dorma-hurdarhandfang-an-rosettu-svart-3801\/","title":{"rendered":"DORMA Hur\u00f0arhandfang \u00e1n r\u00f3settu svart 3801"},"content":{"rendered":"<p><img decoding=\"async\" src=\"data:image\/png;base64,iVBORw0KGgoAAAANSUhEUgAAAN0AAADzCAYAAAACYhNcAAAAAXNSR0IArs4c6QAAAARnQU1BAACxjwv8YQUAAAAJcEhZcwAADsMAAA7DAcdvqGQAABf9SURBVHhe7d0HcFTV2wbwl780EQFBQidUpUuTIk2UIkURGZrMIN1QBaQjgkBEqgJKExhAUUBFmgJDkxI6CEiVXkJvoTf18zmem28NSYjk3rP3bp7fzE64ZzdBwz57zj01UURExF9CRMb8T38lIkMYOiLDGDoiwxg6IsMYOiLDGDoiwxg6IsMYOiLDGDoiwxg6IsMYOiLDGDoiwxg6IsMYOiLDGDoiwxg6IsMYOiLDGDoiwxg6IsMYOiLDGDoiw7gbWBSXL1+WQ4cOydGjR+XYsWNy48YNuXv3rvz555\/6FeQ1iRIlkvv370vixImlQ4cOkiNHDv2MfyT40P39\/y9nzpyRHTt2SFhYmNy8eVNSpUolhQsXlhIlSkjatGnVdZIkSeSvv\/j55FXXrl2TmTNnSuXKlaVkyZK61D8SZOiuX78uBw8eVCHD16xZs0qePHmkWLFikjNnTv0qCjSTJ09WgStatKgu8Y8EFTo0FdeuXStbt25VtVa+fPmkbNmyki1bNv0KClRowYwePVpq164tRYoU0aX+kWBC9\/XXX8v27dtVsxGfdgUKFJAnnnhCP0uB7tSpU9KzZ0\/p06ePFCxYUJf6R8D3Xm7ZskVatWolFy9elI4dO0rz5s1V8Bi4hAUdKXfu3FGdKf4W0KEbNmyYDBo0SDp37qwevF9LuKxOMDd82AZk6G7duiXvv\/++qt0WLFgghQoV0s9QQnX16lW5d++e6oX2t4ALHcbYQkJC1H0bajoiwFgdajnWdDbbtWuXfPrpp9K6dWtp3LixLiUSSZ48uSRLlkyFz98CJnS7d++WCRMmyNtvvy0VKlTQpUT\/wIwi1HLsSLHJzp07VQ3XsmVLKVeunC4l+n+YyvfHH38wdHY4ffq0fPLJJ9KuXTs1bYsoJqjp\/vc\/\/7\/lPR06dANj7K1Hjx4MHMUqKChIgoODVTPT3zwduo8\/\/liqVaum5kwSxQY1XNKkSVnTxcfixYvl\/Pnz8u677+oS53B1gfeh1xJjdLyne0wY6Fy4cKG0b99elzjLDd3MZA83jNN5csLz9OnT5cGDB6q30iTMaLhw4YL6uxlE78C\/FZZwrVq1Svr166eamf7kudCFh4fLtGnTpE2bNpI+fXpd6iwMumNYAs1ZDLLiH42h8xYs7cmcObPUr19fl\/iP50KHJTr4BZq4l1u+fLlaf4cer+eff16tv8udO7ekSJFCv4K8Ah+S\/q7hLJ4KHfYvGThwoHTr1k2t9nYKtm6YMWOGqkkxuwVLgVKnTq2fJYofT4Vu1qxZasOg3r176xL74X5x5cqV0rZtWylTpowuJbKPp3ovN2\/eLA0bNtRX9sKwQGhoqOzbt08mTZrEwJFjPBO648ePq1niuXLl0iX2wT3b0KFD1cpiTCnD30PkFM+EbsqUKY7t4jRixAgVPKwyJ3KaZ0K3Z88eqVGjhr6yz\/jx49UKc2xYQ2SCJ0KHMTJ01WPTVzutWbNGtm3bxhXmZJQnQrd+\/XopX768vrIHxvo+\/\/xzGTx4sC4hMsMToduwYYPti1PHjBkjVapUkYwZM+oSIjNcHzrcb2F3r3Tp0umS+Dtx4oTs379fWrRooUuIzHF96DA7JEuWLPrKHuvWrZNKlSq5YpkHJTyuD92BAwds3wYbp\/Rg8SuRP7g+dEeOHLH1fu7kyZOquWp3TyhRXLk+dDjWys7mJWo5LGTkrBPyF9eHDnta2L2ZDJbtcz0c+YvrQ+cE7nlC\/pQgQ0fkTwwdkWEMHZFhDB2RYa4PHXou3bArL5FdXP9uxkkrDB0FEr6biQxj6IgMY+iIDGPoiAxj6IgMY+iIDGPoiAxj6IgMY+iIDGPoiAxj6IgMY+iIDGPoiAxj6IgMY+iIDGPoiAxj6IgMY+iIDGPoiAxj6IgMc33oHjx4IClSpNBX8YfDQ7DREb4S+UOiiIgI127sf+zYMWnbtq107949MnjYkg87hOEQECtAuMYDh4KgDH8G65AQfMX34blff\/1V9uzZIzVq1JDs2bNLgQIF1GuITHFt6GbNmiU7d+6UoKAgdayVdXIPgoPaDxBEhA\/nzeFQEJysioDdvXtXXVuBxPfgGg\/8rOTJk8vVq1clPDxcBa9du3bq5xGZ4MrQjRs3Tp1L16RJE8maNasufTyxbVZ7\/vx5mTt3rhw+fFiGDx+uS4mc5bp7utWrV6sQdO3aNd6Bg9g2qkUtGhISooI5b948XUrkLNeFbuXKlVKnTh3VbDSlW7dusm3bNn1F5CxXhQ73Zrj\/qlixoi4xI0OGDKpGxPnmRE5z1T3d2bNnZciQIdKpU6fIjhN8RWcIOkHQSeL71fqzBa+9d++eJE2aNLLzxGJ9D8KF56wyuH37tkydOlWqVq0qtWrVUmVETnFV6O7cuSMDBgxQ4UBP5OXLl1UPZtmyZWO9N\/N1\/\/599b14vW\/oAGVHjx5Vr8mbN29k+PA6BLVRo0YcQiDHuXqc7vjx4xIaGiqTJk3SJfH3008\/yaVLl6Rp06a6hMgs13Wk+EKNhYedULvZ\/TOJ\/gtXhw73aFGbiPGFn2fdLxL5g6tD59tJQhQoXB06okDE0BEZxtARGcbQERnm6tDZ3XNJ5AauDl3KlCnV+jc7YS3dU089pa+IzHPtjBTMt5w4caKaE9mgQQM1oG3Nn7QWplrX0cHzWJOHeZXp06dXY3Mo27p1q\/p+rEYvVqyYfjWROa4N3Y4dO9Saupo1a0qqVKnUanCEDHMksWL82rVrsQ5yI4wIKl6P1QuYd4mw4evevXtVED\/66CP9aiJzXBs61EijRo2SyZMn27oxEaxfv17WrFkjvXr10iVE5rg2dFhd0LdvX7XUJjg4ODJ4WCFw8+ZNdb8X2xxK1IpoXmLlAmo11Hx44J5u1apVqtbr16+ffjWROa4NHcK1ZMkSOXPmjGoiImBoGp47d062b98upUuXlmeeeSbGezqsPN+0aZPs3r1bWrRoEbmZESBwJUuWlIIFC+oSInNcG7qYYBevBQsWSMOGDR\/Zs7lu3ToV3MGDB+sSIv\/z3OA4OlTQZMTjUdBziZXkRG7CGSlEhjF0RIYxdESGMXREhjF0RIZ5LnSYP4kxuLhsLhTX1xGZ5OpxuosXL8qVK1ciB8bxwLZ8K1asUHMyM2bMKDHNv8QY3qJFi9RYHTawtYYOMDCOn5cpUyajW7cTWVwbOmxxjrDkzJlTLcWxAoKZKjdu3JCnn3461loM08AwKRpjddg2HTNXrIAiuNhstk2bNuqayCTXhm7Lli3q+KqRI0eq03UQIsBXNDFRY8U0BQzwnFVDopazvh\/hxYazWMXwwQcfqDIik1wdOkx4xhSuNGnS6NJ\/jkNG7YUJ0AhfbFArglVL4nsRREx4PnXqlAwaNEiVE5nk2tCdPn1a+vTpoyYt58+fX9VYYE1+xjSwR20ai\/s6PLDaADUfajtMoMb34vRVTIQmMs3VHSmY3Ny\/f38ZPXq0Lok\/nH\/39\/+z1K1bV5cQmeXqIQPUUHZPWMaEaazHI\/IXV4fO6vwgCiSckUJkGENHZBhDR2QYQ0dkGENHZJjrQ+dEDyZ7RcmfXB06TPOyZqLYBVPCHjV9jMhJrpuRsmzZMjV4jaleWA0wZ84cadWqlbqObYKzBbVYTK\/DzwgLC1MD5FWqVImck4nXY7pY8eLF1YoEIifFO3Q4F+CXX35R8yB9m214I+NNbc3yjw7Ks2fPLvXq1VPXmBMZEhIilSpVUjsx4\/nw8HC1oiCuYgsd4L8zXbp0aqNaCyZCY4J1uXLlpHHjxrqUyBnxDh3e4FhoGhXe\/JjGhVoFb\/DomokIAMKFLdIB4cJcy9atW6ut1E3Bf8dnn32m\/k7rA4DIKfG+YUK40qZN+9ADQdu8ebOEhoaqP0f3mmeffTYycIB7LZRt3LhRl5iBD4SzZ89K+fLldQmRcxzrSEHtgS3Nf\/zxR7V+La7wxkdTzyTcN6ZOnZr3c2SEY6FbunSpCh3gAEbfAzxig4M98OafMGGCLnHWvHnzVOi6dOmiS4ic5UjvJZpqzZo1kw0bNugSkaZNm8rYsWP1VeywMnzMmDHqfjFbtmyqCWp1jvh21qCjBU1DHBoJWCmOe0iU4fXorcTD2trBCj6asfjz\/v371X8rmsC+zVwiJzkSOqz2Hjp0qFqEigc2F8KbHwc8YkOhuMKC0549e0qjRo3kySefVGUIHZquCI013madI44tHC5cuKDCiJChHLXm5cuX1TAEvvfAgQNy7NgxKVWqlBoiqF69uvoZRKY4Nk6HNz2amDhRtX379ioU2Grhv8KWCjh33C44bBL3mJ07d9YlRGY5dk+HWgW1Ggad0Xv5OIED1GhobtoFzU\/UhHgQ+YNjoQPcSz1qq7xHse7JiAKFo6Gzg3UPRxQoXB86okDD0BEZxtARGcbQERnG0BEZxtARGcbQERnG0BEZxtARGcbQERnG0BEZxtARGcbQERnG0BEZxtARGcbQERnG0BEZxtARGcbQERnm+tBh41jukUKB5D+FDpu2Xrx4UT2icioY2FCWoaNAEufQ4bDG0aNHy4IFC2T+\/Ply\/vx5\/YzI4cOHZdSoUfqKiGIT59CdOXNG7YqMHZdbtmwpQUFB+hmRtWvXSvPmzfUVEcUmzqFDEw8nruLoK9+jrLBNObZOX7NmjezevVuXElFM4hw6bI2OU3FeeOEFFbrly5ercjQ7X331VSlatKjMnj1bhZCIYhbn0NWpU0caNGgguXLlknbt2qlOlUuXLknGjBmlbt266mSeTp06RYbRTr7HY9nB7p9H9F\/EOXRoOu7bt0+uXbsm69atU8dS4cB8HMSxY8cOuXHjhrq3e+655\/R32APnIER3Xnl8xPd8BaL4iPO7GTUaznZbtGiRChialFC1alU5cuSI6tVEEF9\/\/XVVbhccsXXu3Dl9FX84SQjN5LieDEtktziHDgfwv\/nmm6op+dprr0Ue0oiTUn3L7RYcHCzr16\/XV\/GHZjCO7eJRWeQv\/7ndZoXNF5p\/0ZXbAc3VPXv26Kv4w+msqJFxP0rkD\/beLDmgWLFi6rhiO2XKlMmRDh+iuHB96HAvmSRJEtWBY5cyZcrIxo0beV9HfuH60EHp0qVlw4YN+ir+smbNKlmyZJHFixfrEiJzPBG6l156ScLCwvSVPdq2bSvTp0\/n0cpknCdC9+KLL8revXvlzp07uiT+UNvVrFlTRowYoUuIzPBE6CBHjhyydOlSfWUPTN7+7bff1KoJIlM8EzqsYvCdaG2XL774Qr766ivVsUJkgmdCV7BgQbl586acOnVKl9gjderUMnLkSBU+rpIgEzwTOsAKh1mzZukr+2DWS8+ePSU0NJSrJMhxngpdjRo15Pjx43LlyhVdYp9ChQpJ\/\/79Zfjw4SrYV69e1c8Q2ctTocuQIYOq7ebNm6dL7JUvXz6ZOHGi2opiwIABahL30aNHOawQYO7evfuvB+bhmpwokSgiIsKxNS5YTY7Jymi62bWGDSGYOXOmWruXKlUqXWo\/3N+tWrVKbVOByd758+eX9OnTq0eyZMn0q8grsMEVVpjgPbl9+\/Z\/LRfDexPBu3XrlrRv314yZ86sn3GG50IHU6ZMUZOWGzdurEucc\/r0aRV0NGmxcBcPrlDwHnTCpU2bVl5++WVVu\/nC2kq0avC+WrhwoRoXdpInQ4fm36BBg6RLly5qJbsp+Me5fv26Wo9H3oH3HibNDx06VMqXLy8dOnT41\/sRH6S1a9dWq1nq16+verKdbM14MnQwd+5c2bRpk\/pFEj0KlnJh6h+WivXt2\/dfS9Fwz45bFmy8hXWhdi\/EjspTHSm+3nrrLRXkH374QZcQxQ472uERtQLA\/V7FihXVfTu+Os2zoQP0MH755Zdquwii2KA2u337trpFiK7VhXLcq5voqfZ06LAKfPz48dK1a1c5ceKELiV6GHorEbbYQoXn7d4EKzqeDh1gzxOEDu10DJwTRQdhw5BATLvAWbUfJkWsWLFCHRVgwfdgPWfUXs\/H5fnQAdrhrVq1UucpYNUAUXQQvJgOo0Ho0CuN8dnJkyfL77\/\/rp\/5Z8w2PDzcth7NgAgdVKpUSRo1aiRTp051ZDUCeR9mnSB4Md3TJU6cWIoUKaLeS9ZrUI5bmLNnz6oxWzs4GjrsbYLt7qL7n3RC2bJlpVmzZjJu3DhuxUAPia2mQ7jwPsWMIxwhYDVDMeSF6xIlSsiMGTNsuYVxJHRoF2MWx6FDh1S1jOoZfzYxvw1zMzFw\/v3338vYsWN1KSV0CBRC96iJDQibbzBxu9KnTx\/1gV6hQgXZtWuXfubxORI6LAjFJwNG\/tE+LleunLzyyitqZ2inYRAUWzFgSg+aBPXq1VNfiWIap4vKeh2gtXbhwgX1Z+xIZ8d9nSOhq1atmrzzzjv66h\/du3eXNGnS6CtnINSYWYBaFbA+rkePHurvxpKdiIgIVU4JD4IWl9schA3bPqKZCW+88YZ6Tw0bNkw1LVHbxZcjocNYB3oT8+TJo65LliwpHTt2VH92Ev5eTITGDbEF2\/dhOwaM6SF8c+bMsfVsBPIGvCdSpkyprx5mhRK3QDino1SpUqoc4UPzEnMyQ0JCbNnJ3LGOFGyvgKlaqJ4\/\/PBDXeostMetG+CoEHr88nC\/iSbvpEmTZPXq1WrshgIfDqLBXqe4r4sOxuDw3oluxzmEEePBdnmid+\/eA\/SfbYfDRXLnzq3CZwJuknHji78zuqYsynCviUmvCBs6eHD\/iaO+Tp48qf5hnG4Ck39gfiV6IvHvjgnNuLbgXm3gwIHqCDg8j31WnZyZ4txP\/hs+HdDMNMU6HARfY4M2O7Z+wBnqrVu3Vs0J1IDofBk8eLAal8FZB+iBZU0YGFCDoTbDEBZaX76wGBpr7XD+IpqTvoF0QryX9mD5DiYcm5izFhs0AdCRgoFxzBbH6t+YmhIWfA\/gl4wbaCx0xPQfa4gDa+dwL4CQotcK\/2BYv4caMaZmLLnX\/v371UGmGMvFh7PVQ4l\/f5ybP23aNLXrN4adnBTv0OFNjqaZ9Qa2WNdR35woR5n1NTqP870IPUKCJgJmFaBp6zsuGNv3Wn8f4B8A4bIguNagKm7EcfgIQkfeg13C0QuJ2gxbN\/i+D\/D+wb8vZjXhVCcnObqI1TQszfjuu++kcuXKju9zQd6DleHY96ZNmzb\/+mA1zb9tQpuhIwX3YNzDhGKC94ZdqwUeV0CFjsgLGDoiwxg6IsMCKnS+vZBEbhVQoYs6FEDkRgmieYkZJj\/\/\/LO+okCHiQ04k8KtmwIHXOh8m5gYKK9Vq5b06tVLrbOjhAGTInCsddGiRVX43CagBscxRvfNN99IUFCQmp6GKT0Yl8FUriZNmqh97N366WdSdLNyIKZyL8GMIsyZxZYd2C4dMMkd82wxEX7ZsmXSsmVLNSPFXwKuIwXTtbCTE1YO+A6S482Ea4QOX6N7xPScVe6v743t8ajvxac+fie4xgOsOal4Dq\/BNX531rQ5O\/7ex3nY9b34\/\/Vt8WBOLU5filruLwFV0+GX++2330rVqlXVTHJMCcMDy32wE3SDBg30KxMW7GJlTYsLCwtT4cJiTGuhJq7Xrl2rvuI4aKvcq7DCu0qVKmqqF1o4WICaN29eNfdyyZIlamUJazqbWJ9iqNXwJnvvvffUBkVY8ZsQJyn\/\/YEqQ4YMUbtY4XeCvWIOHjwYeX777Nmz1evwgYTfXeHChdWhLGiaexk+PHCMGs65wMJlBA7c0nQOqNCh+YB1U75LerAsByf7oEMloUGthQ2hcI+L3wl+F1jWgkMuceosQoitK\/A7w25XeB7722A3Yy\/DvRsWpeL\/0Y0CKnRYmoE9UfAmo3\/gyGisBYz6KT9\/\/nxVs1kLOq2Fm1EXeAYSfPBY2zL4U8ANGeAUTX+2190m6hsM97f9+vVTTUzUguh48IV1ZW5phtktODhYqlev7uix2XERcKGjhyFEGDbBdgQYUundu3fkVnLobLB6\/gALga1aL9CguV28eHF95T8MXYBDBwlChK9Lly5VK+oxYwOb9OBIYOwNgiYonkPvHr5izxhyTkANGdDDcB+DHYrRSYKudNR2qPXQ6YQAYj8ZwEZM6O3ETmm41yPnMHREhrF5SWQYQ0dkGENHZBhDR2QYQ0dkGENHZBhDR2QYQ0dkGENHZBhDR2QYQ0dkGENHZBhDR2QYQ0dkGENHZBhDR2QYQ0dkGENHZBhDR2SUyP8BdDK5gIZLWxIAAAAASUVORK5CYII=\" alt=\"\"><\/p>","protected":false},"excerpt":{"rendered":"<p>Tegund: 3801<\/p>","protected":false},"featured_media":77257,"comment_status":"closed","ping_status":"closed","template":"","meta":[],"product_brand":[],"product_cat":[597,667,517],"product_tag":[],"class_list":{"0":"post-75771","1":"product","2":"type-product","3":"status-publish","4":"has-post-thumbnail","6":"product_cat-hurdabunadur-lykillausnir","7":"product_cat-hurdarhunar-hurdabunadur-lykillausnir","8":"product_cat-lykillausnir","10":"first","11":"instock","12":"taxable","13":"shipping-taxable","14":"purchasable","15":"product-type-simple"},"yoast_head":"<!-- This site is optimized with the Yoast SEO plugin v27.3 - https:\/\/yoast.com\/product\/yoast-seo-wordpress\/ -->\n<title>DORMA Hur\u00f0arhandfang \u00e1n r\u00f3settu svart 3801 - V\u00e9lar &amp; Verkf\u00e6ri<\/title>\n<meta name=\"robots\" content=\"index, follow, max-snippet:-1, max-image-preview:large, max-video-preview:-1\" \/>\n<link rel=\"canonical\" href=\"https:\/\/velarogverkfaeri.is\/en\/lykillausnir\/hurdabunadur-lykillausnir\/hurdarhunar-hurdabunadur-lykillausnir\/product\/dorma-hurdarhandfang-an-rosettu-svart-3801\/\" \/>\n<meta property=\"og:locale\" content=\"en_US\" \/>\n<meta property=\"og:type\" content=\"article\" \/>\n<meta property=\"og:title\" content=\"DORMA Hur\u00f0arhandfang \u00e1n r\u00f3settu svart 3801 - V\u00e9lar &amp; Verkf\u00e6ri\" \/>\n<meta property=\"og:description\" content=\"Tegund: 3801\" \/>\n<meta property=\"og:url\" content=\"https:\/\/velarogverkfaeri.is\/en\/lykillausnir\/hurdabunadur-lykillausnir\/hurdarhunar-hurdabunadur-lykillausnir\/product\/dorma-hurdarhandfang-an-rosettu-svart-3801\/\" \/>\n<meta property=\"og:site_name\" content=\"V\u00e9lar &amp; Verkf\u00e6ri\" \/>\n<meta property=\"article:publisher\" content=\"https:\/\/www.facebook.com\/VelarOgVerkfaeri\" \/>\n<meta property=\"article:modified_time\" content=\"2025-10-31T12:31:50+00:00\" \/>\n<meta name=\"twitter:card\" content=\"summary_large_image\" \/>\n<script type=\"application\/ld+json\" class=\"yoast-schema-graph\">{\"@context\":\"https:\\\/\\\/schema.org\",\"@graph\":[{\"@type\":\"WebPage\",\"@id\":\"https:\\\/\\\/velarogverkfaeri.is\\\/lykillausnir\\\/hurdabunadur-lykillausnir\\\/hurdarhunar-hurdabunadur-lykillausnir\\\/product\\\/dorma-hurdarhandfang-an-rosettu-svart-3801\\\/\",\"url\":\"https:\\\/\\\/velarogverkfaeri.is\\\/lykillausnir\\\/hurdabunadur-lykillausnir\\\/hurdarhunar-hurdabunadur-lykillausnir\\\/product\\\/dorma-hurdarhandfang-an-rosettu-svart-3801\\\/\",\"name\":\"DORMA Hur\u00f0arhandfang \u00e1n r\u00f3settu svart 3801 - V\u00e9lar &amp; Verkf\u00e6ri\",\"isPartOf\":{\"@id\":\"https:\\\/\\\/velarogverkfaeri.is\\\/en\\\/#website\"},\"primaryImageOfPage\":{\"@id\":\"https:\\\/\\\/velarogverkfaeri.is\\\/lykillausnir\\\/hurdabunadur-lykillausnir\\\/hurdarhunar-hurdabunadur-lykillausnir\\\/product\\\/dorma-hurdarhandfang-an-rosettu-svart-3801\\\/#primaryimage\"},\"image\":{\"@id\":\"https:\\\/\\\/velarogverkfaeri.is\\\/lykillausnir\\\/hurdabunadur-lykillausnir\\\/hurdarhunar-hurdabunadur-lykillausnir\\\/product\\\/dorma-hurdarhandfang-an-rosettu-svart-3801\\\/#primaryimage\"},\"thumbnailUrl\":\"https:\\\/\\\/velarogverkfaeri.is\\\/wp-content\\\/uploads\\\/2025\\\/10\\\/3f15bcd6-87bc-432b-ad98-88a7d4fbadef.png\",\"datePublished\":\"2025-09-06T15:41:20+00:00\",\"dateModified\":\"2025-10-31T12:31:50+00:00\",\"breadcrumb\":{\"@id\":\"https:\\\/\\\/velarogverkfaeri.is\\\/lykillausnir\\\/hurdabunadur-lykillausnir\\\/hurdarhunar-hurdabunadur-lykillausnir\\\/product\\\/dorma-hurdarhandfang-an-rosettu-svart-3801\\\/#breadcrumb\"},\"inLanguage\":\"en-US\",\"potentialAction\":[{\"@type\":\"ReadAction\",\"target\":[\"https:\\\/\\\/velarogverkfaeri.is\\\/lykillausnir\\\/hurdabunadur-lykillausnir\\\/hurdarhunar-hurdabunadur-lykillausnir\\\/product\\\/dorma-hurdarhandfang-an-rosettu-svart-3801\\\/\"]}]},{\"@type\":\"ImageObject\",\"inLanguage\":\"en-US\",\"@id\":\"https:\\\/\\\/velarogverkfaeri.is\\\/lykillausnir\\\/hurdabunadur-lykillausnir\\\/hurdarhunar-hurdabunadur-lykillausnir\\\/product\\\/dorma-hurdarhandfang-an-rosettu-svart-3801\\\/#primaryimage\",\"url\":\"https:\\\/\\\/velarogverkfaeri.is\\\/wp-content\\\/uploads\\\/2025\\\/10\\\/3f15bcd6-87bc-432b-ad98-88a7d4fbadef.png\",\"contentUrl\":\"https:\\\/\\\/velarogverkfaeri.is\\\/wp-content\\\/uploads\\\/2025\\\/10\\\/3f15bcd6-87bc-432b-ad98-88a7d4fbadef.png\",\"width\":358,\"height\":198},{\"@type\":\"BreadcrumbList\",\"@id\":\"https:\\\/\\\/velarogverkfaeri.is\\\/lykillausnir\\\/hurdabunadur-lykillausnir\\\/hurdarhunar-hurdabunadur-lykillausnir\\\/product\\\/dorma-hurdarhandfang-an-rosettu-svart-3801\\\/#breadcrumb\",\"itemListElement\":[{\"@type\":\"ListItem\",\"position\":1,\"name\":\"Home\",\"item\":\"https:\\\/\\\/velarogverkfaeri.is\\\/\"},{\"@type\":\"ListItem\",\"position\":2,\"name\":\"Vefverslun\",\"item\":\"https:\\\/\\\/velarogverkfaeri.is\\\/vefverslun\\\/\"},{\"@type\":\"ListItem\",\"position\":3,\"name\":\"DORMA Hur\u00f0arhandfang \u00e1n r\u00f3settu svart 3801\"}]},{\"@type\":\"WebSite\",\"@id\":\"https:\\\/\\\/velarogverkfaeri.is\\\/en\\\/#website\",\"url\":\"https:\\\/\\\/velarogverkfaeri.is\\\/en\\\/\",\"name\":\"V\u00e9lar & Verkf\u00e6ri\",\"description\":\"Umbo\u00f0s- og heildverslun fr\u00e1 \u00e1rinu 1919\",\"publisher\":{\"@id\":\"https:\\\/\\\/velarogverkfaeri.is\\\/en\\\/#organization\"},\"potentialAction\":[{\"@type\":\"SearchAction\",\"target\":{\"@type\":\"EntryPoint\",\"urlTemplate\":\"https:\\\/\\\/velarogverkfaeri.is\\\/en\\\/?s={search_term_string}\"},\"query-input\":{\"@type\":\"PropertyValueSpecification\",\"valueRequired\":true,\"valueName\":\"search_term_string\"}}],\"inLanguage\":\"en-US\"},{\"@type\":\"Organization\",\"@id\":\"https:\\\/\\\/velarogverkfaeri.is\\\/en\\\/#organization\",\"name\":\"V\u00e9lar & Verkf\u00e6ri\",\"url\":\"https:\\\/\\\/velarogverkfaeri.is\\\/en\\\/\",\"logo\":{\"@type\":\"ImageObject\",\"inLanguage\":\"en-US\",\"@id\":\"https:\\\/\\\/velarogverkfaeri.is\\\/en\\\/#\\\/schema\\\/logo\\\/image\\\/\",\"url\":\"https:\\\/\\\/velarogverkfaeri.is\\\/wp-content\\\/uploads\\\/2021\\\/10\\\/vv_logo_350x100.png\",\"contentUrl\":\"https:\\\/\\\/velarogverkfaeri.is\\\/wp-content\\\/uploads\\\/2021\\\/10\\\/vv_logo_350x100.png\",\"width\":350,\"height\":100,\"caption\":\"V\u00e9lar & Verkf\u00e6ri\"},\"image\":{\"@id\":\"https:\\\/\\\/velarogverkfaeri.is\\\/en\\\/#\\\/schema\\\/logo\\\/image\\\/\"},\"sameAs\":[\"https:\\\/\\\/www.facebook.com\\\/VelarOgVerkfaeri\"]}]}<\/script>\n<!-- \/ Yoast SEO plugin. -->","yoast_head_json":{"title":"DORMA Hur\u00f0arhandfang \u00e1n r\u00f3settu svart 3801 - V\u00e9lar &amp; Verkf\u00e6ri","robots":{"index":"index","follow":"follow","max-snippet":"max-snippet:-1","max-image-preview":"max-image-preview:large","max-video-preview":"max-video-preview:-1"},"canonical":"https:\/\/velarogverkfaeri.is\/en\/lykillausnir\/hurdabunadur-lykillausnir\/hurdarhunar-hurdabunadur-lykillausnir\/product\/dorma-hurdarhandfang-an-rosettu-svart-3801\/","og_locale":"en_US","og_type":"article","og_title":"DORMA Hur\u00f0arhandfang \u00e1n r\u00f3settu svart 3801 - V\u00e9lar &amp; Verkf\u00e6ri","og_description":"Tegund: 3801","og_url":"https:\/\/velarogverkfaeri.is\/en\/lykillausnir\/hurdabunadur-lykillausnir\/hurdarhunar-hurdabunadur-lykillausnir\/product\/dorma-hurdarhandfang-an-rosettu-svart-3801\/","og_site_name":"V\u00e9lar &amp; Verkf\u00e6ri","article_publisher":"https:\/\/www.facebook.com\/VelarOgVerkfaeri","article_modified_time":"2025-10-31T12:31:50+00:00","twitter_card":"summary_large_image","schema":{"@context":"https:\/\/schema.org","@graph":[{"@type":"WebPage","@id":"https:\/\/velarogverkfaeri.is\/lykillausnir\/hurdabunadur-lykillausnir\/hurdarhunar-hurdabunadur-lykillausnir\/product\/dorma-hurdarhandfang-an-rosettu-svart-3801\/","url":"https:\/\/velarogverkfaeri.is\/lykillausnir\/hurdabunadur-lykillausnir\/hurdarhunar-hurdabunadur-lykillausnir\/product\/dorma-hurdarhandfang-an-rosettu-svart-3801\/","name":"DORMA Hur\u00f0arhandfang \u00e1n r\u00f3settu svart 3801 - V\u00e9lar &amp; Verkf\u00e6ri","isPartOf":{"@id":"https:\/\/velarogverkfaeri.is\/en\/#website"},"primaryImageOfPage":{"@id":"https:\/\/velarogverkfaeri.is\/lykillausnir\/hurdabunadur-lykillausnir\/hurdarhunar-hurdabunadur-lykillausnir\/product\/dorma-hurdarhandfang-an-rosettu-svart-3801\/#primaryimage"},"image":{"@id":"https:\/\/velarogverkfaeri.is\/lykillausnir\/hurdabunadur-lykillausnir\/hurdarhunar-hurdabunadur-lykillausnir\/product\/dorma-hurdarhandfang-an-rosettu-svart-3801\/#primaryimage"},"thumbnailUrl":"https:\/\/velarogverkfaeri.is\/wp-content\/uploads\/2025\/10\/3f15bcd6-87bc-432b-ad98-88a7d4fbadef.png","datePublished":"2025-09-06T15:41:20+00:00","dateModified":"2025-10-31T12:31:50+00:00","breadcrumb":{"@id":"https:\/\/velarogverkfaeri.is\/lykillausnir\/hurdabunadur-lykillausnir\/hurdarhunar-hurdabunadur-lykillausnir\/product\/dorma-hurdarhandfang-an-rosettu-svart-3801\/#breadcrumb"},"inLanguage":"en-US","potentialAction":[{"@type":"ReadAction","target":["https:\/\/velarogverkfaeri.is\/lykillausnir\/hurdabunadur-lykillausnir\/hurdarhunar-hurdabunadur-lykillausnir\/product\/dorma-hurdarhandfang-an-rosettu-svart-3801\/"]}]},{"@type":"ImageObject","inLanguage":"en-US","@id":"https:\/\/velarogverkfaeri.is\/lykillausnir\/hurdabunadur-lykillausnir\/hurdarhunar-hurdabunadur-lykillausnir\/product\/dorma-hurdarhandfang-an-rosettu-svart-3801\/#primaryimage","url":"https:\/\/velarogverkfaeri.is\/wp-content\/uploads\/2025\/10\/3f15bcd6-87bc-432b-ad98-88a7d4fbadef.png","contentUrl":"https:\/\/velarogverkfaeri.is\/wp-content\/uploads\/2025\/10\/3f15bcd6-87bc-432b-ad98-88a7d4fbadef.png","width":358,"height":198},{"@type":"BreadcrumbList","@id":"https:\/\/velarogverkfaeri.is\/lykillausnir\/hurdabunadur-lykillausnir\/hurdarhunar-hurdabunadur-lykillausnir\/product\/dorma-hurdarhandfang-an-rosettu-svart-3801\/#breadcrumb","itemListElement":[{"@type":"ListItem","position":1,"name":"Home","item":"https:\/\/velarogverkfaeri.is\/"},{"@type":"ListItem","position":2,"name":"Vefverslun","item":"https:\/\/velarogverkfaeri.is\/vefverslun\/"},{"@type":"ListItem","position":3,"name":"DORMA Hur\u00f0arhandfang \u00e1n r\u00f3settu svart 3801"}]},{"@type":"WebSite","@id":"https:\/\/velarogverkfaeri.is\/en\/#website","url":"https:\/\/velarogverkfaeri.is\/en\/","name":"V\u00e9lar & Verkf\u00e6ri","description":"Umbo\u00f0s- og heildverslun fr\u00e1 \u00e1rinu 1919","publisher":{"@id":"https:\/\/velarogverkfaeri.is\/en\/#organization"},"potentialAction":[{"@type":"SearchAction","target":{"@type":"EntryPoint","urlTemplate":"https:\/\/velarogverkfaeri.is\/en\/?s={search_term_string}"},"query-input":{"@type":"PropertyValueSpecification","valueRequired":true,"valueName":"search_term_string"}}],"inLanguage":"en-US"},{"@type":"Organization","@id":"https:\/\/velarogverkfaeri.is\/en\/#organization","name":"V\u00e9lar & Verkf\u00e6ri","url":"https:\/\/velarogverkfaeri.is\/en\/","logo":{"@type":"ImageObject","inLanguage":"en-US","@id":"https:\/\/velarogverkfaeri.is\/en\/#\/schema\/logo\/image\/","url":"https:\/\/velarogverkfaeri.is\/wp-content\/uploads\/2021\/10\/vv_logo_350x100.png","contentUrl":"https:\/\/velarogverkfaeri.is\/wp-content\/uploads\/2021\/10\/vv_logo_350x100.png","width":350,"height":100,"caption":"V\u00e9lar & Verkf\u00e6ri"},"image":{"@id":"https:\/\/velarogverkfaeri.is\/en\/#\/schema\/logo\/image\/"},"sameAs":["https:\/\/www.facebook.com\/VelarOgVerkfaeri"]}]}},"_links":{"self":[{"href":"https:\/\/velarogverkfaeri.is\/en\/wp-json\/wp\/v2\/product\/75771","targetHints":{"allow":["GET"]}}],"collection":[{"href":"https:\/\/velarogverkfaeri.is\/en\/wp-json\/wp\/v2\/product"}],"about":[{"href":"https:\/\/velarogverkfaeri.is\/en\/wp-json\/wp\/v2\/types\/product"}],"replies":[{"embeddable":true,"href":"https:\/\/velarogverkfaeri.is\/en\/wp-json\/wp\/v2\/comments?post=75771"}],"wp:featuredmedia":[{"embeddable":true,"href":"https:\/\/velarogverkfaeri.is\/en\/wp-json\/wp\/v2\/media\/77257"}],"wp:attachment":[{"href":"https:\/\/velarogverkfaeri.is\/en\/wp-json\/wp\/v2\/media?parent=75771"}],"wp:term":[{"taxonomy":"product_brand","embeddable":true,"href":"https:\/\/velarogverkfaeri.is\/en\/wp-json\/wp\/v2\/product_brand?post=75771"},{"taxonomy":"product_cat","embeddable":true,"href":"https:\/\/velarogverkfaeri.is\/en\/wp-json\/wp\/v2\/product_cat?post=75771"},{"taxonomy":"product_tag","embeddable":true,"href":"https:\/\/velarogverkfaeri.is\/en\/wp-json\/wp\/v2\/product_tag?post=75771"}],"curies":[{"name":"wp","href":"https:\/\/api.w.org\/{rel}","templated":true}]}}