{"id":75770,"date":"2025-09-06T15:41:20","date_gmt":"2025-09-06T15:41:20","guid":{"rendered":"https:\/\/velarogverkfaeri.is\/?post_type=product&#038;p=75770"},"modified":"2025-10-31T12:31:48","modified_gmt":"2025-10-31T12:31:48","slug":"dorma-hurdarhandfang-an-rosettu-svart-3803-sett-7030000029539","status":"publish","type":"product","link":"https:\/\/velarogverkfaeri.is\/en\/lykillausnir\/hurdabunadur-lykillausnir\/hurdarhunar-hurdabunadur-lykillausnir\/product\/dorma-hurdarhandfang-an-rosettu-svart-3803-sett-7030000029539\/","title":{"rendered":"DORMA Hur\u00f0arhandfang \u00e1n r\u00f3settu svart 3803 (SETT) 7030000029539"},"content":{"rendered":"<p><img decoding=\"async\" src=\"data:image\/png;base64,iVBORw0KGgoAAAANSUhEUgAAANYAAAD6CAYAAADdjbljAAAAAXNSR0IArs4c6QAAAARnQU1BAACxjwv8YQUAAAAJcEhZcwAADsMAAA7DAcdvqGQAABQXSURBVHhe7d0HjFTV2wbwl7bUBem9E4oIoYQAiyhNQBZQVASpEpoISAREJEgzgBQrBALEUBSMCaKIiKIBBOkYiqFa6EhnV7oUv+85nut\/FnZ3hp373r0z+\/ySyc6cmV1ld5455577nnMzJSYm\/iNE5KrM9isRuYjBIlLAYBEpYLCIFDBYRAoYLCIFDBaRAgaLSAGDRaSAwSJSwGARKWCwiBQwWEQKGCwiBQwWkQIGi0gBg0WkgMEiUsBgESlgsIgUMFhEChgsIgUMFpECBotIAYNFpIDBIlLAYBEp4N7t1uXLl+XcuXPmduPGDcmUKZN9hiLZP\/\/8IzExMVK7dm3JkSOHbdWXYYO1fft22bRpkxw8eFD+\/vtvuX37tglTbGys+UNQ5HNChb919+7dpWfPnvYZfRkmWLdu3ZLdu3fLsmXLZM+ePabtsccek2bNmkn16tUlZ86cpo2iz6JFi+Tq1asyYMAA26IvqoOFnujEiROyYsUK+emnn6RYsWLSoUMHiYuL83RYQOlr1qxZkjt3bvZYbvj8889lzZo1UqBAAalfv77Uq1dPihYtap+ljGTChAlSsWJF6dq1q23RF3WzgqtWrZIuXbrI4cOHpX\/\/\/uaX2rZtW4YqA9u\/f7\/kyZPHPvJG1ATrwoULpqv\/5JNPZMyYMTJ8+HCpWbMmZ\/dI7ty5I1mzZrWPvBEVwVq7dq20b99ennjiCVm8eLFUrVrVPkMkJlQ4xvJSRAfr7t27MnXqVPnoo49k5cqV0q1bN\/sM0f9g2t1rERusS5cumeEeTuYuXLhQHnroIfsMUVI41ZIrVy77yBsRGawzZ85Inz59zPknHE9lyZLFPkN0v7Nnz3p+njLignXx4kUzyzds2DDp3bu3bSVKGQ4ZOCuYCsz89evXT2bMmGFO8hKFyuvjrIgJFn4xU6ZMkfj4eGnQoIFtJQoOp1w4K5gC9FIoQ+rVq5dtIQpN8eLF7T3vRESwUDiLWj9UURA9qMaNG3teKOD7YN28eVOmT58uc+bMsS1EDyZz5swM1r06duwo48aNk\/z589sWogezfv16KVy4sH3kDV8HC8s9KlWqJC1btrQtRA8Oy4e85ttgobJi6dKlMmLECNtClDbpsfbOt8HChEWFChXM4kSicGDbBa\/5Mlj4Rezdu9ccXxGFC8tGvObLYG3ZskXy5csnDz\/8sG0hSrv0qG735dL8Hj16mEWLzZs3ty3ewh8Cm49wG7TIhb+hM83eqVMnWb16tX3GG74LFvb1GzJkiCxZssS2eAMV0Js3b5aTJ0+a+5hJQvEmRS4EC+dBr1+\/bjaU8ZLvgoVzVuXLl\/dsRx2s1Zk2bZps3LjRbIfWtGlTUwKTLVs2z5dzkw7UCXq9bMR3wapbt66sW7fObJypbdu2bfLGG29I586dzfouDvvILb6avMBQrEqVKp6ECmfjUXs4d+5c6du3L0NFrvJVsFBo68UU+9atW2XixIlmrwzsN0fkNl8F65dffpF27drZRzqOHTsmo0aNkgULFnCvQVLjm2AdOHDAk\/3fECqUSaXHGh3KOHwTLFywoESJEvaRDmyRhl6qVatWtoVIh2+ChXNHDRs2tI90LF++3MwAEmnzTbASEhKkRo0a9pH7Tp06Za6VhG2nibT5avKiYMGC9p77MGlRq1YtyZ49u20h0uOLYGHSAuUnuGnB+i7tYzgih696LE0oyuRJYPJKhgkWpMfyAcqYfBEs5w3PHoWihS+C5Wz2wWBRtMhQQ0EirzBYRAoYLCIFDBaRAgaLSAGDRaSAwSJSwGARKWCwiBQwWEQKGCwiBQwWkQIGi0gBg0WkgMEiUsBgESlgsIgUMFhEChgsIgUMFpECBotIAYNFpIDBIlLAYBEp8EWwcFEE4IadFC18Eaxbt27xogUUVXwRLAaKoo0vguX0VgwYRQtOXhAp8M1QEL0Wr19F0YI9FpECBotIAYNFpIDBIlLgi2Bh0iJr1qySI0cO2+K+PHnycDqfPJMpMTEx3afiEhISZPTo0RIXFyclS5Y0bVeuXDFByJw5s1y\/fl1u3rxp2hFCtCGIuXLlkqtXr8qFCxfk9OnT5n5MTIwULVr0v5DeuHHD\/Jzdu3dLfHy8PP3006adSJMvggWLFi2SgwcPyqZNm8zFvtu3b28Cd+3aNRMMBCVbtmySPXt2Ey6UQeGGkKEN0H737l1zH8HD9yF8O3bsMK+dPXu2FCpUyDxPpMk3wXK8+eabUq5cOendu7dtCd\/atWtl3759MnDgQNtCpMt3kxeodC9VqpR95A4ML2\/fvm0fEenz5awghm1uwtCSVR3kJV8Gy+3ZO7d\/HlEwPI9FpIDBIlLAYBEpYLCIFDBYRAoYLCIFvgsWpsZRpuSmLFmyuP4ziVLjq5ImFNqi7KhmzZqmVhCPETSnagIBSQ1ei+\/BCWZUszsnhZ0axMmTJ\/OcFnnCV8Hq16+fnD17VurUqfNfoS16GnzFY1Sup1ZBgdCgysIp1MUNbWfOnJG\/\/vpLWrduLT179rSvJtLjq2A1atRIJk2aJI8\/\/vh\/YUpLD4OezdldF\/Bzdu7cKdu3b5dBgwbZViI9vjrwcHqX8+fPmyGdc8PaLKy1wn2sr0rp5rwWvVPga3Efa7pYiEte8VWPNXz4cPntt99MD5MzZ07zFcO\/\/fv3myFh5cqVTU+WUi+GdoQSa7jKlCljvh83rNHCEPG5556T7t2721cT6fHdeqzkjBw5UnLnzm3WagWzYcMGs1qYQz5KTxExB43Vw84q4WDwWs29M4hCERHBwlDOWXIfDCYtQn0tkRaeNSVSwGARKWCwiBQwWEQKGCwiBRERLJwcDrU6HZt6spKd0puvThD\/8ccfcvHiRXMfFROAnWynTp1qKjEGDx5sqipSgsoL1APi53Tr1s1UWzjw88qXLy+FCxe2LUR6fBWsFi1aSPHixaV27dry\/\/9fpg2BQlEt6v8C93PHuSqExSlvwle04fX58uUzNYJOORPCiP3dq1WrJiNGjDCvJ9Lkq2A9+uij8uGHH5plI25DDeLq1avl5Zdfti1EenwVrHr16pleq0KFCqbnAWdI6PRMjnuXhgQK\/B7cP3r0qOm5UNCLukMibb4K1nfffWdW+WI4WLdu3STHSGmFcB07dkxOnDghEydONKuTibT5Klgwfvx4s9CxSZMmtiV8p06dkhUrVkj\/\/v1tC5Eu381LO4sV3YSZRix0JPKKL0\/43Hs8FS63fx5RMDyTSqSAwSJSwGARKWCwiBQwWEQKQg7WyZMn5fjx42m6HTlyxOwLGCqncsItbv88omBCOkGMOrtp06aZPf2Sg1IhlBclV2KEqW4U0D777LPSuXNn25qy0aNHS1xcnLRp08a2hG\/fvn3y\/fffy5AhQ2wLkS5XKi\/QI5UrV84+Shv0iKjnGzNmjNSqVUs6dOhgKtQBPU7WrFnN7d46QOe+sw7LqXoPXJOF7aW3bdsm48aNsy1EusIOFt78FStWlGHDhsnQoUNt64PBsg58P9ZeoXfDEg8U2QYO4RAehAVtCJFz8QP0kgUKFJC8efPKr7\/+KgkJCWZzT1xtBCFzAoitq0eNGmWKfIm0hR0s7E6LpR7Y\/nnp0qVStmxZ+0zoUHI0c+ZMs3tt\/vz5TflRYKgcThtC5wQL4cEGnQgdfg6O5VAZjxueAwRx5cqV5nXx8fGmjUhTWLOCP\/\/8s8ydO9fcP3TokCxYsMDcTwuEBUFBD4OeC73OvTf0Qrg5ixkRFLzWGfah5ypdurQUKlTIvD42Ntbc8Do8DhweEmkK652GJR4omnV88MEHsmfPHvsodM5wLbleyi3OsReRF9IcrN9\/\/10KFiwoHTt2NMPApk2bmgu77dq1y76CKONKc7AwYTFnzhyZN2+eNGvWTMaOHStLliyRHj162FcQZVyuHHRgiJXSMnmijMi1YPH4heh\/XAkWESXFYBEp8EWwOIykaOOLYOHkMFE08UWwUHKEk8ROCRJRpOMxFpECBotIAYNFpIDBIlLAYBEpYLCIFDBYRAoYLCIFDBaRAgaLSAGDRaSAwSJSwGARKWCwiBQwWEQKGCwiBQwWkYJkg3Xw4EG5ffu2ffQvXMmDiEJzX7BwFY\/58+cnuYDAjz\/+KH369JHz58\/bFiJKzX3BWrt2rXTp0iVJsGrWrCnVqlVL8YqORJRUkmDhom+ffvqpLF++3Fz9EFdZBFyzqkiRItymjChESYJ14MABc4EDXEzuhRdekClTpthn\/r0MDhGFJkmwcCXFhg0bmvtVqlSRkiVLSmJionmM7cmIKDRJgoXrXX311Vdy4sQJWbFihVy5csVcOREwTLx3ptAtzhCT4aVokSRYjzzyiLRs2dJcrxdv9rfeess+I\/LKK69ImTJl7CN34Wr43LCTokmSYEGNGjWkf\/\/+0r59e9vyL1xoTguCBZwcoWhxX7DSC0NF0cQ3wcJQUPMYC8HlVfPJK754p+FNr91j5c6dWy5fvmwfEenyRbCcyQtM92spXry47N27lxMk5AnfjI3Qo2jWImLy5ciRI\/Lnn3\/aFiI9vgkWzqHt2LHDPnIfesXatWvLl19+aVuI9PgmWGXLlpWNGzfaRzoGDhwoP\/zwg5w9e9a2EOnwTbDi4uJMdYcm9Fr9+vUzS2CINPkmWLgOcfny5WXPnj22RceTTz4pDRo0kEGDBtkWIvf5JlhQv359Wbx4sX2kZ9SoUWZt2bRp02wLkbt8FawWLVrIunXr7CNdc+bMMevNhg4damYLidzkq2DFxsZ6MonheP\/996VevXoyY8YMmTRpkqnsP336tH2Wogn+ttrH8IEyJSYmhl3y8Nprr8nzzz9v3qTh2rBhg3zxxRfy7rvv2hZ9+IVv3brV9JYJCQnmnFrevHnNcR+XskS+mJgYc4iB92fRokXvW\/6E51GVg785DhOcovBw+C5Y0K5dO5k1a5aULl3atnjr2rVrZk0aFnmyODhyoTYUf8sJEyaYRbuDBw82+7dgwyQHQoSigVatWpn33TvvvGOfCY8vg\/Xee++ZfzB+EUTh6ty5s+TJk0fGjBmT7JpCHG+PHj3avOe2bdvmyge6r46xHD179pTDhw+r1g5SxoFRB2pEk6sTvXTpkqxatcoM+3PmzClTp061z4THl8EqUKCAFCpUSJYuXWpbiNIOQ8KUiq8xYYbh3zPPPGO+ojrHDb4MFrRp00a+\/fZbuXPnjm0hSpvUgoXhHwq0ixUrZramqFq1qn0mPL4NVq1atUzRLGYIicKRPXv2oBshIXiBkxrh8m2wAN0ypt0xBU6UVliOhGMoL\/k6WDiYHDlyJGcHKSw4L4lpdy+3ZvB1sAC7RZUqVcqciyBKi1y5cplhnpcn+30fLJg8ebKp6+PxFqUFRj44dROsx3KCh8IAnM8KtGDBArP1Os53hbICIyKCBRMnTpSFCxea81tEDyrY7DJCh15t9erV5jzqN998Y58Refvtt80147CB7ZAhQ2TYsGGmMic1ERMsnNfCGiqcPcd4mShUmPHDMqFgQ0GE7\/jx46Y6A+dSHdgyYvz48eZ+4cKFpVOnTjJv3jzzOCUREyzAspImTZrI66+\/7mmlMkU2VF6gN0ptKIjwYcjYu3dv6du3b5JZRAQysDAX0\/fBQhpRwQL8w1FIian4o0eP2lailCEIN27cCBoGp+Aax2OBxdeogR07dqzs379fdu7cKZ999pmpP0xNxAUL8IkyYMAAeemll2Tz5s22lSh5CBSunJPW6XYUmTdq1MhUAmHdXuPGjYNWaLgSLHwioBv1EjafmT17tpnUwCcIUUpSKmcKFYLZunVrefXVV82QEBMYwaQ5WJid69atmzmQ+\/rrr81\/ND4+Xj7++GP7Cn3lypWTJUuWmMsOYYGa1vW7KGNxquHvtWjRInnqqackR44ctiVlaQ4WdlTCLAq6R4QM8\/5YUl+9enX7Cl0jRoyQLVu2mFWf+AdjvU2vXr1MyDhrSIEwogo8ZgoGm8fee9kqzCri\/Baq4EMR1lAQuxxhqbNj+PDhUqdOHftIF\/amwLjZgR4LJ\/AQNtzHHgesjCcoUaKECVZqkxc4\/sqWLZu5X6lSJTP6CoTnUFqHZfyhCCtYKDXC1fUBPViwmRI34VMocAoUKleubE7i4Rewa9cuc4Hy+fPnhz3GpsiG4\/9gPRZmDVHs7daHcdiTF126dDFLPLA0H0n3A3TjOJE8c+ZMs0K0efPmZhbxwIED9hWUkaBWMCWnTp2Stm3bmmP1F1980cw4uyHsYAEuNJAeO8sGOy9RpEgRs2\/gmjVrzO6306dPNxMuWH6N40Eu\/c8YnJFNcu8XDBObNm1qdmnC4QVO4bgh5M1kUpsQcM5Se3VMg08gfLp07NjRbBmNbjw1GD87Z8sPHTpkPggQLPybUL6CISSGstjJJ3\/+\/OZ1uOH78PVBDnwzisA3qZ9\/PzgmWrZsmdlDcv369ebvHTh7jPfusWPHTK+F94Fbhd4hBWv58uVm9i+tJ9jchgNJ\/JKwuSdumLEJBd4MCBhu6K1QSImhgHP1EUyj4jnAuBynErxeIEfuQeDRW2GnYxRwo2fCLPK9HQD+5tu3bzcXJ8Q5UWcSIxwhBQuzb+fOnUvyKZWeEACcN8OnDGoHQw0WOJ+u+JDALx3\/JqdXwiQHvuKGQKEHo+iAiSxUrVepUiXZ853o2fB3x7lRN7iyr2B6wEFm165dTbCIgsGlm7Aa3asJNn+M7YiiDINFpIDBIlLAYBEpYLCIFDBYRAqiKlh79+41NYGUMWEjGGzd8CDnNbVE7HksIj\/jUJBIAYNFpIDBIlLAYBEpYLCIFDBYRAoYLCIFDBaRAgaLSAGDRaSAwSJSwGARKWCwiBQwWEQKGCwiBQwWkQIGi0gBg0XkOpH\/A7hT8XmDOH\/hAAAAAElFTkSuQmCC\" alt=\"\"><\/p>","protected":false},"excerpt":{"rendered":"<p>Tegund:&nbsp;3803&nbsp;<\/p>","protected":false},"featured_media":77245,"comment_status":"closed","ping_status":"closed","template":"","meta":[],"product_brand":[],"product_cat":[597,667,517],"product_tag":[],"class_list":{"0":"post-75770","1":"product","2":"type-product","3":"status-publish","4":"has-post-thumbnail","6":"product_cat-hurdabunadur-lykillausnir","7":"product_cat-hurdarhunar-hurdabunadur-lykillausnir","8":"product_cat-lykillausnir","10":"first","11":"instock","12":"taxable","13":"shipping-taxable","14":"purchasable","15":"product-type-simple"},"yoast_head":"<!-- This site is optimized with the Yoast SEO plugin v27.3 - https:\/\/yoast.com\/product\/yoast-seo-wordpress\/ -->\n<title>DORMA Hur\u00f0arhandfang \u00e1n r\u00f3settu svart 3803 (SETT) 7030000029539 - V\u00e9lar &amp; Verkf\u00e6ri<\/title>\n<meta name=\"robots\" content=\"index, follow, max-snippet:-1, max-image-preview:large, max-video-preview:-1\" \/>\n<link rel=\"canonical\" href=\"https:\/\/velarogverkfaeri.is\/en\/honnunarlausnir\/hurdabunadur\/product\/dorma-hurdarhandfang-an-rosettu-svart-3803-sett-7030000029539\/\" \/>\n<meta property=\"og:locale\" content=\"en_US\" \/>\n<meta property=\"og:type\" content=\"article\" \/>\n<meta property=\"og:title\" content=\"DORMA Hur\u00f0arhandfang \u00e1n r\u00f3settu svart 3803 (SETT) 7030000029539 - V\u00e9lar &amp; Verkf\u00e6ri\" \/>\n<meta property=\"og:description\" content=\"Tegund:&nbsp;3803&nbsp;\" \/>\n<meta property=\"og:url\" content=\"https:\/\/velarogverkfaeri.is\/en\/honnunarlausnir\/hurdabunadur\/product\/dorma-hurdarhandfang-an-rosettu-svart-3803-sett-7030000029539\/\" \/>\n<meta property=\"og:site_name\" content=\"V\u00e9lar &amp; Verkf\u00e6ri\" \/>\n<meta property=\"article:publisher\" content=\"https:\/\/www.facebook.com\/VelarOgVerkfaeri\" \/>\n<meta property=\"article:modified_time\" content=\"2025-10-31T12:31:48+00:00\" \/>\n<meta name=\"twitter:card\" content=\"summary_large_image\" \/>\n<script type=\"application\/ld+json\" class=\"yoast-schema-graph\">{\"@context\":\"https:\\\/\\\/schema.org\",\"@graph\":[{\"@type\":\"WebPage\",\"@id\":\"https:\\\/\\\/velarogverkfaeri.is\\\/honnunarlausnir\\\/hurdabunadur\\\/product\\\/dorma-hurdarhandfang-an-rosettu-svart-3803-sett-7030000029539\\\/\",\"url\":\"https:\\\/\\\/velarogverkfaeri.is\\\/honnunarlausnir\\\/hurdabunadur\\\/product\\\/dorma-hurdarhandfang-an-rosettu-svart-3803-sett-7030000029539\\\/\",\"name\":\"DORMA Hur\u00f0arhandfang \u00e1n r\u00f3settu svart 3803 (SETT) 7030000029539 - V\u00e9lar &amp; Verkf\u00e6ri\",\"isPartOf\":{\"@id\":\"https:\\\/\\\/velarogverkfaeri.is\\\/en\\\/#website\"},\"primaryImageOfPage\":{\"@id\":\"https:\\\/\\\/velarogverkfaeri.is\\\/honnunarlausnir\\\/hurdabunadur\\\/product\\\/dorma-hurdarhandfang-an-rosettu-svart-3803-sett-7030000029539\\\/#primaryimage\"},\"image\":{\"@id\":\"https:\\\/\\\/velarogverkfaeri.is\\\/honnunarlausnir\\\/hurdabunadur\\\/product\\\/dorma-hurdarhandfang-an-rosettu-svart-3803-sett-7030000029539\\\/#primaryimage\"},\"thumbnailUrl\":\"https:\\\/\\\/velarogverkfaeri.is\\\/wp-content\\\/uploads\\\/2025\\\/10\\\/53399a76-b201-4b82-8d57-68bcaa12d88a.png\",\"datePublished\":\"2025-09-06T15:41:20+00:00\",\"dateModified\":\"2025-10-31T12:31:48+00:00\",\"breadcrumb\":{\"@id\":\"https:\\\/\\\/velarogverkfaeri.is\\\/honnunarlausnir\\\/hurdabunadur\\\/product\\\/dorma-hurdarhandfang-an-rosettu-svart-3803-sett-7030000029539\\\/#breadcrumb\"},\"inLanguage\":\"en-US\",\"potentialAction\":[{\"@type\":\"ReadAction\",\"target\":[\"https:\\\/\\\/velarogverkfaeri.is\\\/honnunarlausnir\\\/hurdabunadur\\\/product\\\/dorma-hurdarhandfang-an-rosettu-svart-3803-sett-7030000029539\\\/\"]}]},{\"@type\":\"ImageObject\",\"inLanguage\":\"en-US\",\"@id\":\"https:\\\/\\\/velarogverkfaeri.is\\\/honnunarlausnir\\\/hurdabunadur\\\/product\\\/dorma-hurdarhandfang-an-rosettu-svart-3803-sett-7030000029539\\\/#primaryimage\",\"url\":\"https:\\\/\\\/velarogverkfaeri.is\\\/wp-content\\\/uploads\\\/2025\\\/10\\\/53399a76-b201-4b82-8d57-68bcaa12d88a.png\",\"contentUrl\":\"https:\\\/\\\/velarogverkfaeri.is\\\/wp-content\\\/uploads\\\/2025\\\/10\\\/53399a76-b201-4b82-8d57-68bcaa12d88a.png\",\"width\":363,\"height\":241},{\"@type\":\"BreadcrumbList\",\"@id\":\"https:\\\/\\\/velarogverkfaeri.is\\\/honnunarlausnir\\\/hurdabunadur\\\/product\\\/dorma-hurdarhandfang-an-rosettu-svart-3803-sett-7030000029539\\\/#breadcrumb\",\"itemListElement\":[{\"@type\":\"ListItem\",\"position\":1,\"name\":\"Home\",\"item\":\"https:\\\/\\\/velarogverkfaeri.is\\\/\"},{\"@type\":\"ListItem\",\"position\":2,\"name\":\"Vefverslun\",\"item\":\"https:\\\/\\\/velarogverkfaeri.is\\\/vefverslun\\\/\"},{\"@type\":\"ListItem\",\"position\":3,\"name\":\"DORMA Hur\u00f0arhandfang \u00e1n r\u00f3settu svart 3803 (SETT) 7030000029539\"}]},{\"@type\":\"WebSite\",\"@id\":\"https:\\\/\\\/velarogverkfaeri.is\\\/en\\\/#website\",\"url\":\"https:\\\/\\\/velarogverkfaeri.is\\\/en\\\/\",\"name\":\"V\u00e9lar & Verkf\u00e6ri\",\"description\":\"Umbo\u00f0s- og heildverslun fr\u00e1 \u00e1rinu 1919\",\"publisher\":{\"@id\":\"https:\\\/\\\/velarogverkfaeri.is\\\/en\\\/#organization\"},\"potentialAction\":[{\"@type\":\"SearchAction\",\"target\":{\"@type\":\"EntryPoint\",\"urlTemplate\":\"https:\\\/\\\/velarogverkfaeri.is\\\/en\\\/?s={search_term_string}\"},\"query-input\":{\"@type\":\"PropertyValueSpecification\",\"valueRequired\":true,\"valueName\":\"search_term_string\"}}],\"inLanguage\":\"en-US\"},{\"@type\":\"Organization\",\"@id\":\"https:\\\/\\\/velarogverkfaeri.is\\\/en\\\/#organization\",\"name\":\"V\u00e9lar & Verkf\u00e6ri\",\"url\":\"https:\\\/\\\/velarogverkfaeri.is\\\/en\\\/\",\"logo\":{\"@type\":\"ImageObject\",\"inLanguage\":\"en-US\",\"@id\":\"https:\\\/\\\/velarogverkfaeri.is\\\/en\\\/#\\\/schema\\\/logo\\\/image\\\/\",\"url\":\"https:\\\/\\\/velarogverkfaeri.is\\\/wp-content\\\/uploads\\\/2021\\\/10\\\/vv_logo_350x100.png\",\"contentUrl\":\"https:\\\/\\\/velarogverkfaeri.is\\\/wp-content\\\/uploads\\\/2021\\\/10\\\/vv_logo_350x100.png\",\"width\":350,\"height\":100,\"caption\":\"V\u00e9lar & Verkf\u00e6ri\"},\"image\":{\"@id\":\"https:\\\/\\\/velarogverkfaeri.is\\\/en\\\/#\\\/schema\\\/logo\\\/image\\\/\"},\"sameAs\":[\"https:\\\/\\\/www.facebook.com\\\/VelarOgVerkfaeri\"]}]}<\/script>\n<!-- \/ Yoast SEO plugin. -->","yoast_head_json":{"title":"DORMA Hur\u00f0arhandfang \u00e1n r\u00f3settu svart 3803 (SETT) 7030000029539 - V\u00e9lar &amp; Verkf\u00e6ri","robots":{"index":"index","follow":"follow","max-snippet":"max-snippet:-1","max-image-preview":"max-image-preview:large","max-video-preview":"max-video-preview:-1"},"canonical":"https:\/\/velarogverkfaeri.is\/en\/honnunarlausnir\/hurdabunadur\/product\/dorma-hurdarhandfang-an-rosettu-svart-3803-sett-7030000029539\/","og_locale":"en_US","og_type":"article","og_title":"DORMA Hur\u00f0arhandfang \u00e1n r\u00f3settu svart 3803 (SETT) 7030000029539 - V\u00e9lar &amp; Verkf\u00e6ri","og_description":"Tegund:&nbsp;3803&nbsp;","og_url":"https:\/\/velarogverkfaeri.is\/en\/honnunarlausnir\/hurdabunadur\/product\/dorma-hurdarhandfang-an-rosettu-svart-3803-sett-7030000029539\/","og_site_name":"V\u00e9lar &amp; Verkf\u00e6ri","article_publisher":"https:\/\/www.facebook.com\/VelarOgVerkfaeri","article_modified_time":"2025-10-31T12:31:48+00:00","twitter_card":"summary_large_image","schema":{"@context":"https:\/\/schema.org","@graph":[{"@type":"WebPage","@id":"https:\/\/velarogverkfaeri.is\/honnunarlausnir\/hurdabunadur\/product\/dorma-hurdarhandfang-an-rosettu-svart-3803-sett-7030000029539\/","url":"https:\/\/velarogverkfaeri.is\/honnunarlausnir\/hurdabunadur\/product\/dorma-hurdarhandfang-an-rosettu-svart-3803-sett-7030000029539\/","name":"DORMA Hur\u00f0arhandfang \u00e1n r\u00f3settu svart 3803 (SETT) 7030000029539 - V\u00e9lar &amp; Verkf\u00e6ri","isPartOf":{"@id":"https:\/\/velarogverkfaeri.is\/en\/#website"},"primaryImageOfPage":{"@id":"https:\/\/velarogverkfaeri.is\/honnunarlausnir\/hurdabunadur\/product\/dorma-hurdarhandfang-an-rosettu-svart-3803-sett-7030000029539\/#primaryimage"},"image":{"@id":"https:\/\/velarogverkfaeri.is\/honnunarlausnir\/hurdabunadur\/product\/dorma-hurdarhandfang-an-rosettu-svart-3803-sett-7030000029539\/#primaryimage"},"thumbnailUrl":"https:\/\/velarogverkfaeri.is\/wp-content\/uploads\/2025\/10\/53399a76-b201-4b82-8d57-68bcaa12d88a.png","datePublished":"2025-09-06T15:41:20+00:00","dateModified":"2025-10-31T12:31:48+00:00","breadcrumb":{"@id":"https:\/\/velarogverkfaeri.is\/honnunarlausnir\/hurdabunadur\/product\/dorma-hurdarhandfang-an-rosettu-svart-3803-sett-7030000029539\/#breadcrumb"},"inLanguage":"en-US","potentialAction":[{"@type":"ReadAction","target":["https:\/\/velarogverkfaeri.is\/honnunarlausnir\/hurdabunadur\/product\/dorma-hurdarhandfang-an-rosettu-svart-3803-sett-7030000029539\/"]}]},{"@type":"ImageObject","inLanguage":"en-US","@id":"https:\/\/velarogverkfaeri.is\/honnunarlausnir\/hurdabunadur\/product\/dorma-hurdarhandfang-an-rosettu-svart-3803-sett-7030000029539\/#primaryimage","url":"https:\/\/velarogverkfaeri.is\/wp-content\/uploads\/2025\/10\/53399a76-b201-4b82-8d57-68bcaa12d88a.png","contentUrl":"https:\/\/velarogverkfaeri.is\/wp-content\/uploads\/2025\/10\/53399a76-b201-4b82-8d57-68bcaa12d88a.png","width":363,"height":241},{"@type":"BreadcrumbList","@id":"https:\/\/velarogverkfaeri.is\/honnunarlausnir\/hurdabunadur\/product\/dorma-hurdarhandfang-an-rosettu-svart-3803-sett-7030000029539\/#breadcrumb","itemListElement":[{"@type":"ListItem","position":1,"name":"Home","item":"https:\/\/velarogverkfaeri.is\/"},{"@type":"ListItem","position":2,"name":"Vefverslun","item":"https:\/\/velarogverkfaeri.is\/vefverslun\/"},{"@type":"ListItem","position":3,"name":"DORMA Hur\u00f0arhandfang \u00e1n r\u00f3settu svart 3803 (SETT) 7030000029539"}]},{"@type":"WebSite","@id":"https:\/\/velarogverkfaeri.is\/en\/#website","url":"https:\/\/velarogverkfaeri.is\/en\/","name":"V\u00e9lar & Verkf\u00e6ri","description":"Umbo\u00f0s- og heildverslun fr\u00e1 \u00e1rinu 1919","publisher":{"@id":"https:\/\/velarogverkfaeri.is\/en\/#organization"},"potentialAction":[{"@type":"SearchAction","target":{"@type":"EntryPoint","urlTemplate":"https:\/\/velarogverkfaeri.is\/en\/?s={search_term_string}"},"query-input":{"@type":"PropertyValueSpecification","valueRequired":true,"valueName":"search_term_string"}}],"inLanguage":"en-US"},{"@type":"Organization","@id":"https:\/\/velarogverkfaeri.is\/en\/#organization","name":"V\u00e9lar & Verkf\u00e6ri","url":"https:\/\/velarogverkfaeri.is\/en\/","logo":{"@type":"ImageObject","inLanguage":"en-US","@id":"https:\/\/velarogverkfaeri.is\/en\/#\/schema\/logo\/image\/","url":"https:\/\/velarogverkfaeri.is\/wp-content\/uploads\/2021\/10\/vv_logo_350x100.png","contentUrl":"https:\/\/velarogverkfaeri.is\/wp-content\/uploads\/2021\/10\/vv_logo_350x100.png","width":350,"height":100,"caption":"V\u00e9lar & Verkf\u00e6ri"},"image":{"@id":"https:\/\/velarogverkfaeri.is\/en\/#\/schema\/logo\/image\/"},"sameAs":["https:\/\/www.facebook.com\/VelarOgVerkfaeri"]}]}},"_links":{"self":[{"href":"https:\/\/velarogverkfaeri.is\/en\/wp-json\/wp\/v2\/product\/75770","targetHints":{"allow":["GET"]}}],"collection":[{"href":"https:\/\/velarogverkfaeri.is\/en\/wp-json\/wp\/v2\/product"}],"about":[{"href":"https:\/\/velarogverkfaeri.is\/en\/wp-json\/wp\/v2\/types\/product"}],"replies":[{"embeddable":true,"href":"https:\/\/velarogverkfaeri.is\/en\/wp-json\/wp\/v2\/comments?post=75770"}],"wp:featuredmedia":[{"embeddable":true,"href":"https:\/\/velarogverkfaeri.is\/en\/wp-json\/wp\/v2\/media\/77245"}],"wp:attachment":[{"href":"https:\/\/velarogverkfaeri.is\/en\/wp-json\/wp\/v2\/media?parent=75770"}],"wp:term":[{"taxonomy":"product_brand","embeddable":true,"href":"https:\/\/velarogverkfaeri.is\/en\/wp-json\/wp\/v2\/product_brand?post=75770"},{"taxonomy":"product_cat","embeddable":true,"href":"https:\/\/velarogverkfaeri.is\/en\/wp-json\/wp\/v2\/product_cat?post=75770"},{"taxonomy":"product_tag","embeddable":true,"href":"https:\/\/velarogverkfaeri.is\/en\/wp-json\/wp\/v2\/product_tag?post=75770"}],"curies":[{"name":"wp","href":"https:\/\/api.w.org\/{rel}","templated":true}]}}