{"id":75769,"date":"2025-09-06T15:41:20","date_gmt":"2025-09-06T15:41:20","guid":{"rendered":"https:\/\/velarogverkfaeri.is\/?post_type=product&#038;p=75769"},"modified":"2025-10-31T12:31:46","modified_gmt":"2025-10-31T12:31:46","slug":"dorma-hurdarhandfang-an-rosettu-svart-3802-sett","status":"publish","type":"product","link":"https:\/\/velarogverkfaeri.is\/en\/lykillausnir\/hurdabunadur-lykillausnir\/hurdarhunar-hurdabunadur-lykillausnir\/product\/dorma-hurdarhandfang-an-rosettu-svart-3802-sett\/","title":{"rendered":"DORMA Hur\u00f0arhandfang \u00e1n r\u00f3settu svart 3802 (SETT)"},"content":{"rendered":"<p><img decoding=\"async\" src=\"data:image\/png;base64,iVBORw0KGgoAAAANSUhEUgAAAOIAAAD4CAYAAADxXToqAAAAAXNSR0IArs4c6QAAAARnQU1BAACxjwv8YQUAAAAJcEhZcwAADsMAAA7DAcdvqGQAABxISURBVHhe7Z0HtBXV9YePJQFFUIOiKKiIFLFFotgIYBdLJCxFUVAM2FAIdhaSqBQrSlEURcUS7AKCCAhWSAAVRAFjwYaCjSJqUExM\/v9vc+Z5fbwH9713594zc3\/fWrPunTNzX7kzv9nn7LP3PhutWrXqf04IUVA29q9CiAIiIQoRABKiEAEgIQoRABKiEAEgIQoRABKiEAEgIQoRABKiEAEgIQoRABKiEAEgIQoRABKiEAEgIQoRABKiEAEgIQoRABKiEAEgIQoRABKiEAEgIQoRABKiEAEgIQoRABKiEAEgIQoRABKiEAGgSt+l+PHHH90XX3xh2+LFi93KlSvdTz\/95DbaaCP3v\/9V7KvK5jPlnZOLz67vZ3AMSh\/PxWf\/+9\/\/uq233trtvfferkGDBq569er+DFEeRS\/E\/\/znP27OnDlu8uTJbtGiRSa6jTfe2O24445up512cltttZX71a9+Ve5NKdZlk002cV999ZV9r6tXr7bvr2XLlu6YY45x9evX92eJTIpSiGvWrHFjxowx8f3617929erVcy1atHBNmza1J7jIHVjHt956y82bN8+9+uqr1sNo0qSJ69Kliz3sxFqKSogffPCBe\/TRR938+fNdo0aN3PHHH+\/2339\/f1Tkg+XLl7vHH3\/czZgxw9WuXdu1b9\/e\/f73v7deSDFTFEJ855137OJ\/8skn7qCDDnIdOnRwm2++uT8qCsULL7zgJkyYYD2UE0880R1yyCGuRo0a\/mhxkWohIsCpU6fa2I+nbrt27Wz8IsLilVdecRMnTnT\/\/ve\/3WGHHWZbsVnIVArxX\/\/6l7vrrrusG9S8eXPXqlUrt8022\/ijIlRmzpxpG9fv1FNPteFDsZA6IeIYGDp0qHnp2rZtKwEmkGnTprkHH3zQvKwdO3b0rekmVUJkzIElvOCCC0yIIrnQm+ndu7fbcsst3aBBg3xreklNR3zSpEnuzjvvdP369ZMIUwAe1ZEjR7otttjCde3a1beml1RYRBwyDzzwgD05t9tuO98q0sKoUaPc9OnT3e23357aKJ3EC\/HZZ581Szh69GiFUqWYu+++2y1cuNANHDgwlVNPie6aMqin+3LbbbdJhCmnW7duFvU0ePBg35IuEitEwqXuueced+ONN7q6dev6VpFmcMIRlM8wJG0kUogff\/yxGz58uOvbt69iQ4sIgjEuueQS99prr7kFCxb41nSQOCGSBTFkyBALGt5jjz18qygWatWq5bp37+5uueUW35IOEifEKVOmWNR+mzZtfIsoNsiS2WGHHeyBnBYSJcRly5aZG5uIGVHcDBgwwD399NPu888\/9y3JJlFCJHKGiV51SQX06tXL\/ARpIDFCXLFihVlD0mWEAPJJCRCfNWuWb0kuiRHiiy++6HbeeWfXsGFD3yKEcz179nT333+\/30suiRHi+PHj3UknneT3hFgLid7MLb799tu+JZkkIsRt3LhxVoiof\/\/+viW\/fPfdd1YEiforYi1MI5G8S0QTWfWbbrqpP5J\/yPL\/8ssvEx0cngghkpPGoDyfThoscJQ1TqU3JpOpRiZ+hu+FhxNlFPl+KMS12267udatW9u1ylfY4ddff20B4X369PEtySN4IS5dutRdccUVliiaDxhvjB071iqNnXzyyTYmpUanKB8ESflEphIoT4J3m30m3xlOHHvssbGWvuBhyXQG12vPPff0rckieCESV8hF7NSpk2+JB26iq6++2iL7SUitU6eOPyIqy9y5c+0B+v7777ujjjrKArfjspK33nqr1aFNqlc9eGfN888\/74444gi\/Fw8fffSRdWuOO+44C52SCHMD9YLIlnjooYdMgOecc46Vs4wD6tvQe0oqQQuR8offfvut23777X1L7mF8QajUGWec4U444QTfKnIJWfZYQx5yBGwTsJ9rsIZJdqgFLUSK0Mbd56dLw9NUsavxQyGvG264wdYVwRmWS6ht88MPP7jPPvvMtySLoIX4+uuv29giLhD6e++9Z3luIj8w3sc6ktRNbyRX0PXFGn7zzTe+JVkELUTyDg888EC\/l3uGDRuWmljFJEE3ctttt3WzZ8\/2LVWnWrVqNn3C5H4SCVaIrFNBdyOuytyEzNWsWdM1btzYt4h8wqpQOMlyBZZ2fUvJhU7QQuSpGRd0jeScKRwIh\/lHsZZghbhq1apYSyMSm8h0hSgc0YKnImAhcpHivFB0YRSyJkIhaGdNnP19ukZJHU+I9BG0EOO2iEKEgiyiEAFQtBaRaZGffvrJ7wlRWIrWIoIsogiFoIUoRLEgIYqCwTg9VzCMyeXPyzdFK0QunLqmhYMAbYI2WBl45cqV62yUzyQonFo05BnyyhYd53Ocw3vO+\/TTT622UFKvabAZ+mPGjLEvl3J5cdC5c2db5nuzzTbzLSKfPPfcc+6JJ56wEpmlcwh5SFL+AguHuL7\/\/nsLvqCd8hvAZ3C4cQ7tnEON0wsvvDCRCxMFLcQlS5a4Hj16+JbcghBZ4DSNi14mBRK\/16xZ4\/d+BmHh0ca68R7Yz+x68p4t0wISxJ\/UFaOL2iJKiCIUitpZEz1thSg0RStEujVKwxGhULRCxElDYSohQiBoIarrKIqFYIWIe7qQ6ykIkU+CFSLuaooBxYksrgiFYIUYt0iYDGbSWIgQKFpnDZEaRGIIEQJFK0QhQkJCFCIAJEQhAqBohUhkTemofyEKRdEKkbUSFFkjQkEWUYgAKOoxoib0RSgUrRBVJkOERNEKEWuorqkIhaIVImlQSV1dVqSPoh4jChEKEqIQAVDUQpTXVIRCUTtrtAiNCIWiFWL16tWteK0QIVDUFlFziSIU5KwRIgCCFSLWinjQuJCjRoREsCX3H3\/8cTd\/\/nzXqVMnq+YWdSOJhqEwMBPymWsfUH+G80qLF8Flnsc+ZfYHDRrkmjVr5k4\/\/XRrF6KQBCvERYsWuXHjxrnFixfbslwHHHCAiQ1BRVsE76k\/Q0EoatFkHkN4tEfvf\/jhB\/fhhx+6Lbfc0nXp0sV+rhCFJlghRrB81+zZs12fPn18y1oiMSIuXpmKwFqynwlt0XlYRlYgGjZsmLvmmmvcVltt5c8SorAE76zBmkVr4mUSCSt6xRKS7Est1MyNaQq6sbyyX69ePduXCEVIBC\/EXGdIYB0RrBAhEbwQc03UTRUiJIpOiEKESNEJUdZQhEhRdk2FCA11TYUIAAlRiACQEIUIgOCFyIR+LlcOLiseVYhCE\/wduWLFCrds2TIL9KZEPsm8q1atsgps7K9v49yVK1eWvF+9erWFuPF5fp4QoRB0rOljjz3mBg4c6H7zm9+4OnXqlARvIy6iY8iiWJ8XFMtHMDihbVhCpi7YJ\/CbY88884w\/U4jCErQQSVWaMWOGZWFkgpiILUVglaV9+\/bu4YcfVribCIKghTh06FATYf\/+\/W0\/GtvxiiXMZk6Qc0vHqyLivn37uokTJ+Z0\/ClEZQlaiCQGT5gwoSSrgq4pwpo+fbqrW7eua9CggT+zbOiKTpkyxTVs2NA1btzYUqUQL+NDfl737t39mUIUluDzEcti8ODBltB78MEH+5by6d27t2vbtq1r3bq1bxEiPBLpx8eaZTs+jPIUhQiZRAox2\/EhcF6ucxqFyDWa2RYiACREIQJAQhQiABIrxGzHiEIkgUQKkbnEKNxtQ3AumxAhk8g7lFhRtmwg0HvNmjV+T4gwCXpCf\/LkyW7EiBFum222KSmxT7QMVcCpS1q7dm2bmiirDg1dV8LXyLYgOJxzo4wLzicb495777V9IQpN0EIkgmbq1KkW5gYIMQpTQ2TZzA9GXdjoc0Bbu3btbH2NqgSOC5Ergu+a1qxZs2SchyVDgJGoENSGNiwi8J7PRkHeWEkhQiFoizh27Fh3\/fXXm4h22WUXC1cDBElbZBERaSRMXhkXRmFtpEyx4AzjRM6jS0qyMV1VLKIQIRB80DdiWbhwoevZs2eJgwYryXgPkUUCBF6xlmTvRxaPsSWCpR0hIsI77rjDFqEh4ViIEAheiCQGI8Rzzz3Xt1QNRHnttddaPqIQoRD8GJEuJesi5gp+nurViNAIXohlTU0IkTYUciJEAEiIQgSAhChEAEiIQgSAhChEAFRpHnHp0qVWvr4yMJ\/XtGnTksn48nj55ZfdO++8484++2zfUnUGDBigeUQRFFUS4iOPPOLefvtti1gpTfXq1W2+rrw5O9q7devmdtppJ99SNuPHj3czZ860GqTRfGI0pREFcfP6\/fffWxwpvzdqj+D8aFu+fLkbPXq0VREXIhRii6yZNWuWa9Kkidt66619S8WgiPCwYcNMVB9\/\/LGJHSuKmH788UfbzxQk8aUIsayHQhTiBpxL2Fvz5s3dPffcY21CFJpYhPjZZ5+5U0891bVp08ZiOisD1varr75yPXr08C0\/E8WNRkIEgrkjIWZaRM7h\/Mgycxzr2blzZ1uEJvNnCFEoYnHWkDUxb948N3LkSPfpp5\/61oqBYLbYYgu\/90sYV5YWEOfSLSW\/kMyLaGMfC0igOFuNGjUs0Zj3QoRCzoVI9vx9991n78mOuO666+x9ZaBLGRdx\/mwhKkrOhciahng5sUZYIvanTZvmj4aDuqQiJHIuxEMOOcS6pEcffbS7+OKL3fDhw12tWrX8USFEWeRciKy61KFDB7fPPvu4E0880d63aNHCHxVClEUszhrI9FQKIdZPbEJkCiFzGkEIUT6xCVEIkT0SoggOelJLlizxe2unmiZNmmRFv4jYSiMSoggKEgn69etn3vYI3jMl1qxZM\/fss8+6p556yh9JDxKiCAqCQAhVjKKqKKFJrHGvXr3MI3\/++ee7uXPnpm49EwlRBEWjRo1cp06dbG0TINQxMwoKARLiSHuakBBFcGAFI\/ERK\/y73\/3OXXrppe7+++93V111lfvtb39bUvU9LUiIInhOP\/1065LSZa1Tp4478MAD\/ZH0ICGKRNCwYUNbw4QQSsSYNiREUVDef\/\/9dRwvjP9Kl1BhOmPBggWuZcuWvmUtixcvditXrvR7yUVCFHlnzpw5bty4ce6iiy4yYb322mu2OBCJ4MuWLTPLd\/zxx9t+1Ea2zMknn2xzjFE7nxkyZIj9jLvvvtsSvWlPIrGVymA5Nb7MPffc07dUDNKnvv32W9e1a1ffklu4qPwOpUPln7\/97W9WwItKDsC1IFk7CouMvKKZscqRlYzqFkXnMcHPdAarf3Gv3XLLLW6vvfayc5KEhCgh5p2HHnrIffnllzZnyLJ7TNjvvvvuv5imQGiZ14Z9yGxDnDfffLNZVO4TJv3J+Nl77739GclBXVORd7B0WK0rr7zSjRkzxhwwrFWJVYy2bbfddp390m185oILLjAL+8c\/\/tHKoCS18kKwQiz9RBTpIlp0dtddd7XXyrLDDjuYQOmyJjntLlghMmdEtTUhioFghYg1jGqRCpF2NEYUIgAkRJF3cKjkevy\/vkBwKsOvWrXKffPNNxXe8Nzng2CnL\/CmUZy4Z8+eviW3aPqicDD3RzHoXXbZpVwHS1nDEoTG9WKLpjOAfQQze\/Zsd\/DBB7v69ev7I2vhXlq4cGG5geL4I\/gZ0RxlJvzOI4880u27776+JR4kRAmxILDK15NPPlmS7pQJ1wRxYMlKT0fQjnhLh8BxLhAcXnpho08++cSx+FB5FhNriRcXD2zpBwB\/y8477xx7SVAJUUIsCKQ0ET965plnriMqoA0RZlq+aEqL9tKiQmhcT+YTSZOqCFdccYWF1fXp08e35J8KjRFHjRrl362FECWWZROioiAoJuR33HFHt\/3226+zMTe43Xbb\/aKtbt269orlymxnYz6yvLVS1gdxr8SpEuHzz3\/+07fmn6yFOGHChF88hd588013+eWXW99biMqQyygYrGWm9cyWv\/zlL9bV\/eCDDyxCp1BkLUSK9lBGP4J4vi5dulR6\/UMhCg1L\/\/39738vGZ6weBJxq4UgKyHyBzIYfuKJJ9yIESNKPF10HcobAAsROv\/4xz\/c4YcfbknHBx10kNtvv\/2srRBkpSKqaCHACy+80PrnDz\/8sLUr8kUkGVakJhPk2GOPtbQsyjTG5RzcEBsUInMr0TwLMCCOMqrp40uMIskwt8j9XehiVBsUIn8guWKsN89KwHhJ\/\/CHP9gx1j8k9USIpIKDB2OSS8dRZciqa9q+fXtLuESQ5513XknxnqZNm8ZaUUtzfKJYyNrTQiImwsunc6Yy7mghkkj+VFUJ4rSIdEVkcUUoBCtERFJWEG6uoIL0119\/7feEKCzBCpFxaFTlKw6YM3r00Uf9nigEGnr8TLBCxDH0+eef+73cgwNqypQpfk\/km9WrV1cqNjStBCtEAoJ5YpKcGQcNGjSwTVaxMCxatKjSmTllQbQX0xBlZXIkgaCdNY0bN3bTpk3ze7mHStNECcUldlE2M2bMMB9ALoVIkAk+Bcb+SSRoIbIc1\/Tp0\/1e7qlXr57r2LGj++tf\/+pbRNww3KAXwgpP1apV861Vh4p\/iDCpSQhBC\/Gwww5z7733nt+Lh1NOOcVKKwwePNi3iLgg04GAEIJDKpq8uyFYH4NIr6SuFBW0EPliiYx\/6623fEs8UC363XfftfLt5dVQEZWHFZ8uu+wyd9ttt7nrrrvOHXHEEf5I7iAxIcnOn6CFCKSpPPfcc34vHihkRCQ+BYgYN1KEiHUZRMXBwfbdd99Zou348eNdjx49XP\/+\/W26iPE43vA44PeRGZRUgq1ZE8FF\/dOf\/mT1SPLBiy++aMt7YY1JfqZkA+OOpHrj4ganC1MRFGDiQcbiMlhAPJh0E3mQNm\/e3J8dD+TKYmlPO+00c9jg5COjIhvoAfXr189q3cRdqW19BC9EuOSSS1ybNm3cCSec4Fvi56OPPrKnLJaRm4ubTBPQ60JvggcV1dh4zytOMGKT88WHH35o6y0yxMD6nnvuufY3ZENFhIhDiAd0xLx58+yVhzTC53\/mwV0ZEiFEivowfqPITyEpdKpMaGANQ4jXZVhBEap27dqZqM455xzbz4ZshciSb1988YVr1aqV7XMvUHCKJAg8wZRsPOqooyo9\/g1+jAiMK3javvLKK76lMPCla\/t5C0GEgDcWDzvd0rj+JgIQqCIXwf+Px52ynHiAq5ognwghQqdOnayUgRCZMCdJKUW6x3FVi8Ajy5LgdLvLcuLhx2A8zKrFlSUxQuSpwxMPj6YQEQ8++KDr3r2734sHnE\/NmjWzCKw77rjDt66FxAQ2yvKzhEBlSYwQ6Zq2bdvWPJoaqwlgvXymRUqvdZFLePhTYhFv+ujRoy3SKzPIhGr0TJvgGa7K9ElihAiUvCOMaebMmb5FFCs4SJhfplx+nFCzqVevXu7ss8+2BW722GMPWwsD6Arjt8BaVpVECRGrSJHjp59+umTpZ1GcXH311RYulzmdEBdRDCvWF89oFFjOdBaiLL3oTWVIlBCBLwPX9O233+5bRLFBcAehj\/mcVwacNcxnRzB3yBRdLkicEIFCx7iTC7lWgSgMr7\/+unv++ect2ipNJFKIwAQ\/T0YuiigOyLC48847bSqrdu3avjUdJFaIjA3uuusuC2maO3eubxVpBe\/ljTfe6Fq0aOFatmzpW9NDYoUIrItHBXISe0ljEumFoG7GaGnrkkYkWohAVAV5boixUCv5iPigBEbfvn3NQ1nIFX3jJvFCBCIarrzySlsOWmFw6YHQsksvvdQKiV111VW+NZ3EJkTmWqoSe1dR9tprL3tiYhWJxidlRSQXHqh0R1u3bu0uvvhi35peci5EgnAJPSIUCA8XtWAmTZrkj8YLk6tM9NaqVcu6M2PGjPFHRFIgrvOaa66xVccor3HSSSf5I\/ERQjpXzoVIkiZfJEIcNWqUCSOKRIiTyZMnW20bvKksKU4gMNaR3LQ33njDnyVCZujQoeYFJ5Tx8ssvt0n7uInW\/gx+fcSKQrkCuom4mxlok6xJuYS4wWuaWaKfizho0CD7e0hSZoyxYsUKf1SEBLVsSMwlbHHIkCEWRpYPC8XDmrU+6Qb\/+c9\/tpWD+f2FIOdCJO6ua9euVj6Ap0y+PF3lJaoSksSFZqoDS4mFJptaFBYe0qQw8aAmsZdxPQHcTFHkC8afL730kpVEefXVVy3L4oADDvBH80sspTLI2+Km5+bPV0woUxhEwZOpXR6URcCzSk4j9UUoYEyeI6X3EbKIF+r+zJ8\/34YMlJ4gbYj7hO8\/F5C0e9NNN1mmRLalMjp37mzV5oAg8htuuMHe55vYatYQ7YJ1zFcRIQSPEDODctcHsaoUHFqyZInNUVFbh2kQig7VrFnTxpp4fQs9dkgi9EyorEZlN4YDfNcMHXhlKgJLRPcz1+ApR4jdunXLOjdw6dKlds9wzXE07rbbbv5IfqmSELmBy0vSjcoPxlW+IBMuwMiRI62M3nHHHbfB38mNkmkB6ZpgJXnFmjNWqVGjRokQOVcV3LKH74vvkNhQHHWIj97H\/vvvX9L15L7J5XfK76S4Ez0jyvk3adIkq5\/PA4O4ZR4a+BG45qU\/V\/p+iYNKC5E\/\/JFHHrFSg3H\/kRuCLuecOXPM+jZq1Kjch0NZRGNZvGdcFLpPdHGoQ8LTnJqdEmHFoUdBsSXy+Ni4R3DgscXxfSIWrhnjPJyFiD9boutMD670vcM+1rJDhw6xFjCukkWkqxHCxDkD\/7Fjx9oXSbeHi10ZoidftLEvKg83Mb2TfPSKuF4ICuOA95M55WwFz8OYa80DvSx4UPOAj3p5cRDbGDHfVHSMKNIHRoEMDeaOM0sfJoHUuAp5+lakSyrSB9cfK5jE+0A+eyECQEIUIgAkRCECIFVClJdTJJVUW0TmBUmnEekjbdc1VULMnDeaMGGC5bI98MADvkWkCYL3zzrrLPfCCy\/4ll9e\/6SRmnnE4cOH2\/p2hLn17t3bkpGJtCDcieRkVQZPB1HQBVkbRFMRknbMMcdYDiwrMl177bUVCvoOhdQIkWoABPBOnTrVLVy40Lc6EyYZFkRNJPmJKdYS+QFmzZpl1zuCZdapDDFt2jR3xhlnSIiFguWy+PIJdxs4cKDlHCI+oiyIyBfpguB+8hirVatmPSEy+4msIhmc7IukCTE1Y0TiGQnOZQVXymacf\/75djHyEeeYL7D23Hzw\/w9QK0UyYsQIW0I6svYsW0c6Dw8mjqXp\/8+E\/wsBDhgwwK43mR2Q1F5PqoQY3XQkJHOBuEHzvVBJXCxYsMD+H4orAdaeuFqSWVnNluNAwDP\/MwW04g5ULiSsf0JCL+PBNJAaIZLnRg5hJqxld+ihh\/q9ZEPicseOHW1pOmDthyiznRSezNKVjJNYrKVVq1a+JX2wChM9oEywhnGlWcVNaoRIl7RQ9UbyBek4mTfZ8uXL3a233up23333X1Q8Ix+PRFxSgiqbEpZEsP7kISaxqkJqnDXFwMsvv2wr5ZKkSvY7q2FRIY9s9LKgFMg+++yTs5owSYDhSRK746ma0E87jAuJFgLWdEdkpUUYLTlAyQ\/KS0Zd2WIhqWNiWcQEQVgXlpBlySZOnGh1dihDQfeT8WP9+vWtO0qFNNz6FOqlYoEIHwkxpTCWVBB8clDXNKVIhMlCQhQiACREIQJAQhQiACREIQJAQhQiACREIQJAQhQiACREIQJAQhQiACREIQJAQhQiACREIQJAQhSi4Dj3f8RXK16QZTauAAAAAElFTkSuQmCC\" alt=\"\"><\/p>","protected":false},"excerpt":{"rendered":"<p>Tegund: 3802<\/p>","protected":false},"featured_media":77244,"comment_status":"closed","ping_status":"closed","template":"","meta":[],"product_brand":[],"product_cat":[597,667,517],"product_tag":[],"class_list":{"0":"post-75769","1":"product","2":"type-product","3":"status-publish","4":"has-post-thumbnail","6":"product_cat-hurdabunadur-lykillausnir","7":"product_cat-hurdarhunar-hurdabunadur-lykillausnir","8":"product_cat-lykillausnir","10":"first","11":"instock","12":"taxable","13":"shipping-taxable","14":"purchasable","15":"product-type-simple"},"yoast_head":"<!-- This site is optimized with the Yoast SEO plugin v27.3 - https:\/\/yoast.com\/product\/yoast-seo-wordpress\/ -->\n<title>DORMA Hur\u00f0arhandfang \u00e1n r\u00f3settu svart 3802 (SETT) - V\u00e9lar &amp; Verkf\u00e6ri<\/title>\n<meta name=\"robots\" content=\"index, follow, max-snippet:-1, max-image-preview:large, max-video-preview:-1\" \/>\n<link rel=\"canonical\" href=\"https:\/\/velarogverkfaeri.is\/en\/lykillausnir\/hurdabunadur-lykillausnir\/hurdarhunar-hurdabunadur-lykillausnir\/product\/dorma-hurdarhandfang-an-rosettu-svart-3802-sett\/\" \/>\n<meta property=\"og:locale\" content=\"en_US\" \/>\n<meta property=\"og:type\" content=\"article\" \/>\n<meta property=\"og:title\" content=\"DORMA Hur\u00f0arhandfang \u00e1n r\u00f3settu svart 3802 (SETT) - V\u00e9lar &amp; Verkf\u00e6ri\" \/>\n<meta property=\"og:description\" content=\"Tegund: 3802\" \/>\n<meta property=\"og:url\" content=\"https:\/\/velarogverkfaeri.is\/en\/lykillausnir\/hurdabunadur-lykillausnir\/hurdarhunar-hurdabunadur-lykillausnir\/product\/dorma-hurdarhandfang-an-rosettu-svart-3802-sett\/\" \/>\n<meta property=\"og:site_name\" content=\"V\u00e9lar &amp; Verkf\u00e6ri\" \/>\n<meta property=\"article:publisher\" content=\"https:\/\/www.facebook.com\/VelarOgVerkfaeri\" \/>\n<meta property=\"article:modified_time\" content=\"2025-10-31T12:31:46+00:00\" \/>\n<meta name=\"twitter:card\" content=\"summary_large_image\" \/>\n<script type=\"application\/ld+json\" class=\"yoast-schema-graph\">{\"@context\":\"https:\\\/\\\/schema.org\",\"@graph\":[{\"@type\":\"WebPage\",\"@id\":\"https:\\\/\\\/velarogverkfaeri.is\\\/lykillausnir\\\/hurdabunadur-lykillausnir\\\/hurdarhunar-hurdabunadur-lykillausnir\\\/product\\\/dorma-hurdarhandfang-an-rosettu-svart-3802-sett\\\/\",\"url\":\"https:\\\/\\\/velarogverkfaeri.is\\\/lykillausnir\\\/hurdabunadur-lykillausnir\\\/hurdarhunar-hurdabunadur-lykillausnir\\\/product\\\/dorma-hurdarhandfang-an-rosettu-svart-3802-sett\\\/\",\"name\":\"DORMA Hur\u00f0arhandfang \u00e1n r\u00f3settu svart 3802 (SETT) - V\u00e9lar &amp; Verkf\u00e6ri\",\"isPartOf\":{\"@id\":\"https:\\\/\\\/velarogverkfaeri.is\\\/en\\\/#website\"},\"primaryImageOfPage\":{\"@id\":\"https:\\\/\\\/velarogverkfaeri.is\\\/lykillausnir\\\/hurdabunadur-lykillausnir\\\/hurdarhunar-hurdabunadur-lykillausnir\\\/product\\\/dorma-hurdarhandfang-an-rosettu-svart-3802-sett\\\/#primaryimage\"},\"image\":{\"@id\":\"https:\\\/\\\/velarogverkfaeri.is\\\/lykillausnir\\\/hurdabunadur-lykillausnir\\\/hurdarhunar-hurdabunadur-lykillausnir\\\/product\\\/dorma-hurdarhandfang-an-rosettu-svart-3802-sett\\\/#primaryimage\"},\"thumbnailUrl\":\"https:\\\/\\\/velarogverkfaeri.is\\\/wp-content\\\/uploads\\\/2025\\\/10\\\/ad80e8b9-4f90-4c09-8d95-e6593f15001c.png\",\"datePublished\":\"2025-09-06T15:41:20+00:00\",\"dateModified\":\"2025-10-31T12:31:46+00:00\",\"breadcrumb\":{\"@id\":\"https:\\\/\\\/velarogverkfaeri.is\\\/lykillausnir\\\/hurdabunadur-lykillausnir\\\/hurdarhunar-hurdabunadur-lykillausnir\\\/product\\\/dorma-hurdarhandfang-an-rosettu-svart-3802-sett\\\/#breadcrumb\"},\"inLanguage\":\"en-US\",\"potentialAction\":[{\"@type\":\"ReadAction\",\"target\":[\"https:\\\/\\\/velarogverkfaeri.is\\\/lykillausnir\\\/hurdabunadur-lykillausnir\\\/hurdarhunar-hurdabunadur-lykillausnir\\\/product\\\/dorma-hurdarhandfang-an-rosettu-svart-3802-sett\\\/\"]}]},{\"@type\":\"ImageObject\",\"inLanguage\":\"en-US\",\"@id\":\"https:\\\/\\\/velarogverkfaeri.is\\\/lykillausnir\\\/hurdabunadur-lykillausnir\\\/hurdarhunar-hurdabunadur-lykillausnir\\\/product\\\/dorma-hurdarhandfang-an-rosettu-svart-3802-sett\\\/#primaryimage\",\"url\":\"https:\\\/\\\/velarogverkfaeri.is\\\/wp-content\\\/uploads\\\/2025\\\/10\\\/ad80e8b9-4f90-4c09-8d95-e6593f15001c.png\",\"contentUrl\":\"https:\\\/\\\/velarogverkfaeri.is\\\/wp-content\\\/uploads\\\/2025\\\/10\\\/ad80e8b9-4f90-4c09-8d95-e6593f15001c.png\",\"width\":363,\"height\":217},{\"@type\":\"BreadcrumbList\",\"@id\":\"https:\\\/\\\/velarogverkfaeri.is\\\/lykillausnir\\\/hurdabunadur-lykillausnir\\\/hurdarhunar-hurdabunadur-lykillausnir\\\/product\\\/dorma-hurdarhandfang-an-rosettu-svart-3802-sett\\\/#breadcrumb\",\"itemListElement\":[{\"@type\":\"ListItem\",\"position\":1,\"name\":\"Home\",\"item\":\"https:\\\/\\\/velarogverkfaeri.is\\\/\"},{\"@type\":\"ListItem\",\"position\":2,\"name\":\"Vefverslun\",\"item\":\"https:\\\/\\\/velarogverkfaeri.is\\\/vefverslun\\\/\"},{\"@type\":\"ListItem\",\"position\":3,\"name\":\"DORMA Hur\u00f0arhandfang \u00e1n r\u00f3settu svart 3802 (SETT)\"}]},{\"@type\":\"WebSite\",\"@id\":\"https:\\\/\\\/velarogverkfaeri.is\\\/en\\\/#website\",\"url\":\"https:\\\/\\\/velarogverkfaeri.is\\\/en\\\/\",\"name\":\"V\u00e9lar & Verkf\u00e6ri\",\"description\":\"Umbo\u00f0s- og heildverslun fr\u00e1 \u00e1rinu 1919\",\"publisher\":{\"@id\":\"https:\\\/\\\/velarogverkfaeri.is\\\/en\\\/#organization\"},\"potentialAction\":[{\"@type\":\"SearchAction\",\"target\":{\"@type\":\"EntryPoint\",\"urlTemplate\":\"https:\\\/\\\/velarogverkfaeri.is\\\/en\\\/?s={search_term_string}\"},\"query-input\":{\"@type\":\"PropertyValueSpecification\",\"valueRequired\":true,\"valueName\":\"search_term_string\"}}],\"inLanguage\":\"en-US\"},{\"@type\":\"Organization\",\"@id\":\"https:\\\/\\\/velarogverkfaeri.is\\\/en\\\/#organization\",\"name\":\"V\u00e9lar & Verkf\u00e6ri\",\"url\":\"https:\\\/\\\/velarogverkfaeri.is\\\/en\\\/\",\"logo\":{\"@type\":\"ImageObject\",\"inLanguage\":\"en-US\",\"@id\":\"https:\\\/\\\/velarogverkfaeri.is\\\/en\\\/#\\\/schema\\\/logo\\\/image\\\/\",\"url\":\"https:\\\/\\\/velarogverkfaeri.is\\\/wp-content\\\/uploads\\\/2021\\\/10\\\/vv_logo_350x100.png\",\"contentUrl\":\"https:\\\/\\\/velarogverkfaeri.is\\\/wp-content\\\/uploads\\\/2021\\\/10\\\/vv_logo_350x100.png\",\"width\":350,\"height\":100,\"caption\":\"V\u00e9lar & Verkf\u00e6ri\"},\"image\":{\"@id\":\"https:\\\/\\\/velarogverkfaeri.is\\\/en\\\/#\\\/schema\\\/logo\\\/image\\\/\"},\"sameAs\":[\"https:\\\/\\\/www.facebook.com\\\/VelarOgVerkfaeri\"]}]}<\/script>\n<!-- \/ Yoast SEO plugin. -->","yoast_head_json":{"title":"DORMA Hur\u00f0arhandfang \u00e1n r\u00f3settu svart 3802 (SETT) - V\u00e9lar &amp; Verkf\u00e6ri","robots":{"index":"index","follow":"follow","max-snippet":"max-snippet:-1","max-image-preview":"max-image-preview:large","max-video-preview":"max-video-preview:-1"},"canonical":"https:\/\/velarogverkfaeri.is\/en\/lykillausnir\/hurdabunadur-lykillausnir\/hurdarhunar-hurdabunadur-lykillausnir\/product\/dorma-hurdarhandfang-an-rosettu-svart-3802-sett\/","og_locale":"en_US","og_type":"article","og_title":"DORMA Hur\u00f0arhandfang \u00e1n r\u00f3settu svart 3802 (SETT) - V\u00e9lar &amp; Verkf\u00e6ri","og_description":"Tegund: 3802","og_url":"https:\/\/velarogverkfaeri.is\/en\/lykillausnir\/hurdabunadur-lykillausnir\/hurdarhunar-hurdabunadur-lykillausnir\/product\/dorma-hurdarhandfang-an-rosettu-svart-3802-sett\/","og_site_name":"V\u00e9lar &amp; Verkf\u00e6ri","article_publisher":"https:\/\/www.facebook.com\/VelarOgVerkfaeri","article_modified_time":"2025-10-31T12:31:46+00:00","twitter_card":"summary_large_image","schema":{"@context":"https:\/\/schema.org","@graph":[{"@type":"WebPage","@id":"https:\/\/velarogverkfaeri.is\/lykillausnir\/hurdabunadur-lykillausnir\/hurdarhunar-hurdabunadur-lykillausnir\/product\/dorma-hurdarhandfang-an-rosettu-svart-3802-sett\/","url":"https:\/\/velarogverkfaeri.is\/lykillausnir\/hurdabunadur-lykillausnir\/hurdarhunar-hurdabunadur-lykillausnir\/product\/dorma-hurdarhandfang-an-rosettu-svart-3802-sett\/","name":"DORMA Hur\u00f0arhandfang \u00e1n r\u00f3settu svart 3802 (SETT) - V\u00e9lar &amp; Verkf\u00e6ri","isPartOf":{"@id":"https:\/\/velarogverkfaeri.is\/en\/#website"},"primaryImageOfPage":{"@id":"https:\/\/velarogverkfaeri.is\/lykillausnir\/hurdabunadur-lykillausnir\/hurdarhunar-hurdabunadur-lykillausnir\/product\/dorma-hurdarhandfang-an-rosettu-svart-3802-sett\/#primaryimage"},"image":{"@id":"https:\/\/velarogverkfaeri.is\/lykillausnir\/hurdabunadur-lykillausnir\/hurdarhunar-hurdabunadur-lykillausnir\/product\/dorma-hurdarhandfang-an-rosettu-svart-3802-sett\/#primaryimage"},"thumbnailUrl":"https:\/\/velarogverkfaeri.is\/wp-content\/uploads\/2025\/10\/ad80e8b9-4f90-4c09-8d95-e6593f15001c.png","datePublished":"2025-09-06T15:41:20+00:00","dateModified":"2025-10-31T12:31:46+00:00","breadcrumb":{"@id":"https:\/\/velarogverkfaeri.is\/lykillausnir\/hurdabunadur-lykillausnir\/hurdarhunar-hurdabunadur-lykillausnir\/product\/dorma-hurdarhandfang-an-rosettu-svart-3802-sett\/#breadcrumb"},"inLanguage":"en-US","potentialAction":[{"@type":"ReadAction","target":["https:\/\/velarogverkfaeri.is\/lykillausnir\/hurdabunadur-lykillausnir\/hurdarhunar-hurdabunadur-lykillausnir\/product\/dorma-hurdarhandfang-an-rosettu-svart-3802-sett\/"]}]},{"@type":"ImageObject","inLanguage":"en-US","@id":"https:\/\/velarogverkfaeri.is\/lykillausnir\/hurdabunadur-lykillausnir\/hurdarhunar-hurdabunadur-lykillausnir\/product\/dorma-hurdarhandfang-an-rosettu-svart-3802-sett\/#primaryimage","url":"https:\/\/velarogverkfaeri.is\/wp-content\/uploads\/2025\/10\/ad80e8b9-4f90-4c09-8d95-e6593f15001c.png","contentUrl":"https:\/\/velarogverkfaeri.is\/wp-content\/uploads\/2025\/10\/ad80e8b9-4f90-4c09-8d95-e6593f15001c.png","width":363,"height":217},{"@type":"BreadcrumbList","@id":"https:\/\/velarogverkfaeri.is\/lykillausnir\/hurdabunadur-lykillausnir\/hurdarhunar-hurdabunadur-lykillausnir\/product\/dorma-hurdarhandfang-an-rosettu-svart-3802-sett\/#breadcrumb","itemListElement":[{"@type":"ListItem","position":1,"name":"Home","item":"https:\/\/velarogverkfaeri.is\/"},{"@type":"ListItem","position":2,"name":"Vefverslun","item":"https:\/\/velarogverkfaeri.is\/vefverslun\/"},{"@type":"ListItem","position":3,"name":"DORMA Hur\u00f0arhandfang \u00e1n r\u00f3settu svart 3802 (SETT)"}]},{"@type":"WebSite","@id":"https:\/\/velarogverkfaeri.is\/en\/#website","url":"https:\/\/velarogverkfaeri.is\/en\/","name":"V\u00e9lar & Verkf\u00e6ri","description":"Umbo\u00f0s- og heildverslun fr\u00e1 \u00e1rinu 1919","publisher":{"@id":"https:\/\/velarogverkfaeri.is\/en\/#organization"},"potentialAction":[{"@type":"SearchAction","target":{"@type":"EntryPoint","urlTemplate":"https:\/\/velarogverkfaeri.is\/en\/?s={search_term_string}"},"query-input":{"@type":"PropertyValueSpecification","valueRequired":true,"valueName":"search_term_string"}}],"inLanguage":"en-US"},{"@type":"Organization","@id":"https:\/\/velarogverkfaeri.is\/en\/#organization","name":"V\u00e9lar & Verkf\u00e6ri","url":"https:\/\/velarogverkfaeri.is\/en\/","logo":{"@type":"ImageObject","inLanguage":"en-US","@id":"https:\/\/velarogverkfaeri.is\/en\/#\/schema\/logo\/image\/","url":"https:\/\/velarogverkfaeri.is\/wp-content\/uploads\/2021\/10\/vv_logo_350x100.png","contentUrl":"https:\/\/velarogverkfaeri.is\/wp-content\/uploads\/2021\/10\/vv_logo_350x100.png","width":350,"height":100,"caption":"V\u00e9lar & Verkf\u00e6ri"},"image":{"@id":"https:\/\/velarogverkfaeri.is\/en\/#\/schema\/logo\/image\/"},"sameAs":["https:\/\/www.facebook.com\/VelarOgVerkfaeri"]}]}},"_links":{"self":[{"href":"https:\/\/velarogverkfaeri.is\/en\/wp-json\/wp\/v2\/product\/75769","targetHints":{"allow":["GET"]}}],"collection":[{"href":"https:\/\/velarogverkfaeri.is\/en\/wp-json\/wp\/v2\/product"}],"about":[{"href":"https:\/\/velarogverkfaeri.is\/en\/wp-json\/wp\/v2\/types\/product"}],"replies":[{"embeddable":true,"href":"https:\/\/velarogverkfaeri.is\/en\/wp-json\/wp\/v2\/comments?post=75769"}],"wp:featuredmedia":[{"embeddable":true,"href":"https:\/\/velarogverkfaeri.is\/en\/wp-json\/wp\/v2\/media\/77244"}],"wp:attachment":[{"href":"https:\/\/velarogverkfaeri.is\/en\/wp-json\/wp\/v2\/media?parent=75769"}],"wp:term":[{"taxonomy":"product_brand","embeddable":true,"href":"https:\/\/velarogverkfaeri.is\/en\/wp-json\/wp\/v2\/product_brand?post=75769"},{"taxonomy":"product_cat","embeddable":true,"href":"https:\/\/velarogverkfaeri.is\/en\/wp-json\/wp\/v2\/product_cat?post=75769"},{"taxonomy":"product_tag","embeddable":true,"href":"https:\/\/velarogverkfaeri.is\/en\/wp-json\/wp\/v2\/product_tag?post=75769"}],"curies":[{"name":"wp","href":"https:\/\/api.w.org\/{rel}","templated":true}]}}