{"id":75768,"date":"2025-09-06T15:41:20","date_gmt":"2025-09-06T15:41:20","guid":{"rendered":"https:\/\/velarogverkfaeri.is\/?post_type=product&#038;p=75768"},"modified":"2025-10-31T12:31:43","modified_gmt":"2025-10-31T12:31:43","slug":"dorma-lykillauf-3826-svort-sett-7030000029542","status":"publish","type":"product","link":"https:\/\/velarogverkfaeri.is\/en\/lykillausnir\/hurdabunadur-lykillausnir\/lykillauf-hurdabunadur-lykillausnir\/product\/dorma-lykillauf-3826-svort-sett-7030000029542\/","title":{"rendered":"DORMA Lykillauf 3826 sv\u00f6rt (SETT) 7030000029542"},"content":{"rendered":"<p><img decoding=\"async\" src=\"data:image\/png;base64,iVBORw0KGgoAAAANSUhEUgAAATAAAACVCAYAAADfXaYaAAAAAXNSR0IArs4c6QAAAARnQU1BAACxjwv8YQUAAAAJcEhZcwAADsMAAA7DAcdvqGQAACKlSURBVHhe7d0HsFxV\/cDxi1hQ7A1BLNgRUAQlSETAiCBFBBICCT0GZtBxaCoZKzoKo6KgKCpYaAFEmgYNEVAQRaoIBGIUFREbir23\/\/9zsjduNlvflnvv7u87s\/Pe3rfvvbt7zvmdXz9r\/P73v\/9vFgRBUEEeUPsaBEFQOUKABUFQWUKABUFQWUKABUFQWUKABUFQWUKABUFQWUKABUFQWUKABUFQWUKABUFQWUKABUFQWUKABUFQWUKABUFQWUKABUFQWUKABUFQWUKATYF\/\/\/vf2fe\/\/\/3sBz\/4QfaXv\/wlXfvnP\/+ZLV++PPvDH\/6Qngfl5Cc\/+Un24x\/\/OI3Vv\/71r3Tt5z\/\/eXbXXXel74NqEQJsCtxyyy3ZsmXLkiD7739XtFP71re+ld13333ZlVdemf36179O14Ly8Y9\/\/CO77bbbsgsvvDBtPrfeemt2\/fXXZz\/72c+yr371q7VXBVUhBNgU+POf\/5w95jGPSY+11147Xdtmm22y6dOnp+9\/8YtfpK9B+XjWs56VtLBXv\/rV2SMf+cjs7rvvzrbddtts6623TuP617\/+tfbKoAqEAJsCa665Zva73\/0uu+OOO7IlS5bUrmZpB7fDb7zxxrUrQRnZdNNNs5tuuilpzA9\/+MOzBz7wgen6gx\/84JUadVANQoBNga222irbZZdd0s7NXPzjH\/+YLVq0KHvYwx6W7bXXXrVXBWWFpvzMZz4zbUAE1t\/\/\/vd03eazxhprpO+DalDpnvgc5w960INqz0bHvffem33nO99J\/3\/dddfNnva0p2XHH398MksIsc022yzt7KOGCZSbtJMAc++hD31o7Vl3XHbZZWncBFuMF3OfT3OttdZKJuWMGTNqr+ydqdxP0B9rLliw4F2170sDx+oTnvCEprvh0qVLk7bzjne8Iy3WDTfcsPaT0WGii2D5+uIXvzh7xCMeka2zzjrJqe+en\/KUp6w0S0bFn\/70p+wNb3hDCibgcY97XFqU9Vi4zN+y85WvfCX5F20Gjdx5553ZF7\/4xey4445LZvxLXvKS2k+6w9\/1Wb3yla9Mm4x59qhHPSpthLkPc6qceOKJ2Sc\/+cmk0Zkb\/m4j5s0DHhCGz6AopQZ2xRVXpMmUL8Bf\/epX2VlnnZX8TdIX8igfIXbwwQcnzWOUvgtCyr35+re\/\/S1ds\/N6npskeYh+FLgXjul58+ZlP\/rRj9K9EKKbb755tueee2bbb799et0NN9yQBH4R2mEvEAI77LBD9vSnPz09\/+Uvf5mde+65ycco\/cFzzJ8\/P3vrW9+aBFK38HMRVvVj9JCHPCQJdmP5n\/\/8J13rBQLJ33zb296WnXfeeSs3sec85znJ1WAMCLR77rknzd0XvehFtd8M+qWUAuyqq67KttxyyzSxcPvtt2cnnXRSdtFFFyUtIufoo49OkyPPxZpULEq5TBaQBZ4jmLD\/\/vsnIW+BXXvttdlGG22UFlOZ+exnP5tMuac+9anpOY385JNPTuPPT5VzwAEHZIceemjhkUMCy+dLA7vgggtqV7Okge2zzz7ZYYcdltwM8s9sxltssUXtFUG\/VEKA5fA7mcRyeOxmp5xySjZnzpzaTycbWuh2222Xfe9730sa1x577JF2\/3phdd1112XPf\/7zk8lbZhoFWM7NN9+cBMTnP\/\/5JAgWLFiQHXPMMbWfFs9b3vKW7BOf+ET27Gc\/O5s9e3a22267JS0sR8qGyCe3QzAYSukDM9Drr7\/+an4kDnOL1MSw473whS9caWZMOvxvv\/3tb5NGwrTeZJNNVtsABB\/4fBqvlw1O9Wc84xmr+ZCMP8H2mte8JpnBz33uc5NALguEKp\/chz70oXSf\/JD1\/L+ykKyF9dZbr3Yl6JdKaWBBf1RdA6s6oYENngiHBEFQWUKABUFQWUKABUFQWUKABUFQWUKABUFQWSIK2QOKtqUqSJyUxV3fD0wyo7QPGd0y4x\/72MemUL\/rZWGSo5BqH0UAZdtLhjZ2su7zzHvZ9B7Gz7xTxmQMB\/lZRRRy8IQAa0HeZcLEJ7TkUHku\/+zRj350mtxqMd0jIZUXCN9\/\/\/0p30epCkEmA1v9nd+RVNqYGzRKJkWAKS0yZmolfZX0bGyMlxwsuXDKrWw4HjYhG5KHhGClSh6EnXF+8pOfvHIMfZ1qwXYRAkyxurlrHj7+8Y+vXR0fQoDVodRDnygT90lPelJKpCR0LHiTt9eJ6+9YQARfLgx1\/lT6YxJvsMEGtVeOhnEWYEqMvD9tvi1UG0W+aRBCzQrDuyHXuo2djUmyqmvKtNQ09qJhFyHArr766vT+FcGrL51qGVnepJOWSnv11fr0GRfJxAswu\/U3v\/nNpDmZ9AZbryg77TCwCBSk\/+Y3v0kP\/++lL31p084Fg2YcBZjSqRtvvDGZ6xYTTWOY1Rm0NP3zaTXmjIWsP5wNrxNFmpDnn39+uk\/aZK\/88Ic\/TE0CCC7tt5ndKmWsF2VrU90cBsHECjBChMaltINpocB2qrvTVPG\/TQimDu2ORlZfOzdoxkWAMdfVxdKGaF4+s6K64PpMFdJzLTBP23WaKEKA0Ry\/9rWvpQ1SA86pQKslrFkU5igNl0b37W9\/O9t7773TJlwUExeFNOkVhOvMYDDUVeoNNWrhBTuXSfXa1742LULCzE4ZPfVbozPJmWeemQQBjULRepEtvKdNm5bGzwZIU9H2qSwnHBHueucpLp+q8ILAhsNqbCjaBNlsNe2kgeUtiYpiYgQY041woN0puNVmxgEPZYEw3XfffdOiZNLqf8X3EqxA++fTTjstbUCzZs3Kdt5550J3\/kYEBrR22mmnnZJZS4ukmRWJ4MVPf\/rTpEEtXrw4mYBTIe+dppi+HsKsaCZCgHFk6vLJt2Xys9\/LCh+FhUAjc8+TeNSXqGDuHOcw14GVAONvecUrXlFqE5hQJcRoZF\/\/+teT5lIU5jvHPfPRfXXbjffSSy9NG349frexaWh9GlEOQVnfs23YjLUAM\/lpMnZth21Qe6uCe9UMzyRhMnH4TwoWi4cus2effXba+WfOnJkc9FVB40jjZzHTHJm8XAac\/qNEyylH\/nXbRJGf693vfncSwjojI7\/nRmGFfKPR7VcPtNe\/\/vWrCb9hMrZOfJPfTkIQ8FNUGf2xOItf9apX9ZV6URUnPj9SHqp38EbV85eYcLSxJz7xiWn89GobNA7rJTi61bKaISfO33jTm96U\/HnQsnv33XdPTUTf+MY3rpJKxNVhPtGQjzjiiDRmxkpUeFhR\/EbGUgOjtjMb99tvv8oLLzjHkM\/OgR35rjiuCNHbzeXKGb9xSL7ka33d616XcgDzQ1cGDbcIk1EjyH4fIqp4+ctfnoJctKxm2pdrhJYg2K677pqueT5Kxk6A8RsJHXOIl\/3wil6w882dOzelXtjxxhElWgsXLkyagEUxbohWcgUMY\/xoPExtp2NN9SGqKNIorciBKYJeut4SSq0EmA2H3\/b000\/P3vOe96R74PQfFWMlwHzgMFHGFTudCXbOOefUrowHcuH0undqEn8NX8y4IZIneip6R1CPWlvpBtrWCSeckH3wgx9ceSpYM+HVDCbmGWecMdLo8NgIsM997nNJ+vOZjDuSPJkM4yLECCvBFiaLo+BoYt0umipBYHlIdpWb5T2X7X3yoTUGu3opl\/K+mP+jYiwEmMRUztGXvexltSvjz9Zbb52EmB2vyhBecqZ23HHHlQGKvEPEOJK\/N7mIfFYizMHUqbwAk3dC4gsVTxqEmPIV2dZVhK+EFmnHr69f7GXHrzIi7VJDLr744tqVoFcqLcCUA9nB+RUmFc5uZkiRCZNThTNbhG4cIsVTxcYrV0y9YtA7lRVgyjVkZ4+zw75bOPYl6\/pMqsLll1+eghG0yElHkrXGAsuWLatdCbqlkgKM6aHERoJdsAI+JDli2gOVnbzJnnsOVqDETTH\/OEZfh0klBRjhJWJVpmLeotELSxCj7KYIc\/fLX\/5yqtEbdVlNmZGzqKtGVf2ZRVG5GaSsRo3jC17wgtqVIMdnItfou9\/9bu1K+VB+InraTQPASUMwQ+7VrbfeWrsSdKJSAkwOjUZqk+y07wSnvgVQdJ+mZugzr72Lms6gOZz6yo3GOZVkkFRKgHH82r2LaD5YFRRqK\/+45ppralfKg4JmXRqC1hg\/ybzqQctCmZOKKyPAtLTVoG369Om1K0ErJEmKSJaps6ue6vpSddOJYRyz8HvB+ImwiyyXgTLn5VVGgPF9CbmH47czJhyH\/tKlS2tXiufmm2\/u2m+pG4KC7klGln6ZtLCyUkppYAHWS31nNNK+mEZBdzDVdD6gufaLz98jP0mpl4fOIBaiVjI6arifZq\/zUNBNa\/Q9jW2S\/UCi7N5\/FdJiimQkDQ35PmQb1wslzQoNkBNmcvyco96JM4pCtQhxzeknzArHj3Vbwe\/1ftdEqC8u9f+E8R1g2qz5W\/57eZlOPRYWtd69y0Xz8Hp\/x+L0veTMqRxdNQx8bvqy5\/lyU2loSADRnry3+s6cec+oTsECmpTIozpHn0vjPKjH3zc+WiK5Tw5t\/anq0dnU\/fjMm\/0d9yOlpFl2vzw5AtQYuQ\/vzRjm4+dBS2z8n4Oi11OJOPPNU620i4Q7QkPDww8\/PH1GOd\/4xjeSUqFRY1EU1pHVjk6wNDrkLY4lS5YkP4A8L7uyiSfymLf36Bf+BQmD7QQYAdp43p1MaaasNAXCjIBz\/6JrOlma+CZbu6O1Rs0ll1ySEkYJ3UF2ZCUobCaduubSqAgwff67RW8pG08\/3WebQZjrp2b886qF3FQlOAk282xYrat7FWDmqGLvefPmFeo6KbMAW3PBggXvqn0\/Uo488sikHus2Wg\/hYaKpkTNoMrYN5CDPS3SCjNY7cpFaPXINox7dQbUHtrAOOeSQlIxJKyS07NwEmYZwRQ5oI0w3QsSi9L333k+r7pwPfOADKaHYIRvtkFhLk+7lsFmbhA1k0NFmglurZIJECZrxU1DtIThkntH+9ZFvpSX2g02OAG3U7FtBuNIUaWHGrShs1tKXfE7160LbdmuC4C+KQsS6\/tm6EJx44olpMjXCtMz9H1pDl+H4JuixL5Jml27UYgiuOXPmpAVgYMvC8573vJR7hWYa51Q49dRTs\/e9733ZRz\/60dTKqB0EQWN\/qU7Qgofh\/3KY8fLly7MDDzywqRDhNiC89OkqCzYemnPQnJELMIubFBclo8nkhwc0QvvS2E6JxTBPq+4WTmXnNG633Xa1K6tDs+G3YQKXBQs1N8UHYYbkGgENRhG5v9sKAoMAG4TJOgj4lDr5k1gEBD2NowwYP+NGuw9WZ+QCjKby\/ve\/PzvssMOyN7\/5zU0Fgh2Y+kxoCCeXAYK2nfDKoS0yf5maZUGvc2akheCz7Qd+S76QY489Nnv729+eHXTQQbWfrI6KgLIkHRs\/PspuTDGVAs0sg6JQI8mMK4p+58wwKcwzyAHcys+QX7e780eVASZNt74L\/psy7Zg2DQu43WfeK5z4nSKQNBlZ5WWA\/6nb8RPF9FnRNssADbrIU9oHNWeGQWECrN7P1QgT04BJWeBzKhrOXYu124GkdZQpf0dQ4a677kq+sEH1K283fmBmMh0bI7lFQRj1ckqV199+++21Z8ViE9fAIFidwgRYOwgwvjK7ZpERjhy+uHaLtRFCQr6RRVwWLAJRyGbR1WHA5BlU2ssgMH69BDHce1lKedyL+VSW+ykTpRRgkC\/Trco\/CnpRoy0UO7gkybLAj0Ir7EUQ94PxK9uhtL34cuQ7jeqz6gY+4TL5VctCKQWYxc9kK4sDfyoQeGXyHTDFaYSj8uvQFkZ1vPwkIADBIglWpZQCjPBitnGmBoOB6cgxXV+6NUz428qSPjEOjPq8xapQSgFGdbfQYgEMDiaRDWEUZpHoMU1vEBn\/wQoEIMocDSyKkQiwVhGUVgMi6kcDG5XDeRIgwOSD9ZrT47QcxfjGBLRjvr12SbHG2\/8bROJssAJ+1TLnYxXF0GeY7OeTTz45O+uss9IAqAW77bbb2vqIdAmINiKDxQKQT9TLLi6R+LLLLkvj5gxHMA0lqOZF0M2gPRdZuzeucAGUKbBQBoYqwAgrCZRHHXVUKubVxsYObjdvt5twNtPAgsHSa0qKSKIW3ioQ1llnnSTELKJOGONw4A8em8+ofJhVYagCTBKjicwfovbRAvrCF76wsn6uVV4OE6WbhRL0hs+1lyik1ju5Ga\/G03jqLtEpuEJL6CeBdVxNpX7fl\/US62JVhm5C6tyQZ0Bvu+22KbdLvaBJ3spH4mfh\/xo8NKNeTBDjpi7Q78GJR\/vtt1+KiA1TE+D8b2eiVhV+wZjXg2XoAsyOz4+iJTQ018s7c7bakbQ1iQjk4LFh9OIDw9lnn50dd9xxqQsqOOi5BVppz\/2g4FzrGD5STSN70RbLjPwt3S1or9otaeZZJcqsEQ9dgBFedh1flQdxzqsxs5haaWDKXoaxQCYdJSm9aAAWG1NQ80l9tCSn0rwswHYRRkKylyoEAvHTn\/506pTq79JUzBOtpS+44ILK+n18Buedd15q\/MjvS6OlARPQn\/nMZ1KEtxfaWS3DpNdNb5QM9dMwgHZsXTv1j9KjnWOYcGon1ZkPoWoPHpO\/F9OM8BKI4bvkwxSEMYYmdLtJbXxFkrtBu2mPXXbZJc0TrcRVYNDCd9tttxTNpAW26ztWRtSCLly4ML2XmTNnpjbj3pt20oIiM2bMSOkpN910U+03OsP\/FetiVYYqwPgydJS0Y6uL03Z58eLFyadiIFoJMTtVGYq4xw2fdy8LQL\/zLbbYIu38opGEGC2MH7OdL83\/6MZMoonQxufOnZuinDlMx9x81Btfu+crr7wyPa8CPudFixalwEd9\/3taWP6+rAv+RP3muy0RsjGEZbIqQ9dHTb68qFd74\/nz5688XaiVAFMyYffvxeEctIcZ5vPutRyFwz43WzRqPPTQQ5MPs51ZZ\/PpRgNjOs6aNWs1s6hRu8vvgfZXBRx2Qch3Ot2IMNpqq62yL33pS7UrrTF2IbxWZ+gCrBEmjAnaSTjR3srUjqbqyKuzCEYR3ZMwi3Z+MD4umnb+2k7QBqvSjYHZTXPsBvmRXs+10o5OuZOTysgFWLdwOEf1\/eAgTEaVmkBb0kSx3QZkwbbqF8bMatzgNtxwwyTsyp4HRch4\/73UgWp11EljdTpXVYMZw6S0Aoyp02lXCrqHAOsnubRXmFDtFqXF2CoQIE+wmQ+0Cg5sgrfV+yJ885y6egi7TtqVNIxRbUBVorQCzKDmh48G\/TPKbqzg92zXQZQ21SrPa6eddlqtltJZoQIDZfcDuT+CqpmLRCCEJtmI05s6aWyisL2crTkplFaA2cH5bZrtWEHvSAzt1t80CJiQ7fq4E3A0tG7NIgXkVSkQt1HceOONtWf\/g1XReMYDIc\/Ubnf2KWGofGtYJ4ZXmdIKMIuNECtDV4qpOk\/b5UqNEk5i9zLKBWCh5i14WqHa4uKLL649a437d8iLUrR+6GU8vHaq2p7DceV3tQti5IisSrdohxOufFZhQq5OaQUYLAKHGRQN9b4x1N8JQq8sDmclOsM4HLiTYM+rLlohoZOGffnll9eurA6z8cILL8w22WSTvhZwbtp1C82Q4JwKtEuJuBoXtAtEqTTwGUpPaQfzMboTN6cwAaZcpFUUKkdyo+hL0XAoU\/O7vReT39Fq119\/fSnaAunhNWjty2eSF+m3Qh5Up3KZffbZJy3i0047LSW2CtzQtvjslOAoxZErtdFGG9V+Y2rwt\/USFKL1LF26tPasd0QWJbHKxpdx7\/14X+6BOXzKKaekjVG1QSekj0R7ouaMXIBZTBdddFFSnSXwtZskG2ywQXJwlkEIEGBXXHFF7Vl73K9d2CLoJiN92NBi6zPd+4FZaPwIFg81rq0gdJhinTQ1x\/3reuEzJsQUjht3fjSJz50SQrvBmGiu2S20NU73fpC7JtueJeH9qC2lkXqfSuuUTnWC9mXjLNL\/1Wn8imTkAozJcMIJJ2Qf+9jHspNOOillY7eDILBjFY3dlPDtBv4P2erSFno1PQdN3tWhk7bbLf4OQX7sscdmxx9\/fBI4rfD+\/e92r8lxeviWW26ZFrU6QX4hvqRBHWShQQBNJu+K0g7j7N4HcSoWLVUdpPfjvTGbVaKsu+66tVe0RwMEn0ORlMWX24yRry6h4A9\/+MNpV5ozZ06266671n7SHI7bMiS0EkgKdJWJtOOaa65JIX9aQ6s0gVHiXjbddNPas8Fg\/IyLBXn00UfXrjZH\/WsZMugJQgXjtLB2vi3aqqJ1QqMMKRs2oEGP3zhRiHqgKv\/000\/PDjnkkNqV1tjxmS3MsUGTq8a+NnvUw6+loR8\/xqWXXprMgBxhbqq+1i\/UfYIZjX9j1LhXqQqDcOAzwYyDB2f6e9\/73uyd73xnMrXy640PUTimK4EhkOC577t51H++zbCp+cx9bXy43pjCYTNh0hGoNP9rr702vSfj6mcEl5bZn\/rUp9I4c190E0UcJtwrtB\/+4qA5a\/z\/gI9kld1www1pQZn8BoUT2OQx0dupqHZOv2tiUr8Ji24EA1NV5EY3hWbI08nvpxF\/38K08+W5RxYgTYIv4uMf\/3gSqMwDpka+EGhp\/D7SP\/xfB5m4Z9eLgKAVTBAR6wfRRAEJ5GOVLyrvvR3Gj9\/H58c0NC4+X38nH8dm3xtnRdxMy0bMBZqJ1zUz0Y0dB7kxyLUo92C8\/H3tewQXmJUexo7Z6H0SXD4vaTy0NeNXFKKUBG5R8ydHQrlI8OGHH76KMGWN2BT4KotiZALMbman69UnZALajeULcfTa0U24TlgAEgrb+X5M9HzB1C8i+L5euFmAGu6JiJn8\/r778jcIMcLSvVrQFo\/ExCIFGEEhSLL77rvXrhSHe6Fxc2gPyqfVK\/yocqkIqG4wXwm6bhztw8CJUO65myjlsCmzABuZCWlRm0A0r14eBJDzDDl4mWcWQLPXNT78r06OawKHQK3\/mj+aaWYWor+pLZADL5jC7ssuSVMgqOT05FnV9QJx1HC0l6X0xGfJkd0sOz1oztVXXz2QIMK4U4gPbCowzexI8mmC9kjdIOyLjl7Vs9lmmyUTvF19ZLACYyf6LpcsaE9lBBiEontpwTup0HSYukWncDRiExKlDdojt45mH3SmUgKMvc2PVoa8sLLCTycKx8wtG5tvvnlyJUSXkdYIHPDzcpsEnamUAAOneH7EV7A6t9xyS7bDDjvUnpUPfsMlS5Ykf2KwKkx\/id3OUg26o3ICTHib07ybLgaThkgRx2+Z6+ZErJhHhFiwKj6TVmk\/QXMqJ8DAISzZUZg7WIFyHeb1tGnTalfKCy1MCgptMViBnD21l8PoGjLOVFKAYfbs2SmZsVMt5SQgCVNm+Z577lm7Un722GOP5MsUcZt0NDZQptbtQSCjpsh0oE5UVoDJ1dKKRTKdzOxJhdblzER+kyr0jM8xfqLKOluUoWNHUSjWpomay2VFkndZqawAA18Pf4rGcZPoFFYN4NRq0b2iy02mgrIsgtf4KSmbNO6+++5ULqR2tkqbT5motACD1Ao5T2eeeWbSRiYF5VSEl06l\/Tb7KxKlPYqnzz333K4Owx0XmM4aNhLg6lWDqVF5AQYnvShVsQg498cd2ibhJRpbf3R9VVF+5b3o5jEJ7gB1tSLG0l36bZo46YyFAIPOEaJbWvhK5BxXvLczzjgjvdcylQr1i8iyHD+bkB5m44poMb+fwvZ2JxEF3TE2Agw0Md0DLIK77rqrdnV8EHE9\/\/zzB9IjvowoPtd9gU9sHLP1ZdlrS8RhH4d0DIaxEmDQCVWI\/rrrrkvRuXHB+xFxtcDLWCY0KPTn2nfffVO1xbiMn5ZLtC6mo\/cWwmtwjJ0Ag2xvkR3heX6VTt09y4zAhL5e+kMdcMABhfZeGhWiy7QU\/kwHh1TZJSBHT1847Z1srGpBg8ExlgIsZ6+99kpmpQhlFbtYSPTU4livsb333rt2dXLQw15whhBzNFnVuOSSS5IWyVkv0lpVIpG1QDQe3H\/\/\/dNOSJBVoR8VzdGuzY9HcI2Ts75XlNbMmzcv5Yk5O7LTOZNlQIWIjYcmae4xi6tMJLIWjJbPfEcSPnW6XLx4cfJHlA3RNyfi0DZoHtpBa2w36ejouuOOO6YAjax1h2+UMUhDY+aykF3v3MeylgaNExMhwHJoYzNnzkwdLQgKR9rzLRWNjGwtoAlWvaDc4zhGGftFgIZgoJVdddVV2aJFi1K0UkVCUdAMHVhLcBGuDgRxVOAk+CrLwEQJsBwtSw4++OC0IJYtW5aOeRfebndYyFT8AH6n1e85NIJfjqlh4kshOOigg5KWGLRHFNb40VJp0qeeemrqYtopCXaQvpw8GVVCsUALbYu5OI6Cq8w+sJGdSlRm7rvvvtSv3QKwm4sUcZyr1ctP0XHOIIHjQNdu4XzmvNVdU\/Y8\/w1ty4Q3KZSQ6N\/V7SnNQXNEK21EOjr4nPlsmN7KlPLOpo7293nTcLtFu6bp06en75n38vCUOxk788K4OfqtqJOWRkUcq1YhnBUpB8m5j\/J1+M\/4YBwmIpwvstkpj8dCIhQ54pmChCHhaPJbWLLOmbHB4JFz5QxIAsuZAE6At+hcI8Bobc6H9L2x1RUDtG+C0BgZK5vNnXfemUqcjL\/xtLEZz0nr2RUCrKLYzU1qUUGDxUmr9tDEN5B2eovEV5qbh3MhLQDXmaUc8UxW3QbGfacuI\/mhw\/yLhJCNg9\/K+BFIhBONylgz6\/3M+BpTG5ZUDocbT3K3CNqtRNwjjzxylTw2GioNNARYBaCZOe1n++23r11Z4RuwOEx2C8HXevhH5ABFJLF4LELJpN22HTKuGg32e6r5OECbNZePOOKIpNHmiJbLs+zFLB80E+nEnwp250YILFqV3blReIFG1uz3gtHD79hLu6V8cwpWzHP+xPpkcC4VKUm5CV4UIcB6wKQOJoMY6\/9B66JlSQanifHt6uGvm0bRx7+FAAuCoC18gBKJpYkIYkkKnz9\/fkr7aWZ5jJIQYEEQdA13CV9iWQgBFgRBZQkBFgRBZQkBFgRBZQkBFkw0EljH+QyFcScEWJ8oOzrnnHNSv\/OgWqht1JrHqea6WwTVIwRYHyjwVi8nxGwxyJMJqoMCfnWRahvvuOOOnhJdg3IQAqwP1l577ZRpr+ZREbAOnEF10AlENrlOvfWdR4LqEAKsD\/hO1lprrZQXo0hYvWRQHZYvX57NnTs3O+qoo1Kbo3E+j3JcCQHWB5raaa3jnEZFwlXo1x78DwX4zH6mpLpVm1FQLUKA9YEW1UxHjQv1aHdadj1RT1dudBbR9sjYzZ49exUXQNElMkF3hADrgXxS1wsmpwbpgX7ggQeuduafxRGUh2bjMWPGjHQGQWPLo7yza1BuYoX1gEZ3Dm\/4yEc+kp7ngsx15M85hR3SESZJeWAuijLqn+\/YMzAb8zHzPXTiPeaYY1JUOcav\/Ky5YMGCd9W+D9rgdG9Oe51Z5X6tt956yfRwqlH+4Ai+55570knadm\/OfS1HtC8OikVXXd11Fy5cmJ4TZnxfxo3v0td77703OfZtQDrvEmDrr79+en1QTqIja5fYmfUG1xvJJJ81a1btJ6ujfbEGcHLEpk2bFod2lAAdWWnKxtAJUFohN8N5BrTsnXfeOW1YcbxduQkB1iX6qUt23GabbVLP+\/rWuo3cf\/\/9Ka1Cdv7GG28cGlgJoF3RiOXuMRuZlK2QDsOhz6wMP2a5CQEWBEFlie0lCILKEgIsCILKEgIsCILKEgIsCILKEgIsCILKEgIsCILKEgIsCILKEgIsCILKEgIsCIKKkmX\/B2ZoMbgtveOYAAAAAElFTkSuQmCC\" alt=\"\"><\/p>","protected":false},"excerpt":{"rendered":"<p>Tegund:&nbsp;3826&nbsp;<\/p>","protected":false},"featured_media":77243,"comment_status":"closed","ping_status":"closed","template":"","meta":[],"product_brand":[],"product_cat":[597,904,517],"product_tag":[],"class_list":{"0":"post-75768","1":"product","2":"type-product","3":"status-publish","4":"has-post-thumbnail","6":"product_cat-hurdabunadur-lykillausnir","7":"product_cat-lykillauf-hurdabunadur-lykillausnir","8":"product_cat-lykillausnir","10":"first","11":"instock","12":"taxable","13":"shipping-taxable","14":"purchasable","15":"product-type-simple"},"yoast_head":"<!-- This site is optimized with the Yoast SEO plugin v27.3 - https:\/\/yoast.com\/product\/yoast-seo-wordpress\/ -->\n<title>DORMA Lykillauf 3826 sv\u00f6rt (SETT) 7030000029542 - V\u00e9lar &amp; Verkf\u00e6ri<\/title>\n<meta name=\"robots\" content=\"index, follow, max-snippet:-1, max-image-preview:large, max-video-preview:-1\" \/>\n<link rel=\"canonical\" href=\"https:\/\/velarogverkfaeri.is\/en\/lykillausnir\/hurdabunadur-lykillausnir\/hurdarhunar-hurdabunadur-lykillausnir\/product\/dorma-lykillauf-3826-svort-sett-7030000029542\/\" \/>\n<meta property=\"og:locale\" content=\"en_US\" \/>\n<meta property=\"og:type\" content=\"article\" \/>\n<meta property=\"og:title\" content=\"DORMA Lykillauf 3826 sv\u00f6rt (SETT) 7030000029542 - V\u00e9lar &amp; Verkf\u00e6ri\" \/>\n<meta property=\"og:description\" content=\"Tegund:&nbsp;3826&nbsp;\" \/>\n<meta property=\"og:url\" content=\"https:\/\/velarogverkfaeri.is\/en\/lykillausnir\/hurdabunadur-lykillausnir\/hurdarhunar-hurdabunadur-lykillausnir\/product\/dorma-lykillauf-3826-svort-sett-7030000029542\/\" \/>\n<meta property=\"og:site_name\" content=\"V\u00e9lar &amp; Verkf\u00e6ri\" \/>\n<meta property=\"article:publisher\" content=\"https:\/\/www.facebook.com\/VelarOgVerkfaeri\" \/>\n<meta property=\"article:modified_time\" content=\"2025-10-31T12:31:43+00:00\" \/>\n<meta name=\"twitter:card\" content=\"summary_large_image\" \/>\n<script type=\"application\/ld+json\" class=\"yoast-schema-graph\">{\"@context\":\"https:\\\/\\\/schema.org\",\"@graph\":[{\"@type\":\"WebPage\",\"@id\":\"https:\\\/\\\/velarogverkfaeri.is\\\/lykillausnir\\\/hurdabunadur-lykillausnir\\\/hurdarhunar-hurdabunadur-lykillausnir\\\/product\\\/dorma-lykillauf-3826-svort-sett-7030000029542\\\/\",\"url\":\"https:\\\/\\\/velarogverkfaeri.is\\\/lykillausnir\\\/hurdabunadur-lykillausnir\\\/hurdarhunar-hurdabunadur-lykillausnir\\\/product\\\/dorma-lykillauf-3826-svort-sett-7030000029542\\\/\",\"name\":\"DORMA Lykillauf 3826 sv\u00f6rt (SETT) 7030000029542 - V\u00e9lar &amp; Verkf\u00e6ri\",\"isPartOf\":{\"@id\":\"https:\\\/\\\/velarogverkfaeri.is\\\/en\\\/#website\"},\"primaryImageOfPage\":{\"@id\":\"https:\\\/\\\/velarogverkfaeri.is\\\/lykillausnir\\\/hurdabunadur-lykillausnir\\\/hurdarhunar-hurdabunadur-lykillausnir\\\/product\\\/dorma-lykillauf-3826-svort-sett-7030000029542\\\/#primaryimage\"},\"image\":{\"@id\":\"https:\\\/\\\/velarogverkfaeri.is\\\/lykillausnir\\\/hurdabunadur-lykillausnir\\\/hurdarhunar-hurdabunadur-lykillausnir\\\/product\\\/dorma-lykillauf-3826-svort-sett-7030000029542\\\/#primaryimage\"},\"thumbnailUrl\":\"https:\\\/\\\/velarogverkfaeri.is\\\/wp-content\\\/uploads\\\/2025\\\/10\\\/434c15cf-bbe7-4ea6-966e-abd3d4db8c70.png\",\"datePublished\":\"2025-09-06T15:41:20+00:00\",\"dateModified\":\"2025-10-31T12:31:43+00:00\",\"breadcrumb\":{\"@id\":\"https:\\\/\\\/velarogverkfaeri.is\\\/lykillausnir\\\/hurdabunadur-lykillausnir\\\/hurdarhunar-hurdabunadur-lykillausnir\\\/product\\\/dorma-lykillauf-3826-svort-sett-7030000029542\\\/#breadcrumb\"},\"inLanguage\":\"en-US\",\"potentialAction\":[{\"@type\":\"ReadAction\",\"target\":[\"https:\\\/\\\/velarogverkfaeri.is\\\/lykillausnir\\\/hurdabunadur-lykillausnir\\\/hurdarhunar-hurdabunadur-lykillausnir\\\/product\\\/dorma-lykillauf-3826-svort-sett-7030000029542\\\/\"]}]},{\"@type\":\"ImageObject\",\"inLanguage\":\"en-US\",\"@id\":\"https:\\\/\\\/velarogverkfaeri.is\\\/lykillausnir\\\/hurdabunadur-lykillausnir\\\/hurdarhunar-hurdabunadur-lykillausnir\\\/product\\\/dorma-lykillauf-3826-svort-sett-7030000029542\\\/#primaryimage\",\"url\":\"https:\\\/\\\/velarogverkfaeri.is\\\/wp-content\\\/uploads\\\/2025\\\/10\\\/434c15cf-bbe7-4ea6-966e-abd3d4db8c70.png\",\"contentUrl\":\"https:\\\/\\\/velarogverkfaeri.is\\\/wp-content\\\/uploads\\\/2025\\\/10\\\/434c15cf-bbe7-4ea6-966e-abd3d4db8c70.png\",\"width\":307,\"height\":152},{\"@type\":\"BreadcrumbList\",\"@id\":\"https:\\\/\\\/velarogverkfaeri.is\\\/lykillausnir\\\/hurdabunadur-lykillausnir\\\/hurdarhunar-hurdabunadur-lykillausnir\\\/product\\\/dorma-lykillauf-3826-svort-sett-7030000029542\\\/#breadcrumb\",\"itemListElement\":[{\"@type\":\"ListItem\",\"position\":1,\"name\":\"Home\",\"item\":\"https:\\\/\\\/velarogverkfaeri.is\\\/\"},{\"@type\":\"ListItem\",\"position\":2,\"name\":\"Vefverslun\",\"item\":\"https:\\\/\\\/velarogverkfaeri.is\\\/vefverslun\\\/\"},{\"@type\":\"ListItem\",\"position\":3,\"name\":\"DORMA Lykillauf 3826 sv\u00f6rt (SETT) 7030000029542\"}]},{\"@type\":\"WebSite\",\"@id\":\"https:\\\/\\\/velarogverkfaeri.is\\\/en\\\/#website\",\"url\":\"https:\\\/\\\/velarogverkfaeri.is\\\/en\\\/\",\"name\":\"V\u00e9lar & Verkf\u00e6ri\",\"description\":\"Umbo\u00f0s- og heildverslun fr\u00e1 \u00e1rinu 1919\",\"publisher\":{\"@id\":\"https:\\\/\\\/velarogverkfaeri.is\\\/en\\\/#organization\"},\"potentialAction\":[{\"@type\":\"SearchAction\",\"target\":{\"@type\":\"EntryPoint\",\"urlTemplate\":\"https:\\\/\\\/velarogverkfaeri.is\\\/en\\\/?s={search_term_string}\"},\"query-input\":{\"@type\":\"PropertyValueSpecification\",\"valueRequired\":true,\"valueName\":\"search_term_string\"}}],\"inLanguage\":\"en-US\"},{\"@type\":\"Organization\",\"@id\":\"https:\\\/\\\/velarogverkfaeri.is\\\/en\\\/#organization\",\"name\":\"V\u00e9lar & Verkf\u00e6ri\",\"url\":\"https:\\\/\\\/velarogverkfaeri.is\\\/en\\\/\",\"logo\":{\"@type\":\"ImageObject\",\"inLanguage\":\"en-US\",\"@id\":\"https:\\\/\\\/velarogverkfaeri.is\\\/en\\\/#\\\/schema\\\/logo\\\/image\\\/\",\"url\":\"https:\\\/\\\/velarogverkfaeri.is\\\/wp-content\\\/uploads\\\/2021\\\/10\\\/vv_logo_350x100.png\",\"contentUrl\":\"https:\\\/\\\/velarogverkfaeri.is\\\/wp-content\\\/uploads\\\/2021\\\/10\\\/vv_logo_350x100.png\",\"width\":350,\"height\":100,\"caption\":\"V\u00e9lar & Verkf\u00e6ri\"},\"image\":{\"@id\":\"https:\\\/\\\/velarogverkfaeri.is\\\/en\\\/#\\\/schema\\\/logo\\\/image\\\/\"},\"sameAs\":[\"https:\\\/\\\/www.facebook.com\\\/VelarOgVerkfaeri\"]}]}<\/script>\n<!-- \/ Yoast SEO plugin. -->","yoast_head_json":{"title":"DORMA Lykillauf 3826 sv\u00f6rt (SETT) 7030000029542 - V\u00e9lar &amp; Verkf\u00e6ri","robots":{"index":"index","follow":"follow","max-snippet":"max-snippet:-1","max-image-preview":"max-image-preview:large","max-video-preview":"max-video-preview:-1"},"canonical":"https:\/\/velarogverkfaeri.is\/en\/lykillausnir\/hurdabunadur-lykillausnir\/hurdarhunar-hurdabunadur-lykillausnir\/product\/dorma-lykillauf-3826-svort-sett-7030000029542\/","og_locale":"en_US","og_type":"article","og_title":"DORMA Lykillauf 3826 sv\u00f6rt (SETT) 7030000029542 - V\u00e9lar &amp; Verkf\u00e6ri","og_description":"Tegund:&nbsp;3826&nbsp;","og_url":"https:\/\/velarogverkfaeri.is\/en\/lykillausnir\/hurdabunadur-lykillausnir\/hurdarhunar-hurdabunadur-lykillausnir\/product\/dorma-lykillauf-3826-svort-sett-7030000029542\/","og_site_name":"V\u00e9lar &amp; Verkf\u00e6ri","article_publisher":"https:\/\/www.facebook.com\/VelarOgVerkfaeri","article_modified_time":"2025-10-31T12:31:43+00:00","twitter_card":"summary_large_image","schema":{"@context":"https:\/\/schema.org","@graph":[{"@type":"WebPage","@id":"https:\/\/velarogverkfaeri.is\/lykillausnir\/hurdabunadur-lykillausnir\/hurdarhunar-hurdabunadur-lykillausnir\/product\/dorma-lykillauf-3826-svort-sett-7030000029542\/","url":"https:\/\/velarogverkfaeri.is\/lykillausnir\/hurdabunadur-lykillausnir\/hurdarhunar-hurdabunadur-lykillausnir\/product\/dorma-lykillauf-3826-svort-sett-7030000029542\/","name":"DORMA Lykillauf 3826 sv\u00f6rt (SETT) 7030000029542 - V\u00e9lar &amp; Verkf\u00e6ri","isPartOf":{"@id":"https:\/\/velarogverkfaeri.is\/en\/#website"},"primaryImageOfPage":{"@id":"https:\/\/velarogverkfaeri.is\/lykillausnir\/hurdabunadur-lykillausnir\/hurdarhunar-hurdabunadur-lykillausnir\/product\/dorma-lykillauf-3826-svort-sett-7030000029542\/#primaryimage"},"image":{"@id":"https:\/\/velarogverkfaeri.is\/lykillausnir\/hurdabunadur-lykillausnir\/hurdarhunar-hurdabunadur-lykillausnir\/product\/dorma-lykillauf-3826-svort-sett-7030000029542\/#primaryimage"},"thumbnailUrl":"https:\/\/velarogverkfaeri.is\/wp-content\/uploads\/2025\/10\/434c15cf-bbe7-4ea6-966e-abd3d4db8c70.png","datePublished":"2025-09-06T15:41:20+00:00","dateModified":"2025-10-31T12:31:43+00:00","breadcrumb":{"@id":"https:\/\/velarogverkfaeri.is\/lykillausnir\/hurdabunadur-lykillausnir\/hurdarhunar-hurdabunadur-lykillausnir\/product\/dorma-lykillauf-3826-svort-sett-7030000029542\/#breadcrumb"},"inLanguage":"en-US","potentialAction":[{"@type":"ReadAction","target":["https:\/\/velarogverkfaeri.is\/lykillausnir\/hurdabunadur-lykillausnir\/hurdarhunar-hurdabunadur-lykillausnir\/product\/dorma-lykillauf-3826-svort-sett-7030000029542\/"]}]},{"@type":"ImageObject","inLanguage":"en-US","@id":"https:\/\/velarogverkfaeri.is\/lykillausnir\/hurdabunadur-lykillausnir\/hurdarhunar-hurdabunadur-lykillausnir\/product\/dorma-lykillauf-3826-svort-sett-7030000029542\/#primaryimage","url":"https:\/\/velarogverkfaeri.is\/wp-content\/uploads\/2025\/10\/434c15cf-bbe7-4ea6-966e-abd3d4db8c70.png","contentUrl":"https:\/\/velarogverkfaeri.is\/wp-content\/uploads\/2025\/10\/434c15cf-bbe7-4ea6-966e-abd3d4db8c70.png","width":307,"height":152},{"@type":"BreadcrumbList","@id":"https:\/\/velarogverkfaeri.is\/lykillausnir\/hurdabunadur-lykillausnir\/hurdarhunar-hurdabunadur-lykillausnir\/product\/dorma-lykillauf-3826-svort-sett-7030000029542\/#breadcrumb","itemListElement":[{"@type":"ListItem","position":1,"name":"Home","item":"https:\/\/velarogverkfaeri.is\/"},{"@type":"ListItem","position":2,"name":"Vefverslun","item":"https:\/\/velarogverkfaeri.is\/vefverslun\/"},{"@type":"ListItem","position":3,"name":"DORMA Lykillauf 3826 sv\u00f6rt (SETT) 7030000029542"}]},{"@type":"WebSite","@id":"https:\/\/velarogverkfaeri.is\/en\/#website","url":"https:\/\/velarogverkfaeri.is\/en\/","name":"V\u00e9lar & Verkf\u00e6ri","description":"Umbo\u00f0s- og heildverslun fr\u00e1 \u00e1rinu 1919","publisher":{"@id":"https:\/\/velarogverkfaeri.is\/en\/#organization"},"potentialAction":[{"@type":"SearchAction","target":{"@type":"EntryPoint","urlTemplate":"https:\/\/velarogverkfaeri.is\/en\/?s={search_term_string}"},"query-input":{"@type":"PropertyValueSpecification","valueRequired":true,"valueName":"search_term_string"}}],"inLanguage":"en-US"},{"@type":"Organization","@id":"https:\/\/velarogverkfaeri.is\/en\/#organization","name":"V\u00e9lar & Verkf\u00e6ri","url":"https:\/\/velarogverkfaeri.is\/en\/","logo":{"@type":"ImageObject","inLanguage":"en-US","@id":"https:\/\/velarogverkfaeri.is\/en\/#\/schema\/logo\/image\/","url":"https:\/\/velarogverkfaeri.is\/wp-content\/uploads\/2021\/10\/vv_logo_350x100.png","contentUrl":"https:\/\/velarogverkfaeri.is\/wp-content\/uploads\/2021\/10\/vv_logo_350x100.png","width":350,"height":100,"caption":"V\u00e9lar & Verkf\u00e6ri"},"image":{"@id":"https:\/\/velarogverkfaeri.is\/en\/#\/schema\/logo\/image\/"},"sameAs":["https:\/\/www.facebook.com\/VelarOgVerkfaeri"]}]}},"_links":{"self":[{"href":"https:\/\/velarogverkfaeri.is\/en\/wp-json\/wp\/v2\/product\/75768","targetHints":{"allow":["GET"]}}],"collection":[{"href":"https:\/\/velarogverkfaeri.is\/en\/wp-json\/wp\/v2\/product"}],"about":[{"href":"https:\/\/velarogverkfaeri.is\/en\/wp-json\/wp\/v2\/types\/product"}],"replies":[{"embeddable":true,"href":"https:\/\/velarogverkfaeri.is\/en\/wp-json\/wp\/v2\/comments?post=75768"}],"wp:featuredmedia":[{"embeddable":true,"href":"https:\/\/velarogverkfaeri.is\/en\/wp-json\/wp\/v2\/media\/77243"}],"wp:attachment":[{"href":"https:\/\/velarogverkfaeri.is\/en\/wp-json\/wp\/v2\/media?parent=75768"}],"wp:term":[{"taxonomy":"product_brand","embeddable":true,"href":"https:\/\/velarogverkfaeri.is\/en\/wp-json\/wp\/v2\/product_brand?post=75768"},{"taxonomy":"product_cat","embeddable":true,"href":"https:\/\/velarogverkfaeri.is\/en\/wp-json\/wp\/v2\/product_cat?post=75768"},{"taxonomy":"product_tag","embeddable":true,"href":"https:\/\/velarogverkfaeri.is\/en\/wp-json\/wp\/v2\/product_tag?post=75768"}],"curies":[{"name":"wp","href":"https:\/\/api.w.org\/{rel}","templated":true}]}}