{"id":75766,"date":"2025-09-06T14:41:17","date_gmt":"2025-09-06T14:41:17","guid":{"rendered":"https:\/\/velarogverkfaeri.is\/?post_type=product&#038;p=75766"},"modified":"2025-10-31T12:31:39","modified_gmt":"2025-10-31T12:31:39","slug":"stubai-klifurbroddar-ice-track-l-926542","status":"publish","type":"product","link":"https:\/\/velarogverkfaeri.is\/en\/lykillausnir\/utivistarvorur\/ymislegt\/product\/stubai-klifurbroddar-ice-track-l-926542\/","title":{"rendered":"STUBAI Klifurbroddar ICE TRACK L 926542"},"content":{"rendered":"<p><img decoding=\"async\" src=\"data:image\/png;base64,iVBORw0KGgoAAAANSUhEUgAABHMAAAA3CAYAAACPUwYeAAAAAXNSR0IArs4c6QAAAARnQU1BAACxjwv8YQUAAAAJcEhZcwAADsMAAA7DAcdvqGQAAA0SSURBVHhe7d0\/bxu3G8DxR7+tm7JFWzMlMlCg9VZvUbYAHYK8gkRG99Qegw5FRjnZC8l5BUGGAtkkb8mWFPgBvmhKN3mz3oFK8ngnkvdHJ0tOxfj7AdhaOZ1O0pG8h4\/ueK3vvvtuIcAW\/P333\/Ljjz\/aRwCAm4xjArDbaKNognqCDHVht+j90ZpOpyRzAAAAAAAAItFShWQOtmI6ncrdu3ftIwDATcYxAdhttFE0QT1BhrqwW\/T++J\/9GwAAAAAAABEgmQMAAAAAABARkjkAAAAAAAARIZkDAAAAAAAQEZI5AAAAAAAAESGZAwAAAAAAEBGSOQAAAAAAABEhmQMAAAAAABARkjkAAAAAAAARIZkDAAAAAAAQEZI5AAAAAAAAESGZAwAAAAAAEBGSOQAAAAAAABEhmQMAAAAAABARkjkAAAAAAAARIZkDAAAAAAAQEZI5AAAAAAAAESGZAwAAAAAAEBGSOQAAAAAAABEhmQMAAAAAABCRjZM5R5NLWSwWabkcy5H999RQzrNluiRD++8u\/znnp\/afFe+1TTlXzy7xbCyXwbrNto1dM0wWcjnxa5GqCTK+dPalKsvnFJctFpcyfmYXO\/Rr+8\/Liq1Xth55y6rqTWmdC5ye+6\/l1N\/i57T1lXraXJN9sAbT33yl79\/URfY1sFJ9jLGK7leLcYMfW5QfLwCsy8Zj3rGtJEYLjn2btXEAcUn7hG3F7tgwmaM74MFPH+W41ZKWKsef9mXgdNJHkwOZ\/ZYua7WOZXK77w9gzWCsL\/I6e05L9p7aZUq305b52XG+rNXak0O7zDX8tSdt+3dm5bYRB1NHBrL\/ya0Hx\/Kx89A74CdOHWq1bsmDV3aB47C7XH8yd9dx61Uio\/x1RpLcK683us7NPifS\/bl8QG4G60\/EeS1VXosclHZeumPrS0fX9W5ZDUeZVfugnh7k\/XeDOFMXnX1dnsQEbrZVMUaddIDYl659vDSUfueN0y\/PpPey4ociAM2d9qUXBuOqBXbac5nk8bgqbpxzei6D+7M8Vhpd9Bq3cQDARsmcI3n4U1uStw\/kxP7LSe+NGvw+zgdIJ709Z1B9Ig\/eJtL+aTkI14MxUQNYN4ETmv2TvXoFNdh\/fDuRRA3OXau2jRioAfdLNWB\/3ZJbPbceqP3ZXda763Moo7O5tDvhcGAoB\/cSed9979X3jB5E9G9P1AAkSD4+3Sut68NkIL2LUfAZUa9+HwCI3eoYo0qeBPptIkFooBzKnjuYfDqSybxbkWgH0MyRjB91JPlcbHEqkpcvJT+wacOfuzI\/G+Wx0uGfqs3eOyC5CgANbXnOnERm87Z0frAPA0ffd0QuvtjALB2MvakcwB7Jndv2z0rq4PG7Guy\/HalDRT1\/24jC6YF05xMZ1ST7\/hP6fX1+r4KPQ3n\/uS37v7gpwuIApI5J\/Mho\/TNy7CVG2anJ6Vkd9tTFiV2Wna4cXO7lnQGil6nnDc2v2Hq5PVvFXcf7lSw7o8VeFuau40h\/Fc+Wl11SptY5dT\/Dmr+M1+4Du331vs0ZUuF7sGcEdqUtvZdqWXBad+k6mv2uxnZ5eopo+p1nz3c\/R\/gdmGK\/y+z9Zev374m07w\/Uc\/67s4WA3VcfY2ROerekdatpwj89c2D2f\/swtHYfafvhU6ePdNq69xrAN+Jo8lx6F29kFAbjz+6Iir4r6HHAXD7+5bTUV+\/kY21y1T\/mpu2M9hSHIG40MWAQMyUqxjL7d7lP\/Vgqe37Wz5oHVvpvfrwJ3AyLqxbVwFR7Gy9Us0n\/7VQ1U0U1rsJzVSNe6KX5smfjxaVaVwVIZh3DfS05WqhG6bhcqIZtl6XFbD8Z5s8t364uwbYp11Km02npv69T1EB6oTpi8\/dy\/5Y\/Ny1hPVG8elRWKuqLrpOqpqgDhfO4WO\/0e8zX1XXe256ua8V1wmI+56V6Eyvfa0kpvK\/hYmy+M\/tdBK85TJzPZNpo+Fit4n7nWva9l2wrXaP6NdPXcJYX2p99jfx92ve9cl8vS\/0+WH4O7zmFz+Hvp5Xr2O9q+TlUUd\/Puf3uss+RfZdeCepWWLfdek+hfCtl02OCaSdu2y5rg3UlaHdlpbCNsNhtNu8js2NStt2sz1w+R7f3dfo7CuW6yjbiNredhce2dJnDa2vF43BlfOYsc4+Vpi0VXoOy7bJ5PQnjwLCfzPpWf1+G\/bNbv8rrWn1\/T9m8bF4X6to4Zd1i90f5wqYl7UitZFyxg9JG7A1WbAdf6JSrApxwYOU12rqKUbJtyrWUbQQF7qC20FGXlqt0ChXr1AYd7nPcg0UYjJQFJ8Vi6vqlHgKsH4S435FfmnwXwfvT7cr9nObzue8pfM2yz+c+p\/w9+Puy5DXC91FXVu6Dsrqz+nOsXKfBeyyvs8XvJHxe9T6lUOIt2zom5CpjjIpS6Cv8YtphzXJT1u4ji+3dfAa3X1inv6NQrrFse2BWfgxcljT2yer+qngiKKXtuew1KNsuG9eTsj4v2J8rYzBT9P7O1vH3\/aq6R9lO2XafQdms6P2x8WVWy0ll9aRmX4qnK5tTkR+byYiLc4L4l1nVXiv7dE9G+eUUQzuXSvmEyLnabWPXnfwzE7l9R\/Qe\/3qyCZCPZSI9eR6crnn0y760pSv9\/JRPe7nOr1mtbXYZgDb\/9EJumck31zlFOL38cOVcUi7vkqyyCUEdr77IrOb69nIn8uXC\/llxycI29+XqffB1qeDUvo+FDO4XZn80cyLpCbzr5gYDUK4uxnDbnhoprNWPqmBSBmYi5BVxROgKfWQym8t8lthHwLcjm\/Ov6fHtsDuSpL0vD2vbasVljz90pD2fqSgLsbnaVBc6nlT\/feL28zre68gdU3\/cy+z1FAcikz\/XnLIA+AZsd84cM8fJR3mXBTk6mfJoJsdldxcyAdH6zCBWb0f9vWzg6mCSNfjs2vW6bSMOT983OOhflxN58MdE5P5zZ4Bg58Px7pylip5kM09Cnsi7T\/Pmd1h6uifHZ7LG3VTSxEnn+4ZpEZ3IedmRN\/n7VYGUXbQ97vxWNcmsrcxZ1WQffD16MPl4trzT2vFZMPmj6of0ZNgvSCYDmwtiDC\/R0\/hYrxM5A+m8Vetw90BgA3rOG\/W\/e\/18sG1+0DCP62KaLBlaEi88eyj77Zpkabtj4v9c7Zw82CnhD3o6OWf\/LKfrR3AntKCvP\/xgb26j640440\/gBtliMmco50+6spz4VQVMj9zHIZ1R7UrfmTjQ3GLcTGpqHsk4mHy0r+9eo7P\/agDsN2znVtMmOFu1bcRB301KJzpKJjlL\/Elrr8WrB\/JCb\/93uy0TZNg66Aom7EvvuKKCmWBiXV2H\/c+R0pN1jnRbcJ6vkwSXFZO4mYOXl2QK2oor\/CXLJkI3458FYyY+lGyiapvMeuIGcrZv+NBw4GTOJKoIBBvug68jPEsqTTTl9Od40pHJH\/RDwObCGOOK9O2T8\/4KwNUdyp4Xi9sfND6P1N\/2jLfTsXfG3DDp25sXaOmdZt14wR8HBPQPfCqCeezEO+b59m\/srpO\/Psq83ZN+HqOl47R6Op50YvAy+m6Esi\/Pzc1wiLVwM22WzNFnvzinvsnrVuFUS\/\/0OF2Wp0LrX9VGsszoh3f16Zi7u9j1noiM1jwdum7biIO5K8lvE+l4+3IgnQ9+px3u67KkyVWc9F6Yy60GybAmyLAJjEfZAScNcEYXaj3nPekzxaoGEIfd9LKugUli6CRBcIcHl05mmsuzstfuS6fqsitzoHPex8\/6t45NzWUyO8g\/1+C++lzOnWP0Pjs+63iXQZX1DZV0AqoimGu+D1ZZJgoLSbfGskA0+5zPpXORnZmjAhUVXLR14ivfT9Xb0peYCnezAnwNYowrUYMKr2\/WxbsjFYDt6HjHwMLdO83Zyct4of7uniq2UvFgeqxMn3\/w4TrONsbWvXogt1778ZK8nahosp75sTOMpb2+Ok34tMt+5MNOu65x201VOqEOhbJu2cZklxRV9KRwOzuJ2\/VPNjhMmMyQQvkWCscECmW3S\/RtdMUk55TtlGupJ1uaCJ6Jj79u4bi+W0Xvj+3OmQNgc\/oXjBs8l8Nhl3muAABAHXsGbNVlWdhh6WWz80\/v8rO6r+TZWJ7fZ+Jj3GwkcwAAAADssCNzF7rlpRnpnbSYyDwGQzl3Lqkx0wOcHW9wp2FbF8ydjfkBEDdbSxV9mg6wsel0Knfv3rWPAAA3GccEYLfRRtEE9QQZ6sJu0fuDM3MAAAAAAAAiQjIHAAAAAAAgIiRzAAAAAAAAIkIyBwAAAAAAICIkcwAAAAAAACJCMgcAAAAAACAiJHMAAAAAAAAiQjIHAAAAAAAgIiRzAAAAAAAAIkIyBwAAAAAAICIkcwAAAAAAACJCMgcAAAAAACAiJHMAAAAAAAAiQjIHAAAAAAAgIiRzAAAAAAAAIkIyBwAAAAAAICIkcwAAAAAAACLSmk6nC\/s3AAAAAAAAdprIv+nzENXlRRblAAAAAElFTkSuQmCC\" alt=\"\"><\/p>","protected":false},"excerpt":{"rendered":"<p>Tegund:&nbsp;926542<\/p>","protected":false},"featured_media":77255,"comment_status":"closed","ping_status":"closed","template":"","meta":[],"product_brand":[],"product_cat":[517,601,821],"product_tag":[],"class_list":{"0":"post-75766","1":"product","2":"type-product","3":"status-publish","4":"has-post-thumbnail","6":"product_cat-lykillausnir","7":"product_cat-utivistarvorur","8":"product_cat-ymislegt","10":"first","11":"instock","12":"taxable","13":"shipping-taxable","14":"purchasable","15":"product-type-simple"},"yoast_head":"<!-- This site is optimized with the Yoast SEO plugin v27.3 - https:\/\/yoast.com\/product\/yoast-seo-wordpress\/ -->\n<title>STUBAI Klifurbroddar ICE TRACK L 926542 - V\u00e9lar &amp; Verkf\u00e6ri<\/title>\n<meta name=\"robots\" content=\"index, follow, max-snippet:-1, max-image-preview:large, max-video-preview:-1\" \/>\n<link rel=\"canonical\" href=\"https:\/\/velarogverkfaeri.is\/en\/lykillausnir\/oryggisvorur\/product\/stubai-klifurbroddar-ice-track-l-926542\/\" \/>\n<meta property=\"og:locale\" content=\"en_US\" \/>\n<meta property=\"og:type\" content=\"article\" \/>\n<meta property=\"og:title\" content=\"STUBAI Klifurbroddar ICE TRACK L 926542 - V\u00e9lar &amp; Verkf\u00e6ri\" \/>\n<meta property=\"og:description\" content=\"Tegund:&nbsp;926542\" \/>\n<meta property=\"og:url\" content=\"https:\/\/velarogverkfaeri.is\/en\/lykillausnir\/oryggisvorur\/product\/stubai-klifurbroddar-ice-track-l-926542\/\" \/>\n<meta property=\"og:site_name\" content=\"V\u00e9lar &amp; Verkf\u00e6ri\" \/>\n<meta property=\"article:publisher\" content=\"https:\/\/www.facebook.com\/VelarOgVerkfaeri\" \/>\n<meta property=\"article:modified_time\" content=\"2025-10-31T12:31:39+00:00\" \/>\n<meta name=\"twitter:card\" content=\"summary_large_image\" \/>\n<script type=\"application\/ld+json\" class=\"yoast-schema-graph\">{\"@context\":\"https:\\\/\\\/schema.org\",\"@graph\":[{\"@type\":\"WebPage\",\"@id\":\"https:\\\/\\\/velarogverkfaeri.is\\\/lykillausnir\\\/oryggisvorur\\\/product\\\/stubai-klifurbroddar-ice-track-l-926542\\\/\",\"url\":\"https:\\\/\\\/velarogverkfaeri.is\\\/lykillausnir\\\/oryggisvorur\\\/product\\\/stubai-klifurbroddar-ice-track-l-926542\\\/\",\"name\":\"STUBAI Klifurbroddar ICE TRACK L 926542 - V\u00e9lar &amp; Verkf\u00e6ri\",\"isPartOf\":{\"@id\":\"https:\\\/\\\/velarogverkfaeri.is\\\/en\\\/#website\"},\"primaryImageOfPage\":{\"@id\":\"https:\\\/\\\/velarogverkfaeri.is\\\/lykillausnir\\\/oryggisvorur\\\/product\\\/stubai-klifurbroddar-ice-track-l-926542\\\/#primaryimage\"},\"image\":{\"@id\":\"https:\\\/\\\/velarogverkfaeri.is\\\/lykillausnir\\\/oryggisvorur\\\/product\\\/stubai-klifurbroddar-ice-track-l-926542\\\/#primaryimage\"},\"thumbnailUrl\":\"https:\\\/\\\/velarogverkfaeri.is\\\/wp-content\\\/uploads\\\/2025\\\/10\\\/1eb0cbc1-29c7-4763-97aa-299a8e79fadb.jpg\",\"datePublished\":\"2025-09-06T14:41:17+00:00\",\"dateModified\":\"2025-10-31T12:31:39+00:00\",\"breadcrumb\":{\"@id\":\"https:\\\/\\\/velarogverkfaeri.is\\\/lykillausnir\\\/oryggisvorur\\\/product\\\/stubai-klifurbroddar-ice-track-l-926542\\\/#breadcrumb\"},\"inLanguage\":\"en-US\",\"potentialAction\":[{\"@type\":\"ReadAction\",\"target\":[\"https:\\\/\\\/velarogverkfaeri.is\\\/lykillausnir\\\/oryggisvorur\\\/product\\\/stubai-klifurbroddar-ice-track-l-926542\\\/\"]}]},{\"@type\":\"ImageObject\",\"inLanguage\":\"en-US\",\"@id\":\"https:\\\/\\\/velarogverkfaeri.is\\\/lykillausnir\\\/oryggisvorur\\\/product\\\/stubai-klifurbroddar-ice-track-l-926542\\\/#primaryimage\",\"url\":\"https:\\\/\\\/velarogverkfaeri.is\\\/wp-content\\\/uploads\\\/2025\\\/10\\\/1eb0cbc1-29c7-4763-97aa-299a8e79fadb.jpg\",\"contentUrl\":\"https:\\\/\\\/velarogverkfaeri.is\\\/wp-content\\\/uploads\\\/2025\\\/10\\\/1eb0cbc1-29c7-4763-97aa-299a8e79fadb.jpg\",\"width\":1772,\"height\":1181},{\"@type\":\"BreadcrumbList\",\"@id\":\"https:\\\/\\\/velarogverkfaeri.is\\\/lykillausnir\\\/oryggisvorur\\\/product\\\/stubai-klifurbroddar-ice-track-l-926542\\\/#breadcrumb\",\"itemListElement\":[{\"@type\":\"ListItem\",\"position\":1,\"name\":\"Home\",\"item\":\"https:\\\/\\\/velarogverkfaeri.is\\\/\"},{\"@type\":\"ListItem\",\"position\":2,\"name\":\"Vefverslun\",\"item\":\"https:\\\/\\\/velarogverkfaeri.is\\\/vefverslun\\\/\"},{\"@type\":\"ListItem\",\"position\":3,\"name\":\"STUBAI Klifurbroddar ICE TRACK L 926542\"}]},{\"@type\":\"WebSite\",\"@id\":\"https:\\\/\\\/velarogverkfaeri.is\\\/en\\\/#website\",\"url\":\"https:\\\/\\\/velarogverkfaeri.is\\\/en\\\/\",\"name\":\"V\u00e9lar & Verkf\u00e6ri\",\"description\":\"Umbo\u00f0s- og heildverslun fr\u00e1 \u00e1rinu 1919\",\"publisher\":{\"@id\":\"https:\\\/\\\/velarogverkfaeri.is\\\/en\\\/#organization\"},\"potentialAction\":[{\"@type\":\"SearchAction\",\"target\":{\"@type\":\"EntryPoint\",\"urlTemplate\":\"https:\\\/\\\/velarogverkfaeri.is\\\/en\\\/?s={search_term_string}\"},\"query-input\":{\"@type\":\"PropertyValueSpecification\",\"valueRequired\":true,\"valueName\":\"search_term_string\"}}],\"inLanguage\":\"en-US\"},{\"@type\":\"Organization\",\"@id\":\"https:\\\/\\\/velarogverkfaeri.is\\\/en\\\/#organization\",\"name\":\"V\u00e9lar & Verkf\u00e6ri\",\"url\":\"https:\\\/\\\/velarogverkfaeri.is\\\/en\\\/\",\"logo\":{\"@type\":\"ImageObject\",\"inLanguage\":\"en-US\",\"@id\":\"https:\\\/\\\/velarogverkfaeri.is\\\/en\\\/#\\\/schema\\\/logo\\\/image\\\/\",\"url\":\"https:\\\/\\\/velarogverkfaeri.is\\\/wp-content\\\/uploads\\\/2021\\\/10\\\/vv_logo_350x100.png\",\"contentUrl\":\"https:\\\/\\\/velarogverkfaeri.is\\\/wp-content\\\/uploads\\\/2021\\\/10\\\/vv_logo_350x100.png\",\"width\":350,\"height\":100,\"caption\":\"V\u00e9lar & Verkf\u00e6ri\"},\"image\":{\"@id\":\"https:\\\/\\\/velarogverkfaeri.is\\\/en\\\/#\\\/schema\\\/logo\\\/image\\\/\"},\"sameAs\":[\"https:\\\/\\\/www.facebook.com\\\/VelarOgVerkfaeri\"]}]}<\/script>\n<!-- \/ Yoast SEO plugin. -->","yoast_head_json":{"title":"STUBAI Klifurbroddar ICE TRACK L 926542 - V\u00e9lar &amp; Verkf\u00e6ri","robots":{"index":"index","follow":"follow","max-snippet":"max-snippet:-1","max-image-preview":"max-image-preview:large","max-video-preview":"max-video-preview:-1"},"canonical":"https:\/\/velarogverkfaeri.is\/en\/lykillausnir\/oryggisvorur\/product\/stubai-klifurbroddar-ice-track-l-926542\/","og_locale":"en_US","og_type":"article","og_title":"STUBAI Klifurbroddar ICE TRACK L 926542 - V\u00e9lar &amp; Verkf\u00e6ri","og_description":"Tegund:&nbsp;926542","og_url":"https:\/\/velarogverkfaeri.is\/en\/lykillausnir\/oryggisvorur\/product\/stubai-klifurbroddar-ice-track-l-926542\/","og_site_name":"V\u00e9lar &amp; Verkf\u00e6ri","article_publisher":"https:\/\/www.facebook.com\/VelarOgVerkfaeri","article_modified_time":"2025-10-31T12:31:39+00:00","twitter_card":"summary_large_image","schema":{"@context":"https:\/\/schema.org","@graph":[{"@type":"WebPage","@id":"https:\/\/velarogverkfaeri.is\/lykillausnir\/oryggisvorur\/product\/stubai-klifurbroddar-ice-track-l-926542\/","url":"https:\/\/velarogverkfaeri.is\/lykillausnir\/oryggisvorur\/product\/stubai-klifurbroddar-ice-track-l-926542\/","name":"STUBAI Klifurbroddar ICE TRACK L 926542 - V\u00e9lar &amp; Verkf\u00e6ri","isPartOf":{"@id":"https:\/\/velarogverkfaeri.is\/en\/#website"},"primaryImageOfPage":{"@id":"https:\/\/velarogverkfaeri.is\/lykillausnir\/oryggisvorur\/product\/stubai-klifurbroddar-ice-track-l-926542\/#primaryimage"},"image":{"@id":"https:\/\/velarogverkfaeri.is\/lykillausnir\/oryggisvorur\/product\/stubai-klifurbroddar-ice-track-l-926542\/#primaryimage"},"thumbnailUrl":"https:\/\/velarogverkfaeri.is\/wp-content\/uploads\/2025\/10\/1eb0cbc1-29c7-4763-97aa-299a8e79fadb.jpg","datePublished":"2025-09-06T14:41:17+00:00","dateModified":"2025-10-31T12:31:39+00:00","breadcrumb":{"@id":"https:\/\/velarogverkfaeri.is\/lykillausnir\/oryggisvorur\/product\/stubai-klifurbroddar-ice-track-l-926542\/#breadcrumb"},"inLanguage":"en-US","potentialAction":[{"@type":"ReadAction","target":["https:\/\/velarogverkfaeri.is\/lykillausnir\/oryggisvorur\/product\/stubai-klifurbroddar-ice-track-l-926542\/"]}]},{"@type":"ImageObject","inLanguage":"en-US","@id":"https:\/\/velarogverkfaeri.is\/lykillausnir\/oryggisvorur\/product\/stubai-klifurbroddar-ice-track-l-926542\/#primaryimage","url":"https:\/\/velarogverkfaeri.is\/wp-content\/uploads\/2025\/10\/1eb0cbc1-29c7-4763-97aa-299a8e79fadb.jpg","contentUrl":"https:\/\/velarogverkfaeri.is\/wp-content\/uploads\/2025\/10\/1eb0cbc1-29c7-4763-97aa-299a8e79fadb.jpg","width":1772,"height":1181},{"@type":"BreadcrumbList","@id":"https:\/\/velarogverkfaeri.is\/lykillausnir\/oryggisvorur\/product\/stubai-klifurbroddar-ice-track-l-926542\/#breadcrumb","itemListElement":[{"@type":"ListItem","position":1,"name":"Home","item":"https:\/\/velarogverkfaeri.is\/"},{"@type":"ListItem","position":2,"name":"Vefverslun","item":"https:\/\/velarogverkfaeri.is\/vefverslun\/"},{"@type":"ListItem","position":3,"name":"STUBAI Klifurbroddar ICE TRACK L 926542"}]},{"@type":"WebSite","@id":"https:\/\/velarogverkfaeri.is\/en\/#website","url":"https:\/\/velarogverkfaeri.is\/en\/","name":"V\u00e9lar & Verkf\u00e6ri","description":"Umbo\u00f0s- og heildverslun fr\u00e1 \u00e1rinu 1919","publisher":{"@id":"https:\/\/velarogverkfaeri.is\/en\/#organization"},"potentialAction":[{"@type":"SearchAction","target":{"@type":"EntryPoint","urlTemplate":"https:\/\/velarogverkfaeri.is\/en\/?s={search_term_string}"},"query-input":{"@type":"PropertyValueSpecification","valueRequired":true,"valueName":"search_term_string"}}],"inLanguage":"en-US"},{"@type":"Organization","@id":"https:\/\/velarogverkfaeri.is\/en\/#organization","name":"V\u00e9lar & Verkf\u00e6ri","url":"https:\/\/velarogverkfaeri.is\/en\/","logo":{"@type":"ImageObject","inLanguage":"en-US","@id":"https:\/\/velarogverkfaeri.is\/en\/#\/schema\/logo\/image\/","url":"https:\/\/velarogverkfaeri.is\/wp-content\/uploads\/2021\/10\/vv_logo_350x100.png","contentUrl":"https:\/\/velarogverkfaeri.is\/wp-content\/uploads\/2021\/10\/vv_logo_350x100.png","width":350,"height":100,"caption":"V\u00e9lar & Verkf\u00e6ri"},"image":{"@id":"https:\/\/velarogverkfaeri.is\/en\/#\/schema\/logo\/image\/"},"sameAs":["https:\/\/www.facebook.com\/VelarOgVerkfaeri"]}]}},"_links":{"self":[{"href":"https:\/\/velarogverkfaeri.is\/en\/wp-json\/wp\/v2\/product\/75766","targetHints":{"allow":["GET"]}}],"collection":[{"href":"https:\/\/velarogverkfaeri.is\/en\/wp-json\/wp\/v2\/product"}],"about":[{"href":"https:\/\/velarogverkfaeri.is\/en\/wp-json\/wp\/v2\/types\/product"}],"replies":[{"embeddable":true,"href":"https:\/\/velarogverkfaeri.is\/en\/wp-json\/wp\/v2\/comments?post=75766"}],"wp:featuredmedia":[{"embeddable":true,"href":"https:\/\/velarogverkfaeri.is\/en\/wp-json\/wp\/v2\/media\/77255"}],"wp:attachment":[{"href":"https:\/\/velarogverkfaeri.is\/en\/wp-json\/wp\/v2\/media?parent=75766"}],"wp:term":[{"taxonomy":"product_brand","embeddable":true,"href":"https:\/\/velarogverkfaeri.is\/en\/wp-json\/wp\/v2\/product_brand?post=75766"},{"taxonomy":"product_cat","embeddable":true,"href":"https:\/\/velarogverkfaeri.is\/en\/wp-json\/wp\/v2\/product_cat?post=75766"},{"taxonomy":"product_tag","embeddable":true,"href":"https:\/\/velarogverkfaeri.is\/en\/wp-json\/wp\/v2\/product_tag?post=75766"}],"curies":[{"name":"wp","href":"https:\/\/api.w.org\/{rel}","templated":true}]}}