{"id":75765,"date":"2025-09-06T14:41:17","date_gmt":"2025-09-06T14:41:17","guid":{"rendered":"https:\/\/velarogverkfaeri.is\/?post_type=product&#038;p=75765"},"modified":"2025-11-01T12:32:16","modified_gmt":"2025-11-01T12:32:16","slug":"stubai-exi-utivistar-procamp-camping-axe-672050bs","status":"publish","type":"product","link":"https:\/\/velarogverkfaeri.is\/en\/lykillausnir\/utivistarvorur\/ymislegt\/product\/stubai-exi-utivistar-procamp-camping-axe-672050bs\/","title":{"rendered":"STUBAI Exi \u00fativistar Procamp Camping Axe 672050BS"},"content":{"rendered":"<p><img decoding=\"async\" src=\"data:image\/png;base64,iVBORw0KGgoAAAANSUhEUgAABHMAAABsCAYAAADpGv4qAAAAAXNSR0IArs4c6QAAAARnQU1BAACxjwv8YQUAAAAJcEhZcwAADsMAAA7DAcdvqGQAABaASURBVHhe7d1NjBVVvgDww9vJhnbXvRpn1d1OJgE28tyAujCSvBgye0UhL4bEEIdJBPPyFm8xaKJjiAkhL+Aoe0PMSzAuZHDj4IYmmYx0r3RWzQ5645ZXpz5P1a17+\/YHDdX8fknp7ar7Ubc4p+qcf\/3PuXtWVlYeBgAAAAAGYU+2CObAFFZWVsL8\/Hz5FwDA00EbiKFSdtmtYtn+t\/IxAAAAAAMgmAMAAAAwIII5AAAAAAMimAMAAAAwIII5AAAAAAMimAMAAAAwIII5AAAAAAMimAMAAAAwIII5AAAAAAMimAMAAAAwIII5AAAAAAMimAMAAAAwIII5AAAAAAMimAMAAAAwIII5AAAAAAMimAMAAAAwIII5AAAAAAMimAMAAAAwIII5AAAAAAMimAMAAAAwIFsL5nz+U3j48GF4eP+7cKZc9dhU+5It92+09+by3f71sOOSctpatrEOPUnlXd0DgKfdmfDd\/Z72wHvfhftlO+inz8t1mTM37hdto7uXyzXjbeS5lc28hqfck9TnTdV16KegND+dtj8zpyrsj\/EEOfPSCQWaYZl5OXyc1Zu0MTMsVUPtfvjuvXIVAED4JPx8r3g0M7dYPMic+Y+DYaZ8vPjvVcv9TDh6oFh79+8n8\/8\/HpfDTzrJPFGUSUZtezDnzHNz5aPHaTGcEG3nSfbgRvjTnj1hT1z+eCM8KFcvHtt6xP\/kYvG+z778SblmJyyGuapFlng8+wIAPElO\/v1u8WD2t2U7pwna5Or1VXviQVj9R75iok9efrZoSy1uc+Dnvd+GJ6FHAzVlkh7bGsyJQyo+fqk8MS+caN+l7wwvSdMs03TH+nH12vR10wRoHtwNd2PPOPv8yVkOTcpntRgKwmPx6Svh2b+WjZyZg+FondnSLaNpJH60\/FblvW9oU7WueF4V2W\/qZ\/qa9nOL7c3dgGSp6mOe4nkia35FM+HlvzTb+valqePl0kpZTfct\/Ux3IQBgsP6xWty4qts5ZdCmardX66sO64Pb4fqn8UHUaYMk7YbeIVPJ8K343MsThlWlbZK6zRP7Hn95ucwaWgwnsm36CEw2XRlNy1u3TE1sq09TJtNy31PW2Z12ZALkvOC+1aRVRjMvfZx0FEsLJ5pgUOwU\/vf9cD993cIfmuDQWKvhyv8UmQ6Lb43rAMYK8nF4ufqoUtwnJ2sei7d\/CEU4ZybM\/T7+v6+MZifv8uJw+e5o+R0nXhxOLJR\/ZBbfqgIvo2IdaD23yhTquxuQ1deN1pe4L00dL8UhZq2AThSDQul+LoY\/qJsAMEyfXg+3i2hO0c75\/MX8Gv9g6Ur4IR+CVa7\/\/Vz2KHPv55Dn9LZuGJViu2FcZzU+v+70ZrLnnui2OyqtfsekfgNMMG0Z7ZS3dFqQjbTV+2V9hLTcr5vUwG6xrcGcOKTiT3\/Lz9QhLF8Je\/Y8G175NBn7+tdyWEmZhdCMjy1VQ0\/qLIUQbv8xvuZKp6O7jk9fCV8txwdjOoDlBSTbo3Alfl7ymebb4YlQldF6ONafwo30zlUlGa71\/NvlupbL4cXy4tCtf73yeps8Z2au2I+YPVR+Tlyqep6Pfc+3VXX0QbgR62xvunPPvlSvi42tzkWnes6VvC6XnwUADFAzb87cc2fqaRlWf\/mkHoKVrq\/my6nn1anaJ1W7YeHF3vZ6\/fxu+6lP9Zx6uPtc+G1sY739fLKu6CsYLs44U5fRceVtmrb6umWybH8n5T3WJ3a\/HcjMaebSWHyrTP3qZOnUqih8lYoZVsPPeYrl3bBaFsxpnVwsKtLMS\/8V\/jBbrKvU8\/os\/xDqLmf9mfAY1AHGYox4XUZjZD9PmWxn4pz83\/KEXm9PhjSm6oyau+GHKthTZwGNerBabqnrQ3mhSVM3s2Uku2Yaffsytm43Y+XvVk+ox9MDAENTBW1m5o6WN3rL9kDZ5pg5cCKcyNc3bYDFqhOxEKdviG2QyRkL1fMfLF0v+hTZf68v9TY0mn7Hpz9nPQ7YnKnL6Eh5K5MUNthW71f1mZugKU+HHRlmVWnuxpfLdk9W1nIyPJ9HNWfCTFnHKp\/8Up6y04hpldYJOy0GSqoA5\/JX4ZV6jHgmybwplpjtlq2vM2WqCHwcltgdqpRaDC\/WY8GrwNH0Lv9nTN2sov5NtsyG1BevZF+yx9U1EADYxaobRbMHw8F47a9uqlZDsGYWw2Jc35ovp1RnPVTL880N2R4zB46WbaLORMvwqGywjI7aWludp9OjC+bk0cmYLXAyXCmHZNSZOfmyA+NS336+v9NZRzuLCaTy\/Sk70w\/+dmWDFQ82oc6oyZZ6jOvdcKUMcH7y8ldFGU2fly3VHDXNJGlJxk4V8U\/VY9ST+jcuM25d5eTG2Xuk43rb2hMgt50MP5T1sTkXlHcvHtwIV3qHiQEAu0IdtJnJ2z11NnAnm6DJqkkykeush2IZNx9I\/atZYzKbN84EyCR62uUbLaMjNtxWVyZpbHswp+6EJuLPBtZz6eywarhV28nwfM8Y2pg5ZEwsj0UezU8j+LGM9pXdMWIGT2+m2yfhlWfT93kQbvy1GnM7vfpCFWX7Olqfm6DtJK15tSrxuz\/7ymggCgDYRdKgzYNw+\/+aK38dhMnEeXRqMRO5nitkCm8\/325nZG2MzWUTV\/Nvwjo2WkZHTNlWVyYZ46HFYll\/WVlZ6V0\/tOXy3Yelnx5e7tlusVgsFovFki6DbQO9993D+2Wr5\/6NM\/3PsezqZYhlV1vdMs0Sy\/aOzpkD7LwzN+630j6rIVKGFAIAu8vl8FPS5kmHsn8l+54nlLY6myWYA0+dYiJjQwoBgF1vZCg7POm01ZnOnmyJaTrAOlZWVsL8\/Hz5FwDA00EbiKFSdtmtYtmWmQMAAAAwIII5AAAAAAMimAMAAAAwIII5AAAAAAMimAMAAAAwIII5AAAAAAMimAMAAAAwIII5AAAAAAMimAMAAAAwIII5AAAAAAMimAMAAAAwIII5AAAAAAMimAMAAAAwIII5AAAAAAMimAMAAAAwIII5AAAAAAMimAMAAAAwIHtWVlYelo8BAAAAeMLteeaZZwRzYAp37twJ+\/fvL\/8CAHg6aAMxVMouu1Us24ZZAQAAAAyIYA4AAADAgAjmAAAAAAyIYA4AAADAgAjmAAAAAAyIYA4AAADAgAjmAAAAAAyIYA4AAADAgAjmAAAAAAyIYA4AAADAgAjmAAAAAAyIYA4AAADAgAjmAAAAAAyIYA4AAADAgAjmAAAAAAyIYA4AAADAgAjmAAAAAAyIYA4AAADAgAjmAAAAAAyIYA4AAADAgGxLMOf0N6vh119\/LZbV6+F0vvZiuF2t6yy3L+VPCOHS7f71tfZ7tLefDtdXm235snSx3Fbo36\/CxaXkdflyO\/u0ttbrs2X1m\/QdYBPevR5WkzI1Uq56tnfLdWG0fo0vn6N1pfe5eX1cDdffLf9OFPVltI7Uyrqc1tFp6tjOaL7\/9tfh4t9h9Nz1iMTj3DmXPZHyctxflgB4SnXaOCPXzla\/YJ12+RCuhewiW+t3dl+vT8l22XIwJ3bYzu9fCuf27g174zJ3NFzIt5wKB6t11XJ1OYS1m+HLd+L2rFC\/cK953fs3w9wbaeM\/FvrjYe77c2O2z4fZfWvh5vvl6+Ny4FS5LZNdEM4fXg1flNu+uHcknO9UurXqveP2lYVwPNmef6\/Za8177z0XlrLPhK1brsvl3r1fhNXD5zsn9fb25fnj7e15YyipG\/mSlc\/950cvHvlzz4cDdzrPnX119CLz+lxYXgnhwNH+C8za2lw41nvxia9dKB+3pXXs3Pdz4fhjCOic\/uZsOHLvi3wf5l4rzk7bpzjPHczPadQ+Oxrm9s6Fo5+VfwPwlLsYbn90JKxeLdsi3XZ9bK+8MVe36\/M2Q9qmmaJdD4\/O1vqdF5fO123Rqu2\/YzcC2dW2FszJTrzH5rOOZx3AmaTo8C1\/XT33Qjh6IHld1vi\/trKv6Ui++2o4sG85XKs6X93tudXwy5jOwsUXFrKO5JdZV6tw6vObYW3+0NiO5Kkfl0OYfa68aJwOz81mXeofk0oa9\/e19G\/YDqfCwavLYd\/suEDhqfDl92vJ9qwefXAkhO\/PdQITWfmcOxduhiPhzfri0DScRp6b1r0o1rewFL78fCmEw2+OrSf79neDQJlLb2afuhyW18q\/x7jw2ofh5tpceG6HszXmZ\/eFtXsr5V8AwI5797kwl7UVblU3Pz77Niyt7Quzvyv+PH30QNi3cq2+CXDhtWthed+B8GrZZthoux6232b7nRfDofm1cPPzemvetl94Qell67YUzIkn3pAU3InyDl+VldOnCKCs\/qvoYhYn9Vut944Bl7ozmV8UxikqzdL1pLuaXzQWwqHeKOhooOmXe0ElY0ec\/s34kjyiG+RsuRC+vZNcHC4dCgt1JtxkeV2+8224MKme3LnWCRYV4gVs+esvQ1Zl1hHvapQPR2R1cDWmXBf\/r9JQW3ctyiFG18vhW\/W2Vlp2ttR3Qor3Oj4fwr7D57NtzR3A9hDKdrbQuG3966v9zv8ojN2fqHp+OkyuOxypM4Rug6nk7eFt7f0cXR\/17FO+z+lr2vuYH4vsOa1j0vqe8b06xzvbnu7bSIpxetyy73yxfM047X+P5N8gz0ZL97f4Xs3ntY+vVGeAHVC2L+oM37I9UwR3TodX9+\/r3EQ9FW7VN3E32q6P2te94hrXvd7ClLbS78zb40vh2yQQdOH60oRgZFlWLzXDEou2Stp+2Vo7jt1jS8GceMd79V\/zrYZxf8pYVphawZIeMdhTn9SntRCOV5+9wQ5PVHTw4uuL1Ld0qMSpA+fCzdnjE74TbIeL4c3D3QZMIuuYnj0cmmj+72bDvrV7YVyeyYV\/rdYZZnmQ6N4v4+tcLTaiQnkR6gSEWlbC0a+Xw8LrSV0rs\/Omqbenvzk2cjHrWnjjbAh\/LtNXR4ZWZvYdCbM\/Ftvz+hoDAEladhxCFuttcdGL2UpxCGU13KsY9hODAOnQ0DyVuwoa5Me7SZPde\/XW5PVdE\/ensfDGoXCrfK8vssbqkQ\/SVPJDIVRp6HGYXfaduwG0cWKw5Hio0njjdytDbFmjebYeapftU9qgLjX7VAzt+\/XX5t8i38e3O2Uie87Z8GHznj3fsyV7\/qHy3y4Oud13+Gzzb5sft9Ac3z+HcCyrF+NlZXY2\/TfMymxVLuMQr6ur9THNy93KF2V2WmzoHG8d39V0PwB4RIoM4nxIeGx7fzQbru09ON0N4Q2Lndj2EPNbLxzPeg2wFVvrd25M1u56PYQPY\/nN2sMh77NW7bRtasexK2x5zpy0U9Lb+YryIRwTMgTqDtAGTur5nAzl58ZCGscmbrBitebzuHesUzGLjmCsEOGNWHHTCChsRXIxKDuW7TlXku0fxBP5I557JM+aa4IsE+8WvHOrnfb8dhzyNT47rwmYlnNrrTMkc\/lq8l37hlZ2Mo2KtNYPk+OT1duvkwy+EeXdvySwnKdyt75vMhTsnVPJdxu3vjHt\/ixfbc51eSruvtlmRq53DiblId6ZzD75N1Oc2crA2hfJGO4Lrx0tPic7lgfrbK4iYNcd2tfsU\/GZIUl3bw9DLdUBkmi9457Jnl9\/r3e+zBoiTXp9Nz057u+H308at5d9XjJUMC+zrWOYvX\/MIvumDMJVx2QkWy2mOo+fJwqA7RKD6ckNm723wqGsbfBIbpj2ZDGfOpB1cMvHsGHb0O\/cmLVw889lOyfP8on91qqdtE3tOHaFLQdzug3w0Xltsu5TNYSj\/DuVp92\/HidCnrLDOibTID9JJ53Mfmvh3j\/Lhx35fB6h7\/XFBKcjE7HBpqUTHPdNnlttP5d3SM+mkfd\/3mt3WjvSbJw0S2eS2JGOGS\/nqwDSR0fCvjAa8S8Und8iut+TVtqRBkybydGnt3JvUoe+PTSzNvEYFUO9FvIAbbXEu3VloCZerN9fCgc+KrbVjcxx61s2sz992qnhcZjYVNbJ2kqHOJ2fmPVSHPcNzzMUv2f5cGPGHLf1pMOy8jKbuhCO\/vlmmDsc54xqAmd5\/UjLenksxs9ZBcB2KLIkm85l3r6+urzulAaTrw1j2vXrXA9hq7ba78xNXUaL6T820k7aVDuOQdpSMGdyR6uSDuFoi52LY\/eyzl5PJ6+vI5rfvZ1YMKuJqVbCveSuby6P0o+fuGryfB7Z\/nTv\/MIjV3RIQzoMZOIY8c6Y804WTb9yUrZ6WFC5xGEwY7IsqkyW6yMNs+0Xh3KOV1zcerNWxl4g47mh5\/umweT67kuRldcK6PStr21mf7qK1PDZr5t9i8PEpjIhaFSfa8v3jMOStl1sPJcPN6N73Cb+28dATn4ToDxO798cCSTFrLHVlfawwPy6stIMQ6uX9BcpANhhfdfPon1SdIY30a7vXg8nznkCmzFlv7OnfZbPDTvVVAgw2ZaCOTHA0epo5mn+nTv140625ZCA\/olcM2WafJ2V0H3vS9dbw7kuLh3POpbVhMlFyv\/CG83QqNiw706onGrP55F1qJbaWTh5pRPlZ6d9FoebhGROlTLjYCSYUAQB2nM\/lVk0H\/U8tyrfPZOy5SYGgmL65kI4ks7ls01a8\/FkHfbjk84RmXxS9NacJ9l3i7\/2NSYTMB6\/b++kx7Mj+8zmWMWLc\/lw3PqOje9PV\/HTl82dnNiYLR+upwz01fP\/ZE5\/cz17h27mSxH027L5Y8n3vBhuv7HOvGhjlenC6a+o5ef78nGP7nxQ+fm5fBzFeZHi3EEHDxzMU6Hr60gs1\/PHewJxADxKxRDunutGeQMqDjlO+xTtdvkG2\/XxXN\/JMM6fXz6GDdtKvzNry1\/L2s1N+2yd+TJhA7Y2zKoz9ODXjw6Epfc7w6Xi3dqxQZR07pByqYcyZRVjrvgd\/v73ns07qdXr8kk\/07ur7xwshkaN255pzecR51WoM4QuhF9CJxV\/ivk+4FEohgBm5bG6COQZItVcTtVSTvTXKeMXXpsr57JqP3f2x1iWT+cTk6\/1BhqKX5EYN1laPs\/LOpMZb8bynRDOVvs5zTxaWT3fGye7rc8FxXFo\/xR7Wzwm+Vjn+nhkS3Vs\/3kvOVbFe+XBsXHruzaxP21NAK54\/aEYO5pSPGcWExEXr43nrfjyqpFRvefZMDtVVuU6VpZC+KB6z+Nh7vsxx2QK+b9JbOiU+x3niro2IXuoyA5rvufZ2dUmM+fS7ex83gQaYyp0vI4UkzOfCgdH6oNfeAB45Lp9hu51I25Prp8j7e4p2vWN4lxfTBpbPP\/Qj+bMYSu21u9Mf1inf75M2Jw9zzzzzMPyMTDBnTt3wv79We+YR6DILIrDi1zcnnz5L4LNXpvQkN66amjY9IEwAB6VwbeB3r0eVh\/pL2jxpNJ+Z7eKZXvLEyADwLbKh9hNnlwbAKZTDHmeNN0CwBAJ5gDweF1KfpkqLvkQuyl\/4RAAWmK2b3JN+bWYU\/BRZpMCPA6GWcGUpGkCAE8jbSCGStlltzLMCgAAAGBgBHMAAAAABkQwBwAAAGBABHMAAAAABkQwBwAAAGBABHMAAAAABkQwBwAAAGBABHMAAAAABkQwBwAAAGBABHMAAAAABkQwBwAAAGBABHMAAAAABkQwBwAAAGBABHMAAAAABkQwBwAAAGBABHMAAAAABkQwBwAAAGBA9qysrDwsHwMAAADwhNuTLYI5AAAAAIMQwv8DdzGrq0mJVu0AAAAASUVORK5CYII=\" alt=\"\"><\/p>","protected":false},"excerpt":{"rendered":"<p>Tegund:&nbsp;672050BS<\/p>","protected":false},"featured_media":77258,"comment_status":"closed","ping_status":"closed","template":"","meta":[],"product_brand":[],"product_cat":[517,601,821],"product_tag":[],"class_list":{"0":"post-75765","1":"product","2":"type-product","3":"status-publish","4":"has-post-thumbnail","6":"product_cat-lykillausnir","7":"product_cat-utivistarvorur","8":"product_cat-ymislegt","10":"first","11":"instock","12":"taxable","13":"shipping-taxable","14":"purchasable","15":"product-type-simple"},"yoast_head":"<!-- This site is optimized with the Yoast SEO plugin v27.3 - https:\/\/yoast.com\/product\/yoast-seo-wordpress\/ -->\n<title>STUBAI Exi \u00fativistar Procamp Camping Axe 672050BS - V\u00e9lar &amp; Verkf\u00e6ri<\/title>\n<meta name=\"robots\" content=\"index, follow, max-snippet:-1, max-image-preview:large, max-video-preview:-1\" \/>\n<link rel=\"canonical\" href=\"https:\/\/velarogverkfaeri.is\/en\/verkfaeralausnir\/handverkfaeri\/hamrar\/product\/stubai-exi-utivistar-procamp-camping-axe-672050bs\/\" \/>\n<meta property=\"og:locale\" content=\"en_US\" \/>\n<meta property=\"og:type\" content=\"article\" \/>\n<meta property=\"og:title\" content=\"STUBAI Exi \u00fativistar Procamp Camping Axe 672050BS - V\u00e9lar &amp; Verkf\u00e6ri\" \/>\n<meta property=\"og:description\" content=\"Tegund:&nbsp;672050BS\" \/>\n<meta property=\"og:url\" content=\"https:\/\/velarogverkfaeri.is\/en\/verkfaeralausnir\/handverkfaeri\/hamrar\/product\/stubai-exi-utivistar-procamp-camping-axe-672050bs\/\" \/>\n<meta property=\"og:site_name\" content=\"V\u00e9lar &amp; Verkf\u00e6ri\" \/>\n<meta property=\"article:publisher\" content=\"https:\/\/www.facebook.com\/VelarOgVerkfaeri\" \/>\n<meta property=\"article:modified_time\" content=\"2025-11-01T12:32:16+00:00\" \/>\n<meta name=\"twitter:card\" content=\"summary_large_image\" \/>\n<script type=\"application\/ld+json\" class=\"yoast-schema-graph\">{\"@context\":\"https:\\\/\\\/schema.org\",\"@graph\":[{\"@type\":\"WebPage\",\"@id\":\"https:\\\/\\\/velarogverkfaeri.is\\\/verkfaeralausnir\\\/handverkfaeri\\\/hamrar\\\/product\\\/stubai-exi-utivistar-procamp-camping-axe-672050bs\\\/\",\"url\":\"https:\\\/\\\/velarogverkfaeri.is\\\/verkfaeralausnir\\\/handverkfaeri\\\/hamrar\\\/product\\\/stubai-exi-utivistar-procamp-camping-axe-672050bs\\\/\",\"name\":\"STUBAI Exi \u00fativistar Procamp Camping Axe 672050BS - V\u00e9lar &amp; Verkf\u00e6ri\",\"isPartOf\":{\"@id\":\"https:\\\/\\\/velarogverkfaeri.is\\\/en\\\/#website\"},\"primaryImageOfPage\":{\"@id\":\"https:\\\/\\\/velarogverkfaeri.is\\\/verkfaeralausnir\\\/handverkfaeri\\\/hamrar\\\/product\\\/stubai-exi-utivistar-procamp-camping-axe-672050bs\\\/#primaryimage\"},\"image\":{\"@id\":\"https:\\\/\\\/velarogverkfaeri.is\\\/verkfaeralausnir\\\/handverkfaeri\\\/hamrar\\\/product\\\/stubai-exi-utivistar-procamp-camping-axe-672050bs\\\/#primaryimage\"},\"thumbnailUrl\":\"https:\\\/\\\/velarogverkfaeri.is\\\/wp-content\\\/uploads\\\/2025\\\/10\\\/5d86564c-a6e2-4c76-afe8-50ea5703455a.jpg\",\"datePublished\":\"2025-09-06T14:41:17+00:00\",\"dateModified\":\"2025-11-01T12:32:16+00:00\",\"breadcrumb\":{\"@id\":\"https:\\\/\\\/velarogverkfaeri.is\\\/verkfaeralausnir\\\/handverkfaeri\\\/hamrar\\\/product\\\/stubai-exi-utivistar-procamp-camping-axe-672050bs\\\/#breadcrumb\"},\"inLanguage\":\"en-US\",\"potentialAction\":[{\"@type\":\"ReadAction\",\"target\":[\"https:\\\/\\\/velarogverkfaeri.is\\\/verkfaeralausnir\\\/handverkfaeri\\\/hamrar\\\/product\\\/stubai-exi-utivistar-procamp-camping-axe-672050bs\\\/\"]}]},{\"@type\":\"ImageObject\",\"inLanguage\":\"en-US\",\"@id\":\"https:\\\/\\\/velarogverkfaeri.is\\\/verkfaeralausnir\\\/handverkfaeri\\\/hamrar\\\/product\\\/stubai-exi-utivistar-procamp-camping-axe-672050bs\\\/#primaryimage\",\"url\":\"https:\\\/\\\/velarogverkfaeri.is\\\/wp-content\\\/uploads\\\/2025\\\/10\\\/5d86564c-a6e2-4c76-afe8-50ea5703455a.jpg\",\"contentUrl\":\"https:\\\/\\\/velarogverkfaeri.is\\\/wp-content\\\/uploads\\\/2025\\\/10\\\/5d86564c-a6e2-4c76-afe8-50ea5703455a.jpg\",\"width\":1772,\"height\":1181},{\"@type\":\"BreadcrumbList\",\"@id\":\"https:\\\/\\\/velarogverkfaeri.is\\\/verkfaeralausnir\\\/handverkfaeri\\\/hamrar\\\/product\\\/stubai-exi-utivistar-procamp-camping-axe-672050bs\\\/#breadcrumb\",\"itemListElement\":[{\"@type\":\"ListItem\",\"position\":1,\"name\":\"Home\",\"item\":\"https:\\\/\\\/velarogverkfaeri.is\\\/\"},{\"@type\":\"ListItem\",\"position\":2,\"name\":\"Vefverslun\",\"item\":\"https:\\\/\\\/velarogverkfaeri.is\\\/vefverslun\\\/\"},{\"@type\":\"ListItem\",\"position\":3,\"name\":\"STUBAI Exi \u00fativistar Procamp Camping Axe 672050BS\"}]},{\"@type\":\"WebSite\",\"@id\":\"https:\\\/\\\/velarogverkfaeri.is\\\/en\\\/#website\",\"url\":\"https:\\\/\\\/velarogverkfaeri.is\\\/en\\\/\",\"name\":\"V\u00e9lar & Verkf\u00e6ri\",\"description\":\"Umbo\u00f0s- og heildverslun fr\u00e1 \u00e1rinu 1919\",\"publisher\":{\"@id\":\"https:\\\/\\\/velarogverkfaeri.is\\\/en\\\/#organization\"},\"potentialAction\":[{\"@type\":\"SearchAction\",\"target\":{\"@type\":\"EntryPoint\",\"urlTemplate\":\"https:\\\/\\\/velarogverkfaeri.is\\\/en\\\/?s={search_term_string}\"},\"query-input\":{\"@type\":\"PropertyValueSpecification\",\"valueRequired\":true,\"valueName\":\"search_term_string\"}}],\"inLanguage\":\"en-US\"},{\"@type\":\"Organization\",\"@id\":\"https:\\\/\\\/velarogverkfaeri.is\\\/en\\\/#organization\",\"name\":\"V\u00e9lar & Verkf\u00e6ri\",\"url\":\"https:\\\/\\\/velarogverkfaeri.is\\\/en\\\/\",\"logo\":{\"@type\":\"ImageObject\",\"inLanguage\":\"en-US\",\"@id\":\"https:\\\/\\\/velarogverkfaeri.is\\\/en\\\/#\\\/schema\\\/logo\\\/image\\\/\",\"url\":\"https:\\\/\\\/velarogverkfaeri.is\\\/wp-content\\\/uploads\\\/2021\\\/10\\\/vv_logo_350x100.png\",\"contentUrl\":\"https:\\\/\\\/velarogverkfaeri.is\\\/wp-content\\\/uploads\\\/2021\\\/10\\\/vv_logo_350x100.png\",\"width\":350,\"height\":100,\"caption\":\"V\u00e9lar & Verkf\u00e6ri\"},\"image\":{\"@id\":\"https:\\\/\\\/velarogverkfaeri.is\\\/en\\\/#\\\/schema\\\/logo\\\/image\\\/\"},\"sameAs\":[\"https:\\\/\\\/www.facebook.com\\\/VelarOgVerkfaeri\"]}]}<\/script>\n<!-- \/ Yoast SEO plugin. -->","yoast_head_json":{"title":"STUBAI Exi \u00fativistar Procamp Camping Axe 672050BS - V\u00e9lar &amp; Verkf\u00e6ri","robots":{"index":"index","follow":"follow","max-snippet":"max-snippet:-1","max-image-preview":"max-image-preview:large","max-video-preview":"max-video-preview:-1"},"canonical":"https:\/\/velarogverkfaeri.is\/en\/verkfaeralausnir\/handverkfaeri\/hamrar\/product\/stubai-exi-utivistar-procamp-camping-axe-672050bs\/","og_locale":"en_US","og_type":"article","og_title":"STUBAI Exi \u00fativistar Procamp Camping Axe 672050BS - V\u00e9lar &amp; Verkf\u00e6ri","og_description":"Tegund:&nbsp;672050BS","og_url":"https:\/\/velarogverkfaeri.is\/en\/verkfaeralausnir\/handverkfaeri\/hamrar\/product\/stubai-exi-utivistar-procamp-camping-axe-672050bs\/","og_site_name":"V\u00e9lar &amp; Verkf\u00e6ri","article_publisher":"https:\/\/www.facebook.com\/VelarOgVerkfaeri","article_modified_time":"2025-11-01T12:32:16+00:00","twitter_card":"summary_large_image","schema":{"@context":"https:\/\/schema.org","@graph":[{"@type":"WebPage","@id":"https:\/\/velarogverkfaeri.is\/verkfaeralausnir\/handverkfaeri\/hamrar\/product\/stubai-exi-utivistar-procamp-camping-axe-672050bs\/","url":"https:\/\/velarogverkfaeri.is\/verkfaeralausnir\/handverkfaeri\/hamrar\/product\/stubai-exi-utivistar-procamp-camping-axe-672050bs\/","name":"STUBAI Exi \u00fativistar Procamp Camping Axe 672050BS - V\u00e9lar &amp; Verkf\u00e6ri","isPartOf":{"@id":"https:\/\/velarogverkfaeri.is\/en\/#website"},"primaryImageOfPage":{"@id":"https:\/\/velarogverkfaeri.is\/verkfaeralausnir\/handverkfaeri\/hamrar\/product\/stubai-exi-utivistar-procamp-camping-axe-672050bs\/#primaryimage"},"image":{"@id":"https:\/\/velarogverkfaeri.is\/verkfaeralausnir\/handverkfaeri\/hamrar\/product\/stubai-exi-utivistar-procamp-camping-axe-672050bs\/#primaryimage"},"thumbnailUrl":"https:\/\/velarogverkfaeri.is\/wp-content\/uploads\/2025\/10\/5d86564c-a6e2-4c76-afe8-50ea5703455a.jpg","datePublished":"2025-09-06T14:41:17+00:00","dateModified":"2025-11-01T12:32:16+00:00","breadcrumb":{"@id":"https:\/\/velarogverkfaeri.is\/verkfaeralausnir\/handverkfaeri\/hamrar\/product\/stubai-exi-utivistar-procamp-camping-axe-672050bs\/#breadcrumb"},"inLanguage":"en-US","potentialAction":[{"@type":"ReadAction","target":["https:\/\/velarogverkfaeri.is\/verkfaeralausnir\/handverkfaeri\/hamrar\/product\/stubai-exi-utivistar-procamp-camping-axe-672050bs\/"]}]},{"@type":"ImageObject","inLanguage":"en-US","@id":"https:\/\/velarogverkfaeri.is\/verkfaeralausnir\/handverkfaeri\/hamrar\/product\/stubai-exi-utivistar-procamp-camping-axe-672050bs\/#primaryimage","url":"https:\/\/velarogverkfaeri.is\/wp-content\/uploads\/2025\/10\/5d86564c-a6e2-4c76-afe8-50ea5703455a.jpg","contentUrl":"https:\/\/velarogverkfaeri.is\/wp-content\/uploads\/2025\/10\/5d86564c-a6e2-4c76-afe8-50ea5703455a.jpg","width":1772,"height":1181},{"@type":"BreadcrumbList","@id":"https:\/\/velarogverkfaeri.is\/verkfaeralausnir\/handverkfaeri\/hamrar\/product\/stubai-exi-utivistar-procamp-camping-axe-672050bs\/#breadcrumb","itemListElement":[{"@type":"ListItem","position":1,"name":"Home","item":"https:\/\/velarogverkfaeri.is\/"},{"@type":"ListItem","position":2,"name":"Vefverslun","item":"https:\/\/velarogverkfaeri.is\/vefverslun\/"},{"@type":"ListItem","position":3,"name":"STUBAI Exi \u00fativistar Procamp Camping Axe 672050BS"}]},{"@type":"WebSite","@id":"https:\/\/velarogverkfaeri.is\/en\/#website","url":"https:\/\/velarogverkfaeri.is\/en\/","name":"V\u00e9lar & Verkf\u00e6ri","description":"Umbo\u00f0s- og heildverslun fr\u00e1 \u00e1rinu 1919","publisher":{"@id":"https:\/\/velarogverkfaeri.is\/en\/#organization"},"potentialAction":[{"@type":"SearchAction","target":{"@type":"EntryPoint","urlTemplate":"https:\/\/velarogverkfaeri.is\/en\/?s={search_term_string}"},"query-input":{"@type":"PropertyValueSpecification","valueRequired":true,"valueName":"search_term_string"}}],"inLanguage":"en-US"},{"@type":"Organization","@id":"https:\/\/velarogverkfaeri.is\/en\/#organization","name":"V\u00e9lar & Verkf\u00e6ri","url":"https:\/\/velarogverkfaeri.is\/en\/","logo":{"@type":"ImageObject","inLanguage":"en-US","@id":"https:\/\/velarogverkfaeri.is\/en\/#\/schema\/logo\/image\/","url":"https:\/\/velarogverkfaeri.is\/wp-content\/uploads\/2021\/10\/vv_logo_350x100.png","contentUrl":"https:\/\/velarogverkfaeri.is\/wp-content\/uploads\/2021\/10\/vv_logo_350x100.png","width":350,"height":100,"caption":"V\u00e9lar & Verkf\u00e6ri"},"image":{"@id":"https:\/\/velarogverkfaeri.is\/en\/#\/schema\/logo\/image\/"},"sameAs":["https:\/\/www.facebook.com\/VelarOgVerkfaeri"]}]}},"_links":{"self":[{"href":"https:\/\/velarogverkfaeri.is\/en\/wp-json\/wp\/v2\/product\/75765","targetHints":{"allow":["GET"]}}],"collection":[{"href":"https:\/\/velarogverkfaeri.is\/en\/wp-json\/wp\/v2\/product"}],"about":[{"href":"https:\/\/velarogverkfaeri.is\/en\/wp-json\/wp\/v2\/types\/product"}],"replies":[{"embeddable":true,"href":"https:\/\/velarogverkfaeri.is\/en\/wp-json\/wp\/v2\/comments?post=75765"}],"wp:featuredmedia":[{"embeddable":true,"href":"https:\/\/velarogverkfaeri.is\/en\/wp-json\/wp\/v2\/media\/77258"}],"wp:attachment":[{"href":"https:\/\/velarogverkfaeri.is\/en\/wp-json\/wp\/v2\/media?parent=75765"}],"wp:term":[{"taxonomy":"product_brand","embeddable":true,"href":"https:\/\/velarogverkfaeri.is\/en\/wp-json\/wp\/v2\/product_brand?post=75765"},{"taxonomy":"product_cat","embeddable":true,"href":"https:\/\/velarogverkfaeri.is\/en\/wp-json\/wp\/v2\/product_cat?post=75765"},{"taxonomy":"product_tag","embeddable":true,"href":"https:\/\/velarogverkfaeri.is\/en\/wp-json\/wp\/v2\/product_tag?post=75765"}],"curies":[{"name":"wp","href":"https:\/\/api.w.org\/{rel}","templated":true}]}}