{"id":75763,"date":"2025-09-06T14:41:17","date_gmt":"2025-09-06T14:41:17","guid":{"rendered":"https:\/\/velarogverkfaeri.is\/?post_type=product&#038;p=75763"},"modified":"2025-11-14T14:04:21","modified_gmt":"2025-11-14T14:04:21","slug":"stubai-karabinur-atomy2-0-900082","status":"publish","type":"product","link":"https:\/\/velarogverkfaeri.is\/en\/lykillausnir\/utivistarvorur\/ymislegt\/product\/stubai-karabinur-atomy2-0-900082\/","title":{"rendered":"STUBAI Karab\u00ednur Atomy2.0 900082"},"content":{"rendered":"<p><img decoding=\"async\" src=\"data:image\/png;base64,iVBORw0KGgoAAAANSUhEUgAABHQAAACUCAYAAADyB34nAAAAAXNSR0IArs4c6QAAAARnQU1BAACxjwv8YQUAAAAJcEhZcwAADsMAAA7DAcdvqGQAACpwSURBVHhe7d3PaxxH3vjxj79\/gCSfIh+82Vwiy8sSx9gxm0NEbAhsiDBLrkbgH3wPiX3wOoQEh+\/h4REJxl4fLPuwSDEIX8ODUcgDASnYhyxZm0QhrJXxJZv1wcrJkv8Bfauqq7qru6t7uueXpqX3K3Q86pnp6amuqq7+dFXNnlartTUxMSHojkpHIR2bi+OHfiOPAcOBsghQDoB+oFx1h\/SrT6fZ\/7GPAQAAAAAA0BAEdAAAAAAAABqGgA4AAAAAAEDDENABAAAAAABoGAI6AAAAAAAADUNABwAAAAAAoGEI6AAAAAAAADQMAR0AAAAAAICGIaADAAAAAADQMAR0AAAAAAAAGoaADgAAAAAAQMMQ0AEAAAAAAGgYAjoAAAAAAAANQ0AHAAAAAACgYQjoAAAAAAAANAwBHQAAAAAAgIYhoAMAAAAAANAwBHQAAAAAAAAahoAOAAAAAABAw3Qf0Pn8kWxtbcnWs2W5ZFehE\/PySKdjbnkmyxftS7p0aeVZtM21ebtmG11clmfm+z1S33znmF\/zj120PPrcPjkofSuTLo\/2Lk+ijoI6ou91b\/vj7vL9sxXOAmU6qYNJ2yHk6tjM0v9j1K4sUkdXVb8skrYhcTpmlr63e9q1IXdoG7P3OsjXpG1\/xeeXdPrG1xepNl+d49dJHdbwei9wrq5+nm7Wd+9PDx2XgMMQOGi8MTn+t4an5S7JD7qyPXvA\/hFCuUA\/jB2Xq7s+oO5OvEPUwKS87zpjb14l8DaE+d4FHQiKDs7k6W24mTVkhi\/fXZLlZ\/o82dCL893ip6eyYR7sk5fi4zQvr7vri7HD8rZb\/\/nrMqn\/3fhevrpu1myLoc3rp03q7Ap9Cehc+v0++wj1bcjKX\/fInj16+UBWolItcuDdrivga8f3RtudPGfXDEYwP1w\/IXvNdzwog92bfkkq27Xb7vip5fZatFKhXKA3kjrig29sBTG2Lzqpb5Nzk9H+7D1+za4ZsIsvqabPcOlVed\/2tEWxjRX5wNT1ybl6bN+2lkQ5aPZnr5zYpsb9MJ7nJveN2Ufd2P60HWo\/L5h6as+eBXGtnn2\/38aLuyFoY\/Ym3\/XSpPRkl3Zc+33IXP9KvjfnkzHZ90ezJgncGMn6uL5d\/0XatxD6V4cNW16\/tPKJHLe7lLom++uKPI1W7zg9D+joXgpX37SpeOBsOhLs7tzYxY\/k+d1fky6c9r3++3bV3c5rcmKvOzmOyeFp7+RYkpbZ51z3PD+NY3HXyeh185nXhI9LwbGLl+SYF+aHYJdNd5c9Wfw7PFX2ZRhM\/sXrLXHmoBw8U5IO2WOlFv87uy6W+ju6x9nXpNMt1EPB3ZXxFr9Hh3cslm26uu0XfyaGys\/f2oaV10V0JcpbcfmoUv\/GS1KGc\/w6w9YTfj7N\/l0537r9K+xtlM\/HZnv6fX87rmpIbVLOqvVmP0rydVla9GLf9fsKz4OWn+ZlZcvfn+zfxfuH7bL2D3uJ02H+664seuXfvqdafulNWdTbb3e+H2xZjPbT9ZzVPajMa6I\/Y9XKYqdpu1ttyPdL0SVmnL5ryzbfJMcgm9+TtGvTbsny8pHJQ16eM5\/l\/+2Xm8w2\/f15tjIf70PhMfW3ZRb9ecX5Lskzy1F+ij8\/+32TNOrJvpv3nbVBgaKe\/15ZKktrf3+yf5fsH6q6Jr+sR48m\/xQdIxe4Wfs5uiJ0610gJT7vKMVlKl+Haem6K\/yaSCh\/VKtjB2teztrz0MY3H5hrsNj1E3LQuzmWTasqebb0PdmyocSvd+XNe03ufNiNVqu1pf7pfPlcHV7t2fKW+kJbKmNkPNtSmWJLfSH7d5r6EmY7Rc9vPXumtuCLtpfbj21euk5Hmd+KUjL\/\/eI0XZs3f5em5cXlTHop9tjE77PbCb7WafNZ6tO2VNZM719K9HxRfkg+226nZF\/a5hFvXzpduj9+gf2z6a6fq1cukjwQTlsl3rbLNwHtXlOSD3SaF362t38s1Zfe1RFpqvFa+hr9fFHZcWWrrAyn66ZLW+rkHXH5x3u\/25fe5Nv0Etqm2X93DvKY\/SjI152lhVJj3\/PbKCvvWnEdVj9tWdotPWv3pGTqxZ7mv6pl0X++bHtKH8pifr3dj20ri14axaK0rF8WO0nb4V760u4x0mmYf030fDj9XPoWHNtcu0VvK3ltfD5MPe\/\/nefyW3GeSF6TXkL7qD+vON\/lvrPJKwXf1eWjXux7aBsmLQs+W4nTMrt0kLa7aelFuUpfW7v8pNLbpXVqfbs6KVumKtRhuffkRfmjOK+nvk+Npev0i\/Nj8j1DS\/v6u0Z65cpqkgZx2WxzzeX2q5NFp1nPe+jo7uHxMADTBVN37bokb79qo4iu65MdiuKijDHXhdkNVVFv+94ML0h6qsRd0Hal6mkZP7\/3RLAr3qXpw9Fd7UC38Rz3mr+u5MZ2uiEB0eKOU\/R8OD9Ef\/ry+5K8L9XjRSvZl+1khrTF+6TouU1slLsoHeJhcGZx6R\/I4647c1wu7BCbuBvmmizY7cSfE3PdLO3itjH+Ui4S7fLMwTOBIWT+d8PQMHdEcnfaVDH55gNz3PYel7Z1RlkZTpk+G3Vj1WWwytDNGvl24Wezoj2vjjB3Xs4c9PJmtL3s8KQkX9c4F3Wx723rvV7UYUX7h20S3fVWDbOcOvmvyWWxyvl+sGVR93JO1kV1YmaYCGWxD3RPydAdfnec9DFwbYzsEGLXG716u+WllXej9FbHof3QVPd5SXs3GhqW5Ed37qzT5onfY75bjXyn2+cuH8flye6bP1eK0cW+m2FSrj6x28nUG64cuv2uP3y0aP9Qm5tHx9QldqjcxlNZc8OxUuvd\/DntylRWoJ3vyllAOH9UyOtDKTRNhi0f6trtbLDHTCfvKee2k+pF1KH+TIqck4zb1BOlbemuRkUTFblxgPGkUE\/lF5NR1+SprSB2lyQDbTzV2aZNWqpK+wtbsOLnAxd7muuqt\/HDVzbgc02++qEgkd1xuf6LHX+YBB3mve56W3GXznry+6L25t8FIx1L9mXbxWOL3YlTNfL\/bzj9tUuprntX4zGfWdGxVzKTpcXjZ+MhN6F087pJ6qVwkrA1+dZVKvGcJN66OL2xvZKTddxoO3A2cyGZdHdvW2co1cqwystvRs\/45bRMnXx77h\/2tQXO\/d1+VxMo1fsZumAI8fJwjXNRL\/c9J1eH1Ve0fxggL6DhAhmTp7PdzevlP8piHmWxAVxQSy3RxZ3Ko\/8vczPOO05JGyMKhOrjHw\/XM6q2WyZVWYje5w87KeauKZJhLdGFqcuP3rkznsukyDlZsOU+Gmqi9rPiMCO\/3Mb5OC5PRW3BXu571oY8\/Sl6tNbxxVbR\/qG2+PipumQlCvhFecal7aS8vmYDga4Oa1umMkLt\/DPfqr9CepE\/BsS7NgwHspTQd1ePS79aJ+8p5W+newMK6CSSqJZdBjxBb7PosYmuQbcmXxTcdc6mZXyHz0Vacxd7aWOvvm1PQEmUv7KLy\/KuDji5k3mNOxo+V0Ek++Kd5BpBNT5SJ\/Jz8q0NrBWz4zzjiwIXBOrAgdfji4j5P6VPoJfs3SuXX+I7qJWok4bLO5+7u6FoqmCdUbkMb8jK7ei5sTc\/qXgB10ZJvs2Jg6VJT7bcBUMNXZ+L6uw7kEFZTFAWdzPvBoVddC+b6u2WNVmwbd18MLUT3kXgxbflcJsmcdzL2pXVsePyiTcPVC1egDhawj3ai9XbdwwzF7hRx\/RVfS2UBOtc0HryQFTX5QOZ4TJVbKe185PrLx1oTV3\/qnPsI10+46CP993VY3eTIajWe1xQv4Pr6g71N6ATT4qXRLHjOzFm2e6Jk4ZREln1o\/Rrt10XtjZpGU+2pJb4jkYSWfXFd7La3hWowBxrtY14ctIAf5LEjGtL38cnw2hfksjy2v+Eh4wNHW\/f9eImCctVttl0iN9Xv3dTnG7qnXoyWP9zs1x+KY3YO97dnXZ3TzFoXh0Rl7eySH\/F+rdKGf7J9QDs7gKuTr51kp4LXj3l7kzFvEmRg7o\/F9Xe95J6Dw0XOF+leiHk7KKy2DbfD74sDseEnTuUy7PeMSjtPRb3JvfbvGrJ9HBxeaO03XJmwQYWVT4o6JHeXvoi0OxLWfkzvF5E3muf\/jv9rdvlu2vHv4hu5mXakMXnsay6+27TvOO0wiC4a7SxMX0kXe8nJe4JqHltv4plKtaHdv6w1LHnJpMb5KnziyoXUVeBpMwkz9trsI0VWQi2pyu8x+sdFB2Dq3LYO1r91JeATlw5eXQUu17PAESiMcf++Lq6abl2uyDKf+Zgejs\/L8TjICuLKxBNR4XzvUxC+SHH3PHLvjeKMvdibGH\/hbvd6btLbv\/z6ZA0aLW128m448p0uvljXvUdnswY2NTnBp4P839hTQsfWwwDXUeUj1kurTMqlGFffKLUjc+K3ctzAvnWLwuV6Lzs7uSnvkO5rs9FFfe9Ur2HnUX3rGnTu2Snl8U6+X5QZTEeIoaB0XNptJvPRvcmL2pz1mu3qPbKf9ljrANLHQYqzk2m22Brt+u3efT3dm2+6vlOzxdU\/7N81fY93ebEkPMDN\/6NAn84nZ5Xxz7UyspUXqCdb3t+1jV8dWw0B1coLVzANTXnm6PP4QXzzmrt36M+16+r1HP\/\/YN93G89mY2bpTezmm\/34s28XTi7\/Q5dKAcs\/V7IY2WL90sK3q9nNWNp8r7vzoWyWLZQFnfLQjkoX5Jfjir\/tZxhXJq8701fmlyu5uNfcerul6q6WaiX6i86zQY+hw6GSWbSubiLZn6+HgDoHT0\/mFf3xMMNN2Tl7+U9HLZfk\/cdyKIsAsbnj7y85A+j\/KLmXDbboMn7jm2T\/mEWb7jkNwtJjyA0AgEdpOmuY434yTkAO4ruVl97Esgh0eR9B7Ioi4BhJmWuO0n3kGjyvmO7bJipLtr\/\/D+GzR7dTWdiYsL+iU6pdBTSsbk4fug38hgwHCiLAOUA6AfKVXdIv\/p0mtFDBwAAAAAAoGEI6AAAAAAAADQMAR0AAAAAAICGIaADAAAAAADQMAR0AAAAAAAAGoaADgAAAAAAQMMQ0AEAAAAAAGiY7gM6nz+Sra0tszxbuWRXRubXwusBADVdXJZnpq59JPN21aD0ry6\/JMvPom0\/+tyuWXlm\/t5a69W3nJdHJt2eyfJFu6qt7Hs62UYvbNfnAlXl82il+mIb6zNgu+XOc9tVHiiHwI7Q0x46Y2+epUIAgB3PXcTRCOwdF9wieIOdhvpi5+LYNoa7Ad+zmyUAhkWPh1xNylkqCgDYUc5N7pE9e\/bI3uPXohUXX5J90aOeu3Z8r\/msPZPn7JphcE4O6n3as1dOXLerem5S9o3Zh7FBfC7QW5Xqi+snZK\/J2wdVLkdj9fFcsKsMoDxc+n3gSFEOgR2hdwGdjTVZ21D\/Hjgbd50PS7rYu4UhWQDQCXd3NFn8+tfv1h0\/VkvR8Njo\/W2GUOi7fH87LlHsYVLOuvWBrtuh4VPp\/Zi0axPZ91T5Dv76aKnfyyWdBnZlrCxNlqPnni2rs5t5Jn1M4vVWnE7e82bdWZWa2pgc\/5tab75\/\/nO13PdNfYb\/Hn9fuIPeU95w81D6Vsm3WvZYJnmv0+OYbWP5ecffTrR0X1\/YlZ5O64v8vmc+23+PX46yZQyDUeHYLtt8ZPJJrsyk84+fb4rymL\/evTbOq14+yK\/L5i0v3xXtr5\/Hsu8p215IJr\/mznzePpjtFO2TlknHVBnRsumsyrNOt6tv2jsG6jotrheyn2v0pp4AMDg97KHzVBb+a0V0TGfydFHFpiuJq3I8cxdy7M2rVAQAUIdpiLkgQGLydLrxZagGXNyYU\/zhsbqhd\/aA\/UOZPJ3fZq\/oxl92P7Lng0Il32Ey17VFB0XaNLA93aTB2JvHk9eGjsnYcblqgjNK6gKoM6mGuaM\/I3dRq9PA35dJeZfzbE+Yi5jT2RyiL2gDeS6Xb6\/G5TN0LCdPp4N39Y5juI1lDH19Uad9qNLaL0cq\/5\/NfgcMgUk57uWjUA+RfH6Pjnkqj\/0lqtt0ufPXO9eOfyFr+sHYYXnbbsudE9b+54RcC+YtlYdydaa\/v+o9hXV11e1Zuuxl82um3BfLpGGg7vHrlHDdVEOP6gkAg9XbIVfXT8gXP+sHBQ2Oz1+3lcSaLJgufmq5baphKgIAqOHS9OGogbixIh\/Y+vSDb3RIXdXAtgEcc6\/5axR0F9knL5mG77y8bhvIa7fTdXKhMwe97UR1eTy0otQlefvVqPG38c0H0WftWYga4lUUfodkiEd6m8nz5QJpEH9GBW6\/9p4Qccfk54X0vhx4XX3KJVn+i20mx89H77tmur27\/d6Qlb+q9cEhZ4F9de8LXNS61yyY87J6yb4uGvqwQvn4A1kxGSbQ9vHKpzsOk3\/SrR13LO3xVs9H5XdMDk+nt1H1OF5aeTffxrLD9fpWX7QrK1Xri1rtQ5dmLt3VHv4+0OZEf1U4ti6fHDzjDac1izt2Y7Lvj+alCVc\/unPR2D6bN5wkj0Sfd06+NWXDlR2XT9fkW\/W5cd6K8779bC8A5Pj76yTl3A5LqrE9LVT2XFmuItmnpO6Jy59NI1enuEBRss9qUecSfY505T1K3\/Aw3t7UEwAGrcdz6OiGddS4HHvzE3l3PFrnxNH5n79Nxmr+9LS8MQAAyHF3IDd++EpcE\/rav5\/aRxnrv0Svuf6LRK+wjeh4\/gPb8NXOfGvq8N5zc8RsyPdLbo\/X5GnVE0DRd1B0rwHX7XsrcHexVCgN4s9oz0\/\/uKfQAd2lPbsvyfdf+XuHsxWE9rUwDTfk6U\/RozX3gvGX0g1ydCCUj6\/JL+v2YZbLt0p8HLT4WNohdiq\/5HpeGdWPY1wnfLOQmw+jb\/VFjbJSpl778Kn8Yi5Gk3QnWDmM\/HpKHWPdeySupwt6kikbT+0ZKD7+UaAg7omjyqAe3qW343qNnPtH9IzJBy7gYvNSnLd0T8bSz\/b395ws2ECG7gFj9tn2wKm+vUio7KXqglL+PiXzrOkeM2af\/N44Xvn8otJNlrye1BMABq7nAR1dCR40EeMxGctUcHGlYO5WWn\/cp14JAKjDNQjHXn07vrgLdWmvZlJed707XGO4Y+4uXXI3Mc3rgXDxbTnc7Qng4rK8q+\/Guru67XoMFOphGvg9cMyi7+y6wEu6B8b8SkE3\/ZC44eztq3rsGvkYhNBxvCQvZW5gxeLgi9ezx12wGkkPHbdU6\/GWF6oT5PNlM6RleOuLCO3Dnc72Hol7frgeiXW4SeK93m5uigd3I0Lln2Wbr9f+kQlrer1OoqV8svm4R5E7p4wdl0\/8Hng1t5eUvaJzY3VxDx236B6dwfPDJVleSfdvK9PbegLAoPQhoKOcORjuThjf+U2i6y66HLqjBAAIu7b0fdzIjO4SJnf4o3kDKrj+lXwftd\/Cd\/zaiupyM8eFd5cu6nFwVQ6nQiuuW7x6hbvj2eV8MimuV0zdbXadBolzf7cN\/7iHTrREd5GvyVc\/RB8Uf3+1nH3VrPLY9HPz7qQkaRjvq+sFpC4uFry74eiX0HF0d+gDd8Zzd\/Ftz554iHrSQ8csRfNwVBCqE7ZOHy58blvriyzahw1Xcmx9cf6rP\/eS38Mnnktn46nNN65utHPOePVhMseOVy7UUr6vep4c+1rvnPL039dqb8\/1HkpeX96jp1jSayip\/\/Xi5u4KnR\/UZ2XjMeb8lJ+7SOtJPQFg4PoT0FHc0Ks0HV1Pxjw7OtLc6R0pANiVUvOuONHdfn\/8f7lrcmKvvw31\/tsVerjEF6M+1zvT+nlB\/vsH+9g6N5mu\/9du588HtaX2RX\/\/und+A2lQexuWPiYlPYTMHV8\/jbR4SE7SWC+TmgvB0T2C9Fw89k\/0V\/A4mrv1gZ\/+VcfGv8G1dju5i6+PZZ25NNoK1gl2eFK\/6osqZSVYX2TRPmykSsdWS9dvPan7Vc5b8Oq9OHCi+EOGorzVYZ3u0fPSRGWl5vbOHEzX2apOyNXhFem6p+y9ofOD6xGYDFkr0ZN6AsDAtVqtLfUPS5cL6djshePH0u+lKXlsfm3LerQ1H3iehaXpyyDK4qWVZ1ExWpsPPs\/Cst0L7R4Wlt4vlKvuFtKv\/qLTrG89dAAAwy89UWXSlZ1hDgAAAMBwI6ADAPBE3asZ5gAAAAAMNwI6ALCLxb\/kES\/lv9QBoL24XOlfnwEAAOgTAjoAAAAAAAANQ0AHAAAAAACgYQjoAAAAAAAANAwBHQAAAAAAgIYhoAMAAAAAANAwBHQAAAAAAAAahoAOAAAAAABAwxDQAQAAAAAAaBgCOgAAAAAAAA1DQAcAAAAAAKBhCOgAAAAAAAA0DAEdAAAAAACAhiGgAwAAAAAA0DAEdAAAAAAAABqGgA4AAAAAAEDDENABAAAAAABoGAI6AAAAAAAADbOn1Wpt2ccAAAAAAABoABPQOXLkiP0TnXr48KGQjs3F8UO\/kceA4UBZBCgHQD9QrrpD+tWn04whVwAAAAAAAA1DQAcAAAAAAKBhCOgAAAAAAAA0DAEdAAAAAACAhiGgAwAAAAAA0DAEdAAAAAAAABqGgA4AAAAAAEDDENABAAAAAABoGAI6AAAAAAAADUNABwAAAAAAoGEI6AAAAAAAADQMAR0AAAAAAICGIaADAAAAAADQMAR0AAAAAAAAGoaADgAAAAAAQMMQ0AEAAAAAAGgYAjoAAAAAAAANQ0AHAAAAAACgYQjoAL32\/pI8ef5Elt4XufDlE3n+ZEku2KcAAAAAAOgFAjpAr92clv0j+2X6psiNd\/bLyP5puWGfAgAAAACgF3oS0DG9EJ4\/j5ZAb4Ty5y\/I0hP7nFqefJl995w8cO9Vy4NbdrWV2vbzB+rVvvR7nz9MPzu0bj1Q+xv18BhG6TRvt5\/lx28nmnuYfF+zBMpE9JpQ2un0Klqf3m6+rKTLUrRkyoTJW2XHwX5OWVmx20gt7vWmd1L4\/SbfNKUMDqnKZc8eh7LyVno87DHO57Eo74bWA7tJedsjrbSsUWei4VJtntIeyVEbpei8VL9dBOwCoWvCXDuc8uFrf+7sTZ0yTOforgM6+svMvrIql0dGZEQtl388JLP+l1OZbvaNdVm0zy\/+NpV6fu7hrEz9tmieGxlZlPU3Zr3KXlf+MzJ+\/3L0\/Mf3ZPyUdwAy2758f1xmvJPJhS+PyfrH0XMjI5fl3gszDbgQUd95elxaj0UO\/Tm\/r9ufeeZkZvyuTVO13FmXqU+LGrNtjt+OEzVWZl64F5cHvZgyEag4NjdFpk5XOJamwe+lo1kuy+ors8HGU+tO8tmLjydSZcJQHzw+HW50XfjypEzYx6U2099x5Mh5+4Sitr\/58skdfJy3S\/WyN3d6Skbt447pDPrGTEHZBnaxNm2P2qgz0VC6Teq3ebJt\/Loqt4uAXUFfE+Zb5Rd+Ny7y2F076yUaFYDdq8uAzgV565VRaS0lQ0puvHNXWl7DZO61Cdm8vyjucu\/87Xuq4XLMXiTMybGXN+Xe7fhZWby\/KROv2cr8\/bfk0GhL7r5jt35zWu4+Ho0DHVGG\/i7e9o3\/XZXN0fH4gvTGO0e9DH5DppdaMvrKW503ugZBf2dZlcXbq0N6MXVejvoX7+8tyr3NCTkWuuPS5vjtNBe+\/FCmRDVsMkOs9LCry\/cDjZQfV1VZmWnTa0lV5h9Nidy\/LPtdOhoqP++\/rD5tSmZK3m\/Km1cmYqOH5K3cxcOczLwh0nqsWlTdGF2XVf19P+riAgcBFcve+0ty8oWWtLo8jKLqoVUdEBySuw\/AsGjX9qiNOhMNNTE+Kps\/fh23ec7\/syXywoud5+NK7SJgl7g1I1O\/qfac\/dO3uR5ai92qD3PotGR9c1TG\/6AfRwGb1f\/1LkRvfi2r7iLk1jGZ2FyVr72oomkY2YDPhT8fklGv0aTpk4ULykSvTYJHodf7TCPst19TF9vDRn8H0SdHP50s3R119o1REXWy013s0j2ZSrre6a55T5ZkTvfu8Z\/3u+zFF23RttIn02hduHfThIyPbsr6v+yfnnbHb2fJBzd9fr5OfC1H77Rk4lRJd\/1sUCzlhnz9oxcArWxV7oYCTLo8Pr4ri+v27y78+s4VE2z6kKE5fRQqe1EAcH1pUeodRluHZHoZfH1kkcY1kFG37ZEWLmvUmWgi06bzbj6am7hegKeUHW6YbltWaBcBu8KcPDg1Lvduf2f\/TuhAaj3+tA3qGvCWLns7v4yZUS2569wQP33Uku1x64ZG2yV8PRw+tw9KlwEde0HpD9\/Q0cSu+\/pXpCef\/XhVDn0aJfCsHo7g38FO0b0P1AX3P6s1ubaHDgqoy20TAMtfrJ8\/ort2b8bd7I6+p9fqDOQPW1NLaCjG6JSclCvmedNbRKfZa99Fr\/9Y95pyjdNAkKAkqGCG6GSCcrtTcWDLuPmrusAelxf9QJv23tFoWFRRRfOHcRndXA9G57Ub\/1GX7YV3w6KLe\/F6yDmtTE8689rpierlQ+WnWa9yy1\/w35Dpz+6JvPFhOriIngmVPdNLTNUFUd1QlVeH5CbwPk\/jGsiq1fbwlZU16kw0kGrDjNwRmbFtgZPr2d7EBfQF0qdTsn5nJP\/6du0iYBeYe6inWrhSOJRq9I3Zkja4TwcrZkTi6RiuiEz3YFj+sHt5Rj60171tp125dcxLn0VpqWucePSDqasOyWo8hcuirNqnEmXn9sHouoeOHk5ixszaTPX8tXW513VX\/4p0D5OPRK6YBFbLP4+pfQhdeESZWc9BUu9CZ8B0MExlE3eBFu7VkWGDLYvthmJs3pMr9qRptqv+i4e6md5ArleVPqbpi\/2iu49m\/iQ9jwC\/4tSV86YXhB9c6c7EKVsWn38o8lmgsWScl+\/84W8m792TxarlIzOHTrBcqYueK6GeQOhasOypk86Hel2lC8tEPI9Z0fts4\/okPQeASOW2R1rbskadiYYxd8DdzUG1XFGXUO3vUKs2uQ3mFLXJe90uAhpFnWP03FTuui1L3+B3ZS6an7QkqGNGw\/jt++jmwaAu1bfN40Xv+qfNtCuqnZvURfr6SGT8d9Er9ZyUkgqsnZfpzHFpe24fgJ4MuUplrCO\/lvdUMNo8X9IjwTDDpmyPAn+Ii73wSAUyzLCik2Zy5Ep3DbaR7qqa6vmgTnij0uZCKtiD44b8+luSGXNMb5F1+bWwV41\/sR\/1GkrmOdJ0JNLelRw5mgv0tDXkw9464w81DHj\/RRkvTHM9d1TB\/An\/Wi+dmyE0jNBNimx6YpXMyaDn13HzNNXqJl1DFBxkyE7vFJU910CuWR7VsTETWrY5CUV5hZ4DgCmDVdoeWRXLGnUmmiOad89vH94wQwdDc\/QlJk5VucFa0i4CdjLdI0QPtfqs4s1ycyOgePqFJkw3MhD6eso+zIva1q7H08zLdrVa\/+ILIuv\/KUm9iuf2fuv9HDqpeXECF7mmR4m9sA1crJreIDbjhYaTmAvPqhNB6WDO9LpcbsTs33aC6LhLl13utJlzpuSCvzQDthHPdaOPl9drKMr0szK+pPatXcO02+PXKOXz2bSbYyFqBOn5E160a6zAXEoJO29PwTCpZJsFuUedBO7qi5Avl+Tky0Xz9HQrGbLzll2DTpWUPV3vqn+S3lmzZuir+bus2\/rjxaiHZbs7qq7ngGpcZ3IogCqqljXqTOxwrTuL5hdt2\/3qbGG7CNjBzPWC+s9MjWHaczOqfRf9XVZmSq+tslMz6M4A9uGuUfidvba1vfZefGyfUtd2pR0ktMrn9v7qcUBnTh6c8u9cRV2c\/PkXzM\/pugtbe0GZjJPNzHOjhw75F6Tv6wtPN8lyaP6eBzKjLky\/M1H\/wF20YZYKhHne+05awV8ksuwFf2qscSodOmTS\/pB8aCZY9dKwzdAcPXFzfAFZevx2HtP4eGEmdwEdD48pDYC5+ROmMsG5aH2+O2VUAekufsV3udw2i3tW6MDdhPrM0Dw7PWPvXk\/pCb3RubKyp9I4FQjW44U3bW+tNoFX3cOyysnINa6n4jsXwG7Uru1RrGpZo85EM0S9uf0hgtGvfQbasinn5ehIlaBOUbsI2Ln0VCbp9tyitPQ0GfFIE9X+\/9K7zjDD7d38q3lmmg1\/Thj9\/sBPoe84qSGb2fiELzsHqu5gYR8q0cTv\/nXUnEr\/dL1V+dzeR90HdMyQpiSKqCcVSl1gqobJ5fvj8YRpM5IeY3b+SDRRUfj9qjLfH1X65nkzKVHS28b8HPSPh5IhSrqL2sfpIQfJHWu3ZH4BaihEhSs85CV9wnTdsfV3iS7wdRr5aaiWUyKLnQyFStGNVpHR0UAjNTMhrlmCvQDKj9\/Oo7+vKtQql\/tpM\/vKqlyucjxst8kctX6\/qtAllZdn5dCPl9terMc9K7KTZDtmvqUOgmzZPNCmEjPj4e1jdKFy2avH1MOqGT5bWj9GjesdP+4aaKNK26NItbJGnYlmMBcyXpun+ryK5+XoxzpYo9qHZe2HonYRsJu94l1ntLu20tcQptenfb2eX3NpN8yhsyrykfvOZcM87fDOuEfUMfVe+5Smb5iaHxvythUYAVP13N4ve1qt1taRI0fsn+jUw4cPZaelo+lZUvnXO5ptJx4\/DBfyGDAcKIsA5QDoh0aUKzclyRD+qA31Un06zXo\/hw52BtuFLz0ZMgAAAACgeaLhR\/34IRRsHwI6yNBzszw3v7C1fmcnD48CAAAAgJ1qTh6YoULekKH7l4f+l59RDwEdZETzwOiJuMp\/UhIAAAAAMJz0JOT+JMtucmXsJAR0AAAAAAAAGoaADgAAAAAAQMMQ0AEAAAAAAGgYAjoAAAAAAAANQ0AHAAAAAACgYQjoAAAAAAAANAwBHQAAAAAAgIYhoAMAAAAAANAwBHSAPph7+Fwe3LJ\/OLceyPPnz+Ml+\/yFL594zz+RpfftE3JBlp4k7\/OXJ19esK+ZkweFz7WR2S+zPJyLnnt\/SZ74f3vM\/gbWx9x7s9tMSe+3nybF6QEAAAAAIKAD9JINYsy8bP+OXZCl19bl8siIjOjl43syfsoPUszJzPjd6Dm93FmXqU8fqLXaDZneb9d779+Ultx954Z5hbz\/ooyrvxe91+x3z1WxeS\/ZN70cOW+fUDY3ZfPlk7UDKhf+PC6rH7ttLkrr5Zl0EMuk1YzIneRzj75nnytNDwAAAAAAAR2gV3SA4tNDsvrxZbm3adfFbsj0kWn1f+vmtNx9PCqH\/ux60ZyXo34Q5b1FtY0JOZbt5WPNnZ4Sub+o3uXZXJeWfdhTo+uyel9k6qMlqdjnx7jxzlGZvmn\/UHv63WOR8d8lW4i+w2UviOOrlx4AAAAAsNsQ0AF65ea07B\/Z7wUxylyQF18QWf9PUS+aCRkf3ZT1f9k\/fe8vycmXvd452h\/GZdQ+7Idf37ki92RKPqw6jCsrt89zciz7HUqVpAcAAAAA7EIEdIDtcGtGpkZb8l2wd4qeP+akTGyuyteB4FCwd442OiWzbs6ZsrltQvz3qiU3\/4\/uYfTZPZE3Pqwx9Mqb++cjkSsjR5N91kPENtdF\/HlynhT3ACpLDwAAAADYjQjoAIOmJyE+NS73PvYCHB49GfDsG+uyuN8bohUr6Nny3tFkvpmRy3LvhZl6QZ3MHDrBYVA3p+WKHnp1uup2vbl\/PhP5MBsoGp2Sk3Il\/szF36ZktmDy5eL0AAAAAIDdiYAOMED616+eT+vJkUNDs6IeLbNmMuBwsEduHZOJx9+Fn4tFvWk2Xz7W80mEb7xzNz+5cRV6ONqdlkxM+71w0oGp87ez+1whPQAAAABglyKgAwyIDuacXL8sI8GeJjp4MSvjSyPpX5jKmHttQlr\/rBja6MskyeflqA7MnHogb9k1Hbn5q6zbh2HV0gMAAAAAdisCOsAghCYy9uk5deSeLBbMqRPRw63CEwNf+HIp3bPloymRH7+OAkfm58F7+JPf7x2VxccTMvVG2TTMah8e+r1x5uTBqQnZdPsk+levJmTGG2Kl5wYadb2PKqUHAAAAAOxeBHSAgZmQGTcBcGgi4MzExGbx55QxEwkXTQx8yNv2rBz68bLsd8Ej\/QtY7YZpZT+7ZIJi7fyRxTa9f27Ir+Jvc0bG73v7pJw\/MiKLMhN\/5oz6K9Ubp116AAAAAMAutqfVam0dOXLE\/olOPXz4UEjH5trJx2\/u4RN58XbVn1NHv1BHAMOBsghQDoB+oFx1h\/SrT6cZPXSAHe78EYI5AAAAALDTENABAAAAAABoGAI6AAAAAAAADUNABwAAAAAAoGEI6AAAAAAAADQMAR0AAAAAAICGIaADAAAAAADQMAR0AAAAAAAAGoaADgAAAAAAQMMQ0AEAAAAAAGgYAjoAAAAAAAANQ0AHAAAAAACgYQjoAAAAAAAANAwBHQAAAAAAgIYhoAMAAAAAANAwBHQAAAAAAAAahoAOAAAAAABAwxDQAQAAAAAAaBgCOgAAAAAAAA2zp9VqbdnHAAAAAAAAaAAT0JmYmLB\/olMqHYV0bC6OH\/qNPAYMB8oiQDkA+oFy1R3Sr75WqyX\/H7dKwr7RZK5qAAAAAElFTkSuQmCC\" alt=\"\"><\/p>","protected":false},"excerpt":{"rendered":"<p>Tegund:&nbsp;900082<\/p>","protected":false},"featured_media":77851,"comment_status":"closed","ping_status":"closed","template":"","meta":[],"product_brand":[],"product_cat":[517,601,821],"product_tag":[],"class_list":{"0":"post-75763","1":"product","2":"type-product","3":"status-publish","4":"has-post-thumbnail","6":"product_cat-lykillausnir","7":"product_cat-utivistarvorur","8":"product_cat-ymislegt","10":"first","11":"instock","12":"taxable","13":"shipping-taxable","14":"purchasable","15":"product-type-simple"},"yoast_head":"<!-- This site is optimized with the Yoast SEO plugin v27.3 - https:\/\/yoast.com\/product\/yoast-seo-wordpress\/ -->\n<title>STUBAI Karab\u00ednur Atomy2.0 900082 - V\u00e9lar &amp; Verkf\u00e6ri<\/title>\n<meta name=\"robots\" content=\"index, follow, max-snippet:-1, max-image-preview:large, max-video-preview:-1\" \/>\n<link rel=\"canonical\" href=\"https:\/\/velarogverkfaeri.is\/en\/lykillausnir\/oryggisvorur\/product\/stubai-karabinur-atomy2-0-900082\/\" \/>\n<meta property=\"og:locale\" content=\"en_US\" \/>\n<meta property=\"og:type\" content=\"article\" \/>\n<meta property=\"og:title\" content=\"STUBAI Karab\u00ednur Atomy2.0 900082 - V\u00e9lar &amp; Verkf\u00e6ri\" \/>\n<meta property=\"og:description\" content=\"Tegund:&nbsp;900082\" \/>\n<meta property=\"og:url\" content=\"https:\/\/velarogverkfaeri.is\/en\/lykillausnir\/oryggisvorur\/product\/stubai-karabinur-atomy2-0-900082\/\" \/>\n<meta property=\"og:site_name\" content=\"V\u00e9lar &amp; Verkf\u00e6ri\" \/>\n<meta property=\"article:publisher\" content=\"https:\/\/www.facebook.com\/VelarOgVerkfaeri\" \/>\n<meta property=\"article:modified_time\" content=\"2025-11-14T14:04:21+00:00\" \/>\n<meta name=\"twitter:card\" content=\"summary_large_image\" \/>\n<script type=\"application\/ld+json\" class=\"yoast-schema-graph\">{\"@context\":\"https:\\\/\\\/schema.org\",\"@graph\":[{\"@type\":\"WebPage\",\"@id\":\"https:\\\/\\\/velarogverkfaeri.is\\\/lykillausnir\\\/oryggisvorur\\\/product\\\/stubai-karabinur-atomy2-0-900082\\\/\",\"url\":\"https:\\\/\\\/velarogverkfaeri.is\\\/lykillausnir\\\/oryggisvorur\\\/product\\\/stubai-karabinur-atomy2-0-900082\\\/\",\"name\":\"STUBAI Karab\u00ednur Atomy2.0 900082 - V\u00e9lar &amp; Verkf\u00e6ri\",\"isPartOf\":{\"@id\":\"https:\\\/\\\/velarogverkfaeri.is\\\/en\\\/#website\"},\"primaryImageOfPage\":{\"@id\":\"https:\\\/\\\/velarogverkfaeri.is\\\/lykillausnir\\\/oryggisvorur\\\/product\\\/stubai-karabinur-atomy2-0-900082\\\/#primaryimage\"},\"image\":{\"@id\":\"https:\\\/\\\/velarogverkfaeri.is\\\/lykillausnir\\\/oryggisvorur\\\/product\\\/stubai-karabinur-atomy2-0-900082\\\/#primaryimage\"},\"thumbnailUrl\":\"https:\\\/\\\/velarogverkfaeri.is\\\/wp-content\\\/uploads\\\/2025\\\/11\\\/2acfff8a-c351-4f38-a443-33afa75b0fb8.jpg\",\"datePublished\":\"2025-09-06T14:41:17+00:00\",\"dateModified\":\"2025-11-14T14:04:21+00:00\",\"breadcrumb\":{\"@id\":\"https:\\\/\\\/velarogverkfaeri.is\\\/lykillausnir\\\/oryggisvorur\\\/product\\\/stubai-karabinur-atomy2-0-900082\\\/#breadcrumb\"},\"inLanguage\":\"en-US\",\"potentialAction\":[{\"@type\":\"ReadAction\",\"target\":[\"https:\\\/\\\/velarogverkfaeri.is\\\/lykillausnir\\\/oryggisvorur\\\/product\\\/stubai-karabinur-atomy2-0-900082\\\/\"]}]},{\"@type\":\"ImageObject\",\"inLanguage\":\"en-US\",\"@id\":\"https:\\\/\\\/velarogverkfaeri.is\\\/lykillausnir\\\/oryggisvorur\\\/product\\\/stubai-karabinur-atomy2-0-900082\\\/#primaryimage\",\"url\":\"https:\\\/\\\/velarogverkfaeri.is\\\/wp-content\\\/uploads\\\/2025\\\/11\\\/2acfff8a-c351-4f38-a443-33afa75b0fb8.jpg\",\"contentUrl\":\"https:\\\/\\\/velarogverkfaeri.is\\\/wp-content\\\/uploads\\\/2025\\\/11\\\/2acfff8a-c351-4f38-a443-33afa75b0fb8.jpg\",\"width\":1772,\"height\":1181},{\"@type\":\"BreadcrumbList\",\"@id\":\"https:\\\/\\\/velarogverkfaeri.is\\\/lykillausnir\\\/oryggisvorur\\\/product\\\/stubai-karabinur-atomy2-0-900082\\\/#breadcrumb\",\"itemListElement\":[{\"@type\":\"ListItem\",\"position\":1,\"name\":\"Home\",\"item\":\"https:\\\/\\\/velarogverkfaeri.is\\\/\"},{\"@type\":\"ListItem\",\"position\":2,\"name\":\"Vefverslun\",\"item\":\"https:\\\/\\\/velarogverkfaeri.is\\\/vefverslun\\\/\"},{\"@type\":\"ListItem\",\"position\":3,\"name\":\"STUBAI Karab\u00ednur Atomy2.0 900082\"}]},{\"@type\":\"WebSite\",\"@id\":\"https:\\\/\\\/velarogverkfaeri.is\\\/en\\\/#website\",\"url\":\"https:\\\/\\\/velarogverkfaeri.is\\\/en\\\/\",\"name\":\"V\u00e9lar & Verkf\u00e6ri\",\"description\":\"Umbo\u00f0s- og heildverslun fr\u00e1 \u00e1rinu 1919\",\"publisher\":{\"@id\":\"https:\\\/\\\/velarogverkfaeri.is\\\/en\\\/#organization\"},\"potentialAction\":[{\"@type\":\"SearchAction\",\"target\":{\"@type\":\"EntryPoint\",\"urlTemplate\":\"https:\\\/\\\/velarogverkfaeri.is\\\/en\\\/?s={search_term_string}\"},\"query-input\":{\"@type\":\"PropertyValueSpecification\",\"valueRequired\":true,\"valueName\":\"search_term_string\"}}],\"inLanguage\":\"en-US\"},{\"@type\":\"Organization\",\"@id\":\"https:\\\/\\\/velarogverkfaeri.is\\\/en\\\/#organization\",\"name\":\"V\u00e9lar & Verkf\u00e6ri\",\"url\":\"https:\\\/\\\/velarogverkfaeri.is\\\/en\\\/\",\"logo\":{\"@type\":\"ImageObject\",\"inLanguage\":\"en-US\",\"@id\":\"https:\\\/\\\/velarogverkfaeri.is\\\/en\\\/#\\\/schema\\\/logo\\\/image\\\/\",\"url\":\"https:\\\/\\\/velarogverkfaeri.is\\\/wp-content\\\/uploads\\\/2021\\\/10\\\/vv_logo_350x100.png\",\"contentUrl\":\"https:\\\/\\\/velarogverkfaeri.is\\\/wp-content\\\/uploads\\\/2021\\\/10\\\/vv_logo_350x100.png\",\"width\":350,\"height\":100,\"caption\":\"V\u00e9lar & Verkf\u00e6ri\"},\"image\":{\"@id\":\"https:\\\/\\\/velarogverkfaeri.is\\\/en\\\/#\\\/schema\\\/logo\\\/image\\\/\"},\"sameAs\":[\"https:\\\/\\\/www.facebook.com\\\/VelarOgVerkfaeri\"]}]}<\/script>\n<!-- \/ Yoast SEO plugin. -->","yoast_head_json":{"title":"STUBAI Karab\u00ednur Atomy2.0 900082 - V\u00e9lar &amp; Verkf\u00e6ri","robots":{"index":"index","follow":"follow","max-snippet":"max-snippet:-1","max-image-preview":"max-image-preview:large","max-video-preview":"max-video-preview:-1"},"canonical":"https:\/\/velarogverkfaeri.is\/en\/lykillausnir\/oryggisvorur\/product\/stubai-karabinur-atomy2-0-900082\/","og_locale":"en_US","og_type":"article","og_title":"STUBAI Karab\u00ednur Atomy2.0 900082 - V\u00e9lar &amp; Verkf\u00e6ri","og_description":"Tegund:&nbsp;900082","og_url":"https:\/\/velarogverkfaeri.is\/en\/lykillausnir\/oryggisvorur\/product\/stubai-karabinur-atomy2-0-900082\/","og_site_name":"V\u00e9lar &amp; Verkf\u00e6ri","article_publisher":"https:\/\/www.facebook.com\/VelarOgVerkfaeri","article_modified_time":"2025-11-14T14:04:21+00:00","twitter_card":"summary_large_image","schema":{"@context":"https:\/\/schema.org","@graph":[{"@type":"WebPage","@id":"https:\/\/velarogverkfaeri.is\/lykillausnir\/oryggisvorur\/product\/stubai-karabinur-atomy2-0-900082\/","url":"https:\/\/velarogverkfaeri.is\/lykillausnir\/oryggisvorur\/product\/stubai-karabinur-atomy2-0-900082\/","name":"STUBAI Karab\u00ednur Atomy2.0 900082 - V\u00e9lar &amp; Verkf\u00e6ri","isPartOf":{"@id":"https:\/\/velarogverkfaeri.is\/en\/#website"},"primaryImageOfPage":{"@id":"https:\/\/velarogverkfaeri.is\/lykillausnir\/oryggisvorur\/product\/stubai-karabinur-atomy2-0-900082\/#primaryimage"},"image":{"@id":"https:\/\/velarogverkfaeri.is\/lykillausnir\/oryggisvorur\/product\/stubai-karabinur-atomy2-0-900082\/#primaryimage"},"thumbnailUrl":"https:\/\/velarogverkfaeri.is\/wp-content\/uploads\/2025\/11\/2acfff8a-c351-4f38-a443-33afa75b0fb8.jpg","datePublished":"2025-09-06T14:41:17+00:00","dateModified":"2025-11-14T14:04:21+00:00","breadcrumb":{"@id":"https:\/\/velarogverkfaeri.is\/lykillausnir\/oryggisvorur\/product\/stubai-karabinur-atomy2-0-900082\/#breadcrumb"},"inLanguage":"en-US","potentialAction":[{"@type":"ReadAction","target":["https:\/\/velarogverkfaeri.is\/lykillausnir\/oryggisvorur\/product\/stubai-karabinur-atomy2-0-900082\/"]}]},{"@type":"ImageObject","inLanguage":"en-US","@id":"https:\/\/velarogverkfaeri.is\/lykillausnir\/oryggisvorur\/product\/stubai-karabinur-atomy2-0-900082\/#primaryimage","url":"https:\/\/velarogverkfaeri.is\/wp-content\/uploads\/2025\/11\/2acfff8a-c351-4f38-a443-33afa75b0fb8.jpg","contentUrl":"https:\/\/velarogverkfaeri.is\/wp-content\/uploads\/2025\/11\/2acfff8a-c351-4f38-a443-33afa75b0fb8.jpg","width":1772,"height":1181},{"@type":"BreadcrumbList","@id":"https:\/\/velarogverkfaeri.is\/lykillausnir\/oryggisvorur\/product\/stubai-karabinur-atomy2-0-900082\/#breadcrumb","itemListElement":[{"@type":"ListItem","position":1,"name":"Home","item":"https:\/\/velarogverkfaeri.is\/"},{"@type":"ListItem","position":2,"name":"Vefverslun","item":"https:\/\/velarogverkfaeri.is\/vefverslun\/"},{"@type":"ListItem","position":3,"name":"STUBAI Karab\u00ednur Atomy2.0 900082"}]},{"@type":"WebSite","@id":"https:\/\/velarogverkfaeri.is\/en\/#website","url":"https:\/\/velarogverkfaeri.is\/en\/","name":"V\u00e9lar & Verkf\u00e6ri","description":"Umbo\u00f0s- og heildverslun fr\u00e1 \u00e1rinu 1919","publisher":{"@id":"https:\/\/velarogverkfaeri.is\/en\/#organization"},"potentialAction":[{"@type":"SearchAction","target":{"@type":"EntryPoint","urlTemplate":"https:\/\/velarogverkfaeri.is\/en\/?s={search_term_string}"},"query-input":{"@type":"PropertyValueSpecification","valueRequired":true,"valueName":"search_term_string"}}],"inLanguage":"en-US"},{"@type":"Organization","@id":"https:\/\/velarogverkfaeri.is\/en\/#organization","name":"V\u00e9lar & Verkf\u00e6ri","url":"https:\/\/velarogverkfaeri.is\/en\/","logo":{"@type":"ImageObject","inLanguage":"en-US","@id":"https:\/\/velarogverkfaeri.is\/en\/#\/schema\/logo\/image\/","url":"https:\/\/velarogverkfaeri.is\/wp-content\/uploads\/2021\/10\/vv_logo_350x100.png","contentUrl":"https:\/\/velarogverkfaeri.is\/wp-content\/uploads\/2021\/10\/vv_logo_350x100.png","width":350,"height":100,"caption":"V\u00e9lar & Verkf\u00e6ri"},"image":{"@id":"https:\/\/velarogverkfaeri.is\/en\/#\/schema\/logo\/image\/"},"sameAs":["https:\/\/www.facebook.com\/VelarOgVerkfaeri"]}]}},"_links":{"self":[{"href":"https:\/\/velarogverkfaeri.is\/en\/wp-json\/wp\/v2\/product\/75763","targetHints":{"allow":["GET"]}}],"collection":[{"href":"https:\/\/velarogverkfaeri.is\/en\/wp-json\/wp\/v2\/product"}],"about":[{"href":"https:\/\/velarogverkfaeri.is\/en\/wp-json\/wp\/v2\/types\/product"}],"replies":[{"embeddable":true,"href":"https:\/\/velarogverkfaeri.is\/en\/wp-json\/wp\/v2\/comments?post=75763"}],"wp:featuredmedia":[{"embeddable":true,"href":"https:\/\/velarogverkfaeri.is\/en\/wp-json\/wp\/v2\/media\/77851"}],"wp:attachment":[{"href":"https:\/\/velarogverkfaeri.is\/en\/wp-json\/wp\/v2\/media?parent=75763"}],"wp:term":[{"taxonomy":"product_brand","embeddable":true,"href":"https:\/\/velarogverkfaeri.is\/en\/wp-json\/wp\/v2\/product_brand?post=75763"},{"taxonomy":"product_cat","embeddable":true,"href":"https:\/\/velarogverkfaeri.is\/en\/wp-json\/wp\/v2\/product_cat?post=75763"},{"taxonomy":"product_tag","embeddable":true,"href":"https:\/\/velarogverkfaeri.is\/en\/wp-json\/wp\/v2\/product_tag?post=75763"}],"curies":[{"name":"wp","href":"https:\/\/api.w.org\/{rel}","templated":true}]}}