{"id":75762,"date":"2025-09-06T14:41:17","date_gmt":"2025-09-06T14:41:17","guid":{"rendered":"https:\/\/velarogverkfaeri.is\/?post_type=product&#038;p=75762"},"modified":"2025-11-19T14:32:42","modified_gmt":"2025-11-19T14:32:42","slug":"stubai-exi-is-pro-star-ice-axe-52cm-902352","status":"publish","type":"product","link":"https:\/\/velarogverkfaeri.is\/en\/lykillausnir\/utivistarvorur\/ymislegt\/product\/stubai-exi-is-pro-star-ice-axe-52cm-902352\/","title":{"rendered":"STUBAI Exi \u00cds Pro Star Ice Axe 52cm 902352"},"content":{"rendered":"<p><img decoding=\"async\" src=\"data:image\/png;base64,iVBORw0KGgoAAAANSUhEUgAABHUAAABqCAYAAAAyXW1wAAAAAXNSR0IArs4c6QAAAARnQU1BAACxjwv8YQUAAAAJcEhZcwAADsMAAA7DAcdvqGQAABzrSURBVHhe7d1NbBRH2sDxh\/fIxeY2c1pywma1EvYlbC4QcohAWiGUO\/ECeoWQIpQlUiB6zwuRwkYokoVWhpjcIxSt5IgDxLlkyQUjrYLtU9jT+Aa+cPVbn91V\/T2eGTM9\/v+iUvD0fHRPV9fH01U1B0RkRyUAAAAAAAC0iAnqbG5u2r8AAAAAAADQCklQ58iRI\/YRTCzOMwBMDsp0YLxxjWJSkJcnA+dxMunz+j\/u3wAAAAAAAGgRgjoAAAAAAAAtRFAHAAAAAACghQjqAAAAAAAAtBBBHQAAAAAAgBYiqAMAAAAAANBCBHUAAAAAAABaiKAOAAAAAABACxHUAQAAAAAAaCGCOgAAAAAAAC1EUAcAAAAAAKCFCOoAAAAAAAC0EEEdAAAAAACAFiKoAwAAAAAA0EIEdQAAAAAAAFqIoA4AAAAAAEALEdQBAAAAAABoIYI6AAAAAAAALURQBwAAAAAAoIUI6gAAAAAAALTQcII691\/Izs6O7Lx6LNfcQ2+N3xeVXj2J92ZpvfhxNLUkL9x3G6dX8vhT95QBXXvyyr7n+pJ75O0Zp30BgNEoKtdfqEf31sjK23FqnwB9uyaPX9nr8sV995Az+jZK+We3Rb\/fEf2EEUr6Z3H94r\/zuIz29VKT\/kU\/z\/V28xpY4\/vd7ffrd3QjdfzF+xY7xNPvX4wKDozKtJz6x9s91wMbg\/wKAHtLN84uyqz7q4jvFNHJAbA3fDCJDvdE+U9PXpt\/dOWd5LwuyXsz7p\/T83LGP37\/PVsvvX4mK1+bR94K6r9xRRlRZGRBnWuHu+5fb9OsXKSTPgKv5cnfDsiBAzp9Jk9sKS0y89HAF9ftU4fs+85eco\/sjaL8+rb2BQD2hG84y7rcM+W5Tfc2zIPGbHfa\/QsA9sKsDKvYoR03Rr5ekWemvzAt3T+ZR4I6SEsfT9rkW7\/LbfuvCpfkqKm7DskHQw4AUf+Nq+GVEZNkJEEdPfzpq\/fdtz1zMY6kBdOjstHPcJhk8m\/\/2vB1TQI1r9dlXRce6vOrh42mw0t9IiLbj9vywaF7qkugTcv8XwrOp0vheUiGW7rkv\/MwD3jh+7x6spQbDlycb0ryVpLSPFmWX4v2JZt\/s8NIm+wLAIyXWfkoKKMuzR5VzWRbN150d1Gn3\/8qKe+qylM7+sc\/5v+tU2ZK16eP5ZXf9upx0LD3wte6VFQvrD92dYJ\/\/4rPBCZetk0bXgPV15QWt1uqxvBZxW2eunZ7xX6YcsGPHsyOAq84tqQ8eSGP3X7oNmK4f0auDdfeqWXtc1t+37L\/mv2zPR8+eLO+YXsR\/nEfTFn\/dxqMC\/NmfN58fgrrIfVo0M94cb\/4OVaQH5MpYOX1H+o1O1dhOZD5bjPtg6XwOq4sI1Lp+S8655NrZ3Nzc0f\/f9fpvjot2qvHO+pi2FFfZMarHfWF7qiT7P6OqZNt3qds+86rV+odQvb9cvuhU7gvnz52r3uxo053sl+qg+2ev6S2FEufMzlp4POcfF\/57z855+tL8d+R8nzgv+9km3uf0jyh1OYbd97L9yfOF6nMftbuS\/o5TZ5DIpFIw0iDl+nXdlTDNZLWfflt5WWm5su4BvVqUjcXcOVt2XNydUVCf375Z\/v2iT02Emlv0iiu0Rx\/zZTlf5\/3+76mUr69lU2lr6lqt1ftR9E2c3z9H5ve52T\/Kttx6b75si0tB0k+DZ6XVYr6iz5vq7Lbn7\/o8fx5ifnt+b5J8fO17Gvy7Lkvr\/+i42lhGmVfUKdm5yovueZKygdDX8elZUTFed8H9b8+ryMZqXNp9oB89pObk7Nxzw2JuyZn5lzk9Vs3zPvbODKbeP1EPgu2i3rZMzPdJx0Rkgzdq\/L1B\/K9GUYe34VMFA09d5\/JejyD8HNk02laNj\/EI3nC7\/3QqaIBlmmeef3TZ\/b8\/O2Jm5NbwOeb5DnpvF2dJ83rTfL5yG4vzq\/2z1TBviRTzwryV8W+AMB40CMtg\/JPMXckzd1Ku81PxbLlnh7BU12ehnxd799jumtr3Gt\/mdfVelpOBs9JqPr7UPIZ6T7690j5ekTtW0GdHh4bMNGSdUj8deXaKH6tksprqqiN46\/tBvppt1fth9nmX+PakHrqVN2xBXy5c\/SCeyCQTMcK36NpnwKD8+vqTHfV+XRTaF73ZN1PzYoe9+vpNO1TeOk6Pdn+ZpHieqq8\/kOV5ueqefsgWOZDKysjQqYvpx5PyiOdrybf6BZKzknnv83+1Q2J+mvJV+znUCaLavXkd3Nhr0svPLENXJq1J376\/f+Tjzr2MS+Zs7nxS3qhJp+J5tIC9HVPfdufvqOa95obFqfOdTK9Sbl96nt3Mc7KRTM0rmz4q88zr+XZv1zQJ5mTW8Dnm69\/VzlGSyvqpWi6V\/XCoMUK9kV9mh9KmlOxLwAwTpKOTtIAOiUXK6YkNCtPX0vvP\/Zf677i7ryjuo6qNHWNgddrK7acVJLneOHwa5XCOiQS1N9Fdfrtl7YEBtou6aC6lA1YJvlfXb9fmevmKzkVXjaV11RRG6ePNnc\/7fam13ag9tgS6\/JLQTDHuxZNCyl7D4xM0obvyjtPbKDO1gO+PT0r7627AJ7PUzV9ipzk+UFeuPCL63dkFdRT2L3G56qf9sFtWVnr79yYvqi2z\/r0exjUSWUrptEuYHZJjpqG6rRMZ\/JV0tibeU+SUTl\/6qpnojk979Q36tfl+2jETRqp9cmOyPGLmqUR2tm\/Vs1VDSK8n56R+X5PkGpAfKSDTj5yWzXap5RvmITR5mvyTiZQCACtcf9FvN5XacM3MJTy1JqeO2Macbos9aMEvKX\/PaVK27QOyY3kqRLU6Ut\/7j+ED7RaMALOJjv6uNk1NWB7q4GBru2SY2tmSS7qDmbyHn2MRMKQ+OCNymdzuvufBhEv\/duejdkZ16MI1tOxyvoUZWblPX9zwo\/0wh7p91zlVbUPUGz0QZ1k4dlLcs\/dVUhG6pi0BwtPXThaXGkkDdh0xIgfPfT6p3vp6B1kpBHY8E7H+rduaOLXftpb+DyV3AJk4Z0SvwiZGX7p\/pm6JL+482YXKVOv+YduDOySyYs175Fd2DuRRoqTfUmOPRvMAoB2SMszndIAffZud26hyCblaQnfeK+\/657WIUldUeH2v56ppqSW1ulNXgdMgmQUdHJd2RQFbkuvqSG3t2o1ubbdc9aXGh5bQ8l77GbUNgbly\/9pc6fdj+hSolEVQR1U06fICUb0184MaShX\/0EpOB\/9nqsCzdsHWlpGYIRBnXSKTUoP8c4OF90rfhpWTI8YyczVU\/RIon4jivubXb8gnL+s11xofvdFvf7QB26YXezSbHx+1r\/dxZ2VpJDRdPQ4\/x5F+TXLTFHIzss1d3yYZwughQqHJuvyPC3TLv0zMxKnQXla68LRuC2wcS\/XNog+t2B7IbVvh8IyWpfP2TIbmFi6TVt+PdZdU\/n2Vr59PAz113Z6EzhVfWzNxO87quNDjbDeCZe\/CJdXyNzo7a9PEf4qr6bqqW93N6I0V\/+hVn\/nqkBB+yD\/fkVlBLThrGhOGvs0Cec5\/eWC4lXXSSQSab8k6m4SabwT1yhpUlKb83L6q0iT8QtWg6TWncfg166SX8gi5ZI+r29lTR2gsfsv0uF7KiULbm1838c8agAAAACTLl4QO53ix9IabbAkL4Jzl04DZamLOgR10Dpmoe2RLq4NAAAAoP3swr0srdFSG\/qHGVjqog5BHYy3C0ej1dN1CtfuAQAAAADNrIEZ9R36+ZU0vF3pLyQniRv5jRDUAQAAAAAAaCGCOgAAAAAAAC1EUAcAAAAAAKCFCOoAAAAAAAC0EEEdAAAAAACAFiKoAwAAAAAA0EIEdQAAAAAAAFqIoA4AAAAAAEALEdQBAAAAAABoIYI6AAAAAAAALURQBwAAAAAAoIUI6gAAAAAAALQQQR0AAAAAAIAWIqgDAAAAAADQQgR1AAAAAAAAWoigDgAAAAAAQAsdUGlnc3PT\/gUAAAAAAIBWSII6x44ds49gYj1\/\/pzzDAATgjIdGG9co5gU5OXJwHmcTPq8Mv0KAAAAAACghQjqAAAAAAAAtBBBHQAAAAAAgBYiqAMAAAAAANBCBHUAAAAAAABaiKAOAAAAAABACxHUAQAAAAAAaCGCOgAAAAAAAC1EUAcAAAAAAKCFCOoAAAAAAAC0EEEdAAAAAACAFiKoAwAAAAAA0EIEdQAAAAAAAFqIoA4AAAAAAEALEdQBAAAAAABoIYI6AAAAAAAALURQBwAAAAAAoIUI6gAAAAAAALQQQR0AAAAAAIAWIqgDAAAAAADQQkML6lz9sSdv3ryxqbciV93jXuX2u8\/SbSo9u+sedxbX0m1v3vRk5RO3wbgqK71wu0pri26btijPSrehPwXfdXQuC7a\/eabOQF58TlUqyDN52ff3eaHoc10q2r+iPPDJivSyr63MKzZfZfPq\/qG\/y+y1OFomz0zM9TtA\/tHlZaPrBaiXK4vDfOnq5t6P+dymX1f0eJ7O6\/l6oLpeV6J2Qc3rc9dDXO+Pupw2+1J3Teo6puo5RXWQS82+5\/5EbbKi7x9jpKztM3wmX9BOxohF5XeU3+KyO1\/27W3ZjmJx\/aFTWEdnyquCeq8uZoDdGUpQR5+cm8fW5MbBg3JQpRvP5+RmeJGqxtnNEz1ZdtuXt04G29XJf3cree3Bz1elez6ssBbluCzbbSrd+Fnk5BdhBjginaltWf3cvV6nuStum96347KVbLshq52FkTSQ9pON79Lv2pzLzAUZbd+ckYVou73YFzqr6TlXyeSZyoaKLshvSueH9DUHP18T+aPedkfOdP3jy7IhQX7onlFbnbsfy8mtDdk4cjwofEIbSR4173OkKq9ckXn1vPnL7s\/9Rn+XsiaPvnF\/74Erc+q8BNd2uzXPP807z8DubP98w5V7NkX5cntb5MTHJWVmNdtwW5AZ93eqpl7XAY7z3aQcv\/FzN6pH9PuGdUjcptB1xYJIUg8ti0RtiiFT+3quo+oVmZMPSz7DdGC+PClT7u9C35yRrjueg99tqO89Pb7u6aQWG5JF+bjz0H0\/+vN6cvLL4hsweNuq2j6KCQZy7tAWrg8QlP9pu05vW5BuUh8tS+\/EzSBwk9me6y9irxzpTGXaDfOqVeuo\/kFYXsX1s1IZE8AghhDUuSofHpuSjR\/SzvOd0w9Vh\/hccqEtvjujTv6D5IRfub8q20nHWnXI54KOt2rYPNyckrkzvvmmOj9BR+7OyppsT3XkiPvb6snLks7lndPzcibZpj7rhw2ZOvZh0jjEYK7MLctG7nykzLkOtl\/98bqcFNVYDYMtyp3TXduwv1ByYX9yWLqq2fw07GyovHKmj6CKzocbv87L080ZOVfbSb4iD37elqlO2ZHtb+a7DK55AJNqTdZ0cL7PRldys0c1vLfdY6nqev3qmTmZ2nyY1N2mTTGVBk1Mg\/L5o6T8ufLrhkjnsK3X7x6Xme1VeZDUDbosr6hbIrrT0F8nQe+rPH8gD54Xf4YO6JgOjA7UjI34+5fLD2R1e0aOc9d7\/Ayh7QOMDXNDUPUBCm\/Q2Zv0aytJya7a6yLdP7j2+icfytzUhjz0Qe5cfxF7qfffkh7A5fnoxlDc56+LCWAQI1pTZ1O2tqekY+4kLMrxI+FFqnzzSNZKGxBX5XCnPLMsXjgpEmQGW+E1d\/UP6tlbL+mMDktf338+ABgyDfuyC\/ubl9KTQRqdOh\/ahpHuAAwe2LN3G6Khn5nh8+HoimioYc1dtfi56WeYx8NRT2Z6QjyqrXrYagH9HuF7mmPIvme2k5N+l152n+s\/O9xX9f53w7uN7rv90X2fbv\/MZ\/iOpd9v8x249wmPo8qujjkjd3fUHk98R8n\/XXQ82fxTdO7scxZUT3fqxE37PVXtEzAij3Tw\/shCXN7V0IH6aKRkhbhed\/XEr2GjXzfu08a7KcOD0UOmkRgEebLu\/LeXBn2GSu+rmPZNWf01lBGG2TJLM2WfLYN82RiVw30F4Wxnaus39yfGR1XbR+cBMwJsRhaic27rjtK8ENab1CvYQ9U3BG05nwbH4\/6jDfY\/Tft\/Sm17PszrqgxdDNuR2CXbT2\/sjx2Z2t6STfNH\/zEB21YO2sjm\/IVlXKYMc\/WlOdfh9jAvTGgeGEJQ5448er4tM2eDBoeOxFaOM65gXpu5KxGciOO\/Fg1FdhWaTtmGT2RRPj6RbSxiELoxni1kU+qi+yJsrNc0HE3jpSuHCxsYV2TeDLXU53kXQ4313Vu\/n5efRnd9C6lO+\/UTIqv3G+YV3cn\/ck7Wkql+y7LmNumGdjQ9UU8lKC1QVCehEz43vbZ0J0kPU7zuO\/xnVeX4XdfdzdYFXjzloHfien1jLfNdmEpT\/Zfc+dBBu+14mtXVH8+l36X5Wx1fMJQyP2Q2K7uvt0TO5qcmzKjO0i29vaxjOHVSbr771L1HH0M4d3HMOdlKSOcv9b+Zd\/3n67wel2NVx7O4Fg45viEP\/6sftdMKl1VNaIe5+nMNDJcNGro6tLB8VeXvdxsyc34XZW+Z2nq9wuV5OfidJPX+ua0b6evN9X1SPk7KH1tWjoS+c+ynoVY2TAdUUGdl73bKkQW5LreSMqSfqeamTK8r8\/CWVLR99HVgRsK5qeMmeKg7Ozdl7nlan+i8kNTH+ro7L2l9rafeRUsaAKOigwGqDyDuBpdJcYdcB8GXZcFtOydbnw\/Q7snm9b+LnFN9QAzHjCmT8ucwZuvfqpsuTcycPy5PzXm0N5jevLku8nd7XpejQKCj2gDnXH1oZoF8qfbT9xd0mRnMJpokQxmp4zubN\/1F+u6WrObHW9czF6CeRx\/MzdN0xWVO5kF5+q56\/zBwE85DV8nsR2Fgx3Ykdcdp366DMiTpheyGlWfuQqbb7UU3tPUA\/Ln2jfnGkVYXAEmCefFd31QQHPxCd8CbVyb2TvOt4PlX5Iw57rLpiWVDDePpiNlpCXqYol7fYkVPY9taTvNyyZSD+mGp9ruwo+pUv6AjsvrzRjLtzE4tCAtje2c6DXa54\/suvGbt1LU0wJGR21d1zH\/PT9Gond6l15wI8l7zIZz9HnMRG8z2w4L1CMCNn9Xnh1NAMsHOuuNJp\/rdkSuXqz8dGKbSufEhVQ\/rNdLqp642VFWv1zAjUoKA7i25Hrw+7ATrpOqh59VTn9IRLjfl5JRqIOoGoP67Zp9MuZ+UFe4GV1m5N5DsFLKCu52by0Fd23yqeRKUbziqCm9BP22f7BQVlxd8vswFA\/XUu4r1oIDhUuXrWXeDy+TpcD0vHZC0QX5btt8S+WL3awrm8rq6jm6ptikGZW84+vrXnsOiwI4NMOu+yqD9wLSPodvv6n\/B9Oxo+rWn+ge33GeafpRea9X3W8wNmLQPMEmGNv3KDDH2J3juZYOhvPF2s5DgWb1gcnVH+srcDVUBhXfhYnaNl0wFZe4I6ojvKBYc3H\/ChZCLhpX77flFrcNpeQXMVK7y9ZESpjPQx51I08jJBKPMlJbs4p9+oWSbx+yImCaqpgzqERvxZ9uFQ8tGJCnBHezc4pqmUurKSd0ID757M61Qj1xJPuONaqhPNVoTaHPLd0RUR6GzJo9OP3VBp3RqQSK8M20Uj76qmu4wsimQZqRXM30dcwl9jLbTpF\/Tk6enVUXhGsdmiHEfIwKju1N9dG6BvWSDyg1GAPaprl73bBmrR9yGgWV1LZ6+FXdMo5s9XXmkJwlXlDlmqpgv+7dLFtrP0YEVXY+ko5x0mSsjugMYTe8yQeO0UVvot61coDxmO1A3zYLJJYE8jJcmbR891SG8QaXT+RlXH9u2SjwyzwYyJ7GDg\/EU3eAK1\/Ny6+1kb\/hJXXC6sGyvXsoDQ2Ru+GRulJslCtwC7wX9xLy6mEFKt9+3t+xkrkZM36BB33ICjGZNHXMn3nf8CjryppOdfsE6oKOHTzedf18vOHm6g9wgWIThsw3tMDhSfSezaL5sOfteTYIW9n2DlfaTxnvZUHlXkTTuvNyRl1vBYm4Rnf8zv85mUkl+TPKre54ZWh3SHZqebGTumJsgSu4YVWpQmCadBXXdds1dZx0J19+NDtjEBWF8Z1qrCNRVBW6yAR\/TEB1QH+s79XPMpfyUiLuqPNvS+VbnST06atEOMW5YQXk+MG5+CY7ADsaRCSrbYP1h99DwFZWndmRKv9eU5UYTDnvatWnnpL9Q5VOucTsswfSuRkHjyjLV3kFt3uDG+Khp++hgXkG+tO1re21FN+ZcYgQ7Rs\/mv90qulloRuNUdPCz7XK9yD5GIwmgmeUoOvKwsFypjwlg90YQ1FmUZ+fDhbDc0M9gLn60Dos6+eeOhENFM1QnN1ybw\/x6UrhWxd2VqOOt16ZIpz24aTd10zgwIvngiAn0dBZyw4eTIeBlDUyVT55Fd6ZsQ70+WlvWoK8ZKh90Xpo0z+3CnWEQaFFWzP7ajn7T98mOYrHrvXi6Ia7XopmX+bnMmjk6wFC6kKm9I1u6xo3pLHTl3NluMkJFH0\/3bLx2jj4mvUByfK267zFaa8OVASWdDjulbAhrXmTfI1y\/ydwlqFj\/o+ExmxGEpUPd7TSuubNz0nPHqo9Njp3LjGaqo\/Z9Lc0fpuHSlDnOqvnMwHD5YP3J+nh6uZp6PTsiKF7zxV534Rx6+6uKxdec\/8XF9O7vcJjORME0zdqFO3fNtaXO9uRcp+B4ohFC2XZYRu6OOMZWv20fXbdFN9NiOn8OdW0soA+5\/Beuo1q0Hppu1\/ly1kwVDPK26T9mpqEmXPAzHJFvnu\/+jQH4\/o2j6vOF4MdT7HIUwbS3SE1MAAMZTlBHjy5IhnLaBVCj6Nzlebs4rHtOfh2WzFBRnfyd6t+2grnxenizXpA1HCrcSee\/q1S9xotPdIL2jA+OJHNm1QWtF39NFkKzyS4kXDEE\/JuXqpEfDxnWCwHWTqcrWnjbsaM1yofK+85Ls8V35928Ur9\/C9JxUevcmlM6lbynXW8n\/W6ud3rJSJ3FtZtBQ1wvXBrOY82uI6GT35ZftDdmA09TYadIXXcylQmGmSH\/+YJXH194fReWASE9NcIsuuqff13kh\/yaOrW2V2VLr8Vh3iMzb1ffpa6sJBoecw3TgZvqpd+tHuap3qN+TZ7QHXmp85n\/\/vTCfsGoRdvB5devMDrxdIy6NQxssH6glQnq6nVTRqTlqakfwmsiWkzTvT7ZboPYybbMa6vp+qnBqN6qzkSuYzJE5r1LypfNNbP+hD3uBusHZqbrmtSkrsPeqmv7qGvl4Wb461c6D9sfKwjPbRJEzbTHTWJkKPaKaSuni9zbhYzT9VLmDy6LJHVDdj2WTN42P05SXl6btre\/NnT6QuQha+oMRScsX6JzaGXbFDqVlUFF\/XbszgGVdjY3N+XYsWP2EUys58+fc573o7vPpPeHBwOuJ6U7Sna4\/kiGaevAsJ521rTzVfP8xbWeHL7PlEtMNsr0\/Ub\/4EP+F2HMSFe9Ng4N47HDNYpJMQl52S\/3MVh7uN0okyaTPq+jWVMHwPi4PD94BWYWSB7VcH07VWDQnzwMXZkjoANgstjp5TULJAMA8sw0obLpWkD7EdQBUE9Ph2g8haGOvtscDsu0UwX2850TACjlprgvdFblBqNxAKCeKzeTdL4rqxXTtYC2Y\/rVPsKQOwCYHJTpwHjjGsWkIC9PBs7jZNLnlZE6AAAAAAAALURQBwAAAAAAoIUI6gAAAAAAALQQQR0AAAAAAIAWIqgDAAAAAADQQgR1AAAAAAAAWoigDgAAAAAAQAsR1AEAAAAAAGghgjoAAAAAAAAtRFAHAAAAAACghQjqAAAAAAAAtBBBHQAAAAAAgBYiqAMAAAAAANBCBHUAAAAAAABaiKAOAAAAAABACxHUAQAAAAAAaCGCOgAAAAAAAK0j8v+EOPbM951AbwAAAABJRU5ErkJggg==\" alt=\"\"><\/p>","protected":false},"excerpt":{"rendered":"<p>Tegund: 902352<\/p>","protected":false},"featured_media":77254,"comment_status":"closed","ping_status":"closed","template":"","meta":[],"product_brand":[],"product_cat":[517,601,821],"product_tag":[],"class_list":{"0":"post-75762","1":"product","2":"type-product","3":"status-publish","4":"has-post-thumbnail","6":"product_cat-lykillausnir","7":"product_cat-utivistarvorur","8":"product_cat-ymislegt","10":"first","11":"instock","12":"taxable","13":"shipping-taxable","14":"purchasable","15":"product-type-simple"},"yoast_head":"<!-- This site is optimized with the Yoast SEO plugin v27.3 - https:\/\/yoast.com\/product\/yoast-seo-wordpress\/ -->\n<title>STUBAI Exi \u00cds Pro Star Ice Axe 52cm 902352 - V\u00e9lar &amp; Verkf\u00e6ri<\/title>\n<meta name=\"robots\" content=\"index, follow, max-snippet:-1, max-image-preview:large, max-video-preview:-1\" \/>\n<link rel=\"canonical\" href=\"https:\/\/velarogverkfaeri.is\/en\/lykillausnir\/utivistarvorur\/ymislegt\/product\/stubai-exi-is-pro-star-ice-axe-52cm-902352\/\" \/>\n<meta property=\"og:locale\" content=\"en_US\" \/>\n<meta property=\"og:type\" content=\"article\" \/>\n<meta property=\"og:title\" content=\"STUBAI Exi \u00cds Pro Star Ice Axe 52cm 902352 - V\u00e9lar &amp; Verkf\u00e6ri\" \/>\n<meta property=\"og:description\" content=\"Tegund: 902352\" \/>\n<meta property=\"og:url\" content=\"https:\/\/velarogverkfaeri.is\/en\/lykillausnir\/utivistarvorur\/ymislegt\/product\/stubai-exi-is-pro-star-ice-axe-52cm-902352\/\" \/>\n<meta property=\"og:site_name\" content=\"V\u00e9lar &amp; Verkf\u00e6ri\" \/>\n<meta property=\"article:publisher\" content=\"https:\/\/www.facebook.com\/VelarOgVerkfaeri\" \/>\n<meta property=\"article:modified_time\" content=\"2025-11-19T14:32:42+00:00\" \/>\n<meta property=\"og:image\" content=\"https:\/\/velarogverkfaeri.is\/wp-content\/uploads\/2025\/10\/8fd3628a-b809-4a55-8bf1-b51ba1ecd89a.jpg\" \/>\n\t<meta property=\"og:image:width\" content=\"1772\" \/>\n\t<meta property=\"og:image:height\" content=\"1181\" \/>\n\t<meta property=\"og:image:type\" content=\"image\/jpeg\" \/>\n<meta name=\"twitter:card\" content=\"summary_large_image\" \/>\n<script type=\"application\/ld+json\" class=\"yoast-schema-graph\">{\"@context\":\"https:\\\/\\\/schema.org\",\"@graph\":[{\"@type\":\"WebPage\",\"@id\":\"https:\\\/\\\/velarogverkfaeri.is\\\/lykillausnir\\\/utivistarvorur\\\/ymislegt\\\/product\\\/stubai-exi-is-pro-star-ice-axe-52cm-902352\\\/\",\"url\":\"https:\\\/\\\/velarogverkfaeri.is\\\/lykillausnir\\\/utivistarvorur\\\/ymislegt\\\/product\\\/stubai-exi-is-pro-star-ice-axe-52cm-902352\\\/\",\"name\":\"STUBAI Exi \u00cds Pro Star Ice Axe 52cm 902352 - V\u00e9lar &amp; Verkf\u00e6ri\",\"isPartOf\":{\"@id\":\"https:\\\/\\\/velarogverkfaeri.is\\\/en\\\/#website\"},\"primaryImageOfPage\":{\"@id\":\"https:\\\/\\\/velarogverkfaeri.is\\\/lykillausnir\\\/utivistarvorur\\\/ymislegt\\\/product\\\/stubai-exi-is-pro-star-ice-axe-52cm-902352\\\/#primaryimage\"},\"image\":{\"@id\":\"https:\\\/\\\/velarogverkfaeri.is\\\/lykillausnir\\\/utivistarvorur\\\/ymislegt\\\/product\\\/stubai-exi-is-pro-star-ice-axe-52cm-902352\\\/#primaryimage\"},\"thumbnailUrl\":\"https:\\\/\\\/velarogverkfaeri.is\\\/wp-content\\\/uploads\\\/2025\\\/10\\\/8fd3628a-b809-4a55-8bf1-b51ba1ecd89a.jpg\",\"datePublished\":\"2025-09-06T14:41:17+00:00\",\"dateModified\":\"2025-11-19T14:32:42+00:00\",\"breadcrumb\":{\"@id\":\"https:\\\/\\\/velarogverkfaeri.is\\\/lykillausnir\\\/utivistarvorur\\\/ymislegt\\\/product\\\/stubai-exi-is-pro-star-ice-axe-52cm-902352\\\/#breadcrumb\"},\"inLanguage\":\"en-US\",\"potentialAction\":[{\"@type\":\"ReadAction\",\"target\":[\"https:\\\/\\\/velarogverkfaeri.is\\\/lykillausnir\\\/utivistarvorur\\\/ymislegt\\\/product\\\/stubai-exi-is-pro-star-ice-axe-52cm-902352\\\/\"]}]},{\"@type\":\"ImageObject\",\"inLanguage\":\"en-US\",\"@id\":\"https:\\\/\\\/velarogverkfaeri.is\\\/lykillausnir\\\/utivistarvorur\\\/ymislegt\\\/product\\\/stubai-exi-is-pro-star-ice-axe-52cm-902352\\\/#primaryimage\",\"url\":\"https:\\\/\\\/velarogverkfaeri.is\\\/wp-content\\\/uploads\\\/2025\\\/10\\\/8fd3628a-b809-4a55-8bf1-b51ba1ecd89a.jpg\",\"contentUrl\":\"https:\\\/\\\/velarogverkfaeri.is\\\/wp-content\\\/uploads\\\/2025\\\/10\\\/8fd3628a-b809-4a55-8bf1-b51ba1ecd89a.jpg\",\"width\":1772,\"height\":1181},{\"@type\":\"BreadcrumbList\",\"@id\":\"https:\\\/\\\/velarogverkfaeri.is\\\/lykillausnir\\\/utivistarvorur\\\/ymislegt\\\/product\\\/stubai-exi-is-pro-star-ice-axe-52cm-902352\\\/#breadcrumb\",\"itemListElement\":[{\"@type\":\"ListItem\",\"position\":1,\"name\":\"Home\",\"item\":\"https:\\\/\\\/velarogverkfaeri.is\\\/\"},{\"@type\":\"ListItem\",\"position\":2,\"name\":\"Vefverslun\",\"item\":\"https:\\\/\\\/velarogverkfaeri.is\\\/vefverslun\\\/\"},{\"@type\":\"ListItem\",\"position\":3,\"name\":\"STUBAI Exi \u00cds Pro Star Ice Axe 52cm 902352\"}]},{\"@type\":\"WebSite\",\"@id\":\"https:\\\/\\\/velarogverkfaeri.is\\\/en\\\/#website\",\"url\":\"https:\\\/\\\/velarogverkfaeri.is\\\/en\\\/\",\"name\":\"V\u00e9lar & Verkf\u00e6ri\",\"description\":\"Umbo\u00f0s- og heildverslun fr\u00e1 \u00e1rinu 1919\",\"publisher\":{\"@id\":\"https:\\\/\\\/velarogverkfaeri.is\\\/en\\\/#organization\"},\"potentialAction\":[{\"@type\":\"SearchAction\",\"target\":{\"@type\":\"EntryPoint\",\"urlTemplate\":\"https:\\\/\\\/velarogverkfaeri.is\\\/en\\\/?s={search_term_string}\"},\"query-input\":{\"@type\":\"PropertyValueSpecification\",\"valueRequired\":true,\"valueName\":\"search_term_string\"}}],\"inLanguage\":\"en-US\"},{\"@type\":\"Organization\",\"@id\":\"https:\\\/\\\/velarogverkfaeri.is\\\/en\\\/#organization\",\"name\":\"V\u00e9lar & Verkf\u00e6ri\",\"url\":\"https:\\\/\\\/velarogverkfaeri.is\\\/en\\\/\",\"logo\":{\"@type\":\"ImageObject\",\"inLanguage\":\"en-US\",\"@id\":\"https:\\\/\\\/velarogverkfaeri.is\\\/en\\\/#\\\/schema\\\/logo\\\/image\\\/\",\"url\":\"https:\\\/\\\/velarogverkfaeri.is\\\/wp-content\\\/uploads\\\/2021\\\/10\\\/vv_logo_350x100.png\",\"contentUrl\":\"https:\\\/\\\/velarogverkfaeri.is\\\/wp-content\\\/uploads\\\/2021\\\/10\\\/vv_logo_350x100.png\",\"width\":350,\"height\":100,\"caption\":\"V\u00e9lar & Verkf\u00e6ri\"},\"image\":{\"@id\":\"https:\\\/\\\/velarogverkfaeri.is\\\/en\\\/#\\\/schema\\\/logo\\\/image\\\/\"},\"sameAs\":[\"https:\\\/\\\/www.facebook.com\\\/VelarOgVerkfaeri\"]}]}<\/script>\n<!-- \/ Yoast SEO plugin. -->","yoast_head_json":{"title":"STUBAI Exi \u00cds Pro Star Ice Axe 52cm 902352 - V\u00e9lar &amp; Verkf\u00e6ri","robots":{"index":"index","follow":"follow","max-snippet":"max-snippet:-1","max-image-preview":"max-image-preview:large","max-video-preview":"max-video-preview:-1"},"canonical":"https:\/\/velarogverkfaeri.is\/en\/lykillausnir\/utivistarvorur\/ymislegt\/product\/stubai-exi-is-pro-star-ice-axe-52cm-902352\/","og_locale":"en_US","og_type":"article","og_title":"STUBAI Exi \u00cds Pro Star Ice Axe 52cm 902352 - V\u00e9lar &amp; Verkf\u00e6ri","og_description":"Tegund: 902352","og_url":"https:\/\/velarogverkfaeri.is\/en\/lykillausnir\/utivistarvorur\/ymislegt\/product\/stubai-exi-is-pro-star-ice-axe-52cm-902352\/","og_site_name":"V\u00e9lar &amp; Verkf\u00e6ri","article_publisher":"https:\/\/www.facebook.com\/VelarOgVerkfaeri","article_modified_time":"2025-11-19T14:32:42+00:00","og_image":[{"width":1772,"height":1181,"url":"https:\/\/velarogverkfaeri.is\/wp-content\/uploads\/2025\/10\/8fd3628a-b809-4a55-8bf1-b51ba1ecd89a.jpg","type":"image\/jpeg"}],"twitter_card":"summary_large_image","schema":{"@context":"https:\/\/schema.org","@graph":[{"@type":"WebPage","@id":"https:\/\/velarogverkfaeri.is\/lykillausnir\/utivistarvorur\/ymislegt\/product\/stubai-exi-is-pro-star-ice-axe-52cm-902352\/","url":"https:\/\/velarogverkfaeri.is\/lykillausnir\/utivistarvorur\/ymislegt\/product\/stubai-exi-is-pro-star-ice-axe-52cm-902352\/","name":"STUBAI Exi \u00cds Pro Star Ice Axe 52cm 902352 - V\u00e9lar &amp; Verkf\u00e6ri","isPartOf":{"@id":"https:\/\/velarogverkfaeri.is\/en\/#website"},"primaryImageOfPage":{"@id":"https:\/\/velarogverkfaeri.is\/lykillausnir\/utivistarvorur\/ymislegt\/product\/stubai-exi-is-pro-star-ice-axe-52cm-902352\/#primaryimage"},"image":{"@id":"https:\/\/velarogverkfaeri.is\/lykillausnir\/utivistarvorur\/ymislegt\/product\/stubai-exi-is-pro-star-ice-axe-52cm-902352\/#primaryimage"},"thumbnailUrl":"https:\/\/velarogverkfaeri.is\/wp-content\/uploads\/2025\/10\/8fd3628a-b809-4a55-8bf1-b51ba1ecd89a.jpg","datePublished":"2025-09-06T14:41:17+00:00","dateModified":"2025-11-19T14:32:42+00:00","breadcrumb":{"@id":"https:\/\/velarogverkfaeri.is\/lykillausnir\/utivistarvorur\/ymislegt\/product\/stubai-exi-is-pro-star-ice-axe-52cm-902352\/#breadcrumb"},"inLanguage":"en-US","potentialAction":[{"@type":"ReadAction","target":["https:\/\/velarogverkfaeri.is\/lykillausnir\/utivistarvorur\/ymislegt\/product\/stubai-exi-is-pro-star-ice-axe-52cm-902352\/"]}]},{"@type":"ImageObject","inLanguage":"en-US","@id":"https:\/\/velarogverkfaeri.is\/lykillausnir\/utivistarvorur\/ymislegt\/product\/stubai-exi-is-pro-star-ice-axe-52cm-902352\/#primaryimage","url":"https:\/\/velarogverkfaeri.is\/wp-content\/uploads\/2025\/10\/8fd3628a-b809-4a55-8bf1-b51ba1ecd89a.jpg","contentUrl":"https:\/\/velarogverkfaeri.is\/wp-content\/uploads\/2025\/10\/8fd3628a-b809-4a55-8bf1-b51ba1ecd89a.jpg","width":1772,"height":1181},{"@type":"BreadcrumbList","@id":"https:\/\/velarogverkfaeri.is\/lykillausnir\/utivistarvorur\/ymislegt\/product\/stubai-exi-is-pro-star-ice-axe-52cm-902352\/#breadcrumb","itemListElement":[{"@type":"ListItem","position":1,"name":"Home","item":"https:\/\/velarogverkfaeri.is\/"},{"@type":"ListItem","position":2,"name":"Vefverslun","item":"https:\/\/velarogverkfaeri.is\/vefverslun\/"},{"@type":"ListItem","position":3,"name":"STUBAI Exi \u00cds Pro Star Ice Axe 52cm 902352"}]},{"@type":"WebSite","@id":"https:\/\/velarogverkfaeri.is\/en\/#website","url":"https:\/\/velarogverkfaeri.is\/en\/","name":"V\u00e9lar & Verkf\u00e6ri","description":"Umbo\u00f0s- og heildverslun fr\u00e1 \u00e1rinu 1919","publisher":{"@id":"https:\/\/velarogverkfaeri.is\/en\/#organization"},"potentialAction":[{"@type":"SearchAction","target":{"@type":"EntryPoint","urlTemplate":"https:\/\/velarogverkfaeri.is\/en\/?s={search_term_string}"},"query-input":{"@type":"PropertyValueSpecification","valueRequired":true,"valueName":"search_term_string"}}],"inLanguage":"en-US"},{"@type":"Organization","@id":"https:\/\/velarogverkfaeri.is\/en\/#organization","name":"V\u00e9lar & Verkf\u00e6ri","url":"https:\/\/velarogverkfaeri.is\/en\/","logo":{"@type":"ImageObject","inLanguage":"en-US","@id":"https:\/\/velarogverkfaeri.is\/en\/#\/schema\/logo\/image\/","url":"https:\/\/velarogverkfaeri.is\/wp-content\/uploads\/2021\/10\/vv_logo_350x100.png","contentUrl":"https:\/\/velarogverkfaeri.is\/wp-content\/uploads\/2021\/10\/vv_logo_350x100.png","width":350,"height":100,"caption":"V\u00e9lar & Verkf\u00e6ri"},"image":{"@id":"https:\/\/velarogverkfaeri.is\/en\/#\/schema\/logo\/image\/"},"sameAs":["https:\/\/www.facebook.com\/VelarOgVerkfaeri"]}]}},"_links":{"self":[{"href":"https:\/\/velarogverkfaeri.is\/en\/wp-json\/wp\/v2\/product\/75762","targetHints":{"allow":["GET"]}}],"collection":[{"href":"https:\/\/velarogverkfaeri.is\/en\/wp-json\/wp\/v2\/product"}],"about":[{"href":"https:\/\/velarogverkfaeri.is\/en\/wp-json\/wp\/v2\/types\/product"}],"replies":[{"embeddable":true,"href":"https:\/\/velarogverkfaeri.is\/en\/wp-json\/wp\/v2\/comments?post=75762"}],"wp:featuredmedia":[{"embeddable":true,"href":"https:\/\/velarogverkfaeri.is\/en\/wp-json\/wp\/v2\/media\/77254"}],"wp:attachment":[{"href":"https:\/\/velarogverkfaeri.is\/en\/wp-json\/wp\/v2\/media?parent=75762"}],"wp:term":[{"taxonomy":"product_brand","embeddable":true,"href":"https:\/\/velarogverkfaeri.is\/en\/wp-json\/wp\/v2\/product_brand?post=75762"},{"taxonomy":"product_cat","embeddable":true,"href":"https:\/\/velarogverkfaeri.is\/en\/wp-json\/wp\/v2\/product_cat?post=75762"},{"taxonomy":"product_tag","embeddable":true,"href":"https:\/\/velarogverkfaeri.is\/en\/wp-json\/wp\/v2\/product_tag?post=75762"}],"curies":[{"name":"wp","href":"https:\/\/api.w.org\/{rel}","templated":true}]}}