{"id":75759,"date":"2025-09-06T14:41:17","date_gmt":"2025-09-06T14:41:17","guid":{"rendered":"https:\/\/velarogverkfaeri.is\/?post_type=product&#038;p=75759"},"modified":"2025-10-31T12:31:13","modified_gmt":"2025-10-31T12:31:13","slug":"stubai-klifurbroddar-ice-track-xl-926543","status":"publish","type":"product","link":"https:\/\/velarogverkfaeri.is\/en\/lykillausnir\/utivistarvorur\/ymislegt\/product\/stubai-klifurbroddar-ice-track-xl-926543\/","title":{"rendered":"STUBAI Klifurbroddar ICE TRACK XL 926543"},"content":{"rendered":"<p><img decoding=\"async\" src=\"data:image\/png;base64,iVBORw0KGgoAAAANSUhEUgAABHEAAAAzCAYAAAAQN5Q1AAAAAXNSR0IArs4c6QAAAARnQU1BAACxjwv8YQUAAAAJcEhZcwAADsMAAA7DAcdvqGQAAA2ySURBVHhe7d09TxtLF8Dxc58uNG7t6qYD6TaYJnTQRaFBfAGCUkVIEWXgfoBASiuSlSoifAGUhigd6UgT0zyS6biV3bqhvXfOzOx6Zr1evxGym\/x\/0SoGv7Oz83L2zOwfjx49+leABV1fX8vq6qr\/CQDwO6NNAMqNYxTToJwgQVkol\/\/5\/wEAAAAAAFBiBHEAAAAAAAAqgCAOAAAAAABABRDEAQAAAAAAqACCOAAAAAAAABVAEAcAAAAAAKACCOIAAAAAAABUAEEcAAAAAACACiCIAwAAAAAAUAEEcQAAAAAAACqAIA4AAAAAAEAFEMQBAAAAAACoAII4AAAAAAAAFUAQBwAAAAAAoAII4gAAAAAAAFQAQRwAAAAAAIAKIIgDAAAAAABQAQRxAAAAAAAAKoAgDgAAAAAAQAUQxAEAAAAAAKiAhYI4B597cnd357behRz43ztt+Z7cp1un7X8fih\/z\/b3\/tRG9tt2+m0fneHUhvcxzk9+lz819b5RNu3Mnvc9xKTIlQS56wb402\/Axo\/fd3fXk4pW\/O6CvHT8u2Xy5ypYZ3caVm7wyl\/X+e\/xaQfkd\/Z7+OKCcTm+afTADW9880N\/flkX2NTBRcR9jEq1XR\/sNcd8iv70AMCvfH8tp24qO48WOcQBV4o73bLucqTt0\/ERdMJW5gzi6I45XO3K0tCRLZju6bspxUHkffF6X\/mt339LSkVzW9+KBqx2E7YmcJY9ZkrWX\/j5juV6Twdej9L6lpTXZ9\/eF2i82peZvJw626tJJ3\/tUust79zbYwwOyZeRYmtdhOTiSTv1pdHB3gzK0tNSQrXf+jsB+c\/j8y0H4nLBcdeU0fR1XbkaDSq7M9W66svJktLOi7CB9V4LXMtuZyHpuGdTKa08aWtabeSUceSbtg2I6uPt5gzdbFoN9nR+8BH5vk\/oYRVxHcU9W\/M9DbXlePw\/q5Z5svh1zggjA9N4\/l81sZ9zQ9i08jpcaW9Ly9+lg7Xijl\/aVTvubUx\/jAKqn9ezEjMFWZCfs82rdIZdyxBhoZnMGcQ7k6WpNup+GlXHr2bkZ9O6kA6PWs7VgMN2SrU9dqa0OB986CBMzcA0DN1m9f9KqPp8Z5O\/Uu9I1g\/JQ\/N77cnUj0viTQVK1mIH2WzNQP1uSxrOwHJiy1Aw6AT\/Mvnz8OpBafdn\/nGjL+nJXrppXUXlP6OBhr24qo2zQ8eVabllvd45ls3+a+Y4oVrwPAFTd5D7GOGnw5\/WlZLoGxr6shR3Flx9thzI\/wA5gOgdysd2Q7k3miNM+ummrT8PATaD9ZEUGXz+mfaX9D+aYXV4nqAr8sswY7s2lyMahb8vNWG93JWrrMb17XBPnRvqDmtT\/8j9mHPzZEOnf+p3kBmHnYweuB\/K47m+OZRqNv80g\/9NH6fvf5PKNyPj3Qim9X5eVwaV8LAjy\/RT6uW6uTKdDg4M1aW6FwcHRgUcRG\/CR09kzcGyGkk8\/NpvL4nDpiN8\/+\/uSVMTMtK4o48OnLLbtWWu932enhM+JzoolGSz6f\/Kaoxkt7ix4cn\/e1DHznPfhd5jxTHjhPvDvbz63zYjKfgb7t9Mz9DXZfGvuy6Rs5j5H+b\/Vhb\/fZfb5FFD\/+PB7ZP8GdvN\/y+TzJc\/fWxapbRybx\/y87CCg\/Ir7GInWs0Z8tr\/QstRrA+n\/3\/+YNXMd6evh90EdGRzr0WsAv4iDz4ey2T+Xj5nO+MFWUyQI0sR0HDCQzkVwpL77Ip3CoGrc5rrjjOOpGjL9RtsHzPSZOqaPZffvcJ\/Gfank8Uk9a3\/w3O\/i\/iZK6d2WnJu+++aLttm\/O6Y\/f1qY0IHx5gzitOTL9UBWtoMB0JhUSqctzzfM4Pabr8pfPZbGwNT24cGZGUypld3kwB2tpF2jMW7HBxX93yInY6ZiobzioF+xYTkxW045mosZ7B9uiFx+iEuOnjlKyvH+tzi7bOKAILR66M4WzxPAeduMpgt2\/F1qZVXL+zBluf0kmNZ1Zj7vxvO00bRqm7IjJ\/b+o6\/iAhtPrtzj9Uz2yJlvDX6sy1X6mvF0BG1ww\/Ro\/Xy9jeNMY2teY9t\/Tju9bUX2ooFQseJ94C3vyfq35DPq9\/ZRf9N4NHSqnAzkUv+G4WBv3HMS5m9V9\/fbeufVU6mnU\/3c90hSRO1A0v7ebDYjoCunI\/u6JVuNJTm9ET91NH8qIPD7mbWPMR\/bgRx05EvRcTdzHaltUlJHumm5d3eHIm9cfXDqO6\/AL8H2lUybn9OX0WURev8sB4P37MB7Ftqvj6fXXz3JmzKJ8tEATrh8xonI9uhSGLLc9PWk6wvZ\/mQ4pfZrw\/cVffsQTqc3\/bFmjRP2VbHfdG2jHS\/MOg5Cau5MHB2k2PmrSeX8pG\/XGhnlDl5d8yMKuAQdI93iubBucJPc5waKQSCnoNFwgue\/ETlcqOFA2UVr4kx9BjbPiuwl5dkG\/zKDalPuNKvrKinHL6+kW2vK00wHfhraeA3meK6bhngSTRfcChqtbBbQfjMIYOrnlYY8Dt9zcCkn\/vmti44MNLiRBK7sWbHsmW8NfoSvGU5H8JlIZ2HQ1E1Li9euMa\/xJvmc5lj91BWpPx4NxOSZdh+EkX37GSefwZ\/4nGxm2LstWUv\/9q5TMTr9znQ8NWMw+psAmGT6PsZ80oDzpDZj5jpS26TkeHfTueXmPK2zNfA8dX0HlNrk9m0Y0DTb60tp7M6ZOZMzSLcDQX8bJTaSWe+m1IxU50E9mfYnR6bUuul22em1mvVVsxnaqJbMmAQzWWg61XCxWLM1b0ezEGzK8Y5d4Hh0zY9MZVw0F\/blmj175aZNtP1aKVMOivTM+1k3PqOH0mv90\/sJHd1kYeMjuZRNOcykZdpGIgz0JNNy0rOq06X7q8H1iSmXmeDkRG6a4cS1okKauRN93gLvbqVn\/t2GgauJWnKbplDnZyLd576cvA8eVjj96nhjNE1A1zzSM4f5GYMAihT1McJjb7YpSi5T99gucDxjcHWOOvKmP5BBXyM5wK8lWdOvqH0L17xJplFkp0DHxmQz\/1WX2qBvelmomlky64e0P5nJtLf9vWTQH06n14DPaOY8yqvdcckdNruVzNS53d+aODbSGqQlawBnuy9HeVMEbEdodnbwqu9jbg8PbNOIJAf6DFMyUHILZLkszp0lGC68pZIsk2BQoZtNp0+CjzkpnkVervn0\/GnXhHEBk6kX6dYAztu6nKef90ectQrXryoIYs3cgOeZZh88HB1E7vSHqd1HXzPnlUwdqItcJ2fxASwg08eIAjxTT0V0UzLqn8xzSOEGFqBr2pj\/7HRB1x+3JzLsz65PowHM8XL6CzbbpiBIWquboX1Al2bwN1Fy2RN5GpTzN\/Np+fDT3tN6Pq7r0+n0Wm5kwrRYlIf2jf1atS6jiitIz+uegjjtzOrSpqO0XbTatEZQ43Uw7KXC01S4tlxkFhXVHW6nUJiBb3xAB5eMtp0y896dMOvGfbbB9Zd7GETi4eg0HLf+wMjiZdH+\/UHebcmJvv\/f\/r18Km86jSeRWYgvqZBG1uYxZTivkrJTBvRYCB6vwYFxi7PZRisKLmWOlVD2zJUPgC4mznqxa1NJkibrg1i7YVDK1w3JeliT2MyhMUGtKffBw8hmRbkAU0q\/x24jmDYGYH7ZPsac\/KVMS7dgPlA5+7IW9cX9iYybU3PbZbjp9MPoZJidDp0sZuymUof9hXgckGGng8eXJraP97dRXnYaam1Tnqd9NDdGLKb9yaAPnkenvUtTDu1FbuhrVYNvy4Mpx2s6WyYaN2Ba8wdxNNMmSHGTM7\/YZyBOg9NtmPKsZ9FOZRjBz16lp26v1uKft6uLs06b9tySW9NNS+fRm8+mKVtcwrl67OKwdg51si91O5b6t7iyzpaz+4rotp6d2GlVulbT+M6FD1yk0\/VcxyZay0G37f7YgcN+003fOrbBCw0OZK7YENIgpp2Glbz2ntTHTa+yDVy4poROGFvUQC776+n3yq4pofvMLj6XvOeYumEsDTyN6cRNvw8mGQYI518IO+mAJt\/zUOrpWUfTQTGdipoGvNL9NP69dCqpcHUqIDZFH2MuZjAR1c26kcUL3D9dzuB1R5pJO2gvyhBkzdls5GF\/ofhqnaZvZfqDrq10j1\/\/xpo4lZAsaxH0l+RTzpo4GSProukW1dUu0FPLO7mHEjJ9497e6NWo\/Nqa0QVOsu30fV205hfzx6NHj\/71t4G5XV9fy+rqqv8Jc9MMjhe30ihlqn9bvts1rqadujC7dqcnjz\/8uNcH8DBoE4Byq\/wxmk4Zn3FtK8zkh5QTDdLrkhsLXYxE3AL1ur4Z02MfBO16udzfmjgAFqdnLH7jxmi\/SQAHAAAU8Rmv46ZfocTuaZmLV3qlYhY0xu+LIA4AAACAktKpGMH0Cr2oSb9o+hXKQ7O4w3236DIXvizYKxVz4g+\/L6ZT4V6QYgcASNAmAOXGMYppUE6QoCyUC5k4AAAAAAAAFUAQBwAAAAAAoAII4gAAAAAAAFQAQRwAAAAAAIAKIIgDAAAAAABQAQRxAAAAAAAAKoAgDgAAAAAAQAUQxAEAAAAAAKgAgjgAAAAAAAAVQBAHAAAAAACgAgjiAAAAAAAAVABBHAAAAAAAgAogiAMAAAAAAFABBHEAAAAAAAAqgCAOAAAAAABABRDEAQAAAAAAKD2R\/wB8y4h03NT3JwAAAABJRU5ErkJggg==\" alt=\"\"><\/p>","protected":false},"excerpt":{"rendered":"<p>Tegund:&nbsp;926543<\/p>","protected":false},"featured_media":77249,"comment_status":"closed","ping_status":"closed","template":"","meta":[],"product_brand":[],"product_cat":[517,601,821],"product_tag":[],"class_list":{"0":"post-75759","1":"product","2":"type-product","3":"status-publish","4":"has-post-thumbnail","6":"product_cat-lykillausnir","7":"product_cat-utivistarvorur","8":"product_cat-ymislegt","10":"first","11":"instock","12":"taxable","13":"shipping-taxable","14":"purchasable","15":"product-type-simple"},"yoast_head":"<!-- This site is optimized with the Yoast SEO plugin v27.3 - https:\/\/yoast.com\/product\/yoast-seo-wordpress\/ -->\n<title>STUBAI Klifurbroddar ICE TRACK XL 926543 - V\u00e9lar &amp; Verkf\u00e6ri<\/title>\n<meta name=\"robots\" content=\"index, follow, max-snippet:-1, max-image-preview:large, max-video-preview:-1\" \/>\n<link rel=\"canonical\" href=\"https:\/\/velarogverkfaeri.is\/en\/lykillausnir\/oryggisvorur\/product\/stubai-klifurbroddar-ice-track-xl-926543\/\" \/>\n<meta property=\"og:locale\" content=\"en_US\" \/>\n<meta property=\"og:type\" content=\"article\" \/>\n<meta property=\"og:title\" content=\"STUBAI Klifurbroddar ICE TRACK XL 926543 - V\u00e9lar &amp; Verkf\u00e6ri\" \/>\n<meta property=\"og:description\" content=\"Tegund:&nbsp;926543\" \/>\n<meta property=\"og:url\" content=\"https:\/\/velarogverkfaeri.is\/en\/lykillausnir\/oryggisvorur\/product\/stubai-klifurbroddar-ice-track-xl-926543\/\" \/>\n<meta property=\"og:site_name\" content=\"V\u00e9lar &amp; Verkf\u00e6ri\" \/>\n<meta property=\"article:publisher\" content=\"https:\/\/www.facebook.com\/VelarOgVerkfaeri\" \/>\n<meta property=\"article:modified_time\" content=\"2025-10-31T12:31:13+00:00\" \/>\n<meta name=\"twitter:card\" content=\"summary_large_image\" \/>\n<script type=\"application\/ld+json\" class=\"yoast-schema-graph\">{\"@context\":\"https:\\\/\\\/schema.org\",\"@graph\":[{\"@type\":\"WebPage\",\"@id\":\"https:\\\/\\\/velarogverkfaeri.is\\\/lykillausnir\\\/oryggisvorur\\\/product\\\/stubai-klifurbroddar-ice-track-xl-926543\\\/\",\"url\":\"https:\\\/\\\/velarogverkfaeri.is\\\/lykillausnir\\\/oryggisvorur\\\/product\\\/stubai-klifurbroddar-ice-track-xl-926543\\\/\",\"name\":\"STUBAI Klifurbroddar ICE TRACK XL 926543 - V\u00e9lar &amp; Verkf\u00e6ri\",\"isPartOf\":{\"@id\":\"https:\\\/\\\/velarogverkfaeri.is\\\/en\\\/#website\"},\"primaryImageOfPage\":{\"@id\":\"https:\\\/\\\/velarogverkfaeri.is\\\/lykillausnir\\\/oryggisvorur\\\/product\\\/stubai-klifurbroddar-ice-track-xl-926543\\\/#primaryimage\"},\"image\":{\"@id\":\"https:\\\/\\\/velarogverkfaeri.is\\\/lykillausnir\\\/oryggisvorur\\\/product\\\/stubai-klifurbroddar-ice-track-xl-926543\\\/#primaryimage\"},\"thumbnailUrl\":\"https:\\\/\\\/velarogverkfaeri.is\\\/wp-content\\\/uploads\\\/2025\\\/10\\\/9fe140a0-3a77-418c-bc79-1082168f7ba5.jpg\",\"datePublished\":\"2025-09-06T14:41:17+00:00\",\"dateModified\":\"2025-10-31T12:31:13+00:00\",\"breadcrumb\":{\"@id\":\"https:\\\/\\\/velarogverkfaeri.is\\\/lykillausnir\\\/oryggisvorur\\\/product\\\/stubai-klifurbroddar-ice-track-xl-926543\\\/#breadcrumb\"},\"inLanguage\":\"en-US\",\"potentialAction\":[{\"@type\":\"ReadAction\",\"target\":[\"https:\\\/\\\/velarogverkfaeri.is\\\/lykillausnir\\\/oryggisvorur\\\/product\\\/stubai-klifurbroddar-ice-track-xl-926543\\\/\"]}]},{\"@type\":\"ImageObject\",\"inLanguage\":\"en-US\",\"@id\":\"https:\\\/\\\/velarogverkfaeri.is\\\/lykillausnir\\\/oryggisvorur\\\/product\\\/stubai-klifurbroddar-ice-track-xl-926543\\\/#primaryimage\",\"url\":\"https:\\\/\\\/velarogverkfaeri.is\\\/wp-content\\\/uploads\\\/2025\\\/10\\\/9fe140a0-3a77-418c-bc79-1082168f7ba5.jpg\",\"contentUrl\":\"https:\\\/\\\/velarogverkfaeri.is\\\/wp-content\\\/uploads\\\/2025\\\/10\\\/9fe140a0-3a77-418c-bc79-1082168f7ba5.jpg\",\"width\":1772,\"height\":1181},{\"@type\":\"BreadcrumbList\",\"@id\":\"https:\\\/\\\/velarogverkfaeri.is\\\/lykillausnir\\\/oryggisvorur\\\/product\\\/stubai-klifurbroddar-ice-track-xl-926543\\\/#breadcrumb\",\"itemListElement\":[{\"@type\":\"ListItem\",\"position\":1,\"name\":\"Home\",\"item\":\"https:\\\/\\\/velarogverkfaeri.is\\\/\"},{\"@type\":\"ListItem\",\"position\":2,\"name\":\"Vefverslun\",\"item\":\"https:\\\/\\\/velarogverkfaeri.is\\\/vefverslun\\\/\"},{\"@type\":\"ListItem\",\"position\":3,\"name\":\"STUBAI Klifurbroddar ICE TRACK XL 926543\"}]},{\"@type\":\"WebSite\",\"@id\":\"https:\\\/\\\/velarogverkfaeri.is\\\/en\\\/#website\",\"url\":\"https:\\\/\\\/velarogverkfaeri.is\\\/en\\\/\",\"name\":\"V\u00e9lar & Verkf\u00e6ri\",\"description\":\"Umbo\u00f0s- og heildverslun fr\u00e1 \u00e1rinu 1919\",\"publisher\":{\"@id\":\"https:\\\/\\\/velarogverkfaeri.is\\\/en\\\/#organization\"},\"potentialAction\":[{\"@type\":\"SearchAction\",\"target\":{\"@type\":\"EntryPoint\",\"urlTemplate\":\"https:\\\/\\\/velarogverkfaeri.is\\\/en\\\/?s={search_term_string}\"},\"query-input\":{\"@type\":\"PropertyValueSpecification\",\"valueRequired\":true,\"valueName\":\"search_term_string\"}}],\"inLanguage\":\"en-US\"},{\"@type\":\"Organization\",\"@id\":\"https:\\\/\\\/velarogverkfaeri.is\\\/en\\\/#organization\",\"name\":\"V\u00e9lar & Verkf\u00e6ri\",\"url\":\"https:\\\/\\\/velarogverkfaeri.is\\\/en\\\/\",\"logo\":{\"@type\":\"ImageObject\",\"inLanguage\":\"en-US\",\"@id\":\"https:\\\/\\\/velarogverkfaeri.is\\\/en\\\/#\\\/schema\\\/logo\\\/image\\\/\",\"url\":\"https:\\\/\\\/velarogverkfaeri.is\\\/wp-content\\\/uploads\\\/2021\\\/10\\\/vv_logo_350x100.png\",\"contentUrl\":\"https:\\\/\\\/velarogverkfaeri.is\\\/wp-content\\\/uploads\\\/2021\\\/10\\\/vv_logo_350x100.png\",\"width\":350,\"height\":100,\"caption\":\"V\u00e9lar & Verkf\u00e6ri\"},\"image\":{\"@id\":\"https:\\\/\\\/velarogverkfaeri.is\\\/en\\\/#\\\/schema\\\/logo\\\/image\\\/\"},\"sameAs\":[\"https:\\\/\\\/www.facebook.com\\\/VelarOgVerkfaeri\"]}]}<\/script>\n<!-- \/ Yoast SEO plugin. -->","yoast_head_json":{"title":"STUBAI Klifurbroddar ICE TRACK XL 926543 - V\u00e9lar &amp; Verkf\u00e6ri","robots":{"index":"index","follow":"follow","max-snippet":"max-snippet:-1","max-image-preview":"max-image-preview:large","max-video-preview":"max-video-preview:-1"},"canonical":"https:\/\/velarogverkfaeri.is\/en\/lykillausnir\/oryggisvorur\/product\/stubai-klifurbroddar-ice-track-xl-926543\/","og_locale":"en_US","og_type":"article","og_title":"STUBAI Klifurbroddar ICE TRACK XL 926543 - V\u00e9lar &amp; Verkf\u00e6ri","og_description":"Tegund:&nbsp;926543","og_url":"https:\/\/velarogverkfaeri.is\/en\/lykillausnir\/oryggisvorur\/product\/stubai-klifurbroddar-ice-track-xl-926543\/","og_site_name":"V\u00e9lar &amp; Verkf\u00e6ri","article_publisher":"https:\/\/www.facebook.com\/VelarOgVerkfaeri","article_modified_time":"2025-10-31T12:31:13+00:00","twitter_card":"summary_large_image","schema":{"@context":"https:\/\/schema.org","@graph":[{"@type":"WebPage","@id":"https:\/\/velarogverkfaeri.is\/lykillausnir\/oryggisvorur\/product\/stubai-klifurbroddar-ice-track-xl-926543\/","url":"https:\/\/velarogverkfaeri.is\/lykillausnir\/oryggisvorur\/product\/stubai-klifurbroddar-ice-track-xl-926543\/","name":"STUBAI Klifurbroddar ICE TRACK XL 926543 - V\u00e9lar &amp; Verkf\u00e6ri","isPartOf":{"@id":"https:\/\/velarogverkfaeri.is\/en\/#website"},"primaryImageOfPage":{"@id":"https:\/\/velarogverkfaeri.is\/lykillausnir\/oryggisvorur\/product\/stubai-klifurbroddar-ice-track-xl-926543\/#primaryimage"},"image":{"@id":"https:\/\/velarogverkfaeri.is\/lykillausnir\/oryggisvorur\/product\/stubai-klifurbroddar-ice-track-xl-926543\/#primaryimage"},"thumbnailUrl":"https:\/\/velarogverkfaeri.is\/wp-content\/uploads\/2025\/10\/9fe140a0-3a77-418c-bc79-1082168f7ba5.jpg","datePublished":"2025-09-06T14:41:17+00:00","dateModified":"2025-10-31T12:31:13+00:00","breadcrumb":{"@id":"https:\/\/velarogverkfaeri.is\/lykillausnir\/oryggisvorur\/product\/stubai-klifurbroddar-ice-track-xl-926543\/#breadcrumb"},"inLanguage":"en-US","potentialAction":[{"@type":"ReadAction","target":["https:\/\/velarogverkfaeri.is\/lykillausnir\/oryggisvorur\/product\/stubai-klifurbroddar-ice-track-xl-926543\/"]}]},{"@type":"ImageObject","inLanguage":"en-US","@id":"https:\/\/velarogverkfaeri.is\/lykillausnir\/oryggisvorur\/product\/stubai-klifurbroddar-ice-track-xl-926543\/#primaryimage","url":"https:\/\/velarogverkfaeri.is\/wp-content\/uploads\/2025\/10\/9fe140a0-3a77-418c-bc79-1082168f7ba5.jpg","contentUrl":"https:\/\/velarogverkfaeri.is\/wp-content\/uploads\/2025\/10\/9fe140a0-3a77-418c-bc79-1082168f7ba5.jpg","width":1772,"height":1181},{"@type":"BreadcrumbList","@id":"https:\/\/velarogverkfaeri.is\/lykillausnir\/oryggisvorur\/product\/stubai-klifurbroddar-ice-track-xl-926543\/#breadcrumb","itemListElement":[{"@type":"ListItem","position":1,"name":"Home","item":"https:\/\/velarogverkfaeri.is\/"},{"@type":"ListItem","position":2,"name":"Vefverslun","item":"https:\/\/velarogverkfaeri.is\/vefverslun\/"},{"@type":"ListItem","position":3,"name":"STUBAI Klifurbroddar ICE TRACK XL 926543"}]},{"@type":"WebSite","@id":"https:\/\/velarogverkfaeri.is\/en\/#website","url":"https:\/\/velarogverkfaeri.is\/en\/","name":"V\u00e9lar & Verkf\u00e6ri","description":"Umbo\u00f0s- og heildverslun fr\u00e1 \u00e1rinu 1919","publisher":{"@id":"https:\/\/velarogverkfaeri.is\/en\/#organization"},"potentialAction":[{"@type":"SearchAction","target":{"@type":"EntryPoint","urlTemplate":"https:\/\/velarogverkfaeri.is\/en\/?s={search_term_string}"},"query-input":{"@type":"PropertyValueSpecification","valueRequired":true,"valueName":"search_term_string"}}],"inLanguage":"en-US"},{"@type":"Organization","@id":"https:\/\/velarogverkfaeri.is\/en\/#organization","name":"V\u00e9lar & Verkf\u00e6ri","url":"https:\/\/velarogverkfaeri.is\/en\/","logo":{"@type":"ImageObject","inLanguage":"en-US","@id":"https:\/\/velarogverkfaeri.is\/en\/#\/schema\/logo\/image\/","url":"https:\/\/velarogverkfaeri.is\/wp-content\/uploads\/2021\/10\/vv_logo_350x100.png","contentUrl":"https:\/\/velarogverkfaeri.is\/wp-content\/uploads\/2021\/10\/vv_logo_350x100.png","width":350,"height":100,"caption":"V\u00e9lar & Verkf\u00e6ri"},"image":{"@id":"https:\/\/velarogverkfaeri.is\/en\/#\/schema\/logo\/image\/"},"sameAs":["https:\/\/www.facebook.com\/VelarOgVerkfaeri"]}]}},"_links":{"self":[{"href":"https:\/\/velarogverkfaeri.is\/en\/wp-json\/wp\/v2\/product\/75759","targetHints":{"allow":["GET"]}}],"collection":[{"href":"https:\/\/velarogverkfaeri.is\/en\/wp-json\/wp\/v2\/product"}],"about":[{"href":"https:\/\/velarogverkfaeri.is\/en\/wp-json\/wp\/v2\/types\/product"}],"replies":[{"embeddable":true,"href":"https:\/\/velarogverkfaeri.is\/en\/wp-json\/wp\/v2\/comments?post=75759"}],"wp:featuredmedia":[{"embeddable":true,"href":"https:\/\/velarogverkfaeri.is\/en\/wp-json\/wp\/v2\/media\/77249"}],"wp:attachment":[{"href":"https:\/\/velarogverkfaeri.is\/en\/wp-json\/wp\/v2\/media?parent=75759"}],"wp:term":[{"taxonomy":"product_brand","embeddable":true,"href":"https:\/\/velarogverkfaeri.is\/en\/wp-json\/wp\/v2\/product_brand?post=75759"},{"taxonomy":"product_cat","embeddable":true,"href":"https:\/\/velarogverkfaeri.is\/en\/wp-json\/wp\/v2\/product_cat?post=75759"},{"taxonomy":"product_tag","embeddable":true,"href":"https:\/\/velarogverkfaeri.is\/en\/wp-json\/wp\/v2\/product_tag?post=75759"}],"curies":[{"name":"wp","href":"https:\/\/api.w.org\/{rel}","templated":true}]}}