{"id":75758,"date":"2025-09-06T14:26:18","date_gmt":"2025-09-06T14:26:18","guid":{"rendered":"https:\/\/velarogverkfaeri.is\/?post_type=product&#038;p=75758"},"modified":"2025-11-14T14:04:12","modified_gmt":"2025-11-14T14:04:12","slug":"stubai-klifurbroddar-mount-track-crampons-xlarge-926533","status":"publish","type":"product","link":"https:\/\/velarogverkfaeri.is\/en\/lykillausnir\/utivistarvorur\/ymislegt\/product\/stubai-klifurbroddar-mount-track-crampons-xlarge-926533\/","title":{"rendered":"STUBAI Klifurbroddar mount track crampons XLarge 926533"},"content":{"rendered":"<p><img decoding=\"async\" src=\"data:image\/png;base64,iVBORw0KGgoAAAANSUhEUgAABHQAAAA2CAYAAACm087CAAAAAXNSR0IArs4c6QAAAARnQU1BAACxjwv8YQUAAAAJcEhZcwAADsMAAA7DAcdvqGQAAAshSURBVHhe7d29btzGFgDg8X2CdRd1SRWvgBRxF3eWOwMpLvIEtoTbO3IZ3OIipRX3geQ8QaoA7qR0TmcXAayocjqlk95Al0POcLm73F9Ju6L0fcDYEvdPFoczh4dn6HsnJycXAQAAAIDOKBM6X375ZfoW5lf0naDvALAK5hxYP8cho\/SJu8u+X7+4D\/6VvgYAAACgIyR0AAAAADpGQgcAAACgYyR0AAAAADpGQgcAAACgYyR0AAAAADpGQgcAAACgYyR0AAAAADpGQgcAAACgYyR0AAAAADpGQgcAAACgYyR0AAAAADpGQgcAAACgYyR0AAAAADpGQgcAAACgYyR0AAAAADpGQgcAAACgYyR0AAAAADpGQgcAAACgYyR0AAAAADrm8gmdNx\/DxcVFuDg7DLtp09rkn6VoZ0fDP83+cft21mv36KzeZ0PteD8945JeHIaz8j0\/hit6x0vYDx\/Ln+UsHL5ImwBYmXrOuao55opc58+V45\/YPr5JG9fCHMhuODyr+uJQPF7HasN9dKHjYpl470bFiJQa53K5zX\/uZozpprzfmm1wTDqHn+16KnTywbjGgKn3eNvg3GUPtos+1OUBOQ9OggQAGlYYI8UT4u0H6ZuJrmO+MgfSZi98+qf6qrfRr74o7H77MPTS1\/1vco\/ZDU+\/rrYe\/7FT\/r0e+vJqpGTfs0G\/4C6Ix9d2sNcv51oSOrufb6Sv1qkftm\/YFTim+Osg3Lt3r2q\/HKeNvbD1n0vuw9dPwv3yfTfDSsOBF1+E8aNgJ2yWP8v98OR12gTAnbLKGKm\/UZ0Qn\/\/+spxfN5+X3w5rna8u6Trek1th548U4332RarsHyRuSvX2fqi673k4\/bPcMN11xXv68krsHv0QtlI3OP4lnQ\/E9v1ROK02cxu9eZSSOcfhIO\/zoh38VW4s7fSrbfe39tIWRl15QieWRb16nI7I0SqLkTK6ZulUs6yy\/jq\/tvm6eZI058fh+Lz4u\/j86eXFg9LP3JRz3QDPN8PL3+MOLDx41Lgikq+SpNZc5tco161aupLSWk7bfJ9ie+5f9fvlx2P\/G3lu+XhhpC\/HVve1+NhPW+lqUz9sF49V\/ar5vuWDhRl9sPnzN\/+NN2GJI8BtMyVOaZZ9T17GNH1+mRojJYMYaPYSqeZzm5+T55ZcndN7\/Kp4fPyzJs9XUfPf0nzvZNLvaup7Zo33Np\/dLX+ehjLC6z0MT8v+mBI3OXbP23Mi5fx9eFtfBBuNmRpxWVu8NxI37TfONcY0n5sfn6svc3n7YTuNizH5PJR4fv0kbDZO5CePeZNNfU1Lv6mfn\/tB4zmH6bFZYzOL6ofvGsfWTn+QmB1actU8TputsU9H9\/dd2Fcruyly+csdKaOLAcbYL7kIcOpgJ1Zo\/PcsnDVf9+C78YBkzGk4+N9ROWH0nzUG9iExmHhVZ4Oz+DMZrNdv77f31YRfTOdflBN7PIBHSvJ6W+FVOdgW+7KecGeJ+735PsUEPbG8s+h\/Pw0\/Nw82bVdY+89aguWpFumDxc\/Z\/DcW\/\/ZtkwnAlZk3TonbmsuY+v\/OgeQi88sEQzFQnFcmxTDFpzWTQ1mcF68iQTJ1zl0gpms1MrcW7\/uDuOvueP02vK8yOmHjq+KvN9UV+vMPB+FduRwrbf9qo4p5\/vkUqtP5tpipOMYm9ffYh0fjptHjpTYSY828IMyVqqugzsP73yZXYSwz5l3tONkPWxP7EEt5fhCOqhO+cg6JCZilzsPTONG2vxc\/P+ueK0\/oxLKourqiXEYTl5c01sHmMrq0rGawVjY5PwovG4\/H0fX99\/E1B6Hakgb6WV4\/Cb+W5VrDGb9amkCGSrzSZ7r\/zs1Tr6+ul2al\/jBUwVNl9qvHJ5Tctuz3ZlnfqNxf83Pymu+9rfvpc2J7mQaj1Defb5YlotVRUH1Oa5ngQn3wPByVx0H+rBA2Pl9iwAOgxQJxSp6H6jhloxrL55hf2mOk6ttSjoHqOSRd1BizHx6lpNJgeUKaF+OJ65u98OT+4POrubFlue+E+Wr6nDvjdzXHHDhpbuUuGNxHJ8Yx+QLZ6d979XKs5vb6\/jn5+MrHSI6H6kqfYXUfHn1+qwkx1rzxHCswa8wrHxqxzGumy+\/TunyVJVRzVT0vFsrEzqSEW720svGaeIz34ziR93c+nvNzeuHht7f7nGlFFTp5HWzx1bNUAjXpqlXOxOeSzHAaPpUByHE4Hezruez0q4O29\/iH8N1n1basrrD4693gxL\/+TNZtcIO8av\/n+wBUJeqxDzWvHO6Eg3RQ5+zupIGgbb\/X67nHDNZtH+fOl9Z2D5fzjVfZzGOxPpiPg\/YbCgJwGfPHKeenac6ox+sq6bLY\/DJBjoFef5p+34j6ivZxeFefWCweJ00yfc5dIKZr1TK3cqfk46K38TQlB1M\/TsdU7+vtsF1uH\/SV+viK1RVzxF71\/aM+vK2OqeLPtx8m9bfxGIsVqse7KSfey4x5Vz5ONt+Hq1RfKK8vlMxIuL35WFXixGTO\/SfVMV7v71gFWs1NY9VZt9TKllxlgwxpamVG7brshM2yY\/RCb2R\/7v2dQqVmhUcu72S98kFaOP\/9YJDsiOqrhblVlTj1QJCvpBQDwdQS7sZ+3\/9m0cRIWutbX\/VJ2f4F6YMAN8+l45RLzS9zqk+A+uFRHfQOEi1XZsKcm602puPWyMnQzx6Gh7HP5iRoXo7V64d+3D50\/5ykjr1ym\/4fTfS+fpou8I3cfJkbZCe8y9V6o0s3XxyGjzGeX2bMW+g1uRpSP1mp4pxvaInV83ezz6niva3iRYRmMmfIoEInt9teWXe9CZ3yyk5ctzaooKiv5pRt8trwK\/N8s31JTd1h+uVNzppXmMaSCFy\/+irgYD\/EA\/XHdADu\/JwSNc3nFa0a9OO66rStsQY6lu+OGtybZ7DfZ\/+XrhPUV4lG7jMwpPqc1vWg+iDAeozNJZePUxaeX+oYKX2\/kMEJ0ODnTXNRMXceLHUVeTBfTZ9zF\/ldTZkDubvqxE2vjNnqqreRCplBdU28cPdrFTPVsVfVJvWtujpuzoqe2fTl65RXVURD40oR11dVF8uMeXO8plEdVFV1vAoP00jOatSrK5r7p+gNrdVQOZkTNceCuDKjvt3KoEKnfqx8we11LQmdetBtiBUUzfVxq9QcJAbifyE9vp42Xm2yPnb9yvX+zaxrXDNZr2Oebewu+Vl8n1zOF8UBfeF+OQhmo+NfWtZl14PKNPogwE1x6ThlzvmlLUZaxtD9eLJYUdN6xXKKtvlqxpw783c11xzI3dVM3AzfCLe5THH4wlyMmRaoiH7e+B9To+LYaL3AO4u+vCJx\/7bf1zL3g2XGvNmvyas5kuKxHz+kr7l+rbeaiPerar8Xar30coK4v5c6zrvu5OTkovhL0xZut6Pv7F98vEiO91se1zRN025C696cY37Rbl\/rbOz34vDiLB2OZ0e77c\/RlmrOJe9us+\/X3+I+WPk9dGC9dsPhWaMMry7tOw9HP1vkBMCyzC9wczSW48dWL8k\/Dr+qggZuEQkdOI832Jt+Uz0AWJj5BW6OuNRmwlIOgK6S0OGO2QtP7g\/f+Xzh+w0AwBjzC9wc1T1Zho5H\/wsbcAtJ6AAAAAB0jIQOAAAAQMdI6AAAAAB0jIQOAAAAQMdI6AAAAAB0jIQOAAAAQMdI6AAAAAB0jIQOAAAAQMdI6AAAAAB0jIQOAAAAQMdI6AAAAAB0jIQOAAAAQMdI6AAAAAB0jIQOAAAAQMdI6AAAAAB0jIQOAAAAQMdI6AAAAAB0zL2Tk5OL9DUAAAAAN14I\/wcSLARE0eghzgAAAABJRU5ErkJggg==\" alt=\"\"><\/p>\n<p><img decoding=\"async\" src=\"data:image\/png;base64,iVBORw0KGgoAAAANSUhEUgAABHIAAAA1CAYAAAAtWcwrAAAAAXNSR0IArs4c6QAAAARnQU1BAACxjwv8YQUAAAAJcEhZcwAADsMAAA7DAcdvqGQAAA25SURBVHhe7d0\/TxvJG8Dx535daNza1aUL0jWYJnTQRaGJeAMEXRUhRZSBvIDAlSgSojoR3kCUBpQu6UiDaU4yHVfZrRva+80zM7s7s\/+wgRhv+H5Oq7NZ27vx7s7OPPPM+LcnT578J8CELi4uZGFhwT8DAODn4Z4DPDyuQ+RxTjxeHPuH9z\/\/fwAAAAAAAMw4AjkAAAAAAAANQSAHAAAAAACgIQjkAAAAAAAANASBHAAAAAAAgIYgkAMAAAAAANAQBHIAAAAAAAAagkAOAAAAAABAQxDIAQAAAAAAaAgCOQAAAAAAAA1BIAcAAAAAAKAhCOQAAAAAAAA0BIEcAAAAAACAhiCQAwAAAAAA0BAEcgAAAAAAABqCQA4AAAAAAEBDEMgBAAAAAABoCAI5AAAAAAAADUEgBwAAAAAAoCEI5AAAAAAAADTEnQM5W6cDub6+dsvgRLb8350DOU\/W6dI78H8Pxa85P\/R\/NqLPtsu5eXUi99n5bb89kUG4vnTbeFCH5\/bYhMc85o9x4djljr1ZBqfxmWfOHjkZlH\/2QS98vXtdfG559hzyf8+fT8FS3LbbRtlr0+2UfV7lOer3se4c9t9ltgT\/Hl2Xuz7c\/pX8m3HvbDlG+QPMFC0D8\/eHfJ2j+t5UTt9fdj9Q0T2B8gCPWH3dPqmT+aXQrsi9v2Q9Hqmwzo5msG2XgZy89c89e79Mrm2Oa607BXK0MN1d6MnO3JzMmWXnoiu7QQVl63RJhu\/curm5HfnW3ogrOfbgbIgcJ6+Zk8U3fp3xrN2S0feddN3c3KJs+nVyuBS8z3y2rMh28Nlbq23ppds+kv6zjYkrZZiC0Ug6r8pvxFunazLvH6f8OdOJzosd6S3s3uGGPjK7MS9rFRVw6+OqdJLtHffNW76l533n5b5\/UWazm+3bt5FIPz1Xg3NY+nLkPyM5R0sbAYevZWXYN+uXSgsyW+CtS\/BZZjkWWao43\/W63Wjr\/of7AgCPgA+ibzzzz1Nb8qKd1We0nJ9fH7fy6DoXdpdb\/nnINUw35Cgrn7uUvHi86uv2r6X9Jfn7nBwNV6J2hTb8dpcHaX2nsB5Ac7xZlKPLlqz8GVzD5h699sy0jzqrUmxdIe8OgRxT6VloSf9L9kXvv\/xsGptraWRt\/+WirH50j80zWf3Sl9bCi7SxffDniogpzMPgTd7g34rDaA5+9r59+XoxklY7q5nF296Us0uRzu+3a+bjJ2t15UUuGqsV49fLIv3LkX+uTIX4vTtn4uCJObc6Lpj3+lbBupYMLr6JLG8XosLTsymfvsfncOLg+bz0fyyac7gYbKoMykTXRyCpBFFAAnhsNIjzV1d671yAPWbuI92gXHxzJn3pyNMb7wkaxHEdUkemnlGggXhzd9oheAOkxqvbm5rR399kFHRiaX1o9P1TWt\/JrwfQLJvdMNkiaedl1zjq3fMcOZcyHLWk\/Yd\/mrP1e0dkeOUrSgey9Kwvn0uyGZwtedr2D2\/kGv3f\/q447D66V70tPJyefP4ucTRWHS7J\/OVn+TT0z9XbF9JtVR1HF8ybf37L2\/m\/q7Kn+\/H+tlk9P4u7Ts5MxWbzRxwI1WskH0ytpY0Ym7kzYSaO78FOUpmTrCGb3tw78WnQSWpkzZBHP8TrIE2L9u+xqZX+9VHPmuvJPj+MU60LmXXh+wufoftjtnMY\/hvG7WX32z\/1703\/LfH+FIZJRPtzLi\/8nwE8MJtZ2Qk6earZjFBzD7r5tZuyOBdnE4dsIH7cMjot84Jy1JYvYZkTp6G7cvggGLrlyjf7d\/8ZVcO9gOmbpG5v\/NGW1mhoWhdK60Mj6Z0EV9PHr9IbzVdmIMfXTnJtFYdy4GGV1yfjcqxYd4vrm+er\/s9oGNeRPa+jM3zHxx7t9bHdIZDjG87hsBg9AGWZxZYGW0yj84dvQr59Kh1TOEt4kZYMjZlfTy7SYsGbVVyW5KxQOQsK7\/ciewwjmVmXuUwue+xeaRZK7ohFN\/Si\/X8HIu2nhXNoXPsv9wpD9Kbm7YlslwUjbUDrzJ272kMcZS89k3ZrJMN\/\/NNaXdm2PdG3COLY9yWpzkfS86usZ12RD\/p3f\/1FQx6PzP7msqTM8zXZs+t3NHD2l7k+n5+517\/TnrXwPHDm17f9NtxrOutBWaBBk\/WOfKsbwiktWXmlZYBfbyp9G\/ngS435Bf9em8Wk5cqudC+StHC3vTS4ZPcnGOb2bijd0uEWAGZOELTe1nLqzlk02mg1ZbSEgeSbG5Hz61qn0TLE9VReX2dlYCENXZnXLP1I1pvyLdl\/\/YzjvrSWX+caQMDDqqvbZ1xdcHTxdcxAaF7+fj0nZ883ikP2MRty9UkN4kTTd3zvBHU3DeKEU3PsyHBhxdT20ERJ+2tX6\/MfGDEwiTtl5Oy\/7LjxqUkF5fmwJF1ZuQtO5zWJeq2CRp0u8VhXHS6TXKBmOR6YRl9c4GfzkJzJktl+3HgL3v9BZNusZ46cWaVD31rSXfXHz0dkP1X0cP485pz5oEOsplXpdRXuLNhYEoyMAlq572kSencbTf5eN\/xxL9ivTVkNI+X5HusoLbpkSOMoi7Tvn\/R0dqIseGV71ooZff3j4Hv5uCqfg+\/ApVmH+2eOYW4Ip86BlN0Y3PpJAn5Rb3ohK8x9XpIJlk\/71v3d+15aKAKYNcFcaHuybcrm+5hgMQwkm8XWZeo\/t3+cBNxdGRqWs5qZWSi\/Lo\/Scteul6CMGnuIGDANQd08vR7KgjkuCLMyPCqdh3AsJVncdhiHf4wZE9Unq6bv8MPotJPT1CezdoKrv1PbarrqUT0od+ehVVkwxSzdq2KGgB1msGYnPS4WxrkCtm6sq58QqbwhuimL72oa4Fo504kLKybVxcPTY58cP9sYLuuB+Wcoo1ZbirPIOPHQvXqV47NtoGCyjI3bSyY7dvP7FDKBbCUk7LlyE3Rmvav1Qxkjo57sdY5ksLw7QZq9S4Gu\/K5KaeUr3t9KH69kYP67CgNBY7gcJrfqiv274Ty5E80KCwNwuqzP+4bVbb4vALPIdlSF85LlhpgWhlTWiILBbz7ZrMDqoSAxLe9Gw6o81BJa\/tVkrgIzpaxub6+1XTfp8VhZcRWZyTdkcWOWacZ5XP+9vtZsKheUnqS+j9m3dbptg7b2RwZoq0\/kfufIsRHSnnxNGmYaxHk1lJ2yMem2ETc5Gkm\/KB9AWTqtmc+odiy0j96n2Sv7cjUsm+D65vHZ6cRbUxtv63oS8pMtb612pXUZ\/NJJEvRJv4NJ5wVKAp67Y2anVX2HVVwPWvSLEz+hBqW\/eOHU7N\/PqrzZRlL2i2XpYoddle9Ptr8AGivI1rHLWA1MVyYAqJfW7e1w7rZ8NtdYcd6pks4r2+FV0yGU79TRaR38Q8wyPdajYNh8srj2ZOlUCrajDY1jrvl0agnt6HioKS4a6h4DOQdyvh5O6ueHhVRO8qcpw3Hmgw7jaCXzgZjPOwkP5OG5bPhJX9VBL0xNNtt6H77XPO+FET23b7cfZ4tp0JTw+eW62cpdwKOznh8m5wIIGs0Nb\/x2cuB8cESjvjcO29qURY0Km32Z2k3BNBLiyZbzgalEHLxxqaYbxfmlzPVSGqxJstOCeWZ0rqmqLJ3id5i7LiP5OXt0YkL\/8A7iebhcOZAE+or758oCGfdatz1\/Ewyf0GBizU1Ge8+j+SjM56+F38Gk2wMwHebaPC\/UOXITq96Cva+FP2Nu5xLM6jLA43JD3d4O566pA+pQ5uB6itsNOXZYYfxrn\/b1\/jFmmdZ1a36AxGZeh3MwujYnmsbX2dMpEso7tlHtboEcUwCHKW9yXIygx2lxumQNSB2WdSQ6kZ9bt2Gehb1c7eXd7H25X9u5HHaC4Q2uEZ+9d1+uTGMrnbvHz89z63G2mA6bcn5Dxdn2ih6JROeVn8wu30P6ZtGPv85eaydOG+ent226r388JelkXxrcrKns27ll0kmB3S+mRHNV6fJqWB2sMv+2ZKJh\/UUonYyz8jsvfIcb0q7MitOZ5\/0Exva1S9qpcmd9czPXOa7sZ9qJjYMJmwv7586Fsa917cGpqgSWMjcZP0TNbc8tSdBMh2PYCfmSde9FPodz5Ey8PQBT8fHKZium17Uta0qyiSdlyyjJyoTb\/HIg8Aupq9urVu7+qkvaMWXrL9k9Nt9uiGVZyMnnLP1gjpymKMzDqkvS+a9tAfvjF8m6bZEvzJHTNAc90343LZ\/oV6rMsdW5MOMgXm5KAzpEU789efLkP\/8YGNvFxYUsLCz4Z2gszRD580o6Yw0TmDaXaaVDtYop1vfjoDeQp3\/fQ2NtTNPeHvCr4J4DPLzGX4da57FDtwim3hfK5seLY\/\/w7neOHADNor0aMxnEmY7N7nSDKtPeHgAAUG4YB1mxAH4VBHIAAAAA\/EI0qzccjpGfhgEAmo1ADoAZpfPR\/LxhVQAA4Ffl6hDRrx4RxAHwCyGQAwAAAAAA0BAEcgAAAAAAABqCQA4AAAAAAEBDEMgBAAAAAABoCAI5AAAAAAAADUEgBwAAAAAAoCEI5AAAAAAAADQEgRwAAAAAAICGIJADAAAAAADQEARyAAAAAAAAGoJADgAAAAAAQEMQyAEAAAAAAGgIAjkAAAAAAAANQSAHAAAAAACgIQjkAAAAAAAANASBHAAAAAAAgIYgkAMAAAAAANAQv11eXv7nHwMAAAAAAGBmifwffh419L17d0IAAAAASUVORK5CYII=\" alt=\"\"><\/p>","protected":false},"excerpt":{"rendered":"<p>Tegund:&nbsp;926533A<\/p>","protected":false},"featured_media":77847,"comment_status":"closed","ping_status":"closed","template":"","meta":[],"product_brand":[],"product_cat":[517,601,821],"product_tag":[],"class_list":{"0":"post-75758","1":"product","2":"type-product","3":"status-publish","4":"has-post-thumbnail","6":"product_cat-lykillausnir","7":"product_cat-utivistarvorur","8":"product_cat-ymislegt","10":"first","11":"instock","12":"taxable","13":"shipping-taxable","14":"purchasable","15":"product-type-simple"},"yoast_head":"<!-- This site is optimized with the Yoast SEO plugin v27.3 - https:\/\/yoast.com\/product\/yoast-seo-wordpress\/ -->\n<title>STUBAI Klifurbroddar mount track crampons XLarge 926533 - V\u00e9lar &amp; Verkf\u00e6ri<\/title>\n<meta name=\"robots\" content=\"index, follow, max-snippet:-1, max-image-preview:large, max-video-preview:-1\" \/>\n<link rel=\"canonical\" href=\"https:\/\/velarogverkfaeri.is\/en\/lykillausnir\/oryggisvorur\/product\/stubai-klifurbroddar-mount-track-crampons-xlarge-926533\/\" \/>\n<meta property=\"og:locale\" content=\"en_US\" \/>\n<meta property=\"og:type\" content=\"article\" \/>\n<meta property=\"og:title\" content=\"STUBAI Klifurbroddar mount track crampons XLarge 926533 - V\u00e9lar &amp; Verkf\u00e6ri\" \/>\n<meta property=\"og:description\" content=\"Tegund:&nbsp;926533A\" \/>\n<meta property=\"og:url\" content=\"https:\/\/velarogverkfaeri.is\/en\/lykillausnir\/oryggisvorur\/product\/stubai-klifurbroddar-mount-track-crampons-xlarge-926533\/\" \/>\n<meta property=\"og:site_name\" content=\"V\u00e9lar &amp; Verkf\u00e6ri\" \/>\n<meta property=\"article:publisher\" content=\"https:\/\/www.facebook.com\/VelarOgVerkfaeri\" \/>\n<meta property=\"article:modified_time\" content=\"2025-11-14T14:04:12+00:00\" \/>\n<meta name=\"twitter:card\" content=\"summary_large_image\" \/>\n<script type=\"application\/ld+json\" class=\"yoast-schema-graph\">{\"@context\":\"https:\\\/\\\/schema.org\",\"@graph\":[{\"@type\":\"WebPage\",\"@id\":\"https:\\\/\\\/velarogverkfaeri.is\\\/lykillausnir\\\/oryggisvorur\\\/product\\\/stubai-klifurbroddar-mount-track-crampons-xlarge-926533\\\/\",\"url\":\"https:\\\/\\\/velarogverkfaeri.is\\\/lykillausnir\\\/oryggisvorur\\\/product\\\/stubai-klifurbroddar-mount-track-crampons-xlarge-926533\\\/\",\"name\":\"STUBAI Klifurbroddar mount track crampons XLarge 926533 - V\u00e9lar &amp; Verkf\u00e6ri\",\"isPartOf\":{\"@id\":\"https:\\\/\\\/velarogverkfaeri.is\\\/en\\\/#website\"},\"primaryImageOfPage\":{\"@id\":\"https:\\\/\\\/velarogverkfaeri.is\\\/lykillausnir\\\/oryggisvorur\\\/product\\\/stubai-klifurbroddar-mount-track-crampons-xlarge-926533\\\/#primaryimage\"},\"image\":{\"@id\":\"https:\\\/\\\/velarogverkfaeri.is\\\/lykillausnir\\\/oryggisvorur\\\/product\\\/stubai-klifurbroddar-mount-track-crampons-xlarge-926533\\\/#primaryimage\"},\"thumbnailUrl\":\"https:\\\/\\\/velarogverkfaeri.is\\\/wp-content\\\/uploads\\\/2025\\\/11\\\/66d3aee0-e506-4b8f-9da1-63710829e19b.jpg\",\"datePublished\":\"2025-09-06T14:26:18+00:00\",\"dateModified\":\"2025-11-14T14:04:12+00:00\",\"breadcrumb\":{\"@id\":\"https:\\\/\\\/velarogverkfaeri.is\\\/lykillausnir\\\/oryggisvorur\\\/product\\\/stubai-klifurbroddar-mount-track-crampons-xlarge-926533\\\/#breadcrumb\"},\"inLanguage\":\"en-US\",\"potentialAction\":[{\"@type\":\"ReadAction\",\"target\":[\"https:\\\/\\\/velarogverkfaeri.is\\\/lykillausnir\\\/oryggisvorur\\\/product\\\/stubai-klifurbroddar-mount-track-crampons-xlarge-926533\\\/\"]}]},{\"@type\":\"ImageObject\",\"inLanguage\":\"en-US\",\"@id\":\"https:\\\/\\\/velarogverkfaeri.is\\\/lykillausnir\\\/oryggisvorur\\\/product\\\/stubai-klifurbroddar-mount-track-crampons-xlarge-926533\\\/#primaryimage\",\"url\":\"https:\\\/\\\/velarogverkfaeri.is\\\/wp-content\\\/uploads\\\/2025\\\/11\\\/66d3aee0-e506-4b8f-9da1-63710829e19b.jpg\",\"contentUrl\":\"https:\\\/\\\/velarogverkfaeri.is\\\/wp-content\\\/uploads\\\/2025\\\/11\\\/66d3aee0-e506-4b8f-9da1-63710829e19b.jpg\",\"width\":1772,\"height\":1181},{\"@type\":\"BreadcrumbList\",\"@id\":\"https:\\\/\\\/velarogverkfaeri.is\\\/lykillausnir\\\/oryggisvorur\\\/product\\\/stubai-klifurbroddar-mount-track-crampons-xlarge-926533\\\/#breadcrumb\",\"itemListElement\":[{\"@type\":\"ListItem\",\"position\":1,\"name\":\"Home\",\"item\":\"https:\\\/\\\/velarogverkfaeri.is\\\/\"},{\"@type\":\"ListItem\",\"position\":2,\"name\":\"Vefverslun\",\"item\":\"https:\\\/\\\/velarogverkfaeri.is\\\/vefverslun\\\/\"},{\"@type\":\"ListItem\",\"position\":3,\"name\":\"STUBAI Klifurbroddar mount track crampons XLarge 926533\"}]},{\"@type\":\"WebSite\",\"@id\":\"https:\\\/\\\/velarogverkfaeri.is\\\/en\\\/#website\",\"url\":\"https:\\\/\\\/velarogverkfaeri.is\\\/en\\\/\",\"name\":\"V\u00e9lar & Verkf\u00e6ri\",\"description\":\"Umbo\u00f0s- og heildverslun fr\u00e1 \u00e1rinu 1919\",\"publisher\":{\"@id\":\"https:\\\/\\\/velarogverkfaeri.is\\\/en\\\/#organization\"},\"potentialAction\":[{\"@type\":\"SearchAction\",\"target\":{\"@type\":\"EntryPoint\",\"urlTemplate\":\"https:\\\/\\\/velarogverkfaeri.is\\\/en\\\/?s={search_term_string}\"},\"query-input\":{\"@type\":\"PropertyValueSpecification\",\"valueRequired\":true,\"valueName\":\"search_term_string\"}}],\"inLanguage\":\"en-US\"},{\"@type\":\"Organization\",\"@id\":\"https:\\\/\\\/velarogverkfaeri.is\\\/en\\\/#organization\",\"name\":\"V\u00e9lar & Verkf\u00e6ri\",\"url\":\"https:\\\/\\\/velarogverkfaeri.is\\\/en\\\/\",\"logo\":{\"@type\":\"ImageObject\",\"inLanguage\":\"en-US\",\"@id\":\"https:\\\/\\\/velarogverkfaeri.is\\\/en\\\/#\\\/schema\\\/logo\\\/image\\\/\",\"url\":\"https:\\\/\\\/velarogverkfaeri.is\\\/wp-content\\\/uploads\\\/2021\\\/10\\\/vv_logo_350x100.png\",\"contentUrl\":\"https:\\\/\\\/velarogverkfaeri.is\\\/wp-content\\\/uploads\\\/2021\\\/10\\\/vv_logo_350x100.png\",\"width\":350,\"height\":100,\"caption\":\"V\u00e9lar & Verkf\u00e6ri\"},\"image\":{\"@id\":\"https:\\\/\\\/velarogverkfaeri.is\\\/en\\\/#\\\/schema\\\/logo\\\/image\\\/\"},\"sameAs\":[\"https:\\\/\\\/www.facebook.com\\\/VelarOgVerkfaeri\"]}]}<\/script>\n<!-- \/ Yoast SEO plugin. -->","yoast_head_json":{"title":"STUBAI Klifurbroddar mount track crampons XLarge 926533 - V\u00e9lar &amp; Verkf\u00e6ri","robots":{"index":"index","follow":"follow","max-snippet":"max-snippet:-1","max-image-preview":"max-image-preview:large","max-video-preview":"max-video-preview:-1"},"canonical":"https:\/\/velarogverkfaeri.is\/en\/lykillausnir\/oryggisvorur\/product\/stubai-klifurbroddar-mount-track-crampons-xlarge-926533\/","og_locale":"en_US","og_type":"article","og_title":"STUBAI Klifurbroddar mount track crampons XLarge 926533 - V\u00e9lar &amp; Verkf\u00e6ri","og_description":"Tegund:&nbsp;926533A","og_url":"https:\/\/velarogverkfaeri.is\/en\/lykillausnir\/oryggisvorur\/product\/stubai-klifurbroddar-mount-track-crampons-xlarge-926533\/","og_site_name":"V\u00e9lar &amp; Verkf\u00e6ri","article_publisher":"https:\/\/www.facebook.com\/VelarOgVerkfaeri","article_modified_time":"2025-11-14T14:04:12+00:00","twitter_card":"summary_large_image","schema":{"@context":"https:\/\/schema.org","@graph":[{"@type":"WebPage","@id":"https:\/\/velarogverkfaeri.is\/lykillausnir\/oryggisvorur\/product\/stubai-klifurbroddar-mount-track-crampons-xlarge-926533\/","url":"https:\/\/velarogverkfaeri.is\/lykillausnir\/oryggisvorur\/product\/stubai-klifurbroddar-mount-track-crampons-xlarge-926533\/","name":"STUBAI Klifurbroddar mount track crampons XLarge 926533 - V\u00e9lar &amp; Verkf\u00e6ri","isPartOf":{"@id":"https:\/\/velarogverkfaeri.is\/en\/#website"},"primaryImageOfPage":{"@id":"https:\/\/velarogverkfaeri.is\/lykillausnir\/oryggisvorur\/product\/stubai-klifurbroddar-mount-track-crampons-xlarge-926533\/#primaryimage"},"image":{"@id":"https:\/\/velarogverkfaeri.is\/lykillausnir\/oryggisvorur\/product\/stubai-klifurbroddar-mount-track-crampons-xlarge-926533\/#primaryimage"},"thumbnailUrl":"https:\/\/velarogverkfaeri.is\/wp-content\/uploads\/2025\/11\/66d3aee0-e506-4b8f-9da1-63710829e19b.jpg","datePublished":"2025-09-06T14:26:18+00:00","dateModified":"2025-11-14T14:04:12+00:00","breadcrumb":{"@id":"https:\/\/velarogverkfaeri.is\/lykillausnir\/oryggisvorur\/product\/stubai-klifurbroddar-mount-track-crampons-xlarge-926533\/#breadcrumb"},"inLanguage":"en-US","potentialAction":[{"@type":"ReadAction","target":["https:\/\/velarogverkfaeri.is\/lykillausnir\/oryggisvorur\/product\/stubai-klifurbroddar-mount-track-crampons-xlarge-926533\/"]}]},{"@type":"ImageObject","inLanguage":"en-US","@id":"https:\/\/velarogverkfaeri.is\/lykillausnir\/oryggisvorur\/product\/stubai-klifurbroddar-mount-track-crampons-xlarge-926533\/#primaryimage","url":"https:\/\/velarogverkfaeri.is\/wp-content\/uploads\/2025\/11\/66d3aee0-e506-4b8f-9da1-63710829e19b.jpg","contentUrl":"https:\/\/velarogverkfaeri.is\/wp-content\/uploads\/2025\/11\/66d3aee0-e506-4b8f-9da1-63710829e19b.jpg","width":1772,"height":1181},{"@type":"BreadcrumbList","@id":"https:\/\/velarogverkfaeri.is\/lykillausnir\/oryggisvorur\/product\/stubai-klifurbroddar-mount-track-crampons-xlarge-926533\/#breadcrumb","itemListElement":[{"@type":"ListItem","position":1,"name":"Home","item":"https:\/\/velarogverkfaeri.is\/"},{"@type":"ListItem","position":2,"name":"Vefverslun","item":"https:\/\/velarogverkfaeri.is\/vefverslun\/"},{"@type":"ListItem","position":3,"name":"STUBAI Klifurbroddar mount track crampons XLarge 926533"}]},{"@type":"WebSite","@id":"https:\/\/velarogverkfaeri.is\/en\/#website","url":"https:\/\/velarogverkfaeri.is\/en\/","name":"V\u00e9lar & Verkf\u00e6ri","description":"Umbo\u00f0s- og heildverslun fr\u00e1 \u00e1rinu 1919","publisher":{"@id":"https:\/\/velarogverkfaeri.is\/en\/#organization"},"potentialAction":[{"@type":"SearchAction","target":{"@type":"EntryPoint","urlTemplate":"https:\/\/velarogverkfaeri.is\/en\/?s={search_term_string}"},"query-input":{"@type":"PropertyValueSpecification","valueRequired":true,"valueName":"search_term_string"}}],"inLanguage":"en-US"},{"@type":"Organization","@id":"https:\/\/velarogverkfaeri.is\/en\/#organization","name":"V\u00e9lar & Verkf\u00e6ri","url":"https:\/\/velarogverkfaeri.is\/en\/","logo":{"@type":"ImageObject","inLanguage":"en-US","@id":"https:\/\/velarogverkfaeri.is\/en\/#\/schema\/logo\/image\/","url":"https:\/\/velarogverkfaeri.is\/wp-content\/uploads\/2021\/10\/vv_logo_350x100.png","contentUrl":"https:\/\/velarogverkfaeri.is\/wp-content\/uploads\/2021\/10\/vv_logo_350x100.png","width":350,"height":100,"caption":"V\u00e9lar & Verkf\u00e6ri"},"image":{"@id":"https:\/\/velarogverkfaeri.is\/en\/#\/schema\/logo\/image\/"},"sameAs":["https:\/\/www.facebook.com\/VelarOgVerkfaeri"]}]}},"_links":{"self":[{"href":"https:\/\/velarogverkfaeri.is\/en\/wp-json\/wp\/v2\/product\/75758","targetHints":{"allow":["GET"]}}],"collection":[{"href":"https:\/\/velarogverkfaeri.is\/en\/wp-json\/wp\/v2\/product"}],"about":[{"href":"https:\/\/velarogverkfaeri.is\/en\/wp-json\/wp\/v2\/types\/product"}],"replies":[{"embeddable":true,"href":"https:\/\/velarogverkfaeri.is\/en\/wp-json\/wp\/v2\/comments?post=75758"}],"wp:featuredmedia":[{"embeddable":true,"href":"https:\/\/velarogverkfaeri.is\/en\/wp-json\/wp\/v2\/media\/77847"}],"wp:attachment":[{"href":"https:\/\/velarogverkfaeri.is\/en\/wp-json\/wp\/v2\/media?parent=75758"}],"wp:term":[{"taxonomy":"product_brand","embeddable":true,"href":"https:\/\/velarogverkfaeri.is\/en\/wp-json\/wp\/v2\/product_brand?post=75758"},{"taxonomy":"product_cat","embeddable":true,"href":"https:\/\/velarogverkfaeri.is\/en\/wp-json\/wp\/v2\/product_cat?post=75758"},{"taxonomy":"product_tag","embeddable":true,"href":"https:\/\/velarogverkfaeri.is\/en\/wp-json\/wp\/v2\/product_tag?post=75758"}],"curies":[{"name":"wp","href":"https:\/\/api.w.org\/{rel}","templated":true}]}}