{"id":75757,"date":"2025-09-06T14:26:18","date_gmt":"2025-09-06T14:26:18","guid":{"rendered":"https:\/\/velarogverkfaeri.is\/?post_type=product&#038;p=75757"},"modified":"2025-12-16T17:00:38","modified_gmt":"2025-12-16T17:00:38","slug":"stubai-klifurbroddar-mount-track-crampons-large-926532","status":"publish","type":"product","link":"https:\/\/velarogverkfaeri.is\/en\/lykillausnir\/utivistarvorur\/ymislegt\/product\/stubai-klifurbroddar-mount-track-crampons-large-926532\/","title":{"rendered":"STUBAI Klifurbroddar mount track crampons Large 926532"},"content":{"rendered":"<p><img decoding=\"async\" src=\"data:image\/png;base64,iVBORw0KGgoAAAANSUhEUgAABHQAAAA2CAYAAACm087CAAAAAXNSR0IArs4c6QAAAARnQU1BAACxjwv8YQUAAAAJcEhZcwAADsMAAA7DAcdvqGQAAAshSURBVHhe7d29btzGFgDg8X2CdRd1SRWvgBRxF3eWOwMpLvIEtoTbO3IZ3OIipRX3geQ8QaoA7qR0TmcXAayocjqlk95Al0POcLm73F9Ju6L0fcDYEvdPFoczh4dn6HsnJycXAQAAAIDOKBM6X375ZfoW5lf0naDvALAK5hxYP8cho\/SJu8u+X7+4D\/6VvgYAAACgIyR0AAAAADpGQgcAAACgYyR0AAAAADpGQgcAAACgYyR0AAAAADpGQgcAAACgYyR0AAAAADpGQgcAAACgYyR0AAAAADpGQgcAAACgYyR0AAAAADpGQgcAAACgYyR0AAAAADpGQgcAAACgYyR0AAAAADpGQgcAAACgYyR0AAAAADpGQgcAAACgYyR0AAAAADrm8gmdNx\/DxcVFuDg7DLtp09rkn6VoZ0fDP83+cft21mv36KzeZ0PteD8945JeHIaz8j0\/hit6x0vYDx\/Ln+UsHL5ImwBYmXrOuao55opc58+V45\/YPr5JG9fCHMhuODyr+uJQPF7HasN9dKHjYpl470bFiJQa53K5zX\/uZozpprzfmm1wTDqHn+16KnTywbjGgKn3eNvg3GUPtos+1OUBOQ9OggQAGlYYI8UT4u0H6ZuJrmO+MgfSZi98+qf6qrfRr74o7H77MPTS1\/1vco\/ZDU+\/rrYe\/7FT\/r0e+vJqpGTfs0G\/4C6Ix9d2sNcv51oSOrufb6Sv1qkftm\/YFTim+Osg3Lt3r2q\/HKeNvbD1n0vuw9dPwv3yfTfDSsOBF1+E8aNgJ2yWP8v98OR12gTAnbLKGKm\/UZ0Qn\/\/+spxfN5+X3w5rna8u6Trek1th548U4332RarsHyRuSvX2fqi673k4\/bPcMN11xXv68krsHv0QtlI3OP4lnQ\/E9v1ROK02cxu9eZSSOcfhIO\/zoh38VW4s7fSrbfe39tIWRl15QieWRb16nI7I0SqLkTK6ZulUs6yy\/jq\/tvm6eZI058fh+Lz4u\/j86eXFg9LP3JRz3QDPN8PL3+MOLDx41Lgikq+SpNZc5tco161aupLSWk7bfJ9ie+5f9fvlx2P\/G3lu+XhhpC\/HVve1+NhPW+lqUz9sF49V\/ar5vuWDhRl9sPnzN\/+NN2GJI8BtMyVOaZZ9T17GNH1+mRojJYMYaPYSqeZzm5+T55ZcndN7\/Kp4fPyzJs9XUfPf0nzvZNLvaup7Zo33Np\/dLX+ehjLC6z0MT8v+mBI3OXbP23Mi5fx9eFtfBBuNmRpxWVu8NxI37TfONcY0n5sfn6svc3n7YTuNizH5PJR4fv0kbDZO5CePeZNNfU1Lv6mfn\/tB4zmH6bFZYzOL6ofvGsfWTn+QmB1actU8TputsU9H9\/dd2Fcruyly+csdKaOLAcbYL7kIcOpgJ1Zo\/PcsnDVf9+C78YBkzGk4+N9ROWH0nzUG9iExmHhVZ4Oz+DMZrNdv77f31YRfTOdflBN7PIBHSvJ6W+FVOdgW+7KecGeJ+735PsUEPbG8s+h\/Pw0\/Nw82bVdY+89aguWpFumDxc\/Z\/DcW\/\/ZtkwnAlZk3TonbmsuY+v\/OgeQi88sEQzFQnFcmxTDFpzWTQ1mcF68iQTJ1zl0gpms1MrcW7\/uDuOvueP02vK8yOmHjq+KvN9UV+vMPB+FduRwrbf9qo4p5\/vkUqtP5tpipOMYm9ffYh0fjptHjpTYSY828IMyVqqugzsP73yZXYSwz5l3tONkPWxP7EEt5fhCOqhO+cg6JCZilzsPTONG2vxc\/P+ueK0\/oxLKourqiXEYTl5c01sHmMrq0rGawVjY5PwovG4\/H0fX99\/E1B6Hakgb6WV4\/Cb+W5VrDGb9amkCGSrzSZ7r\/zs1Tr6+ul2al\/jBUwVNl9qvHJ5Tctuz3ZlnfqNxf83Pymu+9rfvpc2J7mQaj1Defb5YlotVRUH1Oa5ngQn3wPByVx0H+rBA2Pl9iwAOgxQJxSp6H6jhloxrL55hf2mOk6ttSjoHqOSRd1BizHx6lpNJgeUKaF+OJ65u98OT+4POrubFlue+E+Wr6nDvjdzXHHDhpbuUuGNxHJ8Yx+QLZ6d979XKs5vb6\/jn5+MrHSI6H6kqfYXUfHn1+qwkx1rzxHCswa8wrHxqxzGumy+\/TunyVJVRzVT0vFsrEzqSEW720svGaeIz34ziR93c+nvNzeuHht7f7nGlFFTp5HWzx1bNUAjXpqlXOxOeSzHAaPpUByHE4Hezruez0q4O29\/iH8N1n1basrrD4693gxL\/+TNZtcIO8av\/n+wBUJeqxDzWvHO6Eg3RQ5+zupIGgbb\/X67nHDNZtH+fOl9Z2D5fzjVfZzGOxPpiPg\/YbCgJwGfPHKeenac6ox+sq6bLY\/DJBjoFef5p+34j6ivZxeFefWCweJ00yfc5dIKZr1TK3cqfk46K38TQlB1M\/TsdU7+vtsF1uH\/SV+viK1RVzxF71\/aM+vK2OqeLPtx8m9bfxGIsVqse7KSfey4x5Vz5ONt+Hq1RfKK8vlMxIuL35WFXixGTO\/SfVMV7v71gFWs1NY9VZt9TKllxlgwxpamVG7brshM2yY\/RCb2R\/7v2dQqVmhUcu72S98kFaOP\/9YJDsiOqrhblVlTj1QJCvpBQDwdQS7sZ+3\/9m0cRIWutbX\/VJ2f4F6YMAN8+l45RLzS9zqk+A+uFRHfQOEi1XZsKcm602puPWyMnQzx6Gh7HP5iRoXo7V64d+3D50\/5ykjr1ym\/4fTfS+fpou8I3cfJkbZCe8y9V6o0s3XxyGjzGeX2bMW+g1uRpSP1mp4pxvaInV83ezz6niva3iRYRmMmfIoEInt9teWXe9CZ3yyk5ctzaooKiv5pRt8trwK\/N8s31JTd1h+uVNzppXmMaSCFy\/+irgYD\/EA\/XHdADu\/JwSNc3nFa0a9OO66rStsQY6lu+OGtybZ7DfZ\/+XrhPUV4lG7jMwpPqc1vWg+iDAeozNJZePUxaeX+oYKX2\/kMEJ0ODnTXNRMXceLHUVeTBfTZ9zF\/ldTZkDubvqxE2vjNnqqreRCplBdU28cPdrFTPVsVfVJvWtujpuzoqe2fTl65RXVURD40oR11dVF8uMeXO8plEdVFV1vAoP00jOatSrK5r7p+gNrdVQOZkTNceCuDKjvt3KoEKnfqx8we11LQmdetBtiBUUzfVxq9QcJAbifyE9vp42Xm2yPnb9yvX+zaxrXDNZr2Oebewu+Vl8n1zOF8UBfeF+OQhmo+NfWtZl14PKNPogwE1x6ThlzvmlLUZaxtD9eLJYUdN6xXKKtvlqxpw783c11xzI3dVM3AzfCLe5THH4wlyMmRaoiH7e+B9To+LYaL3AO4u+vCJx\/7bf1zL3g2XGvNmvyas5kuKxHz+kr7l+rbeaiPerar8Xar30coK4v5c6zrvu5OTkovhL0xZut6Pv7F98vEiO91se1zRN025C696cY37Rbl\/rbOz34vDiLB2OZ0e77c\/RlmrOJe9us+\/X3+I+WPk9dGC9dsPhWaMMry7tOw9HP1vkBMCyzC9wczSW48dWL8k\/Dr+qggZuEQkdOI832Jt+Uz0AWJj5BW6OuNRmwlIOgK6S0OGO2QtP7g\/f+Xzh+w0AwBjzC9wc1T1Zho5H\/wsbcAtJ6AAAAAB0jIQOAAAAQMdI6AAAAAB0jIQOAAAAQMdI6AAAAAB0jIQOAAAAQMdI6AAAAAB0jIQOAAAAQMdI6AAAAAB0jIQOAAAAQMdI6AAAAAB0jIQOAAAAQMdI6AAAAAB0jIQOAAAAQMdI6AAAAAB0jIQOAAAAQMdI6AAAAAB0zL2Tk5OL9DUAAAAAN14I\/wcSLARE0eghzgAAAABJRU5ErkJggg==\" alt=\"\"><br \/><img decoding=\"async\" src=\"data:image\/png;base64,iVBORw0KGgoAAAANSUhEUgAABHMAAAA0CAYAAAAJx3SwAAAAAXNSR0IArs4c6QAAAARnQU1BAACxjwv8YQUAAAAJcEhZcwAADsMAAA7DAcdvqGQAAAz1SURBVHhe7d09UxtJGsDxR\/cFTlxkZevIFnUbmMxkQHSu2sDFJ8DiNscQUg5chLDO9yT4BC4HW+UMOcMZDrZWAxHO5AzdFzhdv42me94kISw01v9HdZWkkWYGzUxP99MvqonIUCVgKtfX1\/LkyRP3DACA74d7DvDwuA6RxjmxvDj2D08fg7+5xwAAAAAAAKgAgjkAAAAAAAAVQjAHAAAAAACgQgjmAAAAAAAAVAjBHAAAAAAAgAohmAMAAAAAAFAhBHMAAAAAAAAqhGAOAAAAAABAhRDMAQAAAAAAqBCCOQAAAACAqQyHQ\/cIwEMgmAMAAAAAAFAhBHMAAAAAAAAqhGAOAAAAAABAhRDMAQAAAAAAqBCCOQAAAAAAABVCMAcAAAAAAKBCCOYAAAAAAABUCMEcAAAAAACACiGYAwAAAAAAUCEEcwAAAAAAACpk5mDOfvdWhsOhTbfnsu9et9rSi5fpFLXd677wPb1T97ISrNuknnp3LLXuO20bD+q0Z46Nf8xD7hhmjl3q2Kp02w2Pvjp75Pw2f93tyH+\/fV94bjl753Ibv24eh9ss3rbdRt57R9vJW1\/hOer2sewcdt9lkrz\/Ry9LXR92\/3L+Z9w7k4+R\/wALReeB6ftDusxRfG\/Kpz+fdz\/QgnsC+QGWWHnZPlF0PQWfz5T9sbT8MjsqI6yT4S5mCuboDPX42aUc1GpSU+ngy5oce4WU\/e669F\/bZbXagXQftcIDZi68lshZ\/J6arL5yy5Rmoy6DTwejZbXaquy6ZXK67n1OrVs25dBb99htYzEMBtJ4mX8z3u9uS9M9HnHnTCM4Lw7k8tnxDDf1gdqNpmyXnR\/vtmQl3t5ZpD7SHZ33K5sn7k2J3Wayb92BSDQ6V71zWCLpuHXUah2Jnhaco6ct2fwWqeXruTcpU0nYEW9dKp2JrBdURPR123qk99\/fFwBYAi6Q3nrqno\/sy4tGUp7R+XxzZ9KKgW1gON6ou+c+G4xvSSfJn5vkvFhepWV7w7+eaval2GlPvd4flXc63zaDegcALJsZgjmq4POsLtGHLYmrsieb71WFc1vO9+Lnq7L1zj5Wz2TrQyT1Zy9GFe72r5siKkP3Azhp\/a\/ZirLxatX73Il8\/DKQeiOp+o\/bNhZIfU1euHMm0ZbWhkh0NXDPNVUofmPPmTCAoo7vig3otaZsSbXq0v\/SFdk4HJ2787crnU\/hORxrP29K9HlVLq6yAafCwExwfXjigtBKct0CwFLQgZzf1uTytQ2yh9R9pOnli68uJJKGPB57T9AVT9so1blyL\/l0MF7dnQ4I4AAjhWX7MdeTLg8NPnVG5Z3d37syKGjoAoBlcM9z5kTSH9Sl8bN7mrL\/U0Pk240rLLVl\/Wkk73N6NVj78viReziWrfh3fy8uLIXbxuK4lPefRDZ\/Td2KT9elefVeOn33XNt7IWv1onPGBvSaz+94S\/+6JUd6P94sWpdde51cvFKFls\/pgGQ2oFpKV2RMD54pe+S4luy4W3Pce8h0dY7O3TC1WxcISw2B83tLueFe7VEXafcZf4hY0MIWD5WLh8LZlBn64H8+sw69P2o7p\/7\/MGlru9t+13129L+E+5MZMhHsT09euJcBPDDTw3LFa+gpZnqGqnvQ+Pfuymot7FXsM8H4SfPoUZ7n5aMmf\/HznDivtWw+3PaGcdn8zbzu1kGvZCyOcWX7sutJl4cGcvmHdzW9+yiXg2ZhT+Tw2omvrfAawsPLL0+G+Vi27PafoLzZ+8W9DCyZGYI5rvLsD5HRLVB5vYwNHXBRFc\/Prhq591gaA1VT9y\/UnGEyzZ34Qs1mvknhZV0uSgtoqW1joUSpHl3m5vtS90ZJHa+fG1JX50zknqadfFXn06PHmXNoUiebR5nhenOzdy6HeQFJE9S6sMEX3VIc9GJqSqM+kP6f7mmpNTk0LdJ3COSYz8XdoTty6RYZT9dE3urX3fUXDH\/sqP1N9ZZSz7flyCw\/0MGz39T1+\/zCvv+1bmHzzwOruXPotmHf09jx8gIdONlpSLd0SGVdNl+KHMXLVcGvlQ7AlGg+c581vZl0wfBY1r7EXcTt9kYBJrM\/kgx5e92XtdyhFwAWjhe4PtT51My9aXTFVeXR4geTx1ckmzu6TKPzEDv8djhM8sDOlcrP0o0f6j3rn+PlKn+L91+v4yyS+kYrVQkCHlZZ2f7+pO\/XNbl43soO38diSJUndSAnmMrjU8Mru7Xlr\/+p\/NmbbqP\/bFOV9oDlM1PPnJPNFTteNS6kPO\/ndF3WbLdJPc9JEG33KnY6hWNf9dCZ+CJV6ayvKn5hpp\/MS3Ih62r7+a1PBdvGAtmVC1VAXfvFHT\/XLb0z9+Olzrm3erjVvAq+ttBtrp03OmCQDkimg1qp72ka+g43mP6zdijkkbdfu7Ll94xKt1wHw7v0\/oo0fvK2OejKkfv8yR+XeraiJIBlWtiyPfuiM+97ebcl773vwHa59vcvb0il2sbbuGXcLp8m6Be0qmd6h9n1xT3C0l3A9f4efcrNFAEsGm9utCM5VHnzfUym6QeT47JM+XqjszjobvNQP5\/VPTQz+ddVZ5TvmuXi5VETDxcD5mF82f7e7P0r05t7t9kpbBDEAwvKk0VTebghdbqh879+PcGW3yltYRnNPMwqCaio1LzJ9hQwQw62zWTE2YliU5ls2dhXVUnULVL5ldFdWX2dUwkv3TYWiT728fEzFeIvH5MKdOzPvgzqjcJWlWmG0hWO1zbBgul6btxdPAGyne8n0yPIBA78Fiw7aWfSylo+rDEwuJSjlY70N46n6HJvu0MXj23PE3Zpzk4y6nl3I331d+MHgyYQ9ePbdcH+jTlPZqJ7h\/lBOJ121JZM5eou3xeARWQaq\/x5ylLDTTPDK0sEAeFXHdM7sHhYSEjnd4P+FNVPnf+V9GAFFkpp2X5SBT2U\/1nemxuLTPc8D8u\/w6HuVWUD00ydASTud84cHSlVlcaPceVMB1Ne9uUgbwiUqchNb+KKUtm2sXhcEGW9ey7bRXMplY6NdlH8US+WE7n5luoVYowbr+1abp625jj+1rYopCdg3v9lTepX3i+gxIGf0Xcw7TxBcdDzODvvTK6i77CI7dLc+JDsb+6EoDPSv4Rhlezf9yrAmYpS8ktmo2SGYOXvT7K\/ACrL67Vj0kRDsGyeAKDcZGX7nAYs0+hV0iiUbtjRUzy4h1hk+lgPvCH0cbJ1utxpFUxjG7B87jGY05bejj\/RnxsiUjjxn+4+HPaA0EM66vH8IGp9534PgtOetNxEsFo78rspq2298T87bttYRLp7eHNDD+vxhqkEbNCjsZOeBNcGETa\/JV3NNTNhcDpA0j2cYAjXrqzqn6VV+zK3G4MZjuNPwJwOTsXCAI7tdtrKzjelrpfcgI2ukJif3E26Nbej4gkys99h6roMpOfw0ZMVuoczCOflsvlAHOzL7p\/NCySvZ1ce09o+xVAKHVAsmVdJt6IH81Oo9W\/738G02wMwH+ra7GXKHKnJVu\/A3Nf8nzg3cwsmZRlguZSX7cu5Yc3e9RTWG1Jaeohh+Cug5v3uMRaZLuuW\/CiJblj7uz8no633ActotmCOyoT97m96Iqr0vDRhFzmdkkqkHqLVET25n13WUs\/81q7GxnHyudSv8ET9hjfUwVbk0y1lZdvGAjLdz8cUnk3raEckOLZugrt0S+mrVTceO3mvmUxtkp\/lNl1\/3eM5iSdgNvNGlRT4zVwzo4mC7S8\/BHNX6fSyXxywUv9bPPlw79RO0Fn4nWe+w5Y0ClvQ9M+ru0mNzXvXRe7hO4zUDf0w\/r\/MZMfeJM6Z\/bPnwsTDKnVLTlFBMJce72+Hq9nt2RQHzvTQDDNJX7zsjch7f86cqbcHYC7e3Zhei6Pr2uQ199Cz1+RRql45Wm9YlgGWTVnZfixTfknusel6Q+jfo97I8fbWPzNnTlVk5mXVKe4AoOoC\/9g\/N427dtmhyAfmzKmqeqpMrRuYVdUGUxiSSNOm6+vr3NdJFUt758PbqJ2\/7MHT\/vD8djjsneYtu5\/Ujm6H53v5y75Hmvf2SKQfJXHPIZEePlX+OtRlnmFv2M5bRrpTurq6yn2d9OMn7ssPn\/QxuN85cwBUi+7pNNHcDz+m3eZ859Sa9\/YAAICWnpIBAKqPYA4AAACAH4ieTzEZulE0JQMAVBnBHAALSs9Pk52HCwAAoJwtQwS\/hkQgB8APhmAOAAAAAABAhRDMAQAAAAAAqBCCOQAAAAAAABVCMAcAAAAAAKBCCOYAAAAAAABUCMEcAAAAAACACiGYAwAAAAAAUCEEcwAAAAAAACqEYA4AAAAAAECFEMwBAAAAAACoEII5AAAAAAAAFUIwBwAAAAAAoEII5gAAAAAAAFQIwRwAAAAAAIAKIZgDAAAAAABQIQRzAAAAAAAAKoRgDgAAAAAAQGWI\/B99xkDi\/3EHrQAAAABJRU5ErkJggg==\" alt=\"\"><\/p>","protected":false},"excerpt":{"rendered":"<p>Tegund:&nbsp;926532<\/p>","protected":false},"featured_media":77845,"comment_status":"closed","ping_status":"closed","template":"","meta":[],"product_brand":[],"product_cat":[517,601,821],"product_tag":[],"class_list":{"0":"post-75757","1":"product","2":"type-product","3":"status-publish","4":"has-post-thumbnail","6":"product_cat-lykillausnir","7":"product_cat-utivistarvorur","8":"product_cat-ymislegt","10":"first","11":"instock","12":"taxable","13":"shipping-taxable","14":"purchasable","15":"product-type-simple"},"yoast_head":"<!-- This site is optimized with the Yoast SEO plugin v27.3 - https:\/\/yoast.com\/product\/yoast-seo-wordpress\/ -->\n<title>STUBAI Klifurbroddar mount track crampons Large 926532 - V\u00e9lar &amp; Verkf\u00e6ri<\/title>\n<meta name=\"robots\" content=\"index, follow, max-snippet:-1, max-image-preview:large, max-video-preview:-1\" \/>\n<link rel=\"canonical\" href=\"https:\/\/velarogverkfaeri.is\/en\/lykillausnir\/oryggisvorur\/product\/stubai-klifurbroddar-mount-track-crampons-large-926532\/\" \/>\n<meta property=\"og:locale\" content=\"en_US\" \/>\n<meta property=\"og:type\" content=\"article\" \/>\n<meta property=\"og:title\" content=\"STUBAI Klifurbroddar mount track crampons Large 926532 - V\u00e9lar &amp; Verkf\u00e6ri\" \/>\n<meta property=\"og:description\" content=\"Tegund:&nbsp;926532\" \/>\n<meta property=\"og:url\" content=\"https:\/\/velarogverkfaeri.is\/en\/lykillausnir\/oryggisvorur\/product\/stubai-klifurbroddar-mount-track-crampons-large-926532\/\" \/>\n<meta property=\"og:site_name\" content=\"V\u00e9lar &amp; Verkf\u00e6ri\" \/>\n<meta property=\"article:publisher\" content=\"https:\/\/www.facebook.com\/VelarOgVerkfaeri\" \/>\n<meta property=\"article:modified_time\" content=\"2025-12-16T17:00:38+00:00\" \/>\n<meta name=\"twitter:card\" content=\"summary_large_image\" \/>\n<script type=\"application\/ld+json\" class=\"yoast-schema-graph\">{\"@context\":\"https:\\\/\\\/schema.org\",\"@graph\":[{\"@type\":\"WebPage\",\"@id\":\"https:\\\/\\\/velarogverkfaeri.is\\\/lykillausnir\\\/oryggisvorur\\\/product\\\/stubai-klifurbroddar-mount-track-crampons-large-926532\\\/\",\"url\":\"https:\\\/\\\/velarogverkfaeri.is\\\/lykillausnir\\\/oryggisvorur\\\/product\\\/stubai-klifurbroddar-mount-track-crampons-large-926532\\\/\",\"name\":\"STUBAI Klifurbroddar mount track crampons Large 926532 - V\u00e9lar &amp; Verkf\u00e6ri\",\"isPartOf\":{\"@id\":\"https:\\\/\\\/velarogverkfaeri.is\\\/en\\\/#website\"},\"primaryImageOfPage\":{\"@id\":\"https:\\\/\\\/velarogverkfaeri.is\\\/lykillausnir\\\/oryggisvorur\\\/product\\\/stubai-klifurbroddar-mount-track-crampons-large-926532\\\/#primaryimage\"},\"image\":{\"@id\":\"https:\\\/\\\/velarogverkfaeri.is\\\/lykillausnir\\\/oryggisvorur\\\/product\\\/stubai-klifurbroddar-mount-track-crampons-large-926532\\\/#primaryimage\"},\"thumbnailUrl\":\"https:\\\/\\\/velarogverkfaeri.is\\\/wp-content\\\/uploads\\\/2025\\\/11\\\/a658d333-f064-4093-ac34-14fa2ba5eaf4.jpg\",\"datePublished\":\"2025-09-06T14:26:18+00:00\",\"dateModified\":\"2025-12-16T17:00:38+00:00\",\"breadcrumb\":{\"@id\":\"https:\\\/\\\/velarogverkfaeri.is\\\/lykillausnir\\\/oryggisvorur\\\/product\\\/stubai-klifurbroddar-mount-track-crampons-large-926532\\\/#breadcrumb\"},\"inLanguage\":\"en-US\",\"potentialAction\":[{\"@type\":\"ReadAction\",\"target\":[\"https:\\\/\\\/velarogverkfaeri.is\\\/lykillausnir\\\/oryggisvorur\\\/product\\\/stubai-klifurbroddar-mount-track-crampons-large-926532\\\/\"]}]},{\"@type\":\"ImageObject\",\"inLanguage\":\"en-US\",\"@id\":\"https:\\\/\\\/velarogverkfaeri.is\\\/lykillausnir\\\/oryggisvorur\\\/product\\\/stubai-klifurbroddar-mount-track-crampons-large-926532\\\/#primaryimage\",\"url\":\"https:\\\/\\\/velarogverkfaeri.is\\\/wp-content\\\/uploads\\\/2025\\\/11\\\/a658d333-f064-4093-ac34-14fa2ba5eaf4.jpg\",\"contentUrl\":\"https:\\\/\\\/velarogverkfaeri.is\\\/wp-content\\\/uploads\\\/2025\\\/11\\\/a658d333-f064-4093-ac34-14fa2ba5eaf4.jpg\",\"width\":1772,\"height\":1181},{\"@type\":\"BreadcrumbList\",\"@id\":\"https:\\\/\\\/velarogverkfaeri.is\\\/lykillausnir\\\/oryggisvorur\\\/product\\\/stubai-klifurbroddar-mount-track-crampons-large-926532\\\/#breadcrumb\",\"itemListElement\":[{\"@type\":\"ListItem\",\"position\":1,\"name\":\"Home\",\"item\":\"https:\\\/\\\/velarogverkfaeri.is\\\/\"},{\"@type\":\"ListItem\",\"position\":2,\"name\":\"Vefverslun\",\"item\":\"https:\\\/\\\/velarogverkfaeri.is\\\/vefverslun\\\/\"},{\"@type\":\"ListItem\",\"position\":3,\"name\":\"STUBAI Klifurbroddar mount track crampons Large 926532\"}]},{\"@type\":\"WebSite\",\"@id\":\"https:\\\/\\\/velarogverkfaeri.is\\\/en\\\/#website\",\"url\":\"https:\\\/\\\/velarogverkfaeri.is\\\/en\\\/\",\"name\":\"V\u00e9lar & Verkf\u00e6ri\",\"description\":\"Umbo\u00f0s- og heildverslun fr\u00e1 \u00e1rinu 1919\",\"publisher\":{\"@id\":\"https:\\\/\\\/velarogverkfaeri.is\\\/en\\\/#organization\"},\"potentialAction\":[{\"@type\":\"SearchAction\",\"target\":{\"@type\":\"EntryPoint\",\"urlTemplate\":\"https:\\\/\\\/velarogverkfaeri.is\\\/en\\\/?s={search_term_string}\"},\"query-input\":{\"@type\":\"PropertyValueSpecification\",\"valueRequired\":true,\"valueName\":\"search_term_string\"}}],\"inLanguage\":\"en-US\"},{\"@type\":\"Organization\",\"@id\":\"https:\\\/\\\/velarogverkfaeri.is\\\/en\\\/#organization\",\"name\":\"V\u00e9lar & Verkf\u00e6ri\",\"url\":\"https:\\\/\\\/velarogverkfaeri.is\\\/en\\\/\",\"logo\":{\"@type\":\"ImageObject\",\"inLanguage\":\"en-US\",\"@id\":\"https:\\\/\\\/velarogverkfaeri.is\\\/en\\\/#\\\/schema\\\/logo\\\/image\\\/\",\"url\":\"https:\\\/\\\/velarogverkfaeri.is\\\/wp-content\\\/uploads\\\/2021\\\/10\\\/vv_logo_350x100.png\",\"contentUrl\":\"https:\\\/\\\/velarogverkfaeri.is\\\/wp-content\\\/uploads\\\/2021\\\/10\\\/vv_logo_350x100.png\",\"width\":350,\"height\":100,\"caption\":\"V\u00e9lar & Verkf\u00e6ri\"},\"image\":{\"@id\":\"https:\\\/\\\/velarogverkfaeri.is\\\/en\\\/#\\\/schema\\\/logo\\\/image\\\/\"},\"sameAs\":[\"https:\\\/\\\/www.facebook.com\\\/VelarOgVerkfaeri\"]}]}<\/script>\n<!-- \/ Yoast SEO plugin. -->","yoast_head_json":{"title":"STUBAI Klifurbroddar mount track crampons Large 926532 - V\u00e9lar &amp; Verkf\u00e6ri","robots":{"index":"index","follow":"follow","max-snippet":"max-snippet:-1","max-image-preview":"max-image-preview:large","max-video-preview":"max-video-preview:-1"},"canonical":"https:\/\/velarogverkfaeri.is\/en\/lykillausnir\/oryggisvorur\/product\/stubai-klifurbroddar-mount-track-crampons-large-926532\/","og_locale":"en_US","og_type":"article","og_title":"STUBAI Klifurbroddar mount track crampons Large 926532 - V\u00e9lar &amp; Verkf\u00e6ri","og_description":"Tegund:&nbsp;926532","og_url":"https:\/\/velarogverkfaeri.is\/en\/lykillausnir\/oryggisvorur\/product\/stubai-klifurbroddar-mount-track-crampons-large-926532\/","og_site_name":"V\u00e9lar &amp; Verkf\u00e6ri","article_publisher":"https:\/\/www.facebook.com\/VelarOgVerkfaeri","article_modified_time":"2025-12-16T17:00:38+00:00","twitter_card":"summary_large_image","schema":{"@context":"https:\/\/schema.org","@graph":[{"@type":"WebPage","@id":"https:\/\/velarogverkfaeri.is\/lykillausnir\/oryggisvorur\/product\/stubai-klifurbroddar-mount-track-crampons-large-926532\/","url":"https:\/\/velarogverkfaeri.is\/lykillausnir\/oryggisvorur\/product\/stubai-klifurbroddar-mount-track-crampons-large-926532\/","name":"STUBAI Klifurbroddar mount track crampons Large 926532 - V\u00e9lar &amp; Verkf\u00e6ri","isPartOf":{"@id":"https:\/\/velarogverkfaeri.is\/en\/#website"},"primaryImageOfPage":{"@id":"https:\/\/velarogverkfaeri.is\/lykillausnir\/oryggisvorur\/product\/stubai-klifurbroddar-mount-track-crampons-large-926532\/#primaryimage"},"image":{"@id":"https:\/\/velarogverkfaeri.is\/lykillausnir\/oryggisvorur\/product\/stubai-klifurbroddar-mount-track-crampons-large-926532\/#primaryimage"},"thumbnailUrl":"https:\/\/velarogverkfaeri.is\/wp-content\/uploads\/2025\/11\/a658d333-f064-4093-ac34-14fa2ba5eaf4.jpg","datePublished":"2025-09-06T14:26:18+00:00","dateModified":"2025-12-16T17:00:38+00:00","breadcrumb":{"@id":"https:\/\/velarogverkfaeri.is\/lykillausnir\/oryggisvorur\/product\/stubai-klifurbroddar-mount-track-crampons-large-926532\/#breadcrumb"},"inLanguage":"en-US","potentialAction":[{"@type":"ReadAction","target":["https:\/\/velarogverkfaeri.is\/lykillausnir\/oryggisvorur\/product\/stubai-klifurbroddar-mount-track-crampons-large-926532\/"]}]},{"@type":"ImageObject","inLanguage":"en-US","@id":"https:\/\/velarogverkfaeri.is\/lykillausnir\/oryggisvorur\/product\/stubai-klifurbroddar-mount-track-crampons-large-926532\/#primaryimage","url":"https:\/\/velarogverkfaeri.is\/wp-content\/uploads\/2025\/11\/a658d333-f064-4093-ac34-14fa2ba5eaf4.jpg","contentUrl":"https:\/\/velarogverkfaeri.is\/wp-content\/uploads\/2025\/11\/a658d333-f064-4093-ac34-14fa2ba5eaf4.jpg","width":1772,"height":1181},{"@type":"BreadcrumbList","@id":"https:\/\/velarogverkfaeri.is\/lykillausnir\/oryggisvorur\/product\/stubai-klifurbroddar-mount-track-crampons-large-926532\/#breadcrumb","itemListElement":[{"@type":"ListItem","position":1,"name":"Home","item":"https:\/\/velarogverkfaeri.is\/"},{"@type":"ListItem","position":2,"name":"Vefverslun","item":"https:\/\/velarogverkfaeri.is\/vefverslun\/"},{"@type":"ListItem","position":3,"name":"STUBAI Klifurbroddar mount track crampons Large 926532"}]},{"@type":"WebSite","@id":"https:\/\/velarogverkfaeri.is\/en\/#website","url":"https:\/\/velarogverkfaeri.is\/en\/","name":"V\u00e9lar & Verkf\u00e6ri","description":"Umbo\u00f0s- og heildverslun fr\u00e1 \u00e1rinu 1919","publisher":{"@id":"https:\/\/velarogverkfaeri.is\/en\/#organization"},"potentialAction":[{"@type":"SearchAction","target":{"@type":"EntryPoint","urlTemplate":"https:\/\/velarogverkfaeri.is\/en\/?s={search_term_string}"},"query-input":{"@type":"PropertyValueSpecification","valueRequired":true,"valueName":"search_term_string"}}],"inLanguage":"en-US"},{"@type":"Organization","@id":"https:\/\/velarogverkfaeri.is\/en\/#organization","name":"V\u00e9lar & Verkf\u00e6ri","url":"https:\/\/velarogverkfaeri.is\/en\/","logo":{"@type":"ImageObject","inLanguage":"en-US","@id":"https:\/\/velarogverkfaeri.is\/en\/#\/schema\/logo\/image\/","url":"https:\/\/velarogverkfaeri.is\/wp-content\/uploads\/2021\/10\/vv_logo_350x100.png","contentUrl":"https:\/\/velarogverkfaeri.is\/wp-content\/uploads\/2021\/10\/vv_logo_350x100.png","width":350,"height":100,"caption":"V\u00e9lar & Verkf\u00e6ri"},"image":{"@id":"https:\/\/velarogverkfaeri.is\/en\/#\/schema\/logo\/image\/"},"sameAs":["https:\/\/www.facebook.com\/VelarOgVerkfaeri"]}]}},"_links":{"self":[{"href":"https:\/\/velarogverkfaeri.is\/en\/wp-json\/wp\/v2\/product\/75757","targetHints":{"allow":["GET"]}}],"collection":[{"href":"https:\/\/velarogverkfaeri.is\/en\/wp-json\/wp\/v2\/product"}],"about":[{"href":"https:\/\/velarogverkfaeri.is\/en\/wp-json\/wp\/v2\/types\/product"}],"replies":[{"embeddable":true,"href":"https:\/\/velarogverkfaeri.is\/en\/wp-json\/wp\/v2\/comments?post=75757"}],"wp:featuredmedia":[{"embeddable":true,"href":"https:\/\/velarogverkfaeri.is\/en\/wp-json\/wp\/v2\/media\/77845"}],"wp:attachment":[{"href":"https:\/\/velarogverkfaeri.is\/en\/wp-json\/wp\/v2\/media?parent=75757"}],"wp:term":[{"taxonomy":"product_brand","embeddable":true,"href":"https:\/\/velarogverkfaeri.is\/en\/wp-json\/wp\/v2\/product_brand?post=75757"},{"taxonomy":"product_cat","embeddable":true,"href":"https:\/\/velarogverkfaeri.is\/en\/wp-json\/wp\/v2\/product_cat?post=75757"},{"taxonomy":"product_tag","embeddable":true,"href":"https:\/\/velarogverkfaeri.is\/en\/wp-json\/wp\/v2\/product_tag?post=75757"}],"curies":[{"name":"wp","href":"https:\/\/api.w.org\/{rel}","templated":true}]}}