{"id":75756,"date":"2025-09-06T14:26:18","date_gmt":"2025-09-06T14:26:18","guid":{"rendered":"https:\/\/velarogverkfaeri.is\/?post_type=product&#038;p=75756"},"modified":"2025-11-14T14:04:07","modified_gmt":"2025-11-14T14:04:07","slug":"stubai-karabinur-rock-clip-3-0-quickdraw-900086","status":"publish","type":"product","link":"https:\/\/velarogverkfaeri.is\/en\/lykillausnir\/utivistarvorur\/ymislegt\/product\/stubai-karabinur-rock-clip-3-0-quickdraw-900086\/","title":{"rendered":"STUBAI Karab\u00ednur rock clip 3.0 quickdraw 900086"},"content":{"rendered":"<p><img decoding=\"async\" src=\"data:image\/png;base64,iVBORw0KGgoAAAANSUhEUgAABHQAAACUCAYAAADyB34nAAAAAXNSR0IArs4c6QAAAARnQU1BAACxjwv8YQUAAAAJcEhZcwAADsMAAA7DAcdvqGQAACsdSURBVHhe7d0\/aB5H\/vjxj3+lGsmdnuqcypKPA8tNfGniKEWI4AgmvePY5kswBJM4kDgcv+L4EjsQXzABYw7ZcdyHEA5kUljnNDmnkQxHLKmKr3rUWWrc6juzOzM7uzv77\/m\/et6vYy9+\/u\/OzszOfHZmdGRnZ+fg+PHjgt6pNBTSEHWRX0aL9AbCKBuYdORRHHbk8dEgnScT56V\/Og3\/n\/k3AAAAAAAAWoKADgAAAAAAQMsQ0AEAAAAAAGgZAjoAAAAAAAAtQ0AHAAAAAACgZQjoAAAAAAAAtAwBHQAAAAAAgJYhoAMAAAAAANAyBHQAAAAAAABahoAOAAAAAABAyxDQAQAAAAAAaBkCOgAAAAAAAC1DQAcAAAAAAKBlCOgAAAAAAAC0DAEdAAAAAACAliGgAwAAAAAA0DIEdAAAAAAAAFqGgA4AAAAAAEDLENABAAAAAABoGQI6AAAAAAAALdN\/QOfeMzk4OJCDF4\/kqnkKTa3KM52Gue2FPPrIvKVPq1vxd75YH\/9Zurr+Ij6+rVXzDHphz6m\/PbtnXhyVoZX\/q\/LoxZiOKcDl2cw29H376JG8iH7rmaolAqpeh9O4DiRtq9nyn9mGf52x18yia2TV67Catw3alrbJtSS9Db9cV7V1aAvV1TzPTWPaTkSbsE+T1FcJC\/XXaCOMlWuHpM+DKw+p\/kmzuqSX\/DiuPDycETo2cblI9WlOlv\/e7nS0F9XJrZzbSVcYFxfMgxDK4Egsvt++BtOgTV4Ztx04OvPjMvfGV9T5E1gHcz32LcrFqe+ITWJdaTtcdJKbaGObsH31kc6bF1XNgYnyn67sRf\/oyCuuHluV12x5mDslK\/b5e6\/F529vQ9a+jp4Zi2Hk\/aEEdK4e65h\/oZk9Wf\/4iBw5ordPZD3OoSIL7\/Z9sb20GH\/v0eWb5pnRWOzMmX8lbi4fjY9x8ZJ5Bs0kFdXWtza\/qO3brfhJhTI4JNt3TXrfFZvanWNjbIx8\/aYcjfbnhIyrNIXK+HgtykB2aQLStjX21uWTKK2S69ZcZ5zN3ktyItqfo\/LmmBptk1gHD6asjj9te+Wul+5a6XcARm\/8baEB1ZWD9NEr6qz0b7rame1sE05e26GCDQao1t9dm8Zqu7sdPYlx+XpNNqJ2x5x0\/hQ9450rLXnelYPd36VOb3hYfedh5P2BB3R0lPirN8yOLlxMR\/7dsKh48yNTNlqlo8fu3\/az\/uemZsTBTXnzqO00zsmpvwTSymz+CAE71MtuNo1DQ8D873mxvpqb4hI+J\/53BIYyu6Ft8Wv2joG+Y2vvuPjf62TyRtHQOf3b\/jFO++iIxbPeUMILJ+TEhZIymEvjcN4pT2N\/uGnoDlpZnlC8aSyPTD7I5Te1vVhvyz2QPdn4Z1zRJ\/n6kUmDJH38Y9NbkqYV6ZXlncOoHOamBfnDSUvOlfuc2tTvrYbKpM9\/f7Tp76tTxpukxQD2PXrN3kErHuGY5G\/v+pTVa9oisvVv05Hy0jFb5mu1CdxW51ypLTrf\/rnSbxhA3grKl199bIV1cElaDLVclJRVX61ykdqf7OOS\/ZtE3l3a5Pr3KD4GVw9nz7F\/XP7xmq0wr+TTN6knzWe8\/LGaOZ\/+NcHPK6G2W0722q+\/L\/r+cF3ZU1oMYt\/1fv59We2NpkdQpeuEmJfmme\/29Zq2bdeoTeilSXvro3FYlHe9fHlp0d70qZM2\/vNm8+oMP9+my8phyqWDdlN+343\/tfjnOC1t4GZrO+5F2+dtIMW1T7SSdkhSF+af09uze\/45N2\/w5PNwvbzfk52dnQP1n963e+pQtBePDtThHqidz3hxoA7iQGVM8zhNVRLR9xS9fvDihfoGX\/x9uf0Y49Z3GsrqQZyK+WNz6bm1mn6cUpzGKhOmPmcfF6a3UnlO1N6qzKfeY\/c7I9rXqwcq02bEn3Pfa46p+neKjlsx+U6\/py1b\/\/klkGZeOjQrg0meq07jgvOtVb3HnGt1kVe\/mKbzW3EeSPJjr9tQ0juS5M\/we+LXy8ps\/fTS35W815bj9Osl36fkPxNgfze1hb5T\/16NMu70kRZK7X0PvW6OqXEd0kvatmwb2PU\/JalToi1wTsrKvC3v4fOVPRf6t7x86PKv\/7r\/OK\/3chHeR73\/+efNfhSkxdDLRUlZbVwueknbPrb+6+\/QsSuZc5pLh+j4C47Npk1Butvjdnlc\/5YrKzbdMq+XfJ9my0VRudHse1Jb6Dv1\/oeeN\/sxyLTQau97oD6J07J5Huslbce1jatNGEoTnRbtqo\/qb8OoS9L5r\/e0sa83Lt+HYBtE\/k\/HIux5UnnKpnfq+UAdnGHT2uZHe34K86f3neV5uDjvR8fR46bTcOAjdPTwpE\/+ZcZcR9MT9LDcq7KyZKJimSGvNmrm2KHbdqig+thGNA0pGa3ihlRNHTusMpmaFad1egSPPxwwPEwsOR97\/\/okPh8fr5s5iAH2nLj32GHKdui12ew5m39F\/YIeYZQMRYx\/JzR1IbAvbth+OgoesVNeXP7omDtM0yUaTuyfs7ll+cpEgMNl0BuCnErjQHkqSuPAcFP3O05ZnkizdcGJC6E8kExpmlz6DmIoKm\/TR+f3qjJbP71eWX83Tn91fuoM\/7Tpa8ugnQJz9S+ndLWalGt\/emeF5PzoY6tTxpukRaLnfY+mSdm8Y34nO+R+AHVI0f5Bi+\/2qwZRTqjM2+fs+bBtAjvUOd7sOQ1MkfnLRVnWX6XzRI3pFcMoF8ln9LEV18G+JC1GUC7qlNVpKxd6pEJodIZNw6Nvyk233kImXe2aDG5aZrzZc54\/7lfk0dn4ua1v60xVs3khOY\/x1N6GbbcMV9b0sdWpK5ukhdPHvl844T0XXzuy17r+81jR\/rVbL21C32GsjwYv3m+Xlko0wiJQjxTm07p1hku75Dty\/WUk7Do6UT4xU0n3urJlp2OlnrcjM6vbIWm2bOTfHxTMw3X7xs0NZ1HknGSerl5E9EAPP3q\/oGjaeW1ukaOu\/B4l\/JZ0kzI0JZLMs9dVGcLNLTbDY1U6umGUys3l783FOR6qql8PNaqT85FMF0nmIAbYc\/L17+psaDYIkBk6WHROSwX2Rf2aHT6XFaWDFlwEa8q4C0MS7Fz+n+IK\/2pqCO1XcScooCiN3dzT7V9c5XPzeZwjEnXzxJb8ojo+sVAemNDybitotcUVskrz\/5+5mHvpU1Vm66fXoiybz6WGihbak+5\/4n9t2YQ0QSI75HRvcy0u1+r\/1zbLEvuS3LWNjmh4qNrPusPUG6WFNch9z8vn76aK929qeY1P20BdfD87jDhU5vX7wnl\/1RvWfFC4EKXKS2\/EryR5osxg89alf5gOVNR50vsZHnad56UF5WJkXCPcXjPVeftr5qaRn4\/cNc+d38x1059WUnjelIVl8zm\/DJSx7d6kLRR3+Bq23TTVTvjedghtWfOmeJRplBbOAPc9J5DHGivav0OgYZswcRjro+FxN0ddR31ZLqb6WiV1Yd06w1vjpfe8PkVcXaL6K+tx8DnOf7acL8prWyYo7dK2uh2S4sqGV14u\/GLKWt6o8\/CIAjqJ5IJqtqlYsKwXep6dbcRuyfepuxRJ5Nxu8V2M5G6\/i+jmGtU+L+L+0YqcKqhXilw1IwbsOfWj1vXZjrsf\/b8qr8ybfyJgVZ6lOtSX5BdzvoutykV94XAdL3vB78HCay5Prf45Xfn1lyf6y4+TLVxm66fXlty1dw5Ky3R9c0srJg8ldymKuAaMvQMY6AjVV1R\/1ddk3zHZgm0C1eh9V9\/MsAHUwlEIKi99G78298ZfawZTyjXKW64DZe9Aq05QNsBbG+ViYnkBy3iLRzis\/o9e7yU5b7bdlaPycfzaolysGUwp1+xa6Ua72Q7owsWCm301FKRFfYf5Oj8uvbQJq1Af5dx7ll7LpqQzX6R2neGC4UnauQABAmzgRtUvSzrskgSOL\/3btJ0XTI86cFO0WWxiUV6z9ec9O3Nh\/IYb0HGLbyV3eF0ULNoGtBDQoZFExP27H1vfmuFY7k6L\/z61mYrcH4FhF1xSNUCgwkkqe3fH3S1E15w9p4WRZqV44ackcu\/2xR17NpAFx90lS5\/vXEXlL4Cnuc81\/9OLN\/+5oapILRkB5vJZRp08kRhsfhyqKD3Tx+7fxcypKLNWrfS6cNd0GvvrFNiLW5IXikdrxbxRRN556T5PH3VxGTdqpkWZZvtufmcgHSiU8uojl4f90Vk5NdsEtryV1Qf\/8fJVz8GUXsqFKhluFJH33uxfz8jWwVkjLxfqbVVl9ZBK8pq9\/vmjQvPcqGcvf+st1anzzlvR9VBzo7lUfug5mNLLtdIfEeDuPicjCGLVdWW9tCjTdN\/jdkb9759ymfNSu02YRX1UyuXdaEtuutcbeWfVqDNyaVdeVyHJd3NzOsHsSDwlNULGP1cNYxPeiEL3\/rIRPTUMMu8PJaCTTP1J6Du8vY3gmGbxHGI9J9\/Sd1oKI7o56vN67rN55Lu0mJ7TuvVt8xEbqfOs79oE5hK6RkyJ6O5\/9rPRXaDBzCs8fMLTkXSE2eaVfBlMKi5t69vsnOYa1IX+qH+eAue8Tp4IyefHHvZvDPT816q7VmVltll63ZQ3\/5Z0CnoOVFw4ka6L3d3j+vRx27xWp4xbzeqvgFr7ns7rGAM9sqZi9G1pm8B1KjR9N7P8+nRpMZlC81WDjkfKAMpFVIbNcYfaQUVGUy6aldXDT+erqtEletRzcd5LpadK88L8rKk8\/b\/mdd0Z6DWoM4i2W7KOT5O6sjwt6qi176myj3p6aRMWoz4qEJw6o\/tp9fsqteuMTJrVW3tryvnnx7+h5E\/tzAxyaBab0Ovf+HWWuoaYEcJNDSXvD2R16SnfDkMaJit9Jyt1sw1no8yNdiO9Kzbvry7Ylfxbs7V53ydgo2yUbJSLidjIo+Vbm9tutDvj7dDn8Qmpj9qQzq5M2L\/ONgVbm\/N\/8het+v9LVf1sURpysex\/a2UaBv\/crDJFlci4NsrcaDfSO7sV\/WnN8V6Q6m1t3vfJ2ygb\/ka5mMSNPJrZ2tx2o90Z3A5fHp\/M+qgN6UxAZ7K3JAidNu4bJzoNR74oMiZXtCgUi1QD02dbLz7b0imObd53TDbKBVqgzW032p1TgvoIh1K8wHXTBcOH4YiO6hw\/ftw8RC9UGgppiLrIL6NFegNhlA1MOvIoDjvy+GiQzpOJ89I\/nYaM0AEAAAAAAGgZAjoAAAAAAAAtQ0AHAAAAAACgZQjoAAAAAAAAtAwBHQAAAAAAgJYhoAMAAAAAANAyBHQAAAAAAABapv+Azr1ncnBwEG0v1q+aJ2OrW+HnAaBNxlaXffRIXkT16zNZNU8Nzqo8i777hTz6yDwz6OPsYf+vrr+I9uFgy3xiqGlQYly\/i5bKlqd8+Qoin2EiXZVHL3S+PJBn98wz2bp5RMb1u8Ckon+NrIGO0Jl74yINEgAYJhtEp3E7QLbzTacaw0Q+GwvqzPbgXAFAYwOecrUoF6mEAWAwvn5Tjh45IkeOnJBL5qmrxzrmX4N3aVH\/1hE5unzTPDMBAmkwcB+9IrlUHcXv4hC7JCei\/HNU3vzaPEU+G4th1pnT5Oby0ej6cGRxeDk1dK5G8btAm0xkWw1jNbiAzt6WbO2p\/y5cdMMzw5JhnHZjyBiA1vGmm8Zb+q67PyTW\/ltv6frR3rE3n7ff+eKRqimVzHQM\/T1fvTGnX4nqWjudIz\/8Njzdo3g\/Ytnv8R+HP5uvz92+1+WOMf7sonnayU5J8R4\/MkPx3f5kzknu2pI9Z\/oGhH7u78sSp+qiXLSfC06F8c9XvKXS0f9M5rgapUmbDKQcqJxkp1XkXvfzcqa8mHeEZfOmXxbKz6M\/xcPfr2x+Kjue9H6rh+SzsdDnKFRnFtYjufycTvs6+dl\/3r7X5SPvHOWfy+ZZL08U7a9\/\/rOfyeajivyRzuu5mjhVLtKPH5n9Tn7b\/y69pfKvkk0j\/XrRucr+bmwwZRhopqIPW7tuLi6bdfKuXw9lH\/tlK13u\/N9U+2fruop6Ae0wwBE6Xbn7t3XRMZ3F9\/0Lik9npq9k2dTX1twbX1HJAmiN6CL7frbBqztp+bpP128XF8wDZfGsvXjq+vCiF8BQn8995+Doi3xqP973f7tc8TEsSidTn8vcsnyVaniX0A0e18lV1Gcv2gZ9pUVZ9t4bOid6v22DJnzOGogaZ\/k0W3w\/31nR+3Yxe1y597RfX+Xg\/STAkurIGf7rsTlZ\/nu6vLxb2G4ItzUiTc6j6lT6++VPK++nPJUin41Yph4JjBDJ58VAfjZ1oi4T\/vPWzeXvZUv\/Y+6UrJjvWjSV59YPb8rNYJ5V5zfX2fL3V33GP\/++UD4qqZv1fmfzerD8hCwsp95bXp7jDnEojWobUBkGmmnSh83Xza7s1S2bPeTd4rbaaNubGL3BTrn6+k35flv\/o6Chde81k5m25G40xFht30aXOCpZAC1xVVaW4ovs3r8+ieuxI5\/Iuo5mh+q+7bupuk7mOnE9GKgP70b1ZzE9zPaTf0U\/ZL7Xm85RalVeMxf5rW9N3ftxHICvpegY3LQSs9nX51\/JdELCrv7lVNzg2VuXT8x3VKWBzx7LiQvJOXHHZ\/Zl8c\/6yrLqAkXJOVObHsJ\/4YSXFvG5CA1jDu2rPRdJo8nak\/WP9XtsvhDpHKuTIm3SYzlw75mTU3\/R77F506aZTVf7esKeW5tH5jrhBunV9XdzZcuWlUbn0b7H5Y+OvBJ1SnsoT+SzsahTZyb1iDe9J9qSvNr5U\/TWRGGdaCV5Lz7Pl+SXKN9m8\/2W\/KJ+110P3Hk3v+0FgCx\/f62kDMZT91w+cuXurvolZeE19ctZobJs3l+LPVb92xXl+Z4NFCWv600fS93r22DKMNBQoz6sl79tHWHKXu2y2UveLaqXemhvol0GvIaOrpDjjDn3xl\/l3fn4Ocvd+dj+JZkr\/p+uyagA0AZ2VMqebPzTdshuyu+75p8Ze11zYXV1XXxRDtWHl\/5t3jtobu0O03nQvv5duuafVYqOQXdKUsOGG97xsXeo9zbXVArGtrp1rwjesbhzov71fmBfvOP\/vsc556F9vfm8KAW78nvUEUnyRVHwob16LAfZ97hzo0fgxOcue3c\/tifd\/8T\/cnmkIHDoztW\/7iZtDaPRedz9PX6PKyumY99neSpDPhs1vx5R9bIedebqtIJRXkpRnehG4qjyoafV6e+xo0Zs\/R6dI9vBMvW\/ux7oO\/Wlv+3v7yW5awIZ+s58tM9mRI\/NR\/HUJf19+REtiVBZ3pLaVbHfpq8oz8l17\/uaNyPyBlKGgYaa9WFt3axk3lO7bPaQdyeivYmxGHhAR19gTkSRwTmZS+rwiKtw\/SjknzrqnQDQFrah648guCqvZALYtXn14eqf++uMuc6cuxuTtSiv2SHphe+pz46EsHeM3d3VhuaWVkzHPLlT3Cs3YsJuehSOaxB5x69+69F6+p5aGRtESPbVayRNpWblIAk0JKNbus9td0xL37HXW68LPobOldx7FE35GOx5HGx50shn42RG8rmRH01GqVjJqEV7B9wtQ3Dhl\/j7VJ3\/yJzTrX+7rmHMG3USb+WjMN2IInsXf25Z\/uqPjnOjAOxWtvi2V5Y\/WpFTfVXF4fIc7Ad8pMpmdqpUCcoIxqFZHzYZTZOMKOum65NGZXNABtjexGQZQkBHuXAiPJTLXsxUs8feubB3UUN30gBg8tyUtU3ToLR3Rd3d1PojQG7+c8PcQUnqw0brCkR3d+J1CWwD193xOdsx3218vSYb5ongCJY+2e8Mj6wo5u4QVd6VrpLcqXbHF212LRc73cF\/Xf1Wrg8Qn4vQmm7ufLl9TY43XgNj2jQsB7m7kWakgZuqndzRj7Y+FmoMnauD908Vvtb4PPZdnshnY+HVmaVc2peNagnzR\/i4+tx15Gw9ZNbB2VuXu2a0TbLGjpdn1Va+vqQ3QtJbr0MHSi\/9wwR4XLmLt\/w6TFpSP7qyXLQ2T5Wq8hzqB6jfylXFJeeKMoKxaNSHzY9QsyPKmpXNwXBlxtv3vtaxwsQZTkBHsVOv0vSdi2Sut6XvqPZ6Jw4ARi26K2rnKFvRndUGd1j0nyv2v0M37muMcEmG9CduLv+vV6\/uyfrfvjcjUqyb8uZRv07Wd097ufucltoXffzZNKly4UR6VM\/23Z5H+ehzUvbZ1PoMhhue7DohJfT5yt2xj+9C+2tZTJMm5UA3eFN59OPkPfrcDHQ+f\/BcmSHwAzmPPZYn8tlYhOrMsCQwrG19m2+vNrcld48mQQZ\/moM\/ZShuH9fIQxX0GjhRPtH5qGpdJ8+lxfSx9nPs5eU51A9IplPWOleUEYxFkz6sKvf+tVG1bdx7GpbNgdC\/2UN7Ey2ys7NzoP7D1sdGGrI12cgvo93ak96rB88OjK3VwOtsbIPdRlE2VrfiLP1i\/WrwdTa2so3rJdth38jjo9lGks4fPTp4EV3xnh2shl6fmG1y2pvk\/\/43nYZDG6EDACgT\/\/lWdTk1mx3evyfr\/2ACKgAAAPpFe\/OwI6ADAJMimq5S90+RAwAAAA3R3jxUCOgAwFjodTj8v3CgNm+tBeAw0Otp6LzNOnkAgEMtWt9JX\/NG8BerGqG9edgR0AEAAAAAAGgZAjoAAAAAAAAtQ0AHAAAAAACgZQjoAAAAAAAAtAwBHQAAAAAAgJYhoAMAAAAAANAyBHQAAAAAAABahoAOAAAAAABAyxDQAQAAAAAAaBkCOgAAAAAAAC1DQAcAAAAAAKBlCOgAAAAAAAC0DAEdAAAAAACAliGgAwAAAAAA0DIEdAAAAAAAAFqGgA4AAAAAAEDLENABAAAAAABomSM7OzsH5t8AAAAAAABogSigc\/LkSfMQvXj69KmQhqiL\/DJapDcQRtnApCOP4rAjj48G6TyZOC\/902nIlCsAAAAAAICWIaADAAAAAADQMgR0AAAAAAAAWoaADgAAAAAAQMsQ0AEAAAAAAGgZAjoAAAAAAAAtQ0AHAAAAAACgZQjoAAAAAAAAtAwBHQAAAAAAgJYhoAMAAAAAANAyBHQAAAAAAABahoAOAAAAAABAyxDQAQAAAAAAaBkCOgAAAAAAAC1DQAcAAAAAAKBlCOgAAAAAAAC0DAEdAAAAAACAliGgAwAAAAAA0DIEdAAAAAAAAFqGgA4AAAAAAEDLDCSgc+VhV16+fBlv3TW5Yp63yl+\/Imtd85raug+zn74tG\/azatu4Y542Ut\/9ckO9O+\/2ZvL5l5uhd4xbOg3KjqW5+Luz6VYllWZ6c+mW\/r4o\/QPnvLYP16Qb\/J2wqrw2Ne5sJOlgN5t2Nk0DaRmlX80yoPNALt9kfre8PHZl7UPzQjCPx1tS5tNlPf3auGX2rSQNo7JTmjf1d\/lpkxaXvdDr5Z8DxqHONdgqrX8GVG8Been6u\/y6Qv2MNkrn8Vx9WdF2S6MMVNPHGrjeZfo0Tfte6F2cL83mt8FD\/aVoG1Q\/ezL0HdDRDa3rJzfl2syMzKjt2tMlue5XJCohr7\/elfvm9fu7Z1Kv3968Lmd270evzczcl+7r170CoDuB56Xz87X49U8fS+ecV1lkvvvazx05n+pIxZ3I82K\/X21Ll81rk2f7gdlHtd3fWcgcy6jEF4VUmun9kdPBjH\/r7Y7MdFbklnnc1JWVedn81P7Ofdk+fr64AqzIS1Nn\/7Erd9Hm5+39fdk\/fra3C6u5IJ0\/bh47qjy9upv8ZrY8qhzy3vwPyf486MqZL22FeUtWOuZ57\/P7si0\/vG1yz4fHpKMe2\/Ort459bcyuPDwtuy6fXpPH8+fDnQKVdmdz6dacOn1y5sIU5220Q+U1uKF+6i0gKNOOzLUzm6N+xqQpb6NUtd2am+YyEN\/EOC8L5nFC9Z++PCNd25cbQDqjHn1Ozs8nfaJU\/\/CDU6ZcJNv9HZWHf\/5OJjci0FyfAZ0r8tbJWdn+MenQ33r7B9UpTxpkt19dSCXa5XuqE3fcBgduy+nj+\/L4nntVvvt5XxZeNSfhw7dkadbr8H2zIj\/szMrSSlxJXflDR2TnifvuW2ubsj87L64\/dec9OSPqBE9wEKdIlE7+sYyE1\/DJpNnlpVNDyfi33j4lK9+YB+oXnqhC1vlDuDtQnpeQMtuVzZ\/VBffzhp0rHcz5ckk2P1UNAnXBTrslK0te8C5THvX5O+Xnmw++U9+xIKcLGs63L5wRyVao+7uissDESedTlQ4\/bsvsybdyaauPqbuzbR714elmeXATmACV1+Cmeq23gELHZX52XzbX7JWrvJ1RC\/UzJkx5G6Wq7daDKS0DbhBDdEMyw9yUfPKBefzNT7K5PyvzfzSPMTTH52dl\/+lPLo9f\/lW1w+ePhdsR0Y1XL7ZwSAxhDZ0d2XUZOA7YJBdSJcrgppN357Qs7G\/KT64SMg1C00m\/srIks15jUdMnyVZS8XuT4FH2\/ToA4Aeb2i0eOVM6VCwzrCxY0ZrRF+HRBZkAWh36N90d2XhE1Mad+L+l+xFSWsgq8hJynr99Qx7LGfmsybQldaHvzHS8hkGZK3JsXqT736L8Ejekd38zD32hc\/3HeZk1\/5x0UUd293m6blFlQd8h+O5X87guU27T5eQnOfVgWxbOHa4hoThcqq7B5cx1IjOip6d6CyikAziz3miCQFuiDPUzWijYRnGq2m4ZlAGndFaC6ZOctdcu06dyAZ4s03+6HY340f0lM5rHpHe0pWYh2D6W1x+MXvf7XNM5IiiKDbz+nsuL0QAAL8DjC95MzvH73CpN7+i+82Tn9T4DOrfkp6f7svCO1yDTo2JG1SvTnc9PN2XpyzjRr+vpHm6EgK6wVGdS\/PmMbcnoqnB+7mc4nbH8IcOBoe26AjgnyXSVTx+rY8+IRl\/EwwGDU1l0h3oAIyQWzn0m8kWyH+VDDr2K6HORGzPDGQl0KM2ekesub4cCZ7dk5YvHIq9\/Npx8H5X14ovVlYdncwFbq7BC9Y9pYqfT3Zb3Xp+V7V\/9vVdl9FxHHn\/RMIAclVv1uU9n5FQ2HT84FU+9nOZphZhspdfgMrreN9Otc43jIddbmDqXl\/S08fPmWnlWdj+tedOC+hmtFGqjeCrabimUgQbUtatzTTZPXo\/rmi\/n5YeqPo1q856VG6ZfJ3JGX0tffeL6T6EpyAvnTsuTqK8XL1Px8mXS57qfCl5PET2t6oHIedN\/OLt7LdzPrTU6J+5zi1sG5YbIO2cm\/oZz3yN0dLQymqtmEvHlq7uBqRpDoiuaKAhgEv3X02of\/AiaytjveK+n1vSYPAvnTBqawukyYzSS6bHc8DJgNLVtdkneigq6ahy\/syDbD7yKQzW0V1KVr8qgJpiTq5QHbPuB11iqHNqpK0Bzfr4Q+Uwdf+0RPdMus4ZO8Lyq9L+hLxKDruDdRT58sYqGpeq1NYJ3MvQd0kCFmprnGs8Bn7ygThJc9dP79qZ+7kbNkU3GH9ekG6Vhcefi8pK+YLOmCCZU5TU4zK2dVxT8GVa9hSkU3zQ6\/au9tqjG+ec1FtynfkYrhdsoTkXbLYUy0JBOe++G9swTOV3Vp\/H6dtGIV\/U\/twxJwZStpK8XTx+VnR\/c+SmdanSIResa2UCY2m7IZ8E\/TqJHEVeOzjF97u9c+YlvMo0qtNGrgUy50nc\/bCLOLD0vnmbhVLxeNUokGkZoghj+lCoTLfan4KRfL1\/TY9zsoshRlNZbQyA8dNKf2lYytcVYOFdSwVu\/7Q5l3Z6d3ZrFQN\/t1UM4\/RFflaryGuJ1rQY31zlaSf4dvcBe6CIfN56jO\/VFdyZ0ZVk5LcNUoJO0RpJuCEV3d9Mj3OxibH7AtdqsnDmnA6zFDaWYXleMNUUwiepdg3NUXRQtXlgxkmfQ9RamlFlLMds4l8AaaAnqZ7RQQRvFKm+7ZVEGmopGpXvBFZ020bQ0uy5slW+eS1f973nluUno\/tX+7iSuPDlKekSaeOvx6vaDnrptBz1Yet1fqZxuWz5dcXINfg2d1Lo4ftDBiOYUmgwbCCBEc\/BNQt76bzcXaYzmxdXKvLfkeW7OUTvEGTFZQyCUDjEbzAikc8b2g\/gvO5TelRrSmjR6sar+VeQllDAXlXMb8pZ5ple6QaCHMobnEOtgznWZ\/1EHdos7a9HaVkVDgbMmZZFk3VAKNoTiheFTU8XOLZjHZVMN9+XxAz0dsXpEWlIfHDPPAC22cz8e1Ru4e5Y2uHoLaIb6GS1T2EaJlbfdQigDOGR0n1HCy0DkZPvcLVjjc8ABnduyoTozyR27W9FK6\/6iWXrtDLdoYjQdx59\/mZn3qUfUeIGNeO6bXcwutH7Phpw\/nswL1UPPUgt2NZk3OlbmDpJdQ+CDJ7KtOoj+IpFXHn6mUsZmTJMW\/rGqtFpLVcKqcWz+XGdxUMeer\/xw5Nub9aeqhc5JeL7iFVnb9Bv1cf5xC1npNX9cp7giL6GcuXN+RpWvnlXNPc3dCQ2JF6QMjaq68nDNy2Mqb+h1pAoWNRutwEgER+XL7J9jV53QeDpcxZ2t3\/T6I3UaTLY+OBP4M5nAuFRfg4tEa5rUCeoMot7CdDPtp\/dcHVvz2kL9jNYoa6MotdYNCaAMNJL9IwG2T1P7BiZ6lF34Xvcn\/D5yzB8wUiY6j9lrhipfk67\/gI6OCts702YRodS0HtUgixbwNe85L+l585eXzFoZwc\/rzlIchIhej\/6cctJJ0uv3XHu65N0Zz8wLVb\/tL5IULxpcY97oJLBrCERr\/iTBmDidXsZ\/Ns+LtEdp4aWzTivJdZrV96jKWfT3FDWkdZplfktvZ3erVgRPbD+N18KJPls6V\/eWPFdFLlnYN54WFlzISqvIS1PHHxWit4rOUTTX2fy7dwtJHgv9bnaf9Oavg6P\/rGPBQskiS953X5elpyV5YQySNa7sNoBF1u00Q\/3dZesFRfXBpM\/gxbSpvAaXiK79Uf1fXo4GU29hesXtJ3H1d7x+U61rC\/UzWqS8jVLRditCGahPp5X3RwJsn6Z0qQsMRHrhe9VHDqzhqWeL1Aqu+Xk++r7PRH6c\/DV0juzs7BycPHnSPEQvnj59KqShdsVNuaECK0Z+GS3SGwijbGDSkUdx2JHHR4N0nkytOC92SmPtKYujpdNw8GvoAAAAAAAAtFZmOZAJRUAHAAAAAABMMf3n5+10K71VLAcyIQjoYIDiBWKZbgUAAAAAaA+97lr6j51MejBHI6ADAAAAAADQMgR0AAAAAAAAWoaADgAAAAAAQMsQ0AEAAAAAAGgZAjoAAAAAAAAtQ0AHAAAAAACgZQjoAAAAAAAAtAwBHQAAAAAAgJYhoHNI3N58KS83b5tHJe5syMvumlwxD6tcedit970AAAAAAGBkCOgcEpeXZmRm6bJ5BAAAAAAADjMCOgAAAAAAAC1DQGdi3JaNly\/lpdk2Hq5J9+WGeta+1pW1D6MHsczUqfzUqCuy1k2+r2iaVTRVy\/2Oor\/X7ceGvGWejsXfGe+b952pz7yU7kPzS9npXR\/qz\/nHETguAAAAAABQiYDORNCBjfMiD2ZkZkZv12T35BmZNa82pwMv12Xp6TXzfTNy\/6l5yaODOefnH8u1mVMSTdbSAZhzIvfNZ2Y+3ZWl1\/N7sXBS5IZ+vbMit9Tj2696n3mwLbOvvxcHiD54ItuzS\/KWCdhcWVlSxzQrSysmxPPhMensb8pP38QPAQAAAABAPQR0JsGd07Kw\/1i++8A8lluy8sVj2TePGrvznpyRx3LjbR1uiV1+Ow6+WMcfduNgjgnKaLdfXZD9n7+LgzvaNyty4+f8Xmz\/mP6uy0smIKTpII505FgUxLksT3ZmZf6P0StyfF7k8c\/bMjt\/PHqsAzzy9KfUdwEAAAAAgGoEdCbAlT90RHafDyywUfl9s2fk\/Otdue8Fc\/SonmPzIt3\/9rAX0VQqO+XqvCyYp7Wd3X1ZeFWP17ktp+c35ae3n8j28dPq0RV566TI5hrhHAAAAAAAmiKgMwFu\/bcrMn8sWWtG++N8z1Ougt\/n238s93\/uyHl\/7Ry5Jc93RTp\/SH\/q+HzFXuhgzpfz8oOdcjVzX7bNS9qttU3Z1wGcO6elE43G0aN2FuT0neMyP9uV50y3AgAAAACgMQI6k+C3XdmfPSPv3TGP9Ro476TGucjuvrf2jF5z55z\/eka0ds0Z+cwuTqzcfpheFHnn7Y5cywR19Ggat\/6N9uGanI1nRxXTgaf9XbWHhp4+Zv4Z+eYn2dzvyNl3Om40zuVft6XzzllZ2HmSTNUCAAAAAAC1EdCZBN+sSOfTx9I5Z6ctfSbyo7+GTrymjrx+3bx+Wp488MfBZF2WUzP3peverxc\/zk\/BuvV2R+7vLMh59frGnfhxHOQx+\/G5yA+BNXRSPvhOHssZuW4\/86qkRujoff\/pqciseIsf\/7arnpiV7V8J5wAAAAAA0IsjOzs7BydPnjQP0YunT5\/KwNPQTWXyFhzGoTCU\/IJCpDcQRtnApCOP4rAjj48G6TyZOC\/902nICB0AAAAAAICWIaADAAAAAADQMgR0JpVeV4fpVgAAAAAAIICADgAAAAAAQMsQ0AEAAAAAAGgZAjoAAAAAAAAtQ0AHAAAAAACgZQjoAAAAAAAAtAwBHQAAAAAAgJYhoAMAAAAAANAyBHQAAAAAAABahoAOAAAAAABAyxDQAQAAAAAAaBkCOgAAAAAAAC1DQAcAAAAAAKBlCOgAAAAAAAC0DAEdAAAAAACAliGgAwAAAAAA0DIEdAAAAAAAAFrmyM7OzoH5NwAAAAAAACaeyP8ByROEnXw0GLIAAAAASUVORK5CYII=\" alt=\"\"><\/p>","protected":false},"excerpt":{"rendered":"<p>Tegund:&nbsp;900086<\/p>","protected":false},"featured_media":77844,"comment_status":"closed","ping_status":"closed","template":"","meta":[],"product_brand":[],"product_cat":[517,601,821],"product_tag":[],"class_list":{"0":"post-75756","1":"product","2":"type-product","3":"status-publish","4":"has-post-thumbnail","6":"product_cat-lykillausnir","7":"product_cat-utivistarvorur","8":"product_cat-ymislegt","10":"first","11":"instock","12":"taxable","13":"shipping-taxable","14":"purchasable","15":"product-type-simple"},"yoast_head":"<!-- This site is optimized with the Yoast SEO plugin v27.3 - https:\/\/yoast.com\/product\/yoast-seo-wordpress\/ -->\n<title>STUBAI Karab\u00ednur rock clip 3.0 quickdraw 900086 - V\u00e9lar &amp; Verkf\u00e6ri<\/title>\n<meta name=\"robots\" content=\"index, follow, max-snippet:-1, max-image-preview:large, max-video-preview:-1\" \/>\n<link rel=\"canonical\" href=\"https:\/\/velarogverkfaeri.is\/en\/lykillausnir\/oryggisvorur\/product\/stubai-karabinur-rock-clip-3-0-quickdraw-900086\/\" \/>\n<meta property=\"og:locale\" content=\"en_US\" \/>\n<meta property=\"og:type\" content=\"article\" \/>\n<meta property=\"og:title\" content=\"STUBAI Karab\u00ednur rock clip 3.0 quickdraw 900086 - V\u00e9lar &amp; Verkf\u00e6ri\" \/>\n<meta property=\"og:description\" content=\"Tegund:&nbsp;900086\" \/>\n<meta property=\"og:url\" content=\"https:\/\/velarogverkfaeri.is\/en\/lykillausnir\/oryggisvorur\/product\/stubai-karabinur-rock-clip-3-0-quickdraw-900086\/\" \/>\n<meta property=\"og:site_name\" content=\"V\u00e9lar &amp; Verkf\u00e6ri\" \/>\n<meta property=\"article:publisher\" content=\"https:\/\/www.facebook.com\/VelarOgVerkfaeri\" \/>\n<meta property=\"article:modified_time\" content=\"2025-11-14T14:04:07+00:00\" \/>\n<meta name=\"twitter:card\" content=\"summary_large_image\" \/>\n<script type=\"application\/ld+json\" class=\"yoast-schema-graph\">{\"@context\":\"https:\\\/\\\/schema.org\",\"@graph\":[{\"@type\":\"WebPage\",\"@id\":\"https:\\\/\\\/velarogverkfaeri.is\\\/lykillausnir\\\/oryggisvorur\\\/product\\\/stubai-karabinur-rock-clip-3-0-quickdraw-900086\\\/\",\"url\":\"https:\\\/\\\/velarogverkfaeri.is\\\/lykillausnir\\\/oryggisvorur\\\/product\\\/stubai-karabinur-rock-clip-3-0-quickdraw-900086\\\/\",\"name\":\"STUBAI Karab\u00ednur rock clip 3.0 quickdraw 900086 - V\u00e9lar &amp; Verkf\u00e6ri\",\"isPartOf\":{\"@id\":\"https:\\\/\\\/velarogverkfaeri.is\\\/en\\\/#website\"},\"primaryImageOfPage\":{\"@id\":\"https:\\\/\\\/velarogverkfaeri.is\\\/lykillausnir\\\/oryggisvorur\\\/product\\\/stubai-karabinur-rock-clip-3-0-quickdraw-900086\\\/#primaryimage\"},\"image\":{\"@id\":\"https:\\\/\\\/velarogverkfaeri.is\\\/lykillausnir\\\/oryggisvorur\\\/product\\\/stubai-karabinur-rock-clip-3-0-quickdraw-900086\\\/#primaryimage\"},\"thumbnailUrl\":\"https:\\\/\\\/velarogverkfaeri.is\\\/wp-content\\\/uploads\\\/2025\\\/11\\\/9c36ac7f-ebe8-4cc3-9f56-cdca740d2b8a.jpg\",\"datePublished\":\"2025-09-06T14:26:18+00:00\",\"dateModified\":\"2025-11-14T14:04:07+00:00\",\"breadcrumb\":{\"@id\":\"https:\\\/\\\/velarogverkfaeri.is\\\/lykillausnir\\\/oryggisvorur\\\/product\\\/stubai-karabinur-rock-clip-3-0-quickdraw-900086\\\/#breadcrumb\"},\"inLanguage\":\"en-US\",\"potentialAction\":[{\"@type\":\"ReadAction\",\"target\":[\"https:\\\/\\\/velarogverkfaeri.is\\\/lykillausnir\\\/oryggisvorur\\\/product\\\/stubai-karabinur-rock-clip-3-0-quickdraw-900086\\\/\"]}]},{\"@type\":\"ImageObject\",\"inLanguage\":\"en-US\",\"@id\":\"https:\\\/\\\/velarogverkfaeri.is\\\/lykillausnir\\\/oryggisvorur\\\/product\\\/stubai-karabinur-rock-clip-3-0-quickdraw-900086\\\/#primaryimage\",\"url\":\"https:\\\/\\\/velarogverkfaeri.is\\\/wp-content\\\/uploads\\\/2025\\\/11\\\/9c36ac7f-ebe8-4cc3-9f56-cdca740d2b8a.jpg\",\"contentUrl\":\"https:\\\/\\\/velarogverkfaeri.is\\\/wp-content\\\/uploads\\\/2025\\\/11\\\/9c36ac7f-ebe8-4cc3-9f56-cdca740d2b8a.jpg\",\"width\":1772,\"height\":1181},{\"@type\":\"BreadcrumbList\",\"@id\":\"https:\\\/\\\/velarogverkfaeri.is\\\/lykillausnir\\\/oryggisvorur\\\/product\\\/stubai-karabinur-rock-clip-3-0-quickdraw-900086\\\/#breadcrumb\",\"itemListElement\":[{\"@type\":\"ListItem\",\"position\":1,\"name\":\"Home\",\"item\":\"https:\\\/\\\/velarogverkfaeri.is\\\/\"},{\"@type\":\"ListItem\",\"position\":2,\"name\":\"Vefverslun\",\"item\":\"https:\\\/\\\/velarogverkfaeri.is\\\/vefverslun\\\/\"},{\"@type\":\"ListItem\",\"position\":3,\"name\":\"STUBAI Karab\u00ednur rock clip 3.0 quickdraw 900086\"}]},{\"@type\":\"WebSite\",\"@id\":\"https:\\\/\\\/velarogverkfaeri.is\\\/en\\\/#website\",\"url\":\"https:\\\/\\\/velarogverkfaeri.is\\\/en\\\/\",\"name\":\"V\u00e9lar & Verkf\u00e6ri\",\"description\":\"Umbo\u00f0s- og heildverslun fr\u00e1 \u00e1rinu 1919\",\"publisher\":{\"@id\":\"https:\\\/\\\/velarogverkfaeri.is\\\/en\\\/#organization\"},\"potentialAction\":[{\"@type\":\"SearchAction\",\"target\":{\"@type\":\"EntryPoint\",\"urlTemplate\":\"https:\\\/\\\/velarogverkfaeri.is\\\/en\\\/?s={search_term_string}\"},\"query-input\":{\"@type\":\"PropertyValueSpecification\",\"valueRequired\":true,\"valueName\":\"search_term_string\"}}],\"inLanguage\":\"en-US\"},{\"@type\":\"Organization\",\"@id\":\"https:\\\/\\\/velarogverkfaeri.is\\\/en\\\/#organization\",\"name\":\"V\u00e9lar & Verkf\u00e6ri\",\"url\":\"https:\\\/\\\/velarogverkfaeri.is\\\/en\\\/\",\"logo\":{\"@type\":\"ImageObject\",\"inLanguage\":\"en-US\",\"@id\":\"https:\\\/\\\/velarogverkfaeri.is\\\/en\\\/#\\\/schema\\\/logo\\\/image\\\/\",\"url\":\"https:\\\/\\\/velarogverkfaeri.is\\\/wp-content\\\/uploads\\\/2021\\\/10\\\/vv_logo_350x100.png\",\"contentUrl\":\"https:\\\/\\\/velarogverkfaeri.is\\\/wp-content\\\/uploads\\\/2021\\\/10\\\/vv_logo_350x100.png\",\"width\":350,\"height\":100,\"caption\":\"V\u00e9lar & Verkf\u00e6ri\"},\"image\":{\"@id\":\"https:\\\/\\\/velarogverkfaeri.is\\\/en\\\/#\\\/schema\\\/logo\\\/image\\\/\"},\"sameAs\":[\"https:\\\/\\\/www.facebook.com\\\/VelarOgVerkfaeri\"]}]}<\/script>\n<!-- \/ Yoast SEO plugin. -->","yoast_head_json":{"title":"STUBAI Karab\u00ednur rock clip 3.0 quickdraw 900086 - V\u00e9lar &amp; Verkf\u00e6ri","robots":{"index":"index","follow":"follow","max-snippet":"max-snippet:-1","max-image-preview":"max-image-preview:large","max-video-preview":"max-video-preview:-1"},"canonical":"https:\/\/velarogverkfaeri.is\/en\/lykillausnir\/oryggisvorur\/product\/stubai-karabinur-rock-clip-3-0-quickdraw-900086\/","og_locale":"en_US","og_type":"article","og_title":"STUBAI Karab\u00ednur rock clip 3.0 quickdraw 900086 - V\u00e9lar &amp; Verkf\u00e6ri","og_description":"Tegund:&nbsp;900086","og_url":"https:\/\/velarogverkfaeri.is\/en\/lykillausnir\/oryggisvorur\/product\/stubai-karabinur-rock-clip-3-0-quickdraw-900086\/","og_site_name":"V\u00e9lar &amp; Verkf\u00e6ri","article_publisher":"https:\/\/www.facebook.com\/VelarOgVerkfaeri","article_modified_time":"2025-11-14T14:04:07+00:00","twitter_card":"summary_large_image","schema":{"@context":"https:\/\/schema.org","@graph":[{"@type":"WebPage","@id":"https:\/\/velarogverkfaeri.is\/lykillausnir\/oryggisvorur\/product\/stubai-karabinur-rock-clip-3-0-quickdraw-900086\/","url":"https:\/\/velarogverkfaeri.is\/lykillausnir\/oryggisvorur\/product\/stubai-karabinur-rock-clip-3-0-quickdraw-900086\/","name":"STUBAI Karab\u00ednur rock clip 3.0 quickdraw 900086 - V\u00e9lar &amp; Verkf\u00e6ri","isPartOf":{"@id":"https:\/\/velarogverkfaeri.is\/en\/#website"},"primaryImageOfPage":{"@id":"https:\/\/velarogverkfaeri.is\/lykillausnir\/oryggisvorur\/product\/stubai-karabinur-rock-clip-3-0-quickdraw-900086\/#primaryimage"},"image":{"@id":"https:\/\/velarogverkfaeri.is\/lykillausnir\/oryggisvorur\/product\/stubai-karabinur-rock-clip-3-0-quickdraw-900086\/#primaryimage"},"thumbnailUrl":"https:\/\/velarogverkfaeri.is\/wp-content\/uploads\/2025\/11\/9c36ac7f-ebe8-4cc3-9f56-cdca740d2b8a.jpg","datePublished":"2025-09-06T14:26:18+00:00","dateModified":"2025-11-14T14:04:07+00:00","breadcrumb":{"@id":"https:\/\/velarogverkfaeri.is\/lykillausnir\/oryggisvorur\/product\/stubai-karabinur-rock-clip-3-0-quickdraw-900086\/#breadcrumb"},"inLanguage":"en-US","potentialAction":[{"@type":"ReadAction","target":["https:\/\/velarogverkfaeri.is\/lykillausnir\/oryggisvorur\/product\/stubai-karabinur-rock-clip-3-0-quickdraw-900086\/"]}]},{"@type":"ImageObject","inLanguage":"en-US","@id":"https:\/\/velarogverkfaeri.is\/lykillausnir\/oryggisvorur\/product\/stubai-karabinur-rock-clip-3-0-quickdraw-900086\/#primaryimage","url":"https:\/\/velarogverkfaeri.is\/wp-content\/uploads\/2025\/11\/9c36ac7f-ebe8-4cc3-9f56-cdca740d2b8a.jpg","contentUrl":"https:\/\/velarogverkfaeri.is\/wp-content\/uploads\/2025\/11\/9c36ac7f-ebe8-4cc3-9f56-cdca740d2b8a.jpg","width":1772,"height":1181},{"@type":"BreadcrumbList","@id":"https:\/\/velarogverkfaeri.is\/lykillausnir\/oryggisvorur\/product\/stubai-karabinur-rock-clip-3-0-quickdraw-900086\/#breadcrumb","itemListElement":[{"@type":"ListItem","position":1,"name":"Home","item":"https:\/\/velarogverkfaeri.is\/"},{"@type":"ListItem","position":2,"name":"Vefverslun","item":"https:\/\/velarogverkfaeri.is\/vefverslun\/"},{"@type":"ListItem","position":3,"name":"STUBAI Karab\u00ednur rock clip 3.0 quickdraw 900086"}]},{"@type":"WebSite","@id":"https:\/\/velarogverkfaeri.is\/en\/#website","url":"https:\/\/velarogverkfaeri.is\/en\/","name":"V\u00e9lar & Verkf\u00e6ri","description":"Umbo\u00f0s- og heildverslun fr\u00e1 \u00e1rinu 1919","publisher":{"@id":"https:\/\/velarogverkfaeri.is\/en\/#organization"},"potentialAction":[{"@type":"SearchAction","target":{"@type":"EntryPoint","urlTemplate":"https:\/\/velarogverkfaeri.is\/en\/?s={search_term_string}"},"query-input":{"@type":"PropertyValueSpecification","valueRequired":true,"valueName":"search_term_string"}}],"inLanguage":"en-US"},{"@type":"Organization","@id":"https:\/\/velarogverkfaeri.is\/en\/#organization","name":"V\u00e9lar & Verkf\u00e6ri","url":"https:\/\/velarogverkfaeri.is\/en\/","logo":{"@type":"ImageObject","inLanguage":"en-US","@id":"https:\/\/velarogverkfaeri.is\/en\/#\/schema\/logo\/image\/","url":"https:\/\/velarogverkfaeri.is\/wp-content\/uploads\/2021\/10\/vv_logo_350x100.png","contentUrl":"https:\/\/velarogverkfaeri.is\/wp-content\/uploads\/2021\/10\/vv_logo_350x100.png","width":350,"height":100,"caption":"V\u00e9lar & Verkf\u00e6ri"},"image":{"@id":"https:\/\/velarogverkfaeri.is\/en\/#\/schema\/logo\/image\/"},"sameAs":["https:\/\/www.facebook.com\/VelarOgVerkfaeri"]}]}},"_links":{"self":[{"href":"https:\/\/velarogverkfaeri.is\/en\/wp-json\/wp\/v2\/product\/75756","targetHints":{"allow":["GET"]}}],"collection":[{"href":"https:\/\/velarogverkfaeri.is\/en\/wp-json\/wp\/v2\/product"}],"about":[{"href":"https:\/\/velarogverkfaeri.is\/en\/wp-json\/wp\/v2\/types\/product"}],"replies":[{"embeddable":true,"href":"https:\/\/velarogverkfaeri.is\/en\/wp-json\/wp\/v2\/comments?post=75756"}],"wp:featuredmedia":[{"embeddable":true,"href":"https:\/\/velarogverkfaeri.is\/en\/wp-json\/wp\/v2\/media\/77844"}],"wp:attachment":[{"href":"https:\/\/velarogverkfaeri.is\/en\/wp-json\/wp\/v2\/media?parent=75756"}],"wp:term":[{"taxonomy":"product_brand","embeddable":true,"href":"https:\/\/velarogverkfaeri.is\/en\/wp-json\/wp\/v2\/product_brand?post=75756"},{"taxonomy":"product_cat","embeddable":true,"href":"https:\/\/velarogverkfaeri.is\/en\/wp-json\/wp\/v2\/product_cat?post=75756"},{"taxonomy":"product_tag","embeddable":true,"href":"https:\/\/velarogverkfaeri.is\/en\/wp-json\/wp\/v2\/product_tag?post=75756"}],"curies":[{"name":"wp","href":"https:\/\/api.w.org\/{rel}","templated":true}]}}