{"id":75754,"date":"2025-09-06T14:11:17","date_gmt":"2025-09-06T14:11:17","guid":{"rendered":"https:\/\/velarogverkfaeri.is\/?post_type=product&#038;p=75754"},"modified":"2025-11-14T14:04:02","modified_gmt":"2025-11-14T14:04:02","slug":"stubai-hjalmur-oryggis-900026fo","status":"publish","type":"product","link":"https:\/\/velarogverkfaeri.is\/en\/lykillausnir\/utivistarvorur\/ymislegt\/product\/stubai-hjalmur-oryggis-900026fo\/","title":{"rendered":"STUBAI Hj\u00e1lmur \u00f6ryggis 900026FO"},"content":{"rendered":"<p><img decoding=\"async\" src=\"data:image\/png;base64,iVBORw0KGgoAAAANSUhEUgAABHMAAABqCAYAAAA\/Qx03AAAAAXNSR0IArs4c6QAAAARnQU1BAACxjwv8YQUAAAAJcEhZcwAADsMAAA7DAcdvqGQAABfzSURBVHhe7d0\/bFTHvsDxn18HjU3nrS6pbHN1JZsmvDT8KyIsXSGUnhBATwgJWQmRAtHTK66eYpDgIiuSha6AEPoIRU8yShEHmlzS2EhXF3urkGrdYTe0fjNnZs6ZOTt7dtde7J3d7ycaZdnds3\/sOTNzfvOb8YiIbKsCJKNer8vExIT9FwAghrYS\/Yz6iV6hLqET1BMMGl2n\/8PeBgAAAAAAQAII5gAAAAAAACSEYA4AAAAAAEBCCOYAAAAAAAAkhGAOAAAAAABAQgjmAAAAAAAAJIRgDgAAAAAAQEII5gAAAAAAACSEYA4AAAAAAEBCCOYAAAAAAAAkhGAOAAAAAABAQgjmAAAAAAAAJIRgDgAAAAAAQEII5gAAAAAAACSEYA4AAAAAAEBCCOYAAAAAAAAkhGAOAAAAAABAQgjmAAAAAAAAJIRgDgAAAAAAQEII5gAAAAAAACRkd8GcR69le3tbtt\/+LNftXfvGfRZV3i6Hn+bBWvx+DKsH8trWlbC8lZ8\/t0\/ZpevLb81rrj2w9+yffvosANKTtyFe2fv+1LXbvWunjevy81vznV4\/snchDfm477WqHQU35gvHpt3Vn52MGxlrDoDPf5a3WT3xShdjJ+rAcKjqExlzY6\/1PjPHda77WInHTl4KOnagM2Ny6u9pN8CuE2EgAaAXdJty5+SY\/VeMu0gOL6iB9+5fDdnMbtTkgzxA80A+mrQ3x47KrLv\/0Ucypf+\/uSJL97J79gV9dP\/KAjF\/P6VGgkBr7ftEYG\/1PJhz\/XDN3tpPU3KJiCja2pTlL0ZkZESXL2XZjApFJj\/Z9czv3VOHzOtOXbb37I2pWnMHs1+fBUDqrsvsjGlTNn\/50raVqnyxLI3sXuXzD9SlNLAP7i3JStZvj0ntL9k9RdAmU9yfj003fpe75laly1Omrh861cmzOxfro9EHHr2WSzYIGLR1Iw9lzdwNKO37RMbc2Gs9DeboqHYerZy8JEE6q7cMqjwr4aek5bfdsf5xnQRoNtdkTXfu6v2rU6aL1GpXmCkZZnfl9CHXaY\/J0b9G6qctfr1yKbWuVKVZ+q\/zdvlBU2p\/\/Dzw62VznS3SyM1jbjAydvKOetzMlMc+S\/l8bJWmrt\/b\/44sQwCGU5Dxeu+0HNEXubodyWeyp+SSbTN0dkTTUtZYW9iyrTPatT3+sab4S2i8ZTXLpr1rap+z+4pLf6Tmrvy+YW5N\/aepXy5os7ZuenN3vwuirP3Tu8CqGJf6faAT1sfqZVvFc93jrfto7Df1uzln24H1h6UA3mU54l+Utxk7RVUeU4zr8jYuX+rlnte6LcP+ifaJSjjmjvSFWfHqQEU7BHRiTzZAzir2Z+GASXdkTYOzyUte6tqYnPqft\/LWP66jjImGPPzbcpZ6O\/VZq0ZWn1x35JR7K0t\/Jk6iYXZZfl03t8Zqpt7pAVk5nXLqMzM40\/XaDcza0c\/1X0d3AuX6lwvOA\/NcU4+npGlSb+yU3PGDNB2InY\/6tS9FBiX6nPC\/49S5PtgfC8AeuSunn7p5aROs6ejiJZato9q1pv61ZVtn2t6g7fnskpdxYTRnOeilsuXPp+47WRzZVVuMvnf5n7Z+jn+g+iY3a74mv\/7DLsGy938wrv+xKY1\/6f93MS61OqmPTthv6rEs\/WZ\/K8ZWQbCvpJuxk7OTY1oL2zLshx32iWWbjWzyuNt2CIjpaTBHp6V++Ytdq7L+UEZGDsnpe0VK2tp3Nh3tu3DGJLe5LF96j6t2S1ayZTBFxkSeSlvl3mn5Ibson5JPYsGZPA13TR66FDn7nkGkFUPOrb0vlmOZ+h1m7vj1KJ6SHUnL\/MIEHKPceZA\/x+0HcFmO2Pfx66wZrOrMohF5aINR5n2OqCPKYimibolZ5HzJzmPvvcZq9twBMBQuHlFtgL\/UwAxgs8Gmfixvp0w7mLWBqg8+5NopVdy4wAXJcy3bumLfk3zcEGkz3VIYU9xn9PdPMVxbd+iURNo\/llEkze2bk\/VN9qJcXyi5JVjB\/W6\/nC7GpZlIfXR9Yky03+y0j0Z\/6nLslNnJMdWKtiw21sSeqOoTm3jj9rzNUH3lodOqRei2HQLi9iAzp4h4T31m08iaotSWW8ucb2rXkN+zjndNGuaOjl2eMifa2Mn\/lk+yGZlCvnZ6\/deiI83fE8OrGLBtNlTtyWeX9Wyvqbv+jO7dUz\/YxtxF51s15u4c2JSV\/7MdcL7WP8KdB\/d+t2twXRCzlK7Z6jyqFPks6t1cqnpZ9nPQohtNAhgObkBa7C1WmaVX+oswfrsZaNXW5W3vmvx6MbvhPafgL3vZ3m6VKeG3dbH2r\/vxBfpI3peqvmnZTNRtri6peuX6tSn5aM1O4OX75XQxLtVi9fHir7b\/b9bcb6K\/FW1A64vo7sZOxk6OqeK\/DvbXDvrErI3Rkx4uiNtlOwS0sCfLrJw88ujKe90cSp1oWYRzTMbsyeLcfWOHhJMfqctj6y819UwML71u2V0MrMkPwayHv1GyKWZWpIi4u9m21kv7NC+j5\/NZOdplhbu+\/En2+dx5lGfBdcUNWvzsIpeCDgA+3S76bdpdWVpt3+48+C+9j07Rbrr2sXvqQtwFyIONbRU1OP5EB99dFkRVtmOT3bXF6Cfu4lj9Tmd0yKW44HVLsKYmbc8eWULT3bi0oj4iYV671rQc9IG8zpay72Ts1N0xtcPmOdf\/elQdgf60gz5RB3KyveX8QE5ob6+PMWjeXzBHNYhm47fL8tBedOaRx6zsZL1oly4eiQ8i8xmVIqPCRUM3f3kYPdEwiIqMm21vD6W172xjmy\/X85+nit10OFvrau\/L18fbdbAhby+ek3rTQ3XMLv78pTuPWs52K+Z9YudY0fHknyX\/7uUgFgB4\/aTX7pjsB595XnEhVLSb\/l4jHfEyF9vOWGZjDfV4R21qb9ti9AcXtBnLZu5cRrcSZMZ4WTWqHnQ1Lu2mPnaodR+N\/XD31P\/mGRbF2EgXN8m3k7FTJ8cUmTruOXdmdEgS\/avTPlHJAzmaf5w+9\/fx+hgDpefBnGLpSUH\/mbadZRHsnltuFdIZFUVqnKMjo6xDHWZmz4cj+YBP159uZpXdOthml6fC+rb2Xff7NATnlt5rIrJm\/\/I\/2s9OZ382sXxstncF6\/cB+OJLAvS+DXlfmQe9C0E7tP5wB\/2\/\/9cFNZ3lU2ozg\/eNPN5Cc1vcPBZAYvygjb983l\/OXJpo6W5cGqmP33WTCVbopI\/GfjB7GsXqhFs2t5OxUyfHhNcpahz5txV7G\/2ngz7R12bVx35eH2OwbFMoKZV6vR69P6VyffnttvF2++fP48+hUCiU3ZRBaCspg1tSrp8P1mwXvv16+0HkccreFto6SieFekIZtKLr9J7umQMMrUevvRRKb4nU+g9y2qWEAwCAvuMvq9bFLR1kaT4AYD8RzAH2SbbhGZucAQCQGLPBN0vzAQD7iWAOsBcuHgl3qi\/tzQMAAPpTtvdJ0IcfIqsWALDvCOYAAAAAAAAkhGAOAAAAAABAQgjmAAAAAAAAJIRgDgAAAAAAQEII5gAAAAAAACSEYA4AAAAAAEBCCOYAAAAAAAAkhGAOAAAAAABAQgjmAAAAAAAAJIRgDgAAAAAAQEII5gAAAAAAACSEYA4AAAAAAEBCCOYAAAAAAAAkhGAOAAAAAABAQgjmAAAAAAAAJIRgDgAAAAAAQEJG6vX6tr0NAAAAAACAPjdy4MABgjlIyqtXr2R6etr+CwAQQ1uJfkb9RK9Ql9AJ6gkGja7TLLMCAAAAAABICMEcAAAAAACAhBDMAQAAAAAASAjBHAAAAAAAgIQQzAEAAAAAAEgIwRwAAAAAAICEEMwBAAAAAABICMEcAAAAAACAhBDMAQAAAAAASAjBHAAAAAAAgIQQzAEAAAAAAEgIwRwAAAAAAICEEMwBAAAAAABICMEcAAAAAACAhBDMAQAAAAAASAjBHAAAAAAAgIQQzAEAAAAAAEgIwRwAAAAAAICEEMwBAAAAAABICMEcAAAAAACAhOw6mDP3rCHv3r0zpbEkc\/Z+p\/rxOVlq2MdUaTwrH70oK+5YVVbu27sz4bGx99YWV73nrC7ae0v32xK+fvjeujR\/PqSpVHey0pCla\/bhlN1faXkudCI7X73zBMCQu7YkjaCtVCVvY1xbuqJ6zJLsuMj9uVIfG2m3WvXfWTvnH5uXqvfDYOpkrFY1lqx6DADKItcQrcbNWV\/Vu+uL1tfUpXaQcfxQ2VUwR1eq+elVuXnwoBxU5earGZkvDbjmjzfksX388caJ4PHF1Xk5sfE4e+zgwcfSOD7vdaT6ZLkgtRc3zeNfPZfaee+EuP+pjP9oXjf22u5kuyDu9VWZuWofM7bca9ty9Ip9IBuEeu+dlZuyOj2\/qwtl9Jf1J8Xv\/uDBmsx+ax\/YQ\/piZZiChMP2fYHBsJ7341mpzcqCfUT1pLK1NSnnuj2v7x8Tydvgm\/JcTsgN7zV0W+H334\/Vv\/K248rR\/P788bru07+XsJfHwLt2WGql+lk7U9RON54r6po31ms3zgSAJhMyProlz78q2pTy9aWh2pezk\/b27uk+0b\/m9vvhuWfHZCP\/PKo\/Hff6Swy8XQRz5uTj6VFZ\/7GoTAtnnsr6xLm8I1z8cDIYXF199Fy2Jo7ZmbNFOTahToZH+aPy\/YstmfzQBmSufSwzo+vy1HXK387K0\/qozMwWg7miQy6\/tnL\/UzU0fC43oydYFXXyfX1CRHXuwYBAfcvZmhlwfsrMDQAAyqg0Xj0XOX6ju4vgoA9fkJ9ebcno+IT9d3l8YPp4Of5p0cf71AX7uQlvvIDhsrUhdXuzbPGiGc\/548Vcu3EmAEQ15E27CWB9HbqxLuv2n7ti+7jHwURKYeHMUW9CWl2v\/rguo9Mfk3wwJHq8Z05dNrZGZfzP+rYZjK0uedXu259kdWtSjulgyP1jMrm1Kj95J8PC0moekJmbnZHR+stglu3qbxWV88\/jMup16DqQ5AeaOlbu3ANmwJkHnDCgymnbfuq+yfhaeWaXHjQtN7CllOIYLBfIjjHPv6CuXUaPz6v73Wygfm91+5ldRrD6wrxfEEA0x1ZF3Sf8VMymdMvw+7V+HftZ7hfLLMxz\/ePLyxpa\/Rxafd82ysspItl3Tb+L0jH+93PLyPzfR9P3949Xr7nYtPSs1XcEhtQfs3LrhciJr1172K1F+fS4BMGbJt++UcPnmhyOtBvmgp2snKGkx372ZjM9Dm0d5Ot6nKm17R+QLMYb6ESWDdiOGiefr6k+7aX99+7otqqbPm7uT+oTbrypvAYOrkvysfxOxv3Yb7sI5tjAxllv8KajkK171fdINXZnJ2Xr1U+24s7J4fEt2ZCiMnZ88VgKCpUt\/NEQGT9cfGcMGN1ghUvsbr6oyQXXcVuT0yK38jRH3dnOy8wrd4xJccwDMKqzvjD+vFiO+OMbdafO9HJLA\/Rx\/jKvUTkx\/tK81szx5gBiZcBRGT0h5+SWOf4rnbHmfRb7\/SRPOdfLG6tm1NVnOWu\/q3otyQIxx+Rldqz6nsHyiqqfQ9X3bUEPcnRn2CZ1NPxdqG\/4oRQp90\/UwLw8m69+Hsd+8x\/3vn\/2nt7x34icO+43am1+18BAmpQLeV8auSBRFs7caloq1U4xmNRtit8mXJWXddX2XCzO3Lln59SniCArB6rPm3f107\/Y1Rddajwn+gLZPV7qy7vStn9AshhvoCtenxhpUxZX9XXErZ5t3zAxPiqNPya8gErV\/l56cmRU1n9rHfrRfa+\/jPnmC9VO5roZ96Mf7CozZ+FMzexV4yrXhxvql2wf3DOmsdN774TLorzKqMuThpy4HUYTTYaAOzGINA6byfPud69KPsuiM8aeyy2vLmXLB0dn5GMv4BFkfTUFV0yKYxCAGR0Xt4Bg4crV4tiocHlBeflibDYx4H\/+LG1cpPYn2\/Da7\/d9nnKulzdKRVq5+izf2O+aZdbpYIybHSgtjejk59AFs0zT7wzjqaPlDLyrM0eLn82Vl7Jens2vPy5S7q98r9osl03o3tOb\/VA\/v1svvEatx98RSEPFniQ5dS58U7EUKuLqjHvNl3JMtcP+hdPVGXPh4troG7IaTVfvdsYSAybYP8nWGT+g409uqNK8v2Ln2vYPSBbjDXRM\/Z5qeZtj2xQ\/oHPfTOD61xG9MHneBVRUabm\/VzEhHV1aqrklW942JAtnZr0+tItxP\/rCrpdZFYMxVWbeZJtCbfzbPhjV5vGKrJiMnzaWbWw3bzZCjuyNEzS6WSNql3hZ4QbItkH+94ZseRfeZZ2kriENwQbIdpYl\/vv1lw9GZGne4cz1u\/OTRQaXHmw+Eft4hxliATNLbQIueq8qqV6OUCH7fv4spirzx0c7bJgX5M2GSOOPFrW\/3c+hKzq7LvJebc7PTNYuuM9wIT6bH9XiPX09\/Y7AgMmCx+r86Ppi+aoczWYA\/UCQunCpFW10bUnUZVJ5nwLTHgbLuTHETEAx2D9RXV77WVtN+yvGRMd4HfQPSBTjDezc1ZnHxYSvrg86w8sFQ9ryly+pUpE5WA78Ne3vpTO93p3LNkKOT7hYbVaghNqM+9EXertnTrAPTuQCOIsy28FYpJHMMg5sJxpbzpRFsTds9dMnzO1xeaoGec3RR1P5dsTf16eJ3fS5InUNaWu9jK4iCKnr8laxjKocIMq42cOvVmXmdvcBnXwdvz6HJNxrqhvZ96t7f+HNla43Co\/o5OfQMXMO5xlFvqpOyGsXzPurTtY+1Knye+r01lxPvyMweLKBrV7aOWvv6JFoRuIu20MMKNdHZPsstdZ2nBlR2T8gUYw3sFvm2jbrp9R\/J267AI0O8Jl\/x5YnZxMZHfxu6xttMgB1IOfshqorHWxhELn+Rtp6GMxZlJXz\/qbDNh3wfLF8SW9SmA\/GmmbwSmv8dCaNv\/5eNZrnvA2V2214qC9+\/fc2+\/msy8tWaWc5M7NTOx\/bdNYs52qZuob06TTZ0XDfh7lnN1RNrLhg0AHAir0i5p6tFMGbNoPLlrLzYUZufH1CGqU0367o7xfsodNDbX4OMXrdbryDswGsYD8fdQ7qvzSX740VUZ5x0AFme7M9mz7qZwdk7Y69re3gOwLDRQ1On6j+97jq7+09MYur\/tJmc263XD6qzsMbkQ2S\/QkgDKe5Z0tN9ajoI3RWa5gpFoxD24wzQx30D0gW4w107P5SMCGr98eZtG2K3n4kCLxlAb6tbC+mymyZNvQfCAr+YmTQVqm6eraLP\/pjkxb8djFsR5Ga3QVzspSuIvooT0pZMleOms1j7XOyzZa8DIBwTXz5eJ1irTdntfva3J6R1a\/CiGO4540p+UVqsLRFlWyTMW9ta5VsPeRjEX9PlXd2E7JeZDCgj+kouVfvVJmfXpWblTMhpbpqi6uLC39IEKWXJ0U9Nn9uVx\/XLltHd\/yqzncUkKxiljPoYGXxWXey9Cum+ueghd9Xpxm3Gjgr2Tms97pyr2XOwcoO0Q7Oi328dJJ957J9wPTg3x3\/tcjTYE+E9t8RGDylVP92e8ypc1dvdl6lvlGMDfS5rSdK\/P41+0sw7vFI\/6\/pWWwyZYfdTFCPyn2E3grgsRp9uroUjkPbjzN97fsHJIvxBjo27tWT5mvb90Jfl2aZ\/fZ9I21VsA9oVlqN7XW9Cvekm5\/W62mQqpEDBw5s29tAEl69eiXT06rlGTL64mZ+\/OngBBSvLUnj4hup9fn30dlD5zbaDOqAPjSsbSXSMAj1k\/6hPwxKW0d9er\/oEzFodJ3u7Z45AN6Pa\/FlBknTMw39HpjSf5WgZdo9AGBo0T+gl6hPAHaAYA7Q1+ZkqfFO3t0+IQ1veRbek2DpqCr6rxJUpN0DAIYE\/QN6ifoEoAdYZoXkkCYJAO3RVqKfUT\/RK9QldIJ6gkGj6zSZOQAAAAAAAAkhmAMAAAAAAJAQgjkAAAAAAAAJIZgDAAAAAACQEII5AAAAAAAACSGYAwAAAAAAkBCCOQAAAAAAAAkhmAMAAAAAAJAQgjkAAAAAAAAJIZgDAAAAAACQEII5AAAAAAAACSGYAwAAAAAAkBCCOQAAAAAAAAkhmAMAAAAAAJAQgjkAAAAAAAAJIZgDAAAAAACQEII5AAAAAAAACRmp1+vb9jYAAAAAAAD63IgqBHOQlHq9LhMTE\/ZfAIAY2kr0M+oneoW6hE5QTzBo6vW6\/D+OR0IzPcNuQQAAAABJRU5ErkJggg==\" alt=\"\"><\/p>","protected":false},"excerpt":{"rendered":"<p>Tegund:&nbsp;900026FO<\/p>","protected":false},"featured_media":77843,"comment_status":"closed","ping_status":"closed","template":"","meta":[],"product_brand":[],"product_cat":[517,601,821],"product_tag":[],"class_list":{"0":"post-75754","1":"product","2":"type-product","3":"status-publish","4":"has-post-thumbnail","6":"product_cat-lykillausnir","7":"product_cat-utivistarvorur","8":"product_cat-ymislegt","10":"first","11":"instock","12":"taxable","13":"shipping-taxable","14":"purchasable","15":"product-type-simple"},"yoast_head":"<!-- This site is optimized with the Yoast SEO plugin v27.3 - https:\/\/yoast.com\/product\/yoast-seo-wordpress\/ -->\n<title>STUBAI Hj\u00e1lmur \u00f6ryggis 900026FO - V\u00e9lar &amp; Verkf\u00e6ri<\/title>\n<meta name=\"robots\" content=\"index, follow, max-snippet:-1, max-image-preview:large, max-video-preview:-1\" \/>\n<link rel=\"canonical\" href=\"https:\/\/velarogverkfaeri.is\/en\/lykillausnir\/oryggisvorur\/product\/stubai-hjalmur-oryggis-900026fo\/\" \/>\n<meta property=\"og:locale\" content=\"en_US\" \/>\n<meta property=\"og:type\" content=\"article\" \/>\n<meta property=\"og:title\" content=\"STUBAI Hj\u00e1lmur \u00f6ryggis 900026FO - V\u00e9lar &amp; Verkf\u00e6ri\" \/>\n<meta property=\"og:description\" content=\"Tegund:&nbsp;900026FO\" \/>\n<meta property=\"og:url\" content=\"https:\/\/velarogverkfaeri.is\/en\/lykillausnir\/oryggisvorur\/product\/stubai-hjalmur-oryggis-900026fo\/\" \/>\n<meta property=\"og:site_name\" content=\"V\u00e9lar &amp; Verkf\u00e6ri\" \/>\n<meta property=\"article:publisher\" content=\"https:\/\/www.facebook.com\/VelarOgVerkfaeri\" \/>\n<meta property=\"article:modified_time\" content=\"2025-11-14T14:04:02+00:00\" \/>\n<meta name=\"twitter:card\" content=\"summary_large_image\" \/>\n<script type=\"application\/ld+json\" class=\"yoast-schema-graph\">{\"@context\":\"https:\\\/\\\/schema.org\",\"@graph\":[{\"@type\":\"WebPage\",\"@id\":\"https:\\\/\\\/velarogverkfaeri.is\\\/lykillausnir\\\/oryggisvorur\\\/product\\\/stubai-hjalmur-oryggis-900026fo\\\/\",\"url\":\"https:\\\/\\\/velarogverkfaeri.is\\\/lykillausnir\\\/oryggisvorur\\\/product\\\/stubai-hjalmur-oryggis-900026fo\\\/\",\"name\":\"STUBAI Hj\u00e1lmur \u00f6ryggis 900026FO - V\u00e9lar &amp; Verkf\u00e6ri\",\"isPartOf\":{\"@id\":\"https:\\\/\\\/velarogverkfaeri.is\\\/en\\\/#website\"},\"primaryImageOfPage\":{\"@id\":\"https:\\\/\\\/velarogverkfaeri.is\\\/lykillausnir\\\/oryggisvorur\\\/product\\\/stubai-hjalmur-oryggis-900026fo\\\/#primaryimage\"},\"image\":{\"@id\":\"https:\\\/\\\/velarogverkfaeri.is\\\/lykillausnir\\\/oryggisvorur\\\/product\\\/stubai-hjalmur-oryggis-900026fo\\\/#primaryimage\"},\"thumbnailUrl\":\"https:\\\/\\\/velarogverkfaeri.is\\\/wp-content\\\/uploads\\\/2025\\\/11\\\/899f66af-78c7-4472-9ddb-ed7337154501.jpg\",\"datePublished\":\"2025-09-06T14:11:17+00:00\",\"dateModified\":\"2025-11-14T14:04:02+00:00\",\"breadcrumb\":{\"@id\":\"https:\\\/\\\/velarogverkfaeri.is\\\/lykillausnir\\\/oryggisvorur\\\/product\\\/stubai-hjalmur-oryggis-900026fo\\\/#breadcrumb\"},\"inLanguage\":\"en-US\",\"potentialAction\":[{\"@type\":\"ReadAction\",\"target\":[\"https:\\\/\\\/velarogverkfaeri.is\\\/lykillausnir\\\/oryggisvorur\\\/product\\\/stubai-hjalmur-oryggis-900026fo\\\/\"]}]},{\"@type\":\"ImageObject\",\"inLanguage\":\"en-US\",\"@id\":\"https:\\\/\\\/velarogverkfaeri.is\\\/lykillausnir\\\/oryggisvorur\\\/product\\\/stubai-hjalmur-oryggis-900026fo\\\/#primaryimage\",\"url\":\"https:\\\/\\\/velarogverkfaeri.is\\\/wp-content\\\/uploads\\\/2025\\\/11\\\/899f66af-78c7-4472-9ddb-ed7337154501.jpg\",\"contentUrl\":\"https:\\\/\\\/velarogverkfaeri.is\\\/wp-content\\\/uploads\\\/2025\\\/11\\\/899f66af-78c7-4472-9ddb-ed7337154501.jpg\",\"width\":1772,\"height\":1181},{\"@type\":\"BreadcrumbList\",\"@id\":\"https:\\\/\\\/velarogverkfaeri.is\\\/lykillausnir\\\/oryggisvorur\\\/product\\\/stubai-hjalmur-oryggis-900026fo\\\/#breadcrumb\",\"itemListElement\":[{\"@type\":\"ListItem\",\"position\":1,\"name\":\"Home\",\"item\":\"https:\\\/\\\/velarogverkfaeri.is\\\/\"},{\"@type\":\"ListItem\",\"position\":2,\"name\":\"Vefverslun\",\"item\":\"https:\\\/\\\/velarogverkfaeri.is\\\/vefverslun\\\/\"},{\"@type\":\"ListItem\",\"position\":3,\"name\":\"STUBAI Hj\u00e1lmur \u00f6ryggis 900026FO\"}]},{\"@type\":\"WebSite\",\"@id\":\"https:\\\/\\\/velarogverkfaeri.is\\\/en\\\/#website\",\"url\":\"https:\\\/\\\/velarogverkfaeri.is\\\/en\\\/\",\"name\":\"V\u00e9lar & Verkf\u00e6ri\",\"description\":\"Umbo\u00f0s- og heildverslun fr\u00e1 \u00e1rinu 1919\",\"publisher\":{\"@id\":\"https:\\\/\\\/velarogverkfaeri.is\\\/en\\\/#organization\"},\"potentialAction\":[{\"@type\":\"SearchAction\",\"target\":{\"@type\":\"EntryPoint\",\"urlTemplate\":\"https:\\\/\\\/velarogverkfaeri.is\\\/en\\\/?s={search_term_string}\"},\"query-input\":{\"@type\":\"PropertyValueSpecification\",\"valueRequired\":true,\"valueName\":\"search_term_string\"}}],\"inLanguage\":\"en-US\"},{\"@type\":\"Organization\",\"@id\":\"https:\\\/\\\/velarogverkfaeri.is\\\/en\\\/#organization\",\"name\":\"V\u00e9lar & Verkf\u00e6ri\",\"url\":\"https:\\\/\\\/velarogverkfaeri.is\\\/en\\\/\",\"logo\":{\"@type\":\"ImageObject\",\"inLanguage\":\"en-US\",\"@id\":\"https:\\\/\\\/velarogverkfaeri.is\\\/en\\\/#\\\/schema\\\/logo\\\/image\\\/\",\"url\":\"https:\\\/\\\/velarogverkfaeri.is\\\/wp-content\\\/uploads\\\/2021\\\/10\\\/vv_logo_350x100.png\",\"contentUrl\":\"https:\\\/\\\/velarogverkfaeri.is\\\/wp-content\\\/uploads\\\/2021\\\/10\\\/vv_logo_350x100.png\",\"width\":350,\"height\":100,\"caption\":\"V\u00e9lar & Verkf\u00e6ri\"},\"image\":{\"@id\":\"https:\\\/\\\/velarogverkfaeri.is\\\/en\\\/#\\\/schema\\\/logo\\\/image\\\/\"},\"sameAs\":[\"https:\\\/\\\/www.facebook.com\\\/VelarOgVerkfaeri\"]}]}<\/script>\n<!-- \/ Yoast SEO plugin. -->","yoast_head_json":{"title":"STUBAI Hj\u00e1lmur \u00f6ryggis 900026FO - V\u00e9lar &amp; Verkf\u00e6ri","robots":{"index":"index","follow":"follow","max-snippet":"max-snippet:-1","max-image-preview":"max-image-preview:large","max-video-preview":"max-video-preview:-1"},"canonical":"https:\/\/velarogverkfaeri.is\/en\/lykillausnir\/oryggisvorur\/product\/stubai-hjalmur-oryggis-900026fo\/","og_locale":"en_US","og_type":"article","og_title":"STUBAI Hj\u00e1lmur \u00f6ryggis 900026FO - V\u00e9lar &amp; Verkf\u00e6ri","og_description":"Tegund:&nbsp;900026FO","og_url":"https:\/\/velarogverkfaeri.is\/en\/lykillausnir\/oryggisvorur\/product\/stubai-hjalmur-oryggis-900026fo\/","og_site_name":"V\u00e9lar &amp; Verkf\u00e6ri","article_publisher":"https:\/\/www.facebook.com\/VelarOgVerkfaeri","article_modified_time":"2025-11-14T14:04:02+00:00","twitter_card":"summary_large_image","schema":{"@context":"https:\/\/schema.org","@graph":[{"@type":"WebPage","@id":"https:\/\/velarogverkfaeri.is\/lykillausnir\/oryggisvorur\/product\/stubai-hjalmur-oryggis-900026fo\/","url":"https:\/\/velarogverkfaeri.is\/lykillausnir\/oryggisvorur\/product\/stubai-hjalmur-oryggis-900026fo\/","name":"STUBAI Hj\u00e1lmur \u00f6ryggis 900026FO - V\u00e9lar &amp; Verkf\u00e6ri","isPartOf":{"@id":"https:\/\/velarogverkfaeri.is\/en\/#website"},"primaryImageOfPage":{"@id":"https:\/\/velarogverkfaeri.is\/lykillausnir\/oryggisvorur\/product\/stubai-hjalmur-oryggis-900026fo\/#primaryimage"},"image":{"@id":"https:\/\/velarogverkfaeri.is\/lykillausnir\/oryggisvorur\/product\/stubai-hjalmur-oryggis-900026fo\/#primaryimage"},"thumbnailUrl":"https:\/\/velarogverkfaeri.is\/wp-content\/uploads\/2025\/11\/899f66af-78c7-4472-9ddb-ed7337154501.jpg","datePublished":"2025-09-06T14:11:17+00:00","dateModified":"2025-11-14T14:04:02+00:00","breadcrumb":{"@id":"https:\/\/velarogverkfaeri.is\/lykillausnir\/oryggisvorur\/product\/stubai-hjalmur-oryggis-900026fo\/#breadcrumb"},"inLanguage":"en-US","potentialAction":[{"@type":"ReadAction","target":["https:\/\/velarogverkfaeri.is\/lykillausnir\/oryggisvorur\/product\/stubai-hjalmur-oryggis-900026fo\/"]}]},{"@type":"ImageObject","inLanguage":"en-US","@id":"https:\/\/velarogverkfaeri.is\/lykillausnir\/oryggisvorur\/product\/stubai-hjalmur-oryggis-900026fo\/#primaryimage","url":"https:\/\/velarogverkfaeri.is\/wp-content\/uploads\/2025\/11\/899f66af-78c7-4472-9ddb-ed7337154501.jpg","contentUrl":"https:\/\/velarogverkfaeri.is\/wp-content\/uploads\/2025\/11\/899f66af-78c7-4472-9ddb-ed7337154501.jpg","width":1772,"height":1181},{"@type":"BreadcrumbList","@id":"https:\/\/velarogverkfaeri.is\/lykillausnir\/oryggisvorur\/product\/stubai-hjalmur-oryggis-900026fo\/#breadcrumb","itemListElement":[{"@type":"ListItem","position":1,"name":"Home","item":"https:\/\/velarogverkfaeri.is\/"},{"@type":"ListItem","position":2,"name":"Vefverslun","item":"https:\/\/velarogverkfaeri.is\/vefverslun\/"},{"@type":"ListItem","position":3,"name":"STUBAI Hj\u00e1lmur \u00f6ryggis 900026FO"}]},{"@type":"WebSite","@id":"https:\/\/velarogverkfaeri.is\/en\/#website","url":"https:\/\/velarogverkfaeri.is\/en\/","name":"V\u00e9lar & Verkf\u00e6ri","description":"Umbo\u00f0s- og heildverslun fr\u00e1 \u00e1rinu 1919","publisher":{"@id":"https:\/\/velarogverkfaeri.is\/en\/#organization"},"potentialAction":[{"@type":"SearchAction","target":{"@type":"EntryPoint","urlTemplate":"https:\/\/velarogverkfaeri.is\/en\/?s={search_term_string}"},"query-input":{"@type":"PropertyValueSpecification","valueRequired":true,"valueName":"search_term_string"}}],"inLanguage":"en-US"},{"@type":"Organization","@id":"https:\/\/velarogverkfaeri.is\/en\/#organization","name":"V\u00e9lar & Verkf\u00e6ri","url":"https:\/\/velarogverkfaeri.is\/en\/","logo":{"@type":"ImageObject","inLanguage":"en-US","@id":"https:\/\/velarogverkfaeri.is\/en\/#\/schema\/logo\/image\/","url":"https:\/\/velarogverkfaeri.is\/wp-content\/uploads\/2021\/10\/vv_logo_350x100.png","contentUrl":"https:\/\/velarogverkfaeri.is\/wp-content\/uploads\/2021\/10\/vv_logo_350x100.png","width":350,"height":100,"caption":"V\u00e9lar & Verkf\u00e6ri"},"image":{"@id":"https:\/\/velarogverkfaeri.is\/en\/#\/schema\/logo\/image\/"},"sameAs":["https:\/\/www.facebook.com\/VelarOgVerkfaeri"]}]}},"_links":{"self":[{"href":"https:\/\/velarogverkfaeri.is\/en\/wp-json\/wp\/v2\/product\/75754","targetHints":{"allow":["GET"]}}],"collection":[{"href":"https:\/\/velarogverkfaeri.is\/en\/wp-json\/wp\/v2\/product"}],"about":[{"href":"https:\/\/velarogverkfaeri.is\/en\/wp-json\/wp\/v2\/types\/product"}],"replies":[{"embeddable":true,"href":"https:\/\/velarogverkfaeri.is\/en\/wp-json\/wp\/v2\/comments?post=75754"}],"wp:featuredmedia":[{"embeddable":true,"href":"https:\/\/velarogverkfaeri.is\/en\/wp-json\/wp\/v2\/media\/77843"}],"wp:attachment":[{"href":"https:\/\/velarogverkfaeri.is\/en\/wp-json\/wp\/v2\/media?parent=75754"}],"wp:term":[{"taxonomy":"product_brand","embeddable":true,"href":"https:\/\/velarogverkfaeri.is\/en\/wp-json\/wp\/v2\/product_brand?post=75754"},{"taxonomy":"product_cat","embeddable":true,"href":"https:\/\/velarogverkfaeri.is\/en\/wp-json\/wp\/v2\/product_cat?post=75754"},{"taxonomy":"product_tag","embeddable":true,"href":"https:\/\/velarogverkfaeri.is\/en\/wp-json\/wp\/v2\/product_tag?post=75754"}],"curies":[{"name":"wp","href":"https:\/\/api.w.org\/{rel}","templated":true}]}}