{"id":75753,"date":"2025-09-06T14:11:17","date_gmt":"2025-09-06T14:11:17","guid":{"rendered":"https:\/\/velarogverkfaeri.is\/?post_type=product&#038;p=75753"},"modified":"2025-11-24T16:15:59","modified_gmt":"2025-11-24T16:15:59","slug":"stubai-klifurbroddar-mount-track-crampons-medium-926531","status":"publish","type":"product","link":"https:\/\/velarogverkfaeri.is\/en\/lykillausnir\/utivistarvorur\/ymislegt\/product\/stubai-klifurbroddar-mount-track-crampons-medium-926531\/","title":{"rendered":"STUBAI Klifurbroddar mount track crampons Medium 926531"},"content":{"rendered":"<p><img decoding=\"async\" src=\"data:image\/png;base64,iVBORw0KGgoAAAANSUhEUgAABHIAAABoCAYAAACdSdcCAAAAAXNSR0IArs4c6QAAAARnQU1BAACxjwv8YQUAAAAJcEhZcwAADsMAAA7DAcdvqGQAABg2SURBVHhe7d1NaJVX\/sDxn\/+d2STucldjVyYOA0k2zXSj1YU0MIh0b1OVQYQiHQvVUv6LP0O1UEdECDKoje6LlIFIF1rddOwmCQxjklXtKtmZbNz6P6\/Pc57X+5p770m+n+GZJvfdPOc5L7\/zO+ceEJF36gDasrGxIUeOHHG\/AQCwe2hzgMHjOkQeZWL\/4twP3v+4\/wIAAAAAAGDIEcgBAAAAAACIBIEcAAAAAACASBDIAQAAAAAAiASBHAAAAAAAgEgQyAEAAAAAAIgEgRwAAAAAAIBIEMgBAAAAAACIBIEcAAAAAACASBDIAQAAAAAAiASBHAAAAAAAgEgQyAEAAAAAAIgEgRwAAAAAAIBIEMgBAAAAAACIBIEcAAAAAACASBDIAQAAAAAAiASBHAAAAAAAgEgQyAEAAAAAAIgEgRwAAAAAAIBIEMgBAAAAAACIRHeBnAev5N27d\/LuzVO54m4aGP9Z1PHmWfbT3Fsrvx2DdeXZm+ScZY61e+4RXfr8qbwxr\/lKevSKXbgnr8xneSNPP3c3AQD6JmlzetXG9Mhufi7f\/9HHqwfuxoGgDcQVefrGlsVMfzzpq2XLaFvXRSf9vaHqI8IIxnL+aH3sRh0TJ3\/ewiO9JhnD1+t9Ro6\/CAfYURr78DyVcswmzqsyFHNF7CslOgcAgEAf+0h6IHx+wv1SaTfaK9pAlLkpv23Zn8Yak\/YH5cpfZmTM\/Tz5Z19irsjctL117d8XzH8Hg7LcHy7I92laLrAf6OvrvHDWO9fzQM6Vww330yBNyvkhm3FDjfX7cuDAAXt8v+ZuHJMTf+3yHN46KYfM6x6VvnYDPn9PilfBBTlqPsshOXnL3QQA2Ff62UeabNiB8PbPX5j29eg582tWaXvVpd14TewJF\/7t+njj77lM\/jRgYyS3T4otvtuy+R9zQ73d6u9RlvviyrOv5YQrBmvfu\/GAPv72TDbtzdiLHnzggjhrct+fc3XcXzc3Ghcm7W2HTtx0tyDU00COTn\/67kN3JeazKnLpcmGKVJg+mfzsnxs+r5XgzPaarG2r\/6r3r08jTlM8\/UHa1hA4d1S++FmfQGXig2AGxM+KuCNczhek5drDzZyUps2Gr6Nu9+UreT1\/vy5\/ucea+5VcWdZHUtb0ff844WaXJuW8us+Wq\/B1zZ1KkzIYfv7w3zgMSxkBYK+p6aeE6d3Vy5Xq25faPpKT9oGaL4UKHxu+j29bfDbO2IffqfuL71XdXmnhvyV8bafqb1X7ml7w2rRn+8t\/NsX08MZmZM6URxew8X13f7sPoGwvy1Iy+ZXvMwX9srL+Xq7fdC8YaxSEj\/X3t1SW0b17ct7VizronAk43zopR4MBfHWdV632OSXlJnm8LwfBY566+5rVzWjXpHwcXFsXJtOAbGZpVXidhkdwTvPne6+fq75sdmz+qLl0Od2xKPxxVccm6eTojIz\/fSNvwudNfFzsiBRsyv3\/e2YaislPgwo9Q3civkuiv57+TFTSg3fzX8u2oVfN+HumQdcXbi71buyEfGcqWXUuk4a2GX3ew9dRDXNlGqcqf\/\/IPtZXMmUzqpOflnSSa7VTBtXnDP+N6t9+nkYEAHqm1X6Kvi1crjR5xncg22lfKmT6QLpdqerDqHcLg0Kebhd7ERipbXPb6NOVyrWt6nW\/pt+1f9xakmUbyZHGn9R\/HtgZ+e2V+\/KLWXblbv9Tw\/Z5tn4TO4wv6zOpa6yqvOsynO835a+XRK6P1XQiGD2VZD1ty\/K\/qrMuOqnzeltPTsqJyjKEjpy7L8\/sgM+0ITrw0tE43NUTZee7\/fFZXHoayNHpT0k2hVkuo5eRBOtcfbqcWz6TroV1tp\/JF8H9ulZd\/pt+zn2xt7gKvplbJ+UHk5aVjfAlXMORSeVy78n+OsMnWT+dLMFy5SGTsWMj+fb+itTakvMepu\/l+fLqH+PXdN88cci9jz6+cJWQK5vnjppUUHsV2PcpTQdsqwxuyzNzHfj3Emkc7qCiAwCUaKOf4tuhpJ\/SsHV5C+1LeR\/J\/mr4PlDShrjJjIJ78oELJqXLEFy7qAesD27KyUPp+9u2sWRZb0V7Vd\/mNvlbtdAGVrWt2A\/SfXJ0P8ZPjG2+vpksuwpvT\/bH8deXv0Z8fyjJ7MlKynD+8aUq+lit9ufQB83qPHNXTifPqedfp3SZKjpg26qkXVRMQKcq0JYsoQyeo6\/xSV1P+PPtr2f\/mDGZ+cveHTP1ISPHr3NVP33qUp2qZql85N2nXsqm\/GY6HmuymZ7jllyYtBfr2Idfy8fj9jYvyahY\/yUd8CfviUFLN76z59+v87ep6LoMhTOFF+S+u5h9NLeqAig778l67YJ0XfaaL3xu7XY2ba+YVdOK9sqgvw7KNwoEAHSj9X7K9qZrM5L62gZb2mtfKvg+0K3f6veFSGaw1+SXZEDRfj+pSn2b20afrlRJ24p9xV8XY405FxR05dhdU2PT5+W8uT0tK8n1pbMpWuh7JftDrSzZa0r9\/9JKVXkr9rHQR0l9VzPg7qTO63k9Gb4OeimZIE8mSJoE2h68spk3Oohz6KS9xpPzrbM+bdtUyMbag\/qytMpLI6LuMBG03XJBjpoCMSZjufN487XrIoUZHT6NE4PlL05l++f7aZBDS2YH\/WEzb5IKwM+cqAqgNlU7OO\/3\/txuQMSt5U1meVx0v02UQQAYPl33U7pqX1qUDHwm5YOks5sGWHqmos31+tunw57hg6DjMzKjy6wPfvplV2OTMqlvz+yP4yR9L3\/Uf4HE2PScm9jLbaqMIXJBfvHZefklmp8\/lVe6P99JndfWc3z2I+Wkr9SYL7OU6twvzcdUeu8qPXkQBnEy0owcf+zlTLrdC+SYmRy9Li3NmEhmb8xRvfa7Z84dLV86kxSUSbN5WTijVAgeYPcls37pedAX6N\/dhXfhny5AEz5OHbay1+um3W3BGmedppuX7r2TnvfmX81aIZkVyu0jkGHfp3S9J2UQAAaj0JZ0309pu31J+kju97akA5\/087q2SLWd9zuaNU7bq\/o2t52\/VU0biP0rCdiMmT5bkuWWy4hJs2n0hN0Pts+U9L3sUVW2kmy4FjN4mqMs7ya\/ikLL1CuqX2+zLDqp81p4TpANZLM4vpMZV5OjP5LVFOH5UaWhNPvJB3G0sC7QKzGSbVXSjJzkPvOEvanngZyksg3ojIlw\/Vs\/hZVDSn8VdHG9rJ5dYv3r4Jn1\/GGUVa+JTNYpN1fY9d7Tr+PT9jRdkbddLtNOrLb2fcm666QyqUMZBIBh0XU\/pcX2payP1InMfjuezqApnaGsUdZeNWlzm\/6tWmoDsX+FAZvsBrfhcsTshJzuM7WRAX0u+AZUTV0bpRO7zVCW+0Sf3\/J9K3056KTOa\/4cv3rDUff9fcX9jN1XuqWE3o+qfK\/TZIllBX2+O7rOI\/eOg6PdY2Njo\/T2uI577169c9buldzPwcHBwTEMR3xtDu0Lx947ou37ff703Rt3Ob55dqX8MRwdHXtjPMDRycG5H\/zR1z1ygMG6Ik\/fBOl2SQrftjz7J4uZAACdon0Bhkew7F4fydL7NfmBrGcAewSBHOxv23rjvPrN8gAAaBvtCzA89JKaiiUbABAjAjnYR27KyUPZnczb3k8AAIAC2hdgeNg9VzLXI9+qBmCPIZADAAAAAAAQCQI5AAAAAAAAkSCQAwAAAAAAEAkCOQAAAAAAAJEgkAMAAAAAABAJAjkAAAAAAACRIJADAAAAAAAQCQI5AAAAAAAAkSCQAwAAAAAAEAkCOQAAAAAAAJEgkAMAAAAAABAJAjkAAAAAAACRIJADAAAAAAAQCQI5AAAAAAAAkSCQAwAAAAAAEAkCOQAAAAAAAJEgkAMAAAAAABCJAxsbG+\/czwAAAAAAABhiBw4ePEggB21bXV2Vqakp9xsAALuHNgcYPK5D5FEm9i\/O\/eCxtAoAAAAAACASBHIAAAAAAAAiQSAHAAAAAAAgEgRyAAAAAAAAIkEgBwAAAAAAIBIEcgAAAAAAACJBIAcAAAAAACASBHIAAAAAAAAiQSAHAAAAAAAgEgRyAAAAAAAAIkEgBwAAAAAAIBIEcgAAAAAAACJBIAcAAAAAACASBHIAAAAAAAAiQSAHAAAAAAAgEgRyAAAAAAAAIkEgBwAAAAAAIBIEcgAAAAAAACJBIAcAAAAAACASBHIAAAAAAAAi0XUg5\/KTTXn79q09NpfksrvdWpBlf58+Vhbc7aHsY5bvupuVzGubY1k92su9duG9Uwsr2dfFkLi7bM5d9blx57hQbnLnXh2bT\/Jn\/7IsbZa\/ti4P6ePt47Jly\/lsSTb97ebn7HtWv7d9j7LHJu9T9nql14fmPmPl\/Yr7W6ZH8O\/R9+WuD\/v5Sv7N6DlTj9WdOwB9V9YvyPc52u036OeXtQdapk2gPsA+Vt+3T1VdT5nn1\/T9sc+EfXZEo+l4pOlYcX\/rKpCjK9PrUytybWRERtRxbXVargcdlMtPZmXrS3vfyMg1eT4+n62UzUU3L\/LIP2ZEZi66+5Qj46Oy8+Jact\/IyIxccvfJ3dngeeq15bhczVf4brA8f8T9juGzsyON0+UN8eUnZ2TC\/ZxwZaaRKRfXZGXqehcN+o76GBNypqIDbtyZk4Z\/v0fr6inPk3Lf+Oi2e1Dq0nT62Z7viKwnZTUow7Iui+41RkYWZf1I7vrw7n4ix7fW1f2zpRWdqQTPSvBa6ngkMltR6enrdn5cf\/7wswDAPlDZL7gsp8bT\/oyu5yfOtjoosJML14+Nut9DNhA\/L4tp\/TxNzYv9q7Zvb9RcT2pQd\/3YZtLfWdw6nhl3AIjPzk6jYgym2s\/ThZEgAl0EclSnZ2pU1n+cEz+Mvf3RYzXYPCNLn\/nfZ2Tujv1Z\/SZzP67L6NSpZLC9cO64iKrMw+BN3ubvxUGycXEmeN5t+Wl1R0bHg56Z7qx9Oy0rX9qBNIbY6LSccmUmtSCfHBNZ3whPnrqgv7JlJhs8UWWrYYN5n3QUsR2VzdXnIseuJmW3\/y7Jwxe5MuwsvD8h67\/OyMuNYrCpMiiTuT4CvhPUSK9bANgXavsFqh2ZDurFiy9lXRpyuGmboAeddkJqccPdFNKBeNU6XSN4AyQq+\/ZNrifdH9p58TDp71x68Fx2Kia5AMQjjA8kTPu5LuuM4yv1eI+cDdnaGZXxP7pfcy7\/oSGy9dp1lBZk9si6PC7JZrAuy+Fx92NTdtD\/\/EHQUTIZFI0gkIThtCKPX4gcP5drhu\/OysTGY3m45X7XPjsl06NVZcYG8ybe77A5\/31ObujP8VWnWT27xV4nLy+qDsuv2UBoWTC1lh7EmMydNjNx3Ay2T2X2WUMmvXllyS1N23RBsNyytzBLyi3xWkjSot1zXNqkOTIza3Yme\/muW1rmHlNIrwyfX3gN\/XnU+9wN\/w2tzrK793\/inpv8W7Kfp7BMIvN5luWUuxnAgLXRLzAZoaoNav7YSzIzks0mDplAfKt1dFLnBfWoqV\/COsfXtZathxeCpVu2fjO3u9eoWu4F9F+zvn3d9aT7QzuyshRcTXd+kpWdicoM5Oy146+t7DWEwSvvT2brsWLfLdvfXJ5zNyM+q49LJ+Nt+\/lQwqEgsroI5LiBc7gsRkfOyjKLDR1sUYPOX90Q8rPD0thRpya8SEuWxkyc9RdpseJNOy6z8pKgTbQ2cplcpuE9rbNQcuGGP47LqCozZZOe2u3fN0XGDxfKUKtuf3SjfIleP3y2JFfzwUjNBLRe2sCLniHOZC8dkfHRHdn6r\/u11rRcNTPRHQRxzPN8CvSirLi7jCPTIt\/o2931l1nyuKg+b65iVr+fkRvm\/ms6cPatun7ff2kf\/6WeWQvLgTVx9qp7D\/uYxtmgLtBBk7MNeV63hFNG5fhpkRv+ftXpm88HX2pMTLnnmiwm3Sm8LtOrPi3cvl8SXDKfJ1jm9uWWTJcutwAwdIKg9VVdT3WdRaMHraqOljCQ3HwQOXFW92l0HWKX3L59m9aBixuqPstPfKjHzP7q71f1m\/\/8+jUercvosU9yAyBgsOr69r2Tb69H5OX788Ul+xgOuf6kDuJktu940Qj6bjqIE27NcU22po6r3h7itGFW7WRiCqo9PuMmslGtq4yc2x817PpU30F5f6tiGZO94PS+JpkoezCo00d2rateLuMvUHU82lSDvmyFn+5D8lJm1fsz6xSrS\/JSdU6n59z5c6noD\/t+8aoy941eYtWvTq\/tcJtr5ysdLMgHI\/MBrdzfqR26ddtp\/7l2+eON4HNdkrkwIyo\/Y51Z0qU\/r0jjD8F77jyXG+75t5dW9O5EafDKzKwVM\/rWHwV\/lztz8jj4G9g06\/DzFZdw6j2Qnn\/jZ8Tt\/e0E\/DKz6YWsMPt6PhMsn\/atP++NF+SEAlEI9kK7IVdV3dxq9l6dMJDs+zL1r7v+yAfcbR0a1rM6M7NQf20sJvWuuV+COqrlJWJAPzTv2\/dMSRb3pelFdT1gKGX6k1Xbd7hldHqSU\/Un03GC7b\/T24pYbrLajj+C\/jRKdb20Kg2mqGP6dTFDwCwzOGM2PS5uCpurYOvWuqoBop6JKh+IXpKZL\/s5AEev6XPvz58ZDK\/+lA6evf9uyc7ouFTtXZ1dulevcn22CRS0l7HROb\/Zsd3fp7hZt+6EhDNXdoPOdHa1filjxs6K3Ggsyuax620EPG0KdPVa9jLZNObajcbvvJZN9b\/XYSCoBRtbvqmu+HxNyklXdFZYGIDTx9kJN7Dq5O8FYBiZiapwX7LcEtPCksoamWDwxYcmK7B6KUiWru92tqryUEvo+q8mcxUYKrV9+1ZVZCY3yeLGMNMZ59n+79u3OpvKBqXb6e8jFnqvUL\/VRskySpTq7R45JkK6Ij\/5gZkO4pzekmtly57MIK59DJL2KBdAmX1iU+lK98GpXQvtovdJ9spteb2VywYxmq3P1sFJm87ev\/W2diYhv9ny5blpGd0IvunEB32Sv0G7+wL5gOf14j4zpar+hlVsGvP4j+nnLd38s0v6Gy+sms+3W503M0hKv7EsOcyyq\/LPk35eANEKsnXM0dKyK1snAKjXWt++ZPLKTHjVTAjlJ3X0tg7uRwwzfa53gmXz\/rDjydKtFMxEG2Lms66WWt6jDj0M5CzI8tlwUz+3LKRykz+dMpzNfNBpVKN+PxD1ekth5sDdZZkP1sotrISpyeq9vgqfixjplPCJY3WpdDbg0Tib3\/DWBhCOb6Xp5ZrZHDgfHHlytYVlW5dkRn\/1rPosfWsUzBKccLPlfGDKywZvbKU3X9xfSl0vpcEaPRgxX6ubpjLrvaaqsnSKf8PcdZmR37NHR9Tdj13I7sNl6wEf6Ct+PlsXSFlGVxkzy97G8gkdTKzZR0nPnmf2ozBrfN3PWrvvB6A\/1LW5XOhzdD8jaNq18GvMzV6CrPvHflXft6\/nljIH11N23JBjlhVmv+3TPN79jGGm+7o1X0BiMq\/DPRjtmBOxs7GB42V7hqJUd4EcVQGHKW\/yqLjTfDYtTh\/pAFIvy1oUvZGfvW9e\/RbOco0fu54+L\/dtOxtbjWB5gx3Ed78xIQbKpJw36TibWdFFkUy5cpvZ5c\/\/xRm3\/jp9rNk4rZWv3jbpvu7nPvGbLZt9omo6+2ZvmWRTYPsND5m9qvRxeqs6WKX+bX6jYf2NUHozzsq\/eeFvOC\/jlTNnLi0yeeysnlTp2rpqzK\/6f5fZ2DjYsLnw+WxZKC7jrKBncNoKAOv1\/XaJmn0\/e\/igmV6OYTbk8\/d9JfI43COn7fcD0Bd3XptsxeS6NnVNSTZxu0wdJWmd0Mk3BwJ7SF3fvinTf0nb2Py4ISvNQvbvN\/sre+TEorAPqz785L8eC5gvv\/D3XRX5kT1y9gKzzUq4uge1Dhw8ePCd+xlo2erqqkxNTbnfEC2dIXLutTSGMghqM630Uq18gLhXFlY25fCDHgzWWtTv9wP2CtocYPCivw51n+fbcXlMMLVnqJv3L8794PV2jxwAcdGzGvs4k+3SdH+DKv1+PwAAoLENA4C9hUAOAAAAgD1EZ\/UGy3LYhgHAHkMgB8CQ0vvR7N6yKgAAsFfZPkTmW48I4gDYQwjkAAAAAAAARIJADgAAAAAAQCQI5AAAAAAAAESCQA4AAAAAAEAkCOQAAAAAAABEgkAOAAAAAABAJAjkAAAAAAAARIJADgAAAAAAQCQI5AAAAAAAAESCQA4AAAAAAEAkCOQAAAAAAABEgkAOAAAAAABAJAjkAAAAAAAARIJADgAAAAAAQCQI5AAAAAAAAESCQA4AAAAAAEAURP4ftrO1SJzs6ocAAAAASUVORK5CYII=\" alt=\"\"><\/p>","protected":false},"excerpt":{"rendered":"<p>Tegund:&nbsp;926531<\/p>","protected":false},"featured_media":77834,"comment_status":"closed","ping_status":"closed","template":"","meta":[],"product_brand":[],"product_cat":[517,601,821],"product_tag":[],"class_list":{"0":"post-75753","1":"product","2":"type-product","3":"status-publish","4":"has-post-thumbnail","6":"product_cat-lykillausnir","7":"product_cat-utivistarvorur","8":"product_cat-ymislegt","10":"first","11":"instock","12":"taxable","13":"shipping-taxable","14":"purchasable","15":"product-type-simple"},"yoast_head":"<!-- This site is optimized with the Yoast SEO plugin v27.3 - https:\/\/yoast.com\/product\/yoast-seo-wordpress\/ -->\n<title>STUBAI Klifurbroddar mount track crampons Medium 926531 - V\u00e9lar &amp; Verkf\u00e6ri<\/title>\n<meta name=\"robots\" content=\"index, follow, max-snippet:-1, max-image-preview:large, max-video-preview:-1\" \/>\n<link rel=\"canonical\" href=\"https:\/\/velarogverkfaeri.is\/en\/lykillausnir\/oryggisvorur\/product\/stubai-klifurbroddar-mount-track-crampons-medium-926531\/\" \/>\n<meta property=\"og:locale\" content=\"en_US\" \/>\n<meta property=\"og:type\" content=\"article\" \/>\n<meta property=\"og:title\" content=\"STUBAI Klifurbroddar mount track crampons Medium 926531 - V\u00e9lar &amp; Verkf\u00e6ri\" \/>\n<meta property=\"og:description\" content=\"Tegund:&nbsp;926531\" \/>\n<meta property=\"og:url\" content=\"https:\/\/velarogverkfaeri.is\/en\/lykillausnir\/oryggisvorur\/product\/stubai-klifurbroddar-mount-track-crampons-medium-926531\/\" \/>\n<meta property=\"og:site_name\" content=\"V\u00e9lar &amp; Verkf\u00e6ri\" \/>\n<meta property=\"article:publisher\" content=\"https:\/\/www.facebook.com\/VelarOgVerkfaeri\" \/>\n<meta property=\"article:modified_time\" content=\"2025-11-24T16:15:59+00:00\" \/>\n<meta name=\"twitter:card\" content=\"summary_large_image\" \/>\n<script type=\"application\/ld+json\" class=\"yoast-schema-graph\">{\"@context\":\"https:\\\/\\\/schema.org\",\"@graph\":[{\"@type\":\"WebPage\",\"@id\":\"https:\\\/\\\/velarogverkfaeri.is\\\/lykillausnir\\\/oryggisvorur\\\/product\\\/stubai-klifurbroddar-mount-track-crampons-medium-926531\\\/\",\"url\":\"https:\\\/\\\/velarogverkfaeri.is\\\/lykillausnir\\\/oryggisvorur\\\/product\\\/stubai-klifurbroddar-mount-track-crampons-medium-926531\\\/\",\"name\":\"STUBAI Klifurbroddar mount track crampons Medium 926531 - V\u00e9lar &amp; Verkf\u00e6ri\",\"isPartOf\":{\"@id\":\"https:\\\/\\\/velarogverkfaeri.is\\\/en\\\/#website\"},\"primaryImageOfPage\":{\"@id\":\"https:\\\/\\\/velarogverkfaeri.is\\\/lykillausnir\\\/oryggisvorur\\\/product\\\/stubai-klifurbroddar-mount-track-crampons-medium-926531\\\/#primaryimage\"},\"image\":{\"@id\":\"https:\\\/\\\/velarogverkfaeri.is\\\/lykillausnir\\\/oryggisvorur\\\/product\\\/stubai-klifurbroddar-mount-track-crampons-medium-926531\\\/#primaryimage\"},\"thumbnailUrl\":\"https:\\\/\\\/velarogverkfaeri.is\\\/wp-content\\\/uploads\\\/2025\\\/11\\\/69cd40d7-bf40-4351-bd94-f8c07aacb2fb.jpg\",\"datePublished\":\"2025-09-06T14:11:17+00:00\",\"dateModified\":\"2025-11-24T16:15:59+00:00\",\"breadcrumb\":{\"@id\":\"https:\\\/\\\/velarogverkfaeri.is\\\/lykillausnir\\\/oryggisvorur\\\/product\\\/stubai-klifurbroddar-mount-track-crampons-medium-926531\\\/#breadcrumb\"},\"inLanguage\":\"en-US\",\"potentialAction\":[{\"@type\":\"ReadAction\",\"target\":[\"https:\\\/\\\/velarogverkfaeri.is\\\/lykillausnir\\\/oryggisvorur\\\/product\\\/stubai-klifurbroddar-mount-track-crampons-medium-926531\\\/\"]}]},{\"@type\":\"ImageObject\",\"inLanguage\":\"en-US\",\"@id\":\"https:\\\/\\\/velarogverkfaeri.is\\\/lykillausnir\\\/oryggisvorur\\\/product\\\/stubai-klifurbroddar-mount-track-crampons-medium-926531\\\/#primaryimage\",\"url\":\"https:\\\/\\\/velarogverkfaeri.is\\\/wp-content\\\/uploads\\\/2025\\\/11\\\/69cd40d7-bf40-4351-bd94-f8c07aacb2fb.jpg\",\"contentUrl\":\"https:\\\/\\\/velarogverkfaeri.is\\\/wp-content\\\/uploads\\\/2025\\\/11\\\/69cd40d7-bf40-4351-bd94-f8c07aacb2fb.jpg\",\"width\":1772,\"height\":1181},{\"@type\":\"BreadcrumbList\",\"@id\":\"https:\\\/\\\/velarogverkfaeri.is\\\/lykillausnir\\\/oryggisvorur\\\/product\\\/stubai-klifurbroddar-mount-track-crampons-medium-926531\\\/#breadcrumb\",\"itemListElement\":[{\"@type\":\"ListItem\",\"position\":1,\"name\":\"Home\",\"item\":\"https:\\\/\\\/velarogverkfaeri.is\\\/\"},{\"@type\":\"ListItem\",\"position\":2,\"name\":\"Vefverslun\",\"item\":\"https:\\\/\\\/velarogverkfaeri.is\\\/vefverslun\\\/\"},{\"@type\":\"ListItem\",\"position\":3,\"name\":\"STUBAI Klifurbroddar mount track crampons Medium 926531\"}]},{\"@type\":\"WebSite\",\"@id\":\"https:\\\/\\\/velarogverkfaeri.is\\\/en\\\/#website\",\"url\":\"https:\\\/\\\/velarogverkfaeri.is\\\/en\\\/\",\"name\":\"V\u00e9lar & Verkf\u00e6ri\",\"description\":\"Umbo\u00f0s- og heildverslun fr\u00e1 \u00e1rinu 1919\",\"publisher\":{\"@id\":\"https:\\\/\\\/velarogverkfaeri.is\\\/en\\\/#organization\"},\"potentialAction\":[{\"@type\":\"SearchAction\",\"target\":{\"@type\":\"EntryPoint\",\"urlTemplate\":\"https:\\\/\\\/velarogverkfaeri.is\\\/en\\\/?s={search_term_string}\"},\"query-input\":{\"@type\":\"PropertyValueSpecification\",\"valueRequired\":true,\"valueName\":\"search_term_string\"}}],\"inLanguage\":\"en-US\"},{\"@type\":\"Organization\",\"@id\":\"https:\\\/\\\/velarogverkfaeri.is\\\/en\\\/#organization\",\"name\":\"V\u00e9lar & Verkf\u00e6ri\",\"url\":\"https:\\\/\\\/velarogverkfaeri.is\\\/en\\\/\",\"logo\":{\"@type\":\"ImageObject\",\"inLanguage\":\"en-US\",\"@id\":\"https:\\\/\\\/velarogverkfaeri.is\\\/en\\\/#\\\/schema\\\/logo\\\/image\\\/\",\"url\":\"https:\\\/\\\/velarogverkfaeri.is\\\/wp-content\\\/uploads\\\/2021\\\/10\\\/vv_logo_350x100.png\",\"contentUrl\":\"https:\\\/\\\/velarogverkfaeri.is\\\/wp-content\\\/uploads\\\/2021\\\/10\\\/vv_logo_350x100.png\",\"width\":350,\"height\":100,\"caption\":\"V\u00e9lar & Verkf\u00e6ri\"},\"image\":{\"@id\":\"https:\\\/\\\/velarogverkfaeri.is\\\/en\\\/#\\\/schema\\\/logo\\\/image\\\/\"},\"sameAs\":[\"https:\\\/\\\/www.facebook.com\\\/VelarOgVerkfaeri\"]}]}<\/script>\n<!-- \/ Yoast SEO plugin. -->","yoast_head_json":{"title":"STUBAI Klifurbroddar mount track crampons Medium 926531 - V\u00e9lar &amp; Verkf\u00e6ri","robots":{"index":"index","follow":"follow","max-snippet":"max-snippet:-1","max-image-preview":"max-image-preview:large","max-video-preview":"max-video-preview:-1"},"canonical":"https:\/\/velarogverkfaeri.is\/en\/lykillausnir\/oryggisvorur\/product\/stubai-klifurbroddar-mount-track-crampons-medium-926531\/","og_locale":"en_US","og_type":"article","og_title":"STUBAI Klifurbroddar mount track crampons Medium 926531 - V\u00e9lar &amp; Verkf\u00e6ri","og_description":"Tegund:&nbsp;926531","og_url":"https:\/\/velarogverkfaeri.is\/en\/lykillausnir\/oryggisvorur\/product\/stubai-klifurbroddar-mount-track-crampons-medium-926531\/","og_site_name":"V\u00e9lar &amp; Verkf\u00e6ri","article_publisher":"https:\/\/www.facebook.com\/VelarOgVerkfaeri","article_modified_time":"2025-11-24T16:15:59+00:00","twitter_card":"summary_large_image","schema":{"@context":"https:\/\/schema.org","@graph":[{"@type":"WebPage","@id":"https:\/\/velarogverkfaeri.is\/lykillausnir\/oryggisvorur\/product\/stubai-klifurbroddar-mount-track-crampons-medium-926531\/","url":"https:\/\/velarogverkfaeri.is\/lykillausnir\/oryggisvorur\/product\/stubai-klifurbroddar-mount-track-crampons-medium-926531\/","name":"STUBAI Klifurbroddar mount track crampons Medium 926531 - V\u00e9lar &amp; Verkf\u00e6ri","isPartOf":{"@id":"https:\/\/velarogverkfaeri.is\/en\/#website"},"primaryImageOfPage":{"@id":"https:\/\/velarogverkfaeri.is\/lykillausnir\/oryggisvorur\/product\/stubai-klifurbroddar-mount-track-crampons-medium-926531\/#primaryimage"},"image":{"@id":"https:\/\/velarogverkfaeri.is\/lykillausnir\/oryggisvorur\/product\/stubai-klifurbroddar-mount-track-crampons-medium-926531\/#primaryimage"},"thumbnailUrl":"https:\/\/velarogverkfaeri.is\/wp-content\/uploads\/2025\/11\/69cd40d7-bf40-4351-bd94-f8c07aacb2fb.jpg","datePublished":"2025-09-06T14:11:17+00:00","dateModified":"2025-11-24T16:15:59+00:00","breadcrumb":{"@id":"https:\/\/velarogverkfaeri.is\/lykillausnir\/oryggisvorur\/product\/stubai-klifurbroddar-mount-track-crampons-medium-926531\/#breadcrumb"},"inLanguage":"en-US","potentialAction":[{"@type":"ReadAction","target":["https:\/\/velarogverkfaeri.is\/lykillausnir\/oryggisvorur\/product\/stubai-klifurbroddar-mount-track-crampons-medium-926531\/"]}]},{"@type":"ImageObject","inLanguage":"en-US","@id":"https:\/\/velarogverkfaeri.is\/lykillausnir\/oryggisvorur\/product\/stubai-klifurbroddar-mount-track-crampons-medium-926531\/#primaryimage","url":"https:\/\/velarogverkfaeri.is\/wp-content\/uploads\/2025\/11\/69cd40d7-bf40-4351-bd94-f8c07aacb2fb.jpg","contentUrl":"https:\/\/velarogverkfaeri.is\/wp-content\/uploads\/2025\/11\/69cd40d7-bf40-4351-bd94-f8c07aacb2fb.jpg","width":1772,"height":1181},{"@type":"BreadcrumbList","@id":"https:\/\/velarogverkfaeri.is\/lykillausnir\/oryggisvorur\/product\/stubai-klifurbroddar-mount-track-crampons-medium-926531\/#breadcrumb","itemListElement":[{"@type":"ListItem","position":1,"name":"Home","item":"https:\/\/velarogverkfaeri.is\/"},{"@type":"ListItem","position":2,"name":"Vefverslun","item":"https:\/\/velarogverkfaeri.is\/vefverslun\/"},{"@type":"ListItem","position":3,"name":"STUBAI Klifurbroddar mount track crampons Medium 926531"}]},{"@type":"WebSite","@id":"https:\/\/velarogverkfaeri.is\/en\/#website","url":"https:\/\/velarogverkfaeri.is\/en\/","name":"V\u00e9lar & Verkf\u00e6ri","description":"Umbo\u00f0s- og heildverslun fr\u00e1 \u00e1rinu 1919","publisher":{"@id":"https:\/\/velarogverkfaeri.is\/en\/#organization"},"potentialAction":[{"@type":"SearchAction","target":{"@type":"EntryPoint","urlTemplate":"https:\/\/velarogverkfaeri.is\/en\/?s={search_term_string}"},"query-input":{"@type":"PropertyValueSpecification","valueRequired":true,"valueName":"search_term_string"}}],"inLanguage":"en-US"},{"@type":"Organization","@id":"https:\/\/velarogverkfaeri.is\/en\/#organization","name":"V\u00e9lar & Verkf\u00e6ri","url":"https:\/\/velarogverkfaeri.is\/en\/","logo":{"@type":"ImageObject","inLanguage":"en-US","@id":"https:\/\/velarogverkfaeri.is\/en\/#\/schema\/logo\/image\/","url":"https:\/\/velarogverkfaeri.is\/wp-content\/uploads\/2021\/10\/vv_logo_350x100.png","contentUrl":"https:\/\/velarogverkfaeri.is\/wp-content\/uploads\/2021\/10\/vv_logo_350x100.png","width":350,"height":100,"caption":"V\u00e9lar & Verkf\u00e6ri"},"image":{"@id":"https:\/\/velarogverkfaeri.is\/en\/#\/schema\/logo\/image\/"},"sameAs":["https:\/\/www.facebook.com\/VelarOgVerkfaeri"]}]}},"_links":{"self":[{"href":"https:\/\/velarogverkfaeri.is\/en\/wp-json\/wp\/v2\/product\/75753","targetHints":{"allow":["GET"]}}],"collection":[{"href":"https:\/\/velarogverkfaeri.is\/en\/wp-json\/wp\/v2\/product"}],"about":[{"href":"https:\/\/velarogverkfaeri.is\/en\/wp-json\/wp\/v2\/types\/product"}],"replies":[{"embeddable":true,"href":"https:\/\/velarogverkfaeri.is\/en\/wp-json\/wp\/v2\/comments?post=75753"}],"wp:featuredmedia":[{"embeddable":true,"href":"https:\/\/velarogverkfaeri.is\/en\/wp-json\/wp\/v2\/media\/77834"}],"wp:attachment":[{"href":"https:\/\/velarogverkfaeri.is\/en\/wp-json\/wp\/v2\/media?parent=75753"}],"wp:term":[{"taxonomy":"product_brand","embeddable":true,"href":"https:\/\/velarogverkfaeri.is\/en\/wp-json\/wp\/v2\/product_brand?post=75753"},{"taxonomy":"product_cat","embeddable":true,"href":"https:\/\/velarogverkfaeri.is\/en\/wp-json\/wp\/v2\/product_cat?post=75753"},{"taxonomy":"product_tag","embeddable":true,"href":"https:\/\/velarogverkfaeri.is\/en\/wp-json\/wp\/v2\/product_tag?post=75753"}],"curies":[{"name":"wp","href":"https:\/\/api.w.org\/{rel}","templated":true}]}}