{"id":75737,"date":"2025-09-06T13:11:17","date_gmt":"2025-09-06T13:11:17","guid":{"rendered":"https:\/\/velarogverkfaeri.is\/?post_type=product&#038;p=75737"},"modified":"2025-12-18T12:05:46","modified_gmt":"2025-12-18T12:05:46","slug":"stubai-oryggisthjalmur-idnadar-890451","status":"publish","type":"product","link":"https:\/\/velarogverkfaeri.is\/en\/lykillausnir\/utivistarvorur\/ymislegt\/product\/stubai-oryggisthjalmur-idnadar-890451\/","title":{"rendered":"STUBAI \u00d6ryggisthj\u00e1lmur I\u00f0na\u00f0ar 890451"},"content":{"rendered":"<p><img decoding=\"async\" src=\"data:image\/png;base64,iVBORw0KGgoAAAANSUhEUgAABHQAAABqCAYAAADdnwZOAAAAAXNSR0IArs4c6QAAAARnQU1BAACxjwv8YQUAAAAJcEhZcwAADsMAAA7DAcdvqGQAABosSURBVHhe7d0\/bFRXvsDxn1+ZxqbzVEsq20QrYTdh0+BAgbC0Qig9Idh6QpYiK0ukQPT0iqfVAlK8yIqE0AoI0EdotZJRCgg0WWhsS6tgTxVSjTvshtbv\/L\/n3rn3zl+P5+LvR7piPDOeGTNnzv2d3\/mdMyP1en1vYmJCgF6odiS0IwBAP3BOwSDR3lCEtgHaAIaZbp\/\/5S4DAAAAAACgIkjoAAAAAAAAVAwJHQAAAAAAgIohoQMAAAAAAFAxJHQAAAAAAAAqhoQOAAAAAABAxZDQAQAAAAAAqBgSOgAAAAAAABVDQgcAAAAAAKBiSOgAAAAAAABUDAkdAAAAAACAiiGhAwAAAAAAUDEkdAAAAAAAACqGhA4AAAAAAEDFkNABAAAAAACoGBI6AAAAAAAAFUNCBwAAAAAAoGJI6AAAAAAAAFQMCR0AAAAAAICKIaEDAAAAAABQMb0ndO6\/lr29Pdl7+1SuuKsOjH8t6nj7LP1q7m7mX48hEb13qaOP7WqY2gDtEQD22115HZ9PzPFaXTtYV569tc+92ednHqb461C7Ik\/f2vaVOqd\/9VTeunb3+r67TumkPXTTdvatvaF3UZsIRwfvE7Fjtfn3Lz5838DnFr3YnwodH2QcYKMc+3R+4EEb9sHYKfku6vCqyHfSnIABYFB0MmdeptxPeeib0R\/L8tu2vTRWS1rclT\/PyJi7PPUnH5Fekblpe+3mvxfMvwfDJzsHn+A8rMxg\/u+nQpvA4aLf\/\/lJ9wPQZ\/uS0LlytOYuHaQpmSfLWT07z+TrkREZ0cdfnsmOu3rqfO8zkAtT9nGPnFp21wzGVK359H1QrwUADoX7n7hkzqbc8+cUddzbMlcaeX0z0I2Ff2\/aC+MfulglSdwY4fopsc1uRxr\/MVeUWj51xLbdqT4nf776UIYhUj807r8Og\/mdn78O\/dHIyD3VQ+H9d1c+ce\/\/5g\/J+Wjkh+Td37fPOg6Fvid0dAbyu0\/dSWxyXvb23srTr+yP2WU18axYXGoWLvvfjX+vnSTNzqZs6kyAev7yyo6kTNYfzNQNkVun5Yjv7MZmZM63IyVpI\/aI3+dsSaN\/T\/318Xsc3\/f1fT9jlbTZ+HfS97W357WhpPzd3uZP4mOffqdut7Nhea8l+\/nIzpy1fi0AgLQp+SzqZxemjslCSd+cPbekYhh1j+QcES\/nylQ5xMsq1PmgqUqoqa\/PP4e9ffbUPkc4p5Q8Jw7Wfxp2AirEKi5x4+NRf71PpOysyeotfUGL39f4\/Y7aYxz7ZtrX3bz7OHF7Dm1Mt79QKTIl8+q2VCyCPlP9zXnXC2zdy0zkLcixeADfIg7M09RnRe0naSvJ4zS1qeg+T91txJX7JzVBfemYHLtkL6bfl0yfEI6oPWTaCp\/hw21gmyKbhvpFOqzRQVRTpzE5nySE1Onm1P++lbfx701+FgVXRRpy7\/9sdcfUF0Wdof6wfCen\/FM5+jXxoRgil35xsxdjUvujuWCC3aSNWFNf2KBbt7N2Sxr148T3nfqiuDxft4vUfUOH7GfbInqZWDuJx0je50M\/9nzOybz4tQAAjEv35Jkr8bQJm\/YC3uaqHRWH\/D3bD+vr4vNFlDTSg6N4WYU6H8xnzld5Vcz+HBYb+\/RU9Bw6Zkk\/53zTOQMH5taqrNmMjo1VXIXYzvo9+cUsx3LX\/7Fm28b2b2KG9WYwnYk9ymKINtpXkIqndRsrioexv5I4sWyZXSdxoJcXD5v2Eyd12jYlp4raEnq0IPd+9icku5VEKvHWrp2GGRO1PabGodH3hI5eSvK1b7Rb92Rk5IicvhWtGfalZq7yIllX7PglN6EyQ2TtL\/p3fFliMrAvdeu0\/GhKq9Ozc4E72abKsd1zsv\/OMPNlizvyzLQL397GZObP8fucvK\/5y5pyyh+j0scmpi1H9xmrufazIMfc86RuN+XVy3L6SFLib8ts9exwVvL5SEpxv3aDkZz2W\/haAACW7X9DPKKYxI4Joov7Zr8c1h4+7qjJh5lkiz9v+Mfwe6eEfVOi5cPxMi8tlNabw\/f1ObGNf4wjp2U5J2aJ\/zYctGQfndrRKyFp13izHJZjxdf7gX1oL\/687tvc5Ce5cWhz+\/LtJ4e\/T1i+7trxpWPRdbY9sfz7oHUYBxp5y3hc+9GJvi4G9\/5xfNUI+sf0+9FWEjax05zIt6KxRRibqM+qPhdEbaXlmBqHxoAqdJLs9NQXrjysaGbJz1r48lVpyG+mLHVTGuFT0J6FKduxjX36P\/LZuL3OCzNkW78kA+zwnBgaIYh1683Dum89Q2rbUjw7sXzqR3syU7+ly4j17bkZ6\/A4m\/KLP3GFaqBmOw13S2gjPsDPlEV2NWOarKlf+5cPqpLgMKv4tQAAYiF5EhLg5QOdeDnrXuGmysn+J5s+MHF7pPgKn531VRvLKOE+jpldDc\/RXCnsxY+RF7Msv2m4SxgGPnEzVptzAy4XX7hz9dj0vMyb65P2EyrCzBYFZW3Oam5fy7K6nm5fgY+nb\/2mImkcnGT8Ujzg7iwONPLi2Oi5Ohc\/DvaF3krCJGqSIoVT\/12ShNEVeWZcoROvfkK4gzE1Do2BLbnykiyyO\/Z186cFOWaCuDEZc43fC4FQPAviS2ExHEJHpmz9KKfDenMtqdDxh51hSrLafla0vMx4Sj7xwX1IHrXvyrPPzO\/4dt3djKk\/AcdVRlfkw0wSEgDQpvuv00usShL2gTrnfKZnvH21RDyb2qGx6TmT4NF9uZ9Nte7aJTKhwsIH9m2KYpa7fyKIHyp+kmV8Rmb0W+6Tb3451tiUTOnrU\/vnOKFCxx951byJ4vaF4RMl3SbnM0s\/78prs7yuizgwJOqiODYa7Kf5iT\/ay8FQ73NqidWC\/JKp3GwSllfGyZy0wY6pMcz2N6FjZhx0OVmydjBkE80xgPW8l441lTsbIbhLKjl8hnPn53ulJ1LsI7+2VB9hnbjqzHwnFZbSJRU65nAdZTzzGfaZcWtOU8J696hN9pDh9o\/RtJY5YvdxyGvzycne7\/WQzNpuyo+UQgNAx5L+VB++8qF5Frqpb\/bVEvFeJW0K33YUzmUFFTjh9vKKDG\/5X2suuZTELO3uF4cBCYmbMdNuQjVtptIirrxa+IdLGoYKHXsU7YXRdvtqm21P7B25v5ZP\/bVpTy97+M9\/N3FgkhRIxlbu8XaeyT3dz4Wkj4+Zv5OZrtPU6Ek8vlGH779z91VK7ZUVjVPNeeoAx9QYWvuS0EmWvSR02fNBrff2S6\/SdCVH89pjne1kLfEQMbNW6cy03uMgN0mXy685zdJ7KMTtYkee\/dD5bGyqresZ17DWNRECthJmWUD2d80MbvksHQAgR+4S6vRMZ1PfHCYMNF0F2mH1jHbpWDrWUeewdOwTbY6pbP5QsgdKLP7WR63gfIODFCdu4qUz6l33iRhF76sT6Pe1k0qwnPbVfjwUSbV17L\/mPb08n\/jrJg5M7Vvq6bg5xL1+pYKjbvvruruMAcpfCqfHnLn7FbVYMXKQY2oMqXq9vqf+4eDo6Xgf2tHdzT3n9d7dnNs5ODg4OAZzEJtwDPKobHv76uneWxe5vH12Jf8+HD0d9EUctAGOYT50+xz4HjrAsEhvTJmUP7LkDgAADJ\/MFzFES9NZng0AhxMJHSCwGy2z5A4AAFRCztJ0AMDhQUIHh1b4OttwHMl8kxYAAMCwSL7JMxx8sw0AHGokdAAAAAAAACqGhA4AAAAAAEDFkNABAAAAAACoGBI6AAAAAAAAFUNCBwAAAAAAoGJI6AAAAAAAAFQMCR0AAAAAAICKIaEDAAAAAABQMSR0AAAAAAAAKoaEDgAAAAAAQMWQ0AEAAAAAAKgYEjoAAAAAAAAVQ0IHAAAAAACgYkjoAAAAAAAAVAwJHQAAAAAAgIohoQMAAAAAAFAxI\/V6fc9dBgAAAAAAQAWYhM7x48fdj0B3NjY2hHYEAOgHzikYJNobitA2QBvAMNPtkyVXAAAAAAAAFUNCBwAAAAAAoGJI6AAAAAAAAFQMCR0AAAAAAICKIaEDAAAAAABQMSR0AAAAAAAAKoaEDgAAAAAAQMWQ0AEAAAAAAKgYEjoAAAAAAAAVQ0IHAAAAAACgYkjoAAAAAAAAVAwJHQAAAAAAgIohoQMAAAAAAFAxJHQAAAAAAAAqhoQOAAAAAABAxZDQAQAAAAAAqBgSOgAAAAAAABVDQgcAAAAAAKBiSOgAAAAAAABUDAkdAAAAAACAiulLQmfpSUPevXvnjjW57a73bq\/729Sxnr11SVYbye2NJ0vu+ix3v9Tvp383\/\/Et\/RrW7rgfMHy+XJVGTtvphGmHBe\/\/fjDtuq3ns+20\/+0vaf\/Fn5t+uS1r7xqy+qX7sUODfm+amPYV9RNN\/2c5fYn7e1P9V+pIt1dzv8aqeqQ8+v+v4HfvrOX\/Xs5nIt3XDuJ9B6or77Mb+mH9uSv4DOnfK\/tsZT+HTX17qr+J+828fsYefJarL9su8uLh1H0y\/X7ZbTgsWsVaNpZgPFNF2TiwuN8vjyc7V9y3ZF7TQcbp6EnvCR0VFF0\/2ZAHH3wgH6jj2ouaXIwai26UF+WBuU0fD9RPcQO+vX5dZrf97Q+kcfJ6fkd153OZHXWXgwkZH92V59\/YxzbH9KK7zXGB1cUJ9zPQSpvJpcXpnPY2QEtProbPTu3siru2WKtBSpW197dthX7K9zXZ39l65G\/XR03mvnfvs\/n5mjzfje8zI+HdV23m\/PiWeoZpOZMNxEx7Oi\/bcT\/1aFuOdpgc03\/j9fHHyWOo17Ou+kAAxXZfXIs+Mx\/IzGV3g7arPtAnP2\/Z16ctyZnxdbnmH\/PRlkxeiM4X+vN+c1rW\/ef9m3WZvulvX5G5mrveH988l13Vczxuow\/HcJsYH820t+gcoZg+\/HjUdmpzqkU4mVj6wfasXGdwhSaLMqPaR9KPtUoAYWh8eVRqqTi0IHbX8WQfQ7uyfmfpyYkoNlUx7nh6jI7q6Dmhs\/SHmkj9ZThprayuy+7ouBtm3JYTE7vy\/H5ySlu8\/zwKoLK3L8rDF7sy+XH2JLYkq+fUx6Cugq8mDXmjBl25QmBlB2LA+8QEj9t19xM6o4IiNRAbHe\/PWXNpblpk46E83BCZvZTpvz4al9Hddfkp7qcuz5lkUfuW5Oi4yNareHigBodn458BdGZd1uuTcrGjgbP63E1HA\/HLL1WIXgsJWt0XjNYfJ5\/v7+fksXqO8wVB8u1LsyIvHqYG\/qiuxu8FiTkzSFODuTiJE7n98aTsRu1Ax8q7EydcrAzgvbC7La2idn1OaNS33E89atHvrJydiWJRdW77p4qLj5+JKnhQFT0ndEwCZ+J8yA7bYCZJ8DT5\/o00fPBz54RMZgY69vHSJzFbifBYHm67KzyT7SyhAqmam2VHtZjyQBVk68yyLwVsyhq7knl7rMkZd7WVM2uRXdqiE37h910Jq77PzVkZFRXk6+tdoG9fz6orl7eP61+jlS2lb13hk0iXPCZ\/Z9Fj2ut11dnoyevq+uTvTJVVlt7fXpeuhrPXlWbnP4r\/z7J\/Y9HfkeXemzvJY9n7xr\/f\/P\/X\/t9mbmjJJKP7YknOHFdDw9WV3P5Lft2W3dGcyp2OrMgb1f81J7sB9OKn6QeyNXGx6yUMS0\/Oy2ScwMlR397NTx67YJvqnPeBTboXMUn\/wsSdndzU55Dg+59kfXdSThS2S3vu8+fEtTs5MQ+Gg4k145jGxjpJn5MTjxXGWtF9zeNeVNHqqMzeVPeL4tv8eAkHSk\/uuYuF1Bjk4vhzefjK\/dyj8n6nmYmLt9\/kJn+8eFyWtK3u4nr0T+9LrnTSxJQU2zfMLAkIy1AW5WVddTTRjLUJftzltqgO66ouQy1c2uIG3vro43pDDAEVZJ945UoBdTXFyatJsKITLxckKV38ZlumT7bsKiPqpPjtrDTC8pkH8lJffXkmlMCbx47b3YTqGP+m75uTJPzyjIxv+FJrXRFWPCObdXv9otRCmfY1efy7u6HwMW3Z\/oO6X05gX48+gcdllWb5o0k45d1\/RX7ayFTDqeebHi0bXKjP8jmRG9HrSWa2dad9UST6\/2zE71eT6LHU\/7eYZMwJeRk9dvz\/19nfZn+n3G35XLWXdMWL6k0u+BNPB\/2J\/n8Tl5jOC8J1H\/mo0RRwdWpxWv2\/jF80r63bwSdw2NhEr\/9c5wWUtlovtWyqlWgy4KrcSJ0nspNcvq\/JQ3XO+yc5h6STK7qitvH7RDS46aUf14P66zId4oMP5OXHemCPoZSNC\/Rktvonib\/09hFb8jIsoyqLtSJm0vqBilbd1hOuCqM4XsKBG52V674PaHpPVBx9oSbP\/5ZfTdONzvqd\/Lg4ppM58TYq117ElRadxfXor77sofPuW9\/xqOPVCfUGJoFRPAjRx1U18Gm\/kMwPutPrkAPTmbnnVYdZc0xS5\/1Rf5CsE778UHUGozL+kf0xW56s28KNF52vq6v9wbeWRVmM91bIUzYLq55\/JiRCbLKkk+U8yX1X1Otwj9PRY+oqEdUR\/zM5EaycfSxbJSXb9vYOqut00BBONLY0U8aP2s+bqbZ7Lg\/D\/6FePikyPVf0aYweywQ7OiHj38\/s39r535YvSv665FNqPw0ltYdOQYlqlhmUbfzk7puTKNN0olA95rWNaXMyL62CKmSTVzpZJmbQwGwH0ErZniaB+nw+KFkW1SSKPW6oqCb1WdS3+QSu6WtOyHbuuUlXZVCd8\/7w\/bM7TBtIJ3UmL\/jBjTrUgKd2ocuKmpzJl0VdaeYuY9jYuMDHm7oKYuvFc9mN46dU7FUSa7XUr3gJfefiQHu4sXGU1LGTuzfanJRsX3v9jp2U1ZPL2bg4cBWlcYHFytm5\/HbbMq5Hv\/WY0FmS1XOTqY7DB0bJDHX6JFdbVYPosn1vNLfG0G+YXNi4MswJreelDRh+trS5cK16W3S7vCbrx93sbR9mL+IyxOsdVAvpTXf1ZuHmdzMJyfYfU8\/wxLOD+tAzdsneDs1sBZ1NuthlQ\/F+V50wZZrxzIN7ve113nY5UfH72c3flie9GV27\/Uo5PShTf3pUBWDep9QMfWLlbE09d8nm71m5663tpojZDegBdM\/u71dWVZhPf6abkkGpwH1G3uTtd9Y0iMN7xcTC\/vxqZSehHmdub7Yr27+6izGzL1vrvTgwPFZ+b7i9SXSs1ZCXZ9WA132Jgp6gLKuK6Ey\/4iXsLzUG+VuyT5auqtJLrW60m+CPqkTNUTKGadnv6MIM98UdpV+w0lG\/0yquR7\/1XqHToVQVgNlbwm+gbJnbzfo9O1DSy258g7UDJf1z2cx0i2QR3gO2o0iqayxdWtiZJNloEio9JHV04uX8djITfK3DaiH\/TUqmgsMN0jt7zLps77qyW3d\/e5QvQVp85TZAi5cNdUEHK7qiKv3c6ihcKtmJ7v62gXCVSeHbA9yRDeTTdCItar85\/aDRYr11egN6AD1Rge6NFyKz367KUXdVf+Tsj6L0dxCHYeUHNHofpWL6HJdUIBumCqckns32\/a32lMTB0pun6wnnO+p93dZjIF2xoKuYb8vR8YLEXVeGOF5CM5MgsVVVqUnRC5Pu54IqvqhK1BwFsXZ5v6PoZM65bRXDttE+imJVDIUeEzpuecG5aJZYb+g0Ea8FjZj9cKIqAJMpTO\/Dkazfs7PQcYdkBrRm0OjKpu+sphq6LldjxutwMJtMxl83a0oB3WXDBkjJoFqvTY1XmKufowROy06vVLZiyHXObVmS1fXk82MSI0anj2mDAz0YKUoj5NJL2WRaruqljXGlXad0sNLDxqLluvzbBsAs\/QvLrRIhUaZ\/UH1i+v\/FJqvDe+vW16fXuNv2mlQ\/ptuJZpLfzNICfbNy9obqD2dltixiVeeatbgax8Q8zQkbz8Yl2eW6NsnTv0EcDt5tWW1qF0ksrBPwqQowE7P4dmOX1cT7OOmlvIVLoM03q6Wrwsz93WUMI1cRfW5aGi6Ra9rE8fM9TaY1G9546bBberIaPt8mplNxt12un17JYo5HWyJmsrC3RFx5v5OzyqZMTqya\/ptwkHqu0NHlxn5fCJtVrMnzb5J16qmd1s1XiKcbZ3qPnfx9LYqNR+vU3UZNfakIwLAz7U4vOfFt61uRx6kKFlvOaDfl0vc5IS91BxnUZTva28lsIOfbjk806tvaqtrxwZh7Le+uynjbCaIVeaMGEMnnR9zXC3b+mKb0X+8j5R9LH9Hrt0sK9P9HnPG3J\/\/R1IZ83ViUGbM2N3ruPn7jRnd\/W+fSZcotNq1MnRgzzGzcrHyuf\/\/X7cz\/S7af0yfz9F5jefdJtRN1mDbb5j4\/wGGV3hS51f5V9rxR2tN+\/yY6r6jDxDxxXKP3IkieLzcu0dUUmW\/4RPWNp9qF\/tKGaM8mPaMefYFIUzx8eSYV05THs\/Z8G7fDE6\/YQ2fYmYme0UYSa+lv\/R0djfbg64bdrzD+0oVW8RIOynS0j6Pd1Lx0iVM\/tOp3lGzcWxxHN8eq14\/r0RSGwUi9Xt87fly9I0APNjY2hHZUTeYbEVLfTgcAB4tzCgap8u3ty1Vp3ByXx0Ubf6Nr9EWgDWCY6fY58D10AAwRFQSmlkECAIAKscs3yr+lEgDwviKhAxxKKgBsvJN3N2el8ai3NboAAGBQ3Pk7LJGw3whLlS0AHE4kdIBDSa+FtZuv9efruwEAwP5Lzt\/hIJkDAIcWCR0AAAAAAICKIaEDAAAAAABQMSR0AAAAAAAAKoaEDgAAAAAAQMWQ0AEAAAAAAKgYEjoAAAAAAAAVQ0IHAAAAAACgYkjoAAAAAAAAVAwJHQAAAAAAgIohoQMAAAAAAFAxJHQAAAAAAAAqhoQOAAAAAABAxZDQAQAAAAAAqBgSOgAAAAAAABVDQgcAAAAAAKBiSOgAAAAAAABUDAkdAAAAAACAihmp1+t77jIAAAAAAAAqYEQdJHQAAAAAAAAqQ+T\/AY7HRea7XWV\/AAAAAElFTkSuQmCC\" alt=\"\"><\/p>","protected":false},"excerpt":{"rendered":"<p>Tegund:\u00a0890451<\/p>","protected":false},"featured_media":77841,"comment_status":"closed","ping_status":"closed","template":"","meta":[],"product_brand":[],"product_cat":[517,601,821],"product_tag":[],"class_list":{"0":"post-75737","1":"product","2":"type-product","3":"status-publish","4":"has-post-thumbnail","6":"product_cat-lykillausnir","7":"product_cat-utivistarvorur","8":"product_cat-ymislegt","10":"first","11":"instock","12":"taxable","13":"shipping-taxable","14":"purchasable","15":"product-type-simple"},"yoast_head":"<!-- This site is optimized with the Yoast SEO plugin v27.3 - https:\/\/yoast.com\/product\/yoast-seo-wordpress\/ -->\n<title>STUBAI \u00d6ryggisthj\u00e1lmur I\u00f0na\u00f0ar 890451 - V\u00e9lar &amp; Verkf\u00e6ri<\/title>\n<meta name=\"robots\" content=\"index, follow, max-snippet:-1, max-image-preview:large, max-video-preview:-1\" \/>\n<link rel=\"canonical\" href=\"https:\/\/velarogverkfaeri.is\/en\/lykillausnir\/utivistarvorur\/ymislegt\/product\/stubai-oryggisthjalmur-idnadar-890451\/\" \/>\n<meta property=\"og:locale\" content=\"en_US\" \/>\n<meta property=\"og:type\" content=\"article\" \/>\n<meta property=\"og:title\" content=\"STUBAI \u00d6ryggisthj\u00e1lmur I\u00f0na\u00f0ar 890451 - V\u00e9lar &amp; Verkf\u00e6ri\" \/>\n<meta property=\"og:description\" content=\"Tegund:\u00a0890451\" \/>\n<meta property=\"og:url\" content=\"https:\/\/velarogverkfaeri.is\/en\/lykillausnir\/utivistarvorur\/ymislegt\/product\/stubai-oryggisthjalmur-idnadar-890451\/\" \/>\n<meta property=\"og:site_name\" content=\"V\u00e9lar &amp; Verkf\u00e6ri\" \/>\n<meta property=\"article:publisher\" content=\"https:\/\/www.facebook.com\/VelarOgVerkfaeri\" \/>\n<meta property=\"article:modified_time\" content=\"2025-12-18T12:05:46+00:00\" \/>\n<meta property=\"og:image\" content=\"https:\/\/velarogverkfaeri.is\/wp-content\/uploads\/2025\/11\/b2139076-b52e-46b0-9f3b-37ef7b857ed2.jpg\" \/>\n\t<meta property=\"og:image:width\" content=\"1772\" \/>\n\t<meta property=\"og:image:height\" content=\"1181\" \/>\n\t<meta property=\"og:image:type\" content=\"image\/jpeg\" \/>\n<meta name=\"twitter:card\" content=\"summary_large_image\" \/>\n<meta name=\"twitter:label1\" content=\"Est. reading time\" \/>\n\t<meta name=\"twitter:data1\" content=\"1 minute\" \/>\n<script type=\"application\/ld+json\" class=\"yoast-schema-graph\">{\"@context\":\"https:\\\/\\\/schema.org\",\"@graph\":[{\"@type\":\"WebPage\",\"@id\":\"https:\\\/\\\/velarogverkfaeri.is\\\/lykillausnir\\\/utivistarvorur\\\/ymislegt\\\/product\\\/stubai-oryggisthjalmur-idnadar-890451\\\/\",\"url\":\"https:\\\/\\\/velarogverkfaeri.is\\\/lykillausnir\\\/utivistarvorur\\\/ymislegt\\\/product\\\/stubai-oryggisthjalmur-idnadar-890451\\\/\",\"name\":\"STUBAI \u00d6ryggisthj\u00e1lmur I\u00f0na\u00f0ar 890451 - V\u00e9lar &amp; Verkf\u00e6ri\",\"isPartOf\":{\"@id\":\"https:\\\/\\\/velarogverkfaeri.is\\\/en\\\/#website\"},\"primaryImageOfPage\":{\"@id\":\"https:\\\/\\\/velarogverkfaeri.is\\\/lykillausnir\\\/utivistarvorur\\\/ymislegt\\\/product\\\/stubai-oryggisthjalmur-idnadar-890451\\\/#primaryimage\"},\"image\":{\"@id\":\"https:\\\/\\\/velarogverkfaeri.is\\\/lykillausnir\\\/utivistarvorur\\\/ymislegt\\\/product\\\/stubai-oryggisthjalmur-idnadar-890451\\\/#primaryimage\"},\"thumbnailUrl\":\"https:\\\/\\\/velarogverkfaeri.is\\\/wp-content\\\/uploads\\\/2025\\\/11\\\/b2139076-b52e-46b0-9f3b-37ef7b857ed2.jpg\",\"datePublished\":\"2025-09-06T13:11:17+00:00\",\"dateModified\":\"2025-12-18T12:05:46+00:00\",\"breadcrumb\":{\"@id\":\"https:\\\/\\\/velarogverkfaeri.is\\\/lykillausnir\\\/utivistarvorur\\\/ymislegt\\\/product\\\/stubai-oryggisthjalmur-idnadar-890451\\\/#breadcrumb\"},\"inLanguage\":\"en-US\",\"potentialAction\":[{\"@type\":\"ReadAction\",\"target\":[\"https:\\\/\\\/velarogverkfaeri.is\\\/lykillausnir\\\/utivistarvorur\\\/ymislegt\\\/product\\\/stubai-oryggisthjalmur-idnadar-890451\\\/\"]}]},{\"@type\":\"ImageObject\",\"inLanguage\":\"en-US\",\"@id\":\"https:\\\/\\\/velarogverkfaeri.is\\\/lykillausnir\\\/utivistarvorur\\\/ymislegt\\\/product\\\/stubai-oryggisthjalmur-idnadar-890451\\\/#primaryimage\",\"url\":\"https:\\\/\\\/velarogverkfaeri.is\\\/wp-content\\\/uploads\\\/2025\\\/11\\\/b2139076-b52e-46b0-9f3b-37ef7b857ed2.jpg\",\"contentUrl\":\"https:\\\/\\\/velarogverkfaeri.is\\\/wp-content\\\/uploads\\\/2025\\\/11\\\/b2139076-b52e-46b0-9f3b-37ef7b857ed2.jpg\",\"width\":1772,\"height\":1181},{\"@type\":\"BreadcrumbList\",\"@id\":\"https:\\\/\\\/velarogverkfaeri.is\\\/lykillausnir\\\/utivistarvorur\\\/ymislegt\\\/product\\\/stubai-oryggisthjalmur-idnadar-890451\\\/#breadcrumb\",\"itemListElement\":[{\"@type\":\"ListItem\",\"position\":1,\"name\":\"Home\",\"item\":\"https:\\\/\\\/velarogverkfaeri.is\\\/\"},{\"@type\":\"ListItem\",\"position\":2,\"name\":\"Vefverslun\",\"item\":\"https:\\\/\\\/velarogverkfaeri.is\\\/vefverslun\\\/\"},{\"@type\":\"ListItem\",\"position\":3,\"name\":\"STUBAI \u00d6ryggisthj\u00e1lmur I\u00f0na\u00f0ar 890451\"}]},{\"@type\":\"WebSite\",\"@id\":\"https:\\\/\\\/velarogverkfaeri.is\\\/en\\\/#website\",\"url\":\"https:\\\/\\\/velarogverkfaeri.is\\\/en\\\/\",\"name\":\"V\u00e9lar & Verkf\u00e6ri\",\"description\":\"Umbo\u00f0s- og heildverslun fr\u00e1 \u00e1rinu 1919\",\"publisher\":{\"@id\":\"https:\\\/\\\/velarogverkfaeri.is\\\/en\\\/#organization\"},\"potentialAction\":[{\"@type\":\"SearchAction\",\"target\":{\"@type\":\"EntryPoint\",\"urlTemplate\":\"https:\\\/\\\/velarogverkfaeri.is\\\/en\\\/?s={search_term_string}\"},\"query-input\":{\"@type\":\"PropertyValueSpecification\",\"valueRequired\":true,\"valueName\":\"search_term_string\"}}],\"inLanguage\":\"en-US\"},{\"@type\":\"Organization\",\"@id\":\"https:\\\/\\\/velarogverkfaeri.is\\\/en\\\/#organization\",\"name\":\"V\u00e9lar & Verkf\u00e6ri\",\"url\":\"https:\\\/\\\/velarogverkfaeri.is\\\/en\\\/\",\"logo\":{\"@type\":\"ImageObject\",\"inLanguage\":\"en-US\",\"@id\":\"https:\\\/\\\/velarogverkfaeri.is\\\/en\\\/#\\\/schema\\\/logo\\\/image\\\/\",\"url\":\"https:\\\/\\\/velarogverkfaeri.is\\\/wp-content\\\/uploads\\\/2021\\\/10\\\/vv_logo_350x100.png\",\"contentUrl\":\"https:\\\/\\\/velarogverkfaeri.is\\\/wp-content\\\/uploads\\\/2021\\\/10\\\/vv_logo_350x100.png\",\"width\":350,\"height\":100,\"caption\":\"V\u00e9lar & Verkf\u00e6ri\"},\"image\":{\"@id\":\"https:\\\/\\\/velarogverkfaeri.is\\\/en\\\/#\\\/schema\\\/logo\\\/image\\\/\"},\"sameAs\":[\"https:\\\/\\\/www.facebook.com\\\/VelarOgVerkfaeri\"]}]}<\/script>\n<!-- \/ Yoast SEO plugin. -->","yoast_head_json":{"title":"STUBAI \u00d6ryggisthj\u00e1lmur I\u00f0na\u00f0ar 890451 - V\u00e9lar &amp; Verkf\u00e6ri","robots":{"index":"index","follow":"follow","max-snippet":"max-snippet:-1","max-image-preview":"max-image-preview:large","max-video-preview":"max-video-preview:-1"},"canonical":"https:\/\/velarogverkfaeri.is\/en\/lykillausnir\/utivistarvorur\/ymislegt\/product\/stubai-oryggisthjalmur-idnadar-890451\/","og_locale":"en_US","og_type":"article","og_title":"STUBAI \u00d6ryggisthj\u00e1lmur I\u00f0na\u00f0ar 890451 - V\u00e9lar &amp; Verkf\u00e6ri","og_description":"Tegund:\u00a0890451","og_url":"https:\/\/velarogverkfaeri.is\/en\/lykillausnir\/utivistarvorur\/ymislegt\/product\/stubai-oryggisthjalmur-idnadar-890451\/","og_site_name":"V\u00e9lar &amp; Verkf\u00e6ri","article_publisher":"https:\/\/www.facebook.com\/VelarOgVerkfaeri","article_modified_time":"2025-12-18T12:05:46+00:00","og_image":[{"width":1772,"height":1181,"url":"https:\/\/velarogverkfaeri.is\/wp-content\/uploads\/2025\/11\/b2139076-b52e-46b0-9f3b-37ef7b857ed2.jpg","type":"image\/jpeg"}],"twitter_card":"summary_large_image","twitter_misc":{"Est. reading time":"1 minute"},"schema":{"@context":"https:\/\/schema.org","@graph":[{"@type":"WebPage","@id":"https:\/\/velarogverkfaeri.is\/lykillausnir\/utivistarvorur\/ymislegt\/product\/stubai-oryggisthjalmur-idnadar-890451\/","url":"https:\/\/velarogverkfaeri.is\/lykillausnir\/utivistarvorur\/ymislegt\/product\/stubai-oryggisthjalmur-idnadar-890451\/","name":"STUBAI \u00d6ryggisthj\u00e1lmur I\u00f0na\u00f0ar 890451 - V\u00e9lar &amp; Verkf\u00e6ri","isPartOf":{"@id":"https:\/\/velarogverkfaeri.is\/en\/#website"},"primaryImageOfPage":{"@id":"https:\/\/velarogverkfaeri.is\/lykillausnir\/utivistarvorur\/ymislegt\/product\/stubai-oryggisthjalmur-idnadar-890451\/#primaryimage"},"image":{"@id":"https:\/\/velarogverkfaeri.is\/lykillausnir\/utivistarvorur\/ymislegt\/product\/stubai-oryggisthjalmur-idnadar-890451\/#primaryimage"},"thumbnailUrl":"https:\/\/velarogverkfaeri.is\/wp-content\/uploads\/2025\/11\/b2139076-b52e-46b0-9f3b-37ef7b857ed2.jpg","datePublished":"2025-09-06T13:11:17+00:00","dateModified":"2025-12-18T12:05:46+00:00","breadcrumb":{"@id":"https:\/\/velarogverkfaeri.is\/lykillausnir\/utivistarvorur\/ymislegt\/product\/stubai-oryggisthjalmur-idnadar-890451\/#breadcrumb"},"inLanguage":"en-US","potentialAction":[{"@type":"ReadAction","target":["https:\/\/velarogverkfaeri.is\/lykillausnir\/utivistarvorur\/ymislegt\/product\/stubai-oryggisthjalmur-idnadar-890451\/"]}]},{"@type":"ImageObject","inLanguage":"en-US","@id":"https:\/\/velarogverkfaeri.is\/lykillausnir\/utivistarvorur\/ymislegt\/product\/stubai-oryggisthjalmur-idnadar-890451\/#primaryimage","url":"https:\/\/velarogverkfaeri.is\/wp-content\/uploads\/2025\/11\/b2139076-b52e-46b0-9f3b-37ef7b857ed2.jpg","contentUrl":"https:\/\/velarogverkfaeri.is\/wp-content\/uploads\/2025\/11\/b2139076-b52e-46b0-9f3b-37ef7b857ed2.jpg","width":1772,"height":1181},{"@type":"BreadcrumbList","@id":"https:\/\/velarogverkfaeri.is\/lykillausnir\/utivistarvorur\/ymislegt\/product\/stubai-oryggisthjalmur-idnadar-890451\/#breadcrumb","itemListElement":[{"@type":"ListItem","position":1,"name":"Home","item":"https:\/\/velarogverkfaeri.is\/"},{"@type":"ListItem","position":2,"name":"Vefverslun","item":"https:\/\/velarogverkfaeri.is\/vefverslun\/"},{"@type":"ListItem","position":3,"name":"STUBAI \u00d6ryggisthj\u00e1lmur I\u00f0na\u00f0ar 890451"}]},{"@type":"WebSite","@id":"https:\/\/velarogverkfaeri.is\/en\/#website","url":"https:\/\/velarogverkfaeri.is\/en\/","name":"V\u00e9lar & Verkf\u00e6ri","description":"Umbo\u00f0s- og heildverslun fr\u00e1 \u00e1rinu 1919","publisher":{"@id":"https:\/\/velarogverkfaeri.is\/en\/#organization"},"potentialAction":[{"@type":"SearchAction","target":{"@type":"EntryPoint","urlTemplate":"https:\/\/velarogverkfaeri.is\/en\/?s={search_term_string}"},"query-input":{"@type":"PropertyValueSpecification","valueRequired":true,"valueName":"search_term_string"}}],"inLanguage":"en-US"},{"@type":"Organization","@id":"https:\/\/velarogverkfaeri.is\/en\/#organization","name":"V\u00e9lar & Verkf\u00e6ri","url":"https:\/\/velarogverkfaeri.is\/en\/","logo":{"@type":"ImageObject","inLanguage":"en-US","@id":"https:\/\/velarogverkfaeri.is\/en\/#\/schema\/logo\/image\/","url":"https:\/\/velarogverkfaeri.is\/wp-content\/uploads\/2021\/10\/vv_logo_350x100.png","contentUrl":"https:\/\/velarogverkfaeri.is\/wp-content\/uploads\/2021\/10\/vv_logo_350x100.png","width":350,"height":100,"caption":"V\u00e9lar & Verkf\u00e6ri"},"image":{"@id":"https:\/\/velarogverkfaeri.is\/en\/#\/schema\/logo\/image\/"},"sameAs":["https:\/\/www.facebook.com\/VelarOgVerkfaeri"]}]}},"_links":{"self":[{"href":"https:\/\/velarogverkfaeri.is\/en\/wp-json\/wp\/v2\/product\/75737","targetHints":{"allow":["GET"]}}],"collection":[{"href":"https:\/\/velarogverkfaeri.is\/en\/wp-json\/wp\/v2\/product"}],"about":[{"href":"https:\/\/velarogverkfaeri.is\/en\/wp-json\/wp\/v2\/types\/product"}],"replies":[{"embeddable":true,"href":"https:\/\/velarogverkfaeri.is\/en\/wp-json\/wp\/v2\/comments?post=75737"}],"wp:featuredmedia":[{"embeddable":true,"href":"https:\/\/velarogverkfaeri.is\/en\/wp-json\/wp\/v2\/media\/77841"}],"wp:attachment":[{"href":"https:\/\/velarogverkfaeri.is\/en\/wp-json\/wp\/v2\/media?parent=75737"}],"wp:term":[{"taxonomy":"product_brand","embeddable":true,"href":"https:\/\/velarogverkfaeri.is\/en\/wp-json\/wp\/v2\/product_brand?post=75737"},{"taxonomy":"product_cat","embeddable":true,"href":"https:\/\/velarogverkfaeri.is\/en\/wp-json\/wp\/v2\/product_cat?post=75737"},{"taxonomy":"product_tag","embeddable":true,"href":"https:\/\/velarogverkfaeri.is\/en\/wp-json\/wp\/v2\/product_tag?post=75737"}],"curies":[{"name":"wp","href":"https:\/\/api.w.org\/{rel}","templated":true}]}}