{"id":75548,"date":"2025-09-01T08:56:28","date_gmt":"2025-09-01T08:56:28","guid":{"rendered":"https:\/\/velarogverkfaeri.is\/?post_type=product&#038;p=75548"},"modified":"2026-03-02T14:31:08","modified_gmt":"2026-03-02T14:31:08","slug":"smedbo-klosettrulluhaldaribursti-butler-rydfr-krom-fk613","status":"publish","type":"product","link":"https:\/\/velarogverkfaeri.is\/en\/lykillausnir\/badherbergi-lykillausnir\/salernirsrulluhaldarar\/product\/smedbo-klosettrulluhaldaribursti-butler-rydfr-krom-fk613\/","title":{"rendered":"SMEDBO Kl\u00f3settr\u00falluhaldari+bursti BUTLER Ry\u00f0fr Kr\u00f3m FK613"},"content":{"rendered":"<p><img decoding=\"async\" src=\"data:image\/png;base64,iVBORw0KGgoAAAANSUhEUgAAAUMAAACiCAYAAADbXK+UAAAAAXNSR0IArs4c6QAAAARnQU1BAACxjwv8YQUAAAAJcEhZcwAADsMAAA7DAcdvqGQAACaFSURBVHhe7Z0LoEx1GsD\/l7wqKqm85ZVXFPIqbJHyaElRWx5R8tqlFbXZJWFFqYQSslZSVBblUWpRm\/LKe3uQFJZwr2db2R7s+X13\/nPPnTtz75k7c+\/MNd9Pp\/OcM2fO3POb7\/8450s642AURVESnHy+saIoSkKjMlQURXFQGSqKojioDBVFURxUhoqiKA4qQ0VRFAeVoaIoioPKUFEUxUFlqCiK4qAyVBRFcVAZKoqiOKgMFUVRHPRBDYqiZBPUkZQ66SKUUuzyfPniMwbTyFBRlGySUYTBSEpKEhEyttPxiMpQUZSIOSNRYnpOnz7tH1sBIkOIRyFqMVlRlKiASqzsfvn1F\/Pu8nfN1KlTZXmJEiXMkCFDTM2aNWW9xW4fD6gMFUWJCKsQt9g++eQT89Zbb5nevXubkiVLmu3bt5tx48aJHC+88ELZJp5ECCpDRVHCAmUgMv\/Y+Zfk\/HMvnzJliqlSpYq56aab5DUUlY8cOWKKFStmChYqKNvHmww91Rl+9NFHZtOmTeaXX36R+V9\/\/dVs2bJFln\/33XeyDD7\/\/HPzwQcfmP\/85z++JaHZvXu36d+\/v1m9erVvSebY91y3bp353\/\/+51saXQ4fPizHw6\/aqVOnfEvTYBnrPv74Y3Py5Enf0vTs379fzsG2bdv85ysYhw4dynD+FCUv4ZeZE04FCvK\/\/\/2vFI2ZB5ZdcsklplChQiFFyLZ2ewg1HQov22SGJxm++OKLZsyYMSY5OVnmkcbo0aPNsGHDJPwFRDFjxgwzcuRIudCz4ujRo2bnzp3m66+\/9i3JnJ9++snMmjXLPPPMM3Kig8Hy6dOnm3nz5sn2XuEkvv7666Znz55mxYoVZvbs2aZPnz7pPseOHTtMly5dzJw5c8zixYtN9+7dzRdffOFbm7aPfv36iSwnT55s+vbt6z9nbr7\/\/nvz+OOPyzn89ttvfUsVJW+QXmTpBcQ6osBSpUqZvXv3+gXFspdeeskcP35c5iFQXryWwS4PJszMcL82O3iSYYUKFURefDg4cOCAOXbsmEx\/9tlnMibCYf2ll14q22fFNddcY\/75z3+abt26+ZZEDhEjMlu7dq1Ekl7huJcvX26mTZtmRowYYSZOnGjq1asn0gP2hehuu+02M2HCBDN27Fhz7733ipxtlHrw4EHZB68dOnSoeeGFF0y5cuXM+++\/L+vdLF261JxzzjlyrhQlr4J4cI9bQEgPKV1\/\/fVyzeAHrh\/qDwkSKCa7Sd1HWkTo3pd7uReC7SMcPMkQcYGNAjdv3mzy588vFaH\/\/ve\/zY8\/\/ihCoU6gWrVq5qKLLpIiIhFly5YtzQ033GA6duxo1qxZ4z9QTgzL586dK\/Msf\/PNN02rVq1kOdIZNWqUad26tUSQFk72ggUL0m3He\/HeFLuJWrdu3Srvx+v4JaIS94EHHpCILBjI+29\/+5spW7aszPNlnnfeefK5gH3u2bPHNG3a1P9r1aBBAxGgrRI4\/\/zzJSosXbq0zCO7MmXKZCgqf\/PNNyLse+65xxQsWNC3NDiB59CeE86dosQadyTGNNem7VDNtTRo0CApIXXt2lWquJ588klnQ1kt8Bp7PUEwibnfIyvs\/tz7DAdPMkRwlPV37dolRVHGlStXNvXr1zf79u0T4SAeDhpxIkqEhehuvvlm85e\/\/EXqDx599FF\/JBnIxo0bzaRJk0QQSA0RBIuqUlJSzPr160WGxYsXl18c5pER0mNMRPbwww9LqP7zzz9L9MZxZxUt8p6Ib+HChfLebdu2leVEvXwm968aPwRIn+OBokWLymfnPAGiJEKtU6eOzAP7p6jQrl07EWVWLFu2TOowKbavXLnS1K1b13z44Ye+tYoSe6ysbEToliMBA6Utqq34Eef6yZeUXjnu7YH9AMvtMsZ2OifxJEOkcvnll5uvvvpKhi+\/\/NJUrFjRNGrUSIrP1PtRf4YIECfy4OLldZ07d5aLmEiID0p0GAyWs37AgAHyGurbrrjiCt\/aNBAgJxbZEYkBURvvffXVV5tzzz1XtmnSpIkIikrbmTNnSl1iYIgeCNEtRdy\/\/\/3vpnr16um2Z59WdBa+sGCCJQJ96qmnzI033piuX9WqVaukLpMfiKxgOyJAqhEQJ38MDRs2NDVq1PBtoSixwf13T5VZoAjdpJOYbzKY2HgtA5ElY7Zhv8H2mVN4kiFSqVWrlkiOVlLqC4kKkRXriOoQEsJEgFzIbMOJom6tU6dOZvjw4fLhgjUogG0UsQIiwrPFVjcUP23xEvF5gaiOISsqVaokxeVFixZJ0Zliqa0T5LhtsRmI8vii+PxuEOH48ePlPPC57RdPpEi03KNHjwxSDQZ\/bDRKuT8j+4rX+zqVxMFKi+uZoISqH\/7u+Xtl\/MMPP8i1wtjOM5z68ZR\/+ocfvpd1bGcHHEKjLH\/n9j1yE8\/vRtSFGGyRtGrVqtIAgEA2bNggdXYUnZEDsqIIiVAQCxGRHYi8gkEEB7YFFzl66aITDSjqUqdhf+34EgjxORaOg2Pjy0HuFl7DOor\/FgRJp1I+\/+9\/\/3sRt4XiLdEzRXnq\/xAlUTat1sHqANnHBRdckK5Fm\/0H6\/KjKLmJ\/YFnzN\/j62+8bp599lnp6UFVF9N2IKBgsNM0MKZOp21jB0pk1Pfb\/XPN2encIP9jDr7pLKHiH0FRRO7QoYM0MlBkpu8f0eAdd9whciTyQRb0t7MyIeKizpD6PF5PXSNFaSLM2rVry2veffdd6c\/IOlpy6bdIRNemTRsRA+\/P\/qhzI2IK3Ae\/LrTUss1ll10m0RnTAwcOlJbr5s2b+6NKNxTzKXpz7DSA8Flefvll2Za6ST4n74W0aERBmnxxiJCiMPJEVFQWI8xHHnkkQ9TKvmnU4Rwx0BmVL576VFquAyNX9olMqS\/kh4d5+8PSokULOY+KEgvcguIa7XFPD\/mBb9y4sVSdMXZPM6baimoexnZ94HDllVfKdcD1bMlNGXqODG0UCBSZbfHQHjjzXLSW3\/3ud9IVZcmSJRIN0e2EZQgpGNSt\/fWvfxWBUey+9tprzW9+8xvfWm\/QqIG8aAShHx+i9tKAwnsTydFHEtHQgs0+aA1DiHwh9EEsUqSIiNmuv++++\/wSoxM5n5Fjv+WWW+SPg4FuOMBrL774Yv\/AsSI7JB9M0IB4e\/XqJfWPtIYXLlxYpK8osYZrgoGuaPwwFy5SWEqMBAEynHeuzNuBgAJHMGaw28i0M2aea5\/rzIkJ\/e9BdJhb5PjteERMiIgT4i42BsJhUCREDDRWIDDqGSlKPvfcc3KisouVoJd6Q46VYwglKKJG9ofcchrOCe9lzxuRL9UMRJb8WChKbEAZ6SM2\/latvBh7QdTjbOpolTlnPlWAlnD2FQ1yvIaSC9lGQZlBd537779fWk+Jph566CGpiyQ6irRzMhL0IkJA2qFECKzLDRGC7ZROfSM\/FHRipdLZHYErileQix0sTEurbcCdJJmTUVBWWuHIi21TRWicElxq0OQ+Nta753OauHpQA\/Vyb7zxhtz\/i0Bvv\/12kaGX1tezEb4afhDmz58vdbXUuXBLoG1sUhSv8LeUm1FWMDgGxMtAiceOWX7kSIpTjC7mL2bHAn1qjaIoEYPUqJ+nGsk9ZuDZhqd\/TetMbbulAQ2DBQoUkDGNniwnEIoFKkNFUcICZbijzAMH9ptdu76SZVRHITYa+xiI8ijZMSA9qstYb4vAUkR3xvToQIa8nkbFWKAyVJSEg0s+VWZSV+j8l90iNDJLPnzYFChYUKJDixSHzziiO50aCTLPmG1k3llHfaE7MqRlmf7JsaoWUxkqSgJh5RdIJDJMSU4xySnJUryleGwjP6JABqI9GxUyzTp5P+c\/973KSJIGyuweS6SoDBUlwUCIRGxWOiggKV9ay244nHEiveSUIyJD+iFTR5jVMwDildy9+U9RlJiA8BhOnDhhNn6yUZ6oxEAvBZFiNkOiMyLU1Bfb98irqAwVJUFAehRFSU3Bw4d5FikPTYC8LLFooTJUlAQAEVK\/x62gPFeAzvvcV2878FPPJ\/WJQmKKUWWoKAkCQrRFWSJE5mUZ\/5xlaXWG4dcdng2oDBUlAbDFYCtDJOiHVYnpv3SoDBUlAbDys9GgFIt9UkwnxgRGZagoCYIVH4M7OpRlEYaGdl95GZWhoiiKg8pQURTFQWWoKIrioDJUFEVxUBkqiqI4qAwVRYkY248xL+NJhqQDJO0nA+kyyQxHD3Y3PKeM9JmkA+VWn3iETH1kvHPnIlYURQFPMiRfL+mVGcjze+edd0rKzDfffNP\/i4AcSc25c+dOSewSb3CcZP5H7CS8VxRFcePpeYZkqyPBO3mPq1evLjJ55ZVXzNGjR82f\/\/xnyVWsKEre4dZbbzXPPvusufzyy31Lskfqw12TTXJKiqlYsaI8zzBWj+2PlLDqDElgTmJ3ksOT2Jy0mgsXLpRiMTl9\/\/jHP0rUiCztPMnPZ82aJQnVSb6+adMmM23aNH+SddJfWh+zHxLJ23X33HOP+eKLL2QdIGX2v3TpUtOuXTvZ5k9\/+pO\/WE50yv54H9a1bNlSci6fOnVK1vN61hG9Atu\/+OKLsh3bs84d7VIlwHIi4z\/84Q8yzR\/Rjh07ZD1s3bpVjpN1DCSj5xlxQO5nqg34EdGiuaLEN9luQClZsqSpXLmyXPgpzq9CKLZt2yZCQ2L8aiAvEsPffffdkutgzpw5Zu\/evVLnOH36dLNq1SpZN3jwYJEYieS\/\/fZb396M1FfOmzdPpEwm\/\/Xr15u33npL1iEp5FalShUzZcoU07lzZ5EbUgvGggULzKuvvmoaNGhgHnnkEdnfxIkTzerVq31bpDJz5kxTokQJSdXJwzF5FhyyR8KInQgZ6TGQ7pR9Ilp+NdkOKfI4dEU5W\/FQwIx7Im5N5iLnYg8FEkFsJIgnBzI5EHr16iUD8\/b1SA4J1alTx9xyyy2mSZMmIlBE++mnn\/r2lpoQ\/uGHH5aBRPPMUxcIyNMmpUFERGzvvfeeadGihSxz891335mVK1ea4sWLS\/R68803m4EDB8oN7CRvdye3ad++vdSXDhs2zFSrVk3kzEMxEZ59OCair1u3rsiXYyPfA8nmn3jiCckFjWgV5Wwloe9NRgTIh4xWRYsW9S3NCHJhQFqkDrRw8lhmQU5EWlu2bJHIsFOnTmby5MmyLjk5WcaAZGz2LMbMW6666ioRKPKkWNu2bVvTr18\/f7HVDRI+duyYvJ4kNEC0S3Yuoj93JMdnBLZ1fwbqRtg\/4qUI3rFjRxE50a39peSzu49RUc5GEjoy3Lx5s7Qe16xZU56eGykIFek0atTILF++XIRih7vuusu3VeYgne7du0ud4ssvvyxioog+d+5c3xZpIEDEh9St+A4ePCiCRHJWkFlRv359KbZTd0oETERJUf348eO+LRRFyQuEJUMu+CeffFKEM2LECEkQ3aVLF8\/iyIxLL73UXH311WbDhg0iL7rAUAymoeSzzz7zbZU5FHuJBsePHy9SQnZgIzs3yLdx48ZS30c9IQKeNGmSvI76SHfUGgqKy4i6T58+UlTnR4GUiBSPeb02oChK3iEsGX7yySfm7bffFgkgEhoS6GoTDZAHLbHXXXedtD7379\/fbN++3fTu3dvUqFHDt1XmNG\/eXIrY\/\/rXv0yPHj0kOqS+sFu3br4t0oPIKFavW7fOjBs3ToSG2NiPF0qVKmWGDBkijSR05qabEXWQSJx0idqAoih5h7jMm4w4aJhAKNS5hQsSog6SiNBLfR1FZeoriRaz835AR3OETlTohmNh0HpDJZ7QfoYZyXadYU5CsZvs\/NkVE6\/jC\/EqILZj++y+H9DnMlCEwD5VhIoS\/8SlDBVFUXIblaGiKIqDylBRFMVBZagoSlTI6x2vVYaKokSM+3a8vCpFlaGiKBHjFmBevU9ZZagoSsSccf4FIzBKjOeoUWWoKErkhHBcYJTIDRU8A5SnUdknPkEomeYmKkNFUaJGVpEf67k9FUm6H5OX5PyLNSpDRVEixFGZx3pCtnMP8YTKUFGUiInnukCvqAwVRcl14lGeKkNFUSLkjMgt3oq94aIyVBQlQvK2BC0qQ0U5C8kLdXjxdoxhyZAEUGvXrjUffPCB2bNnj2+pd2hKJ+ETr3cPH330kTyM1bJ\/\/355+nRg1r2TJ09K2k+euG1zISuKkhGKrMjGDkrWhCVDciDzaHvSZvLI\/3AfZc9TcMlxTE5jO\/C0XR65T6pQnpr7j3\/8Qx7ZP2HCBHl6tOXDDz+Ux\/ST7Gn27NnyeH7NK6IoGfEiwVgKMl7rFj3LkJO3Zs0aebQ9T6EmHScRXDiQZpMESa+99pp\/ILlU7dq1TdmyZSXqJPIbNWqUPDnawiP558+fL\/lGxowZIwmcSPxOVjovXypRpHu7wHk3pABgsATOK0o8Y\/+uGcs\/3zyBBoT6u4+M8PaZM8cQOZ5lSOrLTZs2mcqVK0tOY6I2irxuNm7caG666SZJxOQF0nIuW7bM3HbbbZIDuV69epJ0PTD16O7duyUKZT3wy0IGOyLVUCk5ybBHLuMBAwaYNm3aiEhJb0o2P+a7du0q+4UjR45InmUiVdaRUH7FihVm2rRpplWrVjLMmDEjXY95RYlHbNDFNZIvKTVnOSIMjMbiNTqLJZ5lSI7kffv2mVq1aklUhryo7yP7m4U6PoThrv\/LjPfff99ccsklEhkCkWOwfCHsj7SkNnk8lC5dWr5oUn2GghSjw4YNM++9956kIiWF6NNPPy3zderUkSK3hXslyWz37rvvmueee062JTol\/SiS5FiDJaNXlPgiVXInTpww69evlyCC6ySeorE8XUzmRJLMnTFJ08uUKWMqVaokCdoRpOXaa6+V\/MP9+vXzLQlNYFSYFeRADtyO48ksWiPB\/WWXXSaCLV++vEi3ZMmSMt+sWbN0dZKIj8iTLwpxUmxH+syTQYwhsEFHUeKNM2dSi8MEKqTIpfTDdeIWkC0+MyhpeJIhxUiKmJxQ8iZPnTpVZIYcqONzg2i8mD8wKswKIjd3CzK\/eLwX6T0VRUklySkaEyDQ4+K3v\/2tNFiCW348FIFr1Mt1mkh4kuHOnTul5ZbIjGnCb1qGgWkaOMKBlmO+JK9RIdEddYPu+kEiUmTobmhRlETGCo\/qnL1790rvCxopqUqy8nMLMJaRYTyK2JMM6dYCgwcP9rcCv\/TSS6ZGjRoiR9sQ4bUBhcaJUqVKeY4KKbJSR7hw4UJp2aUOkZbk6667TiNDJSGhqOvGipCB64QqrDlz5kipjn68gdtEl\/DExvsjw+gfR2R4kiEhN40LNJ5YzjvvPNOwYUMJySkq88G8NKAcPHhQ6hW9RoXAdoMGDZIGEVp227dvLzLt2LGjbwtFSSwo6gaCYLgGp0+fLv2An5nwjJk5c6Y0FAbrHhZvMoo1Sc4JieoZ4aTTFzGnwmBar9l\/wYIFfUsUJfEgMnQLkXn+o6cEvR+IDrm0aUmmLy83S1SrVs23tTEdOnQwkyZNkobBSKDbTkpyijl0+JB0u6Mun37IoUDWdImrUqWKXMfFihXzrYk9niLDcPDagJJdihQpoiJUFBcSz\/hCmurVq0tfXeA6pKQ2dOhQ6SEBNvbJyWs0rxJ1GSqKkvO4o0K32Khfv+KKK\/zSIzIkIqRrGtvZbSnBRVOIUS5gxgSVoaLkURCQDISFjteQG\/IDOwamWecWFvXw9hY9JRWVoaLkUWxkR5QYLFJkbKfBzjMEu0UvEjQyVBQlplixKZGjMlSUPIwUkX3EKjojwAz3vf3F+zhCZagoeRgpIPuKu9Es9uYKcVayVhkqSh4nz0kwTlEZKooSVTIrMcdb0diNylBRlIgQ+bmC08wCVVusT8qXVrx34657zG1xqgwVRYkcx1vp5cazCk7J06527Nhhtm7dKg9y4QESBQoUkLvIdu\/+ymzavNFs377d7Nq1S55mZZ+GBYgzN4n6vcmKosQ\/t956qyRji9a9yd8e\/FbuTebOlgsuvMD88vMvZs2aj83Jk6kPbeGZAhIR+gYey3fgwAH\/cwy4jRfOOSe\/pN5AhbmNRoaKokSMlZxM+0RW4pJL5On3PN2KBzjwZHluC+SWQe6V5hF8DE2bNpXtGAoVit1zB1SGiqJEBA4MWsB0liFIbv1jPVEkkSC5js4ver48BpBpisz2AS+xLKaqDBVFiYjgFW1pC\/0RI7JzNhZx+la71zn\/i6mQVIaKouQA2YvyksSsqYLMbVSGiqLkCkSENhIMji9qjBGeZPj5559L6kE70DzuzpccDjzpljQCq1evlqb0QDgZJLThfcivEuwmdJaxjm3YNpYnUFEUXzE3kDCvSzaPZadsTzJctGiReeyxx\/wDeZHbtm1rXn\/99bBERJ+j\/v37m9mzZ0tSqJ49e5r58+f71qY+cJLm\/gEDBkgSquHDh5sJEyaky99AJj6e3Dty5EjZhmMhQZUKUVG8kRPCCXr9ZRoFhiCGl3FYxWQkhLwY00L0xhtvSIInryxevNjUqVPHTJw40YwYMcKMHTvWvPPOO5KDGeic+emnn0oym2HDhplp06bJsk2bNsl6WLdunT\/pDdtMnjxZ9vHNN9\/4tggNUnWLNXA+EPI0u7\/kwHlFUUKTnZq\/WF5fYcmQHMUXX3yx9Avi0eLuIqyXNKH0KaKzpw2pSSJP07rdz5o1a8xVV11lSpYsKfMklqGPEsVhIJ8D0y1btpRmeShXrpypUKGCFL2DQXH6gQceME8\/\/bRk1iOjHtuOGjVK5ungiaQtc+fOFUkTnbJuyJAhkkC\/S5cuMt+1a1d\/alRFyYvYfoDcEhdPcDRnYnhIYcmQ22aQ0YwZM6Qe8c477\/SLy0uaUPIsIy7gF2DlypXSE91m00pOTvbvz1KzZk2JPonK6Lh58uRJf3IboN8SSXAyiwz37NljGjRoYFatWmUefPBBiWybNWsm82QNI6H9iRMnfFsbSUlK1EmmMd5r\/PjxIlPmiWxJvagoeY3AqCt\/vvy+qZwhOzFeLMtdYcmQxO3UGZKGkIiOewztCab3OPmQqcPzAvV9yLB3794iNEugDAHJ2vchO94FF1wg024yK+6WKFHCn\/O5TJkyImSkBoyJMt2vR8BImo6g5cuXl2T3HBfzSJSe9IqS13HnSckJkjIxW3aqE3OasM7GmDFjJJqijq5evXpSX+cunnpNE7p27VqpF3zooYdEOm5oHXbzww8\/iPxselDmjx49KtMWGlUociuKEhp7bdoGFC\/XqleiVdcXpd1ki2z9NNB4YtMRfvXVV76l3qBbzvPPPy91cRRv3ZBYmvVEgsD+aVChXpDokaiQyI5irIXiOfWCkd5wrigJgyMcRBhNGZ4NhCVDisfUnVFUnjVrlkSCtrjppQGFlmG6y9x\/\/\/2mfv36vqVpUK\/35Zdfmg0bNsg80qP1uHnz5jIPN9xwg9TdIWFk+fHHH0tdoz0ORVFCwzXjl2CUXMju0u3XR+auDb4y7vsZWigSL1myRBpRKLrS+ED9GnhpQFmwYIFJSUmRbjVIjaF169YS2QHRHS2\/o0ePlnWDBw82PXr0MFWrVpX1gETvvvtu07dvX9OiRQuJMgcOHJiuUUVRlOC4hWVblaMFQpSw00fqXOzkFi5RfZ4hjRD2+WSRwCHRSEHDRqhKXrrjUFdIdx8N9xUlPOhiNnXq1Ax19uHCdXjECXD+s3+\/VJ39\/PNP5sILL5KHtO78cqcpXaq0OIEeG\/QG4ZmH9B7hfan24tq1USX+2PDJOnPzTTzPMPfJVp1hKLw2oGQF+yhatGimrV2sYxsVoaLEKU6YFU6sJdtGLzYLm6jKUFGUxCSY9IhTggUrmQkydipUGSpKQoKQ3HeQRY8IS2oaGSqKkpuEU3z1go0A0+83xHu4fBl4HLFTocpQURIS5BXtyDCjYLMTJcZOhypDRUkAgnVxiZoMfbvOTmOm+zWpMs2OQKODylBREoDAPoWI0N7pFTFh+ivz\/o0aGSqKkotkJ4rLjAyRp+w+tQ9hWMTOhSpDRUlEoipDBBZUYhkXZiXHGLpQZagoiUrYUVsI2Es4+8r0Fr0oHVN2UBkqihIhGQVG3ClDGBForO9jVhkqSoIS7XpDwRXZhaM2G1lGK1rNDipDRVEiJioSi50HBZWhoiQcToHUkVeORmHsOmD3ORKJRhGVoaIkCGlF0dRp5EQ9nYgx0FxhENKpAe6z7x+vSlQZKkqCYCMzxv7H4\/nEGIELhaAyDWnJ0ER4GBGhMlSUBEEiQN\/Ag1bdckwjGzri5c7LUiPNVFLHoWLA9MvTROqMZdLO5y5hyZATuGXLFnns\/7Zt2zJNz5kZZLgjdwkpACzkNma\/7sG9HsidTOoBXkv+ZEVRvJL2NGlyjHMtff311zKWyNDvp1ACywLnZfZeZzzBdKDSeP\/04k3FfXve6WxEk9HCkww5WQioffv2ZtCgQZIQilwlnTp1kux14UD2u3vvvVeStNvcJ8BjwceNG2emTJniHxCkhWRSXbp0MXPmzDGLFy823bt3l30pipI1OIbrGBlu2rRJ8gdt3bpVkqmJpMKQIPsh59GPP\/5oUo6kiFB5PUVv0vgeP35c0na486EDrxPxhoBV+ZLyOyKNjRA95UBBWiRdgj59+kgWuxUrVpjZs2ebsmXLmqeeespT3uIjR46IBJHa\/PnzzR133CHJ5zkEcjI3btzY3Hjjjb6t0+CG8scff9xUqlRJkkHx5SFPBD1y5EhJXZoZNoIlLQEEzgfCl8s+7a9Y4Lyi5DWI1Pj7pUiaLymff16WOdef179trsUTJ07INYT8uDYQIwIsWbKkRJ2Vq1Q2hQoWNAcPHpJlgTlQSCbHcncOFGA\/CBonkEOF\/ZMHKVCqOYWnyPDtt9+WAyVbHYlkECCR2V133SXLbQSXVbpQTsKECRMypAnlhCJKcpoE4\/Dhw\/IeTZs29X9pCPngwYMZks5bEDjRK6lNW7VqJcdNEXvUqFEy36ZNG4kwLXPnzjVjx441AwYMkHXkdd68ebOIm\/muXbua3bt3+7ZWlLxFUj6f9Jx\/iBDRMO+XpE9IWUE0yPVa0JEd+yhcpLD\/uqVaq2LFiuac\/Oc40nSKyUH26ZZwIHJ8vuXIkPch0sQxuYEnGVK3wAcm+5WFg+7Vq5eZN2+eueaaa2QZB51ZulAiscKFC\/vm0rAfevLkyf4UomTusieB\/fHrUKxYMZkHMmxddNFFGeoV3SBQpLlq1Srz4IMPmqFDh5pmzZrJPGlO+bXiV85CnmYiV\/Iyk3p0\/PjxIlPmycu8dOlS35aKkrdAgghRpn3ys1JKa8DIGrJRAkHIsWPHzM8\/\/SzzlJyI4uy+7f6Rn3samHcOR5ZZmEaulDBt1Mk1z7b2dTmN5wYUQlp7IkJBeLt8+XLTr18\/3xJvnHvuuaZ\/\/\/7miSeeEFFRL7hmzRrZl6V48eIZisOcqMyeyVaiRAlTq1YtmS5TpoypUKGCP9k8Y748W2QGckCTwhBply9f3tSuXVvCeeaRKPUgipJXESE60skw+JZ7pVSpUqZ06dISrOzbt0\/qHfED1ycSY+CaIXhBZESRBDgEJpQO4buT35lDhw5JiZBok2uZ13CdA\/uwUWTgdZ9TeJIhhiaC4sDd8CHsh7HwgcI5scCHbdSokQgLGHfr1k1alIkagRPufh8kxgkMVbRWFCUyJIJzjS1c30iL4KFhw4amRo0a5tLLLpVrH0HSW8Rem8uWLZMqqPXr10sJk3WFChcSbxDIIEoGxIcACbi4ttkPpUgiRZbnBp7ehQiJg3vnnXf8ISvzo0ePNp07d5biZSRQDKY+j30GgxPCyT1w4IBvSWr9BJEa0Z+iKNHHBjVZBTfIquj5RSVipERVrlw5iQAJcihRIUuqtQoUKCDXcsECBaUaimvXNpCwDwYEyLaUyHI70PEkw3bt2smHXLhwobQmU4\/Wt29fKcrSAnzllVfKdlk1oIQCqdGwQusw0iMKpHGDaNGenLp165pXX31VIkWkSWt09erV5aQqihJfIDhkSA+QJk2amOuvv148Uq1aNVl2ecXLRYZc24iTAfkVKVJYXhsLPMkQm9N9hg+0a9cus2TJErN3715z++23m0cffdRfpkdSmTWghIJfFFpvn3\/+een\/RJcbfk06dOgg6\/ll6tmzp9RL0LLbunVraWG+7777YnbiFOVshGDEFovt+NfTv2ZYTgmRwb0c3NOB2HUSabo2s\/tgoNP16TOBLdHp3yOn8NTP0A3l+e+\/\/14sHqwsz3oElVVoHQr2jVypfwgGfZUQLmJUFCW6iA5w1enUFmBKYvnPyS\/dZVhOH0WrjOxe44EE2x\/LmA+lp2i9t5uwayaRFCFtqErN7DSguKEOIZQIgcpWFaGi5Az22uX6pqT32muvSfcZadl1\/lk5MXZP2zFDartC+mjOrrPTbnjPQGcwL69x\/tGhmy58dpvA10eLsCNDRVHObhAQ\/yFDqsGoriIIcVdJoQ2RGH0XnW0prdFAQmdpthN5OusZ23kEa5dnht03MKYLzvTp06WdANiPe5tooTJUFCUdVgnIcPjw4dLggdCsJBEfpTe2s5JjmsGWGO0+EJadtgRKzM7b7XgfolBgHUV1eqy88MILsg3LAvcRDVSGiqKkwwoH6dGzg1ZfJOcWkFtKTFspBuKWJbhfkxn2vdiOaDM5JdmUKlnKv9yOo4nKUFGUdNjIzDaGgpUPcqO1N3++1EZS5gGNuIvHdhnT7rEVo90GmAf3Mot7HdOBUWM0URkqipIOtxKscNyRn1t4gdjX8lyAdevWyTSvoxM1\/YapewxXYrJPXuI7rGhL0BJ2a7KiKGc3yMYOFvc0cnNvYwew0zx\/lAdAc8sezwRYtGiR3MfsC+rCQvbJP9f75AQqQ0VR0iGF0YACY2YSYlsGuw1j5okGuZWXBzRUrVpVusggtXhFZagoSjpsFOYVtnVvb0XKE7VfeeUVM3PmTJkuVbqUX5zxiMpQUZSICRQc8zx9ql69ehIZcsvt1i1bM4gznlAZKooSMVZwSJBp6hURIM8YuPLKWvKwBp4nQHedeEVlqChKVJBuL44IU4vCp82GDRvMrFmznOEleTYpT56yXXXiEe1aoyhK1CGVLzmK6IaDAHmaPU+RZzpei8kqQ0VRFActJiuKojioDBVFyRXivRCqMlQUJVeI17pCi8pQURTFGPN\/0bAXGdglG3EAAAAASUVORK5CYII=\" alt=\"\"><\/p>","protected":false},"excerpt":{"rendered":"<p>Tegund:&nbsp;FK613<\/p>","protected":false},"featured_media":80859,"comment_status":"closed","ping_status":"closed","template":"","meta":[],"product_brand":[],"product_cat":[580,619,618,517],"product_tag":[],"class_list":{"0":"post-75548","1":"product","2":"type-product","3":"status-publish","4":"has-post-thumbnail","6":"product_cat-badherbergi-lykillausnir","7":"product_cat-salernisburstar-badherbergi-lykillausnir","8":"product_cat-salernirsrulluhaldarar","9":"product_cat-lykillausnir","11":"first","12":"instock","13":"taxable","14":"shipping-taxable","15":"purchasable","16":"product-type-simple"},"yoast_head":"<!-- This site is optimized with the Yoast SEO plugin v27.3 - https:\/\/yoast.com\/product\/yoast-seo-wordpress\/ -->\n<title>SMEDBO Kl\u00f3settr\u00falluhaldari+bursti BUTLER Ry\u00f0fr Kr\u00f3m FK613 - V\u00e9lar &amp; Verkf\u00e6ri<\/title>\n<meta name=\"robots\" content=\"index, follow, max-snippet:-1, max-image-preview:large, max-video-preview:-1\" \/>\n<link rel=\"canonical\" href=\"https:\/\/velarogverkfaeri.is\/en\/lykillausnir\/badherbergi-lykillausnir\/salernirsrulluhaldarar\/product\/smedbo-klosettrulluhaldaribursti-butler-rydfr-krom-fk613\/\" \/>\n<meta property=\"og:locale\" content=\"en_US\" \/>\n<meta property=\"og:type\" content=\"article\" \/>\n<meta property=\"og:title\" content=\"SMEDBO Kl\u00f3settr\u00falluhaldari+bursti BUTLER Ry\u00f0fr Kr\u00f3m FK613 - V\u00e9lar &amp; Verkf\u00e6ri\" \/>\n<meta property=\"og:description\" content=\"Tegund:&nbsp;FK613\" \/>\n<meta property=\"og:url\" content=\"https:\/\/velarogverkfaeri.is\/en\/lykillausnir\/badherbergi-lykillausnir\/salernirsrulluhaldarar\/product\/smedbo-klosettrulluhaldaribursti-butler-rydfr-krom-fk613\/\" \/>\n<meta property=\"og:site_name\" content=\"V\u00e9lar &amp; Verkf\u00e6ri\" \/>\n<meta property=\"article:publisher\" content=\"https:\/\/www.facebook.com\/VelarOgVerkfaeri\" \/>\n<meta property=\"article:modified_time\" content=\"2026-03-02T14:31:08+00:00\" \/>\n<meta name=\"twitter:card\" content=\"summary_large_image\" \/>\n<script type=\"application\/ld+json\" class=\"yoast-schema-graph\">{\"@context\":\"https:\\\/\\\/schema.org\",\"@graph\":[{\"@type\":\"WebPage\",\"@id\":\"https:\\\/\\\/velarogverkfaeri.is\\\/lykillausnir\\\/badherbergi-lykillausnir\\\/salernirsrulluhaldarar\\\/product\\\/smedbo-klosettrulluhaldaribursti-butler-rydfr-krom-fk613\\\/\",\"url\":\"https:\\\/\\\/velarogverkfaeri.is\\\/lykillausnir\\\/badherbergi-lykillausnir\\\/salernirsrulluhaldarar\\\/product\\\/smedbo-klosettrulluhaldaribursti-butler-rydfr-krom-fk613\\\/\",\"name\":\"SMEDBO Kl\u00f3settr\u00falluhaldari+bursti BUTLER Ry\u00f0fr Kr\u00f3m FK613 - V\u00e9lar &amp; Verkf\u00e6ri\",\"isPartOf\":{\"@id\":\"https:\\\/\\\/velarogverkfaeri.is\\\/en\\\/#website\"},\"primaryImageOfPage\":{\"@id\":\"https:\\\/\\\/velarogverkfaeri.is\\\/lykillausnir\\\/badherbergi-lykillausnir\\\/salernirsrulluhaldarar\\\/product\\\/smedbo-klosettrulluhaldaribursti-butler-rydfr-krom-fk613\\\/#primaryimage\"},\"image\":{\"@id\":\"https:\\\/\\\/velarogverkfaeri.is\\\/lykillausnir\\\/badherbergi-lykillausnir\\\/salernirsrulluhaldarar\\\/product\\\/smedbo-klosettrulluhaldaribursti-butler-rydfr-krom-fk613\\\/#primaryimage\"},\"thumbnailUrl\":\"https:\\\/\\\/velarogverkfaeri.is\\\/wp-content\\\/uploads\\\/2026\\\/03\\\/aa56e5de-d309-4ad4-ae09-1461f88fc20b.png\",\"datePublished\":\"2025-09-01T08:56:28+00:00\",\"dateModified\":\"2026-03-02T14:31:08+00:00\",\"breadcrumb\":{\"@id\":\"https:\\\/\\\/velarogverkfaeri.is\\\/lykillausnir\\\/badherbergi-lykillausnir\\\/salernirsrulluhaldarar\\\/product\\\/smedbo-klosettrulluhaldaribursti-butler-rydfr-krom-fk613\\\/#breadcrumb\"},\"inLanguage\":\"en-US\",\"potentialAction\":[{\"@type\":\"ReadAction\",\"target\":[\"https:\\\/\\\/velarogverkfaeri.is\\\/lykillausnir\\\/badherbergi-lykillausnir\\\/salernirsrulluhaldarar\\\/product\\\/smedbo-klosettrulluhaldaribursti-butler-rydfr-krom-fk613\\\/\"]}]},{\"@type\":\"ImageObject\",\"inLanguage\":\"en-US\",\"@id\":\"https:\\\/\\\/velarogverkfaeri.is\\\/lykillausnir\\\/badherbergi-lykillausnir\\\/salernirsrulluhaldarar\\\/product\\\/smedbo-klosettrulluhaldaribursti-butler-rydfr-krom-fk613\\\/#primaryimage\",\"url\":\"https:\\\/\\\/velarogverkfaeri.is\\\/wp-content\\\/uploads\\\/2026\\\/03\\\/aa56e5de-d309-4ad4-ae09-1461f88fc20b.png\",\"contentUrl\":\"https:\\\/\\\/velarogverkfaeri.is\\\/wp-content\\\/uploads\\\/2026\\\/03\\\/aa56e5de-d309-4ad4-ae09-1461f88fc20b.png\",\"width\":328,\"height\":634},{\"@type\":\"BreadcrumbList\",\"@id\":\"https:\\\/\\\/velarogverkfaeri.is\\\/lykillausnir\\\/badherbergi-lykillausnir\\\/salernirsrulluhaldarar\\\/product\\\/smedbo-klosettrulluhaldaribursti-butler-rydfr-krom-fk613\\\/#breadcrumb\",\"itemListElement\":[{\"@type\":\"ListItem\",\"position\":1,\"name\":\"Home\",\"item\":\"https:\\\/\\\/velarogverkfaeri.is\\\/\"},{\"@type\":\"ListItem\",\"position\":2,\"name\":\"Vefverslun\",\"item\":\"https:\\\/\\\/velarogverkfaeri.is\\\/vefverslun\\\/\"},{\"@type\":\"ListItem\",\"position\":3,\"name\":\"SMEDBO Kl\u00f3settr\u00falluhaldari+bursti BUTLER Ry\u00f0fr Kr\u00f3m FK613\"}]},{\"@type\":\"WebSite\",\"@id\":\"https:\\\/\\\/velarogverkfaeri.is\\\/en\\\/#website\",\"url\":\"https:\\\/\\\/velarogverkfaeri.is\\\/en\\\/\",\"name\":\"V\u00e9lar & Verkf\u00e6ri\",\"description\":\"Umbo\u00f0s- og heildverslun fr\u00e1 \u00e1rinu 1919\",\"publisher\":{\"@id\":\"https:\\\/\\\/velarogverkfaeri.is\\\/en\\\/#organization\"},\"potentialAction\":[{\"@type\":\"SearchAction\",\"target\":{\"@type\":\"EntryPoint\",\"urlTemplate\":\"https:\\\/\\\/velarogverkfaeri.is\\\/en\\\/?s={search_term_string}\"},\"query-input\":{\"@type\":\"PropertyValueSpecification\",\"valueRequired\":true,\"valueName\":\"search_term_string\"}}],\"inLanguage\":\"en-US\"},{\"@type\":\"Organization\",\"@id\":\"https:\\\/\\\/velarogverkfaeri.is\\\/en\\\/#organization\",\"name\":\"V\u00e9lar & Verkf\u00e6ri\",\"url\":\"https:\\\/\\\/velarogverkfaeri.is\\\/en\\\/\",\"logo\":{\"@type\":\"ImageObject\",\"inLanguage\":\"en-US\",\"@id\":\"https:\\\/\\\/velarogverkfaeri.is\\\/en\\\/#\\\/schema\\\/logo\\\/image\\\/\",\"url\":\"https:\\\/\\\/velarogverkfaeri.is\\\/wp-content\\\/uploads\\\/2021\\\/10\\\/vv_logo_350x100.png\",\"contentUrl\":\"https:\\\/\\\/velarogverkfaeri.is\\\/wp-content\\\/uploads\\\/2021\\\/10\\\/vv_logo_350x100.png\",\"width\":350,\"height\":100,\"caption\":\"V\u00e9lar & Verkf\u00e6ri\"},\"image\":{\"@id\":\"https:\\\/\\\/velarogverkfaeri.is\\\/en\\\/#\\\/schema\\\/logo\\\/image\\\/\"},\"sameAs\":[\"https:\\\/\\\/www.facebook.com\\\/VelarOgVerkfaeri\"]}]}<\/script>\n<!-- \/ Yoast SEO plugin. -->","yoast_head_json":{"title":"SMEDBO Kl\u00f3settr\u00falluhaldari+bursti BUTLER Ry\u00f0fr Kr\u00f3m FK613 - V\u00e9lar &amp; Verkf\u00e6ri","robots":{"index":"index","follow":"follow","max-snippet":"max-snippet:-1","max-image-preview":"max-image-preview:large","max-video-preview":"max-video-preview:-1"},"canonical":"https:\/\/velarogverkfaeri.is\/en\/lykillausnir\/badherbergi-lykillausnir\/salernirsrulluhaldarar\/product\/smedbo-klosettrulluhaldaribursti-butler-rydfr-krom-fk613\/","og_locale":"en_US","og_type":"article","og_title":"SMEDBO Kl\u00f3settr\u00falluhaldari+bursti BUTLER Ry\u00f0fr Kr\u00f3m FK613 - V\u00e9lar &amp; Verkf\u00e6ri","og_description":"Tegund:&nbsp;FK613","og_url":"https:\/\/velarogverkfaeri.is\/en\/lykillausnir\/badherbergi-lykillausnir\/salernirsrulluhaldarar\/product\/smedbo-klosettrulluhaldaribursti-butler-rydfr-krom-fk613\/","og_site_name":"V\u00e9lar &amp; Verkf\u00e6ri","article_publisher":"https:\/\/www.facebook.com\/VelarOgVerkfaeri","article_modified_time":"2026-03-02T14:31:08+00:00","twitter_card":"summary_large_image","schema":{"@context":"https:\/\/schema.org","@graph":[{"@type":"WebPage","@id":"https:\/\/velarogverkfaeri.is\/lykillausnir\/badherbergi-lykillausnir\/salernirsrulluhaldarar\/product\/smedbo-klosettrulluhaldaribursti-butler-rydfr-krom-fk613\/","url":"https:\/\/velarogverkfaeri.is\/lykillausnir\/badherbergi-lykillausnir\/salernirsrulluhaldarar\/product\/smedbo-klosettrulluhaldaribursti-butler-rydfr-krom-fk613\/","name":"SMEDBO Kl\u00f3settr\u00falluhaldari+bursti BUTLER Ry\u00f0fr Kr\u00f3m FK613 - V\u00e9lar &amp; Verkf\u00e6ri","isPartOf":{"@id":"https:\/\/velarogverkfaeri.is\/en\/#website"},"primaryImageOfPage":{"@id":"https:\/\/velarogverkfaeri.is\/lykillausnir\/badherbergi-lykillausnir\/salernirsrulluhaldarar\/product\/smedbo-klosettrulluhaldaribursti-butler-rydfr-krom-fk613\/#primaryimage"},"image":{"@id":"https:\/\/velarogverkfaeri.is\/lykillausnir\/badherbergi-lykillausnir\/salernirsrulluhaldarar\/product\/smedbo-klosettrulluhaldaribursti-butler-rydfr-krom-fk613\/#primaryimage"},"thumbnailUrl":"https:\/\/velarogverkfaeri.is\/wp-content\/uploads\/2026\/03\/aa56e5de-d309-4ad4-ae09-1461f88fc20b.png","datePublished":"2025-09-01T08:56:28+00:00","dateModified":"2026-03-02T14:31:08+00:00","breadcrumb":{"@id":"https:\/\/velarogverkfaeri.is\/lykillausnir\/badherbergi-lykillausnir\/salernirsrulluhaldarar\/product\/smedbo-klosettrulluhaldaribursti-butler-rydfr-krom-fk613\/#breadcrumb"},"inLanguage":"en-US","potentialAction":[{"@type":"ReadAction","target":["https:\/\/velarogverkfaeri.is\/lykillausnir\/badherbergi-lykillausnir\/salernirsrulluhaldarar\/product\/smedbo-klosettrulluhaldaribursti-butler-rydfr-krom-fk613\/"]}]},{"@type":"ImageObject","inLanguage":"en-US","@id":"https:\/\/velarogverkfaeri.is\/lykillausnir\/badherbergi-lykillausnir\/salernirsrulluhaldarar\/product\/smedbo-klosettrulluhaldaribursti-butler-rydfr-krom-fk613\/#primaryimage","url":"https:\/\/velarogverkfaeri.is\/wp-content\/uploads\/2026\/03\/aa56e5de-d309-4ad4-ae09-1461f88fc20b.png","contentUrl":"https:\/\/velarogverkfaeri.is\/wp-content\/uploads\/2026\/03\/aa56e5de-d309-4ad4-ae09-1461f88fc20b.png","width":328,"height":634},{"@type":"BreadcrumbList","@id":"https:\/\/velarogverkfaeri.is\/lykillausnir\/badherbergi-lykillausnir\/salernirsrulluhaldarar\/product\/smedbo-klosettrulluhaldaribursti-butler-rydfr-krom-fk613\/#breadcrumb","itemListElement":[{"@type":"ListItem","position":1,"name":"Home","item":"https:\/\/velarogverkfaeri.is\/"},{"@type":"ListItem","position":2,"name":"Vefverslun","item":"https:\/\/velarogverkfaeri.is\/vefverslun\/"},{"@type":"ListItem","position":3,"name":"SMEDBO Kl\u00f3settr\u00falluhaldari+bursti BUTLER Ry\u00f0fr Kr\u00f3m FK613"}]},{"@type":"WebSite","@id":"https:\/\/velarogverkfaeri.is\/en\/#website","url":"https:\/\/velarogverkfaeri.is\/en\/","name":"V\u00e9lar & Verkf\u00e6ri","description":"Umbo\u00f0s- og heildverslun fr\u00e1 \u00e1rinu 1919","publisher":{"@id":"https:\/\/velarogverkfaeri.is\/en\/#organization"},"potentialAction":[{"@type":"SearchAction","target":{"@type":"EntryPoint","urlTemplate":"https:\/\/velarogverkfaeri.is\/en\/?s={search_term_string}"},"query-input":{"@type":"PropertyValueSpecification","valueRequired":true,"valueName":"search_term_string"}}],"inLanguage":"en-US"},{"@type":"Organization","@id":"https:\/\/velarogverkfaeri.is\/en\/#organization","name":"V\u00e9lar & Verkf\u00e6ri","url":"https:\/\/velarogverkfaeri.is\/en\/","logo":{"@type":"ImageObject","inLanguage":"en-US","@id":"https:\/\/velarogverkfaeri.is\/en\/#\/schema\/logo\/image\/","url":"https:\/\/velarogverkfaeri.is\/wp-content\/uploads\/2021\/10\/vv_logo_350x100.png","contentUrl":"https:\/\/velarogverkfaeri.is\/wp-content\/uploads\/2021\/10\/vv_logo_350x100.png","width":350,"height":100,"caption":"V\u00e9lar & Verkf\u00e6ri"},"image":{"@id":"https:\/\/velarogverkfaeri.is\/en\/#\/schema\/logo\/image\/"},"sameAs":["https:\/\/www.facebook.com\/VelarOgVerkfaeri"]}]}},"_links":{"self":[{"href":"https:\/\/velarogverkfaeri.is\/en\/wp-json\/wp\/v2\/product\/75548","targetHints":{"allow":["GET"]}}],"collection":[{"href":"https:\/\/velarogverkfaeri.is\/en\/wp-json\/wp\/v2\/product"}],"about":[{"href":"https:\/\/velarogverkfaeri.is\/en\/wp-json\/wp\/v2\/types\/product"}],"replies":[{"embeddable":true,"href":"https:\/\/velarogverkfaeri.is\/en\/wp-json\/wp\/v2\/comments?post=75548"}],"wp:featuredmedia":[{"embeddable":true,"href":"https:\/\/velarogverkfaeri.is\/en\/wp-json\/wp\/v2\/media\/80859"}],"wp:attachment":[{"href":"https:\/\/velarogverkfaeri.is\/en\/wp-json\/wp\/v2\/media?parent=75548"}],"wp:term":[{"taxonomy":"product_brand","embeddable":true,"href":"https:\/\/velarogverkfaeri.is\/en\/wp-json\/wp\/v2\/product_brand?post=75548"},{"taxonomy":"product_cat","embeddable":true,"href":"https:\/\/velarogverkfaeri.is\/en\/wp-json\/wp\/v2\/product_cat?post=75548"},{"taxonomy":"product_tag","embeddable":true,"href":"https:\/\/velarogverkfaeri.is\/en\/wp-json\/wp\/v2\/product_tag?post=75548"}],"curies":[{"name":"wp","href":"https:\/\/api.w.org\/{rel}","templated":true}]}}