{"id":75527,"date":"2025-08-29T13:41:24","date_gmt":"2025-08-29T13:41:24","guid":{"rendered":"https:\/\/velarogverkfaeri.is\/?post_type=product&#038;p=75527"},"modified":"2026-03-02T14:30:40","modified_gmt":"2026-03-02T14:30:40","slug":"smedbo-klosettrulluhaldaribursti-butler-svartur-710x150x200mm-fb613","status":"publish","type":"product","link":"https:\/\/velarogverkfaeri.is\/en\/lykillausnir\/badherbergi-lykillausnir\/salernirsrulluhaldarar\/product\/smedbo-klosettrulluhaldaribursti-butler-svartur-710x150x200mm-fb613\/","title":{"rendered":"SMEDBO Kl\u00f3settr\u00falluhaldari+bursti BUTLER Svartur 710x150x200mm FB613"},"content":{"rendered":"<p><img decoding=\"async\" src=\"data:image\/png;base64,iVBORw0KGgoAAAANSUhEUgAAAVcAAACmCAYAAABuiMwQAAAAAXNSR0IArs4c6QAAAARnQU1BAACxjwv8YQUAAAAJcEhZcwAADsMAAA7DAcdvqGQAACdISURBVHhe7Z0JoFXT\/sd\/zSkavNJNVK8yNNw0yFAJZSh6UcrUIA9RxEM83r+BUBEyU+iFKOqJypAQr6gMt9QzZkgZonqpPBpU\/\/P53b1O+5577r3nnuHeM\/w+Wfbea6+99r7nnP3dv\/Vba69fmT0BxDAMw4grZb2lYRiGEUdMXA3DMBKAiathGEYCMHE1DMNIACauhmEYCcDE1TAMIwGYuBqGYSQAE1fDMIwEYOJqGIaRAExcDcMwEoCJq2EYRgKwuQUMw4gjyEmZ3FUfBcmMyy9bNv3sPLNcDcOII\/mFNRxlypRRYWXp1tMNE1fDMBLCHrVi87J79+7g0gkq4grpJrDmFjAMI2EgL048\/9j1h7w27zV55JFHNL9WrVoybNgwadasme53uPKpjomrYRhxx8mKXyg\/+OADmT17tgwaNEiysrJk5cqVMm7cOBXbGjVqaJl0EVYwcTUMI2aQEYQxuAz8KxP4589\/6KGHpEmTJnLKKafoMbgGNm7cKNWqVZOKlSpq+XQS16h9ru+8847k5OTIH3\/8odu7du2S5cuXa\/7WrVs1Dz799FN5++235bvvvvNyCubrr7+WIUOGyKJFi7ycwnHnXLp0qWzfvt3LjS8\/\/\/yzXg9P3W3btnm5eyGPfe+++65s2bLFy83L999\/r5\/BihUrgp9XOH766ad8n59hpBJBcQyYbKGC++uvv6orgG0gr3bt2lKpUqUChZWyrjwUtF4QkZRJFFGL66OPPiq33XabrF+\/XrcRoVtuuUWGDx+u5j4gPI899pjcfPPNKhxF8d\/\/\/le++OIL+eabb7ycwtmxY4dMmTJF7r77bv3iwkH+pEmTZPr06Vo+UvhSnnvuObnwwgvljTfekCeffFIuvfTSPH\/H559\/Ln379pWpU6fKnDlzZMCAAfLZZ595e\/fWMXjwYBXf+++\/Xy677LLgZ+bnf\/\/7n4wZM0Y\/wx9\/\/NHLNYzUIK8w5hU09mGl1q1bV9asWRMUPPKeeOIJ+eWXX3QbQsWQY0kuP5wAF4b\/2JImanFt0KCBiiEfFvzwww+yadMmXf\/kk090iQXG\/gMOOEDLF8WRRx4pr7\/+uvTv39\/LiR0sWsRxyZIlaulGCtc9b948mThxoowaNUruvfdeadOmjYooUBfC2atXL5kwYYKMHTtW\/vrXv6rYOyt63bp1WgfH3njjjfLwww\/LwQcfLG+99Zbu9\/PSSy9J+fLl9bMyjFQFIUPL\/IKGiCJyJ5xwgt4z6AP3D\/5XjA7cAn5y69hrsfrr8udHQrg6SoqoxRUhBGelLlu2TMqVK6eO6f\/85z\/y+++\/q0DhUznssMOkZs2a2iTG4u3SpYuceOKJ0rNnT1m8eHHwD+eDJn\/atGm6Tf6LL74oJ598suYjYqNHj5auXbuqhevgy3v++efzlONcnBs3A1b1Rx99pOfjOJ6UONWvuuoqtRjDwcPg8ccfl4MOOki3+XFUrVpV\/y6gzm+\/\/VY6duwYfJq2a9dOBdW5QPbdd1+1Wg888EDdRjzr1auXzzWwevVqfQBccMEFUrFiRS83PKGfoftM+OwMo7TxW4qsc2+6FwS4l66++mptwfXr109denfccUegoO5WOMbdTxBOFP3nKApXn7\/OkiJqcUUw8ZV8+eWX2vRm2bhxY2nbtq2sXbtWBQwh40NAiBFeBBDhPPXUU+X\/\/u\/\/1P8ycuTIoKUbyocffij33XefCg4iibCEs\/o2bNgg7733norr\/vvvr09EthE3RJQlFuP111+vTZOdO3eqdcl1F2XNck6EdNasWXru0047TfOxyvmb\/E9dHiw8RLge2G+\/\/fRv53MChBcLumXLlroN1E\/T6PTTT1fhLYqXX35ZfcC4Kd58801p3bq1LFy40NtrGKWPEz9nsfrFFgOE1iBuOowC7p+yZfLKkL88UA+Q7\/JYuvVkJWpxRaQaNmwoX331laZVq1bJn\/\/8Zzn66KPVXYDfFP8jwoIQI0aIAcf16dNHRQFLjQ8O6zUc5LN\/6NChegz+ykMPPdTbuxcElS8K8cRSBKxKzt2qVSupUqWKljn22GNV8HCiT548WX2xoU2SULC+adL\/85\/\/lMMPPzxPeep0wungBxBOsLGQ77zzTjnppJPyjOtbsGCB+oJ54BQF5bBQcZsgxPy4jjrqKGnatKlXwjBKB\/\/vHhdhqLD6ySOK3mo4oeRYEpYvS8pQb7g6k5GoxRWRat68uYomveD4W7FaET\/2YXUicAgwgoowUIYPHt9k7969ZcSIEfphhevgAddJ5QQNC9Q10\/3Q3HbNaYQ0ErA6SUXRqFEjdQ+88MIL6iqgGe58qly3cxMAVihfPH+\/H4R1\/Pjx+jnwd7sfEpYs1vzAgQPziXQ4+PHSSej\/G6krHd\/LNlILJ4Lczxg5uLr43fN7Zfnbb7\/pvcLSbZO2\/b4tTx5LyrmyaAg6we\/cncM7o7dMXmK6K7EKERrXBD\/kkEO0QwZBev\/999XniasAsUH8aDIjUAgVFptLWIbhwMIE10OP2EYypCse0LTHJ+SexnypNGm4Fq6Da+PL5mHh4Bj24e5wILgMkubvv\/zyy\/VB4KA5j3WP6wL\/KcJLK4BRCeF8qNRRvXr1PCMWqD\/cEDHDKEmcwcCS3+NzM56Te+65R0fy4Npj3SUMFJJbp8OXRFlXxuXRYuQ+dARsWe9c+S3dZKPcTQG89aigIwbBwyVwxhlnaKcPLgLGnmKtnn322Sq2WGaID+M9nThhEeJzxR\/K8fhqcR1gAWdnZ+sxr732mo6nZR899YybxeLs1q2bCg3npz58llh0oXXwBKQnnjJ16tRR65H1K6+8UkcmdOrUKWj1+sGtgauBa6dDir\/lqaee0rL4dvk7ORciSKcWIswPAWGl6Y8YI3w47xHgG264IZ9VTd10svEZkRhcTccb\/mhGJoRa1tSJOONv5UHGtntQde7cWT9HwygNnLgC9+jACwaqwXDMMceoq5Clf50lbjrcWizdfrfuymVntwj8zsvp\/eDwnyuZiclydVYq4CJwzWGEDdhGBBznnnuuDl2aO3euWmsMUyIPgQsHvslbb71VBRE3Q\/v27eX444\/39kYGnUyIIZ1SjCNF+CPp0OLcWJqM0UW4GKFAHfR2IrB8wYyB3WeffVTo3f6LLrooKIq8FMHfyLV3795df2wkhm0Bx\/7pT38KJq4V8eShEU7wASG\/+OKL1X\/LaIfKlSvrQ8QwShvuCRJDF3nQV96nsrZoMSo0Va2i2y5hoKARLEmurNtmvU6dLHUjurpJqeJzLZXXX7HoEDY+TH8zORQujSYwQkPnEYKI\/4Wm8wMPPKCiGy1OVCPxu3KtXENBgodVS32IZaLhM+Fc7nPDMsetguXLw8cwSgdkJK9FyW\/ViSHLSPAf4\/AfW5y6SptS6QlBGJyVVhgM77rkkku0dxxr77rrrlNfLtZbrIPtEdVIhBV4CBQkrMC+khBWcC9Z4K\/lwcOgbDoB\/C0Ew4gUxMolB+vaK1+sTqP8gudEMBox5BhamHRoYYw5yPdfazKT9BO34NecMWOGvr+PIJ911lkqrpH0rqcjfF08YGbOnKm+bnxWvILrOv8MI1L4LZW2Fcg10BLbvXuXLnft2u0td8m6dT9qh2+LFtlhh2AmOzYrlmEYcceJ5o6dO2TH9u3qOtu+Y7ts37ZNLdIdgbRzx061jbdvC+QH9v1BfqAcluoff+C226N+11q1amsHl44USIFRAg4TV8Mw4gZygjVMx\/Hy5ctUJEm51in7GPWy112Aa45RL6yzJLl9pMqVK0nNmrkvAKUapeJzNQwj2dhrY2EhRmtzIYj4a3lLc3vACkU8K1asIPtUYeTAPlK1ahXtn3CpQoUK2veiIquCKlIuILAVAnnkV6hQUYdpQqrZgWa5GkaGox1XYVQAoYwGrFQG\/mO9IpDUU758OalUqbIKbcWKlbTPhERnMMMJyyOu5coGhLWclAlYtuXL5Qpu+QrlpUqVqlFfS2li4moYRq61qs32XBFDFhC5aHycWK7Mksd8xzTzjzjiCJ2Xg7q1Xq0yerHMrSP5xdbcAoaRoSBSpM2bN8uHH3yoM7aRGIWi4hWD2cXhzn+6ew+TuOiqJ4qxCWMqCCuYuBpGBoNQ0TtPKCImc2cuZiZMAYQ3LsSrnhTDxNUwMhSElSY8r14zLwgvozAvhnshBctT\/bFK8QTSWcWZjImrYWQwCKwTQixYtjWPf4G8vT7X1GiKJxMmroaRoTjL0okrohqEXaanMWHiahgZihNTZ62qG8AT2TxCa0SFiathZDBOSEl+61Xz4mC65tbnUmZh4moYhpEATFwNwzASgImrYRhGAjBxNQwjYTCkK1MxcTUMI3Fk8HsEJq6GYSQANzoAdXUps4haXAmfS5hsEuGliXzqj3UDTD1GuGnCZ\/NqXTJCJFoiuhKPyjAMI15ELa7Ey7\/ppps0EWf\/nHPO0RDTL774YvDND8SWOR2\/+OILjaCabHCdq1ev1gfFxo0bvVzDMOKF2qyeHmQaMbsFzj33XBXYoUOHSrVq1eSee+7RCKXAZLhjxoyR6dOnS506dTQvmWCA8xVXXCGvvvqqNGvWzMs1DCNuZKauKjGLa3Z2thx\/\/PHSq1cvufPOOzUM9axZs9QNQEz9v\/3tb2rVYhm67auuukqmTJkiJ554onTt2lVycnJk4sSJuk0iXLR72lHPrbfeGtx3wQUXaERIByG3qf+ll16S008\/Xcv8\/e9\/D7ohsJ6pj\/Owr0uXLvLAAw\/Itm3bdD\/Hsw\/rGij\/6KOPajnKs89vjeMCIR\/LHWFm\/cwzz9SJgR0fffSRXif7SJdffrnOkQnbt29XNwkPJXNFGEb6EtcOraysLGncuLEKyYYNG7zc\/KxYsUIFElEkEiRi+NVXX8n555+v1u7UqVNlzZo16rOdNGmSLFiwQPdde+21KoojRoyQH3\/80atN1N+LdYzIH3zwwfLee+\/J7NmzdR+ih1g2adJEHnroIenTp4+KJSIZjueff16eeeYZadeundxwww1a37333iuLFi3ySuQyefJkqVWrloa2ZrJh5sLk4YGo86AghhAiSiI8OHUi3EzxRjlElkiXhmGkJ3EVV4eG0Q2IR0EgSgjlJZdcIh07dtRYORdffLEmtt3xiCai1rJlS+nevbtGgESQEe6PP\/7Yq030+Ouvv17Tddddp9v4UgExRqQBYcOinD9\/vnTu3Fnz\/GzdulXefPNN2X\/\/\/dW6PvXUU+XKK6\/UCS1wdbh6oEePHuoOGT58uBx22GEq9kwyjIC6yYZ5cLRu3VrFnGsjnhBB2W6\/\/XaZMWOGCrdhpC\/MV+Ct2twCsYGwIGZVq1aV\/fbbz8vND2JFQgQJTubAB0qeA7HDEiTYGZZr79695f7779d969ev1yUgWli8wJJtB\/F7EGTEmGb8aaedJoMHDw420\/0g6ps2bdLjCZwGWOM1a9ZU69RvafI3AmX9f0P16tW1foQcl0PPnj31wYD17VwL\/O3+azSMdETnbAn85DO0Pyu+4kpQMkYH0DnE7OaxgkAjYkcffbTMmzdPBcql8847zytVOIjYgAED1Cf71FNPqdDhkpg2bZpXYi8IKkLKQ8IJ6bp161RwEU0nuEXRtm1bdVPge8ZCx+LFNfHLL794JQwjQ\/BNiJVpowZiFlcE5I477lABGzVqlFSpUkX69u0bsRAVxgEHHCCtWrWS999\/X8WQIVM0++m4+uSTT7xShUMzH2t1\/PjxKnKIJzjL0w9ifswxx6i\/FD8rgn7ffffpcfhz\/VZ1QeAeQPgvvfRSdU3wkCE2O+4AjrcOLSNTQEz9Exe66QwzhZjF9YMPPpBXXnlFRQVhomOHMLrxADGip71Dhw46umDIkCGycuVKGTRokDRt2tQrVTidOnVSl8K\/\/\/1vGThwoFqv+Fv79+\/vlcgLwogbYenSpTJu3DgVSISSeiKhbt26MmzYMO204uWEf\/zjH+rD5aHAUDXr0DIyiszS0zyUCTxdUsJWR4joKEKg8FkWF0QNHy4WayT+TlwD+HuxZqM5H\/DiBA8IrFY\/XAvJ\/K5GMsGQQsapN2zY0MuJDn7buAhzhzeWkezsFtKiRYvcnRlEXH2uiQQ3Q40aNaIWOo7DbxqpoFGO8tGeDxjzGyqsQJ0mrEZ642y2kNhcGUTKiKthGEYqYeJqGIaRAExcDcMwEoCJq2EYRgIwcTUMw0gAJq6GYSQARghk8CDXACauhmEkiOINoU+312NNXA3DKHH8UWGZc+PFF1+Q2bNf1FfPIR2ixpq4GoZR4uydcSB3as6tW3+VLVu26jr496cqJq6GYSSU0De0Qpv\/7OeNxUgmRkolTFwNwyhRCnsd1gmvuQUMwzDCkiuOxZ5XwCtubgHDMAwjLCauhmEYCcDE1TAyhHQbR5rsxCyuBCRcsmSJvP322\/Ltt996uZFDCBUCEHK8P73zzjs6ubXj+++\/1+gAoVFlt2zZomGyiYjAtRiGER78nwisS0ZiiVlcV6xYoaFMCDNNiJfihi5hXNvs2bPloYceCiZmQyfECqG1mdX8X\/\/6l4ZomTBhgs7u71i4cKGGZSH44JNPPqnhWCwulWHkJxJRTZjgpn7fVFTEJK58GYsXL9bxaUQJIHw1FmZxICw1AfueffbZYCLYYXZ2thx00EFqFWOZjh49Wmf2dxCCZebMmRqv6rbbbtOAgu3atdOoq5H8SLBy\/eVCt\/0Q8oXkCN02jGTG\/a5Z6j9vG8MFCvrdx5eSOEdyEZO48tpaTk6ONG7cWHr37q1WJU18Px9++KGccsopGhgwEghj\/fLLL0uvXr2kUqVK0qZNG7n99tvzher++uuv1UpmP9DkIUIrlnRBIayJIDt27FgZOnSodOvWTYWZWD9Eq2W7X79+Wi9s3LhRrrjiCrWk2XfqqafKG2+8IRMnTpSTTz5Z02OPPaZuDcNIZtxoKO6RsmXKapghhDV0mFSxh00ZhRKTuK5atUrWrl0rzZs3V6sRMcRfSnRTBz5SBMjvPy2Mt956S2rXrq2WK2DZhos3RX2E8eacjgMPPFB\/OO795HAQknv48OEyf\/58Dd1NyO277rpLt1u2bKkuBseGDRs0cutrr70mDzzwgJbFeiZcN6LLtX733XdeacNIVnJFc\/PmzfLee++pUcJ9UjIWa+YStbjyxSxYsECXbdu2lXr16kmjRo3ks88+U8F1tG\/fXubNmyeDBw\/2cgom1Gotipo1a+Yrx\/UUZk02a9ZM6tSpo4Jdv359FfGsrCzdPu644\/L4dBFSLGOe6AgxbgoeImwTIZMU2sFmGMnGnj25zX8MH0LK0zrjPvFbqs5dQDLiQ9TiSrOZJjVf0CuvvCKPPPKIiiNig4\/UD8IVSZMj1GotCixL\/wgBnsici3DYhmHkUqZMWTU4GFHzl7\/8RTuQwS+mvBHFPRrJfWpERtTiSkxyeuaxHFmnueFmtGGdDqfiwMgAvvRIrVasT3yrfv8qFjPi6u\/4MoxMxgko7qs1a9bo6Bo6jXGdOTH1C6pZrvEjanFlGBRce+21wV7+J554Qpo2bapi6zqGIu3QorOobt26EVutNNHxsc6aNUt77vHBMlKgQ4cOZrkaGQlNez9OWEncJ7jspk6dqq1OxpGHlkkEKtwJqjvZiVpcaWLQ2UNnlqNq1apy1FFHaRME1wBfWCQdWuvWrVO\/bKRWK1Du6quv1g4qeu579Oih4tyzZ0+vhGFkFjTtQ0HcuAcnTZqk49DvnnC3TJ48WTtuww0njLfIJkq0U4EygT8+4X89XyJjYf3Nj3jC6ATqr1ixopdjGJkHlqtfYNnmP0bCMLoF65XbnZECjCXn5Z\/DDjvMKy1yxhlnyH333acdtbHAMK9ly3ICLdhVes+3PKKlNAu0aJH\/cNB38vrrr+txnbt0lqw6Wd6e1CZqy7U4RNqhFS377LOPCath+FCbyTObDj\/8cB0rDtyHtCRvvPFGHQEDzr5K5D2aiZSIuBqGkXj8VqtfKOmfOPTQQ4MiiuWKxcpQRsq5srQwTWDjh4mrYaQRCKgmzNaATiKWiCm4JbDOPie4QD+GeyXWiB0TV8NII5zliRUbzpJl6dbBbZPCvRIbPwqvN\/hASCNMXA0jzXBCmWrkPg4SJe4lj4mrYaQZfgvQ3+xPdtLNejVxNYw0Q+0\/r3mfuGZ+\/EmlB0EkmLgaRhqSSqIKarUirmmkryauhmEkmMgUU8U1fVyuJq6GYSQODGinl\/5Wf65vdW8GlramNFJXE1fDMOKO85\/6W\/oI7c6dO3RGrrVr1sjnn38uH3\/8H\/nyyy+1PK+wM7Md4aKYZIaAp0wy42bbSzVKZG4BwzCSnzPPPFODg8ZjboGcZTmyys0t0LKlTlKPSL7z7jvy808\/q5A66aEMx\/Big\/9FB7efEE+EcEo1zHI1DCOxeC19xJIZupjgHjHldVsmuCexzpwHJMQWkXWTPbE\/FTFxNQwj7qCnQctU\/59rofqtU7ZJrhxL\/7aDPEfovmTGxNUwjLiDBDpR3CuHe2RPwGItTDwhdNtPYfuSDRNXwzDiTmESWCyBDBRNJUH1Y+JqGIaRAKIW108\/\/VRD9brE0AkiAkQDTm7CxixatEgDFYZCM4IAa5yH+FzhJqUgj32UoWwq+WYMw0g\/yt0UwFsvFo899pg8\/vjjGg6bREyep59+WqpUqaLDLiI15Ykge80116hYE0uLcBTMK0kdQC8ioScI3c1QDoIQMhaOWF3OMU6k2ZEjR8qcOXPkt99+k4kTJ+o+4nulapPCMEoSBvU\/O\/1Z6dq1q9SoUcPLjQ4Mm3XrfpSNG3MjzNbJqqMh83fv3iWrV68O3K+\/aXQSyvmNIMq6Di9333Jd6EGjRo10O5WI2S1AuIiZM2fqkg9hxowZKpKRgiAyDu7ee++VUaNGydixY+XVV1+VTZs26f7cgcYfa3C14cOHq3CSl5OTo\/th6dKlwSBslLn\/\/vu1Dr7IokC8SY7Q7VAYRuL\/QYRuG4ZROBEbPBRL4VsrZnHdd999dZBvx44dNZSEv8keSVhtQmEzeNl94DzhKleuHKxn8eLFcsQRR0hWVm7QMp6qWK00\/4Fxcax36dJFo8\/CwQcfLA0aNFBXQzhwH1x11VVy1113aeRYIsZSdvTo0brdrVs3FX3HtGnTVPSHDh2q+4YNGybLli2Tvn376na\/fv2CocQNIxVxr52WKRuh8MVKBKdJ9VdhYxbXlStXqrjhJqBpf8455wSFMJKw2k2bNlUhBCzAN998U+rUqRNsmqxfvz5YnwOXAdYxViMDjLds2RIMtgYMPiYoW2GWK6\/WtWvXThYsWKBuCSzv4447TreJijl79mzZvHmzV1o0hDdWMZE0Odf48eNVnNnG8sYtYhipRmirq1zZct5aYkmnOQQKImZxxQeK25awvVicFSpUCH5h7du3l3nz5sngwYN1uygWLlyo4jpo0CAVSEeouAKi7c5D9Nfq1avrup\/Cmve1atVSnyzUq1dPBR6RBJZYwf7jEXREH19R\/fr1JTs7W6+LbUT5119\/9UoaRuri+jGM2In5k7ztttvU2sPH2aZNG\/V3+pvjkYbVXrJkifpVr7vuOhUxP\/T++6HTCjF14bTZZjIIP3Ry4WIwDKNg\/B1HELE\/1CiSuD2m6Mxy4Xu\/+uorLzcyGMb14IMPqi+T5ryfJk2a6H4sVaB+Orjwq2LdYrViedJsd+COwK8a6wQUhpExBLQVYS0Jcc13jjTV85jFFXcAvkdcA1OmTFFL1TWvI+nQoud\/xIgRcskll0jbtm293L3gF121apW8\/\/77uo2IMjqgU6dOug0nnnii+j4RdcT33XffVV+tuw7DMAqGeyYoeGa4xo2YxRUXwNy5c7VTi6Y6nUFujGokHVrPP\/+8bNiwQYdhIZIkxtpheQLWJz37t9xyi+679tprZeDAgXLIIYfofkCUzz\/\/fLnsssukc+fOagVfeeWVeTq5DMMIj9+SLJWOprx9amlDwudzpVPITR0WC1wmnUZ0NBXkdGf4Fr5WhoeVRPPGMNIJhiTysk5on0dx4T5ctiwnYCB587ke0VKaNWU+1x3aP8PLBXR8Y3j5h25yX9PyDepFIFGmerVqOtQy1Yibz7UgIu3QKgrq2G+\/\/QrtzWQfZUxYDSOF8N2uCbb1SpSEi6thGEYmYuJqGIaC1ehvpieSTGhdmrgahqGUWpM8TTu0TFwNw1CwJhNvueaOpTXL1TCMtMW9leWnpNwCeazkNNVZE1fDyFBCx7QirO5NyBLF3AKGYaQzJdJUT39vQBATV8MwlMSLK7ZymHOkqeCauBqGEaRURgyYW8AwDCM2MmCQQBATV8MwgpTKEClzCxiGYcROJoxxBRNXwzAC5Ia5LrW3tNIQE1fDyGCcmLJgHauSlwtUaNO1p6mEMHE1jAzGNdFZBqfz9IS2xLQ1TTXcxNUwMhi1UL1EmHq\/2O6luOqXW18QbzXXEo7M38rxlIysdHISs7jyhSxfvlzDvKxYsaLQcNaFQQRXYl8R8sXx7bffar3+5N8P27Zt01AzHLtlyxYv1zCMosl1A3DPrl69Wu+lb775RpcqjkFli1zinKhSL4lt0ubNm2Xrlq2ya1dk+pBX3PPizpHsRB3mhcMWL14so0eP1lhZDuJoEW67efPmXk7REN2VAIc\/\/\/yz3HrrrdK+fXvNJ0z3yy+\/LNWqVdNtuP7664OBDAluSMwuIsESBfbTTz+VcePG5YsgaxhGftytj5hyn3H\/EMmDcC\/cU4UJXCjMSfDLL7+ogUOY+7Vr16ou4GpwIfBZV+EO\/CtXtpyKuk4Uw2kCl8J+Qry46CUk9hO2iYCkhIYpzjWVNlGLKwEECQIIl156qUZpfeONN+TJJ5+Ugw46SO68806pXbu27i+MjRs3yvDhw6Vv374yc+ZMOfvss1VcuSxE+phjjpGTTjrJK70XvswxY8ZIo0aNNDghH\/rs2bPVgr355ps11HdhOAubLxJCt0PhR0Gd7ssN3TaMVAPh4veL2JUtUza4rXmB+y\/S3zb3DtGZ161bp3WQuD+dD5cl9wrL33\/\/XfcjoqHiSh5l\/KGh2Gad2HkYUGgKwu8EO5mJ2i3wyiuv6JOJaKw86RDUAQMGyHnnnaf5NOmhqPDaWLoTJkzIF1Yb8UJ4eZKGAyuXc3Ts2DH4RSDwfMHfffedbofCA4FIsoQCP\/nkk\/W6cSlgfbPdrVs3mTNnjldaZNq0aTJ27FgZOnSo7hs2bJgsW7ZMHwRs9+vXT77++muvtGGkFmXKeiIa+IfIIWRss+4ENhIICsq9xTFYlwgfYopIuuTqLUy0Czof17Vp0yZZs2aNGk9oD9vJTtTiim8G4Tv00EO9nMCXFfjQLr74Ypk+fboceeSRmldUeG0++MqVK3tbe0FcaV7gGnAht4lM6VwQ1MeTzu8yqFGjhtSsWTOfX9YPgowIE4XymmuukRtvvFGOO+443cbFgPWLf8jxySefqGU9f\/58DdU9fvx4FWe2W7ZsKS+99JJX0jBSC0QVgdV1T0xZ6jqmZIRgINFsxxKlD4b7PVQo\/fWzzLPfW2UfuP0kBJk6EVh0gnOxjQWc7MTUoYWZjj+kMGjiz5s3TwYPHuzlREaVKlVkyJAhcvvtt6vwTZ06VX281OXYf\/\/98zX\/+UL4cguiVq1aQX9wvXr1pEGDBiqSwJLmh3MRQLNmzTTUMA+B+vXrS3Z2tmRlZek2oky4b8NIVVRgPUHNk7z8SGnYsKF06NBBGjSsLxUqlpddu3fpfbRt+zbZuXNn0E3AfeNCZ7PE0mVJvnMBOJy4AvnUQ50tWrSIOfx3SRC1uPKBYOHRdPfDE4U8\/5OFD644XxQgmkcffbQKILDs37+\/jhjAqoX169fnOQ8fPF9IQa4EwzBig\/vLv3Rwf9etW1faHXmU\/KV7D+nVs5f2lbRu1Vr9pIgrI4IwRnAjsE4rFMF0BhGJe5h87mvKsCSxj1YpFnLTpk1Vf5KdqMUVC44P4dVXXw0+Xdi+5ZZbpE+fPtqcjgWa\/fhDnRsgFL4wvpQffvjByxF1B\/DlYZ0ahhF\/nJFUlLGE+NGyRAhPOOEEOeuss6RHjx7at0EnNfrRuHFjbTliONFnQ2KdFmKTJk20JUlZjunevbt07tw5pe7tqMX19NNP1w9h1qxZOloAP+Rll12mTXc+EEx3KKpDqyAQSTq6cGAjolipdDZhzeJ7wb\/aunVreeaZZ9SSRYQZbcAwLHyjhmEkF9y3NOfpp2nVqpXqxLHHHqud0rgU2ndor+u4EukXQYAZDYSgutEBxfEFlzZRiyuWI8OteCp9+eWXMnfuXO3N4wk1cuTIoC8U0cOkL6hDqyBoYtA7\/+CDD+oTiyFaPAXPOOMM3c+T88ILL1S\/Lz33Xbt21REEF110UUo0GQwjVcC4cW4At8SnGppPC9aNCPATug0uz28J88\/Bfpd278mtV1vIvqrC1ZtMRD3O1Q9+Evwo+DpxSofCfgSvqKZEQVC3G9oRDtdDidAahhFfVCICt+6e3bm9\/bQUy5UvJ+XLBe7HQD5jZJ2MRHuPF0Vo\/eFkK1HnjpaoLVc\/iB5DJMIJK0TToeWHHvyChBVoMpiwGkZicPcu9zct0WeffVZ27tipliTWphM6lliZbt0tNR+r09t2uH1uvTC4BpLWFTgHb4Mx5NNdW1HHlwZxsVwNw0hvAjLI\/1RccfvhnsOo8bvgkBIVQcbOBsrSmmSoFSMCKKdiHNjP0m0j2C6\/MFzdwPKnn36SSZMmaT8LUI+\/TDJg4moYRpE4mUBcR4wYoR1NCKQTXYSU1iXlnGiyTnItWlcHAujWHaGi6LZdOc7jfLLswzXBiKSHH35Yy5AXWkdpY+JqGEaROAFDRBm5Qw8+oukXNL\/Ise5ENhS\/+IL\/mMJw56Ic1vD6DeulblbdYL5bJgsmroZhFImzHF3nNDgxQyzxgzLTFXlsA9Lidwe4PNb9Sye0rgywDf48h38f66FWbbJg4moYRpH4ZcIJmN8y9QtoKO5Y5vVYunSprnMcr5Ezbh3fbXFFUevkEO+ykklUHXEZLWAYRnqDeLnk8K8jlv4yLoFbZ\/5lJtRnvg7ezHrhhRd03lfP6CwWWif\/fOdJNkxcDcMoEm18hzRyCxM1ypJcGZZsY63y5hVvYB1yyCE6pAqRTEdMXA3DKBJnJUYKZf3lnTDn5OTI008\/LZMnT9b1ugfWDQpxumHiahhGQggVTLaZmKVNmzZqufKK+0fLP8onxOmCiathGAnBCSaiyjp+WQSVOUJatGiuk7YwHwjDu9IRE1fDMBKGDpMKCGtu03+3xtqaMmVKID2hczMzs50b2pVu2FAswzBKBCLDuiCGCCrRRpiCkPV0dAuYuBqGYSQAcwsYhmEkABNXwzBKjXRuOJu4GoZRaqSjr9Vh4moYhpEATFwNwzASgImrYRhGAjBxNQzDSAAmroZhGAnAxNUwDCPuiPw\/tznDXuPpWgoAAAAASUVORK5CYII=\" alt=\"\"><\/p>","protected":false},"excerpt":{"rendered":"<p>Tegund:&nbsp;FB613<\/p>","protected":false},"featured_media":80849,"comment_status":"closed","ping_status":"closed","template":"","meta":[],"product_brand":[],"product_cat":[580,619,618,517],"product_tag":[],"class_list":{"0":"post-75527","1":"product","2":"type-product","3":"status-publish","4":"has-post-thumbnail","6":"product_cat-badherbergi-lykillausnir","7":"product_cat-salernisburstar-badherbergi-lykillausnir","8":"product_cat-salernirsrulluhaldarar","9":"product_cat-lykillausnir","11":"first","12":"instock","13":"taxable","14":"shipping-taxable","15":"purchasable","16":"product-type-simple"},"yoast_head":"<!-- This site is optimized with the Yoast SEO plugin v27.3 - https:\/\/yoast.com\/product\/yoast-seo-wordpress\/ -->\n<title>SMEDBO Kl\u00f3settr\u00falluhaldari+bursti BUTLER Svartur 710x150x200mm FB613 - V\u00e9lar &amp; Verkf\u00e6ri<\/title>\n<meta name=\"robots\" content=\"index, follow, max-snippet:-1, max-image-preview:large, max-video-preview:-1\" \/>\n<link rel=\"canonical\" href=\"https:\/\/velarogverkfaeri.is\/en\/lykillausnir\/badherbergi-lykillausnir\/salernirsrulluhaldarar\/product\/smedbo-klosettrulluhaldaribursti-butler-svartur-710x150x200mm-fb613\/\" \/>\n<meta property=\"og:locale\" content=\"en_US\" \/>\n<meta property=\"og:type\" content=\"article\" \/>\n<meta property=\"og:title\" content=\"SMEDBO Kl\u00f3settr\u00falluhaldari+bursti BUTLER Svartur 710x150x200mm FB613 - V\u00e9lar &amp; Verkf\u00e6ri\" \/>\n<meta property=\"og:description\" content=\"Tegund:&nbsp;FB613\" \/>\n<meta property=\"og:url\" content=\"https:\/\/velarogverkfaeri.is\/en\/lykillausnir\/badherbergi-lykillausnir\/salernirsrulluhaldarar\/product\/smedbo-klosettrulluhaldaribursti-butler-svartur-710x150x200mm-fb613\/\" \/>\n<meta property=\"og:site_name\" content=\"V\u00e9lar &amp; Verkf\u00e6ri\" \/>\n<meta property=\"article:publisher\" content=\"https:\/\/www.facebook.com\/VelarOgVerkfaeri\" \/>\n<meta property=\"article:modified_time\" content=\"2026-03-02T14:30:40+00:00\" \/>\n<meta name=\"twitter:card\" content=\"summary_large_image\" \/>\n<script type=\"application\/ld+json\" class=\"yoast-schema-graph\">{\"@context\":\"https:\\\/\\\/schema.org\",\"@graph\":[{\"@type\":\"WebPage\",\"@id\":\"https:\\\/\\\/velarogverkfaeri.is\\\/lykillausnir\\\/badherbergi-lykillausnir\\\/salernirsrulluhaldarar\\\/product\\\/smedbo-klosettrulluhaldaribursti-butler-svartur-710x150x200mm-fb613\\\/\",\"url\":\"https:\\\/\\\/velarogverkfaeri.is\\\/lykillausnir\\\/badherbergi-lykillausnir\\\/salernirsrulluhaldarar\\\/product\\\/smedbo-klosettrulluhaldaribursti-butler-svartur-710x150x200mm-fb613\\\/\",\"name\":\"SMEDBO Kl\u00f3settr\u00falluhaldari+bursti BUTLER Svartur 710x150x200mm FB613 - V\u00e9lar &amp; Verkf\u00e6ri\",\"isPartOf\":{\"@id\":\"https:\\\/\\\/velarogverkfaeri.is\\\/en\\\/#website\"},\"primaryImageOfPage\":{\"@id\":\"https:\\\/\\\/velarogverkfaeri.is\\\/lykillausnir\\\/badherbergi-lykillausnir\\\/salernirsrulluhaldarar\\\/product\\\/smedbo-klosettrulluhaldaribursti-butler-svartur-710x150x200mm-fb613\\\/#primaryimage\"},\"image\":{\"@id\":\"https:\\\/\\\/velarogverkfaeri.is\\\/lykillausnir\\\/badherbergi-lykillausnir\\\/salernirsrulluhaldarar\\\/product\\\/smedbo-klosettrulluhaldaribursti-butler-svartur-710x150x200mm-fb613\\\/#primaryimage\"},\"thumbnailUrl\":\"https:\\\/\\\/velarogverkfaeri.is\\\/wp-content\\\/uploads\\\/2026\\\/03\\\/dab29156-2765-41e0-9261-fd19c6839213.png\",\"datePublished\":\"2025-08-29T13:41:24+00:00\",\"dateModified\":\"2026-03-02T14:30:40+00:00\",\"breadcrumb\":{\"@id\":\"https:\\\/\\\/velarogverkfaeri.is\\\/lykillausnir\\\/badherbergi-lykillausnir\\\/salernirsrulluhaldarar\\\/product\\\/smedbo-klosettrulluhaldaribursti-butler-svartur-710x150x200mm-fb613\\\/#breadcrumb\"},\"inLanguage\":\"en-US\",\"potentialAction\":[{\"@type\":\"ReadAction\",\"target\":[\"https:\\\/\\\/velarogverkfaeri.is\\\/lykillausnir\\\/badherbergi-lykillausnir\\\/salernirsrulluhaldarar\\\/product\\\/smedbo-klosettrulluhaldaribursti-butler-svartur-710x150x200mm-fb613\\\/\"]}]},{\"@type\":\"ImageObject\",\"inLanguage\":\"en-US\",\"@id\":\"https:\\\/\\\/velarogverkfaeri.is\\\/lykillausnir\\\/badherbergi-lykillausnir\\\/salernirsrulluhaldarar\\\/product\\\/smedbo-klosettrulluhaldaribursti-butler-svartur-710x150x200mm-fb613\\\/#primaryimage\",\"url\":\"https:\\\/\\\/velarogverkfaeri.is\\\/wp-content\\\/uploads\\\/2026\\\/03\\\/dab29156-2765-41e0-9261-fd19c6839213.png\",\"contentUrl\":\"https:\\\/\\\/velarogverkfaeri.is\\\/wp-content\\\/uploads\\\/2026\\\/03\\\/dab29156-2765-41e0-9261-fd19c6839213.png\",\"width\":384,\"height\":638},{\"@type\":\"BreadcrumbList\",\"@id\":\"https:\\\/\\\/velarogverkfaeri.is\\\/lykillausnir\\\/badherbergi-lykillausnir\\\/salernirsrulluhaldarar\\\/product\\\/smedbo-klosettrulluhaldaribursti-butler-svartur-710x150x200mm-fb613\\\/#breadcrumb\",\"itemListElement\":[{\"@type\":\"ListItem\",\"position\":1,\"name\":\"Home\",\"item\":\"https:\\\/\\\/velarogverkfaeri.is\\\/\"},{\"@type\":\"ListItem\",\"position\":2,\"name\":\"Vefverslun\",\"item\":\"https:\\\/\\\/velarogverkfaeri.is\\\/vefverslun\\\/\"},{\"@type\":\"ListItem\",\"position\":3,\"name\":\"SMEDBO Kl\u00f3settr\u00falluhaldari+bursti BUTLER Svartur 710x150x200mm FB613\"}]},{\"@type\":\"WebSite\",\"@id\":\"https:\\\/\\\/velarogverkfaeri.is\\\/en\\\/#website\",\"url\":\"https:\\\/\\\/velarogverkfaeri.is\\\/en\\\/\",\"name\":\"V\u00e9lar & Verkf\u00e6ri\",\"description\":\"Umbo\u00f0s- og heildverslun fr\u00e1 \u00e1rinu 1919\",\"publisher\":{\"@id\":\"https:\\\/\\\/velarogverkfaeri.is\\\/en\\\/#organization\"},\"potentialAction\":[{\"@type\":\"SearchAction\",\"target\":{\"@type\":\"EntryPoint\",\"urlTemplate\":\"https:\\\/\\\/velarogverkfaeri.is\\\/en\\\/?s={search_term_string}\"},\"query-input\":{\"@type\":\"PropertyValueSpecification\",\"valueRequired\":true,\"valueName\":\"search_term_string\"}}],\"inLanguage\":\"en-US\"},{\"@type\":\"Organization\",\"@id\":\"https:\\\/\\\/velarogverkfaeri.is\\\/en\\\/#organization\",\"name\":\"V\u00e9lar & Verkf\u00e6ri\",\"url\":\"https:\\\/\\\/velarogverkfaeri.is\\\/en\\\/\",\"logo\":{\"@type\":\"ImageObject\",\"inLanguage\":\"en-US\",\"@id\":\"https:\\\/\\\/velarogverkfaeri.is\\\/en\\\/#\\\/schema\\\/logo\\\/image\\\/\",\"url\":\"https:\\\/\\\/velarogverkfaeri.is\\\/wp-content\\\/uploads\\\/2021\\\/10\\\/vv_logo_350x100.png\",\"contentUrl\":\"https:\\\/\\\/velarogverkfaeri.is\\\/wp-content\\\/uploads\\\/2021\\\/10\\\/vv_logo_350x100.png\",\"width\":350,\"height\":100,\"caption\":\"V\u00e9lar & Verkf\u00e6ri\"},\"image\":{\"@id\":\"https:\\\/\\\/velarogverkfaeri.is\\\/en\\\/#\\\/schema\\\/logo\\\/image\\\/\"},\"sameAs\":[\"https:\\\/\\\/www.facebook.com\\\/VelarOgVerkfaeri\"]}]}<\/script>\n<!-- \/ Yoast SEO plugin. -->","yoast_head_json":{"title":"SMEDBO Kl\u00f3settr\u00falluhaldari+bursti BUTLER Svartur 710x150x200mm FB613 - V\u00e9lar &amp; Verkf\u00e6ri","robots":{"index":"index","follow":"follow","max-snippet":"max-snippet:-1","max-image-preview":"max-image-preview:large","max-video-preview":"max-video-preview:-1"},"canonical":"https:\/\/velarogverkfaeri.is\/en\/lykillausnir\/badherbergi-lykillausnir\/salernirsrulluhaldarar\/product\/smedbo-klosettrulluhaldaribursti-butler-svartur-710x150x200mm-fb613\/","og_locale":"en_US","og_type":"article","og_title":"SMEDBO Kl\u00f3settr\u00falluhaldari+bursti BUTLER Svartur 710x150x200mm FB613 - V\u00e9lar &amp; Verkf\u00e6ri","og_description":"Tegund:&nbsp;FB613","og_url":"https:\/\/velarogverkfaeri.is\/en\/lykillausnir\/badherbergi-lykillausnir\/salernirsrulluhaldarar\/product\/smedbo-klosettrulluhaldaribursti-butler-svartur-710x150x200mm-fb613\/","og_site_name":"V\u00e9lar &amp; Verkf\u00e6ri","article_publisher":"https:\/\/www.facebook.com\/VelarOgVerkfaeri","article_modified_time":"2026-03-02T14:30:40+00:00","twitter_card":"summary_large_image","schema":{"@context":"https:\/\/schema.org","@graph":[{"@type":"WebPage","@id":"https:\/\/velarogverkfaeri.is\/lykillausnir\/badherbergi-lykillausnir\/salernirsrulluhaldarar\/product\/smedbo-klosettrulluhaldaribursti-butler-svartur-710x150x200mm-fb613\/","url":"https:\/\/velarogverkfaeri.is\/lykillausnir\/badherbergi-lykillausnir\/salernirsrulluhaldarar\/product\/smedbo-klosettrulluhaldaribursti-butler-svartur-710x150x200mm-fb613\/","name":"SMEDBO Kl\u00f3settr\u00falluhaldari+bursti BUTLER Svartur 710x150x200mm FB613 - V\u00e9lar &amp; Verkf\u00e6ri","isPartOf":{"@id":"https:\/\/velarogverkfaeri.is\/en\/#website"},"primaryImageOfPage":{"@id":"https:\/\/velarogverkfaeri.is\/lykillausnir\/badherbergi-lykillausnir\/salernirsrulluhaldarar\/product\/smedbo-klosettrulluhaldaribursti-butler-svartur-710x150x200mm-fb613\/#primaryimage"},"image":{"@id":"https:\/\/velarogverkfaeri.is\/lykillausnir\/badherbergi-lykillausnir\/salernirsrulluhaldarar\/product\/smedbo-klosettrulluhaldaribursti-butler-svartur-710x150x200mm-fb613\/#primaryimage"},"thumbnailUrl":"https:\/\/velarogverkfaeri.is\/wp-content\/uploads\/2026\/03\/dab29156-2765-41e0-9261-fd19c6839213.png","datePublished":"2025-08-29T13:41:24+00:00","dateModified":"2026-03-02T14:30:40+00:00","breadcrumb":{"@id":"https:\/\/velarogverkfaeri.is\/lykillausnir\/badherbergi-lykillausnir\/salernirsrulluhaldarar\/product\/smedbo-klosettrulluhaldaribursti-butler-svartur-710x150x200mm-fb613\/#breadcrumb"},"inLanguage":"en-US","potentialAction":[{"@type":"ReadAction","target":["https:\/\/velarogverkfaeri.is\/lykillausnir\/badherbergi-lykillausnir\/salernirsrulluhaldarar\/product\/smedbo-klosettrulluhaldaribursti-butler-svartur-710x150x200mm-fb613\/"]}]},{"@type":"ImageObject","inLanguage":"en-US","@id":"https:\/\/velarogverkfaeri.is\/lykillausnir\/badherbergi-lykillausnir\/salernirsrulluhaldarar\/product\/smedbo-klosettrulluhaldaribursti-butler-svartur-710x150x200mm-fb613\/#primaryimage","url":"https:\/\/velarogverkfaeri.is\/wp-content\/uploads\/2026\/03\/dab29156-2765-41e0-9261-fd19c6839213.png","contentUrl":"https:\/\/velarogverkfaeri.is\/wp-content\/uploads\/2026\/03\/dab29156-2765-41e0-9261-fd19c6839213.png","width":384,"height":638},{"@type":"BreadcrumbList","@id":"https:\/\/velarogverkfaeri.is\/lykillausnir\/badherbergi-lykillausnir\/salernirsrulluhaldarar\/product\/smedbo-klosettrulluhaldaribursti-butler-svartur-710x150x200mm-fb613\/#breadcrumb","itemListElement":[{"@type":"ListItem","position":1,"name":"Home","item":"https:\/\/velarogverkfaeri.is\/"},{"@type":"ListItem","position":2,"name":"Vefverslun","item":"https:\/\/velarogverkfaeri.is\/vefverslun\/"},{"@type":"ListItem","position":3,"name":"SMEDBO Kl\u00f3settr\u00falluhaldari+bursti BUTLER Svartur 710x150x200mm FB613"}]},{"@type":"WebSite","@id":"https:\/\/velarogverkfaeri.is\/en\/#website","url":"https:\/\/velarogverkfaeri.is\/en\/","name":"V\u00e9lar & Verkf\u00e6ri","description":"Umbo\u00f0s- og heildverslun fr\u00e1 \u00e1rinu 1919","publisher":{"@id":"https:\/\/velarogverkfaeri.is\/en\/#organization"},"potentialAction":[{"@type":"SearchAction","target":{"@type":"EntryPoint","urlTemplate":"https:\/\/velarogverkfaeri.is\/en\/?s={search_term_string}"},"query-input":{"@type":"PropertyValueSpecification","valueRequired":true,"valueName":"search_term_string"}}],"inLanguage":"en-US"},{"@type":"Organization","@id":"https:\/\/velarogverkfaeri.is\/en\/#organization","name":"V\u00e9lar & Verkf\u00e6ri","url":"https:\/\/velarogverkfaeri.is\/en\/","logo":{"@type":"ImageObject","inLanguage":"en-US","@id":"https:\/\/velarogverkfaeri.is\/en\/#\/schema\/logo\/image\/","url":"https:\/\/velarogverkfaeri.is\/wp-content\/uploads\/2021\/10\/vv_logo_350x100.png","contentUrl":"https:\/\/velarogverkfaeri.is\/wp-content\/uploads\/2021\/10\/vv_logo_350x100.png","width":350,"height":100,"caption":"V\u00e9lar & Verkf\u00e6ri"},"image":{"@id":"https:\/\/velarogverkfaeri.is\/en\/#\/schema\/logo\/image\/"},"sameAs":["https:\/\/www.facebook.com\/VelarOgVerkfaeri"]}]}},"_links":{"self":[{"href":"https:\/\/velarogverkfaeri.is\/en\/wp-json\/wp\/v2\/product\/75527","targetHints":{"allow":["GET"]}}],"collection":[{"href":"https:\/\/velarogverkfaeri.is\/en\/wp-json\/wp\/v2\/product"}],"about":[{"href":"https:\/\/velarogverkfaeri.is\/en\/wp-json\/wp\/v2\/types\/product"}],"replies":[{"embeddable":true,"href":"https:\/\/velarogverkfaeri.is\/en\/wp-json\/wp\/v2\/comments?post=75527"}],"wp:featuredmedia":[{"embeddable":true,"href":"https:\/\/velarogverkfaeri.is\/en\/wp-json\/wp\/v2\/media\/80849"}],"wp:attachment":[{"href":"https:\/\/velarogverkfaeri.is\/en\/wp-json\/wp\/v2\/media?parent=75527"}],"wp:term":[{"taxonomy":"product_brand","embeddable":true,"href":"https:\/\/velarogverkfaeri.is\/en\/wp-json\/wp\/v2\/product_brand?post=75527"},{"taxonomy":"product_cat","embeddable":true,"href":"https:\/\/velarogverkfaeri.is\/en\/wp-json\/wp\/v2\/product_cat?post=75527"},{"taxonomy":"product_tag","embeddable":true,"href":"https:\/\/velarogverkfaeri.is\/en\/wp-json\/wp\/v2\/product_tag?post=75527"}],"curies":[{"name":"wp","href":"https:\/\/api.w.org\/{rel}","templated":true}]}}