{"id":75042,"date":"2025-08-24T13:26:29","date_gmt":"2025-08-24T13:26:29","guid":{"rendered":"https:\/\/velarogverkfaeri.is\/?post_type=product&#038;p=75042"},"modified":"2025-08-26T05:32:26","modified_gmt":"2025-08-26T05:32:26","slug":"abloy-armur-olnboga-dc197","status":"publish","type":"product","link":"https:\/\/velarogverkfaeri.is\/en\/lykillausnir\/hurdabunadur-lykillausnir\/hurdapumpur\/product\/abloy-armur-olnboga-dc197\/","title":{"rendered":"ABLOY Armur olnboga DC197"},"content":{"rendered":"<p><img decoding=\"async\" src=\"data:image\/png;base64,iVBORw0KGgoAAAANSUhEUgAAAjcAAAAoCAYAAAACN9vJAAAAAXNSR0IArs4c6QAAAARnQU1BAACxjwv8YQUAAAAJcEhZcwAADsMAAA7DAcdvqGQAABWOSURBVHhe7Z0NbFNXlsf\/s4tkpEpJ1RWOGhqXRPFuog1q0tApwV2SmpIs4WMANWmjkpIOzkCHNMyUlHSSlmVDoWFoOyXLVwoltKF1gRFhgARBG08GxVBYAmXjESxGFJyZVvFq0cbq7MYC6e19713Hz89fL3aA4Dk\/6Qm\/5\/t57jn3nnvuc\/iRwABBEARBEESC8Df8X4IgCIIgiISAnBuCIAiCIBIKcm4IgiAIgkgoyLkhCIIgCCKhIOeGIAiCIIiEgpwbgiAIgiASCnJuCIIgCIJIKMi5IQiCIAgioSDnhiAIgiCIhIKcG4IgCIIgEgpybgiCIAiCSCjicm68N7pQV5qNyZMny1dGHkqqWtH3F57gvmFDDWtPzZf89m7wZQ3rcw2rKQFxW1H+eBFarvD7cMQoA9sqpiur7ofkXGidNRlFO1z8fpwQTY5ax0PNhSZkP16NrvtujxHQ2Le+dWyeWd4FL79PSGKxJ3WeG60o8s3HvuvxbBSVNcH6Rw9PFIw4lzeVFTF98eXLQF5hOZpsPM+tPuxdVeL\/PrsENfudkcfj0iYUsLR+e5Pn5YC2Ka+wc4IXLlsrakrzkOFLy+qvO+ZS1e9B345qFGTwNNOq0XohuM\/u43UoyeZpMlg5x938mwQgSOYcTx9aLQUj8suzsHVaLRotaR4gYnduvrei0lSN\/vxt6Ll4ERfZdaZjAxZPSULSQzwN3LAyg2m9wW+JB4SJSJ5kxKRkfsvoezvj7jqLRASCx0MbOqRMSUOKjt9q5l7arUZdeygFxrQU1iMiOkbUHpXnZOk6sRtV6TbUFWdjwS4nT+PH+Vk5ctlcbktfjoO9PM\/XR7DmWT0MqUkshQObihegdbgCu\/n3PZunou\/1IlgOh1n97rA8tQ5kmvm9hAkbfW0KuNpR9QiQ\/0QOT6diwIqalYcwcWn7yFrTs86AzuUFqDnsd2\/cn1mw4B0XFu47I6d5A\/hwfhlar\/EEIucaUWjphGFdj5TmzD4z+i2FTN8e4FXcR0iZizB7XrYATd8tRPvXovx6sAYfYsGLrXDe4Uk0pXnAEP9X8Fi4+VGxkJrbLPTz+5B81ybMTy0Udn7L7+8Z3cLK1FRh5Ul+ezc4uVJITV3Javor4Hav0JAeQp4xyqC7NlVIrb0fkrsp7DSnCoXbb\/L7ccJ406X7ZreMcLr210AseqDO8+1OoTDM2A2xtFmp04Xmb\/gDESl9qlC8\/Sp\/EIbhYf7BT++b6ULq858Lg\/xeSf+704XCll6h7XkN9mZvENJTLcKhH\/i9Rjp\/rpxH+oXm3FRh\/seBrZHauOyQILd+WDi0NFVIf7NXuvMx+PF8IfXpZiGKBMY9YWX+TbOQmzpfaPuO34twO7N08HHVkuYB4669c+M+Voe86Y3ogxNNJh4C9IUdPU5Y15X7w4ePZ6NknR1+31k+Pqg57oFtcznyfKHQkGFGORQ5kkYMVx4PPnZwnxLDmv4jtAy2U7EqPXoxvDurFS6PHU3FGVKavGaH\/J0UrssbyZtdWoeuAfmrSEStUwoh18B2h8nDV35VhxRqFY9uinY44dzj75svv+dCK6pNchsnP56H6h19CtkFEuoISNwZT55cDqsyGnuthbWF79aldvHPf2xByd+XYy9rVEeV3A5JTlImmeErbGfFZSaGs0vWdMEd1dsfhnN\/DUp8OhAqPKxVT9gu3\/mZT06V6ODHMFL4eaT8AiYnOwblrxR44WK6OpKO6c9IKF5iNLoYrSxGLLqkHI8ReF2+8LooG7Xc1UcWXMedEcYrot2qkPSwUKHfeSVsJ801I2SbGSGPUaLrWpAea+iLBLOtjlUl\/uMMxRUuEhmf7WkYFxGtenBLmS4DBZa9cAaexWgmafZa1D\/pQssevxztrZvgTKvF1leN\/EkYdMExszSDgbXPwyxZxblGlB1eyMpMg\/cWfxYWLzr27AVersKikYi\/FrzwMjvXJfGQ34AdNncO5s7Wy\/cc08xS4LgddumO\/cvGfPFsk3TnQz\/zORgHbLBx+ccz\/mM1b4+aCDJ3nbPB\/cRcmB\/lD0QmmGCaA3SdkiWjJU3AXLjOb1PZpU2ws45EPu6LJ2+McCdn9FxuFqYzj3\/6LzuFm6Ecux+GhMG+ZmkX0dw3KAwOsmuIJ\/yhU2hY1ix0fnNTen7zZINUlt9DlHfY6elZQvFb3cJVMe\/gTaH33WK2Swn08K+2FLJnxUKznZf1TZtgyWIevSpyc7XFIqz+pJeX1S\/sfJ559EpvXdwB5S4RLPMKhdVHr0plDYn13L4qbGFtSZ3TLPS65Hb0f2JhOyCxjsi7rKh1Srum+YJlWaFQtr1XuCmm4zKSohusjkIm34D8WblCbq5FaOOyu\/qF2JZ0ocEuZQticF+ZKsIm7nDmC2XMu1+i8MgD0il3f8NsHAcPCRZxfA6K7WDXf\/N80q6RtVPRnsHLn0vyn\/7r8PsgX99yl7UJ\/ZJMff1gu8rLPJGIRj2Zv8wiFL64k4\/PkLRLG+payXaDWYLlC3ksBy93Cw1zuEwVuxqp30x\/GrrldHI7soSGszzBKHQxalmx6lKI3bgUOVXUNXi5U1g9g5Wj3Emrd\/XSfbqQPiPCeEWyWyU\/iDqRLiz5uF\/WW7EvR3cKn5\/lacNFENRt0qhrQdE+LX1hmtD9y6wAeUvjZigT2hzMvkN0SyQe29M0Llr14PZ5oYH1J8tnJ65eoVnU4UhjHE7uHGm+TG8Qzkt3crQj992I8fcw8CjIW3JJI0ht9kWHNERKpfaq7D4aw4NC7\/YyIcswX2jz9VMtBx9S+cXCTpfvcyjZyJH+1TxzPOM\/VvP2qIgi8yDb4dzcznRhzk6WQ1saX9mpqbn+9crF5tWn2bNc1r85DUL3ZVmf5flRGQmKJ29sxO7cMAY7LEKuZJDpQnHtTqH7W9VsEcXQ\/KgNhQtiXltgyPN2Z+Bx021ZKdWhSDnMGSW0LYXhyoTPfVkl4xAX\/CH+gCM9Dxa0FO4MZUyRUNcpyYdNxiEmF0nZ2CTUe5s\/EJHyq8OEg8LnYhiyJYwzoTRu3z1zYrrFhVihzGJ9I\/IPGrcwx3x8gVEbqDSBmn0GEUzIvjGXb8vMKBNhOD1hDmN\/QFnyc3X4WT5uUdbBJoX0MKHspb5QtkZd1FJWrLoUNB6h65L7x8bD50ypJ3yt4xVUXwikNBEmoHBlqNukUdeCJl9NfekWVotldUk3MtK4KWQUgthtbzTjEl0PJGdZ3Q6prFz\/0VJUeapgTr8\/vSzrsn2q9mrhbANbnIPrOf9WlpClss9INi31WW1bYZDGhbVXvHKZY9g5qBgLtRx8KOURVjaBOhf7+MeXN1aiyTzIdjiS48JtRUuacHPhcMcSJnu1gyrbgt\/24skbG3EdS+kX7sLF62fQ\/tZi6E41odKUgaKAYwOt6JCcDHg9Q\/xexlhsQkCQccJE\/oHzJyccMGKuOTAUicwcTOMfw5L8MJLhhud\/+b2EGYtniy\/Q+XFdcwBZqnAdw5gTtYZgQtapx8I5YV6km2OCaQL\/LCLlN2JarjJErEdKKuC8FuZsY4oJc\/QO9PMTNtdxK1zznoPZNAvGo93ok5468O+ngNIZ+dLd6CiF6cf8I0enbHM41H1jOhA9X2g90S+ci5yAvNfQf4W1zBwYfsajUzFVKbob52H3GvHczED9kcLtp84zqfiJqosayhozXeJ1Ben9o2bMzfLC3hd8LOsnxvFSM2UOqp7sQ2PpAjQdc8IT41FJfETvi3RkonwmjZsXQ4EqFEwstqdxXLTqgeOcPbgdjxpgYHNInyO2sL3XG63jGvDYULN0Lwxv7cLyKfyZyLlGLPntXGx7U+M88pcO7P3Ui9JlFYG2FQbTev4C8tcnsOFZBxrzcu\/ei8DxzL1jMW9rZbQyHwPUc6HuIfFoMB9PZcn3MpNgSGc6fCNwLoon72iJy7mR0BlgfvU9HLl4HT3rTRjcVYlNp\/l34fjejtZVJcjznbGxq\/K3\/DslE5TKEAJnP4Lf\/WfoU1TG4oFzfxPKCxU\/JTQ1hcibjGTVue+1KyFrgF4fzRy11\/kwPzYOQr2AxkQOnpoJdJ0W3Rg37DYnSmcyQxCdnuQufHWJPZbOq5lBxmgfE5WGrBUtfdOoJ8nJgQ4pbohObyhkoxnhupONhxObCv3li1fBO2yU2CIQsAxE00UNZcWuSyqkukKRgrRMZhZXlC92BRPTeAVhQFWHaPPT4FhXhOyMPCxYp+Vdq7Elcl9yYBJ1\/zPm0EvOlxfuw4fQBabrT0gJwhOL7WkcF2164IJTTHa4OkCfpHfK2GO3J+hNF024Bthiqk\/j86MeaeyD+9YoHB7m2NQVVqK7uB0Hle\/p3GGO7tJDmLttA8wa351x729DV1otVs2LYlscXZJekpE+LQelb7TjxHojOpZv4hu0SLDy\/5Z\/jMBEZZp45t6xmLeld9P84x7yz1fEIPMgtIhenSbaXBiJePKOkvidmxF0MP50A17NZDuUSxE8LuatV08rx4duM97v4J44u7bO49+PBuNU5g+H4E6g4Ts3l6Do9eMw\/Nz\/U8KLR2tD51WRmRUmVZRJPJ46xxrTs2Z4T5+H6y925uSYMWuG+DQHz80bwvHTbKwc\/XBkzYJplGvsXSUePZliZL0LhRde5bhlGNl4qH42O3JtZEvgKNBQVqy6FIRUVygGMcDWT2MWW0nvBWyiMs5biwPn\/4zrf1iDlN9Vo3CNjUk5AvfU+dGj4oOtmHW2jr+UnoG8VQ5UHdyNiruh6xrHRZseGGAUk83bGkKfLuLIywY52ahw4tBnTuj++RluH\/LGx3nSzrY9GvA60fJiJTpntuPsFjMCthS\/b8NejwfWSt\/L3eJVgKYrrPx3Cthn9cvlTrR91If8n72iirpqR5\/GZODbhGRNZb1hzqU6EHJZ3ACzdSKNfWbzwjQxzXX5qxGuOdhmKEeW93hh5sbo461R5pk5bLSZp6xelR0O5j0zXRRL1pLmQWMMnRsRL\/7Pw5QuKYLn2scWWDYF\/OLdepizuCfOJpqh7\/j3o+ExcRFzovesKjR5TqzDhxv2U2zInt+A917IgUGqj13DnqCBDIUhkw36lV7pjW4l9lP+GoKJr86xRjejFCaxD192wzZ7MUq5l58\/sxROmx0dp7ugn20aXwocl55kYmoWG6Ozqj3d93Z8pQxqPMZ29jonHK6JvHzllaRpUzOChrJi06UQTJkm1dVpUy1J39vQeUUHU\/69H0ldZgV2bVwEzyVnwC\/SApxJxqj7Gifey3acT6\/Hif7LuNh\/HX++2YO1M1SRvrFC47ho1YOcJ\/KBS1fhfkStT3rF3xLTjnNHDVoGjKhf7nfbzS9VIelCE5qOqxqj5o4TrYuKsMO4C2ffVzk2IqrFWL6OoJb5c8bXjkifqx7jaRnew79mbSnFKy\/E7mW6B9hsqkuGFPhOM8Oc5kDnl4Gyl2QqHhNJd+zfOcChL32\/\/pFxn\/oKTik\/fzAe0CVFH2+NMjf8kxmGS52wfc\/zidyxw34cKJ0pS0ZLmgeNmJ2bvj11aD3mgMvthlu8BhzYu7wSLcMVWLGQK+wkPVue2G7hqAMe5mG6xYP5rHymYuzZF3ae14mu18vR9B9yllExwYwVrxlgW2dB62mX1A7Xpb2oXrZXsXvUY6p41nnSCusVua2u060or1WmicCzK1CbZkPT8lbYB8T8Ljg+rYbl00i546xzrNFPRb7eAesndpiYEzOyaM+YBTNr15bTTIHNbMINSxrSmOF3H+tiY+iB59Y96EVcemJAxWtmuNlkXnfMKcnffcWGxmXiT5wVTDBh1XoTbCtL\/OnEsbrUhdbDoQ+2wqKlrJh0KRT5qP\/AjL63f6LoXxfqnmf9m7EBq1TvoYyaUHarZqADTZu74JD6wa4BOzb9WweQrkeK+D1b6M1JTuxotsIpyULua03Uvo6trg3+53m4\/y4JSWI0984Qa4fnLtqgxnHRqAf6l\/8FVUMtKKv0pRMvJ+yfWqH2n9T8zy1felkHN1XmoegdF0q3HQh8T+bHa7GvOgUdlqexYJ3VP55im2xsfMV6uGPTpKvHvjenYVhRtnhJ6qFajOVrEh4WozLJk9hn5uCPRGjcsH7cBZ3Gn3+79tSgcvNe2Plc6pNXydt9yPnVciZ1ESNefVOUvfhahLwWOPeLMtWh6meL+Jynw6LXapHyqQXV++XxcZ3ehEpWjum1V1gJDxhaZZ71KtbM7mPz3yauR05YV1iwV1eFFb4jQS1pHjBidm50cMH69gIU5OUhT7yeKYN14iocsb\/nP\/97aBE2bGO7ud+UIDs7G9M3n2cWW4GtuyuAj8rlvNNrYJt9AF9vjM07zKk7gfafAjsrCqR2FCzrQiYz4HpFZD7\/jYNYazqPullyW3+yB6i3Ma9Wy5hNyEF9Vzuq7uxE+XQxfwEqj2Zi28H6iMYQV51jjnwE1XcuGbOUZ08PmVA6wwnnFROm\/SN\/FhI2cWyvxdST1chj45i9zHr3I1Bx6knSwt3o+SAf\/bVFsn6WbsLQ0hPYupAn4OhfOoCLu+fA9W6JnI5dRVVb0B+8N41K1LJi1KVQJC1sZ3WZ0P8G71\/JavSbduGiVdvLmREJZbdqHjHg4XPrsUDqB7uescBmfA89LJ+s4vlYe3QrZrkaUSTJogir+8w40L02Sl\/HVtdSZixGzqlG\/zyVl40M8e\/hxPTDh+hoGhetejAhHxvOHkG9\/hAsz\/D2P7UAjUf\/K+jdwECcaJnP07OrYFEjbI+sQLv9G+zybTxH0CF\/XQ\/OtP8ChnNNKPGNJxuvyn+1ybL\/kw3WC+zfc5uwYJq\/XN\/VcEpMNAoutaH1ggHLl2qz5ZR8E5J\/vwWWEl+dBSj7GHjRehEnqv1RStnmjbAtkdeConUuVLSfxQals\/9EPU60V2Foszw+BUsOw7C+B+0vxW0145gkLGrtwXtGGyql8WWO6ncVTB82IH\/E4dSS5sHiR+JPpvhngiDGI+IfujNZUWHvCdx1ExHx2uqQu3IY7\/\/hfZTq\/bsKr\/jHAoutmNN9BvUBv9IgCCJRGON3bgiCIMYH9t9Z8fDyVQGOjYjuHzKRg0F47kbohiCIcQE5NwQxXvF65HcHbN1wir\/mULyQSUQn7TEDXK2NI+\/jSe9YXLKiadFqdCRVYPGTPCFBEAkHHUsRxHjlVB0mV1iBCXqUbjyAXS89cK883l\/ueGD7jQWNO+z879wwkowwvbAG7\/2qFIb78v4bQRD3AnJuCIIgCIJIKOhYiiAIgiCIhIKcG4IgCIIgEgpybgiCIAiCSCjIuSEIgiAIIqEg54YgCIIgiISCnBuCIAiCIBIKcm4IgiAIgkgoyLkhCIIgCCKhIOeGIAiCIIiEgpwbgiAIgiASCnJuCIIgCIJIIID\/B5MlHqHUu1HeAAAAAElFTkSuQmCC\" alt=\"\"><\/p>","protected":false},"excerpt":{"rendered":"<p>Tegund:&nbsp;DC197<\/p>","protected":false},"featured_media":75086,"comment_status":"closed","ping_status":"closed","template":"","meta":[],"product_brand":[],"product_cat":[597,665,517],"product_tag":[],"class_list":{"0":"post-75042","1":"product","2":"type-product","3":"status-publish","4":"has-post-thumbnail","6":"product_cat-hurdabunadur-lykillausnir","7":"product_cat-hurdapumpur","8":"product_cat-lykillausnir","10":"first","11":"instock","12":"taxable","13":"shipping-taxable","14":"purchasable","15":"product-type-simple"},"yoast_head":"<!-- This site is optimized with the Yoast SEO plugin v27.3 - https:\/\/yoast.com\/product\/yoast-seo-wordpress\/ -->\n<title>ABLOY Armur olnboga DC197 - V\u00e9lar &amp; Verkf\u00e6ri<\/title>\n<meta name=\"robots\" content=\"index, follow, max-snippet:-1, max-image-preview:large, max-video-preview:-1\" \/>\n<link rel=\"canonical\" href=\"https:\/\/velarogverkfaeri.is\/en\/lykillausnir\/hurdabunadur-lykillausnir\/hurdapumpur\/product\/abloy-armur-olnboga-dc197\/\" \/>\n<meta property=\"og:locale\" content=\"en_US\" \/>\n<meta property=\"og:type\" content=\"article\" \/>\n<meta property=\"og:title\" content=\"ABLOY Armur olnboga DC197 - V\u00e9lar &amp; Verkf\u00e6ri\" \/>\n<meta property=\"og:description\" content=\"Tegund:&nbsp;DC197\" \/>\n<meta property=\"og:url\" content=\"https:\/\/velarogverkfaeri.is\/en\/lykillausnir\/hurdabunadur-lykillausnir\/hurdapumpur\/product\/abloy-armur-olnboga-dc197\/\" \/>\n<meta property=\"og:site_name\" content=\"V\u00e9lar &amp; Verkf\u00e6ri\" \/>\n<meta property=\"article:publisher\" content=\"https:\/\/www.facebook.com\/VelarOgVerkfaeri\" \/>\n<meta property=\"article:modified_time\" content=\"2025-08-26T05:32:26+00:00\" \/>\n<meta name=\"twitter:card\" content=\"summary_large_image\" \/>\n<script type=\"application\/ld+json\" class=\"yoast-schema-graph\">{\"@context\":\"https:\\\/\\\/schema.org\",\"@graph\":[{\"@type\":\"WebPage\",\"@id\":\"https:\\\/\\\/velarogverkfaeri.is\\\/lykillausnir\\\/hurdabunadur-lykillausnir\\\/hurdapumpur\\\/product\\\/abloy-armur-olnboga-dc197\\\/\",\"url\":\"https:\\\/\\\/velarogverkfaeri.is\\\/lykillausnir\\\/hurdabunadur-lykillausnir\\\/hurdapumpur\\\/product\\\/abloy-armur-olnboga-dc197\\\/\",\"name\":\"ABLOY Armur olnboga DC197 - V\u00e9lar &amp; Verkf\u00e6ri\",\"isPartOf\":{\"@id\":\"https:\\\/\\\/velarogverkfaeri.is\\\/en\\\/#website\"},\"primaryImageOfPage\":{\"@id\":\"https:\\\/\\\/velarogverkfaeri.is\\\/lykillausnir\\\/hurdabunadur-lykillausnir\\\/hurdapumpur\\\/product\\\/abloy-armur-olnboga-dc197\\\/#primaryimage\"},\"image\":{\"@id\":\"https:\\\/\\\/velarogverkfaeri.is\\\/lykillausnir\\\/hurdabunadur-lykillausnir\\\/hurdapumpur\\\/product\\\/abloy-armur-olnboga-dc197\\\/#primaryimage\"},\"thumbnailUrl\":\"https:\\\/\\\/velarogverkfaeri.is\\\/wp-content\\\/uploads\\\/2025\\\/08\\\/e732c7a3-708a-4c55-8c60-46e2fac09bcc.jpg\",\"datePublished\":\"2025-08-24T13:26:29+00:00\",\"dateModified\":\"2025-08-26T05:32:26+00:00\",\"breadcrumb\":{\"@id\":\"https:\\\/\\\/velarogverkfaeri.is\\\/lykillausnir\\\/hurdabunadur-lykillausnir\\\/hurdapumpur\\\/product\\\/abloy-armur-olnboga-dc197\\\/#breadcrumb\"},\"inLanguage\":\"en-US\",\"potentialAction\":[{\"@type\":\"ReadAction\",\"target\":[\"https:\\\/\\\/velarogverkfaeri.is\\\/lykillausnir\\\/hurdabunadur-lykillausnir\\\/hurdapumpur\\\/product\\\/abloy-armur-olnboga-dc197\\\/\"]}]},{\"@type\":\"ImageObject\",\"inLanguage\":\"en-US\",\"@id\":\"https:\\\/\\\/velarogverkfaeri.is\\\/lykillausnir\\\/hurdabunadur-lykillausnir\\\/hurdapumpur\\\/product\\\/abloy-armur-olnboga-dc197\\\/#primaryimage\",\"url\":\"https:\\\/\\\/velarogverkfaeri.is\\\/wp-content\\\/uploads\\\/2025\\\/08\\\/e732c7a3-708a-4c55-8c60-46e2fac09bcc.jpg\",\"contentUrl\":\"https:\\\/\\\/velarogverkfaeri.is\\\/wp-content\\\/uploads\\\/2025\\\/08\\\/e732c7a3-708a-4c55-8c60-46e2fac09bcc.jpg\",\"width\":1417,\"height\":1417},{\"@type\":\"BreadcrumbList\",\"@id\":\"https:\\\/\\\/velarogverkfaeri.is\\\/lykillausnir\\\/hurdabunadur-lykillausnir\\\/hurdapumpur\\\/product\\\/abloy-armur-olnboga-dc197\\\/#breadcrumb\",\"itemListElement\":[{\"@type\":\"ListItem\",\"position\":1,\"name\":\"Home\",\"item\":\"https:\\\/\\\/velarogverkfaeri.is\\\/\"},{\"@type\":\"ListItem\",\"position\":2,\"name\":\"Vefverslun\",\"item\":\"https:\\\/\\\/velarogverkfaeri.is\\\/vefverslun\\\/\"},{\"@type\":\"ListItem\",\"position\":3,\"name\":\"ABLOY Armur olnboga DC197\"}]},{\"@type\":\"WebSite\",\"@id\":\"https:\\\/\\\/velarogverkfaeri.is\\\/en\\\/#website\",\"url\":\"https:\\\/\\\/velarogverkfaeri.is\\\/en\\\/\",\"name\":\"V\u00e9lar & Verkf\u00e6ri\",\"description\":\"Umbo\u00f0s- og heildverslun fr\u00e1 \u00e1rinu 1919\",\"publisher\":{\"@id\":\"https:\\\/\\\/velarogverkfaeri.is\\\/en\\\/#organization\"},\"potentialAction\":[{\"@type\":\"SearchAction\",\"target\":{\"@type\":\"EntryPoint\",\"urlTemplate\":\"https:\\\/\\\/velarogverkfaeri.is\\\/en\\\/?s={search_term_string}\"},\"query-input\":{\"@type\":\"PropertyValueSpecification\",\"valueRequired\":true,\"valueName\":\"search_term_string\"}}],\"inLanguage\":\"en-US\"},{\"@type\":\"Organization\",\"@id\":\"https:\\\/\\\/velarogverkfaeri.is\\\/en\\\/#organization\",\"name\":\"V\u00e9lar & Verkf\u00e6ri\",\"url\":\"https:\\\/\\\/velarogverkfaeri.is\\\/en\\\/\",\"logo\":{\"@type\":\"ImageObject\",\"inLanguage\":\"en-US\",\"@id\":\"https:\\\/\\\/velarogverkfaeri.is\\\/en\\\/#\\\/schema\\\/logo\\\/image\\\/\",\"url\":\"https:\\\/\\\/velarogverkfaeri.is\\\/wp-content\\\/uploads\\\/2021\\\/10\\\/vv_logo_350x100.png\",\"contentUrl\":\"https:\\\/\\\/velarogverkfaeri.is\\\/wp-content\\\/uploads\\\/2021\\\/10\\\/vv_logo_350x100.png\",\"width\":350,\"height\":100,\"caption\":\"V\u00e9lar & Verkf\u00e6ri\"},\"image\":{\"@id\":\"https:\\\/\\\/velarogverkfaeri.is\\\/en\\\/#\\\/schema\\\/logo\\\/image\\\/\"},\"sameAs\":[\"https:\\\/\\\/www.facebook.com\\\/VelarOgVerkfaeri\"]}]}<\/script>\n<!-- \/ Yoast SEO plugin. -->","yoast_head_json":{"title":"ABLOY Armur olnboga DC197 - V\u00e9lar &amp; Verkf\u00e6ri","robots":{"index":"index","follow":"follow","max-snippet":"max-snippet:-1","max-image-preview":"max-image-preview:large","max-video-preview":"max-video-preview:-1"},"canonical":"https:\/\/velarogverkfaeri.is\/en\/lykillausnir\/hurdabunadur-lykillausnir\/hurdapumpur\/product\/abloy-armur-olnboga-dc197\/","og_locale":"en_US","og_type":"article","og_title":"ABLOY Armur olnboga DC197 - V\u00e9lar &amp; Verkf\u00e6ri","og_description":"Tegund:&nbsp;DC197","og_url":"https:\/\/velarogverkfaeri.is\/en\/lykillausnir\/hurdabunadur-lykillausnir\/hurdapumpur\/product\/abloy-armur-olnboga-dc197\/","og_site_name":"V\u00e9lar &amp; Verkf\u00e6ri","article_publisher":"https:\/\/www.facebook.com\/VelarOgVerkfaeri","article_modified_time":"2025-08-26T05:32:26+00:00","twitter_card":"summary_large_image","schema":{"@context":"https:\/\/schema.org","@graph":[{"@type":"WebPage","@id":"https:\/\/velarogverkfaeri.is\/lykillausnir\/hurdabunadur-lykillausnir\/hurdapumpur\/product\/abloy-armur-olnboga-dc197\/","url":"https:\/\/velarogverkfaeri.is\/lykillausnir\/hurdabunadur-lykillausnir\/hurdapumpur\/product\/abloy-armur-olnboga-dc197\/","name":"ABLOY Armur olnboga DC197 - V\u00e9lar &amp; Verkf\u00e6ri","isPartOf":{"@id":"https:\/\/velarogverkfaeri.is\/en\/#website"},"primaryImageOfPage":{"@id":"https:\/\/velarogverkfaeri.is\/lykillausnir\/hurdabunadur-lykillausnir\/hurdapumpur\/product\/abloy-armur-olnboga-dc197\/#primaryimage"},"image":{"@id":"https:\/\/velarogverkfaeri.is\/lykillausnir\/hurdabunadur-lykillausnir\/hurdapumpur\/product\/abloy-armur-olnboga-dc197\/#primaryimage"},"thumbnailUrl":"https:\/\/velarogverkfaeri.is\/wp-content\/uploads\/2025\/08\/e732c7a3-708a-4c55-8c60-46e2fac09bcc.jpg","datePublished":"2025-08-24T13:26:29+00:00","dateModified":"2025-08-26T05:32:26+00:00","breadcrumb":{"@id":"https:\/\/velarogverkfaeri.is\/lykillausnir\/hurdabunadur-lykillausnir\/hurdapumpur\/product\/abloy-armur-olnboga-dc197\/#breadcrumb"},"inLanguage":"en-US","potentialAction":[{"@type":"ReadAction","target":["https:\/\/velarogverkfaeri.is\/lykillausnir\/hurdabunadur-lykillausnir\/hurdapumpur\/product\/abloy-armur-olnboga-dc197\/"]}]},{"@type":"ImageObject","inLanguage":"en-US","@id":"https:\/\/velarogverkfaeri.is\/lykillausnir\/hurdabunadur-lykillausnir\/hurdapumpur\/product\/abloy-armur-olnboga-dc197\/#primaryimage","url":"https:\/\/velarogverkfaeri.is\/wp-content\/uploads\/2025\/08\/e732c7a3-708a-4c55-8c60-46e2fac09bcc.jpg","contentUrl":"https:\/\/velarogverkfaeri.is\/wp-content\/uploads\/2025\/08\/e732c7a3-708a-4c55-8c60-46e2fac09bcc.jpg","width":1417,"height":1417},{"@type":"BreadcrumbList","@id":"https:\/\/velarogverkfaeri.is\/lykillausnir\/hurdabunadur-lykillausnir\/hurdapumpur\/product\/abloy-armur-olnboga-dc197\/#breadcrumb","itemListElement":[{"@type":"ListItem","position":1,"name":"Home","item":"https:\/\/velarogverkfaeri.is\/"},{"@type":"ListItem","position":2,"name":"Vefverslun","item":"https:\/\/velarogverkfaeri.is\/vefverslun\/"},{"@type":"ListItem","position":3,"name":"ABLOY Armur olnboga DC197"}]},{"@type":"WebSite","@id":"https:\/\/velarogverkfaeri.is\/en\/#website","url":"https:\/\/velarogverkfaeri.is\/en\/","name":"V\u00e9lar & Verkf\u00e6ri","description":"Umbo\u00f0s- og heildverslun fr\u00e1 \u00e1rinu 1919","publisher":{"@id":"https:\/\/velarogverkfaeri.is\/en\/#organization"},"potentialAction":[{"@type":"SearchAction","target":{"@type":"EntryPoint","urlTemplate":"https:\/\/velarogverkfaeri.is\/en\/?s={search_term_string}"},"query-input":{"@type":"PropertyValueSpecification","valueRequired":true,"valueName":"search_term_string"}}],"inLanguage":"en-US"},{"@type":"Organization","@id":"https:\/\/velarogverkfaeri.is\/en\/#organization","name":"V\u00e9lar & Verkf\u00e6ri","url":"https:\/\/velarogverkfaeri.is\/en\/","logo":{"@type":"ImageObject","inLanguage":"en-US","@id":"https:\/\/velarogverkfaeri.is\/en\/#\/schema\/logo\/image\/","url":"https:\/\/velarogverkfaeri.is\/wp-content\/uploads\/2021\/10\/vv_logo_350x100.png","contentUrl":"https:\/\/velarogverkfaeri.is\/wp-content\/uploads\/2021\/10\/vv_logo_350x100.png","width":350,"height":100,"caption":"V\u00e9lar & Verkf\u00e6ri"},"image":{"@id":"https:\/\/velarogverkfaeri.is\/en\/#\/schema\/logo\/image\/"},"sameAs":["https:\/\/www.facebook.com\/VelarOgVerkfaeri"]}]}},"_links":{"self":[{"href":"https:\/\/velarogverkfaeri.is\/en\/wp-json\/wp\/v2\/product\/75042","targetHints":{"allow":["GET"]}}],"collection":[{"href":"https:\/\/velarogverkfaeri.is\/en\/wp-json\/wp\/v2\/product"}],"about":[{"href":"https:\/\/velarogverkfaeri.is\/en\/wp-json\/wp\/v2\/types\/product"}],"replies":[{"embeddable":true,"href":"https:\/\/velarogverkfaeri.is\/en\/wp-json\/wp\/v2\/comments?post=75042"}],"wp:featuredmedia":[{"embeddable":true,"href":"https:\/\/velarogverkfaeri.is\/en\/wp-json\/wp\/v2\/media\/75086"}],"wp:attachment":[{"href":"https:\/\/velarogverkfaeri.is\/en\/wp-json\/wp\/v2\/media?parent=75042"}],"wp:term":[{"taxonomy":"product_brand","embeddable":true,"href":"https:\/\/velarogverkfaeri.is\/en\/wp-json\/wp\/v2\/product_brand?post=75042"},{"taxonomy":"product_cat","embeddable":true,"href":"https:\/\/velarogverkfaeri.is\/en\/wp-json\/wp\/v2\/product_cat?post=75042"},{"taxonomy":"product_tag","embeddable":true,"href":"https:\/\/velarogverkfaeri.is\/en\/wp-json\/wp\/v2\/product_tag?post=75042"}],"curies":[{"name":"wp","href":"https:\/\/api.w.org\/{rel}","templated":true}]}}