{"id":74424,"date":"2023-04-28T17:54:53","date_gmt":"2023-04-28T17:54:53","guid":{"rendered":"https:\/\/velarogverkfaeri.is\/?post_type=product&#038;p=74424"},"modified":"2026-01-29T15:31:07","modified_gmt":"2026-01-29T15:31:07","slug":"weller-skrufjarn-ph0-1000v","status":"publish","type":"product","link":"https:\/\/velarogverkfaeri.is\/en\/verkfaeralausnir\/handverkfaeri\/skrufjarn\/product\/weller-skrufjarn-ph0-1000v\/","title":{"rendered":"Weller Skr\u00fafj\u00e1rn PH0 1000V"},"content":{"rendered":"<p><img decoding=\"async\" src=\"data:image\/png;base64,iVBORw0KGgoAAAANSUhEUgAAAYQAAABZCAYAAAA+alOWAAAAAXNSR0IArs4c6QAAAARnQU1BAACxjwv8YQUAAAAJcEhZcwAADsMAAA7DAcdvqGQAACTASURBVHhe7Z0HfBTFF8dfeichJHQEpCiIWABpgnSlC6EXqdKkSkeQKqH3qnRpCoIFaSpV\/\/SidBQB6QSSACG9\/Of3bjdckrvjAglp7\/v5XPZudi+3Ozvz2sy+sYlTkCAIgpDlsdW2giAIQhYn3kO4UbUIFwiCIAhZE\/EQBEEQBEYUgiAIgsCIQhCyBE5lK5ND0RLaJ+tweqs8Ob76uvYpnWJnR86VapB9voJaQRqhzsPO25dsnJy1AtPYZvfh87X18NRKMjnPcH\/scuXl7+h1aePgSC61GpJrXb+n1u\/zYjdGgTePls\/hAo+PPiH3Ju3JpVrd+Jdd3gIUeeoY708N3Ft9TPYvvUxRf5\/VSgQh+Xj2GkZu9VuQS9X3yfGNchT3IIhi7t3lfTkXbiRbL28K3\/8Lf7YGn2kryKFQMQr7bYtWYhk7n1yUfYg\/xT4OoZib\/2mlqYONiytRdBTZunlQzuU\/U2zwfYr884i2N\/lk69SPHF97S\/Xzo\/zZs+8ocqvbjKIunqbYRw\/JsXRZ8uw5jMIP7eXfTQyUba51uygm4DZFXTillSbFqVxlyuH\/JYUfUMfeuamVGmFrSzaOTkQx0VpBxsGh+Gvk2X2okp\/tlDFRgSJPHGJhntz746qEv\/fnM+nxlm8pLuShqvchqm0P5\/aFthgXGaEdmfIk8RDiIsIpLuwxW1ROb1fk96TKUhPX2o0oVuu4gvCsOJWvRg6vlKKYoHtsyPjMWUd2OXJqe1MfG1d3cqlRn+wLFNZKUoecK7dTts79tE8pg62qJ9eGrfg9rFD3psooVNfiWKoMlzm\/U9WgZMNC+XNiYu7eouBZYynyr2dXSg6Fi1GezQfJqUwlrSTjYOebm3znrlf19ZZSomfIxs2dvYOUwOlNpVyUQR7QvalSzg+00tQhiUII+WYpBU0ezjc4Wlk5\/P5+ACsHHbbASr1NjiXeIJf3PiC7nHnIrXEbLjMGVr9b04\/IuXJNrSQpsHDsCxWlCM0yEYTnIfq\/f+nB3An0cMEksnF2UW0wqXBGZ3WpXp\/cW3bl9ku2TzquQ5FXyU1ZePb5C2klT3B64x1yb9bxmcJIpvoCLHLnKrXZ8nNr1DpB\/7Gxt2eBjFABwiwIF+hbh4JFVJ8pTs7v1tKOVtjY8P92a9RKKSY3rdB6YNXb58nP3+XQmo0tRZ4+Tg7FSvJ+bKPOa5a\/EnRQuG5N2nPfZ6Kj2XiMi4zkj+bOX8dW\/Y7rB035\/wCEm1xqNVLH5GCF4FjyTS7PKOBewmt7uHQmPVg0mQJHfUKxD4O1vQoz98c2mxe5Kq\/WtV4zk+Eg1A\/qxMYjm2qz9bTS1MOqMQQogOzDJvF7XIz32Lnk8PIrfLJeQ\/3Je8JCdfMbkO\/8b+MbPFzMnF\/9QE5qm33kdHbnTYHjECoyZ3kIQrJQgszWMzs5VaxGsY8fUdS\/F7UdT4Dx4tGmmzJyKlD20bPJa+A4Locy8F28idwatKTsymVHiEkHysN7wgJyfLM8+SzYaNHISYy5vgABmH3oJPJduJGy9RhCvvO+iY81ew3xV8fOYEXhM2UpZR8+hexz52PBirCKw8vFyaVKHT4WuH3YlrwGf0Feg9Sr\/1it1Hoiz\/\/FQgt1AOEfff0KW6UIgwCHoiUNxyhyqP7u0akfudasTzlXbFXWcS72MHCOuFZg7vx1vNR145q9x81jYWibw5ecK1TjfYhOZDSFEHnhNG89OPyddAq\/qfsDZZBzyQ9cjx7tP1Ee7Vq+B8awQsjmyUZDulEIYXu2kV3u\/NxYnUqX4wYZ\/r9dFBcbS7bu2ejhwkl0r18b1fkuqAtvx99BTDL8yH4KHNOXHq2YR25+HTmelhhYXZEnD2ufBOH5cK7wHuX56ajqZA0oaMIgin0QpO15wuPNq+nux43p\/tCuFPrjWnJ5tzaXw1KDZRvQuyUFjujBHRbAcsvWCe14DgWO7EkRh\/eRe6uuvM8azPaFONV\/1G8EjupF9\/q24X4FhcNWY53GFPrTei7XBTGO5+NiYyhs1xYK8h9iKFdEKYF0u0lFHiNxKvPEm7eW6MsXKS4q0qAQlBKAkRb1zzlWDlCwEPpR6jwg8KEMg8b2o4A+rVmAuTVUWyMsnb9OyDfL6HbTSmxFI\/qA3wuebRCUDxdPpZCNK\/h9RiHm1jUKnvoZ2StDOdfKbUrA99L2GDB1f6AkbFzc6N7Ajqpt9OGIi5O6\/8agzURfv0qR5\/6kwM97a6Wph1UKAQNJsOCdyr1rGCxR7mXMvTvaXnWxF8\/wNvrGVeVqGywcNCRH1bB8Zn6tXMMmqgM4KKXyxELQQVwy4uRB7ZMgPB8RJw7S3Y71KHTbJsrxxUJyfLW0tucJDsVUu5y+gnJv2M+hI473KhAyib51g9s62nds0D1DuTKE4Bm71mvO7RkhFVMhJXNY7AtKuMO6RN8BdspStlPngTAWDCxgzYQOFrpxcRR98yr\/j+QSFx1NUZfO87U5Fi+lBPQZVggw+BAhAJHnT5GjuhaAQWefGauUQ2aXpC6sOf8oJeBIGZQxt66\/0HGe1OSxUoB3P6pDEaePUbaPB3I4UMfU\/WHvSxkgqEfPT0ZwmX0B69tVamCVQsBAc\/jB3cqVe5cclUII\/\/1XbY8BxLeAXXYfigt9zO\/joqNUA7tAD5fMoOBpIymgZzOKCXiiRABivGiAEX\/J+IGQMsSFh7EgYgsTFrfyQBNgZ0c+k5dwKOlO21r0eOvGeDcdFrL6y+95touy3gDaMkC7R3sOHN2HAod35zJreGpfSJROLC7kEW\/jPWp1Lk9FCdfnBWMEUKD2hYtT5EXlIfx3iesEIZ2Y29fZ24qLMtRFyIYVfD33Pv2IHirPyRhrzj\/OyFvITETf+I+CpxiEu2PJt3jLmLo\/qi7jQkO5HuEVoV2E\/7FL25k2WKUQQNjubeSM2F7xkkkUgmutRmRfsCgL98hzBvcw4uBepQFLqQsOUVrxGrvdceEJxwkwiBYFV1VTIoLwvMCixfMDHh378GfdStXBJAZ4BPACcKzzO1W0PcqKO31ceQkFOH6NwWYYLAAuO2LqDq+9yRYtJlnoSsQUDi8VNszSUy+ET6zpC8ZEQ\/hiplTtRuxduGmzf3TiwsO5vyGunJLA84fVCg8GHgLFxFD0lX8M01H1fn30dy53LFGaoq9dZmMRn4152vmbA8ocQI7o4bqMgn3eAoYBf1V\/7n4fcVn01X94a47wQ3sM4y8enlyXGJRO7VlET8NqhRB+cA9reswdTtzJcFG5VmylmLs36dHX87nswQJ\/irp4inyX\/ER5vj9I7q27cbkxhvGDQ9onQXh+HF8vQz6z17J1Bqsr4sh+bY8BxKwfrVlM7i27kO+Xm3mePVuytnbs8keo9ui7YIMSYi0NUyjtHTisA68AM2Fybz5Audb+xuFTc2A2EcIAeEFwWtMXEqAEbNDEwRxK8R49iwU1iLfON63iWDPm86ck+iwieC+xwYH8HmEkoI8DQKEFTviUXOs3pzxbjvFUSw4RGfOU8zdHtJIr4Yf3UbbO\/cmjfU+tNGNgo4S616fjKOeSH8mtcVt6\/OM6Ct35vbbXNKE7f6CQdV+R95g5XJcYeNeNkLTC+uR2qsOgMYf++iM9mDOei7J1H0Iebbvzd\/EwiakHJmBtqL+aO54QDFbhOzLDSHjRoF2aE1Dm2jKwcXY17FNKIrlY6guWyNZlAHl06E23GpaNHySHEuNQVqJw04sE4yrWePemzt8S7EGl8rNPqQEmJNhmy66MjiAek7Ea5W1CEaQHOWiVhwCXMfvIaezGhSLmagJzHQidzlwH4JikKAMhDbBkrZpry4BDPc+gDIClvpAYn1mrybPv5zx4C28GHrqxMOX\/k4bKAFhSBk87f0tkRGUAoARiAgOSpwyAuo\/pRQ5apRDwBKatkwsFjh\/AMw904OKF7d2ufRIEIaXAzD7MRsGYBsIKL2LKYUqS0c8\/qyLrIQiCIAiM1YPKgiAIQuZGFIIgCILApIpCwAwI5PO2y1NAKxEsYmUueVMg8RXm1gsph9SpZaR+Uhck+9TzOr1ozCoE5NXw7DeafGaspOyjZvADJtaCBy1yTPqKXIyzMT4FNDDMx0XyJ\/2hH2SVRJlxkrEXgdegCfy7mBeM9SFwg1ITJArM\/f1Bzv5oDZwLXwNz4pE0S0g5pE4tI\/VjHvdmHVh2eI+eTZ69P+PcUMkFCQFzTErZZ0ysxaRCcK3dmB\/OcalUnaJvXudUtamd4x3WMdLlIj2sU5nKXGbrm5vLMPf7ReJSpTbn1cd0MLcGLSjnsp85A2ZqkZxc8l4Dx\/OUPh2keX788wbtk5ASSJ1aRurHPFg\/AmnJsUgSMpXi4cfUlp0pSRKFgIdNPPuM5Eep73SoR8HTPqP7w7tT2K6fDQcgFzpyybfonCRFrXP5qoaMkdmSLo9nbS555Exx92uvfUqEhd9OaTC9NmjSULrzUV2KvnSetT1cZcZUPngF8r0jgyHKjZfM03PsQ9FCuSFfDBJf4f9x4jCjXPJ4eAmPwOP7zhWrc30ixQJA\/aIe7dT3cAxCc0jxHBdheOQfIPUurBTOr655ElC2\/D\/zFuCFTp41Z35WwbhOXarW4edwkE6B76uqQ1OgPeDe8L1WxgPubfw6B1pKaNxT3AeEB13rfGhYY0R5w3xPGreJT7KX3nmW+gFIjIm2h36CfozvZEaQgoPl5mc9DOHzyrV4WUz0SffmneLbg05i+WCMvpaEsTxJTZJMO3UqV4UzQQbPHEOPN3\/NZfHY2pLPzNW8slHkmRM8ThA8C8et5huNcE\/Esf9xw4bQw0IlIRuWcy55j3Y9KOLPI\/wdpPsN\/+M37Z8a4LQA3x\/kdAMeXQbQnTY1yaFYCcrxxSK63eI9Toth7rdTmjw\/HOKEe1jkAiBDZfYR0\/gGI30tUgbY5X2J4h4Fc7rbux0+UB0kgnJ9vYNiQx\/zY\/+hOzbT4+\/X8I326jfakAJAKZJA9T9c6zbjxoGlCJEXJ8h\/KOVavZPTGYft3kp5d56mqMt\/U2xgAIeTou\/c4NWSoKgRVrKxs+d0AEiwlmvtrxR+aB+nCuB7N2WpOvcjnHs+LjaO7nZpQDb2DvxoPPLSQFmjrkO3b1bfGcTXJyQE91+vU+T75ydQPbz4wUxkQb3d\/En+Ix2EUeBR4olTpGyIvn1D3Sc7VspQ6Ei37VCwKK+zAGMDygKhUGQCtcv3Et+TsH07Ob12eudZ6gdCDSHYyLMnWY44FCpKD1fMpZC1aRMaSS0QLkIOq1sNyrDR6rvoO3ow35+c3iynDDMXbh\/I4RY0\/lMK\/eUHk\/LBza8Dr1h3o8arnCEX7SegV\/MX8sBeEg\/BPo8hLW\/MraRrwjq9XYkTh0EQ3x\/ejZDkDo+lA1gHuNn3BrSnx98u5zIA6zQ5ueSRGCvi4B5yV5a2MZZ+O7VB\/hbAic\/M5INHPhdoc2QuRNZCKANoe88eQyn8yO9KMDfktMzIhohcLxAIj1Yt4BudAC0rIh5\/R10GTx\/FyhVjOkgZgrzqWBUMeeZhqRmDeo6+fpnu9WurlFdPZVW8pBSIX\/z\/xAp4z5MzP0ui6g7C7nbL91THnsiWHuo1Ceo4CMY7rapxriFYysEzR6v724IFoBOWn9QyfMKIQaZVftJYfed208rsgaN9ZzisrB9EB2CQBPTwo5D1SwyWsDJYMiMQ+jAgYThypuj9Oyhw3ADODIv+joSezu\/WNC8fNDB+CS\/q\/sheL0QZgCQKITbY8Hg5cnIkxqGQwYtAKl\/e\/nuBrQJYOhCWWGQDRGrrI4BnySUf8t1Kcm3QIsGsG0u\/ndpgkBzgsXRz+eAhqLFoEBoCbiSEANaGgIXIGSJNELpri0EomCB+jYnrV3hrjctoX7BIfOLB6Ct\/q5sZw8st6jxvzvysSpSqS4QBoFABVgczBdom0lPE3L1t+Hz+FMUE3OL3eNpfB\/cBWS0RdsHCMLhPOM7W6JiMhDX1w31Ea5vWrO+QocGkGKX8eX0EJehhUPKKkos3Ue5v95J9rnyqPXhYlg82tpStQx\/lQS3mxXdeFEkUAgtz1UCdK9fQSp6AgRJg626YcsYxTyVgkIcDuVW06JMSoIaYN3iWXPIIOyGU4lqzoVZi+bdTG15RS\/0WhL6eA8dUPnh4Lg9mj+XVkjx7DY9P52vnY2YBEAs5T\/RxA1tvwzq0sWFPTyIWp+rIRpsOyBaYUlaxoYZ6YzRPQUgmL6rezGfUTt9YUT+xIY84ns7Ypczi8+kVyCSEfyEf4M3Du88+1J\/DY7db1WAFinttUT5AoWzbSG7NO3ES0BdFEoWAQV0sGuJSrR7HrB1Ll+MBUOT5jjxzUt3ZGB4IhXWO2UBY7QnuTOTpY8rlrciDrJgZpJPcXPI6j5XbjUFVHUu\/jayr1k7ZtBb+jXJVyKv\/aE71+\/iHtTzQbi4fvJ1vbk69jCRenENeNQJYTNH\/XSIXpdh44K3Iq\/x\/rQEDjli2lKfuquuGMgJoRKhjdsuVwDcGKzUhvMTfq2ZYvDxSFh8S0gGRZ0+Q49sVOH7ukYzlRzMD+sQTeIUYA9UH058mHx4unKxEpS15DZ6olaQ+SRQCQNwaCakwE8J33nrKMX4BT53CyWN6JGZOYJCSj51sWDD8waKpZGNnS7nW7eLZMpzxD+l+lTBLTi55ndAd3yewbi39NtbPRYw2JcGMiBz+i1khwurHbwNz+eCxJCJCYliWEbFiWAewnAI\/70OxQfd5Gi8GmKxdehFhBd\/535Brozb0cNlsigkwhCFCt29Sf+Mo56qdZJtoVsrD+f4cKoJb6jlgLN\/D8AO7tb2CkHY8WDCJDSjvCQsoRs96Gp28NOAZFQzAI5zsM30lP+MU+edhssW6B0+RD1AgGJfBTC6ehPICeGpyO0yf45CQ5t4wysJH7MtU+lvO024mxS\/CGJxaWCmJZ8bCb79okuSDt7XlcQ9TYSzOd87Xbtm9Ri7+vL+epUfL59DD5bNN1yd+R7nd5lI4cz1Hqd9SnosgpDfg\/eJZGsziy0rZki3LRuvkQ2oj2U7TGYkVgiBkBjAJw1YZcjHBgezRw2jBdHJLS4kKLx6TISMhDVHeE6ymqCuW12MVhIxExPEDhOVIHYqUoLA\/dtHd7k1FGaRDxEMQBEEQGPEQBEEQBEYUgiAIgsCIQhAEQRCY+DEEQRAEIWsjHoIgCILAiEIQBEEQGFEIgiAIAiMKQRAEQWBEIQiCIAiMKARBEASBEYUgCIIgMKIQBEEQBEYUgiAIgsCIQhAEQRAYUQiCIAgCIwpBEARBYEQhCIIgCIwoBEEQBIERhSAIgiAwohAEQRAERhSCIAiCwIhCEARBEBiLS2hev36dftm5k86dOcvvS75WkkqULEm169ShbNmyaUcJgiAImQGzCuG7jRtpwthx9OjRI63kCfny5aMp06dR+QoVtBJBEAQho2NSIcyZNUu9ZmufiPLnz0\/51OuG8hLgKegs\/HIxewvPwz9\/\/83\/s1r16lrJE+7fv0+Ojo7k4eFBf\/z+B3nn8KYSJUrQ2TNn6MGDB1SxUiUKCwujkJAQ8vb2Jjs7O+2b1hMREUFbfvqJLl\/6l4q9UpwaNGhIdvbJ\/z+CIAgZnSRjCOfOnk2gDEDTZs1ozfp1vDVmyMBB9PDhQ+2TZUaN+Iz69e5DA\/sPYIUTGBjI5evXraPuXT\/m94mpVa06jRw+gt8P7N+fli9Zyu8XL1xEwwYP4ff4fsVy79CVK1f4c3KAUunSsRNdv3aN3nr7bQoLDaMunTqxkhEEQchqJFEIs2fO0t49HYSTVixbpn2yDMYiTp8+RbGxsbT0qyXU0q8ZRUVFaXtNM2zECGresoX2yTQVKlak0WPHkq+vr1ZiPbNnzqRevT+hfXv3KYVymbZv20atWremLxct0o4QBEHIOpj0EAAGjzFGgFf+Avm5DNv4svyGsoMHDvLWGkqUKEkz58ymvv370eXLl+n8ufPaHqKbN2\/Smq+\/puPHjmklRO4e7uTs7KJ9Mo2TkxO5urmSvZ09\/w+MfQQEBND3mzazgIcC0vl9\/36ljL6irVt+5s+nT53msFNcXKzyFh6Sg4MDVatRnY4eOcr7BUEQshJJFMKNGzd4O2r05xwm4lCRnx+XYRtfpoWPdAWSHKKjY3hrY8MbFtqtm7eg6VOnUSu1vXrlKpePHzOWvl2\/nt+b4+CBAzR00GAKDAqkixcu8PtuXbrQz1u20IC+\/Wjq5Ml83IJ586hrp860e9dumjd3Dpe5ubmxl+Pi4srn0rJ1K7p37x6PRwiCIGQ1zD6HcPbMWTp86BC\/dCWBbXyZNrisewrWcObMGerVvQfNnT2bir9SnD0GgHHteQsX0ppv1rNyOHzIeq\/DGFtbw+VggPqrZUupdds2tGb1aopRCujkiRP0cpGXacXXq2jrjh18XLv27WnSxIlU+d3K1KdfP+UxnKKpkyZT2\/bteL8gCEJWIolCeKd8ed5OGDeO2rRsxa\/vNmzkMmzjyzYayhBaspbYmBjy9PKivv370\/oNG+Jn82B2UKnXS1HBlwry57t3A3j7rLxWqhRvCxUqTKGPQ5XVH0Cdu3ZVSuwG+X3YhGc2gZq1a1HZcuWUAjrMA+QnT5ykuvXqxdeBIAhCViKJQqj9fvKmkSbn+NdLlyb\/yZOoW4\/uSR5ss9HjRymAPvMJ4R\/g6ubGg88\/79jOU1ibfvgh3bl9m\/chDAav4Qv\/ibz9oF5dLhcEQchqJFEInTp35rn+xiA8ZBwm0qlVu\/ZzP4eQGuzYvp0F\/h\/791PhwoVZCRz43\/8oLjaW\/Jo1Y6\/hn38uaUcbcHF11d4JgiBkTUyOIeApZGOlgPCQcZgIIKyC49Ij3tm96f1atXkm0+hxY7ls2ZKlVL3qe\/TFhAnUuk0bqiBPWQuCICTAYi4jPECGcQN9UBkgbUXHLp3Zk0hv7Nu7lzp36MizoMqULcuDzPpAMwgLDSUnZ+cEZYIgCIIBiwpBBzF5TC\/FAHJ6TmpnrBAkz5IgCELysMpUhhKAgE3PygDgaeUP6taV5wgEQRCeAas8BEEQBCHzE68Qbt+5ywWCIAhC1kRGVwVBEARGFEIyuHL5Mj\/PYIqgoCBelwEgp9Kxo4YEecbvw8PDKfD+\/QQJ95JDZGQkbd2yhRYtWEA7t2+nmBhDTihBEISUIEnICE\/3zp1lSIGNTKKvlihBjT78kOzt7Tlh3OGDB2nshAm8\/6ASjtu2bqU+\/fuTj48P3b1zh9avXUsBd+9SzTp14he9iY6OpvVr1tCJ48fJK3t2atOuHRUpWpT3mftOWjJ10iQW7kipgVxNSOSH8549YwZ9t2ED7TtwQDvyCR\/UrEnlK1bkuhk9ciSdOXWKNv7wQ4L3SNQ3Z+ZMWvPNN1SwUCHtm9aBJHyfDR1Kb7z5Jr2i7gkUy55du2jilCnk7OysHWXg6OHD9NOPP\/J7PJSH86pStSp\/nj9nDj+53alLF\/6M+3Lt2jUaPGwYfzYG6cnXrl5N586codLqd1u1afPMU3YzWhuwBih7nPeD4GAq+8471LJ16\/j62bFtG+3ds4enabdW15rZJjpgzZBF8+fzWiLIElxL3Te8ABaw2rRxI8uSXLlyUfsOHSh\/gQK8LyuzW\/VX9NmevXtT7ty52TDE8gHnz51DQjeqUKkSNfHzS9GsDcklSe9+rAThb7\/8wgIHK5bNmj6dpvj7874L6sSxT+e\/\/\/7jz\/gOLm7IwIH0159\/Uq48eWjU8OF0SCkPgLTWS778kkq\/8QZ3\/r69evFKZZa+k5bs37uXrxXnhw7fs1u3p67d0KtPH6rfsKH2yTRvlylDAwYNohw5cmgl1rNU1V+HTp24fq6rekfDaqgU9ZpVq7QjnoAV6HBfIJzQOYcPHkzbfjak\/EZ2WN1jAX+ePMnXa4p5s2fTRqW8YBSsWr6clixerO1JPhmtDTyN0NBQ6q86Np6If+Ott+jLhQu5rYA9u3fThLFjqZBS+qhvKPLMBhT83xcvUuGXX6a7SpGPGTWKDmmGEhJJhiuFUUApgV937qTBn37K5VkZGFafjxjB\/fKRlloH\/XOv6scwGhBhmDF1agL5mhaYNfeq1ahB05WnAK21+7fftFLzQPAgaVzvfv2od9++VLRYMdqirGIAC7P4K69Qh86dqUWrVrxSWbCqAEvfSWtwLmPGj+ekeNeUAL70zz\/aHmIhsFlZQKf++ksrMaTSTmypJwbLgbq4uJCd8rbwPxD+geKFNQkhAuGog1QhsKh3\/forf75w\/jy9XbYsZ4aFtwCPrVLlyixIzQHL7EtlgcBLsOYeGgMFiPNr2rw5dVTeRL0GDehHdW80hzKey\/\/+y8fd1\/JG4TqOHTnC743JiG3AErCM8XzORx078gse39XLl3nfj5s38wp83Xr25BfaCeopM4E2tUApeNw3f+WlggvKYwLwlCYoL3vgkCHsNaD\/ZOVVCENUf\/123TqqUauWVvKEZcpQ6qcU5heqvsB51c\/Tkqf6\/4hTJ3Zhbt26xS\/j5TPhPgPkDgKF1Fa\/uHLly7NAQ4jpJ9XZ0VlyKZfJ0nfSC3qcXq8DCMRPunenxYsW8VZfYxrhJFybJbD4z0SlZIKDg+lfJSDwHtYxrIKxysKCCw5WKmt8iGok\/\/vjj\/gV6VxdXdkTY6WjzgXeAZYhRfjFEjhfFuJG9zBSWeb6PcS4hikg8NCJcU8AthDgsO6N8fT05GvHwkMQfCOHDTPpTWXkNmAKhLu8lae38dtvWXlfvXqVar\/\/Pu+DYNTrTb8uXHtmAwYM2j+8T1i7yBwMjNc2R5tFOBmGUFbFXSnPNaqdVHnvPa3kCXpd6eOPBQsaMj6nFWYVAoRUb2XdYMxAb+g6zZUwwmvFUsMaxwBWK0BqCADBBc0IEINHqGDQgAF0VFmP\/QcN4nJL30lrLip3eIRy9ZctWUIvFynCliuAcIX1g\/Ub0CFOHj\/O5cnFVhPQWLFtihKojZs0oc3ffccK6Mzp0\/SSahgz5syhVVoYoomqw\/lz53KsGvF\/CBgokCZNm\/J+UyxTQrpTu3bc2Op88IFWavDm9Ht45PBhrTQh+n3QvR59qzdcHQjFLt26sZcwc9o0bvTwKhOTEduAJdCRsXQrwlufKs+muvKocW8Azl+vL\/269OvMTBw\/epRa+flxH+mvDJuSr72m7TFw9coV2r9vH7fdrA4iCJZASBVeV83atbWStMGsQkCMENbNsJEj2fUzZrk6ebxat22rlRgGoAG+p2\/1ToFBaoRc5ixYwJZiX6VoYN1a+k5ag7Ub8GR2548\/pgWLF8drclhCr7z6KuXTFgbSQyXPSnH1vwAG3WCRo14weHtbWe\/dOnfmmU3g3SpVWKD+eeIEfTFuHJ1VSgNhvTeVpW0OKBcMKM9SigSZaXVw\/vo9hKVuCl2QGd8boJcb49e8OXswsPb1werEZMQ2YIlbN2\/SyOHDOZQ2cfJkTpvylbYWN64pcb1lhGtKLqVKl6aVymD5qFMnjn9v0SYyALRlxMzhSRnLCSEp27du5bAxJnagH6UlZhXC+3XrsiKorxq8PnNCp1jx4vzyzZlTKyHKmzcvb+8FGBa3wbrGebQyXCyEFwZVe\/TqxfFjDEBZ+k5ag4HUYZ99Rm3bt2eXz5iUnAWgW8NBSjgCuNaoJ3Q0d3d3+lh1NtQLqFu\/PnsNQ5UgwhZWqSU+7tGDZ4DplqsOUn3r9xC\/YQqEc3Df7901zD7DOWA2Cdz\/xPyurEB4DrCC9MHrxGTENmAJhPNg9Xft3p2qVqtGFZXixVRggPPX75lef\/p1Ziag5Ioo7xkCH31CH8+CFz1+zBiugy+UssTYmWAaeOuT\/f3ZCDQ1xvCieeoYgrWUKVeOnJUw+37TJk6E99fJk1RZWbUAQgRTL2\/fvk379uwxlPn6WvxOVmHv7t3ccRC6KfDSSyygMQsIazfA+oSlpQ9W6qDOUhuMDZR6\/XVeWwKDghjc5vuVyNKFBbxw3jyqXrMmtVHKE2EvHJ+YzNYGdMWI+4d1QjB1ENcD3q1alY4cOsQeEab\/IhQA7y4zAc8V643gujEbDUoAnidAqBL3uFGTJnTj2jWeBo1ZR0JCMKFk2KBBPCW5nDLaUE+XLiVcp+VFk2IKAdbhyNGjWXD06NqVKlauzLMNAMJOEZGR1KxxY1q+dClrQ1SApe9kFbCkaLuWLXkKL6akgm+Ud9CiaVMOs2Bs4S1lVacFI0aNYg+mdfPmbAEOMfGsAp7LuHnzJoeKmqvrgIezQCmIxGS2NgCvoFmLFvxcSUs\/P3JQVvCngwfzPkwPRjilk1KQUAyYrYb9mYk7d+7Q5IkTqWvHjuwVYv48XuAvbfbd6pUrqX+fPvxCGxESggF5hE0x43Cg8uRRT8uVMk1LUjyXEf4dZq6YmlWAMAFiZAg9GGPpO5kVhEvQCOYuXMhLiyI8Yxyag0Xl6OSUJFyXFmDOfUrFNjNbG8CMKtQPPKrEwLvL7G0a9xNKHdOghYxPiksbWJLmOgE6TWJBACx9JyuAzpRY8COMkh6UAUjJga7M1gZwLaaUAcgKbRrXLsog85A+JE4WBNM1kaLBy8tLKxEEQUhbUjxkJAiCIGREiP4PehhwXuRVrWsAAAAASUVORK5CYII=\" alt=\"\"><\/p>","protected":false},"excerpt":{"rendered":"<p>Tegund:&nbsp;PH080<\/p>","protected":false},"featured_media":74552,"comment_status":"closed","ping_status":"closed","template":"","meta":[],"product_brand":[],"product_cat":[588,779,515],"product_tag":[],"class_list":{"0":"post-74424","1":"product","2":"type-product","3":"status-publish","4":"has-post-thumbnail","6":"product_cat-handverkfaeri","7":"product_cat-skrufjarn","8":"product_cat-verkfaeralausnir","10":"first","11":"instock","12":"taxable","13":"shipping-taxable","14":"purchasable","15":"product-type-simple"},"yoast_head":"<!-- This site is optimized with the Yoast SEO plugin v27.3 - https:\/\/yoast.com\/product\/yoast-seo-wordpress\/ -->\n<title>Weller Skr\u00fafj\u00e1rn PH0 1000V - V\u00e9lar &amp; Verkf\u00e6ri<\/title>\n<meta name=\"robots\" content=\"index, follow, max-snippet:-1, max-image-preview:large, max-video-preview:-1\" \/>\n<link rel=\"canonical\" href=\"https:\/\/velarogverkfaeri.is\/en\/verkfaeralausnir\/handverkfaeri\/skrufjarn\/product\/weller-skrufjarn-ph0-1000v\/\" \/>\n<meta property=\"og:locale\" content=\"en_US\" \/>\n<meta property=\"og:type\" content=\"article\" \/>\n<meta property=\"og:title\" content=\"Weller Skr\u00fafj\u00e1rn PH0 1000V - V\u00e9lar &amp; Verkf\u00e6ri\" \/>\n<meta property=\"og:description\" content=\"Tegund:&nbsp;PH080\" \/>\n<meta property=\"og:url\" content=\"https:\/\/velarogverkfaeri.is\/en\/verkfaeralausnir\/handverkfaeri\/skrufjarn\/product\/weller-skrufjarn-ph0-1000v\/\" \/>\n<meta property=\"og:site_name\" content=\"V\u00e9lar &amp; Verkf\u00e6ri\" \/>\n<meta property=\"article:publisher\" content=\"https:\/\/www.facebook.com\/VelarOgVerkfaeri\" \/>\n<meta property=\"article:modified_time\" content=\"2026-01-29T15:31:07+00:00\" \/>\n<meta property=\"og:image\" content=\"https:\/\/velarogverkfaeri.is\/wp-content\/uploads\/2025\/08\/f218849f-cd79-43b9-ad52-b5d05123159f.png\" \/>\n\t<meta property=\"og:image:width\" content=\"401\" \/>\n\t<meta property=\"og:image:height\" content=\"310\" \/>\n\t<meta property=\"og:image:type\" content=\"image\/png\" \/>\n<meta name=\"twitter:card\" content=\"summary_large_image\" \/>\n<script type=\"application\/ld+json\" class=\"yoast-schema-graph\">{\"@context\":\"https:\\\/\\\/schema.org\",\"@graph\":[{\"@type\":\"WebPage\",\"@id\":\"https:\\\/\\\/velarogverkfaeri.is\\\/verkfaeralausnir\\\/handverkfaeri\\\/skrufjarn\\\/product\\\/weller-skrufjarn-ph0-1000v\\\/\",\"url\":\"https:\\\/\\\/velarogverkfaeri.is\\\/verkfaeralausnir\\\/handverkfaeri\\\/skrufjarn\\\/product\\\/weller-skrufjarn-ph0-1000v\\\/\",\"name\":\"Weller Skr\u00fafj\u00e1rn PH0 1000V - V\u00e9lar &amp; Verkf\u00e6ri\",\"isPartOf\":{\"@id\":\"https:\\\/\\\/velarogverkfaeri.is\\\/en\\\/#website\"},\"primaryImageOfPage\":{\"@id\":\"https:\\\/\\\/velarogverkfaeri.is\\\/verkfaeralausnir\\\/handverkfaeri\\\/skrufjarn\\\/product\\\/weller-skrufjarn-ph0-1000v\\\/#primaryimage\"},\"image\":{\"@id\":\"https:\\\/\\\/velarogverkfaeri.is\\\/verkfaeralausnir\\\/handverkfaeri\\\/skrufjarn\\\/product\\\/weller-skrufjarn-ph0-1000v\\\/#primaryimage\"},\"thumbnailUrl\":\"https:\\\/\\\/velarogverkfaeri.is\\\/wp-content\\\/uploads\\\/2025\\\/08\\\/f218849f-cd79-43b9-ad52-b5d05123159f.png\",\"datePublished\":\"2023-04-28T17:54:53+00:00\",\"dateModified\":\"2026-01-29T15:31:07+00:00\",\"breadcrumb\":{\"@id\":\"https:\\\/\\\/velarogverkfaeri.is\\\/verkfaeralausnir\\\/handverkfaeri\\\/skrufjarn\\\/product\\\/weller-skrufjarn-ph0-1000v\\\/#breadcrumb\"},\"inLanguage\":\"en-US\",\"potentialAction\":[{\"@type\":\"ReadAction\",\"target\":[\"https:\\\/\\\/velarogverkfaeri.is\\\/verkfaeralausnir\\\/handverkfaeri\\\/skrufjarn\\\/product\\\/weller-skrufjarn-ph0-1000v\\\/\"]}]},{\"@type\":\"ImageObject\",\"inLanguage\":\"en-US\",\"@id\":\"https:\\\/\\\/velarogverkfaeri.is\\\/verkfaeralausnir\\\/handverkfaeri\\\/skrufjarn\\\/product\\\/weller-skrufjarn-ph0-1000v\\\/#primaryimage\",\"url\":\"https:\\\/\\\/velarogverkfaeri.is\\\/wp-content\\\/uploads\\\/2025\\\/08\\\/f218849f-cd79-43b9-ad52-b5d05123159f.png\",\"contentUrl\":\"https:\\\/\\\/velarogverkfaeri.is\\\/wp-content\\\/uploads\\\/2025\\\/08\\\/f218849f-cd79-43b9-ad52-b5d05123159f.png\",\"width\":401,\"height\":310},{\"@type\":\"BreadcrumbList\",\"@id\":\"https:\\\/\\\/velarogverkfaeri.is\\\/verkfaeralausnir\\\/handverkfaeri\\\/skrufjarn\\\/product\\\/weller-skrufjarn-ph0-1000v\\\/#breadcrumb\",\"itemListElement\":[{\"@type\":\"ListItem\",\"position\":1,\"name\":\"Home\",\"item\":\"https:\\\/\\\/velarogverkfaeri.is\\\/\"},{\"@type\":\"ListItem\",\"position\":2,\"name\":\"Vefverslun\",\"item\":\"https:\\\/\\\/velarogverkfaeri.is\\\/vefverslun\\\/\"},{\"@type\":\"ListItem\",\"position\":3,\"name\":\"Weller Skr\u00fafj\u00e1rn PH0 1000V\"}]},{\"@type\":\"WebSite\",\"@id\":\"https:\\\/\\\/velarogverkfaeri.is\\\/en\\\/#website\",\"url\":\"https:\\\/\\\/velarogverkfaeri.is\\\/en\\\/\",\"name\":\"V\u00e9lar & Verkf\u00e6ri\",\"description\":\"Umbo\u00f0s- og heildverslun fr\u00e1 \u00e1rinu 1919\",\"publisher\":{\"@id\":\"https:\\\/\\\/velarogverkfaeri.is\\\/en\\\/#organization\"},\"potentialAction\":[{\"@type\":\"SearchAction\",\"target\":{\"@type\":\"EntryPoint\",\"urlTemplate\":\"https:\\\/\\\/velarogverkfaeri.is\\\/en\\\/?s={search_term_string}\"},\"query-input\":{\"@type\":\"PropertyValueSpecification\",\"valueRequired\":true,\"valueName\":\"search_term_string\"}}],\"inLanguage\":\"en-US\"},{\"@type\":\"Organization\",\"@id\":\"https:\\\/\\\/velarogverkfaeri.is\\\/en\\\/#organization\",\"name\":\"V\u00e9lar & Verkf\u00e6ri\",\"url\":\"https:\\\/\\\/velarogverkfaeri.is\\\/en\\\/\",\"logo\":{\"@type\":\"ImageObject\",\"inLanguage\":\"en-US\",\"@id\":\"https:\\\/\\\/velarogverkfaeri.is\\\/en\\\/#\\\/schema\\\/logo\\\/image\\\/\",\"url\":\"https:\\\/\\\/velarogverkfaeri.is\\\/wp-content\\\/uploads\\\/2021\\\/10\\\/vv_logo_350x100.png\",\"contentUrl\":\"https:\\\/\\\/velarogverkfaeri.is\\\/wp-content\\\/uploads\\\/2021\\\/10\\\/vv_logo_350x100.png\",\"width\":350,\"height\":100,\"caption\":\"V\u00e9lar & Verkf\u00e6ri\"},\"image\":{\"@id\":\"https:\\\/\\\/velarogverkfaeri.is\\\/en\\\/#\\\/schema\\\/logo\\\/image\\\/\"},\"sameAs\":[\"https:\\\/\\\/www.facebook.com\\\/VelarOgVerkfaeri\"]}]}<\/script>\n<!-- \/ Yoast SEO plugin. -->","yoast_head_json":{"title":"Weller Skr\u00fafj\u00e1rn PH0 1000V - V\u00e9lar &amp; Verkf\u00e6ri","robots":{"index":"index","follow":"follow","max-snippet":"max-snippet:-1","max-image-preview":"max-image-preview:large","max-video-preview":"max-video-preview:-1"},"canonical":"https:\/\/velarogverkfaeri.is\/en\/verkfaeralausnir\/handverkfaeri\/skrufjarn\/product\/weller-skrufjarn-ph0-1000v\/","og_locale":"en_US","og_type":"article","og_title":"Weller Skr\u00fafj\u00e1rn PH0 1000V - V\u00e9lar &amp; Verkf\u00e6ri","og_description":"Tegund:&nbsp;PH080","og_url":"https:\/\/velarogverkfaeri.is\/en\/verkfaeralausnir\/handverkfaeri\/skrufjarn\/product\/weller-skrufjarn-ph0-1000v\/","og_site_name":"V\u00e9lar &amp; Verkf\u00e6ri","article_publisher":"https:\/\/www.facebook.com\/VelarOgVerkfaeri","article_modified_time":"2026-01-29T15:31:07+00:00","og_image":[{"width":401,"height":310,"url":"https:\/\/velarogverkfaeri.is\/wp-content\/uploads\/2025\/08\/f218849f-cd79-43b9-ad52-b5d05123159f.png","type":"image\/png"}],"twitter_card":"summary_large_image","schema":{"@context":"https:\/\/schema.org","@graph":[{"@type":"WebPage","@id":"https:\/\/velarogverkfaeri.is\/verkfaeralausnir\/handverkfaeri\/skrufjarn\/product\/weller-skrufjarn-ph0-1000v\/","url":"https:\/\/velarogverkfaeri.is\/verkfaeralausnir\/handverkfaeri\/skrufjarn\/product\/weller-skrufjarn-ph0-1000v\/","name":"Weller Skr\u00fafj\u00e1rn PH0 1000V - V\u00e9lar &amp; Verkf\u00e6ri","isPartOf":{"@id":"https:\/\/velarogverkfaeri.is\/en\/#website"},"primaryImageOfPage":{"@id":"https:\/\/velarogverkfaeri.is\/verkfaeralausnir\/handverkfaeri\/skrufjarn\/product\/weller-skrufjarn-ph0-1000v\/#primaryimage"},"image":{"@id":"https:\/\/velarogverkfaeri.is\/verkfaeralausnir\/handverkfaeri\/skrufjarn\/product\/weller-skrufjarn-ph0-1000v\/#primaryimage"},"thumbnailUrl":"https:\/\/velarogverkfaeri.is\/wp-content\/uploads\/2025\/08\/f218849f-cd79-43b9-ad52-b5d05123159f.png","datePublished":"2023-04-28T17:54:53+00:00","dateModified":"2026-01-29T15:31:07+00:00","breadcrumb":{"@id":"https:\/\/velarogverkfaeri.is\/verkfaeralausnir\/handverkfaeri\/skrufjarn\/product\/weller-skrufjarn-ph0-1000v\/#breadcrumb"},"inLanguage":"en-US","potentialAction":[{"@type":"ReadAction","target":["https:\/\/velarogverkfaeri.is\/verkfaeralausnir\/handverkfaeri\/skrufjarn\/product\/weller-skrufjarn-ph0-1000v\/"]}]},{"@type":"ImageObject","inLanguage":"en-US","@id":"https:\/\/velarogverkfaeri.is\/verkfaeralausnir\/handverkfaeri\/skrufjarn\/product\/weller-skrufjarn-ph0-1000v\/#primaryimage","url":"https:\/\/velarogverkfaeri.is\/wp-content\/uploads\/2025\/08\/f218849f-cd79-43b9-ad52-b5d05123159f.png","contentUrl":"https:\/\/velarogverkfaeri.is\/wp-content\/uploads\/2025\/08\/f218849f-cd79-43b9-ad52-b5d05123159f.png","width":401,"height":310},{"@type":"BreadcrumbList","@id":"https:\/\/velarogverkfaeri.is\/verkfaeralausnir\/handverkfaeri\/skrufjarn\/product\/weller-skrufjarn-ph0-1000v\/#breadcrumb","itemListElement":[{"@type":"ListItem","position":1,"name":"Home","item":"https:\/\/velarogverkfaeri.is\/"},{"@type":"ListItem","position":2,"name":"Vefverslun","item":"https:\/\/velarogverkfaeri.is\/vefverslun\/"},{"@type":"ListItem","position":3,"name":"Weller Skr\u00fafj\u00e1rn PH0 1000V"}]},{"@type":"WebSite","@id":"https:\/\/velarogverkfaeri.is\/en\/#website","url":"https:\/\/velarogverkfaeri.is\/en\/","name":"V\u00e9lar & Verkf\u00e6ri","description":"Umbo\u00f0s- og heildverslun fr\u00e1 \u00e1rinu 1919","publisher":{"@id":"https:\/\/velarogverkfaeri.is\/en\/#organization"},"potentialAction":[{"@type":"SearchAction","target":{"@type":"EntryPoint","urlTemplate":"https:\/\/velarogverkfaeri.is\/en\/?s={search_term_string}"},"query-input":{"@type":"PropertyValueSpecification","valueRequired":true,"valueName":"search_term_string"}}],"inLanguage":"en-US"},{"@type":"Organization","@id":"https:\/\/velarogverkfaeri.is\/en\/#organization","name":"V\u00e9lar & Verkf\u00e6ri","url":"https:\/\/velarogverkfaeri.is\/en\/","logo":{"@type":"ImageObject","inLanguage":"en-US","@id":"https:\/\/velarogverkfaeri.is\/en\/#\/schema\/logo\/image\/","url":"https:\/\/velarogverkfaeri.is\/wp-content\/uploads\/2021\/10\/vv_logo_350x100.png","contentUrl":"https:\/\/velarogverkfaeri.is\/wp-content\/uploads\/2021\/10\/vv_logo_350x100.png","width":350,"height":100,"caption":"V\u00e9lar & Verkf\u00e6ri"},"image":{"@id":"https:\/\/velarogverkfaeri.is\/en\/#\/schema\/logo\/image\/"},"sameAs":["https:\/\/www.facebook.com\/VelarOgVerkfaeri"]}]}},"_links":{"self":[{"href":"https:\/\/velarogverkfaeri.is\/en\/wp-json\/wp\/v2\/product\/74424","targetHints":{"allow":["GET"]}}],"collection":[{"href":"https:\/\/velarogverkfaeri.is\/en\/wp-json\/wp\/v2\/product"}],"about":[{"href":"https:\/\/velarogverkfaeri.is\/en\/wp-json\/wp\/v2\/types\/product"}],"replies":[{"embeddable":true,"href":"https:\/\/velarogverkfaeri.is\/en\/wp-json\/wp\/v2\/comments?post=74424"}],"wp:featuredmedia":[{"embeddable":true,"href":"https:\/\/velarogverkfaeri.is\/en\/wp-json\/wp\/v2\/media\/74552"}],"wp:attachment":[{"href":"https:\/\/velarogverkfaeri.is\/en\/wp-json\/wp\/v2\/media?parent=74424"}],"wp:term":[{"taxonomy":"product_brand","embeddable":true,"href":"https:\/\/velarogverkfaeri.is\/en\/wp-json\/wp\/v2\/product_brand?post=74424"},{"taxonomy":"product_cat","embeddable":true,"href":"https:\/\/velarogverkfaeri.is\/en\/wp-json\/wp\/v2\/product_cat?post=74424"},{"taxonomy":"product_tag","embeddable":true,"href":"https:\/\/velarogverkfaeri.is\/en\/wp-json\/wp\/v2\/product_tag?post=74424"}],"curies":[{"name":"wp","href":"https:\/\/api.w.org\/{rel}","templated":true}]}}