{"id":73866,"date":"2025-08-11T12:41:48","date_gmt":"2025-08-11T12:41:48","guid":{"rendered":"https:\/\/velarogverkfaeri.is\/?post_type=product&#038;p=73866"},"modified":"2026-05-06T14:40:46","modified_gmt":"2026-05-06T14:40:46","slug":"frost-top-innrettingarhalda-1003-012-krom","status":"publish","type":"product","link":"https:\/\/velarogverkfaeri.is\/en\/honnunarlausnir\/heimilid\/skapaholdur-heimilid\/product\/frost-top-innrettingarhalda-1003-012-krom\/","title":{"rendered":"FROST TOP Innr\u00e9ttingarhalda 1003-012 (Kr\u00f3m)"},"content":{"rendered":"<p><img decoding=\"async\" src=\"data:image\/png;base64,iVBORw0KGgoAAAANSUhEUgAAARsAAAD8CAYAAABHGwCvAAAAAXNSR0IArs4c6QAAAARnQU1BAACxjwv8YQUAAAAJcEhZcwAADsMAAA7DAcdvqGQAACcQSURBVHhe7Z0BbBzXfeb\/uROQvUAoeek1q0BFyEKIdytD1LrniK5zsdhLRTNspWMVUWFpS6YvUqo2ZkKdpYaGKJu2SJiOlYouk4aIdDUryQotKupWclSaTg+knBoW4yYrCqaXLoSS7hkVg8sdGQi+LaDD3ntv3sy+mZ2dnVkOH0nz+wGDnd2ZnXnv7cz3\/u+92fd9JPPBfJYAAGCR+TfyFQAAFhWIDQBACxAbAIAWIDYAAC1AbAAAWoDYAAC0ALEBAGgBYgMA0ALEBgCgBYgNAEALEBsAgBYgNgAALUBsAABagNgAALQAsQEAaAFiAwDQAsQGAKAFiA0AQAuLMi1o5v0JGr02Q3OZDEUiZVRZ\/QAl1kfk1tVChuYmx2k0PU8ZUQ5Rin9+C8XLVls55MB1UQK3Zyn1xjhN386w6yhCkf9QQb99fxVF18rtK4hQI5u58T5q+nSUYo+cp+m1FXTf56uoPDNFvV+soPJ79lH\/G\/NyzwwN7voc9c7ItwrTJxup4tN3iWXdr5RR5GPmErU+ty2\/wZZ7ttOBEyOUvi0P4sLoN3LfKbeOyZZf+ZT9eOrycWU\/sWyh3pvygAXJ0PTFVrrv4xW0+fERumWVw3XqqamgioZjNPq+3JVmqb\/G5ZgzJ6nBTMMn7Wko5\/kV2xqpXym\/xcnfVWo39\/2NqH3fT+aO0\/53cvcCzL1hXBfrvvjnlM6UUYKJbuXaGRp8hJXLPa00MGleFywfX49SyxX5JgCpp1i+Hx+X74ozfWKLPT+2PH3K\/vnHc3m1la1Y9tGwPKaghN\/Olflx6t+3hco3PUyDbN\/y+AP0O4kydvzztHsTuxea+ujaL+S+hSiYliLXsfk9R\/rNcmg4WSzxBeCRTRjLrQuN2XIqyzYMvOu+Pbk\/W0mUjT\/al33zrVPZpkgs23Mjfz\/bMtjIoy5jaR5y34ct5rGJotm67teyt1z2UZfU0zHruPHuCdd9zOXWjw5lq9fINFCRNP\/y3ezAzijbryzbdOE9l33ey44drmLbo6Kc5n58iKW72DHPZptkWokas0m3fRzL4uRvPNsZ87OfurD8PrFFfCfRPe6yfT47M7CdXTeUrX6C\/W7\/cipbx9abLuTv5728nm2PsnRF9mfHXLfnL+nuXBlR2fZs\/41ZZftsdqDezGs02\/5j5bu\/NH9Dc7vHb1LCbyeWn\/Vla8ooW958Nnvrly7bWRoGm8uytGZLtuctNd0eiy0tbNnal51x28+2zGbHDlYY+\/9WVzbllpYASziRze0Rant4iObqv0X9u6PyQzvltccp9dZRirzYSvfdu48GM3KDF2vkaxH4sce+8wBbm6XhI9sovm+E5oxNrkR8HpdTfv9RGvtJFyXk+8LM0\/CBz1DLxVmqPPwKDdSzWiiPMqp++hVKNmco2cJqyf90nKbZp5k7xlZX1nxUrvhncfLHQvh\/K1d9kj7x+7T1WRZt1J+i4YMx+amd6O6zNNpdRdee3UbrPimjBK\/ycOON09Q7y14zZ+j7bxgf+aaskZLps9SyQW3ORaicKaBBOZWrP+Ua\/hu+TkzQ5QcelPDb0VQf3ceivdHyQzTcv53K3X5LloaG\/teo865xar93G\/VOyc+9cKZlrJX+6HwuonQnQtVfO0Q1bK3pT1spHuC6ciMUsclcOSnEo243Kxz5mRuRjawAB2rlu3CJ7jlMB+T1MnduH3UGvei8iLVS\/+EK+cadufP7qOEc\/\/G2U+fhKuNDV8qorv8VarcON0Xpok2zRcZH\/gLz02PUcGSCrVRQ+zONntdF\/CAXZ\/mGkboZLEy\/9oMzrPHKydDAD\/w3pTh1L3yL6tzqhSLED55SfsOQuDNBnQ0dlGKrDU8fpoTXzb0mRm2sXCM0Qe01h+iaT4GOb8yJ5PCBx2nYo+tBEF1H6\/jrAoWGE4rYpN++Ll7L1xbv7Cvf\/W3q3cLX5miumLAGYc0DVLNDrrMoo\/8vR+R6OCS+0krV7NU1CrkzTp1fl+er\/y\/UUKzzbk0VtX+LXyjLB8\/8BWaWBo4YURtFG6lho\/jQgzJqeq6L4vJdMMbp+y\/mwuTMi+fpmlwvSmQ\/te0sQWk47Df846+JCzk0pvv2UY\/Q2UZq2Vn86ojU7qUWvtv8SXrkGBf24iSeVEQyM0QtTwUT54UQitjcep\/HsAxfF2qUDjy9n91oszR9S34UEonNSmibmjIu9pKYoIFnR1gKFdY\/QF+IuUchmYt\/Tv1SOBNbt\/gSkUj9YWoLu2b0zVVqbzhpLx+P\/AVm8nvUMybXH6z20URjbNhP7VZlEYCx8zSQiVHcuoH8NaXSb7O2x46tVLOAGjv6nx9kAjlPc8WiAz\/cHqHOY7I9VP+gv3QpFez089+kQT\/pYCLZ+d\/3W5Hm3HdZK+Cn8s0iE4rYrFtv9NMkL1727Cux2LqX2ty7dhbE3JyvsxdnNkWDP5ii\/yvfGrALerNctZGh5PnLcp2JTcyvgsRCrxl9M3OdRv+ns9OsUP6Ck3r5jCVkibt99G0IItT0x7wSCsboRdaEau6igWZLbXw3peKbvZq7PohVMSGdoVu2Wqk0zK4ITry6ync5JP6jmYfLNDDkMyH3s\/Laa0Z0M9Tzlb4FVMz+CUVs4ncbV2nm\/MNUx8KyuaIRThV9wUeYGIwMq61yhR3ZWk2Vcj0w78\/QO3JVJe5249y5SsPWUC27YTfIVR9Ed+wWTRftsPyl5aqKa\/4CM0OjP8z9DvENAcK3z+4wmgV+YWWfPEN0YE8tJZr3W80wv00p\/xVDIWKUKNpE9AOvsHLNfv8CTVS5Ibfv6PlX7dF4QSJU99x3qMks68kOOvBiCIpZhFDEJlK\/mxrkeur5bbTuE5+jliLPvVT\/t8vUFlJNKrh9mZLKTd\/5J6VHDdNjl11\/tModx\/PTfHNCdOgZVFFlkOt3fS39QSgXazCmr11ll3c+rvkLyh1WHpNyPaD48mZB3U657oeR09RPe6jhs2x9AxMqsyx9NaWiVCl6PhdChMp\/Ta4uiKs0al27AdO1IZ7r6xr7Cf1MrhalbDv19ucGa0a\/+hgNhtmH6kIoYkNrG6nnOSUkzUzQ4JFGSnyijCq+0EHJKZdLe\/0WSqyX6yGQev4YJeV69XNnqC3IRW5jiga+5z6WGInxJ17lG5ObaVuUEGTYmY\/U1Hx1L9X8unyrAyYGgfIXlJlpRXyDlgfRPbuPUtPd\/sKb4YtDFHl0t+zfqKCGh8xavnhTquZbP6H2BbaiuDA0Db5GBxYaIM1MKWXmGGovhm1I+1qgPjc+WNO\/Vb6hEWr7xohrJRQW4YgNo7L1FRp7Ij+amB3ro6Z7ohT59HZqPz1Bs2Hn5s48XTu2je57foZd2VXUlnyPxlpLbA7wYz1ljgj4I3N7YdVB4tE+alnwRe8TUVZfDZS\/wMzP0f+Rq6UQrT1E7bU+OvRuD9HAuQi1fDF3zVXu2OO7KRUpKwsshG6EcpzMv4Z0kwft4I9Sy7dzz1jNnd5H7WE+MuIgNLERD6wdfY1u\/aiLGtxqx\/evUu+Bz1HFx++ihhN++nUc\/LCDtv7uNvtSs4Xiv7mNnrr5APX+LTvmz1+nntpgQ5npv3jYOl78E5+irc\/7G0I0ufX+Yt65C2eh+QvMrRmf\/QYLI3PlbygZfYxa7pcfcAI3pZYJjuh4IQR+dGFDKw1YDyjOU\/+Xj1EqlMcf8glRbAzK72+lwX+cpZkf91HbVrcaynjKd11NH6WDZOr3umjsR6\/Zl9FxSv\/jOA0PHKUDW2Ml1TDxPzlrHS\/9v2cp9XSwMKMypissKY2F5i8wsc0lPi8ThIwY+az8r7sdw+oV9IdfNiOd4A\/4LRlqv8sCKekeUB9QnDlOB767OBVoKGIz+g3nH8siFP2tvdTzt+9S5ufjlOxupISzGf7TDqp5bHHbiMGJUPzwBfnQoU\/W\/Du5shLg+TtLPYvZKc0u9rDHGfO4fZkGL1VQ0xfzm8vqCF+gB\/yWkshHQyqzgB3yJo5nb1LfeIwGrD8Lh0coYpP5xVVKF0rc2hjVMeV8k9Wq6WQXNSnXx9zpQ9RjjVwsF6L0B4\/w\/1m5MHGaekYcjYTYXUrtOhv8mYvb8zQ7r1Ny1dp\/EaiIKeUxQ9NByyPDyuMX3uWRuXKehjfuzzWZVNbvoD+0gpsV0pSylVnAJ+vv\/Ktc4VSXJjYc27M3V+nA14f8PTMXgJCaURkxT4k3EaqsZe3Dn72ndCTPUPLV5dfnEb1\/q2tYm0mzGvVtx41QsZXqrNbibOCnSadPbqOKx6\/Kd3qIVj\/AJHWxeIBqrP85ZSjwc5b\/43GqeNDxdLONWRp8cYRo\/jw9Ivui7MvDNDBrxgkrpSmlllnAJ+vV\/p6tn6F75GpwHM\/eXHmc2kfCrQRD67NJv3TJ51OIvCP5MiWbjVyJx8aXGxvUmiaH+R8wO+oDilP8XxKBSF2fCulhugDcFV\/ARVmMCP3O7+Uiw9RUsMok\/fYEf9qu8AOZs6\/S4Fgtq7Ret\/qinMubP\/k21cndV0ZTKkINu7fLdVZmAe6J6Zu5fWt2P7iwSsT27M08DTzS4fsPnn4IRWz+PZ99brKLes3\/wxSFqejOXOEuO9Zso95X9zsu+FlKjc9Spfxrhkr1lx+z9g1yofD\/YKXGIlRTvdAHNQKy9gHqfK7W+DfvIhBt3Gs95Jm+HmT0K0Opa1NU89nCTxbOXjxDo\/whUq8\/u67dTk1mpLBCmlKR+r1WVJG+NuG7LzP1D2b5bqeWxoXHq7Znb+ZP0h+dCG\/0MhSxif46v1ky1H8k+H8sbH+eXDZEqPxXzWhFImpU9mO4\/bN949eoU17c6R9eZbLkk7HT1Du\/hxoWsQvFnSglPh9juVwk1jZSuzllxaUxGvVbO75\/hr57ZQs1FHzOZpb++uVxqmGRk3faeaRg1tArpCm1tpY6j8p74cqr\/srszlUavWSsVh7+U2oKZapQ+7M36aeO0aBcXyihNaMEP+2gphP+anbjYbgYq4E01+olMn3u2zQq1\/MxpkgQP9D4efprXz358zTYd5LWHdy\/oH8eL1cSh49TC+9vZJFF8u+Nz4qR+l4fXdvxFWop9BTz+5fo++Mxqrm\/eA0e2bpdTPrEWSmjUpWt5hD0EA1cLB7bZC5+j\/r5bmX76a+OhvhIg+3Zm\/AIUWxYNMCqm9SRbdRypVh3+iwN\/MUIle\/togMl\/61AI\/ND1HakiIiyH2j4Ap8kapw6jxUf0p+78ji1\/f1e6i0wg92Kh9XU\/aNcgH1GvFN9dOBEGfV0F57nR4gRVfkbcYk+SE1mc2CljErxIeikUWkln3re++G6O1PU+00+20AV9Ywep+piFdbsLRL9zj6jzMWYHCw0sYl3j9Otn79HY92baXjXZ6jp9EyBGy5D6ed3UdudQ\/Q3z9V6h8Mhdk6pBHnKkk\/WXRc3J7X2\/pNcef0puj6wnT56upEeZBFeIcGZGzlE9z08Q+2j7NjFQl\/b0KY\/bPm7U7yG9EeGMv9PrvolxgR49BBVT3TQ1gOXCz41npk8SXV1fZQYfKXgf9rmxo\/RAf6XFOJ\/uPUzNhylcisAYoL3Z6cDPLWujqItYJK3En47XmZv\/qyPauaOU93DQzTrluY785Q8sI06391CPW+9Rm1F6yt2z\/2lEZkPftPnw7SOZ29CwTkpcSkLnzxanaR67sZQtn1HNFseq822vzCUffOdd7Mzb13ODr5wKFsXK8vGHz2bnSkweXL6hdpsdH1ULOXWRNx8iVif86Xtsvv3Cy3DrbnvMoHLHXdNme24tiWi7CcWfxN9z904m22pimQjIv9ns8Nvsfy\/83o2eaor23I\/y1dVazb5z+7fFcs7x7N1ZhrK7GmIRM301WZ738l9p2D+bOVm\/07x5XK2zfxuNKIcky1l5jF9\/Bb\/\/Fq2h10PkeiWbEv3qWzyxxPZmX8azw6fPZ5tr49ly9dvz\/a6TdxtloPz3Eqe6l5QJ3SfyPbWynTlfYctEbnNpRzU8ouuLyvwPb4UKcMSfjvX5V9ey\/Y2x0SZtZnXkLiHWrPVLG\/RHV3ZMa9riC9mWhzpMPNjLzu3ZTab3GuURfBJ6POXRfGNsjA9b\/4XqxUjEYr86l1UUx0Tza3VQGZ+RowsWJ4\/kbLV7R11e57S\/3CV0r8wy+Oj8I4qxlL7Rs1P0fDfvUvrqrcveEaAxRUbAACQhDsaBQAABYDYAAC0ALEBAGgBYgMA0ALEBgCgBYgNAEALEBsAgBYgNgAALUBsAABagNgAALQAsQEAaAFiAwDQAsQGAKAFiA0AQAsQGwCAFiA2AAAtQGwAAFqA2AAAtACxAQBoAWIDANACxAYAoAWIDQBACxAbAIAWIDYAAC1AbAAAWoDYAAC0ALEBAGgBYgMA0ALEBgCgBYgNAEALEBuQ484U9f5ulCIfK6OKhtOUviM\/VwlrH7Dq+Ejmg\/msXAernNkXt1PFV6\/Kd0Q133mXhh+NyncGYe0DVh+IbAAAWoDYAIvonuPUc3\/EWK\/to949+dFIWPuA1QeaUQAALSCyAQBoAWIDANACxAYAoAWIDQBACxAbAIAWIDYAAC1AbAAAWoDYAAC0ALEBAGgBYgMA0ALEBgCgBYgNAEALEBsAgBYgNgAALUBsAABagNgAALQAsQEAaAFiAwDQAsQGAKAFiA0AQAsQGwCAFiA2AAAtQGwAAFqA2AAAtACxAQBoAWIDANACxGY5cWUfRT5Wlr\/c20fTcpcwmD6xhSL7RuS7EWph52i5It+Wws0+SijpTZyYkRsktnxtod6b8nOwqoDYLDc2dlH6g3nKKEsy0UHxkAUnNLjQbOqgxAUzvUOUOFKVEy++fdcE9dyQ2y9UUfumfTQsN4PVA8RmBVB3it2s1EENtojBiEisiMGKVHKRy\/C+3Hbz5ufb4kemiM412iOmi2r0oYrBDPXe6xKtSKYvnaE0E8jOevkB1VJnd4wGLxrpGX62g9LNXdS2Qbwlqj9KPRuHaLBAJMXTnDgxIs5ppMWIhNS8WGkRERVLqxo58XKwRVoQtuUCxGZFUEEND8Uo\/TYTCQEXmkYiK5pgYpRqtAsCE5P2uyeM7Te6KLXLEJzKg+OUZmJAzUOUeauVKuXug6nNMqJix2Ji0GCJVwW1vTVPqYMV8r0dfjz1OJxcOmconSKK383OZ1FB8QQ7nxQjN9JHOoheNvKWbJ5ikVBZLi8XGtn2Y4qAsLRe3G3lM85FdNN16lHy0l5AKIFeIDYrhMpYFVFqSkQi0yc6aJCJxYAVTTBBeLmLSL0JWbSRNAViQyv1NHvf4E3PmIJhCJt5rsCwqKL9XIx6nqiVHxAlYnahsouPC0okVLeTiSo1Uo+Zl\/rd1EQTlLb6fZRzbdhBLRvZ8buPUp34wCnSYCmB2KxAxM3Da3CrqcCWTay5IrcLEjFbtCFu8FIFxC+y\/4a6h3LNpjDYuJnictUPTnEDywOIzQphemrCLiC8GSSaCupyStboS4AlNBN5Ta7UlL0Zg0hjdQKxWRHMUPKlKav54StKcWwXN7gj2gkN3kErR6TsQmP0z9jFxejHadqZa2aB1QHEZgUwvK+K2inXB1N5sIuaJu2jU2IESh1dYts7leFnZz9KaPCIZtcQNTGhyfUh5ah7gnfaduSerblyjNonG6nJZV\/w4QZis9xgIhFX+2LY0kD2kSM+vDxwg3cIV1n7xF\/aQ2l1n42NRE\/KY4ioY9zqR6ncsccYtfE1LOw99C2Gttnr4K5cesViCt+GVkqJZ2vk5+KZmyVs7oEl4yOsrZ+V6+BDgniWxik+ACwxiGwAAFqA2AAAtIBmFABAC4hsAABagNgAALQAsQEAaAFiAwDQAsQGAKAFiA0AQAsQGwCAFiA2AAAtQGwAAFqA2AAAtACxAQBoAWIDANACxAYAoAWIDQBACxCbsPHp1503Z7A2uMGdDr9tYzrRvDLgcxa7Tkfqni5RTtYx4BO+koHYLAY+\/LrdnCQ\/NAhBqaKBh6SLpVoGm85QS94cxIbD56B8Z2JYBVdR0jwGfMJXNBAbTTj9up2RjeplLRYf3t22Wl\/ZPy+qsM5j3tSGpa1l\/i8+V\/Z3nDtxos\/abp23YFTGzv0lN\/+oERo8x1\/ZuZ\/NHd\/IUyOlmhsdRnTSvsZyt2SE6RNuRlJXuDDK7SJPalkgkgoTiI02ClvB8puhIaVEQxcaheNlTgwY7P3gTmM79+rmbgbxt7uM\/YXHtWmXwoXGHlWIiEIISC0NfDBETdyy9oZpvWIIkJdvePrIGUqw\/fl2\/h3PqOzmJRqYjFHLDlVoeJo6jGOIvJ3PRSd3G\/lOPbFZfmDi5jE+RalJuVqAYD7hbPuTJCMnVi7C2UKm0\/y+IoxgYUBsNKL6davUnWIXt3rzCj9rB6xp1im9loQVS57HNbsRuY5xXybFY4pTd4rdSKp3k4I\/3\/A91ODXTnfqOqWpiuLK\/tz3KvWMtJKJcSvdnFd33UH\/TUmRVqUcXAnkE656nNdSUzN7cX5\/sS2LVxEQm2VErlmU33+Rj\/2GNhE2vXneU4WP58s3fAHwPPHIwhKzDTFKyNUg8OPEjxD1vBywnyugT7jpOgrCB2KjkTy\/bokpMrnOUN7UWQAuHdSZD3ImdXmE6RuuRC48X9xgz9YUuskisAJCWQhLaG545AEseyA22rD7decwPuf2tSXf4AqiqTbJmzL+8OUbHgTZpON9JbxPyd7nwppU3EGzebfvfPL+LEOEITQrHYiNJpx+3U5SU2aHLO9M9dOMKoAcsWlQR6fEsz\/uQ8a+fMMDYfT5uDVdREc4a7IlT\/nzHBeREd8\/BBEGSw\/EZjHw5ddtYnbImr7dvDN1ggkG0eDFUkZC+CgO7xBW+mF28REX84blHaFG5GGMOPnwDXfgKUb8GZsv8fM50sAWUQa+hWOEOo\/wHm8mnMox+FLIdxwsb2BSBwDQAiIbAIAWIDYAAC1AbAAAWoDYAAC0ALEBAGgBYgMA0ALEBgCgBYgNAEALEBsAgBYgNgAALUBsAABagNgAALQAsQEAaAFiAwDQAsQGAKAFiA0AQAsQGwCAFiA2mhHujDb3Soawq3WZ7tJj7mAb4vs+3RuL7cvPGXD+YTFNqDVtZ7H02t03nXm2H8s7T65lCZYtEBvNuBqfcWO3jTGily7ZPhfWL358jza0Umqp3AeYOKl+3OnuCWrwsua9t5FSbB\/DLmaIEuy7pvMnFxp4e394gdjohvsqTZ6hpFJjD18coqZnhqiF1M+l9ctDO+TE4\/xGzUUEtujDGa3ISMnYdx\/1ukxQnnpWiSDMbTyq2TUkJ2w3bnLPyc15mp4csvlxG24N9vxZcLfOScWhkmqpk1sJi4ndg3t72zHLxxQne3m1nAgQ\/YFFAWKjG9UqV8AN9xupqb6C4okpGrhkNiu4r7Xpmc1vnEL+3U5YM2WTYewv9r2xmQaES4HKFA2S9AmXHtfCyqX+lOHFLUzuDBcET19v6b2diKn2NDFKsPzl8pHDLVITPlfC+7s0b28Do3zaEzn3BtM6xzDrm6DES+G5fILSgNhop4IaHjJrcwZ3iJQ3IG9ipc2mlOocGcS\/+8p54Ydt7cuaWD3cw9qG4hMuPa6FDW9JMHGx+e5x0ZSrbjgdQYWDpju+vL0ZlrBYflRcwFkeLateJmTPcN9vsJRAbJYAUZvLfpvpS2eIzKYSN76Xbpb8c9M5Moh\/t5vF70r0rzb6b3x4e7OosOEcy6PV3GS4Wfx6iBrQA8RmKbBEhfdTkGwqcXiUYfRR8EjDJhJB\/bu1wW5sW1A0Q+mUXHXDrXNcrppYQuPH25uXizDZa0R\/zDIHYrMkSFE5cYkGJu01MBeY1FSfaAaYIhTEv1uNmkxKbyIVg\/fP8NOp\/TO8nyWXdhW3fIhITPH+DuztzaM40VScovYvyY7sDSxdNEFpVXxcRA3oBWKzRAhReSnXVDKp3LGH1dK8r2IPNZg3WxD\/bhE1Kd7dN\/uonTUzFgejLyR95JiVDqOfRUm7isxHu\/VsjWGx27TT6GvhEU2p3t6iD8vKt7QYNsWHdyA\/OSTWwNIBsVkihKhM5m40CzFaxV5t\/S7F\/LtVHN7dm65TSzdrjjk7ZgshxSouh4m9h74Z9aeMZ2tkukRUYo1eGcPPuQf3jHzwZ2vMfif+zM2A6ABeqLc3y\/cFLnxGc6ru1AT1kNnPVUWph7oobvXjONMFdACv71WA6AN5u4sy1miNRlhk1XJpBw3YhrSXAP7sERPenhKiJhAOiGw+bOQ1r+xNFd0MP3uGEi79N4uL8ZcI88lkzvCzHXlNVqAXRDYfQngnKx8ONmm6MC+bKqsI82lok+ahpYnsgAXEBgCgBTSjAABagNgAALQAsQEAaAFiAwDQAsQGAKAFiA0AQAsQGwCAFiA2AAAtQGwAAFqA2AAAtACxAQBoAWIDANACxAYAoAWIDQBACxAbF8RUmG7z+0qKbbdjTEGpTuQUlCCe1oH9r8VkW7kpOPP8tfl2r2lBHfg\/f\/4EV0sLT094jpmBf4dVAMSmEBsnqN3tJmM3XzzPYXJxqTs1vzgTP4kJpvhcxoo9jPDXLl0EFi2tYMUDsSnIHmpJ5HtWC1\/uZqe7ohG9qBGCMZk2\/5zdvJNEg7vUCbYd+6uixufKZe97ec3It7Ha0VlLivfmd+U+bhSbrJznRbVREdSfomQzSy937DRnuxMToOciOa\/zq2nl64kTfSKCMff1EjEjYjT3tUcZpW5zYk+7mSce1XDTvymH0BrRl7W\/s5wdUeHyidKWJxAbDxp2Vjk8q6Uv9075ViAFRfhMG9FBujsmZ\/nnbgIT1LPRmJrT8LE29vf07WY398DdcrsjSuA3S0NKMazj3twsTW4XurdPt3TKdLHwtaITF+\/vIOfnpI+cocQNY19eLoO73JufXDDiL+1RjssjLLmviCa5l1TAbQ74OdS0C1cIIca1NMA9z7ktMUur6fbABYjY7yaO+wH7HVONuQrDGRXe6KLUrvCaYR9GIDZe1O+mhOm9zeE+2nmTZnNBYRebIgrcpqWg1asv3253kzeOEAJVQLj1ilwNChejJPdXYrV5wdrbQeDzN3dZZnNGuTjM4wR8UnaH1a6IsFSPKQUugoVcEry2OfASY+F\/xc6fm7uZ\/c4vc4sc7pHFKown2W92QTnPhlZKdhO1P+tdfqsZiI0ntdSkNKVEE8rDpcAK0Td1FHRfDOLb7UWu6RD8uypCPMyam\/tVSW+qYk2CsM4vEN7cDtFjizVpu2nSJz+3pc1rm4PKg13SE4vv6x2FCBdR1aeLL9bvyl0\/jaaxul13X95KA2JThDrWlDJqK9mEcnEpMEXGCtFZSO1pYr8A327zJs81HXj4HwYyQmPHFM2dJ937ehbv\/EYTxl4mZtMzlzbRnyRuclMsvLY54c0lvi8XVlPc3JtcAu7IINORW3LRDG8a521H53hBIDbF4M2Ec+dp2LUJxeEiJG8Uj\/4RkyC+3fnMUPKlKXmR+2sqFKbw0HPhNIZ5fgXhzc2iBR+BgRGJGWJh70\/z3mbHFCgulEM06FIGoj\/L4Zmew83jHBQDYlMU7hvNwvRdXk0o9UZhN7FHMyqQb3cBchc572wutRlTS52iw9YZBRj9EfHuowXFJJzzq5hpUctAEUNn+dy8RAOTsl\/La5sDEZWpo3O8AiH3aNVsclme6Yzc95lYCY9zw+rXgJcFLH29gNj4oG4nH+p2vyhFaH6B3XBW+72DEjd4jWnWrhXU8BC\/kdg2ITC8VmXb1f6Agr7dTth3RSel6ZVdRalnjL4WMVTtIO\/mciA6SOVzNVZaxDHN5gvD5v0d7PxBMDqrVZ9vYyRIdNDKzmJrGxPzxAXZ7PTa5qDy4JDi\/82WXSztN8xy55WK0bQyBMPhmc4WMVpmRq\/svGneIWyVnTHCaJUbyAMmdQAALSCyAQBoAWIDANACxAYAoAWIDQBACxAbAIAWIDYAAC1AbAAAWoDYAAC0ALEBAGgBYgMA0ALEBgCgBYgNAEALEBsAgBYgNgAALUBsAABagNgAALQAsQEAaAFik4fDBZEtxWxNbHBHyyI2IaVjzHOrps1cgsx9K9wg5BzI6roXxaYYDUrpx+O\/j\/\/y9Zs\/TpB9QXAgNipi8mzVBZEtwulweU1knW8hMkSJI1UlpVE4EnyI7Uc+7PlbSUBsLFiNyR0UzEm2TTa0UuoCn0mfOyGaOCIMz9rQHinZBMHF17u0Gt9wJxDGaiZCOM3zFo4E7LW5I6rLy9d16lTy7RQ3kXbr+85zqsfeQp1vy48LINJl7W+6J\/BjcDcHuye3fV+2KOlW8yfSt4+Vt0ceVDzzIyLYAsfx2raKgdiYeNh62C1dudBUKd7eE8IDOv\/G5Bg3R6rb9PV2iUAcvt7F\/Ll9wYVGOAfwc7JFOCgUa3oYtiy5tBr5sqd1iOgZ85h2KxN+Yxb06naWw409lDpX2CSKH8uvJzcXkyDe49zbnLtHuOVBpWh+hIuD3CZ\/V+OcXttWNxAbibDF3bjZ28mSw726JxspaYXmhr1J3MWgX\/hFb1R9vQ3bF3uUVNjX2zesJm04MiV9rZhoCN+noZydibA7YdFAIB9qbjmjWLpwWF46TTEWHt+mX1YRr24p5D3msYQvdsxY94GXAItmkrqtmPd4wTyoBPQeFyLoiIgtvLatLiA2AXEVJeHomI9o1iRi9psk5kPQiuD0mOZeScRqf+OCNnyoEzG7gAmHR0+YuAjjNemTFKQpV8Sr263MhOtmAYJ4cpvkmjwavMdls9X6HWxRrde21Q3ERrIwW1y9uHlMh2KOJpqL7Hjcq9y82X3fLF5e3UExogE\/ntymyOj1HpfRFv9MNtt4Gswmp9e21QzExkSE1O6+z+pwtqsoiZowH1e\/6KnFFjR3H2pb53ExeKe4dbOcd73JbRTx6nYrMxHtFMVoyhkC4vbbLL33uCnQad5B\/9Il+2\/ttW0VArGxMPpTePhr68zjQsOaKenmLmn36vTqnqHeLynbFfL9okfEiJeXj\/bCMZtDSsfnlX2sCcBq6ie8hoCNETa1Bh6+OETUvNtHWot4dcsys\/o7ZB9TIUS0ojbjvDrvGdq9x23rHEP04g\/tYE1mr22rG4iNCq+J5HM1or3NF3NkQe0QfkuOQIl95MiU67McvDlgjEYY+xojMl5Ni7wbrRR4PlQPbzEy5e5\/nYPly+bjLUd5fD6j4unVLcpMKYdN16mF3cyF8O\/JTUvjPa5UTOZ5+TVg\/K5e21Y38PoGAGgBkQ0AQAsQGwCAFiA2AAAtQGwAAFqA2AAAtACxAQBoAWIDANACxAYAoAWIDQBACxAbAIAWIDYAAC1AbAAAWoDYAAC0ALEBAGgBYgMA0ALEBgCgBYgNAEALEBsAgBYgNgAALUBsAABagNgAALQAsQEAaAFiAwDQANH\/B4EAIxemdBBzAAAAAElFTkSuQmCC\" alt=\"\"><\/p>","protected":false},"excerpt":{"rendered":"<p>Tegund:&nbsp;H100301240<\/p>","protected":false},"featured_media":74603,"comment_status":"closed","ping_status":"closed","template":"","meta":[],"product_brand":[],"product_cat":[544,518,568],"product_tag":[1012],"class_list":{"0":"post-73866","1":"product","2":"type-product","3":"status-publish","4":"has-post-thumbnail","6":"product_cat-heimilid","7":"product_cat-honnunarlausnir","8":"product_cat-skapaholdur-heimilid","9":"product_tag-frost","11":"first","12":"instock","13":"taxable","14":"shipping-taxable","15":"product-type-simple"},"yoast_head":"<!-- This site is optimized with the Yoast SEO plugin v27.3 - https:\/\/yoast.com\/product\/yoast-seo-wordpress\/ -->\n<title>FROST TOP Innr\u00e9ttingarhalda 1003-012 (Kr\u00f3m) - V\u00e9lar &amp; Verkf\u00e6ri<\/title>\n<meta name=\"robots\" content=\"index, follow, max-snippet:-1, max-image-preview:large, max-video-preview:-1\" \/>\n<link rel=\"canonical\" href=\"https:\/\/velarogverkfaeri.is\/en\/lykillausnir\/badherbergi-lykillausnir\/skapaholdur-badherbergi-lykillausnir\/product\/frost-top-innrettingarhalda-1003-012-krom\/\" \/>\n<meta property=\"og:locale\" content=\"en_US\" \/>\n<meta property=\"og:type\" content=\"article\" \/>\n<meta property=\"og:title\" content=\"FROST TOP Innr\u00e9ttingarhalda 1003-012 (Kr\u00f3m) - V\u00e9lar &amp; Verkf\u00e6ri\" \/>\n<meta property=\"og:description\" content=\"Tegund:&nbsp;H100301240\" \/>\n<meta property=\"og:url\" content=\"https:\/\/velarogverkfaeri.is\/en\/lykillausnir\/badherbergi-lykillausnir\/skapaholdur-badherbergi-lykillausnir\/product\/frost-top-innrettingarhalda-1003-012-krom\/\" \/>\n<meta property=\"og:site_name\" content=\"V\u00e9lar &amp; Verkf\u00e6ri\" \/>\n<meta property=\"article:publisher\" content=\"https:\/\/www.facebook.com\/VelarOgVerkfaeri\" \/>\n<meta property=\"article:modified_time\" content=\"2026-05-06T14:40:46+00:00\" \/>\n<meta name=\"twitter:card\" content=\"summary_large_image\" \/>\n<script type=\"application\/ld+json\" class=\"yoast-schema-graph\">{\"@context\":\"https:\\\/\\\/schema.org\",\"@graph\":[{\"@type\":\"WebPage\",\"@id\":\"https:\\\/\\\/velarogverkfaeri.is\\\/lykillausnir\\\/badherbergi-lykillausnir\\\/skapaholdur-badherbergi-lykillausnir\\\/product\\\/frost-top-innrettingarhalda-1003-012-krom\\\/\",\"url\":\"https:\\\/\\\/velarogverkfaeri.is\\\/lykillausnir\\\/badherbergi-lykillausnir\\\/skapaholdur-badherbergi-lykillausnir\\\/product\\\/frost-top-innrettingarhalda-1003-012-krom\\\/\",\"name\":\"FROST TOP Innr\u00e9ttingarhalda 1003-012 (Kr\u00f3m) - V\u00e9lar &amp; Verkf\u00e6ri\",\"isPartOf\":{\"@id\":\"https:\\\/\\\/velarogverkfaeri.is\\\/en\\\/#website\"},\"primaryImageOfPage\":{\"@id\":\"https:\\\/\\\/velarogverkfaeri.is\\\/lykillausnir\\\/badherbergi-lykillausnir\\\/skapaholdur-badherbergi-lykillausnir\\\/product\\\/frost-top-innrettingarhalda-1003-012-krom\\\/#primaryimage\"},\"image\":{\"@id\":\"https:\\\/\\\/velarogverkfaeri.is\\\/lykillausnir\\\/badherbergi-lykillausnir\\\/skapaholdur-badherbergi-lykillausnir\\\/product\\\/frost-top-innrettingarhalda-1003-012-krom\\\/#primaryimage\"},\"thumbnailUrl\":\"https:\\\/\\\/velarogverkfaeri.is\\\/wp-content\\\/uploads\\\/2025\\\/08\\\/f746b787-75e5-4337-af69-d1468c17f74f.jpg\",\"datePublished\":\"2025-08-11T12:41:48+00:00\",\"dateModified\":\"2026-05-06T14:40:46+00:00\",\"breadcrumb\":{\"@id\":\"https:\\\/\\\/velarogverkfaeri.is\\\/lykillausnir\\\/badherbergi-lykillausnir\\\/skapaholdur-badherbergi-lykillausnir\\\/product\\\/frost-top-innrettingarhalda-1003-012-krom\\\/#breadcrumb\"},\"inLanguage\":\"en-US\",\"potentialAction\":[{\"@type\":\"ReadAction\",\"target\":[\"https:\\\/\\\/velarogverkfaeri.is\\\/lykillausnir\\\/badherbergi-lykillausnir\\\/skapaholdur-badherbergi-lykillausnir\\\/product\\\/frost-top-innrettingarhalda-1003-012-krom\\\/\"]}]},{\"@type\":\"ImageObject\",\"inLanguage\":\"en-US\",\"@id\":\"https:\\\/\\\/velarogverkfaeri.is\\\/lykillausnir\\\/badherbergi-lykillausnir\\\/skapaholdur-badherbergi-lykillausnir\\\/product\\\/frost-top-innrettingarhalda-1003-012-krom\\\/#primaryimage\",\"url\":\"https:\\\/\\\/velarogverkfaeri.is\\\/wp-content\\\/uploads\\\/2025\\\/08\\\/f746b787-75e5-4337-af69-d1468c17f74f.jpg\",\"contentUrl\":\"https:\\\/\\\/velarogverkfaeri.is\\\/wp-content\\\/uploads\\\/2025\\\/08\\\/f746b787-75e5-4337-af69-d1468c17f74f.jpg\",\"width\":650,\"height\":650},{\"@type\":\"BreadcrumbList\",\"@id\":\"https:\\\/\\\/velarogverkfaeri.is\\\/lykillausnir\\\/badherbergi-lykillausnir\\\/skapaholdur-badherbergi-lykillausnir\\\/product\\\/frost-top-innrettingarhalda-1003-012-krom\\\/#breadcrumb\",\"itemListElement\":[{\"@type\":\"ListItem\",\"position\":1,\"name\":\"Home\",\"item\":\"https:\\\/\\\/velarogverkfaeri.is\\\/\"},{\"@type\":\"ListItem\",\"position\":2,\"name\":\"Vefverslun\",\"item\":\"https:\\\/\\\/velarogverkfaeri.is\\\/vefverslun\\\/\"},{\"@type\":\"ListItem\",\"position\":3,\"name\":\"FROST TOP Innr\u00e9ttingarhalda 1003-012 (Kr\u00f3m)\"}]},{\"@type\":\"WebSite\",\"@id\":\"https:\\\/\\\/velarogverkfaeri.is\\\/en\\\/#website\",\"url\":\"https:\\\/\\\/velarogverkfaeri.is\\\/en\\\/\",\"name\":\"V\u00e9lar & Verkf\u00e6ri\",\"description\":\"Umbo\u00f0s- og heildverslun fr\u00e1 \u00e1rinu 1919\",\"publisher\":{\"@id\":\"https:\\\/\\\/velarogverkfaeri.is\\\/en\\\/#organization\"},\"potentialAction\":[{\"@type\":\"SearchAction\",\"target\":{\"@type\":\"EntryPoint\",\"urlTemplate\":\"https:\\\/\\\/velarogverkfaeri.is\\\/en\\\/?s={search_term_string}\"},\"query-input\":{\"@type\":\"PropertyValueSpecification\",\"valueRequired\":true,\"valueName\":\"search_term_string\"}}],\"inLanguage\":\"en-US\"},{\"@type\":\"Organization\",\"@id\":\"https:\\\/\\\/velarogverkfaeri.is\\\/en\\\/#organization\",\"name\":\"V\u00e9lar & Verkf\u00e6ri\",\"url\":\"https:\\\/\\\/velarogverkfaeri.is\\\/en\\\/\",\"logo\":{\"@type\":\"ImageObject\",\"inLanguage\":\"en-US\",\"@id\":\"https:\\\/\\\/velarogverkfaeri.is\\\/en\\\/#\\\/schema\\\/logo\\\/image\\\/\",\"url\":\"https:\\\/\\\/velarogverkfaeri.is\\\/wp-content\\\/uploads\\\/2021\\\/10\\\/vv_logo_350x100.png\",\"contentUrl\":\"https:\\\/\\\/velarogverkfaeri.is\\\/wp-content\\\/uploads\\\/2021\\\/10\\\/vv_logo_350x100.png\",\"width\":350,\"height\":100,\"caption\":\"V\u00e9lar & Verkf\u00e6ri\"},\"image\":{\"@id\":\"https:\\\/\\\/velarogverkfaeri.is\\\/en\\\/#\\\/schema\\\/logo\\\/image\\\/\"},\"sameAs\":[\"https:\\\/\\\/www.facebook.com\\\/VelarOgVerkfaeri\"]}]}<\/script>\n<!-- \/ Yoast SEO plugin. -->","yoast_head_json":{"title":"FROST TOP Innr\u00e9ttingarhalda 1003-012 (Kr\u00f3m) - V\u00e9lar &amp; Verkf\u00e6ri","robots":{"index":"index","follow":"follow","max-snippet":"max-snippet:-1","max-image-preview":"max-image-preview:large","max-video-preview":"max-video-preview:-1"},"canonical":"https:\/\/velarogverkfaeri.is\/en\/lykillausnir\/badherbergi-lykillausnir\/skapaholdur-badherbergi-lykillausnir\/product\/frost-top-innrettingarhalda-1003-012-krom\/","og_locale":"en_US","og_type":"article","og_title":"FROST TOP Innr\u00e9ttingarhalda 1003-012 (Kr\u00f3m) - V\u00e9lar &amp; Verkf\u00e6ri","og_description":"Tegund:&nbsp;H100301240","og_url":"https:\/\/velarogverkfaeri.is\/en\/lykillausnir\/badherbergi-lykillausnir\/skapaholdur-badherbergi-lykillausnir\/product\/frost-top-innrettingarhalda-1003-012-krom\/","og_site_name":"V\u00e9lar &amp; Verkf\u00e6ri","article_publisher":"https:\/\/www.facebook.com\/VelarOgVerkfaeri","article_modified_time":"2026-05-06T14:40:46+00:00","twitter_card":"summary_large_image","schema":{"@context":"https:\/\/schema.org","@graph":[{"@type":"WebPage","@id":"https:\/\/velarogverkfaeri.is\/lykillausnir\/badherbergi-lykillausnir\/skapaholdur-badherbergi-lykillausnir\/product\/frost-top-innrettingarhalda-1003-012-krom\/","url":"https:\/\/velarogverkfaeri.is\/lykillausnir\/badherbergi-lykillausnir\/skapaholdur-badherbergi-lykillausnir\/product\/frost-top-innrettingarhalda-1003-012-krom\/","name":"FROST TOP Innr\u00e9ttingarhalda 1003-012 (Kr\u00f3m) - V\u00e9lar &amp; Verkf\u00e6ri","isPartOf":{"@id":"https:\/\/velarogverkfaeri.is\/en\/#website"},"primaryImageOfPage":{"@id":"https:\/\/velarogverkfaeri.is\/lykillausnir\/badherbergi-lykillausnir\/skapaholdur-badherbergi-lykillausnir\/product\/frost-top-innrettingarhalda-1003-012-krom\/#primaryimage"},"image":{"@id":"https:\/\/velarogverkfaeri.is\/lykillausnir\/badherbergi-lykillausnir\/skapaholdur-badherbergi-lykillausnir\/product\/frost-top-innrettingarhalda-1003-012-krom\/#primaryimage"},"thumbnailUrl":"https:\/\/velarogverkfaeri.is\/wp-content\/uploads\/2025\/08\/f746b787-75e5-4337-af69-d1468c17f74f.jpg","datePublished":"2025-08-11T12:41:48+00:00","dateModified":"2026-05-06T14:40:46+00:00","breadcrumb":{"@id":"https:\/\/velarogverkfaeri.is\/lykillausnir\/badherbergi-lykillausnir\/skapaholdur-badherbergi-lykillausnir\/product\/frost-top-innrettingarhalda-1003-012-krom\/#breadcrumb"},"inLanguage":"en-US","potentialAction":[{"@type":"ReadAction","target":["https:\/\/velarogverkfaeri.is\/lykillausnir\/badherbergi-lykillausnir\/skapaholdur-badherbergi-lykillausnir\/product\/frost-top-innrettingarhalda-1003-012-krom\/"]}]},{"@type":"ImageObject","inLanguage":"en-US","@id":"https:\/\/velarogverkfaeri.is\/lykillausnir\/badherbergi-lykillausnir\/skapaholdur-badherbergi-lykillausnir\/product\/frost-top-innrettingarhalda-1003-012-krom\/#primaryimage","url":"https:\/\/velarogverkfaeri.is\/wp-content\/uploads\/2025\/08\/f746b787-75e5-4337-af69-d1468c17f74f.jpg","contentUrl":"https:\/\/velarogverkfaeri.is\/wp-content\/uploads\/2025\/08\/f746b787-75e5-4337-af69-d1468c17f74f.jpg","width":650,"height":650},{"@type":"BreadcrumbList","@id":"https:\/\/velarogverkfaeri.is\/lykillausnir\/badherbergi-lykillausnir\/skapaholdur-badherbergi-lykillausnir\/product\/frost-top-innrettingarhalda-1003-012-krom\/#breadcrumb","itemListElement":[{"@type":"ListItem","position":1,"name":"Home","item":"https:\/\/velarogverkfaeri.is\/"},{"@type":"ListItem","position":2,"name":"Vefverslun","item":"https:\/\/velarogverkfaeri.is\/vefverslun\/"},{"@type":"ListItem","position":3,"name":"FROST TOP Innr\u00e9ttingarhalda 1003-012 (Kr\u00f3m)"}]},{"@type":"WebSite","@id":"https:\/\/velarogverkfaeri.is\/en\/#website","url":"https:\/\/velarogverkfaeri.is\/en\/","name":"V\u00e9lar & Verkf\u00e6ri","description":"Umbo\u00f0s- og heildverslun fr\u00e1 \u00e1rinu 1919","publisher":{"@id":"https:\/\/velarogverkfaeri.is\/en\/#organization"},"potentialAction":[{"@type":"SearchAction","target":{"@type":"EntryPoint","urlTemplate":"https:\/\/velarogverkfaeri.is\/en\/?s={search_term_string}"},"query-input":{"@type":"PropertyValueSpecification","valueRequired":true,"valueName":"search_term_string"}}],"inLanguage":"en-US"},{"@type":"Organization","@id":"https:\/\/velarogverkfaeri.is\/en\/#organization","name":"V\u00e9lar & Verkf\u00e6ri","url":"https:\/\/velarogverkfaeri.is\/en\/","logo":{"@type":"ImageObject","inLanguage":"en-US","@id":"https:\/\/velarogverkfaeri.is\/en\/#\/schema\/logo\/image\/","url":"https:\/\/velarogverkfaeri.is\/wp-content\/uploads\/2021\/10\/vv_logo_350x100.png","contentUrl":"https:\/\/velarogverkfaeri.is\/wp-content\/uploads\/2021\/10\/vv_logo_350x100.png","width":350,"height":100,"caption":"V\u00e9lar & Verkf\u00e6ri"},"image":{"@id":"https:\/\/velarogverkfaeri.is\/en\/#\/schema\/logo\/image\/"},"sameAs":["https:\/\/www.facebook.com\/VelarOgVerkfaeri"]}]}},"_links":{"self":[{"href":"https:\/\/velarogverkfaeri.is\/en\/wp-json\/wp\/v2\/product\/73866","targetHints":{"allow":["GET"]}}],"collection":[{"href":"https:\/\/velarogverkfaeri.is\/en\/wp-json\/wp\/v2\/product"}],"about":[{"href":"https:\/\/velarogverkfaeri.is\/en\/wp-json\/wp\/v2\/types\/product"}],"replies":[{"embeddable":true,"href":"https:\/\/velarogverkfaeri.is\/en\/wp-json\/wp\/v2\/comments?post=73866"}],"wp:featuredmedia":[{"embeddable":true,"href":"https:\/\/velarogverkfaeri.is\/en\/wp-json\/wp\/v2\/media\/74603"}],"wp:attachment":[{"href":"https:\/\/velarogverkfaeri.is\/en\/wp-json\/wp\/v2\/media?parent=73866"}],"wp:term":[{"taxonomy":"product_brand","embeddable":true,"href":"https:\/\/velarogverkfaeri.is\/en\/wp-json\/wp\/v2\/product_brand?post=73866"},{"taxonomy":"product_cat","embeddable":true,"href":"https:\/\/velarogverkfaeri.is\/en\/wp-json\/wp\/v2\/product_cat?post=73866"},{"taxonomy":"product_tag","embeddable":true,"href":"https:\/\/velarogverkfaeri.is\/en\/wp-json\/wp\/v2\/product_tag?post=73866"}],"curies":[{"name":"wp","href":"https:\/\/api.w.org\/{rel}","templated":true}]}}